{"id":9028,"date":"2024-12-09T15:38:10","date_gmt":"2024-12-09T15:38:10","guid":{"rendered":"https:\/\/recambiosecogas.com\/?post_type=product&#038;p=9028"},"modified":"2025-07-01T18:08:33","modified_gmt":"2025-07-01T17:08:33","slug":"gfi-inyector-glp-gnc","status":"publish","type":"product","link":"https:\/\/recambiosecogas.com\/pt-pt\/produto\/gfi-inyector-glp-gnc\/","title":{"rendered":"Inyector GFI GLP\/GNC"},"content":{"rendered":"<h3 data-start=\"154\" data-end=\"241\"><strong data-start=\"156\" data-end=\"241\">Inyector GFI GLP\/GNC \u2013 E4 67R-010186 \/ E4 110R-000105<\/strong><\/h3>\n<p class=\"\" data-start=\"243\" data-end=\"592\">El inyector GFI para GLP y GNC es una referencia en precisi\u00f3n, durabilidad y eficiencia en sistemas de gas alternativo. Originalmente incorporado en veh\u00edculos Citro\u00ebn y Subaru con sistemas GFI SGI y EZ Tech, este componente es uno de los m\u00e1s valorados por su fiabilidad a largo plazo y funcionamiento silencioso gracias a su tecnolog\u00eda de diafragma.<\/p>\n<p class=\"\" data-start=\"594\" data-end=\"961\">Disponible en dos tama\u00f1os (2,25 mm y 2,75 mm), se adapta a veh\u00edculos con diferentes potencias por cilindro, permitiendo configuraciones precisas seg\u00fan el rendimiento del motor. Fabricado con altos est\u00e1ndares de calidad, ofrece una vida \u00fatil de hasta 150.000 km sin necesidad de mantenimiento, lo que lo convierte en una opci\u00f3n ideal para instalaciones OEM y posventa.<\/p>\n<p class=\"\" data-start=\"963\" data-end=\"1172\"><strong data-start=\"963\" data-end=\"1022\">Compatible con una gran variedad de veh\u00edculos GLP y GNC<\/strong>, incluidos los equipados con sistemas Landirenzo, GFI, Prins, Vialle, Lovato y otros. Apto para instalaciones personalizadas o como recambio directo.<\/p>\n<hr class=\"\" data-start=\"1174\" data-end=\"1177\" \/>\n<h4 data-start=\"1179\" data-end=\"1210\"><strong data-start=\"1182\" data-end=\"1210\">Caracter\u00edsticas t\u00e9cnicas<\/strong><\/h4>\n<div class=\"pointer-events-none relative left-[50%]! flex w-[100cqw] translate-x-[-50%] justify-center *:pointer-events-auto\">\n<div class=\"tableContainer horzScrollShadows\">\n<table class=\"min-w-full\" data-start=\"1212\" data-end=\"1800\">\n<thead data-start=\"1212\" data-end=\"1356\">\n<tr data-start=\"1212\" data-end=\"1356\">\n<th data-start=\"1212\" data-end=\"1225\"><strong data-start=\"1214\" data-end=\"1224\">Tama\u00f1o<\/strong><\/th>\n<th data-start=\"1225\" data-end=\"1265\"><strong data-start=\"1227\" data-end=\"1246\">Uso recomendado<\/strong><\/th>\n<th data-start=\"1265\" data-end=\"1293\"><strong data-start=\"1267\" data-end=\"1292\">Potencia por cilindro<\/strong><\/th>\n<th data-start=\"1293\" data-end=\"1315\"><strong data-start=\"1295\" data-end=\"1313\">N.\u00ba fabricante<\/strong><\/th>\n<th data-start=\"1315\" data-end=\"1356\"><strong data-start=\"1317\" data-end=\"1333\">Homologaci\u00f3n<\/strong><\/th>\n<\/tr>\n<\/thead>\n<tbody data-start=\"1505\" data-end=\"1800\">\n<tr data-start=\"1505\" data-end=\"1652\">\n<td class=\"max-w-[calc(var(--thread-content-max-width)*2\/3)]\" data-start=\"1505\" data-end=\"1518\">2,25 mm<\/td>\n<td class=\"max-w-[calc(var(--thread-content-max-width)*2\/3)]\" data-start=\"1518\" data-end=\"1558\">Veh\u00edculos hasta 35 kW por cilindro<\/td>\n<td class=\"max-w-[calc(var(--thread-content-max-width)*2\/3)]\" data-start=\"1558\" data-end=\"1587\">\u2264 35 kW<\/td>\n<td class=\"max-w-[calc(var(--thread-content-max-width)*2\/3)]\" data-start=\"1587\" data-end=\"1610\">300000-003<\/td>\n<td class=\"max-w-[calc(var(--thread-content-max-width)*2\/3)]\" data-start=\"1610\" data-end=\"1652\">E4 67R-010186 \/ E4 110R-000105<\/td>\n<\/tr>\n<tr data-start=\"1653\" data-end=\"1800\">\n<td class=\"max-w-[calc(var(--thread-content-max-width)*2\/3)]\" data-start=\"1653\" data-end=\"1666\">2,75 mm<\/td>\n<td class=\"max-w-[calc(var(--thread-content-max-width)*2\/3)]\" data-start=\"1666\" data-end=\"1706\">Veh\u00edculos superiores a 35 kW\/cilindro<\/td>\n<td class=\"max-w-[calc(var(--thread-content-max-width)*2\/3)]\" data-start=\"1706\" data-end=\"1735\">&gt; 35 kW<\/td>\n<td class=\"max-w-[calc(var(--thread-content-max-width)*2\/3)]\" data-start=\"1735\" data-end=\"1758\">300000-005<\/td>\n<td class=\"max-w-[calc(var(--thread-content-max-width)*2\/3)]\" data-start=\"1758\" data-end=\"1800\">E4 67R-010186 \/ E4 110R-000105<\/td>\n<\/tr>\n<\/tbody>\n<\/table>\n<p><a href=\"https:\/\/recambiosecogas.com\/categoria-producto\/inyectores-menu\/inyectores-rail\/\">Nuestro catalogo de inyectores.<\/a><\/p>\n<p><a href=\"https:\/\/segimonautomocio.com\/\">Cambia tus inyectores en nuestro taller especializado.<\/a><\/p>\n<\/div>\n<\/div>\n","protected":false},"excerpt":{"rendered":"<p><strong>N\u00famero de homologaci\u00f3n<\/strong>:<\/p>\n<p>Inyectores: E13 67R &#8211; 010234<br \/>\nMontaje en ra\u00edl: E13 67R &#8211; 010233<\/p>\n","protected":false},"featured_media":11272,"comment_status":"open","ping_status":"closed","template":"","meta":{"googlesitekit_rrm_CAowud7EDA:productID":"","_uag_custom_page_level_css":""},"product_brand":[622,997,1003,978],"product_cat":[100,482,306,79,77,951],"product_tag":[],"class_list":{"0":"post-9028","1":"product","2":"type-product","3":"status-publish","4":"has-post-thumbnail","6":"product_brand-gfi","7":"product_brand-landi-renzo","8":"product_brand-prins","9":"product_brand-vialle-glp","10":"product_cat-gfi","11":"product_cat-inyectores-menu","12":"product_cat-inyectores-rail","13":"product_cat-inyectores-gnc","14":"product_cat-productos-gnc","15":"product_cat-rail-riel-rampa-inyectora","16":"product_shipping_class-envios-pesados","18":"first","19":"onbackorder","20":"taxable","21":"shipping-taxable","22":"purchasable","23":"product-type-variable"},"ct_brands":[{"id":622,"name":"GFI","slug":"gfi"},{"id":997,"name":"Landi Renzo","slug":"landi-renzo"},{"id":1003,"name":"PRINS","slug":"prins"},{"id":978,"name":"VIALLE","slug":"vialle-glp"}],"yoast_head":"<!-- This site is optimized with the Yoast SEO Premium plugin v27.3 (Yoast SEO v27.3) - https:\/\/yoast.com\/product\/yoast-seo-premium-wordpress\/ -->\n<title>Inyector GFI GLP\/GNC | Recambios EcoGas | Sistemas GLP y GNC<\/title>\n<meta name=\"description\" content=\"Inyector GLP\/GNC GFI original. Compatible con Subaru y Citro\u00ebn. M\u00e1xima precisi\u00f3n y vida \u00fatil de 150.000 km. Ideal para sistemas OEM.\" \/>\n<meta name=\"robots\" content=\"index, follow, max-snippet:-1, max-image-preview:large, max-video-preview:-1\" \/>\n<link rel=\"canonical\" href=\"https:\/\/recambiosecogas.com\/pt-pt\/produto\/gfi-inyector-glp-gnc\/\" \/>\n<meta property=\"og:locale\" content=\"pt_PT\" \/>\n<meta property=\"og:type\" content=\"article\" \/>\n<meta property=\"og:title\" content=\"Inyector GFI GLP\/GNC\" \/>\n<meta property=\"og:description\" content=\"Inyector GLP\/GNC GFI original. Compatible con Subaru y Citro\u00ebn. M\u00e1xima precisi\u00f3n y vida \u00fatil de 150.000 km. Ideal para sistemas OEM.\" \/>\n<meta property=\"og:url\" content=\"https:\/\/recambiosecogas.com\/pt-pt\/produto\/gfi-inyector-glp-gnc\/\" \/>\n<meta property=\"og:site_name\" content=\"Recambios EcoGas\" \/>\n<meta property=\"article:publisher\" content=\"https:\/\/www.facebook.com\/profile.php?id=100062419705358\" \/>\n<meta property=\"article:modified_time\" content=\"2025-07-01T17:08:33+00:00\" \/>\n<meta property=\"og:image\" content=\"https:\/\/recambiosecogas.com\/wp-content\/uploads\/2024\/12\/GFI-inyector-GLP-GNC-png.webp\" \/>\n\t<meta property=\"og:image:width\" content=\"1000\" \/>\n\t<meta property=\"og:image:height\" content=\"1000\" \/>\n\t<meta property=\"og:image:type\" content=\"image\/png\" \/>\n<meta name=\"twitter:card\" content=\"summary_large_image\" \/>\n<meta name=\"twitter:label1\" content=\"Disponibilidade\" \/>\n\t<meta name=\"twitter:data1\" content=\"Por encomenda\" \/>\n<script type=\"application\/ld+json\" class=\"yoast-schema-graph\">{\"@context\":\"https:\\\/\\\/schema.org\",\"@graph\":[{\"@type\":\"WebPage\",\"@id\":\"https:\\\/\\\/recambiosecogas.com\\\/pt-pt\\\/produto\\\/gfi-inyector-glp-gnc\\\/\",\"url\":\"https:\\\/\\\/recambiosecogas.com\\\/pt-pt\\\/produto\\\/gfi-inyector-glp-gnc\\\/\",\"name\":\"Inyector GFI GLP\\\/GNC | Recambios EcoGas | Sistemas GLP y GNC\",\"isPartOf\":{\"@id\":\"https:\\\/\\\/recambiosecogas.com\\\/pt-pt\\\/#website\"},\"primaryImageOfPage\":{\"@id\":\"https:\\\/\\\/recambiosecogas.com\\\/pt-pt\\\/produto\\\/gfi-inyector-glp-gnc\\\/#primaryimage\"},\"image\":{\"@id\":\"https:\\\/\\\/recambiosecogas.com\\\/pt-pt\\\/produto\\\/gfi-inyector-glp-gnc\\\/#primaryimage\"},\"thumbnailUrl\":\"https:\\\/\\\/recambiosecogas.com\\\/wp-content\\\/uploads\\\/2024\\\/12\\\/GFI-inyector-GLP-GNC-png.webp\",\"datePublished\":\"2024-12-09T15:38:10+00:00\",\"dateModified\":\"2025-07-01T17:08:33+00:00\",\"description\":\"Inyector GLP\\\/GNC GFI original. Compatible con Subaru y Citro\u00ebn. M\u00e1xima precisi\u00f3n y vida \u00fatil de 150.000 km. Ideal para sistemas OEM.\",\"breadcrumb\":{\"@id\":\"https:\\\/\\\/recambiosecogas.com\\\/pt-pt\\\/produto\\\/gfi-inyector-glp-gnc\\\/#breadcrumb\"},\"inLanguage\":\"pt-PT\",\"potentialAction\":[{\"@type\":\"ReadAction\",\"target\":[\"https:\\\/\\\/recambiosecogas.com\\\/pt-pt\\\/produto\\\/gfi-inyector-glp-gnc\\\/\"]}]},{\"@type\":\"ImageObject\",\"inLanguage\":\"pt-PT\",\"@id\":\"https:\\\/\\\/recambiosecogas.com\\\/pt-pt\\\/produto\\\/gfi-inyector-glp-gnc\\\/#primaryimage\",\"url\":\"https:\\\/\\\/recambiosecogas.com\\\/wp-content\\\/uploads\\\/2024\\\/12\\\/GFI-inyector-GLP-GNC-png.webp\",\"contentUrl\":\"https:\\\/\\\/recambiosecogas.com\\\/wp-content\\\/uploads\\\/2024\\\/12\\\/GFI-inyector-GLP-GNC-png.webp\",\"width\":1000,\"height\":1000},{\"@type\":\"BreadcrumbList\",\"@id\":\"https:\\\/\\\/recambiosecogas.com\\\/pt-pt\\\/produto\\\/gfi-inyector-glp-gnc\\\/#breadcrumb\",\"itemListElement\":[{\"@type\":\"ListItem\",\"position\":1,\"name\":\"P\u00e1gina inicial\",\"item\":\"https:\\\/\\\/recambiosecogas.com\\\/pt-pt\\\/\"},{\"@type\":\"ListItem\",\"position\":2,\"name\":\"Loja\",\"item\":\"https:\\\/\\\/recambiosecogas.com\\\/pt-pt\\\/tienda\\\/\"},{\"@type\":\"ListItem\",\"position\":3,\"name\":\"Inyector GFI GLP\\\/GNC\"}]},{\"@type\":\"WebSite\",\"@id\":\"https:\\\/\\\/recambiosecogas.com\\\/pt-pt\\\/#website\",\"url\":\"https:\\\/\\\/recambiosecogas.com\\\/pt-pt\\\/\",\"name\":\"Recambios EcoGas\",\"description\":\"Pe\u00e7as multimarca para sistemas de GPL\\\/GNC\\\/GNL\\\/Hidrog\u00e9nio\",\"publisher\":{\"@id\":\"https:\\\/\\\/recambiosecogas.com\\\/pt-pt\\\/#organization\"},\"alternateName\":\"Recambios Autogas GLP\",\"potentialAction\":[{\"@type\":\"SearchAction\",\"target\":{\"@type\":\"EntryPoint\",\"urlTemplate\":\"https:\\\/\\\/recambiosecogas.com\\\/pt-pt\\\/?s={search_term_string}\"},\"query-input\":{\"@type\":\"PropertyValueSpecification\",\"valueRequired\":true,\"valueName\":\"search_term_string\"}}],\"inLanguage\":\"pt-PT\"},{\"@type\":[\"Organization\",\"Place\"],\"@id\":\"https:\\\/\\\/recambiosecogas.com\\\/pt-pt\\\/#organization\",\"name\":\"Recambios EcoGas\",\"alternateName\":\"Loja de GPL Autog\u00e1s Espanha\",\"url\":\"https:\\\/\\\/recambiosecogas.com\\\/pt-pt\\\/\",\"logo\":{\"@id\":\"https:\\\/\\\/recambiosecogas.com\\\/pt-pt\\\/produto\\\/gfi-inyector-glp-gnc\\\/#local-main-organization-logo\"},\"image\":{\"@id\":\"https:\\\/\\\/recambiosecogas.com\\\/pt-pt\\\/produto\\\/gfi-inyector-glp-gnc\\\/#local-main-organization-logo\"},\"sameAs\":[\"https:\\\/\\\/www.facebook.com\\\/profile.php?id=100062419705358\",\"https:\\\/\\\/www.instagram.com\\\/segimon_automocio\"],\"description\":\"Recambios EcoGas \u2013 Venta y distribuci\u00f3n de sistemas GLP y GNC en Espa\u00f1a y Portugal. Env\u00edos 24 h, soporte t\u00e9cnico a talleres y distribuidores.\",\"hasMerchantReturnPolicy\":{\"@type\":\"MerchantReturnPolicy\",\"merchantReturnLink\":\"https:\\\/\\\/recambiosecogas.com\\\/politicas-privacidad\\\/\"},\"address\":{\"@id\":\"https:\\\/\\\/recambiosecogas.com\\\/pt-pt\\\/produto\\\/gfi-inyector-glp-gnc\\\/#local-main-place-address\"},\"telephone\":[\"616250633\"],\"contactPoint\":{\"@type\":\"ContactPoint\",\"email\":\"export@recambiosecogas.com\"},\"openingHoursSpecification\":[{\"@type\":\"OpeningHoursSpecification\",\"dayOfWeek\":[\"Monday\",\"Tuesday\",\"Wednesday\",\"Thursday\",\"Friday\",\"Saturday\",\"Sunday\"],\"opens\":\"09:00\",\"closes\":\"17:00\"}],\"email\":\"info@recambiosecogas.com\",\"faxNumber\":\"SEGIMON AUTOMOCION SL\",\"vatID\":\"ESB19819861\",\"globalLocationNumber\":\"938 616 339\"},{\"@type\":\"PostalAddress\",\"@id\":\"https:\\\/\\\/recambiosecogas.com\\\/pt-pt\\\/produto\\\/gfi-inyector-glp-gnc\\\/#local-main-place-address\",\"streetAddress\":\"cami antic de vic, 29 (Nave 3), Pol\u00edgono Industrial Congost\",\"addressLocality\":\"CORRO D`AVALL\",\"postalCode\":\"08520\",\"addressRegion\":\"Barcelona\",\"addressCountry\":\"ES\"},{\"@type\":\"ImageObject\",\"inLanguage\":\"pt-PT\",\"@id\":\"https:\\\/\\\/recambiosecogas.com\\\/pt-pt\\\/produto\\\/gfi-inyector-glp-gnc\\\/#local-main-organization-logo\",\"url\":\"https:\\\/\\\/recambiosecogas.com\\\/wp-content\\\/uploads\\\/2024\\\/11\\\/cropped-RECAMBIOS-GLP-png.webp\",\"contentUrl\":\"https:\\\/\\\/recambiosecogas.com\\\/wp-content\\\/uploads\\\/2024\\\/11\\\/cropped-RECAMBIOS-GLP-png.webp\",\"width\":512,\"height\":512,\"caption\":\"Recambios EcoGas\"}]}<\/script>\n<meta property=\"product:brand\" content=\"GFI\" \/>\n<meta property=\"og:availability\" content=\"backorder\" \/>\n<meta property=\"product:availability\" content=\"available for order\" \/>\n<meta property=\"product:retailer_item_id\" content=\"109356\" \/>\n<meta property=\"product:condition\" content=\"new\" \/>\n<meta name=\"geo.placename\" content=\"CORRO D`AVALL\" \/>\n<meta name=\"geo.region\" content=\"Espanha\" \/>\n<!-- \/ Yoast SEO Premium plugin. -->","yoast_head_json":{"title":"Inyector GFI GLP\/GNC | Recambios EcoGas | Sistemas GLP y GNC","description":"Inyector GLP\/GNC GFI original. Compatible con Subaru y Citro\u00ebn. M\u00e1xima precisi\u00f3n y vida \u00fatil de 150.000 km. Ideal para sistemas OEM.","robots":{"index":"index","follow":"follow","max-snippet":"max-snippet:-1","max-image-preview":"max-image-preview:large","max-video-preview":"max-video-preview:-1"},"canonical":"https:\/\/recambiosecogas.com\/pt-pt\/produto\/gfi-inyector-glp-gnc\/","og_locale":"pt_PT","og_type":"article","og_title":"Inyector GFI GLP\/GNC","og_description":"Inyector GLP\/GNC GFI original. Compatible con Subaru y Citro\u00ebn. M\u00e1xima precisi\u00f3n y vida \u00fatil de 150.000 km. Ideal para sistemas OEM.","og_url":"https:\/\/recambiosecogas.com\/pt-pt\/produto\/gfi-inyector-glp-gnc\/","og_site_name":"Recambios EcoGas","article_publisher":"https:\/\/www.facebook.com\/profile.php?id=100062419705358","article_modified_time":"2025-07-01T17:08:33+00:00","og_image":[{"width":1000,"height":1000,"url":"https:\/\/recambiosecogas.com\/wp-content\/uploads\/2024\/12\/GFI-inyector-GLP-GNC-png.webp","type":"image\/png"}],"twitter_card":"summary_large_image","twitter_misc":{"Disponibilidade":"Por encomenda"},"schema":{"@context":"https:\/\/schema.org","@graph":[{"@type":"WebPage","@id":"https:\/\/recambiosecogas.com\/pt-pt\/produto\/gfi-inyector-glp-gnc\/","url":"https:\/\/recambiosecogas.com\/pt-pt\/produto\/gfi-inyector-glp-gnc\/","name":"Inyector GFI GLP\/GNC | Recambios EcoGas | Sistemas GLP y GNC","isPartOf":{"@id":"https:\/\/recambiosecogas.com\/pt-pt\/#website"},"primaryImageOfPage":{"@id":"https:\/\/recambiosecogas.com\/pt-pt\/produto\/gfi-inyector-glp-gnc\/#primaryimage"},"image":{"@id":"https:\/\/recambiosecogas.com\/pt-pt\/produto\/gfi-inyector-glp-gnc\/#primaryimage"},"thumbnailUrl":"https:\/\/recambiosecogas.com\/wp-content\/uploads\/2024\/12\/GFI-inyector-GLP-GNC-png.webp","datePublished":"2024-12-09T15:38:10+00:00","dateModified":"2025-07-01T17:08:33+00:00","description":"Inyector GLP\/GNC GFI original. Compatible con Subaru y Citro\u00ebn. M\u00e1xima precisi\u00f3n y vida \u00fatil de 150.000 km. Ideal para sistemas OEM.","breadcrumb":{"@id":"https:\/\/recambiosecogas.com\/pt-pt\/produto\/gfi-inyector-glp-gnc\/#breadcrumb"},"inLanguage":"pt-PT","potentialAction":[{"@type":"ReadAction","target":["https:\/\/recambiosecogas.com\/pt-pt\/produto\/gfi-inyector-glp-gnc\/"]}]},{"@type":"ImageObject","inLanguage":"pt-PT","@id":"https:\/\/recambiosecogas.com\/pt-pt\/produto\/gfi-inyector-glp-gnc\/#primaryimage","url":"https:\/\/recambiosecogas.com\/wp-content\/uploads\/2024\/12\/GFI-inyector-GLP-GNC-png.webp","contentUrl":"https:\/\/recambiosecogas.com\/wp-content\/uploads\/2024\/12\/GFI-inyector-GLP-GNC-png.webp","width":1000,"height":1000},{"@type":"BreadcrumbList","@id":"https:\/\/recambiosecogas.com\/pt-pt\/produto\/gfi-inyector-glp-gnc\/#breadcrumb","itemListElement":[{"@type":"ListItem","position":1,"name":"P\u00e1gina inicial","item":"https:\/\/recambiosecogas.com\/pt-pt\/"},{"@type":"ListItem","position":2,"name":"Loja","item":"https:\/\/recambiosecogas.com\/pt-pt\/tienda\/"},{"@type":"ListItem","position":3,"name":"Inyector GFI GLP\/GNC"}]},{"@type":"WebSite","@id":"https:\/\/recambiosecogas.com\/pt-pt\/#website","url":"https:\/\/recambiosecogas.com\/pt-pt\/","name":"Recambios EcoGas","description":"Pe\u00e7as multimarca para sistemas de GPL\/GNC\/GNL\/Hidrog\u00e9nio","publisher":{"@id":"https:\/\/recambiosecogas.com\/pt-pt\/#organization"},"alternateName":"Recambios Autogas GLP","potentialAction":[{"@type":"SearchAction","target":{"@type":"EntryPoint","urlTemplate":"https:\/\/recambiosecogas.com\/pt-pt\/?s={search_term_string}"},"query-input":{"@type":"PropertyValueSpecification","valueRequired":true,"valueName":"search_term_string"}}],"inLanguage":"pt-PT"},{"@type":["Organization","Place"],"@id":"https:\/\/recambiosecogas.com\/pt-pt\/#organization","name":"Recambios EcoGas","alternateName":"Loja de GPL Autog\u00e1s Espanha","url":"https:\/\/recambiosecogas.com\/pt-pt\/","logo":{"@id":"https:\/\/recambiosecogas.com\/pt-pt\/produto\/gfi-inyector-glp-gnc\/#local-main-organization-logo"},"image":{"@id":"https:\/\/recambiosecogas.com\/pt-pt\/produto\/gfi-inyector-glp-gnc\/#local-main-organization-logo"},"sameAs":["https:\/\/www.facebook.com\/profile.php?id=100062419705358","https:\/\/www.instagram.com\/segimon_automocio"],"description":"Recambios EcoGas \u2013 Venta y distribuci\u00f3n de sistemas GLP y GNC en Espa\u00f1a y Portugal. Env\u00edos 24 h, soporte t\u00e9cnico a talleres y distribuidores.","hasMerchantReturnPolicy":{"@type":"MerchantReturnPolicy","merchantReturnLink":"https:\/\/recambiosecogas.com\/politicas-privacidad\/"},"address":{"@id":"https:\/\/recambiosecogas.com\/pt-pt\/produto\/gfi-inyector-glp-gnc\/#local-main-place-address"},"telephone":["616250633"],"contactPoint":{"@type":"ContactPoint","email":"export@recambiosecogas.com"},"openingHoursSpecification":[{"@type":"OpeningHoursSpecification","dayOfWeek":["Monday","Tuesday","Wednesday","Thursday","Friday","Saturday","Sunday"],"opens":"09:00","closes":"17:00"}],"email":"info@recambiosecogas.com","faxNumber":"SEGIMON AUTOMOCION SL","vatID":"ESB19819861","globalLocationNumber":"938 616 339"},{"@type":"PostalAddress","@id":"https:\/\/recambiosecogas.com\/pt-pt\/produto\/gfi-inyector-glp-gnc\/#local-main-place-address","streetAddress":"cami antic de vic, 29 (Nave 3), Pol\u00edgono Industrial Congost","addressLocality":"CORRO D`AVALL","postalCode":"08520","addressRegion":"Barcelona","addressCountry":"ES"},{"@type":"ImageObject","inLanguage":"pt-PT","@id":"https:\/\/recambiosecogas.com\/pt-pt\/produto\/gfi-inyector-glp-gnc\/#local-main-organization-logo","url":"https:\/\/recambiosecogas.com\/wp-content\/uploads\/2024\/11\/cropped-RECAMBIOS-GLP-png.webp","contentUrl":"https:\/\/recambiosecogas.com\/wp-content\/uploads\/2024\/11\/cropped-RECAMBIOS-GLP-png.webp","width":512,"height":512,"caption":"Recambios EcoGas"}]},"product_brand":"GFI","og_availability":"backorder","product_availability":"available for order","product_retailer_item_id":"109356","product_condition":"new","geo.placename":"CORRO D`AVALL","geo.region":"Espanha"},"uagb_featured_image_src":{"full":["https:\/\/recambiosecogas.com\/wp-content\/uploads\/2024\/12\/GFI-inyector-GLP-GNC-png.webp",1000,1000,false],"thumbnail":["https:\/\/recambiosecogas.com\/wp-content\/uploads\/2024\/12\/GFI-inyector-GLP-GNC-150x150.webp",150,150,true],"medium":["https:\/\/recambiosecogas.com\/wp-content\/uploads\/2024\/12\/GFI-inyector-GLP-GNC-300x300.webp",300,300,true],"medium_large":["https:\/\/recambiosecogas.com\/wp-content\/uploads\/2024\/12\/GFI-inyector-GLP-GNC-768x768.webp",768,768,true],"large":["https:\/\/recambiosecogas.com\/wp-content\/uploads\/2024\/12\/GFI-inyector-GLP-GNC-png.webp",1000,1000,false],"1536x1536":["https:\/\/recambiosecogas.com\/wp-content\/uploads\/2024\/12\/GFI-inyector-GLP-GNC-png.webp",1000,1000,false],"2048x2048":["https:\/\/recambiosecogas.com\/wp-content\/uploads\/2024\/12\/GFI-inyector-GLP-GNC-png.webp",1000,1000,false],"woocommerce_archive_thumbnail":["https:\/\/recambiosecogas.com\/wp-content\/uploads\/2024\/12\/GFI-inyector-GLP-GNC-png.webp",1000,1000,false],"woocommerce_thumbnail":["https:\/\/recambiosecogas.com\/wp-content\/uploads\/2024\/12\/GFI-inyector-GLP-GNC-png-300x300.webp",300,300,true],"woocommerce_single":["https:\/\/recambiosecogas.com\/wp-content\/uploads\/2024\/12\/GFI-inyector-GLP-GNC-png.webp",1000,1000,false],"woocommerce_gallery_thumbnail":["https:\/\/recambiosecogas.com\/wp-content\/uploads\/2024\/12\/GFI-inyector-GLP-GNC-png.webp",1000,1000,false],"dgwt-wcas-product-suggestion":["https:\/\/recambiosecogas.com\/wp-content\/uploads\/2024\/12\/GFI-inyector-GLP-GNC-png-64x64.webp",64,64,true]},"uagb_author_info":{"display_name":"Fran - Soporte T\u00e9cnico","author_link":"https:\/\/recambiosecogas.com\/pt-pt\/author\/"},"uagb_comment_info":0,"uagb_excerpt":"N\u00famero de homologaci\u00f3n: Inyectores: E13 67R - 010234 Montaje en ra\u00edl: E13 67R - 010233","_links":{"self":[{"href":"https:\/\/recambiosecogas.com\/pt-pt\/wp-json\/wp\/v2\/product\/9028","targetHints":{"allow":["GET"]}}],"collection":[{"href":"https:\/\/recambiosecogas.com\/pt-pt\/wp-json\/wp\/v2\/product"}],"about":[{"href":"https:\/\/recambiosecogas.com\/pt-pt\/wp-json\/wp\/v2\/types\/product"}],"replies":[{"embeddable":true,"href":"https:\/\/recambiosecogas.com\/pt-pt\/wp-json\/wp\/v2\/comments?post=9028"}],"wp:featuredmedia":[{"embeddable":true,"href":"https:\/\/recambiosecogas.com\/pt-pt\/wp-json\/wp\/v2\/media\/11272"}],"wp:attachment":[{"href":"https:\/\/recambiosecogas.com\/pt-pt\/wp-json\/wp\/v2\/media?parent=9028"}],"wp:term":[{"taxonomy":"product_brand","embeddable":true,"href":"https:\/\/recambiosecogas.com\/pt-pt\/wp-json\/wp\/v2\/product_brand?post=9028"},{"taxonomy":"product_cat","embeddable":true,"href":"https:\/\/recambiosecogas.com\/pt-pt\/wp-json\/wp\/v2\/product_cat?post=9028"},{"taxonomy":"product_tag","embeddable":true,"href":"https:\/\/recambiosecogas.com\/pt-pt\/wp-json\/wp\/v2\/product_tag?post=9028"}],"curies":[{"name":"wp","href":"https:\/\/api.w.org\/{rel}","templated":true}]}}