{"id":8740,"date":"2024-12-09T09:46:28","date_gmt":"2024-12-09T09:46:28","guid":{"rendered":"https:\/\/recambiosecogas.com\/producto\/hana-h2200-inyector-glp-gnc-e-type-24v-para-van-y-camiones-pesados\/"},"modified":"2026-03-30T15:44:37","modified_gmt":"2026-03-30T14:44:37","slug":"hana-h2200-inyector-glp-gnc-e-type-24v-para-van-y-camiones-pesados","status":"publish","type":"product","link":"https:\/\/recambiosecogas.com\/pt-pt\/produto\/hana-h2200-inyector-glp-gnc-e-type-24v-para-van-y-camiones-pesados\/","title":{"rendered":"Inyector GLP\/GNC HANA H2200 E-Type 24V"},"content":{"rendered":"<h3 class=\"\" style=\"text-align: center;\" data-start=\"127\" data-end=\"208\">Inyector GLP\/GNC HANA H2200 E-Type 24V para veh\u00edculos industriales y camiones<\/h3>\n<p class=\"\" data-start=\"210\" data-end=\"618\">El inyector de gas HANA H2200 E-Type 24V es una soluci\u00f3n de alto rendimiento dise\u00f1ada espec\u00edficamente para veh\u00edculos industriales como furgonetas, camiones pesados y flotas que operan con sistemas de GLP (Gas Licuado del Petr\u00f3leo) o GNC (Gas Natural Comprimido). Este modelo es el m\u00e1s grande de la gama HANA, con el mayor caudal del mercado (369\u2013850 L\/h), ideal para motores de alto consumo y gran exigencia.<\/p>\n<p class=\"\" data-start=\"620\" data-end=\"1042\">Fabricado con los m\u00e1s altos est\u00e1ndares de calidad y tecnolog\u00eda, el HANA H2200 ha sido probado con \u00e9xito tanto en condiciones reales de carretera (m\u00e1s de 100.000 km) como en bancos de prueba de motor (1.000 horas de test continuo), validado en colaboraci\u00f3n con el fabricante OEM China FAW Group. Gracias a estas pruebas, el inyector garantiza una durabilidad excepcional, una eficiencia superior y una fiabilidad constante.<\/p>\n<p class=\"\" data-start=\"1044\" data-end=\"1380\">Este modelo E-Type funciona con 24V y est\u00e1 dise\u00f1ado con alimentaci\u00f3n lateral. Se monta en rieles de 3 o 4 cilindros y est\u00e1 disponible en dos versiones: el <strong data-start=\"1199\" data-end=\"1214\">tipo dorado<\/strong>, que incorpora una boquilla de calibraci\u00f3n intercambiable para combinar configuraciones espec\u00edficas (B, C, D), y el <strong data-start=\"1331\" data-end=\"1344\">tipo azul<\/strong>, que no requiere boquilla separada.<\/p>\n<p class=\"\" data-start=\"1382\" data-end=\"1570\">Compatible con m\u00faltiples sistemas como STAG, KME, BRC, Prins y otros sistemas de gesti\u00f3n de GLP y GNC, el HANA H2200 se posiciona como la elecci\u00f3n preferida para entornos de uso intensivo.<\/p>\n<hr class=\"\" data-start=\"1572\" data-end=\"1575\" \/>\n<p class=\"\" data-start=\"1577\" data-end=\"1605\"><strong data-start=\"1577\" data-end=\"1605\">Caracter\u00edsticas t\u00e9cnicas<\/strong><\/p>\n<div class=\"pointer-events-none relative left-[50%]! flex w-[100cqw] translate-x-[-50%] justify-center *:pointer-events-auto\">\n<div class=\"tableContainer horzScrollShadows group relative\">\n<p>&nbsp;<\/p>\n<table class=\"min-w-full\" data-start=\"1607\" data-end=\"2435\">\n<thead data-start=\"1607\" data-end=\"1681\">\n<tr data-start=\"1607\" data-end=\"1681\">\n<th data-start=\"1607\" data-end=\"1641\">Especificaci\u00f3n<\/th>\n<th data-start=\"1641\" data-end=\"1681\">Detalle<\/th>\n<\/tr>\n<\/thead>\n<tbody data-start=\"1755\" data-end=\"2435\">\n<tr data-start=\"1755\" data-end=\"1828\">\n<td class=\"max-w-[calc(var(--thread-content-max-width)*2\/3)]\" data-start=\"1755\" data-end=\"1788\">Tipo de inyector<\/td>\n<td class=\"max-w-[calc(var(--thread-content-max-width)*2\/3)]\" data-start=\"1788\" data-end=\"1828\">HANA H2200 E-Type (24V \/ 28V)<\/td>\n<\/tr>\n<tr data-start=\"1829\" data-end=\"1902\">\n<td class=\"max-w-[calc(var(--thread-content-max-width)*2\/3)]\" data-start=\"1829\" data-end=\"1862\">Aplicaci\u00f3n<\/td>\n<td class=\"max-w-[calc(var(--thread-content-max-width)*2\/3)]\" data-start=\"1862\" data-end=\"1902\">GLP y GNC<\/td>\n<\/tr>\n<tr data-start=\"1903\" data-end=\"1976\">\n<td class=\"max-w-[calc(var(--thread-content-max-width)*2\/3)]\" data-start=\"1903\" data-end=\"1936\">Caudal<\/td>\n<td class=\"max-w-[calc(var(--thread-content-max-width)*2\/3)]\" data-start=\"1936\" data-end=\"1976\">369 \u2013 850 L\/h<\/td>\n<\/tr>\n<tr data-start=\"1977\" data-end=\"2050\">\n<td class=\"max-w-[calc(var(--thread-content-max-width)*2\/3)]\" data-start=\"1977\" data-end=\"2010\">Tipo de montaje<\/td>\n<td class=\"max-w-[calc(var(--thread-content-max-width)*2\/3)]\" data-start=\"2010\" data-end=\"2050\">Alimentaci\u00f3n lateral<\/td>\n<\/tr>\n<tr data-start=\"2051\" data-end=\"2124\">\n<td class=\"max-w-[calc(var(--thread-content-max-width)*2\/3)]\" data-start=\"2051\" data-end=\"2084\">Instalaci\u00f3n<\/td>\n<td class=\"max-w-[calc(var(--thread-content-max-width)*2\/3)]\" data-start=\"2084\" data-end=\"2124\">Riel 3 o 4 cilindros<\/td>\n<\/tr>\n<tr data-start=\"2125\" data-end=\"2198\">\n<td class=\"max-w-[calc(var(--thread-content-max-width)*2\/3)]\" data-start=\"2125\" data-end=\"2158\">Conexi\u00f3n el\u00e9ctrica<\/td>\n<td class=\"max-w-[calc(var(--thread-content-max-width)*2\/3)]\" data-start=\"2158\" data-end=\"2198\">KET MG640543-5<\/td>\n<\/tr>\n<tr data-start=\"2199\" data-end=\"2279\">\n<td class=\"max-w-[calc(var(--thread-content-max-width)*2\/3)]\" data-start=\"2199\" data-end=\"2232\">Versiones<\/td>\n<td class=\"max-w-[calc(var(--thread-content-max-width)*2\/3)] min-w-[calc(var(--thread-content-max-width)\/3)]\" data-start=\"2232\" data-end=\"2279\">Dorado (con boquilla) \/ Azul (sin boquilla)<\/td>\n<\/tr>\n<tr data-start=\"2280\" data-end=\"2353\">\n<td class=\"max-w-[calc(var(--thread-content-max-width)*2\/3)]\" data-start=\"2280\" data-end=\"2313\">Pruebas OEM<\/td>\n<td class=\"max-w-[calc(var(--thread-content-max-width)*2\/3)]\" data-start=\"2313\" data-end=\"2353\">100.000 km \/ 1.000 h motor<\/td>\n<\/tr>\n<tr data-start=\"2354\" data-end=\"2435\">\n<td class=\"max-w-[calc(var(--thread-content-max-width)*2\/3)]\" data-start=\"2354\" data-end=\"2387\">Compatibilidad<\/td>\n<td class=\"max-w-[calc(var(--thread-content-max-width)*2\/3)] min-w-[calc(var(--thread-content-max-width)\/3)]\" data-start=\"2387\" data-end=\"2435\">Veh\u00edculos industriales, camiones, furgonetas<\/td>\n<\/tr>\n<\/tbody>\n<\/table>\n<p><a href=\"https:\/\/recambiosecogas.com\/categoria-producto\/inyectores-menu\/inyectores-rail\/\">Nuestro catalogo de inyectores.<\/a><\/p>\n<p><a href=\"https:\/\/segimonautomocio.com\/\">Cambia tus inyectores en nuestro taller especializado.<\/a><\/p>\n<\/div>\n<\/div>\n","protected":false},"excerpt":{"rendered":"<p>HANA<\/p>\n","protected":false},"featured_media":4388,"comment_status":"open","ping_status":"closed","template":"","meta":{"googlesitekit_rrm_CAowud7EDA:productID":"","_uag_custom_page_level_css":""},"product_brand":[979,972,960,1003],"product_cat":[136,306,79,77],"product_tag":[953,952],"class_list":{"0":"post-8740","1":"product","2":"type-product","3":"status-publish","4":"has-post-thumbnail","6":"product_brand-brc-mtm-glp","7":"product_brand-hana","8":"product_brand-kme","9":"product_brand-prins","10":"product_cat-hana","11":"product_cat-inyectores-rail","12":"product_cat-inyectores-gnc","13":"product_cat-productos-gnc","14":"product_tag-capacidad-industrial","15":"product_tag-h2100","17":"first","18":"onbackorder","19":"taxable","20":"shipping-taxable","21":"purchasable","22":"product-type-simple"},"ct_brands":[{"id":979,"name":"BRC","slug":"brc-mtm-glp"},{"id":972,"name":"HANA","slug":"hana"},{"id":960,"name":"KME","slug":"kme"},{"id":1003,"name":"PRINS","slug":"prins"}],"yoast_head":"<!-- This site is optimized with the Yoast SEO Premium plugin v27.3 (Yoast SEO v27.3) - https:\/\/yoast.com\/product\/yoast-seo-premium-wordpress\/ -->\n<title>Inyector GLP\/GNC HANA H2200 E-Type 24V | Recambios Ecogas<\/title>\n<meta name=\"description\" content=\"Inyector HANA H2200 E-Type 24V para veh\u00edculos industriales. Alto caudal y durabilidad garantizada, ideal para sistemas GLP y GNC.\" \/>\n<meta name=\"robots\" content=\"index, follow, max-snippet:-1, max-image-preview:large, max-video-preview:-1\" \/>\n<link rel=\"canonical\" href=\"https:\/\/recambiosecogas.com\/pt-pt\/produto\/hana-h2200-inyector-glp-gnc-e-type-24v-para-van-y-camiones-pesados\/\" \/>\n<meta property=\"og:locale\" content=\"pt_PT\" \/>\n<meta property=\"og:type\" content=\"article\" \/>\n<meta property=\"og:title\" content=\"Inyector GLP\/GNC HANA H2200 E-Type 24V\" \/>\n<meta property=\"og:description\" content=\"Inyector HANA H2200 E-Type 24V para veh\u00edculos industriales. Alto caudal y durabilidad garantizada, ideal para sistemas GLP y GNC.\" \/>\n<meta property=\"og:url\" content=\"https:\/\/recambiosecogas.com\/pt-pt\/produto\/hana-h2200-inyector-glp-gnc-e-type-24v-para-van-y-camiones-pesados\/\" \/>\n<meta property=\"og:site_name\" content=\"Recambios EcoGas\" \/>\n<meta property=\"article:publisher\" content=\"https:\/\/www.facebook.com\/profile.php?id=100062419705358\" \/>\n<meta property=\"article:modified_time\" content=\"2026-03-30T14:44:37+00:00\" \/>\n<meta property=\"og:image\" content=\"https:\/\/recambiosecogas.com\/wp-content\/uploads\/2024\/10\/IMAGEN-NO-DISPONIBLE-png.webp\" \/>\n\t<meta property=\"og:image:width\" content=\"1000\" \/>\n\t<meta property=\"og:image:height\" content=\"1000\" \/>\n\t<meta property=\"og:image:type\" content=\"image\/png\" \/>\n<meta name=\"twitter:card\" content=\"summary_large_image\" \/>\n<meta name=\"twitter:label1\" content=\"pre\u00e7o\" \/>\n\t<meta name=\"twitter:data1\" content=\"93,19&nbsp;&euro; (IVA incl.: 112,76&nbsp;&euro;)\" \/>\n\t<meta name=\"twitter:label2\" content=\"Disponibilidade\" \/>\n\t<meta name=\"twitter:data2\" content=\"Por encomenda\" \/>\n<script type=\"application\/ld+json\" class=\"yoast-schema-graph\">{\"@context\":\"https:\\\/\\\/schema.org\",\"@graph\":[{\"@type\":\"WebPage\",\"@id\":\"https:\\\/\\\/recambiosecogas.com\\\/pt-pt\\\/produto\\\/hana-h2200-inyector-glp-gnc-e-type-24v-para-van-y-camiones-pesados\\\/\",\"url\":\"https:\\\/\\\/recambiosecogas.com\\\/pt-pt\\\/produto\\\/hana-h2200-inyector-glp-gnc-e-type-24v-para-van-y-camiones-pesados\\\/\",\"name\":\"Inyector GLP\\\/GNC HANA H2200 E-Type 24V | Recambios Ecogas\",\"isPartOf\":{\"@id\":\"https:\\\/\\\/recambiosecogas.com\\\/pt-pt\\\/#website\"},\"primaryImageOfPage\":{\"@id\":\"https:\\\/\\\/recambiosecogas.com\\\/pt-pt\\\/produto\\\/hana-h2200-inyector-glp-gnc-e-type-24v-para-van-y-camiones-pesados\\\/#primaryimage\"},\"image\":{\"@id\":\"https:\\\/\\\/recambiosecogas.com\\\/pt-pt\\\/produto\\\/hana-h2200-inyector-glp-gnc-e-type-24v-para-van-y-camiones-pesados\\\/#primaryimage\"},\"thumbnailUrl\":\"https:\\\/\\\/recambiosecogas.com\\\/wp-content\\\/uploads\\\/2024\\\/10\\\/IMAGEN-NO-DISPONIBLE-png.webp\",\"datePublished\":\"2024-12-09T09:46:28+00:00\",\"dateModified\":\"2026-03-30T14:44:37+00:00\",\"description\":\"Inyector HANA H2200 E-Type 24V para veh\u00edculos industriales. Alto caudal y durabilidad garantizada, ideal para sistemas GLP y GNC.\",\"breadcrumb\":{\"@id\":\"https:\\\/\\\/recambiosecogas.com\\\/pt-pt\\\/produto\\\/hana-h2200-inyector-glp-gnc-e-type-24v-para-van-y-camiones-pesados\\\/#breadcrumb\"},\"inLanguage\":\"pt-PT\",\"potentialAction\":[{\"@type\":\"ReadAction\",\"target\":[\"https:\\\/\\\/recambiosecogas.com\\\/pt-pt\\\/produto\\\/hana-h2200-inyector-glp-gnc-e-type-24v-para-van-y-camiones-pesados\\\/\"]}]},{\"@type\":\"ImageObject\",\"inLanguage\":\"pt-PT\",\"@id\":\"https:\\\/\\\/recambiosecogas.com\\\/pt-pt\\\/produto\\\/hana-h2200-inyector-glp-gnc-e-type-24v-para-van-y-camiones-pesados\\\/#primaryimage\",\"url\":\"https:\\\/\\\/recambiosecogas.com\\\/wp-content\\\/uploads\\\/2024\\\/10\\\/IMAGEN-NO-DISPONIBLE-png.webp\",\"contentUrl\":\"https:\\\/\\\/recambiosecogas.com\\\/wp-content\\\/uploads\\\/2024\\\/10\\\/IMAGEN-NO-DISPONIBLE-png.webp\",\"width\":1000,\"height\":1000,\"caption\":\"Reductor Lovato MAJOR TURBO\"},{\"@type\":\"BreadcrumbList\",\"@id\":\"https:\\\/\\\/recambiosecogas.com\\\/pt-pt\\\/produto\\\/hana-h2200-inyector-glp-gnc-e-type-24v-para-van-y-camiones-pesados\\\/#breadcrumb\",\"itemListElement\":[{\"@type\":\"ListItem\",\"position\":1,\"name\":\"P\u00e1gina inicial\",\"item\":\"https:\\\/\\\/recambiosecogas.com\\\/pt-pt\\\/\"},{\"@type\":\"ListItem\",\"position\":2,\"name\":\"Loja\",\"item\":\"https:\\\/\\\/recambiosecogas.com\\\/pt-pt\\\/tienda\\\/\"},{\"@type\":\"ListItem\",\"position\":3,\"name\":\"Inyector GLP\\\/GNC HANA H2200 E-Type 24V\"}]},{\"@type\":\"WebSite\",\"@id\":\"https:\\\/\\\/recambiosecogas.com\\\/pt-pt\\\/#website\",\"url\":\"https:\\\/\\\/recambiosecogas.com\\\/pt-pt\\\/\",\"name\":\"Recambios EcoGas\",\"description\":\"Pe\u00e7as multimarca para sistemas de GPL\\\/GNC\\\/GNL\\\/Hidrog\u00e9nio\",\"publisher\":{\"@id\":\"https:\\\/\\\/recambiosecogas.com\\\/pt-pt\\\/#organization\"},\"alternateName\":\"Recambios Autogas GLP\",\"potentialAction\":[{\"@type\":\"SearchAction\",\"target\":{\"@type\":\"EntryPoint\",\"urlTemplate\":\"https:\\\/\\\/recambiosecogas.com\\\/pt-pt\\\/?s={search_term_string}\"},\"query-input\":{\"@type\":\"PropertyValueSpecification\",\"valueRequired\":true,\"valueName\":\"search_term_string\"}}],\"inLanguage\":\"pt-PT\"},{\"@type\":[\"Organization\",\"Place\"],\"@id\":\"https:\\\/\\\/recambiosecogas.com\\\/pt-pt\\\/#organization\",\"name\":\"Recambios EcoGas\",\"alternateName\":\"Loja de GPL Autog\u00e1s Espanha\",\"url\":\"https:\\\/\\\/recambiosecogas.com\\\/pt-pt\\\/\",\"logo\":{\"@id\":\"https:\\\/\\\/recambiosecogas.com\\\/pt-pt\\\/produto\\\/hana-h2200-inyector-glp-gnc-e-type-24v-para-van-y-camiones-pesados\\\/#local-main-organization-logo\"},\"image\":{\"@id\":\"https:\\\/\\\/recambiosecogas.com\\\/pt-pt\\\/produto\\\/hana-h2200-inyector-glp-gnc-e-type-24v-para-van-y-camiones-pesados\\\/#local-main-organization-logo\"},\"sameAs\":[\"https:\\\/\\\/www.facebook.com\\\/profile.php?id=100062419705358\",\"https:\\\/\\\/www.instagram.com\\\/segimon_automocio\"],\"description\":\"Recambios EcoGas \u2013 Venta y distribuci\u00f3n de sistemas GLP y GNC en Espa\u00f1a y Portugal. Env\u00edos 24 h, soporte t\u00e9cnico a talleres y distribuidores.\",\"hasMerchantReturnPolicy\":{\"@type\":\"MerchantReturnPolicy\",\"merchantReturnLink\":\"https:\\\/\\\/recambiosecogas.com\\\/politicas-privacidad\\\/\"},\"address\":{\"@id\":\"https:\\\/\\\/recambiosecogas.com\\\/pt-pt\\\/produto\\\/hana-h2200-inyector-glp-gnc-e-type-24v-para-van-y-camiones-pesados\\\/#local-main-place-address\"},\"telephone\":[\"616250633\"],\"contactPoint\":{\"@type\":\"ContactPoint\",\"email\":\"export@recambiosecogas.com\"},\"openingHoursSpecification\":[{\"@type\":\"OpeningHoursSpecification\",\"dayOfWeek\":[\"Monday\",\"Tuesday\",\"Wednesday\",\"Thursday\",\"Friday\",\"Saturday\",\"Sunday\"],\"opens\":\"09:00\",\"closes\":\"17:00\"}],\"email\":\"info@recambiosecogas.com\",\"faxNumber\":\"SEGIMON AUTOMOCION SL\",\"vatID\":\"ESB19819861\",\"globalLocationNumber\":\"938 616 339\"},{\"@type\":\"PostalAddress\",\"@id\":\"https:\\\/\\\/recambiosecogas.com\\\/pt-pt\\\/produto\\\/hana-h2200-inyector-glp-gnc-e-type-24v-para-van-y-camiones-pesados\\\/#local-main-place-address\",\"streetAddress\":\"cami antic de vic, 29 (Nave 3), Pol\u00edgono Industrial Congost\",\"addressLocality\":\"CORRO D`AVALL\",\"postalCode\":\"08520\",\"addressRegion\":\"Barcelona\",\"addressCountry\":\"ES\"},{\"@type\":\"ImageObject\",\"inLanguage\":\"pt-PT\",\"@id\":\"https:\\\/\\\/recambiosecogas.com\\\/pt-pt\\\/produto\\\/hana-h2200-inyector-glp-gnc-e-type-24v-para-van-y-camiones-pesados\\\/#local-main-organization-logo\",\"url\":\"https:\\\/\\\/recambiosecogas.com\\\/wp-content\\\/uploads\\\/2024\\\/11\\\/cropped-RECAMBIOS-GLP-png.webp\",\"contentUrl\":\"https:\\\/\\\/recambiosecogas.com\\\/wp-content\\\/uploads\\\/2024\\\/11\\\/cropped-RECAMBIOS-GLP-png.webp\",\"width\":512,\"height\":512,\"caption\":\"Recambios EcoGas\"}]}<\/script>\n<meta property=\"product:brand\" content=\"BRC\" \/>\n<meta property=\"product:price:amount\" content=\"93.19\" \/>\n<meta property=\"product:price:currency\" content=\"EUR\" \/>\n<meta property=\"og:availability\" content=\"backorder\" \/>\n<meta property=\"product:availability\" content=\"available for order\" \/>\n<meta property=\"product:retailer_item_id\" content=\"119988A\" \/>\n<meta property=\"product:condition\" content=\"new\" \/>\n<meta name=\"geo.placename\" content=\"CORRO D`AVALL\" \/>\n<meta name=\"geo.region\" content=\"Espanha\" \/>\n<!-- \/ Yoast SEO Premium plugin. -->","yoast_head_json":{"title":"Inyector GLP\/GNC HANA H2200 E-Type 24V | Recambios Ecogas","description":"Inyector HANA H2200 E-Type 24V para veh\u00edculos industriales. Alto caudal y durabilidad garantizada, ideal para sistemas GLP y GNC.","robots":{"index":"index","follow":"follow","max-snippet":"max-snippet:-1","max-image-preview":"max-image-preview:large","max-video-preview":"max-video-preview:-1"},"canonical":"https:\/\/recambiosecogas.com\/pt-pt\/produto\/hana-h2200-inyector-glp-gnc-e-type-24v-para-van-y-camiones-pesados\/","og_locale":"pt_PT","og_type":"article","og_title":"Inyector GLP\/GNC HANA H2200 E-Type 24V","og_description":"Inyector HANA H2200 E-Type 24V para veh\u00edculos industriales. Alto caudal y durabilidad garantizada, ideal para sistemas GLP y GNC.","og_url":"https:\/\/recambiosecogas.com\/pt-pt\/produto\/hana-h2200-inyector-glp-gnc-e-type-24v-para-van-y-camiones-pesados\/","og_site_name":"Recambios EcoGas","article_publisher":"https:\/\/www.facebook.com\/profile.php?id=100062419705358","article_modified_time":"2026-03-30T14:44:37+00:00","og_image":[{"width":1000,"height":1000,"url":"https:\/\/recambiosecogas.com\/wp-content\/uploads\/2024\/10\/IMAGEN-NO-DISPONIBLE-png.webp","type":"image\/png"}],"twitter_card":"summary_large_image","twitter_misc":{"pre\u00e7o":"93,19&nbsp;&euro; (IVA incl.: 112,76&nbsp;&euro;)","Disponibilidade":"Por encomenda"},"schema":{"@context":"https:\/\/schema.org","@graph":[{"@type":"WebPage","@id":"https:\/\/recambiosecogas.com\/pt-pt\/produto\/hana-h2200-inyector-glp-gnc-e-type-24v-para-van-y-camiones-pesados\/","url":"https:\/\/recambiosecogas.com\/pt-pt\/produto\/hana-h2200-inyector-glp-gnc-e-type-24v-para-van-y-camiones-pesados\/","name":"Inyector GLP\/GNC HANA H2200 E-Type 24V | Recambios Ecogas","isPartOf":{"@id":"https:\/\/recambiosecogas.com\/pt-pt\/#website"},"primaryImageOfPage":{"@id":"https:\/\/recambiosecogas.com\/pt-pt\/produto\/hana-h2200-inyector-glp-gnc-e-type-24v-para-van-y-camiones-pesados\/#primaryimage"},"image":{"@id":"https:\/\/recambiosecogas.com\/pt-pt\/produto\/hana-h2200-inyector-glp-gnc-e-type-24v-para-van-y-camiones-pesados\/#primaryimage"},"thumbnailUrl":"https:\/\/recambiosecogas.com\/wp-content\/uploads\/2024\/10\/IMAGEN-NO-DISPONIBLE-png.webp","datePublished":"2024-12-09T09:46:28+00:00","dateModified":"2026-03-30T14:44:37+00:00","description":"Inyector HANA H2200 E-Type 24V para veh\u00edculos industriales. Alto caudal y durabilidad garantizada, ideal para sistemas GLP y GNC.","breadcrumb":{"@id":"https:\/\/recambiosecogas.com\/pt-pt\/produto\/hana-h2200-inyector-glp-gnc-e-type-24v-para-van-y-camiones-pesados\/#breadcrumb"},"inLanguage":"pt-PT","potentialAction":[{"@type":"ReadAction","target":["https:\/\/recambiosecogas.com\/pt-pt\/produto\/hana-h2200-inyector-glp-gnc-e-type-24v-para-van-y-camiones-pesados\/"]}]},{"@type":"ImageObject","inLanguage":"pt-PT","@id":"https:\/\/recambiosecogas.com\/pt-pt\/produto\/hana-h2200-inyector-glp-gnc-e-type-24v-para-van-y-camiones-pesados\/#primaryimage","url":"https:\/\/recambiosecogas.com\/wp-content\/uploads\/2024\/10\/IMAGEN-NO-DISPONIBLE-png.webp","contentUrl":"https:\/\/recambiosecogas.com\/wp-content\/uploads\/2024\/10\/IMAGEN-NO-DISPONIBLE-png.webp","width":1000,"height":1000,"caption":"Reductor Lovato MAJOR TURBO"},{"@type":"BreadcrumbList","@id":"https:\/\/recambiosecogas.com\/pt-pt\/produto\/hana-h2200-inyector-glp-gnc-e-type-24v-para-van-y-camiones-pesados\/#breadcrumb","itemListElement":[{"@type":"ListItem","position":1,"name":"P\u00e1gina inicial","item":"https:\/\/recambiosecogas.com\/pt-pt\/"},{"@type":"ListItem","position":2,"name":"Loja","item":"https:\/\/recambiosecogas.com\/pt-pt\/tienda\/"},{"@type":"ListItem","position":3,"name":"Inyector GLP\/GNC HANA H2200 E-Type 24V"}]},{"@type":"WebSite","@id":"https:\/\/recambiosecogas.com\/pt-pt\/#website","url":"https:\/\/recambiosecogas.com\/pt-pt\/","name":"Recambios EcoGas","description":"Pe\u00e7as multimarca para sistemas de GPL\/GNC\/GNL\/Hidrog\u00e9nio","publisher":{"@id":"https:\/\/recambiosecogas.com\/pt-pt\/#organization"},"alternateName":"Recambios Autogas GLP","potentialAction":[{"@type":"SearchAction","target":{"@type":"EntryPoint","urlTemplate":"https:\/\/recambiosecogas.com\/pt-pt\/?s={search_term_string}"},"query-input":{"@type":"PropertyValueSpecification","valueRequired":true,"valueName":"search_term_string"}}],"inLanguage":"pt-PT"},{"@type":["Organization","Place"],"@id":"https:\/\/recambiosecogas.com\/pt-pt\/#organization","name":"Recambios EcoGas","alternateName":"Loja de GPL Autog\u00e1s Espanha","url":"https:\/\/recambiosecogas.com\/pt-pt\/","logo":{"@id":"https:\/\/recambiosecogas.com\/pt-pt\/produto\/hana-h2200-inyector-glp-gnc-e-type-24v-para-van-y-camiones-pesados\/#local-main-organization-logo"},"image":{"@id":"https:\/\/recambiosecogas.com\/pt-pt\/produto\/hana-h2200-inyector-glp-gnc-e-type-24v-para-van-y-camiones-pesados\/#local-main-organization-logo"},"sameAs":["https:\/\/www.facebook.com\/profile.php?id=100062419705358","https:\/\/www.instagram.com\/segimon_automocio"],"description":"Recambios EcoGas \u2013 Venta y distribuci\u00f3n de sistemas GLP y GNC en Espa\u00f1a y Portugal. Env\u00edos 24 h, soporte t\u00e9cnico a talleres y distribuidores.","hasMerchantReturnPolicy":{"@type":"MerchantReturnPolicy","merchantReturnLink":"https:\/\/recambiosecogas.com\/politicas-privacidad\/"},"address":{"@id":"https:\/\/recambiosecogas.com\/pt-pt\/produto\/hana-h2200-inyector-glp-gnc-e-type-24v-para-van-y-camiones-pesados\/#local-main-place-address"},"telephone":["616250633"],"contactPoint":{"@type":"ContactPoint","email":"export@recambiosecogas.com"},"openingHoursSpecification":[{"@type":"OpeningHoursSpecification","dayOfWeek":["Monday","Tuesday","Wednesday","Thursday","Friday","Saturday","Sunday"],"opens":"09:00","closes":"17:00"}],"email":"info@recambiosecogas.com","faxNumber":"SEGIMON AUTOMOCION SL","vatID":"ESB19819861","globalLocationNumber":"938 616 339"},{"@type":"PostalAddress","@id":"https:\/\/recambiosecogas.com\/pt-pt\/produto\/hana-h2200-inyector-glp-gnc-e-type-24v-para-van-y-camiones-pesados\/#local-main-place-address","streetAddress":"cami antic de vic, 29 (Nave 3), Pol\u00edgono Industrial Congost","addressLocality":"CORRO D`AVALL","postalCode":"08520","addressRegion":"Barcelona","addressCountry":"ES"},{"@type":"ImageObject","inLanguage":"pt-PT","@id":"https:\/\/recambiosecogas.com\/pt-pt\/produto\/hana-h2200-inyector-glp-gnc-e-type-24v-para-van-y-camiones-pesados\/#local-main-organization-logo","url":"https:\/\/recambiosecogas.com\/wp-content\/uploads\/2024\/11\/cropped-RECAMBIOS-GLP-png.webp","contentUrl":"https:\/\/recambiosecogas.com\/wp-content\/uploads\/2024\/11\/cropped-RECAMBIOS-GLP-png.webp","width":512,"height":512,"caption":"Recambios EcoGas"}]},"product_brand":"BRC","product_price_amount":"93.19","product_price_currency":"EUR","og_availability":"backorder","product_availability":"available for order","product_retailer_item_id":"119988A","product_condition":"new","geo.placename":"CORRO D`AVALL","geo.region":"Espanha"},"uagb_featured_image_src":{"full":["https:\/\/recambiosecogas.com\/wp-content\/uploads\/2024\/10\/IMAGEN-NO-DISPONIBLE-png.webp",1000,1000,false],"thumbnail":["https:\/\/recambiosecogas.com\/wp-content\/uploads\/2024\/10\/IMAGEN-NO-DISPONIBLE-png-150x150.webp",150,150,true],"medium":["https:\/\/recambiosecogas.com\/wp-content\/uploads\/2024\/10\/IMAGEN-NO-DISPONIBLE-300x300.png",300,300,true],"medium_large":["https:\/\/recambiosecogas.com\/wp-content\/uploads\/2024\/10\/IMAGEN-NO-DISPONIBLE-png-768x768.webp",768,768,true],"large":["https:\/\/recambiosecogas.com\/wp-content\/uploads\/2024\/10\/IMAGEN-NO-DISPONIBLE-png.webp",1000,1000,false],"1536x1536":["https:\/\/recambiosecogas.com\/wp-content\/uploads\/2024\/10\/IMAGEN-NO-DISPONIBLE-png.webp",1000,1000,false],"2048x2048":["https:\/\/recambiosecogas.com\/wp-content\/uploads\/2024\/10\/IMAGEN-NO-DISPONIBLE-png.webp",1000,1000,false],"woocommerce_archive_thumbnail":["https:\/\/recambiosecogas.com\/wp-content\/uploads\/2024\/10\/IMAGEN-NO-DISPONIBLE-png.webp",1000,1000,false],"woocommerce_thumbnail":["https:\/\/recambiosecogas.com\/wp-content\/uploads\/2024\/10\/IMAGEN-NO-DISPONIBLE-png-300x300.webp",300,300,true],"woocommerce_single":["https:\/\/recambiosecogas.com\/wp-content\/uploads\/2024\/10\/IMAGEN-NO-DISPONIBLE-png.webp",1000,1000,false],"woocommerce_gallery_thumbnail":["https:\/\/recambiosecogas.com\/wp-content\/uploads\/2024\/10\/IMAGEN-NO-DISPONIBLE-png.webp",1000,1000,false],"dgwt-wcas-product-suggestion":["https:\/\/recambiosecogas.com\/wp-content\/uploads\/2024\/10\/IMAGEN-NO-DISPONIBLE-png-64x64.webp",64,64,true]},"uagb_author_info":{"display_name":"Fran - Soporte T\u00e9cnico","author_link":"https:\/\/recambiosecogas.com\/pt-pt\/author\/"},"uagb_comment_info":0,"uagb_excerpt":"HANA","_links":{"self":[{"href":"https:\/\/recambiosecogas.com\/pt-pt\/wp-json\/wp\/v2\/product\/8740","targetHints":{"allow":["GET"]}}],"collection":[{"href":"https:\/\/recambiosecogas.com\/pt-pt\/wp-json\/wp\/v2\/product"}],"about":[{"href":"https:\/\/recambiosecogas.com\/pt-pt\/wp-json\/wp\/v2\/types\/product"}],"replies":[{"embeddable":true,"href":"https:\/\/recambiosecogas.com\/pt-pt\/wp-json\/wp\/v2\/comments?post=8740"}],"wp:featuredmedia":[{"embeddable":true,"href":"https:\/\/recambiosecogas.com\/pt-pt\/wp-json\/wp\/v2\/media\/4388"}],"wp:attachment":[{"href":"https:\/\/recambiosecogas.com\/pt-pt\/wp-json\/wp\/v2\/media?parent=8740"}],"wp:term":[{"taxonomy":"product_brand","embeddable":true,"href":"https:\/\/recambiosecogas.com\/pt-pt\/wp-json\/wp\/v2\/product_brand?post=8740"},{"taxonomy":"product_cat","embeddable":true,"href":"https:\/\/recambiosecogas.com\/pt-pt\/wp-json\/wp\/v2\/product_cat?post=8740"},{"taxonomy":"product_tag","embeddable":true,"href":"https:\/\/recambiosecogas.com\/pt-pt\/wp-json\/wp\/v2\/product_tag?post=8740"}],"curies":[{"name":"wp","href":"https:\/\/api.w.org\/{rel}","templated":true}]}}