{"id":8295,"date":"2024-12-04T08:42:15","date_gmt":"2024-12-04T08:42:15","guid":{"rendered":"https:\/\/recambiosecogas.com\/producto\/omb-valvula-de-tanque-cilindrico-light-cng-w28-8-m12x1\/"},"modified":"2026-04-27T09:25:15","modified_gmt":"2026-04-27T08:25:15","slug":"omb-valvula-de-tanque-cilindrico-light-cng-w28-8-m12x1","status":"publish","type":"product","link":"https:\/\/recambiosecogas.com\/pt-pt\/producto\/omb-valvula-de-tanque-cilindrico-light-cng-w28-8-m12x1\/","title":{"rendered":"OMB V\u00e1lvula de tanque cilindrico LIGHT (CNG) &#8211; W28.8 &#8211; M12x1"},"content":{"rendered":"<h1 data-start=\"0\" data-end=\"62\">OMB V\u00e1lvula de Tanque Cil\u00edndrico LIGHT (CNG) \u2013 W28.8 \/ M12x1<\/h1>\n<p data-start=\"64\" data-end=\"459\">La <strong data-start=\"67\" data-end=\"80\">OMB LIGHT<\/strong> es una v\u00e1lvula para cilindros de gas natural comprimido dise\u00f1ada para ofrecer seguridad, estanqueidad y facilidad de instalaci\u00f3n en sistemas vehiculares CNG. Su dise\u00f1o m\u00e1s liviano, comparado con otras versiones de la marca, mantiene altos est\u00e1ndares de resistencia y durabilidad, garantizando un control estable del flujo de gas desde el cilindro hacia la l\u00ednea de alta presi\u00f3n.<\/p>\n<p data-start=\"461\" data-end=\"756\">Equipada con conexiones <strong data-start=\"485\" data-end=\"494\">W28.8<\/strong> para el cilindro y <strong data-start=\"514\" data-end=\"523\">M12x1<\/strong> para la salida, se integra sin dificultad en configuraciones est\u00e1ndar. Es una opci\u00f3n recomendada para mantenimientos, conversiones o reposiciones donde se busca un componente confiable con peso reducido sin comprometer la seguridad.<\/p>\n<hr data-start=\"758\" data-end=\"761\" \/>\n<h2 data-start=\"763\" data-end=\"780\">Compatibilidad<\/h2>\n<ul data-start=\"781\" data-end=\"1051\">\n<li data-start=\"781\" data-end=\"822\">\n<p data-start=\"783\" data-end=\"822\">Cilindros CNG con conexi\u00f3n <strong data-start=\"810\" data-end=\"819\">W28.8<\/strong>.<\/p>\n<\/li>\n<li data-start=\"823\" data-end=\"899\">\n<p data-start=\"825\" data-end=\"899\">Sistemas de gas vehicular que utilicen salida de alta presi\u00f3n <strong data-start=\"887\" data-end=\"896\">M12x1<\/strong>.<\/p>\n<\/li>\n<li data-start=\"900\" data-end=\"1002\">\n<p data-start=\"902\" data-end=\"1002\">Compatible con equipos y kits de <strong data-start=\"935\" data-end=\"986\">OMB, Tomasetto, Lovato, Landirenzo, BRC, Zavoli<\/strong>, entre otros.<\/p>\n<\/li>\n<li data-start=\"1003\" data-end=\"1051\">\n<p data-start=\"1005\" data-end=\"1051\">Apta para veh\u00edculos de 1\u00aa, 2\u00aa y 3\u00aa generaci\u00f3n.<\/p>\n<\/li>\n<\/ul>\n<hr data-start=\"1053\" data-end=\"1056\" \/>\n<h2 data-start=\"1058\" data-end=\"1074\">Ficha t\u00e9cnica<\/h2>\n<ul data-start=\"1075\" data-end=\"1420\">\n<li data-start=\"1075\" data-end=\"1094\">\n<p data-start=\"1077\" data-end=\"1094\">Fabricante: OMB<\/p>\n<\/li>\n<li data-start=\"1095\" data-end=\"1112\">\n<p data-start=\"1097\" data-end=\"1112\">Modelo: LIGHT<\/p>\n<\/li>\n<li data-start=\"1113\" data-end=\"1157\">\n<p data-start=\"1115\" data-end=\"1157\">Tipo: V\u00e1lvula para tanque cil\u00edndrico CNG<\/p>\n<\/li>\n<li data-start=\"1158\" data-end=\"1206\">\n<p data-start=\"1160\" data-end=\"1206\">Conexiones: W28.8 (entrada) \/ M12x1 (salida)<\/p>\n<\/li>\n<li data-start=\"1207\" data-end=\"1257\">\n<p data-start=\"1209\" data-end=\"1257\">Aplicaci\u00f3n: Cilindro de gas natural comprimido<\/p>\n<\/li>\n<li data-start=\"1258\" data-end=\"1319\">\n<p data-start=\"1260\" data-end=\"1319\">Funciones: Control del suministro y seguridad del sistema<\/p>\n<\/li>\n<li data-start=\"1320\" data-end=\"1379\">\n<p data-start=\"1322\" data-end=\"1379\">Presi\u00f3n de trabajo: Seg\u00fan especificaci\u00f3n del fabricante<\/p>\n<\/li>\n<li data-start=\"1380\" data-end=\"1420\">\n<p data-start=\"1382\" data-end=\"1420\">Homologaci\u00f3n: ECE R110 (seg\u00fan versi\u00f3n)<\/p>\n<\/li>\n<\/ul>\n<hr data-start=\"1422\" data-end=\"1425\" \/>\n<h2 data-start=\"1427\" data-end=\"1440\">Beneficios<\/h2>\n<ul data-start=\"1441\" data-end=\"1706\">\n<li data-start=\"1441\" data-end=\"1493\">\n<p data-start=\"1443\" data-end=\"1493\">Componentes m\u00e1s livianos sin perder resistencia.<\/p>\n<\/li>\n<li data-start=\"1494\" data-end=\"1546\">\n<p data-start=\"1496\" data-end=\"1546\">Control seguro del flujo de gas en alta presi\u00f3n.<\/p>\n<\/li>\n<li data-start=\"1547\" data-end=\"1603\">\n<p data-start=\"1549\" data-end=\"1603\">Compatible con la mayor\u00eda de cilindros CNG est\u00e1ndar.<\/p>\n<\/li>\n<li data-start=\"1604\" data-end=\"1659\">\n<p data-start=\"1606\" data-end=\"1659\">Ideal para reemplazos y conversiones profesionales.<\/p>\n<\/li>\n<li data-start=\"1660\" data-end=\"1706\">\n<p data-start=\"1662\" data-end=\"1706\">Dise\u00f1o compacto que facilita su instalaci\u00f3n.<\/p>\n<\/li>\n<\/ul>\n","protected":false},"excerpt":{"rendered":"<article class=\"text-token-text-primary w-full focus:outline-none [--shadow-height:45px] has-data-writing-block:pointer-events-none has-data-writing-block:-mt-(--shadow-height) has-data-writing-block:pt-(--shadow-height) [&amp;:has([data-writing-block])&gt;*]:pointer-events-auto scroll-mt-[calc(var(--header-height)+min(200px,max(70px,20svh)))]\" dir=\"auto\" tabindex=\"-1\" data-turn-id=\"request-WEB:4d6561d9-3a50-40d9-a9b4-a5157aa0778e-15\" data-testid=\"conversation-turn-32\" data-scroll-anchor=\"true\" data-turn=\"assistant\">\n<div class=\"text-base my-auto mx-auto pb-10 [--thread-content-margin:--spacing(4)] thread-sm:[--thread-content-margin:--spacing(6)] thread-lg:[--thread-content-margin:--spacing(16)] px-(--thread-content-margin)\">\n<div class=\"[--thread-content-max-width:40rem] thread-lg:[--thread-content-max-width:48rem] mx-auto max-w-(--thread-content-max-width) flex-1 group\/turn-messages focus-visible:outline-hidden relative flex w-full min-w-0 flex-col agent-turn\" tabindex=\"-1\">\n<div class=\"flex max-w-full flex-col grow\">\n<div class=\"min-h-8 text-message relative flex w-full flex-col items-end gap-2 text-start break-words whitespace-normal [.text-message+&amp;]:mt-1\" dir=\"auto\" data-message-author-role=\"assistant\" data-message-id=\"ce0581e3-0f7d-4993-a80b-9c6d64fc99ce\" data-message-model-slug=\"gpt-5-1\">\n<div class=\"flex w-full flex-col gap-1 empty:hidden first:pt-[1px]\">\n<div class=\"markdown prose dark:prose-invert w-full break-words light markdown-new-styling\">\n<p data-start=\"2159\" data-end=\"2299\" data-is-last-node=\"\" data-is-only-node=\"\">OMB LIGHT para cilindros CNG con conexiones W28.8 y M12x1. V\u00e1lvula liviana, segura y adecuada para instalaciones vehiculares de gas natural.<\/p>\n<\/div>\n<\/div>\n<\/div>\n<\/div>\n<div class=\"z-0 flex min-h-[46px] justify-start\"><\/div>\n<div class=\"mt-3 w-full empty:hidden\">\n<div class=\"text-center\"><\/div>\n<\/div>\n<\/div>\n<\/div>\n<\/article>\n<div class=\"pointer-events-none h-px w-px\" aria-hidden=\"true\" data-edge=\"true\"><\/div>\n","protected":false},"featured_media":9444,"comment_status":"open","ping_status":"closed","template":"","meta":{"_uag_custom_page_level_css":""},"product_brand":[],"product_cat":[1577,1758,1581,1923,1915],"product_tag":[],"class_list":{"0":"post-8295","1":"product","2":"type-product","3":"status-publish","4":"has-post-thumbnail","6":"product_cat-gnc-gas-natural-pt-pt","7":"product_cat-omb-pt-pt","8":"product_cat-valvula-para-garrafas-gnc","9":"product_cat-valvulas-de-corte-gnc","10":"product_cat-valvulas-solenoides","12":"first","13":"onbackorder","14":"taxable","15":"shipping-taxable","16":"purchasable","17":"product-type-simple"},"ct_brands":[],"yoast_head":"<!-- This site is optimized with the Yoast SEO Premium plugin v27.5 (Yoast SEO v27.5) - https:\/\/yoast.com\/product\/yoast-seo-premium-wordpress\/ -->\n<title>OMB V\u00e1lvula de tanque cilindrico LIGHT (CNG) - W28.8 - M12x1 | Recambios EcoGas<\/title>\n<meta name=\"description\" content=\"OMB LIGHT W28.8 \/ M12x1: v\u00e1lvula liviana y segura para cilindros CNG. Compatibilidad est\u00e1ndar y rendimiento confiable.\" \/>\n<meta name=\"robots\" content=\"index, follow, max-snippet:-1, max-image-preview:large, max-video-preview:-1\" \/>\n<link rel=\"canonical\" href=\"https:\/\/recambiosecogas.com\/pt-pt\/producto\/omb-valvula-de-tanque-cilindrico-light-cng-w28-8-m12x1\/\" \/>\n<meta property=\"og:locale\" content=\"pt_PT\" \/>\n<meta property=\"og:type\" content=\"article\" \/>\n<meta property=\"og:title\" content=\"OMB V\u00e1lvula de tanque cilindrico LIGHT (CNG) - W28.8 - M12x1\" \/>\n<meta property=\"og:description\" content=\"OMB LIGHT W28.8 \/ M12x1: v\u00e1lvula liviana y segura para cilindros CNG. Compatibilidad est\u00e1ndar y rendimiento confiable.\" \/>\n<meta property=\"og:url\" content=\"https:\/\/recambiosecogas.com\/pt-pt\/producto\/omb-valvula-de-tanque-cilindrico-light-cng-w28-8-m12x1\/\" \/>\n<meta property=\"og:site_name\" content=\"Recambios EcoGas\" \/>\n<meta property=\"article:publisher\" content=\"https:\/\/www.facebook.com\/profile.php?id=100062419705358\" \/>\n<meta property=\"article:modified_time\" content=\"2026-04-27T08:25:15+00:00\" \/>\n<meta property=\"og:image\" content=\"https:\/\/recambiosecogas.com\/wp-content\/uploads\/2024\/12\/OMB-Valvula-de-tanque-cilindrico-LIGHT-CNG-W28.8-M12x1-2-png.webp\" \/>\n\t<meta property=\"og:image:width\" content=\"1000\" \/>\n\t<meta property=\"og:image:height\" content=\"1000\" \/>\n\t<meta property=\"og:image:type\" content=\"image\/png\" \/>\n<meta name=\"twitter:card\" content=\"summary_large_image\" \/>\n<meta name=\"twitter:label1\" content=\"pre\u00e7o\" \/>\n\t<meta name=\"twitter:data1\" content=\"15,62&nbsp;&euro; (Sin IVA: 12,91&nbsp;&euro;)\" \/>\n\t<meta name=\"twitter:label2\" content=\"Disponibilidade\" \/>\n\t<meta name=\"twitter:data2\" content=\"Por encomenda\" \/>\n<script type=\"application\/ld+json\" class=\"yoast-schema-graph\">{\"@context\":\"https:\\\/\\\/schema.org\",\"@graph\":[{\"@type\":\"WebPage\",\"@id\":\"https:\\\/\\\/recambiosecogas.com\\\/pt-pt\\\/producto\\\/omb-valvula-de-tanque-cilindrico-light-cng-w28-8-m12x1\\\/\",\"url\":\"https:\\\/\\\/recambiosecogas.com\\\/pt-pt\\\/producto\\\/omb-valvula-de-tanque-cilindrico-light-cng-w28-8-m12x1\\\/\",\"name\":\"OMB V\u00e1lvula de tanque cilindrico LIGHT (CNG) - W28.8 - M12x1 | Recambios EcoGas\",\"isPartOf\":{\"@id\":\"https:\\\/\\\/recambiosecogas.com\\\/pt-pt\\\/#website\"},\"primaryImageOfPage\":{\"@id\":\"https:\\\/\\\/recambiosecogas.com\\\/pt-pt\\\/producto\\\/omb-valvula-de-tanque-cilindrico-light-cng-w28-8-m12x1\\\/#primaryimage\"},\"image\":{\"@id\":\"https:\\\/\\\/recambiosecogas.com\\\/pt-pt\\\/producto\\\/omb-valvula-de-tanque-cilindrico-light-cng-w28-8-m12x1\\\/#primaryimage\"},\"thumbnailUrl\":\"https:\\\/\\\/recambiosecogas.com\\\/wp-content\\\/uploads\\\/2024\\\/12\\\/OMB-Valvula-de-tanque-cilindrico-LIGHT-CNG-W28.8-M12x1-2-png.webp\",\"datePublished\":\"2024-12-04T08:42:15+00:00\",\"dateModified\":\"2026-04-27T08:25:15+00:00\",\"description\":\"OMB LIGHT W28.8 \\\/ M12x1: v\u00e1lvula liviana y segura para cilindros CNG. Compatibilidad est\u00e1ndar y rendimiento confiable.\",\"breadcrumb\":{\"@id\":\"https:\\\/\\\/recambiosecogas.com\\\/pt-pt\\\/producto\\\/omb-valvula-de-tanque-cilindrico-light-cng-w28-8-m12x1\\\/#breadcrumb\"},\"inLanguage\":\"pt-PT\",\"potentialAction\":[{\"@type\":\"ReadAction\",\"target\":[\"https:\\\/\\\/recambiosecogas.com\\\/pt-pt\\\/producto\\\/omb-valvula-de-tanque-cilindrico-light-cng-w28-8-m12x1\\\/\"]}]},{\"@type\":\"ImageObject\",\"inLanguage\":\"pt-PT\",\"@id\":\"https:\\\/\\\/recambiosecogas.com\\\/pt-pt\\\/producto\\\/omb-valvula-de-tanque-cilindrico-light-cng-w28-8-m12x1\\\/#primaryimage\",\"url\":\"https:\\\/\\\/recambiosecogas.com\\\/wp-content\\\/uploads\\\/2024\\\/12\\\/OMB-Valvula-de-tanque-cilindrico-LIGHT-CNG-W28.8-M12x1-2-png.webp\",\"contentUrl\":\"https:\\\/\\\/recambiosecogas.com\\\/wp-content\\\/uploads\\\/2024\\\/12\\\/OMB-Valvula-de-tanque-cilindrico-LIGHT-CNG-W28.8-M12x1-2-png.webp\",\"width\":1000,\"height\":1000},{\"@type\":\"BreadcrumbList\",\"@id\":\"https:\\\/\\\/recambiosecogas.com\\\/pt-pt\\\/producto\\\/omb-valvula-de-tanque-cilindrico-light-cng-w28-8-m12x1\\\/#breadcrumb\",\"itemListElement\":[{\"@type\":\"ListItem\",\"position\":1,\"name\":\"P\u00e1gina inicial\",\"item\":\"https:\\\/\\\/recambiosecogas.com\\\/pt-pt\\\/\"},{\"@type\":\"ListItem\",\"position\":2,\"name\":\"Loja\",\"item\":\"https:\\\/\\\/recambiosecogas.com\\\/pt-pt\\\/tienda\\\/\"},{\"@type\":\"ListItem\",\"position\":3,\"name\":\"OMB V\u00e1lvula de tanque cilindrico LIGHT (CNG) &#8211; W28.8 &#8211; M12x1\"}]},{\"@type\":\"WebSite\",\"@id\":\"https:\\\/\\\/recambiosecogas.com\\\/pt-pt\\\/#website\",\"url\":\"https:\\\/\\\/recambiosecogas.com\\\/pt-pt\\\/\",\"name\":\"Recambios EcoGas\",\"description\":\"Pe\u00e7as multimarca para sistemas de GPL\\\/GNC\\\/GNL\\\/Hidrog\u00e9nio\",\"publisher\":{\"@id\":\"https:\\\/\\\/recambiosecogas.com\\\/pt-pt\\\/#organization\"},\"alternateName\":\"Recambios Autogas GLP\",\"potentialAction\":[{\"@type\":\"SearchAction\",\"target\":{\"@type\":\"EntryPoint\",\"urlTemplate\":\"https:\\\/\\\/recambiosecogas.com\\\/pt-pt\\\/?s={search_term_string}\"},\"query-input\":{\"@type\":\"PropertyValueSpecification\",\"valueRequired\":true,\"valueName\":\"search_term_string\"}}],\"inLanguage\":\"pt-PT\"},{\"@type\":[\"Organization\",\"Place\"],\"@id\":\"https:\\\/\\\/recambiosecogas.com\\\/pt-pt\\\/#organization\",\"name\":\"Recambios EcoGas\",\"alternateName\":\"Loja de GPL Autog\u00e1s Espanha\",\"url\":\"https:\\\/\\\/recambiosecogas.com\\\/pt-pt\\\/\",\"logo\":{\"@id\":\"https:\\\/\\\/recambiosecogas.com\\\/pt-pt\\\/producto\\\/omb-valvula-de-tanque-cilindrico-light-cng-w28-8-m12x1\\\/#local-main-organization-logo\"},\"image\":{\"@id\":\"https:\\\/\\\/recambiosecogas.com\\\/pt-pt\\\/producto\\\/omb-valvula-de-tanque-cilindrico-light-cng-w28-8-m12x1\\\/#local-main-organization-logo\"},\"sameAs\":[\"https:\\\/\\\/www.facebook.com\\\/profile.php?id=100062419705358\",\"https:\\\/\\\/www.instagram.com\\\/segimon_automocio\"],\"description\":\"Recambios EcoGas \u2013 Venta y distribuci\u00f3n de sistemas GLP y GNC en Espa\u00f1a y Portugal. Env\u00edos 24 h, soporte t\u00e9cnico a talleres y distribuidores.\",\"hasMerchantReturnPolicy\":{\"@type\":\"MerchantReturnPolicy\",\"merchantReturnLink\":\"https:\\\/\\\/recambiosecogas.com\\\/politicas-privacidad\\\/\"},\"address\":{\"@id\":\"https:\\\/\\\/recambiosecogas.com\\\/pt-pt\\\/producto\\\/omb-valvula-de-tanque-cilindrico-light-cng-w28-8-m12x1\\\/#local-main-place-address\"},\"telephone\":[\"616250633\"],\"contactPoint\":{\"@type\":\"ContactPoint\",\"email\":\"export@recambiosecogas.com\"},\"openingHoursSpecification\":[{\"@type\":\"OpeningHoursSpecification\",\"dayOfWeek\":[\"Monday\",\"Tuesday\",\"Wednesday\",\"Thursday\",\"Friday\",\"Saturday\",\"Sunday\"],\"opens\":\"09:00\",\"closes\":\"17:00\"}],\"email\":\"info@recambiosecogas.com\",\"faxNumber\":\"SEGIMON AUTOMOCION SL\",\"vatID\":\"ESB19819861\",\"globalLocationNumber\":\"938 616 339\"},{\"@type\":\"PostalAddress\",\"@id\":\"https:\\\/\\\/recambiosecogas.com\\\/pt-pt\\\/producto\\\/omb-valvula-de-tanque-cilindrico-light-cng-w28-8-m12x1\\\/#local-main-place-address\",\"streetAddress\":\"cami antic de vic, 29 (Nave 3), Pol\u00edgono Industrial Congost\",\"addressLocality\":\"CORRO D`AVALL\",\"postalCode\":\"08520\",\"addressRegion\":\"Barcelona\",\"addressCountry\":\"ES\"},{\"@type\":\"ImageObject\",\"inLanguage\":\"pt-PT\",\"@id\":\"https:\\\/\\\/recambiosecogas.com\\\/pt-pt\\\/producto\\\/omb-valvula-de-tanque-cilindrico-light-cng-w28-8-m12x1\\\/#local-main-organization-logo\",\"url\":\"https:\\\/\\\/recambiosecogas.com\\\/wp-content\\\/uploads\\\/2024\\\/11\\\/cropped-RECAMBIOS-GLP-png.webp\",\"contentUrl\":\"https:\\\/\\\/recambiosecogas.com\\\/wp-content\\\/uploads\\\/2024\\\/11\\\/cropped-RECAMBIOS-GLP-png.webp\",\"width\":512,\"height\":512,\"caption\":\"Recambios EcoGas\"}]}<\/script>\n<meta property=\"product:price:amount\" content=\"15.62\" \/>\n<meta property=\"product:price:currency\" content=\"EUR\" \/>\n<meta property=\"og:availability\" content=\"backorder\" \/>\n<meta property=\"product:availability\" content=\"available for order\" \/>\n<meta property=\"product:retailer_item_id\" content=\"103313A\" \/>\n<meta property=\"product:condition\" content=\"new\" \/>\n<meta name=\"geo.placename\" content=\"CORRO D`AVALL\" \/>\n<meta name=\"geo.region\" content=\"Espanha\" \/>\n<!-- \/ Yoast SEO Premium plugin. -->","yoast_head_json":{"title":"OMB V\u00e1lvula de tanque cilindrico LIGHT (CNG) - W28.8 - M12x1 | Recambios EcoGas","description":"OMB LIGHT W28.8 \/ M12x1: v\u00e1lvula liviana y segura para cilindros CNG. Compatibilidad est\u00e1ndar y rendimiento confiable.","robots":{"index":"index","follow":"follow","max-snippet":"max-snippet:-1","max-image-preview":"max-image-preview:large","max-video-preview":"max-video-preview:-1"},"canonical":"https:\/\/recambiosecogas.com\/pt-pt\/producto\/omb-valvula-de-tanque-cilindrico-light-cng-w28-8-m12x1\/","og_locale":"pt_PT","og_type":"article","og_title":"OMB V\u00e1lvula de tanque cilindrico LIGHT (CNG) - W28.8 - M12x1","og_description":"OMB LIGHT W28.8 \/ M12x1: v\u00e1lvula liviana y segura para cilindros CNG. Compatibilidad est\u00e1ndar y rendimiento confiable.","og_url":"https:\/\/recambiosecogas.com\/pt-pt\/producto\/omb-valvula-de-tanque-cilindrico-light-cng-w28-8-m12x1\/","og_site_name":"Recambios EcoGas","article_publisher":"https:\/\/www.facebook.com\/profile.php?id=100062419705358","article_modified_time":"2026-04-27T08:25:15+00:00","og_image":[{"width":1000,"height":1000,"url":"https:\/\/recambiosecogas.com\/wp-content\/uploads\/2024\/12\/OMB-Valvula-de-tanque-cilindrico-LIGHT-CNG-W28.8-M12x1-2-png.webp","type":"image\/png"}],"twitter_card":"summary_large_image","twitter_misc":{"pre\u00e7o":"15,62&nbsp;&euro; (Sin IVA: 12,91&nbsp;&euro;)","Disponibilidade":"Por encomenda"},"schema":{"@context":"https:\/\/schema.org","@graph":[{"@type":"WebPage","@id":"https:\/\/recambiosecogas.com\/pt-pt\/producto\/omb-valvula-de-tanque-cilindrico-light-cng-w28-8-m12x1\/","url":"https:\/\/recambiosecogas.com\/pt-pt\/producto\/omb-valvula-de-tanque-cilindrico-light-cng-w28-8-m12x1\/","name":"OMB V\u00e1lvula de tanque cilindrico LIGHT (CNG) - W28.8 - M12x1 | Recambios EcoGas","isPartOf":{"@id":"https:\/\/recambiosecogas.com\/pt-pt\/#website"},"primaryImageOfPage":{"@id":"https:\/\/recambiosecogas.com\/pt-pt\/producto\/omb-valvula-de-tanque-cilindrico-light-cng-w28-8-m12x1\/#primaryimage"},"image":{"@id":"https:\/\/recambiosecogas.com\/pt-pt\/producto\/omb-valvula-de-tanque-cilindrico-light-cng-w28-8-m12x1\/#primaryimage"},"thumbnailUrl":"https:\/\/recambiosecogas.com\/wp-content\/uploads\/2024\/12\/OMB-Valvula-de-tanque-cilindrico-LIGHT-CNG-W28.8-M12x1-2-png.webp","datePublished":"2024-12-04T08:42:15+00:00","dateModified":"2026-04-27T08:25:15+00:00","description":"OMB LIGHT W28.8 \/ M12x1: v\u00e1lvula liviana y segura para cilindros CNG. Compatibilidad est\u00e1ndar y rendimiento confiable.","breadcrumb":{"@id":"https:\/\/recambiosecogas.com\/pt-pt\/producto\/omb-valvula-de-tanque-cilindrico-light-cng-w28-8-m12x1\/#breadcrumb"},"inLanguage":"pt-PT","potentialAction":[{"@type":"ReadAction","target":["https:\/\/recambiosecogas.com\/pt-pt\/producto\/omb-valvula-de-tanque-cilindrico-light-cng-w28-8-m12x1\/"]}]},{"@type":"ImageObject","inLanguage":"pt-PT","@id":"https:\/\/recambiosecogas.com\/pt-pt\/producto\/omb-valvula-de-tanque-cilindrico-light-cng-w28-8-m12x1\/#primaryimage","url":"https:\/\/recambiosecogas.com\/wp-content\/uploads\/2024\/12\/OMB-Valvula-de-tanque-cilindrico-LIGHT-CNG-W28.8-M12x1-2-png.webp","contentUrl":"https:\/\/recambiosecogas.com\/wp-content\/uploads\/2024\/12\/OMB-Valvula-de-tanque-cilindrico-LIGHT-CNG-W28.8-M12x1-2-png.webp","width":1000,"height":1000},{"@type":"BreadcrumbList","@id":"https:\/\/recambiosecogas.com\/pt-pt\/producto\/omb-valvula-de-tanque-cilindrico-light-cng-w28-8-m12x1\/#breadcrumb","itemListElement":[{"@type":"ListItem","position":1,"name":"P\u00e1gina inicial","item":"https:\/\/recambiosecogas.com\/pt-pt\/"},{"@type":"ListItem","position":2,"name":"Loja","item":"https:\/\/recambiosecogas.com\/pt-pt\/tienda\/"},{"@type":"ListItem","position":3,"name":"OMB V\u00e1lvula de tanque cilindrico LIGHT (CNG) &#8211; W28.8 &#8211; M12x1"}]},{"@type":"WebSite","@id":"https:\/\/recambiosecogas.com\/pt-pt\/#website","url":"https:\/\/recambiosecogas.com\/pt-pt\/","name":"Recambios EcoGas","description":"Pe\u00e7as multimarca para sistemas de GPL\/GNC\/GNL\/Hidrog\u00e9nio","publisher":{"@id":"https:\/\/recambiosecogas.com\/pt-pt\/#organization"},"alternateName":"Recambios Autogas GLP","potentialAction":[{"@type":"SearchAction","target":{"@type":"EntryPoint","urlTemplate":"https:\/\/recambiosecogas.com\/pt-pt\/?s={search_term_string}"},"query-input":{"@type":"PropertyValueSpecification","valueRequired":true,"valueName":"search_term_string"}}],"inLanguage":"pt-PT"},{"@type":["Organization","Place"],"@id":"https:\/\/recambiosecogas.com\/pt-pt\/#organization","name":"Recambios EcoGas","alternateName":"Loja de GPL Autog\u00e1s Espanha","url":"https:\/\/recambiosecogas.com\/pt-pt\/","logo":{"@id":"https:\/\/recambiosecogas.com\/pt-pt\/producto\/omb-valvula-de-tanque-cilindrico-light-cng-w28-8-m12x1\/#local-main-organization-logo"},"image":{"@id":"https:\/\/recambiosecogas.com\/pt-pt\/producto\/omb-valvula-de-tanque-cilindrico-light-cng-w28-8-m12x1\/#local-main-organization-logo"},"sameAs":["https:\/\/www.facebook.com\/profile.php?id=100062419705358","https:\/\/www.instagram.com\/segimon_automocio"],"description":"Recambios EcoGas \u2013 Venta y distribuci\u00f3n de sistemas GLP y GNC en Espa\u00f1a y Portugal. Env\u00edos 24 h, soporte t\u00e9cnico a talleres y distribuidores.","hasMerchantReturnPolicy":{"@type":"MerchantReturnPolicy","merchantReturnLink":"https:\/\/recambiosecogas.com\/politicas-privacidad\/"},"address":{"@id":"https:\/\/recambiosecogas.com\/pt-pt\/producto\/omb-valvula-de-tanque-cilindrico-light-cng-w28-8-m12x1\/#local-main-place-address"},"telephone":["616250633"],"contactPoint":{"@type":"ContactPoint","email":"export@recambiosecogas.com"},"openingHoursSpecification":[{"@type":"OpeningHoursSpecification","dayOfWeek":["Monday","Tuesday","Wednesday","Thursday","Friday","Saturday","Sunday"],"opens":"09:00","closes":"17:00"}],"email":"info@recambiosecogas.com","faxNumber":"SEGIMON AUTOMOCION SL","vatID":"ESB19819861","globalLocationNumber":"938 616 339"},{"@type":"PostalAddress","@id":"https:\/\/recambiosecogas.com\/pt-pt\/producto\/omb-valvula-de-tanque-cilindrico-light-cng-w28-8-m12x1\/#local-main-place-address","streetAddress":"cami antic de vic, 29 (Nave 3), Pol\u00edgono Industrial Congost","addressLocality":"CORRO D`AVALL","postalCode":"08520","addressRegion":"Barcelona","addressCountry":"ES"},{"@type":"ImageObject","inLanguage":"pt-PT","@id":"https:\/\/recambiosecogas.com\/pt-pt\/producto\/omb-valvula-de-tanque-cilindrico-light-cng-w28-8-m12x1\/#local-main-organization-logo","url":"https:\/\/recambiosecogas.com\/wp-content\/uploads\/2024\/11\/cropped-RECAMBIOS-GLP-png.webp","contentUrl":"https:\/\/recambiosecogas.com\/wp-content\/uploads\/2024\/11\/cropped-RECAMBIOS-GLP-png.webp","width":512,"height":512,"caption":"Recambios EcoGas"}]},"product_price_amount":"15.62","product_price_currency":"EUR","og_availability":"backorder","product_availability":"available for order","product_retailer_item_id":"103313A","product_condition":"new","geo.placename":"CORRO D`AVALL","geo.region":"Espanha"},"uagb_featured_image_src":{"full":["https:\/\/recambiosecogas.com\/wp-content\/uploads\/2024\/12\/OMB-Valvula-de-tanque-cilindrico-LIGHT-CNG-W28.8-M12x1-2-png.webp",1000,1000,false],"thumbnail":["https:\/\/recambiosecogas.com\/wp-content\/uploads\/2024\/12\/OMB-Valvula-de-tanque-cilindrico-LIGHT-CNG-W28.8-M12x1-2-150x150.webp",150,150,true],"medium":["https:\/\/recambiosecogas.com\/wp-content\/uploads\/2024\/12\/OMB-Valvula-de-tanque-cilindrico-LIGHT-CNG-W28.8-M12x1-2-300x300.webp",300,300,true],"medium_large":["https:\/\/recambiosecogas.com\/wp-content\/uploads\/2024\/12\/OMB-Valvula-de-tanque-cilindrico-LIGHT-CNG-W28.8-M12x1-2-768x768.webp",768,768,true],"large":["https:\/\/recambiosecogas.com\/wp-content\/uploads\/2024\/12\/OMB-Valvula-de-tanque-cilindrico-LIGHT-CNG-W28.8-M12x1-2-png.webp",1000,1000,false],"1536x1536":["https:\/\/recambiosecogas.com\/wp-content\/uploads\/2024\/12\/OMB-Valvula-de-tanque-cilindrico-LIGHT-CNG-W28.8-M12x1-2-png.webp",1000,1000,false],"2048x2048":["https:\/\/recambiosecogas.com\/wp-content\/uploads\/2024\/12\/OMB-Valvula-de-tanque-cilindrico-LIGHT-CNG-W28.8-M12x1-2-png.webp",1000,1000,false],"woocommerce_archive_thumbnail":["https:\/\/recambiosecogas.com\/wp-content\/uploads\/2024\/12\/OMB-Valvula-de-tanque-cilindrico-LIGHT-CNG-W28.8-M12x1-2-png.webp",1000,1000,false],"woocommerce_thumbnail":["https:\/\/recambiosecogas.com\/wp-content\/uploads\/2024\/12\/OMB-Valvula-de-tanque-cilindrico-LIGHT-CNG-W28.8-M12x1-2-png-300x300.webp",300,300,true],"woocommerce_single":["https:\/\/recambiosecogas.com\/wp-content\/uploads\/2024\/12\/OMB-Valvula-de-tanque-cilindrico-LIGHT-CNG-W28.8-M12x1-2-png.webp",1000,1000,false],"woocommerce_gallery_thumbnail":["https:\/\/recambiosecogas.com\/wp-content\/uploads\/2024\/12\/OMB-Valvula-de-tanque-cilindrico-LIGHT-CNG-W28.8-M12x1-2-png.webp",1000,1000,false],"dgwt-wcas-product-suggestion":["https:\/\/recambiosecogas.com\/wp-content\/uploads\/2024\/12\/OMB-Valvula-de-tanque-cilindrico-LIGHT-CNG-W28.8-M12x1-2-png-64x64.webp",64,64,true]},"uagb_author_info":{"display_name":"Fran - Soporte T\u00e9cnico","author_link":"https:\/\/recambiosecogas.com\/pt-pt\/author\/"},"uagb_comment_info":0,"uagb_excerpt":"OMB LIGHT para cilindros CNG con conexiones W28.8 y M12x1. V\u00e1lvula liviana, segura y adecuada para instalaciones vehiculares de gas natural.","_links":{"self":[{"href":"https:\/\/recambiosecogas.com\/pt-pt\/wp-json\/wp\/v2\/product\/8295","targetHints":{"allow":["GET"]}}],"collection":[{"href":"https:\/\/recambiosecogas.com\/pt-pt\/wp-json\/wp\/v2\/product"}],"about":[{"href":"https:\/\/recambiosecogas.com\/pt-pt\/wp-json\/wp\/v2\/types\/product"}],"replies":[{"embeddable":true,"href":"https:\/\/recambiosecogas.com\/pt-pt\/wp-json\/wp\/v2\/comments?post=8295"}],"wp:featuredmedia":[{"embeddable":true,"href":"https:\/\/recambiosecogas.com\/pt-pt\/wp-json\/wp\/v2\/media\/9444"}],"wp:attachment":[{"href":"https:\/\/recambiosecogas.com\/pt-pt\/wp-json\/wp\/v2\/media?parent=8295"}],"wp:term":[{"taxonomy":"product_brand","embeddable":true,"href":"https:\/\/recambiosecogas.com\/pt-pt\/wp-json\/wp\/v2\/product_brand?post=8295"},{"taxonomy":"product_cat","embeddable":true,"href":"https:\/\/recambiosecogas.com\/pt-pt\/wp-json\/wp\/v2\/product_cat?post=8295"},{"taxonomy":"product_tag","embeddable":true,"href":"https:\/\/recambiosecogas.com\/pt-pt\/wp-json\/wp\/v2\/product_tag?post=8295"}],"curies":[{"name":"wp","href":"https:\/\/api.w.org\/{rel}","templated":true}]}}