{"id":8164,"date":"2024-12-03T15:35:52","date_gmt":"2024-12-03T15:35:52","guid":{"rendered":"https:\/\/recambiosecogas.com\/producto\/aeb1050-sensor-del-nivel-del-tanque-0-50-ohm\/"},"modified":"2026-04-27T09:24:12","modified_gmt":"2026-04-27T08:24:12","slug":"aeb1050-sensor-del-nivel-del-tanque-0-50-ohm","status":"publish","type":"product","link":"https:\/\/recambiosecogas.com\/pt-pt\/producto\/aeb1050-sensor-del-nivel-del-tanque-0-50-ohm\/","title":{"rendered":"AEB 1050 Sensor de Nivel de Tanque 0-50 Ohm"},"content":{"rendered":"<h1 data-start=\"28\" data-end=\"80\">AEB 1050 Sensor de Nivel de Tanque 0-50 Ohm para GLP<\/h1>\n<p data-start=\"358\" data-end=\"511\">El AEB 1050 es un sensor de nivel de tanque con se\u00f1al resistiva 0-50 Ohm, desarrollado para sistemas GLP que requieren este rango espec\u00edfico de medici\u00f3n.<\/p>\n<p data-start=\"513\" data-end=\"825\">A diferencia de los sensores 0-90 Ohm, este modelo trabaja en un rango 0-50 Ohm. Por eso, es imprescindible confirmar la compatibilidad del indicador o centralita antes de la instalaci\u00f3n. Cuando el sistema est\u00e1 configurado para este valor, el sensor proporciona una lectura progresiva y estable del nivel de gas.<\/p>\n<p data-start=\"827\" data-end=\"1085\">Adem\u00e1s, el AEB 1050 es una soluci\u00f3n adecuada para sustituir sensores defectuosos que presenten errores de lectura o falta de se\u00f1al. Al tratarse de un componente de una marca reconocida en electr\u00f3nica GLP, garantiza integraci\u00f3n fiable en sistemas compatibles.<\/p>\n<p data-start=\"1087\" data-end=\"1284\">En autocaravanas y campers, conocer el nivel real del dep\u00f3sito es fundamental para gestionar la autonom\u00eda energ\u00e9tica. Como resultado, se evitan imprevistos y se mejora la planificaci\u00f3n de recargas.<\/p>\n<p data-start=\"1286\" data-end=\"1412\">Este producto est\u00e1 orientado a talleres especializados y profesionales del sector GLP en Espa\u00f1a, Baleares, Andorra y Portugal.<\/p>\n<hr data-start=\"1414\" data-end=\"1417\" \/>\n<h2 data-start=\"1419\" data-end=\"1445\">Ventajas competitivas<\/h2>\n<ul data-start=\"1447\" data-end=\"1706\">\n<li data-start=\"1447\" data-end=\"1475\">\n<p data-start=\"1449\" data-end=\"1475\">Se\u00f1al resistiva 0-50 Ohm<\/p>\n<\/li>\n<li data-start=\"1476\" data-end=\"1530\">\n<p data-start=\"1478\" data-end=\"1530\">Compatible con sistemas configurados en este rango<\/p>\n<\/li>\n<li data-start=\"1531\" data-end=\"1573\">\n<p data-start=\"1533\" data-end=\"1573\">Lectura progresiva del nivel de tanque<\/p>\n<\/li>\n<li data-start=\"1574\" data-end=\"1613\">\n<p data-start=\"1576\" data-end=\"1613\">Recambio directo para mantenimiento<\/p>\n<\/li>\n<li data-start=\"1614\" data-end=\"1656\">\n<p data-start=\"1616\" data-end=\"1656\">Marca especializada en electr\u00f3nica GLP<\/p>\n<\/li>\n<li data-start=\"1657\" data-end=\"1706\">\n<p data-start=\"1659\" data-end=\"1706\">Ideal para aplicaciones camper y autocaravana<\/p>\n<\/li>\n<\/ul>\n<hr data-start=\"1708\" data-end=\"1711\" \/>\n<h2 data-start=\"1713\" data-end=\"1748\">Recomendaciones de instalaci\u00f3n<\/h2>\n<ul data-start=\"1750\" data-end=\"2032\">\n<li data-start=\"1750\" data-end=\"1802\">\n<p data-start=\"1752\" data-end=\"1802\">Confirmar que el sistema utiliza se\u00f1al 0-50 Ohm.<\/p>\n<\/li>\n<li data-start=\"1803\" data-end=\"1862\">\n<p data-start=\"1805\" data-end=\"1862\">Verificar compatibilidad con la multiv\u00e1lvula instalada.<\/p>\n<\/li>\n<li data-start=\"1863\" data-end=\"1905\">\n<p data-start=\"1865\" data-end=\"1905\">Comprobar calibraci\u00f3n tras el montaje.<\/p>\n<\/li>\n<li data-start=\"1906\" data-end=\"1972\">\n<p data-start=\"1908\" data-end=\"1972\">Revisar conexiones el\u00e9ctricas para evitar lecturas inestables.<\/p>\n<\/li>\n<li data-start=\"1973\" data-end=\"2032\">\n<p data-start=\"1975\" data-end=\"2032\">Instalaci\u00f3n recomendada por t\u00e9cnico especializado en GLP.<\/p>\n<\/li>\n<\/ul>\n<p data-start=\"2034\" data-end=\"2155\">En sistemas de gas, cualquier intervenci\u00f3n debe realizarse cumpliendo la normativa vigente y los protocolos de seguridad.<\/p>\n<hr data-start=\"2157\" data-end=\"2160\" \/>\n<h2 data-start=\"2162\" data-end=\"2180\">Ficha t\u00e9cnica<\/h2>\n<div class=\"TyagGW_tableContainer\">\n<div class=\"group TyagGW_tableWrapper flex flex-col-reverse w-fit\" tabindex=\"-1\">\n<table class=\"w-fit min-w-(--thread-content-width)\" style=\"width: 497px;\" data-start=\"2182\" data-end=\"2420\">\n<thead data-start=\"2182\" data-end=\"2217\">\n<tr data-start=\"2182\" data-end=\"2217\">\n<th class=\"\" style=\"width: 118.75px;\" data-start=\"2182\" data-end=\"2199\" data-col-size=\"sm\">Caracter\u00edstica<\/th>\n<th class=\"\" style=\"width: 362.25px;\" data-start=\"2199\" data-end=\"2217\" data-col-size=\"sm\">Especificaci\u00f3n<\/th>\n<\/tr>\n<\/thead>\n<tbody data-start=\"2254\" data-end=\"2420\">\n<tr data-start=\"2254\" data-end=\"2269\">\n<td style=\"width: 118.75px;\" data-start=\"2254\" data-end=\"2262\" data-col-size=\"sm\">Marca<\/td>\n<td style=\"width: 362.25px;\" data-start=\"2262\" data-end=\"2269\" data-col-size=\"sm\">AEB<\/td>\n<\/tr>\n<tr data-start=\"2270\" data-end=\"2287\">\n<td style=\"width: 118.75px;\" data-start=\"2270\" data-end=\"2279\" data-col-size=\"sm\">Modelo<\/td>\n<td style=\"width: 362.25px;\" data-start=\"2279\" data-end=\"2287\" data-col-size=\"sm\">1050<\/td>\n<\/tr>\n<tr data-start=\"2288\" data-end=\"2324\">\n<td style=\"width: 118.75px;\" data-start=\"2288\" data-end=\"2295\" data-col-size=\"sm\">Tipo<\/td>\n<td style=\"width: 362.25px;\" data-start=\"2295\" data-end=\"2324\" data-col-size=\"sm\">Sensor de nivel de tanque<\/td>\n<\/tr>\n<tr data-start=\"2325\" data-end=\"2345\">\n<td style=\"width: 118.75px;\" data-start=\"2325\" data-end=\"2333\" data-col-size=\"sm\">Se\u00f1al<\/td>\n<td style=\"width: 362.25px;\" data-start=\"2333\" data-end=\"2345\" data-col-size=\"sm\">0-50 Ohm<\/td>\n<\/tr>\n<tr data-start=\"2346\" data-end=\"2376\">\n<td style=\"width: 118.75px;\" data-start=\"2346\" data-end=\"2359\" data-col-size=\"sm\">Aplicaci\u00f3n<\/td>\n<td style=\"width: 362.25px;\" data-start=\"2359\" data-end=\"2376\" data-col-size=\"sm\">Dep\u00f3sitos GLP<\/td>\n<\/tr>\n<tr data-start=\"2377\" data-end=\"2420\">\n<td style=\"width: 118.75px;\" data-start=\"2377\" data-end=\"2387\" data-col-size=\"sm\">Funci\u00f3n<\/td>\n<td style=\"width: 362.25px;\" data-start=\"2387\" data-end=\"2420\" data-col-size=\"sm\">Medici\u00f3n nivel de combustible<\/td>\n<\/tr>\n<\/tbody>\n<\/table>\n<\/div>\n<\/div>\n","protected":false},"excerpt":{"rendered":"<p>AEB<\/p>\n","protected":false},"featured_media":9762,"comment_status":"open","ping_status":"closed","template":"","meta":{"_uag_custom_page_level_css":""},"product_brand":[959],"product_cat":[1869,1877],"product_tag":[],"class_list":{"0":"post-8164","1":"product","2":"type-product","3":"status-publish","4":"has-post-thumbnail","6":"product_brand-aeb-electronics","7":"product_cat-sensores","8":"product_cat-sensores-do-deposito","10":"first","11":"onbackorder","12":"taxable","13":"shipping-taxable","14":"purchasable","15":"product-type-simple"},"ct_brands":[{"id":959,"name":"AEB ELECTRONICS","slug":"aeb-electronics"}],"yoast_head":"<!-- This site is optimized with the Yoast SEO Premium plugin v27.5 (Yoast SEO v27.5) - https:\/\/yoast.com\/product\/yoast-seo-premium-wordpress\/ -->\n<title>AEB 1050 Sensor de Nivel de Tanque 0-50 Ohm | Recambios EcoGas<\/title>\n<meta name=\"description\" content=\"AEB 1050 sensor de nivel 0-50 Ohm para dep\u00f3sitos GLP. Recambio compatible con sistemas configurados en este rango. Envio en 24hs\" \/>\n<meta name=\"robots\" content=\"index, follow, max-snippet:-1, max-image-preview:large, max-video-preview:-1\" \/>\n<link rel=\"canonical\" href=\"https:\/\/recambiosecogas.com\/pt-pt\/producto\/aeb1050-sensor-del-nivel-del-tanque-0-50-ohm\/\" \/>\n<meta property=\"og:locale\" content=\"pt_PT\" \/>\n<meta property=\"og:type\" content=\"article\" \/>\n<meta property=\"og:title\" content=\"AEB 1050 Sensor de Nivel de Tanque 0-50 Ohm\" \/>\n<meta property=\"og:description\" content=\"AEB 1050 sensor de nivel 0-50 Ohm para dep\u00f3sitos GLP. Recambio compatible con sistemas configurados en este rango. Envio en 24hs\" \/>\n<meta property=\"og:url\" content=\"https:\/\/recambiosecogas.com\/pt-pt\/producto\/aeb1050-sensor-del-nivel-del-tanque-0-50-ohm\/\" \/>\n<meta property=\"og:site_name\" content=\"Recambios EcoGas\" \/>\n<meta property=\"article:publisher\" content=\"https:\/\/www.facebook.com\/profile.php?id=100062419705358\" \/>\n<meta property=\"article:modified_time\" content=\"2026-04-27T08:24:12+00:00\" \/>\n<meta property=\"og:image\" content=\"https:\/\/recambiosecogas.com\/wp-content\/uploads\/2024\/12\/AEB1050-Sensor-del-nivel-del-tanque-0-50-Ohm-png.webp\" \/>\n\t<meta property=\"og:image:width\" content=\"1000\" \/>\n\t<meta property=\"og:image:height\" content=\"1000\" \/>\n\t<meta property=\"og:image:type\" content=\"image\/png\" \/>\n<meta name=\"twitter:card\" content=\"summary_large_image\" \/>\n<meta name=\"twitter:label1\" content=\"pre\u00e7o\" \/>\n\t<meta name=\"twitter:data1\" content=\"19,00&nbsp;&euro; (Sin IVA: 15,70&nbsp;&euro;)\" \/>\n\t<meta name=\"twitter:label2\" content=\"Disponibilidade\" \/>\n\t<meta name=\"twitter:data2\" content=\"Por encomenda\" \/>\n<script type=\"application\/ld+json\" class=\"yoast-schema-graph\">{\"@context\":\"https:\\\/\\\/schema.org\",\"@graph\":[{\"@type\":\"WebPage\",\"@id\":\"https:\\\/\\\/recambiosecogas.com\\\/pt-pt\\\/producto\\\/aeb1050-sensor-del-nivel-del-tanque-0-50-ohm\\\/\",\"url\":\"https:\\\/\\\/recambiosecogas.com\\\/pt-pt\\\/producto\\\/aeb1050-sensor-del-nivel-del-tanque-0-50-ohm\\\/\",\"name\":\"AEB 1050 Sensor de Nivel de Tanque 0-50 Ohm | Recambios EcoGas\",\"isPartOf\":{\"@id\":\"https:\\\/\\\/recambiosecogas.com\\\/pt-pt\\\/#website\"},\"primaryImageOfPage\":{\"@id\":\"https:\\\/\\\/recambiosecogas.com\\\/pt-pt\\\/producto\\\/aeb1050-sensor-del-nivel-del-tanque-0-50-ohm\\\/#primaryimage\"},\"image\":{\"@id\":\"https:\\\/\\\/recambiosecogas.com\\\/pt-pt\\\/producto\\\/aeb1050-sensor-del-nivel-del-tanque-0-50-ohm\\\/#primaryimage\"},\"thumbnailUrl\":\"https:\\\/\\\/recambiosecogas.com\\\/wp-content\\\/uploads\\\/2024\\\/12\\\/AEB1050-Sensor-del-nivel-del-tanque-0-50-Ohm-png.webp\",\"datePublished\":\"2024-12-03T15:35:52+00:00\",\"dateModified\":\"2026-04-27T08:24:12+00:00\",\"description\":\"AEB 1050 sensor de nivel 0-50 Ohm para dep\u00f3sitos GLP. Recambio compatible con sistemas configurados en este rango. Envio en 24hs\",\"breadcrumb\":{\"@id\":\"https:\\\/\\\/recambiosecogas.com\\\/pt-pt\\\/producto\\\/aeb1050-sensor-del-nivel-del-tanque-0-50-ohm\\\/#breadcrumb\"},\"inLanguage\":\"pt-PT\",\"potentialAction\":[{\"@type\":\"ReadAction\",\"target\":[\"https:\\\/\\\/recambiosecogas.com\\\/pt-pt\\\/producto\\\/aeb1050-sensor-del-nivel-del-tanque-0-50-ohm\\\/\"]}]},{\"@type\":\"ImageObject\",\"inLanguage\":\"pt-PT\",\"@id\":\"https:\\\/\\\/recambiosecogas.com\\\/pt-pt\\\/producto\\\/aeb1050-sensor-del-nivel-del-tanque-0-50-ohm\\\/#primaryimage\",\"url\":\"https:\\\/\\\/recambiosecogas.com\\\/wp-content\\\/uploads\\\/2024\\\/12\\\/AEB1050-Sensor-del-nivel-del-tanque-0-50-Ohm-png.webp\",\"contentUrl\":\"https:\\\/\\\/recambiosecogas.com\\\/wp-content\\\/uploads\\\/2024\\\/12\\\/AEB1050-Sensor-del-nivel-del-tanque-0-50-Ohm-png.webp\",\"width\":1000,\"height\":1000},{\"@type\":\"BreadcrumbList\",\"@id\":\"https:\\\/\\\/recambiosecogas.com\\\/pt-pt\\\/producto\\\/aeb1050-sensor-del-nivel-del-tanque-0-50-ohm\\\/#breadcrumb\",\"itemListElement\":[{\"@type\":\"ListItem\",\"position\":1,\"name\":\"P\u00e1gina inicial\",\"item\":\"https:\\\/\\\/recambiosecogas.com\\\/pt-pt\\\/\"},{\"@type\":\"ListItem\",\"position\":2,\"name\":\"Loja\",\"item\":\"https:\\\/\\\/recambiosecogas.com\\\/pt-pt\\\/tienda\\\/\"},{\"@type\":\"ListItem\",\"position\":3,\"name\":\"AEB 1050 Sensor de Nivel de Tanque 0-50 Ohm\"}]},{\"@type\":\"WebSite\",\"@id\":\"https:\\\/\\\/recambiosecogas.com\\\/pt-pt\\\/#website\",\"url\":\"https:\\\/\\\/recambiosecogas.com\\\/pt-pt\\\/\",\"name\":\"Recambios EcoGas\",\"description\":\"Pe\u00e7as multimarca para sistemas de GPL\\\/GNC\\\/GNL\\\/Hidrog\u00e9nio\",\"publisher\":{\"@id\":\"https:\\\/\\\/recambiosecogas.com\\\/pt-pt\\\/#organization\"},\"alternateName\":\"Recambios Autogas GLP\",\"potentialAction\":[{\"@type\":\"SearchAction\",\"target\":{\"@type\":\"EntryPoint\",\"urlTemplate\":\"https:\\\/\\\/recambiosecogas.com\\\/pt-pt\\\/?s={search_term_string}\"},\"query-input\":{\"@type\":\"PropertyValueSpecification\",\"valueRequired\":true,\"valueName\":\"search_term_string\"}}],\"inLanguage\":\"pt-PT\"},{\"@type\":[\"Organization\",\"Place\"],\"@id\":\"https:\\\/\\\/recambiosecogas.com\\\/pt-pt\\\/#organization\",\"name\":\"Recambios EcoGas\",\"alternateName\":\"Loja de GPL Autog\u00e1s Espanha\",\"url\":\"https:\\\/\\\/recambiosecogas.com\\\/pt-pt\\\/\",\"logo\":{\"@id\":\"https:\\\/\\\/recambiosecogas.com\\\/pt-pt\\\/producto\\\/aeb1050-sensor-del-nivel-del-tanque-0-50-ohm\\\/#local-main-organization-logo\"},\"image\":{\"@id\":\"https:\\\/\\\/recambiosecogas.com\\\/pt-pt\\\/producto\\\/aeb1050-sensor-del-nivel-del-tanque-0-50-ohm\\\/#local-main-organization-logo\"},\"sameAs\":[\"https:\\\/\\\/www.facebook.com\\\/profile.php?id=100062419705358\",\"https:\\\/\\\/www.instagram.com\\\/segimon_automocio\"],\"description\":\"Recambios EcoGas \u2013 Venta y distribuci\u00f3n de sistemas GLP y GNC en Espa\u00f1a y Portugal. Env\u00edos 24 h, soporte t\u00e9cnico a talleres y distribuidores.\",\"hasMerchantReturnPolicy\":{\"@type\":\"MerchantReturnPolicy\",\"merchantReturnLink\":\"https:\\\/\\\/recambiosecogas.com\\\/politicas-privacidad\\\/\"},\"address\":{\"@id\":\"https:\\\/\\\/recambiosecogas.com\\\/pt-pt\\\/producto\\\/aeb1050-sensor-del-nivel-del-tanque-0-50-ohm\\\/#local-main-place-address\"},\"telephone\":[\"616250633\"],\"contactPoint\":{\"@type\":\"ContactPoint\",\"email\":\"export@recambiosecogas.com\"},\"openingHoursSpecification\":[{\"@type\":\"OpeningHoursSpecification\",\"dayOfWeek\":[\"Monday\",\"Tuesday\",\"Wednesday\",\"Thursday\",\"Friday\",\"Saturday\",\"Sunday\"],\"opens\":\"09:00\",\"closes\":\"17:00\"}],\"email\":\"info@recambiosecogas.com\",\"faxNumber\":\"SEGIMON AUTOMOCION SL\",\"vatID\":\"ESB19819861\",\"globalLocationNumber\":\"938 616 339\"},{\"@type\":\"PostalAddress\",\"@id\":\"https:\\\/\\\/recambiosecogas.com\\\/pt-pt\\\/producto\\\/aeb1050-sensor-del-nivel-del-tanque-0-50-ohm\\\/#local-main-place-address\",\"streetAddress\":\"cami antic de vic, 29 (Nave 3), Pol\u00edgono Industrial Congost\",\"addressLocality\":\"CORRO D`AVALL\",\"postalCode\":\"08520\",\"addressRegion\":\"Barcelona\",\"addressCountry\":\"ES\"},{\"@type\":\"ImageObject\",\"inLanguage\":\"pt-PT\",\"@id\":\"https:\\\/\\\/recambiosecogas.com\\\/pt-pt\\\/producto\\\/aeb1050-sensor-del-nivel-del-tanque-0-50-ohm\\\/#local-main-organization-logo\",\"url\":\"https:\\\/\\\/recambiosecogas.com\\\/wp-content\\\/uploads\\\/2024\\\/11\\\/cropped-RECAMBIOS-GLP-png.webp\",\"contentUrl\":\"https:\\\/\\\/recambiosecogas.com\\\/wp-content\\\/uploads\\\/2024\\\/11\\\/cropped-RECAMBIOS-GLP-png.webp\",\"width\":512,\"height\":512,\"caption\":\"Recambios EcoGas\"}]}<\/script>\n<meta property=\"product:brand\" content=\"AEB ELECTRONICS\" \/>\n<meta property=\"product:price:amount\" content=\"19.00\" \/>\n<meta property=\"product:price:currency\" content=\"EUR\" \/>\n<meta property=\"og:availability\" content=\"backorder\" \/>\n<meta property=\"product:availability\" content=\"available for order\" \/>\n<meta property=\"product:retailer_item_id\" content=\"103734\" \/>\n<meta property=\"product:condition\" content=\"new\" \/>\n<meta name=\"geo.placename\" content=\"CORRO D`AVALL\" \/>\n<meta name=\"geo.region\" content=\"Espanha\" \/>\n<!-- \/ Yoast SEO Premium plugin. -->","yoast_head_json":{"title":"AEB 1050 Sensor de Nivel de Tanque 0-50 Ohm | Recambios EcoGas","description":"AEB 1050 sensor de nivel 0-50 Ohm para dep\u00f3sitos GLP. Recambio compatible con sistemas configurados en este rango. Envio en 24hs","robots":{"index":"index","follow":"follow","max-snippet":"max-snippet:-1","max-image-preview":"max-image-preview:large","max-video-preview":"max-video-preview:-1"},"canonical":"https:\/\/recambiosecogas.com\/pt-pt\/producto\/aeb1050-sensor-del-nivel-del-tanque-0-50-ohm\/","og_locale":"pt_PT","og_type":"article","og_title":"AEB 1050 Sensor de Nivel de Tanque 0-50 Ohm","og_description":"AEB 1050 sensor de nivel 0-50 Ohm para dep\u00f3sitos GLP. Recambio compatible con sistemas configurados en este rango. Envio en 24hs","og_url":"https:\/\/recambiosecogas.com\/pt-pt\/producto\/aeb1050-sensor-del-nivel-del-tanque-0-50-ohm\/","og_site_name":"Recambios EcoGas","article_publisher":"https:\/\/www.facebook.com\/profile.php?id=100062419705358","article_modified_time":"2026-04-27T08:24:12+00:00","og_image":[{"width":1000,"height":1000,"url":"https:\/\/recambiosecogas.com\/wp-content\/uploads\/2024\/12\/AEB1050-Sensor-del-nivel-del-tanque-0-50-Ohm-png.webp","type":"image\/png"}],"twitter_card":"summary_large_image","twitter_misc":{"pre\u00e7o":"19,00&nbsp;&euro; (Sin IVA: 15,70&nbsp;&euro;)","Disponibilidade":"Por encomenda"},"schema":{"@context":"https:\/\/schema.org","@graph":[{"@type":"WebPage","@id":"https:\/\/recambiosecogas.com\/pt-pt\/producto\/aeb1050-sensor-del-nivel-del-tanque-0-50-ohm\/","url":"https:\/\/recambiosecogas.com\/pt-pt\/producto\/aeb1050-sensor-del-nivel-del-tanque-0-50-ohm\/","name":"AEB 1050 Sensor de Nivel de Tanque 0-50 Ohm | Recambios EcoGas","isPartOf":{"@id":"https:\/\/recambiosecogas.com\/pt-pt\/#website"},"primaryImageOfPage":{"@id":"https:\/\/recambiosecogas.com\/pt-pt\/producto\/aeb1050-sensor-del-nivel-del-tanque-0-50-ohm\/#primaryimage"},"image":{"@id":"https:\/\/recambiosecogas.com\/pt-pt\/producto\/aeb1050-sensor-del-nivel-del-tanque-0-50-ohm\/#primaryimage"},"thumbnailUrl":"https:\/\/recambiosecogas.com\/wp-content\/uploads\/2024\/12\/AEB1050-Sensor-del-nivel-del-tanque-0-50-Ohm-png.webp","datePublished":"2024-12-03T15:35:52+00:00","dateModified":"2026-04-27T08:24:12+00:00","description":"AEB 1050 sensor de nivel 0-50 Ohm para dep\u00f3sitos GLP. Recambio compatible con sistemas configurados en este rango. Envio en 24hs","breadcrumb":{"@id":"https:\/\/recambiosecogas.com\/pt-pt\/producto\/aeb1050-sensor-del-nivel-del-tanque-0-50-ohm\/#breadcrumb"},"inLanguage":"pt-PT","potentialAction":[{"@type":"ReadAction","target":["https:\/\/recambiosecogas.com\/pt-pt\/producto\/aeb1050-sensor-del-nivel-del-tanque-0-50-ohm\/"]}]},{"@type":"ImageObject","inLanguage":"pt-PT","@id":"https:\/\/recambiosecogas.com\/pt-pt\/producto\/aeb1050-sensor-del-nivel-del-tanque-0-50-ohm\/#primaryimage","url":"https:\/\/recambiosecogas.com\/wp-content\/uploads\/2024\/12\/AEB1050-Sensor-del-nivel-del-tanque-0-50-Ohm-png.webp","contentUrl":"https:\/\/recambiosecogas.com\/wp-content\/uploads\/2024\/12\/AEB1050-Sensor-del-nivel-del-tanque-0-50-Ohm-png.webp","width":1000,"height":1000},{"@type":"BreadcrumbList","@id":"https:\/\/recambiosecogas.com\/pt-pt\/producto\/aeb1050-sensor-del-nivel-del-tanque-0-50-ohm\/#breadcrumb","itemListElement":[{"@type":"ListItem","position":1,"name":"P\u00e1gina inicial","item":"https:\/\/recambiosecogas.com\/pt-pt\/"},{"@type":"ListItem","position":2,"name":"Loja","item":"https:\/\/recambiosecogas.com\/pt-pt\/tienda\/"},{"@type":"ListItem","position":3,"name":"AEB 1050 Sensor de Nivel de Tanque 0-50 Ohm"}]},{"@type":"WebSite","@id":"https:\/\/recambiosecogas.com\/pt-pt\/#website","url":"https:\/\/recambiosecogas.com\/pt-pt\/","name":"Recambios EcoGas","description":"Pe\u00e7as multimarca para sistemas de GPL\/GNC\/GNL\/Hidrog\u00e9nio","publisher":{"@id":"https:\/\/recambiosecogas.com\/pt-pt\/#organization"},"alternateName":"Recambios Autogas GLP","potentialAction":[{"@type":"SearchAction","target":{"@type":"EntryPoint","urlTemplate":"https:\/\/recambiosecogas.com\/pt-pt\/?s={search_term_string}"},"query-input":{"@type":"PropertyValueSpecification","valueRequired":true,"valueName":"search_term_string"}}],"inLanguage":"pt-PT"},{"@type":["Organization","Place"],"@id":"https:\/\/recambiosecogas.com\/pt-pt\/#organization","name":"Recambios EcoGas","alternateName":"Loja de GPL Autog\u00e1s Espanha","url":"https:\/\/recambiosecogas.com\/pt-pt\/","logo":{"@id":"https:\/\/recambiosecogas.com\/pt-pt\/producto\/aeb1050-sensor-del-nivel-del-tanque-0-50-ohm\/#local-main-organization-logo"},"image":{"@id":"https:\/\/recambiosecogas.com\/pt-pt\/producto\/aeb1050-sensor-del-nivel-del-tanque-0-50-ohm\/#local-main-organization-logo"},"sameAs":["https:\/\/www.facebook.com\/profile.php?id=100062419705358","https:\/\/www.instagram.com\/segimon_automocio"],"description":"Recambios EcoGas \u2013 Venta y distribuci\u00f3n de sistemas GLP y GNC en Espa\u00f1a y Portugal. Env\u00edos 24 h, soporte t\u00e9cnico a talleres y distribuidores.","hasMerchantReturnPolicy":{"@type":"MerchantReturnPolicy","merchantReturnLink":"https:\/\/recambiosecogas.com\/politicas-privacidad\/"},"address":{"@id":"https:\/\/recambiosecogas.com\/pt-pt\/producto\/aeb1050-sensor-del-nivel-del-tanque-0-50-ohm\/#local-main-place-address"},"telephone":["616250633"],"contactPoint":{"@type":"ContactPoint","email":"export@recambiosecogas.com"},"openingHoursSpecification":[{"@type":"OpeningHoursSpecification","dayOfWeek":["Monday","Tuesday","Wednesday","Thursday","Friday","Saturday","Sunday"],"opens":"09:00","closes":"17:00"}],"email":"info@recambiosecogas.com","faxNumber":"SEGIMON AUTOMOCION SL","vatID":"ESB19819861","globalLocationNumber":"938 616 339"},{"@type":"PostalAddress","@id":"https:\/\/recambiosecogas.com\/pt-pt\/producto\/aeb1050-sensor-del-nivel-del-tanque-0-50-ohm\/#local-main-place-address","streetAddress":"cami antic de vic, 29 (Nave 3), Pol\u00edgono Industrial Congost","addressLocality":"CORRO D`AVALL","postalCode":"08520","addressRegion":"Barcelona","addressCountry":"ES"},{"@type":"ImageObject","inLanguage":"pt-PT","@id":"https:\/\/recambiosecogas.com\/pt-pt\/producto\/aeb1050-sensor-del-nivel-del-tanque-0-50-ohm\/#local-main-organization-logo","url":"https:\/\/recambiosecogas.com\/wp-content\/uploads\/2024\/11\/cropped-RECAMBIOS-GLP-png.webp","contentUrl":"https:\/\/recambiosecogas.com\/wp-content\/uploads\/2024\/11\/cropped-RECAMBIOS-GLP-png.webp","width":512,"height":512,"caption":"Recambios EcoGas"}]},"product_brand":"AEB ELECTRONICS","product_price_amount":"19.00","product_price_currency":"EUR","og_availability":"backorder","product_availability":"available for order","product_retailer_item_id":"103734","product_condition":"new","geo.placename":"CORRO D`AVALL","geo.region":"Espanha"},"uagb_featured_image_src":{"full":["https:\/\/recambiosecogas.com\/wp-content\/uploads\/2024\/12\/AEB1050-Sensor-del-nivel-del-tanque-0-50-Ohm-png.webp",1000,1000,false],"thumbnail":["https:\/\/recambiosecogas.com\/wp-content\/uploads\/2024\/12\/AEB1050-Sensor-del-nivel-del-tanque-0-50-Ohm-150x150.webp",150,150,true],"medium":["https:\/\/recambiosecogas.com\/wp-content\/uploads\/2024\/12\/AEB1050-Sensor-del-nivel-del-tanque-0-50-Ohm-300x300.webp",300,300,true],"medium_large":["https:\/\/recambiosecogas.com\/wp-content\/uploads\/2024\/12\/AEB1050-Sensor-del-nivel-del-tanque-0-50-Ohm-768x768.webp",768,768,true],"large":["https:\/\/recambiosecogas.com\/wp-content\/uploads\/2024\/12\/AEB1050-Sensor-del-nivel-del-tanque-0-50-Ohm-png.webp",1000,1000,false],"1536x1536":["https:\/\/recambiosecogas.com\/wp-content\/uploads\/2024\/12\/AEB1050-Sensor-del-nivel-del-tanque-0-50-Ohm-png.webp",1000,1000,false],"2048x2048":["https:\/\/recambiosecogas.com\/wp-content\/uploads\/2024\/12\/AEB1050-Sensor-del-nivel-del-tanque-0-50-Ohm-png.webp",1000,1000,false],"woocommerce_archive_thumbnail":["https:\/\/recambiosecogas.com\/wp-content\/uploads\/2024\/12\/AEB1050-Sensor-del-nivel-del-tanque-0-50-Ohm-png.webp",1000,1000,false],"woocommerce_thumbnail":["https:\/\/recambiosecogas.com\/wp-content\/uploads\/2024\/12\/AEB1050-Sensor-del-nivel-del-tanque-0-50-Ohm-png-300x300.webp",300,300,true],"woocommerce_single":["https:\/\/recambiosecogas.com\/wp-content\/uploads\/2024\/12\/AEB1050-Sensor-del-nivel-del-tanque-0-50-Ohm-png.webp",1000,1000,false],"woocommerce_gallery_thumbnail":["https:\/\/recambiosecogas.com\/wp-content\/uploads\/2024\/12\/AEB1050-Sensor-del-nivel-del-tanque-0-50-Ohm-png.webp",1000,1000,false],"dgwt-wcas-product-suggestion":["https:\/\/recambiosecogas.com\/wp-content\/uploads\/2024\/12\/AEB1050-Sensor-del-nivel-del-tanque-0-50-Ohm-png-64x64.webp",64,64,true]},"uagb_author_info":{"display_name":"Fran - Soporte T\u00e9cnico","author_link":"https:\/\/recambiosecogas.com\/pt-pt\/author\/"},"uagb_comment_info":0,"uagb_excerpt":"AEB","_links":{"self":[{"href":"https:\/\/recambiosecogas.com\/pt-pt\/wp-json\/wp\/v2\/product\/8164","targetHints":{"allow":["GET"]}}],"collection":[{"href":"https:\/\/recambiosecogas.com\/pt-pt\/wp-json\/wp\/v2\/product"}],"about":[{"href":"https:\/\/recambiosecogas.com\/pt-pt\/wp-json\/wp\/v2\/types\/product"}],"replies":[{"embeddable":true,"href":"https:\/\/recambiosecogas.com\/pt-pt\/wp-json\/wp\/v2\/comments?post=8164"}],"wp:featuredmedia":[{"embeddable":true,"href":"https:\/\/recambiosecogas.com\/pt-pt\/wp-json\/wp\/v2\/media\/9762"}],"wp:attachment":[{"href":"https:\/\/recambiosecogas.com\/pt-pt\/wp-json\/wp\/v2\/media?parent=8164"}],"wp:term":[{"taxonomy":"product_brand","embeddable":true,"href":"https:\/\/recambiosecogas.com\/pt-pt\/wp-json\/wp\/v2\/product_brand?post=8164"},{"taxonomy":"product_cat","embeddable":true,"href":"https:\/\/recambiosecogas.com\/pt-pt\/wp-json\/wp\/v2\/product_cat?post=8164"},{"taxonomy":"product_tag","embeddable":true,"href":"https:\/\/recambiosecogas.com\/pt-pt\/wp-json\/wp\/v2\/product_tag?post=8164"}],"curies":[{"name":"wp","href":"https:\/\/api.w.org\/{rel}","templated":true}]}}