{"id":7957,"date":"2024-11-28T16:44:11","date_gmt":"2024-11-28T16:44:11","guid":{"rendered":"https:\/\/recambiosecogas.com\/?post_type=product&#038;p=7957"},"modified":"2026-02-09T11:36:37","modified_gmt":"2026-02-09T10:36:37","slug":"omb-multivalvula-k4-d-400-90-std-6mm","status":"publish","type":"product","link":"https:\/\/recambiosecogas.com\/pt-pt\/producto\/omb-multivalvula-k4-d-400-90-std-6mm\/","title":{"rendered":"MULTIV\u00c1LVULA OMB K4 D.400 90\u00b0 (STD 6mm)"},"content":{"rendered":"<p data-start=\"127\" data-end=\"378\">La <strong data-start=\"130\" data-end=\"188\">multiv\u00e1lvula OMB K4 D.400 GLP 90\u00b0 salida est\u00e1ndar 6 mm<\/strong> es un componente de seguridad homologado para <strong data-start=\"235\" data-end=\"267\">sistemas GLP en fase l\u00edquida<\/strong>, dise\u00f1ada para garantizar un control preciso del gas y un funcionamiento fiable en instalaciones automotrices.<\/p>\n<p data-start=\"380\" data-end=\"781\">Esta <strong data-start=\"385\" data-end=\"418\">multiv\u00e1lvula OMB K4 D.400 GLP<\/strong> integra en un solo cuerpo todas las funciones obligatorias seg\u00fan normativa europea: <strong data-start=\"503\" data-end=\"607\">v\u00e1lvula de carga, salida de gas, v\u00e1lvula de seguridad, limitador de llenado al 80% y sensor de nivel<\/strong>. Su <strong data-start=\"612\" data-end=\"633\">orientaci\u00f3n a 90\u00b0<\/strong> permite un montaje adecuado en configuraciones espec\u00edficas de dep\u00f3sito, asegurando una correcta lectura del nivel y una gesti\u00f3n segura del llenado.<\/p>\n<p data-start=\"783\" data-end=\"1040\">Fabricada por <strong data-start=\"797\" data-end=\"811\">OMB Saleri<\/strong>, marca reconocida en el sector GLP, la <strong data-start=\"851\" data-end=\"888\">multiv\u00e1lvula OMB K4 D.400 GLP 90\u00b0<\/strong> cuenta con <strong data-start=\"900\" data-end=\"927\">homologaci\u00f3n ECE 67R-00<\/strong>, siendo v\u00e1lida tanto para <strong data-start=\"954\" data-end=\"978\">instalaciones nuevas<\/strong> como para <strong data-start=\"989\" data-end=\"1012\">recambio homologado<\/strong> en sistemas GLP existentes.<\/p>\n<hr data-start=\"1042\" data-end=\"1045\" \/>\n<h2 data-start=\"1047\" data-end=\"1104\"><strong data-start=\"1050\" data-end=\"1104\">Compatibilidad de la multiv\u00e1lvula OMB K4 D.400 GLP<\/strong><\/h2>\n<ul data-start=\"1105\" data-end=\"1318\">\n<li data-start=\"1105\" data-end=\"1139\">\n<p data-start=\"1107\" data-end=\"1139\">Sistemas <strong data-start=\"1116\" data-end=\"1139\">GLP en fase l\u00edquida<\/strong><\/p>\n<\/li>\n<li data-start=\"1140\" data-end=\"1191\">\n<p data-start=\"1142\" data-end=\"1191\"><strong data-start=\"1142\" data-end=\"1159\">Dep\u00f3sitos GLP<\/strong> compatibles con orientaci\u00f3n 90\u00b0<\/p>\n<\/li>\n<li data-start=\"1192\" data-end=\"1238\">\n<p data-start=\"1194\" data-end=\"1238\">Instalaciones GLP homologadas <strong data-start=\"1224\" data-end=\"1238\">ECE 67R-00<\/strong><\/p>\n<\/li>\n<li data-start=\"1239\" data-end=\"1277\">\n<p data-start=\"1241\" data-end=\"1277\">Veh\u00edculos gasolina convertidos a GLP<\/p>\n<\/li>\n<li data-start=\"1278\" data-end=\"1318\">\n<p data-start=\"1280\" data-end=\"1318\">Aplicaciones automotrices est\u00e1ndar GLP<\/p>\n<\/li>\n<\/ul>\n<hr data-start=\"1320\" data-end=\"1323\" \/>\n<h2 data-start=\"1325\" data-end=\"1381\"><strong data-start=\"1328\" data-end=\"1381\">Ficha t\u00e9cnica \u2013 Multiv\u00e1lvula OMB K4 D.400 GLP 90\u00b0<\/strong><\/h2>\n<ul data-start=\"1382\" data-end=\"1569\">\n<li data-start=\"1382\" data-end=\"1405\">\n<p data-start=\"1384\" data-end=\"1405\">Marca: <strong data-start=\"1391\" data-end=\"1405\">OMB Saleri<\/strong><\/p>\n<\/li>\n<li data-start=\"1406\" data-end=\"1428\">\n<p data-start=\"1408\" data-end=\"1428\">Modelo: <strong data-start=\"1416\" data-end=\"1428\">K4 D.400<\/strong><\/p>\n<\/li>\n<li data-start=\"1429\" data-end=\"1447\">\n<p data-start=\"1431\" data-end=\"1447\">Tipo de gas: GLP<\/p>\n<\/li>\n<li data-start=\"1448\" data-end=\"1478\">\n<p data-start=\"1450\" data-end=\"1478\">Homologaci\u00f3n: <strong data-start=\"1464\" data-end=\"1478\">ECE 67R-00<\/strong><\/p>\n<\/li>\n<li data-start=\"1479\" data-end=\"1501\">\n<p data-start=\"1481\" data-end=\"1501\">Orientaci\u00f3n: <strong data-start=\"1494\" data-end=\"1501\">90\u00b0<\/strong><\/p>\n<\/li>\n<li data-start=\"1502\" data-end=\"1541\">\n<p data-start=\"1504\" data-end=\"1541\">Di\u00e1metro salida gas: <strong data-start=\"1525\" data-end=\"1541\">\u00d8 6 mm (STD)<\/strong><\/p>\n<\/li>\n<li data-start=\"1542\" data-end=\"1569\">\n<p data-start=\"1544\" data-end=\"1569\">Aplicaci\u00f3n: Dep\u00f3sitos GLP<\/p>\n<\/li>\n<\/ul>\n<hr data-start=\"1571\" data-end=\"1574\" \/>\n<h2 data-start=\"1576\" data-end=\"1608\"><strong data-start=\"1579\" data-end=\"1608\">Especificaciones t\u00e9cnicas<\/strong><\/h2>\n<div class=\"TyagGW_tableContainer\">\n<div class=\"group TyagGW_tableWrapper flex w-fit flex-col-reverse\" tabindex=\"-1\">\n<table class=\"w-fit min-w-(--thread-content-width)\" data-start=\"1610\" data-end=\"1826\">\n<thead data-start=\"1610\" data-end=\"1638\">\n<tr data-start=\"1610\" data-end=\"1638\">\n<th data-start=\"1610\" data-end=\"1627\" data-col-size=\"sm\">Caracter\u00edstica<\/th>\n<th data-start=\"1627\" data-end=\"1638\" data-col-size=\"sm\">Detalle<\/th>\n<\/tr>\n<\/thead>\n<tbody data-start=\"1667\" data-end=\"1826\">\n<tr data-start=\"1667\" data-end=\"1697\">\n<td data-start=\"1667\" data-end=\"1690\" data-col-size=\"sm\">Tipo de multiv\u00e1lvula<\/td>\n<td data-col-size=\"sm\" data-start=\"1690\" data-end=\"1697\">GLP<\/td>\n<\/tr>\n<tr data-start=\"1698\" data-end=\"1719\">\n<td data-start=\"1698\" data-end=\"1707\" data-col-size=\"sm\">Modelo<\/td>\n<td data-col-size=\"sm\" data-start=\"1707\" data-end=\"1719\">K4 D.400<\/td>\n<\/tr>\n<tr data-start=\"1720\" data-end=\"1749\">\n<td data-start=\"1720\" data-end=\"1735\" data-col-size=\"sm\">Homologaci\u00f3n<\/td>\n<td data-col-size=\"sm\" data-start=\"1735\" data-end=\"1749\">ECE 67R-00<\/td>\n<\/tr>\n<tr data-start=\"1750\" data-end=\"1771\">\n<td data-start=\"1750\" data-end=\"1764\" data-col-size=\"sm\">Orientaci\u00f3n<\/td>\n<td data-col-size=\"sm\" data-start=\"1764\" data-end=\"1771\">90\u00b0<\/td>\n<\/tr>\n<tr data-start=\"1772\" data-end=\"1798\">\n<td data-start=\"1772\" data-end=\"1788\" data-col-size=\"sm\">Salida de gas<\/td>\n<td data-col-size=\"sm\" data-start=\"1788\" data-end=\"1798\">\u00d8 6 mm<\/td>\n<\/tr>\n<tr data-start=\"1799\" data-end=\"1826\">\n<td data-start=\"1799\" data-end=\"1812\" data-col-size=\"sm\">Fabricante<\/td>\n<td data-col-size=\"sm\" data-start=\"1812\" data-end=\"1826\">OMB Saleri<\/td>\n<\/tr>\n<\/tbody>\n<\/table>\n<\/div>\n<\/div>\n<hr data-start=\"1828\" data-end=\"1831\" \/>\n<h2 data-start=\"1833\" data-end=\"1886\"><strong data-start=\"1836\" data-end=\"1886\">Beneficios de la multiv\u00e1lvula OMB K4 D.400 GLP<\/strong><\/h2>\n<ul data-start=\"1887\" data-end=\"2203\">\n<li data-start=\"1887\" data-end=\"1959\">\n<p data-start=\"1889\" data-end=\"1959\">Salida est\u00e1ndar <strong data-start=\"1905\" data-end=\"1913\">6 mm<\/strong>, compatible con sistemas GLP convencionales<\/p>\n<\/li>\n<li data-start=\"1960\" data-end=\"2012\">\n<p data-start=\"1962\" data-end=\"2012\">Cumple estrictamente la normativa <strong data-start=\"1996\" data-end=\"2010\">ECE 67R-00<\/strong><\/p>\n<\/li>\n<li data-start=\"2013\" data-end=\"2051\">\n<p data-start=\"2015\" data-end=\"2051\">Dise\u00f1o fiable para montaje <strong data-start=\"2042\" data-end=\"2049\">90\u00b0<\/strong><\/p>\n<\/li>\n<li data-start=\"2052\" data-end=\"2109\">\n<p data-start=\"2054\" data-end=\"2109\">Sistema de llenado seguro con corte autom\u00e1tico al 80%<\/p>\n<\/li>\n<li data-start=\"2110\" data-end=\"2162\">\n<p data-start=\"2112\" data-end=\"2162\">Alta durabilidad y estabilidad de funcionamiento<\/p>\n<\/li>\n<li data-start=\"2163\" data-end=\"2203\">\n<p data-start=\"2165\" data-end=\"2203\">Ideal como <strong data-start=\"2176\" data-end=\"2203\">recambio homologado GLP<\/strong><\/p>\n<\/li>\n<\/ul>\n","protected":false},"excerpt":{"rendered":"<p data-start=\"2739\" data-end=\"2864\">Multiv\u00e1lvula OMB K4 D.400 GLP 90\u00b0 con salida est\u00e1ndar 6 mm. Homologada ECE 67R-00 y compatible con sistemas GLP automotrices.<\/p>\n","protected":false},"featured_media":9931,"comment_status":"open","ping_status":"closed","template":"","meta":{"_uag_custom_page_level_css":""},"product_brand":[],"product_cat":[1911,1758,1907],"product_tag":[],"class_list":{"0":"post-7957","1":"product","2":"type-product","3":"status-publish","4":"has-post-thumbnail","6":"product_cat-multivalvulas-67r-01-pt-pt","7":"product_cat-omb-pt-pt","8":"product_cat-multivalvulas-67r-00-pt-pt","10":"first","11":"onbackorder","12":"taxable","13":"shipping-taxable","14":"purchasable","15":"product-type-simple"},"ct_brands":[],"yoast_head":"<!-- This site is optimized with the Yoast SEO Premium plugin v27.5 (Yoast SEO v27.5) - https:\/\/yoast.com\/product\/yoast-seo-premium-wordpress\/ -->\n<title>MULTIV\u00c1LVULA OMB K4 D.400 90\u00b0 (STD 6mm) | Recambios EcoGas<\/title>\n<meta name=\"description\" content=\"Multiv\u00e1lvula OMB K4 D.400 GLP 90\u00b0 salida est\u00e1ndar 6 mm. Homologaci\u00f3n ECE 67R-00 y m\u00e1xima seguridad.\" \/>\n<meta name=\"robots\" content=\"index, follow, max-snippet:-1, max-image-preview:large, max-video-preview:-1\" \/>\n<link rel=\"canonical\" href=\"https:\/\/recambiosecogas.com\/pt-pt\/producto\/omb-multivalvula-k4-d-400-90-std-6mm\/\" \/>\n<meta property=\"og:locale\" content=\"pt_PT\" \/>\n<meta property=\"og:type\" content=\"article\" \/>\n<meta property=\"og:title\" content=\"MULTIV\u00c1LVULA OMB K4 D.400 90\u00b0 (STD 6mm)\" \/>\n<meta property=\"og:description\" content=\"Multiv\u00e1lvula OMB K4 D.400 GLP 90\u00b0 salida est\u00e1ndar 6 mm. Homologaci\u00f3n ECE 67R-00 y m\u00e1xima seguridad.\" \/>\n<meta property=\"og:url\" content=\"https:\/\/recambiosecogas.com\/pt-pt\/producto\/omb-multivalvula-k4-d-400-90-std-6mm\/\" \/>\n<meta property=\"og:site_name\" content=\"Recambios EcoGas\" \/>\n<meta property=\"article:publisher\" content=\"https:\/\/www.facebook.com\/profile.php?id=100062419705358\" \/>\n<meta property=\"article:modified_time\" content=\"2026-02-09T10:36:37+00:00\" \/>\n<meta property=\"og:image\" content=\"https:\/\/recambiosecogas.com\/wp-content\/uploads\/2024\/11\/OMB-Multivalvula-K4-D.-400-90\u00b0-STD-6mm-png.webp\" \/>\n\t<meta property=\"og:image:width\" content=\"1000\" \/>\n\t<meta property=\"og:image:height\" content=\"1000\" \/>\n\t<meta property=\"og:image:type\" content=\"image\/png\" \/>\n<meta name=\"twitter:card\" content=\"summary_large_image\" \/>\n<meta name=\"twitter:label1\" content=\"pre\u00e7o\" \/>\n\t<meta name=\"twitter:data1\" content=\"44,08&nbsp;&euro; (Sin IVA: 36,43&nbsp;&euro;)\" \/>\n\t<meta name=\"twitter:label2\" content=\"Disponibilidade\" \/>\n\t<meta name=\"twitter:data2\" content=\"Por encomenda\" \/>\n<script type=\"application\/ld+json\" class=\"yoast-schema-graph\">{\"@context\":\"https:\\\/\\\/schema.org\",\"@graph\":[{\"@type\":\"WebPage\",\"@id\":\"https:\\\/\\\/recambiosecogas.com\\\/pt-pt\\\/producto\\\/omb-multivalvula-k4-d-400-90-std-6mm\\\/\",\"url\":\"https:\\\/\\\/recambiosecogas.com\\\/pt-pt\\\/producto\\\/omb-multivalvula-k4-d-400-90-std-6mm\\\/\",\"name\":\"MULTIV\u00c1LVULA OMB K4 D.400 90\u00b0 (STD 6mm) | Recambios EcoGas\",\"isPartOf\":{\"@id\":\"https:\\\/\\\/recambiosecogas.com\\\/pt-pt\\\/#website\"},\"primaryImageOfPage\":{\"@id\":\"https:\\\/\\\/recambiosecogas.com\\\/pt-pt\\\/producto\\\/omb-multivalvula-k4-d-400-90-std-6mm\\\/#primaryimage\"},\"image\":{\"@id\":\"https:\\\/\\\/recambiosecogas.com\\\/pt-pt\\\/producto\\\/omb-multivalvula-k4-d-400-90-std-6mm\\\/#primaryimage\"},\"thumbnailUrl\":\"https:\\\/\\\/recambiosecogas.com\\\/wp-content\\\/uploads\\\/2024\\\/11\\\/OMB-Multivalvula-K4-D.-400-90\u00b0-STD-6mm-png.webp\",\"datePublished\":\"2024-11-28T16:44:11+00:00\",\"dateModified\":\"2026-02-09T10:36:37+00:00\",\"description\":\"Multiv\u00e1lvula OMB K4 D.400 GLP 90\u00b0 salida est\u00e1ndar 6 mm. Homologaci\u00f3n ECE 67R-00 y m\u00e1xima seguridad.\",\"breadcrumb\":{\"@id\":\"https:\\\/\\\/recambiosecogas.com\\\/pt-pt\\\/producto\\\/omb-multivalvula-k4-d-400-90-std-6mm\\\/#breadcrumb\"},\"inLanguage\":\"pt-PT\",\"potentialAction\":[{\"@type\":\"ReadAction\",\"target\":[\"https:\\\/\\\/recambiosecogas.com\\\/pt-pt\\\/producto\\\/omb-multivalvula-k4-d-400-90-std-6mm\\\/\"]}]},{\"@type\":\"ImageObject\",\"inLanguage\":\"pt-PT\",\"@id\":\"https:\\\/\\\/recambiosecogas.com\\\/pt-pt\\\/producto\\\/omb-multivalvula-k4-d-400-90-std-6mm\\\/#primaryimage\",\"url\":\"https:\\\/\\\/recambiosecogas.com\\\/wp-content\\\/uploads\\\/2024\\\/11\\\/OMB-Multivalvula-K4-D.-400-90\u00b0-STD-6mm-png.webp\",\"contentUrl\":\"https:\\\/\\\/recambiosecogas.com\\\/wp-content\\\/uploads\\\/2024\\\/11\\\/OMB-Multivalvula-K4-D.-400-90\u00b0-STD-6mm-png.webp\",\"width\":1000,\"height\":1000},{\"@type\":\"BreadcrumbList\",\"@id\":\"https:\\\/\\\/recambiosecogas.com\\\/pt-pt\\\/producto\\\/omb-multivalvula-k4-d-400-90-std-6mm\\\/#breadcrumb\",\"itemListElement\":[{\"@type\":\"ListItem\",\"position\":1,\"name\":\"P\u00e1gina inicial\",\"item\":\"https:\\\/\\\/recambiosecogas.com\\\/pt-pt\\\/\"},{\"@type\":\"ListItem\",\"position\":2,\"name\":\"Loja\",\"item\":\"https:\\\/\\\/recambiosecogas.com\\\/pt-pt\\\/tienda\\\/\"},{\"@type\":\"ListItem\",\"position\":3,\"name\":\"MULTIV\u00c1LVULA OMB K4 D.400 90\u00b0 (STD 6mm)\"}]},{\"@type\":\"WebSite\",\"@id\":\"https:\\\/\\\/recambiosecogas.com\\\/pt-pt\\\/#website\",\"url\":\"https:\\\/\\\/recambiosecogas.com\\\/pt-pt\\\/\",\"name\":\"Recambios EcoGas\",\"description\":\"Pe\u00e7as multimarca para sistemas de GPL\\\/GNC\\\/GNL\\\/Hidrog\u00e9nio\",\"publisher\":{\"@id\":\"https:\\\/\\\/recambiosecogas.com\\\/pt-pt\\\/#organization\"},\"alternateName\":\"Recambios Autogas GLP\",\"potentialAction\":[{\"@type\":\"SearchAction\",\"target\":{\"@type\":\"EntryPoint\",\"urlTemplate\":\"https:\\\/\\\/recambiosecogas.com\\\/pt-pt\\\/?s={search_term_string}\"},\"query-input\":{\"@type\":\"PropertyValueSpecification\",\"valueRequired\":true,\"valueName\":\"search_term_string\"}}],\"inLanguage\":\"pt-PT\"},{\"@type\":[\"Organization\",\"Place\"],\"@id\":\"https:\\\/\\\/recambiosecogas.com\\\/pt-pt\\\/#organization\",\"name\":\"Recambios EcoGas\",\"alternateName\":\"Loja de GPL Autog\u00e1s Espanha\",\"url\":\"https:\\\/\\\/recambiosecogas.com\\\/pt-pt\\\/\",\"logo\":{\"@id\":\"https:\\\/\\\/recambiosecogas.com\\\/pt-pt\\\/producto\\\/omb-multivalvula-k4-d-400-90-std-6mm\\\/#local-main-organization-logo\"},\"image\":{\"@id\":\"https:\\\/\\\/recambiosecogas.com\\\/pt-pt\\\/producto\\\/omb-multivalvula-k4-d-400-90-std-6mm\\\/#local-main-organization-logo\"},\"sameAs\":[\"https:\\\/\\\/www.facebook.com\\\/profile.php?id=100062419705358\",\"https:\\\/\\\/www.instagram.com\\\/segimon_automocio\"],\"description\":\"Recambios EcoGas \u2013 Venta y distribuci\u00f3n de sistemas GLP y GNC en Espa\u00f1a y Portugal. Env\u00edos 24 h, soporte t\u00e9cnico a talleres y distribuidores.\",\"hasMerchantReturnPolicy\":{\"@type\":\"MerchantReturnPolicy\",\"merchantReturnLink\":\"https:\\\/\\\/recambiosecogas.com\\\/politicas-privacidad\\\/\"},\"address\":{\"@id\":\"https:\\\/\\\/recambiosecogas.com\\\/pt-pt\\\/producto\\\/omb-multivalvula-k4-d-400-90-std-6mm\\\/#local-main-place-address\"},\"telephone\":[\"616250633\"],\"contactPoint\":{\"@type\":\"ContactPoint\",\"email\":\"export@recambiosecogas.com\"},\"openingHoursSpecification\":[{\"@type\":\"OpeningHoursSpecification\",\"dayOfWeek\":[\"Monday\",\"Tuesday\",\"Wednesday\",\"Thursday\",\"Friday\",\"Saturday\",\"Sunday\"],\"opens\":\"09:00\",\"closes\":\"17:00\"}],\"email\":\"info@recambiosecogas.com\",\"faxNumber\":\"SEGIMON AUTOMOCION SL\",\"vatID\":\"ESB19819861\",\"globalLocationNumber\":\"938 616 339\"},{\"@type\":\"PostalAddress\",\"@id\":\"https:\\\/\\\/recambiosecogas.com\\\/pt-pt\\\/producto\\\/omb-multivalvula-k4-d-400-90-std-6mm\\\/#local-main-place-address\",\"streetAddress\":\"cami antic de vic, 29 (Nave 3), Pol\u00edgono Industrial Congost\",\"addressLocality\":\"CORRO D`AVALL\",\"postalCode\":\"08520\",\"addressRegion\":\"Barcelona\",\"addressCountry\":\"ES\"},{\"@type\":\"ImageObject\",\"inLanguage\":\"pt-PT\",\"@id\":\"https:\\\/\\\/recambiosecogas.com\\\/pt-pt\\\/producto\\\/omb-multivalvula-k4-d-400-90-std-6mm\\\/#local-main-organization-logo\",\"url\":\"https:\\\/\\\/recambiosecogas.com\\\/wp-content\\\/uploads\\\/2024\\\/11\\\/cropped-RECAMBIOS-GLP-png.webp\",\"contentUrl\":\"https:\\\/\\\/recambiosecogas.com\\\/wp-content\\\/uploads\\\/2024\\\/11\\\/cropped-RECAMBIOS-GLP-png.webp\",\"width\":512,\"height\":512,\"caption\":\"Recambios EcoGas\"}]}<\/script>\n<meta property=\"product:price:amount\" content=\"44.08\" \/>\n<meta property=\"product:price:currency\" content=\"EUR\" \/>\n<meta property=\"og:availability\" content=\"backorder\" \/>\n<meta property=\"product:availability\" content=\"available for order\" \/>\n<meta property=\"product:retailer_item_id\" content=\"101144P\" \/>\n<meta property=\"product:condition\" content=\"new\" \/>\n<meta name=\"geo.placename\" content=\"CORRO D`AVALL\" \/>\n<meta name=\"geo.region\" content=\"Espanha\" \/>\n<!-- \/ Yoast SEO Premium plugin. -->","yoast_head_json":{"title":"MULTIV\u00c1LVULA OMB K4 D.400 90\u00b0 (STD 6mm) | Recambios EcoGas","description":"Multiv\u00e1lvula OMB K4 D.400 GLP 90\u00b0 salida est\u00e1ndar 6 mm. Homologaci\u00f3n ECE 67R-00 y m\u00e1xima seguridad.","robots":{"index":"index","follow":"follow","max-snippet":"max-snippet:-1","max-image-preview":"max-image-preview:large","max-video-preview":"max-video-preview:-1"},"canonical":"https:\/\/recambiosecogas.com\/pt-pt\/producto\/omb-multivalvula-k4-d-400-90-std-6mm\/","og_locale":"pt_PT","og_type":"article","og_title":"MULTIV\u00c1LVULA OMB K4 D.400 90\u00b0 (STD 6mm)","og_description":"Multiv\u00e1lvula OMB K4 D.400 GLP 90\u00b0 salida est\u00e1ndar 6 mm. Homologaci\u00f3n ECE 67R-00 y m\u00e1xima seguridad.","og_url":"https:\/\/recambiosecogas.com\/pt-pt\/producto\/omb-multivalvula-k4-d-400-90-std-6mm\/","og_site_name":"Recambios EcoGas","article_publisher":"https:\/\/www.facebook.com\/profile.php?id=100062419705358","article_modified_time":"2026-02-09T10:36:37+00:00","og_image":[{"width":1000,"height":1000,"url":"https:\/\/recambiosecogas.com\/wp-content\/uploads\/2024\/11\/OMB-Multivalvula-K4-D.-400-90\u00b0-STD-6mm-png.webp","type":"image\/png"}],"twitter_card":"summary_large_image","twitter_misc":{"pre\u00e7o":"44,08&nbsp;&euro; (Sin IVA: 36,43&nbsp;&euro;)","Disponibilidade":"Por encomenda"},"schema":{"@context":"https:\/\/schema.org","@graph":[{"@type":"WebPage","@id":"https:\/\/recambiosecogas.com\/pt-pt\/producto\/omb-multivalvula-k4-d-400-90-std-6mm\/","url":"https:\/\/recambiosecogas.com\/pt-pt\/producto\/omb-multivalvula-k4-d-400-90-std-6mm\/","name":"MULTIV\u00c1LVULA OMB K4 D.400 90\u00b0 (STD 6mm) | Recambios EcoGas","isPartOf":{"@id":"https:\/\/recambiosecogas.com\/pt-pt\/#website"},"primaryImageOfPage":{"@id":"https:\/\/recambiosecogas.com\/pt-pt\/producto\/omb-multivalvula-k4-d-400-90-std-6mm\/#primaryimage"},"image":{"@id":"https:\/\/recambiosecogas.com\/pt-pt\/producto\/omb-multivalvula-k4-d-400-90-std-6mm\/#primaryimage"},"thumbnailUrl":"https:\/\/recambiosecogas.com\/wp-content\/uploads\/2024\/11\/OMB-Multivalvula-K4-D.-400-90\u00b0-STD-6mm-png.webp","datePublished":"2024-11-28T16:44:11+00:00","dateModified":"2026-02-09T10:36:37+00:00","description":"Multiv\u00e1lvula OMB K4 D.400 GLP 90\u00b0 salida est\u00e1ndar 6 mm. Homologaci\u00f3n ECE 67R-00 y m\u00e1xima seguridad.","breadcrumb":{"@id":"https:\/\/recambiosecogas.com\/pt-pt\/producto\/omb-multivalvula-k4-d-400-90-std-6mm\/#breadcrumb"},"inLanguage":"pt-PT","potentialAction":[{"@type":"ReadAction","target":["https:\/\/recambiosecogas.com\/pt-pt\/producto\/omb-multivalvula-k4-d-400-90-std-6mm\/"]}]},{"@type":"ImageObject","inLanguage":"pt-PT","@id":"https:\/\/recambiosecogas.com\/pt-pt\/producto\/omb-multivalvula-k4-d-400-90-std-6mm\/#primaryimage","url":"https:\/\/recambiosecogas.com\/wp-content\/uploads\/2024\/11\/OMB-Multivalvula-K4-D.-400-90\u00b0-STD-6mm-png.webp","contentUrl":"https:\/\/recambiosecogas.com\/wp-content\/uploads\/2024\/11\/OMB-Multivalvula-K4-D.-400-90\u00b0-STD-6mm-png.webp","width":1000,"height":1000},{"@type":"BreadcrumbList","@id":"https:\/\/recambiosecogas.com\/pt-pt\/producto\/omb-multivalvula-k4-d-400-90-std-6mm\/#breadcrumb","itemListElement":[{"@type":"ListItem","position":1,"name":"P\u00e1gina inicial","item":"https:\/\/recambiosecogas.com\/pt-pt\/"},{"@type":"ListItem","position":2,"name":"Loja","item":"https:\/\/recambiosecogas.com\/pt-pt\/tienda\/"},{"@type":"ListItem","position":3,"name":"MULTIV\u00c1LVULA OMB K4 D.400 90\u00b0 (STD 6mm)"}]},{"@type":"WebSite","@id":"https:\/\/recambiosecogas.com\/pt-pt\/#website","url":"https:\/\/recambiosecogas.com\/pt-pt\/","name":"Recambios EcoGas","description":"Pe\u00e7as multimarca para sistemas de GPL\/GNC\/GNL\/Hidrog\u00e9nio","publisher":{"@id":"https:\/\/recambiosecogas.com\/pt-pt\/#organization"},"alternateName":"Recambios Autogas GLP","potentialAction":[{"@type":"SearchAction","target":{"@type":"EntryPoint","urlTemplate":"https:\/\/recambiosecogas.com\/pt-pt\/?s={search_term_string}"},"query-input":{"@type":"PropertyValueSpecification","valueRequired":true,"valueName":"search_term_string"}}],"inLanguage":"pt-PT"},{"@type":["Organization","Place"],"@id":"https:\/\/recambiosecogas.com\/pt-pt\/#organization","name":"Recambios EcoGas","alternateName":"Loja de GPL Autog\u00e1s Espanha","url":"https:\/\/recambiosecogas.com\/pt-pt\/","logo":{"@id":"https:\/\/recambiosecogas.com\/pt-pt\/producto\/omb-multivalvula-k4-d-400-90-std-6mm\/#local-main-organization-logo"},"image":{"@id":"https:\/\/recambiosecogas.com\/pt-pt\/producto\/omb-multivalvula-k4-d-400-90-std-6mm\/#local-main-organization-logo"},"sameAs":["https:\/\/www.facebook.com\/profile.php?id=100062419705358","https:\/\/www.instagram.com\/segimon_automocio"],"description":"Recambios EcoGas \u2013 Venta y distribuci\u00f3n de sistemas GLP y GNC en Espa\u00f1a y Portugal. Env\u00edos 24 h, soporte t\u00e9cnico a talleres y distribuidores.","hasMerchantReturnPolicy":{"@type":"MerchantReturnPolicy","merchantReturnLink":"https:\/\/recambiosecogas.com\/politicas-privacidad\/"},"address":{"@id":"https:\/\/recambiosecogas.com\/pt-pt\/producto\/omb-multivalvula-k4-d-400-90-std-6mm\/#local-main-place-address"},"telephone":["616250633"],"contactPoint":{"@type":"ContactPoint","email":"export@recambiosecogas.com"},"openingHoursSpecification":[{"@type":"OpeningHoursSpecification","dayOfWeek":["Monday","Tuesday","Wednesday","Thursday","Friday","Saturday","Sunday"],"opens":"09:00","closes":"17:00"}],"email":"info@recambiosecogas.com","faxNumber":"SEGIMON AUTOMOCION SL","vatID":"ESB19819861","globalLocationNumber":"938 616 339"},{"@type":"PostalAddress","@id":"https:\/\/recambiosecogas.com\/pt-pt\/producto\/omb-multivalvula-k4-d-400-90-std-6mm\/#local-main-place-address","streetAddress":"cami antic de vic, 29 (Nave 3), Pol\u00edgono Industrial Congost","addressLocality":"CORRO D`AVALL","postalCode":"08520","addressRegion":"Barcelona","addressCountry":"ES"},{"@type":"ImageObject","inLanguage":"pt-PT","@id":"https:\/\/recambiosecogas.com\/pt-pt\/producto\/omb-multivalvula-k4-d-400-90-std-6mm\/#local-main-organization-logo","url":"https:\/\/recambiosecogas.com\/wp-content\/uploads\/2024\/11\/cropped-RECAMBIOS-GLP-png.webp","contentUrl":"https:\/\/recambiosecogas.com\/wp-content\/uploads\/2024\/11\/cropped-RECAMBIOS-GLP-png.webp","width":512,"height":512,"caption":"Recambios EcoGas"}]},"product_price_amount":"44.08","product_price_currency":"EUR","og_availability":"backorder","product_availability":"available for order","product_retailer_item_id":"101144P","product_condition":"new","geo.placename":"CORRO D`AVALL","geo.region":"Espanha"},"uagb_featured_image_src":{"full":["https:\/\/recambiosecogas.com\/wp-content\/uploads\/2024\/11\/OMB-Multivalvula-K4-D.-400-90\u00b0-STD-6mm-png.webp",1000,1000,false],"thumbnail":["https:\/\/recambiosecogas.com\/wp-content\/uploads\/2024\/11\/OMB-Multivalvula-K4-D.-400-90\u00b0-STD-6mm-150x150.webp",150,150,true],"medium":["https:\/\/recambiosecogas.com\/wp-content\/uploads\/2024\/11\/OMB-Multivalvula-K4-D.-400-90\u00b0-STD-6mm-300x300.webp",300,300,true],"medium_large":["https:\/\/recambiosecogas.com\/wp-content\/uploads\/2024\/11\/OMB-Multivalvula-K4-D.-400-90\u00b0-STD-6mm-768x768.webp",768,768,true],"large":["https:\/\/recambiosecogas.com\/wp-content\/uploads\/2024\/11\/OMB-Multivalvula-K4-D.-400-90\u00b0-STD-6mm-png.webp",1000,1000,false],"1536x1536":["https:\/\/recambiosecogas.com\/wp-content\/uploads\/2024\/11\/OMB-Multivalvula-K4-D.-400-90\u00b0-STD-6mm-png.webp",1000,1000,false],"2048x2048":["https:\/\/recambiosecogas.com\/wp-content\/uploads\/2024\/11\/OMB-Multivalvula-K4-D.-400-90\u00b0-STD-6mm-png.webp",1000,1000,false],"woocommerce_archive_thumbnail":["https:\/\/recambiosecogas.com\/wp-content\/uploads\/2024\/11\/OMB-Multivalvula-K4-D.-400-90\u00b0-STD-6mm-png.webp",1000,1000,false],"woocommerce_thumbnail":["https:\/\/recambiosecogas.com\/wp-content\/uploads\/2024\/11\/OMB-Multivalvula-K4-D.-400-90\u00b0-STD-6mm-png-300x300.webp",300,300,true],"woocommerce_single":["https:\/\/recambiosecogas.com\/wp-content\/uploads\/2024\/11\/OMB-Multivalvula-K4-D.-400-90\u00b0-STD-6mm-png.webp",1000,1000,false],"woocommerce_gallery_thumbnail":["https:\/\/recambiosecogas.com\/wp-content\/uploads\/2024\/11\/OMB-Multivalvula-K4-D.-400-90\u00b0-STD-6mm-png.webp",1000,1000,false],"dgwt-wcas-product-suggestion":["https:\/\/recambiosecogas.com\/wp-content\/uploads\/2024\/11\/OMB-Multivalvula-K4-D.-400-90\u00b0-STD-6mm-png-64x64.webp",64,64,true]},"uagb_author_info":{"display_name":"Fran - Soporte T\u00e9cnico","author_link":"https:\/\/recambiosecogas.com\/pt-pt\/author\/"},"uagb_comment_info":0,"uagb_excerpt":"Multiv\u00e1lvula OMB K4 D.400 GLP 90\u00b0 con salida est\u00e1ndar 6 mm. Homologada ECE 67R-00 y compatible con sistemas GLP automotrices.","_links":{"self":[{"href":"https:\/\/recambiosecogas.com\/pt-pt\/wp-json\/wp\/v2\/product\/7957","targetHints":{"allow":["GET"]}}],"collection":[{"href":"https:\/\/recambiosecogas.com\/pt-pt\/wp-json\/wp\/v2\/product"}],"about":[{"href":"https:\/\/recambiosecogas.com\/pt-pt\/wp-json\/wp\/v2\/types\/product"}],"replies":[{"embeddable":true,"href":"https:\/\/recambiosecogas.com\/pt-pt\/wp-json\/wp\/v2\/comments?post=7957"}],"wp:featuredmedia":[{"embeddable":true,"href":"https:\/\/recambiosecogas.com\/pt-pt\/wp-json\/wp\/v2\/media\/9931"}],"wp:attachment":[{"href":"https:\/\/recambiosecogas.com\/pt-pt\/wp-json\/wp\/v2\/media?parent=7957"}],"wp:term":[{"taxonomy":"product_brand","embeddable":true,"href":"https:\/\/recambiosecogas.com\/pt-pt\/wp-json\/wp\/v2\/product_brand?post=7957"},{"taxonomy":"product_cat","embeddable":true,"href":"https:\/\/recambiosecogas.com\/pt-pt\/wp-json\/wp\/v2\/product_cat?post=7957"},{"taxonomy":"product_tag","embeddable":true,"href":"https:\/\/recambiosecogas.com\/pt-pt\/wp-json\/wp\/v2\/product_tag?post=7957"}],"curies":[{"name":"wp","href":"https:\/\/api.w.org\/{rel}","templated":true}]}}