{"id":7368,"date":"2024-11-20T16:31:24","date_gmt":"2024-11-20T16:31:24","guid":{"rendered":"https:\/\/recambiosecogas.com\/producto\/enchufe-amp-super-seal-minitimer-para-inyectores-bobinas-de-solenoides\/"},"modified":"2026-04-27T17:46:00","modified_gmt":"2026-04-27T16:46:00","slug":"enchufe-amp-super-seal-minitimer-para-inyectores-bobinas-de-solenoides","status":"publish","type":"product","link":"https:\/\/recambiosecogas.com\/pt-pt\/produto\/enchufe-amp-super-seal-minitimer-para-inyectores-bobinas-de-solenoides\/","title":{"rendered":"Enchufe AMP Super-seal Minitimer para inyectores\/bobinas de solenoides"},"content":{"rendered":"<h1 data-start=\"0\" data-end=\"72\">Enchufe AMP Super-seal Minitimer para inyectores\/bobinas de solenoides<\/h1>\n<p data-start=\"74\" data-end=\"402\">El <strong data-start=\"77\" data-end=\"151\">enchufe AMP Super-seal Minitimer para inyectores\/bobinas de solenoides<\/strong> es un conector el\u00e9ctrico dise\u00f1ado para garantizar una conexi\u00f3n segura y estanca en aplicaciones de automoci\u00f3n y sistemas GLP\/GNC. Gracias a su sistema de sellado tipo Super-seal, protege los contactos el\u00e9ctricos frente a humedad, polvo y vibraciones.<\/p>\n<p data-start=\"404\" data-end=\"698\">Este conector Minitimer es ampliamente utilizado en inyectores de gas y bobinas de solenoides, donde se requiere una transmisi\u00f3n de se\u00f1al estable y una alimentaci\u00f3n el\u00e9ctrica fiable. Su dise\u00f1o robusto permite mantener una conexi\u00f3n firme incluso en condiciones exigentes del compartimento motor.<\/p>\n<p data-start=\"700\" data-end=\"857\">Adem\u00e1s, el sistema Super-seal mejora la durabilidad de la instalaci\u00f3n el\u00e9ctrica, reduciendo el riesgo de falsos contactos o corrosi\u00f3n con el paso del tiempo.<\/p>\n<hr data-start=\"859\" data-end=\"862\" \/>\n<h2 data-start=\"864\" data-end=\"929\">Conector estanco tipo Minitimer para sistemas GLP y automoci\u00f3n<\/h2>\n<div class=\"TyagGW_tableContainer\">\n<div class=\"group TyagGW_tableWrapper flex flex-col-reverse w-fit\" tabindex=\"-1\">\n<table class=\"w-fit min-w-(--thread-content-width)\" data-start=\"931\" data-end=\"1227\">\n<thead data-start=\"931\" data-end=\"966\">\n<tr data-start=\"931\" data-end=\"966\">\n<th class=\"\" data-start=\"931\" data-end=\"948\" data-col-size=\"sm\">Caracter\u00edstica<\/th>\n<th class=\"\" data-start=\"948\" data-end=\"966\" data-col-size=\"sm\">Especificaci\u00f3n<\/th>\n<\/tr>\n<\/thead>\n<tbody data-start=\"1003\" data-end=\"1227\">\n<tr data-start=\"1003\" data-end=\"1050\">\n<td data-start=\"1003\" data-end=\"1014\" data-col-size=\"sm\">Producto<\/td>\n<td data-start=\"1014\" data-end=\"1050\" data-col-size=\"sm\">Enchufe AMP Super-seal Minitimer<\/td>\n<\/tr>\n<tr data-start=\"1051\" data-end=\"1102\">\n<td data-start=\"1051\" data-end=\"1064\" data-col-size=\"sm\">Aplicaci\u00f3n<\/td>\n<td data-start=\"1064\" data-end=\"1102\" data-col-size=\"sm\">Inyectores \/ Bobinas de solenoides<\/td>\n<\/tr>\n<tr data-start=\"1103\" data-end=\"1146\">\n<td data-start=\"1103\" data-end=\"1116\" data-col-size=\"sm\">Protecci\u00f3n<\/td>\n<td data-start=\"1116\" data-end=\"1146\" data-col-size=\"sm\">Estanco (a prueba de agua)<\/td>\n<\/tr>\n<tr data-start=\"1147\" data-end=\"1187\">\n<td data-start=\"1147\" data-end=\"1153\" data-col-size=\"sm\">Uso<\/td>\n<td data-start=\"1153\" data-end=\"1187\" data-col-size=\"sm\">Sistemas GLP, GNC y automoci\u00f3n<\/td>\n<\/tr>\n<tr data-start=\"1188\" data-end=\"1227\">\n<td data-start=\"1188\" data-end=\"1198\" data-col-size=\"sm\">Funci\u00f3n<\/td>\n<td data-start=\"1198\" data-end=\"1227\" data-col-size=\"sm\">Conexi\u00f3n el\u00e9ctrica segura<\/td>\n<\/tr>\n<\/tbody>\n<\/table>\n<\/div>\n<\/div>\n<p data-start=\"1229\" data-end=\"1340\">Este conector est\u00e1 preparado para soportar vibraciones constantes, variaciones t\u00e9rmicas y exposici\u00f3n a humedad.<\/p>\n<hr data-start=\"1342\" data-end=\"1345\" \/>\n<h2 data-start=\"1347\" data-end=\"1396\">Ventajas del conector AMP Super-seal Minitimer<\/h2>\n<ul data-start=\"1398\" data-end=\"1630\">\n<li data-start=\"1398\" data-end=\"1439\">\n<p data-start=\"1400\" data-end=\"1439\">Conexi\u00f3n el\u00e9ctrica estable y duradera<\/p>\n<\/li>\n<li data-start=\"1440\" data-end=\"1492\">\n<p data-start=\"1442\" data-end=\"1492\">Sistema de sellado resistente al agua y suciedad<\/p>\n<\/li>\n<li data-start=\"1493\" data-end=\"1548\">\n<p data-start=\"1495\" data-end=\"1548\">Ideal para inyectores de gas y bobinas de solenoide<\/p>\n<\/li>\n<li data-start=\"1549\" data-end=\"1599\">\n<p data-start=\"1551\" data-end=\"1599\">Reduce riesgo de corrosi\u00f3n y fallos el\u00e9ctricos<\/p>\n<\/li>\n<li data-start=\"1600\" data-end=\"1630\">\n<p data-start=\"1602\" data-end=\"1630\">Apto para entorno de motor<\/p>\n<\/li>\n<\/ul>\n<p data-start=\"1632\" data-end=\"1724\">Su dise\u00f1o compacto facilita la integraci\u00f3n en instalaciones profesionales de gas automotriz.<\/p>\n<hr data-start=\"1726\" data-end=\"1729\" \/>\n<h2 data-start=\"1731\" data-end=\"1757\">Aplicaciones habituales<\/h2>\n<ul data-start=\"1759\" data-end=\"1883\">\n<li data-start=\"1759\" data-end=\"1781\">\n<p data-start=\"1761\" data-end=\"1781\">Inyectores GLP\/GNC<\/p>\n<\/li>\n<li data-start=\"1782\" data-end=\"1807\">\n<p data-start=\"1784\" data-end=\"1807\">Bobinas de solenoides<\/p>\n<\/li>\n<li data-start=\"1808\" data-end=\"1831\">\n<p data-start=\"1810\" data-end=\"1831\">V\u00e1lvulas el\u00e9ctricas<\/p>\n<\/li>\n<li data-start=\"1832\" data-end=\"1883\">\n<p data-start=\"1834\" data-end=\"1883\">Componentes electr\u00f3nicos en compartimento motor<\/p>\n<\/li>\n<\/ul>\n<hr data-start=\"1885\" data-end=\"1888\" \/>\n<h2 data-start=\"1890\" data-end=\"1896\">FAQ<\/h2>\n<p data-start=\"1898\" data-end=\"2017\"><strong data-start=\"1898\" data-end=\"1925\">\u00bfEs resistente al agua?<\/strong><br data-start=\"1925\" data-end=\"1928\" \/>S\u00ed, el sistema Super-seal proporciona protecci\u00f3n estanca frente a humedad y salpicaduras.<\/p>\n<p data-start=\"2019\" data-end=\"2138\"><strong data-start=\"2019\" data-end=\"2059\">\u00bfSe puede usar en inyectores de gas?<\/strong><br data-start=\"2059\" data-end=\"2062\" \/>S\u00ed, est\u00e1 dise\u00f1ado para aplicaciones como inyectores y bobinas de solenoides.<\/p>\n<p data-start=\"2140\" data-end=\"2263\"><strong data-start=\"2140\" data-end=\"2181\">\u00bfEs adecuado para entorno automotriz?<\/strong><br data-start=\"2181\" data-end=\"2184\" \/>S\u00ed, est\u00e1 preparado para vibraciones y cambios de temperatura propios del motor.<\/p>\n","protected":false},"excerpt":{"rendered":"<p>Enchufe AMP Super-seal Minitimer para inyectores\/bobinas de solenoides<\/p>\n","protected":false},"featured_media":7462,"comment_status":"closed","ping_status":"closed","template":"","meta":{"googlesitekit_rrm_CAowud7EDA:productID":"","_uag_custom_page_level_css":""},"product_brand":[],"product_cat":[302,297],"product_tag":[],"class_list":{"0":"post-7368","1":"product","2":"type-product","3":"status-publish","4":"has-post-thumbnail","6":"product_cat-accesorios-electronica","7":"product_cat-electronica","9":"first","10":"onbackorder","11":"taxable","12":"shipping-taxable","13":"purchasable","14":"product-type-simple"},"ct_brands":[],"yoast_head":"<!-- This site is optimized with the Yoast SEO Premium plugin v27.4 (Yoast SEO v27.5) - https:\/\/yoast.com\/product\/yoast-seo-premium-wordpress\/ -->\n<title>Enchufe AMP Super-seal Minitimer para inyectores\/bobinas de solenoides | Recambios EcoGas<\/title>\n<meta name=\"description\" content=\"Enchufe AMP Super-seal Minitimer para inyectores y bobinas de solenoides, conexi\u00f3n el\u00e9ctrica estanca ideal para sistemas GLP, GNC y automoci\u00f3n.\" \/>\n<meta name=\"robots\" content=\"index, follow, max-snippet:-1, max-image-preview:large, max-video-preview:-1\" \/>\n<link rel=\"canonical\" href=\"https:\/\/recambiosecogas.com\/pt-pt\/produto\/enchufe-amp-super-seal-minitimer-para-inyectores-bobinas-de-solenoides\/\" \/>\n<meta property=\"og:locale\" content=\"pt_PT\" \/>\n<meta property=\"og:type\" content=\"article\" \/>\n<meta property=\"og:title\" content=\"Enchufe AMP Super-seal Minitimer para inyectores\/bobinas de solenoides\" \/>\n<meta property=\"og:description\" content=\"Enchufe AMP Super-seal Minitimer para inyectores y bobinas de solenoides, conexi\u00f3n el\u00e9ctrica estanca ideal para sistemas GLP, GNC y automoci\u00f3n.\" \/>\n<meta property=\"og:url\" content=\"https:\/\/recambiosecogas.com\/pt-pt\/produto\/enchufe-amp-super-seal-minitimer-para-inyectores-bobinas-de-solenoides\/\" \/>\n<meta property=\"og:site_name\" content=\"Recambios EcoGas\" \/>\n<meta property=\"article:publisher\" content=\"https:\/\/www.facebook.com\/profile.php?id=100062419705358\" \/>\n<meta property=\"article:modified_time\" content=\"2026-04-27T16:46:00+00:00\" \/>\n<meta property=\"og:image\" content=\"https:\/\/recambiosecogas.com\/wp-content\/uploads\/2024\/11\/Enchufe-AMP-Super-seal-Minitimer-para-inyectoresbobinas-de-solenoides-png.webp\" \/>\n\t<meta property=\"og:image:width\" content=\"1000\" \/>\n\t<meta property=\"og:image:height\" content=\"1000\" \/>\n\t<meta property=\"og:image:type\" content=\"image\/png\" \/>\n<meta name=\"twitter:card\" content=\"summary_large_image\" \/>\n<meta name=\"twitter:label1\" content=\"pre\u00e7o\" \/>\n\t<meta name=\"twitter:data1\" content=\"6,99&nbsp;&euro; (Sin IVA: 5,78&nbsp;&euro;)\" \/>\n\t<meta name=\"twitter:label2\" content=\"Disponibilidade\" \/>\n\t<meta name=\"twitter:data2\" content=\"Por encomenda\" \/>\n<script type=\"application\/ld+json\" class=\"yoast-schema-graph\">{\"@context\":\"https:\\\/\\\/schema.org\",\"@graph\":[{\"@type\":\"WebPage\",\"@id\":\"https:\\\/\\\/recambiosecogas.com\\\/pt-pt\\\/produto\\\/enchufe-amp-super-seal-minitimer-para-inyectores-bobinas-de-solenoides\\\/\",\"url\":\"https:\\\/\\\/recambiosecogas.com\\\/pt-pt\\\/produto\\\/enchufe-amp-super-seal-minitimer-para-inyectores-bobinas-de-solenoides\\\/\",\"name\":\"Enchufe AMP Super-seal Minitimer para inyectores\\\/bobinas de solenoides | Recambios EcoGas\",\"isPartOf\":{\"@id\":\"https:\\\/\\\/recambiosecogas.com\\\/pt-pt\\\/#website\"},\"primaryImageOfPage\":{\"@id\":\"https:\\\/\\\/recambiosecogas.com\\\/pt-pt\\\/produto\\\/enchufe-amp-super-seal-minitimer-para-inyectores-bobinas-de-solenoides\\\/#primaryimage\"},\"image\":{\"@id\":\"https:\\\/\\\/recambiosecogas.com\\\/pt-pt\\\/produto\\\/enchufe-amp-super-seal-minitimer-para-inyectores-bobinas-de-solenoides\\\/#primaryimage\"},\"thumbnailUrl\":\"https:\\\/\\\/recambiosecogas.com\\\/wp-content\\\/uploads\\\/2024\\\/11\\\/Enchufe-AMP-Super-seal-Minitimer-para-inyectoresbobinas-de-solenoides-png.webp\",\"datePublished\":\"2024-11-20T16:31:24+00:00\",\"dateModified\":\"2026-04-27T16:46:00+00:00\",\"description\":\"Enchufe AMP Super-seal Minitimer para inyectores y bobinas de solenoides, conexi\u00f3n el\u00e9ctrica estanca ideal para sistemas GLP, GNC y automoci\u00f3n.\",\"breadcrumb\":{\"@id\":\"https:\\\/\\\/recambiosecogas.com\\\/pt-pt\\\/produto\\\/enchufe-amp-super-seal-minitimer-para-inyectores-bobinas-de-solenoides\\\/#breadcrumb\"},\"inLanguage\":\"pt-PT\",\"potentialAction\":[{\"@type\":\"ReadAction\",\"target\":[\"https:\\\/\\\/recambiosecogas.com\\\/pt-pt\\\/produto\\\/enchufe-amp-super-seal-minitimer-para-inyectores-bobinas-de-solenoides\\\/\"]}]},{\"@type\":\"ImageObject\",\"inLanguage\":\"pt-PT\",\"@id\":\"https:\\\/\\\/recambiosecogas.com\\\/pt-pt\\\/produto\\\/enchufe-amp-super-seal-minitimer-para-inyectores-bobinas-de-solenoides\\\/#primaryimage\",\"url\":\"https:\\\/\\\/recambiosecogas.com\\\/wp-content\\\/uploads\\\/2024\\\/11\\\/Enchufe-AMP-Super-seal-Minitimer-para-inyectoresbobinas-de-solenoides-png.webp\",\"contentUrl\":\"https:\\\/\\\/recambiosecogas.com\\\/wp-content\\\/uploads\\\/2024\\\/11\\\/Enchufe-AMP-Super-seal-Minitimer-para-inyectoresbobinas-de-solenoides-png.webp\",\"width\":1000,\"height\":1000},{\"@type\":\"BreadcrumbList\",\"@id\":\"https:\\\/\\\/recambiosecogas.com\\\/pt-pt\\\/produto\\\/enchufe-amp-super-seal-minitimer-para-inyectores-bobinas-de-solenoides\\\/#breadcrumb\",\"itemListElement\":[{\"@type\":\"ListItem\",\"position\":1,\"name\":\"P\u00e1gina inicial\",\"item\":\"https:\\\/\\\/recambiosecogas.com\\\/pt-pt\\\/\"},{\"@type\":\"ListItem\",\"position\":2,\"name\":\"Loja\",\"item\":\"https:\\\/\\\/recambiosecogas.com\\\/pt-pt\\\/tienda\\\/\"},{\"@type\":\"ListItem\",\"position\":3,\"name\":\"Enchufe AMP Super-seal Minitimer para inyectores\\\/bobinas de solenoides\"}]},{\"@type\":\"WebSite\",\"@id\":\"https:\\\/\\\/recambiosecogas.com\\\/pt-pt\\\/#website\",\"url\":\"https:\\\/\\\/recambiosecogas.com\\\/pt-pt\\\/\",\"name\":\"Recambios EcoGas\",\"description\":\"Pe\u00e7as multimarca para sistemas de GPL\\\/GNC\\\/GNL\\\/Hidrog\u00e9nio\",\"publisher\":{\"@id\":\"https:\\\/\\\/recambiosecogas.com\\\/pt-pt\\\/#organization\"},\"alternateName\":\"Recambios Autogas GLP\",\"potentialAction\":[{\"@type\":\"SearchAction\",\"target\":{\"@type\":\"EntryPoint\",\"urlTemplate\":\"https:\\\/\\\/recambiosecogas.com\\\/pt-pt\\\/?s={search_term_string}\"},\"query-input\":{\"@type\":\"PropertyValueSpecification\",\"valueRequired\":true,\"valueName\":\"search_term_string\"}}],\"inLanguage\":\"pt-PT\"},{\"@type\":[\"Organization\",\"Place\"],\"@id\":\"https:\\\/\\\/recambiosecogas.com\\\/pt-pt\\\/#organization\",\"name\":\"Recambios EcoGas\",\"alternateName\":\"Loja de GPL Autog\u00e1s Espanha\",\"url\":\"https:\\\/\\\/recambiosecogas.com\\\/pt-pt\\\/\",\"logo\":{\"@id\":\"https:\\\/\\\/recambiosecogas.com\\\/pt-pt\\\/produto\\\/enchufe-amp-super-seal-minitimer-para-inyectores-bobinas-de-solenoides\\\/#local-main-organization-logo\"},\"image\":{\"@id\":\"https:\\\/\\\/recambiosecogas.com\\\/pt-pt\\\/produto\\\/enchufe-amp-super-seal-minitimer-para-inyectores-bobinas-de-solenoides\\\/#local-main-organization-logo\"},\"sameAs\":[\"https:\\\/\\\/www.facebook.com\\\/profile.php?id=100062419705358\",\"https:\\\/\\\/www.instagram.com\\\/segimon_automocio\"],\"description\":\"Recambios EcoGas \u2013 Venta y distribuci\u00f3n de sistemas GLP y GNC en Espa\u00f1a y Portugal. Env\u00edos 24 h, soporte t\u00e9cnico a talleres y distribuidores.\",\"hasMerchantReturnPolicy\":{\"@type\":\"MerchantReturnPolicy\",\"merchantReturnLink\":\"https:\\\/\\\/recambiosecogas.com\\\/politicas-privacidad\\\/\"},\"address\":{\"@id\":\"https:\\\/\\\/recambiosecogas.com\\\/pt-pt\\\/produto\\\/enchufe-amp-super-seal-minitimer-para-inyectores-bobinas-de-solenoides\\\/#local-main-place-address\"},\"telephone\":[\"616250633\"],\"contactPoint\":{\"@type\":\"ContactPoint\",\"email\":\"export@recambiosecogas.com\"},\"openingHoursSpecification\":[{\"@type\":\"OpeningHoursSpecification\",\"dayOfWeek\":[\"Monday\",\"Tuesday\",\"Wednesday\",\"Thursday\",\"Friday\",\"Saturday\",\"Sunday\"],\"opens\":\"09:00\",\"closes\":\"17:00\"}],\"email\":\"info@recambiosecogas.com\",\"faxNumber\":\"SEGIMON AUTOMOCION SL\",\"vatID\":\"ESB19819861\",\"globalLocationNumber\":\"938 616 339\"},{\"@type\":\"PostalAddress\",\"@id\":\"https:\\\/\\\/recambiosecogas.com\\\/pt-pt\\\/produto\\\/enchufe-amp-super-seal-minitimer-para-inyectores-bobinas-de-solenoides\\\/#local-main-place-address\",\"streetAddress\":\"cami antic de vic, 29 (Nave 3), Pol\u00edgono Industrial Congost\",\"addressLocality\":\"CORRO D`AVALL\",\"postalCode\":\"08520\",\"addressRegion\":\"Barcelona\",\"addressCountry\":\"ES\"},{\"@type\":\"ImageObject\",\"inLanguage\":\"pt-PT\",\"@id\":\"https:\\\/\\\/recambiosecogas.com\\\/pt-pt\\\/produto\\\/enchufe-amp-super-seal-minitimer-para-inyectores-bobinas-de-solenoides\\\/#local-main-organization-logo\",\"url\":\"https:\\\/\\\/recambiosecogas.com\\\/wp-content\\\/uploads\\\/2024\\\/11\\\/cropped-RECAMBIOS-GLP-png.webp\",\"contentUrl\":\"https:\\\/\\\/recambiosecogas.com\\\/wp-content\\\/uploads\\\/2024\\\/11\\\/cropped-RECAMBIOS-GLP-png.webp\",\"width\":512,\"height\":512,\"caption\":\"Recambios EcoGas\"}]}<\/script>\n<meta property=\"product:price:amount\" content=\"6.99\" \/>\n<meta property=\"product:price:currency\" content=\"EUR\" \/>\n<meta property=\"og:availability\" content=\"backorder\" \/>\n<meta property=\"product:availability\" content=\"available for order\" \/>\n<meta property=\"product:retailer_item_id\" content=\"107543P\" \/>\n<meta property=\"product:condition\" content=\"new\" \/>\n<meta name=\"geo.placename\" content=\"CORRO D`AVALL\" \/>\n<meta name=\"geo.region\" content=\"Espanha\" \/>\n<!-- \/ Yoast SEO Premium plugin. -->","yoast_head_json":{"title":"Enchufe AMP Super-seal Minitimer para inyectores\/bobinas de solenoides | Recambios EcoGas","description":"Enchufe AMP Super-seal Minitimer para inyectores y bobinas de solenoides, conexi\u00f3n el\u00e9ctrica estanca ideal para sistemas GLP, GNC y automoci\u00f3n.","robots":{"index":"index","follow":"follow","max-snippet":"max-snippet:-1","max-image-preview":"max-image-preview:large","max-video-preview":"max-video-preview:-1"},"canonical":"https:\/\/recambiosecogas.com\/pt-pt\/produto\/enchufe-amp-super-seal-minitimer-para-inyectores-bobinas-de-solenoides\/","og_locale":"pt_PT","og_type":"article","og_title":"Enchufe AMP Super-seal Minitimer para inyectores\/bobinas de solenoides","og_description":"Enchufe AMP Super-seal Minitimer para inyectores y bobinas de solenoides, conexi\u00f3n el\u00e9ctrica estanca ideal para sistemas GLP, GNC y automoci\u00f3n.","og_url":"https:\/\/recambiosecogas.com\/pt-pt\/produto\/enchufe-amp-super-seal-minitimer-para-inyectores-bobinas-de-solenoides\/","og_site_name":"Recambios EcoGas","article_publisher":"https:\/\/www.facebook.com\/profile.php?id=100062419705358","article_modified_time":"2026-04-27T16:46:00+00:00","og_image":[{"width":1000,"height":1000,"url":"https:\/\/recambiosecogas.com\/wp-content\/uploads\/2024\/11\/Enchufe-AMP-Super-seal-Minitimer-para-inyectoresbobinas-de-solenoides-png.webp","type":"image\/png"}],"twitter_card":"summary_large_image","twitter_misc":{"pre\u00e7o":"6,99&nbsp;&euro; (Sin IVA: 5,78&nbsp;&euro;)","Disponibilidade":"Por encomenda"},"schema":{"@context":"https:\/\/schema.org","@graph":[{"@type":"WebPage","@id":"https:\/\/recambiosecogas.com\/pt-pt\/produto\/enchufe-amp-super-seal-minitimer-para-inyectores-bobinas-de-solenoides\/","url":"https:\/\/recambiosecogas.com\/pt-pt\/produto\/enchufe-amp-super-seal-minitimer-para-inyectores-bobinas-de-solenoides\/","name":"Enchufe AMP Super-seal Minitimer para inyectores\/bobinas de solenoides | Recambios EcoGas","isPartOf":{"@id":"https:\/\/recambiosecogas.com\/pt-pt\/#website"},"primaryImageOfPage":{"@id":"https:\/\/recambiosecogas.com\/pt-pt\/produto\/enchufe-amp-super-seal-minitimer-para-inyectores-bobinas-de-solenoides\/#primaryimage"},"image":{"@id":"https:\/\/recambiosecogas.com\/pt-pt\/produto\/enchufe-amp-super-seal-minitimer-para-inyectores-bobinas-de-solenoides\/#primaryimage"},"thumbnailUrl":"https:\/\/recambiosecogas.com\/wp-content\/uploads\/2024\/11\/Enchufe-AMP-Super-seal-Minitimer-para-inyectoresbobinas-de-solenoides-png.webp","datePublished":"2024-11-20T16:31:24+00:00","dateModified":"2026-04-27T16:46:00+00:00","description":"Enchufe AMP Super-seal Minitimer para inyectores y bobinas de solenoides, conexi\u00f3n el\u00e9ctrica estanca ideal para sistemas GLP, GNC y automoci\u00f3n.","breadcrumb":{"@id":"https:\/\/recambiosecogas.com\/pt-pt\/produto\/enchufe-amp-super-seal-minitimer-para-inyectores-bobinas-de-solenoides\/#breadcrumb"},"inLanguage":"pt-PT","potentialAction":[{"@type":"ReadAction","target":["https:\/\/recambiosecogas.com\/pt-pt\/produto\/enchufe-amp-super-seal-minitimer-para-inyectores-bobinas-de-solenoides\/"]}]},{"@type":"ImageObject","inLanguage":"pt-PT","@id":"https:\/\/recambiosecogas.com\/pt-pt\/produto\/enchufe-amp-super-seal-minitimer-para-inyectores-bobinas-de-solenoides\/#primaryimage","url":"https:\/\/recambiosecogas.com\/wp-content\/uploads\/2024\/11\/Enchufe-AMP-Super-seal-Minitimer-para-inyectoresbobinas-de-solenoides-png.webp","contentUrl":"https:\/\/recambiosecogas.com\/wp-content\/uploads\/2024\/11\/Enchufe-AMP-Super-seal-Minitimer-para-inyectoresbobinas-de-solenoides-png.webp","width":1000,"height":1000},{"@type":"BreadcrumbList","@id":"https:\/\/recambiosecogas.com\/pt-pt\/produto\/enchufe-amp-super-seal-minitimer-para-inyectores-bobinas-de-solenoides\/#breadcrumb","itemListElement":[{"@type":"ListItem","position":1,"name":"P\u00e1gina inicial","item":"https:\/\/recambiosecogas.com\/pt-pt\/"},{"@type":"ListItem","position":2,"name":"Loja","item":"https:\/\/recambiosecogas.com\/pt-pt\/tienda\/"},{"@type":"ListItem","position":3,"name":"Enchufe AMP Super-seal Minitimer para inyectores\/bobinas de solenoides"}]},{"@type":"WebSite","@id":"https:\/\/recambiosecogas.com\/pt-pt\/#website","url":"https:\/\/recambiosecogas.com\/pt-pt\/","name":"Recambios EcoGas","description":"Pe\u00e7as multimarca para sistemas de GPL\/GNC\/GNL\/Hidrog\u00e9nio","publisher":{"@id":"https:\/\/recambiosecogas.com\/pt-pt\/#organization"},"alternateName":"Recambios Autogas GLP","potentialAction":[{"@type":"SearchAction","target":{"@type":"EntryPoint","urlTemplate":"https:\/\/recambiosecogas.com\/pt-pt\/?s={search_term_string}"},"query-input":{"@type":"PropertyValueSpecification","valueRequired":true,"valueName":"search_term_string"}}],"inLanguage":"pt-PT"},{"@type":["Organization","Place"],"@id":"https:\/\/recambiosecogas.com\/pt-pt\/#organization","name":"Recambios EcoGas","alternateName":"Loja de GPL Autog\u00e1s Espanha","url":"https:\/\/recambiosecogas.com\/pt-pt\/","logo":{"@id":"https:\/\/recambiosecogas.com\/pt-pt\/produto\/enchufe-amp-super-seal-minitimer-para-inyectores-bobinas-de-solenoides\/#local-main-organization-logo"},"image":{"@id":"https:\/\/recambiosecogas.com\/pt-pt\/produto\/enchufe-amp-super-seal-minitimer-para-inyectores-bobinas-de-solenoides\/#local-main-organization-logo"},"sameAs":["https:\/\/www.facebook.com\/profile.php?id=100062419705358","https:\/\/www.instagram.com\/segimon_automocio"],"description":"Recambios EcoGas \u2013 Venta y distribuci\u00f3n de sistemas GLP y GNC en Espa\u00f1a y Portugal. Env\u00edos 24 h, soporte t\u00e9cnico a talleres y distribuidores.","hasMerchantReturnPolicy":{"@type":"MerchantReturnPolicy","merchantReturnLink":"https:\/\/recambiosecogas.com\/politicas-privacidad\/"},"address":{"@id":"https:\/\/recambiosecogas.com\/pt-pt\/produto\/enchufe-amp-super-seal-minitimer-para-inyectores-bobinas-de-solenoides\/#local-main-place-address"},"telephone":["616250633"],"contactPoint":{"@type":"ContactPoint","email":"export@recambiosecogas.com"},"openingHoursSpecification":[{"@type":"OpeningHoursSpecification","dayOfWeek":["Monday","Tuesday","Wednesday","Thursday","Friday","Saturday","Sunday"],"opens":"09:00","closes":"17:00"}],"email":"info@recambiosecogas.com","faxNumber":"SEGIMON AUTOMOCION SL","vatID":"ESB19819861","globalLocationNumber":"938 616 339"},{"@type":"PostalAddress","@id":"https:\/\/recambiosecogas.com\/pt-pt\/produto\/enchufe-amp-super-seal-minitimer-para-inyectores-bobinas-de-solenoides\/#local-main-place-address","streetAddress":"cami antic de vic, 29 (Nave 3), Pol\u00edgono Industrial Congost","addressLocality":"CORRO D`AVALL","postalCode":"08520","addressRegion":"Barcelona","addressCountry":"ES"},{"@type":"ImageObject","inLanguage":"pt-PT","@id":"https:\/\/recambiosecogas.com\/pt-pt\/produto\/enchufe-amp-super-seal-minitimer-para-inyectores-bobinas-de-solenoides\/#local-main-organization-logo","url":"https:\/\/recambiosecogas.com\/wp-content\/uploads\/2024\/11\/cropped-RECAMBIOS-GLP-png.webp","contentUrl":"https:\/\/recambiosecogas.com\/wp-content\/uploads\/2024\/11\/cropped-RECAMBIOS-GLP-png.webp","width":512,"height":512,"caption":"Recambios EcoGas"}]},"product_price_amount":"6.99","product_price_currency":"EUR","og_availability":"backorder","product_availability":"available for order","product_retailer_item_id":"107543P","product_condition":"new","geo.placename":"CORRO D`AVALL","geo.region":"Espanha"},"uagb_featured_image_src":{"full":["https:\/\/recambiosecogas.com\/wp-content\/uploads\/2024\/11\/Enchufe-AMP-Super-seal-Minitimer-para-inyectoresbobinas-de-solenoides-png.webp",1000,1000,false],"thumbnail":["https:\/\/recambiosecogas.com\/wp-content\/uploads\/2024\/11\/Enchufe-AMP-Super-seal-Minitimer-para-inyectoresbobinas-de-solenoides-150x150.webp",150,150,true],"medium":["https:\/\/recambiosecogas.com\/wp-content\/uploads\/2024\/11\/Enchufe-AMP-Super-seal-Minitimer-para-inyectoresbobinas-de-solenoides-300x300.webp",300,300,true],"medium_large":["https:\/\/recambiosecogas.com\/wp-content\/uploads\/2024\/11\/Enchufe-AMP-Super-seal-Minitimer-para-inyectoresbobinas-de-solenoides-768x768.webp",768,768,true],"large":["https:\/\/recambiosecogas.com\/wp-content\/uploads\/2024\/11\/Enchufe-AMP-Super-seal-Minitimer-para-inyectoresbobinas-de-solenoides-png.webp",1000,1000,false],"1536x1536":["https:\/\/recambiosecogas.com\/wp-content\/uploads\/2024\/11\/Enchufe-AMP-Super-seal-Minitimer-para-inyectoresbobinas-de-solenoides-png.webp",1000,1000,false],"2048x2048":["https:\/\/recambiosecogas.com\/wp-content\/uploads\/2024\/11\/Enchufe-AMP-Super-seal-Minitimer-para-inyectoresbobinas-de-solenoides-png.webp",1000,1000,false],"woocommerce_archive_thumbnail":["https:\/\/recambiosecogas.com\/wp-content\/uploads\/2024\/11\/Enchufe-AMP-Super-seal-Minitimer-para-inyectoresbobinas-de-solenoides-png.webp",1000,1000,false],"woocommerce_thumbnail":["https:\/\/recambiosecogas.com\/wp-content\/uploads\/2024\/11\/Enchufe-AMP-Super-seal-Minitimer-para-inyectoresbobinas-de-solenoides-png-300x300.webp",300,300,true],"woocommerce_single":["https:\/\/recambiosecogas.com\/wp-content\/uploads\/2024\/11\/Enchufe-AMP-Super-seal-Minitimer-para-inyectoresbobinas-de-solenoides-png.webp",1000,1000,false],"woocommerce_gallery_thumbnail":["https:\/\/recambiosecogas.com\/wp-content\/uploads\/2024\/11\/Enchufe-AMP-Super-seal-Minitimer-para-inyectoresbobinas-de-solenoides-png.webp",1000,1000,false],"dgwt-wcas-product-suggestion":["https:\/\/recambiosecogas.com\/wp-content\/uploads\/2024\/11\/Enchufe-AMP-Super-seal-Minitimer-para-inyectoresbobinas-de-solenoides-png-64x64.webp",64,64,true]},"uagb_author_info":{"display_name":"Fran - Soporte T\u00e9cnico","author_link":"https:\/\/recambiosecogas.com\/pt-pt\/author\/"},"uagb_comment_info":0,"uagb_excerpt":"Enchufe AMP Super-seal Minitimer para inyectores\/bobinas de solenoides","_links":{"self":[{"href":"https:\/\/recambiosecogas.com\/pt-pt\/wp-json\/wp\/v2\/product\/7368","targetHints":{"allow":["GET"]}}],"collection":[{"href":"https:\/\/recambiosecogas.com\/pt-pt\/wp-json\/wp\/v2\/product"}],"about":[{"href":"https:\/\/recambiosecogas.com\/pt-pt\/wp-json\/wp\/v2\/types\/product"}],"replies":[{"embeddable":true,"href":"https:\/\/recambiosecogas.com\/pt-pt\/wp-json\/wp\/v2\/comments?post=7368"}],"wp:featuredmedia":[{"embeddable":true,"href":"https:\/\/recambiosecogas.com\/pt-pt\/wp-json\/wp\/v2\/media\/7462"}],"wp:attachment":[{"href":"https:\/\/recambiosecogas.com\/pt-pt\/wp-json\/wp\/v2\/media?parent=7368"}],"wp:term":[{"taxonomy":"product_brand","embeddable":true,"href":"https:\/\/recambiosecogas.com\/pt-pt\/wp-json\/wp\/v2\/product_brand?post=7368"},{"taxonomy":"product_cat","embeddable":true,"href":"https:\/\/recambiosecogas.com\/pt-pt\/wp-json\/wp\/v2\/product_cat?post=7368"},{"taxonomy":"product_tag","embeddable":true,"href":"https:\/\/recambiosecogas.com\/pt-pt\/wp-json\/wp\/v2\/product_tag?post=7368"}],"curies":[{"name":"wp","href":"https:\/\/api.w.org\/{rel}","templated":true}]}}