{"id":7363,"date":"2024-11-20T16:31:16","date_gmt":"2024-11-20T16:31:16","guid":{"rendered":"https:\/\/recambiosecogas.com\/producto\/swicht-de-superficie-para-voltran-csi-bws\/"},"modified":"2026-04-27T09:23:20","modified_gmt":"2026-04-27T08:23:20","slug":"swicht-de-superficie-para-voltran-csi-bws","status":"publish","type":"product","link":"https:\/\/recambiosecogas.com\/pt-pt\/producto\/swicht-de-superficie-para-voltran-csi-bws\/","title":{"rendered":"Voltran CSI-BWS Switch de Superficie"},"content":{"rendered":"<h1 data-start=\"28\" data-end=\"82\">Voltran CSI-BWS Switch de Superficie para Sistemas GLP<\/h1>\n<p data-start=\"322\" data-end=\"465\">El <strong data-start=\"325\" data-end=\"365\">switch de superficie Voltran CSI-BWS<\/strong> es un conmutador dise\u00f1ado para controlar el funcionamiento de sistemas GLP instalados en veh\u00edculos.<\/p>\n<p data-start=\"467\" data-end=\"630\">Este interruptor permite al conductor <strong data-start=\"505\" data-end=\"537\">cambiar entre gasolina y GLP<\/strong>, adem\u00e1s de mostrar el nivel aproximado de gas en el dep\u00f3sito mediante indicadores luminosos.<\/p>\n<p data-start=\"632\" data-end=\"884\">Su dise\u00f1o de <strong data-start=\"645\" data-end=\"670\">montaje en superficie<\/strong> facilita la instalaci\u00f3n en el salpicadero o panel del veh\u00edculo sin necesidad de realizar perforaciones complejas. Esto lo convierte en una soluci\u00f3n pr\u00e1ctica tanto para instalaciones nuevas como para sustituciones.<\/p>\n<p data-start=\"886\" data-end=\"1051\">El switch est\u00e1 dise\u00f1ado espec\u00edficamente para <strong data-start=\"931\" data-end=\"959\">sistemas Voltran CSI-BWS<\/strong>, garantizando compatibilidad y una integraci\u00f3n correcta con la electr\u00f3nica del sistema GLP.<\/p>\n<p data-start=\"1053\" data-end=\"1162\">Adem\u00e1s, su dise\u00f1o compacto y funcional permite un manejo sencillo y una lectura clara del estado del sistema.<\/p>\n<p data-start=\"1164\" data-end=\"1345\">Es un componente utilizado por talleres especializados en GLP, conversiones de gas y mantenimiento de veh\u00edculos, autocaravanas y campers en <strong data-start=\"1304\" data-end=\"1344\">Espa\u00f1a, Baleares, Andorra y Portugal<\/strong>.<\/p>\n<hr data-start=\"1347\" data-end=\"1350\" \/>\n<h2 data-start=\"1352\" data-end=\"1378\">Ventajas competitivas<\/h2>\n<ul data-start=\"1380\" data-end=\"1629\">\n<li data-start=\"1380\" data-end=\"1427\">\n<p data-start=\"1382\" data-end=\"1427\">Compatible con <strong data-start=\"1397\" data-end=\"1425\">sistemas Voltran CSI-BWS<\/strong><\/p>\n<\/li>\n<li data-start=\"1428\" data-end=\"1472\">\n<p data-start=\"1430\" data-end=\"1472\">Permite cambiar entre <strong data-start=\"1452\" data-end=\"1470\">gasolina y GLP<\/strong><\/p>\n<\/li>\n<li data-start=\"1473\" data-end=\"1512\">\n<p data-start=\"1475\" data-end=\"1512\">Indicador de nivel de gas integrado<\/p>\n<\/li>\n<li data-start=\"1513\" data-end=\"1552\">\n<p data-start=\"1515\" data-end=\"1552\">Dise\u00f1o de <strong data-start=\"1525\" data-end=\"1550\">montaje en superficie<\/strong><\/p>\n<\/li>\n<li data-start=\"1553\" data-end=\"1586\">\n<p data-start=\"1555\" data-end=\"1586\">Instalaci\u00f3n sencilla y r\u00e1pida<\/p>\n<\/li>\n<li data-start=\"1587\" data-end=\"1629\">\n<p data-start=\"1589\" data-end=\"1629\">Ideal para sustituci\u00f3n o mantenimiento<\/p>\n<\/li>\n<\/ul>\n<hr data-start=\"1631\" data-end=\"1634\" \/>\n<h2 data-start=\"1636\" data-end=\"1671\">Recomendaciones de instalaci\u00f3n<\/h2>\n<ul data-start=\"1673\" data-end=\"2008\">\n<li data-start=\"1673\" data-end=\"1737\">\n<p data-start=\"1675\" data-end=\"1737\">Confirmar compatibilidad con el sistema <strong data-start=\"1715\" data-end=\"1734\">Voltran CSI-BWS<\/strong>.<\/p>\n<\/li>\n<li data-start=\"1738\" data-end=\"1799\">\n<p data-start=\"1740\" data-end=\"1799\">Instalar en una zona visible y accesible del salpicadero.<\/p>\n<\/li>\n<li data-start=\"1800\" data-end=\"1855\">\n<p data-start=\"1802\" data-end=\"1855\">Conectar seg\u00fan el esquema el\u00e9ctrico del fabricante.<\/p>\n<\/li>\n<li data-start=\"1856\" data-end=\"1948\">\n<p data-start=\"1858\" data-end=\"1948\">Comprobar el correcto funcionamiento del indicador de nivel y del cambio de combustible.<\/p>\n<\/li>\n<li data-start=\"1949\" data-end=\"2008\">\n<p data-start=\"1951\" data-end=\"2008\">Instalaci\u00f3n recomendada por t\u00e9cnico especializado en GLP.<\/p>\n<\/li>\n<\/ul>\n<hr data-start=\"2010\" data-end=\"2013\" \/>\n<h2 data-start=\"2015\" data-end=\"2033\">Ficha t\u00e9cnica<\/h2>\n<div class=\"TyagGW_tableContainer\">\n<div class=\"group TyagGW_tableWrapper flex flex-col-reverse w-fit\" tabindex=\"-1\">\n<table class=\"w-fit min-w-(--thread-content-width)\" data-start=\"2035\" data-end=\"2335\">\n<thead data-start=\"2035\" data-end=\"2070\">\n<tr data-start=\"2035\" data-end=\"2070\">\n<th class=\"\" data-start=\"2035\" data-end=\"2052\" data-col-size=\"sm\">Caracter\u00edstica<\/th>\n<th class=\"\" data-start=\"2052\" data-end=\"2070\" data-col-size=\"sm\">Especificaci\u00f3n<\/th>\n<\/tr>\n<\/thead>\n<tbody data-start=\"2107\" data-end=\"2335\">\n<tr data-start=\"2107\" data-end=\"2126\">\n<td data-start=\"2107\" data-end=\"2115\" data-col-size=\"sm\">Marca<\/td>\n<td data-start=\"2115\" data-end=\"2126\" data-col-size=\"sm\">Voltran<\/td>\n<\/tr>\n<tr data-start=\"2127\" data-end=\"2147\">\n<td data-start=\"2127\" data-end=\"2136\" data-col-size=\"sm\">Modelo<\/td>\n<td data-start=\"2136\" data-end=\"2147\" data-col-size=\"sm\">CSI-BWS<\/td>\n<\/tr>\n<tr data-start=\"2148\" data-end=\"2182\">\n<td data-start=\"2148\" data-end=\"2155\" data-col-size=\"sm\">Tipo<\/td>\n<td data-start=\"2155\" data-end=\"2182\" data-col-size=\"sm\">Switch \/ conmutador GLP<\/td>\n<\/tr>\n<tr data-start=\"2183\" data-end=\"2222\">\n<td data-start=\"2183\" data-end=\"2197\" data-col-size=\"sm\">Instalaci\u00f3n<\/td>\n<td data-start=\"2197\" data-end=\"2222\" data-col-size=\"sm\">Montaje en superficie<\/td>\n<\/tr>\n<tr data-start=\"2223\" data-end=\"2258\">\n<td data-start=\"2223\" data-end=\"2233\" data-col-size=\"sm\">Funci\u00f3n<\/td>\n<td data-start=\"2233\" data-end=\"2258\" data-col-size=\"sm\">Cambio gasolina \/ GLP<\/td>\n<\/tr>\n<tr data-start=\"2259\" data-end=\"2297\">\n<td data-start=\"2259\" data-end=\"2271\" data-col-size=\"sm\">Indicador<\/td>\n<td data-start=\"2271\" data-end=\"2297\" data-col-size=\"sm\">Nivel de gas integrado<\/td>\n<\/tr>\n<tr data-start=\"2298\" data-end=\"2335\">\n<td data-start=\"2298\" data-end=\"2311\" data-col-size=\"sm\">Aplicaci\u00f3n<\/td>\n<td data-start=\"2311\" data-end=\"2335\" data-col-size=\"sm\">Sistemas GLP Voltran<\/td>\n<\/tr>\n<\/tbody>\n<\/table>\n<\/div>\n<\/div>\n","protected":false},"excerpt":{"rendered":"<p>Swicht de superficie para Voltran CSI-BWS<\/p>\n","protected":false},"featured_media":7472,"comment_status":"closed","ping_status":"closed","template":"","meta":{"_uag_custom_page_level_css":""},"product_brand":[626],"product_cat":[302,297,131],"product_tag":[],"class_list":{"0":"post-7363","1":"product","2":"type-product","3":"status-publish","4":"has-post-thumbnail","6":"product_brand-voltran","7":"product_cat-accesorios-electronica","8":"product_cat-electronica","9":"product_cat-voltran","11":"first","12":"onbackorder","13":"taxable","14":"shipping-taxable","15":"purchasable","16":"product-type-simple"},"ct_brands":[{"id":626,"name":"VOLTRAN","slug":"voltran"}],"yoast_head":"<!-- This site is optimized with the Yoast SEO Premium plugin v27.5 (Yoast SEO v27.5) - https:\/\/yoast.com\/product\/yoast-seo-premium-wordpress\/ -->\n<title>Voltran CSI-BWS Switch de Superficie | Recambios EcoGas | Sistemas GLP y GNC<\/title>\n<meta name=\"description\" content=\"Switch de superficie Voltran CSI-BWS para sistemas GLP con indicador de nivel de gas. Distribuidor de sistemas GLP y GNC - Envios en 24hs\" \/>\n<meta name=\"robots\" content=\"index, follow, max-snippet:-1, max-image-preview:large, max-video-preview:-1\" \/>\n<link rel=\"canonical\" href=\"https:\/\/recambiosecogas.com\/pt-pt\/producto\/swicht-de-superficie-para-voltran-csi-bws\/\" \/>\n<meta property=\"og:locale\" content=\"pt_PT\" \/>\n<meta property=\"og:type\" content=\"article\" \/>\n<meta property=\"og:title\" content=\"Voltran CSI-BWS Switch de Superficie\" \/>\n<meta property=\"og:description\" content=\"Switch de superficie Voltran CSI-BWS para sistemas GLP con indicador de nivel de gas. Distribuidor de sistemas GLP y GNC - Envios en 24hs\" \/>\n<meta property=\"og:url\" content=\"https:\/\/recambiosecogas.com\/pt-pt\/producto\/swicht-de-superficie-para-voltran-csi-bws\/\" \/>\n<meta property=\"og:site_name\" content=\"Recambios EcoGas\" \/>\n<meta property=\"article:publisher\" content=\"https:\/\/www.facebook.com\/profile.php?id=100062419705358\" \/>\n<meta property=\"article:modified_time\" content=\"2026-04-27T08:23:20+00:00\" \/>\n<meta property=\"og:image\" content=\"https:\/\/recambiosecogas.com\/wp-content\/uploads\/2024\/11\/Swicht-de-superficie-para-Voltran-CSI-BWS-png.webp\" \/>\n\t<meta property=\"og:image:width\" content=\"1000\" \/>\n\t<meta property=\"og:image:height\" content=\"1000\" \/>\n\t<meta property=\"og:image:type\" content=\"image\/png\" \/>\n<meta name=\"twitter:card\" content=\"summary_large_image\" \/>\n<meta name=\"twitter:label1\" content=\"pre\u00e7o\" \/>\n\t<meta name=\"twitter:data1\" content=\"3,30&nbsp;&euro; (Sin IVA: 2,73&nbsp;&euro;)\" \/>\n\t<meta name=\"twitter:label2\" content=\"Disponibilidade\" \/>\n\t<meta name=\"twitter:data2\" content=\"Por encomenda\" \/>\n<script type=\"application\/ld+json\" class=\"yoast-schema-graph\">{\"@context\":\"https:\\\/\\\/schema.org\",\"@graph\":[{\"@type\":\"WebPage\",\"@id\":\"https:\\\/\\\/recambiosecogas.com\\\/pt-pt\\\/producto\\\/swicht-de-superficie-para-voltran-csi-bws\\\/\",\"url\":\"https:\\\/\\\/recambiosecogas.com\\\/pt-pt\\\/producto\\\/swicht-de-superficie-para-voltran-csi-bws\\\/\",\"name\":\"Voltran CSI-BWS Switch de Superficie | Recambios EcoGas | Sistemas GLP y GNC\",\"isPartOf\":{\"@id\":\"https:\\\/\\\/recambiosecogas.com\\\/pt-pt\\\/#website\"},\"primaryImageOfPage\":{\"@id\":\"https:\\\/\\\/recambiosecogas.com\\\/pt-pt\\\/producto\\\/swicht-de-superficie-para-voltran-csi-bws\\\/#primaryimage\"},\"image\":{\"@id\":\"https:\\\/\\\/recambiosecogas.com\\\/pt-pt\\\/producto\\\/swicht-de-superficie-para-voltran-csi-bws\\\/#primaryimage\"},\"thumbnailUrl\":\"https:\\\/\\\/recambiosecogas.com\\\/wp-content\\\/uploads\\\/2024\\\/11\\\/Swicht-de-superficie-para-Voltran-CSI-BWS-png.webp\",\"datePublished\":\"2024-11-20T16:31:16+00:00\",\"dateModified\":\"2026-04-27T08:23:20+00:00\",\"description\":\"Switch de superficie Voltran CSI-BWS para sistemas GLP con indicador de nivel de gas. Distribuidor de sistemas GLP y GNC - Envios en 24hs\",\"breadcrumb\":{\"@id\":\"https:\\\/\\\/recambiosecogas.com\\\/pt-pt\\\/producto\\\/swicht-de-superficie-para-voltran-csi-bws\\\/#breadcrumb\"},\"inLanguage\":\"pt-PT\",\"potentialAction\":[{\"@type\":\"ReadAction\",\"target\":[\"https:\\\/\\\/recambiosecogas.com\\\/pt-pt\\\/producto\\\/swicht-de-superficie-para-voltran-csi-bws\\\/\"]}]},{\"@type\":\"ImageObject\",\"inLanguage\":\"pt-PT\",\"@id\":\"https:\\\/\\\/recambiosecogas.com\\\/pt-pt\\\/producto\\\/swicht-de-superficie-para-voltran-csi-bws\\\/#primaryimage\",\"url\":\"https:\\\/\\\/recambiosecogas.com\\\/wp-content\\\/uploads\\\/2024\\\/11\\\/Swicht-de-superficie-para-Voltran-CSI-BWS-png.webp\",\"contentUrl\":\"https:\\\/\\\/recambiosecogas.com\\\/wp-content\\\/uploads\\\/2024\\\/11\\\/Swicht-de-superficie-para-Voltran-CSI-BWS-png.webp\",\"width\":1000,\"height\":1000},{\"@type\":\"BreadcrumbList\",\"@id\":\"https:\\\/\\\/recambiosecogas.com\\\/pt-pt\\\/producto\\\/swicht-de-superficie-para-voltran-csi-bws\\\/#breadcrumb\",\"itemListElement\":[{\"@type\":\"ListItem\",\"position\":1,\"name\":\"P\u00e1gina inicial\",\"item\":\"https:\\\/\\\/recambiosecogas.com\\\/pt-pt\\\/\"},{\"@type\":\"ListItem\",\"position\":2,\"name\":\"Loja\",\"item\":\"https:\\\/\\\/recambiosecogas.com\\\/pt-pt\\\/tienda\\\/\"},{\"@type\":\"ListItem\",\"position\":3,\"name\":\"Voltran CSI-BWS Switch de Superficie\"}]},{\"@type\":\"WebSite\",\"@id\":\"https:\\\/\\\/recambiosecogas.com\\\/pt-pt\\\/#website\",\"url\":\"https:\\\/\\\/recambiosecogas.com\\\/pt-pt\\\/\",\"name\":\"Recambios EcoGas\",\"description\":\"Pe\u00e7as multimarca para sistemas de GPL\\\/GNC\\\/GNL\\\/Hidrog\u00e9nio\",\"publisher\":{\"@id\":\"https:\\\/\\\/recambiosecogas.com\\\/pt-pt\\\/#organization\"},\"alternateName\":\"Recambios Autogas GLP\",\"potentialAction\":[{\"@type\":\"SearchAction\",\"target\":{\"@type\":\"EntryPoint\",\"urlTemplate\":\"https:\\\/\\\/recambiosecogas.com\\\/pt-pt\\\/?s={search_term_string}\"},\"query-input\":{\"@type\":\"PropertyValueSpecification\",\"valueRequired\":true,\"valueName\":\"search_term_string\"}}],\"inLanguage\":\"pt-PT\"},{\"@type\":[\"Organization\",\"Place\"],\"@id\":\"https:\\\/\\\/recambiosecogas.com\\\/pt-pt\\\/#organization\",\"name\":\"Recambios EcoGas\",\"alternateName\":\"Loja de GPL Autog\u00e1s Espanha\",\"url\":\"https:\\\/\\\/recambiosecogas.com\\\/pt-pt\\\/\",\"logo\":{\"@id\":\"https:\\\/\\\/recambiosecogas.com\\\/pt-pt\\\/producto\\\/swicht-de-superficie-para-voltran-csi-bws\\\/#local-main-organization-logo\"},\"image\":{\"@id\":\"https:\\\/\\\/recambiosecogas.com\\\/pt-pt\\\/producto\\\/swicht-de-superficie-para-voltran-csi-bws\\\/#local-main-organization-logo\"},\"sameAs\":[\"https:\\\/\\\/www.facebook.com\\\/profile.php?id=100062419705358\",\"https:\\\/\\\/www.instagram.com\\\/segimon_automocio\"],\"description\":\"Recambios EcoGas \u2013 Venta y distribuci\u00f3n de sistemas GLP y GNC en Espa\u00f1a y Portugal. Env\u00edos 24 h, soporte t\u00e9cnico a talleres y distribuidores.\",\"hasMerchantReturnPolicy\":{\"@type\":\"MerchantReturnPolicy\",\"merchantReturnLink\":\"https:\\\/\\\/recambiosecogas.com\\\/politicas-privacidad\\\/\"},\"address\":{\"@id\":\"https:\\\/\\\/recambiosecogas.com\\\/pt-pt\\\/producto\\\/swicht-de-superficie-para-voltran-csi-bws\\\/#local-main-place-address\"},\"telephone\":[\"616250633\"],\"contactPoint\":{\"@type\":\"ContactPoint\",\"email\":\"export@recambiosecogas.com\"},\"openingHoursSpecification\":[{\"@type\":\"OpeningHoursSpecification\",\"dayOfWeek\":[\"Monday\",\"Tuesday\",\"Wednesday\",\"Thursday\",\"Friday\",\"Saturday\",\"Sunday\"],\"opens\":\"09:00\",\"closes\":\"17:00\"}],\"email\":\"info@recambiosecogas.com\",\"faxNumber\":\"SEGIMON AUTOMOCION SL\",\"vatID\":\"ESB19819861\",\"globalLocationNumber\":\"938 616 339\"},{\"@type\":\"PostalAddress\",\"@id\":\"https:\\\/\\\/recambiosecogas.com\\\/pt-pt\\\/producto\\\/swicht-de-superficie-para-voltran-csi-bws\\\/#local-main-place-address\",\"streetAddress\":\"cami antic de vic, 29 (Nave 3), Pol\u00edgono Industrial Congost\",\"addressLocality\":\"CORRO D`AVALL\",\"postalCode\":\"08520\",\"addressRegion\":\"Barcelona\",\"addressCountry\":\"ES\"},{\"@type\":\"ImageObject\",\"inLanguage\":\"pt-PT\",\"@id\":\"https:\\\/\\\/recambiosecogas.com\\\/pt-pt\\\/producto\\\/swicht-de-superficie-para-voltran-csi-bws\\\/#local-main-organization-logo\",\"url\":\"https:\\\/\\\/recambiosecogas.com\\\/wp-content\\\/uploads\\\/2024\\\/11\\\/cropped-RECAMBIOS-GLP-png.webp\",\"contentUrl\":\"https:\\\/\\\/recambiosecogas.com\\\/wp-content\\\/uploads\\\/2024\\\/11\\\/cropped-RECAMBIOS-GLP-png.webp\",\"width\":512,\"height\":512,\"caption\":\"Recambios EcoGas\"}]}<\/script>\n<meta property=\"product:brand\" content=\"VOLTRAN\" \/>\n<meta property=\"product:price:amount\" content=\"3.30\" \/>\n<meta property=\"product:price:currency\" content=\"EUR\" \/>\n<meta property=\"og:availability\" content=\"backorder\" \/>\n<meta property=\"product:availability\" content=\"available for order\" \/>\n<meta property=\"product:retailer_item_id\" content=\"104716\" \/>\n<meta property=\"product:condition\" content=\"new\" \/>\n<meta name=\"geo.placename\" content=\"CORRO D`AVALL\" \/>\n<meta name=\"geo.region\" content=\"Espanha\" \/>\n<!-- \/ Yoast SEO Premium plugin. -->","yoast_head_json":{"title":"Voltran CSI-BWS Switch de Superficie | Recambios EcoGas | Sistemas GLP y GNC","description":"Switch de superficie Voltran CSI-BWS para sistemas GLP con indicador de nivel de gas. Distribuidor de sistemas GLP y GNC - Envios en 24hs","robots":{"index":"index","follow":"follow","max-snippet":"max-snippet:-1","max-image-preview":"max-image-preview:large","max-video-preview":"max-video-preview:-1"},"canonical":"https:\/\/recambiosecogas.com\/pt-pt\/producto\/swicht-de-superficie-para-voltran-csi-bws\/","og_locale":"pt_PT","og_type":"article","og_title":"Voltran CSI-BWS Switch de Superficie","og_description":"Switch de superficie Voltran CSI-BWS para sistemas GLP con indicador de nivel de gas. Distribuidor de sistemas GLP y GNC - Envios en 24hs","og_url":"https:\/\/recambiosecogas.com\/pt-pt\/producto\/swicht-de-superficie-para-voltran-csi-bws\/","og_site_name":"Recambios EcoGas","article_publisher":"https:\/\/www.facebook.com\/profile.php?id=100062419705358","article_modified_time":"2026-04-27T08:23:20+00:00","og_image":[{"width":1000,"height":1000,"url":"https:\/\/recambiosecogas.com\/wp-content\/uploads\/2024\/11\/Swicht-de-superficie-para-Voltran-CSI-BWS-png.webp","type":"image\/png"}],"twitter_card":"summary_large_image","twitter_misc":{"pre\u00e7o":"3,30&nbsp;&euro; (Sin IVA: 2,73&nbsp;&euro;)","Disponibilidade":"Por encomenda"},"schema":{"@context":"https:\/\/schema.org","@graph":[{"@type":"WebPage","@id":"https:\/\/recambiosecogas.com\/pt-pt\/producto\/swicht-de-superficie-para-voltran-csi-bws\/","url":"https:\/\/recambiosecogas.com\/pt-pt\/producto\/swicht-de-superficie-para-voltran-csi-bws\/","name":"Voltran CSI-BWS Switch de Superficie | Recambios EcoGas | Sistemas GLP y GNC","isPartOf":{"@id":"https:\/\/recambiosecogas.com\/pt-pt\/#website"},"primaryImageOfPage":{"@id":"https:\/\/recambiosecogas.com\/pt-pt\/producto\/swicht-de-superficie-para-voltran-csi-bws\/#primaryimage"},"image":{"@id":"https:\/\/recambiosecogas.com\/pt-pt\/producto\/swicht-de-superficie-para-voltran-csi-bws\/#primaryimage"},"thumbnailUrl":"https:\/\/recambiosecogas.com\/wp-content\/uploads\/2024\/11\/Swicht-de-superficie-para-Voltran-CSI-BWS-png.webp","datePublished":"2024-11-20T16:31:16+00:00","dateModified":"2026-04-27T08:23:20+00:00","description":"Switch de superficie Voltran CSI-BWS para sistemas GLP con indicador de nivel de gas. Distribuidor de sistemas GLP y GNC - Envios en 24hs","breadcrumb":{"@id":"https:\/\/recambiosecogas.com\/pt-pt\/producto\/swicht-de-superficie-para-voltran-csi-bws\/#breadcrumb"},"inLanguage":"pt-PT","potentialAction":[{"@type":"ReadAction","target":["https:\/\/recambiosecogas.com\/pt-pt\/producto\/swicht-de-superficie-para-voltran-csi-bws\/"]}]},{"@type":"ImageObject","inLanguage":"pt-PT","@id":"https:\/\/recambiosecogas.com\/pt-pt\/producto\/swicht-de-superficie-para-voltran-csi-bws\/#primaryimage","url":"https:\/\/recambiosecogas.com\/wp-content\/uploads\/2024\/11\/Swicht-de-superficie-para-Voltran-CSI-BWS-png.webp","contentUrl":"https:\/\/recambiosecogas.com\/wp-content\/uploads\/2024\/11\/Swicht-de-superficie-para-Voltran-CSI-BWS-png.webp","width":1000,"height":1000},{"@type":"BreadcrumbList","@id":"https:\/\/recambiosecogas.com\/pt-pt\/producto\/swicht-de-superficie-para-voltran-csi-bws\/#breadcrumb","itemListElement":[{"@type":"ListItem","position":1,"name":"P\u00e1gina inicial","item":"https:\/\/recambiosecogas.com\/pt-pt\/"},{"@type":"ListItem","position":2,"name":"Loja","item":"https:\/\/recambiosecogas.com\/pt-pt\/tienda\/"},{"@type":"ListItem","position":3,"name":"Voltran CSI-BWS Switch de Superficie"}]},{"@type":"WebSite","@id":"https:\/\/recambiosecogas.com\/pt-pt\/#website","url":"https:\/\/recambiosecogas.com\/pt-pt\/","name":"Recambios EcoGas","description":"Pe\u00e7as multimarca para sistemas de GPL\/GNC\/GNL\/Hidrog\u00e9nio","publisher":{"@id":"https:\/\/recambiosecogas.com\/pt-pt\/#organization"},"alternateName":"Recambios Autogas GLP","potentialAction":[{"@type":"SearchAction","target":{"@type":"EntryPoint","urlTemplate":"https:\/\/recambiosecogas.com\/pt-pt\/?s={search_term_string}"},"query-input":{"@type":"PropertyValueSpecification","valueRequired":true,"valueName":"search_term_string"}}],"inLanguage":"pt-PT"},{"@type":["Organization","Place"],"@id":"https:\/\/recambiosecogas.com\/pt-pt\/#organization","name":"Recambios EcoGas","alternateName":"Loja de GPL Autog\u00e1s Espanha","url":"https:\/\/recambiosecogas.com\/pt-pt\/","logo":{"@id":"https:\/\/recambiosecogas.com\/pt-pt\/producto\/swicht-de-superficie-para-voltran-csi-bws\/#local-main-organization-logo"},"image":{"@id":"https:\/\/recambiosecogas.com\/pt-pt\/producto\/swicht-de-superficie-para-voltran-csi-bws\/#local-main-organization-logo"},"sameAs":["https:\/\/www.facebook.com\/profile.php?id=100062419705358","https:\/\/www.instagram.com\/segimon_automocio"],"description":"Recambios EcoGas \u2013 Venta y distribuci\u00f3n de sistemas GLP y GNC en Espa\u00f1a y Portugal. Env\u00edos 24 h, soporte t\u00e9cnico a talleres y distribuidores.","hasMerchantReturnPolicy":{"@type":"MerchantReturnPolicy","merchantReturnLink":"https:\/\/recambiosecogas.com\/politicas-privacidad\/"},"address":{"@id":"https:\/\/recambiosecogas.com\/pt-pt\/producto\/swicht-de-superficie-para-voltran-csi-bws\/#local-main-place-address"},"telephone":["616250633"],"contactPoint":{"@type":"ContactPoint","email":"export@recambiosecogas.com"},"openingHoursSpecification":[{"@type":"OpeningHoursSpecification","dayOfWeek":["Monday","Tuesday","Wednesday","Thursday","Friday","Saturday","Sunday"],"opens":"09:00","closes":"17:00"}],"email":"info@recambiosecogas.com","faxNumber":"SEGIMON AUTOMOCION SL","vatID":"ESB19819861","globalLocationNumber":"938 616 339"},{"@type":"PostalAddress","@id":"https:\/\/recambiosecogas.com\/pt-pt\/producto\/swicht-de-superficie-para-voltran-csi-bws\/#local-main-place-address","streetAddress":"cami antic de vic, 29 (Nave 3), Pol\u00edgono Industrial Congost","addressLocality":"CORRO D`AVALL","postalCode":"08520","addressRegion":"Barcelona","addressCountry":"ES"},{"@type":"ImageObject","inLanguage":"pt-PT","@id":"https:\/\/recambiosecogas.com\/pt-pt\/producto\/swicht-de-superficie-para-voltran-csi-bws\/#local-main-organization-logo","url":"https:\/\/recambiosecogas.com\/wp-content\/uploads\/2024\/11\/cropped-RECAMBIOS-GLP-png.webp","contentUrl":"https:\/\/recambiosecogas.com\/wp-content\/uploads\/2024\/11\/cropped-RECAMBIOS-GLP-png.webp","width":512,"height":512,"caption":"Recambios EcoGas"}]},"product_brand":"VOLTRAN","product_price_amount":"3.30","product_price_currency":"EUR","og_availability":"backorder","product_availability":"available for order","product_retailer_item_id":"104716","product_condition":"new","geo.placename":"CORRO D`AVALL","geo.region":"Espanha"},"uagb_featured_image_src":{"full":["https:\/\/recambiosecogas.com\/wp-content\/uploads\/2024\/11\/Swicht-de-superficie-para-Voltran-CSI-BWS-png.webp",1000,1000,false],"thumbnail":["https:\/\/recambiosecogas.com\/wp-content\/uploads\/2024\/11\/Swicht-de-superficie-para-Voltran-CSI-BWS-150x150.webp",150,150,true],"medium":["https:\/\/recambiosecogas.com\/wp-content\/uploads\/2024\/11\/Swicht-de-superficie-para-Voltran-CSI-BWS-300x300.webp",300,300,true],"medium_large":["https:\/\/recambiosecogas.com\/wp-content\/uploads\/2024\/11\/Swicht-de-superficie-para-Voltran-CSI-BWS-768x768.webp",768,768,true],"large":["https:\/\/recambiosecogas.com\/wp-content\/uploads\/2024\/11\/Swicht-de-superficie-para-Voltran-CSI-BWS-png.webp",1000,1000,false],"1536x1536":["https:\/\/recambiosecogas.com\/wp-content\/uploads\/2024\/11\/Swicht-de-superficie-para-Voltran-CSI-BWS-png.webp",1000,1000,false],"2048x2048":["https:\/\/recambiosecogas.com\/wp-content\/uploads\/2024\/11\/Swicht-de-superficie-para-Voltran-CSI-BWS-png.webp",1000,1000,false],"woocommerce_archive_thumbnail":["https:\/\/recambiosecogas.com\/wp-content\/uploads\/2024\/11\/Swicht-de-superficie-para-Voltran-CSI-BWS-png.webp",1000,1000,false],"woocommerce_thumbnail":["https:\/\/recambiosecogas.com\/wp-content\/uploads\/2024\/11\/Swicht-de-superficie-para-Voltran-CSI-BWS-png-300x300.webp",300,300,true],"woocommerce_single":["https:\/\/recambiosecogas.com\/wp-content\/uploads\/2024\/11\/Swicht-de-superficie-para-Voltran-CSI-BWS-png.webp",1000,1000,false],"woocommerce_gallery_thumbnail":["https:\/\/recambiosecogas.com\/wp-content\/uploads\/2024\/11\/Swicht-de-superficie-para-Voltran-CSI-BWS-png.webp",1000,1000,false],"dgwt-wcas-product-suggestion":["https:\/\/recambiosecogas.com\/wp-content\/uploads\/2024\/11\/Swicht-de-superficie-para-Voltran-CSI-BWS-png-64x64.webp",64,64,true]},"uagb_author_info":{"display_name":"Fran - Soporte T\u00e9cnico","author_link":"https:\/\/recambiosecogas.com\/pt-pt\/author\/"},"uagb_comment_info":0,"uagb_excerpt":"Swicht de superficie para Voltran CSI-BWS","_links":{"self":[{"href":"https:\/\/recambiosecogas.com\/pt-pt\/wp-json\/wp\/v2\/product\/7363","targetHints":{"allow":["GET"]}}],"collection":[{"href":"https:\/\/recambiosecogas.com\/pt-pt\/wp-json\/wp\/v2\/product"}],"about":[{"href":"https:\/\/recambiosecogas.com\/pt-pt\/wp-json\/wp\/v2\/types\/product"}],"replies":[{"embeddable":true,"href":"https:\/\/recambiosecogas.com\/pt-pt\/wp-json\/wp\/v2\/comments?post=7363"}],"wp:featuredmedia":[{"embeddable":true,"href":"https:\/\/recambiosecogas.com\/pt-pt\/wp-json\/wp\/v2\/media\/7472"}],"wp:attachment":[{"href":"https:\/\/recambiosecogas.com\/pt-pt\/wp-json\/wp\/v2\/media?parent=7363"}],"wp:term":[{"taxonomy":"product_brand","embeddable":true,"href":"https:\/\/recambiosecogas.com\/pt-pt\/wp-json\/wp\/v2\/product_brand?post=7363"},{"taxonomy":"product_cat","embeddable":true,"href":"https:\/\/recambiosecogas.com\/pt-pt\/wp-json\/wp\/v2\/product_cat?post=7363"},{"taxonomy":"product_tag","embeddable":true,"href":"https:\/\/recambiosecogas.com\/pt-pt\/wp-json\/wp\/v2\/product_tag?post=7363"}],"curies":[{"name":"wp","href":"https:\/\/api.w.org\/{rel}","templated":true}]}}