{"id":7327,"date":"2024-11-20T16:30:09","date_gmt":"2024-11-20T16:30:09","guid":{"rendered":"https:\/\/recambiosecogas.com\/producto\/brc-sq-32-switch-de-dos-posiciones-4-pins\/"},"modified":"2026-04-27T09:23:26","modified_gmt":"2026-04-27T08:23:26","slug":"brc-sq-32-switch-de-dos-posiciones-4-pins","status":"publish","type":"product","link":"https:\/\/recambiosecogas.com\/pt-pt\/producto\/brc-sq-32-switch-de-dos-posiciones-4-pins\/","title":{"rendered":"BRC SQ 32 Switch de dos posiciones ( 4 pins)"},"content":{"rendered":"<h1 data-start=\"240\" data-end=\"285\">BRC SQ 32 switch dos posiciones 4 pines GLP<\/h1>\n<p data-start=\"287\" data-end=\"560\">El <strong data-start=\"290\" data-end=\"337\">BRC SQ 32 switch dos posiciones 4 pines GLP<\/strong> es un conmutador dise\u00f1ado para gestionar el cambio entre gasolina y gas en sistemas Autogas BRC. Dispone de dos posiciones de funcionamiento y conexi\u00f3n de 4 pines para integraci\u00f3n directa con la centralita correspondiente.<\/p>\n<p data-start=\"562\" data-end=\"766\">Este modelo no es compatible directamente con versiones anteriores de 5 pines. En caso de disponer del modelo antiguo de 5 pines, ser\u00e1 necesario adquirir por separado el cable adaptador referencia 124675.<\/p>\n<hr data-start=\"768\" data-end=\"771\" \/>\n<h2 data-start=\"773\" data-end=\"827\">Conmutador BRC de 2 posiciones con conector 4 pines<\/h2>\n<div class=\"TyagGW_tableContainer\">\n<div class=\"group TyagGW_tableWrapper flex flex-col-reverse w-fit\" tabindex=\"-1\">\n<table class=\"w-fit min-w-(--thread-content-width)\" data-start=\"829\" data-end=\"1099\">\n<thead data-start=\"829\" data-end=\"857\">\n<tr data-start=\"829\" data-end=\"857\">\n<th class=\"\" data-start=\"829\" data-end=\"846\" data-col-size=\"sm\">Caracter\u00edstica<\/th>\n<th class=\"\" data-start=\"846\" data-end=\"857\" data-col-size=\"sm\">Detalle<\/th>\n<\/tr>\n<\/thead>\n<tbody data-start=\"887\" data-end=\"1099\">\n<tr data-start=\"887\" data-end=\"921\">\n<td data-start=\"887\" data-end=\"898\" data-col-size=\"sm\">Producto<\/td>\n<td data-start=\"898\" data-end=\"921\" data-col-size=\"sm\">Switch \/ Conmutador<\/td>\n<\/tr>\n<tr data-start=\"922\" data-end=\"937\">\n<td data-start=\"922\" data-end=\"930\" data-col-size=\"sm\">Marca<\/td>\n<td data-start=\"930\" data-end=\"937\" data-col-size=\"sm\">BRC<\/td>\n<\/tr>\n<tr data-start=\"938\" data-end=\"956\">\n<td data-start=\"938\" data-end=\"947\" data-col-size=\"sm\">Modelo<\/td>\n<td data-start=\"947\" data-end=\"956\" data-col-size=\"sm\">SQ 32<\/td>\n<\/tr>\n<tr data-start=\"957\" data-end=\"975\">\n<td data-start=\"957\" data-end=\"970\" data-col-size=\"sm\">Posiciones<\/td>\n<td data-start=\"970\" data-end=\"975\" data-col-size=\"sm\">2<\/td>\n<\/tr>\n<tr data-start=\"976\" data-end=\"998\">\n<td data-start=\"976\" data-end=\"987\" data-col-size=\"sm\">Conector<\/td>\n<td data-start=\"987\" data-end=\"998\" data-col-size=\"sm\">4 pines<\/td>\n<\/tr>\n<tr data-start=\"999\" data-end=\"1037\">\n<td data-start=\"999\" data-end=\"1012\" data-col-size=\"sm\">Aplicaci\u00f3n<\/td>\n<td data-start=\"1012\" data-end=\"1037\" data-col-size=\"sm\">Cambio gasolina \/ gas<\/td>\n<\/tr>\n<tr data-start=\"1038\" data-end=\"1059\">\n<td data-start=\"1038\" data-end=\"1052\" data-col-size=\"sm\">Combustible<\/td>\n<td data-col-size=\"sm\" data-start=\"1052\" data-end=\"1059\">GLP<\/td>\n<\/tr>\n<tr data-start=\"1060\" data-end=\"1099\">\n<td data-start=\"1060\" data-end=\"1074\" data-col-size=\"sm\">Instalaci\u00f3n<\/td>\n<td data-start=\"1074\" data-end=\"1099\" data-col-size=\"sm\">Interior del veh\u00edculo<\/td>\n<\/tr>\n<\/tbody>\n<\/table>\n<\/div>\n<\/div>\n<hr data-start=\"1101\" data-end=\"1104\" \/>\n<h2 data-start=\"1106\" data-end=\"1136\">Compatibilidad y adaptaci\u00f3n<\/h2>\n<p data-start=\"1138\" data-end=\"1227\">Compatible con sistemas BRC que utilicen conmutador modelo SQ 32 con conexi\u00f3n de 4 pines.<\/p>\n<p data-start=\"1229\" data-end=\"1329\">Para sustituci\u00f3n de versiones antiguas de 5 pines, se requiere cable adaptador 124675 (no incluido).<\/p>\n<p data-start=\"1331\" data-end=\"1387\">Verificar siempre el n\u00famero de pines antes de la compra.<\/p>\n<hr data-start=\"1389\" data-end=\"1392\" \/>\n<h2 data-start=\"1394\" data-end=\"1414\">Ventajas t\u00e9cnicas<\/h2>\n<ul data-start=\"1416\" data-end=\"1625\">\n<li data-start=\"1416\" data-end=\"1446\">\n<p data-start=\"1418\" data-end=\"1446\">Selector de dos posiciones<\/p>\n<\/li>\n<li data-start=\"1447\" data-end=\"1480\">\n<p data-start=\"1449\" data-end=\"1480\">Conexi\u00f3n el\u00e9ctrica de 4 pines<\/p>\n<\/li>\n<li data-start=\"1481\" data-end=\"1524\">\n<p data-start=\"1483\" data-end=\"1524\">Integraci\u00f3n espec\u00edfica con sistemas BRC<\/p>\n<\/li>\n<li data-start=\"1525\" data-end=\"1573\">\n<p data-start=\"1527\" data-end=\"1573\">Soluci\u00f3n de actualizaci\u00f3n mediante adaptador<\/p>\n<\/li>\n<li data-start=\"1574\" data-end=\"1625\">\n<p data-start=\"1576\" data-end=\"1625\">Recambio t\u00e9cnico para mantenimiento profesional<\/p>\n<\/li>\n<\/ul>\n<hr data-start=\"1627\" data-end=\"1630\" \/>\n<h2 data-start=\"1632\" data-end=\"1638\">FAQ<\/h2>\n<p data-start=\"1640\" data-end=\"1744\"><strong data-start=\"1640\" data-end=\"1692\">\u00bfEs compatible con el modelo antiguo de 5 pines?<\/strong><br data-start=\"1692\" data-end=\"1695\" \/>No directamente. Se necesita el adaptador 124675.<\/p>\n<p data-start=\"1746\" data-end=\"1817\"><strong data-start=\"1746\" data-end=\"1783\">\u00bfCu\u00e1ntos pines tiene este modelo?<\/strong><br data-start=\"1783\" data-end=\"1786\" \/>Dispone de conexi\u00f3n de 4 pines.<\/p>\n<p data-start=\"1819\" data-end=\"1903\"><strong data-start=\"1819\" data-end=\"1851\">\u00bfPara qu\u00e9 sirve este switch?<\/strong><br data-start=\"1851\" data-end=\"1854\" \/>Permite gestionar el cambio entre gasolina y gas.<\/p>\n<p data-start=\"1905\" data-end=\"2002\"><strong data-start=\"1905\" data-end=\"1943\">\u00bfRequiere instalaci\u00f3n profesional?<\/strong><br data-start=\"1943\" data-end=\"1946\" \/>S\u00ed, se recomienda instalaci\u00f3n por t\u00e9cnico especializado.<\/p>\n","protected":false},"excerpt":{"rendered":"<p>Switch BRC SQ 32 de dos posiciones con conector de 4 pines para sistemas Autogas GLP. No compatible directamente con versi\u00f3n 5 pines; necesitar\u00e1s adquirir por separado el cable adaptador 124675.<\/p>\n","protected":false},"featured_media":7641,"comment_status":"closed","ping_status":"closed","template":"","meta":{"_uag_custom_page_level_css":""},"product_brand":[979],"product_cat":[1094,1525,1537],"product_tag":[],"class_list":{"0":"post-7327","1":"product","2":"type-product","3":"status-publish","4":"has-post-thumbnail","6":"product_brand-brc-mtm-glp","7":"product_cat-brc-pt-pt","8":"product_cat-eletronica","9":"product_cat-interruptores-pt-pt","11":"first","12":"onbackorder","13":"taxable","14":"shipping-taxable","15":"purchasable","16":"product-type-simple"},"ct_brands":[{"id":979,"name":"BRC","slug":"brc-mtm-glp"}],"yoast_head":"<!-- This site is optimized with the Yoast SEO Premium plugin v27.5 (Yoast SEO v27.6) - https:\/\/yoast.com\/product\/yoast-seo-premium-wordpress\/ -->\n<title>BRC SQ 32 Switch de dos posiciones ( 4 pins) | Recambios EcoGas<\/title>\n<meta name=\"description\" content=\"BRC SQ 32 switch dos posiciones 4 pines GLP para sistemas Autogas. Conmutador original BRC para cambio gasolina-gas.\" \/>\n<meta name=\"robots\" content=\"index, follow, max-snippet:-1, max-image-preview:large, max-video-preview:-1\" \/>\n<link rel=\"canonical\" href=\"https:\/\/recambiosecogas.com\/pt-pt\/producto\/brc-sq-32-switch-de-dos-posiciones-4-pins\/\" \/>\n<meta property=\"og:locale\" content=\"pt_PT\" \/>\n<meta property=\"og:type\" content=\"article\" \/>\n<meta property=\"og:title\" content=\"BRC SQ 32 Switch de dos posiciones ( 4 pins)\" \/>\n<meta property=\"og:description\" content=\"BRC SQ 32 switch dos posiciones 4 pines GLP para sistemas Autogas. Conmutador original BRC para cambio gasolina-gas.\" \/>\n<meta property=\"og:url\" content=\"https:\/\/recambiosecogas.com\/pt-pt\/producto\/brc-sq-32-switch-de-dos-posiciones-4-pins\/\" \/>\n<meta property=\"og:site_name\" content=\"Recambios EcoGas\" \/>\n<meta property=\"article:publisher\" content=\"https:\/\/www.facebook.com\/profile.php?id=100062419705358\" \/>\n<meta property=\"article:modified_time\" content=\"2026-04-27T08:23:26+00:00\" \/>\n<meta property=\"og:image\" content=\"https:\/\/recambiosecogas.com\/wp-content\/uploads\/2024\/11\/BRC-SQ-32-Switch-de-dos-posiciones-4-pins-png.webp\" \/>\n\t<meta property=\"og:image:width\" content=\"1000\" \/>\n\t<meta property=\"og:image:height\" content=\"1000\" \/>\n\t<meta property=\"og:image:type\" content=\"image\/png\" \/>\n<meta name=\"twitter:card\" content=\"summary_large_image\" \/>\n<meta name=\"twitter:label1\" content=\"pre\u00e7o\" \/>\n\t<meta name=\"twitter:data1\" content=\"37,18&nbsp;&euro; (Sin IVA: 30,73&nbsp;&euro;)\" \/>\n\t<meta name=\"twitter:label2\" content=\"Disponibilidade\" \/>\n\t<meta name=\"twitter:data2\" content=\"Por encomenda\" \/>\n<script type=\"application\/ld+json\" class=\"yoast-schema-graph\">{\"@context\":\"https:\\\/\\\/schema.org\",\"@graph\":[{\"@type\":\"WebPage\",\"@id\":\"https:\\\/\\\/recambiosecogas.com\\\/pt-pt\\\/producto\\\/brc-sq-32-switch-de-dos-posiciones-4-pins\\\/\",\"url\":\"https:\\\/\\\/recambiosecogas.com\\\/pt-pt\\\/producto\\\/brc-sq-32-switch-de-dos-posiciones-4-pins\\\/\",\"name\":\"BRC SQ 32 Switch de dos posiciones ( 4 pins) | Recambios EcoGas\",\"isPartOf\":{\"@id\":\"https:\\\/\\\/recambiosecogas.com\\\/pt-pt\\\/#website\"},\"primaryImageOfPage\":{\"@id\":\"https:\\\/\\\/recambiosecogas.com\\\/pt-pt\\\/producto\\\/brc-sq-32-switch-de-dos-posiciones-4-pins\\\/#primaryimage\"},\"image\":{\"@id\":\"https:\\\/\\\/recambiosecogas.com\\\/pt-pt\\\/producto\\\/brc-sq-32-switch-de-dos-posiciones-4-pins\\\/#primaryimage\"},\"thumbnailUrl\":\"https:\\\/\\\/recambiosecogas.com\\\/wp-content\\\/uploads\\\/2024\\\/11\\\/BRC-SQ-32-Switch-de-dos-posiciones-4-pins-png.webp\",\"datePublished\":\"2024-11-20T16:30:09+00:00\",\"dateModified\":\"2026-04-27T08:23:26+00:00\",\"description\":\"BRC SQ 32 switch dos posiciones 4 pines GLP para sistemas Autogas. Conmutador original BRC para cambio gasolina-gas.\",\"breadcrumb\":{\"@id\":\"https:\\\/\\\/recambiosecogas.com\\\/pt-pt\\\/producto\\\/brc-sq-32-switch-de-dos-posiciones-4-pins\\\/#breadcrumb\"},\"inLanguage\":\"pt-PT\",\"potentialAction\":[{\"@type\":\"ReadAction\",\"target\":[\"https:\\\/\\\/recambiosecogas.com\\\/pt-pt\\\/producto\\\/brc-sq-32-switch-de-dos-posiciones-4-pins\\\/\"]}]},{\"@type\":\"ImageObject\",\"inLanguage\":\"pt-PT\",\"@id\":\"https:\\\/\\\/recambiosecogas.com\\\/pt-pt\\\/producto\\\/brc-sq-32-switch-de-dos-posiciones-4-pins\\\/#primaryimage\",\"url\":\"https:\\\/\\\/recambiosecogas.com\\\/wp-content\\\/uploads\\\/2024\\\/11\\\/BRC-SQ-32-Switch-de-dos-posiciones-4-pins-png.webp\",\"contentUrl\":\"https:\\\/\\\/recambiosecogas.com\\\/wp-content\\\/uploads\\\/2024\\\/11\\\/BRC-SQ-32-Switch-de-dos-posiciones-4-pins-png.webp\",\"width\":1000,\"height\":1000},{\"@type\":\"BreadcrumbList\",\"@id\":\"https:\\\/\\\/recambiosecogas.com\\\/pt-pt\\\/producto\\\/brc-sq-32-switch-de-dos-posiciones-4-pins\\\/#breadcrumb\",\"itemListElement\":[{\"@type\":\"ListItem\",\"position\":1,\"name\":\"P\u00e1gina inicial\",\"item\":\"https:\\\/\\\/recambiosecogas.com\\\/pt-pt\\\/\"},{\"@type\":\"ListItem\",\"position\":2,\"name\":\"Loja\",\"item\":\"https:\\\/\\\/recambiosecogas.com\\\/pt-pt\\\/tienda\\\/\"},{\"@type\":\"ListItem\",\"position\":3,\"name\":\"BRC SQ 32 Switch de dos posiciones ( 4 pins)\"}]},{\"@type\":\"WebSite\",\"@id\":\"https:\\\/\\\/recambiosecogas.com\\\/pt-pt\\\/#website\",\"url\":\"https:\\\/\\\/recambiosecogas.com\\\/pt-pt\\\/\",\"name\":\"Recambios EcoGas\",\"description\":\"Pe\u00e7as multimarca para sistemas de GPL\\\/GNC\\\/GNL\\\/Hidrog\u00e9nio\",\"publisher\":{\"@id\":\"https:\\\/\\\/recambiosecogas.com\\\/pt-pt\\\/#organization\"},\"alternateName\":\"Recambios Autogas GLP\",\"potentialAction\":[{\"@type\":\"SearchAction\",\"target\":{\"@type\":\"EntryPoint\",\"urlTemplate\":\"https:\\\/\\\/recambiosecogas.com\\\/pt-pt\\\/?s={search_term_string}\"},\"query-input\":{\"@type\":\"PropertyValueSpecification\",\"valueRequired\":true,\"valueName\":\"search_term_string\"}}],\"inLanguage\":\"pt-PT\"},{\"@type\":[\"Organization\",\"Place\"],\"@id\":\"https:\\\/\\\/recambiosecogas.com\\\/pt-pt\\\/#organization\",\"name\":\"Recambios EcoGas\",\"alternateName\":\"Loja de GPL Autog\u00e1s Espanha\",\"url\":\"https:\\\/\\\/recambiosecogas.com\\\/pt-pt\\\/\",\"logo\":{\"@id\":\"https:\\\/\\\/recambiosecogas.com\\\/pt-pt\\\/producto\\\/brc-sq-32-switch-de-dos-posiciones-4-pins\\\/#local-main-organization-logo\"},\"image\":{\"@id\":\"https:\\\/\\\/recambiosecogas.com\\\/pt-pt\\\/producto\\\/brc-sq-32-switch-de-dos-posiciones-4-pins\\\/#local-main-organization-logo\"},\"sameAs\":[\"https:\\\/\\\/www.facebook.com\\\/profile.php?id=100062419705358\",\"https:\\\/\\\/www.instagram.com\\\/segimon_automocio\"],\"description\":\"Recambios EcoGas \u2013 Venta y distribuci\u00f3n de sistemas GLP y GNC en Espa\u00f1a y Portugal. Env\u00edos 24 h, soporte t\u00e9cnico a talleres y distribuidores.\",\"hasMerchantReturnPolicy\":{\"@type\":\"MerchantReturnPolicy\",\"merchantReturnLink\":\"https:\\\/\\\/recambiosecogas.com\\\/politicas-privacidad\\\/\"},\"address\":{\"@id\":\"https:\\\/\\\/recambiosecogas.com\\\/pt-pt\\\/producto\\\/brc-sq-32-switch-de-dos-posiciones-4-pins\\\/#local-main-place-address\"},\"telephone\":[\"616250633\"],\"contactPoint\":{\"@type\":\"ContactPoint\",\"email\":\"export@recambiosecogas.com\"},\"openingHoursSpecification\":[{\"@type\":\"OpeningHoursSpecification\",\"dayOfWeek\":[\"Monday\",\"Tuesday\",\"Wednesday\",\"Thursday\",\"Friday\",\"Saturday\",\"Sunday\"],\"opens\":\"09:00\",\"closes\":\"17:00\"}],\"email\":\"info@recambiosecogas.com\",\"faxNumber\":\"SEGIMON AUTOMOCION SL\",\"vatID\":\"ESB19819861\",\"globalLocationNumber\":\"938 616 339\"},{\"@type\":\"PostalAddress\",\"@id\":\"https:\\\/\\\/recambiosecogas.com\\\/pt-pt\\\/producto\\\/brc-sq-32-switch-de-dos-posiciones-4-pins\\\/#local-main-place-address\",\"streetAddress\":\"cami antic de vic, 29 (Nave 3), Pol\u00edgono Industrial Congost\",\"addressLocality\":\"CORRO D`AVALL\",\"postalCode\":\"08520\",\"addressRegion\":\"Barcelona\",\"addressCountry\":\"ES\"},{\"@type\":\"ImageObject\",\"inLanguage\":\"pt-PT\",\"@id\":\"https:\\\/\\\/recambiosecogas.com\\\/pt-pt\\\/producto\\\/brc-sq-32-switch-de-dos-posiciones-4-pins\\\/#local-main-organization-logo\",\"url\":\"https:\\\/\\\/recambiosecogas.com\\\/wp-content\\\/uploads\\\/2024\\\/11\\\/cropped-RECAMBIOS-GLP-png.webp\",\"contentUrl\":\"https:\\\/\\\/recambiosecogas.com\\\/wp-content\\\/uploads\\\/2024\\\/11\\\/cropped-RECAMBIOS-GLP-png.webp\",\"width\":512,\"height\":512,\"caption\":\"Recambios EcoGas\"}]}<\/script>\n<meta property=\"product:brand\" content=\"BRC\" \/>\n<meta property=\"product:price:amount\" content=\"37.18\" \/>\n<meta property=\"product:price:currency\" content=\"EUR\" \/>\n<meta property=\"og:availability\" content=\"backorder\" \/>\n<meta property=\"product:availability\" content=\"available for order\" \/>\n<meta property=\"product:retailer_item_id\" content=\"107194\" \/>\n<meta property=\"product:condition\" content=\"new\" \/>\n<meta name=\"geo.placename\" content=\"CORRO D`AVALL\" \/>\n<meta name=\"geo.region\" content=\"Espanha\" \/>\n<!-- \/ Yoast SEO Premium plugin. -->","yoast_head_json":{"title":"BRC SQ 32 Switch de dos posiciones ( 4 pins) | Recambios EcoGas","description":"BRC SQ 32 switch dos posiciones 4 pines GLP para sistemas Autogas. Conmutador original BRC para cambio gasolina-gas.","robots":{"index":"index","follow":"follow","max-snippet":"max-snippet:-1","max-image-preview":"max-image-preview:large","max-video-preview":"max-video-preview:-1"},"canonical":"https:\/\/recambiosecogas.com\/pt-pt\/producto\/brc-sq-32-switch-de-dos-posiciones-4-pins\/","og_locale":"pt_PT","og_type":"article","og_title":"BRC SQ 32 Switch de dos posiciones ( 4 pins)","og_description":"BRC SQ 32 switch dos posiciones 4 pines GLP para sistemas Autogas. Conmutador original BRC para cambio gasolina-gas.","og_url":"https:\/\/recambiosecogas.com\/pt-pt\/producto\/brc-sq-32-switch-de-dos-posiciones-4-pins\/","og_site_name":"Recambios EcoGas","article_publisher":"https:\/\/www.facebook.com\/profile.php?id=100062419705358","article_modified_time":"2026-04-27T08:23:26+00:00","og_image":[{"width":1000,"height":1000,"url":"https:\/\/recambiosecogas.com\/wp-content\/uploads\/2024\/11\/BRC-SQ-32-Switch-de-dos-posiciones-4-pins-png.webp","type":"image\/png"}],"twitter_card":"summary_large_image","twitter_misc":{"pre\u00e7o":"37,18&nbsp;&euro; (Sin IVA: 30,73&nbsp;&euro;)","Disponibilidade":"Por encomenda"},"schema":{"@context":"https:\/\/schema.org","@graph":[{"@type":"WebPage","@id":"https:\/\/recambiosecogas.com\/pt-pt\/producto\/brc-sq-32-switch-de-dos-posiciones-4-pins\/","url":"https:\/\/recambiosecogas.com\/pt-pt\/producto\/brc-sq-32-switch-de-dos-posiciones-4-pins\/","name":"BRC SQ 32 Switch de dos posiciones ( 4 pins) | Recambios EcoGas","isPartOf":{"@id":"https:\/\/recambiosecogas.com\/pt-pt\/#website"},"primaryImageOfPage":{"@id":"https:\/\/recambiosecogas.com\/pt-pt\/producto\/brc-sq-32-switch-de-dos-posiciones-4-pins\/#primaryimage"},"image":{"@id":"https:\/\/recambiosecogas.com\/pt-pt\/producto\/brc-sq-32-switch-de-dos-posiciones-4-pins\/#primaryimage"},"thumbnailUrl":"https:\/\/recambiosecogas.com\/wp-content\/uploads\/2024\/11\/BRC-SQ-32-Switch-de-dos-posiciones-4-pins-png.webp","datePublished":"2024-11-20T16:30:09+00:00","dateModified":"2026-04-27T08:23:26+00:00","description":"BRC SQ 32 switch dos posiciones 4 pines GLP para sistemas Autogas. Conmutador original BRC para cambio gasolina-gas.","breadcrumb":{"@id":"https:\/\/recambiosecogas.com\/pt-pt\/producto\/brc-sq-32-switch-de-dos-posiciones-4-pins\/#breadcrumb"},"inLanguage":"pt-PT","potentialAction":[{"@type":"ReadAction","target":["https:\/\/recambiosecogas.com\/pt-pt\/producto\/brc-sq-32-switch-de-dos-posiciones-4-pins\/"]}]},{"@type":"ImageObject","inLanguage":"pt-PT","@id":"https:\/\/recambiosecogas.com\/pt-pt\/producto\/brc-sq-32-switch-de-dos-posiciones-4-pins\/#primaryimage","url":"https:\/\/recambiosecogas.com\/wp-content\/uploads\/2024\/11\/BRC-SQ-32-Switch-de-dos-posiciones-4-pins-png.webp","contentUrl":"https:\/\/recambiosecogas.com\/wp-content\/uploads\/2024\/11\/BRC-SQ-32-Switch-de-dos-posiciones-4-pins-png.webp","width":1000,"height":1000},{"@type":"BreadcrumbList","@id":"https:\/\/recambiosecogas.com\/pt-pt\/producto\/brc-sq-32-switch-de-dos-posiciones-4-pins\/#breadcrumb","itemListElement":[{"@type":"ListItem","position":1,"name":"P\u00e1gina inicial","item":"https:\/\/recambiosecogas.com\/pt-pt\/"},{"@type":"ListItem","position":2,"name":"Loja","item":"https:\/\/recambiosecogas.com\/pt-pt\/tienda\/"},{"@type":"ListItem","position":3,"name":"BRC SQ 32 Switch de dos posiciones ( 4 pins)"}]},{"@type":"WebSite","@id":"https:\/\/recambiosecogas.com\/pt-pt\/#website","url":"https:\/\/recambiosecogas.com\/pt-pt\/","name":"Recambios EcoGas","description":"Pe\u00e7as multimarca para sistemas de GPL\/GNC\/GNL\/Hidrog\u00e9nio","publisher":{"@id":"https:\/\/recambiosecogas.com\/pt-pt\/#organization"},"alternateName":"Recambios Autogas GLP","potentialAction":[{"@type":"SearchAction","target":{"@type":"EntryPoint","urlTemplate":"https:\/\/recambiosecogas.com\/pt-pt\/?s={search_term_string}"},"query-input":{"@type":"PropertyValueSpecification","valueRequired":true,"valueName":"search_term_string"}}],"inLanguage":"pt-PT"},{"@type":["Organization","Place"],"@id":"https:\/\/recambiosecogas.com\/pt-pt\/#organization","name":"Recambios EcoGas","alternateName":"Loja de GPL Autog\u00e1s Espanha","url":"https:\/\/recambiosecogas.com\/pt-pt\/","logo":{"@id":"https:\/\/recambiosecogas.com\/pt-pt\/producto\/brc-sq-32-switch-de-dos-posiciones-4-pins\/#local-main-organization-logo"},"image":{"@id":"https:\/\/recambiosecogas.com\/pt-pt\/producto\/brc-sq-32-switch-de-dos-posiciones-4-pins\/#local-main-organization-logo"},"sameAs":["https:\/\/www.facebook.com\/profile.php?id=100062419705358","https:\/\/www.instagram.com\/segimon_automocio"],"description":"Recambios EcoGas \u2013 Venta y distribuci\u00f3n de sistemas GLP y GNC en Espa\u00f1a y Portugal. Env\u00edos 24 h, soporte t\u00e9cnico a talleres y distribuidores.","hasMerchantReturnPolicy":{"@type":"MerchantReturnPolicy","merchantReturnLink":"https:\/\/recambiosecogas.com\/politicas-privacidad\/"},"address":{"@id":"https:\/\/recambiosecogas.com\/pt-pt\/producto\/brc-sq-32-switch-de-dos-posiciones-4-pins\/#local-main-place-address"},"telephone":["616250633"],"contactPoint":{"@type":"ContactPoint","email":"export@recambiosecogas.com"},"openingHoursSpecification":[{"@type":"OpeningHoursSpecification","dayOfWeek":["Monday","Tuesday","Wednesday","Thursday","Friday","Saturday","Sunday"],"opens":"09:00","closes":"17:00"}],"email":"info@recambiosecogas.com","faxNumber":"SEGIMON AUTOMOCION SL","vatID":"ESB19819861","globalLocationNumber":"938 616 339"},{"@type":"PostalAddress","@id":"https:\/\/recambiosecogas.com\/pt-pt\/producto\/brc-sq-32-switch-de-dos-posiciones-4-pins\/#local-main-place-address","streetAddress":"cami antic de vic, 29 (Nave 3), Pol\u00edgono Industrial Congost","addressLocality":"CORRO D`AVALL","postalCode":"08520","addressRegion":"Barcelona","addressCountry":"ES"},{"@type":"ImageObject","inLanguage":"pt-PT","@id":"https:\/\/recambiosecogas.com\/pt-pt\/producto\/brc-sq-32-switch-de-dos-posiciones-4-pins\/#local-main-organization-logo","url":"https:\/\/recambiosecogas.com\/wp-content\/uploads\/2024\/11\/cropped-RECAMBIOS-GLP-png.webp","contentUrl":"https:\/\/recambiosecogas.com\/wp-content\/uploads\/2024\/11\/cropped-RECAMBIOS-GLP-png.webp","width":512,"height":512,"caption":"Recambios EcoGas"}]},"product_brand":"BRC","product_price_amount":"37.18","product_price_currency":"EUR","og_availability":"backorder","product_availability":"available for order","product_retailer_item_id":"107194","product_condition":"new","geo.placename":"CORRO D`AVALL","geo.region":"Espanha"},"uagb_featured_image_src":{"full":["https:\/\/recambiosecogas.com\/wp-content\/uploads\/2024\/11\/BRC-SQ-32-Switch-de-dos-posiciones-4-pins-png.webp",1000,1000,false],"thumbnail":["https:\/\/recambiosecogas.com\/wp-content\/uploads\/2024\/11\/BRC-SQ-32-Switch-de-dos-posiciones-4-pins-150x150.webp",150,150,true],"medium":["https:\/\/recambiosecogas.com\/wp-content\/uploads\/2024\/11\/BRC-SQ-32-Switch-de-dos-posiciones-4-pins-300x300.webp",300,300,true],"medium_large":["https:\/\/recambiosecogas.com\/wp-content\/uploads\/2024\/11\/BRC-SQ-32-Switch-de-dos-posiciones-4-pins-768x768.webp",768,768,true],"large":["https:\/\/recambiosecogas.com\/wp-content\/uploads\/2024\/11\/BRC-SQ-32-Switch-de-dos-posiciones-4-pins-png.webp",1000,1000,false],"1536x1536":["https:\/\/recambiosecogas.com\/wp-content\/uploads\/2024\/11\/BRC-SQ-32-Switch-de-dos-posiciones-4-pins-png.webp",1000,1000,false],"2048x2048":["https:\/\/recambiosecogas.com\/wp-content\/uploads\/2024\/11\/BRC-SQ-32-Switch-de-dos-posiciones-4-pins-png.webp",1000,1000,false],"woocommerce_archive_thumbnail":["https:\/\/recambiosecogas.com\/wp-content\/uploads\/2024\/11\/BRC-SQ-32-Switch-de-dos-posiciones-4-pins-png.webp",1000,1000,false],"woocommerce_thumbnail":["https:\/\/recambiosecogas.com\/wp-content\/uploads\/2024\/11\/BRC-SQ-32-Switch-de-dos-posiciones-4-pins-png-300x300.webp",300,300,true],"woocommerce_single":["https:\/\/recambiosecogas.com\/wp-content\/uploads\/2024\/11\/BRC-SQ-32-Switch-de-dos-posiciones-4-pins-png.webp",1000,1000,false],"woocommerce_gallery_thumbnail":["https:\/\/recambiosecogas.com\/wp-content\/uploads\/2024\/11\/BRC-SQ-32-Switch-de-dos-posiciones-4-pins-png.webp",1000,1000,false],"dgwt-wcas-product-suggestion":["https:\/\/recambiosecogas.com\/wp-content\/uploads\/2024\/11\/BRC-SQ-32-Switch-de-dos-posiciones-4-pins-png-64x64.webp",64,64,true]},"uagb_author_info":{"display_name":"Fran - Soporte T\u00e9cnico","author_link":"https:\/\/recambiosecogas.com\/pt-pt\/author\/"},"uagb_comment_info":0,"uagb_excerpt":"Switch BRC SQ 32 de dos posiciones con conector de 4 pines para sistemas Autogas GLP. No compatible directamente con versi\u00f3n 5 pines; necesitar\u00e1s adquirir por separado el cable adaptador 124675.","_links":{"self":[{"href":"https:\/\/recambiosecogas.com\/pt-pt\/wp-json\/wp\/v2\/product\/7327","targetHints":{"allow":["GET"]}}],"collection":[{"href":"https:\/\/recambiosecogas.com\/pt-pt\/wp-json\/wp\/v2\/product"}],"about":[{"href":"https:\/\/recambiosecogas.com\/pt-pt\/wp-json\/wp\/v2\/types\/product"}],"replies":[{"embeddable":true,"href":"https:\/\/recambiosecogas.com\/pt-pt\/wp-json\/wp\/v2\/comments?post=7327"}],"wp:featuredmedia":[{"embeddable":true,"href":"https:\/\/recambiosecogas.com\/pt-pt\/wp-json\/wp\/v2\/media\/7641"}],"wp:attachment":[{"href":"https:\/\/recambiosecogas.com\/pt-pt\/wp-json\/wp\/v2\/media?parent=7327"}],"wp:term":[{"taxonomy":"product_brand","embeddable":true,"href":"https:\/\/recambiosecogas.com\/pt-pt\/wp-json\/wp\/v2\/product_brand?post=7327"},{"taxonomy":"product_cat","embeddable":true,"href":"https:\/\/recambiosecogas.com\/pt-pt\/wp-json\/wp\/v2\/product_cat?post=7327"},{"taxonomy":"product_tag","embeddable":true,"href":"https:\/\/recambiosecogas.com\/pt-pt\/wp-json\/wp\/v2\/product_tag?post=7327"}],"curies":[{"name":"wp","href":"https:\/\/api.w.org\/{rel}","templated":true}]}}