{"id":7295,"date":"2024-11-20T16:29:12","date_gmt":"2024-11-20T16:29:12","guid":{"rendered":"https:\/\/recambiosecogas.com\/producto\/stargas-polaris-switch\/"},"modified":"2026-02-23T11:53:56","modified_gmt":"2026-02-23T10:53:56","slug":"stargas-polaris-switch","status":"publish","type":"product","link":"https:\/\/recambiosecogas.com\/pt-pt\/produto\/stargas-polaris-switch\/","title":{"rendered":"Stargas Polaris switch"},"content":{"rendered":"<h1 data-start=\"253\" data-end=\"302\">Stargas Polaris Switch GLP gasolina gas sistema<\/h1>\n<p data-start=\"304\" data-end=\"593\">El <strong data-start=\"307\" data-end=\"358\">Stargas Polaris Switch GLP gasolina gas sistema<\/strong> es un conmutador dise\u00f1ado para gestionar el cambio de combustible en sistemas Autogas Stargas Polaris. Permite seleccionar entre gasolina y gas y controlar el funcionamiento del equipo durante la conducci\u00f3n de forma clara y eficiente.<\/p>\n<p data-start=\"595\" data-end=\"682\">Se emplea como recambio espec\u00edfico en instalaciones que utilizan la plataforma Polaris.<\/p>\n<hr data-start=\"684\" data-end=\"687\" \/>\n<h2 data-start=\"689\" data-end=\"739\">Interruptor de combustible para sistema Polaris<\/h2>\n<div class=\"TyagGW_tableContainer\">\n<div class=\"group TyagGW_tableWrapper flex flex-col-reverse w-fit\" tabindex=\"-1\">\n<table class=\"w-fit min-w-(--thread-content-width)\" data-start=\"741\" data-end=\"987\">\n<thead data-start=\"741\" data-end=\"769\">\n<tr data-start=\"741\" data-end=\"769\">\n<th class=\"\" data-start=\"741\" data-end=\"758\" data-col-size=\"sm\">Caracter\u00edstica<\/th>\n<th class=\"\" data-start=\"758\" data-end=\"769\" data-col-size=\"sm\">Detalle<\/th>\n<\/tr>\n<\/thead>\n<tbody data-start=\"799\" data-end=\"987\">\n<tr data-start=\"799\" data-end=\"839\">\n<td data-start=\"799\" data-end=\"810\" data-col-size=\"sm\">Producto<\/td>\n<td data-start=\"810\" data-end=\"839\" data-col-size=\"sm\">Conmutador de combustible<\/td>\n<\/tr>\n<tr data-start=\"840\" data-end=\"859\">\n<td data-start=\"840\" data-end=\"848\" data-col-size=\"sm\">Marca<\/td>\n<td data-start=\"848\" data-end=\"859\" data-col-size=\"sm\">Stargas<\/td>\n<\/tr>\n<tr data-start=\"860\" data-end=\"881\">\n<td data-start=\"860\" data-end=\"870\" data-col-size=\"sm\">Sistema<\/td>\n<td data-start=\"870\" data-end=\"881\" data-col-size=\"sm\">Polaris<\/td>\n<\/tr>\n<tr data-start=\"882\" data-end=\"917\">\n<td data-start=\"882\" data-end=\"892\" data-col-size=\"sm\">Funci\u00f3n<\/td>\n<td data-start=\"892\" data-end=\"917\" data-col-size=\"sm\">Cambio gasolina \/ gas<\/td>\n<\/tr>\n<tr data-start=\"918\" data-end=\"947\">\n<td data-start=\"918\" data-end=\"931\" data-col-size=\"sm\">Aplicaci\u00f3n<\/td>\n<td data-start=\"931\" data-end=\"947\" data-col-size=\"sm\">Sistemas GLP<\/td>\n<\/tr>\n<tr data-start=\"948\" data-end=\"987\">\n<td data-start=\"948\" data-end=\"962\" data-col-size=\"sm\">Instalaci\u00f3n<\/td>\n<td data-start=\"962\" data-end=\"987\" data-col-size=\"sm\">Interior del veh\u00edculo<\/td>\n<\/tr>\n<\/tbody>\n<\/table>\n<\/div>\n<\/div>\n<hr data-start=\"989\" data-end=\"992\" \/>\n<h2 data-start=\"994\" data-end=\"1040\">Compatibilidad con sistemas Autogas Stargas<\/h2>\n<p data-start=\"1042\" data-end=\"1132\">Compatible con instalaciones Stargas Polaris que utilicen interruptor original del modelo.<\/p>\n<p data-start=\"1134\" data-end=\"1209\">Antes de la sustituci\u00f3n, verificar referencia y tipo de conexi\u00f3n instalada.<\/p>\n<hr data-start=\"1211\" data-end=\"1214\" \/>\n<h2 data-start=\"1216\" data-end=\"1246\">Ventajas del switch Polaris<\/h2>\n<ul data-start=\"1248\" data-end=\"1443\">\n<li data-start=\"1248\" data-end=\"1284\">\n<p data-start=\"1250\" data-end=\"1284\">Cambio r\u00e1pido entre combustibles<\/p>\n<\/li>\n<li data-start=\"1285\" data-end=\"1334\">\n<p data-start=\"1287\" data-end=\"1334\">Integraci\u00f3n espec\u00edfica con plataforma Polaris<\/p>\n<\/li>\n<li data-start=\"1335\" data-end=\"1366\">\n<p data-start=\"1337\" data-end=\"1366\">Manejo sencillo e intuitivo<\/p>\n<\/li>\n<li data-start=\"1367\" data-end=\"1403\">\n<p data-start=\"1369\" data-end=\"1403\">Dise\u00f1o compacto para salpicadero<\/p>\n<\/li>\n<li data-start=\"1404\" data-end=\"1443\">\n<p data-start=\"1406\" data-end=\"1443\">Recambio t\u00e9cnico para mantenimiento<\/p>\n<\/li>\n<\/ul>\n<hr data-start=\"1445\" data-end=\"1448\" \/>\n<h2 data-start=\"1450\" data-end=\"1456\">FAQ<\/h2>\n<p data-start=\"1458\" data-end=\"1563\"><strong data-start=\"1458\" data-end=\"1502\">\u00bfPara qu\u00e9 sirve este conmutador Polaris?<\/strong><br data-start=\"1502\" data-end=\"1505\" \/>Permite gestionar el paso de gasolina a gas en el sistema.<\/p>\n<p data-start=\"1565\" data-end=\"1659\"><strong data-start=\"1565\" data-end=\"1615\">\u00bfEs compatible con todos los sistemas Stargas?<\/strong><br data-start=\"1615\" data-end=\"1618\" \/>Est\u00e1 indicado para la plataforma Polaris.<\/p>\n<p data-start=\"1661\" data-end=\"1718\"><strong data-start=\"1661\" data-end=\"1683\">\u00bfFunciona con GLP?<\/strong><br data-start=\"1683\" data-end=\"1686\" \/>S\u00ed, en sistemas Autogas Stargas.<\/p>\n<p data-start=\"1720\" data-end=\"1813\"><strong data-start=\"1720\" data-end=\"1758\">\u00bfRequiere instalaci\u00f3n profesional?<\/strong><br data-start=\"1758\" data-end=\"1761\" \/>Se recomienda instalaci\u00f3n por t\u00e9cnico especializado.<\/p>\n","protected":false},"excerpt":{"rendered":"<div class=\"flex flex-col text-sm pb-25\">\n<article class=\"text-token-text-primary w-full focus:outline-none [--shadow-height:45px] has-data-writing-block:pointer-events-none has-data-writing-block:-mt-(--shadow-height) has-data-writing-block:pt-(--shadow-height) [&amp;:has([data-writing-block])&gt;*]:pointer-events-auto scroll-mt-[calc(var(--header-height)+min(200px,max(70px,20svh)))]\" dir=\"auto\" tabindex=\"-1\" data-turn-id=\"request-WEB:b3bb4a5a-92e7-4fc9-8a3c-1f467c7c261b-153\" data-testid=\"conversation-turn-308\" data-scroll-anchor=\"true\" data-turn=\"assistant\">\n<div class=\"text-base my-auto mx-auto pb-10 [--thread-content-margin:--spacing(4)] @w-sm\/main:[--thread-content-margin:--spacing(6)] @w-lg\/main:[--thread-content-margin:--spacing(16)] px-(--thread-content-margin)\">\n<div class=\"[--thread-content-max-width:40rem] @w-lg\/main:[--thread-content-max-width:48rem] mx-auto max-w-(--thread-content-max-width) flex-1 group\/turn-messages focus-visible:outline-hidden relative flex w-full min-w-0 flex-col agent-turn\" tabindex=\"-1\">\n<div class=\"flex max-w-full flex-col grow\">\n<div class=\"min-h-8 text-message relative flex w-full flex-col items-end gap-2 text-start break-words whitespace-normal [.text-message+&amp;]:mt-1\" dir=\"auto\" data-message-author-role=\"assistant\" data-message-id=\"4017307d-e7af-4d36-b70e-999a80e6a656\" data-message-model-slug=\"gpt-5-2\">\n<div class=\"flex w-full flex-col gap-1 empty:hidden first:pt-[1px]\">\n<div class=\"markdown prose dark:prose-invert w-full wrap-break-word light markdown-new-styling\">\n<p data-start=\"2192\" data-end=\"2282\" data-is-last-node=\"\" data-is-only-node=\"\">Interruptor Stargas Polaris para gestionar el cambio gasolina-gas en sistemas Autogas GLP.<\/p>\n<\/div>\n<\/div>\n<\/div>\n<\/div>\n<div class=\"z-0 flex min-h-[46px] justify-start\"><\/div>\n<div class=\"mt-3 w-full empty:hidden\">\n<div class=\"text-center\"><\/div>\n<\/div>\n<\/div>\n<\/div>\n<\/article>\n<\/div>\n<div class=\"pointer-events-none h-px w-px absolute bottom-0\" aria-hidden=\"true\" data-edge=\"true\"><\/div>\n","protected":false},"featured_media":7708,"comment_status":"closed","ping_status":"closed","template":"","meta":{"googlesitekit_rrm_CAowud7EDA:productID":"","_uag_custom_page_level_css":""},"product_brand":[958],"product_cat":[297,300],"product_tag":[],"class_list":{"0":"post-7295","1":"product","2":"type-product","3":"status-publish","4":"has-post-thumbnail","6":"product_brand-stargas-glp","7":"product_cat-electronica","8":"product_cat-interruptores","10":"first","11":"onbackorder","12":"taxable","13":"shipping-taxable","14":"purchasable","15":"product-type-simple"},"ct_brands":[{"id":958,"name":"StarGas","slug":"stargas-glp"}],"yoast_head":"<!-- This site is optimized with the Yoast SEO Premium plugin v27.3 (Yoast SEO v27.3) - https:\/\/yoast.com\/product\/yoast-seo-premium-wordpress\/ -->\n<title>Stargas Polaris switch | Recambios EcoGas | Sistemas GLP y GNC<\/title>\n<meta name=\"description\" content=\"Conmutador Stargas Polaris para sistemas Autogas. Interruptor de cambio gasolina-gas compatible con plataforma Polaris.\" \/>\n<meta name=\"robots\" content=\"index, follow, max-snippet:-1, max-image-preview:large, max-video-preview:-1\" \/>\n<link rel=\"canonical\" href=\"https:\/\/recambiosecogas.com\/pt-pt\/produto\/stargas-polaris-switch\/\" \/>\n<meta property=\"og:locale\" content=\"pt_PT\" \/>\n<meta property=\"og:type\" content=\"article\" \/>\n<meta property=\"og:title\" content=\"Stargas Polaris switch\" \/>\n<meta property=\"og:description\" content=\"Conmutador Stargas Polaris para sistemas Autogas. Interruptor de cambio gasolina-gas compatible con plataforma Polaris.\" \/>\n<meta property=\"og:url\" content=\"https:\/\/recambiosecogas.com\/pt-pt\/produto\/stargas-polaris-switch\/\" \/>\n<meta property=\"og:site_name\" content=\"Recambios EcoGas\" \/>\n<meta property=\"article:publisher\" content=\"https:\/\/www.facebook.com\/profile.php?id=100062419705358\" \/>\n<meta property=\"article:modified_time\" content=\"2026-02-23T10:53:56+00:00\" \/>\n<meta property=\"og:image\" content=\"https:\/\/recambiosecogas.com\/wp-content\/uploads\/2024\/11\/Stargas-Polaris-switch-png.webp\" \/>\n\t<meta property=\"og:image:width\" content=\"1000\" \/>\n\t<meta property=\"og:image:height\" content=\"1000\" \/>\n\t<meta property=\"og:image:type\" content=\"image\/png\" \/>\n<meta name=\"twitter:card\" content=\"summary_large_image\" \/>\n<meta name=\"twitter:label1\" content=\"pre\u00e7o\" \/>\n\t<meta name=\"twitter:data1\" content=\"50,17&nbsp;&euro; (IVA incl.: 60,71&nbsp;&euro;)\" \/>\n\t<meta name=\"twitter:label2\" content=\"Disponibilidade\" \/>\n\t<meta name=\"twitter:data2\" content=\"Por encomenda\" \/>\n<script type=\"application\/ld+json\" class=\"yoast-schema-graph\">{\"@context\":\"https:\\\/\\\/schema.org\",\"@graph\":[{\"@type\":\"WebPage\",\"@id\":\"https:\\\/\\\/recambiosecogas.com\\\/pt-pt\\\/produto\\\/stargas-polaris-switch\\\/\",\"url\":\"https:\\\/\\\/recambiosecogas.com\\\/pt-pt\\\/produto\\\/stargas-polaris-switch\\\/\",\"name\":\"Stargas Polaris switch | Recambios EcoGas | Sistemas GLP y GNC\",\"isPartOf\":{\"@id\":\"https:\\\/\\\/recambiosecogas.com\\\/pt-pt\\\/#website\"},\"primaryImageOfPage\":{\"@id\":\"https:\\\/\\\/recambiosecogas.com\\\/pt-pt\\\/produto\\\/stargas-polaris-switch\\\/#primaryimage\"},\"image\":{\"@id\":\"https:\\\/\\\/recambiosecogas.com\\\/pt-pt\\\/produto\\\/stargas-polaris-switch\\\/#primaryimage\"},\"thumbnailUrl\":\"https:\\\/\\\/recambiosecogas.com\\\/wp-content\\\/uploads\\\/2024\\\/11\\\/Stargas-Polaris-switch-png.webp\",\"datePublished\":\"2024-11-20T16:29:12+00:00\",\"dateModified\":\"2026-02-23T10:53:56+00:00\",\"description\":\"Conmutador Stargas Polaris para sistemas Autogas. Interruptor de cambio gasolina-gas compatible con plataforma Polaris.\",\"breadcrumb\":{\"@id\":\"https:\\\/\\\/recambiosecogas.com\\\/pt-pt\\\/produto\\\/stargas-polaris-switch\\\/#breadcrumb\"},\"inLanguage\":\"pt-PT\",\"potentialAction\":[{\"@type\":\"ReadAction\",\"target\":[\"https:\\\/\\\/recambiosecogas.com\\\/pt-pt\\\/produto\\\/stargas-polaris-switch\\\/\"]}]},{\"@type\":\"ImageObject\",\"inLanguage\":\"pt-PT\",\"@id\":\"https:\\\/\\\/recambiosecogas.com\\\/pt-pt\\\/produto\\\/stargas-polaris-switch\\\/#primaryimage\",\"url\":\"https:\\\/\\\/recambiosecogas.com\\\/wp-content\\\/uploads\\\/2024\\\/11\\\/Stargas-Polaris-switch-png.webp\",\"contentUrl\":\"https:\\\/\\\/recambiosecogas.com\\\/wp-content\\\/uploads\\\/2024\\\/11\\\/Stargas-Polaris-switch-png.webp\",\"width\":1000,\"height\":1000},{\"@type\":\"BreadcrumbList\",\"@id\":\"https:\\\/\\\/recambiosecogas.com\\\/pt-pt\\\/produto\\\/stargas-polaris-switch\\\/#breadcrumb\",\"itemListElement\":[{\"@type\":\"ListItem\",\"position\":1,\"name\":\"P\u00e1gina inicial\",\"item\":\"https:\\\/\\\/recambiosecogas.com\\\/pt-pt\\\/\"},{\"@type\":\"ListItem\",\"position\":2,\"name\":\"Loja\",\"item\":\"https:\\\/\\\/recambiosecogas.com\\\/pt-pt\\\/tienda\\\/\"},{\"@type\":\"ListItem\",\"position\":3,\"name\":\"Stargas Polaris switch\"}]},{\"@type\":\"WebSite\",\"@id\":\"https:\\\/\\\/recambiosecogas.com\\\/pt-pt\\\/#website\",\"url\":\"https:\\\/\\\/recambiosecogas.com\\\/pt-pt\\\/\",\"name\":\"Recambios EcoGas\",\"description\":\"Pe\u00e7as multimarca para sistemas de GPL\\\/GNC\\\/GNL\\\/Hidrog\u00e9nio\",\"publisher\":{\"@id\":\"https:\\\/\\\/recambiosecogas.com\\\/pt-pt\\\/#organization\"},\"alternateName\":\"Recambios Autogas GLP\",\"potentialAction\":[{\"@type\":\"SearchAction\",\"target\":{\"@type\":\"EntryPoint\",\"urlTemplate\":\"https:\\\/\\\/recambiosecogas.com\\\/pt-pt\\\/?s={search_term_string}\"},\"query-input\":{\"@type\":\"PropertyValueSpecification\",\"valueRequired\":true,\"valueName\":\"search_term_string\"}}],\"inLanguage\":\"pt-PT\"},{\"@type\":[\"Organization\",\"Place\"],\"@id\":\"https:\\\/\\\/recambiosecogas.com\\\/pt-pt\\\/#organization\",\"name\":\"Recambios EcoGas\",\"alternateName\":\"Loja de GPL Autog\u00e1s Espanha\",\"url\":\"https:\\\/\\\/recambiosecogas.com\\\/pt-pt\\\/\",\"logo\":{\"@id\":\"https:\\\/\\\/recambiosecogas.com\\\/pt-pt\\\/produto\\\/stargas-polaris-switch\\\/#local-main-organization-logo\"},\"image\":{\"@id\":\"https:\\\/\\\/recambiosecogas.com\\\/pt-pt\\\/produto\\\/stargas-polaris-switch\\\/#local-main-organization-logo\"},\"sameAs\":[\"https:\\\/\\\/www.facebook.com\\\/profile.php?id=100062419705358\",\"https:\\\/\\\/www.instagram.com\\\/segimon_automocio\"],\"description\":\"Recambios EcoGas \u2013 Venta y distribuci\u00f3n de sistemas GLP y GNC en Espa\u00f1a y Portugal. Env\u00edos 24 h, soporte t\u00e9cnico a talleres y distribuidores.\",\"hasMerchantReturnPolicy\":{\"@type\":\"MerchantReturnPolicy\",\"merchantReturnLink\":\"https:\\\/\\\/recambiosecogas.com\\\/politicas-privacidad\\\/\"},\"address\":{\"@id\":\"https:\\\/\\\/recambiosecogas.com\\\/pt-pt\\\/produto\\\/stargas-polaris-switch\\\/#local-main-place-address\"},\"telephone\":[\"616250633\"],\"contactPoint\":{\"@type\":\"ContactPoint\",\"email\":\"export@recambiosecogas.com\"},\"openingHoursSpecification\":[{\"@type\":\"OpeningHoursSpecification\",\"dayOfWeek\":[\"Monday\",\"Tuesday\",\"Wednesday\",\"Thursday\",\"Friday\",\"Saturday\",\"Sunday\"],\"opens\":\"09:00\",\"closes\":\"17:00\"}],\"email\":\"info@recambiosecogas.com\",\"faxNumber\":\"SEGIMON AUTOMOCION SL\",\"vatID\":\"ESB19819861\",\"globalLocationNumber\":\"938 616 339\"},{\"@type\":\"PostalAddress\",\"@id\":\"https:\\\/\\\/recambiosecogas.com\\\/pt-pt\\\/produto\\\/stargas-polaris-switch\\\/#local-main-place-address\",\"streetAddress\":\"cami antic de vic, 29 (Nave 3), Pol\u00edgono Industrial Congost\",\"addressLocality\":\"CORRO D`AVALL\",\"postalCode\":\"08520\",\"addressRegion\":\"Barcelona\",\"addressCountry\":\"ES\"},{\"@type\":\"ImageObject\",\"inLanguage\":\"pt-PT\",\"@id\":\"https:\\\/\\\/recambiosecogas.com\\\/pt-pt\\\/produto\\\/stargas-polaris-switch\\\/#local-main-organization-logo\",\"url\":\"https:\\\/\\\/recambiosecogas.com\\\/wp-content\\\/uploads\\\/2024\\\/11\\\/cropped-RECAMBIOS-GLP-png.webp\",\"contentUrl\":\"https:\\\/\\\/recambiosecogas.com\\\/wp-content\\\/uploads\\\/2024\\\/11\\\/cropped-RECAMBIOS-GLP-png.webp\",\"width\":512,\"height\":512,\"caption\":\"Recambios EcoGas\"}]}<\/script>\n<meta property=\"product:brand\" content=\"StarGas\" \/>\n<meta property=\"product:price:amount\" content=\"50.17\" \/>\n<meta property=\"product:price:currency\" content=\"EUR\" \/>\n<meta property=\"og:availability\" content=\"backorder\" \/>\n<meta property=\"product:availability\" content=\"available for order\" \/>\n<meta property=\"product:retailer_item_id\" content=\"102467\" \/>\n<meta property=\"product:condition\" content=\"new\" \/>\n<meta name=\"geo.placename\" content=\"CORRO D`AVALL\" \/>\n<meta name=\"geo.region\" content=\"Espanha\" \/>\n<!-- \/ Yoast SEO Premium plugin. -->","yoast_head_json":{"title":"Stargas Polaris switch | Recambios EcoGas | Sistemas GLP y GNC","description":"Conmutador Stargas Polaris para sistemas Autogas. Interruptor de cambio gasolina-gas compatible con plataforma Polaris.","robots":{"index":"index","follow":"follow","max-snippet":"max-snippet:-1","max-image-preview":"max-image-preview:large","max-video-preview":"max-video-preview:-1"},"canonical":"https:\/\/recambiosecogas.com\/pt-pt\/produto\/stargas-polaris-switch\/","og_locale":"pt_PT","og_type":"article","og_title":"Stargas Polaris switch","og_description":"Conmutador Stargas Polaris para sistemas Autogas. Interruptor de cambio gasolina-gas compatible con plataforma Polaris.","og_url":"https:\/\/recambiosecogas.com\/pt-pt\/produto\/stargas-polaris-switch\/","og_site_name":"Recambios EcoGas","article_publisher":"https:\/\/www.facebook.com\/profile.php?id=100062419705358","article_modified_time":"2026-02-23T10:53:56+00:00","og_image":[{"width":1000,"height":1000,"url":"https:\/\/recambiosecogas.com\/wp-content\/uploads\/2024\/11\/Stargas-Polaris-switch-png.webp","type":"image\/png"}],"twitter_card":"summary_large_image","twitter_misc":{"pre\u00e7o":"50,17&nbsp;&euro; (IVA incl.: 60,71&nbsp;&euro;)","Disponibilidade":"Por encomenda"},"schema":{"@context":"https:\/\/schema.org","@graph":[{"@type":"WebPage","@id":"https:\/\/recambiosecogas.com\/pt-pt\/produto\/stargas-polaris-switch\/","url":"https:\/\/recambiosecogas.com\/pt-pt\/produto\/stargas-polaris-switch\/","name":"Stargas Polaris switch | Recambios EcoGas | Sistemas GLP y GNC","isPartOf":{"@id":"https:\/\/recambiosecogas.com\/pt-pt\/#website"},"primaryImageOfPage":{"@id":"https:\/\/recambiosecogas.com\/pt-pt\/produto\/stargas-polaris-switch\/#primaryimage"},"image":{"@id":"https:\/\/recambiosecogas.com\/pt-pt\/produto\/stargas-polaris-switch\/#primaryimage"},"thumbnailUrl":"https:\/\/recambiosecogas.com\/wp-content\/uploads\/2024\/11\/Stargas-Polaris-switch-png.webp","datePublished":"2024-11-20T16:29:12+00:00","dateModified":"2026-02-23T10:53:56+00:00","description":"Conmutador Stargas Polaris para sistemas Autogas. Interruptor de cambio gasolina-gas compatible con plataforma Polaris.","breadcrumb":{"@id":"https:\/\/recambiosecogas.com\/pt-pt\/produto\/stargas-polaris-switch\/#breadcrumb"},"inLanguage":"pt-PT","potentialAction":[{"@type":"ReadAction","target":["https:\/\/recambiosecogas.com\/pt-pt\/produto\/stargas-polaris-switch\/"]}]},{"@type":"ImageObject","inLanguage":"pt-PT","@id":"https:\/\/recambiosecogas.com\/pt-pt\/produto\/stargas-polaris-switch\/#primaryimage","url":"https:\/\/recambiosecogas.com\/wp-content\/uploads\/2024\/11\/Stargas-Polaris-switch-png.webp","contentUrl":"https:\/\/recambiosecogas.com\/wp-content\/uploads\/2024\/11\/Stargas-Polaris-switch-png.webp","width":1000,"height":1000},{"@type":"BreadcrumbList","@id":"https:\/\/recambiosecogas.com\/pt-pt\/produto\/stargas-polaris-switch\/#breadcrumb","itemListElement":[{"@type":"ListItem","position":1,"name":"P\u00e1gina inicial","item":"https:\/\/recambiosecogas.com\/pt-pt\/"},{"@type":"ListItem","position":2,"name":"Loja","item":"https:\/\/recambiosecogas.com\/pt-pt\/tienda\/"},{"@type":"ListItem","position":3,"name":"Stargas Polaris switch"}]},{"@type":"WebSite","@id":"https:\/\/recambiosecogas.com\/pt-pt\/#website","url":"https:\/\/recambiosecogas.com\/pt-pt\/","name":"Recambios EcoGas","description":"Pe\u00e7as multimarca para sistemas de GPL\/GNC\/GNL\/Hidrog\u00e9nio","publisher":{"@id":"https:\/\/recambiosecogas.com\/pt-pt\/#organization"},"alternateName":"Recambios Autogas GLP","potentialAction":[{"@type":"SearchAction","target":{"@type":"EntryPoint","urlTemplate":"https:\/\/recambiosecogas.com\/pt-pt\/?s={search_term_string}"},"query-input":{"@type":"PropertyValueSpecification","valueRequired":true,"valueName":"search_term_string"}}],"inLanguage":"pt-PT"},{"@type":["Organization","Place"],"@id":"https:\/\/recambiosecogas.com\/pt-pt\/#organization","name":"Recambios EcoGas","alternateName":"Loja de GPL Autog\u00e1s Espanha","url":"https:\/\/recambiosecogas.com\/pt-pt\/","logo":{"@id":"https:\/\/recambiosecogas.com\/pt-pt\/produto\/stargas-polaris-switch\/#local-main-organization-logo"},"image":{"@id":"https:\/\/recambiosecogas.com\/pt-pt\/produto\/stargas-polaris-switch\/#local-main-organization-logo"},"sameAs":["https:\/\/www.facebook.com\/profile.php?id=100062419705358","https:\/\/www.instagram.com\/segimon_automocio"],"description":"Recambios EcoGas \u2013 Venta y distribuci\u00f3n de sistemas GLP y GNC en Espa\u00f1a y Portugal. Env\u00edos 24 h, soporte t\u00e9cnico a talleres y distribuidores.","hasMerchantReturnPolicy":{"@type":"MerchantReturnPolicy","merchantReturnLink":"https:\/\/recambiosecogas.com\/politicas-privacidad\/"},"address":{"@id":"https:\/\/recambiosecogas.com\/pt-pt\/produto\/stargas-polaris-switch\/#local-main-place-address"},"telephone":["616250633"],"contactPoint":{"@type":"ContactPoint","email":"export@recambiosecogas.com"},"openingHoursSpecification":[{"@type":"OpeningHoursSpecification","dayOfWeek":["Monday","Tuesday","Wednesday","Thursday","Friday","Saturday","Sunday"],"opens":"09:00","closes":"17:00"}],"email":"info@recambiosecogas.com","faxNumber":"SEGIMON AUTOMOCION SL","vatID":"ESB19819861","globalLocationNumber":"938 616 339"},{"@type":"PostalAddress","@id":"https:\/\/recambiosecogas.com\/pt-pt\/produto\/stargas-polaris-switch\/#local-main-place-address","streetAddress":"cami antic de vic, 29 (Nave 3), Pol\u00edgono Industrial Congost","addressLocality":"CORRO D`AVALL","postalCode":"08520","addressRegion":"Barcelona","addressCountry":"ES"},{"@type":"ImageObject","inLanguage":"pt-PT","@id":"https:\/\/recambiosecogas.com\/pt-pt\/produto\/stargas-polaris-switch\/#local-main-organization-logo","url":"https:\/\/recambiosecogas.com\/wp-content\/uploads\/2024\/11\/cropped-RECAMBIOS-GLP-png.webp","contentUrl":"https:\/\/recambiosecogas.com\/wp-content\/uploads\/2024\/11\/cropped-RECAMBIOS-GLP-png.webp","width":512,"height":512,"caption":"Recambios EcoGas"}]},"product_brand":"StarGas","product_price_amount":"50.17","product_price_currency":"EUR","og_availability":"backorder","product_availability":"available for order","product_retailer_item_id":"102467","product_condition":"new","geo.placename":"CORRO D`AVALL","geo.region":"Espanha"},"uagb_featured_image_src":{"full":["https:\/\/recambiosecogas.com\/wp-content\/uploads\/2024\/11\/Stargas-Polaris-switch-png.webp",1000,1000,false],"thumbnail":["https:\/\/recambiosecogas.com\/wp-content\/uploads\/2024\/11\/Stargas-Polaris-switch-150x150.webp",150,150,true],"medium":["https:\/\/recambiosecogas.com\/wp-content\/uploads\/2024\/11\/Stargas-Polaris-switch-300x300.webp",300,300,true],"medium_large":["https:\/\/recambiosecogas.com\/wp-content\/uploads\/2024\/11\/Stargas-Polaris-switch-768x768.webp",768,768,true],"large":["https:\/\/recambiosecogas.com\/wp-content\/uploads\/2024\/11\/Stargas-Polaris-switch-png.webp",1000,1000,false],"1536x1536":["https:\/\/recambiosecogas.com\/wp-content\/uploads\/2024\/11\/Stargas-Polaris-switch-png.webp",1000,1000,false],"2048x2048":["https:\/\/recambiosecogas.com\/wp-content\/uploads\/2024\/11\/Stargas-Polaris-switch-png.webp",1000,1000,false],"woocommerce_archive_thumbnail":["https:\/\/recambiosecogas.com\/wp-content\/uploads\/2024\/11\/Stargas-Polaris-switch-png.webp",1000,1000,false],"woocommerce_thumbnail":["https:\/\/recambiosecogas.com\/wp-content\/uploads\/2024\/11\/Stargas-Polaris-switch-png-300x300.webp",300,300,true],"woocommerce_single":["https:\/\/recambiosecogas.com\/wp-content\/uploads\/2024\/11\/Stargas-Polaris-switch-png.webp",1000,1000,false],"woocommerce_gallery_thumbnail":["https:\/\/recambiosecogas.com\/wp-content\/uploads\/2024\/11\/Stargas-Polaris-switch-png.webp",1000,1000,false],"dgwt-wcas-product-suggestion":["https:\/\/recambiosecogas.com\/wp-content\/uploads\/2024\/11\/Stargas-Polaris-switch-png-64x64.webp",64,64,true]},"uagb_author_info":{"display_name":"Fran - Soporte T\u00e9cnico","author_link":"https:\/\/recambiosecogas.com\/pt-pt\/author\/"},"uagb_comment_info":0,"uagb_excerpt":"Interruptor Stargas Polaris para gestionar el cambio gasolina-gas en sistemas Autogas GLP.","_links":{"self":[{"href":"https:\/\/recambiosecogas.com\/pt-pt\/wp-json\/wp\/v2\/product\/7295","targetHints":{"allow":["GET"]}}],"collection":[{"href":"https:\/\/recambiosecogas.com\/pt-pt\/wp-json\/wp\/v2\/product"}],"about":[{"href":"https:\/\/recambiosecogas.com\/pt-pt\/wp-json\/wp\/v2\/types\/product"}],"replies":[{"embeddable":true,"href":"https:\/\/recambiosecogas.com\/pt-pt\/wp-json\/wp\/v2\/comments?post=7295"}],"wp:featuredmedia":[{"embeddable":true,"href":"https:\/\/recambiosecogas.com\/pt-pt\/wp-json\/wp\/v2\/media\/7708"}],"wp:attachment":[{"href":"https:\/\/recambiosecogas.com\/pt-pt\/wp-json\/wp\/v2\/media?parent=7295"}],"wp:term":[{"taxonomy":"product_brand","embeddable":true,"href":"https:\/\/recambiosecogas.com\/pt-pt\/wp-json\/wp\/v2\/product_brand?post=7295"},{"taxonomy":"product_cat","embeddable":true,"href":"https:\/\/recambiosecogas.com\/pt-pt\/wp-json\/wp\/v2\/product_cat?post=7295"},{"taxonomy":"product_tag","embeddable":true,"href":"https:\/\/recambiosecogas.com\/pt-pt\/wp-json\/wp\/v2\/product_tag?post=7295"}],"curies":[{"name":"wp","href":"https:\/\/api.w.org\/{rel}","templated":true}]}}