{"id":7277,"date":"2024-11-20T17:28:39","date_gmt":"2024-11-20T16:28:39","guid":{"rendered":"https:\/\/recambiosecogas.com\/producto\/brc-mazo-de-cables-plug-drive-4-cilindros-my10-de534007\/"},"modified":"2026-04-27T17:48:19","modified_gmt":"2026-04-27T16:48:19","slug":"brc-mazo-de-cables-plug-drive-4-cilindros-my10-de534007","status":"publish","type":"product","link":"https:\/\/recambiosecogas.com\/pt-pt\/producto\/brc-mazo-de-cables-plug-drive-4-cilindros-my10-de534007\/","title":{"rendered":"BRC mazo de cables Plug &#038; Drive 4 cilindros MY10 (DE534007)"},"content":{"rendered":"<p>El mazo de cables Plug &#038; Drive para sistemas GLP de 4 cilindros es un componente esencial que garantiza la correcta conexi\u00f3n entre los diferentes elementos del sistema de gas. Este mazo es compatible con sistemas de Autogas y est\u00e1 dise\u00f1ado para facilitar la instalaci\u00f3n y el mantenimiento de los sistemas de inyecci\u00f3n de gas.<\/p>\n<p>Este mazo de cables permite la transmisi\u00f3n de se\u00f1ales el\u00e9ctricas necesarias para el funcionamiento eficiente del sistema GLP, asegurando que todos los componentes operen de manera coordinada. Su dise\u00f1o espec\u00edfico para 4 cilindros lo hace ideal para veh\u00edculos que requieren una configuraci\u00f3n de este tipo, optimizando el rendimiento del motor y la eficiencia del combustible.<\/p>\n<p>El uso de un mazo de cables adecuado es crucial para evitar problemas el\u00e9ctricos que puedan afectar el rendimiento del sistema de Autogas. Este mazo se integra f\u00e1cilmente con otros componentes del sistema, proporcionando una soluci\u00f3n confiable y duradera.<\/p>\n<p>Es importante mencionar que, aunque este mazo est\u00e1 dise\u00f1ado para sistemas de 4 cilindros, se recomienda verificar la referencia original antes de realizar la compra para asegurar la compatibilidad con su veh\u00edculo. Se recomienda la instalaci\u00f3n por parte de un profesional para garantizar un funcionamiento \u00f3ptimo y seguro del sistema de gas.<\/p>\n","protected":false},"excerpt":{"rendered":"<p>BRC mazo de cables Plug &amp; Drive 4 cilindros MY10 (DE534007)<\/p>\n","protected":false},"featured_media":4388,"comment_status":"closed","ping_status":"closed","template":"","meta":{"_uag_custom_page_level_css":""},"product_brand":[979],"product_cat":[37,297,299],"product_tag":[],"class_list":{"0":"post-7277","1":"product","2":"type-product","3":"status-publish","4":"has-post-thumbnail","6":"product_brand-brc-mtm-glp","7":"product_cat-brc","8":"product_cat-electronica","9":"product_cat-mazos-de-cables","11":"first","12":"onbackorder","13":"taxable","14":"shipping-taxable","15":"purchasable","16":"product-type-simple"},"ct_brands":[{"id":979,"name":"BRC","slug":"brc-mtm-glp"}],"yoast_head":"<!-- This site is optimized with the Yoast SEO Premium plugin v27.4 (Yoast SEO v27.5) - https:\/\/yoast.com\/product\/yoast-seo-premium-wordpress\/ -->\n<title>Mazo de Cables Plug &amp; Drive 4 Cilindros BRC | Recambios Ecogas<\/title>\n<meta name=\"description\" content=\"Mazo de cables Plug &amp; Drive para sistemas GLP de 4 cilindros. Ideal para asegurar la conexi\u00f3n y funcionamiento \u00f3ptimo del sistema.\" \/>\n<meta name=\"robots\" content=\"index, follow, max-snippet:-1, max-image-preview:large, max-video-preview:-1\" \/>\n<link rel=\"canonical\" href=\"https:\/\/recambiosecogas.com\/pt-pt\/producto\/brc-mazo-de-cables-plug-drive-4-cilindros-my10-de534007\/\" \/>\n<meta property=\"og:locale\" content=\"pt_PT\" \/>\n<meta property=\"og:type\" content=\"article\" \/>\n<meta property=\"og:title\" content=\"BRC mazo de cables Plug &amp; Drive 4 cilindros MY10 (DE534007)\" \/>\n<meta property=\"og:description\" content=\"Mazo de cables Plug &amp; Drive para sistemas GLP de 4 cilindros. Ideal para asegurar la conexi\u00f3n y funcionamiento \u00f3ptimo del sistema.\" \/>\n<meta property=\"og:url\" content=\"https:\/\/recambiosecogas.com\/pt-pt\/producto\/brc-mazo-de-cables-plug-drive-4-cilindros-my10-de534007\/\" \/>\n<meta property=\"og:site_name\" content=\"Recambios EcoGas\" \/>\n<meta property=\"article:publisher\" content=\"https:\/\/www.facebook.com\/profile.php?id=100062419705358\" \/>\n<meta property=\"article:modified_time\" content=\"2026-04-27T16:48:19+00:00\" \/>\n<meta property=\"og:image\" content=\"https:\/\/recambiosecogas.com\/wp-content\/uploads\/2024\/10\/IMAGEN-NO-DISPONIBLE-png.webp\" \/>\n\t<meta property=\"og:image:width\" content=\"1000\" \/>\n\t<meta property=\"og:image:height\" content=\"1000\" \/>\n\t<meta property=\"og:image:type\" content=\"image\/png\" \/>\n<meta name=\"twitter:card\" content=\"summary_large_image\" \/>\n<meta name=\"twitter:label1\" content=\"pre\u00e7o\" \/>\n\t<meta name=\"twitter:data1\" content=\"271,99&nbsp;&euro; (Sin IVA: 224,79&nbsp;&euro;)\" \/>\n\t<meta name=\"twitter:label2\" content=\"Disponibilidade\" \/>\n\t<meta name=\"twitter:data2\" content=\"Por encomenda\" \/>\n<script type=\"application\/ld+json\" class=\"yoast-schema-graph\">{\"@context\":\"https:\\\/\\\/schema.org\",\"@graph\":[{\"@type\":\"WebPage\",\"@id\":\"https:\\\/\\\/recambiosecogas.com\\\/pt-pt\\\/producto\\\/brc-mazo-de-cables-plug-drive-4-cilindros-my10-de534007\\\/\",\"url\":\"https:\\\/\\\/recambiosecogas.com\\\/pt-pt\\\/producto\\\/brc-mazo-de-cables-plug-drive-4-cilindros-my10-de534007\\\/\",\"name\":\"Mazo de Cables Plug & Drive 4 Cilindros BRC | Recambios Ecogas\",\"isPartOf\":{\"@id\":\"https:\\\/\\\/recambiosecogas.com\\\/pt-pt\\\/#website\"},\"primaryImageOfPage\":{\"@id\":\"https:\\\/\\\/recambiosecogas.com\\\/pt-pt\\\/producto\\\/brc-mazo-de-cables-plug-drive-4-cilindros-my10-de534007\\\/#primaryimage\"},\"image\":{\"@id\":\"https:\\\/\\\/recambiosecogas.com\\\/pt-pt\\\/producto\\\/brc-mazo-de-cables-plug-drive-4-cilindros-my10-de534007\\\/#primaryimage\"},\"thumbnailUrl\":\"https:\\\/\\\/recambiosecogas.com\\\/wp-content\\\/uploads\\\/2024\\\/10\\\/IMAGEN-NO-DISPONIBLE-png.webp\",\"datePublished\":\"2024-11-20T16:28:39+00:00\",\"dateModified\":\"2026-04-27T16:48:19+00:00\",\"description\":\"Mazo de cables Plug & Drive para sistemas GLP de 4 cilindros. Ideal para asegurar la conexi\u00f3n y funcionamiento \u00f3ptimo del sistema.\",\"breadcrumb\":{\"@id\":\"https:\\\/\\\/recambiosecogas.com\\\/pt-pt\\\/producto\\\/brc-mazo-de-cables-plug-drive-4-cilindros-my10-de534007\\\/#breadcrumb\"},\"inLanguage\":\"pt-PT\",\"potentialAction\":[{\"@type\":\"ReadAction\",\"target\":[\"https:\\\/\\\/recambiosecogas.com\\\/pt-pt\\\/producto\\\/brc-mazo-de-cables-plug-drive-4-cilindros-my10-de534007\\\/\"]}]},{\"@type\":\"ImageObject\",\"inLanguage\":\"pt-PT\",\"@id\":\"https:\\\/\\\/recambiosecogas.com\\\/pt-pt\\\/producto\\\/brc-mazo-de-cables-plug-drive-4-cilindros-my10-de534007\\\/#primaryimage\",\"url\":\"https:\\\/\\\/recambiosecogas.com\\\/wp-content\\\/uploads\\\/2024\\\/10\\\/IMAGEN-NO-DISPONIBLE-png.webp\",\"contentUrl\":\"https:\\\/\\\/recambiosecogas.com\\\/wp-content\\\/uploads\\\/2024\\\/10\\\/IMAGEN-NO-DISPONIBLE-png.webp\",\"width\":1000,\"height\":1000,\"caption\":\"Reductor Lovato MAJOR TURBO\"},{\"@type\":\"BreadcrumbList\",\"@id\":\"https:\\\/\\\/recambiosecogas.com\\\/pt-pt\\\/producto\\\/brc-mazo-de-cables-plug-drive-4-cilindros-my10-de534007\\\/#breadcrumb\",\"itemListElement\":[{\"@type\":\"ListItem\",\"position\":1,\"name\":\"P\u00e1gina inicial\",\"item\":\"https:\\\/\\\/recambiosecogas.com\\\/pt-pt\\\/\"},{\"@type\":\"ListItem\",\"position\":2,\"name\":\"Loja\",\"item\":\"https:\\\/\\\/recambiosecogas.com\\\/pt-pt\\\/tienda\\\/\"},{\"@type\":\"ListItem\",\"position\":3,\"name\":\"BRC mazo de cables Plug &#038; Drive 4 cilindros MY10 (DE534007)\"}]},{\"@type\":\"WebSite\",\"@id\":\"https:\\\/\\\/recambiosecogas.com\\\/pt-pt\\\/#website\",\"url\":\"https:\\\/\\\/recambiosecogas.com\\\/pt-pt\\\/\",\"name\":\"Recambios EcoGas\",\"description\":\"Pe\u00e7as multimarca para sistemas de GPL\\\/GNC\\\/GNL\\\/Hidrog\u00e9nio\",\"publisher\":{\"@id\":\"https:\\\/\\\/recambiosecogas.com\\\/pt-pt\\\/#organization\"},\"alternateName\":\"Recambios Autogas GLP\",\"potentialAction\":[{\"@type\":\"SearchAction\",\"target\":{\"@type\":\"EntryPoint\",\"urlTemplate\":\"https:\\\/\\\/recambiosecogas.com\\\/pt-pt\\\/?s={search_term_string}\"},\"query-input\":{\"@type\":\"PropertyValueSpecification\",\"valueRequired\":true,\"valueName\":\"search_term_string\"}}],\"inLanguage\":\"pt-PT\"},{\"@type\":[\"Organization\",\"Place\"],\"@id\":\"https:\\\/\\\/recambiosecogas.com\\\/pt-pt\\\/#organization\",\"name\":\"Recambios EcoGas\",\"alternateName\":\"Loja de GPL Autog\u00e1s Espanha\",\"url\":\"https:\\\/\\\/recambiosecogas.com\\\/pt-pt\\\/\",\"logo\":{\"@id\":\"https:\\\/\\\/recambiosecogas.com\\\/pt-pt\\\/producto\\\/brc-mazo-de-cables-plug-drive-4-cilindros-my10-de534007\\\/#local-main-organization-logo\"},\"image\":{\"@id\":\"https:\\\/\\\/recambiosecogas.com\\\/pt-pt\\\/producto\\\/brc-mazo-de-cables-plug-drive-4-cilindros-my10-de534007\\\/#local-main-organization-logo\"},\"sameAs\":[\"https:\\\/\\\/www.facebook.com\\\/profile.php?id=100062419705358\",\"https:\\\/\\\/www.instagram.com\\\/segimon_automocio\"],\"description\":\"Recambios EcoGas \u2013 Venta y distribuci\u00f3n de sistemas GLP y GNC en Espa\u00f1a y Portugal. Env\u00edos 24 h, soporte t\u00e9cnico a talleres y distribuidores.\",\"hasMerchantReturnPolicy\":{\"@type\":\"MerchantReturnPolicy\",\"merchantReturnLink\":\"https:\\\/\\\/recambiosecogas.com\\\/politicas-privacidad\\\/\"},\"address\":{\"@id\":\"https:\\\/\\\/recambiosecogas.com\\\/pt-pt\\\/producto\\\/brc-mazo-de-cables-plug-drive-4-cilindros-my10-de534007\\\/#local-main-place-address\"},\"telephone\":[\"616250633\"],\"contactPoint\":{\"@type\":\"ContactPoint\",\"email\":\"export@recambiosecogas.com\"},\"openingHoursSpecification\":[{\"@type\":\"OpeningHoursSpecification\",\"dayOfWeek\":[\"Monday\",\"Tuesday\",\"Wednesday\",\"Thursday\",\"Friday\",\"Saturday\",\"Sunday\"],\"opens\":\"09:00\",\"closes\":\"17:00\"}],\"email\":\"info@recambiosecogas.com\",\"faxNumber\":\"SEGIMON AUTOMOCION SL\",\"vatID\":\"ESB19819861\",\"globalLocationNumber\":\"938 616 339\"},{\"@type\":\"PostalAddress\",\"@id\":\"https:\\\/\\\/recambiosecogas.com\\\/pt-pt\\\/producto\\\/brc-mazo-de-cables-plug-drive-4-cilindros-my10-de534007\\\/#local-main-place-address\",\"streetAddress\":\"cami antic de vic, 29 (Nave 3), Pol\u00edgono Industrial Congost\",\"addressLocality\":\"CORRO D`AVALL\",\"postalCode\":\"08520\",\"addressRegion\":\"Barcelona\",\"addressCountry\":\"ES\"},{\"@type\":\"ImageObject\",\"inLanguage\":\"pt-PT\",\"@id\":\"https:\\\/\\\/recambiosecogas.com\\\/pt-pt\\\/producto\\\/brc-mazo-de-cables-plug-drive-4-cilindros-my10-de534007\\\/#local-main-organization-logo\",\"url\":\"https:\\\/\\\/recambiosecogas.com\\\/wp-content\\\/uploads\\\/2024\\\/11\\\/cropped-RECAMBIOS-GLP-png.webp\",\"contentUrl\":\"https:\\\/\\\/recambiosecogas.com\\\/wp-content\\\/uploads\\\/2024\\\/11\\\/cropped-RECAMBIOS-GLP-png.webp\",\"width\":512,\"height\":512,\"caption\":\"Recambios EcoGas\"}]}<\/script>\n<meta property=\"product:brand\" content=\"BRC\" \/>\n<meta property=\"product:price:amount\" content=\"271.99\" \/>\n<meta property=\"product:price:currency\" content=\"EUR\" \/>\n<meta property=\"og:availability\" content=\"backorder\" \/>\n<meta property=\"product:availability\" content=\"available for order\" \/>\n<meta property=\"product:retailer_item_id\" content=\"124944P\" \/>\n<meta property=\"product:condition\" content=\"new\" \/>\n<meta name=\"geo.placename\" content=\"CORRO D`AVALL\" \/>\n<meta name=\"geo.region\" content=\"Espanha\" \/>\n<!-- \/ Yoast SEO Premium plugin. -->","yoast_head_json":{"title":"Mazo de Cables Plug & Drive 4 Cilindros BRC | Recambios Ecogas","description":"Mazo de cables Plug & Drive para sistemas GLP de 4 cilindros. Ideal para asegurar la conexi\u00f3n y funcionamiento \u00f3ptimo del sistema.","robots":{"index":"index","follow":"follow","max-snippet":"max-snippet:-1","max-image-preview":"max-image-preview:large","max-video-preview":"max-video-preview:-1"},"canonical":"https:\/\/recambiosecogas.com\/pt-pt\/producto\/brc-mazo-de-cables-plug-drive-4-cilindros-my10-de534007\/","og_locale":"pt_PT","og_type":"article","og_title":"BRC mazo de cables Plug & Drive 4 cilindros MY10 (DE534007)","og_description":"Mazo de cables Plug & Drive para sistemas GLP de 4 cilindros. Ideal para asegurar la conexi\u00f3n y funcionamiento \u00f3ptimo del sistema.","og_url":"https:\/\/recambiosecogas.com\/pt-pt\/producto\/brc-mazo-de-cables-plug-drive-4-cilindros-my10-de534007\/","og_site_name":"Recambios EcoGas","article_publisher":"https:\/\/www.facebook.com\/profile.php?id=100062419705358","article_modified_time":"2026-04-27T16:48:19+00:00","og_image":[{"width":1000,"height":1000,"url":"https:\/\/recambiosecogas.com\/wp-content\/uploads\/2024\/10\/IMAGEN-NO-DISPONIBLE-png.webp","type":"image\/png"}],"twitter_card":"summary_large_image","twitter_misc":{"pre\u00e7o":"271,99&nbsp;&euro; (Sin IVA: 224,79&nbsp;&euro;)","Disponibilidade":"Por encomenda"},"schema":{"@context":"https:\/\/schema.org","@graph":[{"@type":"WebPage","@id":"https:\/\/recambiosecogas.com\/pt-pt\/producto\/brc-mazo-de-cables-plug-drive-4-cilindros-my10-de534007\/","url":"https:\/\/recambiosecogas.com\/pt-pt\/producto\/brc-mazo-de-cables-plug-drive-4-cilindros-my10-de534007\/","name":"Mazo de Cables Plug & Drive 4 Cilindros BRC | Recambios Ecogas","isPartOf":{"@id":"https:\/\/recambiosecogas.com\/pt-pt\/#website"},"primaryImageOfPage":{"@id":"https:\/\/recambiosecogas.com\/pt-pt\/producto\/brc-mazo-de-cables-plug-drive-4-cilindros-my10-de534007\/#primaryimage"},"image":{"@id":"https:\/\/recambiosecogas.com\/pt-pt\/producto\/brc-mazo-de-cables-plug-drive-4-cilindros-my10-de534007\/#primaryimage"},"thumbnailUrl":"https:\/\/recambiosecogas.com\/wp-content\/uploads\/2024\/10\/IMAGEN-NO-DISPONIBLE-png.webp","datePublished":"2024-11-20T16:28:39+00:00","dateModified":"2026-04-27T16:48:19+00:00","description":"Mazo de cables Plug & Drive para sistemas GLP de 4 cilindros. Ideal para asegurar la conexi\u00f3n y funcionamiento \u00f3ptimo del sistema.","breadcrumb":{"@id":"https:\/\/recambiosecogas.com\/pt-pt\/producto\/brc-mazo-de-cables-plug-drive-4-cilindros-my10-de534007\/#breadcrumb"},"inLanguage":"pt-PT","potentialAction":[{"@type":"ReadAction","target":["https:\/\/recambiosecogas.com\/pt-pt\/producto\/brc-mazo-de-cables-plug-drive-4-cilindros-my10-de534007\/"]}]},{"@type":"ImageObject","inLanguage":"pt-PT","@id":"https:\/\/recambiosecogas.com\/pt-pt\/producto\/brc-mazo-de-cables-plug-drive-4-cilindros-my10-de534007\/#primaryimage","url":"https:\/\/recambiosecogas.com\/wp-content\/uploads\/2024\/10\/IMAGEN-NO-DISPONIBLE-png.webp","contentUrl":"https:\/\/recambiosecogas.com\/wp-content\/uploads\/2024\/10\/IMAGEN-NO-DISPONIBLE-png.webp","width":1000,"height":1000,"caption":"Reductor Lovato MAJOR TURBO"},{"@type":"BreadcrumbList","@id":"https:\/\/recambiosecogas.com\/pt-pt\/producto\/brc-mazo-de-cables-plug-drive-4-cilindros-my10-de534007\/#breadcrumb","itemListElement":[{"@type":"ListItem","position":1,"name":"P\u00e1gina inicial","item":"https:\/\/recambiosecogas.com\/pt-pt\/"},{"@type":"ListItem","position":2,"name":"Loja","item":"https:\/\/recambiosecogas.com\/pt-pt\/tienda\/"},{"@type":"ListItem","position":3,"name":"BRC mazo de cables Plug &#038; Drive 4 cilindros MY10 (DE534007)"}]},{"@type":"WebSite","@id":"https:\/\/recambiosecogas.com\/pt-pt\/#website","url":"https:\/\/recambiosecogas.com\/pt-pt\/","name":"Recambios EcoGas","description":"Pe\u00e7as multimarca para sistemas de GPL\/GNC\/GNL\/Hidrog\u00e9nio","publisher":{"@id":"https:\/\/recambiosecogas.com\/pt-pt\/#organization"},"alternateName":"Recambios Autogas GLP","potentialAction":[{"@type":"SearchAction","target":{"@type":"EntryPoint","urlTemplate":"https:\/\/recambiosecogas.com\/pt-pt\/?s={search_term_string}"},"query-input":{"@type":"PropertyValueSpecification","valueRequired":true,"valueName":"search_term_string"}}],"inLanguage":"pt-PT"},{"@type":["Organization","Place"],"@id":"https:\/\/recambiosecogas.com\/pt-pt\/#organization","name":"Recambios EcoGas","alternateName":"Loja de GPL Autog\u00e1s Espanha","url":"https:\/\/recambiosecogas.com\/pt-pt\/","logo":{"@id":"https:\/\/recambiosecogas.com\/pt-pt\/producto\/brc-mazo-de-cables-plug-drive-4-cilindros-my10-de534007\/#local-main-organization-logo"},"image":{"@id":"https:\/\/recambiosecogas.com\/pt-pt\/producto\/brc-mazo-de-cables-plug-drive-4-cilindros-my10-de534007\/#local-main-organization-logo"},"sameAs":["https:\/\/www.facebook.com\/profile.php?id=100062419705358","https:\/\/www.instagram.com\/segimon_automocio"],"description":"Recambios EcoGas \u2013 Venta y distribuci\u00f3n de sistemas GLP y GNC en Espa\u00f1a y Portugal. Env\u00edos 24 h, soporte t\u00e9cnico a talleres y distribuidores.","hasMerchantReturnPolicy":{"@type":"MerchantReturnPolicy","merchantReturnLink":"https:\/\/recambiosecogas.com\/politicas-privacidad\/"},"address":{"@id":"https:\/\/recambiosecogas.com\/pt-pt\/producto\/brc-mazo-de-cables-plug-drive-4-cilindros-my10-de534007\/#local-main-place-address"},"telephone":["616250633"],"contactPoint":{"@type":"ContactPoint","email":"export@recambiosecogas.com"},"openingHoursSpecification":[{"@type":"OpeningHoursSpecification","dayOfWeek":["Monday","Tuesday","Wednesday","Thursday","Friday","Saturday","Sunday"],"opens":"09:00","closes":"17:00"}],"email":"info@recambiosecogas.com","faxNumber":"SEGIMON AUTOMOCION SL","vatID":"ESB19819861","globalLocationNumber":"938 616 339"},{"@type":"PostalAddress","@id":"https:\/\/recambiosecogas.com\/pt-pt\/producto\/brc-mazo-de-cables-plug-drive-4-cilindros-my10-de534007\/#local-main-place-address","streetAddress":"cami antic de vic, 29 (Nave 3), Pol\u00edgono Industrial Congost","addressLocality":"CORRO D`AVALL","postalCode":"08520","addressRegion":"Barcelona","addressCountry":"ES"},{"@type":"ImageObject","inLanguage":"pt-PT","@id":"https:\/\/recambiosecogas.com\/pt-pt\/producto\/brc-mazo-de-cables-plug-drive-4-cilindros-my10-de534007\/#local-main-organization-logo","url":"https:\/\/recambiosecogas.com\/wp-content\/uploads\/2024\/11\/cropped-RECAMBIOS-GLP-png.webp","contentUrl":"https:\/\/recambiosecogas.com\/wp-content\/uploads\/2024\/11\/cropped-RECAMBIOS-GLP-png.webp","width":512,"height":512,"caption":"Recambios EcoGas"}]},"product_brand":"BRC","product_price_amount":"271.99","product_price_currency":"EUR","og_availability":"backorder","product_availability":"available for order","product_retailer_item_id":"124944P","product_condition":"new","geo.placename":"CORRO D`AVALL","geo.region":"Espanha"},"uagb_featured_image_src":{"full":["https:\/\/recambiosecogas.com\/wp-content\/uploads\/2024\/10\/IMAGEN-NO-DISPONIBLE-png.webp",1000,1000,false],"thumbnail":["https:\/\/recambiosecogas.com\/wp-content\/uploads\/2024\/10\/IMAGEN-NO-DISPONIBLE-png-150x150.webp",150,150,true],"medium":["https:\/\/recambiosecogas.com\/wp-content\/uploads\/2024\/10\/IMAGEN-NO-DISPONIBLE-300x300.png",300,300,true],"medium_large":["https:\/\/recambiosecogas.com\/wp-content\/uploads\/2024\/10\/IMAGEN-NO-DISPONIBLE-png-768x768.webp",768,768,true],"large":["https:\/\/recambiosecogas.com\/wp-content\/uploads\/2024\/10\/IMAGEN-NO-DISPONIBLE-png.webp",1000,1000,false],"1536x1536":["https:\/\/recambiosecogas.com\/wp-content\/uploads\/2024\/10\/IMAGEN-NO-DISPONIBLE-png.webp",1000,1000,false],"2048x2048":["https:\/\/recambiosecogas.com\/wp-content\/uploads\/2024\/10\/IMAGEN-NO-DISPONIBLE-png.webp",1000,1000,false],"woocommerce_archive_thumbnail":["https:\/\/recambiosecogas.com\/wp-content\/uploads\/2024\/10\/IMAGEN-NO-DISPONIBLE-png.webp",1000,1000,false],"woocommerce_thumbnail":["https:\/\/recambiosecogas.com\/wp-content\/uploads\/2024\/10\/IMAGEN-NO-DISPONIBLE-png-300x300.webp",300,300,true],"woocommerce_single":["https:\/\/recambiosecogas.com\/wp-content\/uploads\/2024\/10\/IMAGEN-NO-DISPONIBLE-png.webp",1000,1000,false],"woocommerce_gallery_thumbnail":["https:\/\/recambiosecogas.com\/wp-content\/uploads\/2024\/10\/IMAGEN-NO-DISPONIBLE-png.webp",1000,1000,false],"dgwt-wcas-product-suggestion":["https:\/\/recambiosecogas.com\/wp-content\/uploads\/2024\/10\/IMAGEN-NO-DISPONIBLE-png-64x64.webp",64,64,true]},"uagb_author_info":{"display_name":"Fran - Soporte T\u00e9cnico","author_link":"https:\/\/recambiosecogas.com\/pt-pt\/author\/"},"uagb_comment_info":0,"uagb_excerpt":"BRC mazo de cables Plug &amp; Drive 4 cilindros MY10 (DE534007)","_links":{"self":[{"href":"https:\/\/recambiosecogas.com\/pt-pt\/wp-json\/wp\/v2\/product\/7277","targetHints":{"allow":["GET"]}}],"collection":[{"href":"https:\/\/recambiosecogas.com\/pt-pt\/wp-json\/wp\/v2\/product"}],"about":[{"href":"https:\/\/recambiosecogas.com\/pt-pt\/wp-json\/wp\/v2\/types\/product"}],"replies":[{"embeddable":true,"href":"https:\/\/recambiosecogas.com\/pt-pt\/wp-json\/wp\/v2\/comments?post=7277"}],"wp:featuredmedia":[{"embeddable":true,"href":"https:\/\/recambiosecogas.com\/pt-pt\/wp-json\/wp\/v2\/media\/4388"}],"wp:attachment":[{"href":"https:\/\/recambiosecogas.com\/pt-pt\/wp-json\/wp\/v2\/media?parent=7277"}],"wp:term":[{"taxonomy":"product_brand","embeddable":true,"href":"https:\/\/recambiosecogas.com\/pt-pt\/wp-json\/wp\/v2\/product_brand?post=7277"},{"taxonomy":"product_cat","embeddable":true,"href":"https:\/\/recambiosecogas.com\/pt-pt\/wp-json\/wp\/v2\/product_cat?post=7277"},{"taxonomy":"product_tag","embeddable":true,"href":"https:\/\/recambiosecogas.com\/pt-pt\/wp-json\/wp\/v2\/product_tag?post=7277"}],"curies":[{"name":"wp","href":"https:\/\/api.w.org\/{rel}","templated":true}]}}