{"id":7231,"date":"2024-11-20T16:27:18","date_gmt":"2024-11-20T16:27:18","guid":{"rendered":"https:\/\/recambiosecogas.com\/producto\/reparado-aeb-mp48-centralita-3-4-cilindros-sin-obd\/"},"modified":"2026-04-27T09:22:08","modified_gmt":"2026-04-27T08:22:08","slug":"reparado-aeb-mp48-centralita-3-4-cilindros-sin-obd","status":"publish","type":"product","link":"https:\/\/recambiosecogas.com\/pt-pt\/producto\/reparado-aeb-mp48-centralita-3-4-cilindros-sin-obd\/","title":{"rendered":"[REPARADO] AEB MP48 centralita 3\/4 cilindros (sin OBD)"},"content":{"rendered":"<h1 data-start=\"198\" data-end=\"252\">[REPARADO] AEB MP48 centralita 3\/4 cilindros sin OBD<\/h1>\n<p data-start=\"254\" data-end=\"520\">La <strong data-start=\"257\" data-end=\"302\">AEB MP48 centralita 3\/4 cilindros sin OBD<\/strong> es una unidad electr\u00f3nica reacondicionada dise\u00f1ada para la gesti\u00f3n de sistemas Autogas en motores de 3 y 4 cilindros. Esta ECU controla la inyecci\u00f3n secuencial de gas en configuraciones sin comunicaci\u00f3n OBD integrada.<\/p>\n<p data-start=\"522\" data-end=\"613\">Se trata de una unidad reparada y verificada para su reutilizaci\u00f3n en sistemas compatibles.<\/p>\n<hr data-start=\"615\" data-end=\"618\" \/>\n<h2 data-start=\"620\" data-end=\"668\">Unidad electr\u00f3nica MP48 para sistemas sin OBD<\/h2>\n<div class=\"TyagGW_tableContainer\">\n<div class=\"group TyagGW_tableWrapper flex flex-col-reverse w-fit\" tabindex=\"-1\">\n<table class=\"w-fit min-w-(--thread-content-width)\" data-start=\"670\" data-end=\"975\">\n<thead data-start=\"670\" data-end=\"698\">\n<tr data-start=\"670\" data-end=\"698\">\n<th class=\"\" data-start=\"670\" data-end=\"687\" data-col-size=\"sm\">Caracter\u00edstica<\/th>\n<th class=\"\" data-start=\"687\" data-end=\"698\" data-col-size=\"sm\">Detalle<\/th>\n<\/tr>\n<\/thead>\n<tbody data-start=\"728\" data-end=\"975\">\n<tr data-start=\"728\" data-end=\"771\">\n<td data-start=\"728\" data-end=\"739\" data-col-size=\"sm\">Producto<\/td>\n<td data-start=\"739\" data-end=\"771\" data-col-size=\"sm\">ECU \/ Centralita electr\u00f3nica<\/td>\n<\/tr>\n<tr data-start=\"772\" data-end=\"799\">\n<td data-start=\"772\" data-end=\"792\" data-col-size=\"sm\">Marca electr\u00f3nica<\/td>\n<td data-start=\"792\" data-end=\"799\" data-col-size=\"sm\">AEB<\/td>\n<\/tr>\n<tr data-start=\"800\" data-end=\"817\">\n<td data-start=\"800\" data-end=\"809\" data-col-size=\"sm\">Modelo<\/td>\n<td data-start=\"809\" data-end=\"817\" data-col-size=\"sm\">MP48<\/td>\n<\/tr>\n<tr data-start=\"818\" data-end=\"852\">\n<td data-start=\"818\" data-end=\"833\" data-col-size=\"sm\">N\u00ba cilindros<\/td>\n<td data-start=\"833\" data-end=\"852\" data-col-size=\"sm\">3 \/ 4 cilindros<\/td>\n<\/tr>\n<tr data-start=\"853\" data-end=\"888\">\n<td data-start=\"853\" data-end=\"872\" data-col-size=\"sm\">Comunicaci\u00f3n OBD<\/td>\n<td data-start=\"872\" data-end=\"888\" data-col-size=\"sm\">No integrada<\/td>\n<\/tr>\n<tr data-start=\"889\" data-end=\"931\">\n<td data-start=\"889\" data-end=\"907\" data-col-size=\"sm\">Tipo de sistema<\/td>\n<td data-col-size=\"sm\" data-start=\"907\" data-end=\"931\">Inyecci\u00f3n secuencial<\/td>\n<\/tr>\n<tr data-start=\"932\" data-end=\"953\">\n<td data-start=\"932\" data-end=\"946\" data-col-size=\"sm\">Combustible<\/td>\n<td data-start=\"946\" data-end=\"953\" data-col-size=\"sm\">GLP<\/td>\n<\/tr>\n<tr data-start=\"954\" data-end=\"975\">\n<td data-start=\"954\" data-end=\"963\" data-col-size=\"sm\">Estado<\/td>\n<td data-start=\"963\" data-end=\"975\" data-col-size=\"sm\">Reparado<\/td>\n<\/tr>\n<\/tbody>\n<\/table>\n<\/div>\n<\/div>\n<hr data-start=\"977\" data-end=\"980\" \/>\n<h2 data-start=\"982\" data-end=\"1024\">Compatibilidad con sistemas Autogas AEB<\/h2>\n<p data-start=\"1026\" data-end=\"1109\">Compatible con instalaciones que utilicen centralita AEB MP48 en versiones sin OBD.<\/p>\n<p data-start=\"1111\" data-end=\"1217\">Antes de la sustituci\u00f3n, verificar n\u00famero de conectores, referencia y configuraci\u00f3n del sistema instalado.<\/p>\n<hr data-start=\"1219\" data-end=\"1222\" \/>\n<h2 data-start=\"1224\" data-end=\"1244\">Ventajas t\u00e9cnicas<\/h2>\n<ul data-start=\"1246\" data-end=\"1442\">\n<li data-start=\"1246\" data-end=\"1289\">\n<p data-start=\"1248\" data-end=\"1289\">Gesti\u00f3n secuencial para 3 y 4 cilindros<\/p>\n<\/li>\n<li data-start=\"1290\" data-end=\"1322\">\n<p data-start=\"1292\" data-end=\"1322\">Versi\u00f3n sin comunicaci\u00f3n OBD<\/p>\n<\/li>\n<li data-start=\"1323\" data-end=\"1362\">\n<p data-start=\"1325\" data-end=\"1362\">Unidad reacondicionada y comprobada<\/p>\n<\/li>\n<li data-start=\"1363\" data-end=\"1402\">\n<p data-start=\"1365\" data-end=\"1402\">Recambio t\u00e9cnico para mantenimiento<\/p>\n<\/li>\n<li data-start=\"1403\" data-end=\"1442\">\n<p data-start=\"1405\" data-end=\"1442\">Compatible con sistemas Autogas GLP<\/p>\n<\/li>\n<\/ul>\n<hr data-start=\"1444\" data-end=\"1447\" \/>\n<h2 data-start=\"1449\" data-end=\"1455\">FAQ<\/h2>\n<p data-start=\"1457\" data-end=\"1563\"><strong data-start=\"1457\" data-end=\"1494\">\u00bfQu\u00e9 significa que est\u00e9 reparada?<\/strong><br data-start=\"1494\" data-end=\"1497\" \/>Es una unidad reacondicionada y verificada para su funcionamiento.<\/p>\n<p data-start=\"1565\" data-end=\"1633\"><strong data-start=\"1565\" data-end=\"1582\">\u00bfIncluye OBD?<\/strong><br data-start=\"1582\" data-end=\"1585\" \/>No, esta versi\u00f3n no dispone de comunicaci\u00f3n OBD.<\/p>\n<p data-start=\"1635\" data-end=\"1720\"><strong data-start=\"1635\" data-end=\"1669\">\u00bfEs v\u00e1lida para 5\/6 cilindros?<\/strong><br data-start=\"1669\" data-end=\"1672\" \/>No, est\u00e1 destinada a motores de 3 o 4 cilindros.<\/p>\n<p data-start=\"1722\" data-end=\"1800\"><strong data-start=\"1722\" data-end=\"1749\">\u00bfRequiere programaci\u00f3n?<\/strong><br data-start=\"1749\" data-end=\"1752\" \/>S\u00ed, debe configurarse por t\u00e9cnico especializado.<\/p>\n","protected":false},"excerpt":{"rendered":"<p data-start=\"2270\" data-end=\"2383\">AEB MP48 centralita 3\/4 cilindros sin OBD reparada. Unidad electr\u00f3nica reacondicionada para sistemas Autogas GLP.<\/p>\n","protected":false},"featured_media":10189,"comment_status":"closed","ping_status":"closed","template":"","meta":{"_uag_custom_page_level_css":""},"product_brand":[959],"product_cat":[480,297],"product_tag":[],"class_list":{"0":"post-7231","1":"product","2":"type-product","3":"status-publish","4":"has-post-thumbnail","6":"product_brand-aeb-electronics","7":"product_cat-centralitas-electronicas","8":"product_cat-electronica","10":"first","11":"onbackorder","12":"taxable","13":"shipping-taxable","14":"purchasable","15":"product-type-simple"},"ct_brands":[{"id":959,"name":"AEB ELECTRONICS","slug":"aeb-electronics"}],"yoast_head":"<!-- This site is optimized with the Yoast SEO Premium plugin v27.5 (Yoast SEO v27.5) - https:\/\/yoast.com\/product\/yoast-seo-premium-wordpress\/ -->\n<title>[REPARADO] AEB MP48 centralita 3\/4 cilindros sin OBD | Recambios EcoGas<\/title>\n<meta name=\"description\" content=\"AEB MP48 centralita 3\/4 cilindros sin OBD reparada. ECU para sistemas Autogas GLP en motores de 3 y 4 cilindros.\" \/>\n<meta name=\"robots\" content=\"index, follow, max-snippet:-1, max-image-preview:large, max-video-preview:-1\" \/>\n<link rel=\"canonical\" href=\"https:\/\/recambiosecogas.com\/pt-pt\/producto\/reparado-aeb-mp48-centralita-3-4-cilindros-sin-obd\/\" \/>\n<meta property=\"og:locale\" content=\"pt_PT\" \/>\n<meta property=\"og:type\" content=\"article\" \/>\n<meta property=\"og:title\" content=\"[REPARADO] AEB MP48 centralita 3\/4 cilindros (sin OBD)\" \/>\n<meta property=\"og:description\" content=\"AEB MP48 centralita 3\/4 cilindros sin OBD reparada. ECU para sistemas Autogas GLP en motores de 3 y 4 cilindros.\" \/>\n<meta property=\"og:url\" content=\"https:\/\/recambiosecogas.com\/pt-pt\/producto\/reparado-aeb-mp48-centralita-3-4-cilindros-sin-obd\/\" \/>\n<meta property=\"og:site_name\" content=\"Recambios EcoGas\" \/>\n<meta property=\"article:publisher\" content=\"https:\/\/www.facebook.com\/profile.php?id=100062419705358\" \/>\n<meta property=\"article:modified_time\" content=\"2026-04-27T08:22:08+00:00\" \/>\n<meta property=\"og:image\" content=\"https:\/\/recambiosecogas.com\/wp-content\/uploads\/2024\/11\/REPARADO-AEB-MP48-centralita-3-4-cilindros-sin-OBD-png.webp\" \/>\n\t<meta property=\"og:image:width\" content=\"1000\" \/>\n\t<meta property=\"og:image:height\" content=\"1000\" \/>\n\t<meta property=\"og:image:type\" content=\"image\/png\" \/>\n<meta name=\"twitter:card\" content=\"summary_large_image\" \/>\n<meta name=\"twitter:label1\" content=\"pre\u00e7o\" \/>\n\t<meta name=\"twitter:data1\" content=\"57,85&nbsp;&euro; (Sin IVA: 47,81&nbsp;&euro;)\" \/>\n\t<meta name=\"twitter:label2\" content=\"Disponibilidade\" \/>\n\t<meta name=\"twitter:data2\" content=\"Por encomenda\" \/>\n<script type=\"application\/ld+json\" class=\"yoast-schema-graph\">{\"@context\":\"https:\\\/\\\/schema.org\",\"@graph\":[{\"@type\":\"WebPage\",\"@id\":\"https:\\\/\\\/recambiosecogas.com\\\/pt-pt\\\/producto\\\/reparado-aeb-mp48-centralita-3-4-cilindros-sin-obd\\\/\",\"url\":\"https:\\\/\\\/recambiosecogas.com\\\/pt-pt\\\/producto\\\/reparado-aeb-mp48-centralita-3-4-cilindros-sin-obd\\\/\",\"name\":\"[REPARADO] AEB MP48 centralita 3\\\/4 cilindros sin OBD | Recambios EcoGas\",\"isPartOf\":{\"@id\":\"https:\\\/\\\/recambiosecogas.com\\\/pt-pt\\\/#website\"},\"primaryImageOfPage\":{\"@id\":\"https:\\\/\\\/recambiosecogas.com\\\/pt-pt\\\/producto\\\/reparado-aeb-mp48-centralita-3-4-cilindros-sin-obd\\\/#primaryimage\"},\"image\":{\"@id\":\"https:\\\/\\\/recambiosecogas.com\\\/pt-pt\\\/producto\\\/reparado-aeb-mp48-centralita-3-4-cilindros-sin-obd\\\/#primaryimage\"},\"thumbnailUrl\":\"https:\\\/\\\/recambiosecogas.com\\\/wp-content\\\/uploads\\\/2024\\\/11\\\/REPARADO-AEB-MP48-centralita-3-4-cilindros-sin-OBD-png.webp\",\"datePublished\":\"2024-11-20T16:27:18+00:00\",\"dateModified\":\"2026-04-27T08:22:08+00:00\",\"description\":\"AEB MP48 centralita 3\\\/4 cilindros sin OBD reparada. ECU para sistemas Autogas GLP en motores de 3 y 4 cilindros.\",\"breadcrumb\":{\"@id\":\"https:\\\/\\\/recambiosecogas.com\\\/pt-pt\\\/producto\\\/reparado-aeb-mp48-centralita-3-4-cilindros-sin-obd\\\/#breadcrumb\"},\"inLanguage\":\"pt-PT\",\"potentialAction\":[{\"@type\":\"ReadAction\",\"target\":[\"https:\\\/\\\/recambiosecogas.com\\\/pt-pt\\\/producto\\\/reparado-aeb-mp48-centralita-3-4-cilindros-sin-obd\\\/\"]}]},{\"@type\":\"ImageObject\",\"inLanguage\":\"pt-PT\",\"@id\":\"https:\\\/\\\/recambiosecogas.com\\\/pt-pt\\\/producto\\\/reparado-aeb-mp48-centralita-3-4-cilindros-sin-obd\\\/#primaryimage\",\"url\":\"https:\\\/\\\/recambiosecogas.com\\\/wp-content\\\/uploads\\\/2024\\\/11\\\/REPARADO-AEB-MP48-centralita-3-4-cilindros-sin-OBD-png.webp\",\"contentUrl\":\"https:\\\/\\\/recambiosecogas.com\\\/wp-content\\\/uploads\\\/2024\\\/11\\\/REPARADO-AEB-MP48-centralita-3-4-cilindros-sin-OBD-png.webp\",\"width\":1000,\"height\":1000},{\"@type\":\"BreadcrumbList\",\"@id\":\"https:\\\/\\\/recambiosecogas.com\\\/pt-pt\\\/producto\\\/reparado-aeb-mp48-centralita-3-4-cilindros-sin-obd\\\/#breadcrumb\",\"itemListElement\":[{\"@type\":\"ListItem\",\"position\":1,\"name\":\"P\u00e1gina inicial\",\"item\":\"https:\\\/\\\/recambiosecogas.com\\\/pt-pt\\\/\"},{\"@type\":\"ListItem\",\"position\":2,\"name\":\"Loja\",\"item\":\"https:\\\/\\\/recambiosecogas.com\\\/pt-pt\\\/tienda\\\/\"},{\"@type\":\"ListItem\",\"position\":3,\"name\":\"[REPARADO] AEB MP48 centralita 3\\\/4 cilindros (sin OBD)\"}]},{\"@type\":\"WebSite\",\"@id\":\"https:\\\/\\\/recambiosecogas.com\\\/pt-pt\\\/#website\",\"url\":\"https:\\\/\\\/recambiosecogas.com\\\/pt-pt\\\/\",\"name\":\"Recambios EcoGas\",\"description\":\"Pe\u00e7as multimarca para sistemas de GPL\\\/GNC\\\/GNL\\\/Hidrog\u00e9nio\",\"publisher\":{\"@id\":\"https:\\\/\\\/recambiosecogas.com\\\/pt-pt\\\/#organization\"},\"alternateName\":\"Recambios Autogas GLP\",\"potentialAction\":[{\"@type\":\"SearchAction\",\"target\":{\"@type\":\"EntryPoint\",\"urlTemplate\":\"https:\\\/\\\/recambiosecogas.com\\\/pt-pt\\\/?s={search_term_string}\"},\"query-input\":{\"@type\":\"PropertyValueSpecification\",\"valueRequired\":true,\"valueName\":\"search_term_string\"}}],\"inLanguage\":\"pt-PT\"},{\"@type\":[\"Organization\",\"Place\"],\"@id\":\"https:\\\/\\\/recambiosecogas.com\\\/pt-pt\\\/#organization\",\"name\":\"Recambios EcoGas\",\"alternateName\":\"Loja de GPL Autog\u00e1s Espanha\",\"url\":\"https:\\\/\\\/recambiosecogas.com\\\/pt-pt\\\/\",\"logo\":{\"@id\":\"https:\\\/\\\/recambiosecogas.com\\\/pt-pt\\\/producto\\\/reparado-aeb-mp48-centralita-3-4-cilindros-sin-obd\\\/#local-main-organization-logo\"},\"image\":{\"@id\":\"https:\\\/\\\/recambiosecogas.com\\\/pt-pt\\\/producto\\\/reparado-aeb-mp48-centralita-3-4-cilindros-sin-obd\\\/#local-main-organization-logo\"},\"sameAs\":[\"https:\\\/\\\/www.facebook.com\\\/profile.php?id=100062419705358\",\"https:\\\/\\\/www.instagram.com\\\/segimon_automocio\"],\"description\":\"Recambios EcoGas \u2013 Venta y distribuci\u00f3n de sistemas GLP y GNC en Espa\u00f1a y Portugal. Env\u00edos 24 h, soporte t\u00e9cnico a talleres y distribuidores.\",\"hasMerchantReturnPolicy\":{\"@type\":\"MerchantReturnPolicy\",\"merchantReturnLink\":\"https:\\\/\\\/recambiosecogas.com\\\/politicas-privacidad\\\/\"},\"address\":{\"@id\":\"https:\\\/\\\/recambiosecogas.com\\\/pt-pt\\\/producto\\\/reparado-aeb-mp48-centralita-3-4-cilindros-sin-obd\\\/#local-main-place-address\"},\"telephone\":[\"616250633\"],\"contactPoint\":{\"@type\":\"ContactPoint\",\"email\":\"export@recambiosecogas.com\"},\"openingHoursSpecification\":[{\"@type\":\"OpeningHoursSpecification\",\"dayOfWeek\":[\"Monday\",\"Tuesday\",\"Wednesday\",\"Thursday\",\"Friday\",\"Saturday\",\"Sunday\"],\"opens\":\"09:00\",\"closes\":\"17:00\"}],\"email\":\"info@recambiosecogas.com\",\"faxNumber\":\"SEGIMON AUTOMOCION SL\",\"vatID\":\"ESB19819861\",\"globalLocationNumber\":\"938 616 339\"},{\"@type\":\"PostalAddress\",\"@id\":\"https:\\\/\\\/recambiosecogas.com\\\/pt-pt\\\/producto\\\/reparado-aeb-mp48-centralita-3-4-cilindros-sin-obd\\\/#local-main-place-address\",\"streetAddress\":\"cami antic de vic, 29 (Nave 3), Pol\u00edgono Industrial Congost\",\"addressLocality\":\"CORRO D`AVALL\",\"postalCode\":\"08520\",\"addressRegion\":\"Barcelona\",\"addressCountry\":\"ES\"},{\"@type\":\"ImageObject\",\"inLanguage\":\"pt-PT\",\"@id\":\"https:\\\/\\\/recambiosecogas.com\\\/pt-pt\\\/producto\\\/reparado-aeb-mp48-centralita-3-4-cilindros-sin-obd\\\/#local-main-organization-logo\",\"url\":\"https:\\\/\\\/recambiosecogas.com\\\/wp-content\\\/uploads\\\/2024\\\/11\\\/cropped-RECAMBIOS-GLP-png.webp\",\"contentUrl\":\"https:\\\/\\\/recambiosecogas.com\\\/wp-content\\\/uploads\\\/2024\\\/11\\\/cropped-RECAMBIOS-GLP-png.webp\",\"width\":512,\"height\":512,\"caption\":\"Recambios EcoGas\"}]}<\/script>\n<meta property=\"product:brand\" content=\"AEB ELECTRONICS\" \/>\n<meta property=\"product:price:amount\" content=\"57.85\" \/>\n<meta property=\"product:price:currency\" content=\"EUR\" \/>\n<meta property=\"og:availability\" content=\"backorder\" \/>\n<meta property=\"product:availability\" content=\"available for order\" \/>\n<meta property=\"product:retailer_item_id\" content=\"107840G\" \/>\n<meta property=\"product:condition\" content=\"new\" \/>\n<meta name=\"geo.placename\" content=\"CORRO D`AVALL\" \/>\n<meta name=\"geo.region\" content=\"Espanha\" \/>\n<!-- \/ Yoast SEO Premium plugin. -->","yoast_head_json":{"title":"[REPARADO] AEB MP48 centralita 3\/4 cilindros sin OBD | Recambios EcoGas","description":"AEB MP48 centralita 3\/4 cilindros sin OBD reparada. ECU para sistemas Autogas GLP en motores de 3 y 4 cilindros.","robots":{"index":"index","follow":"follow","max-snippet":"max-snippet:-1","max-image-preview":"max-image-preview:large","max-video-preview":"max-video-preview:-1"},"canonical":"https:\/\/recambiosecogas.com\/pt-pt\/producto\/reparado-aeb-mp48-centralita-3-4-cilindros-sin-obd\/","og_locale":"pt_PT","og_type":"article","og_title":"[REPARADO] AEB MP48 centralita 3\/4 cilindros (sin OBD)","og_description":"AEB MP48 centralita 3\/4 cilindros sin OBD reparada. ECU para sistemas Autogas GLP en motores de 3 y 4 cilindros.","og_url":"https:\/\/recambiosecogas.com\/pt-pt\/producto\/reparado-aeb-mp48-centralita-3-4-cilindros-sin-obd\/","og_site_name":"Recambios EcoGas","article_publisher":"https:\/\/www.facebook.com\/profile.php?id=100062419705358","article_modified_time":"2026-04-27T08:22:08+00:00","og_image":[{"width":1000,"height":1000,"url":"https:\/\/recambiosecogas.com\/wp-content\/uploads\/2024\/11\/REPARADO-AEB-MP48-centralita-3-4-cilindros-sin-OBD-png.webp","type":"image\/png"}],"twitter_card":"summary_large_image","twitter_misc":{"pre\u00e7o":"57,85&nbsp;&euro; (Sin IVA: 47,81&nbsp;&euro;)","Disponibilidade":"Por encomenda"},"schema":{"@context":"https:\/\/schema.org","@graph":[{"@type":"WebPage","@id":"https:\/\/recambiosecogas.com\/pt-pt\/producto\/reparado-aeb-mp48-centralita-3-4-cilindros-sin-obd\/","url":"https:\/\/recambiosecogas.com\/pt-pt\/producto\/reparado-aeb-mp48-centralita-3-4-cilindros-sin-obd\/","name":"[REPARADO] AEB MP48 centralita 3\/4 cilindros sin OBD | Recambios EcoGas","isPartOf":{"@id":"https:\/\/recambiosecogas.com\/pt-pt\/#website"},"primaryImageOfPage":{"@id":"https:\/\/recambiosecogas.com\/pt-pt\/producto\/reparado-aeb-mp48-centralita-3-4-cilindros-sin-obd\/#primaryimage"},"image":{"@id":"https:\/\/recambiosecogas.com\/pt-pt\/producto\/reparado-aeb-mp48-centralita-3-4-cilindros-sin-obd\/#primaryimage"},"thumbnailUrl":"https:\/\/recambiosecogas.com\/wp-content\/uploads\/2024\/11\/REPARADO-AEB-MP48-centralita-3-4-cilindros-sin-OBD-png.webp","datePublished":"2024-11-20T16:27:18+00:00","dateModified":"2026-04-27T08:22:08+00:00","description":"AEB MP48 centralita 3\/4 cilindros sin OBD reparada. ECU para sistemas Autogas GLP en motores de 3 y 4 cilindros.","breadcrumb":{"@id":"https:\/\/recambiosecogas.com\/pt-pt\/producto\/reparado-aeb-mp48-centralita-3-4-cilindros-sin-obd\/#breadcrumb"},"inLanguage":"pt-PT","potentialAction":[{"@type":"ReadAction","target":["https:\/\/recambiosecogas.com\/pt-pt\/producto\/reparado-aeb-mp48-centralita-3-4-cilindros-sin-obd\/"]}]},{"@type":"ImageObject","inLanguage":"pt-PT","@id":"https:\/\/recambiosecogas.com\/pt-pt\/producto\/reparado-aeb-mp48-centralita-3-4-cilindros-sin-obd\/#primaryimage","url":"https:\/\/recambiosecogas.com\/wp-content\/uploads\/2024\/11\/REPARADO-AEB-MP48-centralita-3-4-cilindros-sin-OBD-png.webp","contentUrl":"https:\/\/recambiosecogas.com\/wp-content\/uploads\/2024\/11\/REPARADO-AEB-MP48-centralita-3-4-cilindros-sin-OBD-png.webp","width":1000,"height":1000},{"@type":"BreadcrumbList","@id":"https:\/\/recambiosecogas.com\/pt-pt\/producto\/reparado-aeb-mp48-centralita-3-4-cilindros-sin-obd\/#breadcrumb","itemListElement":[{"@type":"ListItem","position":1,"name":"P\u00e1gina inicial","item":"https:\/\/recambiosecogas.com\/pt-pt\/"},{"@type":"ListItem","position":2,"name":"Loja","item":"https:\/\/recambiosecogas.com\/pt-pt\/tienda\/"},{"@type":"ListItem","position":3,"name":"[REPARADO] AEB MP48 centralita 3\/4 cilindros (sin OBD)"}]},{"@type":"WebSite","@id":"https:\/\/recambiosecogas.com\/pt-pt\/#website","url":"https:\/\/recambiosecogas.com\/pt-pt\/","name":"Recambios EcoGas","description":"Pe\u00e7as multimarca para sistemas de GPL\/GNC\/GNL\/Hidrog\u00e9nio","publisher":{"@id":"https:\/\/recambiosecogas.com\/pt-pt\/#organization"},"alternateName":"Recambios Autogas GLP","potentialAction":[{"@type":"SearchAction","target":{"@type":"EntryPoint","urlTemplate":"https:\/\/recambiosecogas.com\/pt-pt\/?s={search_term_string}"},"query-input":{"@type":"PropertyValueSpecification","valueRequired":true,"valueName":"search_term_string"}}],"inLanguage":"pt-PT"},{"@type":["Organization","Place"],"@id":"https:\/\/recambiosecogas.com\/pt-pt\/#organization","name":"Recambios EcoGas","alternateName":"Loja de GPL Autog\u00e1s Espanha","url":"https:\/\/recambiosecogas.com\/pt-pt\/","logo":{"@id":"https:\/\/recambiosecogas.com\/pt-pt\/producto\/reparado-aeb-mp48-centralita-3-4-cilindros-sin-obd\/#local-main-organization-logo"},"image":{"@id":"https:\/\/recambiosecogas.com\/pt-pt\/producto\/reparado-aeb-mp48-centralita-3-4-cilindros-sin-obd\/#local-main-organization-logo"},"sameAs":["https:\/\/www.facebook.com\/profile.php?id=100062419705358","https:\/\/www.instagram.com\/segimon_automocio"],"description":"Recambios EcoGas \u2013 Venta y distribuci\u00f3n de sistemas GLP y GNC en Espa\u00f1a y Portugal. Env\u00edos 24 h, soporte t\u00e9cnico a talleres y distribuidores.","hasMerchantReturnPolicy":{"@type":"MerchantReturnPolicy","merchantReturnLink":"https:\/\/recambiosecogas.com\/politicas-privacidad\/"},"address":{"@id":"https:\/\/recambiosecogas.com\/pt-pt\/producto\/reparado-aeb-mp48-centralita-3-4-cilindros-sin-obd\/#local-main-place-address"},"telephone":["616250633"],"contactPoint":{"@type":"ContactPoint","email":"export@recambiosecogas.com"},"openingHoursSpecification":[{"@type":"OpeningHoursSpecification","dayOfWeek":["Monday","Tuesday","Wednesday","Thursday","Friday","Saturday","Sunday"],"opens":"09:00","closes":"17:00"}],"email":"info@recambiosecogas.com","faxNumber":"SEGIMON AUTOMOCION SL","vatID":"ESB19819861","globalLocationNumber":"938 616 339"},{"@type":"PostalAddress","@id":"https:\/\/recambiosecogas.com\/pt-pt\/producto\/reparado-aeb-mp48-centralita-3-4-cilindros-sin-obd\/#local-main-place-address","streetAddress":"cami antic de vic, 29 (Nave 3), Pol\u00edgono Industrial Congost","addressLocality":"CORRO D`AVALL","postalCode":"08520","addressRegion":"Barcelona","addressCountry":"ES"},{"@type":"ImageObject","inLanguage":"pt-PT","@id":"https:\/\/recambiosecogas.com\/pt-pt\/producto\/reparado-aeb-mp48-centralita-3-4-cilindros-sin-obd\/#local-main-organization-logo","url":"https:\/\/recambiosecogas.com\/wp-content\/uploads\/2024\/11\/cropped-RECAMBIOS-GLP-png.webp","contentUrl":"https:\/\/recambiosecogas.com\/wp-content\/uploads\/2024\/11\/cropped-RECAMBIOS-GLP-png.webp","width":512,"height":512,"caption":"Recambios EcoGas"}]},"product_brand":"AEB ELECTRONICS","product_price_amount":"57.85","product_price_currency":"EUR","og_availability":"backorder","product_availability":"available for order","product_retailer_item_id":"107840G","product_condition":"new","geo.placename":"CORRO D`AVALL","geo.region":"Espanha"},"uagb_featured_image_src":{"full":["https:\/\/recambiosecogas.com\/wp-content\/uploads\/2024\/11\/REPARADO-AEB-MP48-centralita-3-4-cilindros-sin-OBD-png.webp",1000,1000,false],"thumbnail":["https:\/\/recambiosecogas.com\/wp-content\/uploads\/2024\/11\/REPARADO-AEB-MP48-centralita-3-4-cilindros-sin-OBD-150x150.webp",150,150,true],"medium":["https:\/\/recambiosecogas.com\/wp-content\/uploads\/2024\/11\/REPARADO-AEB-MP48-centralita-3-4-cilindros-sin-OBD-300x300.webp",300,300,true],"medium_large":["https:\/\/recambiosecogas.com\/wp-content\/uploads\/2024\/11\/REPARADO-AEB-MP48-centralita-3-4-cilindros-sin-OBD-768x768.webp",768,768,true],"large":["https:\/\/recambiosecogas.com\/wp-content\/uploads\/2024\/11\/REPARADO-AEB-MP48-centralita-3-4-cilindros-sin-OBD-png.webp",1000,1000,false],"1536x1536":["https:\/\/recambiosecogas.com\/wp-content\/uploads\/2024\/11\/REPARADO-AEB-MP48-centralita-3-4-cilindros-sin-OBD-png.webp",1000,1000,false],"2048x2048":["https:\/\/recambiosecogas.com\/wp-content\/uploads\/2024\/11\/REPARADO-AEB-MP48-centralita-3-4-cilindros-sin-OBD-png.webp",1000,1000,false],"woocommerce_archive_thumbnail":["https:\/\/recambiosecogas.com\/wp-content\/uploads\/2024\/11\/REPARADO-AEB-MP48-centralita-3-4-cilindros-sin-OBD-png.webp",1000,1000,false],"woocommerce_thumbnail":["https:\/\/recambiosecogas.com\/wp-content\/uploads\/2024\/11\/REPARADO-AEB-MP48-centralita-3-4-cilindros-sin-OBD-png-300x300.webp",300,300,true],"woocommerce_single":["https:\/\/recambiosecogas.com\/wp-content\/uploads\/2024\/11\/REPARADO-AEB-MP48-centralita-3-4-cilindros-sin-OBD-png.webp",1000,1000,false],"woocommerce_gallery_thumbnail":["https:\/\/recambiosecogas.com\/wp-content\/uploads\/2024\/11\/REPARADO-AEB-MP48-centralita-3-4-cilindros-sin-OBD-png.webp",1000,1000,false],"dgwt-wcas-product-suggestion":["https:\/\/recambiosecogas.com\/wp-content\/uploads\/2024\/11\/REPARADO-AEB-MP48-centralita-3-4-cilindros-sin-OBD-png-64x64.webp",64,64,true]},"uagb_author_info":{"display_name":"Fran - Soporte T\u00e9cnico","author_link":"https:\/\/recambiosecogas.com\/pt-pt\/author\/"},"uagb_comment_info":0,"uagb_excerpt":"AEB MP48 centralita 3\/4 cilindros sin OBD reparada. Unidad electr\u00f3nica reacondicionada para sistemas Autogas GLP.","_links":{"self":[{"href":"https:\/\/recambiosecogas.com\/pt-pt\/wp-json\/wp\/v2\/product\/7231","targetHints":{"allow":["GET"]}}],"collection":[{"href":"https:\/\/recambiosecogas.com\/pt-pt\/wp-json\/wp\/v2\/product"}],"about":[{"href":"https:\/\/recambiosecogas.com\/pt-pt\/wp-json\/wp\/v2\/types\/product"}],"replies":[{"embeddable":true,"href":"https:\/\/recambiosecogas.com\/pt-pt\/wp-json\/wp\/v2\/comments?post=7231"}],"wp:featuredmedia":[{"embeddable":true,"href":"https:\/\/recambiosecogas.com\/pt-pt\/wp-json\/wp\/v2\/media\/10189"}],"wp:attachment":[{"href":"https:\/\/recambiosecogas.com\/pt-pt\/wp-json\/wp\/v2\/media?parent=7231"}],"wp:term":[{"taxonomy":"product_brand","embeddable":true,"href":"https:\/\/recambiosecogas.com\/pt-pt\/wp-json\/wp\/v2\/product_brand?post=7231"},{"taxonomy":"product_cat","embeddable":true,"href":"https:\/\/recambiosecogas.com\/pt-pt\/wp-json\/wp\/v2\/product_cat?post=7231"},{"taxonomy":"product_tag","embeddable":true,"href":"https:\/\/recambiosecogas.com\/pt-pt\/wp-json\/wp\/v2\/product_tag?post=7231"}],"curies":[{"name":"wp","href":"https:\/\/api.w.org\/{rel}","templated":true}]}}