{"id":7210,"date":"2024-11-20T16:26:38","date_gmt":"2024-11-20T16:26:38","guid":{"rendered":"https:\/\/recambiosecogas.com\/producto\/prins-vsi-afc-2-1-basic-8d-can-centralita-4-6-8-cilindros\/"},"modified":"2026-02-23T12:39:17","modified_gmt":"2026-02-23T11:39:17","slug":"prins-vsi-afc-2-1-basic-8d-can-centralita-4-6-8-cilindros","status":"publish","type":"product","link":"https:\/\/recambiosecogas.com\/pt-pt\/producto\/prins-vsi-afc-2-1-basic-8d-can-centralita-4-6-8-cilindros\/","title":{"rendered":"Prins VSI AFC-2.1 Basic 8D CAN centralita 4\/6\/8 cilindros"},"content":{"rendered":"<h1 data-start=\"185\" data-end=\"244\">Prins VSI AFC-2.1 Basic 8D CAN centralita 4\/6\/8 cilindros<\/h1>\n<p data-start=\"246\" data-end=\"582\">La <strong data-start=\"249\" data-end=\"310\">Prins VSI AFC-2.1 Basic 8D CAN centralita 4\/6\/8 cilindros<\/strong> es una unidad electr\u00f3nica dise\u00f1ada para la gesti\u00f3n de sistemas Autogas en motores de 4, 6 y 8 cilindros. Esta ECU integra comunicaci\u00f3n CAN y est\u00e1 desarrollada para la plataforma VSI, permitiendo el control secuencial de la inyecci\u00f3n de gas en configuraciones compatibles.<\/p>\n<p data-start=\"584\" data-end=\"660\">Est\u00e1 destinada a aplicaciones espec\u00edficas Prins VSI en versi\u00f3n Basic 8D CAN.<\/p>\n<hr data-start=\"662\" data-end=\"665\" \/>\n<h2 data-start=\"667\" data-end=\"717\">Unidad electr\u00f3nica VSI AFC-2.1 Basic 8D con CAN<\/h2>\n<div class=\"TyagGW_tableContainer\">\n<div class=\"group TyagGW_tableWrapper flex flex-col-reverse w-fit\" tabindex=\"-1\">\n<table class=\"w-fit min-w-(--thread-content-width)\" data-start=\"719\" data-end=\"1043\">\n<thead data-start=\"719\" data-end=\"747\">\n<tr data-start=\"719\" data-end=\"747\">\n<th class=\"\" data-start=\"719\" data-end=\"736\" data-col-size=\"sm\">Caracter\u00edstica<\/th>\n<th class=\"\" data-start=\"736\" data-end=\"747\" data-col-size=\"sm\">Detalle<\/th>\n<\/tr>\n<\/thead>\n<tbody data-start=\"777\" data-end=\"1043\">\n<tr data-start=\"777\" data-end=\"820\">\n<td data-start=\"777\" data-end=\"788\" data-col-size=\"sm\">Producto<\/td>\n<td data-start=\"788\" data-end=\"820\" data-col-size=\"sm\">ECU \/ Centralita electr\u00f3nica<\/td>\n<\/tr>\n<tr data-start=\"821\" data-end=\"838\">\n<td data-start=\"821\" data-end=\"829\" data-col-size=\"sm\">Marca<\/td>\n<td data-start=\"829\" data-end=\"838\" data-col-size=\"sm\">Prins<\/td>\n<\/tr>\n<tr data-start=\"839\" data-end=\"876\">\n<td data-start=\"839\" data-end=\"848\" data-col-size=\"sm\">Modelo<\/td>\n<td data-start=\"848\" data-end=\"876\" data-col-size=\"sm\">VSI AFC-2.1 Basic 8D CAN<\/td>\n<\/tr>\n<tr data-start=\"877\" data-end=\"915\">\n<td data-start=\"877\" data-end=\"892\" data-col-size=\"sm\">N\u00ba cilindros<\/td>\n<td data-start=\"892\" data-end=\"915\" data-col-size=\"sm\">4 \/ 6 \/ 8 cilindros<\/td>\n<\/tr>\n<tr data-start=\"916\" data-end=\"948\">\n<td data-start=\"916\" data-end=\"931\" data-col-size=\"sm\">Comunicaci\u00f3n<\/td>\n<td data-start=\"931\" data-end=\"948\" data-col-size=\"sm\">CAN integrada<\/td>\n<\/tr>\n<tr data-start=\"949\" data-end=\"991\">\n<td data-start=\"949\" data-end=\"967\" data-col-size=\"sm\">Tipo de sistema<\/td>\n<td data-start=\"967\" data-end=\"991\" data-col-size=\"sm\">Inyecci\u00f3n secuencial<\/td>\n<\/tr>\n<tr data-start=\"992\" data-end=\"1013\">\n<td data-start=\"992\" data-end=\"1006\" data-col-size=\"sm\">Combustible<\/td>\n<td data-start=\"1006\" data-end=\"1013\" data-col-size=\"sm\">GLP<\/td>\n<\/tr>\n<tr data-start=\"1014\" data-end=\"1043\">\n<td data-start=\"1014\" data-end=\"1028\" data-col-size=\"sm\">Instalaci\u00f3n<\/td>\n<td data-start=\"1028\" data-end=\"1043\" data-col-size=\"sm\">Profesional<\/td>\n<\/tr>\n<\/tbody>\n<\/table>\n<\/div>\n<\/div>\n<hr data-start=\"1045\" data-end=\"1048\" \/>\n<h2 data-start=\"1050\" data-end=\"1094\">Compatibilidad con sistemas Autogas Prins<\/h2>\n<p data-start=\"1096\" data-end=\"1224\">Compatible con instalaciones Prins VSI configuradas para motores de 4, 6 u 8 cilindros con comunicaci\u00f3n CAN en versi\u00f3n Basic 8D.<\/p>\n<p data-start=\"1226\" data-end=\"1317\">Antes de la sustituci\u00f3n, verificar versi\u00f3n exacta del sistema y configuraci\u00f3n del veh\u00edculo.<\/p>\n<hr data-start=\"1319\" data-end=\"1322\" \/>\n<h2 data-start=\"1324\" data-end=\"1344\">Ventajas t\u00e9cnicas<\/h2>\n<ul data-start=\"1346\" data-end=\"1528\">\n<li data-start=\"1346\" data-end=\"1392\">\n<p data-start=\"1348\" data-end=\"1392\">Gesti\u00f3n para motores de 4, 6 y 8 cilindros<\/p>\n<\/li>\n<li data-start=\"1393\" data-end=\"1423\">\n<p data-start=\"1395\" data-end=\"1423\">Comunicaci\u00f3n CAN integrada<\/p>\n<\/li>\n<li data-start=\"1424\" data-end=\"1449\">\n<p data-start=\"1426\" data-end=\"1449\">Arquitectura Basic 8D<\/p>\n<\/li>\n<li data-start=\"1450\" data-end=\"1490\">\n<p data-start=\"1452\" data-end=\"1490\">Integraci\u00f3n con plataforma Prins VSI<\/p>\n<\/li>\n<li data-start=\"1491\" data-end=\"1528\">\n<p data-start=\"1493\" data-end=\"1528\">Unidad electr\u00f3nica original Prins<\/p>\n<\/li>\n<\/ul>\n<hr data-start=\"1530\" data-end=\"1533\" \/>\n<h2 data-start=\"1535\" data-end=\"1541\">FAQ<\/h2>\n<p data-start=\"1543\" data-end=\"1683\"><strong data-start=\"1543\" data-end=\"1600\">\u00bfPara qu\u00e9 sirve esta centralita VSI AFC-2.1 Basic 8D?<\/strong><br data-start=\"1600\" data-end=\"1603\" \/>Gestiona la inyecci\u00f3n de gas en motores compatibles con la plataforma Prins VSI.<\/p>\n<p data-start=\"1685\" data-end=\"1853\"><strong data-start=\"1685\" data-end=\"1732\">\u00bfCu\u00e1l es la diferencia con la versi\u00f3n Full?<\/strong><br data-start=\"1732\" data-end=\"1735\" \/>La versi\u00f3n Basic pertenece a una configuraci\u00f3n espec\u00edfica dentro de la gama AFC-2.1; verificar compatibilidad t\u00e9cnica.<\/p>\n<p data-start=\"1855\" data-end=\"1922\"><strong data-start=\"1855\" data-end=\"1877\">\u00bfFunciona con GLP?<\/strong><br data-start=\"1877\" data-end=\"1880\" \/>S\u00ed, en sistemas Autogas Prins compatibles.<\/p>\n<p data-start=\"1924\" data-end=\"2015\"><strong data-start=\"1924\" data-end=\"1951\">\u00bfRequiere programaci\u00f3n?<\/strong><br data-start=\"1951\" data-end=\"1954\" \/>S\u00ed, debe instalarse y configurarse por t\u00e9cnico especializado.<\/p>\n","protected":false},"excerpt":{"rendered":"<p data-start=\"2545\" data-end=\"2662\">Prins VSI AFC-2.1 Basic 8D CAN centralita para motores 4\/6\/8 cilindros. Unidad electr\u00f3nica para sistemas Autogas GLP.<\/p>\n","protected":false},"featured_media":10227,"comment_status":"closed","ping_status":"closed","template":"","meta":{"_uag_custom_page_level_css":""},"product_brand":[1003],"product_cat":[480,297],"product_tag":[],"class_list":{"0":"post-7210","1":"product","2":"type-product","3":"status-publish","4":"has-post-thumbnail","6":"product_brand-prins","7":"product_cat-centralitas-electronicas","8":"product_cat-electronica","10":"first","11":"onbackorder","12":"taxable","13":"shipping-taxable","14":"purchasable","15":"product-type-simple"},"ct_brands":[{"id":1003,"name":"PRINS","slug":"prins"}],"yoast_head":"<!-- This site is optimized with the Yoast SEO Premium plugin v27.5 (Yoast SEO v27.6) - https:\/\/yoast.com\/product\/yoast-seo-premium-wordpress\/ -->\n<title>Prins VSI AFC-2.1 Basic 8D CAN centralita 4\/6\/8 cilindros | Recambios EcoGas<\/title>\n<meta name=\"description\" content=\"Prins VSI AFC-2.1 Basic 8D CAN centralita para motores 4\/6\/8 cilindros. ECU para sistemas Autogas GLP con comunicaci\u00f3n CAN.\" \/>\n<meta name=\"robots\" content=\"index, follow, max-snippet:-1, max-image-preview:large, max-video-preview:-1\" \/>\n<link rel=\"canonical\" href=\"https:\/\/recambiosecogas.com\/pt-pt\/producto\/prins-vsi-afc-2-1-basic-8d-can-centralita-4-6-8-cilindros\/\" \/>\n<meta property=\"og:locale\" content=\"pt_PT\" \/>\n<meta property=\"og:type\" content=\"article\" \/>\n<meta property=\"og:title\" content=\"Prins VSI AFC-2.1 Basic 8D CAN centralita 4\/6\/8 cilindros\" \/>\n<meta property=\"og:description\" content=\"Prins VSI AFC-2.1 Basic 8D CAN centralita para motores 4\/6\/8 cilindros. ECU para sistemas Autogas GLP con comunicaci\u00f3n CAN.\" \/>\n<meta property=\"og:url\" content=\"https:\/\/recambiosecogas.com\/pt-pt\/producto\/prins-vsi-afc-2-1-basic-8d-can-centralita-4-6-8-cilindros\/\" \/>\n<meta property=\"og:site_name\" content=\"Recambios EcoGas\" \/>\n<meta property=\"article:publisher\" content=\"https:\/\/www.facebook.com\/profile.php?id=100062419705358\" \/>\n<meta property=\"article:modified_time\" content=\"2026-02-23T11:39:17+00:00\" \/>\n<meta property=\"og:image\" content=\"https:\/\/recambiosecogas.com\/wp-content\/uploads\/2024\/11\/Prins-VSI-AFC-2.1-Basic-8D-CAN-centralita-4-6-8-cilindros-png.webp\" \/>\n\t<meta property=\"og:image:width\" content=\"1000\" \/>\n\t<meta property=\"og:image:height\" content=\"1000\" \/>\n\t<meta property=\"og:image:type\" content=\"image\/png\" \/>\n<meta name=\"twitter:card\" content=\"summary_large_image\" \/>\n<meta name=\"twitter:label1\" content=\"pre\u00e7o\" \/>\n\t<meta name=\"twitter:data1\" content=\"556,75&nbsp;&euro; (Sin IVA: 460,12&nbsp;&euro;)\" \/>\n\t<meta name=\"twitter:label2\" content=\"Disponibilidade\" \/>\n\t<meta name=\"twitter:data2\" content=\"Por encomenda\" \/>\n<script type=\"application\/ld+json\" class=\"yoast-schema-graph\">{\"@context\":\"https:\\\/\\\/schema.org\",\"@graph\":[{\"@type\":\"WebPage\",\"@id\":\"https:\\\/\\\/recambiosecogas.com\\\/pt-pt\\\/producto\\\/prins-vsi-afc-2-1-basic-8d-can-centralita-4-6-8-cilindros\\\/\",\"url\":\"https:\\\/\\\/recambiosecogas.com\\\/pt-pt\\\/producto\\\/prins-vsi-afc-2-1-basic-8d-can-centralita-4-6-8-cilindros\\\/\",\"name\":\"Prins VSI AFC-2.1 Basic 8D CAN centralita 4\\\/6\\\/8 cilindros | Recambios EcoGas\",\"isPartOf\":{\"@id\":\"https:\\\/\\\/recambiosecogas.com\\\/pt-pt\\\/#website\"},\"primaryImageOfPage\":{\"@id\":\"https:\\\/\\\/recambiosecogas.com\\\/pt-pt\\\/producto\\\/prins-vsi-afc-2-1-basic-8d-can-centralita-4-6-8-cilindros\\\/#primaryimage\"},\"image\":{\"@id\":\"https:\\\/\\\/recambiosecogas.com\\\/pt-pt\\\/producto\\\/prins-vsi-afc-2-1-basic-8d-can-centralita-4-6-8-cilindros\\\/#primaryimage\"},\"thumbnailUrl\":\"https:\\\/\\\/recambiosecogas.com\\\/wp-content\\\/uploads\\\/2024\\\/11\\\/Prins-VSI-AFC-2.1-Basic-8D-CAN-centralita-4-6-8-cilindros-png.webp\",\"datePublished\":\"2024-11-20T16:26:38+00:00\",\"dateModified\":\"2026-02-23T11:39:17+00:00\",\"description\":\"Prins VSI AFC-2.1 Basic 8D CAN centralita para motores 4\\\/6\\\/8 cilindros. ECU para sistemas Autogas GLP con comunicaci\u00f3n CAN.\",\"breadcrumb\":{\"@id\":\"https:\\\/\\\/recambiosecogas.com\\\/pt-pt\\\/producto\\\/prins-vsi-afc-2-1-basic-8d-can-centralita-4-6-8-cilindros\\\/#breadcrumb\"},\"inLanguage\":\"pt-PT\",\"potentialAction\":[{\"@type\":\"ReadAction\",\"target\":[\"https:\\\/\\\/recambiosecogas.com\\\/pt-pt\\\/producto\\\/prins-vsi-afc-2-1-basic-8d-can-centralita-4-6-8-cilindros\\\/\"]}]},{\"@type\":\"ImageObject\",\"inLanguage\":\"pt-PT\",\"@id\":\"https:\\\/\\\/recambiosecogas.com\\\/pt-pt\\\/producto\\\/prins-vsi-afc-2-1-basic-8d-can-centralita-4-6-8-cilindros\\\/#primaryimage\",\"url\":\"https:\\\/\\\/recambiosecogas.com\\\/wp-content\\\/uploads\\\/2024\\\/11\\\/Prins-VSI-AFC-2.1-Basic-8D-CAN-centralita-4-6-8-cilindros-png.webp\",\"contentUrl\":\"https:\\\/\\\/recambiosecogas.com\\\/wp-content\\\/uploads\\\/2024\\\/11\\\/Prins-VSI-AFC-2.1-Basic-8D-CAN-centralita-4-6-8-cilindros-png.webp\",\"width\":1000,\"height\":1000},{\"@type\":\"BreadcrumbList\",\"@id\":\"https:\\\/\\\/recambiosecogas.com\\\/pt-pt\\\/producto\\\/prins-vsi-afc-2-1-basic-8d-can-centralita-4-6-8-cilindros\\\/#breadcrumb\",\"itemListElement\":[{\"@type\":\"ListItem\",\"position\":1,\"name\":\"P\u00e1gina inicial\",\"item\":\"https:\\\/\\\/recambiosecogas.com\\\/pt-pt\\\/\"},{\"@type\":\"ListItem\",\"position\":2,\"name\":\"Loja\",\"item\":\"https:\\\/\\\/recambiosecogas.com\\\/pt-pt\\\/tienda\\\/\"},{\"@type\":\"ListItem\",\"position\":3,\"name\":\"Prins VSI AFC-2.1 Basic 8D CAN centralita 4\\\/6\\\/8 cilindros\"}]},{\"@type\":\"WebSite\",\"@id\":\"https:\\\/\\\/recambiosecogas.com\\\/pt-pt\\\/#website\",\"url\":\"https:\\\/\\\/recambiosecogas.com\\\/pt-pt\\\/\",\"name\":\"Recambios EcoGas\",\"description\":\"Pe\u00e7as multimarca para sistemas de GPL\\\/GNC\\\/GNL\\\/Hidrog\u00e9nio\",\"publisher\":{\"@id\":\"https:\\\/\\\/recambiosecogas.com\\\/pt-pt\\\/#organization\"},\"alternateName\":\"Recambios Autogas GLP\",\"potentialAction\":[{\"@type\":\"SearchAction\",\"target\":{\"@type\":\"EntryPoint\",\"urlTemplate\":\"https:\\\/\\\/recambiosecogas.com\\\/pt-pt\\\/?s={search_term_string}\"},\"query-input\":{\"@type\":\"PropertyValueSpecification\",\"valueRequired\":true,\"valueName\":\"search_term_string\"}}],\"inLanguage\":\"pt-PT\"},{\"@type\":[\"Organization\",\"Place\"],\"@id\":\"https:\\\/\\\/recambiosecogas.com\\\/pt-pt\\\/#organization\",\"name\":\"Recambios EcoGas\",\"alternateName\":\"Loja de GPL Autog\u00e1s Espanha\",\"url\":\"https:\\\/\\\/recambiosecogas.com\\\/pt-pt\\\/\",\"logo\":{\"@id\":\"https:\\\/\\\/recambiosecogas.com\\\/pt-pt\\\/producto\\\/prins-vsi-afc-2-1-basic-8d-can-centralita-4-6-8-cilindros\\\/#local-main-organization-logo\"},\"image\":{\"@id\":\"https:\\\/\\\/recambiosecogas.com\\\/pt-pt\\\/producto\\\/prins-vsi-afc-2-1-basic-8d-can-centralita-4-6-8-cilindros\\\/#local-main-organization-logo\"},\"sameAs\":[\"https:\\\/\\\/www.facebook.com\\\/profile.php?id=100062419705358\",\"https:\\\/\\\/www.instagram.com\\\/segimon_automocio\"],\"description\":\"Recambios EcoGas \u2013 Venta y distribuci\u00f3n de sistemas GLP y GNC en Espa\u00f1a y Portugal. Env\u00edos 24 h, soporte t\u00e9cnico a talleres y distribuidores.\",\"hasMerchantReturnPolicy\":{\"@type\":\"MerchantReturnPolicy\",\"merchantReturnLink\":\"https:\\\/\\\/recambiosecogas.com\\\/politicas-privacidad\\\/\"},\"address\":{\"@id\":\"https:\\\/\\\/recambiosecogas.com\\\/pt-pt\\\/producto\\\/prins-vsi-afc-2-1-basic-8d-can-centralita-4-6-8-cilindros\\\/#local-main-place-address\"},\"telephone\":[\"616250633\"],\"contactPoint\":{\"@type\":\"ContactPoint\",\"email\":\"export@recambiosecogas.com\"},\"openingHoursSpecification\":[{\"@type\":\"OpeningHoursSpecification\",\"dayOfWeek\":[\"Monday\",\"Tuesday\",\"Wednesday\",\"Thursday\",\"Friday\",\"Saturday\",\"Sunday\"],\"opens\":\"09:00\",\"closes\":\"17:00\"}],\"email\":\"info@recambiosecogas.com\",\"faxNumber\":\"SEGIMON AUTOMOCION SL\",\"vatID\":\"ESB19819861\",\"globalLocationNumber\":\"938 616 339\"},{\"@type\":\"PostalAddress\",\"@id\":\"https:\\\/\\\/recambiosecogas.com\\\/pt-pt\\\/producto\\\/prins-vsi-afc-2-1-basic-8d-can-centralita-4-6-8-cilindros\\\/#local-main-place-address\",\"streetAddress\":\"cami antic de vic, 29 (Nave 3), Pol\u00edgono Industrial Congost\",\"addressLocality\":\"CORRO D`AVALL\",\"postalCode\":\"08520\",\"addressRegion\":\"Barcelona\",\"addressCountry\":\"ES\"},{\"@type\":\"ImageObject\",\"inLanguage\":\"pt-PT\",\"@id\":\"https:\\\/\\\/recambiosecogas.com\\\/pt-pt\\\/producto\\\/prins-vsi-afc-2-1-basic-8d-can-centralita-4-6-8-cilindros\\\/#local-main-organization-logo\",\"url\":\"https:\\\/\\\/recambiosecogas.com\\\/wp-content\\\/uploads\\\/2024\\\/11\\\/cropped-RECAMBIOS-GLP-png.webp\",\"contentUrl\":\"https:\\\/\\\/recambiosecogas.com\\\/wp-content\\\/uploads\\\/2024\\\/11\\\/cropped-RECAMBIOS-GLP-png.webp\",\"width\":512,\"height\":512,\"caption\":\"Recambios EcoGas\"}]}<\/script>\n<meta property=\"product:brand\" content=\"PRINS\" \/>\n<meta property=\"product:price:amount\" content=\"556.75\" \/>\n<meta property=\"product:price:currency\" content=\"EUR\" \/>\n<meta property=\"og:availability\" content=\"backorder\" \/>\n<meta property=\"product:availability\" content=\"available for order\" \/>\n<meta property=\"product:retailer_item_id\" content=\"106465A\" \/>\n<meta property=\"product:condition\" content=\"new\" \/>\n<meta name=\"geo.placename\" content=\"CORRO D`AVALL\" \/>\n<meta name=\"geo.region\" content=\"Espanha\" \/>\n<!-- \/ Yoast SEO Premium plugin. -->","yoast_head_json":{"title":"Prins VSI AFC-2.1 Basic 8D CAN centralita 4\/6\/8 cilindros | Recambios EcoGas","description":"Prins VSI AFC-2.1 Basic 8D CAN centralita para motores 4\/6\/8 cilindros. ECU para sistemas Autogas GLP con comunicaci\u00f3n CAN.","robots":{"index":"index","follow":"follow","max-snippet":"max-snippet:-1","max-image-preview":"max-image-preview:large","max-video-preview":"max-video-preview:-1"},"canonical":"https:\/\/recambiosecogas.com\/pt-pt\/producto\/prins-vsi-afc-2-1-basic-8d-can-centralita-4-6-8-cilindros\/","og_locale":"pt_PT","og_type":"article","og_title":"Prins VSI AFC-2.1 Basic 8D CAN centralita 4\/6\/8 cilindros","og_description":"Prins VSI AFC-2.1 Basic 8D CAN centralita para motores 4\/6\/8 cilindros. ECU para sistemas Autogas GLP con comunicaci\u00f3n CAN.","og_url":"https:\/\/recambiosecogas.com\/pt-pt\/producto\/prins-vsi-afc-2-1-basic-8d-can-centralita-4-6-8-cilindros\/","og_site_name":"Recambios EcoGas","article_publisher":"https:\/\/www.facebook.com\/profile.php?id=100062419705358","article_modified_time":"2026-02-23T11:39:17+00:00","og_image":[{"width":1000,"height":1000,"url":"https:\/\/recambiosecogas.com\/wp-content\/uploads\/2024\/11\/Prins-VSI-AFC-2.1-Basic-8D-CAN-centralita-4-6-8-cilindros-png.webp","type":"image\/png"}],"twitter_card":"summary_large_image","twitter_misc":{"pre\u00e7o":"556,75&nbsp;&euro; (Sin IVA: 460,12&nbsp;&euro;)","Disponibilidade":"Por encomenda"},"schema":{"@context":"https:\/\/schema.org","@graph":[{"@type":"WebPage","@id":"https:\/\/recambiosecogas.com\/pt-pt\/producto\/prins-vsi-afc-2-1-basic-8d-can-centralita-4-6-8-cilindros\/","url":"https:\/\/recambiosecogas.com\/pt-pt\/producto\/prins-vsi-afc-2-1-basic-8d-can-centralita-4-6-8-cilindros\/","name":"Prins VSI AFC-2.1 Basic 8D CAN centralita 4\/6\/8 cilindros | Recambios EcoGas","isPartOf":{"@id":"https:\/\/recambiosecogas.com\/pt-pt\/#website"},"primaryImageOfPage":{"@id":"https:\/\/recambiosecogas.com\/pt-pt\/producto\/prins-vsi-afc-2-1-basic-8d-can-centralita-4-6-8-cilindros\/#primaryimage"},"image":{"@id":"https:\/\/recambiosecogas.com\/pt-pt\/producto\/prins-vsi-afc-2-1-basic-8d-can-centralita-4-6-8-cilindros\/#primaryimage"},"thumbnailUrl":"https:\/\/recambiosecogas.com\/wp-content\/uploads\/2024\/11\/Prins-VSI-AFC-2.1-Basic-8D-CAN-centralita-4-6-8-cilindros-png.webp","datePublished":"2024-11-20T16:26:38+00:00","dateModified":"2026-02-23T11:39:17+00:00","description":"Prins VSI AFC-2.1 Basic 8D CAN centralita para motores 4\/6\/8 cilindros. ECU para sistemas Autogas GLP con comunicaci\u00f3n CAN.","breadcrumb":{"@id":"https:\/\/recambiosecogas.com\/pt-pt\/producto\/prins-vsi-afc-2-1-basic-8d-can-centralita-4-6-8-cilindros\/#breadcrumb"},"inLanguage":"pt-PT","potentialAction":[{"@type":"ReadAction","target":["https:\/\/recambiosecogas.com\/pt-pt\/producto\/prins-vsi-afc-2-1-basic-8d-can-centralita-4-6-8-cilindros\/"]}]},{"@type":"ImageObject","inLanguage":"pt-PT","@id":"https:\/\/recambiosecogas.com\/pt-pt\/producto\/prins-vsi-afc-2-1-basic-8d-can-centralita-4-6-8-cilindros\/#primaryimage","url":"https:\/\/recambiosecogas.com\/wp-content\/uploads\/2024\/11\/Prins-VSI-AFC-2.1-Basic-8D-CAN-centralita-4-6-8-cilindros-png.webp","contentUrl":"https:\/\/recambiosecogas.com\/wp-content\/uploads\/2024\/11\/Prins-VSI-AFC-2.1-Basic-8D-CAN-centralita-4-6-8-cilindros-png.webp","width":1000,"height":1000},{"@type":"BreadcrumbList","@id":"https:\/\/recambiosecogas.com\/pt-pt\/producto\/prins-vsi-afc-2-1-basic-8d-can-centralita-4-6-8-cilindros\/#breadcrumb","itemListElement":[{"@type":"ListItem","position":1,"name":"P\u00e1gina inicial","item":"https:\/\/recambiosecogas.com\/pt-pt\/"},{"@type":"ListItem","position":2,"name":"Loja","item":"https:\/\/recambiosecogas.com\/pt-pt\/tienda\/"},{"@type":"ListItem","position":3,"name":"Prins VSI AFC-2.1 Basic 8D CAN centralita 4\/6\/8 cilindros"}]},{"@type":"WebSite","@id":"https:\/\/recambiosecogas.com\/pt-pt\/#website","url":"https:\/\/recambiosecogas.com\/pt-pt\/","name":"Recambios EcoGas","description":"Pe\u00e7as multimarca para sistemas de GPL\/GNC\/GNL\/Hidrog\u00e9nio","publisher":{"@id":"https:\/\/recambiosecogas.com\/pt-pt\/#organization"},"alternateName":"Recambios Autogas GLP","potentialAction":[{"@type":"SearchAction","target":{"@type":"EntryPoint","urlTemplate":"https:\/\/recambiosecogas.com\/pt-pt\/?s={search_term_string}"},"query-input":{"@type":"PropertyValueSpecification","valueRequired":true,"valueName":"search_term_string"}}],"inLanguage":"pt-PT"},{"@type":["Organization","Place"],"@id":"https:\/\/recambiosecogas.com\/pt-pt\/#organization","name":"Recambios EcoGas","alternateName":"Loja de GPL Autog\u00e1s Espanha","url":"https:\/\/recambiosecogas.com\/pt-pt\/","logo":{"@id":"https:\/\/recambiosecogas.com\/pt-pt\/producto\/prins-vsi-afc-2-1-basic-8d-can-centralita-4-6-8-cilindros\/#local-main-organization-logo"},"image":{"@id":"https:\/\/recambiosecogas.com\/pt-pt\/producto\/prins-vsi-afc-2-1-basic-8d-can-centralita-4-6-8-cilindros\/#local-main-organization-logo"},"sameAs":["https:\/\/www.facebook.com\/profile.php?id=100062419705358","https:\/\/www.instagram.com\/segimon_automocio"],"description":"Recambios EcoGas \u2013 Venta y distribuci\u00f3n de sistemas GLP y GNC en Espa\u00f1a y Portugal. Env\u00edos 24 h, soporte t\u00e9cnico a talleres y distribuidores.","hasMerchantReturnPolicy":{"@type":"MerchantReturnPolicy","merchantReturnLink":"https:\/\/recambiosecogas.com\/politicas-privacidad\/"},"address":{"@id":"https:\/\/recambiosecogas.com\/pt-pt\/producto\/prins-vsi-afc-2-1-basic-8d-can-centralita-4-6-8-cilindros\/#local-main-place-address"},"telephone":["616250633"],"contactPoint":{"@type":"ContactPoint","email":"export@recambiosecogas.com"},"openingHoursSpecification":[{"@type":"OpeningHoursSpecification","dayOfWeek":["Monday","Tuesday","Wednesday","Thursday","Friday","Saturday","Sunday"],"opens":"09:00","closes":"17:00"}],"email":"info@recambiosecogas.com","faxNumber":"SEGIMON AUTOMOCION SL","vatID":"ESB19819861","globalLocationNumber":"938 616 339"},{"@type":"PostalAddress","@id":"https:\/\/recambiosecogas.com\/pt-pt\/producto\/prins-vsi-afc-2-1-basic-8d-can-centralita-4-6-8-cilindros\/#local-main-place-address","streetAddress":"cami antic de vic, 29 (Nave 3), Pol\u00edgono Industrial Congost","addressLocality":"CORRO D`AVALL","postalCode":"08520","addressRegion":"Barcelona","addressCountry":"ES"},{"@type":"ImageObject","inLanguage":"pt-PT","@id":"https:\/\/recambiosecogas.com\/pt-pt\/producto\/prins-vsi-afc-2-1-basic-8d-can-centralita-4-6-8-cilindros\/#local-main-organization-logo","url":"https:\/\/recambiosecogas.com\/wp-content\/uploads\/2024\/11\/cropped-RECAMBIOS-GLP-png.webp","contentUrl":"https:\/\/recambiosecogas.com\/wp-content\/uploads\/2024\/11\/cropped-RECAMBIOS-GLP-png.webp","width":512,"height":512,"caption":"Recambios EcoGas"}]},"product_brand":"PRINS","product_price_amount":"556.75","product_price_currency":"EUR","og_availability":"backorder","product_availability":"available for order","product_retailer_item_id":"106465A","product_condition":"new","geo.placename":"CORRO D`AVALL","geo.region":"Espanha"},"uagb_featured_image_src":{"full":["https:\/\/recambiosecogas.com\/wp-content\/uploads\/2024\/11\/Prins-VSI-AFC-2.1-Basic-8D-CAN-centralita-4-6-8-cilindros-png.webp",1000,1000,false],"thumbnail":["https:\/\/recambiosecogas.com\/wp-content\/uploads\/2024\/11\/Prins-VSI-AFC-2.1-Basic-8D-CAN-centralita-4-6-8-cilindros-150x150.webp",150,150,true],"medium":["https:\/\/recambiosecogas.com\/wp-content\/uploads\/2024\/11\/Prins-VSI-AFC-2.1-Basic-8D-CAN-centralita-4-6-8-cilindros-300x300.webp",300,300,true],"medium_large":["https:\/\/recambiosecogas.com\/wp-content\/uploads\/2024\/11\/Prins-VSI-AFC-2.1-Basic-8D-CAN-centralita-4-6-8-cilindros-768x768.webp",768,768,true],"large":["https:\/\/recambiosecogas.com\/wp-content\/uploads\/2024\/11\/Prins-VSI-AFC-2.1-Basic-8D-CAN-centralita-4-6-8-cilindros-png.webp",1000,1000,false],"1536x1536":["https:\/\/recambiosecogas.com\/wp-content\/uploads\/2024\/11\/Prins-VSI-AFC-2.1-Basic-8D-CAN-centralita-4-6-8-cilindros-png.webp",1000,1000,false],"2048x2048":["https:\/\/recambiosecogas.com\/wp-content\/uploads\/2024\/11\/Prins-VSI-AFC-2.1-Basic-8D-CAN-centralita-4-6-8-cilindros-png.webp",1000,1000,false],"woocommerce_archive_thumbnail":["https:\/\/recambiosecogas.com\/wp-content\/uploads\/2024\/11\/Prins-VSI-AFC-2.1-Basic-8D-CAN-centralita-4-6-8-cilindros-png.webp",1000,1000,false],"woocommerce_thumbnail":["https:\/\/recambiosecogas.com\/wp-content\/uploads\/2024\/11\/Prins-VSI-AFC-2.1-Basic-8D-CAN-centralita-4-6-8-cilindros-png-300x300.webp",300,300,true],"woocommerce_single":["https:\/\/recambiosecogas.com\/wp-content\/uploads\/2024\/11\/Prins-VSI-AFC-2.1-Basic-8D-CAN-centralita-4-6-8-cilindros-png.webp",1000,1000,false],"woocommerce_gallery_thumbnail":["https:\/\/recambiosecogas.com\/wp-content\/uploads\/2024\/11\/Prins-VSI-AFC-2.1-Basic-8D-CAN-centralita-4-6-8-cilindros-png.webp",1000,1000,false],"dgwt-wcas-product-suggestion":["https:\/\/recambiosecogas.com\/wp-content\/uploads\/2024\/11\/Prins-VSI-AFC-2.1-Basic-8D-CAN-centralita-4-6-8-cilindros-png-64x64.webp",64,64,true]},"uagb_author_info":{"display_name":"Fran - Soporte T\u00e9cnico","author_link":"https:\/\/recambiosecogas.com\/pt-pt\/author\/"},"uagb_comment_info":0,"uagb_excerpt":"Prins VSI AFC-2.1 Basic 8D CAN centralita para motores 4\/6\/8 cilindros. Unidad electr\u00f3nica para sistemas Autogas GLP.","_links":{"self":[{"href":"https:\/\/recambiosecogas.com\/pt-pt\/wp-json\/wp\/v2\/product\/7210","targetHints":{"allow":["GET"]}}],"collection":[{"href":"https:\/\/recambiosecogas.com\/pt-pt\/wp-json\/wp\/v2\/product"}],"about":[{"href":"https:\/\/recambiosecogas.com\/pt-pt\/wp-json\/wp\/v2\/types\/product"}],"replies":[{"embeddable":true,"href":"https:\/\/recambiosecogas.com\/pt-pt\/wp-json\/wp\/v2\/comments?post=7210"}],"wp:featuredmedia":[{"embeddable":true,"href":"https:\/\/recambiosecogas.com\/pt-pt\/wp-json\/wp\/v2\/media\/10227"}],"wp:attachment":[{"href":"https:\/\/recambiosecogas.com\/pt-pt\/wp-json\/wp\/v2\/media?parent=7210"}],"wp:term":[{"taxonomy":"product_brand","embeddable":true,"href":"https:\/\/recambiosecogas.com\/pt-pt\/wp-json\/wp\/v2\/product_brand?post=7210"},{"taxonomy":"product_cat","embeddable":true,"href":"https:\/\/recambiosecogas.com\/pt-pt\/wp-json\/wp\/v2\/product_cat?post=7210"},{"taxonomy":"product_tag","embeddable":true,"href":"https:\/\/recambiosecogas.com\/pt-pt\/wp-json\/wp\/v2\/product_tag?post=7210"}],"curies":[{"name":"wp","href":"https:\/\/api.w.org\/{rel}","templated":true}]}}