{"id":7187,"date":"2024-11-20T16:14:26","date_gmt":"2024-11-20T16:14:26","guid":{"rendered":"https:\/\/recambiosecogas.com\/producto\/prins-vsi-afc-2-0-basic-4d-v2-nocan-centralita-3-4-cilindros\/"},"modified":"2026-02-24T09:14:08","modified_gmt":"2026-02-24T08:14:08","slug":"prins-vsi-afc-2-0-basic-4d-v2-nocan-centralita-3-4-cilindros","status":"publish","type":"product","link":"https:\/\/recambiosecogas.com\/pt-pt\/producto\/prins-vsi-afc-2-0-basic-4d-v2-nocan-centralita-3-4-cilindros\/","title":{"rendered":"Prins VSI AFC-2.0 Basic 4D V2 noCAN centralita 3\/4 cilindros"},"content":{"rendered":"<h1 data-start=\"189\" data-end=\"251\">Prins VSI AFC-2.0 Basic 4D V2 noCAN centralita 3\/4 cilindros<\/h1>\n<p data-start=\"253\" data-end=\"603\">La <strong data-start=\"256\" data-end=\"320\">Prins VSI AFC-2.0 Basic 4D V2 noCAN centralita 3\/4 cilindros<\/strong> es una unidad electr\u00f3nica dise\u00f1ada para la gesti\u00f3n de sistemas Autogas en motores de 3 y 4 cilindros. Esta ECU pertenece a la plataforma VSI AFC-2.0 en versi\u00f3n Basic 4D V2 sin comunicaci\u00f3n CAN, permitiendo el control secuencial de la inyecci\u00f3n de gas en configuraciones compatibles.<\/p>\n<p data-start=\"605\" data-end=\"677\">Est\u00e1 destinada a aplicaciones espec\u00edficas Prins VSI sin integraci\u00f3n CAN.<\/p>\n<hr data-start=\"679\" data-end=\"682\" \/>\n<h2 data-start=\"684\" data-end=\"722\">ECU VSI AFC-2.0 Basic 4D V2 sin CAN<\/h2>\n<div class=\"TyagGW_tableContainer\">\n<div class=\"group TyagGW_tableWrapper flex flex-col-reverse w-fit\" tabindex=\"-1\">\n<table class=\"w-fit min-w-(--thread-content-width)\" data-start=\"724\" data-end=\"1027\">\n<thead data-start=\"724\" data-end=\"752\">\n<tr data-start=\"724\" data-end=\"752\">\n<th class=\"\" data-start=\"724\" data-end=\"741\" data-col-size=\"sm\">Caracter\u00edstica<\/th>\n<th class=\"\" data-start=\"741\" data-end=\"752\" data-col-size=\"sm\">Detalle<\/th>\n<\/tr>\n<\/thead>\n<tbody data-start=\"782\" data-end=\"1027\">\n<tr data-start=\"782\" data-end=\"825\">\n<td data-start=\"782\" data-end=\"793\" data-col-size=\"sm\">Producto<\/td>\n<td data-start=\"793\" data-end=\"825\" data-col-size=\"sm\">ECU \/ Centralita electr\u00f3nica<\/td>\n<\/tr>\n<tr data-start=\"826\" data-end=\"843\">\n<td data-start=\"826\" data-end=\"834\" data-col-size=\"sm\">Marca<\/td>\n<td data-start=\"834\" data-end=\"843\" data-col-size=\"sm\">Prins<\/td>\n<\/tr>\n<tr data-start=\"844\" data-end=\"880\">\n<td data-start=\"844\" data-end=\"853\" data-col-size=\"sm\">Modelo<\/td>\n<td data-start=\"853\" data-end=\"880\" data-col-size=\"sm\">VSI AFC-2.0 Basic 4D V2<\/td>\n<\/tr>\n<tr data-start=\"881\" data-end=\"905\">\n<td data-start=\"881\" data-end=\"896\" data-col-size=\"sm\">Comunicaci\u00f3n<\/td>\n<td data-start=\"896\" data-end=\"905\" data-col-size=\"sm\">noCAN<\/td>\n<\/tr>\n<tr data-start=\"906\" data-end=\"940\">\n<td data-start=\"906\" data-end=\"921\" data-col-size=\"sm\">N\u00ba cilindros<\/td>\n<td data-start=\"921\" data-end=\"940\" data-col-size=\"sm\">3 \/ 4 cilindros<\/td>\n<\/tr>\n<tr data-start=\"941\" data-end=\"975\">\n<td data-start=\"941\" data-end=\"951\" data-col-size=\"sm\">Sistema<\/td>\n<td data-start=\"951\" data-end=\"975\" data-col-size=\"sm\">Inyecci\u00f3n secuencial<\/td>\n<\/tr>\n<tr data-start=\"976\" data-end=\"997\">\n<td data-start=\"976\" data-end=\"990\" data-col-size=\"sm\">Combustible<\/td>\n<td data-start=\"990\" data-end=\"997\" data-col-size=\"sm\">GLP<\/td>\n<\/tr>\n<tr data-start=\"998\" data-end=\"1027\">\n<td data-start=\"998\" data-end=\"1012\" data-col-size=\"sm\">Instalaci\u00f3n<\/td>\n<td data-start=\"1012\" data-end=\"1027\" data-col-size=\"sm\">Profesional<\/td>\n<\/tr>\n<\/tbody>\n<\/table>\n<\/div>\n<\/div>\n<hr data-start=\"1029\" data-end=\"1032\" \/>\n<h2 data-start=\"1034\" data-end=\"1078\">Compatibilidad con sistemas Autogas Prins<\/h2>\n<p data-start=\"1080\" data-end=\"1208\">Compatible con instalaciones Prins VSI configuradas para motores de 3 y 4 cilindros en versi\u00f3n Basic 4D V2 sin comunicaci\u00f3n CAN.<\/p>\n<p data-start=\"1210\" data-end=\"1301\">Antes de la sustituci\u00f3n, verificar versi\u00f3n exacta del sistema y configuraci\u00f3n del veh\u00edculo.<\/p>\n<hr data-start=\"1303\" data-end=\"1306\" \/>\n<h2 data-start=\"1308\" data-end=\"1328\">Ventajas t\u00e9cnicas<\/h2>\n<ul data-start=\"1330\" data-end=\"1511\">\n<li data-start=\"1330\" data-end=\"1384\">\n<p data-start=\"1332\" data-end=\"1384\">Gesti\u00f3n secuencial para motores de 3 y 4 cilindros<\/p>\n<\/li>\n<li data-start=\"1385\" data-end=\"1417\">\n<p data-start=\"1387\" data-end=\"1417\">Versi\u00f3n sin comunicaci\u00f3n CAN<\/p>\n<\/li>\n<li data-start=\"1418\" data-end=\"1456\">\n<p data-start=\"1420\" data-end=\"1456\">Plataforma electr\u00f3nica VSI AFC-2.0<\/p>\n<\/li>\n<li data-start=\"1457\" data-end=\"1485\">\n<p data-start=\"1459\" data-end=\"1485\">Arquitectura Basic 4D V2<\/p>\n<\/li>\n<li data-start=\"1486\" data-end=\"1511\">\n<p data-start=\"1488\" data-end=\"1511\">Unidad original Prins<\/p>\n<\/li>\n<\/ul>\n<hr data-start=\"1513\" data-end=\"1516\" \/>\n<h2 data-start=\"1518\" data-end=\"1524\">FAQ<\/h2>\n<p data-start=\"1526\" data-end=\"1658\"><strong data-start=\"1526\" data-end=\"1575\">\u00bfPara qu\u00e9 sirve esta ECU AFC-2.0 Basic 4D V2?<\/strong><br data-start=\"1575\" data-end=\"1578\" \/>Gestiona la inyecci\u00f3n de gas en motores compatibles con la plataforma Prins VSI.<\/p>\n<p data-start=\"1660\" data-end=\"1719\"><strong data-start=\"1660\" data-end=\"1690\">\u00bfIncluye comunicaci\u00f3n CAN?<\/strong><br data-start=\"1690\" data-end=\"1693\" \/>No, esta versi\u00f3n es noCAN.<\/p>\n<p data-start=\"1721\" data-end=\"1818\"><strong data-start=\"1721\" data-end=\"1759\">\u00bfEs v\u00e1lida para 5\/6 u 8 cilindros?<\/strong><br data-start=\"1759\" data-end=\"1762\" \/>No, est\u00e1 destinada a configuraciones de 3 o 4 cilindros.<\/p>\n<p data-start=\"1820\" data-end=\"1911\"><strong data-start=\"1820\" data-end=\"1847\">\u00bfRequiere programaci\u00f3n?<\/strong><br data-start=\"1847\" data-end=\"1850\" \/>S\u00ed, debe instalarse y configurarse por t\u00e9cnico especializado.<\/p>\n","protected":false},"excerpt":{"rendered":"<p data-start=\"2414\" data-end=\"2527\">Unidad electr\u00f3nica Prins VSI AFC-2.0 Basic 4D V2 sin CAN para motores de 3 y 4 cilindros en sistemas Autogas GLP.<\/p>\n","protected":false},"featured_media":10274,"comment_status":"closed","ping_status":"closed","template":"","meta":{"_uag_custom_page_level_css":""},"product_brand":[1003],"product_cat":[480,297],"product_tag":[],"class_list":{"0":"post-7187","1":"product","2":"type-product","3":"status-publish","4":"has-post-thumbnail","6":"product_brand-prins","7":"product_cat-centralitas-electronicas","8":"product_cat-electronica","10":"first","11":"onbackorder","12":"taxable","13":"shipping-taxable","14":"purchasable","15":"product-type-simple"},"ct_brands":[{"id":1003,"name":"PRINS","slug":"prins"}],"yoast_head":"<!-- This site is optimized with the Yoast SEO Premium plugin v27.5 (Yoast SEO v27.5) - https:\/\/yoast.com\/product\/yoast-seo-premium-wordpress\/ -->\n<title>Prins VSI AFC-2.0 Basic 4D V2 noCAN centralita 3\/4 cilindros | Recambios EcoGas | Sistemas GLP y GNC<\/title>\n<meta name=\"description\" content=\"Prins VSI AFC-2.0 Basic 4D V2 noCAN centralita 3\/4 cilindros para sistemas Autogas GLP. ECU original sin comunicaci\u00f3n CAN.\" \/>\n<meta name=\"robots\" content=\"index, follow, max-snippet:-1, max-image-preview:large, max-video-preview:-1\" \/>\n<link rel=\"canonical\" href=\"https:\/\/recambiosecogas.com\/pt-pt\/producto\/prins-vsi-afc-2-0-basic-4d-v2-nocan-centralita-3-4-cilindros\/\" \/>\n<meta property=\"og:locale\" content=\"pt_PT\" \/>\n<meta property=\"og:type\" content=\"article\" \/>\n<meta property=\"og:title\" content=\"Prins VSI AFC-2.0 Basic 4D V2 noCAN centralita 3\/4 cilindros\" \/>\n<meta property=\"og:description\" content=\"Prins VSI AFC-2.0 Basic 4D V2 noCAN centralita 3\/4 cilindros para sistemas Autogas GLP. ECU original sin comunicaci\u00f3n CAN.\" \/>\n<meta property=\"og:url\" content=\"https:\/\/recambiosecogas.com\/pt-pt\/producto\/prins-vsi-afc-2-0-basic-4d-v2-nocan-centralita-3-4-cilindros\/\" \/>\n<meta property=\"og:site_name\" content=\"Recambios EcoGas\" \/>\n<meta property=\"article:publisher\" content=\"https:\/\/www.facebook.com\/profile.php?id=100062419705358\" \/>\n<meta property=\"article:modified_time\" content=\"2026-02-24T08:14:08+00:00\" \/>\n<meta property=\"og:image\" content=\"https:\/\/recambiosecogas.com\/wp-content\/uploads\/2024\/11\/Prins-VSI-AFC-2.0-Basic-4D-V2-noCAN-centralita-3-4-cilindros-png.webp\" \/>\n\t<meta property=\"og:image:width\" content=\"1000\" \/>\n\t<meta property=\"og:image:height\" content=\"1000\" \/>\n\t<meta property=\"og:image:type\" content=\"image\/png\" \/>\n<meta name=\"twitter:card\" content=\"summary_large_image\" \/>\n<meta name=\"twitter:label1\" content=\"pre\u00e7o\" \/>\n\t<meta name=\"twitter:data1\" content=\"503,77&nbsp;&euro; (Sin IVA: 416,34&nbsp;&euro;)\" \/>\n\t<meta name=\"twitter:label2\" content=\"Disponibilidade\" \/>\n\t<meta name=\"twitter:data2\" content=\"Por encomenda\" \/>\n<script type=\"application\/ld+json\" class=\"yoast-schema-graph\">{\"@context\":\"https:\\\/\\\/schema.org\",\"@graph\":[{\"@type\":\"WebPage\",\"@id\":\"https:\\\/\\\/recambiosecogas.com\\\/pt-pt\\\/producto\\\/prins-vsi-afc-2-0-basic-4d-v2-nocan-centralita-3-4-cilindros\\\/\",\"url\":\"https:\\\/\\\/recambiosecogas.com\\\/pt-pt\\\/producto\\\/prins-vsi-afc-2-0-basic-4d-v2-nocan-centralita-3-4-cilindros\\\/\",\"name\":\"Prins VSI AFC-2.0 Basic 4D V2 noCAN centralita 3\\\/4 cilindros | Recambios EcoGas | Sistemas GLP y GNC\",\"isPartOf\":{\"@id\":\"https:\\\/\\\/recambiosecogas.com\\\/pt-pt\\\/#website\"},\"primaryImageOfPage\":{\"@id\":\"https:\\\/\\\/recambiosecogas.com\\\/pt-pt\\\/producto\\\/prins-vsi-afc-2-0-basic-4d-v2-nocan-centralita-3-4-cilindros\\\/#primaryimage\"},\"image\":{\"@id\":\"https:\\\/\\\/recambiosecogas.com\\\/pt-pt\\\/producto\\\/prins-vsi-afc-2-0-basic-4d-v2-nocan-centralita-3-4-cilindros\\\/#primaryimage\"},\"thumbnailUrl\":\"https:\\\/\\\/recambiosecogas.com\\\/wp-content\\\/uploads\\\/2024\\\/11\\\/Prins-VSI-AFC-2.0-Basic-4D-V2-noCAN-centralita-3-4-cilindros-png.webp\",\"datePublished\":\"2024-11-20T16:14:26+00:00\",\"dateModified\":\"2026-02-24T08:14:08+00:00\",\"description\":\"Prins VSI AFC-2.0 Basic 4D V2 noCAN centralita 3\\\/4 cilindros para sistemas Autogas GLP. ECU original sin comunicaci\u00f3n CAN.\",\"breadcrumb\":{\"@id\":\"https:\\\/\\\/recambiosecogas.com\\\/pt-pt\\\/producto\\\/prins-vsi-afc-2-0-basic-4d-v2-nocan-centralita-3-4-cilindros\\\/#breadcrumb\"},\"inLanguage\":\"pt-PT\",\"potentialAction\":[{\"@type\":\"ReadAction\",\"target\":[\"https:\\\/\\\/recambiosecogas.com\\\/pt-pt\\\/producto\\\/prins-vsi-afc-2-0-basic-4d-v2-nocan-centralita-3-4-cilindros\\\/\"]}]},{\"@type\":\"ImageObject\",\"inLanguage\":\"pt-PT\",\"@id\":\"https:\\\/\\\/recambiosecogas.com\\\/pt-pt\\\/producto\\\/prins-vsi-afc-2-0-basic-4d-v2-nocan-centralita-3-4-cilindros\\\/#primaryimage\",\"url\":\"https:\\\/\\\/recambiosecogas.com\\\/wp-content\\\/uploads\\\/2024\\\/11\\\/Prins-VSI-AFC-2.0-Basic-4D-V2-noCAN-centralita-3-4-cilindros-png.webp\",\"contentUrl\":\"https:\\\/\\\/recambiosecogas.com\\\/wp-content\\\/uploads\\\/2024\\\/11\\\/Prins-VSI-AFC-2.0-Basic-4D-V2-noCAN-centralita-3-4-cilindros-png.webp\",\"width\":1000,\"height\":1000},{\"@type\":\"BreadcrumbList\",\"@id\":\"https:\\\/\\\/recambiosecogas.com\\\/pt-pt\\\/producto\\\/prins-vsi-afc-2-0-basic-4d-v2-nocan-centralita-3-4-cilindros\\\/#breadcrumb\",\"itemListElement\":[{\"@type\":\"ListItem\",\"position\":1,\"name\":\"P\u00e1gina inicial\",\"item\":\"https:\\\/\\\/recambiosecogas.com\\\/pt-pt\\\/\"},{\"@type\":\"ListItem\",\"position\":2,\"name\":\"Loja\",\"item\":\"https:\\\/\\\/recambiosecogas.com\\\/pt-pt\\\/tienda\\\/\"},{\"@type\":\"ListItem\",\"position\":3,\"name\":\"Prins VSI AFC-2.0 Basic 4D V2 noCAN centralita 3\\\/4 cilindros\"}]},{\"@type\":\"WebSite\",\"@id\":\"https:\\\/\\\/recambiosecogas.com\\\/pt-pt\\\/#website\",\"url\":\"https:\\\/\\\/recambiosecogas.com\\\/pt-pt\\\/\",\"name\":\"Recambios EcoGas\",\"description\":\"Pe\u00e7as multimarca para sistemas de GPL\\\/GNC\\\/GNL\\\/Hidrog\u00e9nio\",\"publisher\":{\"@id\":\"https:\\\/\\\/recambiosecogas.com\\\/pt-pt\\\/#organization\"},\"alternateName\":\"Recambios Autogas GLP\",\"potentialAction\":[{\"@type\":\"SearchAction\",\"target\":{\"@type\":\"EntryPoint\",\"urlTemplate\":\"https:\\\/\\\/recambiosecogas.com\\\/pt-pt\\\/?s={search_term_string}\"},\"query-input\":{\"@type\":\"PropertyValueSpecification\",\"valueRequired\":true,\"valueName\":\"search_term_string\"}}],\"inLanguage\":\"pt-PT\"},{\"@type\":[\"Organization\",\"Place\"],\"@id\":\"https:\\\/\\\/recambiosecogas.com\\\/pt-pt\\\/#organization\",\"name\":\"Recambios EcoGas\",\"alternateName\":\"Loja de GPL Autog\u00e1s Espanha\",\"url\":\"https:\\\/\\\/recambiosecogas.com\\\/pt-pt\\\/\",\"logo\":{\"@id\":\"https:\\\/\\\/recambiosecogas.com\\\/pt-pt\\\/producto\\\/prins-vsi-afc-2-0-basic-4d-v2-nocan-centralita-3-4-cilindros\\\/#local-main-organization-logo\"},\"image\":{\"@id\":\"https:\\\/\\\/recambiosecogas.com\\\/pt-pt\\\/producto\\\/prins-vsi-afc-2-0-basic-4d-v2-nocan-centralita-3-4-cilindros\\\/#local-main-organization-logo\"},\"sameAs\":[\"https:\\\/\\\/www.facebook.com\\\/profile.php?id=100062419705358\",\"https:\\\/\\\/www.instagram.com\\\/segimon_automocio\"],\"description\":\"Recambios EcoGas \u2013 Venta y distribuci\u00f3n de sistemas GLP y GNC en Espa\u00f1a y Portugal. Env\u00edos 24 h, soporte t\u00e9cnico a talleres y distribuidores.\",\"hasMerchantReturnPolicy\":{\"@type\":\"MerchantReturnPolicy\",\"merchantReturnLink\":\"https:\\\/\\\/recambiosecogas.com\\\/politicas-privacidad\\\/\"},\"address\":{\"@id\":\"https:\\\/\\\/recambiosecogas.com\\\/pt-pt\\\/producto\\\/prins-vsi-afc-2-0-basic-4d-v2-nocan-centralita-3-4-cilindros\\\/#local-main-place-address\"},\"telephone\":[\"616250633\"],\"contactPoint\":{\"@type\":\"ContactPoint\",\"email\":\"export@recambiosecogas.com\"},\"openingHoursSpecification\":[{\"@type\":\"OpeningHoursSpecification\",\"dayOfWeek\":[\"Monday\",\"Tuesday\",\"Wednesday\",\"Thursday\",\"Friday\",\"Saturday\",\"Sunday\"],\"opens\":\"09:00\",\"closes\":\"17:00\"}],\"email\":\"info@recambiosecogas.com\",\"faxNumber\":\"SEGIMON AUTOMOCION SL\",\"vatID\":\"ESB19819861\",\"globalLocationNumber\":\"938 616 339\"},{\"@type\":\"PostalAddress\",\"@id\":\"https:\\\/\\\/recambiosecogas.com\\\/pt-pt\\\/producto\\\/prins-vsi-afc-2-0-basic-4d-v2-nocan-centralita-3-4-cilindros\\\/#local-main-place-address\",\"streetAddress\":\"cami antic de vic, 29 (Nave 3), Pol\u00edgono Industrial Congost\",\"addressLocality\":\"CORRO D`AVALL\",\"postalCode\":\"08520\",\"addressRegion\":\"Barcelona\",\"addressCountry\":\"ES\"},{\"@type\":\"ImageObject\",\"inLanguage\":\"pt-PT\",\"@id\":\"https:\\\/\\\/recambiosecogas.com\\\/pt-pt\\\/producto\\\/prins-vsi-afc-2-0-basic-4d-v2-nocan-centralita-3-4-cilindros\\\/#local-main-organization-logo\",\"url\":\"https:\\\/\\\/recambiosecogas.com\\\/wp-content\\\/uploads\\\/2024\\\/11\\\/cropped-RECAMBIOS-GLP-png.webp\",\"contentUrl\":\"https:\\\/\\\/recambiosecogas.com\\\/wp-content\\\/uploads\\\/2024\\\/11\\\/cropped-RECAMBIOS-GLP-png.webp\",\"width\":512,\"height\":512,\"caption\":\"Recambios EcoGas\"}]}<\/script>\n<meta property=\"product:brand\" content=\"PRINS\" \/>\n<meta property=\"product:price:amount\" content=\"503.77\" \/>\n<meta property=\"product:price:currency\" content=\"EUR\" \/>\n<meta property=\"og:availability\" content=\"backorder\" \/>\n<meta property=\"product:availability\" content=\"available for order\" \/>\n<meta property=\"product:retailer_item_id\" content=\"102571A\" \/>\n<meta property=\"product:condition\" content=\"new\" \/>\n<meta name=\"geo.placename\" content=\"CORRO D`AVALL\" \/>\n<meta name=\"geo.region\" content=\"Espanha\" \/>\n<!-- \/ Yoast SEO Premium plugin. -->","yoast_head_json":{"title":"Prins VSI AFC-2.0 Basic 4D V2 noCAN centralita 3\/4 cilindros | Recambios EcoGas | Sistemas GLP y GNC","description":"Prins VSI AFC-2.0 Basic 4D V2 noCAN centralita 3\/4 cilindros para sistemas Autogas GLP. ECU original sin comunicaci\u00f3n CAN.","robots":{"index":"index","follow":"follow","max-snippet":"max-snippet:-1","max-image-preview":"max-image-preview:large","max-video-preview":"max-video-preview:-1"},"canonical":"https:\/\/recambiosecogas.com\/pt-pt\/producto\/prins-vsi-afc-2-0-basic-4d-v2-nocan-centralita-3-4-cilindros\/","og_locale":"pt_PT","og_type":"article","og_title":"Prins VSI AFC-2.0 Basic 4D V2 noCAN centralita 3\/4 cilindros","og_description":"Prins VSI AFC-2.0 Basic 4D V2 noCAN centralita 3\/4 cilindros para sistemas Autogas GLP. ECU original sin comunicaci\u00f3n CAN.","og_url":"https:\/\/recambiosecogas.com\/pt-pt\/producto\/prins-vsi-afc-2-0-basic-4d-v2-nocan-centralita-3-4-cilindros\/","og_site_name":"Recambios EcoGas","article_publisher":"https:\/\/www.facebook.com\/profile.php?id=100062419705358","article_modified_time":"2026-02-24T08:14:08+00:00","og_image":[{"width":1000,"height":1000,"url":"https:\/\/recambiosecogas.com\/wp-content\/uploads\/2024\/11\/Prins-VSI-AFC-2.0-Basic-4D-V2-noCAN-centralita-3-4-cilindros-png.webp","type":"image\/png"}],"twitter_card":"summary_large_image","twitter_misc":{"pre\u00e7o":"503,77&nbsp;&euro; (Sin IVA: 416,34&nbsp;&euro;)","Disponibilidade":"Por encomenda"},"schema":{"@context":"https:\/\/schema.org","@graph":[{"@type":"WebPage","@id":"https:\/\/recambiosecogas.com\/pt-pt\/producto\/prins-vsi-afc-2-0-basic-4d-v2-nocan-centralita-3-4-cilindros\/","url":"https:\/\/recambiosecogas.com\/pt-pt\/producto\/prins-vsi-afc-2-0-basic-4d-v2-nocan-centralita-3-4-cilindros\/","name":"Prins VSI AFC-2.0 Basic 4D V2 noCAN centralita 3\/4 cilindros | Recambios EcoGas | Sistemas GLP y GNC","isPartOf":{"@id":"https:\/\/recambiosecogas.com\/pt-pt\/#website"},"primaryImageOfPage":{"@id":"https:\/\/recambiosecogas.com\/pt-pt\/producto\/prins-vsi-afc-2-0-basic-4d-v2-nocan-centralita-3-4-cilindros\/#primaryimage"},"image":{"@id":"https:\/\/recambiosecogas.com\/pt-pt\/producto\/prins-vsi-afc-2-0-basic-4d-v2-nocan-centralita-3-4-cilindros\/#primaryimage"},"thumbnailUrl":"https:\/\/recambiosecogas.com\/wp-content\/uploads\/2024\/11\/Prins-VSI-AFC-2.0-Basic-4D-V2-noCAN-centralita-3-4-cilindros-png.webp","datePublished":"2024-11-20T16:14:26+00:00","dateModified":"2026-02-24T08:14:08+00:00","description":"Prins VSI AFC-2.0 Basic 4D V2 noCAN centralita 3\/4 cilindros para sistemas Autogas GLP. ECU original sin comunicaci\u00f3n CAN.","breadcrumb":{"@id":"https:\/\/recambiosecogas.com\/pt-pt\/producto\/prins-vsi-afc-2-0-basic-4d-v2-nocan-centralita-3-4-cilindros\/#breadcrumb"},"inLanguage":"pt-PT","potentialAction":[{"@type":"ReadAction","target":["https:\/\/recambiosecogas.com\/pt-pt\/producto\/prins-vsi-afc-2-0-basic-4d-v2-nocan-centralita-3-4-cilindros\/"]}]},{"@type":"ImageObject","inLanguage":"pt-PT","@id":"https:\/\/recambiosecogas.com\/pt-pt\/producto\/prins-vsi-afc-2-0-basic-4d-v2-nocan-centralita-3-4-cilindros\/#primaryimage","url":"https:\/\/recambiosecogas.com\/wp-content\/uploads\/2024\/11\/Prins-VSI-AFC-2.0-Basic-4D-V2-noCAN-centralita-3-4-cilindros-png.webp","contentUrl":"https:\/\/recambiosecogas.com\/wp-content\/uploads\/2024\/11\/Prins-VSI-AFC-2.0-Basic-4D-V2-noCAN-centralita-3-4-cilindros-png.webp","width":1000,"height":1000},{"@type":"BreadcrumbList","@id":"https:\/\/recambiosecogas.com\/pt-pt\/producto\/prins-vsi-afc-2-0-basic-4d-v2-nocan-centralita-3-4-cilindros\/#breadcrumb","itemListElement":[{"@type":"ListItem","position":1,"name":"P\u00e1gina inicial","item":"https:\/\/recambiosecogas.com\/pt-pt\/"},{"@type":"ListItem","position":2,"name":"Loja","item":"https:\/\/recambiosecogas.com\/pt-pt\/tienda\/"},{"@type":"ListItem","position":3,"name":"Prins VSI AFC-2.0 Basic 4D V2 noCAN centralita 3\/4 cilindros"}]},{"@type":"WebSite","@id":"https:\/\/recambiosecogas.com\/pt-pt\/#website","url":"https:\/\/recambiosecogas.com\/pt-pt\/","name":"Recambios EcoGas","description":"Pe\u00e7as multimarca para sistemas de GPL\/GNC\/GNL\/Hidrog\u00e9nio","publisher":{"@id":"https:\/\/recambiosecogas.com\/pt-pt\/#organization"},"alternateName":"Recambios Autogas GLP","potentialAction":[{"@type":"SearchAction","target":{"@type":"EntryPoint","urlTemplate":"https:\/\/recambiosecogas.com\/pt-pt\/?s={search_term_string}"},"query-input":{"@type":"PropertyValueSpecification","valueRequired":true,"valueName":"search_term_string"}}],"inLanguage":"pt-PT"},{"@type":["Organization","Place"],"@id":"https:\/\/recambiosecogas.com\/pt-pt\/#organization","name":"Recambios EcoGas","alternateName":"Loja de GPL Autog\u00e1s Espanha","url":"https:\/\/recambiosecogas.com\/pt-pt\/","logo":{"@id":"https:\/\/recambiosecogas.com\/pt-pt\/producto\/prins-vsi-afc-2-0-basic-4d-v2-nocan-centralita-3-4-cilindros\/#local-main-organization-logo"},"image":{"@id":"https:\/\/recambiosecogas.com\/pt-pt\/producto\/prins-vsi-afc-2-0-basic-4d-v2-nocan-centralita-3-4-cilindros\/#local-main-organization-logo"},"sameAs":["https:\/\/www.facebook.com\/profile.php?id=100062419705358","https:\/\/www.instagram.com\/segimon_automocio"],"description":"Recambios EcoGas \u2013 Venta y distribuci\u00f3n de sistemas GLP y GNC en Espa\u00f1a y Portugal. Env\u00edos 24 h, soporte t\u00e9cnico a talleres y distribuidores.","hasMerchantReturnPolicy":{"@type":"MerchantReturnPolicy","merchantReturnLink":"https:\/\/recambiosecogas.com\/politicas-privacidad\/"},"address":{"@id":"https:\/\/recambiosecogas.com\/pt-pt\/producto\/prins-vsi-afc-2-0-basic-4d-v2-nocan-centralita-3-4-cilindros\/#local-main-place-address"},"telephone":["616250633"],"contactPoint":{"@type":"ContactPoint","email":"export@recambiosecogas.com"},"openingHoursSpecification":[{"@type":"OpeningHoursSpecification","dayOfWeek":["Monday","Tuesday","Wednesday","Thursday","Friday","Saturday","Sunday"],"opens":"09:00","closes":"17:00"}],"email":"info@recambiosecogas.com","faxNumber":"SEGIMON AUTOMOCION SL","vatID":"ESB19819861","globalLocationNumber":"938 616 339"},{"@type":"PostalAddress","@id":"https:\/\/recambiosecogas.com\/pt-pt\/producto\/prins-vsi-afc-2-0-basic-4d-v2-nocan-centralita-3-4-cilindros\/#local-main-place-address","streetAddress":"cami antic de vic, 29 (Nave 3), Pol\u00edgono Industrial Congost","addressLocality":"CORRO D`AVALL","postalCode":"08520","addressRegion":"Barcelona","addressCountry":"ES"},{"@type":"ImageObject","inLanguage":"pt-PT","@id":"https:\/\/recambiosecogas.com\/pt-pt\/producto\/prins-vsi-afc-2-0-basic-4d-v2-nocan-centralita-3-4-cilindros\/#local-main-organization-logo","url":"https:\/\/recambiosecogas.com\/wp-content\/uploads\/2024\/11\/cropped-RECAMBIOS-GLP-png.webp","contentUrl":"https:\/\/recambiosecogas.com\/wp-content\/uploads\/2024\/11\/cropped-RECAMBIOS-GLP-png.webp","width":512,"height":512,"caption":"Recambios EcoGas"}]},"product_brand":"PRINS","product_price_amount":"503.77","product_price_currency":"EUR","og_availability":"backorder","product_availability":"available for order","product_retailer_item_id":"102571A","product_condition":"new","geo.placename":"CORRO D`AVALL","geo.region":"Espanha"},"uagb_featured_image_src":{"full":["https:\/\/recambiosecogas.com\/wp-content\/uploads\/2024\/11\/Prins-VSI-AFC-2.0-Basic-4D-V2-noCAN-centralita-3-4-cilindros-png.webp",1000,1000,false],"thumbnail":["https:\/\/recambiosecogas.com\/wp-content\/uploads\/2024\/11\/Prins-VSI-AFC-2.0-Basic-4D-V2-noCAN-centralita-3-4-cilindros-150x150.webp",150,150,true],"medium":["https:\/\/recambiosecogas.com\/wp-content\/uploads\/2024\/11\/Prins-VSI-AFC-2.0-Basic-4D-V2-noCAN-centralita-3-4-cilindros-300x300.webp",300,300,true],"medium_large":["https:\/\/recambiosecogas.com\/wp-content\/uploads\/2024\/11\/Prins-VSI-AFC-2.0-Basic-4D-V2-noCAN-centralita-3-4-cilindros-768x768.webp",768,768,true],"large":["https:\/\/recambiosecogas.com\/wp-content\/uploads\/2024\/11\/Prins-VSI-AFC-2.0-Basic-4D-V2-noCAN-centralita-3-4-cilindros-png.webp",1000,1000,false],"1536x1536":["https:\/\/recambiosecogas.com\/wp-content\/uploads\/2024\/11\/Prins-VSI-AFC-2.0-Basic-4D-V2-noCAN-centralita-3-4-cilindros-png.webp",1000,1000,false],"2048x2048":["https:\/\/recambiosecogas.com\/wp-content\/uploads\/2024\/11\/Prins-VSI-AFC-2.0-Basic-4D-V2-noCAN-centralita-3-4-cilindros-png.webp",1000,1000,false],"woocommerce_archive_thumbnail":["https:\/\/recambiosecogas.com\/wp-content\/uploads\/2024\/11\/Prins-VSI-AFC-2.0-Basic-4D-V2-noCAN-centralita-3-4-cilindros-png.webp",1000,1000,false],"woocommerce_thumbnail":["https:\/\/recambiosecogas.com\/wp-content\/uploads\/2024\/11\/Prins-VSI-AFC-2.0-Basic-4D-V2-noCAN-centralita-3-4-cilindros-png-300x300.webp",300,300,true],"woocommerce_single":["https:\/\/recambiosecogas.com\/wp-content\/uploads\/2024\/11\/Prins-VSI-AFC-2.0-Basic-4D-V2-noCAN-centralita-3-4-cilindros-png.webp",1000,1000,false],"woocommerce_gallery_thumbnail":["https:\/\/recambiosecogas.com\/wp-content\/uploads\/2024\/11\/Prins-VSI-AFC-2.0-Basic-4D-V2-noCAN-centralita-3-4-cilindros-png.webp",1000,1000,false],"dgwt-wcas-product-suggestion":["https:\/\/recambiosecogas.com\/wp-content\/uploads\/2024\/11\/Prins-VSI-AFC-2.0-Basic-4D-V2-noCAN-centralita-3-4-cilindros-png-64x64.webp",64,64,true]},"uagb_author_info":{"display_name":"Fran - Soporte T\u00e9cnico","author_link":"https:\/\/recambiosecogas.com\/pt-pt\/author\/"},"uagb_comment_info":0,"uagb_excerpt":"Unidad electr\u00f3nica Prins VSI AFC-2.0 Basic 4D V2 sin CAN para motores de 3 y 4 cilindros en sistemas Autogas GLP.","_links":{"self":[{"href":"https:\/\/recambiosecogas.com\/pt-pt\/wp-json\/wp\/v2\/product\/7187","targetHints":{"allow":["GET"]}}],"collection":[{"href":"https:\/\/recambiosecogas.com\/pt-pt\/wp-json\/wp\/v2\/product"}],"about":[{"href":"https:\/\/recambiosecogas.com\/pt-pt\/wp-json\/wp\/v2\/types\/product"}],"replies":[{"embeddable":true,"href":"https:\/\/recambiosecogas.com\/pt-pt\/wp-json\/wp\/v2\/comments?post=7187"}],"wp:featuredmedia":[{"embeddable":true,"href":"https:\/\/recambiosecogas.com\/pt-pt\/wp-json\/wp\/v2\/media\/10274"}],"wp:attachment":[{"href":"https:\/\/recambiosecogas.com\/pt-pt\/wp-json\/wp\/v2\/media?parent=7187"}],"wp:term":[{"taxonomy":"product_brand","embeddable":true,"href":"https:\/\/recambiosecogas.com\/pt-pt\/wp-json\/wp\/v2\/product_brand?post=7187"},{"taxonomy":"product_cat","embeddable":true,"href":"https:\/\/recambiosecogas.com\/pt-pt\/wp-json\/wp\/v2\/product_cat?post=7187"},{"taxonomy":"product_tag","embeddable":true,"href":"https:\/\/recambiosecogas.com\/pt-pt\/wp-json\/wp\/v2\/product_tag?post=7187"}],"curies":[{"name":"wp","href":"https:\/\/api.w.org\/{rel}","templated":true}]}}