{"id":7182,"date":"2024-11-20T16:14:17","date_gmt":"2024-11-20T16:14:17","guid":{"rendered":"https:\/\/recambiosecogas.com\/producto\/brc-sequent-pd24-mj11-centralita-de817010\/"},"modified":"2026-02-24T09:22:18","modified_gmt":"2026-02-24T08:22:18","slug":"brc-sequent-pd24-mj11-centralita-de817010","status":"publish","type":"product","link":"https:\/\/recambiosecogas.com\/pt-pt\/produto\/brc-sequent-pd24-mj11-centralita-de817010\/","title":{"rendered":"BRC Sequent P&#038;D24 MJ11 centralita (DE817010)"},"content":{"rendered":"<h1 data-start=\"215\" data-end=\"259\">BRC Sequent P&amp;D24 MJ11 centralita DE817010<\/h1>\n<p data-start=\"261\" data-end=\"533\">La <strong data-start=\"264\" data-end=\"310\">BRC Sequent P&amp;D24 MJ11 centralita DE817010<\/strong> es una unidad electr\u00f3nica dise\u00f1ada para la gesti\u00f3n de sistemas Autogas BRC dentro de la plataforma Plug &amp; Drive 24. Esta ECU versi\u00f3n MJ11 permite el control secuencial de la inyecci\u00f3n de gas en configuraciones compatibles.<\/p>\n<hr data-start=\"535\" data-end=\"538\" \/>\n<h2 data-start=\"540\" data-end=\"582\">Centralita Plug &amp; Drive 24 versi\u00f3n MJ11<\/h2>\n<div class=\"TyagGW_tableContainer\">\n<div class=\"group TyagGW_tableWrapper flex flex-col-reverse w-fit\" tabindex=\"-1\">\n<table class=\"w-fit min-w-(--thread-content-width)\" data-start=\"584\" data-end=\"869\">\n<thead data-start=\"584\" data-end=\"612\">\n<tr data-start=\"584\" data-end=\"612\">\n<th class=\"\" data-start=\"584\" data-end=\"601\" data-col-size=\"sm\">Caracter\u00edstica<\/th>\n<th class=\"\" data-start=\"601\" data-end=\"612\" data-col-size=\"sm\">Detalle<\/th>\n<\/tr>\n<\/thead>\n<tbody data-start=\"642\" data-end=\"869\">\n<tr data-start=\"642\" data-end=\"680\">\n<td data-start=\"642\" data-end=\"653\" data-col-size=\"sm\">Producto<\/td>\n<td data-start=\"653\" data-end=\"680\" data-col-size=\"sm\">ECU \/ Unidad de control<\/td>\n<\/tr>\n<tr data-start=\"681\" data-end=\"696\">\n<td data-start=\"681\" data-end=\"689\" data-col-size=\"sm\">Marca<\/td>\n<td data-start=\"689\" data-end=\"696\" data-col-size=\"sm\">BRC<\/td>\n<\/tr>\n<tr data-start=\"697\" data-end=\"737\">\n<td data-start=\"697\" data-end=\"710\" data-col-size=\"sm\">Plataforma<\/td>\n<td data-start=\"710\" data-end=\"737\" data-col-size=\"sm\">Sequent Plug &amp; Drive 24<\/td>\n<\/tr>\n<tr data-start=\"738\" data-end=\"756\">\n<td data-start=\"738\" data-end=\"748\" data-col-size=\"sm\">Versi\u00f3n<\/td>\n<td data-start=\"748\" data-end=\"756\" data-col-size=\"sm\">MJ11<\/td>\n<\/tr>\n<tr data-start=\"757\" data-end=\"782\">\n<td data-start=\"757\" data-end=\"770\" data-col-size=\"sm\">Referencia<\/td>\n<td data-start=\"770\" data-end=\"782\" data-col-size=\"sm\">DE817010<\/td>\n<\/tr>\n<tr data-start=\"783\" data-end=\"817\">\n<td data-start=\"783\" data-end=\"793\" data-col-size=\"sm\">Sistema<\/td>\n<td data-start=\"793\" data-end=\"817\" data-col-size=\"sm\">Inyecci\u00f3n secuencial<\/td>\n<\/tr>\n<tr data-start=\"818\" data-end=\"839\">\n<td data-start=\"818\" data-end=\"832\" data-col-size=\"sm\">Combustible<\/td>\n<td data-start=\"832\" data-end=\"839\" data-col-size=\"sm\">GLP<\/td>\n<\/tr>\n<tr data-start=\"840\" data-end=\"869\">\n<td data-start=\"840\" data-end=\"854\" data-col-size=\"sm\">Instalaci\u00f3n<\/td>\n<td data-start=\"854\" data-end=\"869\" data-col-size=\"sm\">Profesional<\/td>\n<\/tr>\n<\/tbody>\n<\/table>\n<\/div>\n<\/div>\n<hr data-start=\"871\" data-end=\"874\" \/>\n<h2 data-start=\"876\" data-end=\"917\">Compatibilidad con sistemas Sequent 24<\/h2>\n<p data-start=\"919\" data-end=\"984\">Compatible con instalaciones BRC Plug &amp; Drive 24 en versi\u00f3n MJ11.<\/p>\n<p data-start=\"986\" data-end=\"1085\">Se recomienda verificar referencia DE817010 y la configuraci\u00f3n del sistema antes de la sustituci\u00f3n.<\/p>\n<hr data-start=\"1087\" data-end=\"1090\" \/>\n<h2 data-start=\"1092\" data-end=\"1112\">Ventajas t\u00e9cnicas<\/h2>\n<ul data-start=\"1114\" data-end=\"1279\">\n<li data-start=\"1114\" data-end=\"1151\">\n<p data-start=\"1116\" data-end=\"1151\">Plataforma electr\u00f3nica Sequent 24<\/p>\n<\/li>\n<li data-start=\"1152\" data-end=\"1179\">\n<p data-start=\"1154\" data-end=\"1179\">Versi\u00f3n espec\u00edfica MJ11<\/p>\n<\/li>\n<li data-start=\"1180\" data-end=\"1215\">\n<p data-start=\"1182\" data-end=\"1215\">Gesti\u00f3n secuencial de inyecci\u00f3n<\/p>\n<\/li>\n<li data-start=\"1216\" data-end=\"1239\">\n<p data-start=\"1218\" data-end=\"1239\">Unidad original BRC<\/p>\n<\/li>\n<li data-start=\"1240\" data-end=\"1279\">\n<p data-start=\"1242\" data-end=\"1279\">Recambio t\u00e9cnico para mantenimiento<\/p>\n<\/li>\n<\/ul>\n<hr data-start=\"1281\" data-end=\"1284\" \/>\n<h2 data-start=\"1286\" data-end=\"1292\">FAQ<\/h2>\n<p data-start=\"1294\" data-end=\"1412\"><strong data-start=\"1294\" data-end=\"1331\">\u00bfPara qu\u00e9 sirve esta unidad MJ11?<\/strong><br data-start=\"1331\" data-end=\"1334\" \/>Permite gestionar la inyecci\u00f3n de gas en sistemas Plug &amp; Drive 24 compatibles.<\/p>\n<p data-start=\"1414\" data-end=\"1516\"><strong data-start=\"1414\" data-end=\"1454\">\u00bfEs v\u00e1lida para otras versiones P&amp;D?<\/strong><br data-start=\"1454\" data-end=\"1457\" \/>Debe verificarse la compatibilidad seg\u00fan versi\u00f3n instalada.<\/p>\n<p data-start=\"1518\" data-end=\"1609\"><strong data-start=\"1518\" data-end=\"1545\">\u00bfRequiere programaci\u00f3n?<\/strong><br data-start=\"1545\" data-end=\"1548\" \/>S\u00ed, debe instalarse y configurarse por t\u00e9cnico especializado.<\/p>\n","protected":false},"excerpt":{"rendered":"<p data-start=\"2152\" data-end=\"2248\">Unidad electr\u00f3nica BRC Sequent P&amp;D24 versi\u00f3n MJ11 referencia DE817010 para sistemas Autogas GLP.<\/p>\n","protected":false},"featured_media":10299,"comment_status":"closed","ping_status":"closed","template":"","meta":{"googlesitekit_rrm_CAowud7EDA:productID":"","_uag_custom_page_level_css":""},"product_brand":[979],"product_cat":[37,480,297],"product_tag":[],"class_list":{"0":"post-7182","1":"product","2":"type-product","3":"status-publish","4":"has-post-thumbnail","6":"product_brand-brc-mtm-glp","7":"product_cat-brc","8":"product_cat-centralitas-electronicas","9":"product_cat-electronica","11":"first","12":"onbackorder","13":"taxable","14":"shipping-taxable","15":"purchasable","16":"product-type-simple"},"ct_brands":[{"id":979,"name":"BRC","slug":"brc-mtm-glp"}],"yoast_head":"<!-- This site is optimized with the Yoast SEO Premium plugin v27.4 (Yoast SEO v27.4) - https:\/\/yoast.com\/product\/yoast-seo-premium-wordpress\/ -->\n<title>BRC Sequent P&amp;D24 MJ11 centralita DE817010 | Recambios EcoGas<\/title>\n<meta name=\"description\" content=\"BRC Sequent P&amp;D24 MJ11 centralita DE817010 para sistemas Autogas GLP. ECU original Plug &amp; Drive 24.\" \/>\n<meta name=\"robots\" content=\"index, follow, max-snippet:-1, max-image-preview:large, max-video-preview:-1\" \/>\n<link rel=\"canonical\" href=\"https:\/\/recambiosecogas.com\/pt-pt\/produto\/brc-sequent-pd24-mj11-centralita-de817010\/\" \/>\n<meta property=\"og:locale\" content=\"pt_PT\" \/>\n<meta property=\"og:type\" content=\"article\" \/>\n<meta property=\"og:title\" content=\"BRC Sequent P&amp;D24 MJ11 centralita (DE817010)\" \/>\n<meta property=\"og:description\" content=\"BRC Sequent P&amp;D24 MJ11 centralita DE817010 para sistemas Autogas GLP. ECU original Plug &amp; Drive 24.\" \/>\n<meta property=\"og:url\" content=\"https:\/\/recambiosecogas.com\/pt-pt\/produto\/brc-sequent-pd24-mj11-centralita-de817010\/\" \/>\n<meta property=\"og:site_name\" content=\"Recambios EcoGas\" \/>\n<meta property=\"article:publisher\" content=\"https:\/\/www.facebook.com\/profile.php?id=100062419705358\" \/>\n<meta property=\"article:modified_time\" content=\"2026-02-24T08:22:18+00:00\" \/>\n<meta property=\"og:image\" content=\"https:\/\/recambiosecogas.com\/wp-content\/uploads\/2024\/11\/BRC-Sequent-PD24-MJ11-centralita-DE817010-2-png.webp\" \/>\n\t<meta property=\"og:image:width\" content=\"1000\" \/>\n\t<meta property=\"og:image:height\" content=\"1000\" \/>\n\t<meta property=\"og:image:type\" content=\"image\/png\" \/>\n<meta name=\"twitter:card\" content=\"summary_large_image\" \/>\n<meta name=\"twitter:label1\" content=\"pre\u00e7o\" \/>\n\t<meta name=\"twitter:data1\" content=\"359,78&nbsp;&euro; (IVA incl.: 435,33&nbsp;&euro;)\" \/>\n\t<meta name=\"twitter:label2\" content=\"Disponibilidade\" \/>\n\t<meta name=\"twitter:data2\" content=\"Por encomenda\" \/>\n<script type=\"application\/ld+json\" class=\"yoast-schema-graph\">{\"@context\":\"https:\\\/\\\/schema.org\",\"@graph\":[{\"@type\":\"WebPage\",\"@id\":\"https:\\\/\\\/recambiosecogas.com\\\/pt-pt\\\/produto\\\/brc-sequent-pd24-mj11-centralita-de817010\\\/\",\"url\":\"https:\\\/\\\/recambiosecogas.com\\\/pt-pt\\\/produto\\\/brc-sequent-pd24-mj11-centralita-de817010\\\/\",\"name\":\"BRC Sequent P&D24 MJ11 centralita DE817010 | Recambios EcoGas\",\"isPartOf\":{\"@id\":\"https:\\\/\\\/recambiosecogas.com\\\/pt-pt\\\/#website\"},\"primaryImageOfPage\":{\"@id\":\"https:\\\/\\\/recambiosecogas.com\\\/pt-pt\\\/produto\\\/brc-sequent-pd24-mj11-centralita-de817010\\\/#primaryimage\"},\"image\":{\"@id\":\"https:\\\/\\\/recambiosecogas.com\\\/pt-pt\\\/produto\\\/brc-sequent-pd24-mj11-centralita-de817010\\\/#primaryimage\"},\"thumbnailUrl\":\"https:\\\/\\\/recambiosecogas.com\\\/wp-content\\\/uploads\\\/2024\\\/11\\\/BRC-Sequent-PD24-MJ11-centralita-DE817010-2-png.webp\",\"datePublished\":\"2024-11-20T16:14:17+00:00\",\"dateModified\":\"2026-02-24T08:22:18+00:00\",\"description\":\"BRC Sequent P&D24 MJ11 centralita DE817010 para sistemas Autogas GLP. ECU original Plug & Drive 24.\",\"breadcrumb\":{\"@id\":\"https:\\\/\\\/recambiosecogas.com\\\/pt-pt\\\/produto\\\/brc-sequent-pd24-mj11-centralita-de817010\\\/#breadcrumb\"},\"inLanguage\":\"pt-PT\",\"potentialAction\":[{\"@type\":\"ReadAction\",\"target\":[\"https:\\\/\\\/recambiosecogas.com\\\/pt-pt\\\/produto\\\/brc-sequent-pd24-mj11-centralita-de817010\\\/\"]}]},{\"@type\":\"ImageObject\",\"inLanguage\":\"pt-PT\",\"@id\":\"https:\\\/\\\/recambiosecogas.com\\\/pt-pt\\\/produto\\\/brc-sequent-pd24-mj11-centralita-de817010\\\/#primaryimage\",\"url\":\"https:\\\/\\\/recambiosecogas.com\\\/wp-content\\\/uploads\\\/2024\\\/11\\\/BRC-Sequent-PD24-MJ11-centralita-DE817010-2-png.webp\",\"contentUrl\":\"https:\\\/\\\/recambiosecogas.com\\\/wp-content\\\/uploads\\\/2024\\\/11\\\/BRC-Sequent-PD24-MJ11-centralita-DE817010-2-png.webp\",\"width\":1000,\"height\":1000},{\"@type\":\"BreadcrumbList\",\"@id\":\"https:\\\/\\\/recambiosecogas.com\\\/pt-pt\\\/produto\\\/brc-sequent-pd24-mj11-centralita-de817010\\\/#breadcrumb\",\"itemListElement\":[{\"@type\":\"ListItem\",\"position\":1,\"name\":\"P\u00e1gina inicial\",\"item\":\"https:\\\/\\\/recambiosecogas.com\\\/pt-pt\\\/\"},{\"@type\":\"ListItem\",\"position\":2,\"name\":\"Loja\",\"item\":\"https:\\\/\\\/recambiosecogas.com\\\/pt-pt\\\/tienda\\\/\"},{\"@type\":\"ListItem\",\"position\":3,\"name\":\"BRC Sequent P&#038;D24 MJ11 centralita (DE817010)\"}]},{\"@type\":\"WebSite\",\"@id\":\"https:\\\/\\\/recambiosecogas.com\\\/pt-pt\\\/#website\",\"url\":\"https:\\\/\\\/recambiosecogas.com\\\/pt-pt\\\/\",\"name\":\"Recambios EcoGas\",\"description\":\"Pe\u00e7as multimarca para sistemas de GPL\\\/GNC\\\/GNL\\\/Hidrog\u00e9nio\",\"publisher\":{\"@id\":\"https:\\\/\\\/recambiosecogas.com\\\/pt-pt\\\/#organization\"},\"alternateName\":\"Recambios Autogas GLP\",\"potentialAction\":[{\"@type\":\"SearchAction\",\"target\":{\"@type\":\"EntryPoint\",\"urlTemplate\":\"https:\\\/\\\/recambiosecogas.com\\\/pt-pt\\\/?s={search_term_string}\"},\"query-input\":{\"@type\":\"PropertyValueSpecification\",\"valueRequired\":true,\"valueName\":\"search_term_string\"}}],\"inLanguage\":\"pt-PT\"},{\"@type\":[\"Organization\",\"Place\"],\"@id\":\"https:\\\/\\\/recambiosecogas.com\\\/pt-pt\\\/#organization\",\"name\":\"Recambios EcoGas\",\"alternateName\":\"Loja de GPL Autog\u00e1s Espanha\",\"url\":\"https:\\\/\\\/recambiosecogas.com\\\/pt-pt\\\/\",\"logo\":{\"@id\":\"https:\\\/\\\/recambiosecogas.com\\\/pt-pt\\\/produto\\\/brc-sequent-pd24-mj11-centralita-de817010\\\/#local-main-organization-logo\"},\"image\":{\"@id\":\"https:\\\/\\\/recambiosecogas.com\\\/pt-pt\\\/produto\\\/brc-sequent-pd24-mj11-centralita-de817010\\\/#local-main-organization-logo\"},\"sameAs\":[\"https:\\\/\\\/www.facebook.com\\\/profile.php?id=100062419705358\",\"https:\\\/\\\/www.instagram.com\\\/segimon_automocio\"],\"description\":\"Recambios EcoGas \u2013 Venta y distribuci\u00f3n de sistemas GLP y GNC en Espa\u00f1a y Portugal. Env\u00edos 24 h, soporte t\u00e9cnico a talleres y distribuidores.\",\"hasMerchantReturnPolicy\":{\"@type\":\"MerchantReturnPolicy\",\"merchantReturnLink\":\"https:\\\/\\\/recambiosecogas.com\\\/politicas-privacidad\\\/\"},\"address\":{\"@id\":\"https:\\\/\\\/recambiosecogas.com\\\/pt-pt\\\/produto\\\/brc-sequent-pd24-mj11-centralita-de817010\\\/#local-main-place-address\"},\"telephone\":[\"616250633\"],\"contactPoint\":{\"@type\":\"ContactPoint\",\"email\":\"export@recambiosecogas.com\"},\"openingHoursSpecification\":[{\"@type\":\"OpeningHoursSpecification\",\"dayOfWeek\":[\"Monday\",\"Tuesday\",\"Wednesday\",\"Thursday\",\"Friday\",\"Saturday\",\"Sunday\"],\"opens\":\"09:00\",\"closes\":\"17:00\"}],\"email\":\"info@recambiosecogas.com\",\"faxNumber\":\"SEGIMON AUTOMOCION SL\",\"vatID\":\"ESB19819861\",\"globalLocationNumber\":\"938 616 339\"},{\"@type\":\"PostalAddress\",\"@id\":\"https:\\\/\\\/recambiosecogas.com\\\/pt-pt\\\/produto\\\/brc-sequent-pd24-mj11-centralita-de817010\\\/#local-main-place-address\",\"streetAddress\":\"cami antic de vic, 29 (Nave 3), Pol\u00edgono Industrial Congost\",\"addressLocality\":\"CORRO D`AVALL\",\"postalCode\":\"08520\",\"addressRegion\":\"Barcelona\",\"addressCountry\":\"ES\"},{\"@type\":\"ImageObject\",\"inLanguage\":\"pt-PT\",\"@id\":\"https:\\\/\\\/recambiosecogas.com\\\/pt-pt\\\/produto\\\/brc-sequent-pd24-mj11-centralita-de817010\\\/#local-main-organization-logo\",\"url\":\"https:\\\/\\\/recambiosecogas.com\\\/wp-content\\\/uploads\\\/2024\\\/11\\\/cropped-RECAMBIOS-GLP-png.webp\",\"contentUrl\":\"https:\\\/\\\/recambiosecogas.com\\\/wp-content\\\/uploads\\\/2024\\\/11\\\/cropped-RECAMBIOS-GLP-png.webp\",\"width\":512,\"height\":512,\"caption\":\"Recambios EcoGas\"}]}<\/script>\n<meta property=\"product:brand\" content=\"BRC\" \/>\n<meta property=\"product:price:amount\" content=\"359.78\" \/>\n<meta property=\"product:price:currency\" content=\"EUR\" \/>\n<meta property=\"og:availability\" content=\"backorder\" \/>\n<meta property=\"product:availability\" content=\"available for order\" \/>\n<meta property=\"product:retailer_item_id\" content=\"102303P\" \/>\n<meta property=\"product:condition\" content=\"new\" \/>\n<meta name=\"geo.placename\" content=\"CORRO D`AVALL\" \/>\n<meta name=\"geo.region\" content=\"Espanha\" \/>\n<!-- \/ Yoast SEO Premium plugin. -->","yoast_head_json":{"title":"BRC Sequent P&D24 MJ11 centralita DE817010 | Recambios EcoGas","description":"BRC Sequent P&D24 MJ11 centralita DE817010 para sistemas Autogas GLP. ECU original Plug & Drive 24.","robots":{"index":"index","follow":"follow","max-snippet":"max-snippet:-1","max-image-preview":"max-image-preview:large","max-video-preview":"max-video-preview:-1"},"canonical":"https:\/\/recambiosecogas.com\/pt-pt\/produto\/brc-sequent-pd24-mj11-centralita-de817010\/","og_locale":"pt_PT","og_type":"article","og_title":"BRC Sequent P&D24 MJ11 centralita (DE817010)","og_description":"BRC Sequent P&D24 MJ11 centralita DE817010 para sistemas Autogas GLP. ECU original Plug & Drive 24.","og_url":"https:\/\/recambiosecogas.com\/pt-pt\/produto\/brc-sequent-pd24-mj11-centralita-de817010\/","og_site_name":"Recambios EcoGas","article_publisher":"https:\/\/www.facebook.com\/profile.php?id=100062419705358","article_modified_time":"2026-02-24T08:22:18+00:00","og_image":[{"width":1000,"height":1000,"url":"https:\/\/recambiosecogas.com\/wp-content\/uploads\/2024\/11\/BRC-Sequent-PD24-MJ11-centralita-DE817010-2-png.webp","type":"image\/png"}],"twitter_card":"summary_large_image","twitter_misc":{"pre\u00e7o":"359,78&nbsp;&euro; (IVA incl.: 435,33&nbsp;&euro;)","Disponibilidade":"Por encomenda"},"schema":{"@context":"https:\/\/schema.org","@graph":[{"@type":"WebPage","@id":"https:\/\/recambiosecogas.com\/pt-pt\/produto\/brc-sequent-pd24-mj11-centralita-de817010\/","url":"https:\/\/recambiosecogas.com\/pt-pt\/produto\/brc-sequent-pd24-mj11-centralita-de817010\/","name":"BRC Sequent P&D24 MJ11 centralita DE817010 | Recambios EcoGas","isPartOf":{"@id":"https:\/\/recambiosecogas.com\/pt-pt\/#website"},"primaryImageOfPage":{"@id":"https:\/\/recambiosecogas.com\/pt-pt\/produto\/brc-sequent-pd24-mj11-centralita-de817010\/#primaryimage"},"image":{"@id":"https:\/\/recambiosecogas.com\/pt-pt\/produto\/brc-sequent-pd24-mj11-centralita-de817010\/#primaryimage"},"thumbnailUrl":"https:\/\/recambiosecogas.com\/wp-content\/uploads\/2024\/11\/BRC-Sequent-PD24-MJ11-centralita-DE817010-2-png.webp","datePublished":"2024-11-20T16:14:17+00:00","dateModified":"2026-02-24T08:22:18+00:00","description":"BRC Sequent P&D24 MJ11 centralita DE817010 para sistemas Autogas GLP. ECU original Plug & Drive 24.","breadcrumb":{"@id":"https:\/\/recambiosecogas.com\/pt-pt\/produto\/brc-sequent-pd24-mj11-centralita-de817010\/#breadcrumb"},"inLanguage":"pt-PT","potentialAction":[{"@type":"ReadAction","target":["https:\/\/recambiosecogas.com\/pt-pt\/produto\/brc-sequent-pd24-mj11-centralita-de817010\/"]}]},{"@type":"ImageObject","inLanguage":"pt-PT","@id":"https:\/\/recambiosecogas.com\/pt-pt\/produto\/brc-sequent-pd24-mj11-centralita-de817010\/#primaryimage","url":"https:\/\/recambiosecogas.com\/wp-content\/uploads\/2024\/11\/BRC-Sequent-PD24-MJ11-centralita-DE817010-2-png.webp","contentUrl":"https:\/\/recambiosecogas.com\/wp-content\/uploads\/2024\/11\/BRC-Sequent-PD24-MJ11-centralita-DE817010-2-png.webp","width":1000,"height":1000},{"@type":"BreadcrumbList","@id":"https:\/\/recambiosecogas.com\/pt-pt\/produto\/brc-sequent-pd24-mj11-centralita-de817010\/#breadcrumb","itemListElement":[{"@type":"ListItem","position":1,"name":"P\u00e1gina inicial","item":"https:\/\/recambiosecogas.com\/pt-pt\/"},{"@type":"ListItem","position":2,"name":"Loja","item":"https:\/\/recambiosecogas.com\/pt-pt\/tienda\/"},{"@type":"ListItem","position":3,"name":"BRC Sequent P&#038;D24 MJ11 centralita (DE817010)"}]},{"@type":"WebSite","@id":"https:\/\/recambiosecogas.com\/pt-pt\/#website","url":"https:\/\/recambiosecogas.com\/pt-pt\/","name":"Recambios EcoGas","description":"Pe\u00e7as multimarca para sistemas de GPL\/GNC\/GNL\/Hidrog\u00e9nio","publisher":{"@id":"https:\/\/recambiosecogas.com\/pt-pt\/#organization"},"alternateName":"Recambios Autogas GLP","potentialAction":[{"@type":"SearchAction","target":{"@type":"EntryPoint","urlTemplate":"https:\/\/recambiosecogas.com\/pt-pt\/?s={search_term_string}"},"query-input":{"@type":"PropertyValueSpecification","valueRequired":true,"valueName":"search_term_string"}}],"inLanguage":"pt-PT"},{"@type":["Organization","Place"],"@id":"https:\/\/recambiosecogas.com\/pt-pt\/#organization","name":"Recambios EcoGas","alternateName":"Loja de GPL Autog\u00e1s Espanha","url":"https:\/\/recambiosecogas.com\/pt-pt\/","logo":{"@id":"https:\/\/recambiosecogas.com\/pt-pt\/produto\/brc-sequent-pd24-mj11-centralita-de817010\/#local-main-organization-logo"},"image":{"@id":"https:\/\/recambiosecogas.com\/pt-pt\/produto\/brc-sequent-pd24-mj11-centralita-de817010\/#local-main-organization-logo"},"sameAs":["https:\/\/www.facebook.com\/profile.php?id=100062419705358","https:\/\/www.instagram.com\/segimon_automocio"],"description":"Recambios EcoGas \u2013 Venta y distribuci\u00f3n de sistemas GLP y GNC en Espa\u00f1a y Portugal. Env\u00edos 24 h, soporte t\u00e9cnico a talleres y distribuidores.","hasMerchantReturnPolicy":{"@type":"MerchantReturnPolicy","merchantReturnLink":"https:\/\/recambiosecogas.com\/politicas-privacidad\/"},"address":{"@id":"https:\/\/recambiosecogas.com\/pt-pt\/produto\/brc-sequent-pd24-mj11-centralita-de817010\/#local-main-place-address"},"telephone":["616250633"],"contactPoint":{"@type":"ContactPoint","email":"export@recambiosecogas.com"},"openingHoursSpecification":[{"@type":"OpeningHoursSpecification","dayOfWeek":["Monday","Tuesday","Wednesday","Thursday","Friday","Saturday","Sunday"],"opens":"09:00","closes":"17:00"}],"email":"info@recambiosecogas.com","faxNumber":"SEGIMON AUTOMOCION SL","vatID":"ESB19819861","globalLocationNumber":"938 616 339"},{"@type":"PostalAddress","@id":"https:\/\/recambiosecogas.com\/pt-pt\/produto\/brc-sequent-pd24-mj11-centralita-de817010\/#local-main-place-address","streetAddress":"cami antic de vic, 29 (Nave 3), Pol\u00edgono Industrial Congost","addressLocality":"CORRO D`AVALL","postalCode":"08520","addressRegion":"Barcelona","addressCountry":"ES"},{"@type":"ImageObject","inLanguage":"pt-PT","@id":"https:\/\/recambiosecogas.com\/pt-pt\/produto\/brc-sequent-pd24-mj11-centralita-de817010\/#local-main-organization-logo","url":"https:\/\/recambiosecogas.com\/wp-content\/uploads\/2024\/11\/cropped-RECAMBIOS-GLP-png.webp","contentUrl":"https:\/\/recambiosecogas.com\/wp-content\/uploads\/2024\/11\/cropped-RECAMBIOS-GLP-png.webp","width":512,"height":512,"caption":"Recambios EcoGas"}]},"product_brand":"BRC","product_price_amount":"359.78","product_price_currency":"EUR","og_availability":"backorder","product_availability":"available for order","product_retailer_item_id":"102303P","product_condition":"new","geo.placename":"CORRO D`AVALL","geo.region":"Espanha"},"uagb_featured_image_src":{"full":["https:\/\/recambiosecogas.com\/wp-content\/uploads\/2024\/11\/BRC-Sequent-PD24-MJ11-centralita-DE817010-2-png.webp",1000,1000,false],"thumbnail":["https:\/\/recambiosecogas.com\/wp-content\/uploads\/2024\/11\/BRC-Sequent-PD24-MJ11-centralita-DE817010-2-150x150.webp",150,150,true],"medium":["https:\/\/recambiosecogas.com\/wp-content\/uploads\/2024\/11\/BRC-Sequent-PD24-MJ11-centralita-DE817010-2-300x300.webp",300,300,true],"medium_large":["https:\/\/recambiosecogas.com\/wp-content\/uploads\/2024\/11\/BRC-Sequent-PD24-MJ11-centralita-DE817010-2-768x768.webp",768,768,true],"large":["https:\/\/recambiosecogas.com\/wp-content\/uploads\/2024\/11\/BRC-Sequent-PD24-MJ11-centralita-DE817010-2-png.webp",1000,1000,false],"1536x1536":["https:\/\/recambiosecogas.com\/wp-content\/uploads\/2024\/11\/BRC-Sequent-PD24-MJ11-centralita-DE817010-2-png.webp",1000,1000,false],"2048x2048":["https:\/\/recambiosecogas.com\/wp-content\/uploads\/2024\/11\/BRC-Sequent-PD24-MJ11-centralita-DE817010-2-png.webp",1000,1000,false],"woocommerce_archive_thumbnail":["https:\/\/recambiosecogas.com\/wp-content\/uploads\/2024\/11\/BRC-Sequent-PD24-MJ11-centralita-DE817010-2-png.webp",1000,1000,false],"woocommerce_thumbnail":["https:\/\/recambiosecogas.com\/wp-content\/uploads\/2024\/11\/BRC-Sequent-PD24-MJ11-centralita-DE817010-2-png-300x300.webp",300,300,true],"woocommerce_single":["https:\/\/recambiosecogas.com\/wp-content\/uploads\/2024\/11\/BRC-Sequent-PD24-MJ11-centralita-DE817010-2-png.webp",1000,1000,false],"woocommerce_gallery_thumbnail":["https:\/\/recambiosecogas.com\/wp-content\/uploads\/2024\/11\/BRC-Sequent-PD24-MJ11-centralita-DE817010-2-png.webp",1000,1000,false],"dgwt-wcas-product-suggestion":["https:\/\/recambiosecogas.com\/wp-content\/uploads\/2024\/11\/BRC-Sequent-PD24-MJ11-centralita-DE817010-2-png-64x64.webp",64,64,true]},"uagb_author_info":{"display_name":"Fran - Soporte T\u00e9cnico","author_link":"https:\/\/recambiosecogas.com\/pt-pt\/author\/"},"uagb_comment_info":0,"uagb_excerpt":"Unidad electr\u00f3nica BRC Sequent P&amp;D24 versi\u00f3n MJ11 referencia DE817010 para sistemas Autogas GLP.","_links":{"self":[{"href":"https:\/\/recambiosecogas.com\/pt-pt\/wp-json\/wp\/v2\/product\/7182","targetHints":{"allow":["GET"]}}],"collection":[{"href":"https:\/\/recambiosecogas.com\/pt-pt\/wp-json\/wp\/v2\/product"}],"about":[{"href":"https:\/\/recambiosecogas.com\/pt-pt\/wp-json\/wp\/v2\/types\/product"}],"replies":[{"embeddable":true,"href":"https:\/\/recambiosecogas.com\/pt-pt\/wp-json\/wp\/v2\/comments?post=7182"}],"wp:featuredmedia":[{"embeddable":true,"href":"https:\/\/recambiosecogas.com\/pt-pt\/wp-json\/wp\/v2\/media\/10299"}],"wp:attachment":[{"href":"https:\/\/recambiosecogas.com\/pt-pt\/wp-json\/wp\/v2\/media?parent=7182"}],"wp:term":[{"taxonomy":"product_brand","embeddable":true,"href":"https:\/\/recambiosecogas.com\/pt-pt\/wp-json\/wp\/v2\/product_brand?post=7182"},{"taxonomy":"product_cat","embeddable":true,"href":"https:\/\/recambiosecogas.com\/pt-pt\/wp-json\/wp\/v2\/product_cat?post=7182"},{"taxonomy":"product_tag","embeddable":true,"href":"https:\/\/recambiosecogas.com\/pt-pt\/wp-json\/wp\/v2\/product_tag?post=7182"}],"curies":[{"name":"wp","href":"https:\/\/api.w.org\/{rel}","templated":true}]}}