{"id":7179,"date":"2024-11-20T17:14:11","date_gmt":"2024-11-20T16:14:11","guid":{"rendered":"https:\/\/recambiosecogas.com\/producto\/brc-blitz-centralita\/"},"modified":"2026-03-30T15:44:16","modified_gmt":"2026-03-30T14:44:16","slug":"brc-blitz-centralita","status":"publish","type":"product","link":"https:\/\/recambiosecogas.com\/pt-pt\/produto\/brc-blitz-centralita\/","title":{"rendered":"BRC Blitz centralita"},"content":{"rendered":"<h1 data-start=\"149\" data-end=\"171\">BRC Blitz centralita<\/h1>\n<p data-start=\"173\" data-end=\"447\">La <strong data-start=\"176\" data-end=\"200\">BRC Blitz centralita<\/strong> es una unidad electr\u00f3nica dise\u00f1ada para la gesti\u00f3n de sistemas Autogas BRC de la plataforma Blitz. Esta ECU permite el control del sistema de gas en configuraciones compatibles, asegurando una correcta integraci\u00f3n con la electr\u00f3nica del veh\u00edculo.<\/p>\n<p data-start=\"449\" data-end=\"519\">Est\u00e1 destinada a aplicaciones espec\u00edficas BRC dentro de la gama Blitz.<\/p>\n<hr data-start=\"521\" data-end=\"524\" \/>\n<h2 data-start=\"526\" data-end=\"571\">ECU plataforma Blitz para sistemas Autogas<\/h2>\n<div class=\"TyagGW_tableContainer\">\n<div class=\"group TyagGW_tableWrapper flex flex-col-reverse w-fit\" tabindex=\"-1\">\n<table class=\"w-fit min-w-(--thread-content-width)\" data-start=\"573\" data-end=\"802\">\n<thead data-start=\"573\" data-end=\"601\">\n<tr data-start=\"573\" data-end=\"601\">\n<th class=\"\" data-start=\"573\" data-end=\"590\" data-col-size=\"sm\">Caracter\u00edstica<\/th>\n<th class=\"\" data-start=\"590\" data-end=\"601\" data-col-size=\"sm\">Detalle<\/th>\n<\/tr>\n<\/thead>\n<tbody data-start=\"631\" data-end=\"802\">\n<tr data-start=\"631\" data-end=\"674\">\n<td data-start=\"631\" data-end=\"642\" data-col-size=\"sm\">Producto<\/td>\n<td data-start=\"642\" data-end=\"674\" data-col-size=\"sm\">ECU \/ Centralita electr\u00f3nica<\/td>\n<\/tr>\n<tr data-start=\"675\" data-end=\"690\">\n<td data-start=\"675\" data-end=\"683\" data-col-size=\"sm\">Marca<\/td>\n<td data-start=\"683\" data-end=\"690\" data-col-size=\"sm\">BRC<\/td>\n<\/tr>\n<tr data-start=\"691\" data-end=\"709\">\n<td data-start=\"691\" data-end=\"700\" data-col-size=\"sm\">Modelo<\/td>\n<td data-start=\"700\" data-end=\"709\" data-col-size=\"sm\">Blitz<\/td>\n<\/tr>\n<tr data-start=\"710\" data-end=\"750\">\n<td data-start=\"710\" data-end=\"720\" data-col-size=\"sm\">Sistema<\/td>\n<td data-start=\"720\" data-end=\"750\" data-col-size=\"sm\">Gesti\u00f3n electr\u00f3nica de gas<\/td>\n<\/tr>\n<tr data-start=\"751\" data-end=\"772\">\n<td data-start=\"751\" data-end=\"765\" data-col-size=\"sm\">Combustible<\/td>\n<td data-start=\"765\" data-end=\"772\" data-col-size=\"sm\">GLP<\/td>\n<\/tr>\n<tr data-start=\"773\" data-end=\"802\">\n<td data-start=\"773\" data-end=\"787\" data-col-size=\"sm\">Instalaci\u00f3n<\/td>\n<td data-start=\"787\" data-end=\"802\" data-col-size=\"sm\">Profesional<\/td>\n<\/tr>\n<\/tbody>\n<\/table>\n<\/div>\n<\/div>\n<hr data-start=\"804\" data-end=\"807\" \/>\n<h2 data-start=\"809\" data-end=\"843\">Compatibilidad con sistemas BRC<\/h2>\n<p data-start=\"845\" data-end=\"935\">Compatible con instalaciones BRC Blitz configuradas seg\u00fan especificaciones del fabricante.<\/p>\n<p data-start=\"937\" data-end=\"1026\">Antes de la sustituci\u00f3n, verificar versi\u00f3n del sistema y conectores del equipo instalado.<\/p>\n<hr data-start=\"1028\" data-end=\"1031\" \/>\n<h2 data-start=\"1033\" data-end=\"1053\">Ventajas t\u00e9cnicas<\/h2>\n<ul data-start=\"1055\" data-end=\"1219\">\n<li data-start=\"1055\" data-end=\"1087\">\n<p data-start=\"1057\" data-end=\"1087\">Plataforma electr\u00f3nica Blitz<\/p>\n<\/li>\n<li data-start=\"1088\" data-end=\"1111\">\n<p data-start=\"1090\" data-end=\"1111\">Unidad original BRC<\/p>\n<\/li>\n<li data-start=\"1112\" data-end=\"1148\">\n<p data-start=\"1114\" data-end=\"1148\">Integraci\u00f3n con sistemas Autogas<\/p>\n<\/li>\n<li data-start=\"1149\" data-end=\"1188\">\n<p data-start=\"1151\" data-end=\"1188\">Recambio t\u00e9cnico para mantenimiento<\/p>\n<\/li>\n<li data-start=\"1189\" data-end=\"1219\">\n<p data-start=\"1191\" data-end=\"1219\">Aplicaci\u00f3n en sistemas GLP<\/p>\n<\/li>\n<\/ul>\n<hr data-start=\"1221\" data-end=\"1224\" \/>\n<h2 data-start=\"1226\" data-end=\"1232\">FAQ<\/h2>\n<p data-start=\"1234\" data-end=\"1351\"><strong data-start=\"1234\" data-end=\"1269\">\u00bfPara qu\u00e9 sirve esta ECU Blitz?<\/strong><br data-start=\"1269\" data-end=\"1272\" \/>Gestiona el funcionamiento del sistema de gas en instalaciones BRC compatibles.<\/p>\n<p data-start=\"1353\" data-end=\"1460\"><strong data-start=\"1353\" data-end=\"1395\">\u00bfEs v\u00e1lida para otras plataformas BRC?<\/strong><br data-start=\"1395\" data-end=\"1398\" \/>Debe verificarse la compatibilidad seg\u00fan la versi\u00f3n instalada.<\/p>\n<p data-start=\"1462\" data-end=\"1515\"><strong data-start=\"1462\" data-end=\"1484\">\u00bfFunciona con GLP?<\/strong><br data-start=\"1484\" data-end=\"1487\" \/>S\u00ed, en sistemas Autogas BRC.<\/p>\n<p data-start=\"1517\" data-end=\"1608\"><strong data-start=\"1517\" data-end=\"1544\">\u00bfRequiere programaci\u00f3n?<\/strong><br data-start=\"1544\" data-end=\"1547\" \/>S\u00ed, debe instalarse y configurarse por t\u00e9cnico especializado.<\/p>\n<p>La BRC Blitz centralita es fundamental para garantizar un rendimiento \u00f3ptimo en sistemas Autogas. Al utilizar esta ECU, los usuarios pueden disfrutar de una gesti\u00f3n precisa del gas GLP, lo que se traduce en una mayor eficiencia y menores emisiones. Ideal para quienes buscan un recambio t\u00e9cnico que asegure la integraci\u00f3n perfecta con la electr\u00f3nica del veh\u00edculo, esta centralita es una soluci\u00f3n confiable para mantener el sistema de Autogas en condiciones \u00f3ptimas.<\/p>\n","protected":false},"excerpt":{"rendered":"<p data-start=\"1985\" data-end=\"2040\">Unidad electr\u00f3nica BRC Blitz para sistemas Autogas GLP.<\/p>\n","protected":false},"featured_media":10305,"comment_status":"closed","ping_status":"closed","template":"","meta":{"googlesitekit_rrm_CAowud7EDA:productID":"","_uag_custom_page_level_css":""},"product_brand":[979],"product_cat":[37,480,297],"product_tag":[],"class_list":{"0":"post-7179","1":"product","2":"type-product","3":"status-publish","4":"has-post-thumbnail","6":"product_brand-brc-mtm-glp","7":"product_cat-brc","8":"product_cat-centralitas-electronicas","9":"product_cat-electronica","11":"first","12":"onbackorder","13":"taxable","14":"shipping-taxable","15":"purchasable","16":"product-type-simple"},"ct_brands":[{"id":979,"name":"BRC","slug":"brc-mtm-glp"}],"yoast_head":"<!-- This site is optimized with the Yoast SEO Premium plugin v27.4 (Yoast SEO v27.4) - https:\/\/yoast.com\/product\/yoast-seo-premium-wordpress\/ -->\n<title>BRC Blitz centralita para sistemas Autogas | Recambios Ecogas<\/title>\n<meta name=\"description\" content=\"Centralita BRC Blitz para gesti\u00f3n de sistemas Autogas GLP. Asegura un control eficiente y una integraci\u00f3n perfecta con la electr\u00f3nica del veh\u00edculo.\" \/>\n<meta name=\"robots\" content=\"index, follow, max-snippet:-1, max-image-preview:large, max-video-preview:-1\" \/>\n<link rel=\"canonical\" href=\"https:\/\/recambiosecogas.com\/pt-pt\/produto\/brc-blitz-centralita\/\" \/>\n<meta property=\"og:locale\" content=\"pt_PT\" \/>\n<meta property=\"og:type\" content=\"article\" \/>\n<meta property=\"og:title\" content=\"BRC Blitz centralita\" \/>\n<meta property=\"og:description\" content=\"Centralita BRC Blitz para gesti\u00f3n de sistemas Autogas GLP. Asegura un control eficiente y una integraci\u00f3n perfecta con la electr\u00f3nica del veh\u00edculo.\" \/>\n<meta property=\"og:url\" content=\"https:\/\/recambiosecogas.com\/pt-pt\/produto\/brc-blitz-centralita\/\" \/>\n<meta property=\"og:site_name\" content=\"Recambios EcoGas\" \/>\n<meta property=\"article:publisher\" content=\"https:\/\/www.facebook.com\/profile.php?id=100062419705358\" \/>\n<meta property=\"article:modified_time\" content=\"2026-03-30T14:44:16+00:00\" \/>\n<meta property=\"og:image\" content=\"https:\/\/recambiosecogas.com\/wp-content\/uploads\/2024\/11\/BRC-Blitz-centralita-png.webp\" \/>\n\t<meta property=\"og:image:width\" content=\"1000\" \/>\n\t<meta property=\"og:image:height\" content=\"1000\" \/>\n\t<meta property=\"og:image:type\" content=\"image\/png\" \/>\n<meta name=\"twitter:card\" content=\"summary_large_image\" \/>\n<meta name=\"twitter:label1\" content=\"pre\u00e7o\" \/>\n\t<meta name=\"twitter:data1\" content=\"237,74&nbsp;&euro; (Sin IVA: 196,48&nbsp;&euro;)\" \/>\n\t<meta name=\"twitter:label2\" content=\"Disponibilidade\" \/>\n\t<meta name=\"twitter:data2\" content=\"Por encomenda\" \/>\n<script type=\"application\/ld+json\" class=\"yoast-schema-graph\">{\"@context\":\"https:\\\/\\\/schema.org\",\"@graph\":[{\"@type\":\"WebPage\",\"@id\":\"https:\\\/\\\/recambiosecogas.com\\\/pt-pt\\\/produto\\\/brc-blitz-centralita\\\/\",\"url\":\"https:\\\/\\\/recambiosecogas.com\\\/pt-pt\\\/produto\\\/brc-blitz-centralita\\\/\",\"name\":\"BRC Blitz centralita para sistemas Autogas | Recambios Ecogas\",\"isPartOf\":{\"@id\":\"https:\\\/\\\/recambiosecogas.com\\\/pt-pt\\\/#website\"},\"primaryImageOfPage\":{\"@id\":\"https:\\\/\\\/recambiosecogas.com\\\/pt-pt\\\/produto\\\/brc-blitz-centralita\\\/#primaryimage\"},\"image\":{\"@id\":\"https:\\\/\\\/recambiosecogas.com\\\/pt-pt\\\/produto\\\/brc-blitz-centralita\\\/#primaryimage\"},\"thumbnailUrl\":\"https:\\\/\\\/recambiosecogas.com\\\/wp-content\\\/uploads\\\/2024\\\/11\\\/BRC-Blitz-centralita-png.webp\",\"datePublished\":\"2024-11-20T16:14:11+00:00\",\"dateModified\":\"2026-03-30T14:44:16+00:00\",\"description\":\"Centralita BRC Blitz para gesti\u00f3n de sistemas Autogas GLP. Asegura un control eficiente y una integraci\u00f3n perfecta con la electr\u00f3nica del veh\u00edculo.\",\"breadcrumb\":{\"@id\":\"https:\\\/\\\/recambiosecogas.com\\\/pt-pt\\\/produto\\\/brc-blitz-centralita\\\/#breadcrumb\"},\"inLanguage\":\"pt-PT\",\"potentialAction\":[{\"@type\":\"ReadAction\",\"target\":[\"https:\\\/\\\/recambiosecogas.com\\\/pt-pt\\\/produto\\\/brc-blitz-centralita\\\/\"]}]},{\"@type\":\"ImageObject\",\"inLanguage\":\"pt-PT\",\"@id\":\"https:\\\/\\\/recambiosecogas.com\\\/pt-pt\\\/produto\\\/brc-blitz-centralita\\\/#primaryimage\",\"url\":\"https:\\\/\\\/recambiosecogas.com\\\/wp-content\\\/uploads\\\/2024\\\/11\\\/BRC-Blitz-centralita-png.webp\",\"contentUrl\":\"https:\\\/\\\/recambiosecogas.com\\\/wp-content\\\/uploads\\\/2024\\\/11\\\/BRC-Blitz-centralita-png.webp\",\"width\":1000,\"height\":1000},{\"@type\":\"BreadcrumbList\",\"@id\":\"https:\\\/\\\/recambiosecogas.com\\\/pt-pt\\\/produto\\\/brc-blitz-centralita\\\/#breadcrumb\",\"itemListElement\":[{\"@type\":\"ListItem\",\"position\":1,\"name\":\"P\u00e1gina inicial\",\"item\":\"https:\\\/\\\/recambiosecogas.com\\\/pt-pt\\\/\"},{\"@type\":\"ListItem\",\"position\":2,\"name\":\"Loja\",\"item\":\"https:\\\/\\\/recambiosecogas.com\\\/pt-pt\\\/tienda\\\/\"},{\"@type\":\"ListItem\",\"position\":3,\"name\":\"BRC Blitz centralita\"}]},{\"@type\":\"WebSite\",\"@id\":\"https:\\\/\\\/recambiosecogas.com\\\/pt-pt\\\/#website\",\"url\":\"https:\\\/\\\/recambiosecogas.com\\\/pt-pt\\\/\",\"name\":\"Recambios EcoGas\",\"description\":\"Pe\u00e7as multimarca para sistemas de GPL\\\/GNC\\\/GNL\\\/Hidrog\u00e9nio\",\"publisher\":{\"@id\":\"https:\\\/\\\/recambiosecogas.com\\\/pt-pt\\\/#organization\"},\"alternateName\":\"Recambios Autogas GLP\",\"potentialAction\":[{\"@type\":\"SearchAction\",\"target\":{\"@type\":\"EntryPoint\",\"urlTemplate\":\"https:\\\/\\\/recambiosecogas.com\\\/pt-pt\\\/?s={search_term_string}\"},\"query-input\":{\"@type\":\"PropertyValueSpecification\",\"valueRequired\":true,\"valueName\":\"search_term_string\"}}],\"inLanguage\":\"pt-PT\"},{\"@type\":[\"Organization\",\"Place\"],\"@id\":\"https:\\\/\\\/recambiosecogas.com\\\/pt-pt\\\/#organization\",\"name\":\"Recambios EcoGas\",\"alternateName\":\"Loja de GPL Autog\u00e1s Espanha\",\"url\":\"https:\\\/\\\/recambiosecogas.com\\\/pt-pt\\\/\",\"logo\":{\"@id\":\"https:\\\/\\\/recambiosecogas.com\\\/pt-pt\\\/produto\\\/brc-blitz-centralita\\\/#local-main-organization-logo\"},\"image\":{\"@id\":\"https:\\\/\\\/recambiosecogas.com\\\/pt-pt\\\/produto\\\/brc-blitz-centralita\\\/#local-main-organization-logo\"},\"sameAs\":[\"https:\\\/\\\/www.facebook.com\\\/profile.php?id=100062419705358\",\"https:\\\/\\\/www.instagram.com\\\/segimon_automocio\"],\"description\":\"Recambios EcoGas \u2013 Venta y distribuci\u00f3n de sistemas GLP y GNC en Espa\u00f1a y Portugal. Env\u00edos 24 h, soporte t\u00e9cnico a talleres y distribuidores.\",\"hasMerchantReturnPolicy\":{\"@type\":\"MerchantReturnPolicy\",\"merchantReturnLink\":\"https:\\\/\\\/recambiosecogas.com\\\/politicas-privacidad\\\/\"},\"address\":{\"@id\":\"https:\\\/\\\/recambiosecogas.com\\\/pt-pt\\\/produto\\\/brc-blitz-centralita\\\/#local-main-place-address\"},\"telephone\":[\"616250633\"],\"contactPoint\":{\"@type\":\"ContactPoint\",\"email\":\"export@recambiosecogas.com\"},\"openingHoursSpecification\":[{\"@type\":\"OpeningHoursSpecification\",\"dayOfWeek\":[\"Monday\",\"Tuesday\",\"Wednesday\",\"Thursday\",\"Friday\",\"Saturday\",\"Sunday\"],\"opens\":\"09:00\",\"closes\":\"17:00\"}],\"email\":\"info@recambiosecogas.com\",\"faxNumber\":\"SEGIMON AUTOMOCION SL\",\"vatID\":\"ESB19819861\",\"globalLocationNumber\":\"938 616 339\"},{\"@type\":\"PostalAddress\",\"@id\":\"https:\\\/\\\/recambiosecogas.com\\\/pt-pt\\\/produto\\\/brc-blitz-centralita\\\/#local-main-place-address\",\"streetAddress\":\"cami antic de vic, 29 (Nave 3), Pol\u00edgono Industrial Congost\",\"addressLocality\":\"CORRO D`AVALL\",\"postalCode\":\"08520\",\"addressRegion\":\"Barcelona\",\"addressCountry\":\"ES\"},{\"@type\":\"ImageObject\",\"inLanguage\":\"pt-PT\",\"@id\":\"https:\\\/\\\/recambiosecogas.com\\\/pt-pt\\\/produto\\\/brc-blitz-centralita\\\/#local-main-organization-logo\",\"url\":\"https:\\\/\\\/recambiosecogas.com\\\/wp-content\\\/uploads\\\/2024\\\/11\\\/cropped-RECAMBIOS-GLP-png.webp\",\"contentUrl\":\"https:\\\/\\\/recambiosecogas.com\\\/wp-content\\\/uploads\\\/2024\\\/11\\\/cropped-RECAMBIOS-GLP-png.webp\",\"width\":512,\"height\":512,\"caption\":\"Recambios EcoGas\"}]}<\/script>\n<meta property=\"product:brand\" content=\"BRC\" \/>\n<meta property=\"product:price:amount\" content=\"237.74\" \/>\n<meta property=\"product:price:currency\" content=\"EUR\" \/>\n<meta property=\"og:availability\" content=\"backorder\" \/>\n<meta property=\"product:availability\" content=\"available for order\" \/>\n<meta property=\"product:retailer_item_id\" content=\"100418P\" \/>\n<meta property=\"product:condition\" content=\"new\" \/>\n<meta name=\"geo.placename\" content=\"CORRO D`AVALL\" \/>\n<meta name=\"geo.region\" content=\"Espanha\" \/>\n<!-- \/ Yoast SEO Premium plugin. -->","yoast_head_json":{"title":"BRC Blitz centralita para sistemas Autogas | Recambios Ecogas","description":"Centralita BRC Blitz para gesti\u00f3n de sistemas Autogas GLP. Asegura un control eficiente y una integraci\u00f3n perfecta con la electr\u00f3nica del veh\u00edculo.","robots":{"index":"index","follow":"follow","max-snippet":"max-snippet:-1","max-image-preview":"max-image-preview:large","max-video-preview":"max-video-preview:-1"},"canonical":"https:\/\/recambiosecogas.com\/pt-pt\/produto\/brc-blitz-centralita\/","og_locale":"pt_PT","og_type":"article","og_title":"BRC Blitz centralita","og_description":"Centralita BRC Blitz para gesti\u00f3n de sistemas Autogas GLP. Asegura un control eficiente y una integraci\u00f3n perfecta con la electr\u00f3nica del veh\u00edculo.","og_url":"https:\/\/recambiosecogas.com\/pt-pt\/produto\/brc-blitz-centralita\/","og_site_name":"Recambios EcoGas","article_publisher":"https:\/\/www.facebook.com\/profile.php?id=100062419705358","article_modified_time":"2026-03-30T14:44:16+00:00","og_image":[{"width":1000,"height":1000,"url":"https:\/\/recambiosecogas.com\/wp-content\/uploads\/2024\/11\/BRC-Blitz-centralita-png.webp","type":"image\/png"}],"twitter_card":"summary_large_image","twitter_misc":{"pre\u00e7o":"237,74&nbsp;&euro; (Sin IVA: 196,48&nbsp;&euro;)","Disponibilidade":"Por encomenda"},"schema":{"@context":"https:\/\/schema.org","@graph":[{"@type":"WebPage","@id":"https:\/\/recambiosecogas.com\/pt-pt\/produto\/brc-blitz-centralita\/","url":"https:\/\/recambiosecogas.com\/pt-pt\/produto\/brc-blitz-centralita\/","name":"BRC Blitz centralita para sistemas Autogas | Recambios Ecogas","isPartOf":{"@id":"https:\/\/recambiosecogas.com\/pt-pt\/#website"},"primaryImageOfPage":{"@id":"https:\/\/recambiosecogas.com\/pt-pt\/produto\/brc-blitz-centralita\/#primaryimage"},"image":{"@id":"https:\/\/recambiosecogas.com\/pt-pt\/produto\/brc-blitz-centralita\/#primaryimage"},"thumbnailUrl":"https:\/\/recambiosecogas.com\/wp-content\/uploads\/2024\/11\/BRC-Blitz-centralita-png.webp","datePublished":"2024-11-20T16:14:11+00:00","dateModified":"2026-03-30T14:44:16+00:00","description":"Centralita BRC Blitz para gesti\u00f3n de sistemas Autogas GLP. Asegura un control eficiente y una integraci\u00f3n perfecta con la electr\u00f3nica del veh\u00edculo.","breadcrumb":{"@id":"https:\/\/recambiosecogas.com\/pt-pt\/produto\/brc-blitz-centralita\/#breadcrumb"},"inLanguage":"pt-PT","potentialAction":[{"@type":"ReadAction","target":["https:\/\/recambiosecogas.com\/pt-pt\/produto\/brc-blitz-centralita\/"]}]},{"@type":"ImageObject","inLanguage":"pt-PT","@id":"https:\/\/recambiosecogas.com\/pt-pt\/produto\/brc-blitz-centralita\/#primaryimage","url":"https:\/\/recambiosecogas.com\/wp-content\/uploads\/2024\/11\/BRC-Blitz-centralita-png.webp","contentUrl":"https:\/\/recambiosecogas.com\/wp-content\/uploads\/2024\/11\/BRC-Blitz-centralita-png.webp","width":1000,"height":1000},{"@type":"BreadcrumbList","@id":"https:\/\/recambiosecogas.com\/pt-pt\/produto\/brc-blitz-centralita\/#breadcrumb","itemListElement":[{"@type":"ListItem","position":1,"name":"P\u00e1gina inicial","item":"https:\/\/recambiosecogas.com\/pt-pt\/"},{"@type":"ListItem","position":2,"name":"Loja","item":"https:\/\/recambiosecogas.com\/pt-pt\/tienda\/"},{"@type":"ListItem","position":3,"name":"BRC Blitz centralita"}]},{"@type":"WebSite","@id":"https:\/\/recambiosecogas.com\/pt-pt\/#website","url":"https:\/\/recambiosecogas.com\/pt-pt\/","name":"Recambios EcoGas","description":"Pe\u00e7as multimarca para sistemas de GPL\/GNC\/GNL\/Hidrog\u00e9nio","publisher":{"@id":"https:\/\/recambiosecogas.com\/pt-pt\/#organization"},"alternateName":"Recambios Autogas GLP","potentialAction":[{"@type":"SearchAction","target":{"@type":"EntryPoint","urlTemplate":"https:\/\/recambiosecogas.com\/pt-pt\/?s={search_term_string}"},"query-input":{"@type":"PropertyValueSpecification","valueRequired":true,"valueName":"search_term_string"}}],"inLanguage":"pt-PT"},{"@type":["Organization","Place"],"@id":"https:\/\/recambiosecogas.com\/pt-pt\/#organization","name":"Recambios EcoGas","alternateName":"Loja de GPL Autog\u00e1s Espanha","url":"https:\/\/recambiosecogas.com\/pt-pt\/","logo":{"@id":"https:\/\/recambiosecogas.com\/pt-pt\/produto\/brc-blitz-centralita\/#local-main-organization-logo"},"image":{"@id":"https:\/\/recambiosecogas.com\/pt-pt\/produto\/brc-blitz-centralita\/#local-main-organization-logo"},"sameAs":["https:\/\/www.facebook.com\/profile.php?id=100062419705358","https:\/\/www.instagram.com\/segimon_automocio"],"description":"Recambios EcoGas \u2013 Venta y distribuci\u00f3n de sistemas GLP y GNC en Espa\u00f1a y Portugal. Env\u00edos 24 h, soporte t\u00e9cnico a talleres y distribuidores.","hasMerchantReturnPolicy":{"@type":"MerchantReturnPolicy","merchantReturnLink":"https:\/\/recambiosecogas.com\/politicas-privacidad\/"},"address":{"@id":"https:\/\/recambiosecogas.com\/pt-pt\/produto\/brc-blitz-centralita\/#local-main-place-address"},"telephone":["616250633"],"contactPoint":{"@type":"ContactPoint","email":"export@recambiosecogas.com"},"openingHoursSpecification":[{"@type":"OpeningHoursSpecification","dayOfWeek":["Monday","Tuesday","Wednesday","Thursday","Friday","Saturday","Sunday"],"opens":"09:00","closes":"17:00"}],"email":"info@recambiosecogas.com","faxNumber":"SEGIMON AUTOMOCION SL","vatID":"ESB19819861","globalLocationNumber":"938 616 339"},{"@type":"PostalAddress","@id":"https:\/\/recambiosecogas.com\/pt-pt\/produto\/brc-blitz-centralita\/#local-main-place-address","streetAddress":"cami antic de vic, 29 (Nave 3), Pol\u00edgono Industrial Congost","addressLocality":"CORRO D`AVALL","postalCode":"08520","addressRegion":"Barcelona","addressCountry":"ES"},{"@type":"ImageObject","inLanguage":"pt-PT","@id":"https:\/\/recambiosecogas.com\/pt-pt\/produto\/brc-blitz-centralita\/#local-main-organization-logo","url":"https:\/\/recambiosecogas.com\/wp-content\/uploads\/2024\/11\/cropped-RECAMBIOS-GLP-png.webp","contentUrl":"https:\/\/recambiosecogas.com\/wp-content\/uploads\/2024\/11\/cropped-RECAMBIOS-GLP-png.webp","width":512,"height":512,"caption":"Recambios EcoGas"}]},"product_brand":"BRC","product_price_amount":"237.74","product_price_currency":"EUR","og_availability":"backorder","product_availability":"available for order","product_retailer_item_id":"100418P","product_condition":"new","geo.placename":"CORRO D`AVALL","geo.region":"Espanha"},"uagb_featured_image_src":{"full":["https:\/\/recambiosecogas.com\/wp-content\/uploads\/2024\/11\/BRC-Blitz-centralita-png.webp",1000,1000,false],"thumbnail":["https:\/\/recambiosecogas.com\/wp-content\/uploads\/2024\/11\/BRC-Blitz-centralita-150x150.webp",150,150,true],"medium":["https:\/\/recambiosecogas.com\/wp-content\/uploads\/2024\/11\/BRC-Blitz-centralita-300x300.webp",300,300,true],"medium_large":["https:\/\/recambiosecogas.com\/wp-content\/uploads\/2024\/11\/BRC-Blitz-centralita-768x768.webp",768,768,true],"large":["https:\/\/recambiosecogas.com\/wp-content\/uploads\/2024\/11\/BRC-Blitz-centralita-png.webp",1000,1000,false],"1536x1536":["https:\/\/recambiosecogas.com\/wp-content\/uploads\/2024\/11\/BRC-Blitz-centralita-png.webp",1000,1000,false],"2048x2048":["https:\/\/recambiosecogas.com\/wp-content\/uploads\/2024\/11\/BRC-Blitz-centralita-png.webp",1000,1000,false],"woocommerce_archive_thumbnail":["https:\/\/recambiosecogas.com\/wp-content\/uploads\/2024\/11\/BRC-Blitz-centralita-png.webp",1000,1000,false],"woocommerce_thumbnail":["https:\/\/recambiosecogas.com\/wp-content\/uploads\/2024\/11\/BRC-Blitz-centralita-png-300x300.webp",300,300,true],"woocommerce_single":["https:\/\/recambiosecogas.com\/wp-content\/uploads\/2024\/11\/BRC-Blitz-centralita-png.webp",1000,1000,false],"woocommerce_gallery_thumbnail":["https:\/\/recambiosecogas.com\/wp-content\/uploads\/2024\/11\/BRC-Blitz-centralita-png.webp",1000,1000,false],"dgwt-wcas-product-suggestion":["https:\/\/recambiosecogas.com\/wp-content\/uploads\/2024\/11\/BRC-Blitz-centralita-png-64x64.webp",64,64,true]},"uagb_author_info":{"display_name":"Fran - Soporte T\u00e9cnico","author_link":"https:\/\/recambiosecogas.com\/pt-pt\/author\/"},"uagb_comment_info":0,"uagb_excerpt":"Unidad electr\u00f3nica BRC Blitz para sistemas Autogas GLP.","_links":{"self":[{"href":"https:\/\/recambiosecogas.com\/pt-pt\/wp-json\/wp\/v2\/product\/7179","targetHints":{"allow":["GET"]}}],"collection":[{"href":"https:\/\/recambiosecogas.com\/pt-pt\/wp-json\/wp\/v2\/product"}],"about":[{"href":"https:\/\/recambiosecogas.com\/pt-pt\/wp-json\/wp\/v2\/types\/product"}],"replies":[{"embeddable":true,"href":"https:\/\/recambiosecogas.com\/pt-pt\/wp-json\/wp\/v2\/comments?post=7179"}],"wp:featuredmedia":[{"embeddable":true,"href":"https:\/\/recambiosecogas.com\/pt-pt\/wp-json\/wp\/v2\/media\/10305"}],"wp:attachment":[{"href":"https:\/\/recambiosecogas.com\/pt-pt\/wp-json\/wp\/v2\/media?parent=7179"}],"wp:term":[{"taxonomy":"product_brand","embeddable":true,"href":"https:\/\/recambiosecogas.com\/pt-pt\/wp-json\/wp\/v2\/product_brand?post=7179"},{"taxonomy":"product_cat","embeddable":true,"href":"https:\/\/recambiosecogas.com\/pt-pt\/wp-json\/wp\/v2\/product_cat?post=7179"},{"taxonomy":"product_tag","embeddable":true,"href":"https:\/\/recambiosecogas.com\/pt-pt\/wp-json\/wp\/v2\/product_tag?post=7179"}],"curies":[{"name":"wp","href":"https:\/\/api.w.org\/{rel}","templated":true}]}}