{"id":6799,"date":"2024-11-18T08:57:21","date_gmt":"2024-11-18T08:57:21","guid":{"rendered":"https:\/\/recambiosecogas.com\/producto\/weh-boquilla-de-suministro-gnc-tn-1-para-conexion-de-tuberias-o8mm\/"},"modified":"2026-03-18T11:06:10","modified_gmt":"2026-03-18T10:06:10","slug":"weh-boquilla-de-suministro-gnc-tn-1-para-conexion-de-tuberias-o8mm","status":"publish","type":"product","link":"https:\/\/recambiosecogas.com\/pt-pt\/produto\/weh-boquilla-de-suministro-gnc-tn-1-para-conexion-de-tuberias-o8mm\/","title":{"rendered":"WEH boquilla de suministro GNC TN-1 para conexi\u00f3n de tuber\u00edas \u00d88mm"},"content":{"rendered":"<p>WEH TN1 boquilla de tanque de GNC para la conexi\u00f3n de la tuber\u00eda \u00d88mm.<\/p>\n<p>&#8211; incl. piezas de conexi\u00f3n de tornillo para la conexi\u00f3n de tuber\u00edas \u00d81\/4&#8243;.<br \/>\n&#8211; Etapas de presi\u00f3n: PN200 bar, PS260 bar y PT390 bar<br \/>\n&#8211; Medio\/temperatura: gas natural GNC -40\u00b0C a +120\u00b0C<br \/>\n&#8211; incluyendo el filtro integrado tipo TSF1 de<br \/>\n40 micras y una tapa protectora<br \/>\n&#8211; Dise\u00f1o: todas las piezas son resistentes a la oxidaci\u00f3n, con juntas resistentes al gas natural<br \/>\n&#8211; seg\u00fan la homologaci\u00f3n ECE E1-110R-000001<br \/>\nas\u00ed como el \u00edndice de presi\u00f3n B200B seg\u00fan la norma ISO 14469-1<\/p>\n","protected":false},"excerpt":{"rendered":"<p>WEH boquilla de suministro GNC TN-1 para conexi\u00f3n de tuber\u00edas \u00d88mm<\/p>\n","protected":false},"featured_media":41502,"comment_status":"closed","ping_status":"closed","template":"","meta":{"googlesitekit_rrm_CAowud7EDA:productID":"","_uag_custom_page_level_css":""},"product_brand":[613],"product_cat":[331,328,126],"product_tag":[],"class_list":{"0":"post-6799","1":"product","2":"type-product","3":"status-publish","4":"has-post-thumbnail","6":"product_brand-weh","7":"product_cat-llenado-de-gnc","8":"product_cat-repostar","9":"product_cat-weh","11":"first","12":"onbackorder","13":"taxable","14":"shipping-taxable","15":"purchasable","16":"product-type-simple"},"ct_brands":[{"id":613,"name":"WEH","slug":"weh"}],"yoast_head":"<!-- This site is optimized with the Yoast SEO Premium plugin v27.3 (Yoast SEO v27.3) - https:\/\/yoast.com\/product\/yoast-seo-premium-wordpress\/ -->\n<title>Boquilla GNC TN-1 \u00d88mm | Recambios Ecogas<\/title>\n<meta name=\"description\" content=\"Boquilla de suministro GNC TN-1 para conexi\u00f3n de tuber\u00edas \u00d88mm. Incluye piezas de conexi\u00f3n y filtro integrado.\" \/>\n<meta name=\"robots\" content=\"index, follow, max-snippet:-1, max-image-preview:large, max-video-preview:-1\" \/>\n<link rel=\"canonical\" href=\"https:\/\/recambiosecogas.com\/pt-pt\/produto\/weh-boquilla-de-suministro-gnc-tn-1-para-conexion-de-tuberias-o8mm\/\" \/>\n<meta property=\"og:locale\" content=\"pt_PT\" \/>\n<meta property=\"og:type\" content=\"article\" \/>\n<meta property=\"og:title\" content=\"WEH boquilla de suministro GNC TN-1 para conexi\u00f3n de tuber\u00edas \u00d88mm\" \/>\n<meta property=\"og:description\" content=\"Boquilla de suministro GNC TN-1 para conexi\u00f3n de tuber\u00edas \u00d88mm. Incluye piezas de conexi\u00f3n y filtro integrado.\" \/>\n<meta property=\"og:url\" content=\"https:\/\/recambiosecogas.com\/pt-pt\/produto\/weh-boquilla-de-suministro-gnc-tn-1-para-conexion-de-tuberias-o8mm\/\" \/>\n<meta property=\"og:site_name\" content=\"Recambios EcoGas\" \/>\n<meta property=\"article:publisher\" content=\"https:\/\/www.facebook.com\/profile.php?id=100062419705358\" \/>\n<meta property=\"article:modified_time\" content=\"2026-03-18T10:06:10+00:00\" \/>\n<meta property=\"og:image\" content=\"https:\/\/recambiosecogas.com\/wp-content\/uploads\/2024\/11\/weh-boquilla-de-suministro-gnc-tn-1-para-conexion-de-tuberias-o8mm.webp\" \/>\n\t<meta property=\"og:image:width\" content=\"1000\" \/>\n\t<meta property=\"og:image:height\" content=\"1000\" \/>\n\t<meta property=\"og:image:type\" content=\"image\/png\" \/>\n<meta name=\"twitter:card\" content=\"summary_large_image\" \/>\n<meta name=\"twitter:label1\" content=\"pre\u00e7o\" \/>\n\t<meta name=\"twitter:data1\" content=\"314,34&nbsp;&euro; (IVA incl.: 380,35&nbsp;&euro;)\" \/>\n\t<meta name=\"twitter:label2\" content=\"Disponibilidade\" \/>\n\t<meta name=\"twitter:data2\" content=\"Por encomenda\" \/>\n<script type=\"application\/ld+json\" class=\"yoast-schema-graph\">{\"@context\":\"https:\\\/\\\/schema.org\",\"@graph\":[{\"@type\":\"WebPage\",\"@id\":\"https:\\\/\\\/recambiosecogas.com\\\/pt-pt\\\/produto\\\/weh-boquilla-de-suministro-gnc-tn-1-para-conexion-de-tuberias-o8mm\\\/\",\"url\":\"https:\\\/\\\/recambiosecogas.com\\\/pt-pt\\\/produto\\\/weh-boquilla-de-suministro-gnc-tn-1-para-conexion-de-tuberias-o8mm\\\/\",\"name\":\"Boquilla GNC TN-1 \u00d88mm | Recambios Ecogas\",\"isPartOf\":{\"@id\":\"https:\\\/\\\/recambiosecogas.com\\\/pt-pt\\\/#website\"},\"primaryImageOfPage\":{\"@id\":\"https:\\\/\\\/recambiosecogas.com\\\/pt-pt\\\/produto\\\/weh-boquilla-de-suministro-gnc-tn-1-para-conexion-de-tuberias-o8mm\\\/#primaryimage\"},\"image\":{\"@id\":\"https:\\\/\\\/recambiosecogas.com\\\/pt-pt\\\/produto\\\/weh-boquilla-de-suministro-gnc-tn-1-para-conexion-de-tuberias-o8mm\\\/#primaryimage\"},\"thumbnailUrl\":\"https:\\\/\\\/recambiosecogas.com\\\/wp-content\\\/uploads\\\/2024\\\/11\\\/weh-boquilla-de-suministro-gnc-tn-1-para-conexion-de-tuberias-o8mm.webp\",\"datePublished\":\"2024-11-18T08:57:21+00:00\",\"dateModified\":\"2026-03-18T10:06:10+00:00\",\"description\":\"Boquilla de suministro GNC TN-1 para conexi\u00f3n de tuber\u00edas \u00d88mm. Incluye piezas de conexi\u00f3n y filtro integrado.\",\"breadcrumb\":{\"@id\":\"https:\\\/\\\/recambiosecogas.com\\\/pt-pt\\\/produto\\\/weh-boquilla-de-suministro-gnc-tn-1-para-conexion-de-tuberias-o8mm\\\/#breadcrumb\"},\"inLanguage\":\"pt-PT\",\"potentialAction\":[{\"@type\":\"ReadAction\",\"target\":[\"https:\\\/\\\/recambiosecogas.com\\\/pt-pt\\\/produto\\\/weh-boquilla-de-suministro-gnc-tn-1-para-conexion-de-tuberias-o8mm\\\/\"]}]},{\"@type\":\"ImageObject\",\"inLanguage\":\"pt-PT\",\"@id\":\"https:\\\/\\\/recambiosecogas.com\\\/pt-pt\\\/produto\\\/weh-boquilla-de-suministro-gnc-tn-1-para-conexion-de-tuberias-o8mm\\\/#primaryimage\",\"url\":\"https:\\\/\\\/recambiosecogas.com\\\/wp-content\\\/uploads\\\/2024\\\/11\\\/weh-boquilla-de-suministro-gnc-tn-1-para-conexion-de-tuberias-o8mm.webp\",\"contentUrl\":\"https:\\\/\\\/recambiosecogas.com\\\/wp-content\\\/uploads\\\/2024\\\/11\\\/weh-boquilla-de-suministro-gnc-tn-1-para-conexion-de-tuberias-o8mm.webp\",\"width\":1000,\"height\":1000},{\"@type\":\"BreadcrumbList\",\"@id\":\"https:\\\/\\\/recambiosecogas.com\\\/pt-pt\\\/produto\\\/weh-boquilla-de-suministro-gnc-tn-1-para-conexion-de-tuberias-o8mm\\\/#breadcrumb\",\"itemListElement\":[{\"@type\":\"ListItem\",\"position\":1,\"name\":\"P\u00e1gina inicial\",\"item\":\"https:\\\/\\\/recambiosecogas.com\\\/pt-pt\\\/\"},{\"@type\":\"ListItem\",\"position\":2,\"name\":\"Loja\",\"item\":\"https:\\\/\\\/recambiosecogas.com\\\/pt-pt\\\/tienda\\\/\"},{\"@type\":\"ListItem\",\"position\":3,\"name\":\"WEH boquilla de suministro GNC TN-1 para conexi\u00f3n de tuber\u00edas \u00d88mm\"}]},{\"@type\":\"WebSite\",\"@id\":\"https:\\\/\\\/recambiosecogas.com\\\/pt-pt\\\/#website\",\"url\":\"https:\\\/\\\/recambiosecogas.com\\\/pt-pt\\\/\",\"name\":\"Recambios EcoGas\",\"description\":\"Pe\u00e7as multimarca para sistemas de GPL\\\/GNC\\\/GNL\\\/Hidrog\u00e9nio\",\"publisher\":{\"@id\":\"https:\\\/\\\/recambiosecogas.com\\\/pt-pt\\\/#organization\"},\"alternateName\":\"Recambios Autogas GLP\",\"potentialAction\":[{\"@type\":\"SearchAction\",\"target\":{\"@type\":\"EntryPoint\",\"urlTemplate\":\"https:\\\/\\\/recambiosecogas.com\\\/pt-pt\\\/?s={search_term_string}\"},\"query-input\":{\"@type\":\"PropertyValueSpecification\",\"valueRequired\":true,\"valueName\":\"search_term_string\"}}],\"inLanguage\":\"pt-PT\"},{\"@type\":[\"Organization\",\"Place\"],\"@id\":\"https:\\\/\\\/recambiosecogas.com\\\/pt-pt\\\/#organization\",\"name\":\"Recambios EcoGas\",\"alternateName\":\"Loja de GPL Autog\u00e1s Espanha\",\"url\":\"https:\\\/\\\/recambiosecogas.com\\\/pt-pt\\\/\",\"logo\":{\"@id\":\"https:\\\/\\\/recambiosecogas.com\\\/pt-pt\\\/produto\\\/weh-boquilla-de-suministro-gnc-tn-1-para-conexion-de-tuberias-o8mm\\\/#local-main-organization-logo\"},\"image\":{\"@id\":\"https:\\\/\\\/recambiosecogas.com\\\/pt-pt\\\/produto\\\/weh-boquilla-de-suministro-gnc-tn-1-para-conexion-de-tuberias-o8mm\\\/#local-main-organization-logo\"},\"sameAs\":[\"https:\\\/\\\/www.facebook.com\\\/profile.php?id=100062419705358\",\"https:\\\/\\\/www.instagram.com\\\/segimon_automocio\"],\"description\":\"Recambios EcoGas \u2013 Venta y distribuci\u00f3n de sistemas GLP y GNC en Espa\u00f1a y Portugal. Env\u00edos 24 h, soporte t\u00e9cnico a talleres y distribuidores.\",\"hasMerchantReturnPolicy\":{\"@type\":\"MerchantReturnPolicy\",\"merchantReturnLink\":\"https:\\\/\\\/recambiosecogas.com\\\/politicas-privacidad\\\/\"},\"address\":{\"@id\":\"https:\\\/\\\/recambiosecogas.com\\\/pt-pt\\\/produto\\\/weh-boquilla-de-suministro-gnc-tn-1-para-conexion-de-tuberias-o8mm\\\/#local-main-place-address\"},\"telephone\":[\"616250633\"],\"contactPoint\":{\"@type\":\"ContactPoint\",\"email\":\"export@recambiosecogas.com\"},\"openingHoursSpecification\":[{\"@type\":\"OpeningHoursSpecification\",\"dayOfWeek\":[\"Monday\",\"Tuesday\",\"Wednesday\",\"Thursday\",\"Friday\",\"Saturday\",\"Sunday\"],\"opens\":\"09:00\",\"closes\":\"17:00\"}],\"email\":\"info@recambiosecogas.com\",\"faxNumber\":\"SEGIMON AUTOMOCION SL\",\"vatID\":\"ESB19819861\",\"globalLocationNumber\":\"938 616 339\"},{\"@type\":\"PostalAddress\",\"@id\":\"https:\\\/\\\/recambiosecogas.com\\\/pt-pt\\\/produto\\\/weh-boquilla-de-suministro-gnc-tn-1-para-conexion-de-tuberias-o8mm\\\/#local-main-place-address\",\"streetAddress\":\"cami antic de vic, 29 (Nave 3), Pol\u00edgono Industrial Congost\",\"addressLocality\":\"CORRO D`AVALL\",\"postalCode\":\"08520\",\"addressRegion\":\"Barcelona\",\"addressCountry\":\"ES\"},{\"@type\":\"ImageObject\",\"inLanguage\":\"pt-PT\",\"@id\":\"https:\\\/\\\/recambiosecogas.com\\\/pt-pt\\\/produto\\\/weh-boquilla-de-suministro-gnc-tn-1-para-conexion-de-tuberias-o8mm\\\/#local-main-organization-logo\",\"url\":\"https:\\\/\\\/recambiosecogas.com\\\/wp-content\\\/uploads\\\/2024\\\/11\\\/cropped-RECAMBIOS-GLP-png.webp\",\"contentUrl\":\"https:\\\/\\\/recambiosecogas.com\\\/wp-content\\\/uploads\\\/2024\\\/11\\\/cropped-RECAMBIOS-GLP-png.webp\",\"width\":512,\"height\":512,\"caption\":\"Recambios EcoGas\"}]}<\/script>\n<meta property=\"product:brand\" content=\"WEH\" \/>\n<meta property=\"product:price:amount\" content=\"314.34\" \/>\n<meta property=\"product:price:currency\" content=\"EUR\" \/>\n<meta property=\"og:availability\" content=\"backorder\" \/>\n<meta property=\"product:availability\" content=\"available for order\" \/>\n<meta property=\"product:retailer_item_id\" content=\"112638A\" \/>\n<meta property=\"product:condition\" content=\"new\" \/>\n<meta name=\"geo.placename\" content=\"CORRO D`AVALL\" \/>\n<meta name=\"geo.region\" content=\"Espanha\" \/>\n<!-- \/ Yoast SEO Premium plugin. -->","yoast_head_json":{"title":"Boquilla GNC TN-1 \u00d88mm | Recambios Ecogas","description":"Boquilla de suministro GNC TN-1 para conexi\u00f3n de tuber\u00edas \u00d88mm. Incluye piezas de conexi\u00f3n y filtro integrado.","robots":{"index":"index","follow":"follow","max-snippet":"max-snippet:-1","max-image-preview":"max-image-preview:large","max-video-preview":"max-video-preview:-1"},"canonical":"https:\/\/recambiosecogas.com\/pt-pt\/produto\/weh-boquilla-de-suministro-gnc-tn-1-para-conexion-de-tuberias-o8mm\/","og_locale":"pt_PT","og_type":"article","og_title":"WEH boquilla de suministro GNC TN-1 para conexi\u00f3n de tuber\u00edas \u00d88mm","og_description":"Boquilla de suministro GNC TN-1 para conexi\u00f3n de tuber\u00edas \u00d88mm. Incluye piezas de conexi\u00f3n y filtro integrado.","og_url":"https:\/\/recambiosecogas.com\/pt-pt\/produto\/weh-boquilla-de-suministro-gnc-tn-1-para-conexion-de-tuberias-o8mm\/","og_site_name":"Recambios EcoGas","article_publisher":"https:\/\/www.facebook.com\/profile.php?id=100062419705358","article_modified_time":"2026-03-18T10:06:10+00:00","og_image":[{"width":1000,"height":1000,"url":"https:\/\/recambiosecogas.com\/wp-content\/uploads\/2024\/11\/weh-boquilla-de-suministro-gnc-tn-1-para-conexion-de-tuberias-o8mm.webp","type":"image\/png"}],"twitter_card":"summary_large_image","twitter_misc":{"pre\u00e7o":"314,34&nbsp;&euro; (IVA incl.: 380,35&nbsp;&euro;)","Disponibilidade":"Por encomenda"},"schema":{"@context":"https:\/\/schema.org","@graph":[{"@type":"WebPage","@id":"https:\/\/recambiosecogas.com\/pt-pt\/produto\/weh-boquilla-de-suministro-gnc-tn-1-para-conexion-de-tuberias-o8mm\/","url":"https:\/\/recambiosecogas.com\/pt-pt\/produto\/weh-boquilla-de-suministro-gnc-tn-1-para-conexion-de-tuberias-o8mm\/","name":"Boquilla GNC TN-1 \u00d88mm | Recambios Ecogas","isPartOf":{"@id":"https:\/\/recambiosecogas.com\/pt-pt\/#website"},"primaryImageOfPage":{"@id":"https:\/\/recambiosecogas.com\/pt-pt\/produto\/weh-boquilla-de-suministro-gnc-tn-1-para-conexion-de-tuberias-o8mm\/#primaryimage"},"image":{"@id":"https:\/\/recambiosecogas.com\/pt-pt\/produto\/weh-boquilla-de-suministro-gnc-tn-1-para-conexion-de-tuberias-o8mm\/#primaryimage"},"thumbnailUrl":"https:\/\/recambiosecogas.com\/wp-content\/uploads\/2024\/11\/weh-boquilla-de-suministro-gnc-tn-1-para-conexion-de-tuberias-o8mm.webp","datePublished":"2024-11-18T08:57:21+00:00","dateModified":"2026-03-18T10:06:10+00:00","description":"Boquilla de suministro GNC TN-1 para conexi\u00f3n de tuber\u00edas \u00d88mm. Incluye piezas de conexi\u00f3n y filtro integrado.","breadcrumb":{"@id":"https:\/\/recambiosecogas.com\/pt-pt\/produto\/weh-boquilla-de-suministro-gnc-tn-1-para-conexion-de-tuberias-o8mm\/#breadcrumb"},"inLanguage":"pt-PT","potentialAction":[{"@type":"ReadAction","target":["https:\/\/recambiosecogas.com\/pt-pt\/produto\/weh-boquilla-de-suministro-gnc-tn-1-para-conexion-de-tuberias-o8mm\/"]}]},{"@type":"ImageObject","inLanguage":"pt-PT","@id":"https:\/\/recambiosecogas.com\/pt-pt\/produto\/weh-boquilla-de-suministro-gnc-tn-1-para-conexion-de-tuberias-o8mm\/#primaryimage","url":"https:\/\/recambiosecogas.com\/wp-content\/uploads\/2024\/11\/weh-boquilla-de-suministro-gnc-tn-1-para-conexion-de-tuberias-o8mm.webp","contentUrl":"https:\/\/recambiosecogas.com\/wp-content\/uploads\/2024\/11\/weh-boquilla-de-suministro-gnc-tn-1-para-conexion-de-tuberias-o8mm.webp","width":1000,"height":1000},{"@type":"BreadcrumbList","@id":"https:\/\/recambiosecogas.com\/pt-pt\/produto\/weh-boquilla-de-suministro-gnc-tn-1-para-conexion-de-tuberias-o8mm\/#breadcrumb","itemListElement":[{"@type":"ListItem","position":1,"name":"P\u00e1gina inicial","item":"https:\/\/recambiosecogas.com\/pt-pt\/"},{"@type":"ListItem","position":2,"name":"Loja","item":"https:\/\/recambiosecogas.com\/pt-pt\/tienda\/"},{"@type":"ListItem","position":3,"name":"WEH boquilla de suministro GNC TN-1 para conexi\u00f3n de tuber\u00edas \u00d88mm"}]},{"@type":"WebSite","@id":"https:\/\/recambiosecogas.com\/pt-pt\/#website","url":"https:\/\/recambiosecogas.com\/pt-pt\/","name":"Recambios EcoGas","description":"Pe\u00e7as multimarca para sistemas de GPL\/GNC\/GNL\/Hidrog\u00e9nio","publisher":{"@id":"https:\/\/recambiosecogas.com\/pt-pt\/#organization"},"alternateName":"Recambios Autogas GLP","potentialAction":[{"@type":"SearchAction","target":{"@type":"EntryPoint","urlTemplate":"https:\/\/recambiosecogas.com\/pt-pt\/?s={search_term_string}"},"query-input":{"@type":"PropertyValueSpecification","valueRequired":true,"valueName":"search_term_string"}}],"inLanguage":"pt-PT"},{"@type":["Organization","Place"],"@id":"https:\/\/recambiosecogas.com\/pt-pt\/#organization","name":"Recambios EcoGas","alternateName":"Loja de GPL Autog\u00e1s Espanha","url":"https:\/\/recambiosecogas.com\/pt-pt\/","logo":{"@id":"https:\/\/recambiosecogas.com\/pt-pt\/produto\/weh-boquilla-de-suministro-gnc-tn-1-para-conexion-de-tuberias-o8mm\/#local-main-organization-logo"},"image":{"@id":"https:\/\/recambiosecogas.com\/pt-pt\/produto\/weh-boquilla-de-suministro-gnc-tn-1-para-conexion-de-tuberias-o8mm\/#local-main-organization-logo"},"sameAs":["https:\/\/www.facebook.com\/profile.php?id=100062419705358","https:\/\/www.instagram.com\/segimon_automocio"],"description":"Recambios EcoGas \u2013 Venta y distribuci\u00f3n de sistemas GLP y GNC en Espa\u00f1a y Portugal. Env\u00edos 24 h, soporte t\u00e9cnico a talleres y distribuidores.","hasMerchantReturnPolicy":{"@type":"MerchantReturnPolicy","merchantReturnLink":"https:\/\/recambiosecogas.com\/politicas-privacidad\/"},"address":{"@id":"https:\/\/recambiosecogas.com\/pt-pt\/produto\/weh-boquilla-de-suministro-gnc-tn-1-para-conexion-de-tuberias-o8mm\/#local-main-place-address"},"telephone":["616250633"],"contactPoint":{"@type":"ContactPoint","email":"export@recambiosecogas.com"},"openingHoursSpecification":[{"@type":"OpeningHoursSpecification","dayOfWeek":["Monday","Tuesday","Wednesday","Thursday","Friday","Saturday","Sunday"],"opens":"09:00","closes":"17:00"}],"email":"info@recambiosecogas.com","faxNumber":"SEGIMON AUTOMOCION SL","vatID":"ESB19819861","globalLocationNumber":"938 616 339"},{"@type":"PostalAddress","@id":"https:\/\/recambiosecogas.com\/pt-pt\/produto\/weh-boquilla-de-suministro-gnc-tn-1-para-conexion-de-tuberias-o8mm\/#local-main-place-address","streetAddress":"cami antic de vic, 29 (Nave 3), Pol\u00edgono Industrial Congost","addressLocality":"CORRO D`AVALL","postalCode":"08520","addressRegion":"Barcelona","addressCountry":"ES"},{"@type":"ImageObject","inLanguage":"pt-PT","@id":"https:\/\/recambiosecogas.com\/pt-pt\/produto\/weh-boquilla-de-suministro-gnc-tn-1-para-conexion-de-tuberias-o8mm\/#local-main-organization-logo","url":"https:\/\/recambiosecogas.com\/wp-content\/uploads\/2024\/11\/cropped-RECAMBIOS-GLP-png.webp","contentUrl":"https:\/\/recambiosecogas.com\/wp-content\/uploads\/2024\/11\/cropped-RECAMBIOS-GLP-png.webp","width":512,"height":512,"caption":"Recambios EcoGas"}]},"product_brand":"WEH","product_price_amount":"314.34","product_price_currency":"EUR","og_availability":"backorder","product_availability":"available for order","product_retailer_item_id":"112638A","product_condition":"new","geo.placename":"CORRO D`AVALL","geo.region":"Espanha"},"uagb_featured_image_src":{"full":["https:\/\/recambiosecogas.com\/wp-content\/uploads\/2024\/11\/weh-boquilla-de-suministro-gnc-tn-1-para-conexion-de-tuberias-o8mm.webp",1000,1000,false],"thumbnail":["https:\/\/recambiosecogas.com\/wp-content\/uploads\/2024\/11\/weh-boquilla-de-suministro-gnc-tn-1-para-conexion-de-tuberias-o8mm-150x150.webp",150,150,true],"medium":["https:\/\/recambiosecogas.com\/wp-content\/uploads\/2024\/11\/weh-boquilla-de-suministro-gnc-tn-1-para-conexion-de-tuberias-o8mm-300x300.webp",300,300,true],"medium_large":["https:\/\/recambiosecogas.com\/wp-content\/uploads\/2024\/11\/weh-boquilla-de-suministro-gnc-tn-1-para-conexion-de-tuberias-o8mm-768x768.webp",768,768,true],"large":["https:\/\/recambiosecogas.com\/wp-content\/uploads\/2024\/11\/weh-boquilla-de-suministro-gnc-tn-1-para-conexion-de-tuberias-o8mm.webp",1000,1000,false],"1536x1536":["https:\/\/recambiosecogas.com\/wp-content\/uploads\/2024\/11\/weh-boquilla-de-suministro-gnc-tn-1-para-conexion-de-tuberias-o8mm.webp",1000,1000,false],"2048x2048":["https:\/\/recambiosecogas.com\/wp-content\/uploads\/2024\/11\/weh-boquilla-de-suministro-gnc-tn-1-para-conexion-de-tuberias-o8mm.webp",1000,1000,false],"woocommerce_archive_thumbnail":["https:\/\/recambiosecogas.com\/wp-content\/uploads\/2024\/11\/weh-boquilla-de-suministro-gnc-tn-1-para-conexion-de-tuberias-o8mm.webp",1000,1000,false],"woocommerce_thumbnail":["https:\/\/recambiosecogas.com\/wp-content\/uploads\/2024\/11\/weh-boquilla-de-suministro-gnc-tn-1-para-conexion-de-tuberias-o8mm-300x300.webp",300,300,true],"woocommerce_single":["https:\/\/recambiosecogas.com\/wp-content\/uploads\/2024\/11\/weh-boquilla-de-suministro-gnc-tn-1-para-conexion-de-tuberias-o8mm.webp",1000,1000,false],"woocommerce_gallery_thumbnail":["https:\/\/recambiosecogas.com\/wp-content\/uploads\/2024\/11\/weh-boquilla-de-suministro-gnc-tn-1-para-conexion-de-tuberias-o8mm.webp",1000,1000,false],"dgwt-wcas-product-suggestion":["https:\/\/recambiosecogas.com\/wp-content\/uploads\/2024\/11\/weh-boquilla-de-suministro-gnc-tn-1-para-conexion-de-tuberias-o8mm-64x64.webp",64,64,true]},"uagb_author_info":{"display_name":"Fran - Soporte T\u00e9cnico","author_link":"https:\/\/recambiosecogas.com\/pt-pt\/author\/"},"uagb_comment_info":0,"uagb_excerpt":"WEH boquilla de suministro GNC TN-1 para conexi\u00f3n de tuber\u00edas \u00d88mm","_links":{"self":[{"href":"https:\/\/recambiosecogas.com\/pt-pt\/wp-json\/wp\/v2\/product\/6799","targetHints":{"allow":["GET"]}}],"collection":[{"href":"https:\/\/recambiosecogas.com\/pt-pt\/wp-json\/wp\/v2\/product"}],"about":[{"href":"https:\/\/recambiosecogas.com\/pt-pt\/wp-json\/wp\/v2\/types\/product"}],"replies":[{"embeddable":true,"href":"https:\/\/recambiosecogas.com\/pt-pt\/wp-json\/wp\/v2\/comments?post=6799"}],"wp:featuredmedia":[{"embeddable":true,"href":"https:\/\/recambiosecogas.com\/pt-pt\/wp-json\/wp\/v2\/media\/41502"}],"wp:attachment":[{"href":"https:\/\/recambiosecogas.com\/pt-pt\/wp-json\/wp\/v2\/media?parent=6799"}],"wp:term":[{"taxonomy":"product_brand","embeddable":true,"href":"https:\/\/recambiosecogas.com\/pt-pt\/wp-json\/wp\/v2\/product_brand?post=6799"},{"taxonomy":"product_cat","embeddable":true,"href":"https:\/\/recambiosecogas.com\/pt-pt\/wp-json\/wp\/v2\/product_cat?post=6799"},{"taxonomy":"product_tag","embeddable":true,"href":"https:\/\/recambiosecogas.com\/pt-pt\/wp-json\/wp\/v2\/product_tag?post=6799"}],"curies":[{"name":"wp","href":"https:\/\/api.w.org\/{rel}","templated":true}]}}