{"id":6776,"date":"2024-11-18T09:56:42","date_gmt":"2024-11-18T08:56:42","guid":{"rendered":"https:\/\/recambiosecogas.com\/producto\/tomasetto-boquilla-de-suministro-mini-m10-adaptador-dish-largo\/"},"modified":"2026-03-18T11:07:05","modified_gmt":"2026-03-18T10:07:05","slug":"tomasetto-boquilla-de-suministro-mini-m10-adaptador-dish-largo","status":"publish","type":"product","link":"https:\/\/recambiosecogas.com\/pt-pt\/producto\/tomasetto-boquilla-de-suministro-mini-m10-adaptador-dish-largo\/","title":{"rendered":"Tomasetto boquilla de suministro mini M10 + adaptador DISH largo"},"content":{"rendered":"<p>Boquilla Tomasetto M10 + Adaptador DISH Largo<br \/>\nBoquilla de suministro Tomasetto con adaptador DISH largo para sistemas de llenado GLP<\/p>\n<p>La boquilla de suministro Tomasetto M10 con adaptador DISH largo es un componente esencial para el llenado de sistemas GLP. Este adaptador es compatible con diversas normativas de llenado en pa\u00edses europeos, facilitando el repostaje en estaciones de servicio equipadas con conexiones DISH.<\/p>\n<p>Este adaptador permite la conexi\u00f3n segura y eficiente al sistema de llenado, asegurando un flujo de gas constante y seguro durante el proceso de repostaje. Es ideal para usuarios que viajan entre pa\u00edses con diferentes est\u00e1ndares de conexi\u00f3n GLP.<\/p>\n<p>Se recomienda su uso en veh\u00edculos equipados con sistemas GLP que requieren adaptadores para el llenado en estaciones de servicio internacionales. La instalaci\u00f3n debe realizarse siguiendo las instrucciones del fabricante para garantizar un ajuste adecuado y seguro.<\/p>\n<p>Compatibilidad<br \/>\nCompatible con sistemas de llenado GLP en pa\u00edses como Austria, Francia, Italia, y m\u00e1s. Se recomienda verificar la compatibilidad del sistema antes de la compra.<\/p>\n","protected":false},"excerpt":{"rendered":"<p>Boquilla Tomasetto M10 con adaptador DISH largo para sistemas de llenado GLP en varios pa\u00edses europeos.<\/p>\n","protected":false},"featured_media":6976,"comment_status":"closed","ping_status":"closed","template":"","meta":{"_uag_custom_page_level_css":""},"product_brand":[1009],"product_cat":[329,45],"product_tag":[1022,1023,1024,1032,1027,1042,1043,1028,1029,1030,1031,1033,1034,1035,1036,1038,1037,1026,1039,1040,1041,1017,1044,1045],"class_list":{"0":"post-6776","1":"product","2":"type-product","3":"status-publish","4":"has-post-thumbnail","6":"product_brand-tomasetto-achille","7":"product_cat-llenado-de-glp","8":"product_cat-tomaseto-achile","9":"product_tag-adaptador-glp-austria","10":"product_tag-adaptador-glp-bosnia","11":"product_tag-adaptador-glp-bulgaria","12":"product_tag-adaptador-glp-croacia","13":"product_tag-adaptador-glp-dinamarca","14":"product_tag-adaptador-glp-eslovaquia","15":"product_tag-adaptador-glp-eslovenia","16":"product_tag-adaptador-glp-estonia","17":"product_tag-adaptador-glp-francia","18":"product_tag-adaptador-glp-grecia","19":"product_tag-adaptador-glp-hungria","20":"product_tag-adaptador-glp-italia","21":"product_tag-adaptador-glp-letonia","22":"product_tag-adaptador-glp-lituania","23":"product_tag-adaptador-glp-macedonia","24":"product_tag-adaptador-glp-polonia","25":"product_tag-adaptador-glp-portugal","26":"product_tag-adaptador-glp-republica-checa","27":"product_tag-adaptador-glp-rumania","28":"product_tag-adaptador-glp-rusia","29":"product_tag-adaptador-glp-suecia","30":"product_tag-adaptador-glp-suiza","31":"product_tag-adaptador-glp-turquia","32":"product_tag-adaptador-glp-ucrania","34":"first","35":"onbackorder","36":"taxable","37":"shipping-taxable","38":"purchasable","39":"product-type-simple"},"ct_brands":[{"id":1009,"name":"Tomasetto Achille","slug":"tomasetto-achille"}],"yoast_head":"<!-- This site is optimized with the Yoast SEO Premium plugin v27.5 (Yoast SEO v27.5) - https:\/\/yoast.com\/product\/yoast-seo-premium-wordpress\/ -->\n<title>Boquilla Tomasetto M10 + Adaptador DISH | Recambios Ecogas<\/title>\n<meta name=\"description\" content=\"Boquilla Tomasetto M10 con adaptador DISH largo para sistemas de llenado GLP. Ideal para varios pa\u00edses europeos.\" \/>\n<meta name=\"robots\" content=\"index, follow, max-snippet:-1, max-image-preview:large, max-video-preview:-1\" \/>\n<link rel=\"canonical\" href=\"https:\/\/recambiosecogas.com\/pt-pt\/producto\/tomasetto-boquilla-de-suministro-mini-m10-adaptador-dish-largo\/\" \/>\n<meta property=\"og:locale\" content=\"pt_PT\" \/>\n<meta property=\"og:type\" content=\"article\" \/>\n<meta property=\"og:title\" content=\"Tomasetto boquilla de suministro mini M10 + adaptador DISH largo\" \/>\n<meta property=\"og:description\" content=\"Boquilla Tomasetto M10 con adaptador DISH largo para sistemas de llenado GLP. Ideal para varios pa\u00edses europeos.\" \/>\n<meta property=\"og:url\" content=\"https:\/\/recambiosecogas.com\/pt-pt\/producto\/tomasetto-boquilla-de-suministro-mini-m10-adaptador-dish-largo\/\" \/>\n<meta property=\"og:site_name\" content=\"Recambios EcoGas\" \/>\n<meta property=\"article:publisher\" content=\"https:\/\/www.facebook.com\/profile.php?id=100062419705358\" \/>\n<meta property=\"article:modified_time\" content=\"2026-03-18T10:07:05+00:00\" \/>\n<meta property=\"og:image\" content=\"https:\/\/recambiosecogas.com\/wp-content\/uploads\/2024\/11\/Tomasetto-boquilla-de-suministro-mini-M10-adaptador-DISH-largo-png.webp\" \/>\n\t<meta property=\"og:image:width\" content=\"1000\" \/>\n\t<meta property=\"og:image:height\" content=\"1000\" \/>\n\t<meta property=\"og:image:type\" content=\"image\/png\" \/>\n<meta name=\"twitter:card\" content=\"summary_large_image\" \/>\n<meta name=\"twitter:label1\" content=\"pre\u00e7o\" \/>\n\t<meta name=\"twitter:data1\" content=\"18,01&nbsp;&euro; (Sin IVA: 14,88&nbsp;&euro;)\" \/>\n\t<meta name=\"twitter:label2\" content=\"Disponibilidade\" \/>\n\t<meta name=\"twitter:data2\" content=\"Por encomenda\" \/>\n<script type=\"application\/ld+json\" class=\"yoast-schema-graph\">{\"@context\":\"https:\\\/\\\/schema.org\",\"@graph\":[{\"@type\":\"WebPage\",\"@id\":\"https:\\\/\\\/recambiosecogas.com\\\/pt-pt\\\/producto\\\/tomasetto-boquilla-de-suministro-mini-m10-adaptador-dish-largo\\\/\",\"url\":\"https:\\\/\\\/recambiosecogas.com\\\/pt-pt\\\/producto\\\/tomasetto-boquilla-de-suministro-mini-m10-adaptador-dish-largo\\\/\",\"name\":\"Boquilla Tomasetto M10 + Adaptador DISH | Recambios Ecogas\",\"isPartOf\":{\"@id\":\"https:\\\/\\\/recambiosecogas.com\\\/pt-pt\\\/#website\"},\"primaryImageOfPage\":{\"@id\":\"https:\\\/\\\/recambiosecogas.com\\\/pt-pt\\\/producto\\\/tomasetto-boquilla-de-suministro-mini-m10-adaptador-dish-largo\\\/#primaryimage\"},\"image\":{\"@id\":\"https:\\\/\\\/recambiosecogas.com\\\/pt-pt\\\/producto\\\/tomasetto-boquilla-de-suministro-mini-m10-adaptador-dish-largo\\\/#primaryimage\"},\"thumbnailUrl\":\"https:\\\/\\\/recambiosecogas.com\\\/wp-content\\\/uploads\\\/2024\\\/11\\\/Tomasetto-boquilla-de-suministro-mini-M10-adaptador-DISH-largo-png.webp\",\"datePublished\":\"2024-11-18T08:56:42+00:00\",\"dateModified\":\"2026-03-18T10:07:05+00:00\",\"description\":\"Boquilla Tomasetto M10 con adaptador DISH largo para sistemas de llenado GLP. Ideal para varios pa\u00edses europeos.\",\"breadcrumb\":{\"@id\":\"https:\\\/\\\/recambiosecogas.com\\\/pt-pt\\\/producto\\\/tomasetto-boquilla-de-suministro-mini-m10-adaptador-dish-largo\\\/#breadcrumb\"},\"inLanguage\":\"pt-PT\",\"potentialAction\":[{\"@type\":\"ReadAction\",\"target\":[\"https:\\\/\\\/recambiosecogas.com\\\/pt-pt\\\/producto\\\/tomasetto-boquilla-de-suministro-mini-m10-adaptador-dish-largo\\\/\"]}]},{\"@type\":\"ImageObject\",\"inLanguage\":\"pt-PT\",\"@id\":\"https:\\\/\\\/recambiosecogas.com\\\/pt-pt\\\/producto\\\/tomasetto-boquilla-de-suministro-mini-m10-adaptador-dish-largo\\\/#primaryimage\",\"url\":\"https:\\\/\\\/recambiosecogas.com\\\/wp-content\\\/uploads\\\/2024\\\/11\\\/Tomasetto-boquilla-de-suministro-mini-M10-adaptador-DISH-largo-png.webp\",\"contentUrl\":\"https:\\\/\\\/recambiosecogas.com\\\/wp-content\\\/uploads\\\/2024\\\/11\\\/Tomasetto-boquilla-de-suministro-mini-M10-adaptador-DISH-largo-png.webp\",\"width\":1000,\"height\":1000},{\"@type\":\"BreadcrumbList\",\"@id\":\"https:\\\/\\\/recambiosecogas.com\\\/pt-pt\\\/producto\\\/tomasetto-boquilla-de-suministro-mini-m10-adaptador-dish-largo\\\/#breadcrumb\",\"itemListElement\":[{\"@type\":\"ListItem\",\"position\":1,\"name\":\"P\u00e1gina inicial\",\"item\":\"https:\\\/\\\/recambiosecogas.com\\\/pt-pt\\\/\"},{\"@type\":\"ListItem\",\"position\":2,\"name\":\"Loja\",\"item\":\"https:\\\/\\\/recambiosecogas.com\\\/pt-pt\\\/tienda\\\/\"},{\"@type\":\"ListItem\",\"position\":3,\"name\":\"Tomasetto boquilla de suministro mini M10 + adaptador DISH largo\"}]},{\"@type\":\"WebSite\",\"@id\":\"https:\\\/\\\/recambiosecogas.com\\\/pt-pt\\\/#website\",\"url\":\"https:\\\/\\\/recambiosecogas.com\\\/pt-pt\\\/\",\"name\":\"Recambios EcoGas\",\"description\":\"Pe\u00e7as multimarca para sistemas de GPL\\\/GNC\\\/GNL\\\/Hidrog\u00e9nio\",\"publisher\":{\"@id\":\"https:\\\/\\\/recambiosecogas.com\\\/pt-pt\\\/#organization\"},\"alternateName\":\"Recambios Autogas GLP\",\"potentialAction\":[{\"@type\":\"SearchAction\",\"target\":{\"@type\":\"EntryPoint\",\"urlTemplate\":\"https:\\\/\\\/recambiosecogas.com\\\/pt-pt\\\/?s={search_term_string}\"},\"query-input\":{\"@type\":\"PropertyValueSpecification\",\"valueRequired\":true,\"valueName\":\"search_term_string\"}}],\"inLanguage\":\"pt-PT\"},{\"@type\":[\"Organization\",\"Place\"],\"@id\":\"https:\\\/\\\/recambiosecogas.com\\\/pt-pt\\\/#organization\",\"name\":\"Recambios EcoGas\",\"alternateName\":\"Loja de GPL Autog\u00e1s Espanha\",\"url\":\"https:\\\/\\\/recambiosecogas.com\\\/pt-pt\\\/\",\"logo\":{\"@id\":\"https:\\\/\\\/recambiosecogas.com\\\/pt-pt\\\/producto\\\/tomasetto-boquilla-de-suministro-mini-m10-adaptador-dish-largo\\\/#local-main-organization-logo\"},\"image\":{\"@id\":\"https:\\\/\\\/recambiosecogas.com\\\/pt-pt\\\/producto\\\/tomasetto-boquilla-de-suministro-mini-m10-adaptador-dish-largo\\\/#local-main-organization-logo\"},\"sameAs\":[\"https:\\\/\\\/www.facebook.com\\\/profile.php?id=100062419705358\",\"https:\\\/\\\/www.instagram.com\\\/segimon_automocio\"],\"description\":\"Recambios EcoGas \u2013 Venta y distribuci\u00f3n de sistemas GLP y GNC en Espa\u00f1a y Portugal. Env\u00edos 24 h, soporte t\u00e9cnico a talleres y distribuidores.\",\"hasMerchantReturnPolicy\":{\"@type\":\"MerchantReturnPolicy\",\"merchantReturnLink\":\"https:\\\/\\\/recambiosecogas.com\\\/politicas-privacidad\\\/\"},\"address\":{\"@id\":\"https:\\\/\\\/recambiosecogas.com\\\/pt-pt\\\/producto\\\/tomasetto-boquilla-de-suministro-mini-m10-adaptador-dish-largo\\\/#local-main-place-address\"},\"telephone\":[\"616250633\"],\"contactPoint\":{\"@type\":\"ContactPoint\",\"email\":\"export@recambiosecogas.com\"},\"openingHoursSpecification\":[{\"@type\":\"OpeningHoursSpecification\",\"dayOfWeek\":[\"Monday\",\"Tuesday\",\"Wednesday\",\"Thursday\",\"Friday\",\"Saturday\",\"Sunday\"],\"opens\":\"09:00\",\"closes\":\"17:00\"}],\"email\":\"info@recambiosecogas.com\",\"faxNumber\":\"SEGIMON AUTOMOCION SL\",\"vatID\":\"ESB19819861\",\"globalLocationNumber\":\"938 616 339\"},{\"@type\":\"PostalAddress\",\"@id\":\"https:\\\/\\\/recambiosecogas.com\\\/pt-pt\\\/producto\\\/tomasetto-boquilla-de-suministro-mini-m10-adaptador-dish-largo\\\/#local-main-place-address\",\"streetAddress\":\"cami antic de vic, 29 (Nave 3), Pol\u00edgono Industrial Congost\",\"addressLocality\":\"CORRO D`AVALL\",\"postalCode\":\"08520\",\"addressRegion\":\"Barcelona\",\"addressCountry\":\"ES\"},{\"@type\":\"ImageObject\",\"inLanguage\":\"pt-PT\",\"@id\":\"https:\\\/\\\/recambiosecogas.com\\\/pt-pt\\\/producto\\\/tomasetto-boquilla-de-suministro-mini-m10-adaptador-dish-largo\\\/#local-main-organization-logo\",\"url\":\"https:\\\/\\\/recambiosecogas.com\\\/wp-content\\\/uploads\\\/2024\\\/11\\\/cropped-RECAMBIOS-GLP-png.webp\",\"contentUrl\":\"https:\\\/\\\/recambiosecogas.com\\\/wp-content\\\/uploads\\\/2024\\\/11\\\/cropped-RECAMBIOS-GLP-png.webp\",\"width\":512,\"height\":512,\"caption\":\"Recambios EcoGas\"}]}<\/script>\n<meta property=\"product:brand\" content=\"Tomasetto Achille\" \/>\n<meta property=\"product:price:amount\" content=\"18.01\" \/>\n<meta property=\"product:price:currency\" content=\"EUR\" \/>\n<meta property=\"og:availability\" content=\"backorder\" \/>\n<meta property=\"product:availability\" content=\"available for order\" \/>\n<meta property=\"product:retailer_item_id\" content=\"101529\" \/>\n<meta property=\"product:condition\" content=\"new\" \/>\n<meta name=\"geo.placename\" content=\"CORRO D`AVALL\" \/>\n<meta name=\"geo.region\" content=\"Espanha\" \/>\n<!-- \/ Yoast SEO Premium plugin. -->","yoast_head_json":{"title":"Boquilla Tomasetto M10 + Adaptador DISH | Recambios Ecogas","description":"Boquilla Tomasetto M10 con adaptador DISH largo para sistemas de llenado GLP. Ideal para varios pa\u00edses europeos.","robots":{"index":"index","follow":"follow","max-snippet":"max-snippet:-1","max-image-preview":"max-image-preview:large","max-video-preview":"max-video-preview:-1"},"canonical":"https:\/\/recambiosecogas.com\/pt-pt\/producto\/tomasetto-boquilla-de-suministro-mini-m10-adaptador-dish-largo\/","og_locale":"pt_PT","og_type":"article","og_title":"Tomasetto boquilla de suministro mini M10 + adaptador DISH largo","og_description":"Boquilla Tomasetto M10 con adaptador DISH largo para sistemas de llenado GLP. Ideal para varios pa\u00edses europeos.","og_url":"https:\/\/recambiosecogas.com\/pt-pt\/producto\/tomasetto-boquilla-de-suministro-mini-m10-adaptador-dish-largo\/","og_site_name":"Recambios EcoGas","article_publisher":"https:\/\/www.facebook.com\/profile.php?id=100062419705358","article_modified_time":"2026-03-18T10:07:05+00:00","og_image":[{"width":1000,"height":1000,"url":"https:\/\/recambiosecogas.com\/wp-content\/uploads\/2024\/11\/Tomasetto-boquilla-de-suministro-mini-M10-adaptador-DISH-largo-png.webp","type":"image\/png"}],"twitter_card":"summary_large_image","twitter_misc":{"pre\u00e7o":"18,01&nbsp;&euro; (Sin IVA: 14,88&nbsp;&euro;)","Disponibilidade":"Por encomenda"},"schema":{"@context":"https:\/\/schema.org","@graph":[{"@type":"WebPage","@id":"https:\/\/recambiosecogas.com\/pt-pt\/producto\/tomasetto-boquilla-de-suministro-mini-m10-adaptador-dish-largo\/","url":"https:\/\/recambiosecogas.com\/pt-pt\/producto\/tomasetto-boquilla-de-suministro-mini-m10-adaptador-dish-largo\/","name":"Boquilla Tomasetto M10 + Adaptador DISH | Recambios Ecogas","isPartOf":{"@id":"https:\/\/recambiosecogas.com\/pt-pt\/#website"},"primaryImageOfPage":{"@id":"https:\/\/recambiosecogas.com\/pt-pt\/producto\/tomasetto-boquilla-de-suministro-mini-m10-adaptador-dish-largo\/#primaryimage"},"image":{"@id":"https:\/\/recambiosecogas.com\/pt-pt\/producto\/tomasetto-boquilla-de-suministro-mini-m10-adaptador-dish-largo\/#primaryimage"},"thumbnailUrl":"https:\/\/recambiosecogas.com\/wp-content\/uploads\/2024\/11\/Tomasetto-boquilla-de-suministro-mini-M10-adaptador-DISH-largo-png.webp","datePublished":"2024-11-18T08:56:42+00:00","dateModified":"2026-03-18T10:07:05+00:00","description":"Boquilla Tomasetto M10 con adaptador DISH largo para sistemas de llenado GLP. Ideal para varios pa\u00edses europeos.","breadcrumb":{"@id":"https:\/\/recambiosecogas.com\/pt-pt\/producto\/tomasetto-boquilla-de-suministro-mini-m10-adaptador-dish-largo\/#breadcrumb"},"inLanguage":"pt-PT","potentialAction":[{"@type":"ReadAction","target":["https:\/\/recambiosecogas.com\/pt-pt\/producto\/tomasetto-boquilla-de-suministro-mini-m10-adaptador-dish-largo\/"]}]},{"@type":"ImageObject","inLanguage":"pt-PT","@id":"https:\/\/recambiosecogas.com\/pt-pt\/producto\/tomasetto-boquilla-de-suministro-mini-m10-adaptador-dish-largo\/#primaryimage","url":"https:\/\/recambiosecogas.com\/wp-content\/uploads\/2024\/11\/Tomasetto-boquilla-de-suministro-mini-M10-adaptador-DISH-largo-png.webp","contentUrl":"https:\/\/recambiosecogas.com\/wp-content\/uploads\/2024\/11\/Tomasetto-boquilla-de-suministro-mini-M10-adaptador-DISH-largo-png.webp","width":1000,"height":1000},{"@type":"BreadcrumbList","@id":"https:\/\/recambiosecogas.com\/pt-pt\/producto\/tomasetto-boquilla-de-suministro-mini-m10-adaptador-dish-largo\/#breadcrumb","itemListElement":[{"@type":"ListItem","position":1,"name":"P\u00e1gina inicial","item":"https:\/\/recambiosecogas.com\/pt-pt\/"},{"@type":"ListItem","position":2,"name":"Loja","item":"https:\/\/recambiosecogas.com\/pt-pt\/tienda\/"},{"@type":"ListItem","position":3,"name":"Tomasetto boquilla de suministro mini M10 + adaptador DISH largo"}]},{"@type":"WebSite","@id":"https:\/\/recambiosecogas.com\/pt-pt\/#website","url":"https:\/\/recambiosecogas.com\/pt-pt\/","name":"Recambios EcoGas","description":"Pe\u00e7as multimarca para sistemas de GPL\/GNC\/GNL\/Hidrog\u00e9nio","publisher":{"@id":"https:\/\/recambiosecogas.com\/pt-pt\/#organization"},"alternateName":"Recambios Autogas GLP","potentialAction":[{"@type":"SearchAction","target":{"@type":"EntryPoint","urlTemplate":"https:\/\/recambiosecogas.com\/pt-pt\/?s={search_term_string}"},"query-input":{"@type":"PropertyValueSpecification","valueRequired":true,"valueName":"search_term_string"}}],"inLanguage":"pt-PT"},{"@type":["Organization","Place"],"@id":"https:\/\/recambiosecogas.com\/pt-pt\/#organization","name":"Recambios EcoGas","alternateName":"Loja de GPL Autog\u00e1s Espanha","url":"https:\/\/recambiosecogas.com\/pt-pt\/","logo":{"@id":"https:\/\/recambiosecogas.com\/pt-pt\/producto\/tomasetto-boquilla-de-suministro-mini-m10-adaptador-dish-largo\/#local-main-organization-logo"},"image":{"@id":"https:\/\/recambiosecogas.com\/pt-pt\/producto\/tomasetto-boquilla-de-suministro-mini-m10-adaptador-dish-largo\/#local-main-organization-logo"},"sameAs":["https:\/\/www.facebook.com\/profile.php?id=100062419705358","https:\/\/www.instagram.com\/segimon_automocio"],"description":"Recambios EcoGas \u2013 Venta y distribuci\u00f3n de sistemas GLP y GNC en Espa\u00f1a y Portugal. Env\u00edos 24 h, soporte t\u00e9cnico a talleres y distribuidores.","hasMerchantReturnPolicy":{"@type":"MerchantReturnPolicy","merchantReturnLink":"https:\/\/recambiosecogas.com\/politicas-privacidad\/"},"address":{"@id":"https:\/\/recambiosecogas.com\/pt-pt\/producto\/tomasetto-boquilla-de-suministro-mini-m10-adaptador-dish-largo\/#local-main-place-address"},"telephone":["616250633"],"contactPoint":{"@type":"ContactPoint","email":"export@recambiosecogas.com"},"openingHoursSpecification":[{"@type":"OpeningHoursSpecification","dayOfWeek":["Monday","Tuesday","Wednesday","Thursday","Friday","Saturday","Sunday"],"opens":"09:00","closes":"17:00"}],"email":"info@recambiosecogas.com","faxNumber":"SEGIMON AUTOMOCION SL","vatID":"ESB19819861","globalLocationNumber":"938 616 339"},{"@type":"PostalAddress","@id":"https:\/\/recambiosecogas.com\/pt-pt\/producto\/tomasetto-boquilla-de-suministro-mini-m10-adaptador-dish-largo\/#local-main-place-address","streetAddress":"cami antic de vic, 29 (Nave 3), Pol\u00edgono Industrial Congost","addressLocality":"CORRO D`AVALL","postalCode":"08520","addressRegion":"Barcelona","addressCountry":"ES"},{"@type":"ImageObject","inLanguage":"pt-PT","@id":"https:\/\/recambiosecogas.com\/pt-pt\/producto\/tomasetto-boquilla-de-suministro-mini-m10-adaptador-dish-largo\/#local-main-organization-logo","url":"https:\/\/recambiosecogas.com\/wp-content\/uploads\/2024\/11\/cropped-RECAMBIOS-GLP-png.webp","contentUrl":"https:\/\/recambiosecogas.com\/wp-content\/uploads\/2024\/11\/cropped-RECAMBIOS-GLP-png.webp","width":512,"height":512,"caption":"Recambios EcoGas"}]},"product_brand":"Tomasetto Achille","product_price_amount":"18.01","product_price_currency":"EUR","og_availability":"backorder","product_availability":"available for order","product_retailer_item_id":"101529","product_condition":"new","geo.placename":"CORRO D`AVALL","geo.region":"Espanha"},"uagb_featured_image_src":{"full":["https:\/\/recambiosecogas.com\/wp-content\/uploads\/2024\/11\/Tomasetto-boquilla-de-suministro-mini-M10-adaptador-DISH-largo-png.webp",1000,1000,false],"thumbnail":["https:\/\/recambiosecogas.com\/wp-content\/uploads\/2024\/11\/Tomasetto-boquilla-de-suministro-mini-M10-adaptador-DISH-largo-150x150.webp",150,150,true],"medium":["https:\/\/recambiosecogas.com\/wp-content\/uploads\/2024\/11\/Tomasetto-boquilla-de-suministro-mini-M10-adaptador-DISH-largo-300x300.webp",300,300,true],"medium_large":["https:\/\/recambiosecogas.com\/wp-content\/uploads\/2024\/11\/Tomasetto-boquilla-de-suministro-mini-M10-adaptador-DISH-largo-768x768.webp",768,768,true],"large":["https:\/\/recambiosecogas.com\/wp-content\/uploads\/2024\/11\/Tomasetto-boquilla-de-suministro-mini-M10-adaptador-DISH-largo-png.webp",1000,1000,false],"1536x1536":["https:\/\/recambiosecogas.com\/wp-content\/uploads\/2024\/11\/Tomasetto-boquilla-de-suministro-mini-M10-adaptador-DISH-largo-png.webp",1000,1000,false],"2048x2048":["https:\/\/recambiosecogas.com\/wp-content\/uploads\/2024\/11\/Tomasetto-boquilla-de-suministro-mini-M10-adaptador-DISH-largo-png.webp",1000,1000,false],"woocommerce_archive_thumbnail":["https:\/\/recambiosecogas.com\/wp-content\/uploads\/2024\/11\/Tomasetto-boquilla-de-suministro-mini-M10-adaptador-DISH-largo-png.webp",1000,1000,false],"woocommerce_thumbnail":["https:\/\/recambiosecogas.com\/wp-content\/uploads\/2024\/11\/Tomasetto-boquilla-de-suministro-mini-M10-adaptador-DISH-largo-png-300x300.webp",300,300,true],"woocommerce_single":["https:\/\/recambiosecogas.com\/wp-content\/uploads\/2024\/11\/Tomasetto-boquilla-de-suministro-mini-M10-adaptador-DISH-largo-png.webp",1000,1000,false],"woocommerce_gallery_thumbnail":["https:\/\/recambiosecogas.com\/wp-content\/uploads\/2024\/11\/Tomasetto-boquilla-de-suministro-mini-M10-adaptador-DISH-largo-png.webp",1000,1000,false],"dgwt-wcas-product-suggestion":["https:\/\/recambiosecogas.com\/wp-content\/uploads\/2024\/11\/Tomasetto-boquilla-de-suministro-mini-M10-adaptador-DISH-largo-png-64x64.webp",64,64,true]},"uagb_author_info":{"display_name":"Fran - Soporte T\u00e9cnico","author_link":"https:\/\/recambiosecogas.com\/pt-pt\/author\/"},"uagb_comment_info":0,"uagb_excerpt":"Boquilla Tomasetto M10 con adaptador DISH largo para sistemas de llenado GLP en varios pa\u00edses europeos.","_links":{"self":[{"href":"https:\/\/recambiosecogas.com\/pt-pt\/wp-json\/wp\/v2\/product\/6776","targetHints":{"allow":["GET"]}}],"collection":[{"href":"https:\/\/recambiosecogas.com\/pt-pt\/wp-json\/wp\/v2\/product"}],"about":[{"href":"https:\/\/recambiosecogas.com\/pt-pt\/wp-json\/wp\/v2\/types\/product"}],"replies":[{"embeddable":true,"href":"https:\/\/recambiosecogas.com\/pt-pt\/wp-json\/wp\/v2\/comments?post=6776"}],"wp:featuredmedia":[{"embeddable":true,"href":"https:\/\/recambiosecogas.com\/pt-pt\/wp-json\/wp\/v2\/media\/6976"}],"wp:attachment":[{"href":"https:\/\/recambiosecogas.com\/pt-pt\/wp-json\/wp\/v2\/media?parent=6776"}],"wp:term":[{"taxonomy":"product_brand","embeddable":true,"href":"https:\/\/recambiosecogas.com\/pt-pt\/wp-json\/wp\/v2\/product_brand?post=6776"},{"taxonomy":"product_cat","embeddable":true,"href":"https:\/\/recambiosecogas.com\/pt-pt\/wp-json\/wp\/v2\/product_cat?post=6776"},{"taxonomy":"product_tag","embeddable":true,"href":"https:\/\/recambiosecogas.com\/pt-pt\/wp-json\/wp\/v2\/product_tag?post=6776"}],"curies":[{"name":"wp","href":"https:\/\/api.w.org\/{rel}","templated":true}]}}