{"id":6760,"date":"2024-11-18T09:56:15","date_gmt":"2024-11-18T08:56:15","guid":{"rendered":"https:\/\/recambiosecogas.com\/producto\/boquilla-de-suministro-dish-de-90-para-repostaje-externo-para-conexion-de-manguera-de-llenado\/"},"modified":"2026-03-18T11:08:12","modified_gmt":"2026-03-18T10:08:12","slug":"boquilla-de-suministro-dish-de-90-para-repostaje-externo-para-conexion-de-manguera-de-llenado","status":"publish","type":"product","link":"https:\/\/recambiosecogas.com\/pt-pt\/producto\/boquilla-de-suministro-dish-de-90-para-repostaje-externo-para-conexion-de-manguera-de-llenado\/","title":{"rendered":"Boquilla de suministro DISH de 90\u00b0 para repostaje externo para conexi\u00f3n de manguera de llenado"},"content":{"rendered":"<p>Boquilla de Suministro DISH 90\u00b0 para Repostaje Externo<br \/>\nBoquilla de suministro para conexi\u00f3n de manguera de llenado en sistemas GLP<\/p>\n<p>Esta boquilla de suministro DISH de 90\u00b0 est\u00e1 dise\u00f1ada para facilitar el repostaje externo en sistemas de Autogas. Es compatible con conexiones de manguera de llenado est\u00e1ndar, proporcionando una soluci\u00f3n eficiente y segura para el llenado de dep\u00f3sitos de GLP.<\/p>\n<p>La boquilla se integra en el sistema de llenado, permitiendo una conexi\u00f3n segura y evitando fugas durante el proceso de repostaje. Es ideal para aplicaciones en autocaravanas y otros veh\u00edculos que requieren un acceso externo al punto de llenado.<\/p>\n<p>Fabricada con materiales duraderos, esta boquilla asegura un rendimiento fiable en condiciones de uso intensivo. Su dise\u00f1o de 90\u00b0 facilita la conexi\u00f3n en espacios reducidos, optimizando el proceso de llenado.<\/p>\n<p>Compatibilidad<br \/>\nCompatible con sistemas GLP que utilizan conexi\u00f3n de boquilla DISH. Se recomienda verificar la compatibilidad con el sistema de llenado espec\u00edfico del veh\u00edculo antes de la compra.<\/p>\n","protected":false},"excerpt":{"rendered":"<p>Boquilla de suministro DISH de 90\u00b0 para repostaje externo en sistemas GLP. Conexi\u00f3n para manguera de llenado.<\/p>\n","protected":false},"featured_media":7010,"comment_status":"closed","ping_status":"closed","template":"","meta":{"_uag_custom_page_level_css":""},"product_brand":[616],"product_cat":[1831,1457,1823,1770,1467],"product_tag":[1140,1142,1144,1150,1153,1155,1157,1163,1165,1167,1169,1173,1175,1176,1178,1181,1183,1184,1186,1189,1190,1193,1194,1196],"class_list":{"0":"post-6760","1":"product","2":"type-product","3":"status-publish","4":"has-post-thumbnail","6":"product_brand-srg-rotarex","7":"product_cat-enchimento-de-gpl","8":"product_cat-abastecimento-e-retirada-de-gas-autocaravanas","9":"product_cat-reabastecer","10":"product_cat-srg-rotarex-pt-pt","11":"product_cat-valvula-de-enchimento-gpl","12":"product_tag-adaptador-gpl-austria","13":"product_tag-adaptador-glp-bosnia-pt-pt","14":"product_tag-adaptador-gpl-bulgaria","15":"product_tag-adaptador-gpl-croacia","16":"product_tag-adaptador-gpl-dinamarca","17":"product_tag-adaptador-gpl-eslovaquia","18":"product_tag-adaptador-gpl-eslovaquia-pt-pt","19":"product_tag-adaptador-gpl-estonia-pt","20":"product_tag-adaptador-gpl-franca","21":"product_tag-adaptador-gpl-grecia-pt-pt","22":"product_tag-adaptador-gpl-hungria","23":"product_tag-adaptador-gpl-italia","24":"product_tag-adaptador-gpl-letonia","25":"product_tag-adaptador-gpl-lituania","26":"product_tag-adaptador-gpl-macedonia","27":"product_tag-adaptador-gpl-polonia","28":"product_tag-adaptador-gpl-portugal","29":"product_tag-adaptador-gpl-republica-checa","30":"product_tag-adaptador-gpl-romenia","31":"product_tag-adaptador-gpl-russia","32":"product_tag-adaptador-de-gpl-suecia","33":"product_tag-adaptador-gpl-suico","34":"product_tag-adaptador-gpl-turkiye","35":"product_tag-adaptador-de-gpl-ucrania","37":"first","38":"onbackorder","39":"taxable","40":"shipping-taxable","41":"purchasable","42":"product-type-simple"},"ct_brands":[{"id":616,"name":"SRG ROTAREX","slug":"srg-rotarex"}],"yoast_head":"<!-- This site is optimized with the Yoast SEO Premium plugin v27.5 (Yoast SEO v27.6) - https:\/\/yoast.com\/product\/yoast-seo-premium-wordpress\/ -->\n<title>Boquilla Suministro DISH 90\u00b0 GLP | Recambios Ecogas<\/title>\n<meta name=\"description\" content=\"Boquilla de suministro DISH de 90\u00b0 para conexi\u00f3n de manguera de llenado en sistemas GLP. Ideal para repostaje externo.\" \/>\n<meta name=\"robots\" content=\"index, follow, max-snippet:-1, max-image-preview:large, max-video-preview:-1\" \/>\n<link rel=\"canonical\" href=\"https:\/\/recambiosecogas.com\/pt-pt\/producto\/boquilla-de-suministro-dish-de-90-para-repostaje-externo-para-conexion-de-manguera-de-llenado\/\" \/>\n<meta property=\"og:locale\" content=\"pt_PT\" \/>\n<meta property=\"og:type\" content=\"article\" \/>\n<meta property=\"og:title\" content=\"Boquilla de suministro DISH de 90\u00b0 para repostaje externo para conexi\u00f3n de manguera de llenado\" \/>\n<meta property=\"og:description\" content=\"Boquilla de suministro DISH de 90\u00b0 para conexi\u00f3n de manguera de llenado en sistemas GLP. Ideal para repostaje externo.\" \/>\n<meta property=\"og:url\" content=\"https:\/\/recambiosecogas.com\/pt-pt\/producto\/boquilla-de-suministro-dish-de-90-para-repostaje-externo-para-conexion-de-manguera-de-llenado\/\" \/>\n<meta property=\"og:site_name\" content=\"Recambios EcoGas\" \/>\n<meta property=\"article:publisher\" content=\"https:\/\/www.facebook.com\/profile.php?id=100062419705358\" \/>\n<meta property=\"article:modified_time\" content=\"2026-03-18T10:08:12+00:00\" \/>\n<meta property=\"og:image\" content=\"https:\/\/recambiosecogas.com\/wp-content\/uploads\/2024\/11\/Boquilla-de-suministro-DISH-de-90\u00b0-para-repostaje-externo-para-conexion-de-manguera-de-llenado-png.webp\" \/>\n\t<meta property=\"og:image:width\" content=\"1000\" \/>\n\t<meta property=\"og:image:height\" content=\"1000\" \/>\n\t<meta property=\"og:image:type\" content=\"image\/png\" \/>\n<meta name=\"twitter:card\" content=\"summary_large_image\" \/>\n<meta name=\"twitter:label1\" content=\"pre\u00e7o\" \/>\n\t<meta name=\"twitter:data1\" content=\"43,79&nbsp;&euro; (Sin IVA: 36,19&nbsp;&euro;)\" \/>\n\t<meta name=\"twitter:label2\" content=\"Disponibilidade\" \/>\n\t<meta name=\"twitter:data2\" content=\"Por encomenda\" \/>\n<script type=\"application\/ld+json\" class=\"yoast-schema-graph\">{\"@context\":\"https:\\\/\\\/schema.org\",\"@graph\":[{\"@type\":\"WebPage\",\"@id\":\"https:\\\/\\\/recambiosecogas.com\\\/pt-pt\\\/producto\\\/boquilla-de-suministro-dish-de-90-para-repostaje-externo-para-conexion-de-manguera-de-llenado\\\/\",\"url\":\"https:\\\/\\\/recambiosecogas.com\\\/pt-pt\\\/producto\\\/boquilla-de-suministro-dish-de-90-para-repostaje-externo-para-conexion-de-manguera-de-llenado\\\/\",\"name\":\"Boquilla Suministro DISH 90\u00b0 GLP | Recambios Ecogas\",\"isPartOf\":{\"@id\":\"https:\\\/\\\/recambiosecogas.com\\\/pt-pt\\\/#website\"},\"primaryImageOfPage\":{\"@id\":\"https:\\\/\\\/recambiosecogas.com\\\/pt-pt\\\/producto\\\/boquilla-de-suministro-dish-de-90-para-repostaje-externo-para-conexion-de-manguera-de-llenado\\\/#primaryimage\"},\"image\":{\"@id\":\"https:\\\/\\\/recambiosecogas.com\\\/pt-pt\\\/producto\\\/boquilla-de-suministro-dish-de-90-para-repostaje-externo-para-conexion-de-manguera-de-llenado\\\/#primaryimage\"},\"thumbnailUrl\":\"https:\\\/\\\/recambiosecogas.com\\\/wp-content\\\/uploads\\\/2024\\\/11\\\/Boquilla-de-suministro-DISH-de-90\u00b0-para-repostaje-externo-para-conexion-de-manguera-de-llenado-png.webp\",\"datePublished\":\"2024-11-18T08:56:15+00:00\",\"dateModified\":\"2026-03-18T10:08:12+00:00\",\"description\":\"Boquilla de suministro DISH de 90\u00b0 para conexi\u00f3n de manguera de llenado en sistemas GLP. Ideal para repostaje externo.\",\"breadcrumb\":{\"@id\":\"https:\\\/\\\/recambiosecogas.com\\\/pt-pt\\\/producto\\\/boquilla-de-suministro-dish-de-90-para-repostaje-externo-para-conexion-de-manguera-de-llenado\\\/#breadcrumb\"},\"inLanguage\":\"pt-PT\",\"potentialAction\":[{\"@type\":\"ReadAction\",\"target\":[\"https:\\\/\\\/recambiosecogas.com\\\/pt-pt\\\/producto\\\/boquilla-de-suministro-dish-de-90-para-repostaje-externo-para-conexion-de-manguera-de-llenado\\\/\"]}]},{\"@type\":\"ImageObject\",\"inLanguage\":\"pt-PT\",\"@id\":\"https:\\\/\\\/recambiosecogas.com\\\/pt-pt\\\/producto\\\/boquilla-de-suministro-dish-de-90-para-repostaje-externo-para-conexion-de-manguera-de-llenado\\\/#primaryimage\",\"url\":\"https:\\\/\\\/recambiosecogas.com\\\/wp-content\\\/uploads\\\/2024\\\/11\\\/Boquilla-de-suministro-DISH-de-90\u00b0-para-repostaje-externo-para-conexion-de-manguera-de-llenado-png.webp\",\"contentUrl\":\"https:\\\/\\\/recambiosecogas.com\\\/wp-content\\\/uploads\\\/2024\\\/11\\\/Boquilla-de-suministro-DISH-de-90\u00b0-para-repostaje-externo-para-conexion-de-manguera-de-llenado-png.webp\",\"width\":1000,\"height\":1000},{\"@type\":\"BreadcrumbList\",\"@id\":\"https:\\\/\\\/recambiosecogas.com\\\/pt-pt\\\/producto\\\/boquilla-de-suministro-dish-de-90-para-repostaje-externo-para-conexion-de-manguera-de-llenado\\\/#breadcrumb\",\"itemListElement\":[{\"@type\":\"ListItem\",\"position\":1,\"name\":\"P\u00e1gina inicial\",\"item\":\"https:\\\/\\\/recambiosecogas.com\\\/pt-pt\\\/\"},{\"@type\":\"ListItem\",\"position\":2,\"name\":\"Loja\",\"item\":\"https:\\\/\\\/recambiosecogas.com\\\/pt-pt\\\/tienda\\\/\"},{\"@type\":\"ListItem\",\"position\":3,\"name\":\"Boquilla de suministro DISH de 90\u00b0 para repostaje externo para conexi\u00f3n de manguera de llenado\"}]},{\"@type\":\"WebSite\",\"@id\":\"https:\\\/\\\/recambiosecogas.com\\\/pt-pt\\\/#website\",\"url\":\"https:\\\/\\\/recambiosecogas.com\\\/pt-pt\\\/\",\"name\":\"Recambios EcoGas\",\"description\":\"Pe\u00e7as multimarca para sistemas de GPL\\\/GNC\\\/GNL\\\/Hidrog\u00e9nio\",\"publisher\":{\"@id\":\"https:\\\/\\\/recambiosecogas.com\\\/pt-pt\\\/#organization\"},\"alternateName\":\"Recambios Autogas GLP\",\"potentialAction\":[{\"@type\":\"SearchAction\",\"target\":{\"@type\":\"EntryPoint\",\"urlTemplate\":\"https:\\\/\\\/recambiosecogas.com\\\/pt-pt\\\/?s={search_term_string}\"},\"query-input\":{\"@type\":\"PropertyValueSpecification\",\"valueRequired\":true,\"valueName\":\"search_term_string\"}}],\"inLanguage\":\"pt-PT\"},{\"@type\":[\"Organization\",\"Place\"],\"@id\":\"https:\\\/\\\/recambiosecogas.com\\\/pt-pt\\\/#organization\",\"name\":\"Recambios EcoGas\",\"alternateName\":\"Loja de GPL Autog\u00e1s Espanha\",\"url\":\"https:\\\/\\\/recambiosecogas.com\\\/pt-pt\\\/\",\"logo\":{\"@id\":\"https:\\\/\\\/recambiosecogas.com\\\/pt-pt\\\/producto\\\/boquilla-de-suministro-dish-de-90-para-repostaje-externo-para-conexion-de-manguera-de-llenado\\\/#local-main-organization-logo\"},\"image\":{\"@id\":\"https:\\\/\\\/recambiosecogas.com\\\/pt-pt\\\/producto\\\/boquilla-de-suministro-dish-de-90-para-repostaje-externo-para-conexion-de-manguera-de-llenado\\\/#local-main-organization-logo\"},\"sameAs\":[\"https:\\\/\\\/www.facebook.com\\\/profile.php?id=100062419705358\",\"https:\\\/\\\/www.instagram.com\\\/segimon_automocio\"],\"description\":\"Recambios EcoGas \u2013 Venta y distribuci\u00f3n de sistemas GLP y GNC en Espa\u00f1a y Portugal. Env\u00edos 24 h, soporte t\u00e9cnico a talleres y distribuidores.\",\"hasMerchantReturnPolicy\":{\"@type\":\"MerchantReturnPolicy\",\"merchantReturnLink\":\"https:\\\/\\\/recambiosecogas.com\\\/politicas-privacidad\\\/\"},\"address\":{\"@id\":\"https:\\\/\\\/recambiosecogas.com\\\/pt-pt\\\/producto\\\/boquilla-de-suministro-dish-de-90-para-repostaje-externo-para-conexion-de-manguera-de-llenado\\\/#local-main-place-address\"},\"telephone\":[\"616250633\"],\"contactPoint\":{\"@type\":\"ContactPoint\",\"email\":\"export@recambiosecogas.com\"},\"openingHoursSpecification\":[{\"@type\":\"OpeningHoursSpecification\",\"dayOfWeek\":[\"Monday\",\"Tuesday\",\"Wednesday\",\"Thursday\",\"Friday\",\"Saturday\",\"Sunday\"],\"opens\":\"09:00\",\"closes\":\"17:00\"}],\"email\":\"info@recambiosecogas.com\",\"faxNumber\":\"SEGIMON AUTOMOCION SL\",\"vatID\":\"ESB19819861\",\"globalLocationNumber\":\"938 616 339\"},{\"@type\":\"PostalAddress\",\"@id\":\"https:\\\/\\\/recambiosecogas.com\\\/pt-pt\\\/producto\\\/boquilla-de-suministro-dish-de-90-para-repostaje-externo-para-conexion-de-manguera-de-llenado\\\/#local-main-place-address\",\"streetAddress\":\"cami antic de vic, 29 (Nave 3), Pol\u00edgono Industrial Congost\",\"addressLocality\":\"CORRO D`AVALL\",\"postalCode\":\"08520\",\"addressRegion\":\"Barcelona\",\"addressCountry\":\"ES\"},{\"@type\":\"ImageObject\",\"inLanguage\":\"pt-PT\",\"@id\":\"https:\\\/\\\/recambiosecogas.com\\\/pt-pt\\\/producto\\\/boquilla-de-suministro-dish-de-90-para-repostaje-externo-para-conexion-de-manguera-de-llenado\\\/#local-main-organization-logo\",\"url\":\"https:\\\/\\\/recambiosecogas.com\\\/wp-content\\\/uploads\\\/2024\\\/11\\\/cropped-RECAMBIOS-GLP-png.webp\",\"contentUrl\":\"https:\\\/\\\/recambiosecogas.com\\\/wp-content\\\/uploads\\\/2024\\\/11\\\/cropped-RECAMBIOS-GLP-png.webp\",\"width\":512,\"height\":512,\"caption\":\"Recambios EcoGas\"}]}<\/script>\n<meta property=\"product:brand\" content=\"SRG ROTAREX\" \/>\n<meta property=\"product:price:amount\" content=\"43.79\" \/>\n<meta property=\"product:price:currency\" content=\"EUR\" \/>\n<meta property=\"og:availability\" content=\"backorder\" \/>\n<meta property=\"product:availability\" content=\"available for order\" \/>\n<meta property=\"product:retailer_item_id\" content=\"104457\" \/>\n<meta property=\"product:condition\" content=\"new\" \/>\n<meta name=\"geo.placename\" content=\"CORRO D`AVALL\" \/>\n<meta name=\"geo.region\" content=\"Espanha\" \/>\n<!-- \/ Yoast SEO Premium plugin. -->","yoast_head_json":{"title":"Boquilla Suministro DISH 90\u00b0 GLP | Recambios Ecogas","description":"Boquilla de suministro DISH de 90\u00b0 para conexi\u00f3n de manguera de llenado en sistemas GLP. Ideal para repostaje externo.","robots":{"index":"index","follow":"follow","max-snippet":"max-snippet:-1","max-image-preview":"max-image-preview:large","max-video-preview":"max-video-preview:-1"},"canonical":"https:\/\/recambiosecogas.com\/pt-pt\/producto\/boquilla-de-suministro-dish-de-90-para-repostaje-externo-para-conexion-de-manguera-de-llenado\/","og_locale":"pt_PT","og_type":"article","og_title":"Boquilla de suministro DISH de 90\u00b0 para repostaje externo para conexi\u00f3n de manguera de llenado","og_description":"Boquilla de suministro DISH de 90\u00b0 para conexi\u00f3n de manguera de llenado en sistemas GLP. Ideal para repostaje externo.","og_url":"https:\/\/recambiosecogas.com\/pt-pt\/producto\/boquilla-de-suministro-dish-de-90-para-repostaje-externo-para-conexion-de-manguera-de-llenado\/","og_site_name":"Recambios EcoGas","article_publisher":"https:\/\/www.facebook.com\/profile.php?id=100062419705358","article_modified_time":"2026-03-18T10:08:12+00:00","og_image":[{"width":1000,"height":1000,"url":"https:\/\/recambiosecogas.com\/wp-content\/uploads\/2024\/11\/Boquilla-de-suministro-DISH-de-90\u00b0-para-repostaje-externo-para-conexion-de-manguera-de-llenado-png.webp","type":"image\/png"}],"twitter_card":"summary_large_image","twitter_misc":{"pre\u00e7o":"43,79&nbsp;&euro; (Sin IVA: 36,19&nbsp;&euro;)","Disponibilidade":"Por encomenda"},"schema":{"@context":"https:\/\/schema.org","@graph":[{"@type":"WebPage","@id":"https:\/\/recambiosecogas.com\/pt-pt\/producto\/boquilla-de-suministro-dish-de-90-para-repostaje-externo-para-conexion-de-manguera-de-llenado\/","url":"https:\/\/recambiosecogas.com\/pt-pt\/producto\/boquilla-de-suministro-dish-de-90-para-repostaje-externo-para-conexion-de-manguera-de-llenado\/","name":"Boquilla Suministro DISH 90\u00b0 GLP | Recambios Ecogas","isPartOf":{"@id":"https:\/\/recambiosecogas.com\/pt-pt\/#website"},"primaryImageOfPage":{"@id":"https:\/\/recambiosecogas.com\/pt-pt\/producto\/boquilla-de-suministro-dish-de-90-para-repostaje-externo-para-conexion-de-manguera-de-llenado\/#primaryimage"},"image":{"@id":"https:\/\/recambiosecogas.com\/pt-pt\/producto\/boquilla-de-suministro-dish-de-90-para-repostaje-externo-para-conexion-de-manguera-de-llenado\/#primaryimage"},"thumbnailUrl":"https:\/\/recambiosecogas.com\/wp-content\/uploads\/2024\/11\/Boquilla-de-suministro-DISH-de-90\u00b0-para-repostaje-externo-para-conexion-de-manguera-de-llenado-png.webp","datePublished":"2024-11-18T08:56:15+00:00","dateModified":"2026-03-18T10:08:12+00:00","description":"Boquilla de suministro DISH de 90\u00b0 para conexi\u00f3n de manguera de llenado en sistemas GLP. Ideal para repostaje externo.","breadcrumb":{"@id":"https:\/\/recambiosecogas.com\/pt-pt\/producto\/boquilla-de-suministro-dish-de-90-para-repostaje-externo-para-conexion-de-manguera-de-llenado\/#breadcrumb"},"inLanguage":"pt-PT","potentialAction":[{"@type":"ReadAction","target":["https:\/\/recambiosecogas.com\/pt-pt\/producto\/boquilla-de-suministro-dish-de-90-para-repostaje-externo-para-conexion-de-manguera-de-llenado\/"]}]},{"@type":"ImageObject","inLanguage":"pt-PT","@id":"https:\/\/recambiosecogas.com\/pt-pt\/producto\/boquilla-de-suministro-dish-de-90-para-repostaje-externo-para-conexion-de-manguera-de-llenado\/#primaryimage","url":"https:\/\/recambiosecogas.com\/wp-content\/uploads\/2024\/11\/Boquilla-de-suministro-DISH-de-90\u00b0-para-repostaje-externo-para-conexion-de-manguera-de-llenado-png.webp","contentUrl":"https:\/\/recambiosecogas.com\/wp-content\/uploads\/2024\/11\/Boquilla-de-suministro-DISH-de-90\u00b0-para-repostaje-externo-para-conexion-de-manguera-de-llenado-png.webp","width":1000,"height":1000},{"@type":"BreadcrumbList","@id":"https:\/\/recambiosecogas.com\/pt-pt\/producto\/boquilla-de-suministro-dish-de-90-para-repostaje-externo-para-conexion-de-manguera-de-llenado\/#breadcrumb","itemListElement":[{"@type":"ListItem","position":1,"name":"P\u00e1gina inicial","item":"https:\/\/recambiosecogas.com\/pt-pt\/"},{"@type":"ListItem","position":2,"name":"Loja","item":"https:\/\/recambiosecogas.com\/pt-pt\/tienda\/"},{"@type":"ListItem","position":3,"name":"Boquilla de suministro DISH de 90\u00b0 para repostaje externo para conexi\u00f3n de manguera de llenado"}]},{"@type":"WebSite","@id":"https:\/\/recambiosecogas.com\/pt-pt\/#website","url":"https:\/\/recambiosecogas.com\/pt-pt\/","name":"Recambios EcoGas","description":"Pe\u00e7as multimarca para sistemas de GPL\/GNC\/GNL\/Hidrog\u00e9nio","publisher":{"@id":"https:\/\/recambiosecogas.com\/pt-pt\/#organization"},"alternateName":"Recambios Autogas GLP","potentialAction":[{"@type":"SearchAction","target":{"@type":"EntryPoint","urlTemplate":"https:\/\/recambiosecogas.com\/pt-pt\/?s={search_term_string}"},"query-input":{"@type":"PropertyValueSpecification","valueRequired":true,"valueName":"search_term_string"}}],"inLanguage":"pt-PT"},{"@type":["Organization","Place"],"@id":"https:\/\/recambiosecogas.com\/pt-pt\/#organization","name":"Recambios EcoGas","alternateName":"Loja de GPL Autog\u00e1s Espanha","url":"https:\/\/recambiosecogas.com\/pt-pt\/","logo":{"@id":"https:\/\/recambiosecogas.com\/pt-pt\/producto\/boquilla-de-suministro-dish-de-90-para-repostaje-externo-para-conexion-de-manguera-de-llenado\/#local-main-organization-logo"},"image":{"@id":"https:\/\/recambiosecogas.com\/pt-pt\/producto\/boquilla-de-suministro-dish-de-90-para-repostaje-externo-para-conexion-de-manguera-de-llenado\/#local-main-organization-logo"},"sameAs":["https:\/\/www.facebook.com\/profile.php?id=100062419705358","https:\/\/www.instagram.com\/segimon_automocio"],"description":"Recambios EcoGas \u2013 Venta y distribuci\u00f3n de sistemas GLP y GNC en Espa\u00f1a y Portugal. Env\u00edos 24 h, soporte t\u00e9cnico a talleres y distribuidores.","hasMerchantReturnPolicy":{"@type":"MerchantReturnPolicy","merchantReturnLink":"https:\/\/recambiosecogas.com\/politicas-privacidad\/"},"address":{"@id":"https:\/\/recambiosecogas.com\/pt-pt\/producto\/boquilla-de-suministro-dish-de-90-para-repostaje-externo-para-conexion-de-manguera-de-llenado\/#local-main-place-address"},"telephone":["616250633"],"contactPoint":{"@type":"ContactPoint","email":"export@recambiosecogas.com"},"openingHoursSpecification":[{"@type":"OpeningHoursSpecification","dayOfWeek":["Monday","Tuesday","Wednesday","Thursday","Friday","Saturday","Sunday"],"opens":"09:00","closes":"17:00"}],"email":"info@recambiosecogas.com","faxNumber":"SEGIMON AUTOMOCION SL","vatID":"ESB19819861","globalLocationNumber":"938 616 339"},{"@type":"PostalAddress","@id":"https:\/\/recambiosecogas.com\/pt-pt\/producto\/boquilla-de-suministro-dish-de-90-para-repostaje-externo-para-conexion-de-manguera-de-llenado\/#local-main-place-address","streetAddress":"cami antic de vic, 29 (Nave 3), Pol\u00edgono Industrial Congost","addressLocality":"CORRO D`AVALL","postalCode":"08520","addressRegion":"Barcelona","addressCountry":"ES"},{"@type":"ImageObject","inLanguage":"pt-PT","@id":"https:\/\/recambiosecogas.com\/pt-pt\/producto\/boquilla-de-suministro-dish-de-90-para-repostaje-externo-para-conexion-de-manguera-de-llenado\/#local-main-organization-logo","url":"https:\/\/recambiosecogas.com\/wp-content\/uploads\/2024\/11\/cropped-RECAMBIOS-GLP-png.webp","contentUrl":"https:\/\/recambiosecogas.com\/wp-content\/uploads\/2024\/11\/cropped-RECAMBIOS-GLP-png.webp","width":512,"height":512,"caption":"Recambios EcoGas"}]},"product_brand":"SRG ROTAREX","product_price_amount":"43.79","product_price_currency":"EUR","og_availability":"backorder","product_availability":"available for order","product_retailer_item_id":"104457","product_condition":"new","geo.placename":"CORRO D`AVALL","geo.region":"Espanha"},"uagb_featured_image_src":{"full":["https:\/\/recambiosecogas.com\/wp-content\/uploads\/2024\/11\/Boquilla-de-suministro-DISH-de-90\u00b0-para-repostaje-externo-para-conexion-de-manguera-de-llenado-png.webp",1000,1000,false],"thumbnail":["https:\/\/recambiosecogas.com\/wp-content\/uploads\/2024\/11\/Boquilla-de-suministro-DISH-de-90\u00b0-para-repostaje-externo-para-conexion-de-manguera-de-llenado-150x150.webp",150,150,true],"medium":["https:\/\/recambiosecogas.com\/wp-content\/uploads\/2024\/11\/Boquilla-de-suministro-DISH-de-90\u00b0-para-repostaje-externo-para-conexion-de-manguera-de-llenado-300x300.webp",300,300,true],"medium_large":["https:\/\/recambiosecogas.com\/wp-content\/uploads\/2024\/11\/Boquilla-de-suministro-DISH-de-90\u00b0-para-repostaje-externo-para-conexion-de-manguera-de-llenado-768x768.webp",768,768,true],"large":["https:\/\/recambiosecogas.com\/wp-content\/uploads\/2024\/11\/Boquilla-de-suministro-DISH-de-90\u00b0-para-repostaje-externo-para-conexion-de-manguera-de-llenado-png.webp",1000,1000,false],"1536x1536":["https:\/\/recambiosecogas.com\/wp-content\/uploads\/2024\/11\/Boquilla-de-suministro-DISH-de-90\u00b0-para-repostaje-externo-para-conexion-de-manguera-de-llenado-png.webp",1000,1000,false],"2048x2048":["https:\/\/recambiosecogas.com\/wp-content\/uploads\/2024\/11\/Boquilla-de-suministro-DISH-de-90\u00b0-para-repostaje-externo-para-conexion-de-manguera-de-llenado-png.webp",1000,1000,false],"woocommerce_archive_thumbnail":["https:\/\/recambiosecogas.com\/wp-content\/uploads\/2024\/11\/Boquilla-de-suministro-DISH-de-90\u00b0-para-repostaje-externo-para-conexion-de-manguera-de-llenado-png.webp",1000,1000,false],"woocommerce_thumbnail":["https:\/\/recambiosecogas.com\/wp-content\/uploads\/2024\/11\/Boquilla-de-suministro-DISH-de-90\u00b0-para-repostaje-externo-para-conexion-de-manguera-de-llenado-png-300x300.webp",300,300,true],"woocommerce_single":["https:\/\/recambiosecogas.com\/wp-content\/uploads\/2024\/11\/Boquilla-de-suministro-DISH-de-90\u00b0-para-repostaje-externo-para-conexion-de-manguera-de-llenado-png.webp",1000,1000,false],"woocommerce_gallery_thumbnail":["https:\/\/recambiosecogas.com\/wp-content\/uploads\/2024\/11\/Boquilla-de-suministro-DISH-de-90\u00b0-para-repostaje-externo-para-conexion-de-manguera-de-llenado-png.webp",1000,1000,false],"dgwt-wcas-product-suggestion":["https:\/\/recambiosecogas.com\/wp-content\/uploads\/2024\/11\/Boquilla-de-suministro-DISH-de-90\u00b0-para-repostaje-externo-para-conexion-de-manguera-de-llenado-png-64x64.webp",64,64,true]},"uagb_author_info":{"display_name":"Fran - Soporte T\u00e9cnico","author_link":"https:\/\/recambiosecogas.com\/pt-pt\/author\/"},"uagb_comment_info":0,"uagb_excerpt":"Boquilla de suministro DISH de 90\u00b0 para repostaje externo en sistemas GLP. Conexi\u00f3n para manguera de llenado.","_links":{"self":[{"href":"https:\/\/recambiosecogas.com\/pt-pt\/wp-json\/wp\/v2\/product\/6760","targetHints":{"allow":["GET"]}}],"collection":[{"href":"https:\/\/recambiosecogas.com\/pt-pt\/wp-json\/wp\/v2\/product"}],"about":[{"href":"https:\/\/recambiosecogas.com\/pt-pt\/wp-json\/wp\/v2\/types\/product"}],"replies":[{"embeddable":true,"href":"https:\/\/recambiosecogas.com\/pt-pt\/wp-json\/wp\/v2\/comments?post=6760"}],"wp:featuredmedia":[{"embeddable":true,"href":"https:\/\/recambiosecogas.com\/pt-pt\/wp-json\/wp\/v2\/media\/7010"}],"wp:attachment":[{"href":"https:\/\/recambiosecogas.com\/pt-pt\/wp-json\/wp\/v2\/media?parent=6760"}],"wp:term":[{"taxonomy":"product_brand","embeddable":true,"href":"https:\/\/recambiosecogas.com\/pt-pt\/wp-json\/wp\/v2\/product_brand?post=6760"},{"taxonomy":"product_cat","embeddable":true,"href":"https:\/\/recambiosecogas.com\/pt-pt\/wp-json\/wp\/v2\/product_cat?post=6760"},{"taxonomy":"product_tag","embeddable":true,"href":"https:\/\/recambiosecogas.com\/pt-pt\/wp-json\/wp\/v2\/product_tag?post=6760"}],"curies":[{"name":"wp","href":"https:\/\/api.w.org\/{rel}","templated":true}]}}