{"id":6743,"date":"2024-11-18T09:55:42","date_gmt":"2024-11-18T08:55:42","guid":{"rendered":"https:\/\/recambiosecogas.com\/producto\/brc-boquilla-de-suministro-dish-90-8-mm-incl-tapon-de-llenado\/"},"modified":"2026-03-18T11:09:29","modified_gmt":"2026-03-18T10:09:29","slug":"brc-boquilla-de-suministro-dish-90-8-mm-incl-tapon-de-llenado","status":"publish","type":"product","link":"https:\/\/recambiosecogas.com\/pt-pt\/producto\/brc-boquilla-de-suministro-dish-90-8-mm-incl-tapon-de-llenado\/","title":{"rendered":"BRC boquilla de suministro DISH 90\u00b0 8 mm incl. tap\u00f3n de llenado"},"content":{"rendered":"<p>Boquilla Suministro DISH 90\u00b0 8 mm<br \/>\nBoquilla de Suministro GLP DISH 90\u00b0 con Tap\u00f3n<\/p>\n<p>La boquilla de suministro DISH 90\u00b0 de 8 mm es un componente esencial para el llenado seguro y eficiente de sistemas de GLP. Dise\u00f1ada para adaptarse a conexiones de 8 mm, esta boquilla asegura un flujo constante de gas durante el proceso de llenado.<\/p>\n<p>Esta boquilla se utiliza en sistemas de llenado GLP, proporcionando una conexi\u00f3n segura y sellada. Su dise\u00f1o en \u00e1ngulo de 90 grados facilita el acceso en espacios reducidos y mejora la ergonom\u00eda durante el llenado.<\/p>\n<p>Ideal para su uso en veh\u00edculos equipados con sistemas GLP, esta boquilla es necesaria para asegurar una conexi\u00f3n adecuada y evitar fugas durante el llenado. Se recomienda su uso en sistemas que emplean conexiones tipo DISH.<\/p>\n<p>Fabricada con materiales duraderos, la boquilla de suministro DISH 90\u00b0 garantiza un rendimiento fiable y seguro. Incluye un tap\u00f3n de llenado que protege la conexi\u00f3n de suciedad y da\u00f1os cuando no est\u00e1 en uso.<\/p>\n<p>Compatibilidad<br \/>\nCompatible con veh\u00edculos equipados con sistema GLP\/GNC OEM de f\u00e1brica. Se recomienda verificar la referencia original antes de realizar la compra.<\/p>\n","protected":false},"excerpt":{"rendered":"<p>BRC boquilla de suministro DISH 90\u00b0 8 mm incl. tap\u00f3n de llenado<\/p>\n","protected":false},"featured_media":7064,"comment_status":"closed","ping_status":"closed","template":"","meta":{"_uag_custom_page_level_css":""},"product_brand":[979],"product_cat":[1094,1831,1823,1467],"product_tag":[1140,1142,1144,1150,1153,1155,1157,1163,1165,1167,1169,1173,1175,1176,1178,1181,1183,1184,1186,1189,1190,1193,1194,1196],"class_list":{"0":"post-6743","1":"product","2":"type-product","3":"status-publish","4":"has-post-thumbnail","6":"product_brand-brc-mtm-glp","7":"product_cat-brc-pt-pt","8":"product_cat-enchimento-de-gpl","9":"product_cat-reabastecer","10":"product_cat-valvula-de-enchimento-gpl","11":"product_tag-adaptador-gpl-austria","12":"product_tag-adaptador-glp-bosnia-pt-pt","13":"product_tag-adaptador-gpl-bulgaria","14":"product_tag-adaptador-gpl-croacia","15":"product_tag-adaptador-gpl-dinamarca","16":"product_tag-adaptador-gpl-eslovaquia","17":"product_tag-adaptador-gpl-eslovaquia-pt-pt","18":"product_tag-adaptador-gpl-estonia-pt","19":"product_tag-adaptador-gpl-franca","20":"product_tag-adaptador-gpl-grecia-pt-pt","21":"product_tag-adaptador-gpl-hungria","22":"product_tag-adaptador-gpl-italia","23":"product_tag-adaptador-gpl-letonia","24":"product_tag-adaptador-gpl-lituania","25":"product_tag-adaptador-gpl-macedonia","26":"product_tag-adaptador-gpl-polonia","27":"product_tag-adaptador-gpl-portugal","28":"product_tag-adaptador-gpl-republica-checa","29":"product_tag-adaptador-gpl-romenia","30":"product_tag-adaptador-gpl-russia","31":"product_tag-adaptador-de-gpl-suecia","32":"product_tag-adaptador-gpl-suico","33":"product_tag-adaptador-gpl-turkiye","34":"product_tag-adaptador-de-gpl-ucrania","36":"first","37":"onbackorder","38":"taxable","39":"shipping-taxable","40":"purchasable","41":"product-type-simple"},"ct_brands":[{"id":979,"name":"BRC","slug":"brc-mtm-glp"}],"yoast_head":"<!-- This site is optimized with the Yoast SEO Premium plugin v27.5 (Yoast SEO v27.5) - https:\/\/yoast.com\/product\/yoast-seo-premium-wordpress\/ -->\n<title>Boquilla Suministro DISH 90\u00b0 8 mm | Recambios Ecogas<\/title>\n<meta name=\"description\" content=\"Boquilla de suministro DISH 90\u00b0 de 8 mm para sistemas GLP. Incluye tap\u00f3n de llenado para una conexi\u00f3n segura.\" \/>\n<meta name=\"robots\" content=\"index, follow, max-snippet:-1, max-image-preview:large, max-video-preview:-1\" \/>\n<link rel=\"canonical\" href=\"https:\/\/recambiosecogas.com\/pt-pt\/producto\/brc-boquilla-de-suministro-dish-90-8-mm-incl-tapon-de-llenado\/\" \/>\n<meta property=\"og:locale\" content=\"pt_PT\" \/>\n<meta property=\"og:type\" content=\"article\" \/>\n<meta property=\"og:title\" content=\"BRC boquilla de suministro DISH 90\u00b0 8 mm incl. tap\u00f3n de llenado\" \/>\n<meta property=\"og:description\" content=\"Boquilla de suministro DISH 90\u00b0 de 8 mm para sistemas GLP. Incluye tap\u00f3n de llenado para una conexi\u00f3n segura.\" \/>\n<meta property=\"og:url\" content=\"https:\/\/recambiosecogas.com\/pt-pt\/producto\/brc-boquilla-de-suministro-dish-90-8-mm-incl-tapon-de-llenado\/\" \/>\n<meta property=\"og:site_name\" content=\"Recambios EcoGas\" \/>\n<meta property=\"article:publisher\" content=\"https:\/\/www.facebook.com\/profile.php?id=100062419705358\" \/>\n<meta property=\"article:modified_time\" content=\"2026-03-18T10:09:29+00:00\" \/>\n<meta property=\"og:image\" content=\"https:\/\/recambiosecogas.com\/wp-content\/uploads\/2024\/11\/BRC-boquilla-de-suministro-DISH-90\u00b0-8-mm-incl.-tapon-de-llenado-png.webp\" \/>\n\t<meta property=\"og:image:width\" content=\"1000\" \/>\n\t<meta property=\"og:image:height\" content=\"1000\" \/>\n\t<meta property=\"og:image:type\" content=\"image\/png\" \/>\n<meta name=\"twitter:card\" content=\"summary_large_image\" \/>\n<meta name=\"twitter:label1\" content=\"pre\u00e7o\" \/>\n\t<meta name=\"twitter:data1\" content=\"19,76&nbsp;&euro; (Sin IVA: 16,33&nbsp;&euro;)\" \/>\n\t<meta name=\"twitter:label2\" content=\"Disponibilidade\" \/>\n\t<meta name=\"twitter:data2\" content=\"Por encomenda\" \/>\n<script type=\"application\/ld+json\" class=\"yoast-schema-graph\">{\"@context\":\"https:\\\/\\\/schema.org\",\"@graph\":[{\"@type\":\"WebPage\",\"@id\":\"https:\\\/\\\/recambiosecogas.com\\\/pt-pt\\\/producto\\\/brc-boquilla-de-suministro-dish-90-8-mm-incl-tapon-de-llenado\\\/\",\"url\":\"https:\\\/\\\/recambiosecogas.com\\\/pt-pt\\\/producto\\\/brc-boquilla-de-suministro-dish-90-8-mm-incl-tapon-de-llenado\\\/\",\"name\":\"Boquilla Suministro DISH 90\u00b0 8 mm | Recambios Ecogas\",\"isPartOf\":{\"@id\":\"https:\\\/\\\/recambiosecogas.com\\\/pt-pt\\\/#website\"},\"primaryImageOfPage\":{\"@id\":\"https:\\\/\\\/recambiosecogas.com\\\/pt-pt\\\/producto\\\/brc-boquilla-de-suministro-dish-90-8-mm-incl-tapon-de-llenado\\\/#primaryimage\"},\"image\":{\"@id\":\"https:\\\/\\\/recambiosecogas.com\\\/pt-pt\\\/producto\\\/brc-boquilla-de-suministro-dish-90-8-mm-incl-tapon-de-llenado\\\/#primaryimage\"},\"thumbnailUrl\":\"https:\\\/\\\/recambiosecogas.com\\\/wp-content\\\/uploads\\\/2024\\\/11\\\/BRC-boquilla-de-suministro-DISH-90\u00b0-8-mm-incl.-tapon-de-llenado-png.webp\",\"datePublished\":\"2024-11-18T08:55:42+00:00\",\"dateModified\":\"2026-03-18T10:09:29+00:00\",\"description\":\"Boquilla de suministro DISH 90\u00b0 de 8 mm para sistemas GLP. Incluye tap\u00f3n de llenado para una conexi\u00f3n segura.\",\"breadcrumb\":{\"@id\":\"https:\\\/\\\/recambiosecogas.com\\\/pt-pt\\\/producto\\\/brc-boquilla-de-suministro-dish-90-8-mm-incl-tapon-de-llenado\\\/#breadcrumb\"},\"inLanguage\":\"pt-PT\",\"potentialAction\":[{\"@type\":\"ReadAction\",\"target\":[\"https:\\\/\\\/recambiosecogas.com\\\/pt-pt\\\/producto\\\/brc-boquilla-de-suministro-dish-90-8-mm-incl-tapon-de-llenado\\\/\"]}]},{\"@type\":\"ImageObject\",\"inLanguage\":\"pt-PT\",\"@id\":\"https:\\\/\\\/recambiosecogas.com\\\/pt-pt\\\/producto\\\/brc-boquilla-de-suministro-dish-90-8-mm-incl-tapon-de-llenado\\\/#primaryimage\",\"url\":\"https:\\\/\\\/recambiosecogas.com\\\/wp-content\\\/uploads\\\/2024\\\/11\\\/BRC-boquilla-de-suministro-DISH-90\u00b0-8-mm-incl.-tapon-de-llenado-png.webp\",\"contentUrl\":\"https:\\\/\\\/recambiosecogas.com\\\/wp-content\\\/uploads\\\/2024\\\/11\\\/BRC-boquilla-de-suministro-DISH-90\u00b0-8-mm-incl.-tapon-de-llenado-png.webp\",\"width\":1000,\"height\":1000},{\"@type\":\"BreadcrumbList\",\"@id\":\"https:\\\/\\\/recambiosecogas.com\\\/pt-pt\\\/producto\\\/brc-boquilla-de-suministro-dish-90-8-mm-incl-tapon-de-llenado\\\/#breadcrumb\",\"itemListElement\":[{\"@type\":\"ListItem\",\"position\":1,\"name\":\"P\u00e1gina inicial\",\"item\":\"https:\\\/\\\/recambiosecogas.com\\\/pt-pt\\\/\"},{\"@type\":\"ListItem\",\"position\":2,\"name\":\"Loja\",\"item\":\"https:\\\/\\\/recambiosecogas.com\\\/pt-pt\\\/tienda\\\/\"},{\"@type\":\"ListItem\",\"position\":3,\"name\":\"BRC boquilla de suministro DISH 90\u00b0 8 mm incl. tap\u00f3n de llenado\"}]},{\"@type\":\"WebSite\",\"@id\":\"https:\\\/\\\/recambiosecogas.com\\\/pt-pt\\\/#website\",\"url\":\"https:\\\/\\\/recambiosecogas.com\\\/pt-pt\\\/\",\"name\":\"Recambios EcoGas\",\"description\":\"Pe\u00e7as multimarca para sistemas de GPL\\\/GNC\\\/GNL\\\/Hidrog\u00e9nio\",\"publisher\":{\"@id\":\"https:\\\/\\\/recambiosecogas.com\\\/pt-pt\\\/#organization\"},\"alternateName\":\"Recambios Autogas GLP\",\"potentialAction\":[{\"@type\":\"SearchAction\",\"target\":{\"@type\":\"EntryPoint\",\"urlTemplate\":\"https:\\\/\\\/recambiosecogas.com\\\/pt-pt\\\/?s={search_term_string}\"},\"query-input\":{\"@type\":\"PropertyValueSpecification\",\"valueRequired\":true,\"valueName\":\"search_term_string\"}}],\"inLanguage\":\"pt-PT\"},{\"@type\":[\"Organization\",\"Place\"],\"@id\":\"https:\\\/\\\/recambiosecogas.com\\\/pt-pt\\\/#organization\",\"name\":\"Recambios EcoGas\",\"alternateName\":\"Loja de GPL Autog\u00e1s Espanha\",\"url\":\"https:\\\/\\\/recambiosecogas.com\\\/pt-pt\\\/\",\"logo\":{\"@id\":\"https:\\\/\\\/recambiosecogas.com\\\/pt-pt\\\/producto\\\/brc-boquilla-de-suministro-dish-90-8-mm-incl-tapon-de-llenado\\\/#local-main-organization-logo\"},\"image\":{\"@id\":\"https:\\\/\\\/recambiosecogas.com\\\/pt-pt\\\/producto\\\/brc-boquilla-de-suministro-dish-90-8-mm-incl-tapon-de-llenado\\\/#local-main-organization-logo\"},\"sameAs\":[\"https:\\\/\\\/www.facebook.com\\\/profile.php?id=100062419705358\",\"https:\\\/\\\/www.instagram.com\\\/segimon_automocio\"],\"description\":\"Recambios EcoGas \u2013 Venta y distribuci\u00f3n de sistemas GLP y GNC en Espa\u00f1a y Portugal. Env\u00edos 24 h, soporte t\u00e9cnico a talleres y distribuidores.\",\"hasMerchantReturnPolicy\":{\"@type\":\"MerchantReturnPolicy\",\"merchantReturnLink\":\"https:\\\/\\\/recambiosecogas.com\\\/politicas-privacidad\\\/\"},\"address\":{\"@id\":\"https:\\\/\\\/recambiosecogas.com\\\/pt-pt\\\/producto\\\/brc-boquilla-de-suministro-dish-90-8-mm-incl-tapon-de-llenado\\\/#local-main-place-address\"},\"telephone\":[\"616250633\"],\"contactPoint\":{\"@type\":\"ContactPoint\",\"email\":\"export@recambiosecogas.com\"},\"openingHoursSpecification\":[{\"@type\":\"OpeningHoursSpecification\",\"dayOfWeek\":[\"Monday\",\"Tuesday\",\"Wednesday\",\"Thursday\",\"Friday\",\"Saturday\",\"Sunday\"],\"opens\":\"09:00\",\"closes\":\"17:00\"}],\"email\":\"info@recambiosecogas.com\",\"faxNumber\":\"SEGIMON AUTOMOCION SL\",\"vatID\":\"ESB19819861\",\"globalLocationNumber\":\"938 616 339\"},{\"@type\":\"PostalAddress\",\"@id\":\"https:\\\/\\\/recambiosecogas.com\\\/pt-pt\\\/producto\\\/brc-boquilla-de-suministro-dish-90-8-mm-incl-tapon-de-llenado\\\/#local-main-place-address\",\"streetAddress\":\"cami antic de vic, 29 (Nave 3), Pol\u00edgono Industrial Congost\",\"addressLocality\":\"CORRO D`AVALL\",\"postalCode\":\"08520\",\"addressRegion\":\"Barcelona\",\"addressCountry\":\"ES\"},{\"@type\":\"ImageObject\",\"inLanguage\":\"pt-PT\",\"@id\":\"https:\\\/\\\/recambiosecogas.com\\\/pt-pt\\\/producto\\\/brc-boquilla-de-suministro-dish-90-8-mm-incl-tapon-de-llenado\\\/#local-main-organization-logo\",\"url\":\"https:\\\/\\\/recambiosecogas.com\\\/wp-content\\\/uploads\\\/2024\\\/11\\\/cropped-RECAMBIOS-GLP-png.webp\",\"contentUrl\":\"https:\\\/\\\/recambiosecogas.com\\\/wp-content\\\/uploads\\\/2024\\\/11\\\/cropped-RECAMBIOS-GLP-png.webp\",\"width\":512,\"height\":512,\"caption\":\"Recambios EcoGas\"}]}<\/script>\n<meta property=\"product:brand\" content=\"BRC\" \/>\n<meta property=\"product:price:amount\" content=\"19.76\" \/>\n<meta property=\"product:price:currency\" content=\"EUR\" \/>\n<meta property=\"og:availability\" content=\"backorder\" \/>\n<meta property=\"product:availability\" content=\"available for order\" \/>\n<meta property=\"product:retailer_item_id\" content=\"106403A\" \/>\n<meta property=\"product:condition\" content=\"new\" \/>\n<meta name=\"geo.placename\" content=\"CORRO D`AVALL\" \/>\n<meta name=\"geo.region\" content=\"Espanha\" \/>\n<!-- \/ Yoast SEO Premium plugin. -->","yoast_head_json":{"title":"Boquilla Suministro DISH 90\u00b0 8 mm | Recambios Ecogas","description":"Boquilla de suministro DISH 90\u00b0 de 8 mm para sistemas GLP. Incluye tap\u00f3n de llenado para una conexi\u00f3n segura.","robots":{"index":"index","follow":"follow","max-snippet":"max-snippet:-1","max-image-preview":"max-image-preview:large","max-video-preview":"max-video-preview:-1"},"canonical":"https:\/\/recambiosecogas.com\/pt-pt\/producto\/brc-boquilla-de-suministro-dish-90-8-mm-incl-tapon-de-llenado\/","og_locale":"pt_PT","og_type":"article","og_title":"BRC boquilla de suministro DISH 90\u00b0 8 mm incl. tap\u00f3n de llenado","og_description":"Boquilla de suministro DISH 90\u00b0 de 8 mm para sistemas GLP. Incluye tap\u00f3n de llenado para una conexi\u00f3n segura.","og_url":"https:\/\/recambiosecogas.com\/pt-pt\/producto\/brc-boquilla-de-suministro-dish-90-8-mm-incl-tapon-de-llenado\/","og_site_name":"Recambios EcoGas","article_publisher":"https:\/\/www.facebook.com\/profile.php?id=100062419705358","article_modified_time":"2026-03-18T10:09:29+00:00","og_image":[{"width":1000,"height":1000,"url":"https:\/\/recambiosecogas.com\/wp-content\/uploads\/2024\/11\/BRC-boquilla-de-suministro-DISH-90\u00b0-8-mm-incl.-tapon-de-llenado-png.webp","type":"image\/png"}],"twitter_card":"summary_large_image","twitter_misc":{"pre\u00e7o":"19,76&nbsp;&euro; (Sin IVA: 16,33&nbsp;&euro;)","Disponibilidade":"Por encomenda"},"schema":{"@context":"https:\/\/schema.org","@graph":[{"@type":"WebPage","@id":"https:\/\/recambiosecogas.com\/pt-pt\/producto\/brc-boquilla-de-suministro-dish-90-8-mm-incl-tapon-de-llenado\/","url":"https:\/\/recambiosecogas.com\/pt-pt\/producto\/brc-boquilla-de-suministro-dish-90-8-mm-incl-tapon-de-llenado\/","name":"Boquilla Suministro DISH 90\u00b0 8 mm | Recambios Ecogas","isPartOf":{"@id":"https:\/\/recambiosecogas.com\/pt-pt\/#website"},"primaryImageOfPage":{"@id":"https:\/\/recambiosecogas.com\/pt-pt\/producto\/brc-boquilla-de-suministro-dish-90-8-mm-incl-tapon-de-llenado\/#primaryimage"},"image":{"@id":"https:\/\/recambiosecogas.com\/pt-pt\/producto\/brc-boquilla-de-suministro-dish-90-8-mm-incl-tapon-de-llenado\/#primaryimage"},"thumbnailUrl":"https:\/\/recambiosecogas.com\/wp-content\/uploads\/2024\/11\/BRC-boquilla-de-suministro-DISH-90\u00b0-8-mm-incl.-tapon-de-llenado-png.webp","datePublished":"2024-11-18T08:55:42+00:00","dateModified":"2026-03-18T10:09:29+00:00","description":"Boquilla de suministro DISH 90\u00b0 de 8 mm para sistemas GLP. Incluye tap\u00f3n de llenado para una conexi\u00f3n segura.","breadcrumb":{"@id":"https:\/\/recambiosecogas.com\/pt-pt\/producto\/brc-boquilla-de-suministro-dish-90-8-mm-incl-tapon-de-llenado\/#breadcrumb"},"inLanguage":"pt-PT","potentialAction":[{"@type":"ReadAction","target":["https:\/\/recambiosecogas.com\/pt-pt\/producto\/brc-boquilla-de-suministro-dish-90-8-mm-incl-tapon-de-llenado\/"]}]},{"@type":"ImageObject","inLanguage":"pt-PT","@id":"https:\/\/recambiosecogas.com\/pt-pt\/producto\/brc-boquilla-de-suministro-dish-90-8-mm-incl-tapon-de-llenado\/#primaryimage","url":"https:\/\/recambiosecogas.com\/wp-content\/uploads\/2024\/11\/BRC-boquilla-de-suministro-DISH-90\u00b0-8-mm-incl.-tapon-de-llenado-png.webp","contentUrl":"https:\/\/recambiosecogas.com\/wp-content\/uploads\/2024\/11\/BRC-boquilla-de-suministro-DISH-90\u00b0-8-mm-incl.-tapon-de-llenado-png.webp","width":1000,"height":1000},{"@type":"BreadcrumbList","@id":"https:\/\/recambiosecogas.com\/pt-pt\/producto\/brc-boquilla-de-suministro-dish-90-8-mm-incl-tapon-de-llenado\/#breadcrumb","itemListElement":[{"@type":"ListItem","position":1,"name":"P\u00e1gina inicial","item":"https:\/\/recambiosecogas.com\/pt-pt\/"},{"@type":"ListItem","position":2,"name":"Loja","item":"https:\/\/recambiosecogas.com\/pt-pt\/tienda\/"},{"@type":"ListItem","position":3,"name":"BRC boquilla de suministro DISH 90\u00b0 8 mm incl. tap\u00f3n de llenado"}]},{"@type":"WebSite","@id":"https:\/\/recambiosecogas.com\/pt-pt\/#website","url":"https:\/\/recambiosecogas.com\/pt-pt\/","name":"Recambios EcoGas","description":"Pe\u00e7as multimarca para sistemas de GPL\/GNC\/GNL\/Hidrog\u00e9nio","publisher":{"@id":"https:\/\/recambiosecogas.com\/pt-pt\/#organization"},"alternateName":"Recambios Autogas GLP","potentialAction":[{"@type":"SearchAction","target":{"@type":"EntryPoint","urlTemplate":"https:\/\/recambiosecogas.com\/pt-pt\/?s={search_term_string}"},"query-input":{"@type":"PropertyValueSpecification","valueRequired":true,"valueName":"search_term_string"}}],"inLanguage":"pt-PT"},{"@type":["Organization","Place"],"@id":"https:\/\/recambiosecogas.com\/pt-pt\/#organization","name":"Recambios EcoGas","alternateName":"Loja de GPL Autog\u00e1s Espanha","url":"https:\/\/recambiosecogas.com\/pt-pt\/","logo":{"@id":"https:\/\/recambiosecogas.com\/pt-pt\/producto\/brc-boquilla-de-suministro-dish-90-8-mm-incl-tapon-de-llenado\/#local-main-organization-logo"},"image":{"@id":"https:\/\/recambiosecogas.com\/pt-pt\/producto\/brc-boquilla-de-suministro-dish-90-8-mm-incl-tapon-de-llenado\/#local-main-organization-logo"},"sameAs":["https:\/\/www.facebook.com\/profile.php?id=100062419705358","https:\/\/www.instagram.com\/segimon_automocio"],"description":"Recambios EcoGas \u2013 Venta y distribuci\u00f3n de sistemas GLP y GNC en Espa\u00f1a y Portugal. Env\u00edos 24 h, soporte t\u00e9cnico a talleres y distribuidores.","hasMerchantReturnPolicy":{"@type":"MerchantReturnPolicy","merchantReturnLink":"https:\/\/recambiosecogas.com\/politicas-privacidad\/"},"address":{"@id":"https:\/\/recambiosecogas.com\/pt-pt\/producto\/brc-boquilla-de-suministro-dish-90-8-mm-incl-tapon-de-llenado\/#local-main-place-address"},"telephone":["616250633"],"contactPoint":{"@type":"ContactPoint","email":"export@recambiosecogas.com"},"openingHoursSpecification":[{"@type":"OpeningHoursSpecification","dayOfWeek":["Monday","Tuesday","Wednesday","Thursday","Friday","Saturday","Sunday"],"opens":"09:00","closes":"17:00"}],"email":"info@recambiosecogas.com","faxNumber":"SEGIMON AUTOMOCION SL","vatID":"ESB19819861","globalLocationNumber":"938 616 339"},{"@type":"PostalAddress","@id":"https:\/\/recambiosecogas.com\/pt-pt\/producto\/brc-boquilla-de-suministro-dish-90-8-mm-incl-tapon-de-llenado\/#local-main-place-address","streetAddress":"cami antic de vic, 29 (Nave 3), Pol\u00edgono Industrial Congost","addressLocality":"CORRO D`AVALL","postalCode":"08520","addressRegion":"Barcelona","addressCountry":"ES"},{"@type":"ImageObject","inLanguage":"pt-PT","@id":"https:\/\/recambiosecogas.com\/pt-pt\/producto\/brc-boquilla-de-suministro-dish-90-8-mm-incl-tapon-de-llenado\/#local-main-organization-logo","url":"https:\/\/recambiosecogas.com\/wp-content\/uploads\/2024\/11\/cropped-RECAMBIOS-GLP-png.webp","contentUrl":"https:\/\/recambiosecogas.com\/wp-content\/uploads\/2024\/11\/cropped-RECAMBIOS-GLP-png.webp","width":512,"height":512,"caption":"Recambios EcoGas"}]},"product_brand":"BRC","product_price_amount":"19.76","product_price_currency":"EUR","og_availability":"backorder","product_availability":"available for order","product_retailer_item_id":"106403A","product_condition":"new","geo.placename":"CORRO D`AVALL","geo.region":"Espanha"},"uagb_featured_image_src":{"full":["https:\/\/recambiosecogas.com\/wp-content\/uploads\/2024\/11\/BRC-boquilla-de-suministro-DISH-90\u00b0-8-mm-incl.-tapon-de-llenado-png.webp",1000,1000,false],"thumbnail":["https:\/\/recambiosecogas.com\/wp-content\/uploads\/2024\/11\/BRC-boquilla-de-suministro-DISH-90\u00b0-8-mm-incl.-tapon-de-llenado-150x150.webp",150,150,true],"medium":["https:\/\/recambiosecogas.com\/wp-content\/uploads\/2024\/11\/BRC-boquilla-de-suministro-DISH-90\u00b0-8-mm-incl.-tapon-de-llenado-300x300.webp",300,300,true],"medium_large":["https:\/\/recambiosecogas.com\/wp-content\/uploads\/2024\/11\/BRC-boquilla-de-suministro-DISH-90\u00b0-8-mm-incl.-tapon-de-llenado-768x768.webp",768,768,true],"large":["https:\/\/recambiosecogas.com\/wp-content\/uploads\/2024\/11\/BRC-boquilla-de-suministro-DISH-90\u00b0-8-mm-incl.-tapon-de-llenado-png.webp",1000,1000,false],"1536x1536":["https:\/\/recambiosecogas.com\/wp-content\/uploads\/2024\/11\/BRC-boquilla-de-suministro-DISH-90\u00b0-8-mm-incl.-tapon-de-llenado-png.webp",1000,1000,false],"2048x2048":["https:\/\/recambiosecogas.com\/wp-content\/uploads\/2024\/11\/BRC-boquilla-de-suministro-DISH-90\u00b0-8-mm-incl.-tapon-de-llenado-png.webp",1000,1000,false],"woocommerce_archive_thumbnail":["https:\/\/recambiosecogas.com\/wp-content\/uploads\/2024\/11\/BRC-boquilla-de-suministro-DISH-90\u00b0-8-mm-incl.-tapon-de-llenado-png.webp",1000,1000,false],"woocommerce_thumbnail":["https:\/\/recambiosecogas.com\/wp-content\/uploads\/2024\/11\/BRC-boquilla-de-suministro-DISH-90\u00b0-8-mm-incl.-tapon-de-llenado-png-300x300.webp",300,300,true],"woocommerce_single":["https:\/\/recambiosecogas.com\/wp-content\/uploads\/2024\/11\/BRC-boquilla-de-suministro-DISH-90\u00b0-8-mm-incl.-tapon-de-llenado-png.webp",1000,1000,false],"woocommerce_gallery_thumbnail":["https:\/\/recambiosecogas.com\/wp-content\/uploads\/2024\/11\/BRC-boquilla-de-suministro-DISH-90\u00b0-8-mm-incl.-tapon-de-llenado-png.webp",1000,1000,false],"dgwt-wcas-product-suggestion":["https:\/\/recambiosecogas.com\/wp-content\/uploads\/2024\/11\/BRC-boquilla-de-suministro-DISH-90\u00b0-8-mm-incl.-tapon-de-llenado-png-64x64.webp",64,64,true]},"uagb_author_info":{"display_name":"Fran - Soporte T\u00e9cnico","author_link":"https:\/\/recambiosecogas.com\/pt-pt\/author\/"},"uagb_comment_info":0,"uagb_excerpt":"BRC boquilla de suministro DISH 90\u00b0 8 mm incl. tap\u00f3n de llenado","_links":{"self":[{"href":"https:\/\/recambiosecogas.com\/pt-pt\/wp-json\/wp\/v2\/product\/6743","targetHints":{"allow":["GET"]}}],"collection":[{"href":"https:\/\/recambiosecogas.com\/pt-pt\/wp-json\/wp\/v2\/product"}],"about":[{"href":"https:\/\/recambiosecogas.com\/pt-pt\/wp-json\/wp\/v2\/types\/product"}],"replies":[{"embeddable":true,"href":"https:\/\/recambiosecogas.com\/pt-pt\/wp-json\/wp\/v2\/comments?post=6743"}],"wp:featuredmedia":[{"embeddable":true,"href":"https:\/\/recambiosecogas.com\/pt-pt\/wp-json\/wp\/v2\/media\/7064"}],"wp:attachment":[{"href":"https:\/\/recambiosecogas.com\/pt-pt\/wp-json\/wp\/v2\/media?parent=6743"}],"wp:term":[{"taxonomy":"product_brand","embeddable":true,"href":"https:\/\/recambiosecogas.com\/pt-pt\/wp-json\/wp\/v2\/product_brand?post=6743"},{"taxonomy":"product_cat","embeddable":true,"href":"https:\/\/recambiosecogas.com\/pt-pt\/wp-json\/wp\/v2\/product_cat?post=6743"},{"taxonomy":"product_tag","embeddable":true,"href":"https:\/\/recambiosecogas.com\/pt-pt\/wp-json\/wp\/v2\/product_tag?post=6743"}],"curies":[{"name":"wp","href":"https:\/\/api.w.org\/{rel}","templated":true}]}}