{"id":6397,"date":"2024-11-04T09:17:46","date_gmt":"2024-11-04T09:17:46","guid":{"rendered":"https:\/\/recambiosecogas.com\/producto\/step-tanque-toroidal-glp-externo-ultra-630x270-71l-e20\/"},"modified":"2026-05-05T10:51:27","modified_gmt":"2026-05-05T09:51:27","slug":"step-tanque-toroidal-glp-externo-ultra-630x270-71l-e20","status":"publish","type":"product","link":"https:\/\/recambiosecogas.com\/pt-pt\/producto\/step-tanque-toroidal-glp-externo-ultra-630x270-71l-e20\/","title":{"rendered":"Dep\u00f3sito STEP toroidal externo ULTRA 630&#215;270 71L (E20)"},"content":{"rendered":"<h3>STEP tanque toroidal GLP externo ULTRA 630&#215;270 71L (E20)<\/h3>\n<p><strong><span>STEP <a href=\"https:\/\/recambiosecogas.com\/categoria-producto\/depositos-para-glp\/deposito-toroidal-externo\/\">Tanque Toroidal GLP Externo<\/a> ULTRA 630&#215;270 71L<\/span><\/strong><span> es una soluci\u00f3n confiable y eficiente dise\u00f1ada para sistemas de gas licuado de petr\u00f3leo (GLP). Este dep\u00f3sito toroidal externo, homologado bajo la normativa <\/span><strong><span>E20 67R-01 0887<\/span><\/strong><span> , ofrece un dise\u00f1o optimizado para maximizar la capacidad de almacenamiento y el rendimiento en veh\u00edculos de autog\u00e1s.<\/span><\/p>\n<p><span>Con un di\u00e1metro externo de <\/span><strong><span>630 mm<\/span><\/strong><span> y una altura de <\/span><strong><span>270 mm<\/span><\/strong><span> , este tanque tiene una capacidad de <\/span><strong><span>71 litros<\/span><\/strong><span> , lo que lo convierte en una opci\u00f3n ideal para veh\u00edculos que requieren mayor autonom\u00eda de combustible sin comprometer espacio. El dise\u00f1o cerrado interno ULTRA permite un volumen de llenado optimizado, mientras que el revestimiento resistente a la corrosi\u00f3n, los rayones y el desgaste asegura una larga vida \u00fatil.<\/span><\/p>\n<p><span>Equipado con <\/span><strong><span>4 ojales soldados<\/span><\/strong><span> para una fijaci\u00f3n segura a la carrocer\u00eda del veh\u00edculo, y placas de caracter\u00edsticas visibles en ambos lados (superior e inferior), este tanque facilita las inspecciones t\u00e9cnicas y cumple con las normativas de matriculaci\u00f3n m\u00e1s exigentes.<\/span><\/p>\n<h3><span>Caracter\u00edsticas y beneficios:<\/span><\/h3>\n<ul>\n<li><strong><span>Homologaci\u00f3n internacional<\/span><\/strong><span> : Certificado seg\u00fan <\/span><strong><span>E20 67R-01 0887<\/span><\/strong><span> , compatible con normativas <\/span><strong><span>ECE R115<\/span><\/strong><span> para fabricantes reconocidos.<\/span><\/li>\n<li><strong><span>Capacidad optimizada<\/span><\/strong><span> : Volumen de <\/span><strong><span>71 litros<\/span><\/strong><span> , ideal para veh\u00edculos con necesidades de almacenamiento amplias.<\/span><\/li>\n<li><strong><span>Durabilidad excepcional<\/span><\/strong><span> : Revestimiento robusto que protege contra la corrosi\u00f3n, rayones y desgaste.<\/span><\/li>\n<li><strong><span>F\u00e1cil inspecci\u00f3n<\/span><\/strong><span> : Placas de caracter\u00edsticas visibles en ambos lados del tanque, simplificando las t\u00e9cnicas de verificaci\u00f3n.<\/span><\/li>\n<li><strong><span>Compatibilidad con multiv\u00e1lvulas<\/span><\/strong><span> : Compatible con marcas l\u00edderes como <\/span><strong><span>Tomasetto AT02, BRC Europa 2, OMB K4 y Lovato multiv\u00e1lvulas<\/span><\/strong><span> .<\/span><\/li>\n<li><strong><span>Entrega segura<\/span><\/strong><span> : Enviado en un embalaje de cart\u00f3n s\u00f3lido que protege el tanque durante el transporte.<\/span><\/li>\n<li><strong><span>Instalaci\u00f3n segura<\/span><\/strong><span> : Incluye un juego de tornillos para fijaci\u00f3n firme y confiable.<\/span><\/li>\n<\/ul>\n<h3><span>Especificaciones t\u00e9cnicas:<\/span><\/h3>\n<ul>\n<li><strong><span>Modelo<\/span><\/strong><span> : STEP Tanque Toroidal GLP Externo ULTRA 630&#215;270 71L.<\/span><\/li>\n<li><strong><span>N\u00famero de homologaci\u00f3n<\/span><\/strong><span> : E20 67R-01 0887.<\/span><\/li>\n<li><strong><span>Di\u00e1metro externo<\/span><\/strong><span> : 630 mm.<\/span><\/li>\n<li><strong><span>Altura externa<\/span><\/strong><span> : 270 mm.<\/span><\/li>\n<li><strong><span>Volumen<\/span><\/strong><span> : 71 litros.<\/span><\/li>\n<li><strong><span>Fijaci\u00f3n<\/span><\/strong><span> : 4 ojales soldados para montaje seguro.<\/span><\/li>\n<li><strong><span>Compatibilidad con multiv\u00e1lvulas<\/span><\/strong><span> : Tomasetto AT02, BRC Europa 2, OMB K4, Lovato.<\/span><\/li>\n<li><strong><span>Incluye<\/span><\/strong><span> :<\/span>\n<ul>\n<li><span>Certificado del tanque\/pasaporte del tanque.<\/span><\/li>\n<li><span>Juego de tornillos para fijaci\u00f3n.<\/span><\/li>\n<\/ul>\n<\/li>\n<\/ul>\n<h3><span>Beneficios adicionales:<\/span><\/h3>\n<ul>\n<li><strong><span>Producci\u00f3n reciente<\/span><\/strong><span> : bajo Fabricados normativas actuales, eliminando problemas asociados con existencias antiguas.<\/span><\/li>\n<li><strong><span>Accesorios disponibles<\/span><\/strong><span> : Multiv\u00e1lvulas y carcasas de protecci\u00f3n pueden adquirirse como opciones complementarias.<\/span><\/li>\n<li><strong><span>Normativa segura<\/span><\/strong><span> : Cumple con el <\/span><strong><span>Procedimiento de prueba de hoguera<\/span><\/strong><span> , garantizando un uso seguro y eficiente.<\/span><\/li>\n<\/ul>\n","protected":false},"excerpt":{"rendered":"<p>Dep\u00f3sito STEP toroidal externo ULTRA 630&#215;270 71L (E20)<\/p>\n","protected":false},"featured_media":6439,"comment_status":"open","ping_status":"closed","template":"","meta":{"_uag_custom_page_level_css":""},"product_brand":[609],"product_cat":[269,267,115],"product_tag":[],"class_list":{"0":"post-6397","1":"product","2":"type-product","3":"status-publish","4":"has-post-thumbnail","6":"product_brand-step","7":"product_cat-deposito-toroidal-externo","8":"product_cat-depositos-para-glp","9":"product_cat-step","10":"product_shipping_class-bombonas-vacias","12":"first","13":"onbackorder","14":"taxable","15":"shipping-taxable","16":"purchasable","17":"product-type-simple"},"ct_brands":[{"id":609,"name":"STEP","slug":"step"}],"yoast_head":"<!-- This site is optimized with the Yoast SEO Premium plugin v27.5 (Yoast SEO v27.6) - https:\/\/yoast.com\/product\/yoast-seo-premium-wordpress\/ -->\n<title>Dep\u00f3sito STEP toroidal externo ULTRA 630x270 71L (E20) | Recambios EcoGas | Sistemas GLP y GNC<\/title>\n<meta name=\"description\" content=\"STEP Tanque GLP 71L: dise\u00f1o toroidal externo ULTRA 630x270 mm, homologado E20 67R-01. Seguro, eficiente y resistente. Compra online\" \/>\n<meta name=\"robots\" content=\"index, follow, max-snippet:-1, max-image-preview:large, max-video-preview:-1\" \/>\n<link rel=\"canonical\" href=\"https:\/\/recambiosecogas.com\/pt-pt\/producto\/step-tanque-toroidal-glp-externo-ultra-630x270-71l-e20\/\" \/>\n<meta property=\"og:locale\" content=\"pt_PT\" \/>\n<meta property=\"og:type\" content=\"article\" \/>\n<meta property=\"og:title\" content=\"Dep\u00f3sito STEP toroidal externo ULTRA 630x270 71L (E20)\" \/>\n<meta property=\"og:description\" content=\"STEP Tanque GLP 71L: dise\u00f1o toroidal externo ULTRA 630x270 mm, homologado E20 67R-01. Seguro, eficiente y resistente. Compra online\" \/>\n<meta property=\"og:url\" content=\"https:\/\/recambiosecogas.com\/pt-pt\/producto\/step-tanque-toroidal-glp-externo-ultra-630x270-71l-e20\/\" \/>\n<meta property=\"og:site_name\" content=\"Recambios EcoGas\" \/>\n<meta property=\"article:publisher\" content=\"https:\/\/www.facebook.com\/profile.php?id=100062419705358\" \/>\n<meta property=\"article:modified_time\" content=\"2026-05-05T09:51:27+00:00\" \/>\n<meta property=\"og:image\" content=\"https:\/\/recambiosecogas.com\/wp-content\/uploads\/2024\/11\/STEP-tanque-toroidal-GLP-externo-png.webp\" \/>\n\t<meta property=\"og:image:width\" content=\"1000\" \/>\n\t<meta property=\"og:image:height\" content=\"1000\" \/>\n\t<meta property=\"og:image:type\" content=\"image\/png\" \/>\n<meta name=\"twitter:card\" content=\"summary_large_image\" \/>\n<meta name=\"twitter:label1\" content=\"pre\u00e7o\" \/>\n\t<meta name=\"twitter:data1\" content=\"199,58&nbsp;&euro; (Sin IVA: 164,94&nbsp;&euro;)\" \/>\n\t<meta name=\"twitter:label2\" content=\"Disponibilidade\" \/>\n\t<meta name=\"twitter:data2\" content=\"Por encomenda\" \/>\n<script type=\"application\/ld+json\" class=\"yoast-schema-graph\">{\"@context\":\"https:\\\/\\\/schema.org\",\"@graph\":[{\"@type\":\"WebPage\",\"@id\":\"https:\\\/\\\/recambiosecogas.com\\\/pt-pt\\\/producto\\\/step-tanque-toroidal-glp-externo-ultra-630x270-71l-e20\\\/\",\"url\":\"https:\\\/\\\/recambiosecogas.com\\\/pt-pt\\\/producto\\\/step-tanque-toroidal-glp-externo-ultra-630x270-71l-e20\\\/\",\"name\":\"Dep\u00f3sito STEP toroidal externo ULTRA 630x270 71L (E20) | Recambios EcoGas | Sistemas GLP y GNC\",\"isPartOf\":{\"@id\":\"https:\\\/\\\/recambiosecogas.com\\\/pt-pt\\\/#website\"},\"primaryImageOfPage\":{\"@id\":\"https:\\\/\\\/recambiosecogas.com\\\/pt-pt\\\/producto\\\/step-tanque-toroidal-glp-externo-ultra-630x270-71l-e20\\\/#primaryimage\"},\"image\":{\"@id\":\"https:\\\/\\\/recambiosecogas.com\\\/pt-pt\\\/producto\\\/step-tanque-toroidal-glp-externo-ultra-630x270-71l-e20\\\/#primaryimage\"},\"thumbnailUrl\":\"https:\\\/\\\/recambiosecogas.com\\\/wp-content\\\/uploads\\\/2024\\\/11\\\/STEP-tanque-toroidal-GLP-externo-png.webp\",\"datePublished\":\"2024-11-04T09:17:46+00:00\",\"dateModified\":\"2026-05-05T09:51:27+00:00\",\"description\":\"STEP Tanque GLP 71L: dise\u00f1o toroidal externo ULTRA 630x270 mm, homologado E20 67R-01. Seguro, eficiente y resistente. Compra online\",\"breadcrumb\":{\"@id\":\"https:\\\/\\\/recambiosecogas.com\\\/pt-pt\\\/producto\\\/step-tanque-toroidal-glp-externo-ultra-630x270-71l-e20\\\/#breadcrumb\"},\"inLanguage\":\"pt-PT\",\"potentialAction\":[{\"@type\":\"ReadAction\",\"target\":[\"https:\\\/\\\/recambiosecogas.com\\\/pt-pt\\\/producto\\\/step-tanque-toroidal-glp-externo-ultra-630x270-71l-e20\\\/\"]}]},{\"@type\":\"ImageObject\",\"inLanguage\":\"pt-PT\",\"@id\":\"https:\\\/\\\/recambiosecogas.com\\\/pt-pt\\\/producto\\\/step-tanque-toroidal-glp-externo-ultra-630x270-71l-e20\\\/#primaryimage\",\"url\":\"https:\\\/\\\/recambiosecogas.com\\\/wp-content\\\/uploads\\\/2024\\\/11\\\/STEP-tanque-toroidal-GLP-externo-png.webp\",\"contentUrl\":\"https:\\\/\\\/recambiosecogas.com\\\/wp-content\\\/uploads\\\/2024\\\/11\\\/STEP-tanque-toroidal-GLP-externo-png.webp\",\"width\":1000,\"height\":1000},{\"@type\":\"BreadcrumbList\",\"@id\":\"https:\\\/\\\/recambiosecogas.com\\\/pt-pt\\\/producto\\\/step-tanque-toroidal-glp-externo-ultra-630x270-71l-e20\\\/#breadcrumb\",\"itemListElement\":[{\"@type\":\"ListItem\",\"position\":1,\"name\":\"P\u00e1gina inicial\",\"item\":\"https:\\\/\\\/recambiosecogas.com\\\/pt-pt\\\/\"},{\"@type\":\"ListItem\",\"position\":2,\"name\":\"Loja\",\"item\":\"https:\\\/\\\/recambiosecogas.com\\\/pt-pt\\\/tienda\\\/\"},{\"@type\":\"ListItem\",\"position\":3,\"name\":\"Dep\u00f3sito STEP toroidal externo ULTRA 630&#215;270 71L (E20)\"}]},{\"@type\":\"WebSite\",\"@id\":\"https:\\\/\\\/recambiosecogas.com\\\/pt-pt\\\/#website\",\"url\":\"https:\\\/\\\/recambiosecogas.com\\\/pt-pt\\\/\",\"name\":\"Recambios EcoGas\",\"description\":\"Pe\u00e7as multimarca para sistemas de GPL\\\/GNC\\\/GNL\\\/Hidrog\u00e9nio\",\"publisher\":{\"@id\":\"https:\\\/\\\/recambiosecogas.com\\\/pt-pt\\\/#organization\"},\"alternateName\":\"Recambios Autogas GLP\",\"potentialAction\":[{\"@type\":\"SearchAction\",\"target\":{\"@type\":\"EntryPoint\",\"urlTemplate\":\"https:\\\/\\\/recambiosecogas.com\\\/pt-pt\\\/?s={search_term_string}\"},\"query-input\":{\"@type\":\"PropertyValueSpecification\",\"valueRequired\":true,\"valueName\":\"search_term_string\"}}],\"inLanguage\":\"pt-PT\"},{\"@type\":[\"Organization\",\"Place\"],\"@id\":\"https:\\\/\\\/recambiosecogas.com\\\/pt-pt\\\/#organization\",\"name\":\"Recambios EcoGas\",\"alternateName\":\"Loja de GPL Autog\u00e1s Espanha\",\"url\":\"https:\\\/\\\/recambiosecogas.com\\\/pt-pt\\\/\",\"logo\":{\"@id\":\"https:\\\/\\\/recambiosecogas.com\\\/pt-pt\\\/producto\\\/step-tanque-toroidal-glp-externo-ultra-630x270-71l-e20\\\/#local-main-organization-logo\"},\"image\":{\"@id\":\"https:\\\/\\\/recambiosecogas.com\\\/pt-pt\\\/producto\\\/step-tanque-toroidal-glp-externo-ultra-630x270-71l-e20\\\/#local-main-organization-logo\"},\"sameAs\":[\"https:\\\/\\\/www.facebook.com\\\/profile.php?id=100062419705358\",\"https:\\\/\\\/www.instagram.com\\\/segimon_automocio\"],\"description\":\"Recambios EcoGas \u2013 Venta y distribuci\u00f3n de sistemas GLP y GNC en Espa\u00f1a y Portugal. Env\u00edos 24 h, soporte t\u00e9cnico a talleres y distribuidores.\",\"hasMerchantReturnPolicy\":{\"@type\":\"MerchantReturnPolicy\",\"merchantReturnLink\":\"https:\\\/\\\/recambiosecogas.com\\\/politicas-privacidad\\\/\"},\"address\":{\"@id\":\"https:\\\/\\\/recambiosecogas.com\\\/pt-pt\\\/producto\\\/step-tanque-toroidal-glp-externo-ultra-630x270-71l-e20\\\/#local-main-place-address\"},\"telephone\":[\"616250633\"],\"contactPoint\":{\"@type\":\"ContactPoint\",\"email\":\"export@recambiosecogas.com\"},\"openingHoursSpecification\":[{\"@type\":\"OpeningHoursSpecification\",\"dayOfWeek\":[\"Monday\",\"Tuesday\",\"Wednesday\",\"Thursday\",\"Friday\",\"Saturday\",\"Sunday\"],\"opens\":\"09:00\",\"closes\":\"17:00\"}],\"email\":\"info@recambiosecogas.com\",\"faxNumber\":\"SEGIMON AUTOMOCION SL\",\"vatID\":\"ESB19819861\",\"globalLocationNumber\":\"938 616 339\"},{\"@type\":\"PostalAddress\",\"@id\":\"https:\\\/\\\/recambiosecogas.com\\\/pt-pt\\\/producto\\\/step-tanque-toroidal-glp-externo-ultra-630x270-71l-e20\\\/#local-main-place-address\",\"streetAddress\":\"cami antic de vic, 29 (Nave 3), Pol\u00edgono Industrial Congost\",\"addressLocality\":\"CORRO D`AVALL\",\"postalCode\":\"08520\",\"addressRegion\":\"Barcelona\",\"addressCountry\":\"ES\"},{\"@type\":\"ImageObject\",\"inLanguage\":\"pt-PT\",\"@id\":\"https:\\\/\\\/recambiosecogas.com\\\/pt-pt\\\/producto\\\/step-tanque-toroidal-glp-externo-ultra-630x270-71l-e20\\\/#local-main-organization-logo\",\"url\":\"https:\\\/\\\/recambiosecogas.com\\\/wp-content\\\/uploads\\\/2024\\\/11\\\/cropped-RECAMBIOS-GLP-png.webp\",\"contentUrl\":\"https:\\\/\\\/recambiosecogas.com\\\/wp-content\\\/uploads\\\/2024\\\/11\\\/cropped-RECAMBIOS-GLP-png.webp\",\"width\":512,\"height\":512,\"caption\":\"Recambios EcoGas\"}]}<\/script>\n<meta property=\"product:brand\" content=\"STEP\" \/>\n<meta property=\"product:price:amount\" content=\"199.58\" \/>\n<meta property=\"product:price:currency\" content=\"EUR\" \/>\n<meta property=\"og:availability\" content=\"backorder\" \/>\n<meta property=\"product:availability\" content=\"available for order\" \/>\n<meta property=\"product:retailer_item_id\" content=\"103769\" \/>\n<meta property=\"product:condition\" content=\"new\" \/>\n<meta name=\"geo.placename\" content=\"CORRO D`AVALL\" \/>\n<meta name=\"geo.region\" content=\"Espanha\" \/>\n<!-- \/ Yoast SEO Premium plugin. -->","yoast_head_json":{"title":"Dep\u00f3sito STEP toroidal externo ULTRA 630x270 71L (E20) | Recambios EcoGas | Sistemas GLP y GNC","description":"STEP Tanque GLP 71L: dise\u00f1o toroidal externo ULTRA 630x270 mm, homologado E20 67R-01. Seguro, eficiente y resistente. Compra online","robots":{"index":"index","follow":"follow","max-snippet":"max-snippet:-1","max-image-preview":"max-image-preview:large","max-video-preview":"max-video-preview:-1"},"canonical":"https:\/\/recambiosecogas.com\/pt-pt\/producto\/step-tanque-toroidal-glp-externo-ultra-630x270-71l-e20\/","og_locale":"pt_PT","og_type":"article","og_title":"Dep\u00f3sito STEP toroidal externo ULTRA 630x270 71L (E20)","og_description":"STEP Tanque GLP 71L: dise\u00f1o toroidal externo ULTRA 630x270 mm, homologado E20 67R-01. Seguro, eficiente y resistente. Compra online","og_url":"https:\/\/recambiosecogas.com\/pt-pt\/producto\/step-tanque-toroidal-glp-externo-ultra-630x270-71l-e20\/","og_site_name":"Recambios EcoGas","article_publisher":"https:\/\/www.facebook.com\/profile.php?id=100062419705358","article_modified_time":"2026-05-05T09:51:27+00:00","og_image":[{"width":1000,"height":1000,"url":"https:\/\/recambiosecogas.com\/wp-content\/uploads\/2024\/11\/STEP-tanque-toroidal-GLP-externo-png.webp","type":"image\/png"}],"twitter_card":"summary_large_image","twitter_misc":{"pre\u00e7o":"199,58&nbsp;&euro; (Sin IVA: 164,94&nbsp;&euro;)","Disponibilidade":"Por encomenda"},"schema":{"@context":"https:\/\/schema.org","@graph":[{"@type":"WebPage","@id":"https:\/\/recambiosecogas.com\/pt-pt\/producto\/step-tanque-toroidal-glp-externo-ultra-630x270-71l-e20\/","url":"https:\/\/recambiosecogas.com\/pt-pt\/producto\/step-tanque-toroidal-glp-externo-ultra-630x270-71l-e20\/","name":"Dep\u00f3sito STEP toroidal externo ULTRA 630x270 71L (E20) | Recambios EcoGas | Sistemas GLP y GNC","isPartOf":{"@id":"https:\/\/recambiosecogas.com\/pt-pt\/#website"},"primaryImageOfPage":{"@id":"https:\/\/recambiosecogas.com\/pt-pt\/producto\/step-tanque-toroidal-glp-externo-ultra-630x270-71l-e20\/#primaryimage"},"image":{"@id":"https:\/\/recambiosecogas.com\/pt-pt\/producto\/step-tanque-toroidal-glp-externo-ultra-630x270-71l-e20\/#primaryimage"},"thumbnailUrl":"https:\/\/recambiosecogas.com\/wp-content\/uploads\/2024\/11\/STEP-tanque-toroidal-GLP-externo-png.webp","datePublished":"2024-11-04T09:17:46+00:00","dateModified":"2026-05-05T09:51:27+00:00","description":"STEP Tanque GLP 71L: dise\u00f1o toroidal externo ULTRA 630x270 mm, homologado E20 67R-01. Seguro, eficiente y resistente. Compra online","breadcrumb":{"@id":"https:\/\/recambiosecogas.com\/pt-pt\/producto\/step-tanque-toroidal-glp-externo-ultra-630x270-71l-e20\/#breadcrumb"},"inLanguage":"pt-PT","potentialAction":[{"@type":"ReadAction","target":["https:\/\/recambiosecogas.com\/pt-pt\/producto\/step-tanque-toroidal-glp-externo-ultra-630x270-71l-e20\/"]}]},{"@type":"ImageObject","inLanguage":"pt-PT","@id":"https:\/\/recambiosecogas.com\/pt-pt\/producto\/step-tanque-toroidal-glp-externo-ultra-630x270-71l-e20\/#primaryimage","url":"https:\/\/recambiosecogas.com\/wp-content\/uploads\/2024\/11\/STEP-tanque-toroidal-GLP-externo-png.webp","contentUrl":"https:\/\/recambiosecogas.com\/wp-content\/uploads\/2024\/11\/STEP-tanque-toroidal-GLP-externo-png.webp","width":1000,"height":1000},{"@type":"BreadcrumbList","@id":"https:\/\/recambiosecogas.com\/pt-pt\/producto\/step-tanque-toroidal-glp-externo-ultra-630x270-71l-e20\/#breadcrumb","itemListElement":[{"@type":"ListItem","position":1,"name":"P\u00e1gina inicial","item":"https:\/\/recambiosecogas.com\/pt-pt\/"},{"@type":"ListItem","position":2,"name":"Loja","item":"https:\/\/recambiosecogas.com\/pt-pt\/tienda\/"},{"@type":"ListItem","position":3,"name":"Dep\u00f3sito STEP toroidal externo ULTRA 630&#215;270 71L (E20)"}]},{"@type":"WebSite","@id":"https:\/\/recambiosecogas.com\/pt-pt\/#website","url":"https:\/\/recambiosecogas.com\/pt-pt\/","name":"Recambios EcoGas","description":"Pe\u00e7as multimarca para sistemas de GPL\/GNC\/GNL\/Hidrog\u00e9nio","publisher":{"@id":"https:\/\/recambiosecogas.com\/pt-pt\/#organization"},"alternateName":"Recambios Autogas GLP","potentialAction":[{"@type":"SearchAction","target":{"@type":"EntryPoint","urlTemplate":"https:\/\/recambiosecogas.com\/pt-pt\/?s={search_term_string}"},"query-input":{"@type":"PropertyValueSpecification","valueRequired":true,"valueName":"search_term_string"}}],"inLanguage":"pt-PT"},{"@type":["Organization","Place"],"@id":"https:\/\/recambiosecogas.com\/pt-pt\/#organization","name":"Recambios EcoGas","alternateName":"Loja de GPL Autog\u00e1s Espanha","url":"https:\/\/recambiosecogas.com\/pt-pt\/","logo":{"@id":"https:\/\/recambiosecogas.com\/pt-pt\/producto\/step-tanque-toroidal-glp-externo-ultra-630x270-71l-e20\/#local-main-organization-logo"},"image":{"@id":"https:\/\/recambiosecogas.com\/pt-pt\/producto\/step-tanque-toroidal-glp-externo-ultra-630x270-71l-e20\/#local-main-organization-logo"},"sameAs":["https:\/\/www.facebook.com\/profile.php?id=100062419705358","https:\/\/www.instagram.com\/segimon_automocio"],"description":"Recambios EcoGas \u2013 Venta y distribuci\u00f3n de sistemas GLP y GNC en Espa\u00f1a y Portugal. Env\u00edos 24 h, soporte t\u00e9cnico a talleres y distribuidores.","hasMerchantReturnPolicy":{"@type":"MerchantReturnPolicy","merchantReturnLink":"https:\/\/recambiosecogas.com\/politicas-privacidad\/"},"address":{"@id":"https:\/\/recambiosecogas.com\/pt-pt\/producto\/step-tanque-toroidal-glp-externo-ultra-630x270-71l-e20\/#local-main-place-address"},"telephone":["616250633"],"contactPoint":{"@type":"ContactPoint","email":"export@recambiosecogas.com"},"openingHoursSpecification":[{"@type":"OpeningHoursSpecification","dayOfWeek":["Monday","Tuesday","Wednesday","Thursday","Friday","Saturday","Sunday"],"opens":"09:00","closes":"17:00"}],"email":"info@recambiosecogas.com","faxNumber":"SEGIMON AUTOMOCION SL","vatID":"ESB19819861","globalLocationNumber":"938 616 339"},{"@type":"PostalAddress","@id":"https:\/\/recambiosecogas.com\/pt-pt\/producto\/step-tanque-toroidal-glp-externo-ultra-630x270-71l-e20\/#local-main-place-address","streetAddress":"cami antic de vic, 29 (Nave 3), Pol\u00edgono Industrial Congost","addressLocality":"CORRO D`AVALL","postalCode":"08520","addressRegion":"Barcelona","addressCountry":"ES"},{"@type":"ImageObject","inLanguage":"pt-PT","@id":"https:\/\/recambiosecogas.com\/pt-pt\/producto\/step-tanque-toroidal-glp-externo-ultra-630x270-71l-e20\/#local-main-organization-logo","url":"https:\/\/recambiosecogas.com\/wp-content\/uploads\/2024\/11\/cropped-RECAMBIOS-GLP-png.webp","contentUrl":"https:\/\/recambiosecogas.com\/wp-content\/uploads\/2024\/11\/cropped-RECAMBIOS-GLP-png.webp","width":512,"height":512,"caption":"Recambios EcoGas"}]},"product_brand":"STEP","product_price_amount":"199.58","product_price_currency":"EUR","og_availability":"backorder","product_availability":"available for order","product_retailer_item_id":"103769","product_condition":"new","geo.placename":"CORRO D`AVALL","geo.region":"Espanha"},"uagb_featured_image_src":{"full":["https:\/\/recambiosecogas.com\/wp-content\/uploads\/2024\/11\/STEP-tanque-toroidal-GLP-externo-png.webp",1000,1000,false],"thumbnail":["https:\/\/recambiosecogas.com\/wp-content\/uploads\/2024\/11\/STEP-tanque-toroidal-GLP-externo-150x150.webp",150,150,true],"medium":["https:\/\/recambiosecogas.com\/wp-content\/uploads\/2024\/11\/STEP-tanque-toroidal-GLP-externo-300x300.webp",300,300,true],"medium_large":["https:\/\/recambiosecogas.com\/wp-content\/uploads\/2024\/11\/STEP-tanque-toroidal-GLP-externo-768x768.webp",768,768,true],"large":["https:\/\/recambiosecogas.com\/wp-content\/uploads\/2024\/11\/STEP-tanque-toroidal-GLP-externo-png.webp",1000,1000,false],"1536x1536":["https:\/\/recambiosecogas.com\/wp-content\/uploads\/2024\/11\/STEP-tanque-toroidal-GLP-externo-png.webp",1000,1000,false],"2048x2048":["https:\/\/recambiosecogas.com\/wp-content\/uploads\/2024\/11\/STEP-tanque-toroidal-GLP-externo-png.webp",1000,1000,false],"woocommerce_archive_thumbnail":["https:\/\/recambiosecogas.com\/wp-content\/uploads\/2024\/11\/STEP-tanque-toroidal-GLP-externo-png.webp",1000,1000,false],"woocommerce_thumbnail":["https:\/\/recambiosecogas.com\/wp-content\/uploads\/2024\/11\/STEP-tanque-toroidal-GLP-externo-png-300x300.webp",300,300,true],"woocommerce_single":["https:\/\/recambiosecogas.com\/wp-content\/uploads\/2024\/11\/STEP-tanque-toroidal-GLP-externo-png.webp",1000,1000,false],"woocommerce_gallery_thumbnail":["https:\/\/recambiosecogas.com\/wp-content\/uploads\/2024\/11\/STEP-tanque-toroidal-GLP-externo-png.webp",1000,1000,false],"dgwt-wcas-product-suggestion":["https:\/\/recambiosecogas.com\/wp-content\/uploads\/2024\/11\/STEP-tanque-toroidal-GLP-externo-png-64x64.webp",64,64,true]},"uagb_author_info":{"display_name":"Fran - Soporte T\u00e9cnico","author_link":"https:\/\/recambiosecogas.com\/pt-pt\/author\/"},"uagb_comment_info":0,"uagb_excerpt":"Dep\u00f3sito STEP toroidal externo ULTRA 630x270 71L (E20)","_links":{"self":[{"href":"https:\/\/recambiosecogas.com\/pt-pt\/wp-json\/wp\/v2\/product\/6397","targetHints":{"allow":["GET"]}}],"collection":[{"href":"https:\/\/recambiosecogas.com\/pt-pt\/wp-json\/wp\/v2\/product"}],"about":[{"href":"https:\/\/recambiosecogas.com\/pt-pt\/wp-json\/wp\/v2\/types\/product"}],"replies":[{"embeddable":true,"href":"https:\/\/recambiosecogas.com\/pt-pt\/wp-json\/wp\/v2\/comments?post=6397"}],"wp:featuredmedia":[{"embeddable":true,"href":"https:\/\/recambiosecogas.com\/pt-pt\/wp-json\/wp\/v2\/media\/6439"}],"wp:attachment":[{"href":"https:\/\/recambiosecogas.com\/pt-pt\/wp-json\/wp\/v2\/media?parent=6397"}],"wp:term":[{"taxonomy":"product_brand","embeddable":true,"href":"https:\/\/recambiosecogas.com\/pt-pt\/wp-json\/wp\/v2\/product_brand?post=6397"},{"taxonomy":"product_cat","embeddable":true,"href":"https:\/\/recambiosecogas.com\/pt-pt\/wp-json\/wp\/v2\/product_cat?post=6397"},{"taxonomy":"product_tag","embeddable":true,"href":"https:\/\/recambiosecogas.com\/pt-pt\/wp-json\/wp\/v2\/product_tag?post=6397"}],"curies":[{"name":"wp","href":"https:\/\/api.w.org\/{rel}","templated":true}]}}