{"id":49001,"date":"2026-05-06T14:38:38","date_gmt":"2026-05-06T13:38:38","guid":{"rendered":"https:\/\/recambiosecogas.com\/?post_type=product&#038;p=49001"},"modified":"2026-05-06T14:47:03","modified_gmt":"2026-05-06T13:47:03","slug":"filtro-brc-glp-fase-liquida-nova-versao-com-valvula-de-bloqueio-copia","status":"publish","type":"product","link":"https:\/\/recambiosecogas.com\/pt-pt\/producto\/filtro-brc-glp-fase-liquida-nova-versao-com-valvula-de-bloqueio-copia\/","title":{"rendered":"Filtro BRC GLP \u2013 Fase L\u00edquida | nova vers\u00e3o com v\u00e1lvula de bloqueio (copia)"},"content":{"rendered":"<h3 class=\"\" data-start=\"168\" data-end=\"243\"><strong data-start=\"172\" data-end=\"243\">Filtro BRC GLP \u2013 Fase L\u00edquida | Nova vers\u00e3o com v\u00e1lvula de bloqueio<\/strong><\/h3>\n<p class=\"\" data-start=\"245\" data-end=\"647\">O <strong data-start=\"248\" data-end=\"278\">filtro de fase l\u00edquida BRC<\/strong> (nova vers\u00e3o) \u00e9 um componente essencial em <strong data-start=\"328\" data-end=\"355\">sistemas de autog\u00e1s GLP<\/strong>, projetado especificamente para instala\u00e7\u00f5es com <strong data-start=\"405\" data-end=\"450\">uma v\u00e1lvula de bloqueio na frente do vaporizador<\/strong>. Este filtro \u00e9 compat\u00edvel com os sistemas <strong data-start=\"488\" data-end=\"513\">sequencial e<\/strong> <strong data-start=\"523\" data-end=\"543\">Venturi<\/strong>, e est\u00e1 presente em equipamentos originais BRC e tamb\u00e9m em sistemas de marcas como <strong data-start=\"624\" data-end=\"634\">Zavoli<\/strong> e <strong data-start=\"637\" data-end=\"646\">IMPCO.<\/strong> <\/p>\n<p class=\"\" data-start=\"649\" data-end=\"1079\">Fabricado em <strong data-start=\"662\" data-end=\"698\">pl\u00e1stico e papel de alta qualidade<\/strong>, este filtro garante uma excelente capacidade de reten\u00e7\u00e3o de part\u00edculas, protegendo o vaporizador e o sistema de inje\u00e7\u00e3o de poss\u00edveis impurezas presentes no GPL no estado l\u00edquido. Seu design foi atualizado para oferecer maior compatibilidade e um ajuste perfeito nas novas vers\u00f5es de v\u00e1lvulas de bloqueio BRC, especialmente em modelos como <strong data-start=\"1058\" data-end=\"1078\">ET98 e ET98 MY07<\/strong>. <\/p>\n<p class=\"\" data-start=\"1081\" data-end=\"1282\">A manuten\u00e7\u00e3o adequada do sistema GPL inclui a substitui\u00e7\u00e3o regular deste filtro, o que garante um desempenho consistente, reduz o desgaste dos principais componentes e melhora a efici\u00eancia do motor.<\/p>\n<h3 class=\"\" data-start=\"1289\" data-end=\"1363\"><strong data-start=\"1293\" data-end=\"1363\">Caracter\u00edsticas T\u00e9cnicas \u2013 Filtro de Fase L\u00edquida BRC (Nova Vers\u00e3o)<\/strong><\/h3>\n<div class=\"overflow-x-auto contain-inline-size\">\n<table data-start=\"1365\" data-end=\"2067\">\n<thead data-start=\"1365\" data-end=\"1443\">\n<tr data-start=\"1365\" data-end=\"1443\">\n<th data-start=\"1365\" data-end=\"1394\">Especifica\u00e7\u00e3o<\/th>\n<th data-start=\"1394\" data-end=\"1443\">Detalhes<\/th>\n<\/tr>\n<\/thead>\n<tbody data-start=\"1522\" data-end=\"2067\">\n<tr data-start=\"1522\" data-end=\"1599\">\n<td><strong data-start=\"1524\" data-end=\"1542\">Tipo de filtro<\/strong><\/td>\n<td>Fase l\u00edquida com v\u00e1lvula de bloqueio integrada<\/td>\n<\/tr>\n<tr data-start=\"1600\" data-end=\"1677\">\n<td><strong data-start=\"1602\" data-end=\"1625\">Material do filtro<\/strong><\/td>\n<td>Pl\u00e1stico \/ Papel<\/td>\n<\/tr>\n<tr data-start=\"1678\" data-end=\"1755\">\n<td><strong data-start=\"1680\" data-end=\"1694\">Altura (h)<\/strong><\/td>\n<td>28,8 mil\u00edmetros<\/td>\n<\/tr>\n<tr data-start=\"1756\" data-end=\"1833\">\n<td><strong data-start=\"1758\" data-end=\"1783\">Di\u00e2metro exterior (D)<\/strong><\/td>\n<td>37,0 mm \/ 33,5 mm<\/td>\n<\/tr>\n<tr data-start=\"1834\" data-end=\"1911\">\n<td><strong data-start=\"1836\" data-end=\"1861\">Di\u00e2metro interior (d)<\/strong><\/td>\n<td>19,0 mm \/ 10,0 mm<\/td>\n<\/tr>\n<tr data-start=\"1912\" data-end=\"1989\">\n<td><strong data-start=\"1914\" data-end=\"1944\">Compatibilidade de v\u00e1lvulas<\/strong><\/td>\n<td>BRC ET98, ET98 MY07<\/td>\n<\/tr>\n<tr data-start=\"1990\" data-end=\"2067\">\n<td><strong data-start=\"1992\" data-end=\"2016\">Sistemas suportados<\/strong><\/td>\n<td>BRC, Zavoli, IMPCO \u2013 Sequencial e Venturi<\/td>\n<\/tr>\n<\/tbody>\n<\/table>\n<\/div>\n<blockquote data-start=\"2069\" data-end=\"2145\">\n<p class=\"\" data-start=\"2071\" data-end=\"2145\"><em><strong>Substitua a cada 15.000 \u2013 20.000 km ou a cada manuten\u00e7\u00e3o do sistema de GLP.<\/strong><\/em><\/p>\n<\/blockquote>\n<p><a href=\"https:\/\/recambiosecogas.com\/pt-pt\/categoria-produto\/filtros-gpl-lpg\/\">COMPRE MAIS PRODUTOS ONLINE NA NOSSA LOJA<\/a><\/p>\n<p><a href=\"http:\/\/www.segimonautomocio.com\/\">CONVERTA PARA GPL NA NOSSA OFICINA OFICIAL DE INSTALA\u00c7\u00c3O, MAIS INFORMA\u00c7\u00d5ES NO NOSSO SITE DA OFICINA<\/a><\/p>\n","protected":false},"excerpt":{"rendered":"<p>BRC<\/p>\n","protected":false},"featured_media":49004,"comment_status":"open","ping_status":"closed","template":"","meta":{"_uag_custom_page_level_css":""},"product_brand":[],"product_cat":[1573],"product_tag":[],"class_list":{"0":"post-49001","1":"product","2":"type-product","3":"status-publish","4":"has-post-thumbnail","6":"product_cat-fase-liquida-pt-pt","8":"first","9":"onbackorder","10":"taxable","11":"shipping-taxable","12":"purchasable","13":"product-type-simple"},"ct_brands":[],"yoast_head":"<!-- This site is optimized with the Yoast SEO Premium plugin v27.4 (Yoast SEO v27.5) - https:\/\/yoast.com\/product\/yoast-seo-premium-wordpress\/ -->\n<title>Filtro BRC GLP \u2013 Fase L\u00edquida | nova vers\u00e3o com v\u00e1lvula de bloqueio (copia) | Recambios EcoGas | Sistemas GLP y GNC<\/title>\n<meta name=\"description\" content=\"Filtro de fase l\u00edquida BRC \u2013 nova vers\u00e3o. Compat\u00edvel com v\u00e1lvulas ET98 e sistemas BRC, Zavoli e IMPCO LPG. Alta reten\u00e7\u00e3o de part\u00edculas e ajuste preciso.\" \/>\n<meta name=\"robots\" content=\"index, follow, max-snippet:-1, max-image-preview:large, max-video-preview:-1\" \/>\n<link rel=\"canonical\" href=\"https:\/\/recambiosecogas.com\/pt-pt\/producto\/filtro-brc-glp-fase-liquida-nova-versao-com-valvula-de-bloqueio-copia\/\" \/>\n<meta property=\"og:locale\" content=\"pt_PT\" \/>\n<meta property=\"og:type\" content=\"article\" \/>\n<meta property=\"og:title\" content=\"Filtro BRC GLP \u2013 Fase L\u00edquida | nova vers\u00e3o com v\u00e1lvula de bloqueio (copia)\" \/>\n<meta property=\"og:description\" content=\"Filtro de fase l\u00edquida BRC \u2013 nova vers\u00e3o. Compat\u00edvel com v\u00e1lvulas ET98 e sistemas BRC, Zavoli e IMPCO LPG. Alta reten\u00e7\u00e3o de part\u00edculas e ajuste preciso.\" \/>\n<meta property=\"og:url\" content=\"https:\/\/recambiosecogas.com\/pt-pt\/producto\/filtro-brc-glp-fase-liquida-nova-versao-com-valvula-de-bloqueio-copia\/\" \/>\n<meta property=\"og:site_name\" content=\"Recambios EcoGas\" \/>\n<meta property=\"article:publisher\" content=\"https:\/\/www.facebook.com\/profile.php?id=100062419705358\" \/>\n<meta property=\"article:modified_time\" content=\"2026-05-06T13:47:03+00:00\" \/>\n<meta property=\"og:image\" content=\"https:\/\/recambiosecogas.com\/wp-content\/uploads\/2025\/01\/recambiosecogas-png.webp\" \/>\n\t<meta property=\"og:image:width\" content=\"800\" \/>\n\t<meta property=\"og:image:height\" content=\"800\" \/>\n\t<meta property=\"og:image:type\" content=\"image\/png\" \/>\n<meta name=\"twitter:card\" content=\"summary_large_image\" \/>\n<meta name=\"twitter:label1\" content=\"pre\u00e7o\" \/>\n\t<meta name=\"twitter:data1\" content=\"28,86&nbsp;&euro; (Sin IVA: 23,85&nbsp;&euro;)\" \/>\n\t<meta name=\"twitter:label2\" content=\"Disponibilidade\" \/>\n\t<meta name=\"twitter:data2\" content=\"Por encomenda\" \/>\n<script type=\"application\/ld+json\" class=\"yoast-schema-graph\">{\"@context\":\"https:\\\/\\\/schema.org\",\"@graph\":[{\"@type\":\"WebPage\",\"@id\":\"https:\\\/\\\/recambiosecogas.com\\\/pt-pt\\\/producto\\\/filtro-brc-glp-fase-liquida-nova-versao-com-valvula-de-bloqueio-copia\\\/\",\"url\":\"https:\\\/\\\/recambiosecogas.com\\\/pt-pt\\\/producto\\\/filtro-brc-glp-fase-liquida-nova-versao-com-valvula-de-bloqueio-copia\\\/\",\"name\":\"Filtro BRC GLP \u2013 Fase L\u00edquida | nova vers\u00e3o com v\u00e1lvula de bloqueio (copia) | Recambios EcoGas | Sistemas GLP y GNC\",\"isPartOf\":{\"@id\":\"https:\\\/\\\/recambiosecogas.com\\\/pt-pt\\\/#website\"},\"primaryImageOfPage\":{\"@id\":\"https:\\\/\\\/recambiosecogas.com\\\/pt-pt\\\/producto\\\/filtro-brc-glp-fase-liquida-nova-versao-com-valvula-de-bloqueio-copia\\\/#primaryimage\"},\"image\":{\"@id\":\"https:\\\/\\\/recambiosecogas.com\\\/pt-pt\\\/producto\\\/filtro-brc-glp-fase-liquida-nova-versao-com-valvula-de-bloqueio-copia\\\/#primaryimage\"},\"thumbnailUrl\":\"https:\\\/\\\/recambiosecogas.com\\\/wp-content\\\/uploads\\\/2026\\\/05\\\/filtro-liquido-zavoli-zeta-plus-1.png\",\"datePublished\":\"2026-05-06T13:38:38+00:00\",\"dateModified\":\"2026-05-06T13:47:03+00:00\",\"description\":\"Filtro de fase l\u00edquida BRC \u2013 nova vers\u00e3o. Compat\u00edvel com v\u00e1lvulas ET98 e sistemas BRC, Zavoli e IMPCO LPG. Alta reten\u00e7\u00e3o de part\u00edculas e ajuste preciso.\",\"breadcrumb\":{\"@id\":\"https:\\\/\\\/recambiosecogas.com\\\/pt-pt\\\/producto\\\/filtro-brc-glp-fase-liquida-nova-versao-com-valvula-de-bloqueio-copia\\\/#breadcrumb\"},\"inLanguage\":\"pt-PT\",\"potentialAction\":[{\"@type\":\"ReadAction\",\"target\":[\"https:\\\/\\\/recambiosecogas.com\\\/pt-pt\\\/producto\\\/filtro-brc-glp-fase-liquida-nova-versao-com-valvula-de-bloqueio-copia\\\/\"]}]},{\"@type\":\"ImageObject\",\"inLanguage\":\"pt-PT\",\"@id\":\"https:\\\/\\\/recambiosecogas.com\\\/pt-pt\\\/producto\\\/filtro-brc-glp-fase-liquida-nova-versao-com-valvula-de-bloqueio-copia\\\/#primaryimage\",\"url\":\"https:\\\/\\\/recambiosecogas.com\\\/wp-content\\\/uploads\\\/2026\\\/05\\\/filtro-liquido-zavoli-zeta-plus-1.png\",\"contentUrl\":\"https:\\\/\\\/recambiosecogas.com\\\/wp-content\\\/uploads\\\/2026\\\/05\\\/filtro-liquido-zavoli-zeta-plus-1.png\",\"width\":1000,\"height\":1000},{\"@type\":\"BreadcrumbList\",\"@id\":\"https:\\\/\\\/recambiosecogas.com\\\/pt-pt\\\/producto\\\/filtro-brc-glp-fase-liquida-nova-versao-com-valvula-de-bloqueio-copia\\\/#breadcrumb\",\"itemListElement\":[{\"@type\":\"ListItem\",\"position\":1,\"name\":\"P\u00e1gina inicial\",\"item\":\"https:\\\/\\\/recambiosecogas.com\\\/pt-pt\\\/\"},{\"@type\":\"ListItem\",\"position\":2,\"name\":\"Loja\",\"item\":\"https:\\\/\\\/recambiosecogas.com\\\/pt-pt\\\/tienda\\\/\"},{\"@type\":\"ListItem\",\"position\":3,\"name\":\"Filtro BRC GLP \u2013 Fase L\u00edquida | nova vers\u00e3o com v\u00e1lvula de bloqueio (copia)\"}]},{\"@type\":\"WebSite\",\"@id\":\"https:\\\/\\\/recambiosecogas.com\\\/pt-pt\\\/#website\",\"url\":\"https:\\\/\\\/recambiosecogas.com\\\/pt-pt\\\/\",\"name\":\"Recambios EcoGas\",\"description\":\"Pe\u00e7as multimarca para sistemas de GPL\\\/GNC\\\/GNL\\\/Hidrog\u00e9nio\",\"publisher\":{\"@id\":\"https:\\\/\\\/recambiosecogas.com\\\/pt-pt\\\/#organization\"},\"alternateName\":\"Recambios Autogas GLP\",\"potentialAction\":[{\"@type\":\"SearchAction\",\"target\":{\"@type\":\"EntryPoint\",\"urlTemplate\":\"https:\\\/\\\/recambiosecogas.com\\\/pt-pt\\\/?s={search_term_string}\"},\"query-input\":{\"@type\":\"PropertyValueSpecification\",\"valueRequired\":true,\"valueName\":\"search_term_string\"}}],\"inLanguage\":\"pt-PT\"},{\"@type\":[\"Organization\",\"Place\"],\"@id\":\"https:\\\/\\\/recambiosecogas.com\\\/pt-pt\\\/#organization\",\"name\":\"Recambios EcoGas\",\"alternateName\":\"Loja de GPL Autog\u00e1s Espanha\",\"url\":\"https:\\\/\\\/recambiosecogas.com\\\/pt-pt\\\/\",\"logo\":{\"@id\":\"https:\\\/\\\/recambiosecogas.com\\\/pt-pt\\\/producto\\\/filtro-brc-glp-fase-liquida-nova-versao-com-valvula-de-bloqueio-copia\\\/#local-main-organization-logo\"},\"image\":{\"@id\":\"https:\\\/\\\/recambiosecogas.com\\\/pt-pt\\\/producto\\\/filtro-brc-glp-fase-liquida-nova-versao-com-valvula-de-bloqueio-copia\\\/#local-main-organization-logo\"},\"sameAs\":[\"https:\\\/\\\/www.facebook.com\\\/profile.php?id=100062419705358\",\"https:\\\/\\\/www.instagram.com\\\/segimon_automocio\"],\"description\":\"Recambios EcoGas \u2013 Venta y distribuci\u00f3n de sistemas GLP y GNC en Espa\u00f1a y Portugal. Env\u00edos 24 h, soporte t\u00e9cnico a talleres y distribuidores.\",\"hasMerchantReturnPolicy\":{\"@type\":\"MerchantReturnPolicy\",\"merchantReturnLink\":\"https:\\\/\\\/recambiosecogas.com\\\/politicas-privacidad\\\/\"},\"address\":{\"@id\":\"https:\\\/\\\/recambiosecogas.com\\\/pt-pt\\\/producto\\\/filtro-brc-glp-fase-liquida-nova-versao-com-valvula-de-bloqueio-copia\\\/#local-main-place-address\"},\"telephone\":[\"616250633\"],\"contactPoint\":{\"@type\":\"ContactPoint\",\"email\":\"export@recambiosecogas.com\"},\"openingHoursSpecification\":[{\"@type\":\"OpeningHoursSpecification\",\"dayOfWeek\":[\"Monday\",\"Tuesday\",\"Wednesday\",\"Thursday\",\"Friday\",\"Saturday\",\"Sunday\"],\"opens\":\"09:00\",\"closes\":\"17:00\"}],\"email\":\"info@recambiosecogas.com\",\"faxNumber\":\"SEGIMON AUTOMOCION SL\",\"vatID\":\"ESB19819861\",\"globalLocationNumber\":\"938 616 339\"},{\"@type\":\"PostalAddress\",\"@id\":\"https:\\\/\\\/recambiosecogas.com\\\/pt-pt\\\/producto\\\/filtro-brc-glp-fase-liquida-nova-versao-com-valvula-de-bloqueio-copia\\\/#local-main-place-address\",\"streetAddress\":\"cami antic de vic, 29 (Nave 3), Pol\u00edgono Industrial Congost\",\"addressLocality\":\"CORRO D`AVALL\",\"postalCode\":\"08520\",\"addressRegion\":\"Barcelona\",\"addressCountry\":\"ES\"},{\"@type\":\"ImageObject\",\"inLanguage\":\"pt-PT\",\"@id\":\"https:\\\/\\\/recambiosecogas.com\\\/pt-pt\\\/producto\\\/filtro-brc-glp-fase-liquida-nova-versao-com-valvula-de-bloqueio-copia\\\/#local-main-organization-logo\",\"url\":\"https:\\\/\\\/recambiosecogas.com\\\/wp-content\\\/uploads\\\/2024\\\/11\\\/cropped-RECAMBIOS-GLP-png.webp\",\"contentUrl\":\"https:\\\/\\\/recambiosecogas.com\\\/wp-content\\\/uploads\\\/2024\\\/11\\\/cropped-RECAMBIOS-GLP-png.webp\",\"width\":512,\"height\":512,\"caption\":\"Recambios EcoGas\"}]}<\/script>\n<meta property=\"product:price:amount\" content=\"28.86\" \/>\n<meta property=\"product:price:currency\" content=\"EUR\" \/>\n<meta property=\"og:availability\" content=\"backorder\" \/>\n<meta property=\"product:availability\" content=\"available for order\" \/>\n<meta property=\"product:retailer_item_id\" content=\"02RR00506003\" \/>\n<meta property=\"product:condition\" content=\"new\" \/>\n<meta name=\"geo.placename\" content=\"CORRO D`AVALL\" \/>\n<meta name=\"geo.region\" content=\"Espanha\" \/>\n<!-- \/ Yoast SEO Premium plugin. -->","yoast_head_json":{"title":"Filtro BRC GLP \u2013 Fase L\u00edquida | nova vers\u00e3o com v\u00e1lvula de bloqueio (copia) | Recambios EcoGas | Sistemas GLP y GNC","description":"Filtro de fase l\u00edquida BRC \u2013 nova vers\u00e3o. Compat\u00edvel com v\u00e1lvulas ET98 e sistemas BRC, Zavoli e IMPCO LPG. Alta reten\u00e7\u00e3o de part\u00edculas e ajuste preciso.","robots":{"index":"index","follow":"follow","max-snippet":"max-snippet:-1","max-image-preview":"max-image-preview:large","max-video-preview":"max-video-preview:-1"},"canonical":"https:\/\/recambiosecogas.com\/pt-pt\/producto\/filtro-brc-glp-fase-liquida-nova-versao-com-valvula-de-bloqueio-copia\/","og_locale":"pt_PT","og_type":"article","og_title":"Filtro BRC GLP \u2013 Fase L\u00edquida | nova vers\u00e3o com v\u00e1lvula de bloqueio (copia)","og_description":"Filtro de fase l\u00edquida BRC \u2013 nova vers\u00e3o. Compat\u00edvel com v\u00e1lvulas ET98 e sistemas BRC, Zavoli e IMPCO LPG. Alta reten\u00e7\u00e3o de part\u00edculas e ajuste preciso.","og_url":"https:\/\/recambiosecogas.com\/pt-pt\/producto\/filtro-brc-glp-fase-liquida-nova-versao-com-valvula-de-bloqueio-copia\/","og_site_name":"Recambios EcoGas","article_publisher":"https:\/\/www.facebook.com\/profile.php?id=100062419705358","article_modified_time":"2026-05-06T13:47:03+00:00","og_image":[{"width":800,"height":800,"url":"https:\/\/recambiosecogas.com\/wp-content\/uploads\/2025\/01\/recambiosecogas-png.webp","type":"image\/png"}],"twitter_card":"summary_large_image","twitter_misc":{"pre\u00e7o":"28,86&nbsp;&euro; (Sin IVA: 23,85&nbsp;&euro;)","Disponibilidade":"Por encomenda"},"schema":{"@context":"https:\/\/schema.org","@graph":[{"@type":"WebPage","@id":"https:\/\/recambiosecogas.com\/pt-pt\/producto\/filtro-brc-glp-fase-liquida-nova-versao-com-valvula-de-bloqueio-copia\/","url":"https:\/\/recambiosecogas.com\/pt-pt\/producto\/filtro-brc-glp-fase-liquida-nova-versao-com-valvula-de-bloqueio-copia\/","name":"Filtro BRC GLP \u2013 Fase L\u00edquida | nova vers\u00e3o com v\u00e1lvula de bloqueio (copia) | Recambios EcoGas | Sistemas GLP y GNC","isPartOf":{"@id":"https:\/\/recambiosecogas.com\/pt-pt\/#website"},"primaryImageOfPage":{"@id":"https:\/\/recambiosecogas.com\/pt-pt\/producto\/filtro-brc-glp-fase-liquida-nova-versao-com-valvula-de-bloqueio-copia\/#primaryimage"},"image":{"@id":"https:\/\/recambiosecogas.com\/pt-pt\/producto\/filtro-brc-glp-fase-liquida-nova-versao-com-valvula-de-bloqueio-copia\/#primaryimage"},"thumbnailUrl":"https:\/\/recambiosecogas.com\/wp-content\/uploads\/2026\/05\/filtro-liquido-zavoli-zeta-plus-1.png","datePublished":"2026-05-06T13:38:38+00:00","dateModified":"2026-05-06T13:47:03+00:00","description":"Filtro de fase l\u00edquida BRC \u2013 nova vers\u00e3o. Compat\u00edvel com v\u00e1lvulas ET98 e sistemas BRC, Zavoli e IMPCO LPG. Alta reten\u00e7\u00e3o de part\u00edculas e ajuste preciso.","breadcrumb":{"@id":"https:\/\/recambiosecogas.com\/pt-pt\/producto\/filtro-brc-glp-fase-liquida-nova-versao-com-valvula-de-bloqueio-copia\/#breadcrumb"},"inLanguage":"pt-PT","potentialAction":[{"@type":"ReadAction","target":["https:\/\/recambiosecogas.com\/pt-pt\/producto\/filtro-brc-glp-fase-liquida-nova-versao-com-valvula-de-bloqueio-copia\/"]}]},{"@type":"ImageObject","inLanguage":"pt-PT","@id":"https:\/\/recambiosecogas.com\/pt-pt\/producto\/filtro-brc-glp-fase-liquida-nova-versao-com-valvula-de-bloqueio-copia\/#primaryimage","url":"https:\/\/recambiosecogas.com\/wp-content\/uploads\/2026\/05\/filtro-liquido-zavoli-zeta-plus-1.png","contentUrl":"https:\/\/recambiosecogas.com\/wp-content\/uploads\/2026\/05\/filtro-liquido-zavoli-zeta-plus-1.png","width":1000,"height":1000},{"@type":"BreadcrumbList","@id":"https:\/\/recambiosecogas.com\/pt-pt\/producto\/filtro-brc-glp-fase-liquida-nova-versao-com-valvula-de-bloqueio-copia\/#breadcrumb","itemListElement":[{"@type":"ListItem","position":1,"name":"P\u00e1gina inicial","item":"https:\/\/recambiosecogas.com\/pt-pt\/"},{"@type":"ListItem","position":2,"name":"Loja","item":"https:\/\/recambiosecogas.com\/pt-pt\/tienda\/"},{"@type":"ListItem","position":3,"name":"Filtro BRC GLP \u2013 Fase L\u00edquida | nova vers\u00e3o com v\u00e1lvula de bloqueio (copia)"}]},{"@type":"WebSite","@id":"https:\/\/recambiosecogas.com\/pt-pt\/#website","url":"https:\/\/recambiosecogas.com\/pt-pt\/","name":"Recambios EcoGas","description":"Pe\u00e7as multimarca para sistemas de GPL\/GNC\/GNL\/Hidrog\u00e9nio","publisher":{"@id":"https:\/\/recambiosecogas.com\/pt-pt\/#organization"},"alternateName":"Recambios Autogas GLP","potentialAction":[{"@type":"SearchAction","target":{"@type":"EntryPoint","urlTemplate":"https:\/\/recambiosecogas.com\/pt-pt\/?s={search_term_string}"},"query-input":{"@type":"PropertyValueSpecification","valueRequired":true,"valueName":"search_term_string"}}],"inLanguage":"pt-PT"},{"@type":["Organization","Place"],"@id":"https:\/\/recambiosecogas.com\/pt-pt\/#organization","name":"Recambios EcoGas","alternateName":"Loja de GPL Autog\u00e1s Espanha","url":"https:\/\/recambiosecogas.com\/pt-pt\/","logo":{"@id":"https:\/\/recambiosecogas.com\/pt-pt\/producto\/filtro-brc-glp-fase-liquida-nova-versao-com-valvula-de-bloqueio-copia\/#local-main-organization-logo"},"image":{"@id":"https:\/\/recambiosecogas.com\/pt-pt\/producto\/filtro-brc-glp-fase-liquida-nova-versao-com-valvula-de-bloqueio-copia\/#local-main-organization-logo"},"sameAs":["https:\/\/www.facebook.com\/profile.php?id=100062419705358","https:\/\/www.instagram.com\/segimon_automocio"],"description":"Recambios EcoGas \u2013 Venta y distribuci\u00f3n de sistemas GLP y GNC en Espa\u00f1a y Portugal. Env\u00edos 24 h, soporte t\u00e9cnico a talleres y distribuidores.","hasMerchantReturnPolicy":{"@type":"MerchantReturnPolicy","merchantReturnLink":"https:\/\/recambiosecogas.com\/politicas-privacidad\/"},"address":{"@id":"https:\/\/recambiosecogas.com\/pt-pt\/producto\/filtro-brc-glp-fase-liquida-nova-versao-com-valvula-de-bloqueio-copia\/#local-main-place-address"},"telephone":["616250633"],"contactPoint":{"@type":"ContactPoint","email":"export@recambiosecogas.com"},"openingHoursSpecification":[{"@type":"OpeningHoursSpecification","dayOfWeek":["Monday","Tuesday","Wednesday","Thursday","Friday","Saturday","Sunday"],"opens":"09:00","closes":"17:00"}],"email":"info@recambiosecogas.com","faxNumber":"SEGIMON AUTOMOCION SL","vatID":"ESB19819861","globalLocationNumber":"938 616 339"},{"@type":"PostalAddress","@id":"https:\/\/recambiosecogas.com\/pt-pt\/producto\/filtro-brc-glp-fase-liquida-nova-versao-com-valvula-de-bloqueio-copia\/#local-main-place-address","streetAddress":"cami antic de vic, 29 (Nave 3), Pol\u00edgono Industrial Congost","addressLocality":"CORRO D`AVALL","postalCode":"08520","addressRegion":"Barcelona","addressCountry":"ES"},{"@type":"ImageObject","inLanguage":"pt-PT","@id":"https:\/\/recambiosecogas.com\/pt-pt\/producto\/filtro-brc-glp-fase-liquida-nova-versao-com-valvula-de-bloqueio-copia\/#local-main-organization-logo","url":"https:\/\/recambiosecogas.com\/wp-content\/uploads\/2024\/11\/cropped-RECAMBIOS-GLP-png.webp","contentUrl":"https:\/\/recambiosecogas.com\/wp-content\/uploads\/2024\/11\/cropped-RECAMBIOS-GLP-png.webp","width":512,"height":512,"caption":"Recambios EcoGas"}]},"product_price_amount":"28.86","product_price_currency":"EUR","og_availability":"backorder","product_availability":"available for order","product_retailer_item_id":"02RR00506003","product_condition":"new","geo.placename":"CORRO D`AVALL","geo.region":"Espanha"},"uagb_featured_image_src":{"full":["https:\/\/recambiosecogas.com\/wp-content\/uploads\/2026\/05\/filtro-liquido-zavoli-zeta-plus-1.png",1000,1000,false],"thumbnail":["https:\/\/recambiosecogas.com\/wp-content\/uploads\/2026\/05\/filtro-liquido-zavoli-zeta-plus-1-150x150.png",150,150,true],"medium":["https:\/\/recambiosecogas.com\/wp-content\/uploads\/2026\/05\/filtro-liquido-zavoli-zeta-plus-1-300x300.png",300,300,true],"medium_large":["https:\/\/recambiosecogas.com\/wp-content\/uploads\/2026\/05\/filtro-liquido-zavoli-zeta-plus-1-768x768.png",768,768,true],"large":["https:\/\/recambiosecogas.com\/wp-content\/uploads\/2026\/05\/filtro-liquido-zavoli-zeta-plus-1.png",1000,1000,false],"1536x1536":["https:\/\/recambiosecogas.com\/wp-content\/uploads\/2026\/05\/filtro-liquido-zavoli-zeta-plus-1.png",1000,1000,false],"2048x2048":["https:\/\/recambiosecogas.com\/wp-content\/uploads\/2026\/05\/filtro-liquido-zavoli-zeta-plus-1.png",1000,1000,false],"woocommerce_archive_thumbnail":["https:\/\/recambiosecogas.com\/wp-content\/uploads\/2026\/05\/filtro-liquido-zavoli-zeta-plus-1.png",1000,1000,false],"woocommerce_thumbnail":["https:\/\/recambiosecogas.com\/wp-content\/uploads\/2026\/05\/filtro-liquido-zavoli-zeta-plus-1-300x300.png",300,300,true],"woocommerce_single":["https:\/\/recambiosecogas.com\/wp-content\/uploads\/2026\/05\/filtro-liquido-zavoli-zeta-plus-1.png",1000,1000,false],"woocommerce_gallery_thumbnail":["https:\/\/recambiosecogas.com\/wp-content\/uploads\/2026\/05\/filtro-liquido-zavoli-zeta-plus-1.png",1000,1000,false],"dgwt-wcas-product-suggestion":["https:\/\/recambiosecogas.com\/wp-content\/uploads\/2026\/05\/filtro-liquido-zavoli-zeta-plus-1-64x64.png",64,64,true]},"uagb_author_info":{"display_name":"Fran - Soporte T\u00e9cnico","author_link":"https:\/\/recambiosecogas.com\/pt-pt\/author\/"},"uagb_comment_info":0,"uagb_excerpt":"BRC","_links":{"self":[{"href":"https:\/\/recambiosecogas.com\/pt-pt\/wp-json\/wp\/v2\/product\/49001","targetHints":{"allow":["GET"]}}],"collection":[{"href":"https:\/\/recambiosecogas.com\/pt-pt\/wp-json\/wp\/v2\/product"}],"about":[{"href":"https:\/\/recambiosecogas.com\/pt-pt\/wp-json\/wp\/v2\/types\/product"}],"replies":[{"embeddable":true,"href":"https:\/\/recambiosecogas.com\/pt-pt\/wp-json\/wp\/v2\/comments?post=49001"}],"wp:featuredmedia":[{"embeddable":true,"href":"https:\/\/recambiosecogas.com\/pt-pt\/wp-json\/wp\/v2\/media\/49004"}],"wp:attachment":[{"href":"https:\/\/recambiosecogas.com\/pt-pt\/wp-json\/wp\/v2\/media?parent=49001"}],"wp:term":[{"taxonomy":"product_brand","embeddable":true,"href":"https:\/\/recambiosecogas.com\/pt-pt\/wp-json\/wp\/v2\/product_brand?post=49001"},{"taxonomy":"product_cat","embeddable":true,"href":"https:\/\/recambiosecogas.com\/pt-pt\/wp-json\/wp\/v2\/product_cat?post=49001"},{"taxonomy":"product_tag","embeddable":true,"href":"https:\/\/recambiosecogas.com\/pt-pt\/wp-json\/wp\/v2\/product_tag?post=49001"}],"curies":[{"name":"wp","href":"https:\/\/api.w.org\/{rel}","templated":true}]}}