{"id":48648,"date":"2024-12-23T14:32:52","date_gmt":"2024-12-23T14:32:52","guid":{"rendered":"https:\/\/recambiosecogas.com\/producto\/inyector-de-glp-landi-renzo-girs-4-cyl\/"},"modified":"2026-04-15T11:51:29","modified_gmt":"2026-04-15T10:51:29","slug":"inyector-de-glp-landi-renzo-girs-4-cyl","status":"publish","type":"product","link":"https:\/\/recambiosecogas.com\/pt-pt\/producto\/inyector-de-glp-landi-renzo-girs-4-cyl\/","title":{"rendered":"Injetor de GLP Landi Renzo GIRS de 4 cilindros."},"content":{"rendered":"<h3 class=\"h1 product-detail-name\" style=\"text-align: center;\">Injetor de GLP Landi Renzo GIRS de 4 cilindros. Preto (M\u00e9dio) com sensor de press\u00e3o para Renault Dacia OEM <\/h3>\n<section id=\"content\" class=\"page-content\" data-col-loading=\"loading-xl-6 loading-lg-5 loading-md-4 loading-sm-5 loading-xs-4\" data-type=\"thumbnail\" data-lazyload=\"1\" data-thumb=\"bottom\" data-breakpoints=\"[[1500, 6],[1200, 5],[992, 4],[768, 5], [576, 4]]\" data-modal=\"1\" data-column_xxl=\"2\" data-column_xl=\"2\" data-column_lg=\"1\" data-column_md=\"1\" data-column_sm=\"1\" data-column_xs=\"1\" data-column_sp=\"1\" data-size=\"cart_default\" data-zoom=\"none\" data-active=\"1\">\n<div class=\"images-container js-images-container images-for-detail\" data-initialslide=\"0\">\n<div class=\"product-cover\" style=\"text-align: center;\"><em><b>Refer\u00eancia OPEL: 95519834 \/ Refer\u00eancia a Landi Renzo 238095000<\/b><\/em><\/div>\n<\/div>\n<\/section>\n<p>O  <strong>Injetor de GLP Landi Renzo GIRS de 4 cilindros. Preto (M\u00e9dio) com sensor de press\u00e3o para Renault Dacia OEM <\/strong>  \u00e9 um componente essencial para garantir a inje\u00e7\u00e3o precisa e eficiente de g\u00e1s LPG em ve\u00edculos Renault e Dacia que utilizam sistemas OEM Landi Renzo. Este injetor foi especificamente concebido para garantir um fluxo constante de gasolina, melhorando a efici\u00eancia do motor e reduzindo as emiss\u00f5es. Equipado com um sensor de press\u00e3o integrado, permite monitoriza\u00e7\u00e3o cont\u00ednua do sistema, ajustando a dosagem de g\u00e1s em tempo real para um desempenho \u00f3timo. Ideal para substitui\u00e7\u00f5es ou melhorias, este injetor \u00e9 compat\u00edvel com uma grande variedade de modelos Renault e Dacia, garantindo uma integra\u00e7\u00e3o perfeita com o sistema de inje\u00e7\u00e3o original.   <\/p>\n<p><strong>Compre agora o Injetor de GLP Landi Renzo GIRS de 4 cilindros. Preto (M\u00e9dio) com sensor de press\u00e3o para Renault Dacia OEM e garante desempenho superior e inje\u00e7\u00e3o de gasolina precisa no seu ve\u00edculo. Compat\u00edvel com uma grande variedade de modelos Renault e Dacia equipados com sistemas OEM Landi Renzo.  <\/strong><\/p>\n<h4>Injetor Landi GIRS de 4 cilindros. Preto (M\u00e9dio) com sensor de press\u00e3o (5,5 bar) para Renault Dacia OEM <\/h4>\n<p><strong>Nota:<\/strong> A cor (tamanho do injetor) \u00e9 indicada pela cor da tampa de pl\u00e1stico no topo do injetor.<\/p>\n<p><strong>Tipo: Injetor m\u00e9dio ECO EVO GIRS de 4 cilindros (com tampa preta)<\/strong><br \/>\n<strong>Aplica\u00e7\u00e3o:<\/strong> Dacia Dokker SCe 110 Bi-Fuel &#8211; Dacia Duster SCe 115 Bi-Fuel &#8211; Dacia Lodgy SCe 115 Bi-Fuel<\/p>\n<p>Para sistemas de f\u00e1brica Landi Renzo nos modelos Renault e Dacia LPG.<\/p>\n<p><strong>Homologa\u00e7\u00e3o:<\/strong> E13 67R-01 0323 &#8211; E13 110R-000201<\/p>\n<p><span style=\"color: #ff0000;\">( <strong>POR FAVOR, ATEN\u00c7\u00c3O!<\/strong> Este \u00e9 um n\u00famero de aprova\u00e7\u00e3o e pode ser v\u00e1lido para v\u00e1rios produtos\/fam\u00edlias. Portanto, N\u00c3O \u00e9 um n\u00famero de tipo! Verifique cuidadosamente o C\u00f3digo do Modelo\/N\u00famero de Tipo\/Tamanho do produto desejado).  <\/span><\/p>\n<p><span lang=\"en\" xml:lang=\"en\">Estes injetores caracterizam-se por um n\u00edvel de ru\u00eddo extremamente baixo.<br \/>\nGra\u00e7as ao conector IP6K9K, garante uma excelente tens\u00e3o mesmo em condi\u00e7\u00f5es extremas.<\/span><\/p>\n<section id=\"content\" class=\"page-content\" data-col-loading=\"loading-xl-6 loading-lg-5 loading-md-4 loading-sm-5 loading-xs-4\" data-type=\"thumbnail\" data-lazyload=\"1\" data-thumb=\"bottom\" data-breakpoints=\"[[1500, 6],[1200, 5],[992, 4],[768, 5], [576, 4]]\" data-modal=\"1\" data-column_xxl=\"2\" data-column_xl=\"2\" data-column_lg=\"1\" data-column_md=\"1\" data-column_sm=\"1\" data-column_xs=\"1\" data-column_sp=\"1\" data-size=\"cart_default\" data-zoom=\"none\" data-active=\"1\">\n<div class=\"images-container js-images-container images-for-detail\" data-initialslide=\"0\">\n<div class=\"product-cover\" style=\"text-align: left;\">\n<div class=\"pointer-events-none relative left-[50%] flex w-[100cqw] translate-x-[-50%] justify-center *:pointer-events-auto\">\n<div class=\"tableContainer horzScrollShadows\">\n<p style=\"padding-left: 40px;\"><a href=\"https:\/\/segimonautomocio.com\/\">Troque os seus injetores na nossa oficina especializada.<\/a><br \/>\n<a href=\"https:\/\/recambiosecogas.com\/pt-pt\/categoria-produto\/injecao\/injetores-rail\/\">O nosso cat\u00e1logo de injetores.<\/a><\/p>\n<\/div>\n<\/div>\n<\/div>\n<\/div>\n<\/section>\n","protected":false},"excerpt":{"rendered":"<h5 class=\"h1 product-detail-name\" style=\"text-align: center;\">Injetor de GLP Landi Renzo GIRS de 4 cilindros.  <span style=\"color: #008000;\">Preto (M\u00e9dio) com sensor de press\u00e3o para Renault Dacia OEM<\/span><\/h5>\n<p><strong><em><b>Refer\u00eancia OPEL: 95519834 \/ Landi Renzo Refer\u00eancia 238095000<br \/>\n<\/b><\/em><\/strong><strong>Tipo<\/strong> : ECO EVO GIRS 4 M\u00e9dia de Deslocamento (tampa preta)<br \/>\n<strong>Observa\u00e7\u00f5es:<\/strong> Refer\u00eancia do produto OEM Renault Dacia: <strong><em><b>95519834 <\/b><\/em><\/strong><br \/>\n<strong>Aprova\u00e7\u00f5es:<\/strong> E13 67R-01 0323 &#8211; E13 110R-000201<br \/>\n<strong>Conte\u00fado:<\/strong> Trilho com 4x Injetores Pretos (M\u00e9dio) + sensor de press\u00e3o de 5,5 bar<br \/>\n<strong>Aplica\u00e7\u00e3o:<\/strong> Dacia Dokker SCe 110 Bi-Fuel &#8211; Dacia Duster SCe 115 Bi-Fuel &#8211; Dacia Lodgy SCe 115 Bi-Fuel<\/p>\n","protected":false},"featured_media":12337,"comment_status":"open","ping_status":"closed","template":"","meta":{"_uag_custom_page_level_css":""},"product_brand":[],"product_cat":[1591,1597,1740,1839,1845,1855,1857,1601],"product_tag":[1243],"class_list":{"0":"post-48648","1":"product","2":"type-product","3":"status-publish","4":"has-post-thumbnail","6":"product_cat-injecao","7":"product_cat-injetores-rail","8":"product_cat-landirenzo-pt-pt","9":"product_cat-pecas-oem-alfa-romeo","10":"product_cat-pecas-oem-dacia","11":"product_cat-pecas-oem-opel","12":"product_cat-pecas-oem-renault","13":"product_cat-rail-riel","14":"product_tag-oem-pt-pt","16":"first","17":"onbackorder","18":"sale","19":"taxable","20":"shipping-taxable","21":"purchasable","22":"product-type-simple"},"ct_brands":[],"yoast_head":"<!-- This site is optimized with the Yoast SEO Premium plugin v27.5 (Yoast SEO v27.5) - https:\/\/yoast.com\/product\/yoast-seo-premium-wordpress\/ -->\n<title>Injetor de GLP Landi Renzo GIRS de 4 cilindros. | Recambios EcoGas | Sistemas GLP y GNC<\/title>\n<meta name=\"description\" content=\"Landi Renzo GIRS 4 cilindros... Injetor de GLP. Inje\u00e7\u00e3o precisa e eficiente para sistemas de g\u00e1s GPL. Compat\u00edvel com Audi, BMW, Ford e mais.\" \/>\n<meta name=\"robots\" content=\"index, follow, max-snippet:-1, max-image-preview:large, max-video-preview:-1\" \/>\n<link rel=\"canonical\" href=\"https:\/\/recambiosecogas.com\/pt-pt\/producto\/inyector-de-glp-landi-renzo-girs-4-cyl\/\" \/>\n<meta property=\"og:locale\" content=\"pt_PT\" \/>\n<meta property=\"og:type\" content=\"article\" \/>\n<meta property=\"og:title\" content=\"Injetor de GLP Landi Renzo GIRS de 4 cilindros.\" \/>\n<meta property=\"og:description\" content=\"Landi Renzo GIRS 4 cilindros... Injetor de GLP. Inje\u00e7\u00e3o precisa e eficiente para sistemas de g\u00e1s GPL. Compat\u00edvel com Audi, BMW, Ford e mais.\" \/>\n<meta property=\"og:url\" content=\"https:\/\/recambiosecogas.com\/pt-pt\/producto\/inyector-de-glp-landi-renzo-girs-4-cyl\/\" \/>\n<meta property=\"og:site_name\" content=\"Recambios EcoGas\" \/>\n<meta property=\"article:publisher\" content=\"https:\/\/www.facebook.com\/profile.php?id=100062419705358\" \/>\n<meta property=\"article:modified_time\" content=\"2026-04-15T10:51:29+00:00\" \/>\n<meta property=\"og:image\" content=\"https:\/\/recambiosecogas.com\/wp-content\/uploads\/2024\/12\/Inyector-de-GLP-Landi-Renzo-GIRS-4-Cyl-2-png.webp\" \/>\n\t<meta property=\"og:image:width\" content=\"1000\" \/>\n\t<meta property=\"og:image:height\" content=\"1000\" \/>\n\t<meta property=\"og:image:type\" content=\"image\/png\" \/>\n<meta name=\"twitter:card\" content=\"summary_large_image\" \/>\n<meta name=\"twitter:label1\" content=\"pre\u00e7o\" \/>\n\t<meta name=\"twitter:data1\" content=\"278,30&nbsp;&euro; (Sin IVA: 230,00&nbsp;&euro;)\" \/>\n\t<meta name=\"twitter:label2\" content=\"Disponibilidade\" \/>\n\t<meta name=\"twitter:data2\" content=\"Por encomenda\" \/>\n<script type=\"application\/ld+json\" class=\"yoast-schema-graph\">{\"@context\":\"https:\\\/\\\/schema.org\",\"@graph\":[{\"@type\":\"WebPage\",\"@id\":\"https:\\\/\\\/recambiosecogas.com\\\/pt-pt\\\/producto\\\/inyector-de-glp-landi-renzo-girs-4-cyl\\\/\",\"url\":\"https:\\\/\\\/recambiosecogas.com\\\/pt-pt\\\/producto\\\/inyector-de-glp-landi-renzo-girs-4-cyl\\\/\",\"name\":\"Injetor de GLP Landi Renzo GIRS de 4 cilindros. | Recambios EcoGas | Sistemas GLP y GNC\",\"isPartOf\":{\"@id\":\"https:\\\/\\\/recambiosecogas.com\\\/pt-pt\\\/#website\"},\"primaryImageOfPage\":{\"@id\":\"https:\\\/\\\/recambiosecogas.com\\\/pt-pt\\\/producto\\\/inyector-de-glp-landi-renzo-girs-4-cyl\\\/#primaryimage\"},\"image\":{\"@id\":\"https:\\\/\\\/recambiosecogas.com\\\/pt-pt\\\/producto\\\/inyector-de-glp-landi-renzo-girs-4-cyl\\\/#primaryimage\"},\"thumbnailUrl\":\"https:\\\/\\\/recambiosecogas.com\\\/wp-content\\\/uploads\\\/2024\\\/12\\\/Inyector-de-GLP-Landi-Renzo-GIRS-4-Cyl-2-png.webp\",\"datePublished\":\"2024-12-23T14:32:52+00:00\",\"dateModified\":\"2026-04-15T10:51:29+00:00\",\"description\":\"Landi Renzo GIRS 4 cilindros... Injetor de GLP. Inje\u00e7\u00e3o precisa e eficiente para sistemas de g\u00e1s GPL. Compat\u00edvel com Audi, BMW, Ford e mais.\",\"breadcrumb\":{\"@id\":\"https:\\\/\\\/recambiosecogas.com\\\/pt-pt\\\/producto\\\/inyector-de-glp-landi-renzo-girs-4-cyl\\\/#breadcrumb\"},\"inLanguage\":\"pt-PT\",\"potentialAction\":[{\"@type\":\"ReadAction\",\"target\":[\"https:\\\/\\\/recambiosecogas.com\\\/pt-pt\\\/producto\\\/inyector-de-glp-landi-renzo-girs-4-cyl\\\/\"]}]},{\"@type\":\"ImageObject\",\"inLanguage\":\"pt-PT\",\"@id\":\"https:\\\/\\\/recambiosecogas.com\\\/pt-pt\\\/producto\\\/inyector-de-glp-landi-renzo-girs-4-cyl\\\/#primaryimage\",\"url\":\"https:\\\/\\\/recambiosecogas.com\\\/wp-content\\\/uploads\\\/2024\\\/12\\\/Inyector-de-GLP-Landi-Renzo-GIRS-4-Cyl-2-png.webp\",\"contentUrl\":\"https:\\\/\\\/recambiosecogas.com\\\/wp-content\\\/uploads\\\/2024\\\/12\\\/Inyector-de-GLP-Landi-Renzo-GIRS-4-Cyl-2-png.webp\",\"width\":1000,\"height\":1000},{\"@type\":\"BreadcrumbList\",\"@id\":\"https:\\\/\\\/recambiosecogas.com\\\/pt-pt\\\/producto\\\/inyector-de-glp-landi-renzo-girs-4-cyl\\\/#breadcrumb\",\"itemListElement\":[{\"@type\":\"ListItem\",\"position\":1,\"name\":\"P\u00e1gina inicial\",\"item\":\"https:\\\/\\\/recambiosecogas.com\\\/pt-pt\\\/\"},{\"@type\":\"ListItem\",\"position\":2,\"name\":\"Loja\",\"item\":\"https:\\\/\\\/recambiosecogas.com\\\/pt-pt\\\/tienda\\\/\"},{\"@type\":\"ListItem\",\"position\":3,\"name\":\"Injetor de GLP Landi Renzo GIRS de 4 cilindros.\"}]},{\"@type\":\"WebSite\",\"@id\":\"https:\\\/\\\/recambiosecogas.com\\\/pt-pt\\\/#website\",\"url\":\"https:\\\/\\\/recambiosecogas.com\\\/pt-pt\\\/\",\"name\":\"Recambios EcoGas\",\"description\":\"Pe\u00e7as multimarca para sistemas de GPL\\\/GNC\\\/GNL\\\/Hidrog\u00e9nio\",\"publisher\":{\"@id\":\"https:\\\/\\\/recambiosecogas.com\\\/pt-pt\\\/#organization\"},\"alternateName\":\"Recambios Autogas GLP\",\"potentialAction\":[{\"@type\":\"SearchAction\",\"target\":{\"@type\":\"EntryPoint\",\"urlTemplate\":\"https:\\\/\\\/recambiosecogas.com\\\/pt-pt\\\/?s={search_term_string}\"},\"query-input\":{\"@type\":\"PropertyValueSpecification\",\"valueRequired\":true,\"valueName\":\"search_term_string\"}}],\"inLanguage\":\"pt-PT\"},{\"@type\":[\"Organization\",\"Place\"],\"@id\":\"https:\\\/\\\/recambiosecogas.com\\\/pt-pt\\\/#organization\",\"name\":\"Recambios EcoGas\",\"alternateName\":\"Loja de GPL Autog\u00e1s Espanha\",\"url\":\"https:\\\/\\\/recambiosecogas.com\\\/pt-pt\\\/\",\"logo\":{\"@id\":\"https:\\\/\\\/recambiosecogas.com\\\/pt-pt\\\/producto\\\/inyector-de-glp-landi-renzo-girs-4-cyl\\\/#local-main-organization-logo\"},\"image\":{\"@id\":\"https:\\\/\\\/recambiosecogas.com\\\/pt-pt\\\/producto\\\/inyector-de-glp-landi-renzo-girs-4-cyl\\\/#local-main-organization-logo\"},\"sameAs\":[\"https:\\\/\\\/www.facebook.com\\\/profile.php?id=100062419705358\",\"https:\\\/\\\/www.instagram.com\\\/segimon_automocio\"],\"description\":\"Recambios EcoGas \u2013 Venta y distribuci\u00f3n de sistemas GLP y GNC en Espa\u00f1a y Portugal. Env\u00edos 24 h, soporte t\u00e9cnico a talleres y distribuidores.\",\"hasMerchantReturnPolicy\":{\"@type\":\"MerchantReturnPolicy\",\"merchantReturnLink\":\"https:\\\/\\\/recambiosecogas.com\\\/politicas-privacidad\\\/\"},\"address\":{\"@id\":\"https:\\\/\\\/recambiosecogas.com\\\/pt-pt\\\/producto\\\/inyector-de-glp-landi-renzo-girs-4-cyl\\\/#local-main-place-address\"},\"telephone\":[\"616250633\"],\"contactPoint\":{\"@type\":\"ContactPoint\",\"email\":\"export@recambiosecogas.com\"},\"openingHoursSpecification\":[{\"@type\":\"OpeningHoursSpecification\",\"dayOfWeek\":[\"Monday\",\"Tuesday\",\"Wednesday\",\"Thursday\",\"Friday\",\"Saturday\",\"Sunday\"],\"opens\":\"09:00\",\"closes\":\"17:00\"}],\"email\":\"info@recambiosecogas.com\",\"faxNumber\":\"SEGIMON AUTOMOCION SL\",\"vatID\":\"ESB19819861\",\"globalLocationNumber\":\"938 616 339\"},{\"@type\":\"PostalAddress\",\"@id\":\"https:\\\/\\\/recambiosecogas.com\\\/pt-pt\\\/producto\\\/inyector-de-glp-landi-renzo-girs-4-cyl\\\/#local-main-place-address\",\"streetAddress\":\"cami antic de vic, 29 (Nave 3), Pol\u00edgono Industrial Congost\",\"addressLocality\":\"CORRO D`AVALL\",\"postalCode\":\"08520\",\"addressRegion\":\"Barcelona\",\"addressCountry\":\"ES\"},{\"@type\":\"ImageObject\",\"inLanguage\":\"pt-PT\",\"@id\":\"https:\\\/\\\/recambiosecogas.com\\\/pt-pt\\\/producto\\\/inyector-de-glp-landi-renzo-girs-4-cyl\\\/#local-main-organization-logo\",\"url\":\"https:\\\/\\\/recambiosecogas.com\\\/wp-content\\\/uploads\\\/2024\\\/11\\\/cropped-RECAMBIOS-GLP-png.webp\",\"contentUrl\":\"https:\\\/\\\/recambiosecogas.com\\\/wp-content\\\/uploads\\\/2024\\\/11\\\/cropped-RECAMBIOS-GLP-png.webp\",\"width\":512,\"height\":512,\"caption\":\"Recambios EcoGas\"}]}<\/script>\n<meta property=\"product:price:amount\" content=\"278.30\" \/>\n<meta property=\"product:price:currency\" content=\"EUR\" \/>\n<meta property=\"og:availability\" content=\"backorder\" \/>\n<meta property=\"product:availability\" content=\"available for order\" \/>\n<meta property=\"product:retailer_item_id\" content=\"238000131\" \/>\n<meta property=\"product:condition\" content=\"new\" \/>\n<meta name=\"geo.placename\" content=\"CORRO D`AVALL\" \/>\n<meta name=\"geo.region\" content=\"Espanha\" \/>\n<!-- \/ Yoast SEO Premium plugin. -->","yoast_head_json":{"title":"Injetor de GLP Landi Renzo GIRS de 4 cilindros. | Recambios EcoGas | Sistemas GLP y GNC","description":"Landi Renzo GIRS 4 cilindros... Injetor de GLP. Inje\u00e7\u00e3o precisa e eficiente para sistemas de g\u00e1s GPL. Compat\u00edvel com Audi, BMW, Ford e mais.","robots":{"index":"index","follow":"follow","max-snippet":"max-snippet:-1","max-image-preview":"max-image-preview:large","max-video-preview":"max-video-preview:-1"},"canonical":"https:\/\/recambiosecogas.com\/pt-pt\/producto\/inyector-de-glp-landi-renzo-girs-4-cyl\/","og_locale":"pt_PT","og_type":"article","og_title":"Injetor de GLP Landi Renzo GIRS de 4 cilindros.","og_description":"Landi Renzo GIRS 4 cilindros... Injetor de GLP. Inje\u00e7\u00e3o precisa e eficiente para sistemas de g\u00e1s GPL. Compat\u00edvel com Audi, BMW, Ford e mais.","og_url":"https:\/\/recambiosecogas.com\/pt-pt\/producto\/inyector-de-glp-landi-renzo-girs-4-cyl\/","og_site_name":"Recambios EcoGas","article_publisher":"https:\/\/www.facebook.com\/profile.php?id=100062419705358","article_modified_time":"2026-04-15T10:51:29+00:00","og_image":[{"width":1000,"height":1000,"url":"https:\/\/recambiosecogas.com\/wp-content\/uploads\/2024\/12\/Inyector-de-GLP-Landi-Renzo-GIRS-4-Cyl-2-png.webp","type":"image\/png"}],"twitter_card":"summary_large_image","twitter_misc":{"pre\u00e7o":"278,30&nbsp;&euro; (Sin IVA: 230,00&nbsp;&euro;)","Disponibilidade":"Por encomenda"},"schema":{"@context":"https:\/\/schema.org","@graph":[{"@type":"WebPage","@id":"https:\/\/recambiosecogas.com\/pt-pt\/producto\/inyector-de-glp-landi-renzo-girs-4-cyl\/","url":"https:\/\/recambiosecogas.com\/pt-pt\/producto\/inyector-de-glp-landi-renzo-girs-4-cyl\/","name":"Injetor de GLP Landi Renzo GIRS de 4 cilindros. | Recambios EcoGas | Sistemas GLP y GNC","isPartOf":{"@id":"https:\/\/recambiosecogas.com\/pt-pt\/#website"},"primaryImageOfPage":{"@id":"https:\/\/recambiosecogas.com\/pt-pt\/producto\/inyector-de-glp-landi-renzo-girs-4-cyl\/#primaryimage"},"image":{"@id":"https:\/\/recambiosecogas.com\/pt-pt\/producto\/inyector-de-glp-landi-renzo-girs-4-cyl\/#primaryimage"},"thumbnailUrl":"https:\/\/recambiosecogas.com\/wp-content\/uploads\/2024\/12\/Inyector-de-GLP-Landi-Renzo-GIRS-4-Cyl-2-png.webp","datePublished":"2024-12-23T14:32:52+00:00","dateModified":"2026-04-15T10:51:29+00:00","description":"Landi Renzo GIRS 4 cilindros... Injetor de GLP. Inje\u00e7\u00e3o precisa e eficiente para sistemas de g\u00e1s GPL. Compat\u00edvel com Audi, BMW, Ford e mais.","breadcrumb":{"@id":"https:\/\/recambiosecogas.com\/pt-pt\/producto\/inyector-de-glp-landi-renzo-girs-4-cyl\/#breadcrumb"},"inLanguage":"pt-PT","potentialAction":[{"@type":"ReadAction","target":["https:\/\/recambiosecogas.com\/pt-pt\/producto\/inyector-de-glp-landi-renzo-girs-4-cyl\/"]}]},{"@type":"ImageObject","inLanguage":"pt-PT","@id":"https:\/\/recambiosecogas.com\/pt-pt\/producto\/inyector-de-glp-landi-renzo-girs-4-cyl\/#primaryimage","url":"https:\/\/recambiosecogas.com\/wp-content\/uploads\/2024\/12\/Inyector-de-GLP-Landi-Renzo-GIRS-4-Cyl-2-png.webp","contentUrl":"https:\/\/recambiosecogas.com\/wp-content\/uploads\/2024\/12\/Inyector-de-GLP-Landi-Renzo-GIRS-4-Cyl-2-png.webp","width":1000,"height":1000},{"@type":"BreadcrumbList","@id":"https:\/\/recambiosecogas.com\/pt-pt\/producto\/inyector-de-glp-landi-renzo-girs-4-cyl\/#breadcrumb","itemListElement":[{"@type":"ListItem","position":1,"name":"P\u00e1gina inicial","item":"https:\/\/recambiosecogas.com\/pt-pt\/"},{"@type":"ListItem","position":2,"name":"Loja","item":"https:\/\/recambiosecogas.com\/pt-pt\/tienda\/"},{"@type":"ListItem","position":3,"name":"Injetor de GLP Landi Renzo GIRS de 4 cilindros."}]},{"@type":"WebSite","@id":"https:\/\/recambiosecogas.com\/pt-pt\/#website","url":"https:\/\/recambiosecogas.com\/pt-pt\/","name":"Recambios EcoGas","description":"Pe\u00e7as multimarca para sistemas de GPL\/GNC\/GNL\/Hidrog\u00e9nio","publisher":{"@id":"https:\/\/recambiosecogas.com\/pt-pt\/#organization"},"alternateName":"Recambios Autogas GLP","potentialAction":[{"@type":"SearchAction","target":{"@type":"EntryPoint","urlTemplate":"https:\/\/recambiosecogas.com\/pt-pt\/?s={search_term_string}"},"query-input":{"@type":"PropertyValueSpecification","valueRequired":true,"valueName":"search_term_string"}}],"inLanguage":"pt-PT"},{"@type":["Organization","Place"],"@id":"https:\/\/recambiosecogas.com\/pt-pt\/#organization","name":"Recambios EcoGas","alternateName":"Loja de GPL Autog\u00e1s Espanha","url":"https:\/\/recambiosecogas.com\/pt-pt\/","logo":{"@id":"https:\/\/recambiosecogas.com\/pt-pt\/producto\/inyector-de-glp-landi-renzo-girs-4-cyl\/#local-main-organization-logo"},"image":{"@id":"https:\/\/recambiosecogas.com\/pt-pt\/producto\/inyector-de-glp-landi-renzo-girs-4-cyl\/#local-main-organization-logo"},"sameAs":["https:\/\/www.facebook.com\/profile.php?id=100062419705358","https:\/\/www.instagram.com\/segimon_automocio"],"description":"Recambios EcoGas \u2013 Venta y distribuci\u00f3n de sistemas GLP y GNC en Espa\u00f1a y Portugal. Env\u00edos 24 h, soporte t\u00e9cnico a talleres y distribuidores.","hasMerchantReturnPolicy":{"@type":"MerchantReturnPolicy","merchantReturnLink":"https:\/\/recambiosecogas.com\/politicas-privacidad\/"},"address":{"@id":"https:\/\/recambiosecogas.com\/pt-pt\/producto\/inyector-de-glp-landi-renzo-girs-4-cyl\/#local-main-place-address"},"telephone":["616250633"],"contactPoint":{"@type":"ContactPoint","email":"export@recambiosecogas.com"},"openingHoursSpecification":[{"@type":"OpeningHoursSpecification","dayOfWeek":["Monday","Tuesday","Wednesday","Thursday","Friday","Saturday","Sunday"],"opens":"09:00","closes":"17:00"}],"email":"info@recambiosecogas.com","faxNumber":"SEGIMON AUTOMOCION SL","vatID":"ESB19819861","globalLocationNumber":"938 616 339"},{"@type":"PostalAddress","@id":"https:\/\/recambiosecogas.com\/pt-pt\/producto\/inyector-de-glp-landi-renzo-girs-4-cyl\/#local-main-place-address","streetAddress":"cami antic de vic, 29 (Nave 3), Pol\u00edgono Industrial Congost","addressLocality":"CORRO D`AVALL","postalCode":"08520","addressRegion":"Barcelona","addressCountry":"ES"},{"@type":"ImageObject","inLanguage":"pt-PT","@id":"https:\/\/recambiosecogas.com\/pt-pt\/producto\/inyector-de-glp-landi-renzo-girs-4-cyl\/#local-main-organization-logo","url":"https:\/\/recambiosecogas.com\/wp-content\/uploads\/2024\/11\/cropped-RECAMBIOS-GLP-png.webp","contentUrl":"https:\/\/recambiosecogas.com\/wp-content\/uploads\/2024\/11\/cropped-RECAMBIOS-GLP-png.webp","width":512,"height":512,"caption":"Recambios EcoGas"}]},"product_price_amount":"278.30","product_price_currency":"EUR","og_availability":"backorder","product_availability":"available for order","product_retailer_item_id":"238000131","product_condition":"new","geo.placename":"CORRO D`AVALL","geo.region":"Espanha"},"uagb_featured_image_src":{"full":["https:\/\/recambiosecogas.com\/wp-content\/uploads\/2024\/12\/Inyector-de-GLP-Landi-Renzo-GIRS-4-Cyl-2-png.webp",1000,1000,false],"thumbnail":["https:\/\/recambiosecogas.com\/wp-content\/uploads\/2024\/12\/Inyector-de-GLP-Landi-Renzo-GIRS-4-Cyl-2-150x150.webp",150,150,true],"medium":["https:\/\/recambiosecogas.com\/wp-content\/uploads\/2024\/12\/Inyector-de-GLP-Landi-Renzo-GIRS-4-Cyl-2-300x300.webp",300,300,true],"medium_large":["https:\/\/recambiosecogas.com\/wp-content\/uploads\/2024\/12\/Inyector-de-GLP-Landi-Renzo-GIRS-4-Cyl-2-768x768.webp",768,768,true],"large":["https:\/\/recambiosecogas.com\/wp-content\/uploads\/2024\/12\/Inyector-de-GLP-Landi-Renzo-GIRS-4-Cyl-2-png.webp",1000,1000,false],"1536x1536":["https:\/\/recambiosecogas.com\/wp-content\/uploads\/2024\/12\/Inyector-de-GLP-Landi-Renzo-GIRS-4-Cyl-2-png.webp",1000,1000,false],"2048x2048":["https:\/\/recambiosecogas.com\/wp-content\/uploads\/2024\/12\/Inyector-de-GLP-Landi-Renzo-GIRS-4-Cyl-2-png.webp",1000,1000,false],"woocommerce_archive_thumbnail":["https:\/\/recambiosecogas.com\/wp-content\/uploads\/2024\/12\/Inyector-de-GLP-Landi-Renzo-GIRS-4-Cyl-2-png.webp",1000,1000,false],"woocommerce_thumbnail":["https:\/\/recambiosecogas.com\/wp-content\/uploads\/2024\/12\/Inyector-de-GLP-Landi-Renzo-GIRS-4-Cyl-2-300x300.webp",300,300,true],"woocommerce_single":["https:\/\/recambiosecogas.com\/wp-content\/uploads\/2024\/12\/Inyector-de-GLP-Landi-Renzo-GIRS-4-Cyl-2-png.webp",1000,1000,false],"woocommerce_gallery_thumbnail":["https:\/\/recambiosecogas.com\/wp-content\/uploads\/2024\/12\/Inyector-de-GLP-Landi-Renzo-GIRS-4-Cyl-2-png.webp",1000,1000,false],"dgwt-wcas-product-suggestion":["https:\/\/recambiosecogas.com\/wp-content\/uploads\/2024\/12\/Inyector-de-GLP-Landi-Renzo-GIRS-4-Cyl-2-64x64.webp",64,64,true]},"uagb_author_info":{"display_name":"Fran - Soporte T\u00e9cnico","author_link":"https:\/\/recambiosecogas.com\/pt-pt\/author\/"},"uagb_comment_info":0,"uagb_excerpt":"Injetor de GLP Landi Renzo GIRS de 4 cilindros. Preto (M\u00e9dio) com sensor de press\u00e3o para Renault Dacia OEM Refer\u00eancia OPEL: 95519834 \/ Landi Renzo Refer\u00eancia 238095000 Tipo : ECO EVO GIRS 4 M\u00e9dia de Deslocamento (tampa preta) Observa\u00e7\u00f5es: Refer\u00eancia do produto OEM Renault Dacia: 95519834 Aprova\u00e7\u00f5es: E13 67R-01 0323 - E13 110R-000201 Conte\u00fado: Trilho&hellip;","_links":{"self":[{"href":"https:\/\/recambiosecogas.com\/pt-pt\/wp-json\/wp\/v2\/product\/48648","targetHints":{"allow":["GET"]}}],"collection":[{"href":"https:\/\/recambiosecogas.com\/pt-pt\/wp-json\/wp\/v2\/product"}],"about":[{"href":"https:\/\/recambiosecogas.com\/pt-pt\/wp-json\/wp\/v2\/types\/product"}],"replies":[{"embeddable":true,"href":"https:\/\/recambiosecogas.com\/pt-pt\/wp-json\/wp\/v2\/comments?post=48648"}],"wp:featuredmedia":[{"embeddable":true,"href":"https:\/\/recambiosecogas.com\/pt-pt\/wp-json\/wp\/v2\/media\/12337"}],"wp:attachment":[{"href":"https:\/\/recambiosecogas.com\/pt-pt\/wp-json\/wp\/v2\/media?parent=48648"}],"wp:term":[{"taxonomy":"product_brand","embeddable":true,"href":"https:\/\/recambiosecogas.com\/pt-pt\/wp-json\/wp\/v2\/product_brand?post=48648"},{"taxonomy":"product_cat","embeddable":true,"href":"https:\/\/recambiosecogas.com\/pt-pt\/wp-json\/wp\/v2\/product_cat?post=48648"},{"taxonomy":"product_tag","embeddable":true,"href":"https:\/\/recambiosecogas.com\/pt-pt\/wp-json\/wp\/v2\/product_tag?post=48648"}],"curies":[{"name":"wp","href":"https:\/\/api.w.org\/{rel}","templated":true}]}}