{"id":48610,"date":"2024-12-23T14:32:32","date_gmt":"2024-12-23T14:32:32","guid":{"rendered":"https:\/\/recambiosecogas.com\/producto\/inyector-de-glp-landi-renzo-rgi-med-4x-inyectores\/"},"modified":"2026-04-15T11:51:10","modified_gmt":"2026-04-15T10:51:10","slug":"inyector-de-glp-landi-renzo-rgi-med-4x-inyectores","status":"publish","type":"product","link":"https:\/\/recambiosecogas.com\/pt-pt\/producto\/inyector-de-glp-landi-renzo-rgi-med-4x-inyectores\/","title":{"rendered":"Landi Renzo RGI MED Rail &#8211; 4x Injetores (Aberto)"},"content":{"rendered":"<h4 class=\"h1 product-detail-name\" style=\"text-align: center;\">Injetor Landi Renzo RGI MED LPG &#8211; 4x Injetores &#8211; <span style=\"color: #008000;\">Com liga\u00e7\u00e3o ao sensor de press\u00e3o &#8211; Aberto<\/span><\/h4>\n<p>O <strong>Injetor Landi Renzo RGI MED LPG &#8211; 4x Injetores<\/strong> \u00e9 um componente concebido para otimizar o desempenho dos sistemas de inje\u00e7\u00e3o de g\u00e1s LPG em ve\u00edculos de 4 cilindros. Fabricados com tecnologia avan\u00e7ada, estes injetores Landi Renzo garantem um fornecimento preciso de combust\u00edvel, melhorando a efici\u00eancia do motor e reduzindo as emiss\u00f5es poluentes. Gra\u00e7as ao seu design compacto e constru\u00e7\u00e3o duradoura, os injetores RGI MED garantem combust\u00e3o limpa e desempenho superior. Compat\u00edvel com uma grande variedade de marcas de ve\u00edculos.   <\/p>\n<p><strong>Carater\u00edsticas:<\/strong><\/p>\n<ul>\n<li><strong>Inje\u00e7\u00e3o de Alta Precis\u00e3o:<\/strong> Proporciona um fluxo constante e preciso de g\u00e1s GPL, garantindo uma combust\u00e3o eficiente e um desempenho \u00f3timo do motor.<\/li>\n<li><strong>Kit de 4 injetores:<\/strong> Inclui quatro injetores Landi Renzo RGI MED, concebidos especificamente para motores de 4 cilindros.<\/li>\n<li><strong>Fabrico de alta qualidade:<\/strong> Componentes feitos de materiais dur\u00e1veis e tecnologia avan\u00e7ada, garantindo opera\u00e7\u00e3o fi\u00e1vel e uma longa vida \u00fatil.<\/li>\n<li><strong>Compatibilidade Universal:<\/strong> Compat\u00edvel com sistemas de g\u00e1s LPG em ve\u00edculos de 4 cilindros de v\u00e1rias marcas como Audi, BMW, Ford, Mercedes-Benz, Peugeot, Renault, Volkswagen, Toyota, Nissan, Kia, Hyundai, Fiat, entre outras.<\/li>\n<li><strong>Instala\u00e7\u00e3o f\u00e1cil:<\/strong> O design compacto e leve facilita a instala\u00e7\u00e3o e manuten\u00e7\u00e3o do sistema de inje\u00e7\u00e3o, ideal para atualiza\u00e7\u00f5es e substitui\u00e7\u00f5es.<\/li>\n<\/ul>\n<p><strong>Compre agora o Injetor Landi Renzo RGI MED LPG &#8211; 4x Injetores e garanta desempenho superior e inje\u00e7\u00e3o de gasolina precisa no seu ve\u00edculo de 4 cilindros. Compat\u00edvel com uma grande variedade de marcas de ve\u00edculos reconhecidas.<br \/>\n<\/strong><\/p>\n<p><strong>Para sistemas a g\u00e1s:<\/strong> Motores de 4\/8 cilindros com<br \/>\n<strong>Landi Renzo Omegas, Eurogas Omegas, Landi LSI Sistemas OEM:<\/strong> Citro\u00ebn, Dacia, Opel, Peugeot, Renault, Skoda, VW<\/p>\n<p><span style=\"color: #ff0000;\"><strong>N\u00c3O ADEQUADO PARA FIAT ALFA LANCIA<\/strong><\/span><\/p>\n<p><strong>Nota:<\/strong> A cor (tamanho do bico) \u00e9 indicada pela cor da tampa de pl\u00e1stico no topo do bico.<br \/>\nEscolhe o tamanho\/cor do bico: Verde\/Preto\/Branco\/Laranja\/Azul\/Roxo<\/p>\n<p>(Pequeno) Injetor verde Landi MED GI25-22 at\u00e9 20 kW por cilindro<br \/>\n (M\u00e9dio) Injetor preto Landi MED GI25-65 at\u00e9 28 kW por cilindro<br \/>\n (Grande) Injetor branco Landi MED GI25-80 at\u00e9 37 kW por cilindro<\/p>\n<p>(Pequeno) Injetor laranja Landi MED GI25-22 at\u00e9 20 kW por cilindro<br \/>\n (M\u00e9dio) Injetor azul Landi MED GI25-65 at\u00e9 28 kW por cilindro<br \/>\n (Grande) Injetor roxo Landi MED GI25-80 at\u00e9 37 kW por cilindro<\/p>\n<p><strong>Aten\u00e7\u00e3o! Alguns sistemas de f\u00e1brica OPEL (Landi Renzo OEM) utilizam um sensor de press\u00e3o de 5,5 bar. Os carris injetores padr\u00e3o da Landi Renzo usam um sensor de press\u00e3o de 3,5 bar e, por isso, podem n\u00e3o ser compat\u00edveis com o seu Opel.  <\/strong><\/p>\n<p><strong>Verifique cuidadosamente que tipo de sensor de press\u00e3o \u00e9 usado no seu Opel (3,5 bar \/ 5,5 bar). Isto \u00e9 geralmente indicado no sensor de press\u00e3o (T-MAPC96 = 3,5 bar \/ T-MAPC97 = 5,5 bar). <\/strong><\/p>\n<p><a href=\"https:\/\/segimonautomocio.com\/\">Mude os seus injetores na nossa oficina especializada.<\/a><br \/>\n<a href=\"https:\/\/recambiosecogas.com\/pt-pt\/categoria-produto\/injecao\/injetores-rail\/\">O nosso cat\u00e1logo de injetores.<\/a><\/p>\n","protected":false},"excerpt":{"rendered":"<h6 class=\"h1 product-detail-name\" style=\"text-align: center;\">Injetor Landi Renzo RGI MED LPG &#8211; 4x Injetores &#8211;<span style=\"color: #008000;\"> Com liga\u00e7\u00e3o ao sensor de press\u00e3o &#8211; Aberto<\/span><\/h6>\n<p><strong>Marca:<\/strong> Landi Renzo<br \/>\n<strong>N\u00famero de Tipo:<\/strong> RGI-25-4C-CS <strong>com Liga\u00e7\u00e3o ao Sensor (=Aberto)<\/strong><br \/>\n<strong>Aprova\u00e7\u00e3o do injetor:<\/strong> (LPG) E13 67R-010234 &#8211; (CNG) E13 110R-000058<br \/>\n<strong>Aprova\u00e7\u00e3o do Rail do Injetor (Suporte):<\/strong> (LPG) E13 67R-010233 &#8211; (CNG) E13 110R-000057<br \/>\n<strong>Tamanho do Injetor:<\/strong> Esta \u00e9 uma op\u00e7\u00e3o opcional<br \/>\n<strong>Liga\u00e7\u00e3o el\u00e9trica:<\/strong> Bosch AMP 2 polos<br \/>\n<span style=\"color: #ff0000;\"><strong>NOTA! Sem sensor de press\u00e3o. Pode ser encomendado separadamente (3,5 bar \/ 5,5 bar).  <\/strong><\/span><\/p>\n<p>O tamanho do injetor \u00e9 indicado pela cor da tampa de pl\u00e1stico e pelo c\u00f3digo no topo do injetor, junto \u00e0 liga\u00e7\u00e3o da ficha.<\/p>\n","protected":false},"featured_media":12347,"comment_status":"open","ping_status":"closed","template":"","meta":{"_uag_custom_page_level_css":""},"product_brand":[],"product_cat":[1591,1597,1740,1839,1845,1855,1857,1601],"product_tag":[1243],"class_list":{"0":"post-48610","1":"product","2":"type-product","3":"status-publish","4":"has-post-thumbnail","6":"product_cat-injecao","7":"product_cat-injetores-rail","8":"product_cat-landirenzo-pt-pt","9":"product_cat-pecas-oem-alfa-romeo","10":"product_cat-pecas-oem-dacia","11":"product_cat-pecas-oem-opel","12":"product_cat-pecas-oem-renault","13":"product_cat-rail-riel","14":"product_tag-oem-pt-pt","16":"first","17":"onbackorder","18":"taxable","19":"shipping-taxable","20":"purchasable","21":"product-type-simple"},"ct_brands":[],"yoast_head":"<!-- This site is optimized with the Yoast SEO Premium plugin v27.5 (Yoast SEO v27.6) - https:\/\/yoast.com\/product\/yoast-seo-premium-wordpress\/ -->\n<title>Landi Renzo RGI MED Rail - 4x Injetores (Aberto) | Recambios EcoGas | Sistemas GLP y GNC<\/title>\n<meta name=\"description\" content=\"Landi Renzo RGI MED LPG Injector - 4x Injetores. Inje\u00e7\u00e3o precisa e eficiente para sistemas de g\u00e1s GPL. Compat\u00edvel com Audi, BMW, Ford e mais.\" \/>\n<meta name=\"robots\" content=\"index, follow, max-snippet:-1, max-image-preview:large, max-video-preview:-1\" \/>\n<link rel=\"canonical\" href=\"https:\/\/recambiosecogas.com\/pt-pt\/producto\/inyector-de-glp-landi-renzo-rgi-med-4x-inyectores\/\" \/>\n<meta property=\"og:locale\" content=\"pt_PT\" \/>\n<meta property=\"og:type\" content=\"article\" \/>\n<meta property=\"og:title\" content=\"Landi Renzo RGI MED Rail - 4x Injetores (Aberto)\" \/>\n<meta property=\"og:description\" content=\"Landi Renzo RGI MED LPG Injector - 4x Injetores. Inje\u00e7\u00e3o precisa e eficiente para sistemas de g\u00e1s GPL. Compat\u00edvel com Audi, BMW, Ford e mais.\" \/>\n<meta property=\"og:url\" content=\"https:\/\/recambiosecogas.com\/pt-pt\/producto\/inyector-de-glp-landi-renzo-rgi-med-4x-inyectores\/\" \/>\n<meta property=\"og:site_name\" content=\"Recambios EcoGas\" \/>\n<meta property=\"article:publisher\" content=\"https:\/\/www.facebook.com\/profile.php?id=100062419705358\" \/>\n<meta property=\"article:modified_time\" content=\"2026-04-15T10:51:10+00:00\" \/>\n<meta property=\"og:image\" content=\"https:\/\/recambiosecogas.com\/wp-content\/uploads\/2024\/12\/Inyector-de-GLP-Landi-Renzo-RGI-MED-4x-Inyectore-1-png.webp\" \/>\n\t<meta property=\"og:image:width\" content=\"1000\" \/>\n\t<meta property=\"og:image:height\" content=\"1000\" \/>\n\t<meta property=\"og:image:type\" content=\"image\/png\" \/>\n<meta name=\"twitter:card\" content=\"summary_large_image\" \/>\n<meta name=\"twitter:label1\" content=\"pre\u00e7o\" \/>\n\t<meta name=\"twitter:data1\" content=\"293,41&nbsp;&euro; (Sin IVA: 242,49&nbsp;&euro;)\" \/>\n\t<meta name=\"twitter:label2\" content=\"Disponibilidade\" \/>\n\t<meta name=\"twitter:data2\" content=\"Por encomenda\" \/>\n<script type=\"application\/ld+json\" class=\"yoast-schema-graph\">{\"@context\":\"https:\\\/\\\/schema.org\",\"@graph\":[{\"@type\":\"WebPage\",\"@id\":\"https:\\\/\\\/recambiosecogas.com\\\/pt-pt\\\/producto\\\/inyector-de-glp-landi-renzo-rgi-med-4x-inyectores\\\/\",\"url\":\"https:\\\/\\\/recambiosecogas.com\\\/pt-pt\\\/producto\\\/inyector-de-glp-landi-renzo-rgi-med-4x-inyectores\\\/\",\"name\":\"Landi Renzo RGI MED Rail - 4x Injetores (Aberto) | Recambios EcoGas | Sistemas GLP y GNC\",\"isPartOf\":{\"@id\":\"https:\\\/\\\/recambiosecogas.com\\\/pt-pt\\\/#website\"},\"primaryImageOfPage\":{\"@id\":\"https:\\\/\\\/recambiosecogas.com\\\/pt-pt\\\/producto\\\/inyector-de-glp-landi-renzo-rgi-med-4x-inyectores\\\/#primaryimage\"},\"image\":{\"@id\":\"https:\\\/\\\/recambiosecogas.com\\\/pt-pt\\\/producto\\\/inyector-de-glp-landi-renzo-rgi-med-4x-inyectores\\\/#primaryimage\"},\"thumbnailUrl\":\"https:\\\/\\\/recambiosecogas.com\\\/wp-content\\\/uploads\\\/2024\\\/12\\\/Inyector-de-GLP-Landi-Renzo-RGI-MED-4x-Inyectore-1-png.webp\",\"datePublished\":\"2024-12-23T14:32:32+00:00\",\"dateModified\":\"2026-04-15T10:51:10+00:00\",\"description\":\"Landi Renzo RGI MED LPG Injector - 4x Injetores. Inje\u00e7\u00e3o precisa e eficiente para sistemas de g\u00e1s GPL. Compat\u00edvel com Audi, BMW, Ford e mais.\",\"breadcrumb\":{\"@id\":\"https:\\\/\\\/recambiosecogas.com\\\/pt-pt\\\/producto\\\/inyector-de-glp-landi-renzo-rgi-med-4x-inyectores\\\/#breadcrumb\"},\"inLanguage\":\"pt-PT\",\"potentialAction\":[{\"@type\":\"ReadAction\",\"target\":[\"https:\\\/\\\/recambiosecogas.com\\\/pt-pt\\\/producto\\\/inyector-de-glp-landi-renzo-rgi-med-4x-inyectores\\\/\"]}]},{\"@type\":\"ImageObject\",\"inLanguage\":\"pt-PT\",\"@id\":\"https:\\\/\\\/recambiosecogas.com\\\/pt-pt\\\/producto\\\/inyector-de-glp-landi-renzo-rgi-med-4x-inyectores\\\/#primaryimage\",\"url\":\"https:\\\/\\\/recambiosecogas.com\\\/wp-content\\\/uploads\\\/2024\\\/12\\\/Inyector-de-GLP-Landi-Renzo-RGI-MED-4x-Inyectore-1-png.webp\",\"contentUrl\":\"https:\\\/\\\/recambiosecogas.com\\\/wp-content\\\/uploads\\\/2024\\\/12\\\/Inyector-de-GLP-Landi-Renzo-RGI-MED-4x-Inyectore-1-png.webp\",\"width\":1000,\"height\":1000},{\"@type\":\"BreadcrumbList\",\"@id\":\"https:\\\/\\\/recambiosecogas.com\\\/pt-pt\\\/producto\\\/inyector-de-glp-landi-renzo-rgi-med-4x-inyectores\\\/#breadcrumb\",\"itemListElement\":[{\"@type\":\"ListItem\",\"position\":1,\"name\":\"P\u00e1gina inicial\",\"item\":\"https:\\\/\\\/recambiosecogas.com\\\/pt-pt\\\/\"},{\"@type\":\"ListItem\",\"position\":2,\"name\":\"Loja\",\"item\":\"https:\\\/\\\/recambiosecogas.com\\\/pt-pt\\\/tienda\\\/\"},{\"@type\":\"ListItem\",\"position\":3,\"name\":\"Landi Renzo RGI MED Rail &#8211; 4x Injetores (Aberto)\"}]},{\"@type\":\"WebSite\",\"@id\":\"https:\\\/\\\/recambiosecogas.com\\\/pt-pt\\\/#website\",\"url\":\"https:\\\/\\\/recambiosecogas.com\\\/pt-pt\\\/\",\"name\":\"Recambios EcoGas\",\"description\":\"Pe\u00e7as multimarca para sistemas de GPL\\\/GNC\\\/GNL\\\/Hidrog\u00e9nio\",\"publisher\":{\"@id\":\"https:\\\/\\\/recambiosecogas.com\\\/pt-pt\\\/#organization\"},\"alternateName\":\"Recambios Autogas GLP\",\"potentialAction\":[{\"@type\":\"SearchAction\",\"target\":{\"@type\":\"EntryPoint\",\"urlTemplate\":\"https:\\\/\\\/recambiosecogas.com\\\/pt-pt\\\/?s={search_term_string}\"},\"query-input\":{\"@type\":\"PropertyValueSpecification\",\"valueRequired\":true,\"valueName\":\"search_term_string\"}}],\"inLanguage\":\"pt-PT\"},{\"@type\":[\"Organization\",\"Place\"],\"@id\":\"https:\\\/\\\/recambiosecogas.com\\\/pt-pt\\\/#organization\",\"name\":\"Recambios EcoGas\",\"alternateName\":\"Loja de GPL Autog\u00e1s Espanha\",\"url\":\"https:\\\/\\\/recambiosecogas.com\\\/pt-pt\\\/\",\"logo\":{\"@id\":\"https:\\\/\\\/recambiosecogas.com\\\/pt-pt\\\/producto\\\/inyector-de-glp-landi-renzo-rgi-med-4x-inyectores\\\/#local-main-organization-logo\"},\"image\":{\"@id\":\"https:\\\/\\\/recambiosecogas.com\\\/pt-pt\\\/producto\\\/inyector-de-glp-landi-renzo-rgi-med-4x-inyectores\\\/#local-main-organization-logo\"},\"sameAs\":[\"https:\\\/\\\/www.facebook.com\\\/profile.php?id=100062419705358\",\"https:\\\/\\\/www.instagram.com\\\/segimon_automocio\"],\"description\":\"Recambios EcoGas \u2013 Venta y distribuci\u00f3n de sistemas GLP y GNC en Espa\u00f1a y Portugal. Env\u00edos 24 h, soporte t\u00e9cnico a talleres y distribuidores.\",\"hasMerchantReturnPolicy\":{\"@type\":\"MerchantReturnPolicy\",\"merchantReturnLink\":\"https:\\\/\\\/recambiosecogas.com\\\/politicas-privacidad\\\/\"},\"address\":{\"@id\":\"https:\\\/\\\/recambiosecogas.com\\\/pt-pt\\\/producto\\\/inyector-de-glp-landi-renzo-rgi-med-4x-inyectores\\\/#local-main-place-address\"},\"telephone\":[\"616250633\"],\"contactPoint\":{\"@type\":\"ContactPoint\",\"email\":\"export@recambiosecogas.com\"},\"openingHoursSpecification\":[{\"@type\":\"OpeningHoursSpecification\",\"dayOfWeek\":[\"Monday\",\"Tuesday\",\"Wednesday\",\"Thursday\",\"Friday\",\"Saturday\",\"Sunday\"],\"opens\":\"09:00\",\"closes\":\"17:00\"}],\"email\":\"info@recambiosecogas.com\",\"faxNumber\":\"SEGIMON AUTOMOCION SL\",\"vatID\":\"ESB19819861\",\"globalLocationNumber\":\"938 616 339\"},{\"@type\":\"PostalAddress\",\"@id\":\"https:\\\/\\\/recambiosecogas.com\\\/pt-pt\\\/producto\\\/inyector-de-glp-landi-renzo-rgi-med-4x-inyectores\\\/#local-main-place-address\",\"streetAddress\":\"cami antic de vic, 29 (Nave 3), Pol\u00edgono Industrial Congost\",\"addressLocality\":\"CORRO D`AVALL\",\"postalCode\":\"08520\",\"addressRegion\":\"Barcelona\",\"addressCountry\":\"ES\"},{\"@type\":\"ImageObject\",\"inLanguage\":\"pt-PT\",\"@id\":\"https:\\\/\\\/recambiosecogas.com\\\/pt-pt\\\/producto\\\/inyector-de-glp-landi-renzo-rgi-med-4x-inyectores\\\/#local-main-organization-logo\",\"url\":\"https:\\\/\\\/recambiosecogas.com\\\/wp-content\\\/uploads\\\/2024\\\/11\\\/cropped-RECAMBIOS-GLP-png.webp\",\"contentUrl\":\"https:\\\/\\\/recambiosecogas.com\\\/wp-content\\\/uploads\\\/2024\\\/11\\\/cropped-RECAMBIOS-GLP-png.webp\",\"width\":512,\"height\":512,\"caption\":\"Recambios EcoGas\"}]}<\/script>\n<meta property=\"product:price:amount\" content=\"293.41\" \/>\n<meta property=\"product:price:currency\" content=\"EUR\" \/>\n<meta property=\"og:availability\" content=\"backorder\" \/>\n<meta property=\"product:availability\" content=\"available for order\" \/>\n<meta property=\"product:retailer_item_id\" content=\"238132000-1\" \/>\n<meta property=\"product:condition\" content=\"new\" \/>\n<meta name=\"geo.placename\" content=\"CORRO D`AVALL\" \/>\n<meta name=\"geo.region\" content=\"Espanha\" \/>\n<!-- \/ Yoast SEO Premium plugin. -->","yoast_head_json":{"title":"Landi Renzo RGI MED Rail - 4x Injetores (Aberto) | Recambios EcoGas | Sistemas GLP y GNC","description":"Landi Renzo RGI MED LPG Injector - 4x Injetores. Inje\u00e7\u00e3o precisa e eficiente para sistemas de g\u00e1s GPL. Compat\u00edvel com Audi, BMW, Ford e mais.","robots":{"index":"index","follow":"follow","max-snippet":"max-snippet:-1","max-image-preview":"max-image-preview:large","max-video-preview":"max-video-preview:-1"},"canonical":"https:\/\/recambiosecogas.com\/pt-pt\/producto\/inyector-de-glp-landi-renzo-rgi-med-4x-inyectores\/","og_locale":"pt_PT","og_type":"article","og_title":"Landi Renzo RGI MED Rail - 4x Injetores (Aberto)","og_description":"Landi Renzo RGI MED LPG Injector - 4x Injetores. Inje\u00e7\u00e3o precisa e eficiente para sistemas de g\u00e1s GPL. Compat\u00edvel com Audi, BMW, Ford e mais.","og_url":"https:\/\/recambiosecogas.com\/pt-pt\/producto\/inyector-de-glp-landi-renzo-rgi-med-4x-inyectores\/","og_site_name":"Recambios EcoGas","article_publisher":"https:\/\/www.facebook.com\/profile.php?id=100062419705358","article_modified_time":"2026-04-15T10:51:10+00:00","og_image":[{"width":1000,"height":1000,"url":"https:\/\/recambiosecogas.com\/wp-content\/uploads\/2024\/12\/Inyector-de-GLP-Landi-Renzo-RGI-MED-4x-Inyectore-1-png.webp","type":"image\/png"}],"twitter_card":"summary_large_image","twitter_misc":{"pre\u00e7o":"293,41&nbsp;&euro; (Sin IVA: 242,49&nbsp;&euro;)","Disponibilidade":"Por encomenda"},"schema":{"@context":"https:\/\/schema.org","@graph":[{"@type":"WebPage","@id":"https:\/\/recambiosecogas.com\/pt-pt\/producto\/inyector-de-glp-landi-renzo-rgi-med-4x-inyectores\/","url":"https:\/\/recambiosecogas.com\/pt-pt\/producto\/inyector-de-glp-landi-renzo-rgi-med-4x-inyectores\/","name":"Landi Renzo RGI MED Rail - 4x Injetores (Aberto) | Recambios EcoGas | Sistemas GLP y GNC","isPartOf":{"@id":"https:\/\/recambiosecogas.com\/pt-pt\/#website"},"primaryImageOfPage":{"@id":"https:\/\/recambiosecogas.com\/pt-pt\/producto\/inyector-de-glp-landi-renzo-rgi-med-4x-inyectores\/#primaryimage"},"image":{"@id":"https:\/\/recambiosecogas.com\/pt-pt\/producto\/inyector-de-glp-landi-renzo-rgi-med-4x-inyectores\/#primaryimage"},"thumbnailUrl":"https:\/\/recambiosecogas.com\/wp-content\/uploads\/2024\/12\/Inyector-de-GLP-Landi-Renzo-RGI-MED-4x-Inyectore-1-png.webp","datePublished":"2024-12-23T14:32:32+00:00","dateModified":"2026-04-15T10:51:10+00:00","description":"Landi Renzo RGI MED LPG Injector - 4x Injetores. Inje\u00e7\u00e3o precisa e eficiente para sistemas de g\u00e1s GPL. Compat\u00edvel com Audi, BMW, Ford e mais.","breadcrumb":{"@id":"https:\/\/recambiosecogas.com\/pt-pt\/producto\/inyector-de-glp-landi-renzo-rgi-med-4x-inyectores\/#breadcrumb"},"inLanguage":"pt-PT","potentialAction":[{"@type":"ReadAction","target":["https:\/\/recambiosecogas.com\/pt-pt\/producto\/inyector-de-glp-landi-renzo-rgi-med-4x-inyectores\/"]}]},{"@type":"ImageObject","inLanguage":"pt-PT","@id":"https:\/\/recambiosecogas.com\/pt-pt\/producto\/inyector-de-glp-landi-renzo-rgi-med-4x-inyectores\/#primaryimage","url":"https:\/\/recambiosecogas.com\/wp-content\/uploads\/2024\/12\/Inyector-de-GLP-Landi-Renzo-RGI-MED-4x-Inyectore-1-png.webp","contentUrl":"https:\/\/recambiosecogas.com\/wp-content\/uploads\/2024\/12\/Inyector-de-GLP-Landi-Renzo-RGI-MED-4x-Inyectore-1-png.webp","width":1000,"height":1000},{"@type":"BreadcrumbList","@id":"https:\/\/recambiosecogas.com\/pt-pt\/producto\/inyector-de-glp-landi-renzo-rgi-med-4x-inyectores\/#breadcrumb","itemListElement":[{"@type":"ListItem","position":1,"name":"P\u00e1gina inicial","item":"https:\/\/recambiosecogas.com\/pt-pt\/"},{"@type":"ListItem","position":2,"name":"Loja","item":"https:\/\/recambiosecogas.com\/pt-pt\/tienda\/"},{"@type":"ListItem","position":3,"name":"Landi Renzo RGI MED Rail &#8211; 4x Injetores (Aberto)"}]},{"@type":"WebSite","@id":"https:\/\/recambiosecogas.com\/pt-pt\/#website","url":"https:\/\/recambiosecogas.com\/pt-pt\/","name":"Recambios EcoGas","description":"Pe\u00e7as multimarca para sistemas de GPL\/GNC\/GNL\/Hidrog\u00e9nio","publisher":{"@id":"https:\/\/recambiosecogas.com\/pt-pt\/#organization"},"alternateName":"Recambios Autogas GLP","potentialAction":[{"@type":"SearchAction","target":{"@type":"EntryPoint","urlTemplate":"https:\/\/recambiosecogas.com\/pt-pt\/?s={search_term_string}"},"query-input":{"@type":"PropertyValueSpecification","valueRequired":true,"valueName":"search_term_string"}}],"inLanguage":"pt-PT"},{"@type":["Organization","Place"],"@id":"https:\/\/recambiosecogas.com\/pt-pt\/#organization","name":"Recambios EcoGas","alternateName":"Loja de GPL Autog\u00e1s Espanha","url":"https:\/\/recambiosecogas.com\/pt-pt\/","logo":{"@id":"https:\/\/recambiosecogas.com\/pt-pt\/producto\/inyector-de-glp-landi-renzo-rgi-med-4x-inyectores\/#local-main-organization-logo"},"image":{"@id":"https:\/\/recambiosecogas.com\/pt-pt\/producto\/inyector-de-glp-landi-renzo-rgi-med-4x-inyectores\/#local-main-organization-logo"},"sameAs":["https:\/\/www.facebook.com\/profile.php?id=100062419705358","https:\/\/www.instagram.com\/segimon_automocio"],"description":"Recambios EcoGas \u2013 Venta y distribuci\u00f3n de sistemas GLP y GNC en Espa\u00f1a y Portugal. Env\u00edos 24 h, soporte t\u00e9cnico a talleres y distribuidores.","hasMerchantReturnPolicy":{"@type":"MerchantReturnPolicy","merchantReturnLink":"https:\/\/recambiosecogas.com\/politicas-privacidad\/"},"address":{"@id":"https:\/\/recambiosecogas.com\/pt-pt\/producto\/inyector-de-glp-landi-renzo-rgi-med-4x-inyectores\/#local-main-place-address"},"telephone":["616250633"],"contactPoint":{"@type":"ContactPoint","email":"export@recambiosecogas.com"},"openingHoursSpecification":[{"@type":"OpeningHoursSpecification","dayOfWeek":["Monday","Tuesday","Wednesday","Thursday","Friday","Saturday","Sunday"],"opens":"09:00","closes":"17:00"}],"email":"info@recambiosecogas.com","faxNumber":"SEGIMON AUTOMOCION SL","vatID":"ESB19819861","globalLocationNumber":"938 616 339"},{"@type":"PostalAddress","@id":"https:\/\/recambiosecogas.com\/pt-pt\/producto\/inyector-de-glp-landi-renzo-rgi-med-4x-inyectores\/#local-main-place-address","streetAddress":"cami antic de vic, 29 (Nave 3), Pol\u00edgono Industrial Congost","addressLocality":"CORRO D`AVALL","postalCode":"08520","addressRegion":"Barcelona","addressCountry":"ES"},{"@type":"ImageObject","inLanguage":"pt-PT","@id":"https:\/\/recambiosecogas.com\/pt-pt\/producto\/inyector-de-glp-landi-renzo-rgi-med-4x-inyectores\/#local-main-organization-logo","url":"https:\/\/recambiosecogas.com\/wp-content\/uploads\/2024\/11\/cropped-RECAMBIOS-GLP-png.webp","contentUrl":"https:\/\/recambiosecogas.com\/wp-content\/uploads\/2024\/11\/cropped-RECAMBIOS-GLP-png.webp","width":512,"height":512,"caption":"Recambios EcoGas"}]},"product_price_amount":"293.41","product_price_currency":"EUR","og_availability":"backorder","product_availability":"available for order","product_retailer_item_id":"238132000-1","product_condition":"new","geo.placename":"CORRO D`AVALL","geo.region":"Espanha"},"uagb_featured_image_src":{"full":["https:\/\/recambiosecogas.com\/wp-content\/uploads\/2024\/12\/Inyector-de-GLP-Landi-Renzo-RGI-MED-4x-Inyectore-1-png.webp",1000,1000,false],"thumbnail":["https:\/\/recambiosecogas.com\/wp-content\/uploads\/2024\/12\/Inyector-de-GLP-Landi-Renzo-RGI-MED-4x-Inyectore-1-150x150.webp",150,150,true],"medium":["https:\/\/recambiosecogas.com\/wp-content\/uploads\/2024\/12\/Inyector-de-GLP-Landi-Renzo-RGI-MED-4x-Inyectore-1-300x300.webp",300,300,true],"medium_large":["https:\/\/recambiosecogas.com\/wp-content\/uploads\/2024\/12\/Inyector-de-GLP-Landi-Renzo-RGI-MED-4x-Inyectore-1-768x768.webp",768,768,true],"large":["https:\/\/recambiosecogas.com\/wp-content\/uploads\/2024\/12\/Inyector-de-GLP-Landi-Renzo-RGI-MED-4x-Inyectore-1-png.webp",1000,1000,false],"1536x1536":["https:\/\/recambiosecogas.com\/wp-content\/uploads\/2024\/12\/Inyector-de-GLP-Landi-Renzo-RGI-MED-4x-Inyectore-1-png.webp",1000,1000,false],"2048x2048":["https:\/\/recambiosecogas.com\/wp-content\/uploads\/2024\/12\/Inyector-de-GLP-Landi-Renzo-RGI-MED-4x-Inyectore-1-png.webp",1000,1000,false],"woocommerce_archive_thumbnail":["https:\/\/recambiosecogas.com\/wp-content\/uploads\/2024\/12\/Inyector-de-GLP-Landi-Renzo-RGI-MED-4x-Inyectore-1-png.webp",1000,1000,false],"woocommerce_thumbnail":["https:\/\/recambiosecogas.com\/wp-content\/uploads\/2024\/12\/Inyector-de-GLP-Landi-Renzo-RGI-MED-4x-Inyectore-1-300x300.webp",300,300,true],"woocommerce_single":["https:\/\/recambiosecogas.com\/wp-content\/uploads\/2024\/12\/Inyector-de-GLP-Landi-Renzo-RGI-MED-4x-Inyectore-1-png.webp",1000,1000,false],"woocommerce_gallery_thumbnail":["https:\/\/recambiosecogas.com\/wp-content\/uploads\/2024\/12\/Inyector-de-GLP-Landi-Renzo-RGI-MED-4x-Inyectore-1-png.webp",1000,1000,false],"dgwt-wcas-product-suggestion":["https:\/\/recambiosecogas.com\/wp-content\/uploads\/2024\/12\/Inyector-de-GLP-Landi-Renzo-RGI-MED-4x-Inyectore-1-64x64.webp",64,64,true]},"uagb_author_info":{"display_name":"Fran - Soporte T\u00e9cnico","author_link":"https:\/\/recambiosecogas.com\/pt-pt\/author\/"},"uagb_comment_info":0,"uagb_excerpt":"Injetor Landi Renzo RGI MED LPG - 4x Injetores - Com liga\u00e7\u00e3o ao sensor de press\u00e3o - Aberto Marca: Landi Renzo N\u00famero de Tipo: RGI-25-4C-CS com Liga\u00e7\u00e3o ao Sensor (=Aberto) Aprova\u00e7\u00e3o do injetor: (LPG) E13 67R-010234 - (CNG) E13 110R-000058 Aprova\u00e7\u00e3o do Rail do Injetor (Suporte): (LPG) E13 67R-010233 - (CNG) E13 110R-000057 Tamanho do&hellip;","_links":{"self":[{"href":"https:\/\/recambiosecogas.com\/pt-pt\/wp-json\/wp\/v2\/product\/48610","targetHints":{"allow":["GET"]}}],"collection":[{"href":"https:\/\/recambiosecogas.com\/pt-pt\/wp-json\/wp\/v2\/product"}],"about":[{"href":"https:\/\/recambiosecogas.com\/pt-pt\/wp-json\/wp\/v2\/types\/product"}],"replies":[{"embeddable":true,"href":"https:\/\/recambiosecogas.com\/pt-pt\/wp-json\/wp\/v2\/comments?post=48610"}],"wp:featuredmedia":[{"embeddable":true,"href":"https:\/\/recambiosecogas.com\/pt-pt\/wp-json\/wp\/v2\/media\/12347"}],"wp:attachment":[{"href":"https:\/\/recambiosecogas.com\/pt-pt\/wp-json\/wp\/v2\/media?parent=48610"}],"wp:term":[{"taxonomy":"product_brand","embeddable":true,"href":"https:\/\/recambiosecogas.com\/pt-pt\/wp-json\/wp\/v2\/product_brand?post=48610"},{"taxonomy":"product_cat","embeddable":true,"href":"https:\/\/recambiosecogas.com\/pt-pt\/wp-json\/wp\/v2\/product_cat?post=48610"},{"taxonomy":"product_tag","embeddable":true,"href":"https:\/\/recambiosecogas.com\/pt-pt\/wp-json\/wp\/v2\/product_tag?post=48610"}],"curies":[{"name":"wp","href":"https:\/\/api.w.org\/{rel}","templated":true}]}}