{"id":48598,"date":"2024-12-09T09:46:17","date_gmt":"2024-12-09T09:46:17","guid":{"rendered":"https:\/\/recambiosecogas.com\/producto\/egas-rampa-de-4-cilindros-inj00-incl-boquillas\/"},"modified":"2026-04-27T09:26:06","modified_gmt":"2026-04-27T08:26:06","slug":"egas-rampa-de-4-cilindros-inj00-incl-boquillas","status":"publish","type":"product","link":"https:\/\/recambiosecogas.com\/pt-pt\/producto\/egas-rampa-de-4-cilindros-inj00-incl-boquillas\/","title":{"rendered":"Rampa eGas de 4 cilindros INJ00 incluindo bicos"},"content":{"rendered":"<h1 data-start=\"111\" data-end=\"171\">Rampa de inje\u00e7\u00e3o eGas INJ00 de 4 cilindros com bicos<\/h1>\n<p data-start=\"173\" data-end=\"416\">A <strong data-start=\"176\" data-end=\"248\">rampa de inje\u00e7\u00e3o eGas INJ00 de 4 cilindros com bicos inclu\u00eddos<\/strong> \u00e9 um componente concebido para sistemas de inje\u00e7\u00e3o sequencial <strong data-start=\"313\" data-end=\"326\">de GPL e GNC<\/strong>, oferecendo uma distribui\u00e7\u00e3o precisa e equilibrada de gases para cada cilindro do motor.<\/p>\n<p data-start=\"418\" data-end=\"669\">Gra\u00e7as ao seu design compacto e \u00e0 incorpora\u00e7\u00e3o de bicos, esta rampa facilita a instala\u00e7\u00e3o e garante um funcionamento est\u00e1vel, sendo uma solu\u00e7\u00e3o comum tanto em novas instala\u00e7\u00f5es como na manuten\u00e7\u00e3o profissional de sistemas eGas.<\/p>\n<h2 data-start=\"671\" data-end=\"714\">Rampa eGas INJ00 para sistemas de GPL e GNC<\/h2>\n<p data-start=\"716\" data-end=\"928\">A rampa de inje\u00e7\u00e3o eGas INJ00 garante um fornecimento uniforme de g\u00e1s para os quatro cilindros, contribuindo para uma combust\u00e3o e desempenho do motor mais eficientes, semelhante ao funcionamento a gasolina.<\/p>\n<p data-start=\"930\" data-end=\"1111\">Al\u00e9m disso, a utiliza\u00e7\u00e3o de bicos inclu\u00eddos permite uma adapta\u00e7\u00e3o precisa ao sistema de admiss\u00e3o, melhorando a resposta do motor e reduzindo as perdas de press\u00e3o no circuito de g\u00e1s.<\/p>\n<h2 data-start=\"1113\" data-end=\"1154\">Design robusto e opera\u00e7\u00e3o fi\u00e1vel<\/h2>\n<p data-start=\"1156\" data-end=\"1412\">Esta rampa foi fabricada para funcionar constantemente sob as condi\u00e7\u00f5es habituais de press\u00e3o e temperatura dos sistemas de GPL e GNC. Assim, ajuda a prolongar a vida \u00fatil dos injetores e a manter a estabilidade do sistema de inje\u00e7\u00e3o. <\/p>\n<p data-start=\"1414\" data-end=\"1528\">Al\u00e9m disso, a sua estrutura compacta facilita a sua montagem no compartimento do motor, mesmo em espa\u00e7os confinados.<\/p>\n<h3 data-start=\"1530\" data-end=\"1561\">Caracter\u00edsticas principais<\/h3>\n<ul data-start=\"1562\" data-end=\"1784\">\n<li data-start=\"1562\" data-end=\"1608\">\n<p data-start=\"1564\" data-end=\"1608\">Rampa de inje\u00e7\u00e3o de g\u00e1s para 4 cilindros<\/p>\n<\/li>\n<li data-start=\"1609\" data-end=\"1630\">\n<p data-start=\"1611\" data-end=\"1630\">Modelo eGas INJ00<\/p>\n<\/li>\n<li data-start=\"1631\" data-end=\"1654\">\n<p data-start=\"1633\" data-end=\"1654\">Bicos inclu\u00eddos<\/p>\n<\/li>\n<li data-start=\"1655\" data-end=\"1692\">\n<p data-start=\"1657\" data-end=\"1692\">Compat\u00edvel com sistemas de GPL e GNC<\/p>\n<\/li>\n<li data-start=\"1693\" data-end=\"1726\">\n<p data-start=\"1695\" data-end=\"1726\">Distribui\u00e7\u00e3o uniforme de g\u00e1s<\/p>\n<\/li>\n<li data-start=\"1727\" data-end=\"1759\">\n<p data-start=\"1729\" data-end=\"1759\">Design compacto e robusto<\/p>\n<\/li>\n<li data-start=\"1760\" data-end=\"1784\">\n<p data-start=\"1762\" data-end=\"1784\">Instala\u00e7\u00e3o f\u00e1cil<\/p>\n<\/li>\n<\/ul>\n<h3 data-start=\"1786\" data-end=\"1815\">Especifica\u00e7\u00f5es T\u00e9cnicas<\/h3>\n<div class=\"TyagGW_tableContainer\">\n<div class=\"group TyagGW_tableWrapper flex flex-col-reverse w-fit\" tabindex=\"-1\">\n<table class=\"w-fit min-w-(--thread-content-width)\" data-start=\"1817\" data-end=\"2103\">\n<thead data-start=\"1817\" data-end=\"1845\">\n<tr data-start=\"1817\" data-end=\"1845\">\n<th data-start=\"1817\" data-end=\"1834\" data-col-size=\"sm\">Funcionalidade<\/th>\n<th data-start=\"1834\" data-end=\"1845\" data-col-size=\"sm\">Detalhe<\/th>\n<\/tr>\n<\/thead>\n<tbody data-start=\"1873\" data-end=\"2103\">\n<tr data-start=\"1873\" data-end=\"1913\">\n<td data-start=\"1873\" data-end=\"1884\" data-col-size=\"sm\">Produto<\/td>\n<td data-start=\"1884\" data-end=\"1913\" data-col-size=\"sm\">Rampa de Inje\u00e7\u00e3o de G\u00e1s<\/td>\n<\/tr>\n<tr data-start=\"1914\" data-end=\"1930\">\n<td data-start=\"1914\" data-end=\"1922\" data-col-size=\"sm\">Marca<\/td>\n<td data-start=\"1922\" data-end=\"1930\" data-col-size=\"sm\">eGas<\/td>\n<\/tr>\n<tr data-start=\"1931\" data-end=\"1949\">\n<td data-start=\"1931\" data-end=\"1940\" data-col-size=\"sm\">Modelo<\/td>\n<td data-start=\"1940\" data-end=\"1949\" data-col-size=\"sm\">INJ00<\/td>\n<\/tr>\n<tr data-start=\"1950\" data-end=\"1973\">\n<td data-start=\"1950\" data-end=\"1968\" data-col-size=\"sm\">N\u00ba de cilindros<\/td>\n<td data-start=\"1968\" data-end=\"1973\" data-col-size=\"sm\">4<\/td>\n<\/tr>\n<tr data-start=\"1974\" data-end=\"1999\">\n<td data-start=\"1974\" data-end=\"1986\" data-col-size=\"sm\">Bicos<\/td>\n<td data-start=\"1986\" data-end=\"1999\" data-col-size=\"sm\">Inclu\u00eddo<\/td>\n<\/tr>\n<tr data-start=\"2000\" data-end=\"2027\">\n<td data-start=\"2000\" data-end=\"2014\" data-col-size=\"sm\">Combust\u00edvel<\/td>\n<td data-start=\"2014\" data-end=\"2027\" data-col-size=\"sm\">GLP \/ GNC<\/td>\n<\/tr>\n<tr data-start=\"2028\" data-end=\"2070\">\nTipo <\/p>\n<td data-start=\"2028\" data-end=\"2046\" data-col-size=\"sm\">de Sistema<\/td>\n<td data-start=\"2046\" data-end=\"2070\" data-col-size=\"sm\">Inje\u00e7\u00e3o sequencial<\/td>\n<\/tr>\n<tr data-start=\"2071\" data-end=\"2103\">\n<td data-start=\"2071\" data-end=\"2084\" data-col-size=\"sm\">Aplica\u00e7\u00e3o<\/td>\n<td data-start=\"2084\" data-end=\"2103\" data-col-size=\"sm\">Sistemas de G\u00e1s<\/td>\n<\/tr>\n<\/tbody>\n<\/table>\n<\/div>\n<\/div>\n<h3 data-start=\"2105\" data-end=\"2123\">Compatibilidade<\/h3>\n<ul data-start=\"2124\" data-end=\"2228\">\n<li data-start=\"2124\" data-end=\"2154\">\n<p data-start=\"2126\" data-end=\"2154\">Sistemas de Inje\u00e7\u00e3o de EGas<\/p>\n<\/li>\n<li data-start=\"2155\" data-end=\"2191\">\n<p data-start=\"2157\" data-end=\"2191\">Instala\u00e7\u00f5es de GLP de 4 cilindros<\/p>\n<\/li>\n<li data-start=\"2192\" data-end=\"2228\">\n<p data-start=\"2194\" data-end=\"2228\">Instala\u00e7\u00f5es de GNC de 4 cilindros<\/p>\n<\/li>\n<\/ul>\n","protected":false},"excerpt":{"rendered":"<p data-start=\"2252\" data-end=\"2398\">Rampa de inje\u00e7\u00e3o eGas INJ00 de 4 cilindros com bicos inclu\u00eddos para sistemas de GPL e GNC, com distribui\u00e7\u00e3o precisa de gases e f\u00e1cil montagem.<\/p>\n<h3 data-start=\"2400\" data-end=\"2407\"><\/h3>\n","protected":false},"featured_media":9314,"comment_status":"open","ping_status":"closed","template":"","meta":{"_uag_custom_page_level_css":""},"product_brand":[],"product_cat":[1597,1601],"product_tag":[],"class_list":{"0":"post-48598","1":"product","2":"type-product","3":"status-publish","4":"has-post-thumbnail","6":"product_cat-injetores-rail","7":"product_cat-rail-riel","9":"first","10":"onbackorder","11":"taxable","12":"shipping-taxable","13":"purchasable","14":"product-type-simple"},"ct_brands":[],"yoast_head":"<!-- This site is optimized with the Yoast SEO Premium plugin v27.5 (Yoast SEO v27.5) - https:\/\/yoast.com\/product\/yoast-seo-premium-wordpress\/ -->\n<title>Rampa eGas de 4 cilindros INJ00 incluindo bicos | Recambios EcoGas<\/title>\n<meta name=\"description\" content=\"Rampa de inje\u00e7\u00e3o eGas INJ00 de 4 cilindros com bicos inclu\u00eddos para sistemas de GPL e GNC. Funcionamento est\u00e1vel e instala\u00e7\u00e3o f\u00e1cil.\" \/>\n<meta name=\"robots\" content=\"index, follow, max-snippet:-1, max-image-preview:large, max-video-preview:-1\" \/>\n<link rel=\"canonical\" href=\"https:\/\/recambiosecogas.com\/pt-pt\/producto\/egas-rampa-de-4-cilindros-inj00-incl-boquillas\/\" \/>\n<meta property=\"og:locale\" content=\"pt_PT\" \/>\n<meta property=\"og:type\" content=\"article\" \/>\n<meta property=\"og:title\" content=\"Rampa eGas de 4 cilindros INJ00 incluindo bicos\" \/>\n<meta property=\"og:description\" content=\"Rampa de inje\u00e7\u00e3o eGas INJ00 de 4 cilindros com bicos inclu\u00eddos para sistemas de GPL e GNC. Funcionamento est\u00e1vel e instala\u00e7\u00e3o f\u00e1cil.\" \/>\n<meta property=\"og:url\" content=\"https:\/\/recambiosecogas.com\/pt-pt\/producto\/egas-rampa-de-4-cilindros-inj00-incl-boquillas\/\" \/>\n<meta property=\"og:site_name\" content=\"Recambios EcoGas\" \/>\n<meta property=\"article:publisher\" content=\"https:\/\/www.facebook.com\/profile.php?id=100062419705358\" \/>\n<meta property=\"article:modified_time\" content=\"2026-04-27T08:26:06+00:00\" \/>\n<meta property=\"og:image\" content=\"https:\/\/recambiosecogas.com\/wp-content\/uploads\/2024\/12\/eGas-rampa-de-4-cilindros-INJ00-incl.-boquillas-png.webp\" \/>\n\t<meta property=\"og:image:width\" content=\"1000\" \/>\n\t<meta property=\"og:image:height\" content=\"1000\" \/>\n\t<meta property=\"og:image:type\" content=\"image\/png\" \/>\n<meta name=\"twitter:card\" content=\"summary_large_image\" \/>\n<meta name=\"twitter:label1\" content=\"pre\u00e7o\" \/>\n\t<meta name=\"twitter:data1\" content=\"60,74&nbsp;&euro; (Sin IVA: 50,20&nbsp;&euro;)\" \/>\n\t<meta name=\"twitter:label2\" content=\"Disponibilidade\" \/>\n\t<meta name=\"twitter:data2\" content=\"Por encomenda\" \/>\n<script type=\"application\/ld+json\" class=\"yoast-schema-graph\">{\"@context\":\"https:\\\/\\\/schema.org\",\"@graph\":[{\"@type\":\"WebPage\",\"@id\":\"https:\\\/\\\/recambiosecogas.com\\\/pt-pt\\\/producto\\\/egas-rampa-de-4-cilindros-inj00-incl-boquillas\\\/\",\"url\":\"https:\\\/\\\/recambiosecogas.com\\\/pt-pt\\\/producto\\\/egas-rampa-de-4-cilindros-inj00-incl-boquillas\\\/\",\"name\":\"Rampa eGas de 4 cilindros INJ00 incluindo bicos | Recambios EcoGas\",\"isPartOf\":{\"@id\":\"https:\\\/\\\/recambiosecogas.com\\\/pt-pt\\\/#website\"},\"primaryImageOfPage\":{\"@id\":\"https:\\\/\\\/recambiosecogas.com\\\/pt-pt\\\/producto\\\/egas-rampa-de-4-cilindros-inj00-incl-boquillas\\\/#primaryimage\"},\"image\":{\"@id\":\"https:\\\/\\\/recambiosecogas.com\\\/pt-pt\\\/producto\\\/egas-rampa-de-4-cilindros-inj00-incl-boquillas\\\/#primaryimage\"},\"thumbnailUrl\":\"https:\\\/\\\/recambiosecogas.com\\\/wp-content\\\/uploads\\\/2024\\\/12\\\/eGas-rampa-de-4-cilindros-INJ00-incl.-boquillas-png.webp\",\"datePublished\":\"2024-12-09T09:46:17+00:00\",\"dateModified\":\"2026-04-27T08:26:06+00:00\",\"description\":\"Rampa de inje\u00e7\u00e3o eGas INJ00 de 4 cilindros com bicos inclu\u00eddos para sistemas de GPL e GNC. Funcionamento est\u00e1vel e instala\u00e7\u00e3o f\u00e1cil.\",\"breadcrumb\":{\"@id\":\"https:\\\/\\\/recambiosecogas.com\\\/pt-pt\\\/producto\\\/egas-rampa-de-4-cilindros-inj00-incl-boquillas\\\/#breadcrumb\"},\"inLanguage\":\"pt-PT\",\"potentialAction\":[{\"@type\":\"ReadAction\",\"target\":[\"https:\\\/\\\/recambiosecogas.com\\\/pt-pt\\\/producto\\\/egas-rampa-de-4-cilindros-inj00-incl-boquillas\\\/\"]}]},{\"@type\":\"ImageObject\",\"inLanguage\":\"pt-PT\",\"@id\":\"https:\\\/\\\/recambiosecogas.com\\\/pt-pt\\\/producto\\\/egas-rampa-de-4-cilindros-inj00-incl-boquillas\\\/#primaryimage\",\"url\":\"https:\\\/\\\/recambiosecogas.com\\\/wp-content\\\/uploads\\\/2024\\\/12\\\/eGas-rampa-de-4-cilindros-INJ00-incl.-boquillas-png.webp\",\"contentUrl\":\"https:\\\/\\\/recambiosecogas.com\\\/wp-content\\\/uploads\\\/2024\\\/12\\\/eGas-rampa-de-4-cilindros-INJ00-incl.-boquillas-png.webp\",\"width\":1000,\"height\":1000},{\"@type\":\"BreadcrumbList\",\"@id\":\"https:\\\/\\\/recambiosecogas.com\\\/pt-pt\\\/producto\\\/egas-rampa-de-4-cilindros-inj00-incl-boquillas\\\/#breadcrumb\",\"itemListElement\":[{\"@type\":\"ListItem\",\"position\":1,\"name\":\"P\u00e1gina inicial\",\"item\":\"https:\\\/\\\/recambiosecogas.com\\\/pt-pt\\\/\"},{\"@type\":\"ListItem\",\"position\":2,\"name\":\"Loja\",\"item\":\"https:\\\/\\\/recambiosecogas.com\\\/pt-pt\\\/tienda\\\/\"},{\"@type\":\"ListItem\",\"position\":3,\"name\":\"Rampa eGas de 4 cilindros INJ00 incluindo bicos\"}]},{\"@type\":\"WebSite\",\"@id\":\"https:\\\/\\\/recambiosecogas.com\\\/pt-pt\\\/#website\",\"url\":\"https:\\\/\\\/recambiosecogas.com\\\/pt-pt\\\/\",\"name\":\"Recambios EcoGas\",\"description\":\"Pe\u00e7as multimarca para sistemas de GPL\\\/GNC\\\/GNL\\\/Hidrog\u00e9nio\",\"publisher\":{\"@id\":\"https:\\\/\\\/recambiosecogas.com\\\/pt-pt\\\/#organization\"},\"alternateName\":\"Recambios Autogas GLP\",\"potentialAction\":[{\"@type\":\"SearchAction\",\"target\":{\"@type\":\"EntryPoint\",\"urlTemplate\":\"https:\\\/\\\/recambiosecogas.com\\\/pt-pt\\\/?s={search_term_string}\"},\"query-input\":{\"@type\":\"PropertyValueSpecification\",\"valueRequired\":true,\"valueName\":\"search_term_string\"}}],\"inLanguage\":\"pt-PT\"},{\"@type\":[\"Organization\",\"Place\"],\"@id\":\"https:\\\/\\\/recambiosecogas.com\\\/pt-pt\\\/#organization\",\"name\":\"Recambios EcoGas\",\"alternateName\":\"Loja de GPL Autog\u00e1s Espanha\",\"url\":\"https:\\\/\\\/recambiosecogas.com\\\/pt-pt\\\/\",\"logo\":{\"@id\":\"https:\\\/\\\/recambiosecogas.com\\\/pt-pt\\\/producto\\\/egas-rampa-de-4-cilindros-inj00-incl-boquillas\\\/#local-main-organization-logo\"},\"image\":{\"@id\":\"https:\\\/\\\/recambiosecogas.com\\\/pt-pt\\\/producto\\\/egas-rampa-de-4-cilindros-inj00-incl-boquillas\\\/#local-main-organization-logo\"},\"sameAs\":[\"https:\\\/\\\/www.facebook.com\\\/profile.php?id=100062419705358\",\"https:\\\/\\\/www.instagram.com\\\/segimon_automocio\"],\"description\":\"Recambios EcoGas \u2013 Venta y distribuci\u00f3n de sistemas GLP y GNC en Espa\u00f1a y Portugal. Env\u00edos 24 h, soporte t\u00e9cnico a talleres y distribuidores.\",\"hasMerchantReturnPolicy\":{\"@type\":\"MerchantReturnPolicy\",\"merchantReturnLink\":\"https:\\\/\\\/recambiosecogas.com\\\/politicas-privacidad\\\/\"},\"address\":{\"@id\":\"https:\\\/\\\/recambiosecogas.com\\\/pt-pt\\\/producto\\\/egas-rampa-de-4-cilindros-inj00-incl-boquillas\\\/#local-main-place-address\"},\"telephone\":[\"616250633\"],\"contactPoint\":{\"@type\":\"ContactPoint\",\"email\":\"export@recambiosecogas.com\"},\"openingHoursSpecification\":[{\"@type\":\"OpeningHoursSpecification\",\"dayOfWeek\":[\"Monday\",\"Tuesday\",\"Wednesday\",\"Thursday\",\"Friday\",\"Saturday\",\"Sunday\"],\"opens\":\"09:00\",\"closes\":\"17:00\"}],\"email\":\"info@recambiosecogas.com\",\"faxNumber\":\"SEGIMON AUTOMOCION SL\",\"vatID\":\"ESB19819861\",\"globalLocationNumber\":\"938 616 339\"},{\"@type\":\"PostalAddress\",\"@id\":\"https:\\\/\\\/recambiosecogas.com\\\/pt-pt\\\/producto\\\/egas-rampa-de-4-cilindros-inj00-incl-boquillas\\\/#local-main-place-address\",\"streetAddress\":\"cami antic de vic, 29 (Nave 3), Pol\u00edgono Industrial Congost\",\"addressLocality\":\"CORRO D`AVALL\",\"postalCode\":\"08520\",\"addressRegion\":\"Barcelona\",\"addressCountry\":\"ES\"},{\"@type\":\"ImageObject\",\"inLanguage\":\"pt-PT\",\"@id\":\"https:\\\/\\\/recambiosecogas.com\\\/pt-pt\\\/producto\\\/egas-rampa-de-4-cilindros-inj00-incl-boquillas\\\/#local-main-organization-logo\",\"url\":\"https:\\\/\\\/recambiosecogas.com\\\/wp-content\\\/uploads\\\/2024\\\/11\\\/cropped-RECAMBIOS-GLP-png.webp\",\"contentUrl\":\"https:\\\/\\\/recambiosecogas.com\\\/wp-content\\\/uploads\\\/2024\\\/11\\\/cropped-RECAMBIOS-GLP-png.webp\",\"width\":512,\"height\":512,\"caption\":\"Recambios EcoGas\"}]}<\/script>\n<meta property=\"product:price:amount\" content=\"60.74\" \/>\n<meta property=\"product:price:currency\" content=\"EUR\" \/>\n<meta property=\"og:availability\" content=\"backorder\" \/>\n<meta property=\"product:availability\" content=\"available for order\" \/>\n<meta property=\"product:retailer_item_id\" content=\"105766A\" \/>\n<meta property=\"product:condition\" content=\"new\" \/>\n<meta name=\"geo.placename\" content=\"CORRO D`AVALL\" \/>\n<meta name=\"geo.region\" content=\"Espanha\" \/>\n<!-- \/ Yoast SEO Premium plugin. -->","yoast_head_json":{"title":"Rampa eGas de 4 cilindros INJ00 incluindo bicos | Recambios EcoGas","description":"Rampa de inje\u00e7\u00e3o eGas INJ00 de 4 cilindros com bicos inclu\u00eddos para sistemas de GPL e GNC. Funcionamento est\u00e1vel e instala\u00e7\u00e3o f\u00e1cil.","robots":{"index":"index","follow":"follow","max-snippet":"max-snippet:-1","max-image-preview":"max-image-preview:large","max-video-preview":"max-video-preview:-1"},"canonical":"https:\/\/recambiosecogas.com\/pt-pt\/producto\/egas-rampa-de-4-cilindros-inj00-incl-boquillas\/","og_locale":"pt_PT","og_type":"article","og_title":"Rampa eGas de 4 cilindros INJ00 incluindo bicos","og_description":"Rampa de inje\u00e7\u00e3o eGas INJ00 de 4 cilindros com bicos inclu\u00eddos para sistemas de GPL e GNC. Funcionamento est\u00e1vel e instala\u00e7\u00e3o f\u00e1cil.","og_url":"https:\/\/recambiosecogas.com\/pt-pt\/producto\/egas-rampa-de-4-cilindros-inj00-incl-boquillas\/","og_site_name":"Recambios EcoGas","article_publisher":"https:\/\/www.facebook.com\/profile.php?id=100062419705358","article_modified_time":"2026-04-27T08:26:06+00:00","og_image":[{"width":1000,"height":1000,"url":"https:\/\/recambiosecogas.com\/wp-content\/uploads\/2024\/12\/eGas-rampa-de-4-cilindros-INJ00-incl.-boquillas-png.webp","type":"image\/png"}],"twitter_card":"summary_large_image","twitter_misc":{"pre\u00e7o":"60,74&nbsp;&euro; (Sin IVA: 50,20&nbsp;&euro;)","Disponibilidade":"Por encomenda"},"schema":{"@context":"https:\/\/schema.org","@graph":[{"@type":"WebPage","@id":"https:\/\/recambiosecogas.com\/pt-pt\/producto\/egas-rampa-de-4-cilindros-inj00-incl-boquillas\/","url":"https:\/\/recambiosecogas.com\/pt-pt\/producto\/egas-rampa-de-4-cilindros-inj00-incl-boquillas\/","name":"Rampa eGas de 4 cilindros INJ00 incluindo bicos | Recambios EcoGas","isPartOf":{"@id":"https:\/\/recambiosecogas.com\/pt-pt\/#website"},"primaryImageOfPage":{"@id":"https:\/\/recambiosecogas.com\/pt-pt\/producto\/egas-rampa-de-4-cilindros-inj00-incl-boquillas\/#primaryimage"},"image":{"@id":"https:\/\/recambiosecogas.com\/pt-pt\/producto\/egas-rampa-de-4-cilindros-inj00-incl-boquillas\/#primaryimage"},"thumbnailUrl":"https:\/\/recambiosecogas.com\/wp-content\/uploads\/2024\/12\/eGas-rampa-de-4-cilindros-INJ00-incl.-boquillas-png.webp","datePublished":"2024-12-09T09:46:17+00:00","dateModified":"2026-04-27T08:26:06+00:00","description":"Rampa de inje\u00e7\u00e3o eGas INJ00 de 4 cilindros com bicos inclu\u00eddos para sistemas de GPL e GNC. Funcionamento est\u00e1vel e instala\u00e7\u00e3o f\u00e1cil.","breadcrumb":{"@id":"https:\/\/recambiosecogas.com\/pt-pt\/producto\/egas-rampa-de-4-cilindros-inj00-incl-boquillas\/#breadcrumb"},"inLanguage":"pt-PT","potentialAction":[{"@type":"ReadAction","target":["https:\/\/recambiosecogas.com\/pt-pt\/producto\/egas-rampa-de-4-cilindros-inj00-incl-boquillas\/"]}]},{"@type":"ImageObject","inLanguage":"pt-PT","@id":"https:\/\/recambiosecogas.com\/pt-pt\/producto\/egas-rampa-de-4-cilindros-inj00-incl-boquillas\/#primaryimage","url":"https:\/\/recambiosecogas.com\/wp-content\/uploads\/2024\/12\/eGas-rampa-de-4-cilindros-INJ00-incl.-boquillas-png.webp","contentUrl":"https:\/\/recambiosecogas.com\/wp-content\/uploads\/2024\/12\/eGas-rampa-de-4-cilindros-INJ00-incl.-boquillas-png.webp","width":1000,"height":1000},{"@type":"BreadcrumbList","@id":"https:\/\/recambiosecogas.com\/pt-pt\/producto\/egas-rampa-de-4-cilindros-inj00-incl-boquillas\/#breadcrumb","itemListElement":[{"@type":"ListItem","position":1,"name":"P\u00e1gina inicial","item":"https:\/\/recambiosecogas.com\/pt-pt\/"},{"@type":"ListItem","position":2,"name":"Loja","item":"https:\/\/recambiosecogas.com\/pt-pt\/tienda\/"},{"@type":"ListItem","position":3,"name":"Rampa eGas de 4 cilindros INJ00 incluindo bicos"}]},{"@type":"WebSite","@id":"https:\/\/recambiosecogas.com\/pt-pt\/#website","url":"https:\/\/recambiosecogas.com\/pt-pt\/","name":"Recambios EcoGas","description":"Pe\u00e7as multimarca para sistemas de GPL\/GNC\/GNL\/Hidrog\u00e9nio","publisher":{"@id":"https:\/\/recambiosecogas.com\/pt-pt\/#organization"},"alternateName":"Recambios Autogas GLP","potentialAction":[{"@type":"SearchAction","target":{"@type":"EntryPoint","urlTemplate":"https:\/\/recambiosecogas.com\/pt-pt\/?s={search_term_string}"},"query-input":{"@type":"PropertyValueSpecification","valueRequired":true,"valueName":"search_term_string"}}],"inLanguage":"pt-PT"},{"@type":["Organization","Place"],"@id":"https:\/\/recambiosecogas.com\/pt-pt\/#organization","name":"Recambios EcoGas","alternateName":"Loja de GPL Autog\u00e1s Espanha","url":"https:\/\/recambiosecogas.com\/pt-pt\/","logo":{"@id":"https:\/\/recambiosecogas.com\/pt-pt\/producto\/egas-rampa-de-4-cilindros-inj00-incl-boquillas\/#local-main-organization-logo"},"image":{"@id":"https:\/\/recambiosecogas.com\/pt-pt\/producto\/egas-rampa-de-4-cilindros-inj00-incl-boquillas\/#local-main-organization-logo"},"sameAs":["https:\/\/www.facebook.com\/profile.php?id=100062419705358","https:\/\/www.instagram.com\/segimon_automocio"],"description":"Recambios EcoGas \u2013 Venta y distribuci\u00f3n de sistemas GLP y GNC en Espa\u00f1a y Portugal. Env\u00edos 24 h, soporte t\u00e9cnico a talleres y distribuidores.","hasMerchantReturnPolicy":{"@type":"MerchantReturnPolicy","merchantReturnLink":"https:\/\/recambiosecogas.com\/politicas-privacidad\/"},"address":{"@id":"https:\/\/recambiosecogas.com\/pt-pt\/producto\/egas-rampa-de-4-cilindros-inj00-incl-boquillas\/#local-main-place-address"},"telephone":["616250633"],"contactPoint":{"@type":"ContactPoint","email":"export@recambiosecogas.com"},"openingHoursSpecification":[{"@type":"OpeningHoursSpecification","dayOfWeek":["Monday","Tuesday","Wednesday","Thursday","Friday","Saturday","Sunday"],"opens":"09:00","closes":"17:00"}],"email":"info@recambiosecogas.com","faxNumber":"SEGIMON AUTOMOCION SL","vatID":"ESB19819861","globalLocationNumber":"938 616 339"},{"@type":"PostalAddress","@id":"https:\/\/recambiosecogas.com\/pt-pt\/producto\/egas-rampa-de-4-cilindros-inj00-incl-boquillas\/#local-main-place-address","streetAddress":"cami antic de vic, 29 (Nave 3), Pol\u00edgono Industrial Congost","addressLocality":"CORRO D`AVALL","postalCode":"08520","addressRegion":"Barcelona","addressCountry":"ES"},{"@type":"ImageObject","inLanguage":"pt-PT","@id":"https:\/\/recambiosecogas.com\/pt-pt\/producto\/egas-rampa-de-4-cilindros-inj00-incl-boquillas\/#local-main-organization-logo","url":"https:\/\/recambiosecogas.com\/wp-content\/uploads\/2024\/11\/cropped-RECAMBIOS-GLP-png.webp","contentUrl":"https:\/\/recambiosecogas.com\/wp-content\/uploads\/2024\/11\/cropped-RECAMBIOS-GLP-png.webp","width":512,"height":512,"caption":"Recambios EcoGas"}]},"product_price_amount":"60.74","product_price_currency":"EUR","og_availability":"backorder","product_availability":"available for order","product_retailer_item_id":"105766A","product_condition":"new","geo.placename":"CORRO D`AVALL","geo.region":"Espanha"},"uagb_featured_image_src":{"full":["https:\/\/recambiosecogas.com\/wp-content\/uploads\/2024\/12\/eGas-rampa-de-4-cilindros-INJ00-incl.-boquillas-png.webp",1000,1000,false],"thumbnail":["https:\/\/recambiosecogas.com\/wp-content\/uploads\/2024\/12\/eGas-rampa-de-4-cilindros-INJ00-incl.-boquillas-150x150.webp",150,150,true],"medium":["https:\/\/recambiosecogas.com\/wp-content\/uploads\/2024\/12\/eGas-rampa-de-4-cilindros-INJ00-incl.-boquillas-300x300.webp",300,300,true],"medium_large":["https:\/\/recambiosecogas.com\/wp-content\/uploads\/2024\/12\/eGas-rampa-de-4-cilindros-INJ00-incl.-boquillas-768x768.webp",768,768,true],"large":["https:\/\/recambiosecogas.com\/wp-content\/uploads\/2024\/12\/eGas-rampa-de-4-cilindros-INJ00-incl.-boquillas-png.webp",1000,1000,false],"1536x1536":["https:\/\/recambiosecogas.com\/wp-content\/uploads\/2024\/12\/eGas-rampa-de-4-cilindros-INJ00-incl.-boquillas-png.webp",1000,1000,false],"2048x2048":["https:\/\/recambiosecogas.com\/wp-content\/uploads\/2024\/12\/eGas-rampa-de-4-cilindros-INJ00-incl.-boquillas-png.webp",1000,1000,false],"woocommerce_archive_thumbnail":["https:\/\/recambiosecogas.com\/wp-content\/uploads\/2024\/12\/eGas-rampa-de-4-cilindros-INJ00-incl.-boquillas-png.webp",1000,1000,false],"woocommerce_thumbnail":["https:\/\/recambiosecogas.com\/wp-content\/uploads\/2024\/12\/eGas-rampa-de-4-cilindros-INJ00-incl.-boquillas-png-300x300.webp",300,300,true],"woocommerce_single":["https:\/\/recambiosecogas.com\/wp-content\/uploads\/2024\/12\/eGas-rampa-de-4-cilindros-INJ00-incl.-boquillas-png.webp",1000,1000,false],"woocommerce_gallery_thumbnail":["https:\/\/recambiosecogas.com\/wp-content\/uploads\/2024\/12\/eGas-rampa-de-4-cilindros-INJ00-incl.-boquillas-png.webp",1000,1000,false],"dgwt-wcas-product-suggestion":["https:\/\/recambiosecogas.com\/wp-content\/uploads\/2024\/12\/eGas-rampa-de-4-cilindros-INJ00-incl.-boquillas-png-64x64.webp",64,64,true]},"uagb_author_info":{"display_name":"Fran - Soporte T\u00e9cnico","author_link":"https:\/\/recambiosecogas.com\/pt-pt\/author\/"},"uagb_comment_info":0,"uagb_excerpt":"Rampa de inje\u00e7\u00e3o eGas INJ00 de 4 cilindros com bicos inclu\u00eddos para sistemas de GPL e GNC, com distribui\u00e7\u00e3o precisa de gases e f\u00e1cil montagem.","_links":{"self":[{"href":"https:\/\/recambiosecogas.com\/pt-pt\/wp-json\/wp\/v2\/product\/48598","targetHints":{"allow":["GET"]}}],"collection":[{"href":"https:\/\/recambiosecogas.com\/pt-pt\/wp-json\/wp\/v2\/product"}],"about":[{"href":"https:\/\/recambiosecogas.com\/pt-pt\/wp-json\/wp\/v2\/types\/product"}],"replies":[{"embeddable":true,"href":"https:\/\/recambiosecogas.com\/pt-pt\/wp-json\/wp\/v2\/comments?post=48598"}],"wp:featuredmedia":[{"embeddable":true,"href":"https:\/\/recambiosecogas.com\/pt-pt\/wp-json\/wp\/v2\/media\/9314"}],"wp:attachment":[{"href":"https:\/\/recambiosecogas.com\/pt-pt\/wp-json\/wp\/v2\/media?parent=48598"}],"wp:term":[{"taxonomy":"product_brand","embeddable":true,"href":"https:\/\/recambiosecogas.com\/pt-pt\/wp-json\/wp\/v2\/product_brand?post=48598"},{"taxonomy":"product_cat","embeddable":true,"href":"https:\/\/recambiosecogas.com\/pt-pt\/wp-json\/wp\/v2\/product_cat?post=48598"},{"taxonomy":"product_tag","embeddable":true,"href":"https:\/\/recambiosecogas.com\/pt-pt\/wp-json\/wp\/v2\/product_tag?post=48598"}],"curies":[{"name":"wp","href":"https:\/\/api.w.org\/{rel}","templated":true}]}}