{"id":48537,"date":"2024-12-09T09:14:25","date_gmt":"2024-12-09T09:14:25","guid":{"rendered":"https:\/\/recambiosecogas.com\/producto\/keihin-kn9-inyector-52-63-73-82cc\/"},"modified":"2026-04-15T11:50:33","modified_gmt":"2026-04-15T10:50:33","slug":"keihin-kn9-inyector-52-63-73-82cc","status":"publish","type":"product","link":"https:\/\/recambiosecogas.com\/pt-pt\/producto\/keihin-kn9-inyector-52-63-73-82cc\/","title":{"rendered":"Keihin KN9 Injector 52\/63\/73\/82cc"},"content":{"rendered":"<h1 data-start=\"272\" data-end=\"317\">Injetor Keihin KN9 para sistemas de GPL e GNC<\/h1>\n<p data-start=\"319\" data-end=\"592\">O <strong data-start=\"322\" data-end=\"345\">injetor Keihin KN9<\/strong> \u00e9 um componente de alta precis\u00e3o concebido para sistemas de inje\u00e7\u00e3o <strong data-start=\"424\" data-end=\"437\">de g\u00e1s LPG e GNC<\/strong>. Est\u00e1 dispon\u00edvel em diferentes caudais <strong data-start=\"477\" data-end=\"499\">52, 63, 73 e 82 cc<\/strong>, o que permite adapt\u00e1-la precisamente a motores de diferentes pot\u00eancias e configura\u00e7\u00f5es. <\/p>\n<p data-start=\"594\" data-end=\"774\">Este injetor \u00e9 amplamente utilizado em instala\u00e7\u00f5es profissionais que requerem dosagem est\u00e1vel de g\u00e1s, resposta r\u00e1pida e opera\u00e7\u00e3o fi\u00e1vel a longo prazo.<\/p>\n<h2 data-start=\"776\" data-end=\"827\">Injetor de g\u00e1s Keihin para inje\u00e7\u00e3o sequencial<\/h2>\n<p data-start=\"829\" data-end=\"1121\">O modelo KN9 est\u00e1 integrado em sistemas de inje\u00e7\u00e3o sequencial que utilizam injetores Keihin \u00fanicos. Gra\u00e7as \u00e0 variedade de caudais dispon\u00edveis, \u00e9 poss\u00edvel selecionar a vers\u00e3o mais adequada de acordo com as necessidades do motor, melhorando a combust\u00e3o e a efici\u00eancia global do sistema. <\/p>\n<p data-start=\"1123\" data-end=\"1251\">Al\u00e9m disso, o seu design assegura uma inje\u00e7\u00e3o homog\u00e9nea entre cilindros, o que se traduz numa opera\u00e7\u00e3o mais suave do motor.<\/p>\n<h2 data-start=\"1253\" data-end=\"1300\">Precis\u00e3o do fluxo e funcionamento est\u00e1vel<\/h2>\n<p data-start=\"1302\" data-end=\"1595\">Este injetor de g\u00e1s Keihin \u00e9 feito de materiais de alta qualidade, o que lhe permite funcionar de forma est\u00e1vel sob mudan\u00e7as de press\u00e3o e temperatura. Como resultado, o desgaste do sistema de inje\u00e7\u00e3o \u00e9 reduzido e o desempenho consistente mant\u00e9m-se mesmo em condi\u00e7\u00f5es exigentes. <\/p>\n<p data-start=\"1597\" data-end=\"1716\">Al\u00e9m disso, a sua longa vida \u00fatil torna-o uma escolha fi\u00e1vel tanto para substitui\u00e7\u00f5es como para novas instala\u00e7\u00f5es.<\/p>\n<h3 data-start=\"1718\" data-end=\"1749\">Caracter\u00edsticas principais<\/h3>\n<ul data-start=\"1750\" data-end=\"1957\">\n<li data-start=\"1750\" data-end=\"1778\">\n<p data-start=\"1752\" data-end=\"1778\">Injetor Keihin original<\/p>\n<\/li>\n<li data-start=\"1779\" data-end=\"1825\">\n<p data-start=\"1781\" data-end=\"1825\">Caudais dispon\u00edveis: 52 \/ 63 \/ 73 \/ 82 cc<\/p>\n<\/li>\n<li data-start=\"1826\" data-end=\"1854\">\n<p data-start=\"1828\" data-end=\"1854\">Compat\u00edveis com GPL e GNC<\/p>\n<\/li>\n<li data-start=\"1855\" data-end=\"1887\">\n<p data-start=\"1857\" data-end=\"1887\">Dosagem precisa de gases<\/p>\n<\/li>\n<li data-start=\"1888\" data-end=\"1919\">\n<p data-start=\"1890\" data-end=\"1919\">Resposta r\u00e1pida e uniforme<\/p>\n<\/li>\n<li data-start=\"1920\" data-end=\"1957\">\n<p data-start=\"1922\" data-end=\"1957\">Elevada fiabilidade em utiliza\u00e7\u00e3o cont\u00ednua<\/p>\n<\/li>\n<\/ul>\n<h3 data-start=\"1959\" data-end=\"1988\">Especifica\u00e7\u00f5es T\u00e9cnicas<\/h3>\n<div class=\"TyagGW_tableContainer\">\n<div class=\"group TyagGW_tableWrapper flex flex-col-reverse w-fit\" tabindex=\"-1\">\n<table class=\"w-fit min-w-(--thread-content-width)\" data-start=\"1990\" data-end=\"2294\">\n<thead data-start=\"1990\" data-end=\"2018\">\n<tr data-start=\"1990\" data-end=\"2018\">\n<th data-start=\"1990\" data-end=\"2007\" data-col-size=\"sm\">Funcionalidade<\/th>\n<th data-start=\"2007\" data-end=\"2018\" data-col-size=\"sm\">Detalhe<\/th>\n<\/tr>\n<\/thead>\n<tbody data-start=\"2046\" data-end=\"2294\">\n<tr data-start=\"2046\" data-end=\"2076\">\n<td data-start=\"2046\" data-end=\"2057\" data-col-size=\"sm\">Produto<\/td>\n<td data-start=\"2057\" data-end=\"2076\" data-col-size=\"sm\">Injetor de G\u00e1s<\/td>\n<\/tr>\n<tr data-start=\"2077\" data-end=\"2095\">\n<td data-start=\"2077\" data-end=\"2085\" data-col-size=\"sm\">Marca<\/td>\n<td data-start=\"2085\" data-end=\"2095\" data-col-size=\"sm\">Keihin<\/td>\n<\/tr>\n<tr data-start=\"2096\" data-end=\"2112\">\n<td data-start=\"2096\" data-end=\"2105\" data-col-size=\"sm\">Modelo<\/td>\n<td data-start=\"2105\" data-end=\"2112\" data-col-size=\"sm\">KN9<\/td>\n<\/tr>\n<tr data-start=\"2113\" data-end=\"2146\">\n<td data-start=\"2113\" data-end=\"2122\" data-col-size=\"sm\">Caudal<\/td>\n<td data-start=\"2122\" data-end=\"2146\" data-col-size=\"sm\">52 \/ 63 \/ 73 \/ 82 cc<\/td>\n<\/tr>\n<tr data-start=\"2147\" data-end=\"2174\">\n<td data-start=\"2147\" data-end=\"2161\" data-col-size=\"sm\">Combust\u00edvel<\/td>\n<td data-start=\"2161\" data-end=\"2174\" data-col-size=\"sm\">GLP \/ GNC<\/td>\n<\/tr>\n<tr data-start=\"2175\" data-end=\"2217\">\nTipo <\/p>\n<td data-start=\"2175\" data-end=\"2193\" data-col-size=\"sm\">de Sistema<\/td>\n<td data-start=\"2193\" data-end=\"2217\" data-col-size=\"sm\">Inje\u00e7\u00e3o sequencial<\/td>\n<\/tr>\n<tr data-start=\"2218\" data-end=\"2258\">\n<td data-start=\"2218\" data-end=\"2231\" data-col-size=\"sm\">Aplica\u00e7\u00e3o<\/td>\n<td data-start=\"2231\" data-end=\"2258\" data-col-size=\"sm\">Injetores simples<\/td>\n<\/tr>\n<tr data-start=\"2259\" data-end=\"2294\">\n<td data-start=\"2259\" data-end=\"2265\" data-col-size=\"sm\">Aplica\u00e7\u00e3o<\/td>\n<td data-start=\"2265\" data-end=\"2294\" data-col-size=\"sm\">Substitui\u00e7\u00e3o ou instala\u00e7\u00e3o<\/td>\n<\/tr>\n<\/tbody>\n<\/table>\n<\/div>\n<\/div>\n<h3 data-start=\"2296\" data-end=\"2314\">Compatibilidade<\/h3>\n<ul data-start=\"2315\" data-end=\"2418\">\n<li data-start=\"2315\" data-end=\"2366\">\n<p data-start=\"2317\" data-end=\"2366\">Sistemas de inje\u00e7\u00e3o de GLP com tecnologia Keihin<\/p>\n<\/li>\n<li data-start=\"2367\" data-end=\"2418\">\n<p data-start=\"2369\" data-end=\"2418\">Sistemas de inje\u00e7\u00e3o de GNC com injetores Keihin<\/p>\n<\/li>\n<\/ul>\n","protected":false},"excerpt":{"rendered":"<p data-start=\"2349\" data-end=\"2486\">Injetor Keihin KN9 para sistemas de GPL e GNC, dispon\u00edvel em 52, 63, 73 e 82 cc, com alta precis\u00e3o e fiabilidade para inje\u00e7\u00e3o sequencial.<\/p>\n<h3 data-start=\"2488\" data-end=\"2495\"><\/h3>\n","protected":false},"featured_media":9902,"comment_status":"open","ping_status":"closed","template":"","meta":{"_uag_custom_page_level_css":""},"product_brand":[],"product_cat":[1591,1597,1599,1731],"product_tag":[],"class_list":{"0":"post-48537","1":"product","2":"type-product","3":"status-publish","4":"has-post-thumbnail","6":"product_cat-injecao","7":"product_cat-injetores-rail","8":"product_cat-injetores-individuais","9":"product_cat-keihin-pt-pt","11":"first","12":"onbackorder","13":"taxable","14":"shipping-taxable","15":"purchasable","16":"product-type-variable"},"ct_brands":[],"yoast_head":"<!-- This site is optimized with the Yoast SEO Premium plugin v27.5 (Yoast SEO v27.5) - https:\/\/yoast.com\/product\/yoast-seo-premium-wordpress\/ -->\n<title>Keihin KN9 Injector 52\/63\/73\/82cc | Recambios EcoGas<\/title>\n<meta name=\"description\" content=\"Injetor Keihin KN9 para sistemas de GPL e GNC. Dispon\u00edvel nas vers\u00f5es 52, 63, 73 e 82 cc, com dosagem precisa e elevada durabilidade.\" \/>\n<meta name=\"robots\" content=\"index, follow, max-snippet:-1, max-image-preview:large, max-video-preview:-1\" \/>\n<link rel=\"canonical\" href=\"https:\/\/recambiosecogas.com\/pt-pt\/producto\/keihin-kn9-inyector-52-63-73-82cc\/\" \/>\n<meta property=\"og:locale\" content=\"pt_PT\" \/>\n<meta property=\"og:type\" content=\"article\" \/>\n<meta property=\"og:title\" content=\"Keihin KN9 Injector 52\/63\/73\/82cc\" \/>\n<meta property=\"og:description\" content=\"Injetor Keihin KN9 para sistemas de GPL e GNC. Dispon\u00edvel nas vers\u00f5es 52, 63, 73 e 82 cc, com dosagem precisa e elevada durabilidade.\" \/>\n<meta property=\"og:url\" content=\"https:\/\/recambiosecogas.com\/pt-pt\/producto\/keihin-kn9-inyector-52-63-73-82cc\/\" \/>\n<meta property=\"og:site_name\" content=\"Recambios EcoGas\" \/>\n<meta property=\"article:publisher\" content=\"https:\/\/www.facebook.com\/profile.php?id=100062419705358\" \/>\n<meta property=\"article:modified_time\" content=\"2026-04-15T10:50:33+00:00\" \/>\n<meta property=\"og:image\" content=\"https:\/\/recambiosecogas.com\/wp-content\/uploads\/2024\/12\/Keihin-KN9-inyector-52-cc-png.webp\" \/>\n\t<meta property=\"og:image:width\" content=\"1000\" \/>\n\t<meta property=\"og:image:height\" content=\"1000\" \/>\n\t<meta property=\"og:image:type\" content=\"image\/png\" \/>\n<meta name=\"twitter:card\" content=\"summary_large_image\" \/>\n<meta name=\"twitter:label1\" content=\"Disponibilidade\" \/>\n\t<meta name=\"twitter:data1\" content=\"Por encomenda\" \/>\n<script type=\"application\/ld+json\" class=\"yoast-schema-graph\">{\"@context\":\"https:\\\/\\\/schema.org\",\"@graph\":[{\"@type\":\"WebPage\",\"@id\":\"https:\\\/\\\/recambiosecogas.com\\\/pt-pt\\\/producto\\\/keihin-kn9-inyector-52-63-73-82cc\\\/\",\"url\":\"https:\\\/\\\/recambiosecogas.com\\\/pt-pt\\\/producto\\\/keihin-kn9-inyector-52-63-73-82cc\\\/\",\"name\":\"Keihin KN9 Injector 52\\\/63\\\/73\\\/82cc | Recambios EcoGas\",\"isPartOf\":{\"@id\":\"https:\\\/\\\/recambiosecogas.com\\\/pt-pt\\\/#website\"},\"primaryImageOfPage\":{\"@id\":\"https:\\\/\\\/recambiosecogas.com\\\/pt-pt\\\/producto\\\/keihin-kn9-inyector-52-63-73-82cc\\\/#primaryimage\"},\"image\":{\"@id\":\"https:\\\/\\\/recambiosecogas.com\\\/pt-pt\\\/producto\\\/keihin-kn9-inyector-52-63-73-82cc\\\/#primaryimage\"},\"thumbnailUrl\":\"https:\\\/\\\/recambiosecogas.com\\\/wp-content\\\/uploads\\\/2024\\\/12\\\/Keihin-KN9-inyector-52-cc-png.webp\",\"datePublished\":\"2024-12-09T09:14:25+00:00\",\"dateModified\":\"2026-04-15T10:50:33+00:00\",\"description\":\"Injetor Keihin KN9 para sistemas de GPL e GNC. Dispon\u00edvel nas vers\u00f5es 52, 63, 73 e 82 cc, com dosagem precisa e elevada durabilidade.\",\"breadcrumb\":{\"@id\":\"https:\\\/\\\/recambiosecogas.com\\\/pt-pt\\\/producto\\\/keihin-kn9-inyector-52-63-73-82cc\\\/#breadcrumb\"},\"inLanguage\":\"pt-PT\",\"potentialAction\":[{\"@type\":\"ReadAction\",\"target\":[\"https:\\\/\\\/recambiosecogas.com\\\/pt-pt\\\/producto\\\/keihin-kn9-inyector-52-63-73-82cc\\\/\"]}]},{\"@type\":\"ImageObject\",\"inLanguage\":\"pt-PT\",\"@id\":\"https:\\\/\\\/recambiosecogas.com\\\/pt-pt\\\/producto\\\/keihin-kn9-inyector-52-63-73-82cc\\\/#primaryimage\",\"url\":\"https:\\\/\\\/recambiosecogas.com\\\/wp-content\\\/uploads\\\/2024\\\/12\\\/Keihin-KN9-inyector-52-cc-png.webp\",\"contentUrl\":\"https:\\\/\\\/recambiosecogas.com\\\/wp-content\\\/uploads\\\/2024\\\/12\\\/Keihin-KN9-inyector-52-cc-png.webp\",\"width\":1000,\"height\":1000},{\"@type\":\"BreadcrumbList\",\"@id\":\"https:\\\/\\\/recambiosecogas.com\\\/pt-pt\\\/producto\\\/keihin-kn9-inyector-52-63-73-82cc\\\/#breadcrumb\",\"itemListElement\":[{\"@type\":\"ListItem\",\"position\":1,\"name\":\"P\u00e1gina inicial\",\"item\":\"https:\\\/\\\/recambiosecogas.com\\\/pt-pt\\\/\"},{\"@type\":\"ListItem\",\"position\":2,\"name\":\"Loja\",\"item\":\"https:\\\/\\\/recambiosecogas.com\\\/pt-pt\\\/tienda\\\/\"},{\"@type\":\"ListItem\",\"position\":3,\"name\":\"Keihin KN9 Injector 52\\\/63\\\/73\\\/82cc\"}]},{\"@type\":\"WebSite\",\"@id\":\"https:\\\/\\\/recambiosecogas.com\\\/pt-pt\\\/#website\",\"url\":\"https:\\\/\\\/recambiosecogas.com\\\/pt-pt\\\/\",\"name\":\"Recambios EcoGas\",\"description\":\"Pe\u00e7as multimarca para sistemas de GPL\\\/GNC\\\/GNL\\\/Hidrog\u00e9nio\",\"publisher\":{\"@id\":\"https:\\\/\\\/recambiosecogas.com\\\/pt-pt\\\/#organization\"},\"alternateName\":\"Recambios Autogas GLP\",\"potentialAction\":[{\"@type\":\"SearchAction\",\"target\":{\"@type\":\"EntryPoint\",\"urlTemplate\":\"https:\\\/\\\/recambiosecogas.com\\\/pt-pt\\\/?s={search_term_string}\"},\"query-input\":{\"@type\":\"PropertyValueSpecification\",\"valueRequired\":true,\"valueName\":\"search_term_string\"}}],\"inLanguage\":\"pt-PT\"},{\"@type\":[\"Organization\",\"Place\"],\"@id\":\"https:\\\/\\\/recambiosecogas.com\\\/pt-pt\\\/#organization\",\"name\":\"Recambios EcoGas\",\"alternateName\":\"Loja de GPL Autog\u00e1s Espanha\",\"url\":\"https:\\\/\\\/recambiosecogas.com\\\/pt-pt\\\/\",\"logo\":{\"@id\":\"https:\\\/\\\/recambiosecogas.com\\\/pt-pt\\\/producto\\\/keihin-kn9-inyector-52-63-73-82cc\\\/#local-main-organization-logo\"},\"image\":{\"@id\":\"https:\\\/\\\/recambiosecogas.com\\\/pt-pt\\\/producto\\\/keihin-kn9-inyector-52-63-73-82cc\\\/#local-main-organization-logo\"},\"sameAs\":[\"https:\\\/\\\/www.facebook.com\\\/profile.php?id=100062419705358\",\"https:\\\/\\\/www.instagram.com\\\/segimon_automocio\"],\"description\":\"Recambios EcoGas \u2013 Venta y distribuci\u00f3n de sistemas GLP y GNC en Espa\u00f1a y Portugal. Env\u00edos 24 h, soporte t\u00e9cnico a talleres y distribuidores.\",\"hasMerchantReturnPolicy\":{\"@type\":\"MerchantReturnPolicy\",\"merchantReturnLink\":\"https:\\\/\\\/recambiosecogas.com\\\/politicas-privacidad\\\/\"},\"address\":{\"@id\":\"https:\\\/\\\/recambiosecogas.com\\\/pt-pt\\\/producto\\\/keihin-kn9-inyector-52-63-73-82cc\\\/#local-main-place-address\"},\"telephone\":[\"616250633\"],\"contactPoint\":{\"@type\":\"ContactPoint\",\"email\":\"export@recambiosecogas.com\"},\"openingHoursSpecification\":[{\"@type\":\"OpeningHoursSpecification\",\"dayOfWeek\":[\"Monday\",\"Tuesday\",\"Wednesday\",\"Thursday\",\"Friday\",\"Saturday\",\"Sunday\"],\"opens\":\"09:00\",\"closes\":\"17:00\"}],\"email\":\"info@recambiosecogas.com\",\"faxNumber\":\"SEGIMON AUTOMOCION SL\",\"vatID\":\"ESB19819861\",\"globalLocationNumber\":\"938 616 339\"},{\"@type\":\"PostalAddress\",\"@id\":\"https:\\\/\\\/recambiosecogas.com\\\/pt-pt\\\/producto\\\/keihin-kn9-inyector-52-63-73-82cc\\\/#local-main-place-address\",\"streetAddress\":\"cami antic de vic, 29 (Nave 3), Pol\u00edgono Industrial Congost\",\"addressLocality\":\"CORRO D`AVALL\",\"postalCode\":\"08520\",\"addressRegion\":\"Barcelona\",\"addressCountry\":\"ES\"},{\"@type\":\"ImageObject\",\"inLanguage\":\"pt-PT\",\"@id\":\"https:\\\/\\\/recambiosecogas.com\\\/pt-pt\\\/producto\\\/keihin-kn9-inyector-52-63-73-82cc\\\/#local-main-organization-logo\",\"url\":\"https:\\\/\\\/recambiosecogas.com\\\/wp-content\\\/uploads\\\/2024\\\/11\\\/cropped-RECAMBIOS-GLP-png.webp\",\"contentUrl\":\"https:\\\/\\\/recambiosecogas.com\\\/wp-content\\\/uploads\\\/2024\\\/11\\\/cropped-RECAMBIOS-GLP-png.webp\",\"width\":512,\"height\":512,\"caption\":\"Recambios EcoGas\"}]}<\/script>\n<meta property=\"og:availability\" content=\"backorder\" \/>\n<meta property=\"product:availability\" content=\"available for order\" \/>\n<meta property=\"product:retailer_item_id\" content=\"KN9105618\" \/>\n<meta property=\"product:condition\" content=\"new\" \/>\n<meta name=\"geo.placename\" content=\"CORRO D`AVALL\" \/>\n<meta name=\"geo.region\" content=\"Espanha\" \/>\n<!-- \/ Yoast SEO Premium plugin. -->","yoast_head_json":{"title":"Keihin KN9 Injector 52\/63\/73\/82cc | Recambios EcoGas","description":"Injetor Keihin KN9 para sistemas de GPL e GNC. Dispon\u00edvel nas vers\u00f5es 52, 63, 73 e 82 cc, com dosagem precisa e elevada durabilidade.","robots":{"index":"index","follow":"follow","max-snippet":"max-snippet:-1","max-image-preview":"max-image-preview:large","max-video-preview":"max-video-preview:-1"},"canonical":"https:\/\/recambiosecogas.com\/pt-pt\/producto\/keihin-kn9-inyector-52-63-73-82cc\/","og_locale":"pt_PT","og_type":"article","og_title":"Keihin KN9 Injector 52\/63\/73\/82cc","og_description":"Injetor Keihin KN9 para sistemas de GPL e GNC. Dispon\u00edvel nas vers\u00f5es 52, 63, 73 e 82 cc, com dosagem precisa e elevada durabilidade.","og_url":"https:\/\/recambiosecogas.com\/pt-pt\/producto\/keihin-kn9-inyector-52-63-73-82cc\/","og_site_name":"Recambios EcoGas","article_publisher":"https:\/\/www.facebook.com\/profile.php?id=100062419705358","article_modified_time":"2026-04-15T10:50:33+00:00","og_image":[{"width":1000,"height":1000,"url":"https:\/\/recambiosecogas.com\/wp-content\/uploads\/2024\/12\/Keihin-KN9-inyector-52-cc-png.webp","type":"image\/png"}],"twitter_card":"summary_large_image","twitter_misc":{"Disponibilidade":"Por encomenda"},"schema":{"@context":"https:\/\/schema.org","@graph":[{"@type":"WebPage","@id":"https:\/\/recambiosecogas.com\/pt-pt\/producto\/keihin-kn9-inyector-52-63-73-82cc\/","url":"https:\/\/recambiosecogas.com\/pt-pt\/producto\/keihin-kn9-inyector-52-63-73-82cc\/","name":"Keihin KN9 Injector 52\/63\/73\/82cc | Recambios EcoGas","isPartOf":{"@id":"https:\/\/recambiosecogas.com\/pt-pt\/#website"},"primaryImageOfPage":{"@id":"https:\/\/recambiosecogas.com\/pt-pt\/producto\/keihin-kn9-inyector-52-63-73-82cc\/#primaryimage"},"image":{"@id":"https:\/\/recambiosecogas.com\/pt-pt\/producto\/keihin-kn9-inyector-52-63-73-82cc\/#primaryimage"},"thumbnailUrl":"https:\/\/recambiosecogas.com\/wp-content\/uploads\/2024\/12\/Keihin-KN9-inyector-52-cc-png.webp","datePublished":"2024-12-09T09:14:25+00:00","dateModified":"2026-04-15T10:50:33+00:00","description":"Injetor Keihin KN9 para sistemas de GPL e GNC. Dispon\u00edvel nas vers\u00f5es 52, 63, 73 e 82 cc, com dosagem precisa e elevada durabilidade.","breadcrumb":{"@id":"https:\/\/recambiosecogas.com\/pt-pt\/producto\/keihin-kn9-inyector-52-63-73-82cc\/#breadcrumb"},"inLanguage":"pt-PT","potentialAction":[{"@type":"ReadAction","target":["https:\/\/recambiosecogas.com\/pt-pt\/producto\/keihin-kn9-inyector-52-63-73-82cc\/"]}]},{"@type":"ImageObject","inLanguage":"pt-PT","@id":"https:\/\/recambiosecogas.com\/pt-pt\/producto\/keihin-kn9-inyector-52-63-73-82cc\/#primaryimage","url":"https:\/\/recambiosecogas.com\/wp-content\/uploads\/2024\/12\/Keihin-KN9-inyector-52-cc-png.webp","contentUrl":"https:\/\/recambiosecogas.com\/wp-content\/uploads\/2024\/12\/Keihin-KN9-inyector-52-cc-png.webp","width":1000,"height":1000},{"@type":"BreadcrumbList","@id":"https:\/\/recambiosecogas.com\/pt-pt\/producto\/keihin-kn9-inyector-52-63-73-82cc\/#breadcrumb","itemListElement":[{"@type":"ListItem","position":1,"name":"P\u00e1gina inicial","item":"https:\/\/recambiosecogas.com\/pt-pt\/"},{"@type":"ListItem","position":2,"name":"Loja","item":"https:\/\/recambiosecogas.com\/pt-pt\/tienda\/"},{"@type":"ListItem","position":3,"name":"Keihin KN9 Injector 52\/63\/73\/82cc"}]},{"@type":"WebSite","@id":"https:\/\/recambiosecogas.com\/pt-pt\/#website","url":"https:\/\/recambiosecogas.com\/pt-pt\/","name":"Recambios EcoGas","description":"Pe\u00e7as multimarca para sistemas de GPL\/GNC\/GNL\/Hidrog\u00e9nio","publisher":{"@id":"https:\/\/recambiosecogas.com\/pt-pt\/#organization"},"alternateName":"Recambios Autogas GLP","potentialAction":[{"@type":"SearchAction","target":{"@type":"EntryPoint","urlTemplate":"https:\/\/recambiosecogas.com\/pt-pt\/?s={search_term_string}"},"query-input":{"@type":"PropertyValueSpecification","valueRequired":true,"valueName":"search_term_string"}}],"inLanguage":"pt-PT"},{"@type":["Organization","Place"],"@id":"https:\/\/recambiosecogas.com\/pt-pt\/#organization","name":"Recambios EcoGas","alternateName":"Loja de GPL Autog\u00e1s Espanha","url":"https:\/\/recambiosecogas.com\/pt-pt\/","logo":{"@id":"https:\/\/recambiosecogas.com\/pt-pt\/producto\/keihin-kn9-inyector-52-63-73-82cc\/#local-main-organization-logo"},"image":{"@id":"https:\/\/recambiosecogas.com\/pt-pt\/producto\/keihin-kn9-inyector-52-63-73-82cc\/#local-main-organization-logo"},"sameAs":["https:\/\/www.facebook.com\/profile.php?id=100062419705358","https:\/\/www.instagram.com\/segimon_automocio"],"description":"Recambios EcoGas \u2013 Venta y distribuci\u00f3n de sistemas GLP y GNC en Espa\u00f1a y Portugal. Env\u00edos 24 h, soporte t\u00e9cnico a talleres y distribuidores.","hasMerchantReturnPolicy":{"@type":"MerchantReturnPolicy","merchantReturnLink":"https:\/\/recambiosecogas.com\/politicas-privacidad\/"},"address":{"@id":"https:\/\/recambiosecogas.com\/pt-pt\/producto\/keihin-kn9-inyector-52-63-73-82cc\/#local-main-place-address"},"telephone":["616250633"],"contactPoint":{"@type":"ContactPoint","email":"export@recambiosecogas.com"},"openingHoursSpecification":[{"@type":"OpeningHoursSpecification","dayOfWeek":["Monday","Tuesday","Wednesday","Thursday","Friday","Saturday","Sunday"],"opens":"09:00","closes":"17:00"}],"email":"info@recambiosecogas.com","faxNumber":"SEGIMON AUTOMOCION SL","vatID":"ESB19819861","globalLocationNumber":"938 616 339"},{"@type":"PostalAddress","@id":"https:\/\/recambiosecogas.com\/pt-pt\/producto\/keihin-kn9-inyector-52-63-73-82cc\/#local-main-place-address","streetAddress":"cami antic de vic, 29 (Nave 3), Pol\u00edgono Industrial Congost","addressLocality":"CORRO D`AVALL","postalCode":"08520","addressRegion":"Barcelona","addressCountry":"ES"},{"@type":"ImageObject","inLanguage":"pt-PT","@id":"https:\/\/recambiosecogas.com\/pt-pt\/producto\/keihin-kn9-inyector-52-63-73-82cc\/#local-main-organization-logo","url":"https:\/\/recambiosecogas.com\/wp-content\/uploads\/2024\/11\/cropped-RECAMBIOS-GLP-png.webp","contentUrl":"https:\/\/recambiosecogas.com\/wp-content\/uploads\/2024\/11\/cropped-RECAMBIOS-GLP-png.webp","width":512,"height":512,"caption":"Recambios EcoGas"}]},"og_availability":"backorder","product_availability":"available for order","product_retailer_item_id":"KN9105618","product_condition":"new","geo.placename":"CORRO D`AVALL","geo.region":"Espanha"},"uagb_featured_image_src":{"full":["https:\/\/recambiosecogas.com\/wp-content\/uploads\/2024\/12\/Keihin-KN9-inyector-52-cc-png.webp",1000,1000,false],"thumbnail":["https:\/\/recambiosecogas.com\/wp-content\/uploads\/2024\/12\/Keihin-KN9-inyector-52-cc-150x150.webp",150,150,true],"medium":["https:\/\/recambiosecogas.com\/wp-content\/uploads\/2024\/12\/Keihin-KN9-inyector-52-cc-300x300.webp",300,300,true],"medium_large":["https:\/\/recambiosecogas.com\/wp-content\/uploads\/2024\/12\/Keihin-KN9-inyector-52-cc-768x768.webp",768,768,true],"large":["https:\/\/recambiosecogas.com\/wp-content\/uploads\/2024\/12\/Keihin-KN9-inyector-52-cc-png.webp",1000,1000,false],"1536x1536":["https:\/\/recambiosecogas.com\/wp-content\/uploads\/2024\/12\/Keihin-KN9-inyector-52-cc-png.webp",1000,1000,false],"2048x2048":["https:\/\/recambiosecogas.com\/wp-content\/uploads\/2024\/12\/Keihin-KN9-inyector-52-cc-png.webp",1000,1000,false],"woocommerce_archive_thumbnail":["https:\/\/recambiosecogas.com\/wp-content\/uploads\/2024\/12\/Keihin-KN9-inyector-52-cc-png.webp",1000,1000,false],"woocommerce_thumbnail":["https:\/\/recambiosecogas.com\/wp-content\/uploads\/2024\/12\/Keihin-KN9-inyector-52-cc-png-300x300.webp",300,300,true],"woocommerce_single":["https:\/\/recambiosecogas.com\/wp-content\/uploads\/2024\/12\/Keihin-KN9-inyector-52-cc-png.webp",1000,1000,false],"woocommerce_gallery_thumbnail":["https:\/\/recambiosecogas.com\/wp-content\/uploads\/2024\/12\/Keihin-KN9-inyector-52-cc-png.webp",1000,1000,false],"dgwt-wcas-product-suggestion":["https:\/\/recambiosecogas.com\/wp-content\/uploads\/2024\/12\/Keihin-KN9-inyector-52-cc-png-64x64.webp",64,64,true]},"uagb_author_info":{"display_name":"Fran - Soporte T\u00e9cnico","author_link":"https:\/\/recambiosecogas.com\/pt-pt\/author\/"},"uagb_comment_info":0,"uagb_excerpt":"Injetor Keihin KN9 para sistemas de GPL e GNC, dispon\u00edvel em 52, 63, 73 e 82 cc, com alta precis\u00e3o e fiabilidade para inje\u00e7\u00e3o sequencial.","_links":{"self":[{"href":"https:\/\/recambiosecogas.com\/pt-pt\/wp-json\/wp\/v2\/product\/48537","targetHints":{"allow":["GET"]}}],"collection":[{"href":"https:\/\/recambiosecogas.com\/pt-pt\/wp-json\/wp\/v2\/product"}],"about":[{"href":"https:\/\/recambiosecogas.com\/pt-pt\/wp-json\/wp\/v2\/types\/product"}],"replies":[{"embeddable":true,"href":"https:\/\/recambiosecogas.com\/pt-pt\/wp-json\/wp\/v2\/comments?post=48537"}],"wp:featuredmedia":[{"embeddable":true,"href":"https:\/\/recambiosecogas.com\/pt-pt\/wp-json\/wp\/v2\/media\/9902"}],"wp:attachment":[{"href":"https:\/\/recambiosecogas.com\/pt-pt\/wp-json\/wp\/v2\/media?parent=48537"}],"wp:term":[{"taxonomy":"product_brand","embeddable":true,"href":"https:\/\/recambiosecogas.com\/pt-pt\/wp-json\/wp\/v2\/product_brand?post=48537"},{"taxonomy":"product_cat","embeddable":true,"href":"https:\/\/recambiosecogas.com\/pt-pt\/wp-json\/wp\/v2\/product_cat?post=48537"},{"taxonomy":"product_tag","embeddable":true,"href":"https:\/\/recambiosecogas.com\/pt-pt\/wp-json\/wp\/v2\/product_tag?post=48537"}],"curies":[{"name":"wp","href":"https:\/\/api.w.org\/{rel}","templated":true}]}}