{"id":48512,"date":"2024-12-23T14:31:46","date_gmt":"2024-12-23T14:31:46","guid":{"rendered":"https:\/\/recambiosecogas.com\/producto\/rail-de-inyeccion-3-cilindros-inyectores-individuales-acw-03-ac-stag\/"},"modified":"2026-04-15T11:50:00","modified_gmt":"2026-04-15T10:50:00","slug":"rail-de-inyeccion-3-cilindros-inyectores-individuales-acw-03-ac-stag","status":"publish","type":"product","link":"https:\/\/recambiosecogas.com\/pt-pt\/produto\/rail-de-inyeccion-3-cilindros-inyectores-individuales-acw-03-ac-stag\/","title":{"rendered":"Carri de Inje\u00e7\u00e3o 3 Cilindros Injetores \u00danicos ACW-03 AC STAG"},"content":{"rendered":"<h3 data-start=\"159\" data-end=\"229\">Carri de Inje\u00e7\u00e3o 3 Cilindros Injetores \u00danicos ACW-03 AC STAG<\/h3>\n<p class=\"\" data-start=\"231\" data-end=\"881\">O Rail de Inje\u00e7\u00e3o AC AC STAG para 3 cilindros \u00e9 uma solu\u00e7\u00e3o t\u00e9cnica de alta precis\u00e3o para sistemas de inje\u00e7\u00e3o de g\u00e1s LPG e GNC. Desenhado pela AC STAG, refer\u00eancia na tecnologia autog\u00e1s, este carril incorpora injetores individuais ACW-03 que garantem um controlo preciso do fluxo de g\u00e1s, permitindo uma combust\u00e3o mais eficiente e limpa. \u00c9 ideal tanto para novas instala\u00e7\u00f5es como para melhorias de sistemas existentes em motores de 3 cilindros, e integra uma vasta gama de marcas de ve\u00edculos como Audi, BMW, Ford, Mercedes-Benz, Peugeot, Renault, Volkswagen, Toyota, Nissan, Kia, Hyundai, Fiat, entre muitas outras.  <\/p>\n<p class=\"\" data-start=\"883\" data-end=\"1216\">O seu design robusto garante uma longa vida \u00fatil, mesmo em condi\u00e7\u00f5es exigentes. Cada injetor ACW-03 opera de forma independente, melhorando a efici\u00eancia global do sistema de g\u00e1s e permitindo ajustes mais finos por cilindro. Al\u00e9m disso, o seu tamanho compacto facilita uma instala\u00e7\u00e3o r\u00e1pida sem necessidade de modifica\u00e7\u00f5es complexas.  <\/p>\n<p class=\"\" data-start=\"1218\" data-end=\"1418\">Este trilho de inje\u00e7\u00e3o melhora o consumo de combust\u00edvel, reduz as emiss\u00f5es poluentes e mant\u00e9m um desempenho est\u00e1vel do motor, contribuindo para uma condu\u00e7\u00e3o mais econ\u00f3mica e ambientalmente amiga.<\/p>\n<h4 data-start=\"1420\" data-end=\"1448\">Caracter\u00edsticas t\u00e9cnicas &#8211;<\/h4>\n<div class=\"pointer-events-none relative left-[50%]! flex w-[100cqw] translate-x-[-50%] justify-center *:pointer-events-auto\">\n<div class=\"tableContainer horzScrollShadows\">\n<table class=\"min-w-full\" data-start=\"1450\" data-end=\"2368\">\n<thead data-start=\"1450\" data-end=\"1563\">\n<tr data-start=\"1450\" data-end=\"1563\">\n<th data-start=\"1450\" data-end=\"1499\"><strong data-start=\"1452\" data-end=\"1464\">Produto<\/strong><\/th>\n<th data-start=\"1499\" data-end=\"1563\"><strong data-start=\"1501\" data-end=\"1551\">ACW-03 AC STAG Rail de Inje\u00e7\u00e3o \u2013 3 cilindros<\/strong><\/th>\n<\/tr>\n<\/thead>\n<tbody data-start=\"1679\" data-end=\"2368\">\n<tr data-start=\"1679\" data-end=\"1793\">\n<td class=\"max-w-[calc(var(--thread-content-max-width)*2\/3)]\" data-start=\"1679\" data-end=\"1728\">Tipo de injetores<\/td>\n<td class=\"max-w-[calc(var(--thread-content-max-width)*2\/3)]\" data-start=\"1728\" data-end=\"1793\">ACW-03 Injetores \u00danicos<\/td>\n<\/tr>\n<tr data-start=\"1794\" data-end=\"1908\">\n<td class=\"max-w-[calc(var(--thread-content-max-width)*2\/3)]\" data-start=\"1794\" data-end=\"1843\">Aplica\u00e7\u00e3o<\/td>\n<td class=\"max-w-[calc(var(--thread-content-max-width)*2\/3)]\" data-start=\"1843\" data-end=\"1908\">Sistemas de Inje\u00e7\u00e3o de GLP\/GNC<\/td>\n<\/tr>\n<tr data-start=\"1909\" data-end=\"2023\">\n<td class=\"max-w-[calc(var(--thread-content-max-width)*2\/3)]\" data-start=\"1909\" data-end=\"1958\">N\u00famero de cilindros<\/td>\n<td class=\"max-w-[calc(var(--thread-content-max-width)*2\/3)]\" data-start=\"1958\" data-end=\"2023\">3<\/td>\n<\/tr>\n<tr data-start=\"2024\" data-end=\"2138\">\n<td class=\"max-w-[calc(var(--thread-content-max-width)*2\/3)]\" data-start=\"2024\" data-end=\"2073\">Conectores<\/td>\n<td class=\"max-w-[calc(var(--thread-content-max-width)*2\/3)]\" data-start=\"2073\" data-end=\"2138\">Tipo AMP<\/td>\n<\/tr>\n<tr data-start=\"2139\" data-end=\"2253\">\n<td class=\"max-w-[calc(var(--thread-content-max-width)*2\/3)]\" data-start=\"2139\" data-end=\"2188\">Materiais<\/td>\n<td class=\"max-w-[calc(var(--thread-content-max-width)*2\/3)]\" data-start=\"2188\" data-end=\"2253\">Alta resist\u00eancia e durabilidade<\/td>\n<\/tr>\n<tr data-start=\"2254\" data-end=\"2368\">\n<td class=\"max-w-[calc(var(--thread-content-max-width)*2\/3)]\" data-start=\"2254\" data-end=\"2303\">Compatibilidade<\/td>\n<td class=\"max-w-[calc(var(--thread-content-max-width)*2\/3)] min-w-[calc(var(--thread-content-max-width)\/3)]\" data-start=\"2303\" data-end=\"2368\">Grande variedade de marcas e modelos de ve\u00edculos<\/td>\n<\/tr>\n<\/tbody>\n<\/table>\n<p><a href=\"https:\/\/recambiosecogas.com\/pt-pt\/categoria-produto\/injecao\/injetores-rail\/\">O nosso cat\u00e1logo de injetores.<\/a><\/p>\n<p><a href=\"https:\/\/segimonautomocio.com\/\">Mude os seus injetores na nossa oficina especializada.<\/a><\/p>\n<\/div>\n<\/div>\n","protected":false},"excerpt":{"rendered":"<p>Carri de Inje\u00e7\u00e3o 3 Cilindros Injetores \u00danicos ACW-03 AC STAG O Rail de Inje\u00e7\u00e3o AC AC STAG para 3 cilindros \u00e9 uma solu\u00e7\u00e3o t\u00e9cnica de alta precis\u00e3o para sistemas de inje\u00e7\u00e3o de g\u00e1s LPG e GNC. Desenhado pela AC STAG, refer\u00eancia na tecnologia autog\u00e1s, este carril incorpora injetores individuais ACW-03 que garantem um controlo preciso [&hellip;]<\/p>\n","protected":false},"featured_media":5566,"comment_status":"open","ping_status":"closed","template":"","meta":{"googlesitekit_rrm_CAowud7EDA:productID":"","_uag_custom_page_level_css":""},"product_brand":[],"product_cat":[1665,1591,1597,1599],"product_tag":[],"class_list":{"0":"post-48512","1":"product","2":"type-product","3":"status-publish","4":"has-post-thumbnail","6":"product_cat-ac-stag-pt-pt","7":"product_cat-injecao","8":"product_cat-injetores-rail","9":"product_cat-injetores-individuais","11":"first","12":"onbackorder","13":"taxable","14":"shipping-taxable","15":"purchasable","16":"product-type-simple"},"ct_brands":[],"yoast_head":"<!-- This site is optimized with the Yoast SEO Premium plugin v27.4 (Yoast SEO v27.4) - https:\/\/yoast.com\/product\/yoast-seo-premium-wordpress\/ -->\n<title>Carri de Inje\u00e7\u00e3o 3 Cilindros Injetores \u00danicos ACW-03 AC STAG | Recambios EcoGas | Sistemas GLP y GNC<\/title>\n<meta name=\"description\" content=\"ACW-03 ACW-03 CARRIL DE INJE\u00c7\u00c3O AC STAG Inje\u00e7\u00e3o precisa e eficiente para sistemas de g\u00e1s LPG e GNC. COMPRE ONLINE, ENVIO DISPON\u00cdVEL\" \/>\n<meta name=\"robots\" content=\"index, follow, max-snippet:-1, max-image-preview:large, max-video-preview:-1\" \/>\n<link rel=\"canonical\" href=\"https:\/\/recambiosecogas.com\/pt-pt\/produto\/rail-de-inyeccion-3-cilindros-inyectores-individuales-acw-03-ac-stag\/\" \/>\n<meta property=\"og:locale\" content=\"pt_PT\" \/>\n<meta property=\"og:type\" content=\"article\" \/>\n<meta property=\"og:title\" content=\"Carri de Inje\u00e7\u00e3o 3 Cilindros Injetores \u00danicos ACW-03 AC STAG\" \/>\n<meta property=\"og:description\" content=\"ACW-03 ACW-03 CARRIL DE INJE\u00c7\u00c3O AC STAG Inje\u00e7\u00e3o precisa e eficiente para sistemas de g\u00e1s LPG e GNC. COMPRE ONLINE, ENVIO DISPON\u00cdVEL\" \/>\n<meta property=\"og:url\" content=\"https:\/\/recambiosecogas.com\/pt-pt\/produto\/rail-de-inyeccion-3-cilindros-inyectores-individuales-acw-03-ac-stag\/\" \/>\n<meta property=\"og:site_name\" content=\"Recambios EcoGas\" \/>\n<meta property=\"article:publisher\" content=\"https:\/\/www.facebook.com\/profile.php?id=100062419705358\" \/>\n<meta property=\"article:modified_time\" content=\"2026-04-15T10:50:00+00:00\" \/>\n<meta property=\"og:image\" content=\"https:\/\/recambiosecogas.com\/wp-content\/uploads\/2024\/10\/3-1.webp\" \/>\n\t<meta property=\"og:image:width\" content=\"1080\" \/>\n\t<meta property=\"og:image:height\" content=\"1080\" \/>\n\t<meta property=\"og:image:type\" content=\"image\/jpeg\" \/>\n<meta name=\"twitter:card\" content=\"summary_large_image\" \/>\n<meta name=\"twitter:label1\" content=\"pre\u00e7o\" \/>\n\t<meta name=\"twitter:data1\" content=\"104,00&nbsp;&euro; (IVA incl.: 125,84&nbsp;&euro;)\" \/>\n\t<meta name=\"twitter:label2\" content=\"Disponibilidade\" \/>\n\t<meta name=\"twitter:data2\" content=\"Por encomenda\" \/>\n<script type=\"application\/ld+json\" class=\"yoast-schema-graph\">{\"@context\":\"https:\\\/\\\/schema.org\",\"@graph\":[{\"@type\":\"WebPage\",\"@id\":\"https:\\\/\\\/recambiosecogas.com\\\/pt-pt\\\/produto\\\/rail-de-inyeccion-3-cilindros-inyectores-individuales-acw-03-ac-stag\\\/\",\"url\":\"https:\\\/\\\/recambiosecogas.com\\\/pt-pt\\\/produto\\\/rail-de-inyeccion-3-cilindros-inyectores-individuales-acw-03-ac-stag\\\/\",\"name\":\"Carri de Inje\u00e7\u00e3o 3 Cilindros Injetores \u00danicos ACW-03 AC STAG | Recambios EcoGas | Sistemas GLP y GNC\",\"isPartOf\":{\"@id\":\"https:\\\/\\\/recambiosecogas.com\\\/pt-pt\\\/#website\"},\"primaryImageOfPage\":{\"@id\":\"https:\\\/\\\/recambiosecogas.com\\\/pt-pt\\\/produto\\\/rail-de-inyeccion-3-cilindros-inyectores-individuales-acw-03-ac-stag\\\/#primaryimage\"},\"image\":{\"@id\":\"https:\\\/\\\/recambiosecogas.com\\\/pt-pt\\\/produto\\\/rail-de-inyeccion-3-cilindros-inyectores-individuales-acw-03-ac-stag\\\/#primaryimage\"},\"thumbnailUrl\":\"https:\\\/\\\/recambiosecogas.com\\\/wp-content\\\/uploads\\\/2024\\\/10\\\/3-1.webp\",\"datePublished\":\"2024-12-23T14:31:46+00:00\",\"dateModified\":\"2026-04-15T10:50:00+00:00\",\"description\":\"ACW-03 ACW-03 CARRIL DE INJE\u00c7\u00c3O AC STAG Inje\u00e7\u00e3o precisa e eficiente para sistemas de g\u00e1s LPG e GNC. COMPRE ONLINE, ENVIO DISPON\u00cdVEL\",\"breadcrumb\":{\"@id\":\"https:\\\/\\\/recambiosecogas.com\\\/pt-pt\\\/produto\\\/rail-de-inyeccion-3-cilindros-inyectores-individuales-acw-03-ac-stag\\\/#breadcrumb\"},\"inLanguage\":\"pt-PT\",\"potentialAction\":[{\"@type\":\"ReadAction\",\"target\":[\"https:\\\/\\\/recambiosecogas.com\\\/pt-pt\\\/produto\\\/rail-de-inyeccion-3-cilindros-inyectores-individuales-acw-03-ac-stag\\\/\"]}]},{\"@type\":\"ImageObject\",\"inLanguage\":\"pt-PT\",\"@id\":\"https:\\\/\\\/recambiosecogas.com\\\/pt-pt\\\/produto\\\/rail-de-inyeccion-3-cilindros-inyectores-individuales-acw-03-ac-stag\\\/#primaryimage\",\"url\":\"https:\\\/\\\/recambiosecogas.com\\\/wp-content\\\/uploads\\\/2024\\\/10\\\/3-1.webp\",\"contentUrl\":\"https:\\\/\\\/recambiosecogas.com\\\/wp-content\\\/uploads\\\/2024\\\/10\\\/3-1.webp\",\"width\":1080,\"height\":1080},{\"@type\":\"BreadcrumbList\",\"@id\":\"https:\\\/\\\/recambiosecogas.com\\\/pt-pt\\\/produto\\\/rail-de-inyeccion-3-cilindros-inyectores-individuales-acw-03-ac-stag\\\/#breadcrumb\",\"itemListElement\":[{\"@type\":\"ListItem\",\"position\":1,\"name\":\"P\u00e1gina inicial\",\"item\":\"https:\\\/\\\/recambiosecogas.com\\\/pt-pt\\\/\"},{\"@type\":\"ListItem\",\"position\":2,\"name\":\"Loja\",\"item\":\"https:\\\/\\\/recambiosecogas.com\\\/pt-pt\\\/tienda\\\/\"},{\"@type\":\"ListItem\",\"position\":3,\"name\":\"Carri de Inje\u00e7\u00e3o 3 Cilindros Injetores \u00danicos ACW-03 AC STAG\"}]},{\"@type\":\"WebSite\",\"@id\":\"https:\\\/\\\/recambiosecogas.com\\\/pt-pt\\\/#website\",\"url\":\"https:\\\/\\\/recambiosecogas.com\\\/pt-pt\\\/\",\"name\":\"Recambios EcoGas\",\"description\":\"Pe\u00e7as multimarca para sistemas de GPL\\\/GNC\\\/GNL\\\/Hidrog\u00e9nio\",\"publisher\":{\"@id\":\"https:\\\/\\\/recambiosecogas.com\\\/pt-pt\\\/#organization\"},\"alternateName\":\"Recambios Autogas GLP\",\"potentialAction\":[{\"@type\":\"SearchAction\",\"target\":{\"@type\":\"EntryPoint\",\"urlTemplate\":\"https:\\\/\\\/recambiosecogas.com\\\/pt-pt\\\/?s={search_term_string}\"},\"query-input\":{\"@type\":\"PropertyValueSpecification\",\"valueRequired\":true,\"valueName\":\"search_term_string\"}}],\"inLanguage\":\"pt-PT\"},{\"@type\":[\"Organization\",\"Place\"],\"@id\":\"https:\\\/\\\/recambiosecogas.com\\\/pt-pt\\\/#organization\",\"name\":\"Recambios EcoGas\",\"alternateName\":\"Loja de GPL Autog\u00e1s Espanha\",\"url\":\"https:\\\/\\\/recambiosecogas.com\\\/pt-pt\\\/\",\"logo\":{\"@id\":\"https:\\\/\\\/recambiosecogas.com\\\/pt-pt\\\/produto\\\/rail-de-inyeccion-3-cilindros-inyectores-individuales-acw-03-ac-stag\\\/#local-main-organization-logo\"},\"image\":{\"@id\":\"https:\\\/\\\/recambiosecogas.com\\\/pt-pt\\\/produto\\\/rail-de-inyeccion-3-cilindros-inyectores-individuales-acw-03-ac-stag\\\/#local-main-organization-logo\"},\"sameAs\":[\"https:\\\/\\\/www.facebook.com\\\/profile.php?id=100062419705358\",\"https:\\\/\\\/www.instagram.com\\\/segimon_automocio\"],\"description\":\"Recambios EcoGas \u2013 Venta y distribuci\u00f3n de sistemas GLP y GNC en Espa\u00f1a y Portugal. Env\u00edos 24 h, soporte t\u00e9cnico a talleres y distribuidores.\",\"hasMerchantReturnPolicy\":{\"@type\":\"MerchantReturnPolicy\",\"merchantReturnLink\":\"https:\\\/\\\/recambiosecogas.com\\\/politicas-privacidad\\\/\"},\"address\":{\"@id\":\"https:\\\/\\\/recambiosecogas.com\\\/pt-pt\\\/produto\\\/rail-de-inyeccion-3-cilindros-inyectores-individuales-acw-03-ac-stag\\\/#local-main-place-address\"},\"telephone\":[\"616250633\"],\"contactPoint\":{\"@type\":\"ContactPoint\",\"email\":\"export@recambiosecogas.com\"},\"openingHoursSpecification\":[{\"@type\":\"OpeningHoursSpecification\",\"dayOfWeek\":[\"Monday\",\"Tuesday\",\"Wednesday\",\"Thursday\",\"Friday\",\"Saturday\",\"Sunday\"],\"opens\":\"09:00\",\"closes\":\"17:00\"}],\"email\":\"info@recambiosecogas.com\",\"faxNumber\":\"SEGIMON AUTOMOCION SL\",\"vatID\":\"ESB19819861\",\"globalLocationNumber\":\"938 616 339\"},{\"@type\":\"PostalAddress\",\"@id\":\"https:\\\/\\\/recambiosecogas.com\\\/pt-pt\\\/produto\\\/rail-de-inyeccion-3-cilindros-inyectores-individuales-acw-03-ac-stag\\\/#local-main-place-address\",\"streetAddress\":\"cami antic de vic, 29 (Nave 3), Pol\u00edgono Industrial Congost\",\"addressLocality\":\"CORRO D`AVALL\",\"postalCode\":\"08520\",\"addressRegion\":\"Barcelona\",\"addressCountry\":\"ES\"},{\"@type\":\"ImageObject\",\"inLanguage\":\"pt-PT\",\"@id\":\"https:\\\/\\\/recambiosecogas.com\\\/pt-pt\\\/produto\\\/rail-de-inyeccion-3-cilindros-inyectores-individuales-acw-03-ac-stag\\\/#local-main-organization-logo\",\"url\":\"https:\\\/\\\/recambiosecogas.com\\\/wp-content\\\/uploads\\\/2024\\\/11\\\/cropped-RECAMBIOS-GLP-png.webp\",\"contentUrl\":\"https:\\\/\\\/recambiosecogas.com\\\/wp-content\\\/uploads\\\/2024\\\/11\\\/cropped-RECAMBIOS-GLP-png.webp\",\"width\":512,\"height\":512,\"caption\":\"Recambios EcoGas\"}]}<\/script>\n<meta property=\"product:price:amount\" content=\"104.00\" \/>\n<meta property=\"product:price:currency\" content=\"EUR\" \/>\n<meta property=\"og:availability\" content=\"backorder\" \/>\n<meta property=\"product:availability\" content=\"available for order\" \/>\n<meta property=\"product:retailer_item_id\" content=\"3807\" \/>\n<meta property=\"product:condition\" content=\"new\" \/>\n<meta name=\"geo.placename\" content=\"CORRO D`AVALL\" \/>\n<meta name=\"geo.region\" content=\"Espanha\" \/>\n<!-- \/ Yoast SEO Premium plugin. -->","yoast_head_json":{"title":"Carri de Inje\u00e7\u00e3o 3 Cilindros Injetores \u00danicos ACW-03 AC STAG | Recambios EcoGas | Sistemas GLP y GNC","description":"ACW-03 ACW-03 CARRIL DE INJE\u00c7\u00c3O AC STAG Inje\u00e7\u00e3o precisa e eficiente para sistemas de g\u00e1s LPG e GNC. COMPRE ONLINE, ENVIO DISPON\u00cdVEL","robots":{"index":"index","follow":"follow","max-snippet":"max-snippet:-1","max-image-preview":"max-image-preview:large","max-video-preview":"max-video-preview:-1"},"canonical":"https:\/\/recambiosecogas.com\/pt-pt\/produto\/rail-de-inyeccion-3-cilindros-inyectores-individuales-acw-03-ac-stag\/","og_locale":"pt_PT","og_type":"article","og_title":"Carri de Inje\u00e7\u00e3o 3 Cilindros Injetores \u00danicos ACW-03 AC STAG","og_description":"ACW-03 ACW-03 CARRIL DE INJE\u00c7\u00c3O AC STAG Inje\u00e7\u00e3o precisa e eficiente para sistemas de g\u00e1s LPG e GNC. COMPRE ONLINE, ENVIO DISPON\u00cdVEL","og_url":"https:\/\/recambiosecogas.com\/pt-pt\/produto\/rail-de-inyeccion-3-cilindros-inyectores-individuales-acw-03-ac-stag\/","og_site_name":"Recambios EcoGas","article_publisher":"https:\/\/www.facebook.com\/profile.php?id=100062419705358","article_modified_time":"2026-04-15T10:50:00+00:00","og_image":[{"width":1080,"height":1080,"url":"https:\/\/recambiosecogas.com\/wp-content\/uploads\/2024\/10\/3-1.webp","type":"image\/jpeg"}],"twitter_card":"summary_large_image","twitter_misc":{"pre\u00e7o":"104,00&nbsp;&euro; (IVA incl.: 125,84&nbsp;&euro;)","Disponibilidade":"Por encomenda"},"schema":{"@context":"https:\/\/schema.org","@graph":[{"@type":"WebPage","@id":"https:\/\/recambiosecogas.com\/pt-pt\/produto\/rail-de-inyeccion-3-cilindros-inyectores-individuales-acw-03-ac-stag\/","url":"https:\/\/recambiosecogas.com\/pt-pt\/produto\/rail-de-inyeccion-3-cilindros-inyectores-individuales-acw-03-ac-stag\/","name":"Carri de Inje\u00e7\u00e3o 3 Cilindros Injetores \u00danicos ACW-03 AC STAG | Recambios EcoGas | Sistemas GLP y GNC","isPartOf":{"@id":"https:\/\/recambiosecogas.com\/pt-pt\/#website"},"primaryImageOfPage":{"@id":"https:\/\/recambiosecogas.com\/pt-pt\/produto\/rail-de-inyeccion-3-cilindros-inyectores-individuales-acw-03-ac-stag\/#primaryimage"},"image":{"@id":"https:\/\/recambiosecogas.com\/pt-pt\/produto\/rail-de-inyeccion-3-cilindros-inyectores-individuales-acw-03-ac-stag\/#primaryimage"},"thumbnailUrl":"https:\/\/recambiosecogas.com\/wp-content\/uploads\/2024\/10\/3-1.webp","datePublished":"2024-12-23T14:31:46+00:00","dateModified":"2026-04-15T10:50:00+00:00","description":"ACW-03 ACW-03 CARRIL DE INJE\u00c7\u00c3O AC STAG Inje\u00e7\u00e3o precisa e eficiente para sistemas de g\u00e1s LPG e GNC. COMPRE ONLINE, ENVIO DISPON\u00cdVEL","breadcrumb":{"@id":"https:\/\/recambiosecogas.com\/pt-pt\/produto\/rail-de-inyeccion-3-cilindros-inyectores-individuales-acw-03-ac-stag\/#breadcrumb"},"inLanguage":"pt-PT","potentialAction":[{"@type":"ReadAction","target":["https:\/\/recambiosecogas.com\/pt-pt\/produto\/rail-de-inyeccion-3-cilindros-inyectores-individuales-acw-03-ac-stag\/"]}]},{"@type":"ImageObject","inLanguage":"pt-PT","@id":"https:\/\/recambiosecogas.com\/pt-pt\/produto\/rail-de-inyeccion-3-cilindros-inyectores-individuales-acw-03-ac-stag\/#primaryimage","url":"https:\/\/recambiosecogas.com\/wp-content\/uploads\/2024\/10\/3-1.webp","contentUrl":"https:\/\/recambiosecogas.com\/wp-content\/uploads\/2024\/10\/3-1.webp","width":1080,"height":1080},{"@type":"BreadcrumbList","@id":"https:\/\/recambiosecogas.com\/pt-pt\/produto\/rail-de-inyeccion-3-cilindros-inyectores-individuales-acw-03-ac-stag\/#breadcrumb","itemListElement":[{"@type":"ListItem","position":1,"name":"P\u00e1gina inicial","item":"https:\/\/recambiosecogas.com\/pt-pt\/"},{"@type":"ListItem","position":2,"name":"Loja","item":"https:\/\/recambiosecogas.com\/pt-pt\/tienda\/"},{"@type":"ListItem","position":3,"name":"Carri de Inje\u00e7\u00e3o 3 Cilindros Injetores \u00danicos ACW-03 AC STAG"}]},{"@type":"WebSite","@id":"https:\/\/recambiosecogas.com\/pt-pt\/#website","url":"https:\/\/recambiosecogas.com\/pt-pt\/","name":"Recambios EcoGas","description":"Pe\u00e7as multimarca para sistemas de GPL\/GNC\/GNL\/Hidrog\u00e9nio","publisher":{"@id":"https:\/\/recambiosecogas.com\/pt-pt\/#organization"},"alternateName":"Recambios Autogas GLP","potentialAction":[{"@type":"SearchAction","target":{"@type":"EntryPoint","urlTemplate":"https:\/\/recambiosecogas.com\/pt-pt\/?s={search_term_string}"},"query-input":{"@type":"PropertyValueSpecification","valueRequired":true,"valueName":"search_term_string"}}],"inLanguage":"pt-PT"},{"@type":["Organization","Place"],"@id":"https:\/\/recambiosecogas.com\/pt-pt\/#organization","name":"Recambios EcoGas","alternateName":"Loja de GPL Autog\u00e1s Espanha","url":"https:\/\/recambiosecogas.com\/pt-pt\/","logo":{"@id":"https:\/\/recambiosecogas.com\/pt-pt\/produto\/rail-de-inyeccion-3-cilindros-inyectores-individuales-acw-03-ac-stag\/#local-main-organization-logo"},"image":{"@id":"https:\/\/recambiosecogas.com\/pt-pt\/produto\/rail-de-inyeccion-3-cilindros-inyectores-individuales-acw-03-ac-stag\/#local-main-organization-logo"},"sameAs":["https:\/\/www.facebook.com\/profile.php?id=100062419705358","https:\/\/www.instagram.com\/segimon_automocio"],"description":"Recambios EcoGas \u2013 Venta y distribuci\u00f3n de sistemas GLP y GNC en Espa\u00f1a y Portugal. Env\u00edos 24 h, soporte t\u00e9cnico a talleres y distribuidores.","hasMerchantReturnPolicy":{"@type":"MerchantReturnPolicy","merchantReturnLink":"https:\/\/recambiosecogas.com\/politicas-privacidad\/"},"address":{"@id":"https:\/\/recambiosecogas.com\/pt-pt\/produto\/rail-de-inyeccion-3-cilindros-inyectores-individuales-acw-03-ac-stag\/#local-main-place-address"},"telephone":["616250633"],"contactPoint":{"@type":"ContactPoint","email":"export@recambiosecogas.com"},"openingHoursSpecification":[{"@type":"OpeningHoursSpecification","dayOfWeek":["Monday","Tuesday","Wednesday","Thursday","Friday","Saturday","Sunday"],"opens":"09:00","closes":"17:00"}],"email":"info@recambiosecogas.com","faxNumber":"SEGIMON AUTOMOCION SL","vatID":"ESB19819861","globalLocationNumber":"938 616 339"},{"@type":"PostalAddress","@id":"https:\/\/recambiosecogas.com\/pt-pt\/produto\/rail-de-inyeccion-3-cilindros-inyectores-individuales-acw-03-ac-stag\/#local-main-place-address","streetAddress":"cami antic de vic, 29 (Nave 3), Pol\u00edgono Industrial Congost","addressLocality":"CORRO D`AVALL","postalCode":"08520","addressRegion":"Barcelona","addressCountry":"ES"},{"@type":"ImageObject","inLanguage":"pt-PT","@id":"https:\/\/recambiosecogas.com\/pt-pt\/produto\/rail-de-inyeccion-3-cilindros-inyectores-individuales-acw-03-ac-stag\/#local-main-organization-logo","url":"https:\/\/recambiosecogas.com\/wp-content\/uploads\/2024\/11\/cropped-RECAMBIOS-GLP-png.webp","contentUrl":"https:\/\/recambiosecogas.com\/wp-content\/uploads\/2024\/11\/cropped-RECAMBIOS-GLP-png.webp","width":512,"height":512,"caption":"Recambios EcoGas"}]},"product_price_amount":"104.00","product_price_currency":"EUR","og_availability":"backorder","product_availability":"available for order","product_retailer_item_id":"3807","product_condition":"new","geo.placename":"CORRO D`AVALL","geo.region":"Espanha"},"uagb_featured_image_src":{"full":["https:\/\/recambiosecogas.com\/wp-content\/uploads\/2024\/10\/3-1.webp",1080,1080,false],"thumbnail":["https:\/\/recambiosecogas.com\/wp-content\/uploads\/2024\/10\/3-1-150x150.jpg",150,150,true],"medium":["https:\/\/recambiosecogas.com\/wp-content\/uploads\/2024\/10\/3-1-300x300.jpg",300,300,true],"medium_large":["https:\/\/recambiosecogas.com\/wp-content\/uploads\/2024\/10\/3-1-768x768.jpg",768,768,true],"large":["https:\/\/recambiosecogas.com\/wp-content\/uploads\/2024\/10\/3-1-1000x1000.jpg",1000,1000,true],"1536x1536":["https:\/\/recambiosecogas.com\/wp-content\/uploads\/2024\/10\/3-1.webp",1080,1080,false],"2048x2048":["https:\/\/recambiosecogas.com\/wp-content\/uploads\/2024\/10\/3-1.webp",1080,1080,false],"woocommerce_archive_thumbnail":["https:\/\/recambiosecogas.com\/wp-content\/uploads\/2024\/10\/3-1-1000x1000.webp",1000,1000,true],"woocommerce_thumbnail":["https:\/\/recambiosecogas.com\/wp-content\/uploads\/2024\/10\/3-1-300x300.webp",300,300,true],"woocommerce_single":["https:\/\/recambiosecogas.com\/wp-content\/uploads\/2024\/10\/3-1-1000x1000.webp",1000,1000,true],"woocommerce_gallery_thumbnail":["https:\/\/recambiosecogas.com\/wp-content\/uploads\/2024\/10\/3-1-1000x1000.webp",1000,1000,true],"dgwt-wcas-product-suggestion":["https:\/\/recambiosecogas.com\/wp-content\/uploads\/2024\/10\/3-1-64x64.webp",64,64,true]},"uagb_author_info":{"display_name":"Fran - Soporte T\u00e9cnico","author_link":"https:\/\/recambiosecogas.com\/pt-pt\/author\/"},"uagb_comment_info":0,"uagb_excerpt":"Carri de Inje\u00e7\u00e3o 3 Cilindros Injetores \u00danicos ACW-03 AC STAG O Rail de Inje\u00e7\u00e3o AC AC STAG para 3 cilindros \u00e9 uma solu\u00e7\u00e3o t\u00e9cnica de alta precis\u00e3o para sistemas de inje\u00e7\u00e3o de g\u00e1s LPG e GNC. Desenhado pela AC STAG, refer\u00eancia na tecnologia autog\u00e1s, este carril incorpora injetores individuais ACW-03 que garantem um controlo preciso&hellip;","_links":{"self":[{"href":"https:\/\/recambiosecogas.com\/pt-pt\/wp-json\/wp\/v2\/product\/48512","targetHints":{"allow":["GET"]}}],"collection":[{"href":"https:\/\/recambiosecogas.com\/pt-pt\/wp-json\/wp\/v2\/product"}],"about":[{"href":"https:\/\/recambiosecogas.com\/pt-pt\/wp-json\/wp\/v2\/types\/product"}],"replies":[{"embeddable":true,"href":"https:\/\/recambiosecogas.com\/pt-pt\/wp-json\/wp\/v2\/comments?post=48512"}],"wp:featuredmedia":[{"embeddable":true,"href":"https:\/\/recambiosecogas.com\/pt-pt\/wp-json\/wp\/v2\/media\/5566"}],"wp:attachment":[{"href":"https:\/\/recambiosecogas.com\/pt-pt\/wp-json\/wp\/v2\/media?parent=48512"}],"wp:term":[{"taxonomy":"product_brand","embeddable":true,"href":"https:\/\/recambiosecogas.com\/pt-pt\/wp-json\/wp\/v2\/product_brand?post=48512"},{"taxonomy":"product_cat","embeddable":true,"href":"https:\/\/recambiosecogas.com\/pt-pt\/wp-json\/wp\/v2\/product_cat?post=48512"},{"taxonomy":"product_tag","embeddable":true,"href":"https:\/\/recambiosecogas.com\/pt-pt\/wp-json\/wp\/v2\/product_tag?post=48512"}],"curies":[{"name":"wp","href":"https:\/\/api.w.org\/{rel}","templated":true}]}}