{"id":48506,"date":"2024-12-23T14:31:46","date_gmt":"2024-12-23T14:31:46","guid":{"rendered":"https:\/\/recambiosecogas.com\/producto\/inyector-individual-acw-03-ac-stag-unidad\/"},"modified":"2026-04-15T11:49:57","modified_gmt":"2026-04-15T10:49:57","slug":"inyector-individual-acw-03-ac-stag-unidad","status":"publish","type":"product","link":"https:\/\/recambiosecogas.com\/pt-pt\/producto\/inyector-individual-acw-03-ac-stag-unidad\/","title":{"rendered":"ACW-03 AC STAG Injetor \u00danico | LPG  GNC"},"content":{"rendered":"<h3 style=\"text-align: center;\" data-start=\"160\" data-end=\"208\">ACW-03 AC STAG Injetor \u00danico | LPG  GNC<\/h3>\n<p class=\"\" data-start=\"210\" data-end=\"606\">O injetor simples <strong data-start=\"233\" data-end=\"251\">ACW-03 AC STAG<\/strong> \u00e9 uma solu\u00e7\u00e3o de alta precis\u00e3o para sistemas de g\u00e1s LPG e GNC. Fabricado com tecnologia avan\u00e7ada e materiais premium, este componente \u00e9 ideal para manter ou atualizar o seu sistema de inje\u00e7\u00e3o com total fiabilidade. O seu design compacto permite uma instala\u00e7\u00e3o f\u00e1cil e adaptabilidade a m\u00faltiplas configura\u00e7\u00f5es, mesmo em espa\u00e7os apertados.  <\/p>\n<p class=\"\" data-start=\"608\" data-end=\"980\">Gra\u00e7as \u00e0 sua constru\u00e7\u00e3o robusta, o injetor <strong data-start=\"655\" data-end=\"665\">ACW-03<\/strong> garante uma dosagem exata do g\u00e1s, o que se traduz numa combust\u00e3o eficiente, redu\u00e7\u00e3o das emiss\u00f5es poluentes e melhor utiliza\u00e7\u00e3o do combust\u00edvel. Este injetor foi especialmente concebido para funcionar em condi\u00e7\u00f5es exigentes, oferecendo uma opera\u00e7\u00e3o est\u00e1vel e duradoura ao longo do tempo. <\/p>\n<p class=\"\" data-start=\"982\" data-end=\"1308\">Este modelo \u00e9 compat\u00edvel com ve\u00edculos de 2, 3 ou 4 cilindros que possuem sistemas de inje\u00e7\u00e3o de g\u00e1s STAG e outras marcas equivalentes. Ve\u00edculos compat\u00edveis incluem marcas bem conhecidas como Fiat, Audi, BMW, Ford, Mercedes-Benz, Peugeot, Renault, Volkswagen, Toyota, Nissan, Kia, Hyundai, entre muitas outras. <\/p>\n<p class=\"\" data-start=\"1310\" data-end=\"1674\">Al\u00e9m disso, o injetor AC STAG inclui uma configura\u00e7\u00e3o \u00fanica de conectores, permitindo posicionamento vari\u00e1vel e integra\u00e7\u00e3o perfeita com sensores de temperatura e press\u00e3o. O sistema permite orienta\u00e7\u00e3o em ambos os lados, o que facilita a sua instala\u00e7\u00e3o e manuten\u00e7\u00e3o. Sem d\u00favida, uma op\u00e7\u00e3o fi\u00e1vel para qualquer profissional de autog\u00e1s ou utilizador avan\u00e7ado.  <\/p>\n<hr class=\"\" data-start=\"1676\" data-end=\"1679\">\n<h4>Especifica\u00e7\u00f5es<\/h4>\n<div class=\"pointer-events-none relative left-[50%]! flex w-[100cqw] translate-x-[-50%] justify-center *:pointer-events-auto\">\n<div class=\"tableContainer horzScrollShadows\">\n<table class=\"min-w-full\" data-start=\"1711\" data-end=\"2589\">\n<thead data-start=\"1711\" data-end=\"1790\">\n<tr data-start=\"1711\" data-end=\"1790\">\n<th data-start=\"1711\" data-end=\"1745\">Especifica\u00e7\u00e3o<\/th>\n<th data-start=\"1745\" data-end=\"1790\">Detalhe<\/th>\n<\/tr>\n<\/thead>\n<tbody data-start=\"1870\" data-end=\"2589\">\n<tr data-start=\"1870\" data-end=\"1949\">\n<td class=\"max-w-[calc(var(--thread-content-max-width)*2\/3)]\" data-start=\"1870\" data-end=\"1903\">Modelo<\/td>\n<td class=\"max-w-[calc(var(--thread-content-max-width)*2\/3)]\" data-start=\"1903\" data-end=\"1949\">ACW-03<\/td>\n<\/tr>\n<tr data-start=\"1950\" data-end=\"2029\">\n<td class=\"max-w-[calc(var(--thread-content-max-width)*2\/3)]\" data-start=\"1950\" data-end=\"1983\">Tipo<\/td>\n<td class=\"max-w-[calc(var(--thread-content-max-width)*2\/3)]\" data-start=\"1983\" data-end=\"2029\">Injetor \u00fanico<\/td>\n<\/tr>\n<tr data-start=\"2030\" data-end=\"2109\">\n<td class=\"max-w-[calc(var(--thread-content-max-width)*2\/3)]\" data-start=\"2030\" data-end=\"2063\">Aplica\u00e7\u00e3o<\/td>\n<td class=\"max-w-[calc(var(--thread-content-max-width)*2\/3)]\" data-start=\"2063\" data-end=\"2109\">GLP \/ GNC<\/td>\n<\/tr>\n<tr data-start=\"2110\" data-end=\"2189\">\n<td class=\"max-w-[calc(var(--thread-content-max-width)*2\/3)]\" data-start=\"2110\" data-end=\"2143\">Compat\u00edvel com<\/td>\n<td class=\"max-w-[calc(var(--thread-content-max-width)*2\/3)]\" data-start=\"2143\" data-end=\"2189\">STAG, CA, Sistemas Universais<\/td>\n<\/tr>\n<tr data-start=\"2190\" data-end=\"2269\">\n<td class=\"max-w-[calc(var(--thread-content-max-width)*2\/3)]\" data-start=\"2190\" data-end=\"2223\">Conector<\/td>\n<td class=\"max-w-[calc(var(--thread-content-max-width)*2\/3)]\" data-start=\"2223\" data-end=\"2269\">AMP \/ configur\u00e1vel 360\u00b0<\/td>\n<\/tr>\n<tr data-start=\"2270\" data-end=\"2349\">\n<td class=\"max-w-[calc(var(--thread-content-max-width)*2\/3)]\" data-start=\"2270\" data-end=\"2303\">N\u00famero de cilindros<\/td>\n<td class=\"max-w-[calc(var(--thread-content-max-width)*2\/3)]\" data-start=\"2303\" data-end=\"2349\">Compat\u00edvel com motores de 2, 3 e 4 cilindros<\/td>\n<\/tr>\n<tr data-start=\"2350\" data-end=\"2429\">\n<td class=\"max-w-[calc(var(--thread-content-max-width)*2\/3)]\" data-start=\"2350\" data-end=\"2383\">Sensor inclu\u00eddo<\/td>\n<td class=\"max-w-[calc(var(--thread-content-max-width)*2\/3)]\" data-start=\"2383\" data-end=\"2429\">Sensor integrado de temperatura e press\u00e3o<\/td>\n<\/tr>\n<tr data-start=\"2430\" data-end=\"2509\">\n<td class=\"max-w-[calc(var(--thread-content-max-width)*2\/3)]\" data-start=\"2430\" data-end=\"2463\">Material<\/td>\n<td class=\"max-w-[calc(var(--thread-content-max-width)*2\/3)]\" data-start=\"2463\" data-end=\"2509\">Alta resist\u00eancia e precis\u00e3o t\u00e9cnica<\/td>\n<\/tr>\n<tr data-start=\"2510\" data-end=\"2589\">\n<td class=\"max-w-[calc(var(--thread-content-max-width)*2\/3)]\" data-start=\"2510\" data-end=\"2543\">Montagem<\/td>\n<td class=\"max-w-[calc(var(--thread-content-max-width)*2\/3)]\" data-start=\"2543\" data-end=\"2589\">Posicionamento Universal \/ Flex\u00edvel<\/td>\n<\/tr>\n<\/tbody>\n<\/table>\n<p>ACW-03 AC STAG injetor \u00fanico para sistemas de GPL e CNG. Precis\u00e3o, efici\u00eancia e compatibilidade com ve\u00edculos de 2, 3 e 4 cilindros. Compre online na EcoGas Spare Parts.  <\/p>\n<p><a href=\"https:\/\/recambiosecogas.com\/pt-pt\/categoria-produto\/injecao\/injetores-rail\/\">O nosso cat\u00e1logo de injetores.<\/a><\/p>\n<p><a href=\"https:\/\/segimonautomocio.com\/\">Mude os seus injetores na nossa oficina especializada.<\/a><\/p>\n<\/div>\n<\/div>\n","protected":false},"excerpt":{"rendered":"<p>Injetor AC Stag W03: adapt\u00e1vel a qualquer motor, incluindo turbo. Desempenho excecional, design preciso e leve. Excelente dissipa\u00e7\u00e3o de calor. Vers\u00e1til e est\u00e1vel em v\u00e1rias condi\u00e7\u00f5es. Palavras-chave: injetor, AC Stag W03, motor, turbo, desempenho, design, dissipa\u00e7\u00e3o de calor, estabilidade    <\/p>\n","protected":false},"featured_media":5568,"comment_status":"open","ping_status":"closed","template":"","meta":{"_uag_custom_page_level_css":""},"product_brand":[],"product_cat":[1665,1591,1597,1599],"product_tag":[],"class_list":{"0":"post-48506","1":"product","2":"type-product","3":"status-publish","4":"has-post-thumbnail","6":"product_cat-ac-stag-pt-pt","7":"product_cat-injecao","8":"product_cat-injetores-rail","9":"product_cat-injetores-individuais","11":"first","12":"onbackorder","13":"taxable","14":"shipping-taxable","15":"purchasable","16":"product-type-simple"},"ct_brands":[],"yoast_head":"<!-- This site is optimized with the Yoast SEO Premium plugin v27.4 (Yoast SEO v27.5) - https:\/\/yoast.com\/product\/yoast-seo-premium-wordpress\/ -->\n<title>ACW-03 AC STAG Injetor \u00danico | LPG GNC | Recambios EcoGas | Sistemas GLP y GNC<\/title>\n<meta name=\"description\" content=\"ACW-03 AC STAG INJECTOR compat\u00edvel com ve\u00edculos como Audi, BMW, Ford, Mercedes e outros. COMPRE ONLINE, ENVIO POR TODA A EUROPA\" \/>\n<meta name=\"robots\" content=\"index, follow, max-snippet:-1, max-image-preview:large, max-video-preview:-1\" \/>\n<link rel=\"canonical\" href=\"https:\/\/recambiosecogas.com\/pt-pt\/producto\/inyector-individual-acw-03-ac-stag-unidad\/\" \/>\n<meta property=\"og:locale\" content=\"pt_PT\" \/>\n<meta property=\"og:type\" content=\"article\" \/>\n<meta property=\"og:title\" content=\"ACW-03 AC STAG Injetor \u00danico | LPG GNC\" \/>\n<meta property=\"og:description\" content=\"ACW-03 AC STAG INJECTOR compat\u00edvel com ve\u00edculos como Audi, BMW, Ford, Mercedes e outros. COMPRE ONLINE, ENVIO POR TODA A EUROPA\" \/>\n<meta property=\"og:url\" content=\"https:\/\/recambiosecogas.com\/pt-pt\/producto\/inyector-individual-acw-03-ac-stag-unidad\/\" \/>\n<meta property=\"og:site_name\" content=\"Recambios EcoGas\" \/>\n<meta property=\"article:publisher\" content=\"https:\/\/www.facebook.com\/profile.php?id=100062419705358\" \/>\n<meta property=\"article:modified_time\" content=\"2026-04-15T10:49:57+00:00\" \/>\n<meta property=\"og:image\" content=\"https:\/\/recambiosecogas.com\/wp-content\/uploads\/2024\/10\/4-1.webp\" \/>\n\t<meta property=\"og:image:width\" content=\"1080\" \/>\n\t<meta property=\"og:image:height\" content=\"1080\" \/>\n\t<meta property=\"og:image:type\" content=\"image\/jpeg\" \/>\n<meta name=\"twitter:card\" content=\"summary_large_image\" \/>\n<meta name=\"twitter:label1\" content=\"pre\u00e7o\" \/>\n\t<meta name=\"twitter:data1\" content=\"40,00&nbsp;&euro; (Sin IVA: 33,06&nbsp;&euro;)\" \/>\n\t<meta name=\"twitter:label2\" content=\"Disponibilidade\" \/>\n\t<meta name=\"twitter:data2\" content=\"Por encomenda\" \/>\n<script type=\"application\/ld+json\" class=\"yoast-schema-graph\">{\"@context\":\"https:\\\/\\\/schema.org\",\"@graph\":[{\"@type\":\"WebPage\",\"@id\":\"https:\\\/\\\/recambiosecogas.com\\\/pt-pt\\\/producto\\\/inyector-individual-acw-03-ac-stag-unidad\\\/\",\"url\":\"https:\\\/\\\/recambiosecogas.com\\\/pt-pt\\\/producto\\\/inyector-individual-acw-03-ac-stag-unidad\\\/\",\"name\":\"ACW-03 AC STAG Injetor \u00danico | LPG GNC | Recambios EcoGas | Sistemas GLP y GNC\",\"isPartOf\":{\"@id\":\"https:\\\/\\\/recambiosecogas.com\\\/pt-pt\\\/#website\"},\"primaryImageOfPage\":{\"@id\":\"https:\\\/\\\/recambiosecogas.com\\\/pt-pt\\\/producto\\\/inyector-individual-acw-03-ac-stag-unidad\\\/#primaryimage\"},\"image\":{\"@id\":\"https:\\\/\\\/recambiosecogas.com\\\/pt-pt\\\/producto\\\/inyector-individual-acw-03-ac-stag-unidad\\\/#primaryimage\"},\"thumbnailUrl\":\"https:\\\/\\\/recambiosecogas.com\\\/wp-content\\\/uploads\\\/2024\\\/10\\\/4-1.webp\",\"datePublished\":\"2024-12-23T14:31:46+00:00\",\"dateModified\":\"2026-04-15T10:49:57+00:00\",\"description\":\"ACW-03 AC STAG INJECTOR compat\u00edvel com ve\u00edculos como Audi, BMW, Ford, Mercedes e outros. COMPRE ONLINE, ENVIO POR TODA A EUROPA\",\"breadcrumb\":{\"@id\":\"https:\\\/\\\/recambiosecogas.com\\\/pt-pt\\\/producto\\\/inyector-individual-acw-03-ac-stag-unidad\\\/#breadcrumb\"},\"inLanguage\":\"pt-PT\",\"potentialAction\":[{\"@type\":\"ReadAction\",\"target\":[\"https:\\\/\\\/recambiosecogas.com\\\/pt-pt\\\/producto\\\/inyector-individual-acw-03-ac-stag-unidad\\\/\"]}]},{\"@type\":\"ImageObject\",\"inLanguage\":\"pt-PT\",\"@id\":\"https:\\\/\\\/recambiosecogas.com\\\/pt-pt\\\/producto\\\/inyector-individual-acw-03-ac-stag-unidad\\\/#primaryimage\",\"url\":\"https:\\\/\\\/recambiosecogas.com\\\/wp-content\\\/uploads\\\/2024\\\/10\\\/4-1.webp\",\"contentUrl\":\"https:\\\/\\\/recambiosecogas.com\\\/wp-content\\\/uploads\\\/2024\\\/10\\\/4-1.webp\",\"width\":1080,\"height\":1080},{\"@type\":\"BreadcrumbList\",\"@id\":\"https:\\\/\\\/recambiosecogas.com\\\/pt-pt\\\/producto\\\/inyector-individual-acw-03-ac-stag-unidad\\\/#breadcrumb\",\"itemListElement\":[{\"@type\":\"ListItem\",\"position\":1,\"name\":\"P\u00e1gina inicial\",\"item\":\"https:\\\/\\\/recambiosecogas.com\\\/pt-pt\\\/\"},{\"@type\":\"ListItem\",\"position\":2,\"name\":\"Loja\",\"item\":\"https:\\\/\\\/recambiosecogas.com\\\/pt-pt\\\/tienda\\\/\"},{\"@type\":\"ListItem\",\"position\":3,\"name\":\"ACW-03 AC STAG Injetor \u00danico | LPG GNC\"}]},{\"@type\":\"WebSite\",\"@id\":\"https:\\\/\\\/recambiosecogas.com\\\/pt-pt\\\/#website\",\"url\":\"https:\\\/\\\/recambiosecogas.com\\\/pt-pt\\\/\",\"name\":\"Recambios EcoGas\",\"description\":\"Pe\u00e7as multimarca para sistemas de GPL\\\/GNC\\\/GNL\\\/Hidrog\u00e9nio\",\"publisher\":{\"@id\":\"https:\\\/\\\/recambiosecogas.com\\\/pt-pt\\\/#organization\"},\"alternateName\":\"Recambios Autogas GLP\",\"potentialAction\":[{\"@type\":\"SearchAction\",\"target\":{\"@type\":\"EntryPoint\",\"urlTemplate\":\"https:\\\/\\\/recambiosecogas.com\\\/pt-pt\\\/?s={search_term_string}\"},\"query-input\":{\"@type\":\"PropertyValueSpecification\",\"valueRequired\":true,\"valueName\":\"search_term_string\"}}],\"inLanguage\":\"pt-PT\"},{\"@type\":[\"Organization\",\"Place\"],\"@id\":\"https:\\\/\\\/recambiosecogas.com\\\/pt-pt\\\/#organization\",\"name\":\"Recambios EcoGas\",\"alternateName\":\"Loja de GPL Autog\u00e1s Espanha\",\"url\":\"https:\\\/\\\/recambiosecogas.com\\\/pt-pt\\\/\",\"logo\":{\"@id\":\"https:\\\/\\\/recambiosecogas.com\\\/pt-pt\\\/producto\\\/inyector-individual-acw-03-ac-stag-unidad\\\/#local-main-organization-logo\"},\"image\":{\"@id\":\"https:\\\/\\\/recambiosecogas.com\\\/pt-pt\\\/producto\\\/inyector-individual-acw-03-ac-stag-unidad\\\/#local-main-organization-logo\"},\"sameAs\":[\"https:\\\/\\\/www.facebook.com\\\/profile.php?id=100062419705358\",\"https:\\\/\\\/www.instagram.com\\\/segimon_automocio\"],\"description\":\"Recambios EcoGas \u2013 Venta y distribuci\u00f3n de sistemas GLP y GNC en Espa\u00f1a y Portugal. Env\u00edos 24 h, soporte t\u00e9cnico a talleres y distribuidores.\",\"hasMerchantReturnPolicy\":{\"@type\":\"MerchantReturnPolicy\",\"merchantReturnLink\":\"https:\\\/\\\/recambiosecogas.com\\\/politicas-privacidad\\\/\"},\"address\":{\"@id\":\"https:\\\/\\\/recambiosecogas.com\\\/pt-pt\\\/producto\\\/inyector-individual-acw-03-ac-stag-unidad\\\/#local-main-place-address\"},\"telephone\":[\"616250633\"],\"contactPoint\":{\"@type\":\"ContactPoint\",\"email\":\"export@recambiosecogas.com\"},\"openingHoursSpecification\":[{\"@type\":\"OpeningHoursSpecification\",\"dayOfWeek\":[\"Monday\",\"Tuesday\",\"Wednesday\",\"Thursday\",\"Friday\",\"Saturday\",\"Sunday\"],\"opens\":\"09:00\",\"closes\":\"17:00\"}],\"email\":\"info@recambiosecogas.com\",\"faxNumber\":\"SEGIMON AUTOMOCION SL\",\"vatID\":\"ESB19819861\",\"globalLocationNumber\":\"938 616 339\"},{\"@type\":\"PostalAddress\",\"@id\":\"https:\\\/\\\/recambiosecogas.com\\\/pt-pt\\\/producto\\\/inyector-individual-acw-03-ac-stag-unidad\\\/#local-main-place-address\",\"streetAddress\":\"cami antic de vic, 29 (Nave 3), Pol\u00edgono Industrial Congost\",\"addressLocality\":\"CORRO D`AVALL\",\"postalCode\":\"08520\",\"addressRegion\":\"Barcelona\",\"addressCountry\":\"ES\"},{\"@type\":\"ImageObject\",\"inLanguage\":\"pt-PT\",\"@id\":\"https:\\\/\\\/recambiosecogas.com\\\/pt-pt\\\/producto\\\/inyector-individual-acw-03-ac-stag-unidad\\\/#local-main-organization-logo\",\"url\":\"https:\\\/\\\/recambiosecogas.com\\\/wp-content\\\/uploads\\\/2024\\\/11\\\/cropped-RECAMBIOS-GLP-png.webp\",\"contentUrl\":\"https:\\\/\\\/recambiosecogas.com\\\/wp-content\\\/uploads\\\/2024\\\/11\\\/cropped-RECAMBIOS-GLP-png.webp\",\"width\":512,\"height\":512,\"caption\":\"Recambios EcoGas\"}]}<\/script>\n<meta property=\"product:price:amount\" content=\"40.00\" \/>\n<meta property=\"product:price:currency\" content=\"EUR\" \/>\n<meta property=\"og:availability\" content=\"backorder\" \/>\n<meta property=\"product:availability\" content=\"available for order\" \/>\n<meta property=\"product:condition\" content=\"new\" \/>\n<meta name=\"geo.placename\" content=\"CORRO D`AVALL\" \/>\n<meta name=\"geo.region\" content=\"Espanha\" \/>\n<!-- \/ Yoast SEO Premium plugin. -->","yoast_head_json":{"title":"ACW-03 AC STAG Injetor \u00danico | LPG GNC | Recambios EcoGas | Sistemas GLP y GNC","description":"ACW-03 AC STAG INJECTOR compat\u00edvel com ve\u00edculos como Audi, BMW, Ford, Mercedes e outros. COMPRE ONLINE, ENVIO POR TODA A EUROPA","robots":{"index":"index","follow":"follow","max-snippet":"max-snippet:-1","max-image-preview":"max-image-preview:large","max-video-preview":"max-video-preview:-1"},"canonical":"https:\/\/recambiosecogas.com\/pt-pt\/producto\/inyector-individual-acw-03-ac-stag-unidad\/","og_locale":"pt_PT","og_type":"article","og_title":"ACW-03 AC STAG Injetor \u00danico | LPG GNC","og_description":"ACW-03 AC STAG INJECTOR compat\u00edvel com ve\u00edculos como Audi, BMW, Ford, Mercedes e outros. COMPRE ONLINE, ENVIO POR TODA A EUROPA","og_url":"https:\/\/recambiosecogas.com\/pt-pt\/producto\/inyector-individual-acw-03-ac-stag-unidad\/","og_site_name":"Recambios EcoGas","article_publisher":"https:\/\/www.facebook.com\/profile.php?id=100062419705358","article_modified_time":"2026-04-15T10:49:57+00:00","og_image":[{"width":1080,"height":1080,"url":"https:\/\/recambiosecogas.com\/wp-content\/uploads\/2024\/10\/4-1.webp","type":"image\/jpeg"}],"twitter_card":"summary_large_image","twitter_misc":{"pre\u00e7o":"40,00&nbsp;&euro; (Sin IVA: 33,06&nbsp;&euro;)","Disponibilidade":"Por encomenda"},"schema":{"@context":"https:\/\/schema.org","@graph":[{"@type":"WebPage","@id":"https:\/\/recambiosecogas.com\/pt-pt\/producto\/inyector-individual-acw-03-ac-stag-unidad\/","url":"https:\/\/recambiosecogas.com\/pt-pt\/producto\/inyector-individual-acw-03-ac-stag-unidad\/","name":"ACW-03 AC STAG Injetor \u00danico | LPG GNC | Recambios EcoGas | Sistemas GLP y GNC","isPartOf":{"@id":"https:\/\/recambiosecogas.com\/pt-pt\/#website"},"primaryImageOfPage":{"@id":"https:\/\/recambiosecogas.com\/pt-pt\/producto\/inyector-individual-acw-03-ac-stag-unidad\/#primaryimage"},"image":{"@id":"https:\/\/recambiosecogas.com\/pt-pt\/producto\/inyector-individual-acw-03-ac-stag-unidad\/#primaryimage"},"thumbnailUrl":"https:\/\/recambiosecogas.com\/wp-content\/uploads\/2024\/10\/4-1.webp","datePublished":"2024-12-23T14:31:46+00:00","dateModified":"2026-04-15T10:49:57+00:00","description":"ACW-03 AC STAG INJECTOR compat\u00edvel com ve\u00edculos como Audi, BMW, Ford, Mercedes e outros. COMPRE ONLINE, ENVIO POR TODA A EUROPA","breadcrumb":{"@id":"https:\/\/recambiosecogas.com\/pt-pt\/producto\/inyector-individual-acw-03-ac-stag-unidad\/#breadcrumb"},"inLanguage":"pt-PT","potentialAction":[{"@type":"ReadAction","target":["https:\/\/recambiosecogas.com\/pt-pt\/producto\/inyector-individual-acw-03-ac-stag-unidad\/"]}]},{"@type":"ImageObject","inLanguage":"pt-PT","@id":"https:\/\/recambiosecogas.com\/pt-pt\/producto\/inyector-individual-acw-03-ac-stag-unidad\/#primaryimage","url":"https:\/\/recambiosecogas.com\/wp-content\/uploads\/2024\/10\/4-1.webp","contentUrl":"https:\/\/recambiosecogas.com\/wp-content\/uploads\/2024\/10\/4-1.webp","width":1080,"height":1080},{"@type":"BreadcrumbList","@id":"https:\/\/recambiosecogas.com\/pt-pt\/producto\/inyector-individual-acw-03-ac-stag-unidad\/#breadcrumb","itemListElement":[{"@type":"ListItem","position":1,"name":"P\u00e1gina inicial","item":"https:\/\/recambiosecogas.com\/pt-pt\/"},{"@type":"ListItem","position":2,"name":"Loja","item":"https:\/\/recambiosecogas.com\/pt-pt\/tienda\/"},{"@type":"ListItem","position":3,"name":"ACW-03 AC STAG Injetor \u00danico | LPG GNC"}]},{"@type":"WebSite","@id":"https:\/\/recambiosecogas.com\/pt-pt\/#website","url":"https:\/\/recambiosecogas.com\/pt-pt\/","name":"Recambios EcoGas","description":"Pe\u00e7as multimarca para sistemas de GPL\/GNC\/GNL\/Hidrog\u00e9nio","publisher":{"@id":"https:\/\/recambiosecogas.com\/pt-pt\/#organization"},"alternateName":"Recambios Autogas GLP","potentialAction":[{"@type":"SearchAction","target":{"@type":"EntryPoint","urlTemplate":"https:\/\/recambiosecogas.com\/pt-pt\/?s={search_term_string}"},"query-input":{"@type":"PropertyValueSpecification","valueRequired":true,"valueName":"search_term_string"}}],"inLanguage":"pt-PT"},{"@type":["Organization","Place"],"@id":"https:\/\/recambiosecogas.com\/pt-pt\/#organization","name":"Recambios EcoGas","alternateName":"Loja de GPL Autog\u00e1s Espanha","url":"https:\/\/recambiosecogas.com\/pt-pt\/","logo":{"@id":"https:\/\/recambiosecogas.com\/pt-pt\/producto\/inyector-individual-acw-03-ac-stag-unidad\/#local-main-organization-logo"},"image":{"@id":"https:\/\/recambiosecogas.com\/pt-pt\/producto\/inyector-individual-acw-03-ac-stag-unidad\/#local-main-organization-logo"},"sameAs":["https:\/\/www.facebook.com\/profile.php?id=100062419705358","https:\/\/www.instagram.com\/segimon_automocio"],"description":"Recambios EcoGas \u2013 Venta y distribuci\u00f3n de sistemas GLP y GNC en Espa\u00f1a y Portugal. Env\u00edos 24 h, soporte t\u00e9cnico a talleres y distribuidores.","hasMerchantReturnPolicy":{"@type":"MerchantReturnPolicy","merchantReturnLink":"https:\/\/recambiosecogas.com\/politicas-privacidad\/"},"address":{"@id":"https:\/\/recambiosecogas.com\/pt-pt\/producto\/inyector-individual-acw-03-ac-stag-unidad\/#local-main-place-address"},"telephone":["616250633"],"contactPoint":{"@type":"ContactPoint","email":"export@recambiosecogas.com"},"openingHoursSpecification":[{"@type":"OpeningHoursSpecification","dayOfWeek":["Monday","Tuesday","Wednesday","Thursday","Friday","Saturday","Sunday"],"opens":"09:00","closes":"17:00"}],"email":"info@recambiosecogas.com","faxNumber":"SEGIMON AUTOMOCION SL","vatID":"ESB19819861","globalLocationNumber":"938 616 339"},{"@type":"PostalAddress","@id":"https:\/\/recambiosecogas.com\/pt-pt\/producto\/inyector-individual-acw-03-ac-stag-unidad\/#local-main-place-address","streetAddress":"cami antic de vic, 29 (Nave 3), Pol\u00edgono Industrial Congost","addressLocality":"CORRO D`AVALL","postalCode":"08520","addressRegion":"Barcelona","addressCountry":"ES"},{"@type":"ImageObject","inLanguage":"pt-PT","@id":"https:\/\/recambiosecogas.com\/pt-pt\/producto\/inyector-individual-acw-03-ac-stag-unidad\/#local-main-organization-logo","url":"https:\/\/recambiosecogas.com\/wp-content\/uploads\/2024\/11\/cropped-RECAMBIOS-GLP-png.webp","contentUrl":"https:\/\/recambiosecogas.com\/wp-content\/uploads\/2024\/11\/cropped-RECAMBIOS-GLP-png.webp","width":512,"height":512,"caption":"Recambios EcoGas"}]},"product_price_amount":"40.00","product_price_currency":"EUR","og_availability":"backorder","product_availability":"available for order","product_condition":"new","geo.placename":"CORRO D`AVALL","geo.region":"Espanha"},"uagb_featured_image_src":{"full":["https:\/\/recambiosecogas.com\/wp-content\/uploads\/2024\/10\/4-1.webp",1080,1080,false],"thumbnail":["https:\/\/recambiosecogas.com\/wp-content\/uploads\/2024\/10\/4-1-150x150.jpg",150,150,true],"medium":["https:\/\/recambiosecogas.com\/wp-content\/uploads\/2024\/10\/4-1-300x300.jpg",300,300,true],"medium_large":["https:\/\/recambiosecogas.com\/wp-content\/uploads\/2024\/10\/4-1-768x768.jpg",768,768,true],"large":["https:\/\/recambiosecogas.com\/wp-content\/uploads\/2024\/10\/4-1-1000x1000.jpg",1000,1000,true],"1536x1536":["https:\/\/recambiosecogas.com\/wp-content\/uploads\/2024\/10\/4-1.webp",1080,1080,false],"2048x2048":["https:\/\/recambiosecogas.com\/wp-content\/uploads\/2024\/10\/4-1.webp",1080,1080,false],"woocommerce_archive_thumbnail":["https:\/\/recambiosecogas.com\/wp-content\/uploads\/2024\/10\/4-1-1000x1000.webp",1000,1000,true],"woocommerce_thumbnail":["https:\/\/recambiosecogas.com\/wp-content\/uploads\/2024\/10\/4-1-300x300.webp",300,300,true],"woocommerce_single":["https:\/\/recambiosecogas.com\/wp-content\/uploads\/2024\/10\/4-1-1000x1000.webp",1000,1000,true],"woocommerce_gallery_thumbnail":["https:\/\/recambiosecogas.com\/wp-content\/uploads\/2024\/10\/4-1-1000x1000.webp",1000,1000,true],"dgwt-wcas-product-suggestion":["https:\/\/recambiosecogas.com\/wp-content\/uploads\/2024\/10\/4-1-64x64.webp",64,64,true]},"uagb_author_info":{"display_name":"Fran - Soporte T\u00e9cnico","author_link":"https:\/\/recambiosecogas.com\/pt-pt\/author\/"},"uagb_comment_info":0,"uagb_excerpt":"Injetor AC Stag W03: adapt\u00e1vel a qualquer motor, incluindo turbo. Desempenho excecional, design preciso e leve. Excelente dissipa\u00e7\u00e3o de calor. Vers\u00e1til e est\u00e1vel em v\u00e1rias condi\u00e7\u00f5es. Palavras-chave: injetor, AC Stag W03, motor, turbo, desempenho, design, dissipa\u00e7\u00e3o de calor, estabilidade","_links":{"self":[{"href":"https:\/\/recambiosecogas.com\/pt-pt\/wp-json\/wp\/v2\/product\/48506","targetHints":{"allow":["GET"]}}],"collection":[{"href":"https:\/\/recambiosecogas.com\/pt-pt\/wp-json\/wp\/v2\/product"}],"about":[{"href":"https:\/\/recambiosecogas.com\/pt-pt\/wp-json\/wp\/v2\/types\/product"}],"replies":[{"embeddable":true,"href":"https:\/\/recambiosecogas.com\/pt-pt\/wp-json\/wp\/v2\/comments?post=48506"}],"wp:featuredmedia":[{"embeddable":true,"href":"https:\/\/recambiosecogas.com\/pt-pt\/wp-json\/wp\/v2\/media\/5568"}],"wp:attachment":[{"href":"https:\/\/recambiosecogas.com\/pt-pt\/wp-json\/wp\/v2\/media?parent=48506"}],"wp:term":[{"taxonomy":"product_brand","embeddable":true,"href":"https:\/\/recambiosecogas.com\/pt-pt\/wp-json\/wp\/v2\/product_brand?post=48506"},{"taxonomy":"product_cat","embeddable":true,"href":"https:\/\/recambiosecogas.com\/pt-pt\/wp-json\/wp\/v2\/product_cat?post=48506"},{"taxonomy":"product_tag","embeddable":true,"href":"https:\/\/recambiosecogas.com\/pt-pt\/wp-json\/wp\/v2\/product_tag?post=48506"}],"curies":[{"name":"wp","href":"https:\/\/api.w.org\/{rel}","templated":true}]}}