{"id":48504,"date":"2024-12-23T14:32:03","date_gmt":"2024-12-23T14:32:03","guid":{"rendered":"https:\/\/recambiosecogas.com\/producto\/inyector-landirenzo-gi25-22-naranja-pequeno-individual-enchufe-amp-bosch\/"},"modified":"2026-04-15T11:49:56","modified_gmt":"2026-04-15T10:49:56","slug":"inyector-landirenzo-gi25-22-naranja-pequeno-individual-enchufe-amp-bosch","status":"publish","type":"product","link":"https:\/\/recambiosecogas.com\/pt-pt\/producto\/inyector-landirenzo-gi25-22-naranja-pequeno-individual-enchufe-amp-bosch\/","title":{"rendered":"Landi Renzo GI25-22 Injetor Laranja (Pequeno) Simples &#8211; Ficha AMP\/Bosch"},"content":{"rendered":"<h3 style=\"text-align: center;\" data-start=\"169\" data-end=\"248\">Landi Renzo GI25-22 Injetor Laranja (Pequeno) Simples &#8211; Ficha AMP\/Bosch<\/h3>\n<p class=\"\" data-start=\"250\" data-end=\"662\"><strong data-start=\"250\" data-end=\"336\">O Landi Renzo GI25-22 Orange (Small) Single injector com ficha AMP\/Bosch<\/strong> \u00e9 uma solu\u00e7\u00e3o profissional para sistemas de g\u00e1s LPG e GNC que requerem dosagem precisa de combust\u00edvel. Este \u00fanico injetor \u00e9 ideal para substitui\u00e7\u00f5es ou atualiza\u00e7\u00f5es em ve\u00edculos com o sistema Landi Renzo e conector do tipo AMP ou Bosch, oferecendo compatibilidade excecional com v\u00e1rias marcas e modelos. <\/p>\n<p class=\"\" data-start=\"664\" data-end=\"1030\">Gra\u00e7as ao seu design compacto e robusto, este injetor oferece um desempenho consistente mesmo em condi\u00e7\u00f5es exigentes. \u00c9 fabricado com materiais de alta qualidade, garantindo uma longa vida \u00fatil e combust\u00e3o eficiente. Melhora significativamente a pot\u00eancia do motor, a resposta da condu\u00e7\u00e3o e reduz o consumo de combust\u00edvel e as emiss\u00f5es poluentes.  <\/p>\n<p class=\"\" data-start=\"1032\" data-end=\"1213\"><strong data-start=\"1032\" data-end=\"1050\">Compat\u00edvel com<\/strong> uma vasta gama de ve\u00edculos: Fiat, Audi, BMW, Ford, Mercedes-Benz, Peugeot, Renault, Volkswagen, Toyota, Nissan, Kia, Hyundai, Opel, Citro\u00ebn, entre muitos outros.<\/p>\n<h4 data-start=\"1215\" data-end=\"1281\">Caracter\u00edsticas t\u00e9cnicas \u2013<\/h4>\n<div class=\"pointer-events-none relative left-[50%]! flex w-[100cqw] translate-x-[-50%] justify-center *:pointer-events-auto\">\n<div class=\"tableContainer horzScrollShadows\">\n<table class=\"min-w-full\" data-start=\"1283\" data-end=\"2207\">\n<thead data-start=\"1283\" data-end=\"1367\">\n<tr data-start=\"1283\" data-end=\"1367\">\n<th data-start=\"1283\" data-end=\"1312\"><strong data-start=\"1285\" data-end=\"1297\">Elemento<\/strong><\/th>\n<th data-start=\"1312\" data-end=\"1367\"><strong data-start=\"1314\" data-end=\"1332\">Especifica\u00e7\u00f5es<\/strong><\/th>\n<\/tr>\n<\/thead>\n<tbody data-start=\"1452\" data-end=\"2207\">\n<tr data-start=\"1452\" data-end=\"1535\">\n<td class=\"max-w-[calc(var(--thread-content-max-width)*2\/3)]\" data-start=\"1452\" data-end=\"1480\">Tipo de Injetor<\/td>\n<td class=\"max-w-[calc(var(--thread-content-max-width)*2\/3)]\" data-start=\"1480\" data-end=\"1535\">Injetor \u00danico de GPL\/GNC<\/td>\n<\/tr>\n<tr data-start=\"1536\" data-end=\"1619\">\n<td class=\"max-w-[calc(var(--thread-content-max-width)*2\/3)]\" data-start=\"1536\" data-end=\"1564\">Modelo<\/td>\n<td class=\"max-w-[calc(var(--thread-content-max-width)*2\/3)]\" data-start=\"1564\" data-end=\"1619\">GI25-22 (Pequeno)<\/td>\n<\/tr>\n<tr data-start=\"1620\" data-end=\"1703\">\n<td class=\"max-w-[calc(var(--thread-content-max-width)*2\/3)]\" data-start=\"1620\" data-end=\"1648\">Cor<\/td>\n<td class=\"max-w-[calc(var(--thread-content-max-width)*2\/3)]\" data-start=\"1648\" data-end=\"1703\">Laranja<\/td>\n<\/tr>\n<tr data-start=\"1704\" data-end=\"1787\">\n<td class=\"max-w-[calc(var(--thread-content-max-width)*2\/3)]\" data-start=\"1704\" data-end=\"1732\">Tipo de Conector<\/td>\n<td class=\"max-w-[calc(var(--thread-content-max-width)*2\/3)]\" data-start=\"1732\" data-end=\"1787\">AMP \/ Bosch<\/td>\n<\/tr>\n<tr data-start=\"1788\" data-end=\"1871\">\n<td class=\"max-w-[calc(var(--thread-content-max-width)*2\/3)]\" data-start=\"1788\" data-end=\"1816\">Aplica\u00e7\u00e3o<\/td>\n<td class=\"max-w-[calc(var(--thread-content-max-width)*2\/3)]\" data-start=\"1816\" data-end=\"1871\">Ve\u00edculos a GPL ou GNC<\/td>\n<\/tr>\n<tr data-start=\"1872\" data-end=\"1955\">\n<td class=\"max-w-[calc(var(--thread-content-max-width)*2\/3)]\" data-start=\"1872\" data-end=\"1900\">Aplica\u00e7\u00e3o<\/td>\n<td class=\"max-w-[calc(var(--thread-content-max-width)*2\/3)]\" data-start=\"1900\" data-end=\"1955\">Substitui\u00e7\u00e3o ou atualiza\u00e7\u00e3o do sistema<\/td>\n<\/tr>\n<tr data-start=\"1956\" data-end=\"2039\">\n<td class=\"max-w-[calc(var(--thread-content-max-width)*2\/3)]\" data-start=\"1956\" data-end=\"1984\">Compatibilidade<\/td>\n<td class=\"max-w-[calc(var(--thread-content-max-width)*2\/3)] min-w-[calc(var(--thread-content-max-width)\/3)]\" data-start=\"1984\" data-end=\"2039\">Fiat, Renault, Peugeot, BMW, Ford, Toyota, etc.<\/td>\n<\/tr>\n<tr data-start=\"2040\" data-end=\"2123\">\n<td class=\"max-w-[calc(var(--thread-content-max-width)*2\/3)]\" data-start=\"2040\" data-end=\"2068\">Marca<\/td>\n<td class=\"max-w-[calc(var(--thread-content-max-width)*2\/3)]\" data-start=\"2068\" data-end=\"2123\">Landi Renzo<\/td>\n<\/tr>\n<tr data-start=\"2124\" data-end=\"2207\">\n<td class=\"max-w-[calc(var(--thread-content-max-width)*2\/3)]\" data-start=\"2124\" data-end=\"2152\">Localiza\u00e7\u00e3o<\/td>\n<td class=\"max-w-[calc(var(--thread-content-max-width)*2\/3)]\" data-start=\"2152\" data-end=\"2207\">Instala\u00e7\u00e3o Direta de Carris<\/td>\n<\/tr>\n<\/tbody>\n<\/table>\n<p><a href=\"https:\/\/recambiosecogas.com\/pt-pt\/categoria-produto\/injecao\/injetores-rail\/\">O nosso cat\u00e1logo de injetores.<\/a><\/p>\n<p><a href=\"https:\/\/segimonautomocio.com\/\">Mude os seus injetores na nossa oficina especializada.<\/a><\/p>\n<\/div>\n<\/div>\n","protected":false},"excerpt":{"rendered":"<div class=\"flex-1 overflow-hidden\">\n<div class=\"react-scroll-to-bottom--css-olaqn-79elbk h-full\">&lt;div class=&#8221;react-scroll-to-bottom&#8211;css-olaqn-1n7m0yu&#8221;&gt;<\/p>\n<div class=\"flex flex-col text-sm pb-9\">\n<div class=\"w-full text-token-text-primary\" dir=\"auto\" data-testid=\"conversation-turn-69\" data-scroll-anchor=\"true\">\n<div class=\"py-2 px-3 text-base md:px-4 m-auto md:px-5 lg:px-1 xl:px-5\">\n<div class=\"mx-auto flex flex-1 gap-3 text-base juice:gap-4 juice:md:gap-6 md:max-w-3xl lg:max-w-[40rem] xl:max-w-[48rem]\">\n<div class=\"relative flex w-full min-w-0 flex-col agent-turn\">\n<div class=\"flex-col gap-1 md:gap-3\">\n<div class=\"flex flex-grow flex-col max-w-full\">\n<div class=\"min-h-[20px] text-message flex flex-col items-start whitespace-pre-wrap break-words [.text-message+&amp;]:mt-5 juice:w-full juice:items-end overflow-x-auto gap-3\" dir=\"auto\" data-message-author-role=\"assistant\" data-message-id=\"e9b37da0-9358-49f0-a124-e517b2670d2d\">\n<div class=\"markdown prose w-full break-words dark:prose-invert light\">\n<p>Refor\u00e7a o teu sistema de GPL com o Injetor Laranja Landi Renzo GI25-22 ORANGE (SMALL) com ficha AMP\/Bosch. Garante um desempenho \u00f3timo do motor com qualidade Landi Renzo. Descubra j\u00e1!  <\/p>\n<\/div>\n<\/div>\n<\/div>\n<\/div>\n<\/div>\n<\/div>\n<\/div>\n<\/div>\n<\/div>\n<\/div>\n<\/div>\n","protected":false},"featured_media":20753,"comment_status":"open","ping_status":"closed","template":"","meta":{"_uag_custom_page_level_css":""},"product_brand":[],"product_cat":[1591,1597,1599,1740],"product_tag":[1209,1239],"class_list":{"0":"post-48504","1":"product","2":"type-product","3":"status-publish","4":"has-post-thumbnail","6":"product_cat-injecao","7":"product_cat-injetores-rail","8":"product_cat-injetores-individuais","9":"product_cat-landirenzo-pt-pt","10":"product_tag-gi25-22-pt-pt","11":"product_tag-laranja","13":"first","14":"onbackorder","15":"taxable","16":"shipping-taxable","17":"purchasable","18":"product-type-simple"},"ct_brands":[],"yoast_head":"<!-- This site is optimized with the Yoast SEO Premium plugin v27.5 (Yoast SEO v27.6) - https:\/\/yoast.com\/product\/yoast-seo-premium-wordpress\/ -->\n<title>Landi Renzo GI25-22 Injetor Laranja (Pequeno) Simples - Ficha AMP\/Bosch | Recambios EcoGas | Sistemas GLP y GNC<\/title>\n<meta name=\"description\" content=\"Landi Renzo GI25-22 Injetor \u00danico Laranja (pequeno) com conector AMP\/Bosch. Alta precis\u00e3o para sistemas de GPL e GNC. Compat\u00edvel com v\u00e1rias marcas.\" \/>\n<meta name=\"robots\" content=\"index, follow, max-snippet:-1, max-image-preview:large, max-video-preview:-1\" \/>\n<link rel=\"canonical\" href=\"https:\/\/recambiosecogas.com\/pt-pt\/producto\/inyector-landirenzo-gi25-22-naranja-pequeno-individual-enchufe-amp-bosch\/\" \/>\n<meta property=\"og:locale\" content=\"pt_PT\" \/>\n<meta property=\"og:type\" content=\"article\" \/>\n<meta property=\"og:title\" content=\"Landi Renzo GI25-22 Injetor Laranja (Pequeno) Simples - Ficha AMP\/Bosch\" \/>\n<meta property=\"og:description\" content=\"Landi Renzo GI25-22 Injetor \u00danico Laranja (pequeno) com conector AMP\/Bosch. Alta precis\u00e3o para sistemas de GPL e GNC. Compat\u00edvel com v\u00e1rias marcas.\" \/>\n<meta property=\"og:url\" content=\"https:\/\/recambiosecogas.com\/pt-pt\/producto\/inyector-landirenzo-gi25-22-naranja-pequeno-individual-enchufe-amp-bosch\/\" \/>\n<meta property=\"og:site_name\" content=\"Recambios EcoGas\" \/>\n<meta property=\"article:publisher\" content=\"https:\/\/www.facebook.com\/profile.php?id=100062419705358\" \/>\n<meta property=\"article:modified_time\" content=\"2026-04-15T10:49:56+00:00\" \/>\n<meta property=\"og:image\" content=\"https:\/\/recambiosecogas.com\/wp-content\/uploads\/2024\/10\/8-1.webp\" \/>\n\t<meta property=\"og:image:width\" content=\"1080\" \/>\n\t<meta property=\"og:image:height\" content=\"1080\" \/>\n\t<meta property=\"og:image:type\" content=\"image\/jpeg\" \/>\n<meta name=\"twitter:card\" content=\"summary_large_image\" \/>\n<meta name=\"twitter:label1\" content=\"pre\u00e7o\" \/>\n\t<meta name=\"twitter:data1\" content=\"79,99&nbsp;&euro; (Sin IVA: 66,11&nbsp;&euro;)\" \/>\n\t<meta name=\"twitter:label2\" content=\"Disponibilidade\" \/>\n\t<meta name=\"twitter:data2\" content=\"Por encomenda\" \/>\n<script type=\"application\/ld+json\" class=\"yoast-schema-graph\">{\"@context\":\"https:\\\/\\\/schema.org\",\"@graph\":[{\"@type\":\"WebPage\",\"@id\":\"https:\\\/\\\/recambiosecogas.com\\\/pt-pt\\\/producto\\\/inyector-landirenzo-gi25-22-naranja-pequeno-individual-enchufe-amp-bosch\\\/\",\"url\":\"https:\\\/\\\/recambiosecogas.com\\\/pt-pt\\\/producto\\\/inyector-landirenzo-gi25-22-naranja-pequeno-individual-enchufe-amp-bosch\\\/\",\"name\":\"Landi Renzo GI25-22 Injetor Laranja (Pequeno) Simples - Ficha AMP\\\/Bosch | Recambios EcoGas | Sistemas GLP y GNC\",\"isPartOf\":{\"@id\":\"https:\\\/\\\/recambiosecogas.com\\\/pt-pt\\\/#website\"},\"primaryImageOfPage\":{\"@id\":\"https:\\\/\\\/recambiosecogas.com\\\/pt-pt\\\/producto\\\/inyector-landirenzo-gi25-22-naranja-pequeno-individual-enchufe-amp-bosch\\\/#primaryimage\"},\"image\":{\"@id\":\"https:\\\/\\\/recambiosecogas.com\\\/pt-pt\\\/producto\\\/inyector-landirenzo-gi25-22-naranja-pequeno-individual-enchufe-amp-bosch\\\/#primaryimage\"},\"thumbnailUrl\":\"https:\\\/\\\/recambiosecogas.com\\\/wp-content\\\/uploads\\\/2024\\\/10\\\/8-1.webp\",\"datePublished\":\"2024-12-23T14:32:03+00:00\",\"dateModified\":\"2026-04-15T10:49:56+00:00\",\"description\":\"Landi Renzo GI25-22 Injetor \u00danico Laranja (pequeno) com conector AMP\\\/Bosch. Alta precis\u00e3o para sistemas de GPL e GNC. Compat\u00edvel com v\u00e1rias marcas.\",\"breadcrumb\":{\"@id\":\"https:\\\/\\\/recambiosecogas.com\\\/pt-pt\\\/producto\\\/inyector-landirenzo-gi25-22-naranja-pequeno-individual-enchufe-amp-bosch\\\/#breadcrumb\"},\"inLanguage\":\"pt-PT\",\"potentialAction\":[{\"@type\":\"ReadAction\",\"target\":[\"https:\\\/\\\/recambiosecogas.com\\\/pt-pt\\\/producto\\\/inyector-landirenzo-gi25-22-naranja-pequeno-individual-enchufe-amp-bosch\\\/\"]}]},{\"@type\":\"ImageObject\",\"inLanguage\":\"pt-PT\",\"@id\":\"https:\\\/\\\/recambiosecogas.com\\\/pt-pt\\\/producto\\\/inyector-landirenzo-gi25-22-naranja-pequeno-individual-enchufe-amp-bosch\\\/#primaryimage\",\"url\":\"https:\\\/\\\/recambiosecogas.com\\\/wp-content\\\/uploads\\\/2024\\\/10\\\/8-1.webp\",\"contentUrl\":\"https:\\\/\\\/recambiosecogas.com\\\/wp-content\\\/uploads\\\/2024\\\/10\\\/8-1.webp\",\"width\":1080,\"height\":1080},{\"@type\":\"BreadcrumbList\",\"@id\":\"https:\\\/\\\/recambiosecogas.com\\\/pt-pt\\\/producto\\\/inyector-landirenzo-gi25-22-naranja-pequeno-individual-enchufe-amp-bosch\\\/#breadcrumb\",\"itemListElement\":[{\"@type\":\"ListItem\",\"position\":1,\"name\":\"P\u00e1gina inicial\",\"item\":\"https:\\\/\\\/recambiosecogas.com\\\/pt-pt\\\/\"},{\"@type\":\"ListItem\",\"position\":2,\"name\":\"Loja\",\"item\":\"https:\\\/\\\/recambiosecogas.com\\\/pt-pt\\\/tienda\\\/\"},{\"@type\":\"ListItem\",\"position\":3,\"name\":\"Landi Renzo GI25-22 Injetor Laranja (Pequeno) Simples &#8211; Ficha AMP\\\/Bosch\"}]},{\"@type\":\"WebSite\",\"@id\":\"https:\\\/\\\/recambiosecogas.com\\\/pt-pt\\\/#website\",\"url\":\"https:\\\/\\\/recambiosecogas.com\\\/pt-pt\\\/\",\"name\":\"Recambios EcoGas\",\"description\":\"Pe\u00e7as multimarca para sistemas de GPL\\\/GNC\\\/GNL\\\/Hidrog\u00e9nio\",\"publisher\":{\"@id\":\"https:\\\/\\\/recambiosecogas.com\\\/pt-pt\\\/#organization\"},\"alternateName\":\"Recambios Autogas GLP\",\"potentialAction\":[{\"@type\":\"SearchAction\",\"target\":{\"@type\":\"EntryPoint\",\"urlTemplate\":\"https:\\\/\\\/recambiosecogas.com\\\/pt-pt\\\/?s={search_term_string}\"},\"query-input\":{\"@type\":\"PropertyValueSpecification\",\"valueRequired\":true,\"valueName\":\"search_term_string\"}}],\"inLanguage\":\"pt-PT\"},{\"@type\":[\"Organization\",\"Place\"],\"@id\":\"https:\\\/\\\/recambiosecogas.com\\\/pt-pt\\\/#organization\",\"name\":\"Recambios EcoGas\",\"alternateName\":\"Loja de GPL Autog\u00e1s Espanha\",\"url\":\"https:\\\/\\\/recambiosecogas.com\\\/pt-pt\\\/\",\"logo\":{\"@id\":\"https:\\\/\\\/recambiosecogas.com\\\/pt-pt\\\/producto\\\/inyector-landirenzo-gi25-22-naranja-pequeno-individual-enchufe-amp-bosch\\\/#local-main-organization-logo\"},\"image\":{\"@id\":\"https:\\\/\\\/recambiosecogas.com\\\/pt-pt\\\/producto\\\/inyector-landirenzo-gi25-22-naranja-pequeno-individual-enchufe-amp-bosch\\\/#local-main-organization-logo\"},\"sameAs\":[\"https:\\\/\\\/www.facebook.com\\\/profile.php?id=100062419705358\",\"https:\\\/\\\/www.instagram.com\\\/segimon_automocio\"],\"description\":\"Recambios EcoGas \u2013 Venta y distribuci\u00f3n de sistemas GLP y GNC en Espa\u00f1a y Portugal. Env\u00edos 24 h, soporte t\u00e9cnico a talleres y distribuidores.\",\"hasMerchantReturnPolicy\":{\"@type\":\"MerchantReturnPolicy\",\"merchantReturnLink\":\"https:\\\/\\\/recambiosecogas.com\\\/politicas-privacidad\\\/\"},\"address\":{\"@id\":\"https:\\\/\\\/recambiosecogas.com\\\/pt-pt\\\/producto\\\/inyector-landirenzo-gi25-22-naranja-pequeno-individual-enchufe-amp-bosch\\\/#local-main-place-address\"},\"telephone\":[\"616250633\"],\"contactPoint\":{\"@type\":\"ContactPoint\",\"email\":\"export@recambiosecogas.com\"},\"openingHoursSpecification\":[{\"@type\":\"OpeningHoursSpecification\",\"dayOfWeek\":[\"Monday\",\"Tuesday\",\"Wednesday\",\"Thursday\",\"Friday\",\"Saturday\",\"Sunday\"],\"opens\":\"09:00\",\"closes\":\"17:00\"}],\"email\":\"info@recambiosecogas.com\",\"faxNumber\":\"SEGIMON AUTOMOCION SL\",\"vatID\":\"ESB19819861\",\"globalLocationNumber\":\"938 616 339\"},{\"@type\":\"PostalAddress\",\"@id\":\"https:\\\/\\\/recambiosecogas.com\\\/pt-pt\\\/producto\\\/inyector-landirenzo-gi25-22-naranja-pequeno-individual-enchufe-amp-bosch\\\/#local-main-place-address\",\"streetAddress\":\"cami antic de vic, 29 (Nave 3), Pol\u00edgono Industrial Congost\",\"addressLocality\":\"CORRO D`AVALL\",\"postalCode\":\"08520\",\"addressRegion\":\"Barcelona\",\"addressCountry\":\"ES\"},{\"@type\":\"ImageObject\",\"inLanguage\":\"pt-PT\",\"@id\":\"https:\\\/\\\/recambiosecogas.com\\\/pt-pt\\\/producto\\\/inyector-landirenzo-gi25-22-naranja-pequeno-individual-enchufe-amp-bosch\\\/#local-main-organization-logo\",\"url\":\"https:\\\/\\\/recambiosecogas.com\\\/wp-content\\\/uploads\\\/2024\\\/11\\\/cropped-RECAMBIOS-GLP-png.webp\",\"contentUrl\":\"https:\\\/\\\/recambiosecogas.com\\\/wp-content\\\/uploads\\\/2024\\\/11\\\/cropped-RECAMBIOS-GLP-png.webp\",\"width\":512,\"height\":512,\"caption\":\"Recambios EcoGas\"}]}<\/script>\n<meta property=\"product:price:amount\" content=\"79.99\" \/>\n<meta property=\"product:price:currency\" content=\"EUR\" \/>\n<meta property=\"og:availability\" content=\"backorder\" \/>\n<meta property=\"product:availability\" content=\"available for order\" \/>\n<meta property=\"product:retailer_item_id\" content=\"237127000\" \/>\n<meta property=\"product:condition\" content=\"new\" \/>\n<meta name=\"geo.placename\" content=\"CORRO D`AVALL\" \/>\n<meta name=\"geo.region\" content=\"Espanha\" \/>\n<!-- \/ Yoast SEO Premium plugin. -->","yoast_head_json":{"title":"Landi Renzo GI25-22 Injetor Laranja (Pequeno) Simples - Ficha AMP\/Bosch | Recambios EcoGas | Sistemas GLP y GNC","description":"Landi Renzo GI25-22 Injetor \u00danico Laranja (pequeno) com conector AMP\/Bosch. Alta precis\u00e3o para sistemas de GPL e GNC. Compat\u00edvel com v\u00e1rias marcas.","robots":{"index":"index","follow":"follow","max-snippet":"max-snippet:-1","max-image-preview":"max-image-preview:large","max-video-preview":"max-video-preview:-1"},"canonical":"https:\/\/recambiosecogas.com\/pt-pt\/producto\/inyector-landirenzo-gi25-22-naranja-pequeno-individual-enchufe-amp-bosch\/","og_locale":"pt_PT","og_type":"article","og_title":"Landi Renzo GI25-22 Injetor Laranja (Pequeno) Simples - Ficha AMP\/Bosch","og_description":"Landi Renzo GI25-22 Injetor \u00danico Laranja (pequeno) com conector AMP\/Bosch. Alta precis\u00e3o para sistemas de GPL e GNC. Compat\u00edvel com v\u00e1rias marcas.","og_url":"https:\/\/recambiosecogas.com\/pt-pt\/producto\/inyector-landirenzo-gi25-22-naranja-pequeno-individual-enchufe-amp-bosch\/","og_site_name":"Recambios EcoGas","article_publisher":"https:\/\/www.facebook.com\/profile.php?id=100062419705358","article_modified_time":"2026-04-15T10:49:56+00:00","og_image":[{"width":1080,"height":1080,"url":"https:\/\/recambiosecogas.com\/wp-content\/uploads\/2024\/10\/8-1.webp","type":"image\/jpeg"}],"twitter_card":"summary_large_image","twitter_misc":{"pre\u00e7o":"79,99&nbsp;&euro; (Sin IVA: 66,11&nbsp;&euro;)","Disponibilidade":"Por encomenda"},"schema":{"@context":"https:\/\/schema.org","@graph":[{"@type":"WebPage","@id":"https:\/\/recambiosecogas.com\/pt-pt\/producto\/inyector-landirenzo-gi25-22-naranja-pequeno-individual-enchufe-amp-bosch\/","url":"https:\/\/recambiosecogas.com\/pt-pt\/producto\/inyector-landirenzo-gi25-22-naranja-pequeno-individual-enchufe-amp-bosch\/","name":"Landi Renzo GI25-22 Injetor Laranja (Pequeno) Simples - Ficha AMP\/Bosch | Recambios EcoGas | Sistemas GLP y GNC","isPartOf":{"@id":"https:\/\/recambiosecogas.com\/pt-pt\/#website"},"primaryImageOfPage":{"@id":"https:\/\/recambiosecogas.com\/pt-pt\/producto\/inyector-landirenzo-gi25-22-naranja-pequeno-individual-enchufe-amp-bosch\/#primaryimage"},"image":{"@id":"https:\/\/recambiosecogas.com\/pt-pt\/producto\/inyector-landirenzo-gi25-22-naranja-pequeno-individual-enchufe-amp-bosch\/#primaryimage"},"thumbnailUrl":"https:\/\/recambiosecogas.com\/wp-content\/uploads\/2024\/10\/8-1.webp","datePublished":"2024-12-23T14:32:03+00:00","dateModified":"2026-04-15T10:49:56+00:00","description":"Landi Renzo GI25-22 Injetor \u00danico Laranja (pequeno) com conector AMP\/Bosch. Alta precis\u00e3o para sistemas de GPL e GNC. Compat\u00edvel com v\u00e1rias marcas.","breadcrumb":{"@id":"https:\/\/recambiosecogas.com\/pt-pt\/producto\/inyector-landirenzo-gi25-22-naranja-pequeno-individual-enchufe-amp-bosch\/#breadcrumb"},"inLanguage":"pt-PT","potentialAction":[{"@type":"ReadAction","target":["https:\/\/recambiosecogas.com\/pt-pt\/producto\/inyector-landirenzo-gi25-22-naranja-pequeno-individual-enchufe-amp-bosch\/"]}]},{"@type":"ImageObject","inLanguage":"pt-PT","@id":"https:\/\/recambiosecogas.com\/pt-pt\/producto\/inyector-landirenzo-gi25-22-naranja-pequeno-individual-enchufe-amp-bosch\/#primaryimage","url":"https:\/\/recambiosecogas.com\/wp-content\/uploads\/2024\/10\/8-1.webp","contentUrl":"https:\/\/recambiosecogas.com\/wp-content\/uploads\/2024\/10\/8-1.webp","width":1080,"height":1080},{"@type":"BreadcrumbList","@id":"https:\/\/recambiosecogas.com\/pt-pt\/producto\/inyector-landirenzo-gi25-22-naranja-pequeno-individual-enchufe-amp-bosch\/#breadcrumb","itemListElement":[{"@type":"ListItem","position":1,"name":"P\u00e1gina inicial","item":"https:\/\/recambiosecogas.com\/pt-pt\/"},{"@type":"ListItem","position":2,"name":"Loja","item":"https:\/\/recambiosecogas.com\/pt-pt\/tienda\/"},{"@type":"ListItem","position":3,"name":"Landi Renzo GI25-22 Injetor Laranja (Pequeno) Simples &#8211; Ficha AMP\/Bosch"}]},{"@type":"WebSite","@id":"https:\/\/recambiosecogas.com\/pt-pt\/#website","url":"https:\/\/recambiosecogas.com\/pt-pt\/","name":"Recambios EcoGas","description":"Pe\u00e7as multimarca para sistemas de GPL\/GNC\/GNL\/Hidrog\u00e9nio","publisher":{"@id":"https:\/\/recambiosecogas.com\/pt-pt\/#organization"},"alternateName":"Recambios Autogas GLP","potentialAction":[{"@type":"SearchAction","target":{"@type":"EntryPoint","urlTemplate":"https:\/\/recambiosecogas.com\/pt-pt\/?s={search_term_string}"},"query-input":{"@type":"PropertyValueSpecification","valueRequired":true,"valueName":"search_term_string"}}],"inLanguage":"pt-PT"},{"@type":["Organization","Place"],"@id":"https:\/\/recambiosecogas.com\/pt-pt\/#organization","name":"Recambios EcoGas","alternateName":"Loja de GPL Autog\u00e1s Espanha","url":"https:\/\/recambiosecogas.com\/pt-pt\/","logo":{"@id":"https:\/\/recambiosecogas.com\/pt-pt\/producto\/inyector-landirenzo-gi25-22-naranja-pequeno-individual-enchufe-amp-bosch\/#local-main-organization-logo"},"image":{"@id":"https:\/\/recambiosecogas.com\/pt-pt\/producto\/inyector-landirenzo-gi25-22-naranja-pequeno-individual-enchufe-amp-bosch\/#local-main-organization-logo"},"sameAs":["https:\/\/www.facebook.com\/profile.php?id=100062419705358","https:\/\/www.instagram.com\/segimon_automocio"],"description":"Recambios EcoGas \u2013 Venta y distribuci\u00f3n de sistemas GLP y GNC en Espa\u00f1a y Portugal. Env\u00edos 24 h, soporte t\u00e9cnico a talleres y distribuidores.","hasMerchantReturnPolicy":{"@type":"MerchantReturnPolicy","merchantReturnLink":"https:\/\/recambiosecogas.com\/politicas-privacidad\/"},"address":{"@id":"https:\/\/recambiosecogas.com\/pt-pt\/producto\/inyector-landirenzo-gi25-22-naranja-pequeno-individual-enchufe-amp-bosch\/#local-main-place-address"},"telephone":["616250633"],"contactPoint":{"@type":"ContactPoint","email":"export@recambiosecogas.com"},"openingHoursSpecification":[{"@type":"OpeningHoursSpecification","dayOfWeek":["Monday","Tuesday","Wednesday","Thursday","Friday","Saturday","Sunday"],"opens":"09:00","closes":"17:00"}],"email":"info@recambiosecogas.com","faxNumber":"SEGIMON AUTOMOCION SL","vatID":"ESB19819861","globalLocationNumber":"938 616 339"},{"@type":"PostalAddress","@id":"https:\/\/recambiosecogas.com\/pt-pt\/producto\/inyector-landirenzo-gi25-22-naranja-pequeno-individual-enchufe-amp-bosch\/#local-main-place-address","streetAddress":"cami antic de vic, 29 (Nave 3), Pol\u00edgono Industrial Congost","addressLocality":"CORRO D`AVALL","postalCode":"08520","addressRegion":"Barcelona","addressCountry":"ES"},{"@type":"ImageObject","inLanguage":"pt-PT","@id":"https:\/\/recambiosecogas.com\/pt-pt\/producto\/inyector-landirenzo-gi25-22-naranja-pequeno-individual-enchufe-amp-bosch\/#local-main-organization-logo","url":"https:\/\/recambiosecogas.com\/wp-content\/uploads\/2024\/11\/cropped-RECAMBIOS-GLP-png.webp","contentUrl":"https:\/\/recambiosecogas.com\/wp-content\/uploads\/2024\/11\/cropped-RECAMBIOS-GLP-png.webp","width":512,"height":512,"caption":"Recambios EcoGas"}]},"product_price_amount":"79.99","product_price_currency":"EUR","og_availability":"backorder","product_availability":"available for order","product_retailer_item_id":"237127000","product_condition":"new","geo.placename":"CORRO D`AVALL","geo.region":"Espanha"},"uagb_featured_image_src":{"full":["https:\/\/recambiosecogas.com\/wp-content\/uploads\/2024\/10\/8-1.webp",1080,1080,false],"thumbnail":["https:\/\/recambiosecogas.com\/wp-content\/uploads\/2024\/10\/8-1-150x150.jpg",150,150,true],"medium":["https:\/\/recambiosecogas.com\/wp-content\/uploads\/2024\/10\/8-1-300x300.jpg",300,300,true],"medium_large":["https:\/\/recambiosecogas.com\/wp-content\/uploads\/2024\/10\/8-1-768x768.jpg",768,768,true],"large":["https:\/\/recambiosecogas.com\/wp-content\/uploads\/2024\/10\/8-1-1000x1000.jpg",1000,1000,true],"1536x1536":["https:\/\/recambiosecogas.com\/wp-content\/uploads\/2024\/10\/8-1.webp",1080,1080,false],"2048x2048":["https:\/\/recambiosecogas.com\/wp-content\/uploads\/2024\/10\/8-1.webp",1080,1080,false],"woocommerce_archive_thumbnail":["https:\/\/recambiosecogas.com\/wp-content\/uploads\/2024\/10\/8-1-1000x1000.webp",1000,1000,true],"woocommerce_thumbnail":["https:\/\/recambiosecogas.com\/wp-content\/uploads\/2024\/10\/8-1-300x300.webp",300,300,true],"woocommerce_single":["https:\/\/recambiosecogas.com\/wp-content\/uploads\/2024\/10\/8-1-1000x1000.webp",1000,1000,true],"woocommerce_gallery_thumbnail":["https:\/\/recambiosecogas.com\/wp-content\/uploads\/2024\/10\/8-1-1000x1000.webp",1000,1000,true],"dgwt-wcas-product-suggestion":["https:\/\/recambiosecogas.com\/wp-content\/uploads\/2024\/10\/8-1-64x64.webp",64,64,true]},"uagb_author_info":{"display_name":"Fran - Soporte T\u00e9cnico","author_link":"https:\/\/recambiosecogas.com\/pt-pt\/author\/"},"uagb_comment_info":0,"uagb_excerpt":"&lt;div class=\"react-scroll-to-bottom--css-olaqn-1n7m0yu\"&gt; Refor\u00e7a o teu sistema de GPL com o Injetor Laranja Landi Renzo GI25-22 ORANGE (SMALL) com ficha AMP\/Bosch. Garante um desempenho \u00f3timo do motor com qualidade Landi Renzo. Descubra j\u00e1!","_links":{"self":[{"href":"https:\/\/recambiosecogas.com\/pt-pt\/wp-json\/wp\/v2\/product\/48504","targetHints":{"allow":["GET"]}}],"collection":[{"href":"https:\/\/recambiosecogas.com\/pt-pt\/wp-json\/wp\/v2\/product"}],"about":[{"href":"https:\/\/recambiosecogas.com\/pt-pt\/wp-json\/wp\/v2\/types\/product"}],"replies":[{"embeddable":true,"href":"https:\/\/recambiosecogas.com\/pt-pt\/wp-json\/wp\/v2\/comments?post=48504"}],"wp:featuredmedia":[{"embeddable":true,"href":"https:\/\/recambiosecogas.com\/pt-pt\/wp-json\/wp\/v2\/media\/20753"}],"wp:attachment":[{"href":"https:\/\/recambiosecogas.com\/pt-pt\/wp-json\/wp\/v2\/media?parent=48504"}],"wp:term":[{"taxonomy":"product_brand","embeddable":true,"href":"https:\/\/recambiosecogas.com\/pt-pt\/wp-json\/wp\/v2\/product_brand?post=48504"},{"taxonomy":"product_cat","embeddable":true,"href":"https:\/\/recambiosecogas.com\/pt-pt\/wp-json\/wp\/v2\/product_cat?post=48504"},{"taxonomy":"product_tag","embeddable":true,"href":"https:\/\/recambiosecogas.com\/pt-pt\/wp-json\/wp\/v2\/product_tag?post=48504"}],"curies":[{"name":"wp","href":"https:\/\/api.w.org\/{rel}","templated":true}]}}