{"id":48352,"date":"2024-12-09T14:01:58","date_gmt":"2024-12-09T14:01:58","guid":{"rendered":"https:\/\/recambiosecogas.com\/producto\/landi-renzo-med-inyector-glp-gnc-4-cilindros-antiguo-diseno-de-4-agujeros\/"},"modified":"2026-04-15T11:49:20","modified_gmt":"2026-04-15T10:49:20","slug":"landi-renzo-med-inyector-glp-gnc-4-cilindros-antiguo-diseno-de-4-agujeros","status":"publish","type":"product","link":"https:\/\/recambiosecogas.com\/pt-pt\/producto\/landi-renzo-med-inyector-glp-gnc-4-cilindros-antiguo-diseno-de-4-agujeros\/","title":{"rendered":"Injetor Landi Renzo MED LPG GNC de 4 cilindros com sensor (nova vers\u00e3o de 12 furos)"},"content":{"rendered":"<h3 data-start=\"0\" data-end=\"92\">Landi Renzo MED LPG\/CNG Injetor de 4 cilindros com sensor \u2013 (12 furos)<\/h3>\n<p data-start=\"94\" data-end=\"601\">O Injetor Landi Renzo MED LPG\/CNG de 4 cilindros, na sua vers\u00e3o moderna com <strong data-start=\"186\" data-end=\"202\">12 orif\u00edcios<\/strong>, foi concebido para sistemas de inje\u00e7\u00e3o <strong data-start=\"248\" data-end=\"261\">de GPL e GNC<\/strong> em ve\u00edculos de alto desempenho. Esta vers\u00e3o incorpora <strong data-start=\"319\" data-end=\"351\">um sensor de press\u00e3o de 3,5 bar<\/strong> e \u00e9 particularmente adequada para sistemas Lovato, GFI e Landi Renzo. Gra\u00e7as \u00e0 melhoria na geometria da sa\u00edda de g\u00e1s, proporciona <strong data-start=\"492\" data-end=\"516\">uma atomiza\u00e7\u00e3o mais fina<\/strong>, melhor mistura ar\/g\u00e1s e, como resultado, uma combust\u00e3o mais limpa e eficiente.  <\/p>\n<p data-start=\"603\" data-end=\"948\">Este modelo <strong data-start=\"615\" data-end=\"664\">substitui a antiga vers\u00e3o de 4 furos<\/strong>, pelo que \u00e9 obrigat\u00f3rio substituir todos os injetores de carris ao atualizar para esta vers\u00e3o de 12 furos. O novo design permite tamb\u00e9m identificar facilmente o modelo pela <strong data-start=\"856\" data-end=\"876\">cor da<\/strong> tampa do injetor, facilitando a sua instala\u00e7\u00e3o e a compatibilidade. <\/p>\n<p data-start=\"950\" data-end=\"1220\">A vers\u00e3o <strong data-start=\"961\" data-end=\"972\">GI25-80<\/strong> em violeta \u00e9 adequada para maior pot\u00eancia dos cilindros, sendo ideal para ve\u00edculos com maiores exig\u00eancias de desempenho. \u00c9 a escolha preferida em <strong data-start=\"1142\" data-end=\"1182\">sistemas de inje\u00e7\u00e3o de 4 cilindros<\/strong> que exigem precis\u00e3o e fiabilidade. <\/p>\n<hr class=\"\" data-start=\"1222\" data-end=\"1225\">\n<h4 data-start=\"1227\" data-end=\"1256\">Especifica\u00e7\u00f5es<\/h4>\n<div class=\"pointer-events-none relative left-[50%]! flex w-[100cqw] translate-x-[-50%] justify-center *:pointer-events-auto\">\n<div class=\"tableContainer horzScrollShadows\">\n<table class=\"min-w-full\" data-start=\"1258\" data-end=\"2165\">\n<thead data-start=\"1258\" data-end=\"1348\">\n<tr data-start=\"1258\" data-end=\"1348\">\n<th data-start=\"1258\" data-end=\"1288\">Par\u00e2metro<\/th>\n<th data-start=\"1288\" data-end=\"1348\">Detalhe<\/th>\n<\/tr>\n<\/thead>\n<tbody data-start=\"1440\" data-end=\"2165\">\n<tr data-start=\"1440\" data-end=\"1530\">\n<td class=\"max-w-[calc(var(--thread-content-max-width)*2\/3)]\" data-start=\"1440\" data-end=\"1469\">Aplica\u00e7\u00e3o<\/td>\n<td class=\"max-w-[calc(var(--thread-content-max-width)*2\/3)]\" data-start=\"1469\" data-end=\"1530\">GPL \/ GNC \u2013 4 cilindros<\/td>\n<\/tr>\n<tr data-start=\"1531\" data-end=\"1621\">\n<td class=\"max-w-[calc(var(--thread-content-max-width)*2\/3)]\" data-start=\"1531\" data-end=\"1560\">Vers\u00e3o<\/td>\n<td class=\"max-w-[calc(var(--thread-content-max-width)*2\/3)]\" data-start=\"1560\" data-end=\"1621\">12 buracos \u2013 GI25-80 violeta<\/td>\n<\/tr>\n<tr data-start=\"1622\" data-end=\"1712\">\n<td class=\"max-w-[calc(var(--thread-content-max-width)*2\/3)]\" data-start=\"1622\" data-end=\"1651\">Sensor<\/td>\n<td class=\"max-w-[calc(var(--thread-content-max-width)*2\/3)]\" data-start=\"1651\" data-end=\"1712\">Press\u00e3o inclu\u00edda de 3,5 bar<\/td>\n<\/tr>\n<tr data-start=\"1713\" data-end=\"1803\">\n<td class=\"max-w-[calc(var(--thread-content-max-width)*2\/3)]\" data-start=\"1713\" data-end=\"1742\">Plugue<\/td>\n<td class=\"max-w-[calc(var(--thread-content-max-width)*2\/3)]\" data-start=\"1742\" data-end=\"1803\">AMP\/Bosch<\/td>\n<\/tr>\n<tr data-start=\"1804\" data-end=\"1893\">\n<td class=\"max-w-[calc(var(--thread-content-max-width)*2\/3)]\" data-start=\"1804\" data-end=\"1833\">Compatibilidade<\/td>\n<td class=\"max-w-[calc(var(--thread-content-max-width)*2\/3)]\" data-start=\"1833\" data-end=\"1893\">Sistemas Lovato \/ GFI \/ Landi Renzo<\/td>\n<\/tr>\n<tr data-start=\"1894\" data-end=\"1984\">\n<td class=\"max-w-[calc(var(--thread-content-max-width)*2\/3)]\" data-start=\"1894\" data-end=\"1923\">Aprova\u00e7\u00e3o do injetor<\/td>\n<td class=\"max-w-[calc(var(--thread-content-max-width)*2\/3)]\" data-start=\"1923\" data-end=\"1984\">E13 67R \u2013 010234<\/td>\n<\/tr>\n<tr data-start=\"1985\" data-end=\"2075\">\n<td class=\"max-w-[calc(var(--thread-content-max-width)*2\/3)]\" data-start=\"1985\" data-end=\"2014\">Aprova\u00e7\u00e3o ferrovi\u00e1ria<\/td>\n<td class=\"max-w-[calc(var(--thread-content-max-width)*2\/3)]\" data-start=\"2014\" data-end=\"2075\">E13 67R \u2013 010233<\/td>\n<\/tr>\n<tr data-start=\"2076\" data-end=\"2165\">\nNecessita <\/p>\n<td class=\"max-w-[calc(var(--thread-content-max-width)*2\/3)]\" data-start=\"2076\" data-end=\"2105\">de substitui\u00e7\u00e3o<\/td>\n<td class=\"max-w-[calc(var(--thread-content-max-width)*2\/3)]\" data-start=\"2105\" data-end=\"2165\">Sim, da vers\u00e3o antiga de 4 buracos<\/td>\n<\/tr>\n<\/tbody>\n<\/table>\n<p><a href=\"https:\/\/recambiosecogas.com\/pt-pt\/categoria-produto\/injecao\/injetores-rail\/\">O nosso cat\u00e1logo de injetores.<\/a><\/p>\n<p><a href=\"https:\/\/segimonautomocio.com\/\">Mude os seus injetores na nossa oficina especializada.<\/a><\/p>\n<\/div>\n<\/div>\n","protected":false},"excerpt":{"rendered":"<h4>Dados t\u00e9cnicos<\/h4>\n<p><strong>N\u00famero de aprova\u00e7\u00e3o<\/strong><br \/>\n<strong>Injetores<\/strong>: E13 67R &#8211; 010234<br \/>\n<strong>Suporte de carril<\/strong>: E13 67R &#8211; 010233<\/p>\n","protected":false},"featured_media":25173,"comment_status":"open","ping_status":"closed","template":"","meta":{"_uag_custom_page_level_css":""},"product_brand":[],"product_cat":[1591,1597,1740,1601],"product_tag":[1213,1255],"class_list":{"0":"post-48352","1":"product","2":"type-product","3":"status-publish","4":"has-post-thumbnail","6":"product_cat-injecao","7":"product_cat-injetores-rail","8":"product_cat-landirenzo-pt-pt","9":"product_cat-rail-riel","10":"product_tag-gi25-80-pt-pt","11":"product_tag-violeta-pt-pt","13":"first","14":"onbackorder","15":"taxable","16":"shipping-taxable","17":"purchasable","18":"product-type-variable"},"ct_brands":[],"yoast_head":"<!-- This site is optimized with the Yoast SEO Premium plugin v27.5 (Yoast SEO v27.6) - https:\/\/yoast.com\/product\/yoast-seo-premium-wordpress\/ -->\n<title>Injetor Landi Renzo MED LPG GNC de 4 cilindros com sensor (nova vers\u00e3o de 12 furos) | Recambios EcoGas | Sistemas GLP y GNC<\/title>\n<meta name=\"description\" content=\"Injetor de 4 cilindros Landi Renzo MED LPG\/CNG com sensor de press\u00e3o. Vers\u00e3o de 12 orif\u00edcios para motores de 4 cilindros. Compre online\" \/>\n<meta name=\"robots\" content=\"index, follow, max-snippet:-1, max-image-preview:large, max-video-preview:-1\" \/>\n<link rel=\"canonical\" href=\"https:\/\/recambiosecogas.com\/pt-pt\/producto\/landi-renzo-med-inyector-glp-gnc-4-cilindros-antiguo-diseno-de-4-agujeros\/\" \/>\n<meta property=\"og:locale\" content=\"pt_PT\" \/>\n<meta property=\"og:type\" content=\"article\" \/>\n<meta property=\"og:title\" content=\"Injetor Landi Renzo MED LPG GNC de 4 cilindros com sensor (nova vers\u00e3o de 12 furos)\" \/>\n<meta property=\"og:description\" content=\"Injetor de 4 cilindros Landi Renzo MED LPG\/CNG com sensor de press\u00e3o. Vers\u00e3o de 12 orif\u00edcios para motores de 4 cilindros. Compre online\" \/>\n<meta property=\"og:url\" content=\"https:\/\/recambiosecogas.com\/pt-pt\/producto\/landi-renzo-med-inyector-glp-gnc-4-cilindros-antiguo-diseno-de-4-agujeros\/\" \/>\n<meta property=\"og:site_name\" content=\"Recambios EcoGas\" \/>\n<meta property=\"article:publisher\" content=\"https:\/\/www.facebook.com\/profile.php?id=100062419705358\" \/>\n<meta property=\"article:modified_time\" content=\"2026-04-15T10:49:20+00:00\" \/>\n<meta property=\"og:image\" content=\"https:\/\/recambiosecogas.com\/wp-content\/uploads\/2024\/12\/Landi-Renzo-MED-inyector-GLP-GNV-4-cilindros-con-sensor-nueva-version-de-12-agujeros-1-png.webp\" \/>\n\t<meta property=\"og:image:width\" content=\"1000\" \/>\n\t<meta property=\"og:image:height\" content=\"1000\" \/>\n\t<meta property=\"og:image:type\" content=\"image\/png\" \/>\n<meta name=\"twitter:card\" content=\"summary_large_image\" \/>\n<meta name=\"twitter:label1\" content=\"Disponibilidade\" \/>\n\t<meta name=\"twitter:data1\" content=\"Por encomenda\" \/>\n<script type=\"application\/ld+json\" class=\"yoast-schema-graph\">{\"@context\":\"https:\\\/\\\/schema.org\",\"@graph\":[{\"@type\":\"WebPage\",\"@id\":\"https:\\\/\\\/recambiosecogas.com\\\/pt-pt\\\/producto\\\/landi-renzo-med-inyector-glp-gnc-4-cilindros-antiguo-diseno-de-4-agujeros\\\/\",\"url\":\"https:\\\/\\\/recambiosecogas.com\\\/pt-pt\\\/producto\\\/landi-renzo-med-inyector-glp-gnc-4-cilindros-antiguo-diseno-de-4-agujeros\\\/\",\"name\":\"Injetor Landi Renzo MED LPG GNC de 4 cilindros com sensor (nova vers\u00e3o de 12 furos) | Recambios EcoGas | Sistemas GLP y GNC\",\"isPartOf\":{\"@id\":\"https:\\\/\\\/recambiosecogas.com\\\/pt-pt\\\/#website\"},\"primaryImageOfPage\":{\"@id\":\"https:\\\/\\\/recambiosecogas.com\\\/pt-pt\\\/producto\\\/landi-renzo-med-inyector-glp-gnc-4-cilindros-antiguo-diseno-de-4-agujeros\\\/#primaryimage\"},\"image\":{\"@id\":\"https:\\\/\\\/recambiosecogas.com\\\/pt-pt\\\/producto\\\/landi-renzo-med-inyector-glp-gnc-4-cilindros-antiguo-diseno-de-4-agujeros\\\/#primaryimage\"},\"thumbnailUrl\":\"https:\\\/\\\/recambiosecogas.com\\\/wp-content\\\/uploads\\\/2024\\\/12\\\/Landi-Renzo-MED-inyector-GLP-GNV-4-cilindros-con-sensor-nueva-version-de-12-agujeros-1-png.webp\",\"datePublished\":\"2024-12-09T14:01:58+00:00\",\"dateModified\":\"2026-04-15T10:49:20+00:00\",\"description\":\"Injetor de 4 cilindros Landi Renzo MED LPG\\\/CNG com sensor de press\u00e3o. Vers\u00e3o de 12 orif\u00edcios para motores de 4 cilindros. Compre online\",\"breadcrumb\":{\"@id\":\"https:\\\/\\\/recambiosecogas.com\\\/pt-pt\\\/producto\\\/landi-renzo-med-inyector-glp-gnc-4-cilindros-antiguo-diseno-de-4-agujeros\\\/#breadcrumb\"},\"inLanguage\":\"pt-PT\",\"potentialAction\":[{\"@type\":\"ReadAction\",\"target\":[\"https:\\\/\\\/recambiosecogas.com\\\/pt-pt\\\/producto\\\/landi-renzo-med-inyector-glp-gnc-4-cilindros-antiguo-diseno-de-4-agujeros\\\/\"]}]},{\"@type\":\"ImageObject\",\"inLanguage\":\"pt-PT\",\"@id\":\"https:\\\/\\\/recambiosecogas.com\\\/pt-pt\\\/producto\\\/landi-renzo-med-inyector-glp-gnc-4-cilindros-antiguo-diseno-de-4-agujeros\\\/#primaryimage\",\"url\":\"https:\\\/\\\/recambiosecogas.com\\\/wp-content\\\/uploads\\\/2024\\\/12\\\/Landi-Renzo-MED-inyector-GLP-GNV-4-cilindros-con-sensor-nueva-version-de-12-agujeros-1-png.webp\",\"contentUrl\":\"https:\\\/\\\/recambiosecogas.com\\\/wp-content\\\/uploads\\\/2024\\\/12\\\/Landi-Renzo-MED-inyector-GLP-GNV-4-cilindros-con-sensor-nueva-version-de-12-agujeros-1-png.webp\",\"width\":1000,\"height\":1000},{\"@type\":\"BreadcrumbList\",\"@id\":\"https:\\\/\\\/recambiosecogas.com\\\/pt-pt\\\/producto\\\/landi-renzo-med-inyector-glp-gnc-4-cilindros-antiguo-diseno-de-4-agujeros\\\/#breadcrumb\",\"itemListElement\":[{\"@type\":\"ListItem\",\"position\":1,\"name\":\"P\u00e1gina inicial\",\"item\":\"https:\\\/\\\/recambiosecogas.com\\\/pt-pt\\\/\"},{\"@type\":\"ListItem\",\"position\":2,\"name\":\"Loja\",\"item\":\"https:\\\/\\\/recambiosecogas.com\\\/pt-pt\\\/tienda\\\/\"},{\"@type\":\"ListItem\",\"position\":3,\"name\":\"Injetor Landi Renzo MED LPG GNC de 4 cilindros com sensor (nova vers\u00e3o de 12 furos)\"}]},{\"@type\":\"WebSite\",\"@id\":\"https:\\\/\\\/recambiosecogas.com\\\/pt-pt\\\/#website\",\"url\":\"https:\\\/\\\/recambiosecogas.com\\\/pt-pt\\\/\",\"name\":\"Recambios EcoGas\",\"description\":\"Pe\u00e7as multimarca para sistemas de GPL\\\/GNC\\\/GNL\\\/Hidrog\u00e9nio\",\"publisher\":{\"@id\":\"https:\\\/\\\/recambiosecogas.com\\\/pt-pt\\\/#organization\"},\"alternateName\":\"Recambios Autogas GLP\",\"potentialAction\":[{\"@type\":\"SearchAction\",\"target\":{\"@type\":\"EntryPoint\",\"urlTemplate\":\"https:\\\/\\\/recambiosecogas.com\\\/pt-pt\\\/?s={search_term_string}\"},\"query-input\":{\"@type\":\"PropertyValueSpecification\",\"valueRequired\":true,\"valueName\":\"search_term_string\"}}],\"inLanguage\":\"pt-PT\"},{\"@type\":[\"Organization\",\"Place\"],\"@id\":\"https:\\\/\\\/recambiosecogas.com\\\/pt-pt\\\/#organization\",\"name\":\"Recambios EcoGas\",\"alternateName\":\"Loja de GPL Autog\u00e1s Espanha\",\"url\":\"https:\\\/\\\/recambiosecogas.com\\\/pt-pt\\\/\",\"logo\":{\"@id\":\"https:\\\/\\\/recambiosecogas.com\\\/pt-pt\\\/producto\\\/landi-renzo-med-inyector-glp-gnc-4-cilindros-antiguo-diseno-de-4-agujeros\\\/#local-main-organization-logo\"},\"image\":{\"@id\":\"https:\\\/\\\/recambiosecogas.com\\\/pt-pt\\\/producto\\\/landi-renzo-med-inyector-glp-gnc-4-cilindros-antiguo-diseno-de-4-agujeros\\\/#local-main-organization-logo\"},\"sameAs\":[\"https:\\\/\\\/www.facebook.com\\\/profile.php?id=100062419705358\",\"https:\\\/\\\/www.instagram.com\\\/segimon_automocio\"],\"description\":\"Recambios EcoGas \u2013 Venta y distribuci\u00f3n de sistemas GLP y GNC en Espa\u00f1a y Portugal. Env\u00edos 24 h, soporte t\u00e9cnico a talleres y distribuidores.\",\"hasMerchantReturnPolicy\":{\"@type\":\"MerchantReturnPolicy\",\"merchantReturnLink\":\"https:\\\/\\\/recambiosecogas.com\\\/politicas-privacidad\\\/\"},\"address\":{\"@id\":\"https:\\\/\\\/recambiosecogas.com\\\/pt-pt\\\/producto\\\/landi-renzo-med-inyector-glp-gnc-4-cilindros-antiguo-diseno-de-4-agujeros\\\/#local-main-place-address\"},\"telephone\":[\"616250633\"],\"contactPoint\":{\"@type\":\"ContactPoint\",\"email\":\"export@recambiosecogas.com\"},\"openingHoursSpecification\":[{\"@type\":\"OpeningHoursSpecification\",\"dayOfWeek\":[\"Monday\",\"Tuesday\",\"Wednesday\",\"Thursday\",\"Friday\",\"Saturday\",\"Sunday\"],\"opens\":\"09:00\",\"closes\":\"17:00\"}],\"email\":\"info@recambiosecogas.com\",\"faxNumber\":\"SEGIMON AUTOMOCION SL\",\"vatID\":\"ESB19819861\",\"globalLocationNumber\":\"938 616 339\"},{\"@type\":\"PostalAddress\",\"@id\":\"https:\\\/\\\/recambiosecogas.com\\\/pt-pt\\\/producto\\\/landi-renzo-med-inyector-glp-gnc-4-cilindros-antiguo-diseno-de-4-agujeros\\\/#local-main-place-address\",\"streetAddress\":\"cami antic de vic, 29 (Nave 3), Pol\u00edgono Industrial Congost\",\"addressLocality\":\"CORRO D`AVALL\",\"postalCode\":\"08520\",\"addressRegion\":\"Barcelona\",\"addressCountry\":\"ES\"},{\"@type\":\"ImageObject\",\"inLanguage\":\"pt-PT\",\"@id\":\"https:\\\/\\\/recambiosecogas.com\\\/pt-pt\\\/producto\\\/landi-renzo-med-inyector-glp-gnc-4-cilindros-antiguo-diseno-de-4-agujeros\\\/#local-main-organization-logo\",\"url\":\"https:\\\/\\\/recambiosecogas.com\\\/wp-content\\\/uploads\\\/2024\\\/11\\\/cropped-RECAMBIOS-GLP-png.webp\",\"contentUrl\":\"https:\\\/\\\/recambiosecogas.com\\\/wp-content\\\/uploads\\\/2024\\\/11\\\/cropped-RECAMBIOS-GLP-png.webp\",\"width\":512,\"height\":512,\"caption\":\"Recambios EcoGas\"}]}<\/script>\n<meta property=\"og:availability\" content=\"backorder\" \/>\n<meta property=\"product:availability\" content=\"available for order\" \/>\n<meta property=\"product:retailer_item_id\" content=\"109220\" \/>\n<meta property=\"product:condition\" content=\"new\" \/>\n<meta name=\"geo.placename\" content=\"CORRO D`AVALL\" \/>\n<meta name=\"geo.region\" content=\"Espanha\" \/>\n<!-- \/ Yoast SEO Premium plugin. -->","yoast_head_json":{"title":"Injetor Landi Renzo MED LPG GNC de 4 cilindros com sensor (nova vers\u00e3o de 12 furos) | Recambios EcoGas | Sistemas GLP y GNC","description":"Injetor de 4 cilindros Landi Renzo MED LPG\/CNG com sensor de press\u00e3o. Vers\u00e3o de 12 orif\u00edcios para motores de 4 cilindros. Compre online","robots":{"index":"index","follow":"follow","max-snippet":"max-snippet:-1","max-image-preview":"max-image-preview:large","max-video-preview":"max-video-preview:-1"},"canonical":"https:\/\/recambiosecogas.com\/pt-pt\/producto\/landi-renzo-med-inyector-glp-gnc-4-cilindros-antiguo-diseno-de-4-agujeros\/","og_locale":"pt_PT","og_type":"article","og_title":"Injetor Landi Renzo MED LPG GNC de 4 cilindros com sensor (nova vers\u00e3o de 12 furos)","og_description":"Injetor de 4 cilindros Landi Renzo MED LPG\/CNG com sensor de press\u00e3o. Vers\u00e3o de 12 orif\u00edcios para motores de 4 cilindros. Compre online","og_url":"https:\/\/recambiosecogas.com\/pt-pt\/producto\/landi-renzo-med-inyector-glp-gnc-4-cilindros-antiguo-diseno-de-4-agujeros\/","og_site_name":"Recambios EcoGas","article_publisher":"https:\/\/www.facebook.com\/profile.php?id=100062419705358","article_modified_time":"2026-04-15T10:49:20+00:00","og_image":[{"width":1000,"height":1000,"url":"https:\/\/recambiosecogas.com\/wp-content\/uploads\/2024\/12\/Landi-Renzo-MED-inyector-GLP-GNV-4-cilindros-con-sensor-nueva-version-de-12-agujeros-1-png.webp","type":"image\/png"}],"twitter_card":"summary_large_image","twitter_misc":{"Disponibilidade":"Por encomenda"},"schema":{"@context":"https:\/\/schema.org","@graph":[{"@type":"WebPage","@id":"https:\/\/recambiosecogas.com\/pt-pt\/producto\/landi-renzo-med-inyector-glp-gnc-4-cilindros-antiguo-diseno-de-4-agujeros\/","url":"https:\/\/recambiosecogas.com\/pt-pt\/producto\/landi-renzo-med-inyector-glp-gnc-4-cilindros-antiguo-diseno-de-4-agujeros\/","name":"Injetor Landi Renzo MED LPG GNC de 4 cilindros com sensor (nova vers\u00e3o de 12 furos) | Recambios EcoGas | Sistemas GLP y GNC","isPartOf":{"@id":"https:\/\/recambiosecogas.com\/pt-pt\/#website"},"primaryImageOfPage":{"@id":"https:\/\/recambiosecogas.com\/pt-pt\/producto\/landi-renzo-med-inyector-glp-gnc-4-cilindros-antiguo-diseno-de-4-agujeros\/#primaryimage"},"image":{"@id":"https:\/\/recambiosecogas.com\/pt-pt\/producto\/landi-renzo-med-inyector-glp-gnc-4-cilindros-antiguo-diseno-de-4-agujeros\/#primaryimage"},"thumbnailUrl":"https:\/\/recambiosecogas.com\/wp-content\/uploads\/2024\/12\/Landi-Renzo-MED-inyector-GLP-GNV-4-cilindros-con-sensor-nueva-version-de-12-agujeros-1-png.webp","datePublished":"2024-12-09T14:01:58+00:00","dateModified":"2026-04-15T10:49:20+00:00","description":"Injetor de 4 cilindros Landi Renzo MED LPG\/CNG com sensor de press\u00e3o. Vers\u00e3o de 12 orif\u00edcios para motores de 4 cilindros. Compre online","breadcrumb":{"@id":"https:\/\/recambiosecogas.com\/pt-pt\/producto\/landi-renzo-med-inyector-glp-gnc-4-cilindros-antiguo-diseno-de-4-agujeros\/#breadcrumb"},"inLanguage":"pt-PT","potentialAction":[{"@type":"ReadAction","target":["https:\/\/recambiosecogas.com\/pt-pt\/producto\/landi-renzo-med-inyector-glp-gnc-4-cilindros-antiguo-diseno-de-4-agujeros\/"]}]},{"@type":"ImageObject","inLanguage":"pt-PT","@id":"https:\/\/recambiosecogas.com\/pt-pt\/producto\/landi-renzo-med-inyector-glp-gnc-4-cilindros-antiguo-diseno-de-4-agujeros\/#primaryimage","url":"https:\/\/recambiosecogas.com\/wp-content\/uploads\/2024\/12\/Landi-Renzo-MED-inyector-GLP-GNV-4-cilindros-con-sensor-nueva-version-de-12-agujeros-1-png.webp","contentUrl":"https:\/\/recambiosecogas.com\/wp-content\/uploads\/2024\/12\/Landi-Renzo-MED-inyector-GLP-GNV-4-cilindros-con-sensor-nueva-version-de-12-agujeros-1-png.webp","width":1000,"height":1000},{"@type":"BreadcrumbList","@id":"https:\/\/recambiosecogas.com\/pt-pt\/producto\/landi-renzo-med-inyector-glp-gnc-4-cilindros-antiguo-diseno-de-4-agujeros\/#breadcrumb","itemListElement":[{"@type":"ListItem","position":1,"name":"P\u00e1gina inicial","item":"https:\/\/recambiosecogas.com\/pt-pt\/"},{"@type":"ListItem","position":2,"name":"Loja","item":"https:\/\/recambiosecogas.com\/pt-pt\/tienda\/"},{"@type":"ListItem","position":3,"name":"Injetor Landi Renzo MED LPG GNC de 4 cilindros com sensor (nova vers\u00e3o de 12 furos)"}]},{"@type":"WebSite","@id":"https:\/\/recambiosecogas.com\/pt-pt\/#website","url":"https:\/\/recambiosecogas.com\/pt-pt\/","name":"Recambios EcoGas","description":"Pe\u00e7as multimarca para sistemas de GPL\/GNC\/GNL\/Hidrog\u00e9nio","publisher":{"@id":"https:\/\/recambiosecogas.com\/pt-pt\/#organization"},"alternateName":"Recambios Autogas GLP","potentialAction":[{"@type":"SearchAction","target":{"@type":"EntryPoint","urlTemplate":"https:\/\/recambiosecogas.com\/pt-pt\/?s={search_term_string}"},"query-input":{"@type":"PropertyValueSpecification","valueRequired":true,"valueName":"search_term_string"}}],"inLanguage":"pt-PT"},{"@type":["Organization","Place"],"@id":"https:\/\/recambiosecogas.com\/pt-pt\/#organization","name":"Recambios EcoGas","alternateName":"Loja de GPL Autog\u00e1s Espanha","url":"https:\/\/recambiosecogas.com\/pt-pt\/","logo":{"@id":"https:\/\/recambiosecogas.com\/pt-pt\/producto\/landi-renzo-med-inyector-glp-gnc-4-cilindros-antiguo-diseno-de-4-agujeros\/#local-main-organization-logo"},"image":{"@id":"https:\/\/recambiosecogas.com\/pt-pt\/producto\/landi-renzo-med-inyector-glp-gnc-4-cilindros-antiguo-diseno-de-4-agujeros\/#local-main-organization-logo"},"sameAs":["https:\/\/www.facebook.com\/profile.php?id=100062419705358","https:\/\/www.instagram.com\/segimon_automocio"],"description":"Recambios EcoGas \u2013 Venta y distribuci\u00f3n de sistemas GLP y GNC en Espa\u00f1a y Portugal. Env\u00edos 24 h, soporte t\u00e9cnico a talleres y distribuidores.","hasMerchantReturnPolicy":{"@type":"MerchantReturnPolicy","merchantReturnLink":"https:\/\/recambiosecogas.com\/politicas-privacidad\/"},"address":{"@id":"https:\/\/recambiosecogas.com\/pt-pt\/producto\/landi-renzo-med-inyector-glp-gnc-4-cilindros-antiguo-diseno-de-4-agujeros\/#local-main-place-address"},"telephone":["616250633"],"contactPoint":{"@type":"ContactPoint","email":"export@recambiosecogas.com"},"openingHoursSpecification":[{"@type":"OpeningHoursSpecification","dayOfWeek":["Monday","Tuesday","Wednesday","Thursday","Friday","Saturday","Sunday"],"opens":"09:00","closes":"17:00"}],"email":"info@recambiosecogas.com","faxNumber":"SEGIMON AUTOMOCION SL","vatID":"ESB19819861","globalLocationNumber":"938 616 339"},{"@type":"PostalAddress","@id":"https:\/\/recambiosecogas.com\/pt-pt\/producto\/landi-renzo-med-inyector-glp-gnc-4-cilindros-antiguo-diseno-de-4-agujeros\/#local-main-place-address","streetAddress":"cami antic de vic, 29 (Nave 3), Pol\u00edgono Industrial Congost","addressLocality":"CORRO D`AVALL","postalCode":"08520","addressRegion":"Barcelona","addressCountry":"ES"},{"@type":"ImageObject","inLanguage":"pt-PT","@id":"https:\/\/recambiosecogas.com\/pt-pt\/producto\/landi-renzo-med-inyector-glp-gnc-4-cilindros-antiguo-diseno-de-4-agujeros\/#local-main-organization-logo","url":"https:\/\/recambiosecogas.com\/wp-content\/uploads\/2024\/11\/cropped-RECAMBIOS-GLP-png.webp","contentUrl":"https:\/\/recambiosecogas.com\/wp-content\/uploads\/2024\/11\/cropped-RECAMBIOS-GLP-png.webp","width":512,"height":512,"caption":"Recambios EcoGas"}]},"og_availability":"backorder","product_availability":"available for order","product_retailer_item_id":"109220","product_condition":"new","geo.placename":"CORRO D`AVALL","geo.region":"Espanha"},"uagb_featured_image_src":{"full":["https:\/\/recambiosecogas.com\/wp-content\/uploads\/2024\/12\/Landi-Renzo-MED-inyector-GLP-GNV-4-cilindros-con-sensor-nueva-version-de-12-agujeros-1-png.webp",1000,1000,false],"thumbnail":["https:\/\/recambiosecogas.com\/wp-content\/uploads\/2024\/12\/Landi-Renzo-MED-inyector-GLP-GNV-4-cilindros-con-sensor-nueva-version-de-12-agujeros-1-150x150.webp",150,150,true],"medium":["https:\/\/recambiosecogas.com\/wp-content\/uploads\/2024\/12\/Landi-Renzo-MED-inyector-GLP-GNV-4-cilindros-con-sensor-nueva-version-de-12-agujeros-1-300x300.webp",300,300,true],"medium_large":["https:\/\/recambiosecogas.com\/wp-content\/uploads\/2024\/12\/Landi-Renzo-MED-inyector-GLP-GNV-4-cilindros-con-sensor-nueva-version-de-12-agujeros-1-768x768.webp",768,768,true],"large":["https:\/\/recambiosecogas.com\/wp-content\/uploads\/2024\/12\/Landi-Renzo-MED-inyector-GLP-GNV-4-cilindros-con-sensor-nueva-version-de-12-agujeros-1-png.webp",1000,1000,false],"1536x1536":["https:\/\/recambiosecogas.com\/wp-content\/uploads\/2024\/12\/Landi-Renzo-MED-inyector-GLP-GNV-4-cilindros-con-sensor-nueva-version-de-12-agujeros-1-png.webp",1000,1000,false],"2048x2048":["https:\/\/recambiosecogas.com\/wp-content\/uploads\/2024\/12\/Landi-Renzo-MED-inyector-GLP-GNV-4-cilindros-con-sensor-nueva-version-de-12-agujeros-1-png.webp",1000,1000,false],"woocommerce_archive_thumbnail":["https:\/\/recambiosecogas.com\/wp-content\/uploads\/2024\/12\/Landi-Renzo-MED-inyector-GLP-GNV-4-cilindros-con-sensor-nueva-version-de-12-agujeros-1-png.webp",1000,1000,false],"woocommerce_thumbnail":["https:\/\/recambiosecogas.com\/wp-content\/uploads\/2024\/12\/Landi-Renzo-MED-inyector-GLP-GNV-4-cilindros-con-sensor-nueva-version-de-12-agujeros-1-png-300x300.webp",300,300,true],"woocommerce_single":["https:\/\/recambiosecogas.com\/wp-content\/uploads\/2024\/12\/Landi-Renzo-MED-inyector-GLP-GNV-4-cilindros-con-sensor-nueva-version-de-12-agujeros-1-png.webp",1000,1000,false],"woocommerce_gallery_thumbnail":["https:\/\/recambiosecogas.com\/wp-content\/uploads\/2024\/12\/Landi-Renzo-MED-inyector-GLP-GNV-4-cilindros-con-sensor-nueva-version-de-12-agujeros-1-png.webp",1000,1000,false],"dgwt-wcas-product-suggestion":["https:\/\/recambiosecogas.com\/wp-content\/uploads\/2024\/12\/Landi-Renzo-MED-inyector-GLP-GNV-4-cilindros-con-sensor-nueva-version-de-12-agujeros-1-png-64x64.webp",64,64,true]},"uagb_author_info":{"display_name":"Fran - Soporte T\u00e9cnico","author_link":"https:\/\/recambiosecogas.com\/pt-pt\/author\/"},"uagb_comment_info":0,"uagb_excerpt":"Dados t\u00e9cnicos N\u00famero de aprova\u00e7\u00e3o Injetores: E13 67R - 010234 Suporte de carril: E13 67R - 010233","_links":{"self":[{"href":"https:\/\/recambiosecogas.com\/pt-pt\/wp-json\/wp\/v2\/product\/48352","targetHints":{"allow":["GET"]}}],"collection":[{"href":"https:\/\/recambiosecogas.com\/pt-pt\/wp-json\/wp\/v2\/product"}],"about":[{"href":"https:\/\/recambiosecogas.com\/pt-pt\/wp-json\/wp\/v2\/types\/product"}],"replies":[{"embeddable":true,"href":"https:\/\/recambiosecogas.com\/pt-pt\/wp-json\/wp\/v2\/comments?post=48352"}],"wp:featuredmedia":[{"embeddable":true,"href":"https:\/\/recambiosecogas.com\/pt-pt\/wp-json\/wp\/v2\/media\/25173"}],"wp:attachment":[{"href":"https:\/\/recambiosecogas.com\/pt-pt\/wp-json\/wp\/v2\/media?parent=48352"}],"wp:term":[{"taxonomy":"product_brand","embeddable":true,"href":"https:\/\/recambiosecogas.com\/pt-pt\/wp-json\/wp\/v2\/product_brand?post=48352"},{"taxonomy":"product_cat","embeddable":true,"href":"https:\/\/recambiosecogas.com\/pt-pt\/wp-json\/wp\/v2\/product_cat?post=48352"},{"taxonomy":"product_tag","embeddable":true,"href":"https:\/\/recambiosecogas.com\/pt-pt\/wp-json\/wp\/v2\/product_tag?post=48352"}],"curies":[{"name":"wp","href":"https:\/\/api.w.org\/{rel}","templated":true}]}}