{"id":48341,"date":"2024-12-09T11:56:02","date_gmt":"2024-12-09T11:56:02","guid":{"rendered":"https:\/\/recambiosecogas.com\/producto\/brc-rampa-de-inyeccion-4-cilindros-in03-plastico\/"},"modified":"2026-04-15T11:49:18","modified_gmt":"2026-04-15T10:49:18","slug":"brc-rampa-de-inyeccion-4-cilindros-in03-plastico","status":"publish","type":"product","link":"https:\/\/recambiosecogas.com\/pt-pt\/producto\/brc-rampa-de-inyeccion-4-cilindros-in03-plastico\/","title":{"rendered":"BRC IN03 Rampa de Inje\u00e7\u00e3o de 4 Cilindros (Pl\u00e1stico)"},"content":{"rendered":"<h3 class=\"\" data-start=\"0\" data-end=\"64\">BRC IN03 Rampa de Inje\u00e7\u00e3o de 4 Cilindros (Pl\u00e1stico) \u2013 GPL\/GNC<\/h3>\n<p class=\"\" data-start=\"66\" data-end=\"442\">A <strong data-start=\"69\" data-end=\"140\">rampa de inje\u00e7\u00e3o BRC IN03 para 4 cilindros com corpo de pl\u00e1stico<\/strong> \u00e9 uma das solu\u00e7\u00f5es mais amplamente utilizadas e eficientes em sistemas de inje\u00e7\u00e3o de g\u00e1s LPG e GNC. Concebida pela BRC, l\u00edder em tecnologias de combust\u00edveis alternativos, esta rampa incorpora injetores IN03, conhecidos pela <strong data-start=\"371\" data-end=\"415\">sua fiabilidade, durabilidade e alta precis\u00e3o<\/strong> na dosagem de g\u00e1s. <\/p>\n<p class=\"\" data-start=\"444\" data-end=\"908\">Este modelo \u00e9 composto por <strong data-start=\"475\" data-end=\"496\">quatro injetores<\/strong> integrados numa estrutura pl\u00e1stica leve e resistente, otimizada para instala\u00e7\u00e3o em motores de 4 cilindros. Gra\u00e7as ao seu design compacto, \u00e9 ideal tanto para convers\u00f5es como para substitui\u00e7\u00f5es em ve\u00edculos com espa\u00e7os reduzidos ao compartimento do motor. Al\u00e9m disso, permite uma inje\u00e7\u00e3o precisa do g\u00e1s, resultando numa melhor combust\u00e3o, menor consumo e uma redu\u00e7\u00e3o significativa das emiss\u00f5es.  <\/p>\n<p class=\"\" data-start=\"910\" data-end=\"1220\">A rampa do injetor BRC IN03 \u00e9 <strong data-start=\"969\" data-end=\"1018\">identificada por c\u00f3digos de cor (azul, laranja ou amarelo),<\/strong> o que permite ajustar o caudal de cada injetor de acordo com a pot\u00eancia necess\u00e1ria por cilindro. Estas vers\u00f5es variam desde configura\u00e7\u00f5es padr\u00e3o at\u00e9 motores com maiores exig\u00eancias de caudal. <\/p>\n<p class=\"\" data-start=\"1222\" data-end=\"1583\">Constru\u00edda para resistir a condi\u00e7\u00f5es de alta resist\u00eancia, esta rampa cumpre as aprova\u00e7\u00f5es europeias E13, garantindo desempenho \u00f3timo em ambientes exigentes e temperaturas extremas. \u00c9 compat\u00edvel com uma vasta gama de ve\u00edculos que utilizam sistemas BRC e pode ser encontrado tanto em instala\u00e7\u00f5es aftermarket como em configura\u00e7\u00f5es OEM. <\/p>\n<hr class=\"\" data-start=\"1585\" data-end=\"1588\">\n<h4 class=\"\" data-start=\"1590\" data-end=\"1619\">Especifica\u00e7\u00f5es<\/h4>\n<div class=\"pointer-events-none relative left-[50%]! flex w-[100cqw] translate-x-[-50%] justify-center *:pointer-events-auto\">\n<div class=\"tableContainer horzScrollShadows\">\n<table class=\"min-w-full\" data-start=\"1621\" data-end=\"2453\">\n<thead data-start=\"1621\" data-end=\"1705\">\n<tr data-start=\"1621\" data-end=\"1705\">\n<th data-start=\"1621\" data-end=\"1652\">Especifica\u00e7\u00e3o<\/th>\n<th data-start=\"1652\" data-end=\"1705\">Detalhe<\/th>\n<\/tr>\n<\/thead>\n<tbody data-start=\"1790\" data-end=\"2453\">\n<tr data-start=\"1790\" data-end=\"1872\">\n<td class=\"max-w-[calc(var(--thread-content-max-width)*2\/3)]\" data-start=\"1790\" data-end=\"1820\">Tipo de Injetor<\/td>\n<td class=\"max-w-[calc(var(--thread-content-max-width)*2\/3)] min-w-[calc(var(--thread-content-max-width)\/3)]\" data-start=\"1820\" data-end=\"1872\">BRC IN03 Rampa 4-Injetora (Pl\u00e1stico)<\/td>\n<\/tr>\n<tr data-start=\"1873\" data-end=\"1955\">\n<td class=\"max-w-[calc(var(--thread-content-max-width)*2\/3)]\" data-start=\"1873\" data-end=\"1903\">Aplica\u00e7\u00e3o<\/td>\n<td class=\"max-w-[calc(var(--thread-content-max-width)*2\/3)] min-w-[calc(var(--thread-content-max-width)\/3)]\" data-start=\"1903\" data-end=\"1955\">Sistemas de GLP\/GNC em motores de 4 cilindros<\/td>\n<\/tr>\n<tr data-start=\"1956\" data-end=\"2038\">\n<td class=\"max-w-[calc(var(--thread-content-max-width)*2\/3)]\" data-start=\"1956\" data-end=\"1986\">Cor identificativa<\/td>\n<td class=\"max-w-[calc(var(--thread-content-max-width)*2\/3)]\" data-start=\"1986\" data-end=\"2038\">Azul \/ Laranja \/ Amarelo<\/td>\n<\/tr>\n<tr data-start=\"2039\" data-end=\"2121\">\n<td class=\"max-w-[calc(var(--thread-content-max-width)*2\/3)]\" data-start=\"2039\" data-end=\"2069\">Pot\u00eancia m\u00e1xima por cilindro<\/td>\n<td class=\"max-w-[calc(var(--thread-content-max-width)*2\/3)]\" data-start=\"2069\" data-end=\"2121\">At\u00e9 34 cv\/cilindro<\/td>\n<\/tr>\n<tr data-start=\"2122\" data-end=\"2204\">\nResist\u00eancia <\/p>\n<td class=\"max-w-[calc(var(--thread-content-max-width)*2\/3)]\" data-start=\"2122\" data-end=\"2152\">da bobina<\/td>\n<td class=\"max-w-[calc(var(--thread-content-max-width)*2\/3)]\" data-start=\"2152\" data-end=\"2204\">1,55 \u2013 1,7 Ohm<\/td>\n<\/tr>\n<tr data-start=\"2205\" data-end=\"2287\">\n<td class=\"max-w-[calc(var(--thread-content-max-width)*2\/3)]\" data-start=\"2205\" data-end=\"2235\">Tens\u00e3o de funcionamento<\/td>\n<td class=\"max-w-[calc(var(--thread-content-max-width)*2\/3)]\" data-start=\"2235\" data-end=\"2287\">8 V \u2013 16 V DC<\/td>\n<\/tr>\n<tr data-start=\"2288\" data-end=\"2369\">\n<td class=\"max-w-[calc(var(--thread-content-max-width)*2\/3)]\" data-start=\"2288\" data-end=\"2320\">Temperatura de Funcionamento<\/td>\n<td class=\"max-w-[calc(var(--thread-content-max-width)*2\/3)]\" data-start=\"2320\" data-end=\"2369\">-40\u00b0C a +100\u00b0C<\/td>\n<\/tr>\n<tr data-start=\"2370\" data-end=\"2453\">\n<td class=\"max-w-[calc(var(--thread-content-max-width)*2\/3)]\" data-start=\"2370\" data-end=\"2400\">Aprova\u00e7\u00e3o<\/td>\n<td class=\"max-w-[calc(var(--thread-content-max-width)*2\/3)]\" data-start=\"2400\" data-end=\"2453\">E13 67R-01 0223<\/td>\n<\/tr>\n<\/tbody>\n<\/table>\n<p><a href=\"https:\/\/recambiosecogas.com\/pt-pt\/categoria-produto\/injecao\/injetores-rail\/\">O nosso cat\u00e1logo de injetores.<\/a><\/p>\n<p><a href=\"https:\/\/segimonautomocio.com\/\">Mude os seus injetores na nossa oficina especializada.<\/a><\/p>\n<\/div>\n<\/div>\n","protected":false},"excerpt":{"rendered":"<h4>Dados t\u00e9cnicos<\/h4>\n<p><strong>N\u00famero de aprova\u00e7\u00e3o do injetor:<\/strong> E13 67R-01 0223<\/p>\n<p><strong>Cor:<\/strong> Azul\/Laranja\/Amarelo<\/p>\n<p>&nbsp;<\/p>\n","protected":false},"featured_media":8937,"comment_status":"open","ping_status":"closed","template":"","meta":{"_uag_custom_page_level_css":""},"product_brand":[],"product_cat":[1094,1591,1597,1601],"product_tag":[1103,1223],"class_list":{"0":"post-48341","1":"product","2":"type-product","3":"status-publish","4":"has-post-thumbnail","6":"product_cat-brc-pt-pt","7":"product_cat-injecao","8":"product_cat-injetores-rail","9":"product_cat-rail-riel","10":"product_tag-4-cilindros-pt-pt","11":"product_tag-in03-pt-pt","13":"first","14":"onbackorder","15":"taxable","16":"shipping-taxable","17":"purchasable","18":"product-type-variable"},"ct_brands":[],"yoast_head":"<!-- This site is optimized with the Yoast SEO Premium plugin v27.4 (Yoast SEO v27.5) - https:\/\/yoast.com\/product\/yoast-seo-premium-wordpress\/ -->\n<title>BRC IN03 Rampa de Inje\u00e7\u00e3o de 4 Cilindros (Pl\u00e1stico) | Recambios EcoGas | Sistemas GLP y GNC<\/title>\n<meta name=\"description\" content=\"BRC IN03 rampa de inje\u00e7\u00e3o de 4 cilindros com carro\u00e7aria de pl\u00e1stico. Compat\u00edvel com GLP e GNC. Precis\u00e3o e durabilidade m\u00e1ximas. Aprova\u00e7\u00e3o E13 67R-01 0223.\" \/>\n<meta name=\"robots\" content=\"index, follow, max-snippet:-1, max-image-preview:large, max-video-preview:-1\" \/>\n<link rel=\"canonical\" href=\"https:\/\/recambiosecogas.com\/pt-pt\/producto\/brc-rampa-de-inyeccion-4-cilindros-in03-plastico\/\" \/>\n<meta property=\"og:locale\" content=\"pt_PT\" \/>\n<meta property=\"og:type\" content=\"article\" \/>\n<meta property=\"og:title\" content=\"BRC IN03 Rampa de Inje\u00e7\u00e3o de 4 Cilindros (Pl\u00e1stico)\" \/>\n<meta property=\"og:description\" content=\"BRC IN03 rampa de inje\u00e7\u00e3o de 4 cilindros com carro\u00e7aria de pl\u00e1stico. Compat\u00edvel com GLP e GNC. Precis\u00e3o e durabilidade m\u00e1ximas. Aprova\u00e7\u00e3o E13 67R-01 0223.\" \/>\n<meta property=\"og:url\" content=\"https:\/\/recambiosecogas.com\/pt-pt\/producto\/brc-rampa-de-inyeccion-4-cilindros-in03-plastico\/\" \/>\n<meta property=\"og:site_name\" content=\"Recambios EcoGas\" \/>\n<meta property=\"article:publisher\" content=\"https:\/\/www.facebook.com\/profile.php?id=100062419705358\" \/>\n<meta property=\"article:modified_time\" content=\"2026-04-15T10:49:18+00:00\" \/>\n<meta property=\"og:image\" content=\"https:\/\/recambiosecogas.com\/wp-content\/uploads\/2024\/12\/BRC-rampa-de-inyeccion-de-4-cilindros-IN03-plastico-png.webp\" \/>\n\t<meta property=\"og:image:width\" content=\"1000\" \/>\n\t<meta property=\"og:image:height\" content=\"1000\" \/>\n\t<meta property=\"og:image:type\" content=\"image\/png\" \/>\n<meta name=\"twitter:card\" content=\"summary_large_image\" \/>\n<meta name=\"twitter:label1\" content=\"Disponibilidade\" \/>\n\t<meta name=\"twitter:data1\" content=\"Por encomenda\" \/>\n<script type=\"application\/ld+json\" class=\"yoast-schema-graph\">{\"@context\":\"https:\\\/\\\/schema.org\",\"@graph\":[{\"@type\":\"WebPage\",\"@id\":\"https:\\\/\\\/recambiosecogas.com\\\/pt-pt\\\/producto\\\/brc-rampa-de-inyeccion-4-cilindros-in03-plastico\\\/\",\"url\":\"https:\\\/\\\/recambiosecogas.com\\\/pt-pt\\\/producto\\\/brc-rampa-de-inyeccion-4-cilindros-in03-plastico\\\/\",\"name\":\"BRC IN03 Rampa de Inje\u00e7\u00e3o de 4 Cilindros (Pl\u00e1stico) | Recambios EcoGas | Sistemas GLP y GNC\",\"isPartOf\":{\"@id\":\"https:\\\/\\\/recambiosecogas.com\\\/pt-pt\\\/#website\"},\"primaryImageOfPage\":{\"@id\":\"https:\\\/\\\/recambiosecogas.com\\\/pt-pt\\\/producto\\\/brc-rampa-de-inyeccion-4-cilindros-in03-plastico\\\/#primaryimage\"},\"image\":{\"@id\":\"https:\\\/\\\/recambiosecogas.com\\\/pt-pt\\\/producto\\\/brc-rampa-de-inyeccion-4-cilindros-in03-plastico\\\/#primaryimage\"},\"thumbnailUrl\":\"https:\\\/\\\/recambiosecogas.com\\\/wp-content\\\/uploads\\\/2024\\\/12\\\/BRC-rampa-de-inyeccion-de-4-cilindros-IN03-plastico-png.webp\",\"datePublished\":\"2024-12-09T11:56:02+00:00\",\"dateModified\":\"2026-04-15T10:49:18+00:00\",\"description\":\"BRC IN03 rampa de inje\u00e7\u00e3o de 4 cilindros com carro\u00e7aria de pl\u00e1stico. Compat\u00edvel com GLP e GNC. Precis\u00e3o e durabilidade m\u00e1ximas. Aprova\u00e7\u00e3o E13 67R-01 0223.\",\"breadcrumb\":{\"@id\":\"https:\\\/\\\/recambiosecogas.com\\\/pt-pt\\\/producto\\\/brc-rampa-de-inyeccion-4-cilindros-in03-plastico\\\/#breadcrumb\"},\"inLanguage\":\"pt-PT\",\"potentialAction\":[{\"@type\":\"ReadAction\",\"target\":[\"https:\\\/\\\/recambiosecogas.com\\\/pt-pt\\\/producto\\\/brc-rampa-de-inyeccion-4-cilindros-in03-plastico\\\/\"]}]},{\"@type\":\"ImageObject\",\"inLanguage\":\"pt-PT\",\"@id\":\"https:\\\/\\\/recambiosecogas.com\\\/pt-pt\\\/producto\\\/brc-rampa-de-inyeccion-4-cilindros-in03-plastico\\\/#primaryimage\",\"url\":\"https:\\\/\\\/recambiosecogas.com\\\/wp-content\\\/uploads\\\/2024\\\/12\\\/BRC-rampa-de-inyeccion-de-4-cilindros-IN03-plastico-png.webp\",\"contentUrl\":\"https:\\\/\\\/recambiosecogas.com\\\/wp-content\\\/uploads\\\/2024\\\/12\\\/BRC-rampa-de-inyeccion-de-4-cilindros-IN03-plastico-png.webp\",\"width\":1000,\"height\":1000},{\"@type\":\"BreadcrumbList\",\"@id\":\"https:\\\/\\\/recambiosecogas.com\\\/pt-pt\\\/producto\\\/brc-rampa-de-inyeccion-4-cilindros-in03-plastico\\\/#breadcrumb\",\"itemListElement\":[{\"@type\":\"ListItem\",\"position\":1,\"name\":\"P\u00e1gina inicial\",\"item\":\"https:\\\/\\\/recambiosecogas.com\\\/pt-pt\\\/\"},{\"@type\":\"ListItem\",\"position\":2,\"name\":\"Loja\",\"item\":\"https:\\\/\\\/recambiosecogas.com\\\/pt-pt\\\/tienda\\\/\"},{\"@type\":\"ListItem\",\"position\":3,\"name\":\"BRC IN03 Rampa de Inje\u00e7\u00e3o de 4 Cilindros (Pl\u00e1stico)\"}]},{\"@type\":\"WebSite\",\"@id\":\"https:\\\/\\\/recambiosecogas.com\\\/pt-pt\\\/#website\",\"url\":\"https:\\\/\\\/recambiosecogas.com\\\/pt-pt\\\/\",\"name\":\"Recambios EcoGas\",\"description\":\"Pe\u00e7as multimarca para sistemas de GPL\\\/GNC\\\/GNL\\\/Hidrog\u00e9nio\",\"publisher\":{\"@id\":\"https:\\\/\\\/recambiosecogas.com\\\/pt-pt\\\/#organization\"},\"alternateName\":\"Recambios Autogas GLP\",\"potentialAction\":[{\"@type\":\"SearchAction\",\"target\":{\"@type\":\"EntryPoint\",\"urlTemplate\":\"https:\\\/\\\/recambiosecogas.com\\\/pt-pt\\\/?s={search_term_string}\"},\"query-input\":{\"@type\":\"PropertyValueSpecification\",\"valueRequired\":true,\"valueName\":\"search_term_string\"}}],\"inLanguage\":\"pt-PT\"},{\"@type\":[\"Organization\",\"Place\"],\"@id\":\"https:\\\/\\\/recambiosecogas.com\\\/pt-pt\\\/#organization\",\"name\":\"Recambios EcoGas\",\"alternateName\":\"Loja de GPL Autog\u00e1s Espanha\",\"url\":\"https:\\\/\\\/recambiosecogas.com\\\/pt-pt\\\/\",\"logo\":{\"@id\":\"https:\\\/\\\/recambiosecogas.com\\\/pt-pt\\\/producto\\\/brc-rampa-de-inyeccion-4-cilindros-in03-plastico\\\/#local-main-organization-logo\"},\"image\":{\"@id\":\"https:\\\/\\\/recambiosecogas.com\\\/pt-pt\\\/producto\\\/brc-rampa-de-inyeccion-4-cilindros-in03-plastico\\\/#local-main-organization-logo\"},\"sameAs\":[\"https:\\\/\\\/www.facebook.com\\\/profile.php?id=100062419705358\",\"https:\\\/\\\/www.instagram.com\\\/segimon_automocio\"],\"description\":\"Recambios EcoGas \u2013 Venta y distribuci\u00f3n de sistemas GLP y GNC en Espa\u00f1a y Portugal. Env\u00edos 24 h, soporte t\u00e9cnico a talleres y distribuidores.\",\"hasMerchantReturnPolicy\":{\"@type\":\"MerchantReturnPolicy\",\"merchantReturnLink\":\"https:\\\/\\\/recambiosecogas.com\\\/politicas-privacidad\\\/\"},\"address\":{\"@id\":\"https:\\\/\\\/recambiosecogas.com\\\/pt-pt\\\/producto\\\/brc-rampa-de-inyeccion-4-cilindros-in03-plastico\\\/#local-main-place-address\"},\"telephone\":[\"616250633\"],\"contactPoint\":{\"@type\":\"ContactPoint\",\"email\":\"export@recambiosecogas.com\"},\"openingHoursSpecification\":[{\"@type\":\"OpeningHoursSpecification\",\"dayOfWeek\":[\"Monday\",\"Tuesday\",\"Wednesday\",\"Thursday\",\"Friday\",\"Saturday\",\"Sunday\"],\"opens\":\"09:00\",\"closes\":\"17:00\"}],\"email\":\"info@recambiosecogas.com\",\"faxNumber\":\"SEGIMON AUTOMOCION SL\",\"vatID\":\"ESB19819861\",\"globalLocationNumber\":\"938 616 339\"},{\"@type\":\"PostalAddress\",\"@id\":\"https:\\\/\\\/recambiosecogas.com\\\/pt-pt\\\/producto\\\/brc-rampa-de-inyeccion-4-cilindros-in03-plastico\\\/#local-main-place-address\",\"streetAddress\":\"cami antic de vic, 29 (Nave 3), Pol\u00edgono Industrial Congost\",\"addressLocality\":\"CORRO D`AVALL\",\"postalCode\":\"08520\",\"addressRegion\":\"Barcelona\",\"addressCountry\":\"ES\"},{\"@type\":\"ImageObject\",\"inLanguage\":\"pt-PT\",\"@id\":\"https:\\\/\\\/recambiosecogas.com\\\/pt-pt\\\/producto\\\/brc-rampa-de-inyeccion-4-cilindros-in03-plastico\\\/#local-main-organization-logo\",\"url\":\"https:\\\/\\\/recambiosecogas.com\\\/wp-content\\\/uploads\\\/2024\\\/11\\\/cropped-RECAMBIOS-GLP-png.webp\",\"contentUrl\":\"https:\\\/\\\/recambiosecogas.com\\\/wp-content\\\/uploads\\\/2024\\\/11\\\/cropped-RECAMBIOS-GLP-png.webp\",\"width\":512,\"height\":512,\"caption\":\"Recambios EcoGas\"}]}<\/script>\n<meta property=\"og:availability\" content=\"backorder\" \/>\n<meta property=\"product:availability\" content=\"available for order\" \/>\n<meta property=\"product:retailer_item_id\" content=\"109212\" \/>\n<meta property=\"product:condition\" content=\"new\" \/>\n<meta name=\"geo.placename\" content=\"CORRO D`AVALL\" \/>\n<meta name=\"geo.region\" content=\"Espanha\" \/>\n<!-- \/ Yoast SEO Premium plugin. -->","yoast_head_json":{"title":"BRC IN03 Rampa de Inje\u00e7\u00e3o de 4 Cilindros (Pl\u00e1stico) | Recambios EcoGas | Sistemas GLP y GNC","description":"BRC IN03 rampa de inje\u00e7\u00e3o de 4 cilindros com carro\u00e7aria de pl\u00e1stico. Compat\u00edvel com GLP e GNC. Precis\u00e3o e durabilidade m\u00e1ximas. Aprova\u00e7\u00e3o E13 67R-01 0223.","robots":{"index":"index","follow":"follow","max-snippet":"max-snippet:-1","max-image-preview":"max-image-preview:large","max-video-preview":"max-video-preview:-1"},"canonical":"https:\/\/recambiosecogas.com\/pt-pt\/producto\/brc-rampa-de-inyeccion-4-cilindros-in03-plastico\/","og_locale":"pt_PT","og_type":"article","og_title":"BRC IN03 Rampa de Inje\u00e7\u00e3o de 4 Cilindros (Pl\u00e1stico)","og_description":"BRC IN03 rampa de inje\u00e7\u00e3o de 4 cilindros com carro\u00e7aria de pl\u00e1stico. Compat\u00edvel com GLP e GNC. Precis\u00e3o e durabilidade m\u00e1ximas. Aprova\u00e7\u00e3o E13 67R-01 0223.","og_url":"https:\/\/recambiosecogas.com\/pt-pt\/producto\/brc-rampa-de-inyeccion-4-cilindros-in03-plastico\/","og_site_name":"Recambios EcoGas","article_publisher":"https:\/\/www.facebook.com\/profile.php?id=100062419705358","article_modified_time":"2026-04-15T10:49:18+00:00","og_image":[{"width":1000,"height":1000,"url":"https:\/\/recambiosecogas.com\/wp-content\/uploads\/2024\/12\/BRC-rampa-de-inyeccion-de-4-cilindros-IN03-plastico-png.webp","type":"image\/png"}],"twitter_card":"summary_large_image","twitter_misc":{"Disponibilidade":"Por encomenda"},"schema":{"@context":"https:\/\/schema.org","@graph":[{"@type":"WebPage","@id":"https:\/\/recambiosecogas.com\/pt-pt\/producto\/brc-rampa-de-inyeccion-4-cilindros-in03-plastico\/","url":"https:\/\/recambiosecogas.com\/pt-pt\/producto\/brc-rampa-de-inyeccion-4-cilindros-in03-plastico\/","name":"BRC IN03 Rampa de Inje\u00e7\u00e3o de 4 Cilindros (Pl\u00e1stico) | Recambios EcoGas | Sistemas GLP y GNC","isPartOf":{"@id":"https:\/\/recambiosecogas.com\/pt-pt\/#website"},"primaryImageOfPage":{"@id":"https:\/\/recambiosecogas.com\/pt-pt\/producto\/brc-rampa-de-inyeccion-4-cilindros-in03-plastico\/#primaryimage"},"image":{"@id":"https:\/\/recambiosecogas.com\/pt-pt\/producto\/brc-rampa-de-inyeccion-4-cilindros-in03-plastico\/#primaryimage"},"thumbnailUrl":"https:\/\/recambiosecogas.com\/wp-content\/uploads\/2024\/12\/BRC-rampa-de-inyeccion-de-4-cilindros-IN03-plastico-png.webp","datePublished":"2024-12-09T11:56:02+00:00","dateModified":"2026-04-15T10:49:18+00:00","description":"BRC IN03 rampa de inje\u00e7\u00e3o de 4 cilindros com carro\u00e7aria de pl\u00e1stico. Compat\u00edvel com GLP e GNC. Precis\u00e3o e durabilidade m\u00e1ximas. Aprova\u00e7\u00e3o E13 67R-01 0223.","breadcrumb":{"@id":"https:\/\/recambiosecogas.com\/pt-pt\/producto\/brc-rampa-de-inyeccion-4-cilindros-in03-plastico\/#breadcrumb"},"inLanguage":"pt-PT","potentialAction":[{"@type":"ReadAction","target":["https:\/\/recambiosecogas.com\/pt-pt\/producto\/brc-rampa-de-inyeccion-4-cilindros-in03-plastico\/"]}]},{"@type":"ImageObject","inLanguage":"pt-PT","@id":"https:\/\/recambiosecogas.com\/pt-pt\/producto\/brc-rampa-de-inyeccion-4-cilindros-in03-plastico\/#primaryimage","url":"https:\/\/recambiosecogas.com\/wp-content\/uploads\/2024\/12\/BRC-rampa-de-inyeccion-de-4-cilindros-IN03-plastico-png.webp","contentUrl":"https:\/\/recambiosecogas.com\/wp-content\/uploads\/2024\/12\/BRC-rampa-de-inyeccion-de-4-cilindros-IN03-plastico-png.webp","width":1000,"height":1000},{"@type":"BreadcrumbList","@id":"https:\/\/recambiosecogas.com\/pt-pt\/producto\/brc-rampa-de-inyeccion-4-cilindros-in03-plastico\/#breadcrumb","itemListElement":[{"@type":"ListItem","position":1,"name":"P\u00e1gina inicial","item":"https:\/\/recambiosecogas.com\/pt-pt\/"},{"@type":"ListItem","position":2,"name":"Loja","item":"https:\/\/recambiosecogas.com\/pt-pt\/tienda\/"},{"@type":"ListItem","position":3,"name":"BRC IN03 Rampa de Inje\u00e7\u00e3o de 4 Cilindros (Pl\u00e1stico)"}]},{"@type":"WebSite","@id":"https:\/\/recambiosecogas.com\/pt-pt\/#website","url":"https:\/\/recambiosecogas.com\/pt-pt\/","name":"Recambios EcoGas","description":"Pe\u00e7as multimarca para sistemas de GPL\/GNC\/GNL\/Hidrog\u00e9nio","publisher":{"@id":"https:\/\/recambiosecogas.com\/pt-pt\/#organization"},"alternateName":"Recambios Autogas GLP","potentialAction":[{"@type":"SearchAction","target":{"@type":"EntryPoint","urlTemplate":"https:\/\/recambiosecogas.com\/pt-pt\/?s={search_term_string}"},"query-input":{"@type":"PropertyValueSpecification","valueRequired":true,"valueName":"search_term_string"}}],"inLanguage":"pt-PT"},{"@type":["Organization","Place"],"@id":"https:\/\/recambiosecogas.com\/pt-pt\/#organization","name":"Recambios EcoGas","alternateName":"Loja de GPL Autog\u00e1s Espanha","url":"https:\/\/recambiosecogas.com\/pt-pt\/","logo":{"@id":"https:\/\/recambiosecogas.com\/pt-pt\/producto\/brc-rampa-de-inyeccion-4-cilindros-in03-plastico\/#local-main-organization-logo"},"image":{"@id":"https:\/\/recambiosecogas.com\/pt-pt\/producto\/brc-rampa-de-inyeccion-4-cilindros-in03-plastico\/#local-main-organization-logo"},"sameAs":["https:\/\/www.facebook.com\/profile.php?id=100062419705358","https:\/\/www.instagram.com\/segimon_automocio"],"description":"Recambios EcoGas \u2013 Venta y distribuci\u00f3n de sistemas GLP y GNC en Espa\u00f1a y Portugal. Env\u00edos 24 h, soporte t\u00e9cnico a talleres y distribuidores.","hasMerchantReturnPolicy":{"@type":"MerchantReturnPolicy","merchantReturnLink":"https:\/\/recambiosecogas.com\/politicas-privacidad\/"},"address":{"@id":"https:\/\/recambiosecogas.com\/pt-pt\/producto\/brc-rampa-de-inyeccion-4-cilindros-in03-plastico\/#local-main-place-address"},"telephone":["616250633"],"contactPoint":{"@type":"ContactPoint","email":"export@recambiosecogas.com"},"openingHoursSpecification":[{"@type":"OpeningHoursSpecification","dayOfWeek":["Monday","Tuesday","Wednesday","Thursday","Friday","Saturday","Sunday"],"opens":"09:00","closes":"17:00"}],"email":"info@recambiosecogas.com","faxNumber":"SEGIMON AUTOMOCION SL","vatID":"ESB19819861","globalLocationNumber":"938 616 339"},{"@type":"PostalAddress","@id":"https:\/\/recambiosecogas.com\/pt-pt\/producto\/brc-rampa-de-inyeccion-4-cilindros-in03-plastico\/#local-main-place-address","streetAddress":"cami antic de vic, 29 (Nave 3), Pol\u00edgono Industrial Congost","addressLocality":"CORRO D`AVALL","postalCode":"08520","addressRegion":"Barcelona","addressCountry":"ES"},{"@type":"ImageObject","inLanguage":"pt-PT","@id":"https:\/\/recambiosecogas.com\/pt-pt\/producto\/brc-rampa-de-inyeccion-4-cilindros-in03-plastico\/#local-main-organization-logo","url":"https:\/\/recambiosecogas.com\/wp-content\/uploads\/2024\/11\/cropped-RECAMBIOS-GLP-png.webp","contentUrl":"https:\/\/recambiosecogas.com\/wp-content\/uploads\/2024\/11\/cropped-RECAMBIOS-GLP-png.webp","width":512,"height":512,"caption":"Recambios EcoGas"}]},"og_availability":"backorder","product_availability":"available for order","product_retailer_item_id":"109212","product_condition":"new","geo.placename":"CORRO D`AVALL","geo.region":"Espanha"},"uagb_featured_image_src":{"full":["https:\/\/recambiosecogas.com\/wp-content\/uploads\/2024\/12\/BRC-rampa-de-inyeccion-de-4-cilindros-IN03-plastico-png.webp",1000,1000,false],"thumbnail":["https:\/\/recambiosecogas.com\/wp-content\/uploads\/2024\/12\/BRC-rampa-de-inyeccion-de-4-cilindros-IN03-plastico-150x150.webp",150,150,true],"medium":["https:\/\/recambiosecogas.com\/wp-content\/uploads\/2024\/12\/BRC-rampa-de-inyeccion-de-4-cilindros-IN03-plastico-300x300.webp",300,300,true],"medium_large":["https:\/\/recambiosecogas.com\/wp-content\/uploads\/2024\/12\/BRC-rampa-de-inyeccion-de-4-cilindros-IN03-plastico-768x768.webp",768,768,true],"large":["https:\/\/recambiosecogas.com\/wp-content\/uploads\/2024\/12\/BRC-rampa-de-inyeccion-de-4-cilindros-IN03-plastico-png.webp",1000,1000,false],"1536x1536":["https:\/\/recambiosecogas.com\/wp-content\/uploads\/2024\/12\/BRC-rampa-de-inyeccion-de-4-cilindros-IN03-plastico-png.webp",1000,1000,false],"2048x2048":["https:\/\/recambiosecogas.com\/wp-content\/uploads\/2024\/12\/BRC-rampa-de-inyeccion-de-4-cilindros-IN03-plastico-png.webp",1000,1000,false],"woocommerce_archive_thumbnail":["https:\/\/recambiosecogas.com\/wp-content\/uploads\/2024\/12\/BRC-rampa-de-inyeccion-de-4-cilindros-IN03-plastico-png.webp",1000,1000,false],"woocommerce_thumbnail":["https:\/\/recambiosecogas.com\/wp-content\/uploads\/2024\/12\/BRC-rampa-de-inyeccion-de-4-cilindros-IN03-plastico-png-300x300.webp",300,300,true],"woocommerce_single":["https:\/\/recambiosecogas.com\/wp-content\/uploads\/2024\/12\/BRC-rampa-de-inyeccion-de-4-cilindros-IN03-plastico-png.webp",1000,1000,false],"woocommerce_gallery_thumbnail":["https:\/\/recambiosecogas.com\/wp-content\/uploads\/2024\/12\/BRC-rampa-de-inyeccion-de-4-cilindros-IN03-plastico-png.webp",1000,1000,false],"dgwt-wcas-product-suggestion":["https:\/\/recambiosecogas.com\/wp-content\/uploads\/2024\/12\/BRC-rampa-de-inyeccion-de-4-cilindros-IN03-plastico-png-64x64.webp",64,64,true]},"uagb_author_info":{"display_name":"Fran - Soporte T\u00e9cnico","author_link":"https:\/\/recambiosecogas.com\/pt-pt\/author\/"},"uagb_comment_info":0,"uagb_excerpt":"Dados t\u00e9cnicos N\u00famero de aprova\u00e7\u00e3o do injetor: E13 67R-01 0223 Cor: Azul\/Laranja\/Amarelo &nbsp;","_links":{"self":[{"href":"https:\/\/recambiosecogas.com\/pt-pt\/wp-json\/wp\/v2\/product\/48341","targetHints":{"allow":["GET"]}}],"collection":[{"href":"https:\/\/recambiosecogas.com\/pt-pt\/wp-json\/wp\/v2\/product"}],"about":[{"href":"https:\/\/recambiosecogas.com\/pt-pt\/wp-json\/wp\/v2\/types\/product"}],"replies":[{"embeddable":true,"href":"https:\/\/recambiosecogas.com\/pt-pt\/wp-json\/wp\/v2\/comments?post=48341"}],"wp:featuredmedia":[{"embeddable":true,"href":"https:\/\/recambiosecogas.com\/pt-pt\/wp-json\/wp\/v2\/media\/8937"}],"wp:attachment":[{"href":"https:\/\/recambiosecogas.com\/pt-pt\/wp-json\/wp\/v2\/media?parent=48341"}],"wp:term":[{"taxonomy":"product_brand","embeddable":true,"href":"https:\/\/recambiosecogas.com\/pt-pt\/wp-json\/wp\/v2\/product_brand?post=48341"},{"taxonomy":"product_cat","embeddable":true,"href":"https:\/\/recambiosecogas.com\/pt-pt\/wp-json\/wp\/v2\/product_cat?post=48341"},{"taxonomy":"product_tag","embeddable":true,"href":"https:\/\/recambiosecogas.com\/pt-pt\/wp-json\/wp\/v2\/product_tag?post=48341"}],"curies":[{"name":"wp","href":"https:\/\/api.w.org\/{rel}","templated":true}]}}