{"id":48269,"date":"2024-12-09T10:56:24","date_gmt":"2024-12-09T09:56:24","guid":{"rendered":"https:\/\/recambiosecogas.com\/producto\/keihin-kn8-rampa-de-inyeccion-de-3-cilindros-42cc-100cc\/"},"modified":"2026-04-15T11:49:04","modified_gmt":"2026-04-15T10:49:04","slug":"keihin-kn8-rampa-de-inyeccion-de-3-cilindros-42cc-100cc","status":"publish","type":"product","link":"https:\/\/recambiosecogas.com\/pt-pt\/producto\/keihin-kn8-rampa-de-inyeccion-de-3-cilindros-42cc-100cc\/","title":{"rendered":"Rampa de inje\u00e7\u00e3o Keihin KN8 de 3 cilindros (32cc &#8211; 100cc)"},"content":{"rendered":"<section>\n<div id=\"layout_content\">\n<div class=\"layout_content_inner cf\">\n<article>\n<div>\n<div id=\"horizontalTab\" class=\"pd_tabs\">\n<div class=\"resp-tabs-container\">\n<div class=\"pd_description resp-tab-content resp-tab-content-active\" aria-labelledby=\"tab_item-0\">\n<div>\n<h3 class=\"\" data-start=\"141\" data-end=\"204\">Rampa de inje\u00e7\u00e3o Keihin KN8 de 3 cilindros (32cc &#8211; 100cc)<\/h3>\n<p class=\"\" data-start=\"206\" data-end=\"631\">A rampa de inje\u00e7\u00e3o Keihin KN8 de 3 cilindros foi concebida para utiliza\u00e7\u00e3o em sistemas de g\u00e1s Prins VSI I\/II LPG e GNC. Este conjunto inclui tr\u00eas bicos de alto desempenho, reconhecidos pela sua precis\u00e3o, fiabilidade e funcionamento silencioso gra\u00e7as \u00e0 tecnologia de diafragma. A rampa KN8 oferece uma solu\u00e7\u00e3o eficaz para combust\u00e3o otimizada e dosagem precisa de combust\u00edvel em motores de 3 cilindros.  <\/p>\n<p class=\"\" data-start=\"633\" data-end=\"1036\">Cada injetor Keihin \u00e9 identificado por um c\u00f3digo de cores que determina a sua capacidade de fluxo, permitindo ao utilizador escolher a variante mais adequada para a gama de pot\u00eancia do motor. Esta rampa \u00e9 utilizada em ve\u00edculos convertidos para GPL\/GNC que procuram desempenho duradouro, baixo consumo e menores emiss\u00f5es poluentes. A instala\u00e7\u00e3o \u00e9 simples e compat\u00edvel com v\u00e1rios modelos de ve\u00edculos.  <\/p>\n<p class=\"\" data-start=\"1038\" data-end=\"1241\">\u00c9 importante verificar o tamanho necess\u00e1rio antecipadamente para garantir a compatibilidade. Se tiver d\u00favidas sobre a equival\u00eancia, pode enviar-nos uma imagem dos injetores atuais para confirma\u00e7\u00e3o. <\/p>\n<hr class=\"\" data-start=\"1243\" data-end=\"1246\">\n<p class=\"\" data-start=\"1248\" data-end=\"1276\"><strong data-start=\"1248\" data-end=\"1276\">Especifica\u00e7\u00f5es<\/strong><\/p>\n<div class=\"pointer-events-none relative left-[50%]! flex w-[100cqw] translate-x-[-50%] justify-center *:pointer-events-auto\">\n<div class=\"tableContainer horzScrollShadows group relative\">\n<p>&nbsp;<\/p>\n<table class=\"min-w-full\" data-start=\"1278\" data-end=\"2010\">\n<thead data-start=\"1278\" data-end=\"1380\">\n<tr data-start=\"1278\" data-end=\"1380\">\n<th data-start=\"1278\" data-end=\"1297\">Variante (cor)<\/th>\n<th data-start=\"1297\" data-end=\"1314\">Capacidade (cc)<\/th>\n<th data-start=\"1314\" data-end=\"1352\">Gama de pot\u00eancia por cilindro (KW)<\/th>\n<th data-start=\"1352\" data-end=\"1380\">Aprova\u00e7\u00e3o<\/th>\n<\/tr>\n<\/thead>\n<tbody data-start=\"1486\" data-end=\"2010\">\n<tr data-start=\"1486\" data-end=\"1590\">\n<td class=\"max-w-[calc(var(--thread-content-max-width)*2\/3)]\" data-start=\"1486\" data-end=\"1505\">Verde<\/td>\n<td class=\"max-w-[calc(var(--thread-content-max-width)*2\/3)]\" data-start=\"1505\" data-end=\"1522\">32cc<\/td>\n<td class=\"max-w-[calc(var(--thread-content-max-width)*2\/3)]\" data-start=\"1522\" data-end=\"1561\">At\u00e9 12 KW<\/td>\n<td class=\"max-w-[calc(var(--thread-content-max-width)*2\/3)]\" data-start=\"1561\" data-end=\"1590\">E4 67R-01 0092 Classe 2<\/td>\n<\/tr>\n<tr data-start=\"1591\" data-end=\"1695\">\n<td class=\"max-w-[calc(var(--thread-content-max-width)*2\/3)]\" data-start=\"1591\" data-end=\"1610\">Azul<\/td>\n<td class=\"max-w-[calc(var(--thread-content-max-width)*2\/3)]\" data-start=\"1610\" data-end=\"1627\">52cc<\/td>\n<td class=\"max-w-[calc(var(--thread-content-max-width)*2\/3)]\" data-start=\"1627\" data-end=\"1666\">13,75 \u2013 21,50 KW<\/td>\n<td class=\"max-w-[calc(var(--thread-content-max-width)*2\/3)]\" data-start=\"1666\" data-end=\"1695\">E4 67R-01 0092 Classe 2<\/td>\n<\/tr>\n<tr data-start=\"1696\" data-end=\"1800\">\n<td class=\"max-w-[calc(var(--thread-content-max-width)*2\/3)]\" data-start=\"1696\" data-end=\"1715\">Laranja<\/td>\n<td class=\"max-w-[calc(var(--thread-content-max-width)*2\/3)]\" data-start=\"1715\" data-end=\"1732\">63cc<\/td>\n<td class=\"max-w-[calc(var(--thread-content-max-width)*2\/3)]\" data-start=\"1732\" data-end=\"1771\">16.50 \u2013 27.50 KW<\/td>\n<td class=\"max-w-[calc(var(--thread-content-max-width)*2\/3)]\" data-start=\"1771\" data-end=\"1800\">E4 67R-01 0092 Classe 2<\/td>\n<\/tr>\n<tr data-start=\"1801\" data-end=\"1905\">\n<td class=\"max-w-[calc(var(--thread-content-max-width)*2\/3)]\" data-start=\"1801\" data-end=\"1820\">Amarelo<\/td>\n<td class=\"max-w-[calc(var(--thread-content-max-width)*2\/3)]\" data-start=\"1820\" data-end=\"1837\">73cc<\/td>\n<td class=\"max-w-[calc(var(--thread-content-max-width)*2\/3)]\" data-start=\"1837\" data-end=\"1876\">20,75 \u2013 32,50 KW<\/td>\n<td class=\"max-w-[calc(var(--thread-content-max-width)*2\/3)]\" data-start=\"1876\" data-end=\"1905\">E4 67R-01 0092 Classe 2<\/td>\n<\/tr>\n<tr data-start=\"1906\" data-end=\"2010\">\n<td class=\"max-w-[calc(var(--thread-content-max-width)*2\/3)]\" data-start=\"1906\" data-end=\"1925\">\n Brown<\/td>\n<td class=\"max-w-[calc(var(--thread-content-max-width)*2\/3)]\" data-start=\"1925\" data-end=\"1942\">100cc<\/td>\n<td class=\"max-w-[calc(var(--thread-content-max-width)*2\/3)]\" data-start=\"1942\" data-end=\"1981\">De 32,5 KW<\/td>\n<td class=\"max-w-[calc(var(--thread-content-max-width)*2\/3)]\" data-start=\"1981\" data-end=\"2010\">E4 67R-01 0092 Classe 2<\/td>\n<\/tr>\n<\/tbody>\n<\/table>\n<\/div>\n<\/div>\n<p class=\"\" data-start=\"2012\" data-end=\"2050\"><strong data-start=\"2012\" data-end=\"2035\">Aprova\u00e7\u00e3o da ordem:<\/strong> E4 67R-01 0093<\/p>\n<p><a href=\"https:\/\/recambiosecogas.com\/pt-pt\/categoria-produto\/injecao\/injetores-rail\/\">O nosso cat\u00e1logo de injetores.<\/a><\/p>\n<p><a href=\"https:\/\/segimonautomocio.com\/\">Mude os seus injetores na nossa oficina especializada.<\/a><\/p>\n<\/div>\n<\/div>\n<\/div>\n<\/div>\n<\/div>\n<\/article>\n<\/div>\n<\/div>\n<\/section>\n<p>.<br \/>\nA rampa de inje\u00e7\u00e3o Keihin KN8 \u00e9 ideal para quem procura melhorar o desempenho dos seus ve\u00edculos convertidos a GPL ou GNC. Ao otimizar a inje\u00e7\u00e3o de g\u00e1s, obt\u00e9m-se uma combust\u00e3o mais eficiente, o que se traduz num menor consumo de combust\u00edvel e numa redu\u00e7\u00e3o significativa das emiss\u00f5es de poluentes. Este componente \u00e9 essencial para manter a funcionalidade do sistema de inje\u00e7\u00e3o e garantir um desempenho duradouro em motores de 3 cilindros.  <\/p>\n","protected":false},"excerpt":{"rendered":"<p>Rampa de inje\u00e7\u00e3o Keihin KN8 de 3 cilindros, concebida para sistemas de GPL\/GNC, otimiza a inje\u00e7\u00e3o de g\u00e1s garantindo um desempenho eficiente.<\/p>\n","protected":false},"featured_media":8975,"comment_status":"open","ping_status":"closed","template":"","meta":{"_uag_custom_page_level_css":""},"product_brand":[],"product_cat":[1591,1597,1731,1601],"product_tag":[1133,1121,1124,1126,1129,1225,1227],"class_list":{"0":"post-48269","1":"product","2":"type-product","3":"status-publish","4":"has-post-thumbnail","6":"product_cat-injecao","7":"product_cat-injetores-rail","8":"product_cat-keihin-pt-pt","9":"product_cat-rail-riel","10":"product_tag-100cc-pt-pt","11":"product_tag-32cc-pt-pt","12":"product_tag-52cc-pt-pt","13":"product_tag-63cc-pt-pt","14":"product_tag-73cc-pt-pt-2","15":"product_tag-injecao-de-3-cilindros","16":"product_tag-kn8-pt-pt","18":"first","19":"onbackorder","20":"taxable","21":"shipping-taxable","22":"purchasable","23":"product-type-variable"},"ct_brands":[],"yoast_head":"<!-- This site is optimized with the Yoast SEO Premium plugin v27.5 (Yoast SEO v27.5) - https:\/\/yoast.com\/product\/yoast-seo-premium-wordpress\/ -->\n<title>Rampa de inje\u00e7\u00e3o Keihin KN8 de 3 cilindros | Pe\u00e7as sobressalentes Ecogas<\/title>\n<meta name=\"description\" content=\"Rampa de inje\u00e7\u00e3o Keihin KN8 para 3 cilindros e sistemas de GPL\/GNC. Otimiza a inje\u00e7\u00e3o de g\u00e1s, garantindo desempenho eficiente e baixo consumo.\" \/>\n<meta name=\"robots\" content=\"index, follow, max-snippet:-1, max-image-preview:large, max-video-preview:-1\" \/>\n<link rel=\"canonical\" href=\"https:\/\/recambiosecogas.com\/pt-pt\/producto\/keihin-kn8-rampa-de-inyeccion-de-3-cilindros-42cc-100cc\/\" \/>\n<meta property=\"og:locale\" content=\"pt_PT\" \/>\n<meta property=\"og:type\" content=\"article\" \/>\n<meta property=\"og:title\" content=\"Rampa de inje\u00e7\u00e3o Keihin KN8 de 3 cilindros (32cc - 100cc)\" \/>\n<meta property=\"og:description\" content=\"Rampa de inje\u00e7\u00e3o Keihin KN8 para 3 cilindros e sistemas de GPL\/GNC. Otimiza a inje\u00e7\u00e3o de g\u00e1s, garantindo desempenho eficiente e baixo consumo.\" \/>\n<meta property=\"og:url\" content=\"https:\/\/recambiosecogas.com\/pt-pt\/producto\/keihin-kn8-rampa-de-inyeccion-de-3-cilindros-42cc-100cc\/\" \/>\n<meta property=\"og:site_name\" content=\"Recambios EcoGas\" \/>\n<meta property=\"article:publisher\" content=\"https:\/\/www.facebook.com\/profile.php?id=100062419705358\" \/>\n<meta property=\"article:modified_time\" content=\"2026-04-15T10:49:04+00:00\" \/>\n<meta property=\"og:image\" content=\"https:\/\/recambiosecogas.com\/wp-content\/uploads\/2024\/12\/Keihin-KN8-rampa-de-inyeccion-de-3-cilindros-42cc-100cc-png.webp\" \/>\n\t<meta property=\"og:image:width\" content=\"1000\" \/>\n\t<meta property=\"og:image:height\" content=\"1000\" \/>\n\t<meta property=\"og:image:type\" content=\"image\/png\" \/>\n<meta name=\"twitter:card\" content=\"summary_large_image\" \/>\n<meta name=\"twitter:label1\" content=\"Disponibilidade\" \/>\n\t<meta name=\"twitter:data1\" content=\"Por encomenda\" \/>\n<script type=\"application\/ld+json\" class=\"yoast-schema-graph\">{\"@context\":\"https:\\\/\\\/schema.org\",\"@graph\":[{\"@type\":\"WebPage\",\"@id\":\"https:\\\/\\\/recambiosecogas.com\\\/pt-pt\\\/producto\\\/keihin-kn8-rampa-de-inyeccion-de-3-cilindros-42cc-100cc\\\/\",\"url\":\"https:\\\/\\\/recambiosecogas.com\\\/pt-pt\\\/producto\\\/keihin-kn8-rampa-de-inyeccion-de-3-cilindros-42cc-100cc\\\/\",\"name\":\"Rampa de inje\u00e7\u00e3o Keihin KN8 de 3 cilindros | Pe\u00e7as sobressalentes Ecogas\",\"isPartOf\":{\"@id\":\"https:\\\/\\\/recambiosecogas.com\\\/pt-pt\\\/#website\"},\"primaryImageOfPage\":{\"@id\":\"https:\\\/\\\/recambiosecogas.com\\\/pt-pt\\\/producto\\\/keihin-kn8-rampa-de-inyeccion-de-3-cilindros-42cc-100cc\\\/#primaryimage\"},\"image\":{\"@id\":\"https:\\\/\\\/recambiosecogas.com\\\/pt-pt\\\/producto\\\/keihin-kn8-rampa-de-inyeccion-de-3-cilindros-42cc-100cc\\\/#primaryimage\"},\"thumbnailUrl\":\"https:\\\/\\\/recambiosecogas.com\\\/wp-content\\\/uploads\\\/2024\\\/12\\\/Keihin-KN8-rampa-de-inyeccion-de-3-cilindros-42cc-100cc-png.webp\",\"datePublished\":\"2024-12-09T09:56:24+00:00\",\"dateModified\":\"2026-04-15T10:49:04+00:00\",\"description\":\"Rampa de inje\u00e7\u00e3o Keihin KN8 para 3 cilindros e sistemas de GPL\\\/GNC. Otimiza a inje\u00e7\u00e3o de g\u00e1s, garantindo desempenho eficiente e baixo consumo.\",\"breadcrumb\":{\"@id\":\"https:\\\/\\\/recambiosecogas.com\\\/pt-pt\\\/producto\\\/keihin-kn8-rampa-de-inyeccion-de-3-cilindros-42cc-100cc\\\/#breadcrumb\"},\"inLanguage\":\"pt-PT\",\"potentialAction\":[{\"@type\":\"ReadAction\",\"target\":[\"https:\\\/\\\/recambiosecogas.com\\\/pt-pt\\\/producto\\\/keihin-kn8-rampa-de-inyeccion-de-3-cilindros-42cc-100cc\\\/\"]}]},{\"@type\":\"ImageObject\",\"inLanguage\":\"pt-PT\",\"@id\":\"https:\\\/\\\/recambiosecogas.com\\\/pt-pt\\\/producto\\\/keihin-kn8-rampa-de-inyeccion-de-3-cilindros-42cc-100cc\\\/#primaryimage\",\"url\":\"https:\\\/\\\/recambiosecogas.com\\\/wp-content\\\/uploads\\\/2024\\\/12\\\/Keihin-KN8-rampa-de-inyeccion-de-3-cilindros-42cc-100cc-png.webp\",\"contentUrl\":\"https:\\\/\\\/recambiosecogas.com\\\/wp-content\\\/uploads\\\/2024\\\/12\\\/Keihin-KN8-rampa-de-inyeccion-de-3-cilindros-42cc-100cc-png.webp\",\"width\":1000,\"height\":1000},{\"@type\":\"BreadcrumbList\",\"@id\":\"https:\\\/\\\/recambiosecogas.com\\\/pt-pt\\\/producto\\\/keihin-kn8-rampa-de-inyeccion-de-3-cilindros-42cc-100cc\\\/#breadcrumb\",\"itemListElement\":[{\"@type\":\"ListItem\",\"position\":1,\"name\":\"P\u00e1gina inicial\",\"item\":\"https:\\\/\\\/recambiosecogas.com\\\/pt-pt\\\/\"},{\"@type\":\"ListItem\",\"position\":2,\"name\":\"Loja\",\"item\":\"https:\\\/\\\/recambiosecogas.com\\\/pt-pt\\\/tienda\\\/\"},{\"@type\":\"ListItem\",\"position\":3,\"name\":\"Rampa de inje\u00e7\u00e3o Keihin KN8 de 3 cilindros (32cc &#8211; 100cc)\"}]},{\"@type\":\"WebSite\",\"@id\":\"https:\\\/\\\/recambiosecogas.com\\\/pt-pt\\\/#website\",\"url\":\"https:\\\/\\\/recambiosecogas.com\\\/pt-pt\\\/\",\"name\":\"Recambios EcoGas\",\"description\":\"Pe\u00e7as multimarca para sistemas de GPL\\\/GNC\\\/GNL\\\/Hidrog\u00e9nio\",\"publisher\":{\"@id\":\"https:\\\/\\\/recambiosecogas.com\\\/pt-pt\\\/#organization\"},\"alternateName\":\"Recambios Autogas GLP\",\"potentialAction\":[{\"@type\":\"SearchAction\",\"target\":{\"@type\":\"EntryPoint\",\"urlTemplate\":\"https:\\\/\\\/recambiosecogas.com\\\/pt-pt\\\/?s={search_term_string}\"},\"query-input\":{\"@type\":\"PropertyValueSpecification\",\"valueRequired\":true,\"valueName\":\"search_term_string\"}}],\"inLanguage\":\"pt-PT\"},{\"@type\":[\"Organization\",\"Place\"],\"@id\":\"https:\\\/\\\/recambiosecogas.com\\\/pt-pt\\\/#organization\",\"name\":\"Recambios EcoGas\",\"alternateName\":\"Loja de GPL Autog\u00e1s Espanha\",\"url\":\"https:\\\/\\\/recambiosecogas.com\\\/pt-pt\\\/\",\"logo\":{\"@id\":\"https:\\\/\\\/recambiosecogas.com\\\/pt-pt\\\/producto\\\/keihin-kn8-rampa-de-inyeccion-de-3-cilindros-42cc-100cc\\\/#local-main-organization-logo\"},\"image\":{\"@id\":\"https:\\\/\\\/recambiosecogas.com\\\/pt-pt\\\/producto\\\/keihin-kn8-rampa-de-inyeccion-de-3-cilindros-42cc-100cc\\\/#local-main-organization-logo\"},\"sameAs\":[\"https:\\\/\\\/www.facebook.com\\\/profile.php?id=100062419705358\",\"https:\\\/\\\/www.instagram.com\\\/segimon_automocio\"],\"description\":\"Recambios EcoGas \u2013 Venta y distribuci\u00f3n de sistemas GLP y GNC en Espa\u00f1a y Portugal. Env\u00edos 24 h, soporte t\u00e9cnico a talleres y distribuidores.\",\"hasMerchantReturnPolicy\":{\"@type\":\"MerchantReturnPolicy\",\"merchantReturnLink\":\"https:\\\/\\\/recambiosecogas.com\\\/politicas-privacidad\\\/\"},\"address\":{\"@id\":\"https:\\\/\\\/recambiosecogas.com\\\/pt-pt\\\/producto\\\/keihin-kn8-rampa-de-inyeccion-de-3-cilindros-42cc-100cc\\\/#local-main-place-address\"},\"telephone\":[\"616250633\"],\"contactPoint\":{\"@type\":\"ContactPoint\",\"email\":\"export@recambiosecogas.com\"},\"openingHoursSpecification\":[{\"@type\":\"OpeningHoursSpecification\",\"dayOfWeek\":[\"Monday\",\"Tuesday\",\"Wednesday\",\"Thursday\",\"Friday\",\"Saturday\",\"Sunday\"],\"opens\":\"09:00\",\"closes\":\"17:00\"}],\"email\":\"info@recambiosecogas.com\",\"faxNumber\":\"SEGIMON AUTOMOCION SL\",\"vatID\":\"ESB19819861\",\"globalLocationNumber\":\"938 616 339\"},{\"@type\":\"PostalAddress\",\"@id\":\"https:\\\/\\\/recambiosecogas.com\\\/pt-pt\\\/producto\\\/keihin-kn8-rampa-de-inyeccion-de-3-cilindros-42cc-100cc\\\/#local-main-place-address\",\"streetAddress\":\"cami antic de vic, 29 (Nave 3), Pol\u00edgono Industrial Congost\",\"addressLocality\":\"CORRO D`AVALL\",\"postalCode\":\"08520\",\"addressRegion\":\"Barcelona\",\"addressCountry\":\"ES\"},{\"@type\":\"ImageObject\",\"inLanguage\":\"pt-PT\",\"@id\":\"https:\\\/\\\/recambiosecogas.com\\\/pt-pt\\\/producto\\\/keihin-kn8-rampa-de-inyeccion-de-3-cilindros-42cc-100cc\\\/#local-main-organization-logo\",\"url\":\"https:\\\/\\\/recambiosecogas.com\\\/wp-content\\\/uploads\\\/2024\\\/11\\\/cropped-RECAMBIOS-GLP-png.webp\",\"contentUrl\":\"https:\\\/\\\/recambiosecogas.com\\\/wp-content\\\/uploads\\\/2024\\\/11\\\/cropped-RECAMBIOS-GLP-png.webp\",\"width\":512,\"height\":512,\"caption\":\"Recambios EcoGas\"}]}<\/script>\n<meta property=\"og:availability\" content=\"backorder\" \/>\n<meta property=\"product:availability\" content=\"available for order\" \/>\n<meta property=\"product:retailer_item_id\" content=\"108973\" \/>\n<meta property=\"product:condition\" content=\"new\" \/>\n<meta name=\"geo.placename\" content=\"CORRO D`AVALL\" \/>\n<meta name=\"geo.region\" content=\"Espanha\" \/>\n<!-- \/ Yoast SEO Premium plugin. -->","yoast_head_json":{"title":"Rampa de inje\u00e7\u00e3o Keihin KN8 de 3 cilindros | Pe\u00e7as sobressalentes Ecogas","description":"Rampa de inje\u00e7\u00e3o Keihin KN8 para 3 cilindros e sistemas de GPL\/GNC. Otimiza a inje\u00e7\u00e3o de g\u00e1s, garantindo desempenho eficiente e baixo consumo.","robots":{"index":"index","follow":"follow","max-snippet":"max-snippet:-1","max-image-preview":"max-image-preview:large","max-video-preview":"max-video-preview:-1"},"canonical":"https:\/\/recambiosecogas.com\/pt-pt\/producto\/keihin-kn8-rampa-de-inyeccion-de-3-cilindros-42cc-100cc\/","og_locale":"pt_PT","og_type":"article","og_title":"Rampa de inje\u00e7\u00e3o Keihin KN8 de 3 cilindros (32cc - 100cc)","og_description":"Rampa de inje\u00e7\u00e3o Keihin KN8 para 3 cilindros e sistemas de GPL\/GNC. Otimiza a inje\u00e7\u00e3o de g\u00e1s, garantindo desempenho eficiente e baixo consumo.","og_url":"https:\/\/recambiosecogas.com\/pt-pt\/producto\/keihin-kn8-rampa-de-inyeccion-de-3-cilindros-42cc-100cc\/","og_site_name":"Recambios EcoGas","article_publisher":"https:\/\/www.facebook.com\/profile.php?id=100062419705358","article_modified_time":"2026-04-15T10:49:04+00:00","og_image":[{"width":1000,"height":1000,"url":"https:\/\/recambiosecogas.com\/wp-content\/uploads\/2024\/12\/Keihin-KN8-rampa-de-inyeccion-de-3-cilindros-42cc-100cc-png.webp","type":"image\/png"}],"twitter_card":"summary_large_image","twitter_misc":{"Disponibilidade":"Por encomenda"},"schema":{"@context":"https:\/\/schema.org","@graph":[{"@type":"WebPage","@id":"https:\/\/recambiosecogas.com\/pt-pt\/producto\/keihin-kn8-rampa-de-inyeccion-de-3-cilindros-42cc-100cc\/","url":"https:\/\/recambiosecogas.com\/pt-pt\/producto\/keihin-kn8-rampa-de-inyeccion-de-3-cilindros-42cc-100cc\/","name":"Rampa de inje\u00e7\u00e3o Keihin KN8 de 3 cilindros | Pe\u00e7as sobressalentes Ecogas","isPartOf":{"@id":"https:\/\/recambiosecogas.com\/pt-pt\/#website"},"primaryImageOfPage":{"@id":"https:\/\/recambiosecogas.com\/pt-pt\/producto\/keihin-kn8-rampa-de-inyeccion-de-3-cilindros-42cc-100cc\/#primaryimage"},"image":{"@id":"https:\/\/recambiosecogas.com\/pt-pt\/producto\/keihin-kn8-rampa-de-inyeccion-de-3-cilindros-42cc-100cc\/#primaryimage"},"thumbnailUrl":"https:\/\/recambiosecogas.com\/wp-content\/uploads\/2024\/12\/Keihin-KN8-rampa-de-inyeccion-de-3-cilindros-42cc-100cc-png.webp","datePublished":"2024-12-09T09:56:24+00:00","dateModified":"2026-04-15T10:49:04+00:00","description":"Rampa de inje\u00e7\u00e3o Keihin KN8 para 3 cilindros e sistemas de GPL\/GNC. Otimiza a inje\u00e7\u00e3o de g\u00e1s, garantindo desempenho eficiente e baixo consumo.","breadcrumb":{"@id":"https:\/\/recambiosecogas.com\/pt-pt\/producto\/keihin-kn8-rampa-de-inyeccion-de-3-cilindros-42cc-100cc\/#breadcrumb"},"inLanguage":"pt-PT","potentialAction":[{"@type":"ReadAction","target":["https:\/\/recambiosecogas.com\/pt-pt\/producto\/keihin-kn8-rampa-de-inyeccion-de-3-cilindros-42cc-100cc\/"]}]},{"@type":"ImageObject","inLanguage":"pt-PT","@id":"https:\/\/recambiosecogas.com\/pt-pt\/producto\/keihin-kn8-rampa-de-inyeccion-de-3-cilindros-42cc-100cc\/#primaryimage","url":"https:\/\/recambiosecogas.com\/wp-content\/uploads\/2024\/12\/Keihin-KN8-rampa-de-inyeccion-de-3-cilindros-42cc-100cc-png.webp","contentUrl":"https:\/\/recambiosecogas.com\/wp-content\/uploads\/2024\/12\/Keihin-KN8-rampa-de-inyeccion-de-3-cilindros-42cc-100cc-png.webp","width":1000,"height":1000},{"@type":"BreadcrumbList","@id":"https:\/\/recambiosecogas.com\/pt-pt\/producto\/keihin-kn8-rampa-de-inyeccion-de-3-cilindros-42cc-100cc\/#breadcrumb","itemListElement":[{"@type":"ListItem","position":1,"name":"P\u00e1gina inicial","item":"https:\/\/recambiosecogas.com\/pt-pt\/"},{"@type":"ListItem","position":2,"name":"Loja","item":"https:\/\/recambiosecogas.com\/pt-pt\/tienda\/"},{"@type":"ListItem","position":3,"name":"Rampa de inje\u00e7\u00e3o Keihin KN8 de 3 cilindros (32cc &#8211; 100cc)"}]},{"@type":"WebSite","@id":"https:\/\/recambiosecogas.com\/pt-pt\/#website","url":"https:\/\/recambiosecogas.com\/pt-pt\/","name":"Recambios EcoGas","description":"Pe\u00e7as multimarca para sistemas de GPL\/GNC\/GNL\/Hidrog\u00e9nio","publisher":{"@id":"https:\/\/recambiosecogas.com\/pt-pt\/#organization"},"alternateName":"Recambios Autogas GLP","potentialAction":[{"@type":"SearchAction","target":{"@type":"EntryPoint","urlTemplate":"https:\/\/recambiosecogas.com\/pt-pt\/?s={search_term_string}"},"query-input":{"@type":"PropertyValueSpecification","valueRequired":true,"valueName":"search_term_string"}}],"inLanguage":"pt-PT"},{"@type":["Organization","Place"],"@id":"https:\/\/recambiosecogas.com\/pt-pt\/#organization","name":"Recambios EcoGas","alternateName":"Loja de GPL Autog\u00e1s Espanha","url":"https:\/\/recambiosecogas.com\/pt-pt\/","logo":{"@id":"https:\/\/recambiosecogas.com\/pt-pt\/producto\/keihin-kn8-rampa-de-inyeccion-de-3-cilindros-42cc-100cc\/#local-main-organization-logo"},"image":{"@id":"https:\/\/recambiosecogas.com\/pt-pt\/producto\/keihin-kn8-rampa-de-inyeccion-de-3-cilindros-42cc-100cc\/#local-main-organization-logo"},"sameAs":["https:\/\/www.facebook.com\/profile.php?id=100062419705358","https:\/\/www.instagram.com\/segimon_automocio"],"description":"Recambios EcoGas \u2013 Venta y distribuci\u00f3n de sistemas GLP y GNC en Espa\u00f1a y Portugal. Env\u00edos 24 h, soporte t\u00e9cnico a talleres y distribuidores.","hasMerchantReturnPolicy":{"@type":"MerchantReturnPolicy","merchantReturnLink":"https:\/\/recambiosecogas.com\/politicas-privacidad\/"},"address":{"@id":"https:\/\/recambiosecogas.com\/pt-pt\/producto\/keihin-kn8-rampa-de-inyeccion-de-3-cilindros-42cc-100cc\/#local-main-place-address"},"telephone":["616250633"],"contactPoint":{"@type":"ContactPoint","email":"export@recambiosecogas.com"},"openingHoursSpecification":[{"@type":"OpeningHoursSpecification","dayOfWeek":["Monday","Tuesday","Wednesday","Thursday","Friday","Saturday","Sunday"],"opens":"09:00","closes":"17:00"}],"email":"info@recambiosecogas.com","faxNumber":"SEGIMON AUTOMOCION SL","vatID":"ESB19819861","globalLocationNumber":"938 616 339"},{"@type":"PostalAddress","@id":"https:\/\/recambiosecogas.com\/pt-pt\/producto\/keihin-kn8-rampa-de-inyeccion-de-3-cilindros-42cc-100cc\/#local-main-place-address","streetAddress":"cami antic de vic, 29 (Nave 3), Pol\u00edgono Industrial Congost","addressLocality":"CORRO D`AVALL","postalCode":"08520","addressRegion":"Barcelona","addressCountry":"ES"},{"@type":"ImageObject","inLanguage":"pt-PT","@id":"https:\/\/recambiosecogas.com\/pt-pt\/producto\/keihin-kn8-rampa-de-inyeccion-de-3-cilindros-42cc-100cc\/#local-main-organization-logo","url":"https:\/\/recambiosecogas.com\/wp-content\/uploads\/2024\/11\/cropped-RECAMBIOS-GLP-png.webp","contentUrl":"https:\/\/recambiosecogas.com\/wp-content\/uploads\/2024\/11\/cropped-RECAMBIOS-GLP-png.webp","width":512,"height":512,"caption":"Recambios EcoGas"}]},"og_availability":"backorder","product_availability":"available for order","product_retailer_item_id":"108973","product_condition":"new","geo.placename":"CORRO D`AVALL","geo.region":"Espanha"},"uagb_featured_image_src":{"full":["https:\/\/recambiosecogas.com\/wp-content\/uploads\/2024\/12\/Keihin-KN8-rampa-de-inyeccion-de-3-cilindros-42cc-100cc-png.webp",1000,1000,false],"thumbnail":["https:\/\/recambiosecogas.com\/wp-content\/uploads\/2024\/12\/Keihin-KN8-rampa-de-inyeccion-de-3-cilindros-42cc-100cc-150x150.webp",150,150,true],"medium":["https:\/\/recambiosecogas.com\/wp-content\/uploads\/2024\/12\/Keihin-KN8-rampa-de-inyeccion-de-3-cilindros-42cc-100cc-300x300.webp",300,300,true],"medium_large":["https:\/\/recambiosecogas.com\/wp-content\/uploads\/2024\/12\/Keihin-KN8-rampa-de-inyeccion-de-3-cilindros-42cc-100cc-768x768.webp",768,768,true],"large":["https:\/\/recambiosecogas.com\/wp-content\/uploads\/2024\/12\/Keihin-KN8-rampa-de-inyeccion-de-3-cilindros-42cc-100cc-png.webp",1000,1000,false],"1536x1536":["https:\/\/recambiosecogas.com\/wp-content\/uploads\/2024\/12\/Keihin-KN8-rampa-de-inyeccion-de-3-cilindros-42cc-100cc-png.webp",1000,1000,false],"2048x2048":["https:\/\/recambiosecogas.com\/wp-content\/uploads\/2024\/12\/Keihin-KN8-rampa-de-inyeccion-de-3-cilindros-42cc-100cc-png.webp",1000,1000,false],"woocommerce_archive_thumbnail":["https:\/\/recambiosecogas.com\/wp-content\/uploads\/2024\/12\/Keihin-KN8-rampa-de-inyeccion-de-3-cilindros-42cc-100cc-png.webp",1000,1000,false],"woocommerce_thumbnail":["https:\/\/recambiosecogas.com\/wp-content\/uploads\/2024\/12\/Keihin-KN8-rampa-de-inyeccion-de-3-cilindros-42cc-100cc-png-300x300.webp",300,300,true],"woocommerce_single":["https:\/\/recambiosecogas.com\/wp-content\/uploads\/2024\/12\/Keihin-KN8-rampa-de-inyeccion-de-3-cilindros-42cc-100cc-png.webp",1000,1000,false],"woocommerce_gallery_thumbnail":["https:\/\/recambiosecogas.com\/wp-content\/uploads\/2024\/12\/Keihin-KN8-rampa-de-inyeccion-de-3-cilindros-42cc-100cc-png.webp",1000,1000,false],"dgwt-wcas-product-suggestion":["https:\/\/recambiosecogas.com\/wp-content\/uploads\/2024\/12\/Keihin-KN8-rampa-de-inyeccion-de-3-cilindros-42cc-100cc-png-64x64.webp",64,64,true]},"uagb_author_info":{"display_name":"Fran - Soporte T\u00e9cnico","author_link":"https:\/\/recambiosecogas.com\/pt-pt\/author\/"},"uagb_comment_info":0,"uagb_excerpt":"Rampa de inje\u00e7\u00e3o Keihin KN8 de 3 cilindros, concebida para sistemas de GPL\/GNC, otimiza a inje\u00e7\u00e3o de g\u00e1s garantindo um desempenho eficiente.","_links":{"self":[{"href":"https:\/\/recambiosecogas.com\/pt-pt\/wp-json\/wp\/v2\/product\/48269","targetHints":{"allow":["GET"]}}],"collection":[{"href":"https:\/\/recambiosecogas.com\/pt-pt\/wp-json\/wp\/v2\/product"}],"about":[{"href":"https:\/\/recambiosecogas.com\/pt-pt\/wp-json\/wp\/v2\/types\/product"}],"replies":[{"embeddable":true,"href":"https:\/\/recambiosecogas.com\/pt-pt\/wp-json\/wp\/v2\/comments?post=48269"}],"wp:featuredmedia":[{"embeddable":true,"href":"https:\/\/recambiosecogas.com\/pt-pt\/wp-json\/wp\/v2\/media\/8975"}],"wp:attachment":[{"href":"https:\/\/recambiosecogas.com\/pt-pt\/wp-json\/wp\/v2\/media?parent=48269"}],"wp:term":[{"taxonomy":"product_brand","embeddable":true,"href":"https:\/\/recambiosecogas.com\/pt-pt\/wp-json\/wp\/v2\/product_brand?post=48269"},{"taxonomy":"product_cat","embeddable":true,"href":"https:\/\/recambiosecogas.com\/pt-pt\/wp-json\/wp\/v2\/product_cat?post=48269"},{"taxonomy":"product_tag","embeddable":true,"href":"https:\/\/recambiosecogas.com\/pt-pt\/wp-json\/wp\/v2\/product_tag?post=48269"}],"curies":[{"name":"wp","href":"https:\/\/api.w.org\/{rel}","templated":true}]}}