{"id":48263,"date":"2024-12-09T10:48:24","date_gmt":"2024-12-09T10:48:24","guid":{"rendered":"https:\/\/recambiosecogas.com\/producto\/landi-renzo-inyector-glp-gnc-girs12-2-cilindros-xxs-l\/"},"modified":"2026-04-15T11:49:01","modified_gmt":"2026-04-15T10:49:01","slug":"landi-renzo-inyector-glp-gnc-girs12-2-cilindros-xxs-l","status":"publish","type":"product","link":"https:\/\/recambiosecogas.com\/pt-pt\/producto\/landi-renzo-inyector-glp-gnc-girs12-2-cilindros-xxs-l\/","title":{"rendered":"Injetor Landi Renzo LPG\/CNG GIRS12 &#8211; 2 cilindros (XXS &#8211; L)"},"content":{"rendered":"<h3 class=\"\" style=\"text-align: center;\" data-start=\"189\" data-end=\"252\">Injetor Landi Renzo LPG\/CNG GIRS12 &#8211; 2 cilindros (XXS &#8211; L)<\/h3>\n<p class=\"\" data-start=\"254\" data-end=\"730\">O injetor Landi Renzo GIRS12 para GPL e GNC em configura\u00e7\u00e3o de 2 cilindros \u00e9 uma solu\u00e7\u00e3o de \u00faltima gera\u00e7\u00e3o desenvolvida para oferecer m\u00e1xima efici\u00eancia e precis\u00e3o na inje\u00e7\u00e3o de combust\u00edveis alternativos. Especialmente concebido para motores de 2 cilindros, este componente faz parte da inovadora linha GIRS12 de Landi Renzo, caracterizada pela sua versatilidade e adaptabilidade a diferentes pot\u00eancias gra\u00e7as \u00e0s <strong data-start=\"708\" data-end=\"729\">suas vers\u00f5es diferenciadas: XXS, XS, S, M e L<\/strong>. <\/p>\n<p class=\"\" data-start=\"732\" data-end=\"1114\">Cada vers\u00e3o do GIRS12 permite otimizar a quantidade de g\u00e1s injetada de acordo com a pot\u00eancia do cilindro, alcan\u00e7ando uma combust\u00e3o mais limpa, melhor consumo e uma redu\u00e7\u00e3o significativa das emiss\u00f5es poluentes. O injetor integra-se perfeitamente em sistemas sequenciais de GPL ou GNC, garantindo uma dosagem consistente em diferentes condi\u00e7\u00f5es de condu\u00e7\u00e3o. <\/p>\n<p class=\"\" data-start=\"1116\" data-end=\"1428\">Al\u00e9m disso, o injetor GIRS12 destaca-se pela sua constru\u00e7\u00e3o robusta, resist\u00eancia t\u00e9rmica e facilidade de instala\u00e7\u00e3o. \u00c9 compat\u00edvel com sistemas de controlo eletr\u00f3nico da Landi Renzo e de outras marcas reconhecidas no setor. O seu design compacto torna-o ideal para atualiza\u00e7\u00f5es e manuten\u00e7\u00e3o em ve\u00edculos bivalentes.  <\/p>\n<p class=\"\" data-start=\"1430\" data-end=\"1618\">Com aprova\u00e7\u00e3o europeia E13 67R, o GIRS12 cumpre as regulamenta\u00e7\u00f5es mais rigorosas do mercado, tornando-se uma op\u00e7\u00e3o segura, fi\u00e1vel e duradoura para profissionais de GPL\/GNC.<\/p>\n<hr class=\"\" data-start=\"1620\" data-end=\"1623\">\n<p class=\"\" data-start=\"1625\" data-end=\"1653\"><strong data-start=\"1625\" data-end=\"1653\">Especifica\u00e7\u00f5es<\/strong><\/p>\n<div class=\"pointer-events-none relative left-[50%]! flex w-[100cqw] translate-x-[-50%] justify-center *:pointer-events-auto\">\n<div class=\"tableContainer horzScrollShadows group relative\"><button class=\"hover:bg-token-main-surface-secondary text-token-text-secondary rounded-lg px-1 py-1 opacity-0 transition-opacity duration-200 group-focus-within:opacity-100 group-hover:opacity-100\"><\/button><\/p>\n<table class=\"min-w-full\" data-start=\"1655\" data-end=\"2336\">\n<thead data-start=\"1655\" data-end=\"1719\">\n<tr data-start=\"1655\" data-end=\"1719\">\n<th data-start=\"1655\" data-end=\"1686\">Destaque<\/th>\n<th data-start=\"1686\" data-end=\"1719\">Valor<\/th>\n<\/tr>\n<\/thead>\n<tbody data-start=\"1784\" data-end=\"2336\">\n<tr data-start=\"1784\" data-end=\"1847\">\n<td class=\"max-w-[calc(var(--thread-content-max-width)*2\/3)]\" data-start=\"1784\" data-end=\"1814\">Tipo de Injetor<\/td>\n<td class=\"max-w-[calc(var(--thread-content-max-width)*2\/3)]\" data-start=\"1814\" data-end=\"1847\">Landi Renzo GIRS12<\/td>\n<\/tr>\n<tr data-start=\"1848\" data-end=\"1911\">\n<td class=\"max-w-[calc(var(--thread-content-max-width)*2\/3)]\" data-start=\"1848\" data-end=\"1878\">N\u00famero de cilindros<\/td>\n<td class=\"max-w-[calc(var(--thread-content-max-width)*2\/3)]\" data-start=\"1878\" data-end=\"1911\">2<\/td>\n<\/tr>\n<tr data-start=\"1912\" data-end=\"1975\">\n<td class=\"max-w-[calc(var(--thread-content-max-width)*2\/3)]\" data-start=\"1912\" data-end=\"1942\">Vers\u00f5es<\/td>\n<p> dispon\u00edveis<\/p>\n<td class=\"max-w-[calc(var(--thread-content-max-width)*2\/3)]\" data-start=\"1942\" data-end=\"1975\">XXS, XS, S, M, L<\/td>\n<\/tr>\n<tr data-start=\"1976\" data-end=\"2075\">\n<td class=\"max-w-[calc(var(--thread-content-max-width)*2\/3)]\" data-start=\"1976\" data-end=\"2006\">Gama de pot\u00eancia (por cilindro)<\/td>\n<td class=\"max-w-[calc(var(--thread-content-max-width)*2\/3)] min-w-[calc(var(--thread-content-max-width)\/3)]\" data-start=\"2006\" data-end=\"2075\">XXS &lt;15 kW<br \/>\nXS 15-19 kW<br \/>\nS 19-22 kW<br \/>\nM 22-29 kW<br \/>\nL &gt;29 kW<\/td>\n<\/tr>\n<tr data-start=\"2076\" data-end=\"2139\">\n<td class=\"max-w-[calc(var(--thread-content-max-width)*2\/3)]\" data-start=\"2076\" data-end=\"2106\">Combust\u00edvel compat\u00edvel<\/td>\n<td class=\"max-w-[calc(var(--thread-content-max-width)*2\/3)]\" data-start=\"2106\" data-end=\"2139\">GLP \/ GNC<\/td>\n<\/tr>\n<tr data-start=\"2140\" data-end=\"2203\">\n<td class=\"max-w-[calc(var(--thread-content-max-width)*2\/3)]\" data-start=\"2140\" data-end=\"2170\">Aplica\u00e7\u00e3o<\/td>\n<td class=\"max-w-[calc(var(--thread-content-max-width)*2\/3)]\" data-start=\"2170\" data-end=\"2203\">Inje\u00e7\u00e3o sequencial de g\u00e1s<\/td>\n<\/tr>\n<tr data-start=\"2204\" data-end=\"2267\">\n<td class=\"max-w-[calc(var(--thread-content-max-width)*2\/3)]\" data-start=\"2204\" data-end=\"2234\">Aprova\u00e7\u00e3o<\/td>\n<td class=\"max-w-[calc(var(--thread-content-max-width)*2\/3)]\" data-start=\"2234\" data-end=\"2267\">E13 67R &#8211; 010234<\/td>\n<\/tr>\n<tr data-start=\"2268\" data-end=\"2336\">\n<td class=\"max-w-[calc(var(--thread-content-max-width)*2\/3)]\" data-start=\"2268\" data-end=\"2298\">Compat\u00edvel com<\/td>\n<td class=\"max-w-[calc(var(--thread-content-max-width)*2\/3)]\" data-start=\"2298\" data-end=\"2336\">Landi Renzo, sistemas multiv\u00e1lvulas<\/td>\n<\/tr>\n<\/tbody>\n<\/table>\n<p><a href=\"https:\/\/recambiosecogas.com\/pt-pt\/categoria-produto\/injecao\/injetores-rail\/\">O nosso cat\u00e1logo de injetores.<\/a><\/p>\n<\/div>\n<\/div>\n<p><a href=\"https:\/\/segimonautomocio.com\/\">Mude os seus injetores na nossa oficina especializada.<\/a><\/p>\n","protected":false},"excerpt":{"rendered":"<p><strong><em>APROVA\u00c7\u00c3O<\/em><\/strong><\/p>\n<p>E4 Bar 67R-01 0093<br \/>\nInjetor: E4 67R-01 0092<\/p>\n","protected":false},"featured_media":8953,"comment_status":"open","ping_status":"closed","template":"","meta":{"_uag_custom_page_level_css":""},"product_brand":[],"product_cat":[1591,1597,1647,1740,1095,1601],"product_tag":[1215,1232,1235,1247,1257,1259],"class_list":{"0":"post-48263","1":"product","2":"type-product","3":"status-publish","4":"has-post-thumbnail","6":"product_cat-injecao","7":"product_cat-injetores-rail","8":"product_cat-injetores-gnc","9":"product_cat-landirenzo-pt-pt","10":"product_cat-produtos-cng","11":"product_cat-rail-riel","12":"product_tag-girs12-pt-pt","13":"product_tag-l-pt-pt","14":"product_tag-m-pt-pt","15":"product_tag-s-pt-pt","16":"product_tag-xs-pt-pt","17":"product_tag-xxs-pt-pt","19":"first","20":"onbackorder","21":"taxable","22":"shipping-taxable","23":"purchasable","24":"product-type-variable"},"ct_brands":[],"yoast_head":"<!-- This site is optimized with the Yoast SEO Premium plugin v27.5 (Yoast SEO v27.6) - https:\/\/yoast.com\/product\/yoast-seo-premium-wordpress\/ -->\n<title>Injetor Landi Renzo LPG\/CNG GIRS12 - 2 cilindros (XXS - L) | Recambios EcoGas | Sistemas GLP y GNC<\/title>\n<meta name=\"description\" content=\"Injetor Landi Renzo GIRS12 para 2 cilindros de GPL e GNC. Dispon\u00edvel nas vers\u00f5es XXS a L, dependendo da pot\u00eancia. Alta efici\u00eancia, baixo consumo e emiss\u00f5es reduzidas.\" \/>\n<meta name=\"robots\" content=\"index, follow, max-snippet:-1, max-image-preview:large, max-video-preview:-1\" \/>\n<link rel=\"canonical\" href=\"https:\/\/recambiosecogas.com\/pt-pt\/producto\/landi-renzo-inyector-glp-gnc-girs12-2-cilindros-xxs-l\/\" \/>\n<meta property=\"og:locale\" content=\"pt_PT\" \/>\n<meta property=\"og:type\" content=\"article\" \/>\n<meta property=\"og:title\" content=\"Injetor Landi Renzo LPG\/CNG GIRS12 - 2 cilindros (XXS - L)\" \/>\n<meta property=\"og:description\" content=\"Injetor Landi Renzo GIRS12 para 2 cilindros de GPL e GNC. Dispon\u00edvel nas vers\u00f5es XXS a L, dependendo da pot\u00eancia. Alta efici\u00eancia, baixo consumo e emiss\u00f5es reduzidas.\" \/>\n<meta property=\"og:url\" content=\"https:\/\/recambiosecogas.com\/pt-pt\/producto\/landi-renzo-inyector-glp-gnc-girs12-2-cilindros-xxs-l\/\" \/>\n<meta property=\"og:site_name\" content=\"Recambios EcoGas\" \/>\n<meta property=\"article:publisher\" content=\"https:\/\/www.facebook.com\/profile.php?id=100062419705358\" \/>\n<meta property=\"article:modified_time\" content=\"2026-04-15T10:49:01+00:00\" \/>\n<meta property=\"og:image\" content=\"https:\/\/recambiosecogas.com\/wp-content\/uploads\/2024\/12\/Landi-Renzo-Inyector-GLP-GNV-GIRS12-2-cilindros-XXS-L-png.webp\" \/>\n\t<meta property=\"og:image:width\" content=\"1000\" \/>\n\t<meta property=\"og:image:height\" content=\"1000\" \/>\n\t<meta property=\"og:image:type\" content=\"image\/png\" \/>\n<meta name=\"twitter:card\" content=\"summary_large_image\" \/>\n<meta name=\"twitter:label1\" content=\"Disponibilidade\" \/>\n\t<meta name=\"twitter:data1\" content=\"Por encomenda\" \/>\n<script type=\"application\/ld+json\" class=\"yoast-schema-graph\">{\"@context\":\"https:\\\/\\\/schema.org\",\"@graph\":[{\"@type\":\"WebPage\",\"@id\":\"https:\\\/\\\/recambiosecogas.com\\\/pt-pt\\\/producto\\\/landi-renzo-inyector-glp-gnc-girs12-2-cilindros-xxs-l\\\/\",\"url\":\"https:\\\/\\\/recambiosecogas.com\\\/pt-pt\\\/producto\\\/landi-renzo-inyector-glp-gnc-girs12-2-cilindros-xxs-l\\\/\",\"name\":\"Injetor Landi Renzo LPG\\\/CNG GIRS12 - 2 cilindros (XXS - L) | Recambios EcoGas | Sistemas GLP y GNC\",\"isPartOf\":{\"@id\":\"https:\\\/\\\/recambiosecogas.com\\\/pt-pt\\\/#website\"},\"primaryImageOfPage\":{\"@id\":\"https:\\\/\\\/recambiosecogas.com\\\/pt-pt\\\/producto\\\/landi-renzo-inyector-glp-gnc-girs12-2-cilindros-xxs-l\\\/#primaryimage\"},\"image\":{\"@id\":\"https:\\\/\\\/recambiosecogas.com\\\/pt-pt\\\/producto\\\/landi-renzo-inyector-glp-gnc-girs12-2-cilindros-xxs-l\\\/#primaryimage\"},\"thumbnailUrl\":\"https:\\\/\\\/recambiosecogas.com\\\/wp-content\\\/uploads\\\/2024\\\/12\\\/Landi-Renzo-Inyector-GLP-GNV-GIRS12-2-cilindros-XXS-L-png.webp\",\"datePublished\":\"2024-12-09T10:48:24+00:00\",\"dateModified\":\"2026-04-15T10:49:01+00:00\",\"description\":\"Injetor Landi Renzo GIRS12 para 2 cilindros de GPL e GNC. Dispon\u00edvel nas vers\u00f5es XXS a L, dependendo da pot\u00eancia. Alta efici\u00eancia, baixo consumo e emiss\u00f5es reduzidas.\",\"breadcrumb\":{\"@id\":\"https:\\\/\\\/recambiosecogas.com\\\/pt-pt\\\/producto\\\/landi-renzo-inyector-glp-gnc-girs12-2-cilindros-xxs-l\\\/#breadcrumb\"},\"inLanguage\":\"pt-PT\",\"potentialAction\":[{\"@type\":\"ReadAction\",\"target\":[\"https:\\\/\\\/recambiosecogas.com\\\/pt-pt\\\/producto\\\/landi-renzo-inyector-glp-gnc-girs12-2-cilindros-xxs-l\\\/\"]}]},{\"@type\":\"ImageObject\",\"inLanguage\":\"pt-PT\",\"@id\":\"https:\\\/\\\/recambiosecogas.com\\\/pt-pt\\\/producto\\\/landi-renzo-inyector-glp-gnc-girs12-2-cilindros-xxs-l\\\/#primaryimage\",\"url\":\"https:\\\/\\\/recambiosecogas.com\\\/wp-content\\\/uploads\\\/2024\\\/12\\\/Landi-Renzo-Inyector-GLP-GNV-GIRS12-2-cilindros-XXS-L-png.webp\",\"contentUrl\":\"https:\\\/\\\/recambiosecogas.com\\\/wp-content\\\/uploads\\\/2024\\\/12\\\/Landi-Renzo-Inyector-GLP-GNV-GIRS12-2-cilindros-XXS-L-png.webp\",\"width\":1000,\"height\":1000},{\"@type\":\"BreadcrumbList\",\"@id\":\"https:\\\/\\\/recambiosecogas.com\\\/pt-pt\\\/producto\\\/landi-renzo-inyector-glp-gnc-girs12-2-cilindros-xxs-l\\\/#breadcrumb\",\"itemListElement\":[{\"@type\":\"ListItem\",\"position\":1,\"name\":\"P\u00e1gina inicial\",\"item\":\"https:\\\/\\\/recambiosecogas.com\\\/pt-pt\\\/\"},{\"@type\":\"ListItem\",\"position\":2,\"name\":\"Loja\",\"item\":\"https:\\\/\\\/recambiosecogas.com\\\/pt-pt\\\/tienda\\\/\"},{\"@type\":\"ListItem\",\"position\":3,\"name\":\"Injetor Landi Renzo LPG\\\/CNG GIRS12 &#8211; 2 cilindros (XXS &#8211; L)\"}]},{\"@type\":\"WebSite\",\"@id\":\"https:\\\/\\\/recambiosecogas.com\\\/pt-pt\\\/#website\",\"url\":\"https:\\\/\\\/recambiosecogas.com\\\/pt-pt\\\/\",\"name\":\"Recambios EcoGas\",\"description\":\"Pe\u00e7as multimarca para sistemas de GPL\\\/GNC\\\/GNL\\\/Hidrog\u00e9nio\",\"publisher\":{\"@id\":\"https:\\\/\\\/recambiosecogas.com\\\/pt-pt\\\/#organization\"},\"alternateName\":\"Recambios Autogas GLP\",\"potentialAction\":[{\"@type\":\"SearchAction\",\"target\":{\"@type\":\"EntryPoint\",\"urlTemplate\":\"https:\\\/\\\/recambiosecogas.com\\\/pt-pt\\\/?s={search_term_string}\"},\"query-input\":{\"@type\":\"PropertyValueSpecification\",\"valueRequired\":true,\"valueName\":\"search_term_string\"}}],\"inLanguage\":\"pt-PT\"},{\"@type\":[\"Organization\",\"Place\"],\"@id\":\"https:\\\/\\\/recambiosecogas.com\\\/pt-pt\\\/#organization\",\"name\":\"Recambios EcoGas\",\"alternateName\":\"Loja de GPL Autog\u00e1s Espanha\",\"url\":\"https:\\\/\\\/recambiosecogas.com\\\/pt-pt\\\/\",\"logo\":{\"@id\":\"https:\\\/\\\/recambiosecogas.com\\\/pt-pt\\\/producto\\\/landi-renzo-inyector-glp-gnc-girs12-2-cilindros-xxs-l\\\/#local-main-organization-logo\"},\"image\":{\"@id\":\"https:\\\/\\\/recambiosecogas.com\\\/pt-pt\\\/producto\\\/landi-renzo-inyector-glp-gnc-girs12-2-cilindros-xxs-l\\\/#local-main-organization-logo\"},\"sameAs\":[\"https:\\\/\\\/www.facebook.com\\\/profile.php?id=100062419705358\",\"https:\\\/\\\/www.instagram.com\\\/segimon_automocio\"],\"description\":\"Recambios EcoGas \u2013 Venta y distribuci\u00f3n de sistemas GLP y GNC en Espa\u00f1a y Portugal. Env\u00edos 24 h, soporte t\u00e9cnico a talleres y distribuidores.\",\"hasMerchantReturnPolicy\":{\"@type\":\"MerchantReturnPolicy\",\"merchantReturnLink\":\"https:\\\/\\\/recambiosecogas.com\\\/politicas-privacidad\\\/\"},\"address\":{\"@id\":\"https:\\\/\\\/recambiosecogas.com\\\/pt-pt\\\/producto\\\/landi-renzo-inyector-glp-gnc-girs12-2-cilindros-xxs-l\\\/#local-main-place-address\"},\"telephone\":[\"616250633\"],\"contactPoint\":{\"@type\":\"ContactPoint\",\"email\":\"export@recambiosecogas.com\"},\"openingHoursSpecification\":[{\"@type\":\"OpeningHoursSpecification\",\"dayOfWeek\":[\"Monday\",\"Tuesday\",\"Wednesday\",\"Thursday\",\"Friday\",\"Saturday\",\"Sunday\"],\"opens\":\"09:00\",\"closes\":\"17:00\"}],\"email\":\"info@recambiosecogas.com\",\"faxNumber\":\"SEGIMON AUTOMOCION SL\",\"vatID\":\"ESB19819861\",\"globalLocationNumber\":\"938 616 339\"},{\"@type\":\"PostalAddress\",\"@id\":\"https:\\\/\\\/recambiosecogas.com\\\/pt-pt\\\/producto\\\/landi-renzo-inyector-glp-gnc-girs12-2-cilindros-xxs-l\\\/#local-main-place-address\",\"streetAddress\":\"cami antic de vic, 29 (Nave 3), Pol\u00edgono Industrial Congost\",\"addressLocality\":\"CORRO D`AVALL\",\"postalCode\":\"08520\",\"addressRegion\":\"Barcelona\",\"addressCountry\":\"ES\"},{\"@type\":\"ImageObject\",\"inLanguage\":\"pt-PT\",\"@id\":\"https:\\\/\\\/recambiosecogas.com\\\/pt-pt\\\/producto\\\/landi-renzo-inyector-glp-gnc-girs12-2-cilindros-xxs-l\\\/#local-main-organization-logo\",\"url\":\"https:\\\/\\\/recambiosecogas.com\\\/wp-content\\\/uploads\\\/2024\\\/11\\\/cropped-RECAMBIOS-GLP-png.webp\",\"contentUrl\":\"https:\\\/\\\/recambiosecogas.com\\\/wp-content\\\/uploads\\\/2024\\\/11\\\/cropped-RECAMBIOS-GLP-png.webp\",\"width\":512,\"height\":512,\"caption\":\"Recambios EcoGas\"}]}<\/script>\n<meta property=\"og:availability\" content=\"backorder\" \/>\n<meta property=\"product:availability\" content=\"available for order\" \/>\n<meta property=\"product:retailer_item_id\" content=\"108988\" \/>\n<meta property=\"product:condition\" content=\"new\" \/>\n<meta name=\"geo.placename\" content=\"CORRO D`AVALL\" \/>\n<meta name=\"geo.region\" content=\"Espanha\" \/>\n<!-- \/ Yoast SEO Premium plugin. -->","yoast_head_json":{"title":"Injetor Landi Renzo LPG\/CNG GIRS12 - 2 cilindros (XXS - L) | Recambios EcoGas | Sistemas GLP y GNC","description":"Injetor Landi Renzo GIRS12 para 2 cilindros de GPL e GNC. Dispon\u00edvel nas vers\u00f5es XXS a L, dependendo da pot\u00eancia. Alta efici\u00eancia, baixo consumo e emiss\u00f5es reduzidas.","robots":{"index":"index","follow":"follow","max-snippet":"max-snippet:-1","max-image-preview":"max-image-preview:large","max-video-preview":"max-video-preview:-1"},"canonical":"https:\/\/recambiosecogas.com\/pt-pt\/producto\/landi-renzo-inyector-glp-gnc-girs12-2-cilindros-xxs-l\/","og_locale":"pt_PT","og_type":"article","og_title":"Injetor Landi Renzo LPG\/CNG GIRS12 - 2 cilindros (XXS - L)","og_description":"Injetor Landi Renzo GIRS12 para 2 cilindros de GPL e GNC. Dispon\u00edvel nas vers\u00f5es XXS a L, dependendo da pot\u00eancia. Alta efici\u00eancia, baixo consumo e emiss\u00f5es reduzidas.","og_url":"https:\/\/recambiosecogas.com\/pt-pt\/producto\/landi-renzo-inyector-glp-gnc-girs12-2-cilindros-xxs-l\/","og_site_name":"Recambios EcoGas","article_publisher":"https:\/\/www.facebook.com\/profile.php?id=100062419705358","article_modified_time":"2026-04-15T10:49:01+00:00","og_image":[{"width":1000,"height":1000,"url":"https:\/\/recambiosecogas.com\/wp-content\/uploads\/2024\/12\/Landi-Renzo-Inyector-GLP-GNV-GIRS12-2-cilindros-XXS-L-png.webp","type":"image\/png"}],"twitter_card":"summary_large_image","twitter_misc":{"Disponibilidade":"Por encomenda"},"schema":{"@context":"https:\/\/schema.org","@graph":[{"@type":"WebPage","@id":"https:\/\/recambiosecogas.com\/pt-pt\/producto\/landi-renzo-inyector-glp-gnc-girs12-2-cilindros-xxs-l\/","url":"https:\/\/recambiosecogas.com\/pt-pt\/producto\/landi-renzo-inyector-glp-gnc-girs12-2-cilindros-xxs-l\/","name":"Injetor Landi Renzo LPG\/CNG GIRS12 - 2 cilindros (XXS - L) | Recambios EcoGas | Sistemas GLP y GNC","isPartOf":{"@id":"https:\/\/recambiosecogas.com\/pt-pt\/#website"},"primaryImageOfPage":{"@id":"https:\/\/recambiosecogas.com\/pt-pt\/producto\/landi-renzo-inyector-glp-gnc-girs12-2-cilindros-xxs-l\/#primaryimage"},"image":{"@id":"https:\/\/recambiosecogas.com\/pt-pt\/producto\/landi-renzo-inyector-glp-gnc-girs12-2-cilindros-xxs-l\/#primaryimage"},"thumbnailUrl":"https:\/\/recambiosecogas.com\/wp-content\/uploads\/2024\/12\/Landi-Renzo-Inyector-GLP-GNV-GIRS12-2-cilindros-XXS-L-png.webp","datePublished":"2024-12-09T10:48:24+00:00","dateModified":"2026-04-15T10:49:01+00:00","description":"Injetor Landi Renzo GIRS12 para 2 cilindros de GPL e GNC. Dispon\u00edvel nas vers\u00f5es XXS a L, dependendo da pot\u00eancia. Alta efici\u00eancia, baixo consumo e emiss\u00f5es reduzidas.","breadcrumb":{"@id":"https:\/\/recambiosecogas.com\/pt-pt\/producto\/landi-renzo-inyector-glp-gnc-girs12-2-cilindros-xxs-l\/#breadcrumb"},"inLanguage":"pt-PT","potentialAction":[{"@type":"ReadAction","target":["https:\/\/recambiosecogas.com\/pt-pt\/producto\/landi-renzo-inyector-glp-gnc-girs12-2-cilindros-xxs-l\/"]}]},{"@type":"ImageObject","inLanguage":"pt-PT","@id":"https:\/\/recambiosecogas.com\/pt-pt\/producto\/landi-renzo-inyector-glp-gnc-girs12-2-cilindros-xxs-l\/#primaryimage","url":"https:\/\/recambiosecogas.com\/wp-content\/uploads\/2024\/12\/Landi-Renzo-Inyector-GLP-GNV-GIRS12-2-cilindros-XXS-L-png.webp","contentUrl":"https:\/\/recambiosecogas.com\/wp-content\/uploads\/2024\/12\/Landi-Renzo-Inyector-GLP-GNV-GIRS12-2-cilindros-XXS-L-png.webp","width":1000,"height":1000},{"@type":"BreadcrumbList","@id":"https:\/\/recambiosecogas.com\/pt-pt\/producto\/landi-renzo-inyector-glp-gnc-girs12-2-cilindros-xxs-l\/#breadcrumb","itemListElement":[{"@type":"ListItem","position":1,"name":"P\u00e1gina inicial","item":"https:\/\/recambiosecogas.com\/pt-pt\/"},{"@type":"ListItem","position":2,"name":"Loja","item":"https:\/\/recambiosecogas.com\/pt-pt\/tienda\/"},{"@type":"ListItem","position":3,"name":"Injetor Landi Renzo LPG\/CNG GIRS12 &#8211; 2 cilindros (XXS &#8211; L)"}]},{"@type":"WebSite","@id":"https:\/\/recambiosecogas.com\/pt-pt\/#website","url":"https:\/\/recambiosecogas.com\/pt-pt\/","name":"Recambios EcoGas","description":"Pe\u00e7as multimarca para sistemas de GPL\/GNC\/GNL\/Hidrog\u00e9nio","publisher":{"@id":"https:\/\/recambiosecogas.com\/pt-pt\/#organization"},"alternateName":"Recambios Autogas GLP","potentialAction":[{"@type":"SearchAction","target":{"@type":"EntryPoint","urlTemplate":"https:\/\/recambiosecogas.com\/pt-pt\/?s={search_term_string}"},"query-input":{"@type":"PropertyValueSpecification","valueRequired":true,"valueName":"search_term_string"}}],"inLanguage":"pt-PT"},{"@type":["Organization","Place"],"@id":"https:\/\/recambiosecogas.com\/pt-pt\/#organization","name":"Recambios EcoGas","alternateName":"Loja de GPL Autog\u00e1s Espanha","url":"https:\/\/recambiosecogas.com\/pt-pt\/","logo":{"@id":"https:\/\/recambiosecogas.com\/pt-pt\/producto\/landi-renzo-inyector-glp-gnc-girs12-2-cilindros-xxs-l\/#local-main-organization-logo"},"image":{"@id":"https:\/\/recambiosecogas.com\/pt-pt\/producto\/landi-renzo-inyector-glp-gnc-girs12-2-cilindros-xxs-l\/#local-main-organization-logo"},"sameAs":["https:\/\/www.facebook.com\/profile.php?id=100062419705358","https:\/\/www.instagram.com\/segimon_automocio"],"description":"Recambios EcoGas \u2013 Venta y distribuci\u00f3n de sistemas GLP y GNC en Espa\u00f1a y Portugal. Env\u00edos 24 h, soporte t\u00e9cnico a talleres y distribuidores.","hasMerchantReturnPolicy":{"@type":"MerchantReturnPolicy","merchantReturnLink":"https:\/\/recambiosecogas.com\/politicas-privacidad\/"},"address":{"@id":"https:\/\/recambiosecogas.com\/pt-pt\/producto\/landi-renzo-inyector-glp-gnc-girs12-2-cilindros-xxs-l\/#local-main-place-address"},"telephone":["616250633"],"contactPoint":{"@type":"ContactPoint","email":"export@recambiosecogas.com"},"openingHoursSpecification":[{"@type":"OpeningHoursSpecification","dayOfWeek":["Monday","Tuesday","Wednesday","Thursday","Friday","Saturday","Sunday"],"opens":"09:00","closes":"17:00"}],"email":"info@recambiosecogas.com","faxNumber":"SEGIMON AUTOMOCION SL","vatID":"ESB19819861","globalLocationNumber":"938 616 339"},{"@type":"PostalAddress","@id":"https:\/\/recambiosecogas.com\/pt-pt\/producto\/landi-renzo-inyector-glp-gnc-girs12-2-cilindros-xxs-l\/#local-main-place-address","streetAddress":"cami antic de vic, 29 (Nave 3), Pol\u00edgono Industrial Congost","addressLocality":"CORRO D`AVALL","postalCode":"08520","addressRegion":"Barcelona","addressCountry":"ES"},{"@type":"ImageObject","inLanguage":"pt-PT","@id":"https:\/\/recambiosecogas.com\/pt-pt\/producto\/landi-renzo-inyector-glp-gnc-girs12-2-cilindros-xxs-l\/#local-main-organization-logo","url":"https:\/\/recambiosecogas.com\/wp-content\/uploads\/2024\/11\/cropped-RECAMBIOS-GLP-png.webp","contentUrl":"https:\/\/recambiosecogas.com\/wp-content\/uploads\/2024\/11\/cropped-RECAMBIOS-GLP-png.webp","width":512,"height":512,"caption":"Recambios EcoGas"}]},"og_availability":"backorder","product_availability":"available for order","product_retailer_item_id":"108988","product_condition":"new","geo.placename":"CORRO D`AVALL","geo.region":"Espanha"},"uagb_featured_image_src":{"full":["https:\/\/recambiosecogas.com\/wp-content\/uploads\/2024\/12\/Landi-Renzo-Inyector-GLP-GNV-GIRS12-2-cilindros-XXS-L-png.webp",1000,1000,false],"thumbnail":["https:\/\/recambiosecogas.com\/wp-content\/uploads\/2024\/12\/Landi-Renzo-Inyector-GLP-GNV-GIRS12-2-cilindros-XXS-L-150x150.webp",150,150,true],"medium":["https:\/\/recambiosecogas.com\/wp-content\/uploads\/2024\/12\/Landi-Renzo-Inyector-GLP-GNV-GIRS12-2-cilindros-XXS-L-300x300.webp",300,300,true],"medium_large":["https:\/\/recambiosecogas.com\/wp-content\/uploads\/2024\/12\/Landi-Renzo-Inyector-GLP-GNV-GIRS12-2-cilindros-XXS-L-768x768.webp",768,768,true],"large":["https:\/\/recambiosecogas.com\/wp-content\/uploads\/2024\/12\/Landi-Renzo-Inyector-GLP-GNV-GIRS12-2-cilindros-XXS-L-png.webp",1000,1000,false],"1536x1536":["https:\/\/recambiosecogas.com\/wp-content\/uploads\/2024\/12\/Landi-Renzo-Inyector-GLP-GNV-GIRS12-2-cilindros-XXS-L-png.webp",1000,1000,false],"2048x2048":["https:\/\/recambiosecogas.com\/wp-content\/uploads\/2024\/12\/Landi-Renzo-Inyector-GLP-GNV-GIRS12-2-cilindros-XXS-L-png.webp",1000,1000,false],"woocommerce_archive_thumbnail":["https:\/\/recambiosecogas.com\/wp-content\/uploads\/2024\/12\/Landi-Renzo-Inyector-GLP-GNV-GIRS12-2-cilindros-XXS-L-png.webp",1000,1000,false],"woocommerce_thumbnail":["https:\/\/recambiosecogas.com\/wp-content\/uploads\/2024\/12\/Landi-Renzo-Inyector-GLP-GNV-GIRS12-2-cilindros-XXS-L-png-300x300.webp",300,300,true],"woocommerce_single":["https:\/\/recambiosecogas.com\/wp-content\/uploads\/2024\/12\/Landi-Renzo-Inyector-GLP-GNV-GIRS12-2-cilindros-XXS-L-png.webp",1000,1000,false],"woocommerce_gallery_thumbnail":["https:\/\/recambiosecogas.com\/wp-content\/uploads\/2024\/12\/Landi-Renzo-Inyector-GLP-GNV-GIRS12-2-cilindros-XXS-L-png.webp",1000,1000,false],"dgwt-wcas-product-suggestion":["https:\/\/recambiosecogas.com\/wp-content\/uploads\/2024\/12\/Landi-Renzo-Inyector-GLP-GNV-GIRS12-2-cilindros-XXS-L-png-64x64.webp",64,64,true]},"uagb_author_info":{"display_name":"Fran - Soporte T\u00e9cnico","author_link":"https:\/\/recambiosecogas.com\/pt-pt\/author\/"},"uagb_comment_info":0,"uagb_excerpt":"APROVA\u00c7\u00c3O E4 Bar 67R-01 0093 Injetor: E4 67R-01 0092","_links":{"self":[{"href":"https:\/\/recambiosecogas.com\/pt-pt\/wp-json\/wp\/v2\/product\/48263","targetHints":{"allow":["GET"]}}],"collection":[{"href":"https:\/\/recambiosecogas.com\/pt-pt\/wp-json\/wp\/v2\/product"}],"about":[{"href":"https:\/\/recambiosecogas.com\/pt-pt\/wp-json\/wp\/v2\/types\/product"}],"replies":[{"embeddable":true,"href":"https:\/\/recambiosecogas.com\/pt-pt\/wp-json\/wp\/v2\/comments?post=48263"}],"wp:featuredmedia":[{"embeddable":true,"href":"https:\/\/recambiosecogas.com\/pt-pt\/wp-json\/wp\/v2\/media\/8953"}],"wp:attachment":[{"href":"https:\/\/recambiosecogas.com\/pt-pt\/wp-json\/wp\/v2\/media?parent=48263"}],"wp:term":[{"taxonomy":"product_brand","embeddable":true,"href":"https:\/\/recambiosecogas.com\/pt-pt\/wp-json\/wp\/v2\/product_brand?post=48263"},{"taxonomy":"product_cat","embeddable":true,"href":"https:\/\/recambiosecogas.com\/pt-pt\/wp-json\/wp\/v2\/product_cat?post=48263"},{"taxonomy":"product_tag","embeddable":true,"href":"https:\/\/recambiosecogas.com\/pt-pt\/wp-json\/wp\/v2\/product_tag?post=48263"}],"curies":[{"name":"wp","href":"https:\/\/api.w.org\/{rel}","templated":true}]}}