{"id":48042,"date":"2024-12-09T10:41:02","date_gmt":"2024-12-09T10:41:02","guid":{"rendered":"https:\/\/recambiosecogas.com\/producto\/inyector-individual-kn8-para-glp-42cc-100cc\/"},"modified":"2026-04-15T11:47:11","modified_gmt":"2026-04-15T10:47:11","slug":"inyector-individual-kn8-para-glp-42cc-100cc","status":"publish","type":"product","link":"https:\/\/recambiosecogas.com\/pt-pt\/producto\/inyector-individual-kn8-para-glp-42cc-100cc\/","title":{"rendered":"Keihin KN8 Injetor \u00danico para GLP\/GNC \u2013 Prins VSI (52cc\/100cc)"},"content":{"rendered":"<h3 class=\"\" style=\"text-align: center;\" data-start=\"0\" data-end=\"85\">Keihin KN8 Injetor \u00danico para GLP\/GNC \u2013 Prins VSI (52cc, 63cc, 73cc, 100cc)<\/h3>\n<p class=\"\" data-start=\"87\" data-end=\"534\">O injetor \u00fanico Keihin KN8 \u00e9 uma das pe\u00e7as mais precisas e fi\u00e1veis do mercado para sistemas de g\u00e1s LPG e GNC. Este modelo \u00e9 normalmente instalado nas configura\u00e7\u00f5es Prins VSI I e II e garante uma inje\u00e7\u00e3o eficiente de combust\u00edvel em ve\u00edculos alimentados por g\u00e1s liquefeito de petr\u00f3leo ou g\u00e1s natural comprimido. \u00c9 fabricado segundo os mais elevados padr\u00f5es japoneses, com durabilidade reconhecida e aprova\u00e7\u00f5es europeias atualizadas.  <\/p>\n<p class=\"\" data-start=\"536\" data-end=\"880\">O injetor KN8 est\u00e1 dispon\u00edvel em diferentes tamanhos de fluxo<strong> (52cc, 63cc, 73cc e 100cc),<\/strong> cada um identificado por um ponto de cor diferente: azul, laranja, amarelo e castanho, respetivamente. Estas variantes permitem ajustar o sistema de inje\u00e7\u00e3o \u00e0 pot\u00eancia por cilindro do ve\u00edculo, garantindo um desempenho equilibrado e eficiente. <\/p>\n<p class=\"\" data-start=\"882\" data-end=\"1251\">Este modelo foi concebido para uma longa vida \u00fatil sem manuten\u00e7\u00e3o (at\u00e9 150.000 km) e oferece um funcionamento silencioso gra\u00e7as ao seu inovador sistema interno de diafragma. A instala\u00e7\u00e3o deve ser sempre feita tendo em conta o tipo de fluxo necess\u00e1rio para o motor. Recomendamos que consulte antecipadamente por fotografia se for feita uma substitui\u00e7\u00e3o.  <\/p>\n<p class=\"\" data-start=\"1253\" data-end=\"1406\">O injetor Keihin KN8 \u00e9 ideal para sistemas OEM de marcas como Citro\u00ebn e Subaru e \u00e9 tamb\u00e9m utilizado em v\u00e1rias instala\u00e7\u00f5es Prins VSI na Europa.<\/p>\n<hr class=\"\" data-start=\"1408\" data-end=\"1411\">\n<p class=\"\" data-start=\"1413\" data-end=\"1441\"><strong data-start=\"1413\" data-end=\"1441\">Especifica\u00e7\u00f5es<\/strong><\/p>\n<div class=\"pointer-events-none relative left-[50%]! flex w-[100cqw] translate-x-[-50%] justify-center *:pointer-events-auto\">\n<div class=\"tableContainer horzScrollShadows group relative\">\n<table class=\"min-w-full\" data-start=\"1443\" data-end=\"1960\">\n<thead data-start=\"1443\" data-end=\"1521\">\n<tr data-start=\"1443\" data-end=\"1521\">\n<th data-start=\"1443\" data-end=\"1454\">Variante<\/th>\n<th data-start=\"1454\" data-end=\"1468\">Tamanho (cc)<\/th>\n<th data-start=\"1468\" data-end=\"1476\">Cor<\/th>\n<th data-start=\"1476\" data-end=\"1505\">Gama de pot\u00eancia (KW\/cil)<\/th>\n<th data-start=\"1505\" data-end=\"1521\">Aprova\u00e7\u00e3o<\/th>\n<\/tr>\n<\/thead>\n<tbody data-start=\"1608\" data-end=\"1960\">\n<tr data-start=\"1608\" data-end=\"1695\">\n<td class=\"max-w-[calc(var(--thread-content-max-width)*2\/3)]\" data-start=\"1608\" data-end=\"1619\">52cc<\/td>\n<td class=\"max-w-[calc(var(--thread-content-max-width)*2\/3)]\" data-start=\"1619\" data-end=\"1635\">Azul<\/td>\n<p>Ponto <\/p>\n<td class=\"max-w-[calc(var(--thread-content-max-width)*2\/3)]\" data-start=\"1635\" data-end=\"1648\">azul<\/td>\n<td class=\"max-w-[calc(var(--thread-content-max-width)*2\/3)]\" data-start=\"1648\" data-end=\"1678\">13.75 \u2013 21.50<\/td>\n<td class=\"max-w-[calc(var(--thread-content-max-width)*2\/3)]\" data-start=\"1678\" data-end=\"1695\">E4 67R-010092<\/td>\n<\/tr>\n<tr data-start=\"1696\" data-end=\"1783\">\n<td class=\"max-w-[calc(var(--thread-content-max-width)*2\/3)]\" data-start=\"1696\" data-end=\"1707\">63cc<\/td>\n<td class=\"max-w-[calc(var(--thread-content-max-width)*2\/3)]\" data-start=\"1707\" data-end=\"1723\">Laranja<\/td>\n<td class=\"max-w-[calc(var(--thread-content-max-width)*2\/3)]\" data-start=\"1723\" data-end=\"1739\">Ponto laranja<\/td>\n<td class=\"max-w-[calc(var(--thread-content-max-width)*2\/3)]\" data-start=\"1739\" data-end=\"1766\">16h50 \u2013 27h50<\/td>\n<td class=\"max-w-[calc(var(--thread-content-max-width)*2\/3)]\" data-start=\"1766\" data-end=\"1783\">E4 67R-010092<\/td>\n<\/tr>\n<tr data-start=\"1784\" data-end=\"1872\">\n<td class=\"max-w-[calc(var(--thread-content-max-width)*2\/3)]\" data-start=\"1784\" data-end=\"1795\">73cc<\/td>\n<td class=\"max-w-[calc(var(--thread-content-max-width)*2\/3)]\" data-start=\"1795\" data-end=\"1811\">Amarelo<\/td>\n<td class=\"max-w-[calc(var(--thread-content-max-width)*2\/3)]\" data-start=\"1811\" data-end=\"1828\">Ponto amarelo<\/td>\n<td class=\"max-w-[calc(var(--thread-content-max-width)*2\/3)]\" data-start=\"1828\" data-end=\"1855\">20.75 \u2013 32.50<\/td>\n<td class=\"max-w-[calc(var(--thread-content-max-width)*2\/3)]\" data-start=\"1855\" data-end=\"1872\">E4 67R-010092<\/td>\n<\/tr>\n<tr data-start=\"1873\" data-end=\"1960\">\n<td class=\"max-w-[calc(var(--thread-content-max-width)*2\/3)]\" data-start=\"1873\" data-end=\"1884\">100cc<\/td>\n<td class=\"max-w-[calc(var(--thread-content-max-width)*2\/3)]\" data-start=\"1884\" data-end=\"1900\">\n BrownPonto\n <\/td>\n<td class=\"max-w-[calc(var(--thread-content-max-width)*2\/3)]\" data-start=\"1900\" data-end=\"1915\">Castanho<\/td>\n<td class=\"max-w-[calc(var(--thread-content-max-width)*2\/3)]\" data-start=\"1915\" data-end=\"1943\">A partir das 32,50<\/td>\n<td class=\"max-w-[calc(var(--thread-content-max-width)*2\/3)]\" data-start=\"1943\" data-end=\"1960\">E4 67R-010092<\/td>\n<\/tr>\n<\/tbody>\n<\/table>\n<\/div>\n<\/div>\n<p class=\"\" data-start=\"1962\" data-end=\"2002\"><strong data-start=\"1962\" data-end=\"1987\">Aprova\u00e7\u00e3o ferrovi\u00e1ria:<\/strong> E4 67R-01 0093<\/p>\n<p><a href=\"https:\/\/recambiosecogas.com\/pt-pt\/categoria-produto\/injecao\/injetores-rail\/\">O nosso cat\u00e1logo de injetores.<\/a><\/p>\n<p><a href=\"https:\/\/segimonautomocio.com\/\">Mude os seus injetores na nossa oficina especializada.<\/a><\/p>\n","protected":false},"excerpt":{"rendered":"<p>Keihin KN8 Injetor \u00danico para GLP\/GNC \u2013 Prins VSI (52cc, 63cc, 73cc, 100cc) O injetor \u00fanico Keihin KN8 \u00e9 uma das pe\u00e7as mais precisas e fi\u00e1veis do mercado para sistemas de g\u00e1s LPG e GNC. Este modelo \u00e9 normalmente instalado nas configura\u00e7\u00f5es Prins VSI I e II e garante uma inje\u00e7\u00e3o eficiente de combust\u00edvel em [&hellip;]<\/p>\n","protected":false},"featured_media":8955,"comment_status":"open","ping_status":"closed","template":"","meta":{"_uag_custom_page_level_css":""},"product_brand":[],"product_cat":[1591,1597,1599,1731],"product_tag":[1227,1245],"class_list":{"0":"post-48042","1":"product","2":"type-product","3":"status-publish","4":"has-post-thumbnail","6":"product_cat-injecao","7":"product_cat-injetores-rail","8":"product_cat-injetores-individuais","9":"product_cat-keihin-pt-pt","10":"product_tag-kn8-pt-pt","11":"product_tag-prins-vsi-pt-pt","13":"first","14":"onbackorder","15":"taxable","16":"shipping-taxable","17":"purchasable","18":"product-type-variable"},"ct_brands":[],"yoast_head":"<!-- This site is optimized with the Yoast SEO Premium plugin v27.5 (Yoast SEO v27.5) - https:\/\/yoast.com\/product\/yoast-seo-premium-wordpress\/ -->\n<title>Keihin KN8 Injetor \u00danico para GLP\/GNC \u2013 Prins VSI (52cc\/100cc) | Recambios EcoGas | Sistemas GLP y GNC<\/title>\n<meta name=\"description\" content=\"Injetor Keihin KN8 LPG\/CNG para Prins VSI. Quatro vers\u00f5es (52 a 100cc). Ideal para sistemas Citro\u00ebn, Subaru e OEM. Efici\u00eancia e durabilidade garantidas.\" \/>\n<meta name=\"robots\" content=\"index, follow, max-snippet:-1, max-image-preview:large, max-video-preview:-1\" \/>\n<link rel=\"canonical\" href=\"https:\/\/recambiosecogas.com\/pt-pt\/producto\/inyector-individual-kn8-para-glp-42cc-100cc\/\" \/>\n<meta property=\"og:locale\" content=\"pt_PT\" \/>\n<meta property=\"og:type\" content=\"article\" \/>\n<meta property=\"og:title\" content=\"Keihin KN8 Injetor \u00danico para GLP\/GNC \u2013 Prins VSI (52cc\/100cc)\" \/>\n<meta property=\"og:description\" content=\"Injetor Keihin KN8 LPG\/CNG para Prins VSI. Quatro vers\u00f5es (52 a 100cc). Ideal para sistemas Citro\u00ebn, Subaru e OEM. Efici\u00eancia e durabilidade garantidas.\" \/>\n<meta property=\"og:url\" content=\"https:\/\/recambiosecogas.com\/pt-pt\/producto\/inyector-individual-kn8-para-glp-42cc-100cc\/\" \/>\n<meta property=\"og:site_name\" content=\"Recambios EcoGas\" \/>\n<meta property=\"article:publisher\" content=\"https:\/\/www.facebook.com\/profile.php?id=100062419705358\" \/>\n<meta property=\"article:modified_time\" content=\"2026-04-15T10:47:11+00:00\" \/>\n<meta property=\"og:image\" content=\"https:\/\/recambiosecogas.com\/wp-content\/uploads\/2024\/12\/Inyector-Keihin-KN8-para-GLP-42cc-100cc-png.webp\" \/>\n\t<meta property=\"og:image:width\" content=\"1000\" \/>\n\t<meta property=\"og:image:height\" content=\"1000\" \/>\n\t<meta property=\"og:image:type\" content=\"image\/png\" \/>\n<meta name=\"twitter:card\" content=\"summary_large_image\" \/>\n<meta name=\"twitter:label1\" content=\"Disponibilidade\" \/>\n\t<meta name=\"twitter:data1\" content=\"Por encomenda\" \/>\n<script type=\"application\/ld+json\" class=\"yoast-schema-graph\">{\"@context\":\"https:\\\/\\\/schema.org\",\"@graph\":[{\"@type\":\"WebPage\",\"@id\":\"https:\\\/\\\/recambiosecogas.com\\\/pt-pt\\\/producto\\\/inyector-individual-kn8-para-glp-42cc-100cc\\\/\",\"url\":\"https:\\\/\\\/recambiosecogas.com\\\/pt-pt\\\/producto\\\/inyector-individual-kn8-para-glp-42cc-100cc\\\/\",\"name\":\"Keihin KN8 Injetor \u00danico para GLP\\\/GNC \u2013 Prins VSI (52cc\\\/100cc) | Recambios EcoGas | Sistemas GLP y GNC\",\"isPartOf\":{\"@id\":\"https:\\\/\\\/recambiosecogas.com\\\/pt-pt\\\/#website\"},\"primaryImageOfPage\":{\"@id\":\"https:\\\/\\\/recambiosecogas.com\\\/pt-pt\\\/producto\\\/inyector-individual-kn8-para-glp-42cc-100cc\\\/#primaryimage\"},\"image\":{\"@id\":\"https:\\\/\\\/recambiosecogas.com\\\/pt-pt\\\/producto\\\/inyector-individual-kn8-para-glp-42cc-100cc\\\/#primaryimage\"},\"thumbnailUrl\":\"https:\\\/\\\/recambiosecogas.com\\\/wp-content\\\/uploads\\\/2024\\\/12\\\/Inyector-Keihin-KN8-para-GLP-42cc-100cc-png.webp\",\"datePublished\":\"2024-12-09T10:41:02+00:00\",\"dateModified\":\"2026-04-15T10:47:11+00:00\",\"description\":\"Injetor Keihin KN8 LPG\\\/CNG para Prins VSI. Quatro vers\u00f5es (52 a 100cc). Ideal para sistemas Citro\u00ebn, Subaru e OEM. Efici\u00eancia e durabilidade garantidas.\",\"breadcrumb\":{\"@id\":\"https:\\\/\\\/recambiosecogas.com\\\/pt-pt\\\/producto\\\/inyector-individual-kn8-para-glp-42cc-100cc\\\/#breadcrumb\"},\"inLanguage\":\"pt-PT\",\"potentialAction\":[{\"@type\":\"ReadAction\",\"target\":[\"https:\\\/\\\/recambiosecogas.com\\\/pt-pt\\\/producto\\\/inyector-individual-kn8-para-glp-42cc-100cc\\\/\"]}]},{\"@type\":\"ImageObject\",\"inLanguage\":\"pt-PT\",\"@id\":\"https:\\\/\\\/recambiosecogas.com\\\/pt-pt\\\/producto\\\/inyector-individual-kn8-para-glp-42cc-100cc\\\/#primaryimage\",\"url\":\"https:\\\/\\\/recambiosecogas.com\\\/wp-content\\\/uploads\\\/2024\\\/12\\\/Inyector-Keihin-KN8-para-GLP-42cc-100cc-png.webp\",\"contentUrl\":\"https:\\\/\\\/recambiosecogas.com\\\/wp-content\\\/uploads\\\/2024\\\/12\\\/Inyector-Keihin-KN8-para-GLP-42cc-100cc-png.webp\",\"width\":1000,\"height\":1000},{\"@type\":\"BreadcrumbList\",\"@id\":\"https:\\\/\\\/recambiosecogas.com\\\/pt-pt\\\/producto\\\/inyector-individual-kn8-para-glp-42cc-100cc\\\/#breadcrumb\",\"itemListElement\":[{\"@type\":\"ListItem\",\"position\":1,\"name\":\"P\u00e1gina inicial\",\"item\":\"https:\\\/\\\/recambiosecogas.com\\\/pt-pt\\\/\"},{\"@type\":\"ListItem\",\"position\":2,\"name\":\"Loja\",\"item\":\"https:\\\/\\\/recambiosecogas.com\\\/pt-pt\\\/tienda\\\/\"},{\"@type\":\"ListItem\",\"position\":3,\"name\":\"Keihin KN8 Injetor \u00danico para GLP\\\/GNC \u2013 Prins VSI (52cc\\\/100cc)\"}]},{\"@type\":\"WebSite\",\"@id\":\"https:\\\/\\\/recambiosecogas.com\\\/pt-pt\\\/#website\",\"url\":\"https:\\\/\\\/recambiosecogas.com\\\/pt-pt\\\/\",\"name\":\"Recambios EcoGas\",\"description\":\"Pe\u00e7as multimarca para sistemas de GPL\\\/GNC\\\/GNL\\\/Hidrog\u00e9nio\",\"publisher\":{\"@id\":\"https:\\\/\\\/recambiosecogas.com\\\/pt-pt\\\/#organization\"},\"alternateName\":\"Recambios Autogas GLP\",\"potentialAction\":[{\"@type\":\"SearchAction\",\"target\":{\"@type\":\"EntryPoint\",\"urlTemplate\":\"https:\\\/\\\/recambiosecogas.com\\\/pt-pt\\\/?s={search_term_string}\"},\"query-input\":{\"@type\":\"PropertyValueSpecification\",\"valueRequired\":true,\"valueName\":\"search_term_string\"}}],\"inLanguage\":\"pt-PT\"},{\"@type\":[\"Organization\",\"Place\"],\"@id\":\"https:\\\/\\\/recambiosecogas.com\\\/pt-pt\\\/#organization\",\"name\":\"Recambios EcoGas\",\"alternateName\":\"Loja de GPL Autog\u00e1s Espanha\",\"url\":\"https:\\\/\\\/recambiosecogas.com\\\/pt-pt\\\/\",\"logo\":{\"@id\":\"https:\\\/\\\/recambiosecogas.com\\\/pt-pt\\\/producto\\\/inyector-individual-kn8-para-glp-42cc-100cc\\\/#local-main-organization-logo\"},\"image\":{\"@id\":\"https:\\\/\\\/recambiosecogas.com\\\/pt-pt\\\/producto\\\/inyector-individual-kn8-para-glp-42cc-100cc\\\/#local-main-organization-logo\"},\"sameAs\":[\"https:\\\/\\\/www.facebook.com\\\/profile.php?id=100062419705358\",\"https:\\\/\\\/www.instagram.com\\\/segimon_automocio\"],\"description\":\"Recambios EcoGas \u2013 Venta y distribuci\u00f3n de sistemas GLP y GNC en Espa\u00f1a y Portugal. Env\u00edos 24 h, soporte t\u00e9cnico a talleres y distribuidores.\",\"hasMerchantReturnPolicy\":{\"@type\":\"MerchantReturnPolicy\",\"merchantReturnLink\":\"https:\\\/\\\/recambiosecogas.com\\\/politicas-privacidad\\\/\"},\"address\":{\"@id\":\"https:\\\/\\\/recambiosecogas.com\\\/pt-pt\\\/producto\\\/inyector-individual-kn8-para-glp-42cc-100cc\\\/#local-main-place-address\"},\"telephone\":[\"616250633\"],\"contactPoint\":{\"@type\":\"ContactPoint\",\"email\":\"export@recambiosecogas.com\"},\"openingHoursSpecification\":[{\"@type\":\"OpeningHoursSpecification\",\"dayOfWeek\":[\"Monday\",\"Tuesday\",\"Wednesday\",\"Thursday\",\"Friday\",\"Saturday\",\"Sunday\"],\"opens\":\"09:00\",\"closes\":\"17:00\"}],\"email\":\"info@recambiosecogas.com\",\"faxNumber\":\"SEGIMON AUTOMOCION SL\",\"vatID\":\"ESB19819861\",\"globalLocationNumber\":\"938 616 339\"},{\"@type\":\"PostalAddress\",\"@id\":\"https:\\\/\\\/recambiosecogas.com\\\/pt-pt\\\/producto\\\/inyector-individual-kn8-para-glp-42cc-100cc\\\/#local-main-place-address\",\"streetAddress\":\"cami antic de vic, 29 (Nave 3), Pol\u00edgono Industrial Congost\",\"addressLocality\":\"CORRO D`AVALL\",\"postalCode\":\"08520\",\"addressRegion\":\"Barcelona\",\"addressCountry\":\"ES\"},{\"@type\":\"ImageObject\",\"inLanguage\":\"pt-PT\",\"@id\":\"https:\\\/\\\/recambiosecogas.com\\\/pt-pt\\\/producto\\\/inyector-individual-kn8-para-glp-42cc-100cc\\\/#local-main-organization-logo\",\"url\":\"https:\\\/\\\/recambiosecogas.com\\\/wp-content\\\/uploads\\\/2024\\\/11\\\/cropped-RECAMBIOS-GLP-png.webp\",\"contentUrl\":\"https:\\\/\\\/recambiosecogas.com\\\/wp-content\\\/uploads\\\/2024\\\/11\\\/cropped-RECAMBIOS-GLP-png.webp\",\"width\":512,\"height\":512,\"caption\":\"Recambios EcoGas\"}]}<\/script>\n<meta property=\"og:availability\" content=\"backorder\" \/>\n<meta property=\"product:availability\" content=\"available for order\" \/>\n<meta property=\"product:retailer_item_id\" content=\"108980\" \/>\n<meta property=\"product:condition\" content=\"new\" \/>\n<meta name=\"geo.placename\" content=\"CORRO D`AVALL\" \/>\n<meta name=\"geo.region\" content=\"Espanha\" \/>\n<!-- \/ Yoast SEO Premium plugin. -->","yoast_head_json":{"title":"Keihin KN8 Injetor \u00danico para GLP\/GNC \u2013 Prins VSI (52cc\/100cc) | Recambios EcoGas | Sistemas GLP y GNC","description":"Injetor Keihin KN8 LPG\/CNG para Prins VSI. Quatro vers\u00f5es (52 a 100cc). Ideal para sistemas Citro\u00ebn, Subaru e OEM. Efici\u00eancia e durabilidade garantidas.","robots":{"index":"index","follow":"follow","max-snippet":"max-snippet:-1","max-image-preview":"max-image-preview:large","max-video-preview":"max-video-preview:-1"},"canonical":"https:\/\/recambiosecogas.com\/pt-pt\/producto\/inyector-individual-kn8-para-glp-42cc-100cc\/","og_locale":"pt_PT","og_type":"article","og_title":"Keihin KN8 Injetor \u00danico para GLP\/GNC \u2013 Prins VSI (52cc\/100cc)","og_description":"Injetor Keihin KN8 LPG\/CNG para Prins VSI. Quatro vers\u00f5es (52 a 100cc). Ideal para sistemas Citro\u00ebn, Subaru e OEM. Efici\u00eancia e durabilidade garantidas.","og_url":"https:\/\/recambiosecogas.com\/pt-pt\/producto\/inyector-individual-kn8-para-glp-42cc-100cc\/","og_site_name":"Recambios EcoGas","article_publisher":"https:\/\/www.facebook.com\/profile.php?id=100062419705358","article_modified_time":"2026-04-15T10:47:11+00:00","og_image":[{"width":1000,"height":1000,"url":"https:\/\/recambiosecogas.com\/wp-content\/uploads\/2024\/12\/Inyector-Keihin-KN8-para-GLP-42cc-100cc-png.webp","type":"image\/png"}],"twitter_card":"summary_large_image","twitter_misc":{"Disponibilidade":"Por encomenda"},"schema":{"@context":"https:\/\/schema.org","@graph":[{"@type":"WebPage","@id":"https:\/\/recambiosecogas.com\/pt-pt\/producto\/inyector-individual-kn8-para-glp-42cc-100cc\/","url":"https:\/\/recambiosecogas.com\/pt-pt\/producto\/inyector-individual-kn8-para-glp-42cc-100cc\/","name":"Keihin KN8 Injetor \u00danico para GLP\/GNC \u2013 Prins VSI (52cc\/100cc) | Recambios EcoGas | Sistemas GLP y GNC","isPartOf":{"@id":"https:\/\/recambiosecogas.com\/pt-pt\/#website"},"primaryImageOfPage":{"@id":"https:\/\/recambiosecogas.com\/pt-pt\/producto\/inyector-individual-kn8-para-glp-42cc-100cc\/#primaryimage"},"image":{"@id":"https:\/\/recambiosecogas.com\/pt-pt\/producto\/inyector-individual-kn8-para-glp-42cc-100cc\/#primaryimage"},"thumbnailUrl":"https:\/\/recambiosecogas.com\/wp-content\/uploads\/2024\/12\/Inyector-Keihin-KN8-para-GLP-42cc-100cc-png.webp","datePublished":"2024-12-09T10:41:02+00:00","dateModified":"2026-04-15T10:47:11+00:00","description":"Injetor Keihin KN8 LPG\/CNG para Prins VSI. Quatro vers\u00f5es (52 a 100cc). Ideal para sistemas Citro\u00ebn, Subaru e OEM. Efici\u00eancia e durabilidade garantidas.","breadcrumb":{"@id":"https:\/\/recambiosecogas.com\/pt-pt\/producto\/inyector-individual-kn8-para-glp-42cc-100cc\/#breadcrumb"},"inLanguage":"pt-PT","potentialAction":[{"@type":"ReadAction","target":["https:\/\/recambiosecogas.com\/pt-pt\/producto\/inyector-individual-kn8-para-glp-42cc-100cc\/"]}]},{"@type":"ImageObject","inLanguage":"pt-PT","@id":"https:\/\/recambiosecogas.com\/pt-pt\/producto\/inyector-individual-kn8-para-glp-42cc-100cc\/#primaryimage","url":"https:\/\/recambiosecogas.com\/wp-content\/uploads\/2024\/12\/Inyector-Keihin-KN8-para-GLP-42cc-100cc-png.webp","contentUrl":"https:\/\/recambiosecogas.com\/wp-content\/uploads\/2024\/12\/Inyector-Keihin-KN8-para-GLP-42cc-100cc-png.webp","width":1000,"height":1000},{"@type":"BreadcrumbList","@id":"https:\/\/recambiosecogas.com\/pt-pt\/producto\/inyector-individual-kn8-para-glp-42cc-100cc\/#breadcrumb","itemListElement":[{"@type":"ListItem","position":1,"name":"P\u00e1gina inicial","item":"https:\/\/recambiosecogas.com\/pt-pt\/"},{"@type":"ListItem","position":2,"name":"Loja","item":"https:\/\/recambiosecogas.com\/pt-pt\/tienda\/"},{"@type":"ListItem","position":3,"name":"Keihin KN8 Injetor \u00danico para GLP\/GNC \u2013 Prins VSI (52cc\/100cc)"}]},{"@type":"WebSite","@id":"https:\/\/recambiosecogas.com\/pt-pt\/#website","url":"https:\/\/recambiosecogas.com\/pt-pt\/","name":"Recambios EcoGas","description":"Pe\u00e7as multimarca para sistemas de GPL\/GNC\/GNL\/Hidrog\u00e9nio","publisher":{"@id":"https:\/\/recambiosecogas.com\/pt-pt\/#organization"},"alternateName":"Recambios Autogas GLP","potentialAction":[{"@type":"SearchAction","target":{"@type":"EntryPoint","urlTemplate":"https:\/\/recambiosecogas.com\/pt-pt\/?s={search_term_string}"},"query-input":{"@type":"PropertyValueSpecification","valueRequired":true,"valueName":"search_term_string"}}],"inLanguage":"pt-PT"},{"@type":["Organization","Place"],"@id":"https:\/\/recambiosecogas.com\/pt-pt\/#organization","name":"Recambios EcoGas","alternateName":"Loja de GPL Autog\u00e1s Espanha","url":"https:\/\/recambiosecogas.com\/pt-pt\/","logo":{"@id":"https:\/\/recambiosecogas.com\/pt-pt\/producto\/inyector-individual-kn8-para-glp-42cc-100cc\/#local-main-organization-logo"},"image":{"@id":"https:\/\/recambiosecogas.com\/pt-pt\/producto\/inyector-individual-kn8-para-glp-42cc-100cc\/#local-main-organization-logo"},"sameAs":["https:\/\/www.facebook.com\/profile.php?id=100062419705358","https:\/\/www.instagram.com\/segimon_automocio"],"description":"Recambios EcoGas \u2013 Venta y distribuci\u00f3n de sistemas GLP y GNC en Espa\u00f1a y Portugal. Env\u00edos 24 h, soporte t\u00e9cnico a talleres y distribuidores.","hasMerchantReturnPolicy":{"@type":"MerchantReturnPolicy","merchantReturnLink":"https:\/\/recambiosecogas.com\/politicas-privacidad\/"},"address":{"@id":"https:\/\/recambiosecogas.com\/pt-pt\/producto\/inyector-individual-kn8-para-glp-42cc-100cc\/#local-main-place-address"},"telephone":["616250633"],"contactPoint":{"@type":"ContactPoint","email":"export@recambiosecogas.com"},"openingHoursSpecification":[{"@type":"OpeningHoursSpecification","dayOfWeek":["Monday","Tuesday","Wednesday","Thursday","Friday","Saturday","Sunday"],"opens":"09:00","closes":"17:00"}],"email":"info@recambiosecogas.com","faxNumber":"SEGIMON AUTOMOCION SL","vatID":"ESB19819861","globalLocationNumber":"938 616 339"},{"@type":"PostalAddress","@id":"https:\/\/recambiosecogas.com\/pt-pt\/producto\/inyector-individual-kn8-para-glp-42cc-100cc\/#local-main-place-address","streetAddress":"cami antic de vic, 29 (Nave 3), Pol\u00edgono Industrial Congost","addressLocality":"CORRO D`AVALL","postalCode":"08520","addressRegion":"Barcelona","addressCountry":"ES"},{"@type":"ImageObject","inLanguage":"pt-PT","@id":"https:\/\/recambiosecogas.com\/pt-pt\/producto\/inyector-individual-kn8-para-glp-42cc-100cc\/#local-main-organization-logo","url":"https:\/\/recambiosecogas.com\/wp-content\/uploads\/2024\/11\/cropped-RECAMBIOS-GLP-png.webp","contentUrl":"https:\/\/recambiosecogas.com\/wp-content\/uploads\/2024\/11\/cropped-RECAMBIOS-GLP-png.webp","width":512,"height":512,"caption":"Recambios EcoGas"}]},"og_availability":"backorder","product_availability":"available for order","product_retailer_item_id":"108980","product_condition":"new","geo.placename":"CORRO D`AVALL","geo.region":"Espanha"},"uagb_featured_image_src":{"full":["https:\/\/recambiosecogas.com\/wp-content\/uploads\/2024\/12\/Inyector-Keihin-KN8-para-GLP-42cc-100cc-png.webp",1000,1000,false],"thumbnail":["https:\/\/recambiosecogas.com\/wp-content\/uploads\/2024\/12\/Inyector-Keihin-KN8-para-GLP-42cc-100cc-150x150.webp",150,150,true],"medium":["https:\/\/recambiosecogas.com\/wp-content\/uploads\/2024\/12\/Inyector-Keihin-KN8-para-GLP-42cc-100cc-300x300.webp",300,300,true],"medium_large":["https:\/\/recambiosecogas.com\/wp-content\/uploads\/2024\/12\/Inyector-Keihin-KN8-para-GLP-42cc-100cc-768x768.webp",768,768,true],"large":["https:\/\/recambiosecogas.com\/wp-content\/uploads\/2024\/12\/Inyector-Keihin-KN8-para-GLP-42cc-100cc-png.webp",1000,1000,false],"1536x1536":["https:\/\/recambiosecogas.com\/wp-content\/uploads\/2024\/12\/Inyector-Keihin-KN8-para-GLP-42cc-100cc-png.webp",1000,1000,false],"2048x2048":["https:\/\/recambiosecogas.com\/wp-content\/uploads\/2024\/12\/Inyector-Keihin-KN8-para-GLP-42cc-100cc-png.webp",1000,1000,false],"woocommerce_archive_thumbnail":["https:\/\/recambiosecogas.com\/wp-content\/uploads\/2024\/12\/Inyector-Keihin-KN8-para-GLP-42cc-100cc-png.webp",1000,1000,false],"woocommerce_thumbnail":["https:\/\/recambiosecogas.com\/wp-content\/uploads\/2024\/12\/Inyector-Keihin-KN8-para-GLP-42cc-100cc-png-300x300.webp",300,300,true],"woocommerce_single":["https:\/\/recambiosecogas.com\/wp-content\/uploads\/2024\/12\/Inyector-Keihin-KN8-para-GLP-42cc-100cc-png.webp",1000,1000,false],"woocommerce_gallery_thumbnail":["https:\/\/recambiosecogas.com\/wp-content\/uploads\/2024\/12\/Inyector-Keihin-KN8-para-GLP-42cc-100cc-png.webp",1000,1000,false],"dgwt-wcas-product-suggestion":["https:\/\/recambiosecogas.com\/wp-content\/uploads\/2024\/12\/Inyector-Keihin-KN8-para-GLP-42cc-100cc-png-64x64.webp",64,64,true]},"uagb_author_info":{"display_name":"Fran - Soporte T\u00e9cnico","author_link":"https:\/\/recambiosecogas.com\/pt-pt\/author\/"},"uagb_comment_info":0,"uagb_excerpt":"Keihin KN8 Injetor \u00danico para GLP\/GNC \u2013 Prins VSI (52cc, 63cc, 73cc, 100cc) O injetor \u00fanico Keihin KN8 \u00e9 uma das pe\u00e7as mais precisas e fi\u00e1veis do mercado para sistemas de g\u00e1s LPG e GNC. Este modelo \u00e9 normalmente instalado nas configura\u00e7\u00f5es Prins VSI I e II e garante uma inje\u00e7\u00e3o eficiente de combust\u00edvel em&hellip;","_links":{"self":[{"href":"https:\/\/recambiosecogas.com\/pt-pt\/wp-json\/wp\/v2\/product\/48042","targetHints":{"allow":["GET"]}}],"collection":[{"href":"https:\/\/recambiosecogas.com\/pt-pt\/wp-json\/wp\/v2\/product"}],"about":[{"href":"https:\/\/recambiosecogas.com\/pt-pt\/wp-json\/wp\/v2\/types\/product"}],"replies":[{"embeddable":true,"href":"https:\/\/recambiosecogas.com\/pt-pt\/wp-json\/wp\/v2\/comments?post=48042"}],"wp:featuredmedia":[{"embeddable":true,"href":"https:\/\/recambiosecogas.com\/pt-pt\/wp-json\/wp\/v2\/media\/8955"}],"wp:attachment":[{"href":"https:\/\/recambiosecogas.com\/pt-pt\/wp-json\/wp\/v2\/media?parent=48042"}],"wp:term":[{"taxonomy":"product_brand","embeddable":true,"href":"https:\/\/recambiosecogas.com\/pt-pt\/wp-json\/wp\/v2\/product_brand?post=48042"},{"taxonomy":"product_cat","embeddable":true,"href":"https:\/\/recambiosecogas.com\/pt-pt\/wp-json\/wp\/v2\/product_cat?post=48042"},{"taxonomy":"product_tag","embeddable":true,"href":"https:\/\/recambiosecogas.com\/pt-pt\/wp-json\/wp\/v2\/product_tag?post=48042"}],"curies":[{"name":"wp","href":"https:\/\/api.w.org\/{rel}","templated":true}]}}