{"id":47997,"date":"2024-12-09T10:07:55","date_gmt":"2024-12-09T10:07:55","guid":{"rendered":"https:\/\/recambiosecogas.com\/producto\/kn8-rampa-de-inyeccion-de-5-cilindros-52cc-100cc-keihin\/"},"modified":"2026-04-15T11:47:02","modified_gmt":"2026-04-15T10:47:02","slug":"kn8-rampa-de-inyeccion-de-5-cilindros-52cc-100cc-keihin","status":"publish","type":"product","link":"https:\/\/recambiosecogas.com\/pt-pt\/producto\/kn8-rampa-de-inyeccion-de-5-cilindros-52cc-100cc-keihin\/","title":{"rendered":"Keihin KN8 Injetor \u00danico LPG\/CNG \u2013 Prins VSI I\/II (52cc\/100cc)"},"content":{"rendered":"<h3 class=\"\" data-start=\"143\" data-end=\"217\">Keihin KN8 Injetor \u00danico LPG\/CNG \u2013 Prins VSI I\/II (52cc\/100cc)<\/h3>\n<p class=\"\" data-start=\"219\" data-end=\"672\">O injetor de g\u00e1s Keihin KN8 \u00e9 um componente original utilizado nos sistemas de g\u00e1s Prins VSI I\/II tanto para GPL como para GNC. Este injetor distingue-se pela sua elevada precis\u00e3o na inje\u00e7\u00e3o, longa vida \u00fatil e funcionamento silencioso gra\u00e7as \u00e0 sua tecnologia de diafragma. Concebido para proporcionar uma combust\u00e3o eficiente e est\u00e1vel, \u00e9 um dos injetores mais fi\u00e1veis do mercado, com uma vida \u00fatil estimada de at\u00e9 150.000 km sem manuten\u00e7\u00e3o.  <\/p>\n<p class=\"\" data-start=\"674\" data-end=\"1004\">Dispon\u00edvel em diferentes capacidades (52cc, 63cc, 73cc, 100cc), este injetor adapta-se a uma ampla gama de configura\u00e7\u00f5es de pot\u00eancia dependendo das necessidades do motor. A cor do ponto de identifica\u00e7\u00e3o (azul, laranja, amarelo ou castanho) indica a capacidade de fluxo do injetor e a faixa de pot\u00eancia apropriada por cilindro. <\/p>\n<p class=\"\" data-start=\"1006\" data-end=\"1322\">\u00c9 fundamental verificar a compatibilidade do tamanho do injetor com o seu sistema atual antes de avan\u00e7ar com a compra. Para maior seguran\u00e7a, recomendamos enviar uma foto dos injetores instalados anteriormente, pois algumas vers\u00f5es mais antigas incluem tomadas rosqueadas que n\u00e3o s\u00e3o compat\u00edveis com esta. <\/p>\n<hr class=\"\" data-start=\"1324\" data-end=\"1327\">\n<p class=\"\" data-start=\"1329\" data-end=\"1357\"><strong data-start=\"1329\" data-end=\"1357\">Caracter\u00edsticas t\u00e9cnicas &#8211; Injetor \u00fanico Keihin KN8<\/strong><\/p>\n<div class=\"pointer-events-none relative left-[50%]! flex w-[100cqw] translate-x-[-50%] justify-center *:pointer-events-auto\">\n<div class=\"tableContainer horzScrollShadows group relative\">\n<p>&nbsp;<\/p>\n<table class=\"min-w-full\" data-start=\"1359\" data-end=\"1974\">\n<thead data-start=\"1359\" data-end=\"1459\">\n<tr data-start=\"1359\" data-end=\"1459\">\n<th data-start=\"1359\" data-end=\"1378\">Variante (cor)<\/th>\n<th data-start=\"1378\" data-end=\"1395\">Capacidade (cc)<\/th>\n<th data-start=\"1395\" data-end=\"1431\">Pot\u00eancia por cilindro (KW)<\/th>\n<th data-start=\"1431\" data-end=\"1459\">Aprova\u00e7\u00e3o<\/th>\n<\/tr>\n<\/thead>\n<tbody data-start=\"1563\" data-end=\"1974\">\n<tr data-start=\"1563\" data-end=\"1665\">\n<td class=\"max-w-[calc(var(--thread-content-max-width)*2\/3)]\" data-start=\"1563\" data-end=\"1582\">Azul<\/td>\n<td class=\"max-w-[calc(var(--thread-content-max-width)*2\/3)]\" data-start=\"1582\" data-end=\"1599\">52cc<\/td>\n<td class=\"max-w-[calc(var(--thread-content-max-width)*2\/3)]\" data-start=\"1599\" data-end=\"1636\">13,75 \u2013 21,50 KW<\/td>\n<td class=\"max-w-[calc(var(--thread-content-max-width)*2\/3)]\" data-start=\"1636\" data-end=\"1665\">E4 67R-01 0092 Classe 2<\/td>\n<\/tr>\n<tr data-start=\"1666\" data-end=\"1768\">\n<td class=\"max-w-[calc(var(--thread-content-max-width)*2\/3)]\" data-start=\"1666\" data-end=\"1685\">Laranja<\/td>\n<td class=\"max-w-[calc(var(--thread-content-max-width)*2\/3)]\" data-start=\"1685\" data-end=\"1702\">63cc<\/td>\n<td class=\"max-w-[calc(var(--thread-content-max-width)*2\/3)]\" data-start=\"1702\" data-end=\"1739\">16.50 \u2013 27.50 KW<\/td>\n<td class=\"max-w-[calc(var(--thread-content-max-width)*2\/3)]\" data-start=\"1739\" data-end=\"1768\">E4 67R-01 0092 Classe 2<\/td>\n<\/tr>\n<tr data-start=\"1769\" data-end=\"1871\">\n<td class=\"max-w-[calc(var(--thread-content-max-width)*2\/3)]\" data-start=\"1769\" data-end=\"1788\">Amarelo<\/td>\n<td class=\"max-w-[calc(var(--thread-content-max-width)*2\/3)]\" data-start=\"1788\" data-end=\"1805\">73cc<\/td>\n<td class=\"max-w-[calc(var(--thread-content-max-width)*2\/3)]\" data-start=\"1805\" data-end=\"1842\">20,75 \u2013 32,50 KW<\/td>\n<td class=\"max-w-[calc(var(--thread-content-max-width)*2\/3)]\" data-start=\"1842\" data-end=\"1871\">E4 67R-01 0092 Classe 2<\/td>\n<\/tr>\n<tr data-start=\"1872\" data-end=\"1974\">\n<td class=\"max-w-[calc(var(--thread-content-max-width)*2\/3)]\" data-start=\"1872\" data-end=\"1891\">\n Brown<\/td>\n<td class=\"max-w-[calc(var(--thread-content-max-width)*2\/3)]\" data-start=\"1891\" data-end=\"1908\">100cc<\/td>\n<td class=\"max-w-[calc(var(--thread-content-max-width)*2\/3)]\" data-start=\"1908\" data-end=\"1945\">De 32,5 KW<\/td>\n<td class=\"max-w-[calc(var(--thread-content-max-width)*2\/3)]\" data-start=\"1945\" data-end=\"1974\">E4 67R-01 0092 Classe 2<\/td>\n<\/tr>\n<\/tbody>\n<\/table>\n<\/div>\n<\/div>\n<p class=\"\" style=\"padding-left: 40px;\" data-start=\"1976\" data-end=\"2014\"><strong data-start=\"1976\" data-end=\"1999\">Aprova\u00e7\u00e3o da ordem:<\/strong> E4 67R-01 0093<\/p>\n<p><a href=\"https:\/\/recambiosecogas.com\/pt-pt\/categoria-produto\/injecao\/injetores-rail\/\">O nosso cat\u00e1logo de injetores.<\/a><\/p>\n<p><a href=\"https:\/\/segimonautomocio.com\/\">Mude os seus injetores na nossa oficina especializada.<\/a><\/p>\n","protected":false},"excerpt":{"rendered":"<p>Keihin KN8 Injetor \u00danico LPG\/CNG \u2013 Prins VSI I\/II (52cc\/100cc) O injetor de g\u00e1s Keihin KN8 \u00e9 um componente original utilizado nos sistemas de g\u00e1s Prins VSI I\/II tanto para GPL como para GNC. Este injetor distingue-se pela sua elevada precis\u00e3o na inje\u00e7\u00e3o, longa vida \u00fatil e funcionamento silencioso gra\u00e7as \u00e0 sua tecnologia de diafragma. [&hellip;]<\/p>\n","protected":false},"featured_media":8967,"comment_status":"open","ping_status":"closed","template":"","meta":{"_uag_custom_page_level_css":""},"product_brand":[],"product_cat":[1591,1597,1731,1601],"product_tag":[1133,1105,1124,1126,1129,1227],"class_list":{"0":"post-47997","1":"product","2":"type-product","3":"status-publish","4":"has-post-thumbnail","6":"product_cat-injecao","7":"product_cat-injetores-rail","8":"product_cat-keihin-pt-pt","9":"product_cat-rail-riel","10":"product_tag-100cc-pt-pt","11":"product_tag-5-cilindros-pt-pt","12":"product_tag-52cc-pt-pt","13":"product_tag-63cc-pt-pt","14":"product_tag-73cc-pt-pt-2","15":"product_tag-kn8-pt-pt","17":"first","18":"onbackorder","19":"taxable","20":"shipping-taxable","21":"purchasable","22":"product-type-variable"},"ct_brands":[],"yoast_head":"<!-- This site is optimized with the Yoast SEO Premium plugin v27.4 (Yoast SEO v27.5) - https:\/\/yoast.com\/product\/yoast-seo-premium-wordpress\/ -->\n<title>Keihin KN8 Injetor \u00danico LPG\/CNG \u2013 Prins VSI I\/II (52cc\/100cc) | Recambios EcoGas | Sistemas GLP y GNC<\/title>\n<meta name=\"description\" content=\"Injetor individual Keihin KN8 para sistemas Prins VSI I\/II. Compat\u00edvel com LPG\/CNG. Vers\u00f5es de 52cc a 100cc. Alta precis\u00e3o e durabilidade.\" \/>\n<meta name=\"robots\" content=\"index, follow, max-snippet:-1, max-image-preview:large, max-video-preview:-1\" \/>\n<link rel=\"canonical\" href=\"https:\/\/recambiosecogas.com\/pt-pt\/producto\/kn8-rampa-de-inyeccion-de-5-cilindros-52cc-100cc-keihin\/\" \/>\n<meta property=\"og:locale\" content=\"pt_PT\" \/>\n<meta property=\"og:type\" content=\"article\" \/>\n<meta property=\"og:title\" content=\"Keihin KN8 Injetor \u00danico LPG\/CNG \u2013 Prins VSI I\/II (52cc\/100cc)\" \/>\n<meta property=\"og:description\" content=\"Injetor individual Keihin KN8 para sistemas Prins VSI I\/II. Compat\u00edvel com LPG\/CNG. Vers\u00f5es de 52cc a 100cc. Alta precis\u00e3o e durabilidade.\" \/>\n<meta property=\"og:url\" content=\"https:\/\/recambiosecogas.com\/pt-pt\/producto\/kn8-rampa-de-inyeccion-de-5-cilindros-52cc-100cc-keihin\/\" \/>\n<meta property=\"og:site_name\" content=\"Recambios EcoGas\" \/>\n<meta property=\"article:publisher\" content=\"https:\/\/www.facebook.com\/profile.php?id=100062419705358\" \/>\n<meta property=\"article:modified_time\" content=\"2026-04-15T10:47:02+00:00\" \/>\n<meta property=\"og:image\" content=\"https:\/\/recambiosecogas.com\/wp-content\/uploads\/2024\/12\/Keihin-KN8-rampa-de-inyeccion-de-5-cilindros-52cc-100cc-png.webp\" \/>\n\t<meta property=\"og:image:width\" content=\"1000\" \/>\n\t<meta property=\"og:image:height\" content=\"1000\" \/>\n\t<meta property=\"og:image:type\" content=\"image\/png\" \/>\n<meta name=\"twitter:card\" content=\"summary_large_image\" \/>\n<meta name=\"twitter:label1\" content=\"Disponibilidade\" \/>\n\t<meta name=\"twitter:data1\" content=\"Por encomenda\" \/>\n<script type=\"application\/ld+json\" class=\"yoast-schema-graph\">{\"@context\":\"https:\\\/\\\/schema.org\",\"@graph\":[{\"@type\":\"WebPage\",\"@id\":\"https:\\\/\\\/recambiosecogas.com\\\/pt-pt\\\/producto\\\/kn8-rampa-de-inyeccion-de-5-cilindros-52cc-100cc-keihin\\\/\",\"url\":\"https:\\\/\\\/recambiosecogas.com\\\/pt-pt\\\/producto\\\/kn8-rampa-de-inyeccion-de-5-cilindros-52cc-100cc-keihin\\\/\",\"name\":\"Keihin KN8 Injetor \u00danico LPG\\\/CNG \u2013 Prins VSI I\\\/II (52cc\\\/100cc) | Recambios EcoGas | Sistemas GLP y GNC\",\"isPartOf\":{\"@id\":\"https:\\\/\\\/recambiosecogas.com\\\/pt-pt\\\/#website\"},\"primaryImageOfPage\":{\"@id\":\"https:\\\/\\\/recambiosecogas.com\\\/pt-pt\\\/producto\\\/kn8-rampa-de-inyeccion-de-5-cilindros-52cc-100cc-keihin\\\/#primaryimage\"},\"image\":{\"@id\":\"https:\\\/\\\/recambiosecogas.com\\\/pt-pt\\\/producto\\\/kn8-rampa-de-inyeccion-de-5-cilindros-52cc-100cc-keihin\\\/#primaryimage\"},\"thumbnailUrl\":\"https:\\\/\\\/recambiosecogas.com\\\/wp-content\\\/uploads\\\/2024\\\/12\\\/Keihin-KN8-rampa-de-inyeccion-de-5-cilindros-52cc-100cc-png.webp\",\"datePublished\":\"2024-12-09T10:07:55+00:00\",\"dateModified\":\"2026-04-15T10:47:02+00:00\",\"description\":\"Injetor individual Keihin KN8 para sistemas Prins VSI I\\\/II. Compat\u00edvel com LPG\\\/CNG. Vers\u00f5es de 52cc a 100cc. Alta precis\u00e3o e durabilidade.\",\"breadcrumb\":{\"@id\":\"https:\\\/\\\/recambiosecogas.com\\\/pt-pt\\\/producto\\\/kn8-rampa-de-inyeccion-de-5-cilindros-52cc-100cc-keihin\\\/#breadcrumb\"},\"inLanguage\":\"pt-PT\",\"potentialAction\":[{\"@type\":\"ReadAction\",\"target\":[\"https:\\\/\\\/recambiosecogas.com\\\/pt-pt\\\/producto\\\/kn8-rampa-de-inyeccion-de-5-cilindros-52cc-100cc-keihin\\\/\"]}]},{\"@type\":\"ImageObject\",\"inLanguage\":\"pt-PT\",\"@id\":\"https:\\\/\\\/recambiosecogas.com\\\/pt-pt\\\/producto\\\/kn8-rampa-de-inyeccion-de-5-cilindros-52cc-100cc-keihin\\\/#primaryimage\",\"url\":\"https:\\\/\\\/recambiosecogas.com\\\/wp-content\\\/uploads\\\/2024\\\/12\\\/Keihin-KN8-rampa-de-inyeccion-de-5-cilindros-52cc-100cc-png.webp\",\"contentUrl\":\"https:\\\/\\\/recambiosecogas.com\\\/wp-content\\\/uploads\\\/2024\\\/12\\\/Keihin-KN8-rampa-de-inyeccion-de-5-cilindros-52cc-100cc-png.webp\",\"width\":1000,\"height\":1000},{\"@type\":\"BreadcrumbList\",\"@id\":\"https:\\\/\\\/recambiosecogas.com\\\/pt-pt\\\/producto\\\/kn8-rampa-de-inyeccion-de-5-cilindros-52cc-100cc-keihin\\\/#breadcrumb\",\"itemListElement\":[{\"@type\":\"ListItem\",\"position\":1,\"name\":\"P\u00e1gina inicial\",\"item\":\"https:\\\/\\\/recambiosecogas.com\\\/pt-pt\\\/\"},{\"@type\":\"ListItem\",\"position\":2,\"name\":\"Loja\",\"item\":\"https:\\\/\\\/recambiosecogas.com\\\/pt-pt\\\/tienda\\\/\"},{\"@type\":\"ListItem\",\"position\":3,\"name\":\"Keihin KN8 Injetor \u00danico LPG\\\/CNG \u2013 Prins VSI I\\\/II (52cc\\\/100cc)\"}]},{\"@type\":\"WebSite\",\"@id\":\"https:\\\/\\\/recambiosecogas.com\\\/pt-pt\\\/#website\",\"url\":\"https:\\\/\\\/recambiosecogas.com\\\/pt-pt\\\/\",\"name\":\"Recambios EcoGas\",\"description\":\"Pe\u00e7as multimarca para sistemas de GPL\\\/GNC\\\/GNL\\\/Hidrog\u00e9nio\",\"publisher\":{\"@id\":\"https:\\\/\\\/recambiosecogas.com\\\/pt-pt\\\/#organization\"},\"alternateName\":\"Recambios Autogas GLP\",\"potentialAction\":[{\"@type\":\"SearchAction\",\"target\":{\"@type\":\"EntryPoint\",\"urlTemplate\":\"https:\\\/\\\/recambiosecogas.com\\\/pt-pt\\\/?s={search_term_string}\"},\"query-input\":{\"@type\":\"PropertyValueSpecification\",\"valueRequired\":true,\"valueName\":\"search_term_string\"}}],\"inLanguage\":\"pt-PT\"},{\"@type\":[\"Organization\",\"Place\"],\"@id\":\"https:\\\/\\\/recambiosecogas.com\\\/pt-pt\\\/#organization\",\"name\":\"Recambios EcoGas\",\"alternateName\":\"Loja de GPL Autog\u00e1s Espanha\",\"url\":\"https:\\\/\\\/recambiosecogas.com\\\/pt-pt\\\/\",\"logo\":{\"@id\":\"https:\\\/\\\/recambiosecogas.com\\\/pt-pt\\\/producto\\\/kn8-rampa-de-inyeccion-de-5-cilindros-52cc-100cc-keihin\\\/#local-main-organization-logo\"},\"image\":{\"@id\":\"https:\\\/\\\/recambiosecogas.com\\\/pt-pt\\\/producto\\\/kn8-rampa-de-inyeccion-de-5-cilindros-52cc-100cc-keihin\\\/#local-main-organization-logo\"},\"sameAs\":[\"https:\\\/\\\/www.facebook.com\\\/profile.php?id=100062419705358\",\"https:\\\/\\\/www.instagram.com\\\/segimon_automocio\"],\"description\":\"Recambios EcoGas \u2013 Venta y distribuci\u00f3n de sistemas GLP y GNC en Espa\u00f1a y Portugal. Env\u00edos 24 h, soporte t\u00e9cnico a talleres y distribuidores.\",\"hasMerchantReturnPolicy\":{\"@type\":\"MerchantReturnPolicy\",\"merchantReturnLink\":\"https:\\\/\\\/recambiosecogas.com\\\/politicas-privacidad\\\/\"},\"address\":{\"@id\":\"https:\\\/\\\/recambiosecogas.com\\\/pt-pt\\\/producto\\\/kn8-rampa-de-inyeccion-de-5-cilindros-52cc-100cc-keihin\\\/#local-main-place-address\"},\"telephone\":[\"616250633\"],\"contactPoint\":{\"@type\":\"ContactPoint\",\"email\":\"export@recambiosecogas.com\"},\"openingHoursSpecification\":[{\"@type\":\"OpeningHoursSpecification\",\"dayOfWeek\":[\"Monday\",\"Tuesday\",\"Wednesday\",\"Thursday\",\"Friday\",\"Saturday\",\"Sunday\"],\"opens\":\"09:00\",\"closes\":\"17:00\"}],\"email\":\"info@recambiosecogas.com\",\"faxNumber\":\"SEGIMON AUTOMOCION SL\",\"vatID\":\"ESB19819861\",\"globalLocationNumber\":\"938 616 339\"},{\"@type\":\"PostalAddress\",\"@id\":\"https:\\\/\\\/recambiosecogas.com\\\/pt-pt\\\/producto\\\/kn8-rampa-de-inyeccion-de-5-cilindros-52cc-100cc-keihin\\\/#local-main-place-address\",\"streetAddress\":\"cami antic de vic, 29 (Nave 3), Pol\u00edgono Industrial Congost\",\"addressLocality\":\"CORRO D`AVALL\",\"postalCode\":\"08520\",\"addressRegion\":\"Barcelona\",\"addressCountry\":\"ES\"},{\"@type\":\"ImageObject\",\"inLanguage\":\"pt-PT\",\"@id\":\"https:\\\/\\\/recambiosecogas.com\\\/pt-pt\\\/producto\\\/kn8-rampa-de-inyeccion-de-5-cilindros-52cc-100cc-keihin\\\/#local-main-organization-logo\",\"url\":\"https:\\\/\\\/recambiosecogas.com\\\/wp-content\\\/uploads\\\/2024\\\/11\\\/cropped-RECAMBIOS-GLP-png.webp\",\"contentUrl\":\"https:\\\/\\\/recambiosecogas.com\\\/wp-content\\\/uploads\\\/2024\\\/11\\\/cropped-RECAMBIOS-GLP-png.webp\",\"width\":512,\"height\":512,\"caption\":\"Recambios EcoGas\"}]}<\/script>\n<meta property=\"og:availability\" content=\"backorder\" \/>\n<meta property=\"product:availability\" content=\"available for order\" \/>\n<meta property=\"product:retailer_item_id\" content=\"108979\" \/>\n<meta property=\"product:condition\" content=\"new\" \/>\n<meta name=\"geo.placename\" content=\"CORRO D`AVALL\" \/>\n<meta name=\"geo.region\" content=\"Espanha\" \/>\n<!-- \/ Yoast SEO Premium plugin. -->","yoast_head_json":{"title":"Keihin KN8 Injetor \u00danico LPG\/CNG \u2013 Prins VSI I\/II (52cc\/100cc) | Recambios EcoGas | Sistemas GLP y GNC","description":"Injetor individual Keihin KN8 para sistemas Prins VSI I\/II. Compat\u00edvel com LPG\/CNG. Vers\u00f5es de 52cc a 100cc. Alta precis\u00e3o e durabilidade.","robots":{"index":"index","follow":"follow","max-snippet":"max-snippet:-1","max-image-preview":"max-image-preview:large","max-video-preview":"max-video-preview:-1"},"canonical":"https:\/\/recambiosecogas.com\/pt-pt\/producto\/kn8-rampa-de-inyeccion-de-5-cilindros-52cc-100cc-keihin\/","og_locale":"pt_PT","og_type":"article","og_title":"Keihin KN8 Injetor \u00danico LPG\/CNG \u2013 Prins VSI I\/II (52cc\/100cc)","og_description":"Injetor individual Keihin KN8 para sistemas Prins VSI I\/II. Compat\u00edvel com LPG\/CNG. Vers\u00f5es de 52cc a 100cc. Alta precis\u00e3o e durabilidade.","og_url":"https:\/\/recambiosecogas.com\/pt-pt\/producto\/kn8-rampa-de-inyeccion-de-5-cilindros-52cc-100cc-keihin\/","og_site_name":"Recambios EcoGas","article_publisher":"https:\/\/www.facebook.com\/profile.php?id=100062419705358","article_modified_time":"2026-04-15T10:47:02+00:00","og_image":[{"width":1000,"height":1000,"url":"https:\/\/recambiosecogas.com\/wp-content\/uploads\/2024\/12\/Keihin-KN8-rampa-de-inyeccion-de-5-cilindros-52cc-100cc-png.webp","type":"image\/png"}],"twitter_card":"summary_large_image","twitter_misc":{"Disponibilidade":"Por encomenda"},"schema":{"@context":"https:\/\/schema.org","@graph":[{"@type":"WebPage","@id":"https:\/\/recambiosecogas.com\/pt-pt\/producto\/kn8-rampa-de-inyeccion-de-5-cilindros-52cc-100cc-keihin\/","url":"https:\/\/recambiosecogas.com\/pt-pt\/producto\/kn8-rampa-de-inyeccion-de-5-cilindros-52cc-100cc-keihin\/","name":"Keihin KN8 Injetor \u00danico LPG\/CNG \u2013 Prins VSI I\/II (52cc\/100cc) | Recambios EcoGas | Sistemas GLP y GNC","isPartOf":{"@id":"https:\/\/recambiosecogas.com\/pt-pt\/#website"},"primaryImageOfPage":{"@id":"https:\/\/recambiosecogas.com\/pt-pt\/producto\/kn8-rampa-de-inyeccion-de-5-cilindros-52cc-100cc-keihin\/#primaryimage"},"image":{"@id":"https:\/\/recambiosecogas.com\/pt-pt\/producto\/kn8-rampa-de-inyeccion-de-5-cilindros-52cc-100cc-keihin\/#primaryimage"},"thumbnailUrl":"https:\/\/recambiosecogas.com\/wp-content\/uploads\/2024\/12\/Keihin-KN8-rampa-de-inyeccion-de-5-cilindros-52cc-100cc-png.webp","datePublished":"2024-12-09T10:07:55+00:00","dateModified":"2026-04-15T10:47:02+00:00","description":"Injetor individual Keihin KN8 para sistemas Prins VSI I\/II. Compat\u00edvel com LPG\/CNG. Vers\u00f5es de 52cc a 100cc. Alta precis\u00e3o e durabilidade.","breadcrumb":{"@id":"https:\/\/recambiosecogas.com\/pt-pt\/producto\/kn8-rampa-de-inyeccion-de-5-cilindros-52cc-100cc-keihin\/#breadcrumb"},"inLanguage":"pt-PT","potentialAction":[{"@type":"ReadAction","target":["https:\/\/recambiosecogas.com\/pt-pt\/producto\/kn8-rampa-de-inyeccion-de-5-cilindros-52cc-100cc-keihin\/"]}]},{"@type":"ImageObject","inLanguage":"pt-PT","@id":"https:\/\/recambiosecogas.com\/pt-pt\/producto\/kn8-rampa-de-inyeccion-de-5-cilindros-52cc-100cc-keihin\/#primaryimage","url":"https:\/\/recambiosecogas.com\/wp-content\/uploads\/2024\/12\/Keihin-KN8-rampa-de-inyeccion-de-5-cilindros-52cc-100cc-png.webp","contentUrl":"https:\/\/recambiosecogas.com\/wp-content\/uploads\/2024\/12\/Keihin-KN8-rampa-de-inyeccion-de-5-cilindros-52cc-100cc-png.webp","width":1000,"height":1000},{"@type":"BreadcrumbList","@id":"https:\/\/recambiosecogas.com\/pt-pt\/producto\/kn8-rampa-de-inyeccion-de-5-cilindros-52cc-100cc-keihin\/#breadcrumb","itemListElement":[{"@type":"ListItem","position":1,"name":"P\u00e1gina inicial","item":"https:\/\/recambiosecogas.com\/pt-pt\/"},{"@type":"ListItem","position":2,"name":"Loja","item":"https:\/\/recambiosecogas.com\/pt-pt\/tienda\/"},{"@type":"ListItem","position":3,"name":"Keihin KN8 Injetor \u00danico LPG\/CNG \u2013 Prins VSI I\/II (52cc\/100cc)"}]},{"@type":"WebSite","@id":"https:\/\/recambiosecogas.com\/pt-pt\/#website","url":"https:\/\/recambiosecogas.com\/pt-pt\/","name":"Recambios EcoGas","description":"Pe\u00e7as multimarca para sistemas de GPL\/GNC\/GNL\/Hidrog\u00e9nio","publisher":{"@id":"https:\/\/recambiosecogas.com\/pt-pt\/#organization"},"alternateName":"Recambios Autogas GLP","potentialAction":[{"@type":"SearchAction","target":{"@type":"EntryPoint","urlTemplate":"https:\/\/recambiosecogas.com\/pt-pt\/?s={search_term_string}"},"query-input":{"@type":"PropertyValueSpecification","valueRequired":true,"valueName":"search_term_string"}}],"inLanguage":"pt-PT"},{"@type":["Organization","Place"],"@id":"https:\/\/recambiosecogas.com\/pt-pt\/#organization","name":"Recambios EcoGas","alternateName":"Loja de GPL Autog\u00e1s Espanha","url":"https:\/\/recambiosecogas.com\/pt-pt\/","logo":{"@id":"https:\/\/recambiosecogas.com\/pt-pt\/producto\/kn8-rampa-de-inyeccion-de-5-cilindros-52cc-100cc-keihin\/#local-main-organization-logo"},"image":{"@id":"https:\/\/recambiosecogas.com\/pt-pt\/producto\/kn8-rampa-de-inyeccion-de-5-cilindros-52cc-100cc-keihin\/#local-main-organization-logo"},"sameAs":["https:\/\/www.facebook.com\/profile.php?id=100062419705358","https:\/\/www.instagram.com\/segimon_automocio"],"description":"Recambios EcoGas \u2013 Venta y distribuci\u00f3n de sistemas GLP y GNC en Espa\u00f1a y Portugal. Env\u00edos 24 h, soporte t\u00e9cnico a talleres y distribuidores.","hasMerchantReturnPolicy":{"@type":"MerchantReturnPolicy","merchantReturnLink":"https:\/\/recambiosecogas.com\/politicas-privacidad\/"},"address":{"@id":"https:\/\/recambiosecogas.com\/pt-pt\/producto\/kn8-rampa-de-inyeccion-de-5-cilindros-52cc-100cc-keihin\/#local-main-place-address"},"telephone":["616250633"],"contactPoint":{"@type":"ContactPoint","email":"export@recambiosecogas.com"},"openingHoursSpecification":[{"@type":"OpeningHoursSpecification","dayOfWeek":["Monday","Tuesday","Wednesday","Thursday","Friday","Saturday","Sunday"],"opens":"09:00","closes":"17:00"}],"email":"info@recambiosecogas.com","faxNumber":"SEGIMON AUTOMOCION SL","vatID":"ESB19819861","globalLocationNumber":"938 616 339"},{"@type":"PostalAddress","@id":"https:\/\/recambiosecogas.com\/pt-pt\/producto\/kn8-rampa-de-inyeccion-de-5-cilindros-52cc-100cc-keihin\/#local-main-place-address","streetAddress":"cami antic de vic, 29 (Nave 3), Pol\u00edgono Industrial Congost","addressLocality":"CORRO D`AVALL","postalCode":"08520","addressRegion":"Barcelona","addressCountry":"ES"},{"@type":"ImageObject","inLanguage":"pt-PT","@id":"https:\/\/recambiosecogas.com\/pt-pt\/producto\/kn8-rampa-de-inyeccion-de-5-cilindros-52cc-100cc-keihin\/#local-main-organization-logo","url":"https:\/\/recambiosecogas.com\/wp-content\/uploads\/2024\/11\/cropped-RECAMBIOS-GLP-png.webp","contentUrl":"https:\/\/recambiosecogas.com\/wp-content\/uploads\/2024\/11\/cropped-RECAMBIOS-GLP-png.webp","width":512,"height":512,"caption":"Recambios EcoGas"}]},"og_availability":"backorder","product_availability":"available for order","product_retailer_item_id":"108979","product_condition":"new","geo.placename":"CORRO D`AVALL","geo.region":"Espanha"},"uagb_featured_image_src":{"full":["https:\/\/recambiosecogas.com\/wp-content\/uploads\/2024\/12\/Keihin-KN8-rampa-de-inyeccion-de-5-cilindros-52cc-100cc-png.webp",1000,1000,false],"thumbnail":["https:\/\/recambiosecogas.com\/wp-content\/uploads\/2024\/12\/Keihin-KN8-rampa-de-inyeccion-de-5-cilindros-52cc-100cc-150x150.webp",150,150,true],"medium":["https:\/\/recambiosecogas.com\/wp-content\/uploads\/2024\/12\/Keihin-KN8-rampa-de-inyeccion-de-5-cilindros-52cc-100cc-300x300.webp",300,300,true],"medium_large":["https:\/\/recambiosecogas.com\/wp-content\/uploads\/2024\/12\/Keihin-KN8-rampa-de-inyeccion-de-5-cilindros-52cc-100cc-768x768.webp",768,768,true],"large":["https:\/\/recambiosecogas.com\/wp-content\/uploads\/2024\/12\/Keihin-KN8-rampa-de-inyeccion-de-5-cilindros-52cc-100cc-png.webp",1000,1000,false],"1536x1536":["https:\/\/recambiosecogas.com\/wp-content\/uploads\/2024\/12\/Keihin-KN8-rampa-de-inyeccion-de-5-cilindros-52cc-100cc-png.webp",1000,1000,false],"2048x2048":["https:\/\/recambiosecogas.com\/wp-content\/uploads\/2024\/12\/Keihin-KN8-rampa-de-inyeccion-de-5-cilindros-52cc-100cc-png.webp",1000,1000,false],"woocommerce_archive_thumbnail":["https:\/\/recambiosecogas.com\/wp-content\/uploads\/2024\/12\/Keihin-KN8-rampa-de-inyeccion-de-5-cilindros-52cc-100cc-png.webp",1000,1000,false],"woocommerce_thumbnail":["https:\/\/recambiosecogas.com\/wp-content\/uploads\/2024\/12\/Keihin-KN8-rampa-de-inyeccion-de-5-cilindros-52cc-100cc-png-300x300.webp",300,300,true],"woocommerce_single":["https:\/\/recambiosecogas.com\/wp-content\/uploads\/2024\/12\/Keihin-KN8-rampa-de-inyeccion-de-5-cilindros-52cc-100cc-png.webp",1000,1000,false],"woocommerce_gallery_thumbnail":["https:\/\/recambiosecogas.com\/wp-content\/uploads\/2024\/12\/Keihin-KN8-rampa-de-inyeccion-de-5-cilindros-52cc-100cc-png.webp",1000,1000,false],"dgwt-wcas-product-suggestion":["https:\/\/recambiosecogas.com\/wp-content\/uploads\/2024\/12\/Keihin-KN8-rampa-de-inyeccion-de-5-cilindros-52cc-100cc-png-64x64.webp",64,64,true]},"uagb_author_info":{"display_name":"Fran - Soporte T\u00e9cnico","author_link":"https:\/\/recambiosecogas.com\/pt-pt\/author\/"},"uagb_comment_info":0,"uagb_excerpt":"Keihin KN8 Injetor \u00danico LPG\/CNG \u2013 Prins VSI I\/II (52cc\/100cc) O injetor de g\u00e1s Keihin KN8 \u00e9 um componente original utilizado nos sistemas de g\u00e1s Prins VSI I\/II tanto para GPL como para GNC. Este injetor distingue-se pela sua elevada precis\u00e3o na inje\u00e7\u00e3o, longa vida \u00fatil e funcionamento silencioso gra\u00e7as \u00e0 sua tecnologia de diafragma.&hellip;","_links":{"self":[{"href":"https:\/\/recambiosecogas.com\/pt-pt\/wp-json\/wp\/v2\/product\/47997","targetHints":{"allow":["GET"]}}],"collection":[{"href":"https:\/\/recambiosecogas.com\/pt-pt\/wp-json\/wp\/v2\/product"}],"about":[{"href":"https:\/\/recambiosecogas.com\/pt-pt\/wp-json\/wp\/v2\/types\/product"}],"replies":[{"embeddable":true,"href":"https:\/\/recambiosecogas.com\/pt-pt\/wp-json\/wp\/v2\/comments?post=47997"}],"wp:featuredmedia":[{"embeddable":true,"href":"https:\/\/recambiosecogas.com\/pt-pt\/wp-json\/wp\/v2\/media\/8967"}],"wp:attachment":[{"href":"https:\/\/recambiosecogas.com\/pt-pt\/wp-json\/wp\/v2\/media?parent=47997"}],"wp:term":[{"taxonomy":"product_brand","embeddable":true,"href":"https:\/\/recambiosecogas.com\/pt-pt\/wp-json\/wp\/v2\/product_brand?post=47997"},{"taxonomy":"product_cat","embeddable":true,"href":"https:\/\/recambiosecogas.com\/pt-pt\/wp-json\/wp\/v2\/product_cat?post=47997"},{"taxonomy":"product_tag","embeddable":true,"href":"https:\/\/recambiosecogas.com\/pt-pt\/wp-json\/wp\/v2\/product_tag?post=47997"}],"curies":[{"name":"wp","href":"https:\/\/api.w.org\/{rel}","templated":true}]}}