{"id":47984,"date":"2024-12-09T10:17:39","date_gmt":"2024-12-09T10:17:39","guid":{"rendered":"https:\/\/recambiosecogas.com\/producto\/inyectores-prins-glp-gnv-kn9-3-cilindros-32cc-82cc\/"},"modified":"2026-04-15T11:47:01","modified_gmt":"2026-04-15T10:47:01","slug":"inyectores-prins-glp-gnv-kn9-3-cilindros-32cc-82cc","status":"publish","type":"product","link":"https:\/\/recambiosecogas.com\/pt-pt\/producto\/inyectores-prins-glp-gnv-kn9-3-cilindros-32cc-82cc\/","title":{"rendered":"Injetor Prins Keihin KN9 LPG\/CNG \u2013 3 cilindros (32cc a 82cc)"},"content":{"rendered":"<h3 class=\"\" data-start=\"145\" data-end=\"210\">Injetor Prins Keihin KN9 LPG\/CNG \u2013 3 cilindros (32cc a 82cc)<\/h3>\n<p class=\"\" data-start=\"212\" data-end=\"537\">O injetor \u00fanico KN9 da Keihin foi desenvolvido como a evolu\u00e7\u00e3o do renomado modelo KN8, oferecendo melhorias significativas em precis\u00e3o e durabilidade. Este injetor foi especificamente concebido para configura\u00e7\u00f5es de motores de 3 cilindros e \u00e9 compat\u00edvel com os sistemas Prins VSI I\/II tanto em GPL como em GNC. <\/p>\n<p class=\"\" data-start=\"539\" data-end=\"948\">Gra\u00e7as \u00e0 sua tecnologia fabricada no Jap\u00e3o, o injetor KN9 proporciona uma dosagem de g\u00e1s extremamente precisa, contribuindo para uma combust\u00e3o eficiente, menor consumo de combust\u00edvel e emiss\u00f5es reduzidas. Est\u00e1 dispon\u00edvel em v\u00e1rias configura\u00e7\u00f5es de fluxo (32cc, 43cc, 52cc, 63cc, 73cc, 82cc), o que permite adapt\u00e1-lo a diferentes pot\u00eancias do motor conforme as necessidades do ve\u00edculo. <\/p>\n<p class=\"\" data-start=\"950\" data-end=\"1270\">Cada unidade tem aprova\u00e7\u00e3o europeia de acordo com a norma ECE R67.01 e \u00e9 ideal para substitui\u00e7\u00f5es ou convers\u00f5es de GPL\/CNG de qualidade profissional. O seu design compacto e silencioso, aliado a uma vida \u00fatil sem manuten\u00e7\u00e3o de at\u00e9 150.000 km, fazem do injetor KN9 uma das op\u00e7\u00f5es mais fi\u00e1veis do mercado. <\/p>\n<hr class=\"\" data-start=\"1272\" data-end=\"1275\">\n<p class=\"\" data-start=\"1277\" data-end=\"1305\"><strong data-start=\"1277\" data-end=\"1305\">Especifica\u00e7\u00f5es t\u00e9cnicas &#8211; Injetor Prins Keihin KN9 LPG\/GNC \u2013 3 cilindros (32cc a 82cc)<\/strong><\/p>\n<div class=\"pointer-events-none relative left-[50%]! flex w-[100cqw] translate-x-[-50%] justify-center *:pointer-events-auto\">\n<div class=\"tableContainer horzScrollShadows group relative\">\n<p>&nbsp;<\/p>\n<table class=\"min-w-full\" data-start=\"1307\" data-end=\"2143\">\n<thead data-start=\"1307\" data-end=\"1409\">\n<tr data-start=\"1307\" data-end=\"1409\">\n<th data-start=\"1307\" data-end=\"1318\">Variante<\/th>\n<th data-start=\"1318\" data-end=\"1332\">Tamanho (cc)<\/th>\n<th data-start=\"1332\" data-end=\"1370\">Gama de Pot\u00eancia Estimada (KW\/CIL)<\/th>\n<th data-start=\"1370\" data-end=\"1393\">Cor identificativa<\/th>\n<th data-start=\"1393\" data-end=\"1409\">Aprova\u00e7\u00e3o<\/th>\n<\/tr>\n<\/thead>\n<tbody data-start=\"1514\" data-end=\"2143\">\n<tr data-start=\"1514\" data-end=\"1618\">\n<td class=\"max-w-[calc(var(--thread-content-max-width)*2\/3)]\" data-start=\"1514\" data-end=\"1525\">32cc<\/td>\n<td class=\"max-w-[calc(var(--thread-content-max-width)*2\/3)]\" data-start=\"1525\" data-end=\"1539\">32cc<\/td>\n<td class=\"max-w-[calc(var(--thread-content-max-width)*2\/3)]\" data-start=\"1539\" data-end=\"1577\">10 \u2013 14 KW<\/td>\n<td class=\"max-w-[calc(var(--thread-content-max-width)*2\/3)]\" data-start=\"1577\" data-end=\"1600\">\u2014<\/td>\n<td class=\"max-w-[calc(var(--thread-content-max-width)*2\/3)]\" data-start=\"1600\" data-end=\"1618\">E4 67R-01 0310<\/td>\n<\/tr>\n<tr data-start=\"1619\" data-end=\"1723\">\n<td class=\"max-w-[calc(var(--thread-content-max-width)*2\/3)]\" data-start=\"1619\" data-end=\"1630\">43cc<\/td>\n<td class=\"max-w-[calc(var(--thread-content-max-width)*2\/3)]\" data-start=\"1630\" data-end=\"1644\">43cc<\/td>\n<td class=\"max-w-[calc(var(--thread-content-max-width)*2\/3)]\" data-start=\"1644\" data-end=\"1682\">12 \u2013 18 KW<\/td>\n<td class=\"max-w-[calc(var(--thread-content-max-width)*2\/3)]\" data-start=\"1682\" data-end=\"1705\">\u2014<\/td>\n<td class=\"max-w-[calc(var(--thread-content-max-width)*2\/3)]\" data-start=\"1705\" data-end=\"1723\">E4 67R-01 0310<\/td>\n<\/tr>\n<tr data-start=\"1724\" data-end=\"1828\">\n<td class=\"max-w-[calc(var(--thread-content-max-width)*2\/3)]\" data-start=\"1724\" data-end=\"1735\">52cc<\/td>\n<td class=\"max-w-[calc(var(--thread-content-max-width)*2\/3)]\" data-start=\"1735\" data-end=\"1749\">52cc<\/td>\n<td class=\"max-w-[calc(var(--thread-content-max-width)*2\/3)]\" data-start=\"1749\" data-end=\"1787\">13,75 \u2013 21,50 KW<\/td>\n<td class=\"max-w-[calc(var(--thread-content-max-width)*2\/3)]\" data-start=\"1787\" data-end=\"1810\">&#8211;<\/td>\n<td class=\"max-w-[calc(var(--thread-content-max-width)*2\/3)]\" data-start=\"1810\" data-end=\"1828\">E4 67R-01 0310<\/td>\n<\/tr>\n<tr data-start=\"1829\" data-end=\"1933\">\n<td class=\"max-w-[calc(var(--thread-content-max-width)*2\/3)]\" data-start=\"1829\" data-end=\"1840\">63cc<\/td>\n<td class=\"max-w-[calc(var(--thread-content-max-width)*2\/3)]\" data-start=\"1840\" data-end=\"1854\">63cc<\/td>\n<td class=\"max-w-[calc(var(--thread-content-max-width)*2\/3)]\" data-start=\"1854\" data-end=\"1892\">16.50 \u2013 27.50 KW<\/td>\n<td class=\"max-w-[calc(var(--thread-content-max-width)*2\/3)]\" data-start=\"1892\" data-end=\"1915\">&#8211;<\/td>\n<td class=\"max-w-[calc(var(--thread-content-max-width)*2\/3)]\" data-start=\"1915\" data-end=\"1933\">E4 67R-01 0310<\/td>\n<\/tr>\n<tr data-start=\"1934\" data-end=\"2038\">\n<td class=\"max-w-[calc(var(--thread-content-max-width)*2\/3)]\" data-start=\"1934\" data-end=\"1945\">73cc<\/td>\n<td class=\"max-w-[calc(var(--thread-content-max-width)*2\/3)]\" data-start=\"1945\" data-end=\"1959\">73cc<\/td>\n<td class=\"max-w-[calc(var(--thread-content-max-width)*2\/3)]\" data-start=\"1959\" data-end=\"1997\">20,75 \u2013 32,50 KW<\/td>\n<td class=\"max-w-[calc(var(--thread-content-max-width)*2\/3)]\" data-start=\"1997\" data-end=\"2020\">&#8211;<\/td>\n<td class=\"max-w-[calc(var(--thread-content-max-width)*2\/3)]\" data-start=\"2020\" data-end=\"2038\">E4 67R-01 0310<\/td>\n<\/tr>\n<tr data-start=\"2039\" data-end=\"2143\">\n<td class=\"max-w-[calc(var(--thread-content-max-width)*2\/3)]\" data-start=\"2039\" data-end=\"2050\">82cc<\/td>\n<td class=\"max-w-[calc(var(--thread-content-max-width)*2\/3)]\" data-start=\"2050\" data-end=\"2064\">82cc<\/td>\n<td class=\"max-w-[calc(var(--thread-content-max-width)*2\/3)]\" data-start=\"2064\" data-end=\"2102\">De 32,5 KW<\/td>\n<td class=\"max-w-[calc(var(--thread-content-max-width)*2\/3)]\" data-start=\"2102\" data-end=\"2125\">&#8211;<\/td>\n<td class=\"max-w-[calc(var(--thread-content-max-width)*2\/3)]\" data-start=\"2125\" data-end=\"2143\">E4 67R-01 0310<\/td>\n<\/tr>\n<\/tbody>\n<\/table>\n<p class=\"\" data-start=\"2145\" data-end=\"2188\"><strong data-start=\"2145\" data-end=\"2173\">Aprova\u00e7\u00e3o ferrovi\u00e1ria:<\/strong> E4 67R-01 0093<\/p>\n<p><a href=\"https:\/\/recambiosecogas.com\/pt-pt\/categoria-produto\/injecao\/injetores-rail\/\">O nosso cat\u00e1logo de injetores.<\/a><\/p>\n<p><a href=\"https:\/\/segimonautomocio.com\/\">Mude os seus injetores na nossa oficina especializada.<\/a><\/p>\n<\/div>\n<\/div>\n","protected":false},"excerpt":{"rendered":"<p><strong><em>APROVA\u00c7\u00c3O<\/em><\/strong><\/p>\n<p>Carril Injetor: E4 67R-01 0093<br \/>\nInjetor: E4 67R-01 0310<\/p>\n","protected":false},"featured_media":8965,"comment_status":"open","ping_status":"closed","template":"","meta":{"_uag_custom_page_level_css":""},"product_brand":[],"product_cat":[482,306,493,951],"product_tag":[942,943,944,945,946,947,918,941,939],"class_list":{"0":"post-47984","1":"product","2":"type-product","3":"status-publish","4":"has-post-thumbnail","6":"product_cat-inyectores-menu","7":"product_cat-inyectores-rail","8":"product_cat-keihin","9":"product_cat-rail-riel-rampa-inyectora","10":"product_tag-32cc","11":"product_tag-43cc","12":"product_tag-52cc","13":"product_tag-63cc","14":"product_tag-73cc","15":"product_tag-82cc","16":"product_tag-inyeccion-de-3-cilindros","17":"product_tag-kn9","18":"product_tag-prins-vsi","20":"first","21":"onbackorder","22":"taxable","23":"shipping-taxable","24":"purchasable","25":"product-type-variable"},"ct_brands":[],"yoast_head":"<!-- This site is optimized with the Yoast SEO Premium plugin v27.5 (Yoast SEO v27.6) - https:\/\/yoast.com\/product\/yoast-seo-premium-wordpress\/ -->\n<title>Injetor Prins Keihin KN9 LPG\/CNG \u2013 3 cilindros (32cc a 82cc) | Recambios EcoGas | Sistemas GLP y GNC<\/title>\n<meta name=\"description\" content=\"Injetor Prins Keihin KN9 a GLP\/GNC para motores de 3 cilindros. Dispon\u00edvel de 32cc a 82cc. Precis\u00e3o japonesa e aprova\u00e7\u00e3o ECE R67.01.\" \/>\n<meta name=\"robots\" content=\"index, follow, max-snippet:-1, max-image-preview:large, max-video-preview:-1\" \/>\n<link rel=\"canonical\" href=\"https:\/\/recambiosecogas.com\/pt-pt\/producto\/inyectores-prins-glp-gnv-kn9-3-cilindros-32cc-82cc\/\" \/>\n<meta property=\"og:locale\" content=\"pt_PT\" \/>\n<meta property=\"og:type\" content=\"article\" \/>\n<meta property=\"og:title\" content=\"Injetor Prins Keihin KN9 LPG\/CNG \u2013 3 cilindros (32cc a 82cc)\" \/>\n<meta property=\"og:description\" content=\"Injetor Prins Keihin KN9 a GLP\/GNC para motores de 3 cilindros. Dispon\u00edvel de 32cc a 82cc. Precis\u00e3o japonesa e aprova\u00e7\u00e3o ECE R67.01.\" \/>\n<meta property=\"og:url\" content=\"https:\/\/recambiosecogas.com\/pt-pt\/producto\/inyectores-prins-glp-gnv-kn9-3-cilindros-32cc-82cc\/\" \/>\n<meta property=\"og:site_name\" content=\"Recambios EcoGas\" \/>\n<meta property=\"article:publisher\" content=\"https:\/\/www.facebook.com\/profile.php?id=100062419705358\" \/>\n<meta property=\"article:modified_time\" content=\"2026-04-15T10:47:01+00:00\" \/>\n<meta property=\"og:image\" content=\"https:\/\/recambiosecogas.com\/wp-content\/uploads\/2024\/12\/Inyectores-Prins-GLP-GNV-Keihin-KN9-3-cilindros-32cc-82cc-png.webp\" \/>\n\t<meta property=\"og:image:width\" content=\"1000\" \/>\n\t<meta property=\"og:image:height\" content=\"1000\" \/>\n\t<meta property=\"og:image:type\" content=\"image\/png\" \/>\n<meta name=\"twitter:card\" content=\"summary_large_image\" \/>\n<meta name=\"twitter:label1\" content=\"Disponibilidade\" \/>\n\t<meta name=\"twitter:data1\" content=\"Por encomenda\" \/>\n<script type=\"application\/ld+json\" class=\"yoast-schema-graph\">{\"@context\":\"https:\\\/\\\/schema.org\",\"@graph\":[{\"@type\":\"WebPage\",\"@id\":\"https:\\\/\\\/recambiosecogas.com\\\/pt-pt\\\/producto\\\/inyectores-prins-glp-gnv-kn9-3-cilindros-32cc-82cc\\\/\",\"url\":\"https:\\\/\\\/recambiosecogas.com\\\/pt-pt\\\/producto\\\/inyectores-prins-glp-gnv-kn9-3-cilindros-32cc-82cc\\\/\",\"name\":\"Injetor Prins Keihin KN9 LPG\\\/CNG \u2013 3 cilindros (32cc a 82cc) | Recambios EcoGas | Sistemas GLP y GNC\",\"isPartOf\":{\"@id\":\"https:\\\/\\\/recambiosecogas.com\\\/pt-pt\\\/#website\"},\"primaryImageOfPage\":{\"@id\":\"https:\\\/\\\/recambiosecogas.com\\\/pt-pt\\\/producto\\\/inyectores-prins-glp-gnv-kn9-3-cilindros-32cc-82cc\\\/#primaryimage\"},\"image\":{\"@id\":\"https:\\\/\\\/recambiosecogas.com\\\/pt-pt\\\/producto\\\/inyectores-prins-glp-gnv-kn9-3-cilindros-32cc-82cc\\\/#primaryimage\"},\"thumbnailUrl\":\"https:\\\/\\\/recambiosecogas.com\\\/wp-content\\\/uploads\\\/2024\\\/12\\\/Inyectores-Prins-GLP-GNV-Keihin-KN9-3-cilindros-32cc-82cc-png.webp\",\"datePublished\":\"2024-12-09T10:17:39+00:00\",\"dateModified\":\"2026-04-15T10:47:01+00:00\",\"description\":\"Injetor Prins Keihin KN9 a GLP\\\/GNC para motores de 3 cilindros. Dispon\u00edvel de 32cc a 82cc. Precis\u00e3o japonesa e aprova\u00e7\u00e3o ECE R67.01.\",\"breadcrumb\":{\"@id\":\"https:\\\/\\\/recambiosecogas.com\\\/pt-pt\\\/producto\\\/inyectores-prins-glp-gnv-kn9-3-cilindros-32cc-82cc\\\/#breadcrumb\"},\"inLanguage\":\"pt-PT\",\"potentialAction\":[{\"@type\":\"ReadAction\",\"target\":[\"https:\\\/\\\/recambiosecogas.com\\\/pt-pt\\\/producto\\\/inyectores-prins-glp-gnv-kn9-3-cilindros-32cc-82cc\\\/\"]}]},{\"@type\":\"ImageObject\",\"inLanguage\":\"pt-PT\",\"@id\":\"https:\\\/\\\/recambiosecogas.com\\\/pt-pt\\\/producto\\\/inyectores-prins-glp-gnv-kn9-3-cilindros-32cc-82cc\\\/#primaryimage\",\"url\":\"https:\\\/\\\/recambiosecogas.com\\\/wp-content\\\/uploads\\\/2024\\\/12\\\/Inyectores-Prins-GLP-GNV-Keihin-KN9-3-cilindros-32cc-82cc-png.webp\",\"contentUrl\":\"https:\\\/\\\/recambiosecogas.com\\\/wp-content\\\/uploads\\\/2024\\\/12\\\/Inyectores-Prins-GLP-GNV-Keihin-KN9-3-cilindros-32cc-82cc-png.webp\",\"width\":1000,\"height\":1000},{\"@type\":\"BreadcrumbList\",\"@id\":\"https:\\\/\\\/recambiosecogas.com\\\/pt-pt\\\/producto\\\/inyectores-prins-glp-gnv-kn9-3-cilindros-32cc-82cc\\\/#breadcrumb\",\"itemListElement\":[{\"@type\":\"ListItem\",\"position\":1,\"name\":\"P\u00e1gina inicial\",\"item\":\"https:\\\/\\\/recambiosecogas.com\\\/pt-pt\\\/\"},{\"@type\":\"ListItem\",\"position\":2,\"name\":\"Loja\",\"item\":\"https:\\\/\\\/recambiosecogas.com\\\/pt-pt\\\/tienda\\\/\"},{\"@type\":\"ListItem\",\"position\":3,\"name\":\"Injetor Prins Keihin KN9 LPG\\\/CNG \u2013 3 cilindros (32cc a 82cc)\"}]},{\"@type\":\"WebSite\",\"@id\":\"https:\\\/\\\/recambiosecogas.com\\\/pt-pt\\\/#website\",\"url\":\"https:\\\/\\\/recambiosecogas.com\\\/pt-pt\\\/\",\"name\":\"Recambios EcoGas\",\"description\":\"Pe\u00e7as multimarca para sistemas de GPL\\\/GNC\\\/GNL\\\/Hidrog\u00e9nio\",\"publisher\":{\"@id\":\"https:\\\/\\\/recambiosecogas.com\\\/pt-pt\\\/#organization\"},\"alternateName\":\"Recambios Autogas GLP\",\"potentialAction\":[{\"@type\":\"SearchAction\",\"target\":{\"@type\":\"EntryPoint\",\"urlTemplate\":\"https:\\\/\\\/recambiosecogas.com\\\/pt-pt\\\/?s={search_term_string}\"},\"query-input\":{\"@type\":\"PropertyValueSpecification\",\"valueRequired\":true,\"valueName\":\"search_term_string\"}}],\"inLanguage\":\"pt-PT\"},{\"@type\":[\"Organization\",\"Place\"],\"@id\":\"https:\\\/\\\/recambiosecogas.com\\\/pt-pt\\\/#organization\",\"name\":\"Recambios EcoGas\",\"alternateName\":\"Loja de GPL Autog\u00e1s Espanha\",\"url\":\"https:\\\/\\\/recambiosecogas.com\\\/pt-pt\\\/\",\"logo\":{\"@id\":\"https:\\\/\\\/recambiosecogas.com\\\/pt-pt\\\/producto\\\/inyectores-prins-glp-gnv-kn9-3-cilindros-32cc-82cc\\\/#local-main-organization-logo\"},\"image\":{\"@id\":\"https:\\\/\\\/recambiosecogas.com\\\/pt-pt\\\/producto\\\/inyectores-prins-glp-gnv-kn9-3-cilindros-32cc-82cc\\\/#local-main-organization-logo\"},\"sameAs\":[\"https:\\\/\\\/www.facebook.com\\\/profile.php?id=100062419705358\",\"https:\\\/\\\/www.instagram.com\\\/segimon_automocio\"],\"description\":\"Recambios EcoGas \u2013 Venta y distribuci\u00f3n de sistemas GLP y GNC en Espa\u00f1a y Portugal. Env\u00edos 24 h, soporte t\u00e9cnico a talleres y distribuidores.\",\"hasMerchantReturnPolicy\":{\"@type\":\"MerchantReturnPolicy\",\"merchantReturnLink\":\"https:\\\/\\\/recambiosecogas.com\\\/politicas-privacidad\\\/\"},\"address\":{\"@id\":\"https:\\\/\\\/recambiosecogas.com\\\/pt-pt\\\/producto\\\/inyectores-prins-glp-gnv-kn9-3-cilindros-32cc-82cc\\\/#local-main-place-address\"},\"telephone\":[\"616250633\"],\"contactPoint\":{\"@type\":\"ContactPoint\",\"email\":\"export@recambiosecogas.com\"},\"openingHoursSpecification\":[{\"@type\":\"OpeningHoursSpecification\",\"dayOfWeek\":[\"Monday\",\"Tuesday\",\"Wednesday\",\"Thursday\",\"Friday\",\"Saturday\",\"Sunday\"],\"opens\":\"09:00\",\"closes\":\"17:00\"}],\"email\":\"info@recambiosecogas.com\",\"faxNumber\":\"SEGIMON AUTOMOCION SL\",\"vatID\":\"ESB19819861\",\"globalLocationNumber\":\"938 616 339\"},{\"@type\":\"PostalAddress\",\"@id\":\"https:\\\/\\\/recambiosecogas.com\\\/pt-pt\\\/producto\\\/inyectores-prins-glp-gnv-kn9-3-cilindros-32cc-82cc\\\/#local-main-place-address\",\"streetAddress\":\"cami antic de vic, 29 (Nave 3), Pol\u00edgono Industrial Congost\",\"addressLocality\":\"CORRO D`AVALL\",\"postalCode\":\"08520\",\"addressRegion\":\"Barcelona\",\"addressCountry\":\"ES\"},{\"@type\":\"ImageObject\",\"inLanguage\":\"pt-PT\",\"@id\":\"https:\\\/\\\/recambiosecogas.com\\\/pt-pt\\\/producto\\\/inyectores-prins-glp-gnv-kn9-3-cilindros-32cc-82cc\\\/#local-main-organization-logo\",\"url\":\"https:\\\/\\\/recambiosecogas.com\\\/wp-content\\\/uploads\\\/2024\\\/11\\\/cropped-RECAMBIOS-GLP-png.webp\",\"contentUrl\":\"https:\\\/\\\/recambiosecogas.com\\\/wp-content\\\/uploads\\\/2024\\\/11\\\/cropped-RECAMBIOS-GLP-png.webp\",\"width\":512,\"height\":512,\"caption\":\"Recambios EcoGas\"}]}<\/script>\n<meta property=\"og:availability\" content=\"backorder\" \/>\n<meta property=\"product:availability\" content=\"available for order\" \/>\n<meta property=\"product:retailer_item_id\" content=\"108985\" \/>\n<meta property=\"product:condition\" content=\"new\" \/>\n<meta name=\"geo.placename\" content=\"CORRO D`AVALL\" \/>\n<meta name=\"geo.region\" content=\"Espanha\" \/>\n<!-- \/ Yoast SEO Premium plugin. -->","yoast_head_json":{"title":"Injetor Prins Keihin KN9 LPG\/CNG \u2013 3 cilindros (32cc a 82cc) | Recambios EcoGas | Sistemas GLP y GNC","description":"Injetor Prins Keihin KN9 a GLP\/GNC para motores de 3 cilindros. Dispon\u00edvel de 32cc a 82cc. Precis\u00e3o japonesa e aprova\u00e7\u00e3o ECE R67.01.","robots":{"index":"index","follow":"follow","max-snippet":"max-snippet:-1","max-image-preview":"max-image-preview:large","max-video-preview":"max-video-preview:-1"},"canonical":"https:\/\/recambiosecogas.com\/pt-pt\/producto\/inyectores-prins-glp-gnv-kn9-3-cilindros-32cc-82cc\/","og_locale":"pt_PT","og_type":"article","og_title":"Injetor Prins Keihin KN9 LPG\/CNG \u2013 3 cilindros (32cc a 82cc)","og_description":"Injetor Prins Keihin KN9 a GLP\/GNC para motores de 3 cilindros. Dispon\u00edvel de 32cc a 82cc. Precis\u00e3o japonesa e aprova\u00e7\u00e3o ECE R67.01.","og_url":"https:\/\/recambiosecogas.com\/pt-pt\/producto\/inyectores-prins-glp-gnv-kn9-3-cilindros-32cc-82cc\/","og_site_name":"Recambios EcoGas","article_publisher":"https:\/\/www.facebook.com\/profile.php?id=100062419705358","article_modified_time":"2026-04-15T10:47:01+00:00","og_image":[{"width":1000,"height":1000,"url":"https:\/\/recambiosecogas.com\/wp-content\/uploads\/2024\/12\/Inyectores-Prins-GLP-GNV-Keihin-KN9-3-cilindros-32cc-82cc-png.webp","type":"image\/png"}],"twitter_card":"summary_large_image","twitter_misc":{"Disponibilidade":"Por encomenda"},"schema":{"@context":"https:\/\/schema.org","@graph":[{"@type":"WebPage","@id":"https:\/\/recambiosecogas.com\/pt-pt\/producto\/inyectores-prins-glp-gnv-kn9-3-cilindros-32cc-82cc\/","url":"https:\/\/recambiosecogas.com\/pt-pt\/producto\/inyectores-prins-glp-gnv-kn9-3-cilindros-32cc-82cc\/","name":"Injetor Prins Keihin KN9 LPG\/CNG \u2013 3 cilindros (32cc a 82cc) | Recambios EcoGas | Sistemas GLP y GNC","isPartOf":{"@id":"https:\/\/recambiosecogas.com\/pt-pt\/#website"},"primaryImageOfPage":{"@id":"https:\/\/recambiosecogas.com\/pt-pt\/producto\/inyectores-prins-glp-gnv-kn9-3-cilindros-32cc-82cc\/#primaryimage"},"image":{"@id":"https:\/\/recambiosecogas.com\/pt-pt\/producto\/inyectores-prins-glp-gnv-kn9-3-cilindros-32cc-82cc\/#primaryimage"},"thumbnailUrl":"https:\/\/recambiosecogas.com\/wp-content\/uploads\/2024\/12\/Inyectores-Prins-GLP-GNV-Keihin-KN9-3-cilindros-32cc-82cc-png.webp","datePublished":"2024-12-09T10:17:39+00:00","dateModified":"2026-04-15T10:47:01+00:00","description":"Injetor Prins Keihin KN9 a GLP\/GNC para motores de 3 cilindros. Dispon\u00edvel de 32cc a 82cc. Precis\u00e3o japonesa e aprova\u00e7\u00e3o ECE R67.01.","breadcrumb":{"@id":"https:\/\/recambiosecogas.com\/pt-pt\/producto\/inyectores-prins-glp-gnv-kn9-3-cilindros-32cc-82cc\/#breadcrumb"},"inLanguage":"pt-PT","potentialAction":[{"@type":"ReadAction","target":["https:\/\/recambiosecogas.com\/pt-pt\/producto\/inyectores-prins-glp-gnv-kn9-3-cilindros-32cc-82cc\/"]}]},{"@type":"ImageObject","inLanguage":"pt-PT","@id":"https:\/\/recambiosecogas.com\/pt-pt\/producto\/inyectores-prins-glp-gnv-kn9-3-cilindros-32cc-82cc\/#primaryimage","url":"https:\/\/recambiosecogas.com\/wp-content\/uploads\/2024\/12\/Inyectores-Prins-GLP-GNV-Keihin-KN9-3-cilindros-32cc-82cc-png.webp","contentUrl":"https:\/\/recambiosecogas.com\/wp-content\/uploads\/2024\/12\/Inyectores-Prins-GLP-GNV-Keihin-KN9-3-cilindros-32cc-82cc-png.webp","width":1000,"height":1000},{"@type":"BreadcrumbList","@id":"https:\/\/recambiosecogas.com\/pt-pt\/producto\/inyectores-prins-glp-gnv-kn9-3-cilindros-32cc-82cc\/#breadcrumb","itemListElement":[{"@type":"ListItem","position":1,"name":"P\u00e1gina inicial","item":"https:\/\/recambiosecogas.com\/pt-pt\/"},{"@type":"ListItem","position":2,"name":"Loja","item":"https:\/\/recambiosecogas.com\/pt-pt\/tienda\/"},{"@type":"ListItem","position":3,"name":"Injetor Prins Keihin KN9 LPG\/CNG \u2013 3 cilindros (32cc a 82cc)"}]},{"@type":"WebSite","@id":"https:\/\/recambiosecogas.com\/pt-pt\/#website","url":"https:\/\/recambiosecogas.com\/pt-pt\/","name":"Recambios EcoGas","description":"Pe\u00e7as multimarca para sistemas de GPL\/GNC\/GNL\/Hidrog\u00e9nio","publisher":{"@id":"https:\/\/recambiosecogas.com\/pt-pt\/#organization"},"alternateName":"Recambios Autogas GLP","potentialAction":[{"@type":"SearchAction","target":{"@type":"EntryPoint","urlTemplate":"https:\/\/recambiosecogas.com\/pt-pt\/?s={search_term_string}"},"query-input":{"@type":"PropertyValueSpecification","valueRequired":true,"valueName":"search_term_string"}}],"inLanguage":"pt-PT"},{"@type":["Organization","Place"],"@id":"https:\/\/recambiosecogas.com\/pt-pt\/#organization","name":"Recambios EcoGas","alternateName":"Loja de GPL Autog\u00e1s Espanha","url":"https:\/\/recambiosecogas.com\/pt-pt\/","logo":{"@id":"https:\/\/recambiosecogas.com\/pt-pt\/producto\/inyectores-prins-glp-gnv-kn9-3-cilindros-32cc-82cc\/#local-main-organization-logo"},"image":{"@id":"https:\/\/recambiosecogas.com\/pt-pt\/producto\/inyectores-prins-glp-gnv-kn9-3-cilindros-32cc-82cc\/#local-main-organization-logo"},"sameAs":["https:\/\/www.facebook.com\/profile.php?id=100062419705358","https:\/\/www.instagram.com\/segimon_automocio"],"description":"Recambios EcoGas \u2013 Venta y distribuci\u00f3n de sistemas GLP y GNC en Espa\u00f1a y Portugal. Env\u00edos 24 h, soporte t\u00e9cnico a talleres y distribuidores.","hasMerchantReturnPolicy":{"@type":"MerchantReturnPolicy","merchantReturnLink":"https:\/\/recambiosecogas.com\/politicas-privacidad\/"},"address":{"@id":"https:\/\/recambiosecogas.com\/pt-pt\/producto\/inyectores-prins-glp-gnv-kn9-3-cilindros-32cc-82cc\/#local-main-place-address"},"telephone":["616250633"],"contactPoint":{"@type":"ContactPoint","email":"export@recambiosecogas.com"},"openingHoursSpecification":[{"@type":"OpeningHoursSpecification","dayOfWeek":["Monday","Tuesday","Wednesday","Thursday","Friday","Saturday","Sunday"],"opens":"09:00","closes":"17:00"}],"email":"info@recambiosecogas.com","faxNumber":"SEGIMON AUTOMOCION SL","vatID":"ESB19819861","globalLocationNumber":"938 616 339"},{"@type":"PostalAddress","@id":"https:\/\/recambiosecogas.com\/pt-pt\/producto\/inyectores-prins-glp-gnv-kn9-3-cilindros-32cc-82cc\/#local-main-place-address","streetAddress":"cami antic de vic, 29 (Nave 3), Pol\u00edgono Industrial Congost","addressLocality":"CORRO D`AVALL","postalCode":"08520","addressRegion":"Barcelona","addressCountry":"ES"},{"@type":"ImageObject","inLanguage":"pt-PT","@id":"https:\/\/recambiosecogas.com\/pt-pt\/producto\/inyectores-prins-glp-gnv-kn9-3-cilindros-32cc-82cc\/#local-main-organization-logo","url":"https:\/\/recambiosecogas.com\/wp-content\/uploads\/2024\/11\/cropped-RECAMBIOS-GLP-png.webp","contentUrl":"https:\/\/recambiosecogas.com\/wp-content\/uploads\/2024\/11\/cropped-RECAMBIOS-GLP-png.webp","width":512,"height":512,"caption":"Recambios EcoGas"}]},"og_availability":"backorder","product_availability":"available for order","product_retailer_item_id":"108985","product_condition":"new","geo.placename":"CORRO D`AVALL","geo.region":"Espanha"},"uagb_featured_image_src":{"full":["https:\/\/recambiosecogas.com\/wp-content\/uploads\/2024\/12\/Inyectores-Prins-GLP-GNV-Keihin-KN9-3-cilindros-32cc-82cc-png.webp",1000,1000,false],"thumbnail":["https:\/\/recambiosecogas.com\/wp-content\/uploads\/2024\/12\/Inyectores-Prins-GLP-GNV-Keihin-KN9-3-cilindros-32cc-82cc-150x150.webp",150,150,true],"medium":["https:\/\/recambiosecogas.com\/wp-content\/uploads\/2024\/12\/Inyectores-Prins-GLP-GNV-Keihin-KN9-3-cilindros-32cc-82cc-300x300.webp",300,300,true],"medium_large":["https:\/\/recambiosecogas.com\/wp-content\/uploads\/2024\/12\/Inyectores-Prins-GLP-GNV-Keihin-KN9-3-cilindros-32cc-82cc-768x768.webp",768,768,true],"large":["https:\/\/recambiosecogas.com\/wp-content\/uploads\/2024\/12\/Inyectores-Prins-GLP-GNV-Keihin-KN9-3-cilindros-32cc-82cc-png.webp",1000,1000,false],"1536x1536":["https:\/\/recambiosecogas.com\/wp-content\/uploads\/2024\/12\/Inyectores-Prins-GLP-GNV-Keihin-KN9-3-cilindros-32cc-82cc-png.webp",1000,1000,false],"2048x2048":["https:\/\/recambiosecogas.com\/wp-content\/uploads\/2024\/12\/Inyectores-Prins-GLP-GNV-Keihin-KN9-3-cilindros-32cc-82cc-png.webp",1000,1000,false],"woocommerce_archive_thumbnail":["https:\/\/recambiosecogas.com\/wp-content\/uploads\/2024\/12\/Inyectores-Prins-GLP-GNV-Keihin-KN9-3-cilindros-32cc-82cc-png.webp",1000,1000,false],"woocommerce_thumbnail":["https:\/\/recambiosecogas.com\/wp-content\/uploads\/2024\/12\/Inyectores-Prins-GLP-GNV-Keihin-KN9-3-cilindros-32cc-82cc-png-300x300.webp",300,300,true],"woocommerce_single":["https:\/\/recambiosecogas.com\/wp-content\/uploads\/2024\/12\/Inyectores-Prins-GLP-GNV-Keihin-KN9-3-cilindros-32cc-82cc-png.webp",1000,1000,false],"woocommerce_gallery_thumbnail":["https:\/\/recambiosecogas.com\/wp-content\/uploads\/2024\/12\/Inyectores-Prins-GLP-GNV-Keihin-KN9-3-cilindros-32cc-82cc-png.webp",1000,1000,false],"dgwt-wcas-product-suggestion":["https:\/\/recambiosecogas.com\/wp-content\/uploads\/2024\/12\/Inyectores-Prins-GLP-GNV-Keihin-KN9-3-cilindros-32cc-82cc-png-64x64.webp",64,64,true]},"uagb_author_info":{"display_name":"Fran - Soporte T\u00e9cnico","author_link":"https:\/\/recambiosecogas.com\/pt-pt\/author\/"},"uagb_comment_info":0,"uagb_excerpt":"APROVA\u00c7\u00c3O Carril Injetor: E4 67R-01 0093 Injetor: E4 67R-01 0310","_links":{"self":[{"href":"https:\/\/recambiosecogas.com\/pt-pt\/wp-json\/wp\/v2\/product\/47984","targetHints":{"allow":["GET"]}}],"collection":[{"href":"https:\/\/recambiosecogas.com\/pt-pt\/wp-json\/wp\/v2\/product"}],"about":[{"href":"https:\/\/recambiosecogas.com\/pt-pt\/wp-json\/wp\/v2\/types\/product"}],"replies":[{"embeddable":true,"href":"https:\/\/recambiosecogas.com\/pt-pt\/wp-json\/wp\/v2\/comments?post=47984"}],"wp:featuredmedia":[{"embeddable":true,"href":"https:\/\/recambiosecogas.com\/pt-pt\/wp-json\/wp\/v2\/media\/8965"}],"wp:attachment":[{"href":"https:\/\/recambiosecogas.com\/pt-pt\/wp-json\/wp\/v2\/media?parent=47984"}],"wp:term":[{"taxonomy":"product_brand","embeddable":true,"href":"https:\/\/recambiosecogas.com\/pt-pt\/wp-json\/wp\/v2\/product_brand?post=47984"},{"taxonomy":"product_cat","embeddable":true,"href":"https:\/\/recambiosecogas.com\/pt-pt\/wp-json\/wp\/v2\/product_cat?post=47984"},{"taxonomy":"product_tag","embeddable":true,"href":"https:\/\/recambiosecogas.com\/pt-pt\/wp-json\/wp\/v2\/product_tag?post=47984"}],"curies":[{"name":"wp","href":"https:\/\/api.w.org\/{rel}","templated":true}]}}