{"id":47972,"date":"2024-12-09T10:00:30","date_gmt":"2024-12-09T10:00:30","guid":{"rendered":"https:\/\/recambiosecogas.com\/producto\/keihin-kn8-rampa-de-inyeccion-de-4-cilindros-42cc-100cc\/"},"modified":"2026-04-15T11:46:59","modified_gmt":"2026-04-15T10:46:59","slug":"keihin-kn8-rampa-de-inyeccion-de-4-cilindros-42cc-100cc","status":"publish","type":"product","link":"https:\/\/recambiosecogas.com\/pt-pt\/producto\/keihin-kn8-rampa-de-inyeccion-de-4-cilindros-42cc-100cc\/","title":{"rendered":"Rampa de inje\u00e7\u00e3o KN8 de 4 cilindros (52cc\/100cc) \u2013 KEIHIN Prins"},"content":{"rendered":"<h3 class=\"\" data-start=\"160\" data-end=\"231\">Rampa de inje\u00e7\u00e3o KN8 de 4 cilindros (52cc\/100cc) \u2013 KEIHIN Prins<\/h3>\n<p class=\"\" data-start=\"233\" data-end=\"594\">A rampa de inje\u00e7\u00e3o Keihin KN8 de 4 cilindros \u00e9 um componente original utilizado nos sistemas Prins VSI I e II tanto para GPL como para GNC. Esta rampa inclui 4 injetores de alta precis\u00e3o, concebidos para fornecer dosagem precisa de g\u00e1s em motores de 4 cilindros, garantindo desempenho \u00f3timo, baixo consumo e menores emiss\u00f5es de poluentes. <\/p>\n<p class=\"\" data-start=\"596\" data-end=\"1031\">Os injetores KN8 destacam-se pela sua tecnologia de diafragma silenciosa e duradoura, oferecendo uma vida \u00fatil de at\u00e9 150.000 km sem manuten\u00e7\u00e3o. A sele\u00e7\u00e3o dos tamanhos dos injetores baseia-se na capacidade por cilindro e \u00e9 codificada por cores: azul (52cc), laranja (63cc), amarelo (73cc) e castanho (100cc). Esta variedade permite ajustar o sistema de inje\u00e7\u00e3o ao tipo de motor e \u00e0s suas necessidades espec\u00edficas de pot\u00eancia.  <\/p>\n<p class=\"\" data-start=\"1033\" data-end=\"1208\">Recomendamos confirmar o tamanho correto antes da compra e, em caso de d\u00favida, enviar uma foto da instala\u00e7\u00e3o atual para garantir a compatibilidade com o sistema Prins.<\/p>\n<hr class=\"\" data-start=\"1210\" data-end=\"1213\">\n<p class=\"\" data-start=\"1215\" data-end=\"1243\"><strong data-start=\"1215\" data-end=\"1243\">Especifica\u00e7\u00f5es t\u00e9cnicas &#8211; Rampa de inje\u00e7\u00e3o KN8 de 4 cilindros (52cc\/100cc) \u2013 KEIHIN Prins<\/strong><\/p>\n<div class=\"pointer-events-none relative left-[50%]! flex w-[100cqw] translate-x-[-50%] justify-center *:pointer-events-auto\">\n<div class=\"tableContainer horzScrollShadows group relative\"><button class=\"hover:bg-token-main-surface-secondary text-token-text-secondary rounded-lg px-1 py-1 opacity-0 transition-opacity duration-200 group-focus-within:opacity-100 group-hover:opacity-100\"><\/button><\/p>\n<table class=\"min-w-full\" data-start=\"1245\" data-end=\"1860\">\n<thead data-start=\"1245\" data-end=\"1345\">\n<tr data-start=\"1245\" data-end=\"1345\">\n<th data-start=\"1245\" data-end=\"1264\">Variante (cor)<\/th>\n<th data-start=\"1264\" data-end=\"1281\">Capacidade (cc)<\/th>\n<th data-start=\"1281\" data-end=\"1317\">Pot\u00eancia por cilindro (KW)<\/th>\n<th data-start=\"1317\" data-end=\"1345\">Aprova\u00e7\u00e3o<\/th>\n<\/tr>\n<\/thead>\n<tbody data-start=\"1449\" data-end=\"1860\">\n<tr data-start=\"1449\" data-end=\"1551\">\n<td class=\"max-w-[calc(var(--thread-content-max-width)*2\/3)]\" data-start=\"1449\" data-end=\"1468\">Azul<\/td>\n<td class=\"max-w-[calc(var(--thread-content-max-width)*2\/3)]\" data-start=\"1468\" data-end=\"1485\">52cc<\/td>\n<td class=\"max-w-[calc(var(--thread-content-max-width)*2\/3)]\" data-start=\"1485\" data-end=\"1522\">13,75 \u2013 21,50 KW<\/td>\n<td class=\"max-w-[calc(var(--thread-content-max-width)*2\/3)]\" data-start=\"1522\" data-end=\"1551\">E4 67R-01 0092 Classe 2<\/td>\n<\/tr>\n<tr data-start=\"1552\" data-end=\"1654\">\n<td class=\"max-w-[calc(var(--thread-content-max-width)*2\/3)]\" data-start=\"1552\" data-end=\"1571\">Laranja<\/td>\n<td class=\"max-w-[calc(var(--thread-content-max-width)*2\/3)]\" data-start=\"1571\" data-end=\"1588\">63cc<\/td>\n<td class=\"max-w-[calc(var(--thread-content-max-width)*2\/3)]\" data-start=\"1588\" data-end=\"1625\">16.50 \u2013 27.50 KW<\/td>\n<td class=\"max-w-[calc(var(--thread-content-max-width)*2\/3)]\" data-start=\"1625\" data-end=\"1654\">E4 67R-01 0092 Classe 2<\/td>\n<\/tr>\n<tr data-start=\"1655\" data-end=\"1757\">\n<td class=\"max-w-[calc(var(--thread-content-max-width)*2\/3)]\" data-start=\"1655\" data-end=\"1674\">Amarelo<\/td>\n<td class=\"max-w-[calc(var(--thread-content-max-width)*2\/3)]\" data-start=\"1674\" data-end=\"1691\">73cc<\/td>\n<td class=\"max-w-[calc(var(--thread-content-max-width)*2\/3)]\" data-start=\"1691\" data-end=\"1728\">20,75 \u2013 32,50 KW<\/td>\n<td class=\"max-w-[calc(var(--thread-content-max-width)*2\/3)]\" data-start=\"1728\" data-end=\"1757\">E4 67R-01 0092 Classe 2<\/td>\n<\/tr>\n<tr data-start=\"1758\" data-end=\"1860\">\n<td class=\"max-w-[calc(var(--thread-content-max-width)*2\/3)]\" data-start=\"1758\" data-end=\"1777\">\n Brown<\/td>\n<td class=\"max-w-[calc(var(--thread-content-max-width)*2\/3)]\" data-start=\"1777\" data-end=\"1794\">100cc<\/td>\n<td class=\"max-w-[calc(var(--thread-content-max-width)*2\/3)]\" data-start=\"1794\" data-end=\"1831\">De 32,5 KW<\/td>\n<td class=\"max-w-[calc(var(--thread-content-max-width)*2\/3)]\" data-start=\"1831\" data-end=\"1860\">E4 67R-01 0092 Classe 2<\/td>\n<\/tr>\n<\/tbody>\n<\/table>\n<\/div>\n<\/div>\n<p class=\"\" data-start=\"1862\" data-end=\"1900\"><strong data-start=\"1862\" data-end=\"1885\">Aprova\u00e7\u00e3o da ordem:<\/strong> E4 67R-01 0093<\/p>\n<p><a href=\"https:\/\/recambiosecogas.com\/pt-pt\/categoria-produto\/injecao\/injetores-rail\/\">O nosso cat\u00e1logo de injetores.<\/a><\/p>\n<p><a href=\"https:\/\/segimonautomocio.com\/\">Mude os seus injetores na nossa oficina especializada.<\/a><\/p>\n","protected":false},"excerpt":{"rendered":"<p><strong><em>APROVA\u00c7\u00c3O<\/em><\/strong><\/p>\n<p>-Barra: E4 67R-01 0093-Injetor<br \/>\n: E4 67R-01 0092<\/p>\n","protected":false},"featured_media":8973,"comment_status":"open","ping_status":"closed","template":"","meta":{"_uag_custom_page_level_css":""},"product_brand":[],"product_cat":[1591,1597,1731,1601],"product_tag":[1133,1103,1124,1126,1129,1227],"class_list":{"0":"post-47972","1":"product","2":"type-product","3":"status-publish","4":"has-post-thumbnail","6":"product_cat-injecao","7":"product_cat-injetores-rail","8":"product_cat-keihin-pt-pt","9":"product_cat-rail-riel","10":"product_tag-100cc-pt-pt","11":"product_tag-4-cilindros-pt-pt","12":"product_tag-52cc-pt-pt","13":"product_tag-63cc-pt-pt","14":"product_tag-73cc-pt-pt-2","15":"product_tag-kn8-pt-pt","17":"first","18":"onbackorder","19":"taxable","20":"shipping-taxable","21":"purchasable","22":"product-type-variable"},"ct_brands":[],"yoast_head":"<!-- This site is optimized with the Yoast SEO Premium plugin v27.5 (Yoast SEO v27.5) - https:\/\/yoast.com\/product\/yoast-seo-premium-wordpress\/ -->\n<title>Rampa de inje\u00e7\u00e3o KN8 de 4 cilindros (52cc\/100cc) \u2013 KEIHIN Prins | Recambios EcoGas | Sistemas GLP y GNC<\/title>\n<meta name=\"description\" content=\"Rampa Keihin KN8 para 4 cilindros. Injetores de GLP\/GNC de 52cc a 100cc para sistemas Prins VSI. M\u00e1xima precis\u00e3o, durabilidade e homologa\u00e7\u00e3o.\" \/>\n<meta name=\"robots\" content=\"index, follow, max-snippet:-1, max-image-preview:large, max-video-preview:-1\" \/>\n<link rel=\"canonical\" href=\"https:\/\/recambiosecogas.com\/pt-pt\/producto\/keihin-kn8-rampa-de-inyeccion-de-4-cilindros-42cc-100cc\/\" \/>\n<meta property=\"og:locale\" content=\"pt_PT\" \/>\n<meta property=\"og:type\" content=\"article\" \/>\n<meta property=\"og:title\" content=\"Rampa de inje\u00e7\u00e3o KN8 de 4 cilindros (52cc\/100cc) \u2013 KEIHIN Prins\" \/>\n<meta property=\"og:description\" content=\"Rampa Keihin KN8 para 4 cilindros. Injetores de GLP\/GNC de 52cc a 100cc para sistemas Prins VSI. M\u00e1xima precis\u00e3o, durabilidade e homologa\u00e7\u00e3o.\" \/>\n<meta property=\"og:url\" content=\"https:\/\/recambiosecogas.com\/pt-pt\/producto\/keihin-kn8-rampa-de-inyeccion-de-4-cilindros-42cc-100cc\/\" \/>\n<meta property=\"og:site_name\" content=\"Recambios EcoGas\" \/>\n<meta property=\"article:publisher\" content=\"https:\/\/www.facebook.com\/profile.php?id=100062419705358\" \/>\n<meta property=\"article:modified_time\" content=\"2026-04-15T10:46:59+00:00\" \/>\n<meta property=\"og:image\" content=\"https:\/\/recambiosecogas.com\/wp-content\/uploads\/2024\/12\/Keihin-KN8-rampa-de-inyeccion-de-4-cilindros-42cc-100cc-png.webp\" \/>\n\t<meta property=\"og:image:width\" content=\"1000\" \/>\n\t<meta property=\"og:image:height\" content=\"1000\" \/>\n\t<meta property=\"og:image:type\" content=\"image\/png\" \/>\n<meta name=\"twitter:card\" content=\"summary_large_image\" \/>\n<meta name=\"twitter:label1\" content=\"Disponibilidade\" \/>\n\t<meta name=\"twitter:data1\" content=\"Por encomenda\" \/>\n<script type=\"application\/ld+json\" class=\"yoast-schema-graph\">{\"@context\":\"https:\\\/\\\/schema.org\",\"@graph\":[{\"@type\":\"WebPage\",\"@id\":\"https:\\\/\\\/recambiosecogas.com\\\/pt-pt\\\/producto\\\/keihin-kn8-rampa-de-inyeccion-de-4-cilindros-42cc-100cc\\\/\",\"url\":\"https:\\\/\\\/recambiosecogas.com\\\/pt-pt\\\/producto\\\/keihin-kn8-rampa-de-inyeccion-de-4-cilindros-42cc-100cc\\\/\",\"name\":\"Rampa de inje\u00e7\u00e3o KN8 de 4 cilindros (52cc\\\/100cc) \u2013 KEIHIN Prins | Recambios EcoGas | Sistemas GLP y GNC\",\"isPartOf\":{\"@id\":\"https:\\\/\\\/recambiosecogas.com\\\/pt-pt\\\/#website\"},\"primaryImageOfPage\":{\"@id\":\"https:\\\/\\\/recambiosecogas.com\\\/pt-pt\\\/producto\\\/keihin-kn8-rampa-de-inyeccion-de-4-cilindros-42cc-100cc\\\/#primaryimage\"},\"image\":{\"@id\":\"https:\\\/\\\/recambiosecogas.com\\\/pt-pt\\\/producto\\\/keihin-kn8-rampa-de-inyeccion-de-4-cilindros-42cc-100cc\\\/#primaryimage\"},\"thumbnailUrl\":\"https:\\\/\\\/recambiosecogas.com\\\/wp-content\\\/uploads\\\/2024\\\/12\\\/Keihin-KN8-rampa-de-inyeccion-de-4-cilindros-42cc-100cc-png.webp\",\"datePublished\":\"2024-12-09T10:00:30+00:00\",\"dateModified\":\"2026-04-15T10:46:59+00:00\",\"description\":\"Rampa Keihin KN8 para 4 cilindros. Injetores de GLP\\\/GNC de 52cc a 100cc para sistemas Prins VSI. M\u00e1xima precis\u00e3o, durabilidade e homologa\u00e7\u00e3o.\",\"breadcrumb\":{\"@id\":\"https:\\\/\\\/recambiosecogas.com\\\/pt-pt\\\/producto\\\/keihin-kn8-rampa-de-inyeccion-de-4-cilindros-42cc-100cc\\\/#breadcrumb\"},\"inLanguage\":\"pt-PT\",\"potentialAction\":[{\"@type\":\"ReadAction\",\"target\":[\"https:\\\/\\\/recambiosecogas.com\\\/pt-pt\\\/producto\\\/keihin-kn8-rampa-de-inyeccion-de-4-cilindros-42cc-100cc\\\/\"]}]},{\"@type\":\"ImageObject\",\"inLanguage\":\"pt-PT\",\"@id\":\"https:\\\/\\\/recambiosecogas.com\\\/pt-pt\\\/producto\\\/keihin-kn8-rampa-de-inyeccion-de-4-cilindros-42cc-100cc\\\/#primaryimage\",\"url\":\"https:\\\/\\\/recambiosecogas.com\\\/wp-content\\\/uploads\\\/2024\\\/12\\\/Keihin-KN8-rampa-de-inyeccion-de-4-cilindros-42cc-100cc-png.webp\",\"contentUrl\":\"https:\\\/\\\/recambiosecogas.com\\\/wp-content\\\/uploads\\\/2024\\\/12\\\/Keihin-KN8-rampa-de-inyeccion-de-4-cilindros-42cc-100cc-png.webp\",\"width\":1000,\"height\":1000},{\"@type\":\"BreadcrumbList\",\"@id\":\"https:\\\/\\\/recambiosecogas.com\\\/pt-pt\\\/producto\\\/keihin-kn8-rampa-de-inyeccion-de-4-cilindros-42cc-100cc\\\/#breadcrumb\",\"itemListElement\":[{\"@type\":\"ListItem\",\"position\":1,\"name\":\"P\u00e1gina inicial\",\"item\":\"https:\\\/\\\/recambiosecogas.com\\\/pt-pt\\\/\"},{\"@type\":\"ListItem\",\"position\":2,\"name\":\"Loja\",\"item\":\"https:\\\/\\\/recambiosecogas.com\\\/pt-pt\\\/tienda\\\/\"},{\"@type\":\"ListItem\",\"position\":3,\"name\":\"Rampa de inje\u00e7\u00e3o KN8 de 4 cilindros (52cc\\\/100cc) \u2013 KEIHIN Prins\"}]},{\"@type\":\"WebSite\",\"@id\":\"https:\\\/\\\/recambiosecogas.com\\\/pt-pt\\\/#website\",\"url\":\"https:\\\/\\\/recambiosecogas.com\\\/pt-pt\\\/\",\"name\":\"Recambios EcoGas\",\"description\":\"Pe\u00e7as multimarca para sistemas de GPL\\\/GNC\\\/GNL\\\/Hidrog\u00e9nio\",\"publisher\":{\"@id\":\"https:\\\/\\\/recambiosecogas.com\\\/pt-pt\\\/#organization\"},\"alternateName\":\"Recambios Autogas GLP\",\"potentialAction\":[{\"@type\":\"SearchAction\",\"target\":{\"@type\":\"EntryPoint\",\"urlTemplate\":\"https:\\\/\\\/recambiosecogas.com\\\/pt-pt\\\/?s={search_term_string}\"},\"query-input\":{\"@type\":\"PropertyValueSpecification\",\"valueRequired\":true,\"valueName\":\"search_term_string\"}}],\"inLanguage\":\"pt-PT\"},{\"@type\":[\"Organization\",\"Place\"],\"@id\":\"https:\\\/\\\/recambiosecogas.com\\\/pt-pt\\\/#organization\",\"name\":\"Recambios EcoGas\",\"alternateName\":\"Loja de GPL Autog\u00e1s Espanha\",\"url\":\"https:\\\/\\\/recambiosecogas.com\\\/pt-pt\\\/\",\"logo\":{\"@id\":\"https:\\\/\\\/recambiosecogas.com\\\/pt-pt\\\/producto\\\/keihin-kn8-rampa-de-inyeccion-de-4-cilindros-42cc-100cc\\\/#local-main-organization-logo\"},\"image\":{\"@id\":\"https:\\\/\\\/recambiosecogas.com\\\/pt-pt\\\/producto\\\/keihin-kn8-rampa-de-inyeccion-de-4-cilindros-42cc-100cc\\\/#local-main-organization-logo\"},\"sameAs\":[\"https:\\\/\\\/www.facebook.com\\\/profile.php?id=100062419705358\",\"https:\\\/\\\/www.instagram.com\\\/segimon_automocio\"],\"description\":\"Recambios EcoGas \u2013 Venta y distribuci\u00f3n de sistemas GLP y GNC en Espa\u00f1a y Portugal. Env\u00edos 24 h, soporte t\u00e9cnico a talleres y distribuidores.\",\"hasMerchantReturnPolicy\":{\"@type\":\"MerchantReturnPolicy\",\"merchantReturnLink\":\"https:\\\/\\\/recambiosecogas.com\\\/politicas-privacidad\\\/\"},\"address\":{\"@id\":\"https:\\\/\\\/recambiosecogas.com\\\/pt-pt\\\/producto\\\/keihin-kn8-rampa-de-inyeccion-de-4-cilindros-42cc-100cc\\\/#local-main-place-address\"},\"telephone\":[\"616250633\"],\"contactPoint\":{\"@type\":\"ContactPoint\",\"email\":\"export@recambiosecogas.com\"},\"openingHoursSpecification\":[{\"@type\":\"OpeningHoursSpecification\",\"dayOfWeek\":[\"Monday\",\"Tuesday\",\"Wednesday\",\"Thursday\",\"Friday\",\"Saturday\",\"Sunday\"],\"opens\":\"09:00\",\"closes\":\"17:00\"}],\"email\":\"info@recambiosecogas.com\",\"faxNumber\":\"SEGIMON AUTOMOCION SL\",\"vatID\":\"ESB19819861\",\"globalLocationNumber\":\"938 616 339\"},{\"@type\":\"PostalAddress\",\"@id\":\"https:\\\/\\\/recambiosecogas.com\\\/pt-pt\\\/producto\\\/keihin-kn8-rampa-de-inyeccion-de-4-cilindros-42cc-100cc\\\/#local-main-place-address\",\"streetAddress\":\"cami antic de vic, 29 (Nave 3), Pol\u00edgono Industrial Congost\",\"addressLocality\":\"CORRO D`AVALL\",\"postalCode\":\"08520\",\"addressRegion\":\"Barcelona\",\"addressCountry\":\"ES\"},{\"@type\":\"ImageObject\",\"inLanguage\":\"pt-PT\",\"@id\":\"https:\\\/\\\/recambiosecogas.com\\\/pt-pt\\\/producto\\\/keihin-kn8-rampa-de-inyeccion-de-4-cilindros-42cc-100cc\\\/#local-main-organization-logo\",\"url\":\"https:\\\/\\\/recambiosecogas.com\\\/wp-content\\\/uploads\\\/2024\\\/11\\\/cropped-RECAMBIOS-GLP-png.webp\",\"contentUrl\":\"https:\\\/\\\/recambiosecogas.com\\\/wp-content\\\/uploads\\\/2024\\\/11\\\/cropped-RECAMBIOS-GLP-png.webp\",\"width\":512,\"height\":512,\"caption\":\"Recambios EcoGas\"}]}<\/script>\n<meta property=\"og:availability\" content=\"backorder\" \/>\n<meta property=\"product:availability\" content=\"available for order\" \/>\n<meta property=\"product:retailer_item_id\" content=\"108974\" \/>\n<meta property=\"product:condition\" content=\"new\" \/>\n<meta name=\"geo.placename\" content=\"CORRO D`AVALL\" \/>\n<meta name=\"geo.region\" content=\"Espanha\" \/>\n<!-- \/ Yoast SEO Premium plugin. -->","yoast_head_json":{"title":"Rampa de inje\u00e7\u00e3o KN8 de 4 cilindros (52cc\/100cc) \u2013 KEIHIN Prins | Recambios EcoGas | Sistemas GLP y GNC","description":"Rampa Keihin KN8 para 4 cilindros. Injetores de GLP\/GNC de 52cc a 100cc para sistemas Prins VSI. M\u00e1xima precis\u00e3o, durabilidade e homologa\u00e7\u00e3o.","robots":{"index":"index","follow":"follow","max-snippet":"max-snippet:-1","max-image-preview":"max-image-preview:large","max-video-preview":"max-video-preview:-1"},"canonical":"https:\/\/recambiosecogas.com\/pt-pt\/producto\/keihin-kn8-rampa-de-inyeccion-de-4-cilindros-42cc-100cc\/","og_locale":"pt_PT","og_type":"article","og_title":"Rampa de inje\u00e7\u00e3o KN8 de 4 cilindros (52cc\/100cc) \u2013 KEIHIN Prins","og_description":"Rampa Keihin KN8 para 4 cilindros. Injetores de GLP\/GNC de 52cc a 100cc para sistemas Prins VSI. M\u00e1xima precis\u00e3o, durabilidade e homologa\u00e7\u00e3o.","og_url":"https:\/\/recambiosecogas.com\/pt-pt\/producto\/keihin-kn8-rampa-de-inyeccion-de-4-cilindros-42cc-100cc\/","og_site_name":"Recambios EcoGas","article_publisher":"https:\/\/www.facebook.com\/profile.php?id=100062419705358","article_modified_time":"2026-04-15T10:46:59+00:00","og_image":[{"width":1000,"height":1000,"url":"https:\/\/recambiosecogas.com\/wp-content\/uploads\/2024\/12\/Keihin-KN8-rampa-de-inyeccion-de-4-cilindros-42cc-100cc-png.webp","type":"image\/png"}],"twitter_card":"summary_large_image","twitter_misc":{"Disponibilidade":"Por encomenda"},"schema":{"@context":"https:\/\/schema.org","@graph":[{"@type":"WebPage","@id":"https:\/\/recambiosecogas.com\/pt-pt\/producto\/keihin-kn8-rampa-de-inyeccion-de-4-cilindros-42cc-100cc\/","url":"https:\/\/recambiosecogas.com\/pt-pt\/producto\/keihin-kn8-rampa-de-inyeccion-de-4-cilindros-42cc-100cc\/","name":"Rampa de inje\u00e7\u00e3o KN8 de 4 cilindros (52cc\/100cc) \u2013 KEIHIN Prins | Recambios EcoGas | Sistemas GLP y GNC","isPartOf":{"@id":"https:\/\/recambiosecogas.com\/pt-pt\/#website"},"primaryImageOfPage":{"@id":"https:\/\/recambiosecogas.com\/pt-pt\/producto\/keihin-kn8-rampa-de-inyeccion-de-4-cilindros-42cc-100cc\/#primaryimage"},"image":{"@id":"https:\/\/recambiosecogas.com\/pt-pt\/producto\/keihin-kn8-rampa-de-inyeccion-de-4-cilindros-42cc-100cc\/#primaryimage"},"thumbnailUrl":"https:\/\/recambiosecogas.com\/wp-content\/uploads\/2024\/12\/Keihin-KN8-rampa-de-inyeccion-de-4-cilindros-42cc-100cc-png.webp","datePublished":"2024-12-09T10:00:30+00:00","dateModified":"2026-04-15T10:46:59+00:00","description":"Rampa Keihin KN8 para 4 cilindros. Injetores de GLP\/GNC de 52cc a 100cc para sistemas Prins VSI. M\u00e1xima precis\u00e3o, durabilidade e homologa\u00e7\u00e3o.","breadcrumb":{"@id":"https:\/\/recambiosecogas.com\/pt-pt\/producto\/keihin-kn8-rampa-de-inyeccion-de-4-cilindros-42cc-100cc\/#breadcrumb"},"inLanguage":"pt-PT","potentialAction":[{"@type":"ReadAction","target":["https:\/\/recambiosecogas.com\/pt-pt\/producto\/keihin-kn8-rampa-de-inyeccion-de-4-cilindros-42cc-100cc\/"]}]},{"@type":"ImageObject","inLanguage":"pt-PT","@id":"https:\/\/recambiosecogas.com\/pt-pt\/producto\/keihin-kn8-rampa-de-inyeccion-de-4-cilindros-42cc-100cc\/#primaryimage","url":"https:\/\/recambiosecogas.com\/wp-content\/uploads\/2024\/12\/Keihin-KN8-rampa-de-inyeccion-de-4-cilindros-42cc-100cc-png.webp","contentUrl":"https:\/\/recambiosecogas.com\/wp-content\/uploads\/2024\/12\/Keihin-KN8-rampa-de-inyeccion-de-4-cilindros-42cc-100cc-png.webp","width":1000,"height":1000},{"@type":"BreadcrumbList","@id":"https:\/\/recambiosecogas.com\/pt-pt\/producto\/keihin-kn8-rampa-de-inyeccion-de-4-cilindros-42cc-100cc\/#breadcrumb","itemListElement":[{"@type":"ListItem","position":1,"name":"P\u00e1gina inicial","item":"https:\/\/recambiosecogas.com\/pt-pt\/"},{"@type":"ListItem","position":2,"name":"Loja","item":"https:\/\/recambiosecogas.com\/pt-pt\/tienda\/"},{"@type":"ListItem","position":3,"name":"Rampa de inje\u00e7\u00e3o KN8 de 4 cilindros (52cc\/100cc) \u2013 KEIHIN Prins"}]},{"@type":"WebSite","@id":"https:\/\/recambiosecogas.com\/pt-pt\/#website","url":"https:\/\/recambiosecogas.com\/pt-pt\/","name":"Recambios EcoGas","description":"Pe\u00e7as multimarca para sistemas de GPL\/GNC\/GNL\/Hidrog\u00e9nio","publisher":{"@id":"https:\/\/recambiosecogas.com\/pt-pt\/#organization"},"alternateName":"Recambios Autogas GLP","potentialAction":[{"@type":"SearchAction","target":{"@type":"EntryPoint","urlTemplate":"https:\/\/recambiosecogas.com\/pt-pt\/?s={search_term_string}"},"query-input":{"@type":"PropertyValueSpecification","valueRequired":true,"valueName":"search_term_string"}}],"inLanguage":"pt-PT"},{"@type":["Organization","Place"],"@id":"https:\/\/recambiosecogas.com\/pt-pt\/#organization","name":"Recambios EcoGas","alternateName":"Loja de GPL Autog\u00e1s Espanha","url":"https:\/\/recambiosecogas.com\/pt-pt\/","logo":{"@id":"https:\/\/recambiosecogas.com\/pt-pt\/producto\/keihin-kn8-rampa-de-inyeccion-de-4-cilindros-42cc-100cc\/#local-main-organization-logo"},"image":{"@id":"https:\/\/recambiosecogas.com\/pt-pt\/producto\/keihin-kn8-rampa-de-inyeccion-de-4-cilindros-42cc-100cc\/#local-main-organization-logo"},"sameAs":["https:\/\/www.facebook.com\/profile.php?id=100062419705358","https:\/\/www.instagram.com\/segimon_automocio"],"description":"Recambios EcoGas \u2013 Venta y distribuci\u00f3n de sistemas GLP y GNC en Espa\u00f1a y Portugal. Env\u00edos 24 h, soporte t\u00e9cnico a talleres y distribuidores.","hasMerchantReturnPolicy":{"@type":"MerchantReturnPolicy","merchantReturnLink":"https:\/\/recambiosecogas.com\/politicas-privacidad\/"},"address":{"@id":"https:\/\/recambiosecogas.com\/pt-pt\/producto\/keihin-kn8-rampa-de-inyeccion-de-4-cilindros-42cc-100cc\/#local-main-place-address"},"telephone":["616250633"],"contactPoint":{"@type":"ContactPoint","email":"export@recambiosecogas.com"},"openingHoursSpecification":[{"@type":"OpeningHoursSpecification","dayOfWeek":["Monday","Tuesday","Wednesday","Thursday","Friday","Saturday","Sunday"],"opens":"09:00","closes":"17:00"}],"email":"info@recambiosecogas.com","faxNumber":"SEGIMON AUTOMOCION SL","vatID":"ESB19819861","globalLocationNumber":"938 616 339"},{"@type":"PostalAddress","@id":"https:\/\/recambiosecogas.com\/pt-pt\/producto\/keihin-kn8-rampa-de-inyeccion-de-4-cilindros-42cc-100cc\/#local-main-place-address","streetAddress":"cami antic de vic, 29 (Nave 3), Pol\u00edgono Industrial Congost","addressLocality":"CORRO D`AVALL","postalCode":"08520","addressRegion":"Barcelona","addressCountry":"ES"},{"@type":"ImageObject","inLanguage":"pt-PT","@id":"https:\/\/recambiosecogas.com\/pt-pt\/producto\/keihin-kn8-rampa-de-inyeccion-de-4-cilindros-42cc-100cc\/#local-main-organization-logo","url":"https:\/\/recambiosecogas.com\/wp-content\/uploads\/2024\/11\/cropped-RECAMBIOS-GLP-png.webp","contentUrl":"https:\/\/recambiosecogas.com\/wp-content\/uploads\/2024\/11\/cropped-RECAMBIOS-GLP-png.webp","width":512,"height":512,"caption":"Recambios EcoGas"}]},"og_availability":"backorder","product_availability":"available for order","product_retailer_item_id":"108974","product_condition":"new","geo.placename":"CORRO D`AVALL","geo.region":"Espanha"},"uagb_featured_image_src":{"full":["https:\/\/recambiosecogas.com\/wp-content\/uploads\/2024\/12\/Keihin-KN8-rampa-de-inyeccion-de-4-cilindros-42cc-100cc-png.webp",1000,1000,false],"thumbnail":["https:\/\/recambiosecogas.com\/wp-content\/uploads\/2024\/12\/Keihin-KN8-rampa-de-inyeccion-de-4-cilindros-42cc-100cc-150x150.webp",150,150,true],"medium":["https:\/\/recambiosecogas.com\/wp-content\/uploads\/2024\/12\/Keihin-KN8-rampa-de-inyeccion-de-4-cilindros-42cc-100cc-300x300.webp",300,300,true],"medium_large":["https:\/\/recambiosecogas.com\/wp-content\/uploads\/2024\/12\/Keihin-KN8-rampa-de-inyeccion-de-4-cilindros-42cc-100cc-768x768.webp",768,768,true],"large":["https:\/\/recambiosecogas.com\/wp-content\/uploads\/2024\/12\/Keihin-KN8-rampa-de-inyeccion-de-4-cilindros-42cc-100cc-png.webp",1000,1000,false],"1536x1536":["https:\/\/recambiosecogas.com\/wp-content\/uploads\/2024\/12\/Keihin-KN8-rampa-de-inyeccion-de-4-cilindros-42cc-100cc-png.webp",1000,1000,false],"2048x2048":["https:\/\/recambiosecogas.com\/wp-content\/uploads\/2024\/12\/Keihin-KN8-rampa-de-inyeccion-de-4-cilindros-42cc-100cc-png.webp",1000,1000,false],"woocommerce_archive_thumbnail":["https:\/\/recambiosecogas.com\/wp-content\/uploads\/2024\/12\/Keihin-KN8-rampa-de-inyeccion-de-4-cilindros-42cc-100cc-png.webp",1000,1000,false],"woocommerce_thumbnail":["https:\/\/recambiosecogas.com\/wp-content\/uploads\/2024\/12\/Keihin-KN8-rampa-de-inyeccion-de-4-cilindros-42cc-100cc-png-300x300.webp",300,300,true],"woocommerce_single":["https:\/\/recambiosecogas.com\/wp-content\/uploads\/2024\/12\/Keihin-KN8-rampa-de-inyeccion-de-4-cilindros-42cc-100cc-png.webp",1000,1000,false],"woocommerce_gallery_thumbnail":["https:\/\/recambiosecogas.com\/wp-content\/uploads\/2024\/12\/Keihin-KN8-rampa-de-inyeccion-de-4-cilindros-42cc-100cc-png.webp",1000,1000,false],"dgwt-wcas-product-suggestion":["https:\/\/recambiosecogas.com\/wp-content\/uploads\/2024\/12\/Keihin-KN8-rampa-de-inyeccion-de-4-cilindros-42cc-100cc-png-64x64.webp",64,64,true]},"uagb_author_info":{"display_name":"Fran - Soporte T\u00e9cnico","author_link":"https:\/\/recambiosecogas.com\/pt-pt\/author\/"},"uagb_comment_info":0,"uagb_excerpt":"APROVA\u00c7\u00c3O -Barra: E4 67R-01 0093-Injetor : E4 67R-01 0092","_links":{"self":[{"href":"https:\/\/recambiosecogas.com\/pt-pt\/wp-json\/wp\/v2\/product\/47972","targetHints":{"allow":["GET"]}}],"collection":[{"href":"https:\/\/recambiosecogas.com\/pt-pt\/wp-json\/wp\/v2\/product"}],"about":[{"href":"https:\/\/recambiosecogas.com\/pt-pt\/wp-json\/wp\/v2\/types\/product"}],"replies":[{"embeddable":true,"href":"https:\/\/recambiosecogas.com\/pt-pt\/wp-json\/wp\/v2\/comments?post=47972"}],"wp:featuredmedia":[{"embeddable":true,"href":"https:\/\/recambiosecogas.com\/pt-pt\/wp-json\/wp\/v2\/media\/8973"}],"wp:attachment":[{"href":"https:\/\/recambiosecogas.com\/pt-pt\/wp-json\/wp\/v2\/media?parent=47972"}],"wp:term":[{"taxonomy":"product_brand","embeddable":true,"href":"https:\/\/recambiosecogas.com\/pt-pt\/wp-json\/wp\/v2\/product_brand?post=47972"},{"taxonomy":"product_cat","embeddable":true,"href":"https:\/\/recambiosecogas.com\/pt-pt\/wp-json\/wp\/v2\/product_cat?post=47972"},{"taxonomy":"product_tag","embeddable":true,"href":"https:\/\/recambiosecogas.com\/pt-pt\/wp-json\/wp\/v2\/product_tag?post=47972"}],"curies":[{"name":"wp","href":"https:\/\/api.w.org\/{rel}","templated":true}]}}