{"id":47951,"date":"2024-12-09T09:46:26","date_gmt":"2024-12-09T09:46:26","guid":{"rendered":"https:\/\/recambiosecogas.com\/producto\/landi-renzo-girs12-rampa-de-inyeccion-de-4-cilindros-m-negro-con-sensor-de-35-bar\/"},"modified":"2026-04-15T11:46:49","modified_gmt":"2026-04-15T10:46:49","slug":"landi-renzo-girs12-rampa-de-inyeccion-de-4-cilindros-m-negro-con-sensor-de-35-bar","status":"publish","type":"product","link":"https:\/\/recambiosecogas.com\/pt-pt\/producto\/landi-renzo-girs12-rampa-de-inyeccion-de-4-cilindros-m-negro-con-sensor-de-35-bar\/","title":{"rendered":"Rampa de inje\u00e7\u00e3o Landi Renzo GIRS12 de 4 cilindros com sensor de 3,5 bar"},"content":{"rendered":"<h3 class=\"\" style=\"text-align: center;\" data-start=\"122\" data-end=\"210\">Rampa de inje\u00e7\u00e3o M de 4 cilindros Landi Renzo GIRS12 (preta) com sensor de 3,5 bar<\/h3>\n<p class=\"\" data-start=\"212\" data-end=\"654\">A rampa de inje\u00e7\u00e3o Landi Renzo GIRS12 de 4 cilindros na vers\u00e3o M (preto) com sensor de press\u00e3o de 3,5 bar foi concebida para sistemas a GPL e GNC, oferecendo desempenho fi\u00e1vel e preciso em motores de m\u00e9dia cilindrada. Esta vers\u00e3o espec\u00edfica \u00e9 compat\u00edvel com ve\u00edculos como o Dacia Dokker 1.6 e com sistemas do grupo RSA tipo PTB AM, garantindo integra\u00e7\u00e3o perfeita e opera\u00e7\u00e3o eficiente do sistema de energia. <\/p>\n<p class=\"\" data-start=\"656\" data-end=\"1152\">Os injetores GIRS12 s\u00e3o a mais recente evolu\u00e7\u00e3o tecnol\u00f3gica da Landi Renzo, concebidos para oferecer uma inje\u00e7\u00e3o de g\u00e1s controlada, est\u00e1vel e eficiente. Gra\u00e7as ao seu sensor de press\u00e3o incorporado, permite ajustar dinamicamente a quantidade de gasolina fornecida ao motor, otimizando assim o desempenho e reduzindo as emiss\u00f5es. A vers\u00e3o M \u00e9 recomendada para cilindros que requerem entre 22 e 29 KW de pot\u00eancia por cilindro, tornando-a ideal para uma grande variedade de ve\u00edculos a GPL\/GNC.  <\/p>\n<p class=\"\" data-start=\"1154\" data-end=\"1498\">Constru\u00edda com materiais dur\u00e1veis e tecnologia de alta precis\u00e3o, esta rampa de inje\u00e7\u00e3o garante uma longa vida \u00fatil e desempenho consistente, mesmo em condi\u00e7\u00f5es de uso intensivo. \u00c9 a escolha perfeita tanto para novas instala\u00e7\u00f5es como para substitui\u00e7\u00f5es em sistemas Landi Renzo que exigem total fiabilidade e compatibilidade. <\/p>\n<p class=\"\" data-start=\"1500\" data-end=\"1642\">N\u00e3o se esque\u00e7a de verificar a vers\u00e3o correta (XXS, XS, S, M ou L) de acordo com a pot\u00eancia por cilindro do seu motor para garantir um desempenho \u00f3timo.<\/p>\n<hr class=\"\" data-start=\"1644\" data-end=\"1647\">\n<p class=\"\" data-start=\"1649\" data-end=\"1677\"><strong data-start=\"1649\" data-end=\"1677\">Especifica\u00e7\u00f5es<\/strong><\/p>\n<div class=\"pointer-events-none relative left-[50%]! flex w-[100cqw] translate-x-[-50%] justify-center *:pointer-events-auto\">\n<div class=\"tableContainer horzScrollShadows group relative\">\n<p>&nbsp;<\/p>\n<table class=\"min-w-full\" data-start=\"1679\" data-end=\"2508\">\n<thead data-start=\"1679\" data-end=\"1762\">\n<tr data-start=\"1679\" data-end=\"1762\">\n<th data-start=\"1679\" data-end=\"1713\">Destaque<\/th>\n<th data-start=\"1713\" data-end=\"1762\">Especifica\u00e7\u00f5es<\/th>\n<\/tr>\n<\/thead>\n<tbody data-start=\"1846\" data-end=\"2508\">\n<tr data-start=\"1846\" data-end=\"1928\">\n<td class=\"max-w-[calc(var(--thread-content-max-width)*2\/3)]\" data-start=\"1846\" data-end=\"1879\">Vers\u00e3o<\/td>\n<td class=\"max-w-[calc(var(--thread-content-max-width)*2\/3)]\" data-start=\"1879\" data-end=\"1928\">GIRS12 M (preto)<\/td>\n<\/tr>\n<tr data-start=\"1929\" data-end=\"2011\">\n<td class=\"max-w-[calc(var(--thread-content-max-width)*2\/3)]\" data-start=\"1929\" data-end=\"1962\">N\u00famero de cilindros<\/td>\n<td class=\"max-w-[calc(var(--thread-content-max-width)*2\/3)]\" data-start=\"1962\" data-end=\"2011\">4<\/td>\n<\/tr>\n<tr data-start=\"2012\" data-end=\"2094\">\n<td class=\"max-w-[calc(var(--thread-content-max-width)*2\/3)]\" data-start=\"2012\" data-end=\"2045\">Com sensor de press\u00e3o<\/td>\n<td class=\"max-w-[calc(var(--thread-content-max-width)*2\/3)]\" data-start=\"2045\" data-end=\"2094\">Sim (3,5 bar)<\/td>\n<\/tr>\n<tr data-start=\"2095\" data-end=\"2177\">\n<td class=\"max-w-[calc(var(--thread-content-max-width)*2\/3)]\" data-start=\"2095\" data-end=\"2128\">Compat\u00edvel com<\/td>\n<td class=\"max-w-[calc(var(--thread-content-max-width)*2\/3)] min-w-[calc(var(--thread-content-max-width)\/3)]\" data-start=\"2128\" data-end=\"2177\">Dacia Dokker 1.6, Grupo Renault\/Nissan\/Dacia<\/td>\n<\/tr>\n<tr data-start=\"2178\" data-end=\"2260\">\n<td class=\"max-w-[calc(var(--thread-content-max-width)*2\/3)]\" data-start=\"2178\" data-end=\"2211\">Tipo de Conector<\/td>\n<td class=\"max-w-[calc(var(--thread-content-max-width)*2\/3)]\" data-start=\"2211\" data-end=\"2260\">Maldito Anti-Mago<\/td>\n<\/tr>\n<tr data-start=\"2261\" data-end=\"2343\">\n<td class=\"max-w-[calc(var(--thread-content-max-width)*2\/3)]\" data-start=\"2261\" data-end=\"2294\">N\u00famero de pe\u00e7a Landi Renzo<\/td>\n<td class=\"max-w-[calc(var(--thread-content-max-width)*2\/3)]\" data-start=\"2294\" data-end=\"2343\">238000131<\/td>\n<\/tr>\n<tr data-start=\"2344\" data-end=\"2426\">\nTipo <\/p>\n<td class=\"max-w-[calc(var(--thread-content-max-width)*2\/3)]\" data-start=\"2344\" data-end=\"2377\">de G\u00e1s<\/td>\n<td class=\"max-w-[calc(var(--thread-content-max-width)*2\/3)]\" data-start=\"2377\" data-end=\"2426\">GLP \/ GNC<\/td>\n<\/tr>\n<tr data-start=\"2427\" data-end=\"2508\">\n<td class=\"max-w-[calc(var(--thread-content-max-width)*2\/3)]\" data-start=\"2427\" data-end=\"2463\">Pot\u00eancia recomendada<\/td>\n<p> por cilindro<\/p>\n<td class=\"max-w-[calc(var(--thread-content-max-width)*2\/3)]\" data-start=\"2463\" data-end=\"2508\">22 &#8211; 29 KW<\/td>\n<\/tr>\n<\/tbody>\n<\/table>\n<p><a href=\"https:\/\/recambiosecogas.com\/pt-pt\/categoria-produto\/injecao\/injetores-rail\/\">O nosso cat\u00e1logo de injetores.<\/a><\/p>\n<p><a href=\"https:\/\/segimonautomocio.com\/\">Mude os seus injetores na nossa oficina especializada.<\/a><\/p>\n<\/div>\n<\/div>\n","protected":false},"excerpt":{"rendered":"<p>LANDI RENZO<\/p>\n","protected":false},"featured_media":12338,"comment_status":"open","ping_status":"closed","template":"","meta":{"_uag_custom_page_level_css":""},"product_brand":[],"product_cat":[1597,1740,1601],"product_tag":[1103,1215,1248],"class_list":{"0":"post-47951","1":"product","2":"type-product","3":"status-publish","4":"has-post-thumbnail","6":"product_cat-injetores-rail","7":"product_cat-landirenzo-pt-pt","8":"product_cat-rail-riel","9":"product_tag-4-cilindros-pt-pt","10":"product_tag-girs12-pt-pt","11":"product_tag-sensor-de-pressao-incluido","13":"first","14":"onbackorder","15":"taxable","16":"shipping-taxable","17":"purchasable","18":"product-type-simple"},"ct_brands":[],"yoast_head":"<!-- This site is optimized with the Yoast SEO Premium plugin v27.4 (Yoast SEO v27.5) - https:\/\/yoast.com\/product\/yoast-seo-premium-wordpress\/ -->\n<title>Rampa de inje\u00e7\u00e3o Landi Renzo GIRS12 de 4 cilindros com sensor de 3,5 bar | Recambios EcoGas | Sistemas GLP y GNC<\/title>\n<meta name=\"description\" content=\"Descubra a vers\u00e3o Landi Renzo GIRS12 de 4 cilindros com rampa de inje\u00e7\u00e3o M e sensor de 3,5 bar, ideal para sistemas de GPL e GNC em ve\u00edculos como o Dacia Dokker 1.6. Desempenho e precis\u00e3o garantidos.\" \/>\n<meta name=\"robots\" content=\"index, follow, max-snippet:-1, max-image-preview:large, max-video-preview:-1\" \/>\n<link rel=\"canonical\" href=\"https:\/\/recambiosecogas.com\/pt-pt\/producto\/landi-renzo-girs12-rampa-de-inyeccion-de-4-cilindros-m-negro-con-sensor-de-35-bar\/\" \/>\n<meta property=\"og:locale\" content=\"pt_PT\" \/>\n<meta property=\"og:type\" content=\"article\" \/>\n<meta property=\"og:title\" content=\"Rampa de inje\u00e7\u00e3o Landi Renzo GIRS12 de 4 cilindros com sensor de 3,5 bar\" \/>\n<meta property=\"og:description\" content=\"Descubra a vers\u00e3o Landi Renzo GIRS12 de 4 cilindros com rampa de inje\u00e7\u00e3o M e sensor de 3,5 bar, ideal para sistemas de GPL e GNC em ve\u00edculos como o Dacia Dokker 1.6. Desempenho e precis\u00e3o garantidos.\" \/>\n<meta property=\"og:url\" content=\"https:\/\/recambiosecogas.com\/pt-pt\/producto\/landi-renzo-girs12-rampa-de-inyeccion-de-4-cilindros-m-negro-con-sensor-de-35-bar\/\" \/>\n<meta property=\"og:site_name\" content=\"Recambios EcoGas\" \/>\n<meta property=\"article:publisher\" content=\"https:\/\/www.facebook.com\/profile.php?id=100062419705358\" \/>\n<meta property=\"article:modified_time\" content=\"2026-04-15T10:46:49+00:00\" \/>\n<meta property=\"og:image\" content=\"https:\/\/recambiosecogas.com\/wp-content\/uploads\/2024\/12\/Inyector-de-GLP-Landi-Renzo-GIRS-4-Cyl-png.webp\" \/>\n\t<meta property=\"og:image:width\" content=\"1000\" \/>\n\t<meta property=\"og:image:height\" content=\"1000\" \/>\n\t<meta property=\"og:image:type\" content=\"image\/png\" \/>\n<meta name=\"twitter:card\" content=\"summary_large_image\" \/>\n<meta name=\"twitter:label1\" content=\"pre\u00e7o\" \/>\n\t<meta name=\"twitter:data1\" content=\"223,35&nbsp;&euro; (Sin IVA: 184,59&nbsp;&euro;)\" \/>\n\t<meta name=\"twitter:label2\" content=\"Disponibilidade\" \/>\n\t<meta name=\"twitter:data2\" content=\"Por encomenda\" \/>\n<script type=\"application\/ld+json\" class=\"yoast-schema-graph\">{\"@context\":\"https:\\\/\\\/schema.org\",\"@graph\":[{\"@type\":\"WebPage\",\"@id\":\"https:\\\/\\\/recambiosecogas.com\\\/pt-pt\\\/producto\\\/landi-renzo-girs12-rampa-de-inyeccion-de-4-cilindros-m-negro-con-sensor-de-35-bar\\\/\",\"url\":\"https:\\\/\\\/recambiosecogas.com\\\/pt-pt\\\/producto\\\/landi-renzo-girs12-rampa-de-inyeccion-de-4-cilindros-m-negro-con-sensor-de-35-bar\\\/\",\"name\":\"Rampa de inje\u00e7\u00e3o Landi Renzo GIRS12 de 4 cilindros com sensor de 3,5 bar | Recambios EcoGas | Sistemas GLP y GNC\",\"isPartOf\":{\"@id\":\"https:\\\/\\\/recambiosecogas.com\\\/pt-pt\\\/#website\"},\"primaryImageOfPage\":{\"@id\":\"https:\\\/\\\/recambiosecogas.com\\\/pt-pt\\\/producto\\\/landi-renzo-girs12-rampa-de-inyeccion-de-4-cilindros-m-negro-con-sensor-de-35-bar\\\/#primaryimage\"},\"image\":{\"@id\":\"https:\\\/\\\/recambiosecogas.com\\\/pt-pt\\\/producto\\\/landi-renzo-girs12-rampa-de-inyeccion-de-4-cilindros-m-negro-con-sensor-de-35-bar\\\/#primaryimage\"},\"thumbnailUrl\":\"https:\\\/\\\/recambiosecogas.com\\\/wp-content\\\/uploads\\\/2024\\\/12\\\/Inyector-de-GLP-Landi-Renzo-GIRS-4-Cyl-png.webp\",\"datePublished\":\"2024-12-09T09:46:26+00:00\",\"dateModified\":\"2026-04-15T10:46:49+00:00\",\"description\":\"Descubra a vers\u00e3o Landi Renzo GIRS12 de 4 cilindros com rampa de inje\u00e7\u00e3o M e sensor de 3,5 bar, ideal para sistemas de GPL e GNC em ve\u00edculos como o Dacia Dokker 1.6. Desempenho e precis\u00e3o garantidos.\",\"breadcrumb\":{\"@id\":\"https:\\\/\\\/recambiosecogas.com\\\/pt-pt\\\/producto\\\/landi-renzo-girs12-rampa-de-inyeccion-de-4-cilindros-m-negro-con-sensor-de-35-bar\\\/#breadcrumb\"},\"inLanguage\":\"pt-PT\",\"potentialAction\":[{\"@type\":\"ReadAction\",\"target\":[\"https:\\\/\\\/recambiosecogas.com\\\/pt-pt\\\/producto\\\/landi-renzo-girs12-rampa-de-inyeccion-de-4-cilindros-m-negro-con-sensor-de-35-bar\\\/\"]}]},{\"@type\":\"ImageObject\",\"inLanguage\":\"pt-PT\",\"@id\":\"https:\\\/\\\/recambiosecogas.com\\\/pt-pt\\\/producto\\\/landi-renzo-girs12-rampa-de-inyeccion-de-4-cilindros-m-negro-con-sensor-de-35-bar\\\/#primaryimage\",\"url\":\"https:\\\/\\\/recambiosecogas.com\\\/wp-content\\\/uploads\\\/2024\\\/12\\\/Inyector-de-GLP-Landi-Renzo-GIRS-4-Cyl-png.webp\",\"contentUrl\":\"https:\\\/\\\/recambiosecogas.com\\\/wp-content\\\/uploads\\\/2024\\\/12\\\/Inyector-de-GLP-Landi-Renzo-GIRS-4-Cyl-png.webp\",\"width\":1000,\"height\":1000},{\"@type\":\"BreadcrumbList\",\"@id\":\"https:\\\/\\\/recambiosecogas.com\\\/pt-pt\\\/producto\\\/landi-renzo-girs12-rampa-de-inyeccion-de-4-cilindros-m-negro-con-sensor-de-35-bar\\\/#breadcrumb\",\"itemListElement\":[{\"@type\":\"ListItem\",\"position\":1,\"name\":\"P\u00e1gina inicial\",\"item\":\"https:\\\/\\\/recambiosecogas.com\\\/pt-pt\\\/\"},{\"@type\":\"ListItem\",\"position\":2,\"name\":\"Loja\",\"item\":\"https:\\\/\\\/recambiosecogas.com\\\/pt-pt\\\/tienda\\\/\"},{\"@type\":\"ListItem\",\"position\":3,\"name\":\"Rampa de inje\u00e7\u00e3o Landi Renzo GIRS12 de 4 cilindros com sensor de 3,5 bar\"}]},{\"@type\":\"WebSite\",\"@id\":\"https:\\\/\\\/recambiosecogas.com\\\/pt-pt\\\/#website\",\"url\":\"https:\\\/\\\/recambiosecogas.com\\\/pt-pt\\\/\",\"name\":\"Recambios EcoGas\",\"description\":\"Pe\u00e7as multimarca para sistemas de GPL\\\/GNC\\\/GNL\\\/Hidrog\u00e9nio\",\"publisher\":{\"@id\":\"https:\\\/\\\/recambiosecogas.com\\\/pt-pt\\\/#organization\"},\"alternateName\":\"Recambios Autogas GLP\",\"potentialAction\":[{\"@type\":\"SearchAction\",\"target\":{\"@type\":\"EntryPoint\",\"urlTemplate\":\"https:\\\/\\\/recambiosecogas.com\\\/pt-pt\\\/?s={search_term_string}\"},\"query-input\":{\"@type\":\"PropertyValueSpecification\",\"valueRequired\":true,\"valueName\":\"search_term_string\"}}],\"inLanguage\":\"pt-PT\"},{\"@type\":[\"Organization\",\"Place\"],\"@id\":\"https:\\\/\\\/recambiosecogas.com\\\/pt-pt\\\/#organization\",\"name\":\"Recambios EcoGas\",\"alternateName\":\"Loja de GPL Autog\u00e1s Espanha\",\"url\":\"https:\\\/\\\/recambiosecogas.com\\\/pt-pt\\\/\",\"logo\":{\"@id\":\"https:\\\/\\\/recambiosecogas.com\\\/pt-pt\\\/producto\\\/landi-renzo-girs12-rampa-de-inyeccion-de-4-cilindros-m-negro-con-sensor-de-35-bar\\\/#local-main-organization-logo\"},\"image\":{\"@id\":\"https:\\\/\\\/recambiosecogas.com\\\/pt-pt\\\/producto\\\/landi-renzo-girs12-rampa-de-inyeccion-de-4-cilindros-m-negro-con-sensor-de-35-bar\\\/#local-main-organization-logo\"},\"sameAs\":[\"https:\\\/\\\/www.facebook.com\\\/profile.php?id=100062419705358\",\"https:\\\/\\\/www.instagram.com\\\/segimon_automocio\"],\"description\":\"Recambios EcoGas \u2013 Venta y distribuci\u00f3n de sistemas GLP y GNC en Espa\u00f1a y Portugal. Env\u00edos 24 h, soporte t\u00e9cnico a talleres y distribuidores.\",\"hasMerchantReturnPolicy\":{\"@type\":\"MerchantReturnPolicy\",\"merchantReturnLink\":\"https:\\\/\\\/recambiosecogas.com\\\/politicas-privacidad\\\/\"},\"address\":{\"@id\":\"https:\\\/\\\/recambiosecogas.com\\\/pt-pt\\\/producto\\\/landi-renzo-girs12-rampa-de-inyeccion-de-4-cilindros-m-negro-con-sensor-de-35-bar\\\/#local-main-place-address\"},\"telephone\":[\"616250633\"],\"contactPoint\":{\"@type\":\"ContactPoint\",\"email\":\"export@recambiosecogas.com\"},\"openingHoursSpecification\":[{\"@type\":\"OpeningHoursSpecification\",\"dayOfWeek\":[\"Monday\",\"Tuesday\",\"Wednesday\",\"Thursday\",\"Friday\",\"Saturday\",\"Sunday\"],\"opens\":\"09:00\",\"closes\":\"17:00\"}],\"email\":\"info@recambiosecogas.com\",\"faxNumber\":\"SEGIMON AUTOMOCION SL\",\"vatID\":\"ESB19819861\",\"globalLocationNumber\":\"938 616 339\"},{\"@type\":\"PostalAddress\",\"@id\":\"https:\\\/\\\/recambiosecogas.com\\\/pt-pt\\\/producto\\\/landi-renzo-girs12-rampa-de-inyeccion-de-4-cilindros-m-negro-con-sensor-de-35-bar\\\/#local-main-place-address\",\"streetAddress\":\"cami antic de vic, 29 (Nave 3), Pol\u00edgono Industrial Congost\",\"addressLocality\":\"CORRO D`AVALL\",\"postalCode\":\"08520\",\"addressRegion\":\"Barcelona\",\"addressCountry\":\"ES\"},{\"@type\":\"ImageObject\",\"inLanguage\":\"pt-PT\",\"@id\":\"https:\\\/\\\/recambiosecogas.com\\\/pt-pt\\\/producto\\\/landi-renzo-girs12-rampa-de-inyeccion-de-4-cilindros-m-negro-con-sensor-de-35-bar\\\/#local-main-organization-logo\",\"url\":\"https:\\\/\\\/recambiosecogas.com\\\/wp-content\\\/uploads\\\/2024\\\/11\\\/cropped-RECAMBIOS-GLP-png.webp\",\"contentUrl\":\"https:\\\/\\\/recambiosecogas.com\\\/wp-content\\\/uploads\\\/2024\\\/11\\\/cropped-RECAMBIOS-GLP-png.webp\",\"width\":512,\"height\":512,\"caption\":\"Recambios EcoGas\"}]}<\/script>\n<meta property=\"product:price:amount\" content=\"223.35\" \/>\n<meta property=\"product:price:currency\" content=\"EUR\" \/>\n<meta property=\"og:availability\" content=\"backorder\" \/>\n<meta property=\"product:availability\" content=\"available for order\" \/>\n<meta property=\"product:retailer_item_id\" content=\"124648A\" \/>\n<meta property=\"product:condition\" content=\"new\" \/>\n<meta name=\"geo.placename\" content=\"CORRO D`AVALL\" \/>\n<meta name=\"geo.region\" content=\"Espanha\" \/>\n<!-- \/ Yoast SEO Premium plugin. -->","yoast_head_json":{"title":"Rampa de inje\u00e7\u00e3o Landi Renzo GIRS12 de 4 cilindros com sensor de 3,5 bar | Recambios EcoGas | Sistemas GLP y GNC","description":"Descubra a vers\u00e3o Landi Renzo GIRS12 de 4 cilindros com rampa de inje\u00e7\u00e3o M e sensor de 3,5 bar, ideal para sistemas de GPL e GNC em ve\u00edculos como o Dacia Dokker 1.6. Desempenho e precis\u00e3o garantidos.","robots":{"index":"index","follow":"follow","max-snippet":"max-snippet:-1","max-image-preview":"max-image-preview:large","max-video-preview":"max-video-preview:-1"},"canonical":"https:\/\/recambiosecogas.com\/pt-pt\/producto\/landi-renzo-girs12-rampa-de-inyeccion-de-4-cilindros-m-negro-con-sensor-de-35-bar\/","og_locale":"pt_PT","og_type":"article","og_title":"Rampa de inje\u00e7\u00e3o Landi Renzo GIRS12 de 4 cilindros com sensor de 3,5 bar","og_description":"Descubra a vers\u00e3o Landi Renzo GIRS12 de 4 cilindros com rampa de inje\u00e7\u00e3o M e sensor de 3,5 bar, ideal para sistemas de GPL e GNC em ve\u00edculos como o Dacia Dokker 1.6. Desempenho e precis\u00e3o garantidos.","og_url":"https:\/\/recambiosecogas.com\/pt-pt\/producto\/landi-renzo-girs12-rampa-de-inyeccion-de-4-cilindros-m-negro-con-sensor-de-35-bar\/","og_site_name":"Recambios EcoGas","article_publisher":"https:\/\/www.facebook.com\/profile.php?id=100062419705358","article_modified_time":"2026-04-15T10:46:49+00:00","og_image":[{"width":1000,"height":1000,"url":"https:\/\/recambiosecogas.com\/wp-content\/uploads\/2024\/12\/Inyector-de-GLP-Landi-Renzo-GIRS-4-Cyl-png.webp","type":"image\/png"}],"twitter_card":"summary_large_image","twitter_misc":{"pre\u00e7o":"223,35&nbsp;&euro; (Sin IVA: 184,59&nbsp;&euro;)","Disponibilidade":"Por encomenda"},"schema":{"@context":"https:\/\/schema.org","@graph":[{"@type":"WebPage","@id":"https:\/\/recambiosecogas.com\/pt-pt\/producto\/landi-renzo-girs12-rampa-de-inyeccion-de-4-cilindros-m-negro-con-sensor-de-35-bar\/","url":"https:\/\/recambiosecogas.com\/pt-pt\/producto\/landi-renzo-girs12-rampa-de-inyeccion-de-4-cilindros-m-negro-con-sensor-de-35-bar\/","name":"Rampa de inje\u00e7\u00e3o Landi Renzo GIRS12 de 4 cilindros com sensor de 3,5 bar | Recambios EcoGas | Sistemas GLP y GNC","isPartOf":{"@id":"https:\/\/recambiosecogas.com\/pt-pt\/#website"},"primaryImageOfPage":{"@id":"https:\/\/recambiosecogas.com\/pt-pt\/producto\/landi-renzo-girs12-rampa-de-inyeccion-de-4-cilindros-m-negro-con-sensor-de-35-bar\/#primaryimage"},"image":{"@id":"https:\/\/recambiosecogas.com\/pt-pt\/producto\/landi-renzo-girs12-rampa-de-inyeccion-de-4-cilindros-m-negro-con-sensor-de-35-bar\/#primaryimage"},"thumbnailUrl":"https:\/\/recambiosecogas.com\/wp-content\/uploads\/2024\/12\/Inyector-de-GLP-Landi-Renzo-GIRS-4-Cyl-png.webp","datePublished":"2024-12-09T09:46:26+00:00","dateModified":"2026-04-15T10:46:49+00:00","description":"Descubra a vers\u00e3o Landi Renzo GIRS12 de 4 cilindros com rampa de inje\u00e7\u00e3o M e sensor de 3,5 bar, ideal para sistemas de GPL e GNC em ve\u00edculos como o Dacia Dokker 1.6. Desempenho e precis\u00e3o garantidos.","breadcrumb":{"@id":"https:\/\/recambiosecogas.com\/pt-pt\/producto\/landi-renzo-girs12-rampa-de-inyeccion-de-4-cilindros-m-negro-con-sensor-de-35-bar\/#breadcrumb"},"inLanguage":"pt-PT","potentialAction":[{"@type":"ReadAction","target":["https:\/\/recambiosecogas.com\/pt-pt\/producto\/landi-renzo-girs12-rampa-de-inyeccion-de-4-cilindros-m-negro-con-sensor-de-35-bar\/"]}]},{"@type":"ImageObject","inLanguage":"pt-PT","@id":"https:\/\/recambiosecogas.com\/pt-pt\/producto\/landi-renzo-girs12-rampa-de-inyeccion-de-4-cilindros-m-negro-con-sensor-de-35-bar\/#primaryimage","url":"https:\/\/recambiosecogas.com\/wp-content\/uploads\/2024\/12\/Inyector-de-GLP-Landi-Renzo-GIRS-4-Cyl-png.webp","contentUrl":"https:\/\/recambiosecogas.com\/wp-content\/uploads\/2024\/12\/Inyector-de-GLP-Landi-Renzo-GIRS-4-Cyl-png.webp","width":1000,"height":1000},{"@type":"BreadcrumbList","@id":"https:\/\/recambiosecogas.com\/pt-pt\/producto\/landi-renzo-girs12-rampa-de-inyeccion-de-4-cilindros-m-negro-con-sensor-de-35-bar\/#breadcrumb","itemListElement":[{"@type":"ListItem","position":1,"name":"P\u00e1gina inicial","item":"https:\/\/recambiosecogas.com\/pt-pt\/"},{"@type":"ListItem","position":2,"name":"Loja","item":"https:\/\/recambiosecogas.com\/pt-pt\/tienda\/"},{"@type":"ListItem","position":3,"name":"Rampa de inje\u00e7\u00e3o Landi Renzo GIRS12 de 4 cilindros com sensor de 3,5 bar"}]},{"@type":"WebSite","@id":"https:\/\/recambiosecogas.com\/pt-pt\/#website","url":"https:\/\/recambiosecogas.com\/pt-pt\/","name":"Recambios EcoGas","description":"Pe\u00e7as multimarca para sistemas de GPL\/GNC\/GNL\/Hidrog\u00e9nio","publisher":{"@id":"https:\/\/recambiosecogas.com\/pt-pt\/#organization"},"alternateName":"Recambios Autogas GLP","potentialAction":[{"@type":"SearchAction","target":{"@type":"EntryPoint","urlTemplate":"https:\/\/recambiosecogas.com\/pt-pt\/?s={search_term_string}"},"query-input":{"@type":"PropertyValueSpecification","valueRequired":true,"valueName":"search_term_string"}}],"inLanguage":"pt-PT"},{"@type":["Organization","Place"],"@id":"https:\/\/recambiosecogas.com\/pt-pt\/#organization","name":"Recambios EcoGas","alternateName":"Loja de GPL Autog\u00e1s Espanha","url":"https:\/\/recambiosecogas.com\/pt-pt\/","logo":{"@id":"https:\/\/recambiosecogas.com\/pt-pt\/producto\/landi-renzo-girs12-rampa-de-inyeccion-de-4-cilindros-m-negro-con-sensor-de-35-bar\/#local-main-organization-logo"},"image":{"@id":"https:\/\/recambiosecogas.com\/pt-pt\/producto\/landi-renzo-girs12-rampa-de-inyeccion-de-4-cilindros-m-negro-con-sensor-de-35-bar\/#local-main-organization-logo"},"sameAs":["https:\/\/www.facebook.com\/profile.php?id=100062419705358","https:\/\/www.instagram.com\/segimon_automocio"],"description":"Recambios EcoGas \u2013 Venta y distribuci\u00f3n de sistemas GLP y GNC en Espa\u00f1a y Portugal. Env\u00edos 24 h, soporte t\u00e9cnico a talleres y distribuidores.","hasMerchantReturnPolicy":{"@type":"MerchantReturnPolicy","merchantReturnLink":"https:\/\/recambiosecogas.com\/politicas-privacidad\/"},"address":{"@id":"https:\/\/recambiosecogas.com\/pt-pt\/producto\/landi-renzo-girs12-rampa-de-inyeccion-de-4-cilindros-m-negro-con-sensor-de-35-bar\/#local-main-place-address"},"telephone":["616250633"],"contactPoint":{"@type":"ContactPoint","email":"export@recambiosecogas.com"},"openingHoursSpecification":[{"@type":"OpeningHoursSpecification","dayOfWeek":["Monday","Tuesday","Wednesday","Thursday","Friday","Saturday","Sunday"],"opens":"09:00","closes":"17:00"}],"email":"info@recambiosecogas.com","faxNumber":"SEGIMON AUTOMOCION SL","vatID":"ESB19819861","globalLocationNumber":"938 616 339"},{"@type":"PostalAddress","@id":"https:\/\/recambiosecogas.com\/pt-pt\/producto\/landi-renzo-girs12-rampa-de-inyeccion-de-4-cilindros-m-negro-con-sensor-de-35-bar\/#local-main-place-address","streetAddress":"cami antic de vic, 29 (Nave 3), Pol\u00edgono Industrial Congost","addressLocality":"CORRO D`AVALL","postalCode":"08520","addressRegion":"Barcelona","addressCountry":"ES"},{"@type":"ImageObject","inLanguage":"pt-PT","@id":"https:\/\/recambiosecogas.com\/pt-pt\/producto\/landi-renzo-girs12-rampa-de-inyeccion-de-4-cilindros-m-negro-con-sensor-de-35-bar\/#local-main-organization-logo","url":"https:\/\/recambiosecogas.com\/wp-content\/uploads\/2024\/11\/cropped-RECAMBIOS-GLP-png.webp","contentUrl":"https:\/\/recambiosecogas.com\/wp-content\/uploads\/2024\/11\/cropped-RECAMBIOS-GLP-png.webp","width":512,"height":512,"caption":"Recambios EcoGas"}]},"product_price_amount":"223.35","product_price_currency":"EUR","og_availability":"backorder","product_availability":"available for order","product_retailer_item_id":"124648A","product_condition":"new","geo.placename":"CORRO D`AVALL","geo.region":"Espanha"},"uagb_featured_image_src":{"full":["https:\/\/recambiosecogas.com\/wp-content\/uploads\/2024\/12\/Inyector-de-GLP-Landi-Renzo-GIRS-4-Cyl-png.webp",1000,1000,false],"thumbnail":["https:\/\/recambiosecogas.com\/wp-content\/uploads\/2024\/12\/Inyector-de-GLP-Landi-Renzo-GIRS-4-Cyl-150x150.webp",150,150,true],"medium":["https:\/\/recambiosecogas.com\/wp-content\/uploads\/2024\/12\/Inyector-de-GLP-Landi-Renzo-GIRS-4-Cyl-300x300.webp",300,300,true],"medium_large":["https:\/\/recambiosecogas.com\/wp-content\/uploads\/2024\/12\/Inyector-de-GLP-Landi-Renzo-GIRS-4-Cyl-768x768.webp",768,768,true],"large":["https:\/\/recambiosecogas.com\/wp-content\/uploads\/2024\/12\/Inyector-de-GLP-Landi-Renzo-GIRS-4-Cyl-png.webp",1000,1000,false],"1536x1536":["https:\/\/recambiosecogas.com\/wp-content\/uploads\/2024\/12\/Inyector-de-GLP-Landi-Renzo-GIRS-4-Cyl-png.webp",1000,1000,false],"2048x2048":["https:\/\/recambiosecogas.com\/wp-content\/uploads\/2024\/12\/Inyector-de-GLP-Landi-Renzo-GIRS-4-Cyl-png.webp",1000,1000,false],"woocommerce_archive_thumbnail":["https:\/\/recambiosecogas.com\/wp-content\/uploads\/2024\/12\/Inyector-de-GLP-Landi-Renzo-GIRS-4-Cyl-png.webp",1000,1000,false],"woocommerce_thumbnail":["https:\/\/recambiosecogas.com\/wp-content\/uploads\/2024\/12\/Inyector-de-GLP-Landi-Renzo-GIRS-4-Cyl-300x300.webp",300,300,true],"woocommerce_single":["https:\/\/recambiosecogas.com\/wp-content\/uploads\/2024\/12\/Inyector-de-GLP-Landi-Renzo-GIRS-4-Cyl-png.webp",1000,1000,false],"woocommerce_gallery_thumbnail":["https:\/\/recambiosecogas.com\/wp-content\/uploads\/2024\/12\/Inyector-de-GLP-Landi-Renzo-GIRS-4-Cyl-png.webp",1000,1000,false],"dgwt-wcas-product-suggestion":["https:\/\/recambiosecogas.com\/wp-content\/uploads\/2024\/12\/Inyector-de-GLP-Landi-Renzo-GIRS-4-Cyl-64x64.webp",64,64,true]},"uagb_author_info":{"display_name":"Fran - Soporte T\u00e9cnico","author_link":"https:\/\/recambiosecogas.com\/pt-pt\/author\/"},"uagb_comment_info":0,"uagb_excerpt":"LANDI RENZO","_links":{"self":[{"href":"https:\/\/recambiosecogas.com\/pt-pt\/wp-json\/wp\/v2\/product\/47951","targetHints":{"allow":["GET"]}}],"collection":[{"href":"https:\/\/recambiosecogas.com\/pt-pt\/wp-json\/wp\/v2\/product"}],"about":[{"href":"https:\/\/recambiosecogas.com\/pt-pt\/wp-json\/wp\/v2\/types\/product"}],"replies":[{"embeddable":true,"href":"https:\/\/recambiosecogas.com\/pt-pt\/wp-json\/wp\/v2\/comments?post=47951"}],"wp:featuredmedia":[{"embeddable":true,"href":"https:\/\/recambiosecogas.com\/pt-pt\/wp-json\/wp\/v2\/media\/12338"}],"wp:attachment":[{"href":"https:\/\/recambiosecogas.com\/pt-pt\/wp-json\/wp\/v2\/media?parent=47951"}],"wp:term":[{"taxonomy":"product_brand","embeddable":true,"href":"https:\/\/recambiosecogas.com\/pt-pt\/wp-json\/wp\/v2\/product_brand?post=47951"},{"taxonomy":"product_cat","embeddable":true,"href":"https:\/\/recambiosecogas.com\/pt-pt\/wp-json\/wp\/v2\/product_cat?post=47951"},{"taxonomy":"product_tag","embeddable":true,"href":"https:\/\/recambiosecogas.com\/pt-pt\/wp-json\/wp\/v2\/product_tag?post=47951"}],"curies":[{"name":"wp","href":"https:\/\/api.w.org\/{rel}","templated":true}]}}