{"id":47063,"date":"2026-04-08T10:42:46","date_gmt":"2026-04-08T09:42:46","guid":{"rendered":"https:\/\/recambiosecogas.com\/producto\/reductor-de-presion-de-glp-spectre-ii\/"},"modified":"2026-04-08T10:52:09","modified_gmt":"2026-04-08T09:52:09","slug":"reductor-de-presion-de-glp-spectre-ii","status":"publish","type":"product","link":"https:\/\/recambiosecogas.com\/pt-pt\/produto\/reductor-de-presion-de-glp-spectre-ii\/","title":{"rendered":"Redutor de Press\u00e3o de GLP SPECTRE II"},"content":{"rendered":"<pre id=\"tw-target-text\" class=\"tw-data-text tw-text-large tw-ta\" dir=\"ltr\" tabindex=\"-1\" role=\"text\" data-placeholder=\"Traducci\u00f3n\" data-ved=\"2ahUKEwiImaDu-d2TAxUsOfsDHUZ8FmQQ3ewLegQIDBAW\" aria-label=\"Texto traducido: MANTENIMIENTO - Cada 20 000 km: Comprobar\/Ajustar la presi\u00f3n de salida. - Cada 20 000 km o 1 a\u00f1o: Sustituir el cartucho del filtro (Consultar el Ap\u00e9ndice B para obtener el kit de sustituci\u00f3n e instrucciones). - Seg\u00fan sea necesario: Realizar una revisi\u00f3n completa del reductor, incluyendo la sustituci\u00f3n de la v\u00e1lvula de expansi\u00f3n (Consultar el Ap\u00e9ndice C para obtener el kit de sustituci\u00f3n e instrucciones) y la sustituci\u00f3n de la membrana (Consultar el Ap\u00e9ndice D para obtener el kit de sustituci\u00f3n e instrucciones). - Comprobar siempre si hay fugas y desgaste de los componentes. - En caso de suciedad o contaminaci\u00f3n intensa, realizar una revisi\u00f3n completa con mayor frecuencia. - El filtro del riel de inyectores debe revisarse o sustituirse peri\u00f3dicamente para evitar fluctuaciones en la presi\u00f3n de salida del reductor.\"><span class=\"Y2IQFc\" lang=\"es\">MANUTEN\u00c7\u00c3O\n\n- A cada 20.000 km: Verificar\/ajustar a press\u00e3o de sa\u00edda.\n- A cada 20.000 km ou 1 ano: Substituir o cartucho do filtro (Consultar o Ap\u00eandice B para o kit de substitui\u00e7\u00e3o e instru\u00e7\u00f5es).\n- Conforme necess\u00e1rio: Realizar uma revis\u00e3o completa do redutor, incluindo substitui\u00e7\u00e3o da v\u00e1lvula de expans\u00e3o (Consulte o Ap\u00eandice C para o kit de substitui\u00e7\u00e3o e instru\u00e7\u00f5es) e a substitui\u00e7\u00e3o da membrana (Consulte o Ap\u00eandice D para o kit de substitui\u00e7\u00e3o e instru\u00e7\u00f5es).\n- Verifique sempre se h\u00e1 fugas e desgaste dos componentes.\n- Em caso de sujidade ou contamina\u00e7\u00e3o intensa, realizar uma inspe\u00e7\u00e3o completa com maior frequ\u00eancia.\n- O filtro do rail do injetor deve ser verificado ou substitu\u00eddo periodicamente para evitar flutua\u00e7\u00f5es na press\u00e3o de sa\u00edda da caixa de engrenagens.<\/span><\/pre>\n<p>&nbsp;<\/p>\n<div id=\"tw-container\" class=\"nev7se\" data-cp=\"1\" data-nnttsvi=\"1\" data-ntl-tooltip=\"true\" data-sletp=\"false\" data-sm=\"1\" data-ssbp=\"true\" data-sugg-time=\"500\" data-sugg-url=\"https:\/\/clients1.google.com\/complete\/search\" data-uilc=\"es\" data-vil=\",af,af-ZA,am,am-ET,ar-EG,ar-AE,ar-KW,ar-QA,ar,ar-IL,ar-JO,ar-LB,ar-PS,az,az-AZ,bg,bg-BG,bn,bn-BD,bn-IN,ca,ca-es,cs,cs-CZ,de,de-DE,de-CH,de-AT,de-LI,en,en-US,en-CA,en-AU,en-NZ,en-GB,en-IN,en-KE,en-TZ,en-NG,en-GH,en-PH,en-ZA,es,es-ES,es-AR,es-UY,es-419,es-BO,es-CL,es-CR,es-CO,es-DO,es-EC,es-GT,es-HN,es-NI,es-PA,es-PE,es-PR,es-PY,es-SV,es-VE,es-MX,es-US,eu,eu-ES,fi,fi-FI,fr,fr-FR,fr-CH,fr-BE,gl,gl-ES,gu,gu-IN,he,he-IL,iw,iw-IL,hu,hu-HU,hy,hy-AM,id,id-ID,is,is-IS,it,it-IT,it-CH,ja,ja-JP,jv,jv-ID,ka,ka-GE,km,km-KH,kn,kn-IN,ko,ko-KR,la,lo,lo-LA,lv,lv-LV,ml,ml-IN,mr,mr-IN,ms,ms-MY,nl,nl-NL,nb,nb-NO,ne,ne-NP,pl,pl-PL,pt,pt-BR,pt-PT,ro,ro-RO,ru,ru-RU,si-LK,sk,sk-SK,sr,sr-RS,su,su-ID,sv,sv-SE,sw,sw-TZ,sw-KE,ta,ta-IN,ta-SG,ta-LK,ta-MY,te,te-IN,tr,tr-TR,ur,ur-PK,ur-IN,yue,yue-HK,yue-Hant-HK,zh-HK,zh,zh-CN,zh-cmn,zh-cmn-CN,zh-Hans,zh-Hans-CN,zh-cmn-Hans,zh-cmn-Hans-CN,cmn-CN,cmn-Hans,cmn-Hans-CN,zh-TW,zh-Hant-TW,cmn-TW,cmn-Hant-TW,zh-cmn-TW,zh-cmn-Hant-TW,zu,zu-ZA,hi,hi-IN,tl,tl-PH,pa,pa-IN\">\n<div id=\"tw-ob\" class=\"tw-src-ltr\">\n<div class=\"oSioSc\">\n<div id=\"tw-target\">\n<div id=\"kAz1tf\" class=\"g9WsWb PZPZlf\" data-attrid=\"tw-targetArea\" data-entityname=\"Google Translate\">\n<div id=\"tw-target-text-container\" class=\"tw-ta-container tw-nfl\" tabindex=\"0\" role=\"text\">\n<pre id=\"tw-target-text\" class=\"tw-data-text tw-text-large tw-ta\" dir=\"ltr\" tabindex=\"-1\" role=\"text\" data-placeholder=\"Traducci\u00f3n\" data-ved=\"2ahUKEwiImaDu-d2TAxUsOfsDHUZ8FmQQ3ewLegQIDBAW\" aria-label=\"Texto traducido: Unidad Caracter\u00edstica Spectre II Tipo Material y tratamiento del cuerpo Superficie del elemento de papel de filtro Tama\u00f1o m\u00ednimo de poro \u03bcm\u2013micr\u00f3metro Dimensiones mm 129x108x200 Peso Kg 1,7 Presi\u00f3n de entrada de servicio Presi\u00f3n relativa de salida Bar de 1,4 a 1,9 Potencia m\u00e1xima KW 250 Fuga m\u00e1xima permitida de GLP Ncm\u00b3 \/h Conexi\u00f3n de entrada de gas Tuber\u00eda \u00d8 8 mm - Rosca M12x1 Conexi\u00f3n de salida mm Conexi\u00f3n MAP mm Conexi\u00f3n del circuito de fluido calefactor mm Temperatura de funcionamiento \u00b0C Homologaciones Presi\u00f3n de rotura Bar Conexi\u00f3n el\u00e9ctrica de la electrov\u00e1lvula Tensi\u00f3n de la bobina de la electrov\u00e1lvula V CC Potencia de la bobina de la electrov\u00e1lvula W \u00daltima actualizaci\u00f3n: 10\/04\/2025 74x108x200 Ficha t\u00e9cnica Reductor de GLP Spectre y Spectre II Spectre Una etapa con Diafragma Aluminio fundido a presi\u00f3n 7600 30 Tubo \u00d8 6 mm - Rosca M10x1 \u00d812 \u00d8 6 \u00d8 16 1,1 De 0,9 a 1,6 150 15 De 4 a 28 bar Sede: Via A. Grandi, 16 - 42030 Vezzano Sul Crostolo (RE) Reggio Emilia - Italia Correo electr\u00f3nico: info@railgroup.it Tel.: +39 0522 603801 - 20 a +120 ECE 67R-01 &gt;68 Conector el\u00e9ctrico: AMP Superseal Ecomotive Solutions srl 12 o 24 11\"><span class=\"Y2IQFc\" lang=\"es\">Unidade Spectre II\nTipo\nde Caracter\u00edstica Material e tratamento corporal\nSuperf\u00edcie do elemento de papel de filtro\nTamanho m\u00ednimo dos poros \u03bcm\u2013micr\u00f3metro\nDimens\u00f5es mm 129x108x200\nPeso Kg 1,7\nPress\u00e3o de entrada de servi\u00e7o\nPress\u00e3o relativa na sa\u00edda Bar de 1,4 a 1,9\nPot\u00eancia m\u00e1xima KW 250\nFuga m\u00e1xima permitida de GPL Ncm\u00b3\n\/h\n\nLiga\u00e7\u00e3o de entrada de g\u00e1s Tubo \u00d8 8 mm -\n Rosca M12x1\n\nLiga\u00e7\u00e3o de sa\u00edda mm\nLiga\u00e7\u00e3o MAP mm\nLiga\u00e7\u00e3o do circuito do fluido de aquecimento mm\nTemperatura de funcionamento \u00b0C\nAprova\u00e7\u00f5es\nBarra de press\u00e3o\nde explos\u00e3o Liga\u00e7\u00e3o el\u00e9trica da v\u00e1lvula solen\u00f3ide\nTens\u00e3o da bobina da v\u00e1lvula solen\u00f3ide V DC\nBobina da v\u00e1lvula solen\u00f3ide W\n\n\u00daltima atualiza\u00e7\u00e3o: 04\/10\/2025\n74x108x200\n\nFicha\nt\u00e9cnica Redutor de GPL Spectre e Spectre II\nSpectre\nEst\u00e1gio \u00fanico com diafragma\nAlum\u00ednio em fundi\u00e7\u00e3o\nsob press\u00e3o 7600\n30\n\nTubo \u00d8 6 mm - Rosca M10x1\n\u00d812\n\u00d8 6\n\u00d8 16\n1,1\nde 0,9 a 1,6\n150\n15\nde 4 a 28 bar\n\nSede: Via A. Grandi, 16 - 42030 Vezzano Sul Crostolo (RE) Reggio Emilia - It\u00e1lia\nEmail: info@railgroup.it Tel.: +39 0522 603801\n\n- ECE 67R-01 de 20 a +120\n\n&gt;Conector El\u00e9trico 68\n: AMP Superseal\n<\/span><\/pre>\n<\/div>\n<div id=\"tw-target-rmn-container\" class=\"tw-target-rmn tw-ta-container tw-nfl\" tabindex=\"-1\" role=\"text\">\n<pre id=\"tw-target-rmn\" class=\"tw-data-placeholder tw-text-small tw-ta\" dir=\"ltr\" tabindex=\"-1\" role=\"text\" data-placeholder=\"\"><\/pre>\n<\/div>\n<div class=\"iYB33c\">\n<div id=\"tw-tmenu\" class=\"tw-menu\"><\/div>\n<\/div>\n<\/div>\n<\/div>\n<\/div>\n<\/div>\n<div id=\"tw-images\"><\/div>\n<div class=\"dURPtb\"><\/div>\n<div>\n<div data-vpload=\"nYCnEd\" data-v=\"\" data-ne=\"1\">\n<div id=\"tsuid_TyHWaci1Iazy7M8PxvjZoAY_57\"><\/div>\n<\/div>\n<\/div>\n<\/div>\n<div class=\"KFFQ0c xKf9F\"><\/div>\n","protected":false},"excerpt":{"rendered":"<p><a href=\"http:\/\/recambiosecogas.com\/wp-content\/uploads\/2026\/04\/lpg_spectreii_reducer_manual_eng_r04.pdf\">Consulte o Manual do Fabricante<\/a><\/p>\n","protected":false},"featured_media":47064,"comment_status":"open","ping_status":"closed","template":"","meta":{"googlesitekit_rrm_CAowud7EDA:productID":"","_uag_custom_page_level_css":""},"product_brand":[],"product_cat":[1066,1065],"product_tag":[],"class_list":{"0":"post-47063","1":"product","2":"type-product","3":"status-publish","4":"has-post-thumbnail","6":"product_cat-redutor-glp","7":"product_cat-reguladores-de-pressao","9":"first","10":"onbackorder","11":"taxable","12":"shipping-taxable","13":"purchasable","14":"product-type-simple"},"ct_brands":[],"yoast_head":"<!-- This site is optimized with the Yoast SEO Premium plugin v27.3 (Yoast SEO v27.3) - https:\/\/yoast.com\/product\/yoast-seo-premium-wordpress\/ -->\n<title>Redutor de Press\u00e3o de GLP SPECTRE II | Recambios EcoGas | Sistemas GLP y GNC<\/title>\n<meta name=\"robots\" content=\"index, follow, max-snippet:-1, max-image-preview:large, max-video-preview:-1\" \/>\n<link rel=\"canonical\" href=\"https:\/\/recambiosecogas.com\/pt-pt\/produto\/reductor-de-presion-de-glp-spectre-ii\/\" \/>\n<meta property=\"og:locale\" content=\"pt_PT\" \/>\n<meta property=\"og:type\" content=\"article\" \/>\n<meta property=\"og:title\" content=\"Redutor de Press\u00e3o de GLP SPECTRE II\" \/>\n<meta property=\"og:description\" content=\"Consulte o Manual do Fabricante\" \/>\n<meta property=\"og:url\" content=\"https:\/\/recambiosecogas.com\/pt-pt\/produto\/reductor-de-presion-de-glp-spectre-ii\/\" \/>\n<meta property=\"og:site_name\" content=\"Recambios EcoGas\" \/>\n<meta property=\"article:publisher\" content=\"https:\/\/www.facebook.com\/profile.php?id=100062419705358\" \/>\n<meta property=\"article:modified_time\" content=\"2026-04-08T09:52:09+00:00\" \/>\n<meta property=\"og:image\" content=\"https:\/\/recambiosecogas.com\/wp-content\/uploads\/2026\/04\/spectre2.png\" \/>\n\t<meta property=\"og:image:width\" content=\"1000\" \/>\n\t<meta property=\"og:image:height\" content=\"1000\" \/>\n\t<meta property=\"og:image:type\" content=\"image\/png\" \/>\n<meta name=\"twitter:card\" content=\"summary_large_image\" \/>\n<meta name=\"twitter:label1\" content=\"pre\u00e7o\" \/>\n\t<meta name=\"twitter:data1\" content=\"174,25&nbsp;&euro; (IVA incl.: 210,84&nbsp;&euro;)\" \/>\n\t<meta name=\"twitter:label2\" content=\"Disponibilidade\" \/>\n\t<meta name=\"twitter:data2\" content=\"Por encomenda\" \/>\n<script type=\"application\/ld+json\" class=\"yoast-schema-graph\">{\"@context\":\"https:\\\/\\\/schema.org\",\"@graph\":[{\"@type\":\"WebPage\",\"@id\":\"https:\\\/\\\/recambiosecogas.com\\\/pt-pt\\\/produto\\\/reductor-de-presion-de-glp-spectre-ii\\\/\",\"url\":\"https:\\\/\\\/recambiosecogas.com\\\/pt-pt\\\/produto\\\/reductor-de-presion-de-glp-spectre-ii\\\/\",\"name\":\"Redutor de Press\u00e3o de GLP SPECTRE II | Recambios EcoGas | Sistemas GLP y GNC\",\"isPartOf\":{\"@id\":\"https:\\\/\\\/recambiosecogas.com\\\/pt-pt\\\/#website\"},\"primaryImageOfPage\":{\"@id\":\"https:\\\/\\\/recambiosecogas.com\\\/pt-pt\\\/produto\\\/reductor-de-presion-de-glp-spectre-ii\\\/#primaryimage\"},\"image\":{\"@id\":\"https:\\\/\\\/recambiosecogas.com\\\/pt-pt\\\/produto\\\/reductor-de-presion-de-glp-spectre-ii\\\/#primaryimage\"},\"thumbnailUrl\":\"https:\\\/\\\/recambiosecogas.com\\\/wp-content\\\/uploads\\\/2026\\\/04\\\/spectre2.png\",\"datePublished\":\"2026-04-08T09:42:46+00:00\",\"dateModified\":\"2026-04-08T09:52:09+00:00\",\"breadcrumb\":{\"@id\":\"https:\\\/\\\/recambiosecogas.com\\\/pt-pt\\\/produto\\\/reductor-de-presion-de-glp-spectre-ii\\\/#breadcrumb\"},\"inLanguage\":\"pt-PT\",\"potentialAction\":[{\"@type\":\"ReadAction\",\"target\":[\"https:\\\/\\\/recambiosecogas.com\\\/pt-pt\\\/produto\\\/reductor-de-presion-de-glp-spectre-ii\\\/\"]}]},{\"@type\":\"ImageObject\",\"inLanguage\":\"pt-PT\",\"@id\":\"https:\\\/\\\/recambiosecogas.com\\\/pt-pt\\\/produto\\\/reductor-de-presion-de-glp-spectre-ii\\\/#primaryimage\",\"url\":\"https:\\\/\\\/recambiosecogas.com\\\/wp-content\\\/uploads\\\/2026\\\/04\\\/spectre2.png\",\"contentUrl\":\"https:\\\/\\\/recambiosecogas.com\\\/wp-content\\\/uploads\\\/2026\\\/04\\\/spectre2.png\",\"width\":1000,\"height\":1000},{\"@type\":\"BreadcrumbList\",\"@id\":\"https:\\\/\\\/recambiosecogas.com\\\/pt-pt\\\/produto\\\/reductor-de-presion-de-glp-spectre-ii\\\/#breadcrumb\",\"itemListElement\":[{\"@type\":\"ListItem\",\"position\":1,\"name\":\"P\u00e1gina inicial\",\"item\":\"https:\\\/\\\/recambiosecogas.com\\\/pt-pt\\\/\"},{\"@type\":\"ListItem\",\"position\":2,\"name\":\"Loja\",\"item\":\"https:\\\/\\\/recambiosecogas.com\\\/pt-pt\\\/tienda\\\/\"},{\"@type\":\"ListItem\",\"position\":3,\"name\":\"Redutor de Press\u00e3o de GLP SPECTRE II\"}]},{\"@type\":\"WebSite\",\"@id\":\"https:\\\/\\\/recambiosecogas.com\\\/pt-pt\\\/#website\",\"url\":\"https:\\\/\\\/recambiosecogas.com\\\/pt-pt\\\/\",\"name\":\"Recambios EcoGas\",\"description\":\"Pe\u00e7as multimarca para sistemas de GPL\\\/GNC\\\/GNL\\\/Hidrog\u00e9nio\",\"publisher\":{\"@id\":\"https:\\\/\\\/recambiosecogas.com\\\/pt-pt\\\/#organization\"},\"alternateName\":\"Recambios Autogas GLP\",\"potentialAction\":[{\"@type\":\"SearchAction\",\"target\":{\"@type\":\"EntryPoint\",\"urlTemplate\":\"https:\\\/\\\/recambiosecogas.com\\\/pt-pt\\\/?s={search_term_string}\"},\"query-input\":{\"@type\":\"PropertyValueSpecification\",\"valueRequired\":true,\"valueName\":\"search_term_string\"}}],\"inLanguage\":\"pt-PT\"},{\"@type\":[\"Organization\",\"Place\"],\"@id\":\"https:\\\/\\\/recambiosecogas.com\\\/pt-pt\\\/#organization\",\"name\":\"Recambios EcoGas\",\"alternateName\":\"Loja de GPL Autog\u00e1s Espanha\",\"url\":\"https:\\\/\\\/recambiosecogas.com\\\/pt-pt\\\/\",\"logo\":{\"@id\":\"https:\\\/\\\/recambiosecogas.com\\\/pt-pt\\\/produto\\\/reductor-de-presion-de-glp-spectre-ii\\\/#local-main-organization-logo\"},\"image\":{\"@id\":\"https:\\\/\\\/recambiosecogas.com\\\/pt-pt\\\/produto\\\/reductor-de-presion-de-glp-spectre-ii\\\/#local-main-organization-logo\"},\"sameAs\":[\"https:\\\/\\\/www.facebook.com\\\/profile.php?id=100062419705358\",\"https:\\\/\\\/www.instagram.com\\\/segimon_automocio\"],\"description\":\"Recambios EcoGas \u2013 Venta y distribuci\u00f3n de sistemas GLP y GNC en Espa\u00f1a y Portugal. Env\u00edos 24 h, soporte t\u00e9cnico a talleres y distribuidores.\",\"hasMerchantReturnPolicy\":{\"@type\":\"MerchantReturnPolicy\",\"merchantReturnLink\":\"https:\\\/\\\/recambiosecogas.com\\\/politicas-privacidad\\\/\"},\"address\":{\"@id\":\"https:\\\/\\\/recambiosecogas.com\\\/pt-pt\\\/produto\\\/reductor-de-presion-de-glp-spectre-ii\\\/#local-main-place-address\"},\"telephone\":[\"616250633\"],\"contactPoint\":{\"@type\":\"ContactPoint\",\"email\":\"export@recambiosecogas.com\"},\"openingHoursSpecification\":[{\"@type\":\"OpeningHoursSpecification\",\"dayOfWeek\":[\"Monday\",\"Tuesday\",\"Wednesday\",\"Thursday\",\"Friday\",\"Saturday\",\"Sunday\"],\"opens\":\"09:00\",\"closes\":\"17:00\"}],\"email\":\"info@recambiosecogas.com\",\"faxNumber\":\"SEGIMON AUTOMOCION SL\",\"vatID\":\"ESB19819861\",\"globalLocationNumber\":\"938 616 339\"},{\"@type\":\"PostalAddress\",\"@id\":\"https:\\\/\\\/recambiosecogas.com\\\/pt-pt\\\/produto\\\/reductor-de-presion-de-glp-spectre-ii\\\/#local-main-place-address\",\"streetAddress\":\"cami antic de vic, 29 (Nave 3), Pol\u00edgono Industrial Congost\",\"addressLocality\":\"CORRO D`AVALL\",\"postalCode\":\"08520\",\"addressRegion\":\"Barcelona\",\"addressCountry\":\"ES\"},{\"@type\":\"ImageObject\",\"inLanguage\":\"pt-PT\",\"@id\":\"https:\\\/\\\/recambiosecogas.com\\\/pt-pt\\\/produto\\\/reductor-de-presion-de-glp-spectre-ii\\\/#local-main-organization-logo\",\"url\":\"https:\\\/\\\/recambiosecogas.com\\\/wp-content\\\/uploads\\\/2024\\\/11\\\/cropped-RECAMBIOS-GLP-png.webp\",\"contentUrl\":\"https:\\\/\\\/recambiosecogas.com\\\/wp-content\\\/uploads\\\/2024\\\/11\\\/cropped-RECAMBIOS-GLP-png.webp\",\"width\":512,\"height\":512,\"caption\":\"Recambios EcoGas\"}]}<\/script>\n<meta property=\"product:price:amount\" content=\"174.25\" \/>\n<meta property=\"product:price:currency\" content=\"EUR\" \/>\n<meta property=\"og:availability\" content=\"backorder\" \/>\n<meta property=\"product:availability\" content=\"available for order\" \/>\n<meta property=\"product:retailer_item_id\" content=\"RESPECTREII\" \/>\n<meta property=\"product:condition\" content=\"new\" \/>\n<meta name=\"geo.placename\" content=\"CORRO D`AVALL\" \/>\n<meta name=\"geo.region\" content=\"Espanha\" \/>\n<!-- \/ Yoast SEO Premium plugin. -->","yoast_head_json":{"title":"Redutor de Press\u00e3o de GLP SPECTRE II | Recambios EcoGas | Sistemas GLP y GNC","robots":{"index":"index","follow":"follow","max-snippet":"max-snippet:-1","max-image-preview":"max-image-preview:large","max-video-preview":"max-video-preview:-1"},"canonical":"https:\/\/recambiosecogas.com\/pt-pt\/produto\/reductor-de-presion-de-glp-spectre-ii\/","og_locale":"pt_PT","og_type":"article","og_title":"Redutor de Press\u00e3o de GLP SPECTRE II","og_description":"Consulte o Manual do Fabricante","og_url":"https:\/\/recambiosecogas.com\/pt-pt\/produto\/reductor-de-presion-de-glp-spectre-ii\/","og_site_name":"Recambios EcoGas","article_publisher":"https:\/\/www.facebook.com\/profile.php?id=100062419705358","article_modified_time":"2026-04-08T09:52:09+00:00","og_image":[{"width":1000,"height":1000,"url":"https:\/\/recambiosecogas.com\/wp-content\/uploads\/2026\/04\/spectre2.png","type":"image\/png"}],"twitter_card":"summary_large_image","twitter_misc":{"pre\u00e7o":"174,25&nbsp;&euro; (IVA incl.: 210,84&nbsp;&euro;)","Disponibilidade":"Por encomenda"},"schema":{"@context":"https:\/\/schema.org","@graph":[{"@type":"WebPage","@id":"https:\/\/recambiosecogas.com\/pt-pt\/produto\/reductor-de-presion-de-glp-spectre-ii\/","url":"https:\/\/recambiosecogas.com\/pt-pt\/produto\/reductor-de-presion-de-glp-spectre-ii\/","name":"Redutor de Press\u00e3o de GLP SPECTRE II | Recambios EcoGas | Sistemas GLP y GNC","isPartOf":{"@id":"https:\/\/recambiosecogas.com\/pt-pt\/#website"},"primaryImageOfPage":{"@id":"https:\/\/recambiosecogas.com\/pt-pt\/produto\/reductor-de-presion-de-glp-spectre-ii\/#primaryimage"},"image":{"@id":"https:\/\/recambiosecogas.com\/pt-pt\/produto\/reductor-de-presion-de-glp-spectre-ii\/#primaryimage"},"thumbnailUrl":"https:\/\/recambiosecogas.com\/wp-content\/uploads\/2026\/04\/spectre2.png","datePublished":"2026-04-08T09:42:46+00:00","dateModified":"2026-04-08T09:52:09+00:00","breadcrumb":{"@id":"https:\/\/recambiosecogas.com\/pt-pt\/produto\/reductor-de-presion-de-glp-spectre-ii\/#breadcrumb"},"inLanguage":"pt-PT","potentialAction":[{"@type":"ReadAction","target":["https:\/\/recambiosecogas.com\/pt-pt\/produto\/reductor-de-presion-de-glp-spectre-ii\/"]}]},{"@type":"ImageObject","inLanguage":"pt-PT","@id":"https:\/\/recambiosecogas.com\/pt-pt\/produto\/reductor-de-presion-de-glp-spectre-ii\/#primaryimage","url":"https:\/\/recambiosecogas.com\/wp-content\/uploads\/2026\/04\/spectre2.png","contentUrl":"https:\/\/recambiosecogas.com\/wp-content\/uploads\/2026\/04\/spectre2.png","width":1000,"height":1000},{"@type":"BreadcrumbList","@id":"https:\/\/recambiosecogas.com\/pt-pt\/produto\/reductor-de-presion-de-glp-spectre-ii\/#breadcrumb","itemListElement":[{"@type":"ListItem","position":1,"name":"P\u00e1gina inicial","item":"https:\/\/recambiosecogas.com\/pt-pt\/"},{"@type":"ListItem","position":2,"name":"Loja","item":"https:\/\/recambiosecogas.com\/pt-pt\/tienda\/"},{"@type":"ListItem","position":3,"name":"Redutor de Press\u00e3o de GLP SPECTRE II"}]},{"@type":"WebSite","@id":"https:\/\/recambiosecogas.com\/pt-pt\/#website","url":"https:\/\/recambiosecogas.com\/pt-pt\/","name":"Recambios EcoGas","description":"Pe\u00e7as multimarca para sistemas de GPL\/GNC\/GNL\/Hidrog\u00e9nio","publisher":{"@id":"https:\/\/recambiosecogas.com\/pt-pt\/#organization"},"alternateName":"Recambios Autogas GLP","potentialAction":[{"@type":"SearchAction","target":{"@type":"EntryPoint","urlTemplate":"https:\/\/recambiosecogas.com\/pt-pt\/?s={search_term_string}"},"query-input":{"@type":"PropertyValueSpecification","valueRequired":true,"valueName":"search_term_string"}}],"inLanguage":"pt-PT"},{"@type":["Organization","Place"],"@id":"https:\/\/recambiosecogas.com\/pt-pt\/#organization","name":"Recambios EcoGas","alternateName":"Loja de GPL Autog\u00e1s Espanha","url":"https:\/\/recambiosecogas.com\/pt-pt\/","logo":{"@id":"https:\/\/recambiosecogas.com\/pt-pt\/produto\/reductor-de-presion-de-glp-spectre-ii\/#local-main-organization-logo"},"image":{"@id":"https:\/\/recambiosecogas.com\/pt-pt\/produto\/reductor-de-presion-de-glp-spectre-ii\/#local-main-organization-logo"},"sameAs":["https:\/\/www.facebook.com\/profile.php?id=100062419705358","https:\/\/www.instagram.com\/segimon_automocio"],"description":"Recambios EcoGas \u2013 Venta y distribuci\u00f3n de sistemas GLP y GNC en Espa\u00f1a y Portugal. Env\u00edos 24 h, soporte t\u00e9cnico a talleres y distribuidores.","hasMerchantReturnPolicy":{"@type":"MerchantReturnPolicy","merchantReturnLink":"https:\/\/recambiosecogas.com\/politicas-privacidad\/"},"address":{"@id":"https:\/\/recambiosecogas.com\/pt-pt\/produto\/reductor-de-presion-de-glp-spectre-ii\/#local-main-place-address"},"telephone":["616250633"],"contactPoint":{"@type":"ContactPoint","email":"export@recambiosecogas.com"},"openingHoursSpecification":[{"@type":"OpeningHoursSpecification","dayOfWeek":["Monday","Tuesday","Wednesday","Thursday","Friday","Saturday","Sunday"],"opens":"09:00","closes":"17:00"}],"email":"info@recambiosecogas.com","faxNumber":"SEGIMON AUTOMOCION SL","vatID":"ESB19819861","globalLocationNumber":"938 616 339"},{"@type":"PostalAddress","@id":"https:\/\/recambiosecogas.com\/pt-pt\/produto\/reductor-de-presion-de-glp-spectre-ii\/#local-main-place-address","streetAddress":"cami antic de vic, 29 (Nave 3), Pol\u00edgono Industrial Congost","addressLocality":"CORRO D`AVALL","postalCode":"08520","addressRegion":"Barcelona","addressCountry":"ES"},{"@type":"ImageObject","inLanguage":"pt-PT","@id":"https:\/\/recambiosecogas.com\/pt-pt\/produto\/reductor-de-presion-de-glp-spectre-ii\/#local-main-organization-logo","url":"https:\/\/recambiosecogas.com\/wp-content\/uploads\/2024\/11\/cropped-RECAMBIOS-GLP-png.webp","contentUrl":"https:\/\/recambiosecogas.com\/wp-content\/uploads\/2024\/11\/cropped-RECAMBIOS-GLP-png.webp","width":512,"height":512,"caption":"Recambios EcoGas"}]},"product_price_amount":"174.25","product_price_currency":"EUR","og_availability":"backorder","product_availability":"available for order","product_retailer_item_id":"RESPECTREII","product_condition":"new","geo.placename":"CORRO D`AVALL","geo.region":"Espanha"},"uagb_featured_image_src":{"full":["https:\/\/recambiosecogas.com\/wp-content\/uploads\/2026\/04\/spectre2.png",1000,1000,false],"thumbnail":["https:\/\/recambiosecogas.com\/wp-content\/uploads\/2026\/04\/spectre2-150x150.png",150,150,true],"medium":["https:\/\/recambiosecogas.com\/wp-content\/uploads\/2026\/04\/spectre2-300x300.png",300,300,true],"medium_large":["https:\/\/recambiosecogas.com\/wp-content\/uploads\/2026\/04\/spectre2-768x768.png",768,768,true],"large":["https:\/\/recambiosecogas.com\/wp-content\/uploads\/2026\/04\/spectre2.png",1000,1000,false],"1536x1536":["https:\/\/recambiosecogas.com\/wp-content\/uploads\/2026\/04\/spectre2.png",1000,1000,false],"2048x2048":["https:\/\/recambiosecogas.com\/wp-content\/uploads\/2026\/04\/spectre2.png",1000,1000,false],"woocommerce_archive_thumbnail":["https:\/\/recambiosecogas.com\/wp-content\/uploads\/2026\/04\/spectre2.png",1000,1000,false],"woocommerce_thumbnail":["https:\/\/recambiosecogas.com\/wp-content\/uploads\/2026\/04\/spectre2-300x300.png",300,300,true],"woocommerce_single":["https:\/\/recambiosecogas.com\/wp-content\/uploads\/2026\/04\/spectre2.png",1000,1000,false],"woocommerce_gallery_thumbnail":["https:\/\/recambiosecogas.com\/wp-content\/uploads\/2026\/04\/spectre2.png",1000,1000,false],"dgwt-wcas-product-suggestion":["https:\/\/recambiosecogas.com\/wp-content\/uploads\/2026\/04\/spectre2-64x64.png",64,64,true]},"uagb_author_info":{"display_name":"Gertjan Recambios EcoGas","author_link":"https:\/\/recambiosecogas.com\/pt-pt\/author\/"},"uagb_comment_info":0,"uagb_excerpt":"Consulte o Manual do Fabricante","_links":{"self":[{"href":"https:\/\/recambiosecogas.com\/pt-pt\/wp-json\/wp\/v2\/product\/47063","targetHints":{"allow":["GET"]}}],"collection":[{"href":"https:\/\/recambiosecogas.com\/pt-pt\/wp-json\/wp\/v2\/product"}],"about":[{"href":"https:\/\/recambiosecogas.com\/pt-pt\/wp-json\/wp\/v2\/types\/product"}],"replies":[{"embeddable":true,"href":"https:\/\/recambiosecogas.com\/pt-pt\/wp-json\/wp\/v2\/comments?post=47063"}],"wp:featuredmedia":[{"embeddable":true,"href":"https:\/\/recambiosecogas.com\/pt-pt\/wp-json\/wp\/v2\/media\/47064"}],"wp:attachment":[{"href":"https:\/\/recambiosecogas.com\/pt-pt\/wp-json\/wp\/v2\/media?parent=47063"}],"wp:term":[{"taxonomy":"product_brand","embeddable":true,"href":"https:\/\/recambiosecogas.com\/pt-pt\/wp-json\/wp\/v2\/product_brand?post=47063"},{"taxonomy":"product_cat","embeddable":true,"href":"https:\/\/recambiosecogas.com\/pt-pt\/wp-json\/wp\/v2\/product_cat?post=47063"},{"taxonomy":"product_tag","embeddable":true,"href":"https:\/\/recambiosecogas.com\/pt-pt\/wp-json\/wp\/v2\/product_tag?post=47063"}],"curies":[{"name":"wp","href":"https:\/\/api.w.org\/{rel}","templated":true}]}}