{"id":47017,"date":"2024-10-19T14:23:52","date_gmt":"2024-10-19T13:23:52","guid":{"rendered":"https:\/\/recambiosecogas.com\/producto\/zeta-s-reductor-con-sensor-de-temperatura-1-4-bar-hasta-250-kw\/"},"modified":"2026-04-08T10:29:22","modified_gmt":"2026-04-08T09:29:22","slug":"zeta-s-reductor-con-sensor-de-temperatura-1-4-bar-hasta-250-kw","status":"publish","type":"product","link":"https:\/\/recambiosecogas.com\/pt-pt\/produto\/zeta-s-reductor-con-sensor-de-temperatura-1-4-bar-hasta-250-kw\/","title":{"rendered":"Redutor Zeta S com sensor de temperatura at\u00e9 250kw 1,4bar"},"content":{"rendered":"<h3 style=\"text-align: center;\">Redutor Zeta S com sensor de temperatura at\u00e9 250kw 1,4bar <\/h3>\n<table border=\"1\" cellspacing=\"0\" cellpadding=\"5\">\n<tbody>\n<tr>\n<td colspan=\"2\"><strong>DADOS T\u00c9CNICOS<\/strong><\/td>\n<\/tr>\n<tr>\n<td>ARTIGO<\/td>\n<td>DETALHE<\/td>\n<\/tr>\n<tr>\n<p>Press\u00e3o <\/p>\n<td>de trabalho<\/td>\n<td>45 bar<\/td>\n<\/tr>\n<tr>\n<p>Press\u00e3o do <\/p>\n<td>G\u00e1s de Sa\u00edda<\/td>\n<td>1,4 bar<\/td>\n<\/tr>\n<tr>\n<td>N\u00famero de etapas<\/td>\n<td>1<\/td>\n<\/tr>\n<tr>\n<td>Liga\u00e7\u00e3o de entrada<\/td>\n<p> de g\u00e1s <\/p>\n<td>M12x1<\/td>\n<\/tr>\n<tr>\n<p>Liga\u00e7\u00e3o de sa\u00edda <\/p>\n<td>de g\u00e1s<\/td>\n<td>Mangueira de borracha \u00d8 12 mm<\/td>\n<\/tr>\n<tr>\n<td>Porto de arrefecimento<\/td>\n<p> a \u00e1gua<\/p>\n<td>Mangueira de borracha \u00d8 16 mm<\/td>\n<\/tr>\n<tr>\n<p>Porto <\/p>\n<td>MAP<\/td>\n<td>Mangueira de borracha \u00d8 5 mm<\/td>\n<\/tr>\n<tr>\n<td>Classifica\u00e7\u00e3o<\/td>\n<p> T<\/p>\n<td>-20\/+120\u00b0 C<\/td>\n<\/tr>\n<tr>\n<td>Acordo<\/td>\n<td>67R-01<\/td>\n<\/tr>\n<\/tbody>\n<\/table>\n<p data-start=\"196\" data-end=\"568\"><strong data-start=\"199\" data-end=\"218\">O Zeta S Reducer<\/strong> \u00e9 um <strong data-start=\"225\" data-end=\"276\">regulador de press\u00e3o de GPL de alto desempenho<\/strong>, concebido para <strong data-start=\"292\" data-end=\"358\">ve\u00edculos e sistemas de convers\u00e3o at\u00e9 250 kW de pot\u00eancia<\/strong>. Gra\u00e7as \u00e0 <strong data-start=\"373\" data-end=\"444\">sua press\u00e3o de sa\u00edda de 1,4 bar e \u00e0 press\u00e3o de trabalho de at\u00e9 45 bar<\/strong>, garante um fornecimento <strong data-start=\"470\" data-end=\"501\">de g\u00e1s est\u00e1vel e eficiente<\/strong>, otimizando a combust\u00e3o e melhorando o desempenho do motor. <\/p>\n<p data-start=\"570\" data-end=\"946\">Este modelo apresenta um <strong data-start=\"596\" data-end=\"631\">sensor de temperatura integrado<\/strong>, permitindo <strong data-start=\"648\" data-end=\"687\">um controlo preciso do fluxo de g\u00e1s<\/strong> com base na temperatura do sistema, garantindo um funcionamento \u00f3timo em qualquer condi\u00e7\u00e3o meteorol\u00f3gica. A sua <strong data-start=\"816\" data-end=\"839\">constru\u00e7\u00e3o robusta e fi\u00e1vel<\/strong>, juntamente com liga\u00e7\u00f5es padronizadas, torna-o ideal para <strong data-start=\"897\" data-end=\"943\">sistemas de GPL intensivos em energia<\/strong>. <\/p>\n<p data-start=\"948\" data-end=\"1125\">O <strong data-start=\"951\" data-end=\"961\">Zeta S<\/strong> est\u00e1 <strong data-start=\"967\" data-end=\"1006\">aprovado ao abrigo da norma 67R-01<\/strong>, cumprindo os mais elevados padr\u00f5es de seguran\u00e7a e qualidade nos <strong data-start=\"1099\" data-end=\"1122\">sistemas de convers\u00e3o de GPL para a ind\u00fastria autom\u00f3vel<\/strong>.<\/p>\n<h3 data-start=\"1127\" data-end=\"1165\"><strong data-start=\"1131\" data-end=\"1163\">Carater\u00edsticas e vantagens<\/strong><\/h3>\n<ul data-start=\"1166\" data-end=\"1974\">\n<li data-start=\"1166\" data-end=\"1282\"><strong data-start=\"1168\" data-end=\"1211\">Regula\u00e7\u00e3o precisa da press\u00e3o do g\u00e1s<\/strong>: <strong data-start=\"1213\" data-end=\"1234\">pot\u00eancia de 1,4 bar<\/strong>, otimizada para motores at\u00e9 <strong data-start=\"1269\" data-end=\"1279\">250 kW<\/strong>.<\/li>\n<li data-start=\"1283\" data-end=\"1384\"><strong data-start=\"1285\" data-end=\"1325\">Press\u00e3o de trabalho at\u00e9 45 bar<\/strong>: Garante um fornecimento est\u00e1vel em qualquer condi\u00e7\u00e3o.<\/li>\n<li data-start=\"1385\" data-end=\"1498\"><strong data-start=\"1387\" data-end=\"1422\">Sensor de temperatura integrado<\/strong>: Controla a efici\u00eancia do g\u00e1s com base na temperatura do sistema.<\/li>\n<li data-start=\"1499\" data-end=\"1618\"><strong data-start=\"1501\" data-end=\"1533\">Design compacto e robusto<\/strong>: Feito com materiais de alta qualidade para <strong data-start=\"1581\" data-end=\"1615\">durabilidade e fiabilidade<\/strong>.<\/li>\n<li data-start=\"1619\" data-end=\"1737\"><strong data-start=\"1621\" data-end=\"1675\">Compat\u00edvel com sistemas de alta procura energ\u00e9tica<\/strong>: Adequado para ve\u00edculos e motores com elevado consumo de combust\u00edvel.<\/li>\n<li data-start=\"1738\" data-end=\"1848\"><strong data-start=\"1740\" data-end=\"1763\">Aprova\u00e7\u00e3o 67R-01<\/strong>: Cumpre os padr\u00f5es de seguran\u00e7a e desempenho exigidos para sistemas de GPL.<\/li>\n<li data-start=\"1849\" data-end=\"1974\"><strong data-start=\"1851\" data-end=\"1888\">Sistema de arrefecimento a \u00e1gua<\/strong>: Melhora a estabilidade t\u00e9rmica do redutor, garantindo funcionamento cont\u00ednuo.<\/li>\n<\/ul>\n<p>ARRANJA MAIS <a href=\"https:\/\/recambiosecogas.com\/pt-pt\/categoria-produto\/reguladores-de-pressao\/redutor-glp\/\">CAIXAS DE VELOCIDADES<\/a> ,<a href=\"https:\/\/recambiosecogas.com\/pt-pt\/produto\/kit-de-reparacao-impco-para-redutor-de-gpl-modelo-l\/\"> KITS DE REPARA\u00c7\u00c3O, <\/a><a href=\"http:\/\/www.segimonautomocio.com\">CONVERTE PARA LPG<\/a><\/p>\n","protected":false},"excerpt":{"rendered":"<p>Redutor Zeta S com sensor de temperatura (1,4 bar at\u00e9 250 kW)<\/p>\n","protected":false},"featured_media":6673,"comment_status":"open","ping_status":"closed","template":"","meta":{"googlesitekit_rrm_CAowud7EDA:productID":"","_uag_custom_page_level_css":""},"product_brand":[],"product_cat":[1066,1065],"product_tag":[],"class_list":{"0":"post-47017","1":"product","2":"type-product","3":"status-publish","4":"has-post-thumbnail","6":"product_cat-redutor-glp","7":"product_cat-reguladores-de-pressao","9":"first","10":"onbackorder","11":"taxable","12":"shipping-taxable","13":"purchasable","14":"product-type-simple"},"ct_brands":[],"yoast_head":"<!-- This site is optimized with the Yoast SEO Premium plugin v27.3 (Yoast SEO v27.3) - https:\/\/yoast.com\/product\/yoast-seo-premium-wordpress\/ -->\n<title>Redutor Zeta S com sensor de temperatura at\u00e9 250kw 1,4bar | Recambios EcoGas | Sistemas GLP y GNC<\/title>\n<meta name=\"description\" content=\"Redutor Zeta S para GLP, at\u00e9 250 kW. Press\u00e3o de sa\u00edda 1,4 bar, press\u00e3o de trabalho 45 bar e sensor de temperatura integrado.\" \/>\n<meta name=\"robots\" content=\"index, follow, max-snippet:-1, max-image-preview:large, max-video-preview:-1\" \/>\n<link rel=\"canonical\" href=\"https:\/\/recambiosecogas.com\/pt-pt\/produto\/zeta-s-reductor-con-sensor-de-temperatura-1-4-bar-hasta-250-kw\/\" \/>\n<meta property=\"og:locale\" content=\"pt_PT\" \/>\n<meta property=\"og:type\" content=\"article\" \/>\n<meta property=\"og:title\" content=\"Redutor Zeta S com sensor de temperatura at\u00e9 250kw 1,4bar\" \/>\n<meta property=\"og:description\" content=\"Redutor Zeta S para GLP, at\u00e9 250 kW. Press\u00e3o de sa\u00edda 1,4 bar, press\u00e3o de trabalho 45 bar e sensor de temperatura integrado.\" \/>\n<meta property=\"og:url\" content=\"https:\/\/recambiosecogas.com\/pt-pt\/produto\/zeta-s-reductor-con-sensor-de-temperatura-1-4-bar-hasta-250-kw\/\" \/>\n<meta property=\"og:site_name\" content=\"Recambios EcoGas\" \/>\n<meta property=\"article:publisher\" content=\"https:\/\/www.facebook.com\/profile.php?id=100062419705358\" \/>\n<meta property=\"article:modified_time\" content=\"2026-04-08T09:29:22+00:00\" \/>\n<meta property=\"og:image\" content=\"https:\/\/recambiosecogas.com\/wp-content\/uploads\/2024\/10\/Zeta-N-reductor-con-sensor-de-temperatura-1.2-bar-hasta-140-kW-png.webp\" \/>\n\t<meta property=\"og:image:width\" content=\"1000\" \/>\n\t<meta property=\"og:image:height\" content=\"1000\" \/>\n\t<meta property=\"og:image:type\" content=\"image\/png\" \/>\n<meta name=\"twitter:card\" content=\"summary_large_image\" \/>\n<meta name=\"twitter:label1\" content=\"pre\u00e7o\" \/>\n\t<meta name=\"twitter:data1\" content=\"95,15&nbsp;&euro; (IVA incl.: 115,13&nbsp;&euro;)\" \/>\n\t<meta name=\"twitter:label2\" content=\"Disponibilidade\" \/>\n\t<meta name=\"twitter:data2\" content=\"Por encomenda\" \/>\n<script type=\"application\/ld+json\" class=\"yoast-schema-graph\">{\"@context\":\"https:\\\/\\\/schema.org\",\"@graph\":[{\"@type\":\"WebPage\",\"@id\":\"https:\\\/\\\/recambiosecogas.com\\\/pt-pt\\\/produto\\\/zeta-s-reductor-con-sensor-de-temperatura-1-4-bar-hasta-250-kw\\\/\",\"url\":\"https:\\\/\\\/recambiosecogas.com\\\/pt-pt\\\/produto\\\/zeta-s-reductor-con-sensor-de-temperatura-1-4-bar-hasta-250-kw\\\/\",\"name\":\"Redutor Zeta S com sensor de temperatura at\u00e9 250kw 1,4bar | Recambios EcoGas | Sistemas GLP y GNC\",\"isPartOf\":{\"@id\":\"https:\\\/\\\/recambiosecogas.com\\\/pt-pt\\\/#website\"},\"primaryImageOfPage\":{\"@id\":\"https:\\\/\\\/recambiosecogas.com\\\/pt-pt\\\/produto\\\/zeta-s-reductor-con-sensor-de-temperatura-1-4-bar-hasta-250-kw\\\/#primaryimage\"},\"image\":{\"@id\":\"https:\\\/\\\/recambiosecogas.com\\\/pt-pt\\\/produto\\\/zeta-s-reductor-con-sensor-de-temperatura-1-4-bar-hasta-250-kw\\\/#primaryimage\"},\"thumbnailUrl\":\"https:\\\/\\\/recambiosecogas.com\\\/wp-content\\\/uploads\\\/2024\\\/10\\\/Zeta-N-reductor-con-sensor-de-temperatura-1.2-bar-hasta-140-kW-png.webp\",\"datePublished\":\"2024-10-19T13:23:52+00:00\",\"dateModified\":\"2026-04-08T09:29:22+00:00\",\"description\":\"Redutor Zeta S para GLP, at\u00e9 250 kW. Press\u00e3o de sa\u00edda 1,4 bar, press\u00e3o de trabalho 45 bar e sensor de temperatura integrado.\",\"breadcrumb\":{\"@id\":\"https:\\\/\\\/recambiosecogas.com\\\/pt-pt\\\/produto\\\/zeta-s-reductor-con-sensor-de-temperatura-1-4-bar-hasta-250-kw\\\/#breadcrumb\"},\"inLanguage\":\"pt-PT\",\"potentialAction\":[{\"@type\":\"ReadAction\",\"target\":[\"https:\\\/\\\/recambiosecogas.com\\\/pt-pt\\\/produto\\\/zeta-s-reductor-con-sensor-de-temperatura-1-4-bar-hasta-250-kw\\\/\"]}]},{\"@type\":\"ImageObject\",\"inLanguage\":\"pt-PT\",\"@id\":\"https:\\\/\\\/recambiosecogas.com\\\/pt-pt\\\/produto\\\/zeta-s-reductor-con-sensor-de-temperatura-1-4-bar-hasta-250-kw\\\/#primaryimage\",\"url\":\"https:\\\/\\\/recambiosecogas.com\\\/wp-content\\\/uploads\\\/2024\\\/10\\\/Zeta-N-reductor-con-sensor-de-temperatura-1.2-bar-hasta-140-kW-png.webp\",\"contentUrl\":\"https:\\\/\\\/recambiosecogas.com\\\/wp-content\\\/uploads\\\/2024\\\/10\\\/Zeta-N-reductor-con-sensor-de-temperatura-1.2-bar-hasta-140-kW-png.webp\",\"width\":1000,\"height\":1000,\"caption\":\"Reductor Zeta S con sensor temp. hasta 250kw 1.4bar\"},{\"@type\":\"BreadcrumbList\",\"@id\":\"https:\\\/\\\/recambiosecogas.com\\\/pt-pt\\\/produto\\\/zeta-s-reductor-con-sensor-de-temperatura-1-4-bar-hasta-250-kw\\\/#breadcrumb\",\"itemListElement\":[{\"@type\":\"ListItem\",\"position\":1,\"name\":\"P\u00e1gina inicial\",\"item\":\"https:\\\/\\\/recambiosecogas.com\\\/pt-pt\\\/\"},{\"@type\":\"ListItem\",\"position\":2,\"name\":\"Loja\",\"item\":\"https:\\\/\\\/recambiosecogas.com\\\/pt-pt\\\/tienda\\\/\"},{\"@type\":\"ListItem\",\"position\":3,\"name\":\"Redutor Zeta S com sensor de temperatura at\u00e9 250kw 1,4bar\"}]},{\"@type\":\"WebSite\",\"@id\":\"https:\\\/\\\/recambiosecogas.com\\\/pt-pt\\\/#website\",\"url\":\"https:\\\/\\\/recambiosecogas.com\\\/pt-pt\\\/\",\"name\":\"Recambios EcoGas\",\"description\":\"Pe\u00e7as multimarca para sistemas de GPL\\\/GNC\\\/GNL\\\/Hidrog\u00e9nio\",\"publisher\":{\"@id\":\"https:\\\/\\\/recambiosecogas.com\\\/pt-pt\\\/#organization\"},\"alternateName\":\"Recambios Autogas GLP\",\"potentialAction\":[{\"@type\":\"SearchAction\",\"target\":{\"@type\":\"EntryPoint\",\"urlTemplate\":\"https:\\\/\\\/recambiosecogas.com\\\/pt-pt\\\/?s={search_term_string}\"},\"query-input\":{\"@type\":\"PropertyValueSpecification\",\"valueRequired\":true,\"valueName\":\"search_term_string\"}}],\"inLanguage\":\"pt-PT\"},{\"@type\":[\"Organization\",\"Place\"],\"@id\":\"https:\\\/\\\/recambiosecogas.com\\\/pt-pt\\\/#organization\",\"name\":\"Recambios EcoGas\",\"alternateName\":\"Loja de GPL Autog\u00e1s Espanha\",\"url\":\"https:\\\/\\\/recambiosecogas.com\\\/pt-pt\\\/\",\"logo\":{\"@id\":\"https:\\\/\\\/recambiosecogas.com\\\/pt-pt\\\/produto\\\/zeta-s-reductor-con-sensor-de-temperatura-1-4-bar-hasta-250-kw\\\/#local-main-organization-logo\"},\"image\":{\"@id\":\"https:\\\/\\\/recambiosecogas.com\\\/pt-pt\\\/produto\\\/zeta-s-reductor-con-sensor-de-temperatura-1-4-bar-hasta-250-kw\\\/#local-main-organization-logo\"},\"sameAs\":[\"https:\\\/\\\/www.facebook.com\\\/profile.php?id=100062419705358\",\"https:\\\/\\\/www.instagram.com\\\/segimon_automocio\"],\"description\":\"Recambios EcoGas \u2013 Venta y distribuci\u00f3n de sistemas GLP y GNC en Espa\u00f1a y Portugal. Env\u00edos 24 h, soporte t\u00e9cnico a talleres y distribuidores.\",\"hasMerchantReturnPolicy\":{\"@type\":\"MerchantReturnPolicy\",\"merchantReturnLink\":\"https:\\\/\\\/recambiosecogas.com\\\/politicas-privacidad\\\/\"},\"address\":{\"@id\":\"https:\\\/\\\/recambiosecogas.com\\\/pt-pt\\\/produto\\\/zeta-s-reductor-con-sensor-de-temperatura-1-4-bar-hasta-250-kw\\\/#local-main-place-address\"},\"telephone\":[\"616250633\"],\"contactPoint\":{\"@type\":\"ContactPoint\",\"email\":\"export@recambiosecogas.com\"},\"openingHoursSpecification\":[{\"@type\":\"OpeningHoursSpecification\",\"dayOfWeek\":[\"Monday\",\"Tuesday\",\"Wednesday\",\"Thursday\",\"Friday\",\"Saturday\",\"Sunday\"],\"opens\":\"09:00\",\"closes\":\"17:00\"}],\"email\":\"info@recambiosecogas.com\",\"faxNumber\":\"SEGIMON AUTOMOCION SL\",\"vatID\":\"ESB19819861\",\"globalLocationNumber\":\"938 616 339\"},{\"@type\":\"PostalAddress\",\"@id\":\"https:\\\/\\\/recambiosecogas.com\\\/pt-pt\\\/produto\\\/zeta-s-reductor-con-sensor-de-temperatura-1-4-bar-hasta-250-kw\\\/#local-main-place-address\",\"streetAddress\":\"cami antic de vic, 29 (Nave 3), Pol\u00edgono Industrial Congost\",\"addressLocality\":\"CORRO D`AVALL\",\"postalCode\":\"08520\",\"addressRegion\":\"Barcelona\",\"addressCountry\":\"ES\"},{\"@type\":\"ImageObject\",\"inLanguage\":\"pt-PT\",\"@id\":\"https:\\\/\\\/recambiosecogas.com\\\/pt-pt\\\/produto\\\/zeta-s-reductor-con-sensor-de-temperatura-1-4-bar-hasta-250-kw\\\/#local-main-organization-logo\",\"url\":\"https:\\\/\\\/recambiosecogas.com\\\/wp-content\\\/uploads\\\/2024\\\/11\\\/cropped-RECAMBIOS-GLP-png.webp\",\"contentUrl\":\"https:\\\/\\\/recambiosecogas.com\\\/wp-content\\\/uploads\\\/2024\\\/11\\\/cropped-RECAMBIOS-GLP-png.webp\",\"width\":512,\"height\":512,\"caption\":\"Recambios EcoGas\"}]}<\/script>\n<meta property=\"product:price:amount\" content=\"95.15\" \/>\n<meta property=\"product:price:currency\" content=\"EUR\" \/>\n<meta property=\"og:availability\" content=\"backorder\" \/>\n<meta property=\"product:availability\" content=\"available for order\" \/>\n<meta property=\"product:retailer_item_id\" content=\"100464\" \/>\n<meta property=\"product:condition\" content=\"new\" \/>\n<meta name=\"geo.placename\" content=\"CORRO D`AVALL\" \/>\n<meta name=\"geo.region\" content=\"Espanha\" \/>\n<!-- \/ Yoast SEO Premium plugin. -->","yoast_head_json":{"title":"Redutor Zeta S com sensor de temperatura at\u00e9 250kw 1,4bar | Recambios EcoGas | Sistemas GLP y GNC","description":"Redutor Zeta S para GLP, at\u00e9 250 kW. Press\u00e3o de sa\u00edda 1,4 bar, press\u00e3o de trabalho 45 bar e sensor de temperatura integrado.","robots":{"index":"index","follow":"follow","max-snippet":"max-snippet:-1","max-image-preview":"max-image-preview:large","max-video-preview":"max-video-preview:-1"},"canonical":"https:\/\/recambiosecogas.com\/pt-pt\/produto\/zeta-s-reductor-con-sensor-de-temperatura-1-4-bar-hasta-250-kw\/","og_locale":"pt_PT","og_type":"article","og_title":"Redutor Zeta S com sensor de temperatura at\u00e9 250kw 1,4bar","og_description":"Redutor Zeta S para GLP, at\u00e9 250 kW. Press\u00e3o de sa\u00edda 1,4 bar, press\u00e3o de trabalho 45 bar e sensor de temperatura integrado.","og_url":"https:\/\/recambiosecogas.com\/pt-pt\/produto\/zeta-s-reductor-con-sensor-de-temperatura-1-4-bar-hasta-250-kw\/","og_site_name":"Recambios EcoGas","article_publisher":"https:\/\/www.facebook.com\/profile.php?id=100062419705358","article_modified_time":"2026-04-08T09:29:22+00:00","og_image":[{"width":1000,"height":1000,"url":"https:\/\/recambiosecogas.com\/wp-content\/uploads\/2024\/10\/Zeta-N-reductor-con-sensor-de-temperatura-1.2-bar-hasta-140-kW-png.webp","type":"image\/png"}],"twitter_card":"summary_large_image","twitter_misc":{"pre\u00e7o":"95,15&nbsp;&euro; (IVA incl.: 115,13&nbsp;&euro;)","Disponibilidade":"Por encomenda"},"schema":{"@context":"https:\/\/schema.org","@graph":[{"@type":"WebPage","@id":"https:\/\/recambiosecogas.com\/pt-pt\/produto\/zeta-s-reductor-con-sensor-de-temperatura-1-4-bar-hasta-250-kw\/","url":"https:\/\/recambiosecogas.com\/pt-pt\/produto\/zeta-s-reductor-con-sensor-de-temperatura-1-4-bar-hasta-250-kw\/","name":"Redutor Zeta S com sensor de temperatura at\u00e9 250kw 1,4bar | Recambios EcoGas | Sistemas GLP y GNC","isPartOf":{"@id":"https:\/\/recambiosecogas.com\/pt-pt\/#website"},"primaryImageOfPage":{"@id":"https:\/\/recambiosecogas.com\/pt-pt\/produto\/zeta-s-reductor-con-sensor-de-temperatura-1-4-bar-hasta-250-kw\/#primaryimage"},"image":{"@id":"https:\/\/recambiosecogas.com\/pt-pt\/produto\/zeta-s-reductor-con-sensor-de-temperatura-1-4-bar-hasta-250-kw\/#primaryimage"},"thumbnailUrl":"https:\/\/recambiosecogas.com\/wp-content\/uploads\/2024\/10\/Zeta-N-reductor-con-sensor-de-temperatura-1.2-bar-hasta-140-kW-png.webp","datePublished":"2024-10-19T13:23:52+00:00","dateModified":"2026-04-08T09:29:22+00:00","description":"Redutor Zeta S para GLP, at\u00e9 250 kW. Press\u00e3o de sa\u00edda 1,4 bar, press\u00e3o de trabalho 45 bar e sensor de temperatura integrado.","breadcrumb":{"@id":"https:\/\/recambiosecogas.com\/pt-pt\/produto\/zeta-s-reductor-con-sensor-de-temperatura-1-4-bar-hasta-250-kw\/#breadcrumb"},"inLanguage":"pt-PT","potentialAction":[{"@type":"ReadAction","target":["https:\/\/recambiosecogas.com\/pt-pt\/produto\/zeta-s-reductor-con-sensor-de-temperatura-1-4-bar-hasta-250-kw\/"]}]},{"@type":"ImageObject","inLanguage":"pt-PT","@id":"https:\/\/recambiosecogas.com\/pt-pt\/produto\/zeta-s-reductor-con-sensor-de-temperatura-1-4-bar-hasta-250-kw\/#primaryimage","url":"https:\/\/recambiosecogas.com\/wp-content\/uploads\/2024\/10\/Zeta-N-reductor-con-sensor-de-temperatura-1.2-bar-hasta-140-kW-png.webp","contentUrl":"https:\/\/recambiosecogas.com\/wp-content\/uploads\/2024\/10\/Zeta-N-reductor-con-sensor-de-temperatura-1.2-bar-hasta-140-kW-png.webp","width":1000,"height":1000,"caption":"Reductor Zeta S con sensor temp. hasta 250kw 1.4bar"},{"@type":"BreadcrumbList","@id":"https:\/\/recambiosecogas.com\/pt-pt\/produto\/zeta-s-reductor-con-sensor-de-temperatura-1-4-bar-hasta-250-kw\/#breadcrumb","itemListElement":[{"@type":"ListItem","position":1,"name":"P\u00e1gina inicial","item":"https:\/\/recambiosecogas.com\/pt-pt\/"},{"@type":"ListItem","position":2,"name":"Loja","item":"https:\/\/recambiosecogas.com\/pt-pt\/tienda\/"},{"@type":"ListItem","position":3,"name":"Redutor Zeta S com sensor de temperatura at\u00e9 250kw 1,4bar"}]},{"@type":"WebSite","@id":"https:\/\/recambiosecogas.com\/pt-pt\/#website","url":"https:\/\/recambiosecogas.com\/pt-pt\/","name":"Recambios EcoGas","description":"Pe\u00e7as multimarca para sistemas de GPL\/GNC\/GNL\/Hidrog\u00e9nio","publisher":{"@id":"https:\/\/recambiosecogas.com\/pt-pt\/#organization"},"alternateName":"Recambios Autogas GLP","potentialAction":[{"@type":"SearchAction","target":{"@type":"EntryPoint","urlTemplate":"https:\/\/recambiosecogas.com\/pt-pt\/?s={search_term_string}"},"query-input":{"@type":"PropertyValueSpecification","valueRequired":true,"valueName":"search_term_string"}}],"inLanguage":"pt-PT"},{"@type":["Organization","Place"],"@id":"https:\/\/recambiosecogas.com\/pt-pt\/#organization","name":"Recambios EcoGas","alternateName":"Loja de GPL Autog\u00e1s Espanha","url":"https:\/\/recambiosecogas.com\/pt-pt\/","logo":{"@id":"https:\/\/recambiosecogas.com\/pt-pt\/produto\/zeta-s-reductor-con-sensor-de-temperatura-1-4-bar-hasta-250-kw\/#local-main-organization-logo"},"image":{"@id":"https:\/\/recambiosecogas.com\/pt-pt\/produto\/zeta-s-reductor-con-sensor-de-temperatura-1-4-bar-hasta-250-kw\/#local-main-organization-logo"},"sameAs":["https:\/\/www.facebook.com\/profile.php?id=100062419705358","https:\/\/www.instagram.com\/segimon_automocio"],"description":"Recambios EcoGas \u2013 Venta y distribuci\u00f3n de sistemas GLP y GNC en Espa\u00f1a y Portugal. Env\u00edos 24 h, soporte t\u00e9cnico a talleres y distribuidores.","hasMerchantReturnPolicy":{"@type":"MerchantReturnPolicy","merchantReturnLink":"https:\/\/recambiosecogas.com\/politicas-privacidad\/"},"address":{"@id":"https:\/\/recambiosecogas.com\/pt-pt\/produto\/zeta-s-reductor-con-sensor-de-temperatura-1-4-bar-hasta-250-kw\/#local-main-place-address"},"telephone":["616250633"],"contactPoint":{"@type":"ContactPoint","email":"export@recambiosecogas.com"},"openingHoursSpecification":[{"@type":"OpeningHoursSpecification","dayOfWeek":["Monday","Tuesday","Wednesday","Thursday","Friday","Saturday","Sunday"],"opens":"09:00","closes":"17:00"}],"email":"info@recambiosecogas.com","faxNumber":"SEGIMON AUTOMOCION SL","vatID":"ESB19819861","globalLocationNumber":"938 616 339"},{"@type":"PostalAddress","@id":"https:\/\/recambiosecogas.com\/pt-pt\/produto\/zeta-s-reductor-con-sensor-de-temperatura-1-4-bar-hasta-250-kw\/#local-main-place-address","streetAddress":"cami antic de vic, 29 (Nave 3), Pol\u00edgono Industrial Congost","addressLocality":"CORRO D`AVALL","postalCode":"08520","addressRegion":"Barcelona","addressCountry":"ES"},{"@type":"ImageObject","inLanguage":"pt-PT","@id":"https:\/\/recambiosecogas.com\/pt-pt\/produto\/zeta-s-reductor-con-sensor-de-temperatura-1-4-bar-hasta-250-kw\/#local-main-organization-logo","url":"https:\/\/recambiosecogas.com\/wp-content\/uploads\/2024\/11\/cropped-RECAMBIOS-GLP-png.webp","contentUrl":"https:\/\/recambiosecogas.com\/wp-content\/uploads\/2024\/11\/cropped-RECAMBIOS-GLP-png.webp","width":512,"height":512,"caption":"Recambios EcoGas"}]},"product_price_amount":"95.15","product_price_currency":"EUR","og_availability":"backorder","product_availability":"available for order","product_retailer_item_id":"100464","product_condition":"new","geo.placename":"CORRO D`AVALL","geo.region":"Espanha"},"uagb_featured_image_src":{"full":["https:\/\/recambiosecogas.com\/wp-content\/uploads\/2024\/10\/Zeta-N-reductor-con-sensor-de-temperatura-1.2-bar-hasta-140-kW-png.webp",1000,1000,false],"thumbnail":["https:\/\/recambiosecogas.com\/wp-content\/uploads\/2024\/10\/Zeta-N-reductor-con-sensor-de-temperatura-1.2-bar-hasta-140-kW-150x150.webp",150,150,true],"medium":["https:\/\/recambiosecogas.com\/wp-content\/uploads\/2024\/10\/Zeta-N-reductor-con-sensor-de-temperatura-1.2-bar-hasta-140-kW-300x300.webp",300,300,true],"medium_large":["https:\/\/recambiosecogas.com\/wp-content\/uploads\/2024\/10\/Zeta-N-reductor-con-sensor-de-temperatura-1.2-bar-hasta-140-kW-768x768.webp",768,768,true],"large":["https:\/\/recambiosecogas.com\/wp-content\/uploads\/2024\/10\/Zeta-N-reductor-con-sensor-de-temperatura-1.2-bar-hasta-140-kW-png.webp",1000,1000,false],"1536x1536":["https:\/\/recambiosecogas.com\/wp-content\/uploads\/2024\/10\/Zeta-N-reductor-con-sensor-de-temperatura-1.2-bar-hasta-140-kW-png.webp",1000,1000,false],"2048x2048":["https:\/\/recambiosecogas.com\/wp-content\/uploads\/2024\/10\/Zeta-N-reductor-con-sensor-de-temperatura-1.2-bar-hasta-140-kW-png.webp",1000,1000,false],"woocommerce_archive_thumbnail":["https:\/\/recambiosecogas.com\/wp-content\/uploads\/2024\/10\/Zeta-N-reductor-con-sensor-de-temperatura-1.2-bar-hasta-140-kW-png.webp",1000,1000,false],"woocommerce_thumbnail":["https:\/\/recambiosecogas.com\/wp-content\/uploads\/2024\/10\/Zeta-N-reductor-con-sensor-de-temperatura-1.2-bar-hasta-140-kW-png-300x300.webp",300,300,true],"woocommerce_single":["https:\/\/recambiosecogas.com\/wp-content\/uploads\/2024\/10\/Zeta-N-reductor-con-sensor-de-temperatura-1.2-bar-hasta-140-kW-png.webp",1000,1000,false],"woocommerce_gallery_thumbnail":["https:\/\/recambiosecogas.com\/wp-content\/uploads\/2024\/10\/Zeta-N-reductor-con-sensor-de-temperatura-1.2-bar-hasta-140-kW-png.webp",1000,1000,false],"dgwt-wcas-product-suggestion":["https:\/\/recambiosecogas.com\/wp-content\/uploads\/2024\/10\/Zeta-N-reductor-con-sensor-de-temperatura-1.2-bar-hasta-140-kW-png-64x64.webp",64,64,true]},"uagb_author_info":{"display_name":"Fran - Soporte T\u00e9cnico","author_link":"https:\/\/recambiosecogas.com\/pt-pt\/author\/"},"uagb_comment_info":0,"uagb_excerpt":"Redutor Zeta S com sensor de temperatura (1,4 bar at\u00e9 250 kW)","_links":{"self":[{"href":"https:\/\/recambiosecogas.com\/pt-pt\/wp-json\/wp\/v2\/product\/47017","targetHints":{"allow":["GET"]}}],"collection":[{"href":"https:\/\/recambiosecogas.com\/pt-pt\/wp-json\/wp\/v2\/product"}],"about":[{"href":"https:\/\/recambiosecogas.com\/pt-pt\/wp-json\/wp\/v2\/types\/product"}],"replies":[{"embeddable":true,"href":"https:\/\/recambiosecogas.com\/pt-pt\/wp-json\/wp\/v2\/comments?post=47017"}],"wp:featuredmedia":[{"embeddable":true,"href":"https:\/\/recambiosecogas.com\/pt-pt\/wp-json\/wp\/v2\/media\/6673"}],"wp:attachment":[{"href":"https:\/\/recambiosecogas.com\/pt-pt\/wp-json\/wp\/v2\/media?parent=47017"}],"wp:term":[{"taxonomy":"product_brand","embeddable":true,"href":"https:\/\/recambiosecogas.com\/pt-pt\/wp-json\/wp\/v2\/product_brand?post=47017"},{"taxonomy":"product_cat","embeddable":true,"href":"https:\/\/recambiosecogas.com\/pt-pt\/wp-json\/wp\/v2\/product_cat?post=47017"},{"taxonomy":"product_tag","embeddable":true,"href":"https:\/\/recambiosecogas.com\/pt-pt\/wp-json\/wp\/v2\/product_tag?post=47017"}],"curies":[{"name":"wp","href":"https:\/\/api.w.org\/{rel}","templated":true}]}}