{"id":47011,"date":"2024-10-19T14:23:50","date_gmt":"2024-10-19T13:23:50","guid":{"rendered":"https:\/\/recambiosecogas.com\/producto\/tomasetto-reductor-at09-nordic-hasta-125-kw\/"},"modified":"2026-04-27T09:20:38","modified_gmt":"2026-04-27T08:20:38","slug":"tomasetto-reductor-at09-nordic-hasta-125-kw","status":"publish","type":"product","link":"https:\/\/recambiosecogas.com\/pt-pt\/producto\/tomasetto-reductor-at09-nordic-hasta-125-kw\/","title":{"rendered":"Caixa de velocidades Tomasetto AT09 Nordic (at\u00e9 125 kW)"},"content":{"rendered":"<h3 style=\"text-align: center;\">Caixa de velocidades Tomasetto AT09 Nordic (at\u00e9 125 kW)<\/h3>\n<div>\n<table>\n<tbody>\n<tr>\n<td><strong>Dados t\u00e9cnicos do redutor de edred\u00e3o AT09<\/strong><\/td>\n<\/tr>\n<tr>\n<td>Materiais<\/td>\n<td>\n<div>Alum\u00ednio fundido<\/div>\n<\/td>\n<\/tr>\n<tr>\n<td>Peso<\/td>\n<td>\n<div>1,3 kg<\/div>\n<\/td>\n<\/tr>\n<tr>\n<td>Dimens\u00f5es<\/td>\n<td>\n<div>125x125x105 mm<\/div>\n<\/td>\n<\/tr>\n<tr>\n<td>Press\u00e3o m\u00e1xima de entrada<\/td>\n<td>\n<div>3 MPa<\/div>\n<\/td>\n<\/tr>\n<tr>\n<td>Press\u00e3o de sa\u00edda<\/td>\n<td>\n<div>vari\u00e1vel de 90 a 180 kPa*<\/div>\n<\/td>\n<\/tr>\n<tr>\n<td>Tens\u00e3o da bobina<\/td>\n<td>\n<div>12 V CC<\/div>\n<\/td>\n<\/tr>\n<tr>\n<td>Pot\u00eancia das bobinas<\/td>\n<td>\n<div>17 W<\/div>\n<\/td>\n<\/tr>\n<tr>\n<td>Liga\u00e7\u00e3o \u00e0 entrada<\/td>\n<td>\n<div>Cabo M10x1 \u00f86 mm<\/div>\n<\/td>\n<\/tr>\n<tr>\n<td>Liga\u00e7\u00e3o na tomada<\/td>\n<td>\n<div>Liga\u00e7\u00e3o de mangueira \u00f812 mm<\/div>\n<\/td>\n<\/tr>\n<tr>\n<td>Pot\u00eancia de Sa\u00edda<\/td>\n<td>\n<div>at\u00e9 125 KW<\/div>\n<\/td>\n<\/tr>\n<\/tbody>\n<\/table>\n<p>*sem liga\u00e7\u00e3o ao motor<\/p>\n<\/div>\n<p>Temperaturas mais baixas podem reduzir a efici\u00eancia do redutor e o desempenho do motor; Em caso de temperaturas ambientes mais elevadas, a caixa de velocidades tamb\u00e9m pode ser usada em motores mais potentes.<\/p>\n<p data-start=\"177\" data-end=\"545\"><strong data-start=\"180\" data-end=\"214\">Tomasetto Reductor AT09 Nordic<\/strong> \u00e9 um <strong data-start=\"221\" data-end=\"263\">vaporizador de GPL de alto desempenho<\/strong> , concebido para regular a press\u00e3o do g\u00e1s e garantir uma convers\u00e3o eficiente em motores <strong data-start=\"358\" data-end=\"374\">at\u00e9 125 kW<\/strong> . A sua constru\u00e7\u00e3o <strong data-start=\"394\" data-end=\"414\">em alum\u00ednio<\/strong> fundido torna-o resistente e leve, <strong data-start=\"459\" data-end=\"469\">pesando 1,3 kg<\/strong> , facilitando a sua instala\u00e7\u00e3o em qualquer sistema de convers\u00e3o <strong data-start=\"535\" data-end=\"542\">de GPL<\/strong> . <\/p>\n<p data-start=\"547\" data-end=\"821\">Este modelo tem uma <strong data-start=\"574\" data-end=\"621\">press\u00e3o de sa\u00edda ajust\u00e1vel de 90 a 180 kPa<\/strong> , permitindo uma regula\u00e7\u00e3o \u00f3tima de acordo com as necessidades do motor. A <strong data-start=\"693\" data-end=\"740\">sua press\u00e3o m\u00e1xima de entrada de 3 MPa (30 bar)<\/strong> assegura um fornecimento est\u00e1vel de g\u00e1s, evitando flutua\u00e7\u00f5es na combust\u00e3o. <\/p>\n<p data-start=\"1103\" data-end=\"1264\">Aprovado ao abrigo da norma <strong data-start=\"1132\" data-end=\"1150\">E8 67R-01 4066<\/strong> , este redutor cumpre os mais elevados padr\u00f5es de seguran\u00e7a e qualidade para ve\u00edculos convertidos a <strong data-start=\"1254\" data-end=\"1261\">GPL<\/strong> .<\/p>\n<h3 data-start=\"1266\" data-end=\"1304\"><strong data-start=\"1270\" data-end=\"1302\">Carater\u00edsticas e vantagens<\/strong><\/h3>\n<ul data-start=\"1305\" data-end=\"2292\">\n<li data-start=\"1305\" data-end=\"1418\"><strong data-start=\"1307\" data-end=\"1355\">Redutor de GPL para motores at\u00e9 125 kW<\/strong> : Regula\u00e7\u00e3o eficiente da press\u00e3o para combust\u00e3o \u00f3tima.<\/li>\n<li data-start=\"1419\" data-end=\"1517\"><strong data-start=\"1421\" data-end=\"1466\">Press\u00e3o de sa\u00edda vari\u00e1vel (90 a 180 kPa):<\/strong> Ajuste preciso conforme as necessidades do motor.<\/li>\n<li data-start=\"1518\" data-end=\"1591\"><strong data-start=\"1520\" data-end=\"1556\">Constru\u00e7\u00e3o em alum\u00ednio fundido<\/strong> : Alta resist\u00eancia e durabilidade.<\/li>\n<li data-start=\"1592\" data-end=\"1685\"><strong data-start=\"1594\" data-end=\"1640\">Press\u00e3o de entrada at\u00e9 3 MPa (30 bar):<\/strong> Assegura um fornecimento constante de g\u00e1s.<\/li>\n<li data-start=\"1686\" data-end=\"1777\"><strong data-start=\"1688\" data-end=\"1714\">Bobina 12V DC &#8211; 17W<\/strong> : Maior efici\u00eancia energ\u00e9tica e estabilidade de convers\u00e3o.<\/li>\n<li data-start=\"1778\" data-end=\"1897\"><strong data-start=\"1780\" data-end=\"1803\">Liga\u00e7\u00f5es padr\u00e3o<\/strong> :\n<ul data-start=\"1809\" data-end=\"1897\">\n<li data-start=\"1809\" data-end=\"1855\"><strong data-start=\"1811\" data-end=\"1829\">Entrada de g\u00e1s<\/strong> : M10x1 para tubo de \u00d86 mm.<\/li>\n<li data-start=\"1858\" data-end=\"1897\"><strong data-start=\"1860\" data-end=\"1877\">Sa\u00edda de g\u00e1s<\/strong> : Mangueira \u00d812 mm.<\/li>\n<\/ul>\n<\/li>\n<li data-start=\"1898\" data-end=\"2005\"><strong data-start=\"1900\" data-end=\"1931\">Aprova\u00e7\u00e3o E8 67R-01 4066<\/strong> : Cumpre os padr\u00f5es de seguran\u00e7a e qualidade para sistemas de GPL.<\/li>\n<li data-start=\"2006\" data-end=\"2122\"><strong data-start=\"2008\" data-end=\"2036\">Design compacto e leve<\/strong> : dimens\u00f5es <strong data-start=\"2053\" data-end=\"2071\">de 125x125x105 mm<\/strong> e <strong data-start=\"2082\" data-end=\"2092\">peso de 1,3 kg<\/strong> para f\u00e1cil instala\u00e7\u00e3o.<\/li>\n<\/ul>\n<p>ARRANJA MAIS <a href=\"https:\/\/recambiosecogas.com\/pt-pt\/categoria-produto\/reguladores-de-pressao\/redutor-glp\/\">CAIXAS DE VELOCIDADES<\/a> ,<a href=\"https:\/\/recambiosecogas.com\/pt-pt\/produto\/kit-de-reparacao-impco-para-redutor-de-gpl-modelo-l\/\"> KITS DE REPARA\u00c7\u00c3O, <\/a><a href=\"http:\/\/www.segimonautomocio.com\">CONVERTE PARA LPG<\/a><\/p>\n","protected":false},"excerpt":{"rendered":"<p>Reducer Tomasetto AT09 Nordic (at\u00e9 125 kW)<\/p>\n","protected":false},"featured_media":6686,"comment_status":"open","ping_status":"closed","template":"","meta":{"_uag_custom_page_level_css":""},"product_brand":[],"product_cat":[1066,1065,1791],"product_tag":[],"class_list":{"0":"post-47011","1":"product","2":"type-product","3":"status-publish","4":"has-post-thumbnail","6":"product_cat-redutor-glp","7":"product_cat-reguladores-de-pressao","8":"product_cat-tomasseto-achile-pt-pt","10":"first","11":"onbackorder","12":"taxable","13":"shipping-taxable","14":"purchasable","15":"product-type-simple"},"ct_brands":[],"yoast_head":"<!-- This site is optimized with the Yoast SEO Premium plugin v27.5 (Yoast SEO v27.5) - https:\/\/yoast.com\/product\/yoast-seo-premium-wordpress\/ -->\n<title>Caixa de velocidades Tomasetto AT09 Nordic (at\u00e9 125 kW) | Recambios EcoGas | Sistemas GLP y GNC<\/title>\n<meta name=\"description\" content=\"Reducer Tomasetto AT09 Nordic XP \u00e9 um vaporizador de GPL de alto desempenho, com press\u00e3o ajust\u00e1vel entre 90 e 180 kPa. Compre online\" \/>\n<meta name=\"robots\" content=\"index, follow, max-snippet:-1, max-image-preview:large, max-video-preview:-1\" \/>\n<link rel=\"canonical\" href=\"https:\/\/recambiosecogas.com\/pt-pt\/producto\/tomasetto-reductor-at09-nordic-hasta-125-kw\/\" \/>\n<meta property=\"og:locale\" content=\"pt_PT\" \/>\n<meta property=\"og:type\" content=\"article\" \/>\n<meta property=\"og:title\" content=\"Caixa de velocidades Tomasetto AT09 Nordic (at\u00e9 125 kW)\" \/>\n<meta property=\"og:description\" content=\"Reducer Tomasetto AT09 Nordic XP \u00e9 um vaporizador de GPL de alto desempenho, com press\u00e3o ajust\u00e1vel entre 90 e 180 kPa. Compre online\" \/>\n<meta property=\"og:url\" content=\"https:\/\/recambiosecogas.com\/pt-pt\/producto\/tomasetto-reductor-at09-nordic-hasta-125-kw\/\" \/>\n<meta property=\"og:site_name\" content=\"Recambios EcoGas\" \/>\n<meta property=\"article:publisher\" content=\"https:\/\/www.facebook.com\/profile.php?id=100062419705358\" \/>\n<meta property=\"article:modified_time\" content=\"2026-04-27T08:20:38+00:00\" \/>\n<meta property=\"og:image\" content=\"https:\/\/recambiosecogas.com\/wp-content\/uploads\/2024\/10\/Tomasetto-reductor-AT09-Nordic-hasta-125-kW-png.webp\" \/>\n\t<meta property=\"og:image:width\" content=\"1000\" \/>\n\t<meta property=\"og:image:height\" content=\"1000\" \/>\n\t<meta property=\"og:image:type\" content=\"image\/png\" \/>\n<meta name=\"twitter:card\" content=\"summary_large_image\" \/>\n<meta name=\"twitter:label1\" content=\"pre\u00e7o\" \/>\n\t<meta name=\"twitter:data1\" content=\"70,17&nbsp;&euro; (Sin IVA: 57,99&nbsp;&euro;)\" \/>\n\t<meta name=\"twitter:label2\" content=\"Disponibilidade\" \/>\n\t<meta name=\"twitter:data2\" content=\"Por encomenda\" \/>\n<script type=\"application\/ld+json\" class=\"yoast-schema-graph\">{\"@context\":\"https:\\\/\\\/schema.org\",\"@graph\":[{\"@type\":\"WebPage\",\"@id\":\"https:\\\/\\\/recambiosecogas.com\\\/pt-pt\\\/producto\\\/tomasetto-reductor-at09-nordic-hasta-125-kw\\\/\",\"url\":\"https:\\\/\\\/recambiosecogas.com\\\/pt-pt\\\/producto\\\/tomasetto-reductor-at09-nordic-hasta-125-kw\\\/\",\"name\":\"Caixa de velocidades Tomasetto AT09 Nordic (at\u00e9 125 kW) | Recambios EcoGas | Sistemas GLP y GNC\",\"isPartOf\":{\"@id\":\"https:\\\/\\\/recambiosecogas.com\\\/pt-pt\\\/#website\"},\"primaryImageOfPage\":{\"@id\":\"https:\\\/\\\/recambiosecogas.com\\\/pt-pt\\\/producto\\\/tomasetto-reductor-at09-nordic-hasta-125-kw\\\/#primaryimage\"},\"image\":{\"@id\":\"https:\\\/\\\/recambiosecogas.com\\\/pt-pt\\\/producto\\\/tomasetto-reductor-at09-nordic-hasta-125-kw\\\/#primaryimage\"},\"thumbnailUrl\":\"https:\\\/\\\/recambiosecogas.com\\\/wp-content\\\/uploads\\\/2024\\\/10\\\/Tomasetto-reductor-AT09-Nordic-hasta-125-kW-png.webp\",\"datePublished\":\"2024-10-19T13:23:50+00:00\",\"dateModified\":\"2026-04-27T08:20:38+00:00\",\"description\":\"Reducer Tomasetto AT09 Nordic XP \u00e9 um vaporizador de GPL de alto desempenho, com press\u00e3o ajust\u00e1vel entre 90 e 180 kPa. Compre online\",\"breadcrumb\":{\"@id\":\"https:\\\/\\\/recambiosecogas.com\\\/pt-pt\\\/producto\\\/tomasetto-reductor-at09-nordic-hasta-125-kw\\\/#breadcrumb\"},\"inLanguage\":\"pt-PT\",\"potentialAction\":[{\"@type\":\"ReadAction\",\"target\":[\"https:\\\/\\\/recambiosecogas.com\\\/pt-pt\\\/producto\\\/tomasetto-reductor-at09-nordic-hasta-125-kw\\\/\"]}]},{\"@type\":\"ImageObject\",\"inLanguage\":\"pt-PT\",\"@id\":\"https:\\\/\\\/recambiosecogas.com\\\/pt-pt\\\/producto\\\/tomasetto-reductor-at09-nordic-hasta-125-kw\\\/#primaryimage\",\"url\":\"https:\\\/\\\/recambiosecogas.com\\\/wp-content\\\/uploads\\\/2024\\\/10\\\/Tomasetto-reductor-AT09-Nordic-hasta-125-kW-png.webp\",\"contentUrl\":\"https:\\\/\\\/recambiosecogas.com\\\/wp-content\\\/uploads\\\/2024\\\/10\\\/Tomasetto-reductor-AT09-Nordic-hasta-125-kW-png.webp\",\"width\":1000,\"height\":1000,\"caption\":\"Reductor Tomasetto AT09 Nordic Tomasetto Achille\"},{\"@type\":\"BreadcrumbList\",\"@id\":\"https:\\\/\\\/recambiosecogas.com\\\/pt-pt\\\/producto\\\/tomasetto-reductor-at09-nordic-hasta-125-kw\\\/#breadcrumb\",\"itemListElement\":[{\"@type\":\"ListItem\",\"position\":1,\"name\":\"P\u00e1gina inicial\",\"item\":\"https:\\\/\\\/recambiosecogas.com\\\/pt-pt\\\/\"},{\"@type\":\"ListItem\",\"position\":2,\"name\":\"Loja\",\"item\":\"https:\\\/\\\/recambiosecogas.com\\\/pt-pt\\\/tienda\\\/\"},{\"@type\":\"ListItem\",\"position\":3,\"name\":\"Caixa de velocidades Tomasetto AT09 Nordic (at\u00e9 125 kW)\"}]},{\"@type\":\"WebSite\",\"@id\":\"https:\\\/\\\/recambiosecogas.com\\\/pt-pt\\\/#website\",\"url\":\"https:\\\/\\\/recambiosecogas.com\\\/pt-pt\\\/\",\"name\":\"Recambios EcoGas\",\"description\":\"Pe\u00e7as multimarca para sistemas de GPL\\\/GNC\\\/GNL\\\/Hidrog\u00e9nio\",\"publisher\":{\"@id\":\"https:\\\/\\\/recambiosecogas.com\\\/pt-pt\\\/#organization\"},\"alternateName\":\"Recambios Autogas GLP\",\"potentialAction\":[{\"@type\":\"SearchAction\",\"target\":{\"@type\":\"EntryPoint\",\"urlTemplate\":\"https:\\\/\\\/recambiosecogas.com\\\/pt-pt\\\/?s={search_term_string}\"},\"query-input\":{\"@type\":\"PropertyValueSpecification\",\"valueRequired\":true,\"valueName\":\"search_term_string\"}}],\"inLanguage\":\"pt-PT\"},{\"@type\":[\"Organization\",\"Place\"],\"@id\":\"https:\\\/\\\/recambiosecogas.com\\\/pt-pt\\\/#organization\",\"name\":\"Recambios EcoGas\",\"alternateName\":\"Loja de GPL Autog\u00e1s Espanha\",\"url\":\"https:\\\/\\\/recambiosecogas.com\\\/pt-pt\\\/\",\"logo\":{\"@id\":\"https:\\\/\\\/recambiosecogas.com\\\/pt-pt\\\/producto\\\/tomasetto-reductor-at09-nordic-hasta-125-kw\\\/#local-main-organization-logo\"},\"image\":{\"@id\":\"https:\\\/\\\/recambiosecogas.com\\\/pt-pt\\\/producto\\\/tomasetto-reductor-at09-nordic-hasta-125-kw\\\/#local-main-organization-logo\"},\"sameAs\":[\"https:\\\/\\\/www.facebook.com\\\/profile.php?id=100062419705358\",\"https:\\\/\\\/www.instagram.com\\\/segimon_automocio\"],\"description\":\"Recambios EcoGas \u2013 Venta y distribuci\u00f3n de sistemas GLP y GNC en Espa\u00f1a y Portugal. Env\u00edos 24 h, soporte t\u00e9cnico a talleres y distribuidores.\",\"hasMerchantReturnPolicy\":{\"@type\":\"MerchantReturnPolicy\",\"merchantReturnLink\":\"https:\\\/\\\/recambiosecogas.com\\\/politicas-privacidad\\\/\"},\"address\":{\"@id\":\"https:\\\/\\\/recambiosecogas.com\\\/pt-pt\\\/producto\\\/tomasetto-reductor-at09-nordic-hasta-125-kw\\\/#local-main-place-address\"},\"telephone\":[\"616250633\"],\"contactPoint\":{\"@type\":\"ContactPoint\",\"email\":\"export@recambiosecogas.com\"},\"openingHoursSpecification\":[{\"@type\":\"OpeningHoursSpecification\",\"dayOfWeek\":[\"Monday\",\"Tuesday\",\"Wednesday\",\"Thursday\",\"Friday\",\"Saturday\",\"Sunday\"],\"opens\":\"09:00\",\"closes\":\"17:00\"}],\"email\":\"info@recambiosecogas.com\",\"faxNumber\":\"SEGIMON AUTOMOCION SL\",\"vatID\":\"ESB19819861\",\"globalLocationNumber\":\"938 616 339\"},{\"@type\":\"PostalAddress\",\"@id\":\"https:\\\/\\\/recambiosecogas.com\\\/pt-pt\\\/producto\\\/tomasetto-reductor-at09-nordic-hasta-125-kw\\\/#local-main-place-address\",\"streetAddress\":\"cami antic de vic, 29 (Nave 3), Pol\u00edgono Industrial Congost\",\"addressLocality\":\"CORRO D`AVALL\",\"postalCode\":\"08520\",\"addressRegion\":\"Barcelona\",\"addressCountry\":\"ES\"},{\"@type\":\"ImageObject\",\"inLanguage\":\"pt-PT\",\"@id\":\"https:\\\/\\\/recambiosecogas.com\\\/pt-pt\\\/producto\\\/tomasetto-reductor-at09-nordic-hasta-125-kw\\\/#local-main-organization-logo\",\"url\":\"https:\\\/\\\/recambiosecogas.com\\\/wp-content\\\/uploads\\\/2024\\\/11\\\/cropped-RECAMBIOS-GLP-png.webp\",\"contentUrl\":\"https:\\\/\\\/recambiosecogas.com\\\/wp-content\\\/uploads\\\/2024\\\/11\\\/cropped-RECAMBIOS-GLP-png.webp\",\"width\":512,\"height\":512,\"caption\":\"Recambios EcoGas\"}]}<\/script>\n<meta property=\"product:price:amount\" content=\"70.17\" \/>\n<meta property=\"product:price:currency\" content=\"EUR\" \/>\n<meta property=\"og:availability\" content=\"backorder\" \/>\n<meta property=\"product:availability\" content=\"available for order\" \/>\n<meta property=\"product:retailer_item_id\" content=\"107463\" \/>\n<meta property=\"product:condition\" content=\"new\" \/>\n<meta name=\"geo.placename\" content=\"CORRO D`AVALL\" \/>\n<meta name=\"geo.region\" content=\"Espanha\" \/>\n<!-- \/ Yoast SEO Premium plugin. -->","yoast_head_json":{"title":"Caixa de velocidades Tomasetto AT09 Nordic (at\u00e9 125 kW) | Recambios EcoGas | Sistemas GLP y GNC","description":"Reducer Tomasetto AT09 Nordic XP \u00e9 um vaporizador de GPL de alto desempenho, com press\u00e3o ajust\u00e1vel entre 90 e 180 kPa. Compre online","robots":{"index":"index","follow":"follow","max-snippet":"max-snippet:-1","max-image-preview":"max-image-preview:large","max-video-preview":"max-video-preview:-1"},"canonical":"https:\/\/recambiosecogas.com\/pt-pt\/producto\/tomasetto-reductor-at09-nordic-hasta-125-kw\/","og_locale":"pt_PT","og_type":"article","og_title":"Caixa de velocidades Tomasetto AT09 Nordic (at\u00e9 125 kW)","og_description":"Reducer Tomasetto AT09 Nordic XP \u00e9 um vaporizador de GPL de alto desempenho, com press\u00e3o ajust\u00e1vel entre 90 e 180 kPa. Compre online","og_url":"https:\/\/recambiosecogas.com\/pt-pt\/producto\/tomasetto-reductor-at09-nordic-hasta-125-kw\/","og_site_name":"Recambios EcoGas","article_publisher":"https:\/\/www.facebook.com\/profile.php?id=100062419705358","article_modified_time":"2026-04-27T08:20:38+00:00","og_image":[{"width":1000,"height":1000,"url":"https:\/\/recambiosecogas.com\/wp-content\/uploads\/2024\/10\/Tomasetto-reductor-AT09-Nordic-hasta-125-kW-png.webp","type":"image\/png"}],"twitter_card":"summary_large_image","twitter_misc":{"pre\u00e7o":"70,17&nbsp;&euro; (Sin IVA: 57,99&nbsp;&euro;)","Disponibilidade":"Por encomenda"},"schema":{"@context":"https:\/\/schema.org","@graph":[{"@type":"WebPage","@id":"https:\/\/recambiosecogas.com\/pt-pt\/producto\/tomasetto-reductor-at09-nordic-hasta-125-kw\/","url":"https:\/\/recambiosecogas.com\/pt-pt\/producto\/tomasetto-reductor-at09-nordic-hasta-125-kw\/","name":"Caixa de velocidades Tomasetto AT09 Nordic (at\u00e9 125 kW) | Recambios EcoGas | Sistemas GLP y GNC","isPartOf":{"@id":"https:\/\/recambiosecogas.com\/pt-pt\/#website"},"primaryImageOfPage":{"@id":"https:\/\/recambiosecogas.com\/pt-pt\/producto\/tomasetto-reductor-at09-nordic-hasta-125-kw\/#primaryimage"},"image":{"@id":"https:\/\/recambiosecogas.com\/pt-pt\/producto\/tomasetto-reductor-at09-nordic-hasta-125-kw\/#primaryimage"},"thumbnailUrl":"https:\/\/recambiosecogas.com\/wp-content\/uploads\/2024\/10\/Tomasetto-reductor-AT09-Nordic-hasta-125-kW-png.webp","datePublished":"2024-10-19T13:23:50+00:00","dateModified":"2026-04-27T08:20:38+00:00","description":"Reducer Tomasetto AT09 Nordic XP \u00e9 um vaporizador de GPL de alto desempenho, com press\u00e3o ajust\u00e1vel entre 90 e 180 kPa. Compre online","breadcrumb":{"@id":"https:\/\/recambiosecogas.com\/pt-pt\/producto\/tomasetto-reductor-at09-nordic-hasta-125-kw\/#breadcrumb"},"inLanguage":"pt-PT","potentialAction":[{"@type":"ReadAction","target":["https:\/\/recambiosecogas.com\/pt-pt\/producto\/tomasetto-reductor-at09-nordic-hasta-125-kw\/"]}]},{"@type":"ImageObject","inLanguage":"pt-PT","@id":"https:\/\/recambiosecogas.com\/pt-pt\/producto\/tomasetto-reductor-at09-nordic-hasta-125-kw\/#primaryimage","url":"https:\/\/recambiosecogas.com\/wp-content\/uploads\/2024\/10\/Tomasetto-reductor-AT09-Nordic-hasta-125-kW-png.webp","contentUrl":"https:\/\/recambiosecogas.com\/wp-content\/uploads\/2024\/10\/Tomasetto-reductor-AT09-Nordic-hasta-125-kW-png.webp","width":1000,"height":1000,"caption":"Reductor Tomasetto AT09 Nordic Tomasetto Achille"},{"@type":"BreadcrumbList","@id":"https:\/\/recambiosecogas.com\/pt-pt\/producto\/tomasetto-reductor-at09-nordic-hasta-125-kw\/#breadcrumb","itemListElement":[{"@type":"ListItem","position":1,"name":"P\u00e1gina inicial","item":"https:\/\/recambiosecogas.com\/pt-pt\/"},{"@type":"ListItem","position":2,"name":"Loja","item":"https:\/\/recambiosecogas.com\/pt-pt\/tienda\/"},{"@type":"ListItem","position":3,"name":"Caixa de velocidades Tomasetto AT09 Nordic (at\u00e9 125 kW)"}]},{"@type":"WebSite","@id":"https:\/\/recambiosecogas.com\/pt-pt\/#website","url":"https:\/\/recambiosecogas.com\/pt-pt\/","name":"Recambios EcoGas","description":"Pe\u00e7as multimarca para sistemas de GPL\/GNC\/GNL\/Hidrog\u00e9nio","publisher":{"@id":"https:\/\/recambiosecogas.com\/pt-pt\/#organization"},"alternateName":"Recambios Autogas GLP","potentialAction":[{"@type":"SearchAction","target":{"@type":"EntryPoint","urlTemplate":"https:\/\/recambiosecogas.com\/pt-pt\/?s={search_term_string}"},"query-input":{"@type":"PropertyValueSpecification","valueRequired":true,"valueName":"search_term_string"}}],"inLanguage":"pt-PT"},{"@type":["Organization","Place"],"@id":"https:\/\/recambiosecogas.com\/pt-pt\/#organization","name":"Recambios EcoGas","alternateName":"Loja de GPL Autog\u00e1s Espanha","url":"https:\/\/recambiosecogas.com\/pt-pt\/","logo":{"@id":"https:\/\/recambiosecogas.com\/pt-pt\/producto\/tomasetto-reductor-at09-nordic-hasta-125-kw\/#local-main-organization-logo"},"image":{"@id":"https:\/\/recambiosecogas.com\/pt-pt\/producto\/tomasetto-reductor-at09-nordic-hasta-125-kw\/#local-main-organization-logo"},"sameAs":["https:\/\/www.facebook.com\/profile.php?id=100062419705358","https:\/\/www.instagram.com\/segimon_automocio"],"description":"Recambios EcoGas \u2013 Venta y distribuci\u00f3n de sistemas GLP y GNC en Espa\u00f1a y Portugal. Env\u00edos 24 h, soporte t\u00e9cnico a talleres y distribuidores.","hasMerchantReturnPolicy":{"@type":"MerchantReturnPolicy","merchantReturnLink":"https:\/\/recambiosecogas.com\/politicas-privacidad\/"},"address":{"@id":"https:\/\/recambiosecogas.com\/pt-pt\/producto\/tomasetto-reductor-at09-nordic-hasta-125-kw\/#local-main-place-address"},"telephone":["616250633"],"contactPoint":{"@type":"ContactPoint","email":"export@recambiosecogas.com"},"openingHoursSpecification":[{"@type":"OpeningHoursSpecification","dayOfWeek":["Monday","Tuesday","Wednesday","Thursday","Friday","Saturday","Sunday"],"opens":"09:00","closes":"17:00"}],"email":"info@recambiosecogas.com","faxNumber":"SEGIMON AUTOMOCION SL","vatID":"ESB19819861","globalLocationNumber":"938 616 339"},{"@type":"PostalAddress","@id":"https:\/\/recambiosecogas.com\/pt-pt\/producto\/tomasetto-reductor-at09-nordic-hasta-125-kw\/#local-main-place-address","streetAddress":"cami antic de vic, 29 (Nave 3), Pol\u00edgono Industrial Congost","addressLocality":"CORRO D`AVALL","postalCode":"08520","addressRegion":"Barcelona","addressCountry":"ES"},{"@type":"ImageObject","inLanguage":"pt-PT","@id":"https:\/\/recambiosecogas.com\/pt-pt\/producto\/tomasetto-reductor-at09-nordic-hasta-125-kw\/#local-main-organization-logo","url":"https:\/\/recambiosecogas.com\/wp-content\/uploads\/2024\/11\/cropped-RECAMBIOS-GLP-png.webp","contentUrl":"https:\/\/recambiosecogas.com\/wp-content\/uploads\/2024\/11\/cropped-RECAMBIOS-GLP-png.webp","width":512,"height":512,"caption":"Recambios EcoGas"}]},"product_price_amount":"70.17","product_price_currency":"EUR","og_availability":"backorder","product_availability":"available for order","product_retailer_item_id":"107463","product_condition":"new","geo.placename":"CORRO D`AVALL","geo.region":"Espanha"},"uagb_featured_image_src":{"full":["https:\/\/recambiosecogas.com\/wp-content\/uploads\/2024\/10\/Tomasetto-reductor-AT09-Nordic-hasta-125-kW-png.webp",1000,1000,false],"thumbnail":["https:\/\/recambiosecogas.com\/wp-content\/uploads\/2024\/10\/Tomasetto-reductor-AT09-Nordic-hasta-125-kW-150x150.webp",150,150,true],"medium":["https:\/\/recambiosecogas.com\/wp-content\/uploads\/2024\/10\/Tomasetto-reductor-AT09-Nordic-hasta-125-kW-300x300.webp",300,300,true],"medium_large":["https:\/\/recambiosecogas.com\/wp-content\/uploads\/2024\/10\/Tomasetto-reductor-AT09-Nordic-hasta-125-kW-768x768.webp",768,768,true],"large":["https:\/\/recambiosecogas.com\/wp-content\/uploads\/2024\/10\/Tomasetto-reductor-AT09-Nordic-hasta-125-kW-png.webp",1000,1000,false],"1536x1536":["https:\/\/recambiosecogas.com\/wp-content\/uploads\/2024\/10\/Tomasetto-reductor-AT09-Nordic-hasta-125-kW-png.webp",1000,1000,false],"2048x2048":["https:\/\/recambiosecogas.com\/wp-content\/uploads\/2024\/10\/Tomasetto-reductor-AT09-Nordic-hasta-125-kW-png.webp",1000,1000,false],"woocommerce_archive_thumbnail":["https:\/\/recambiosecogas.com\/wp-content\/uploads\/2024\/10\/Tomasetto-reductor-AT09-Nordic-hasta-125-kW-png.webp",1000,1000,false],"woocommerce_thumbnail":["https:\/\/recambiosecogas.com\/wp-content\/uploads\/2024\/10\/Tomasetto-reductor-AT09-Nordic-hasta-125-kW-png-300x300.webp",300,300,true],"woocommerce_single":["https:\/\/recambiosecogas.com\/wp-content\/uploads\/2024\/10\/Tomasetto-reductor-AT09-Nordic-hasta-125-kW-png.webp",1000,1000,false],"woocommerce_gallery_thumbnail":["https:\/\/recambiosecogas.com\/wp-content\/uploads\/2024\/10\/Tomasetto-reductor-AT09-Nordic-hasta-125-kW-png.webp",1000,1000,false],"dgwt-wcas-product-suggestion":["https:\/\/recambiosecogas.com\/wp-content\/uploads\/2024\/10\/Tomasetto-reductor-AT09-Nordic-hasta-125-kW-png-64x64.webp",64,64,true]},"uagb_author_info":{"display_name":"Fran - Soporte T\u00e9cnico","author_link":"https:\/\/recambiosecogas.com\/pt-pt\/author\/"},"uagb_comment_info":0,"uagb_excerpt":"Reducer Tomasetto AT09 Nordic (at\u00e9 125 kW)","_links":{"self":[{"href":"https:\/\/recambiosecogas.com\/pt-pt\/wp-json\/wp\/v2\/product\/47011","targetHints":{"allow":["GET"]}}],"collection":[{"href":"https:\/\/recambiosecogas.com\/pt-pt\/wp-json\/wp\/v2\/product"}],"about":[{"href":"https:\/\/recambiosecogas.com\/pt-pt\/wp-json\/wp\/v2\/types\/product"}],"replies":[{"embeddable":true,"href":"https:\/\/recambiosecogas.com\/pt-pt\/wp-json\/wp\/v2\/comments?post=47011"}],"wp:featuredmedia":[{"embeddable":true,"href":"https:\/\/recambiosecogas.com\/pt-pt\/wp-json\/wp\/v2\/media\/6686"}],"wp:attachment":[{"href":"https:\/\/recambiosecogas.com\/pt-pt\/wp-json\/wp\/v2\/media?parent=47011"}],"wp:term":[{"taxonomy":"product_brand","embeddable":true,"href":"https:\/\/recambiosecogas.com\/pt-pt\/wp-json\/wp\/v2\/product_brand?post=47011"},{"taxonomy":"product_cat","embeddable":true,"href":"https:\/\/recambiosecogas.com\/pt-pt\/wp-json\/wp\/v2\/product_cat?post=47011"},{"taxonomy":"product_tag","embeddable":true,"href":"https:\/\/recambiosecogas.com\/pt-pt\/wp-json\/wp\/v2\/product_tag?post=47011"}],"curies":[{"name":"wp","href":"https:\/\/api.w.org\/{rel}","templated":true}]}}