{"id":47003,"date":"2024-10-19T14:23:50","date_gmt":"2024-10-19T13:23:50","guid":{"rendered":"https:\/\/recambiosecogas.com\/producto\/tomasetto-reductor-at09-nordic-xp-hasta-180-kw\/"},"modified":"2026-04-08T10:29:17","modified_gmt":"2026-04-08T09:29:17","slug":"tomasetto-reductor-at09-nordic-xp-hasta-180-kw","status":"publish","type":"product","link":"https:\/\/recambiosecogas.com\/pt-pt\/producto\/tomasetto-reductor-at09-nordic-xp-hasta-180-kw\/","title":{"rendered":"Tomasetto reducer AT09 Nordic XP (at\u00e9 180 kW)"},"content":{"rendered":"<div>\n<h3 style=\"text-align: center;\">Caixa de velocidades Tomasetto AT09 Nordic XP (at\u00e9 180 kW)<\/h3>\n<table border=\"1\" width=\"52%\" cellspacing=\"0\" cellpadding=\"2\">\n<tbody>\n<tr>\n<td colspan=\"2\" bgcolor=\"#eeeeee\" height=\"20\"><strong>Dados t\u00e9cnicos da caixa de velocidades AT09 Nordic XP<\/strong><\/td>\n<\/tr>\n<tr>\n<td width=\"155\" height=\"16\">Materiais<\/td>\n<td width=\"224\" height=\"16\">\n<div>Alum\u00ednio fundido<\/div>\n<\/td>\n<\/tr>\n<tr>\n<td bgcolor=\"#f1f2ed\" height=\"16\">Peso<\/td>\n<td bgcolor=\"#f1f2ed\" height=\"16\">\n<div>1,7 kg<\/div>\n<\/td>\n<\/tr>\n<tr>\n<td height=\"16\">Dimens\u00f5es<\/td>\n<td height=\"16\">\n<div>125x125x115 mm<\/div>\n<\/td>\n<\/tr>\n<tr>\n<td bgcolor=\"#f1f2ed\" height=\"16\">Press\u00e3o m\u00e1xima de entrada<\/td>\n<td bgcolor=\"#f1f2ed\" height=\"16\">\n<div>3 MPa<\/div>\n<\/td>\n<\/tr>\n<tr>\n<td height=\"16\">Press\u00e3o de sa\u00edda<\/td>\n<td height=\"16\">\n<div>vari\u00e1vel de 90 a 180 kPa*<\/div>\n<\/td>\n<\/tr>\n<tr>\n<td bgcolor=\"#f1f2ed\" height=\"16\">Tens\u00e3o da bobina<\/td>\n<td bgcolor=\"#f1f2ed\" height=\"16\">\n<div>12 V CC<\/div>\n<\/td>\n<\/tr>\n<tr>\n<td height=\"16\">Pot\u00eancia das bobinas<\/td>\n<td height=\"16\">\n<div>17 W<\/div>\n<\/td>\n<\/tr>\n<tr>\n<td bgcolor=\"#f1f2ed\" height=\"16\">Liga\u00e7\u00e3o \u00e0 entrada<\/td>\n<td bgcolor=\"#f1f2ed\" height=\"16\">\n<div>Cabo M12x1 \u00f88 mm<\/div>\n<\/td>\n<\/tr>\n<tr>\n<td height=\"16\">Liga\u00e7\u00e3o na tomada<\/td>\n<td height=\"16\">\n<div>Liga\u00e7\u00e3o de mangueira \u00f812 mm<\/div>\n<\/td>\n<\/tr>\n<tr>\n<td bgcolor=\"#f1f2ed\" height=\"16\">Pot\u00eancia de Sa\u00edda<\/td>\n<td bgcolor=\"#f1f2ed\" height=\"16\">\n<div>at\u00e9 180 KW<\/div>\n<\/td>\n<\/tr>\n<\/tbody>\n<\/table>\n<p>*Sem liga\u00e7\u00e3o ao motor<\/p>\n<p><a href=\"http:\/\/recambiosecogas.com\/wp-content\/uploads\/2024\/10\/espanol-AT09_Nordic_Nordic_XP_Guia_Rapida.pdf\">MANUAL  <\/a><\/p>\n<\/div>\n<p>Temperaturas mais baixas podem reduzir a efici\u00eancia do redutor e o desempenho do motor; Em caso de temperaturas ambientes mais elevadas, a caixa de velocidades tamb\u00e9m pode ser usada em motores mais potentes.<\/p>\n<p data-start=\"180\" data-end=\"530\"><strong data-start=\"183\" data-end=\"220\"><span>Tomasetto AT09 Nordic XP Reducer<\/span><\/strong><span> \u00e9 um <\/span><strong data-start=\"227\" data-end=\"262\"><span>vaporizador de alto desempenho<\/span><\/strong><span> concebido para <\/span><strong data-start=\"277\" data-end=\"309\"><span>sistemas de convers\u00e3o de GPL<\/span><\/strong><span> em motores at\u00e9 <\/span><strong data-start=\"330\" data-end=\"340\"><span>180 kW<\/span><\/strong><span>  . O seu  <\/span><strong data-start=\"345\" data-end=\"391\"><span>A press\u00e3o de sa\u00edda vari\u00e1vel entre 90 e 180 kPa<\/span><\/strong><span> garante <\/span> uma <strong data-start=\"406\" data-end=\"445\"><span>regula\u00e7\u00e3o precisa do fluxo de g\u00e1s<\/span><\/strong><span>, proporcionando <\/span><strong data-start=\"462\" data-end=\"527\"><span>combust\u00e3o est\u00e1vel e otimizando o desempenho do motor.<\/span><\/strong><span><\/span><\/p>\n<p data-start=\"748\" data-end=\"1027\"><span>O <\/span><strong data-start=\"751\" data-end=\"769\"><span>AT09 Nordic XP<\/span><\/strong><span> foi concebido para suportar <\/span><strong data-start=\"798\" data-end=\"846\"><span>press\u00f5es de entrada at\u00e9 3 MPa (30 bar)<\/span><\/strong><span>  , garantindo um fornecimento constante de g\u00e1s. O seu   <\/span><strong data-start=\"894\" data-end=\"938\"><span>A bobina de 12V DC com uma pot\u00eancia de 17W<\/span><\/strong><span> otimiza o consumo de energia do sistema, melhorando a efici\u00eancia operacional.<\/span><\/p>\n<p data-start=\"1029\" data-end=\"1404\"><span>Este modelo tem <\/span><strong data-start=\"1052\" data-end=\"1122\"><span>uma entrada padr\u00e3o M12x1 para tubo de \u00d88 mm e sa\u00edda de mangueira de \u00d812 mm<\/span><\/strong><span>  , permitindo a sua integra\u00e7\u00e3o em v\u00e1rias configura\u00e7\u00f5es de convers\u00e3o. Al\u00e9m disso, \u00e9 capaz de   <\/span><strong data-start=\"1217\" data-end=\"1267\"><span>Funcionam em condi\u00e7\u00f5es meteorol\u00f3gicas diferentes<\/span><\/strong><span>, embora <\/span><strong data-start=\"1276\" data-end=\"1331\"><span>em temperaturas frias possam diminuir a sua efici\u00eancia<\/span><\/strong><span>, enquanto <\/span><strong data-start=\"1346\" data-end=\"1401\"><span>em climas quentes s\u00e3o adequados para motores mais<\/span><\/strong> <span>potentes.<\/span><\/p>\n<h3 data-start=\"1406\" data-end=\"1444\"><strong data-start=\"1410\" data-end=\"1442\"><span>Carater\u00edsticas e vantagens<\/span><\/strong><\/h3>\n<ul data-start=\"1445\" data-end=\"2321\">\n<li data-start=\"1445\" data-end=\"1534\"><strong data-start=\"1447\" data-end=\"1480\"><span>Regula\u00e7\u00e3o precisa da press\u00e3o<\/span><\/strong><span> : Press\u00e3o de sa\u00edda vari\u00e1vel entre <\/span><strong data-start=\"1515\" data-end=\"1531\"><span>90 e 180 kPa<\/span><\/strong><span> .<\/span><\/li>\n<li data-start=\"1535\" data-end=\"1635\"><strong data-start=\"1537\" data-end=\"1587\"><span>Design otimizado para motores at\u00e9 180 kW<\/span><\/strong><span>: Garante uma convers\u00e3o eficiente <\/span><strong data-start=\"1625\" data-end=\"1632\"><span>de GPL<\/span><\/strong> <span> .<\/span><\/li>\n<li data-start=\"1636\" data-end=\"1740\"><strong data-start=\"1638\" data-end=\"1674\"><span>Constru\u00e7\u00e3o em alum\u00ednio fundido<\/span><\/strong><span> : maior resist\u00eancia, durabilidade e dissipa\u00e7\u00e3o t\u00e9rmica eficiente.<\/span><\/li>\n<li data-start=\"1741\" data-end=\"1832\"><strong data-start=\"1743\" data-end=\"1789\"><span>Press\u00e3o de entrada at\u00e9 3 MPa (30 bar):<\/span><\/strong><span> Assegura um fornecimento est\u00e1vel de g\u00e1s.<\/span><\/li>\n<li data-start=\"1833\" data-end=\"1906\"><strong data-start=\"1835\" data-end=\"1861\"><span>Bobina 12V DC &#8211; 17W<\/span><\/strong><span> : Consumo otimizado para maior efici\u00eancia.<\/span><\/li>\n<li data-start=\"1907\" data-end=\"2026\"><strong data-start=\"1909\" data-end=\"1932\"><span>Liga\u00e7\u00f5es padr\u00e3o<\/span><\/strong><span> :<\/span>\n<ul data-start=\"1938\" data-end=\"2026\">\n<li data-start=\"1938\" data-end=\"1984\"><strong data-start=\"1940\" data-end=\"1958\"><span>Entrada de g\u00e1s<\/span><\/strong><span> : M12x1 para tubo de \u00d88 mm.<\/span><\/li>\n<li data-start=\"1987\" data-end=\"2026\"><strong data-start=\"1989\" data-end=\"2006\"><span>Sa\u00edda de g\u00e1s<\/span><\/strong><span> : Mangueira \u00d812 mm.<\/span><\/li>\n<\/ul>\n<\/li>\n<li data-start=\"2027\" data-end=\"2143\"><strong data-start=\"2029\" data-end=\"2068\"><span>Design compacto e instala\u00e7\u00e3o f\u00e1cil<\/span><\/strong><span> : Dimens\u00f5es de <\/span><strong data-start=\"2085\" data-end=\"2103\"><span>125x125x115 mm<\/span><\/strong><span> , ideais para v\u00e1rios ajustes.<\/span><\/li>\n<\/ul>\n<p>ARRANJA MAIS <a href=\"https:\/\/recambiosecogas.com\/pt-pt\/categoria-produto\/reguladores-de-pressao\/redutor-glp\/\">CAIXAS DE VELOCIDADES<\/a> ,<a href=\"https:\/\/recambiosecogas.com\/pt-pt\/produto\/kit-de-reparacao-impco-para-redutor-de-gpl-modelo-l\/\"> KITS DE REPARA\u00c7\u00c3O, <\/a><a href=\"http:\/\/www.segimonautomocio.com\">CONVERTE PARA LPG<\/a><\/p>\n","protected":false},"excerpt":{"rendered":"<p><a href=\"http:\/\/recambiosecogas.com\/wp-content\/uploads\/2024\/10\/espanol-AT09_Nordic_Nordic_XP_Guia_Rapida.pdf\">MANUAL<\/a><\/p>\n","protected":false},"featured_media":6686,"comment_status":"open","ping_status":"closed","template":"","meta":{"_uag_custom_page_level_css":""},"product_brand":[],"product_cat":[1066,1065,1791],"product_tag":[],"class_list":{"0":"post-47003","1":"product","2":"type-product","3":"status-publish","4":"has-post-thumbnail","6":"product_cat-redutor-glp","7":"product_cat-reguladores-de-pressao","8":"product_cat-tomasseto-achile-pt-pt","10":"first","11":"onbackorder","12":"taxable","13":"shipping-taxable","14":"purchasable","15":"product-type-simple"},"ct_brands":[],"yoast_head":"<!-- This site is optimized with the Yoast SEO Premium plugin v27.5 (Yoast SEO v27.6) - https:\/\/yoast.com\/product\/yoast-seo-premium-wordpress\/ -->\n<title>Tomasetto reducer AT09 Nordic XP (at\u00e9 180 kW) | Recambios EcoGas | Sistemas GLP y GNC<\/title>\n<meta name=\"description\" content=\"Reducer Tomasetto AT09 Nordic XP \u00e9 um vaporizador de GPL de alto desempenho, com press\u00e3o ajust\u00e1vel entre 90 e 180 kPa.\" \/>\n<meta name=\"robots\" content=\"index, follow, max-snippet:-1, max-image-preview:large, max-video-preview:-1\" \/>\n<link rel=\"canonical\" href=\"https:\/\/recambiosecogas.com\/pt-pt\/producto\/tomasetto-reductor-at09-nordic-xp-hasta-180-kw\/\" \/>\n<meta property=\"og:locale\" content=\"pt_PT\" \/>\n<meta property=\"og:type\" content=\"article\" \/>\n<meta property=\"og:title\" content=\"Tomasetto reducer AT09 Nordic XP (at\u00e9 180 kW)\" \/>\n<meta property=\"og:description\" content=\"Reducer Tomasetto AT09 Nordic XP \u00e9 um vaporizador de GPL de alto desempenho, com press\u00e3o ajust\u00e1vel entre 90 e 180 kPa.\" \/>\n<meta property=\"og:url\" content=\"https:\/\/recambiosecogas.com\/pt-pt\/producto\/tomasetto-reductor-at09-nordic-xp-hasta-180-kw\/\" \/>\n<meta property=\"og:site_name\" content=\"Recambios EcoGas\" \/>\n<meta property=\"article:publisher\" content=\"https:\/\/www.facebook.com\/profile.php?id=100062419705358\" \/>\n<meta property=\"article:modified_time\" content=\"2026-04-08T09:29:17+00:00\" \/>\n<meta property=\"og:image\" content=\"https:\/\/recambiosecogas.com\/wp-content\/uploads\/2024\/10\/Tomasetto-reductor-AT09-Nordic-hasta-125-kW-png.webp\" \/>\n\t<meta property=\"og:image:width\" content=\"1000\" \/>\n\t<meta property=\"og:image:height\" content=\"1000\" \/>\n\t<meta property=\"og:image:type\" content=\"image\/png\" \/>\n<meta name=\"twitter:card\" content=\"summary_large_image\" \/>\n<meta name=\"twitter:label1\" content=\"pre\u00e7o\" \/>\n\t<meta name=\"twitter:data1\" content=\"105,40&nbsp;&euro; (Sin IVA: 87,11&nbsp;&euro;)\" \/>\n\t<meta name=\"twitter:label2\" content=\"Disponibilidade\" \/>\n\t<meta name=\"twitter:data2\" content=\"Por encomenda\" \/>\n<script type=\"application\/ld+json\" class=\"yoast-schema-graph\">{\"@context\":\"https:\\\/\\\/schema.org\",\"@graph\":[{\"@type\":\"WebPage\",\"@id\":\"https:\\\/\\\/recambiosecogas.com\\\/pt-pt\\\/producto\\\/tomasetto-reductor-at09-nordic-xp-hasta-180-kw\\\/\",\"url\":\"https:\\\/\\\/recambiosecogas.com\\\/pt-pt\\\/producto\\\/tomasetto-reductor-at09-nordic-xp-hasta-180-kw\\\/\",\"name\":\"Tomasetto reducer AT09 Nordic XP (at\u00e9 180 kW) | Recambios EcoGas | Sistemas GLP y GNC\",\"isPartOf\":{\"@id\":\"https:\\\/\\\/recambiosecogas.com\\\/pt-pt\\\/#website\"},\"primaryImageOfPage\":{\"@id\":\"https:\\\/\\\/recambiosecogas.com\\\/pt-pt\\\/producto\\\/tomasetto-reductor-at09-nordic-xp-hasta-180-kw\\\/#primaryimage\"},\"image\":{\"@id\":\"https:\\\/\\\/recambiosecogas.com\\\/pt-pt\\\/producto\\\/tomasetto-reductor-at09-nordic-xp-hasta-180-kw\\\/#primaryimage\"},\"thumbnailUrl\":\"https:\\\/\\\/recambiosecogas.com\\\/wp-content\\\/uploads\\\/2024\\\/10\\\/Tomasetto-reductor-AT09-Nordic-hasta-125-kW-png.webp\",\"datePublished\":\"2024-10-19T13:23:50+00:00\",\"dateModified\":\"2026-04-08T09:29:17+00:00\",\"description\":\"Reducer Tomasetto AT09 Nordic XP \u00e9 um vaporizador de GPL de alto desempenho, com press\u00e3o ajust\u00e1vel entre 90 e 180 kPa.\",\"breadcrumb\":{\"@id\":\"https:\\\/\\\/recambiosecogas.com\\\/pt-pt\\\/producto\\\/tomasetto-reductor-at09-nordic-xp-hasta-180-kw\\\/#breadcrumb\"},\"inLanguage\":\"pt-PT\",\"potentialAction\":[{\"@type\":\"ReadAction\",\"target\":[\"https:\\\/\\\/recambiosecogas.com\\\/pt-pt\\\/producto\\\/tomasetto-reductor-at09-nordic-xp-hasta-180-kw\\\/\"]}]},{\"@type\":\"ImageObject\",\"inLanguage\":\"pt-PT\",\"@id\":\"https:\\\/\\\/recambiosecogas.com\\\/pt-pt\\\/producto\\\/tomasetto-reductor-at09-nordic-xp-hasta-180-kw\\\/#primaryimage\",\"url\":\"https:\\\/\\\/recambiosecogas.com\\\/wp-content\\\/uploads\\\/2024\\\/10\\\/Tomasetto-reductor-AT09-Nordic-hasta-125-kW-png.webp\",\"contentUrl\":\"https:\\\/\\\/recambiosecogas.com\\\/wp-content\\\/uploads\\\/2024\\\/10\\\/Tomasetto-reductor-AT09-Nordic-hasta-125-kW-png.webp\",\"width\":1000,\"height\":1000,\"caption\":\"Reductor Tomasetto AT09 Nordic Tomasetto Achille\"},{\"@type\":\"BreadcrumbList\",\"@id\":\"https:\\\/\\\/recambiosecogas.com\\\/pt-pt\\\/producto\\\/tomasetto-reductor-at09-nordic-xp-hasta-180-kw\\\/#breadcrumb\",\"itemListElement\":[{\"@type\":\"ListItem\",\"position\":1,\"name\":\"P\u00e1gina inicial\",\"item\":\"https:\\\/\\\/recambiosecogas.com\\\/pt-pt\\\/\"},{\"@type\":\"ListItem\",\"position\":2,\"name\":\"Loja\",\"item\":\"https:\\\/\\\/recambiosecogas.com\\\/pt-pt\\\/tienda\\\/\"},{\"@type\":\"ListItem\",\"position\":3,\"name\":\"Tomasetto reducer AT09 Nordic XP (at\u00e9 180 kW)\"}]},{\"@type\":\"WebSite\",\"@id\":\"https:\\\/\\\/recambiosecogas.com\\\/pt-pt\\\/#website\",\"url\":\"https:\\\/\\\/recambiosecogas.com\\\/pt-pt\\\/\",\"name\":\"Recambios EcoGas\",\"description\":\"Pe\u00e7as multimarca para sistemas de GPL\\\/GNC\\\/GNL\\\/Hidrog\u00e9nio\",\"publisher\":{\"@id\":\"https:\\\/\\\/recambiosecogas.com\\\/pt-pt\\\/#organization\"},\"alternateName\":\"Recambios Autogas GLP\",\"potentialAction\":[{\"@type\":\"SearchAction\",\"target\":{\"@type\":\"EntryPoint\",\"urlTemplate\":\"https:\\\/\\\/recambiosecogas.com\\\/pt-pt\\\/?s={search_term_string}\"},\"query-input\":{\"@type\":\"PropertyValueSpecification\",\"valueRequired\":true,\"valueName\":\"search_term_string\"}}],\"inLanguage\":\"pt-PT\"},{\"@type\":[\"Organization\",\"Place\"],\"@id\":\"https:\\\/\\\/recambiosecogas.com\\\/pt-pt\\\/#organization\",\"name\":\"Recambios EcoGas\",\"alternateName\":\"Loja de GPL Autog\u00e1s Espanha\",\"url\":\"https:\\\/\\\/recambiosecogas.com\\\/pt-pt\\\/\",\"logo\":{\"@id\":\"https:\\\/\\\/recambiosecogas.com\\\/pt-pt\\\/producto\\\/tomasetto-reductor-at09-nordic-xp-hasta-180-kw\\\/#local-main-organization-logo\"},\"image\":{\"@id\":\"https:\\\/\\\/recambiosecogas.com\\\/pt-pt\\\/producto\\\/tomasetto-reductor-at09-nordic-xp-hasta-180-kw\\\/#local-main-organization-logo\"},\"sameAs\":[\"https:\\\/\\\/www.facebook.com\\\/profile.php?id=100062419705358\",\"https:\\\/\\\/www.instagram.com\\\/segimon_automocio\"],\"description\":\"Recambios EcoGas \u2013 Venta y distribuci\u00f3n de sistemas GLP y GNC en Espa\u00f1a y Portugal. Env\u00edos 24 h, soporte t\u00e9cnico a talleres y distribuidores.\",\"hasMerchantReturnPolicy\":{\"@type\":\"MerchantReturnPolicy\",\"merchantReturnLink\":\"https:\\\/\\\/recambiosecogas.com\\\/politicas-privacidad\\\/\"},\"address\":{\"@id\":\"https:\\\/\\\/recambiosecogas.com\\\/pt-pt\\\/producto\\\/tomasetto-reductor-at09-nordic-xp-hasta-180-kw\\\/#local-main-place-address\"},\"telephone\":[\"616250633\"],\"contactPoint\":{\"@type\":\"ContactPoint\",\"email\":\"export@recambiosecogas.com\"},\"openingHoursSpecification\":[{\"@type\":\"OpeningHoursSpecification\",\"dayOfWeek\":[\"Monday\",\"Tuesday\",\"Wednesday\",\"Thursday\",\"Friday\",\"Saturday\",\"Sunday\"],\"opens\":\"09:00\",\"closes\":\"17:00\"}],\"email\":\"info@recambiosecogas.com\",\"faxNumber\":\"SEGIMON AUTOMOCION SL\",\"vatID\":\"ESB19819861\",\"globalLocationNumber\":\"938 616 339\"},{\"@type\":\"PostalAddress\",\"@id\":\"https:\\\/\\\/recambiosecogas.com\\\/pt-pt\\\/producto\\\/tomasetto-reductor-at09-nordic-xp-hasta-180-kw\\\/#local-main-place-address\",\"streetAddress\":\"cami antic de vic, 29 (Nave 3), Pol\u00edgono Industrial Congost\",\"addressLocality\":\"CORRO D`AVALL\",\"postalCode\":\"08520\",\"addressRegion\":\"Barcelona\",\"addressCountry\":\"ES\"},{\"@type\":\"ImageObject\",\"inLanguage\":\"pt-PT\",\"@id\":\"https:\\\/\\\/recambiosecogas.com\\\/pt-pt\\\/producto\\\/tomasetto-reductor-at09-nordic-xp-hasta-180-kw\\\/#local-main-organization-logo\",\"url\":\"https:\\\/\\\/recambiosecogas.com\\\/wp-content\\\/uploads\\\/2024\\\/11\\\/cropped-RECAMBIOS-GLP-png.webp\",\"contentUrl\":\"https:\\\/\\\/recambiosecogas.com\\\/wp-content\\\/uploads\\\/2024\\\/11\\\/cropped-RECAMBIOS-GLP-png.webp\",\"width\":512,\"height\":512,\"caption\":\"Recambios EcoGas\"}]}<\/script>\n<meta property=\"product:price:amount\" content=\"105.40\" \/>\n<meta property=\"product:price:currency\" content=\"EUR\" \/>\n<meta property=\"og:availability\" content=\"backorder\" \/>\n<meta property=\"product:availability\" content=\"available for order\" \/>\n<meta property=\"product:retailer_item_id\" content=\"107466\" \/>\n<meta property=\"product:condition\" content=\"new\" \/>\n<meta name=\"geo.placename\" content=\"CORRO D`AVALL\" \/>\n<meta name=\"geo.region\" content=\"Espanha\" \/>\n<!-- \/ Yoast SEO Premium plugin. -->","yoast_head_json":{"title":"Tomasetto reducer AT09 Nordic XP (at\u00e9 180 kW) | Recambios EcoGas | Sistemas GLP y GNC","description":"Reducer Tomasetto AT09 Nordic XP \u00e9 um vaporizador de GPL de alto desempenho, com press\u00e3o ajust\u00e1vel entre 90 e 180 kPa.","robots":{"index":"index","follow":"follow","max-snippet":"max-snippet:-1","max-image-preview":"max-image-preview:large","max-video-preview":"max-video-preview:-1"},"canonical":"https:\/\/recambiosecogas.com\/pt-pt\/producto\/tomasetto-reductor-at09-nordic-xp-hasta-180-kw\/","og_locale":"pt_PT","og_type":"article","og_title":"Tomasetto reducer AT09 Nordic XP (at\u00e9 180 kW)","og_description":"Reducer Tomasetto AT09 Nordic XP \u00e9 um vaporizador de GPL de alto desempenho, com press\u00e3o ajust\u00e1vel entre 90 e 180 kPa.","og_url":"https:\/\/recambiosecogas.com\/pt-pt\/producto\/tomasetto-reductor-at09-nordic-xp-hasta-180-kw\/","og_site_name":"Recambios EcoGas","article_publisher":"https:\/\/www.facebook.com\/profile.php?id=100062419705358","article_modified_time":"2026-04-08T09:29:17+00:00","og_image":[{"width":1000,"height":1000,"url":"https:\/\/recambiosecogas.com\/wp-content\/uploads\/2024\/10\/Tomasetto-reductor-AT09-Nordic-hasta-125-kW-png.webp","type":"image\/png"}],"twitter_card":"summary_large_image","twitter_misc":{"pre\u00e7o":"105,40&nbsp;&euro; (Sin IVA: 87,11&nbsp;&euro;)","Disponibilidade":"Por encomenda"},"schema":{"@context":"https:\/\/schema.org","@graph":[{"@type":"WebPage","@id":"https:\/\/recambiosecogas.com\/pt-pt\/producto\/tomasetto-reductor-at09-nordic-xp-hasta-180-kw\/","url":"https:\/\/recambiosecogas.com\/pt-pt\/producto\/tomasetto-reductor-at09-nordic-xp-hasta-180-kw\/","name":"Tomasetto reducer AT09 Nordic XP (at\u00e9 180 kW) | Recambios EcoGas | Sistemas GLP y GNC","isPartOf":{"@id":"https:\/\/recambiosecogas.com\/pt-pt\/#website"},"primaryImageOfPage":{"@id":"https:\/\/recambiosecogas.com\/pt-pt\/producto\/tomasetto-reductor-at09-nordic-xp-hasta-180-kw\/#primaryimage"},"image":{"@id":"https:\/\/recambiosecogas.com\/pt-pt\/producto\/tomasetto-reductor-at09-nordic-xp-hasta-180-kw\/#primaryimage"},"thumbnailUrl":"https:\/\/recambiosecogas.com\/wp-content\/uploads\/2024\/10\/Tomasetto-reductor-AT09-Nordic-hasta-125-kW-png.webp","datePublished":"2024-10-19T13:23:50+00:00","dateModified":"2026-04-08T09:29:17+00:00","description":"Reducer Tomasetto AT09 Nordic XP \u00e9 um vaporizador de GPL de alto desempenho, com press\u00e3o ajust\u00e1vel entre 90 e 180 kPa.","breadcrumb":{"@id":"https:\/\/recambiosecogas.com\/pt-pt\/producto\/tomasetto-reductor-at09-nordic-xp-hasta-180-kw\/#breadcrumb"},"inLanguage":"pt-PT","potentialAction":[{"@type":"ReadAction","target":["https:\/\/recambiosecogas.com\/pt-pt\/producto\/tomasetto-reductor-at09-nordic-xp-hasta-180-kw\/"]}]},{"@type":"ImageObject","inLanguage":"pt-PT","@id":"https:\/\/recambiosecogas.com\/pt-pt\/producto\/tomasetto-reductor-at09-nordic-xp-hasta-180-kw\/#primaryimage","url":"https:\/\/recambiosecogas.com\/wp-content\/uploads\/2024\/10\/Tomasetto-reductor-AT09-Nordic-hasta-125-kW-png.webp","contentUrl":"https:\/\/recambiosecogas.com\/wp-content\/uploads\/2024\/10\/Tomasetto-reductor-AT09-Nordic-hasta-125-kW-png.webp","width":1000,"height":1000,"caption":"Reductor Tomasetto AT09 Nordic Tomasetto Achille"},{"@type":"BreadcrumbList","@id":"https:\/\/recambiosecogas.com\/pt-pt\/producto\/tomasetto-reductor-at09-nordic-xp-hasta-180-kw\/#breadcrumb","itemListElement":[{"@type":"ListItem","position":1,"name":"P\u00e1gina inicial","item":"https:\/\/recambiosecogas.com\/pt-pt\/"},{"@type":"ListItem","position":2,"name":"Loja","item":"https:\/\/recambiosecogas.com\/pt-pt\/tienda\/"},{"@type":"ListItem","position":3,"name":"Tomasetto reducer AT09 Nordic XP (at\u00e9 180 kW)"}]},{"@type":"WebSite","@id":"https:\/\/recambiosecogas.com\/pt-pt\/#website","url":"https:\/\/recambiosecogas.com\/pt-pt\/","name":"Recambios EcoGas","description":"Pe\u00e7as multimarca para sistemas de GPL\/GNC\/GNL\/Hidrog\u00e9nio","publisher":{"@id":"https:\/\/recambiosecogas.com\/pt-pt\/#organization"},"alternateName":"Recambios Autogas GLP","potentialAction":[{"@type":"SearchAction","target":{"@type":"EntryPoint","urlTemplate":"https:\/\/recambiosecogas.com\/pt-pt\/?s={search_term_string}"},"query-input":{"@type":"PropertyValueSpecification","valueRequired":true,"valueName":"search_term_string"}}],"inLanguage":"pt-PT"},{"@type":["Organization","Place"],"@id":"https:\/\/recambiosecogas.com\/pt-pt\/#organization","name":"Recambios EcoGas","alternateName":"Loja de GPL Autog\u00e1s Espanha","url":"https:\/\/recambiosecogas.com\/pt-pt\/","logo":{"@id":"https:\/\/recambiosecogas.com\/pt-pt\/producto\/tomasetto-reductor-at09-nordic-xp-hasta-180-kw\/#local-main-organization-logo"},"image":{"@id":"https:\/\/recambiosecogas.com\/pt-pt\/producto\/tomasetto-reductor-at09-nordic-xp-hasta-180-kw\/#local-main-organization-logo"},"sameAs":["https:\/\/www.facebook.com\/profile.php?id=100062419705358","https:\/\/www.instagram.com\/segimon_automocio"],"description":"Recambios EcoGas \u2013 Venta y distribuci\u00f3n de sistemas GLP y GNC en Espa\u00f1a y Portugal. Env\u00edos 24 h, soporte t\u00e9cnico a talleres y distribuidores.","hasMerchantReturnPolicy":{"@type":"MerchantReturnPolicy","merchantReturnLink":"https:\/\/recambiosecogas.com\/politicas-privacidad\/"},"address":{"@id":"https:\/\/recambiosecogas.com\/pt-pt\/producto\/tomasetto-reductor-at09-nordic-xp-hasta-180-kw\/#local-main-place-address"},"telephone":["616250633"],"contactPoint":{"@type":"ContactPoint","email":"export@recambiosecogas.com"},"openingHoursSpecification":[{"@type":"OpeningHoursSpecification","dayOfWeek":["Monday","Tuesday","Wednesday","Thursday","Friday","Saturday","Sunday"],"opens":"09:00","closes":"17:00"}],"email":"info@recambiosecogas.com","faxNumber":"SEGIMON AUTOMOCION SL","vatID":"ESB19819861","globalLocationNumber":"938 616 339"},{"@type":"PostalAddress","@id":"https:\/\/recambiosecogas.com\/pt-pt\/producto\/tomasetto-reductor-at09-nordic-xp-hasta-180-kw\/#local-main-place-address","streetAddress":"cami antic de vic, 29 (Nave 3), Pol\u00edgono Industrial Congost","addressLocality":"CORRO D`AVALL","postalCode":"08520","addressRegion":"Barcelona","addressCountry":"ES"},{"@type":"ImageObject","inLanguage":"pt-PT","@id":"https:\/\/recambiosecogas.com\/pt-pt\/producto\/tomasetto-reductor-at09-nordic-xp-hasta-180-kw\/#local-main-organization-logo","url":"https:\/\/recambiosecogas.com\/wp-content\/uploads\/2024\/11\/cropped-RECAMBIOS-GLP-png.webp","contentUrl":"https:\/\/recambiosecogas.com\/wp-content\/uploads\/2024\/11\/cropped-RECAMBIOS-GLP-png.webp","width":512,"height":512,"caption":"Recambios EcoGas"}]},"product_price_amount":"105.40","product_price_currency":"EUR","og_availability":"backorder","product_availability":"available for order","product_retailer_item_id":"107466","product_condition":"new","geo.placename":"CORRO D`AVALL","geo.region":"Espanha"},"uagb_featured_image_src":{"full":["https:\/\/recambiosecogas.com\/wp-content\/uploads\/2024\/10\/Tomasetto-reductor-AT09-Nordic-hasta-125-kW-png.webp",1000,1000,false],"thumbnail":["https:\/\/recambiosecogas.com\/wp-content\/uploads\/2024\/10\/Tomasetto-reductor-AT09-Nordic-hasta-125-kW-150x150.webp",150,150,true],"medium":["https:\/\/recambiosecogas.com\/wp-content\/uploads\/2024\/10\/Tomasetto-reductor-AT09-Nordic-hasta-125-kW-300x300.webp",300,300,true],"medium_large":["https:\/\/recambiosecogas.com\/wp-content\/uploads\/2024\/10\/Tomasetto-reductor-AT09-Nordic-hasta-125-kW-768x768.webp",768,768,true],"large":["https:\/\/recambiosecogas.com\/wp-content\/uploads\/2024\/10\/Tomasetto-reductor-AT09-Nordic-hasta-125-kW-png.webp",1000,1000,false],"1536x1536":["https:\/\/recambiosecogas.com\/wp-content\/uploads\/2024\/10\/Tomasetto-reductor-AT09-Nordic-hasta-125-kW-png.webp",1000,1000,false],"2048x2048":["https:\/\/recambiosecogas.com\/wp-content\/uploads\/2024\/10\/Tomasetto-reductor-AT09-Nordic-hasta-125-kW-png.webp",1000,1000,false],"woocommerce_archive_thumbnail":["https:\/\/recambiosecogas.com\/wp-content\/uploads\/2024\/10\/Tomasetto-reductor-AT09-Nordic-hasta-125-kW-png.webp",1000,1000,false],"woocommerce_thumbnail":["https:\/\/recambiosecogas.com\/wp-content\/uploads\/2024\/10\/Tomasetto-reductor-AT09-Nordic-hasta-125-kW-png-300x300.webp",300,300,true],"woocommerce_single":["https:\/\/recambiosecogas.com\/wp-content\/uploads\/2024\/10\/Tomasetto-reductor-AT09-Nordic-hasta-125-kW-png.webp",1000,1000,false],"woocommerce_gallery_thumbnail":["https:\/\/recambiosecogas.com\/wp-content\/uploads\/2024\/10\/Tomasetto-reductor-AT09-Nordic-hasta-125-kW-png.webp",1000,1000,false],"dgwt-wcas-product-suggestion":["https:\/\/recambiosecogas.com\/wp-content\/uploads\/2024\/10\/Tomasetto-reductor-AT09-Nordic-hasta-125-kW-png-64x64.webp",64,64,true]},"uagb_author_info":{"display_name":"Fran - Soporte T\u00e9cnico","author_link":"https:\/\/recambiosecogas.com\/pt-pt\/author\/"},"uagb_comment_info":0,"uagb_excerpt":"MANUAL","_links":{"self":[{"href":"https:\/\/recambiosecogas.com\/pt-pt\/wp-json\/wp\/v2\/product\/47003","targetHints":{"allow":["GET"]}}],"collection":[{"href":"https:\/\/recambiosecogas.com\/pt-pt\/wp-json\/wp\/v2\/product"}],"about":[{"href":"https:\/\/recambiosecogas.com\/pt-pt\/wp-json\/wp\/v2\/types\/product"}],"replies":[{"embeddable":true,"href":"https:\/\/recambiosecogas.com\/pt-pt\/wp-json\/wp\/v2\/comments?post=47003"}],"wp:featuredmedia":[{"embeddable":true,"href":"https:\/\/recambiosecogas.com\/pt-pt\/wp-json\/wp\/v2\/media\/6686"}],"wp:attachment":[{"href":"https:\/\/recambiosecogas.com\/pt-pt\/wp-json\/wp\/v2\/media?parent=47003"}],"wp:term":[{"taxonomy":"product_brand","embeddable":true,"href":"https:\/\/recambiosecogas.com\/pt-pt\/wp-json\/wp\/v2\/product_brand?post=47003"},{"taxonomy":"product_cat","embeddable":true,"href":"https:\/\/recambiosecogas.com\/pt-pt\/wp-json\/wp\/v2\/product_cat?post=47003"},{"taxonomy":"product_tag","embeddable":true,"href":"https:\/\/recambiosecogas.com\/pt-pt\/wp-json\/wp\/v2\/product_tag?post=47003"}],"curies":[{"name":"wp","href":"https:\/\/api.w.org\/{rel}","templated":true}]}}