{"id":46993,"date":"2024-10-19T14:23:49","date_gmt":"2024-10-19T13:23:49","guid":{"rendered":"https:\/\/recambiosecogas.com\/producto\/alex-shark-1200-reductor\/"},"modified":"2026-04-08T10:29:12","modified_gmt":"2026-04-08T09:29:12","slug":"alex-shark-1200-reductor","status":"publish","type":"product","link":"https:\/\/recambiosecogas.com\/pt-pt\/producto\/alex-shark-1200-reductor\/","title":{"rendered":"ALEX Shark 1200 Redutor"},"content":{"rendered":"<h3 style=\"text-align: center;\" data-start=\"34\" data-end=\"375\">ALEX Shark 1200 Redutor<\/h3>\n<p class=\"\" data-start=\"34\" data-end=\"375\">A <strong data-start=\"37\" data-end=\"65\">caixa de velocidades ALEX Shark 1200<\/strong> \u00e9 um regulador de press\u00e3o <strong data-start=\"96\" data-end=\"103\">de GPL<\/strong> de alta qualidade, concebido para sistemas sequenciais de inje\u00e7\u00e3o de g\u00e1s em ve\u00edculos com pot\u00eancia at\u00e9 <strong data-start=\"213\" data-end=\"232\">110 kW (150 CV).<\/strong> A sua fun\u00e7\u00e3o \u00e9 vaporizar o g\u00e1s e manter uma press\u00e3o constante para garantir uma combust\u00e3o eficiente e um desempenho \u00f3timo do motor. <\/p>\n<p class=\"\" data-start=\"377\" data-end=\"670\">Equipado com <strong data-start=\"394\" data-end=\"425\">uma v\u00e1lvula solen\u00f3ide integrada<\/strong> e <strong data-start=\"431\" data-end=\"457\">filtro de fase l\u00edquida<\/strong>, o Shark 1200 proporciona uma resposta r\u00e1pida e irrestrita ao fluxo de g\u00e1s. O seu design compacto e a possibilidade de montagem em duas superf\u00edcies facilitam a instala\u00e7\u00e3o, mesmo em espa\u00e7os apertados. <\/p>\n<h4 data-start=\"677\" data-end=\"714\"><strong data-start=\"680\" data-end=\"712\">Carater\u00edsticas e vantagens<\/strong><\/h4>\n<ul data-start=\"715\" data-end=\"1114\">\n<li class=\"\" data-start=\"715\" data-end=\"797\">\n<p class=\"\" data-start=\"717\" data-end=\"797\"><strong data-start=\"717\" data-end=\"751\">Pot\u00eancia at\u00e9 110 kW (150 cv)<\/strong> \u2013 Ideal para ve\u00edculos de alto desempenho.<\/p>\n<\/li>\n<li class=\"\" data-start=\"798\" data-end=\"877\">\n<p class=\"\" data-start=\"800\" data-end=\"877\"><strong data-start=\"800\" data-end=\"838\">Press\u00e3o constante e ajuste preciso<\/strong> \u2013 Intervalo de press\u00e3o entre 1,0 e 1,5 bar.<\/p>\n<\/li>\n<li class=\"\" data-start=\"878\" data-end=\"963\">\n<p class=\"\" data-start=\"880\" data-end=\"963\"><strong data-start=\"880\" data-end=\"916\">Filtro Integrado de Fase L\u00edquida<\/strong> \u2013 Maior efici\u00eancia e prote\u00e7\u00e3o do sistema.<\/p>\n<\/li>\n<li class=\"\" data-start=\"964\" data-end=\"1031\">\n<p class=\"\" data-start=\"966\" data-end=\"1031\"><strong data-start=\"966\" data-end=\"995\">V\u00e1lvula Solen\u00f3ide de 6mm<\/strong> \u2013 Fluxo de g\u00e1s irrestrito.<\/p>\n<\/li>\n<li class=\"\" data-start=\"1032\" data-end=\"1114\">\n<p class=\"\" data-start=\"1034\" data-end=\"1114\"><strong data-start=\"1034\" data-end=\"1062\">Design compacto e leve<\/strong> \u2013 Instala\u00e7\u00e3o f\u00e1cil em m\u00faltiplas configura\u00e7\u00f5es.<\/p>\n<\/li>\n<\/ul>\n<hr class=\"\" data-start=\"1116\" data-end=\"1119\">\n<h4 data-start=\"1121\" data-end=\"1144\"><strong data-start=\"1124\" data-end=\"1142\">Dados t\u00e9cnicos<\/strong><\/h4>\n<div class=\"overflow-x-auto contain-inline-size\">\n<table data-start=\"1146\" data-end=\"1600\">\n<thead data-start=\"1146\" data-end=\"1174\">\n<tr data-start=\"1146\" data-end=\"1174\">\n<th data-start=\"1146\" data-end=\"1163\">Especifica\u00e7\u00f5es<\/th>\n<th data-start=\"1163\" data-end=\"1174\">Detalhe<\/th>\n<\/tr>\n<\/thead>\n<tbody data-start=\"1203\" data-end=\"1600\">\n<tr data-start=\"1203\" data-end=\"1235\">\n<td><strong data-start=\"1205\" data-end=\"1215\">Modelo<\/strong><\/td>\n<td>ALEX Shark 1200<\/td>\n<\/tr>\n<tr data-start=\"1236\" data-end=\"1271\">\n<td><strong data-start=\"1238\" data-end=\"1259\">Press\u00e3o de sa\u00edda<\/strong><\/td>\n<td>1,2 bar<\/td>\n<\/tr>\n<tr data-start=\"1272\" data-end=\"1322\">\n<td><strong data-start=\"1274\" data-end=\"1304\">Intervalo de ajuste de press\u00e3o<\/strong><\/td>\n<td>1,0 \u00f7 1,5 bar<\/td>\n<\/tr>\n<tr data-start=\"1323\" data-end=\"1364\">\n<td><strong data-start=\"1325\" data-end=\"1344\">Pot\u00eancia m\u00e1xima<\/strong><\/td>\n<td>110 kW (150 cv)<\/td>\n<\/tr>\n<tr data-start=\"1365\" data-end=\"1410\">\n<p>V\u00e1lvula <\/p>\n<td><strong data-start=\"1367\" data-end=\"1385\">solen\u00f3ide<\/strong><\/td>\n<td>Fonte de alimenta\u00e7\u00e3o de 12V<\/td>\n<\/tr>\n<tr data-start=\"1411\" data-end=\"1441\">\n<td><strong data-start=\"1413\" data-end=\"1431\">Entrada de g\u00e1s<\/strong><\/td>\n<td>\u00d86 mm<\/td>\n<\/tr>\n<tr data-start=\"1442\" data-end=\"1472\">\n<td><strong data-start=\"1444\" data-end=\"1461\">Sa\u00edda de g\u00e1s<\/strong><\/td>\n<td>\u00d812 mm<\/td>\n<\/tr>\n<tr data-start=\"1473\" data-end=\"1506\">\n<td><strong data-start=\"1475\" data-end=\"1495\">Liga\u00e7\u00e3o \u00e0 \u00c1gua<\/strong><\/td>\n<td>\u00d816 mm<\/td>\n<\/tr>\n<tr data-start=\"1507\" data-end=\"1539\">\n<td><strong data-start=\"1509\" data-end=\"1529\">Entrada de v\u00e1cuo<\/strong><\/td>\n<td>\u00d85 mm<\/td>\n<\/tr>\n<tr data-start=\"1540\" data-end=\"1578\">\n<td><strong data-start=\"1542\" data-end=\"1557\">Dimens\u00f5es<\/strong><\/td>\n<td>95 x 109 x 93 mm<\/td>\n<\/tr>\n<tr data-start=\"1579\" data-end=\"1600\">\n<td><strong data-start=\"1581\" data-end=\"1589\">Peso<\/strong><\/td>\n<td>1,6 kg<\/td>\n<\/tr>\n<\/tbody>\n<\/table>\n<p><a href=\"https:\/\/recambiosecogas.com\/pt-pt\/categoria-produto\/reguladores-de-pressao\/redutor-glp\/\">OBTENHA MAIS CAIXAS DE VELOCIDADES NO NOSSO SITE<\/a><\/p>\n<p><a href=\"https:\/\/segimonautomocio.com\/\">PARA CONVERS\u00d5ES DE LPG, VISITE O NOSSO WORKSHOP NO SITE<\/a><\/p>\n<\/div>\n","protected":false},"excerpt":{"rendered":"<p>Redutor ALEX Shark 1200<\/p>\n","protected":false},"featured_media":6715,"comment_status":"open","ping_status":"closed","template":"","meta":{"_uag_custom_page_level_css":""},"product_brand":[],"product_cat":[1066,1065],"product_tag":[1135],"class_list":{"0":"post-46993","1":"product","2":"type-product","3":"status-publish","4":"has-post-thumbnail","6":"product_cat-redutor-glp","7":"product_cat-reguladores-de-pressao","8":"product_tag-110kw-pt-pt","10":"first","11":"onbackorder","12":"taxable","13":"shipping-taxable","14":"purchasable","15":"product-type-simple"},"ct_brands":[],"yoast_head":"<!-- This site is optimized with the Yoast SEO Premium plugin v27.5 (Yoast SEO v27.6) - https:\/\/yoast.com\/product\/yoast-seo-premium-wordpress\/ -->\n<title>ALEX Shark 1200 Redutor | Recambios EcoGas | Sistemas GLP y GNC<\/title>\n<meta name=\"description\" content=\"Caixa de velocidades ALEX Shark 1200 para sistemas de GPL. Pot\u00eancia at\u00e9 110 kW e press\u00e3o constante. COMPRE ONLINE, ENVIO POR TODA A ESPANHA.\" \/>\n<meta name=\"robots\" content=\"index, follow, max-snippet:-1, max-image-preview:large, max-video-preview:-1\" \/>\n<link rel=\"canonical\" href=\"https:\/\/recambiosecogas.com\/pt-pt\/producto\/alex-shark-1200-reductor\/\" \/>\n<meta property=\"og:locale\" content=\"pt_PT\" \/>\n<meta property=\"og:type\" content=\"article\" \/>\n<meta property=\"og:title\" content=\"ALEX Shark 1200 Redutor\" \/>\n<meta property=\"og:description\" content=\"Caixa de velocidades ALEX Shark 1200 para sistemas de GPL. Pot\u00eancia at\u00e9 110 kW e press\u00e3o constante. COMPRE ONLINE, ENVIO POR TODA A ESPANHA.\" \/>\n<meta property=\"og:url\" content=\"https:\/\/recambiosecogas.com\/pt-pt\/producto\/alex-shark-1200-reductor\/\" \/>\n<meta property=\"og:site_name\" content=\"Recambios EcoGas\" \/>\n<meta property=\"article:publisher\" content=\"https:\/\/www.facebook.com\/profile.php?id=100062419705358\" \/>\n<meta property=\"article:modified_time\" content=\"2026-04-08T09:29:12+00:00\" \/>\n<meta property=\"og:image\" content=\"https:\/\/recambiosecogas.com\/wp-content\/uploads\/2024\/10\/ALEX-Shark-1500-reductor-png.webp\" \/>\n\t<meta property=\"og:image:width\" content=\"1000\" \/>\n\t<meta property=\"og:image:height\" content=\"1000\" \/>\n\t<meta property=\"og:image:type\" content=\"image\/png\" \/>\n<meta name=\"twitter:card\" content=\"summary_large_image\" \/>\n<meta name=\"twitter:label1\" content=\"pre\u00e7o\" \/>\n\t<meta name=\"twitter:data1\" content=\"87,59&nbsp;&euro; (Sin IVA: 72,39&nbsp;&euro;)\" \/>\n\t<meta name=\"twitter:label2\" content=\"Disponibilidade\" \/>\n\t<meta name=\"twitter:data2\" content=\"Por encomenda\" \/>\n<script type=\"application\/ld+json\" class=\"yoast-schema-graph\">{\"@context\":\"https:\\\/\\\/schema.org\",\"@graph\":[{\"@type\":\"WebPage\",\"@id\":\"https:\\\/\\\/recambiosecogas.com\\\/pt-pt\\\/producto\\\/alex-shark-1200-reductor\\\/\",\"url\":\"https:\\\/\\\/recambiosecogas.com\\\/pt-pt\\\/producto\\\/alex-shark-1200-reductor\\\/\",\"name\":\"ALEX Shark 1200 Redutor | Recambios EcoGas | Sistemas GLP y GNC\",\"isPartOf\":{\"@id\":\"https:\\\/\\\/recambiosecogas.com\\\/pt-pt\\\/#website\"},\"primaryImageOfPage\":{\"@id\":\"https:\\\/\\\/recambiosecogas.com\\\/pt-pt\\\/producto\\\/alex-shark-1200-reductor\\\/#primaryimage\"},\"image\":{\"@id\":\"https:\\\/\\\/recambiosecogas.com\\\/pt-pt\\\/producto\\\/alex-shark-1200-reductor\\\/#primaryimage\"},\"thumbnailUrl\":\"https:\\\/\\\/recambiosecogas.com\\\/wp-content\\\/uploads\\\/2024\\\/10\\\/ALEX-Shark-1500-reductor-png.webp\",\"datePublished\":\"2024-10-19T13:23:49+00:00\",\"dateModified\":\"2026-04-08T09:29:12+00:00\",\"description\":\"Caixa de velocidades ALEX Shark 1200 para sistemas de GPL. Pot\u00eancia at\u00e9 110 kW e press\u00e3o constante. COMPRE ONLINE, ENVIO POR TODA A ESPANHA.\",\"breadcrumb\":{\"@id\":\"https:\\\/\\\/recambiosecogas.com\\\/pt-pt\\\/producto\\\/alex-shark-1200-reductor\\\/#breadcrumb\"},\"inLanguage\":\"pt-PT\",\"potentialAction\":[{\"@type\":\"ReadAction\",\"target\":[\"https:\\\/\\\/recambiosecogas.com\\\/pt-pt\\\/producto\\\/alex-shark-1200-reductor\\\/\"]}]},{\"@type\":\"ImageObject\",\"inLanguage\":\"pt-PT\",\"@id\":\"https:\\\/\\\/recambiosecogas.com\\\/pt-pt\\\/producto\\\/alex-shark-1200-reductor\\\/#primaryimage\",\"url\":\"https:\\\/\\\/recambiosecogas.com\\\/wp-content\\\/uploads\\\/2024\\\/10\\\/ALEX-Shark-1500-reductor-png.webp\",\"contentUrl\":\"https:\\\/\\\/recambiosecogas.com\\\/wp-content\\\/uploads\\\/2024\\\/10\\\/ALEX-Shark-1500-reductor-png.webp\",\"width\":1000,\"height\":1000,\"caption\":\"Reductor ALEX Shark 1500 ALEX BARRACUDA\"},{\"@type\":\"BreadcrumbList\",\"@id\":\"https:\\\/\\\/recambiosecogas.com\\\/pt-pt\\\/producto\\\/alex-shark-1200-reductor\\\/#breadcrumb\",\"itemListElement\":[{\"@type\":\"ListItem\",\"position\":1,\"name\":\"P\u00e1gina inicial\",\"item\":\"https:\\\/\\\/recambiosecogas.com\\\/pt-pt\\\/\"},{\"@type\":\"ListItem\",\"position\":2,\"name\":\"Loja\",\"item\":\"https:\\\/\\\/recambiosecogas.com\\\/pt-pt\\\/tienda\\\/\"},{\"@type\":\"ListItem\",\"position\":3,\"name\":\"ALEX Shark 1200 Redutor\"}]},{\"@type\":\"WebSite\",\"@id\":\"https:\\\/\\\/recambiosecogas.com\\\/pt-pt\\\/#website\",\"url\":\"https:\\\/\\\/recambiosecogas.com\\\/pt-pt\\\/\",\"name\":\"Recambios EcoGas\",\"description\":\"Pe\u00e7as multimarca para sistemas de GPL\\\/GNC\\\/GNL\\\/Hidrog\u00e9nio\",\"publisher\":{\"@id\":\"https:\\\/\\\/recambiosecogas.com\\\/pt-pt\\\/#organization\"},\"alternateName\":\"Recambios Autogas GLP\",\"potentialAction\":[{\"@type\":\"SearchAction\",\"target\":{\"@type\":\"EntryPoint\",\"urlTemplate\":\"https:\\\/\\\/recambiosecogas.com\\\/pt-pt\\\/?s={search_term_string}\"},\"query-input\":{\"@type\":\"PropertyValueSpecification\",\"valueRequired\":true,\"valueName\":\"search_term_string\"}}],\"inLanguage\":\"pt-PT\"},{\"@type\":[\"Organization\",\"Place\"],\"@id\":\"https:\\\/\\\/recambiosecogas.com\\\/pt-pt\\\/#organization\",\"name\":\"Recambios EcoGas\",\"alternateName\":\"Loja de GPL Autog\u00e1s Espanha\",\"url\":\"https:\\\/\\\/recambiosecogas.com\\\/pt-pt\\\/\",\"logo\":{\"@id\":\"https:\\\/\\\/recambiosecogas.com\\\/pt-pt\\\/producto\\\/alex-shark-1200-reductor\\\/#local-main-organization-logo\"},\"image\":{\"@id\":\"https:\\\/\\\/recambiosecogas.com\\\/pt-pt\\\/producto\\\/alex-shark-1200-reductor\\\/#local-main-organization-logo\"},\"sameAs\":[\"https:\\\/\\\/www.facebook.com\\\/profile.php?id=100062419705358\",\"https:\\\/\\\/www.instagram.com\\\/segimon_automocio\"],\"description\":\"Recambios EcoGas \u2013 Venta y distribuci\u00f3n de sistemas GLP y GNC en Espa\u00f1a y Portugal. Env\u00edos 24 h, soporte t\u00e9cnico a talleres y distribuidores.\",\"hasMerchantReturnPolicy\":{\"@type\":\"MerchantReturnPolicy\",\"merchantReturnLink\":\"https:\\\/\\\/recambiosecogas.com\\\/politicas-privacidad\\\/\"},\"address\":{\"@id\":\"https:\\\/\\\/recambiosecogas.com\\\/pt-pt\\\/producto\\\/alex-shark-1200-reductor\\\/#local-main-place-address\"},\"telephone\":[\"616250633\"],\"contactPoint\":{\"@type\":\"ContactPoint\",\"email\":\"export@recambiosecogas.com\"},\"openingHoursSpecification\":[{\"@type\":\"OpeningHoursSpecification\",\"dayOfWeek\":[\"Monday\",\"Tuesday\",\"Wednesday\",\"Thursday\",\"Friday\",\"Saturday\",\"Sunday\"],\"opens\":\"09:00\",\"closes\":\"17:00\"}],\"email\":\"info@recambiosecogas.com\",\"faxNumber\":\"SEGIMON AUTOMOCION SL\",\"vatID\":\"ESB19819861\",\"globalLocationNumber\":\"938 616 339\"},{\"@type\":\"PostalAddress\",\"@id\":\"https:\\\/\\\/recambiosecogas.com\\\/pt-pt\\\/producto\\\/alex-shark-1200-reductor\\\/#local-main-place-address\",\"streetAddress\":\"cami antic de vic, 29 (Nave 3), Pol\u00edgono Industrial Congost\",\"addressLocality\":\"CORRO D`AVALL\",\"postalCode\":\"08520\",\"addressRegion\":\"Barcelona\",\"addressCountry\":\"ES\"},{\"@type\":\"ImageObject\",\"inLanguage\":\"pt-PT\",\"@id\":\"https:\\\/\\\/recambiosecogas.com\\\/pt-pt\\\/producto\\\/alex-shark-1200-reductor\\\/#local-main-organization-logo\",\"url\":\"https:\\\/\\\/recambiosecogas.com\\\/wp-content\\\/uploads\\\/2024\\\/11\\\/cropped-RECAMBIOS-GLP-png.webp\",\"contentUrl\":\"https:\\\/\\\/recambiosecogas.com\\\/wp-content\\\/uploads\\\/2024\\\/11\\\/cropped-RECAMBIOS-GLP-png.webp\",\"width\":512,\"height\":512,\"caption\":\"Recambios EcoGas\"}]}<\/script>\n<meta property=\"product:price:amount\" content=\"87.59\" \/>\n<meta property=\"product:price:currency\" content=\"EUR\" \/>\n<meta property=\"og:availability\" content=\"backorder\" \/>\n<meta property=\"product:availability\" content=\"available for order\" \/>\n<meta property=\"product:retailer_item_id\" content=\"112493A\" \/>\n<meta property=\"product:condition\" content=\"new\" \/>\n<meta name=\"geo.placename\" content=\"CORRO D`AVALL\" \/>\n<meta name=\"geo.region\" content=\"Espanha\" \/>\n<!-- \/ Yoast SEO Premium plugin. -->","yoast_head_json":{"title":"ALEX Shark 1200 Redutor | Recambios EcoGas | Sistemas GLP y GNC","description":"Caixa de velocidades ALEX Shark 1200 para sistemas de GPL. Pot\u00eancia at\u00e9 110 kW e press\u00e3o constante. COMPRE ONLINE, ENVIO POR TODA A ESPANHA.","robots":{"index":"index","follow":"follow","max-snippet":"max-snippet:-1","max-image-preview":"max-image-preview:large","max-video-preview":"max-video-preview:-1"},"canonical":"https:\/\/recambiosecogas.com\/pt-pt\/producto\/alex-shark-1200-reductor\/","og_locale":"pt_PT","og_type":"article","og_title":"ALEX Shark 1200 Redutor","og_description":"Caixa de velocidades ALEX Shark 1200 para sistemas de GPL. Pot\u00eancia at\u00e9 110 kW e press\u00e3o constante. COMPRE ONLINE, ENVIO POR TODA A ESPANHA.","og_url":"https:\/\/recambiosecogas.com\/pt-pt\/producto\/alex-shark-1200-reductor\/","og_site_name":"Recambios EcoGas","article_publisher":"https:\/\/www.facebook.com\/profile.php?id=100062419705358","article_modified_time":"2026-04-08T09:29:12+00:00","og_image":[{"width":1000,"height":1000,"url":"https:\/\/recambiosecogas.com\/wp-content\/uploads\/2024\/10\/ALEX-Shark-1500-reductor-png.webp","type":"image\/png"}],"twitter_card":"summary_large_image","twitter_misc":{"pre\u00e7o":"87,59&nbsp;&euro; (Sin IVA: 72,39&nbsp;&euro;)","Disponibilidade":"Por encomenda"},"schema":{"@context":"https:\/\/schema.org","@graph":[{"@type":"WebPage","@id":"https:\/\/recambiosecogas.com\/pt-pt\/producto\/alex-shark-1200-reductor\/","url":"https:\/\/recambiosecogas.com\/pt-pt\/producto\/alex-shark-1200-reductor\/","name":"ALEX Shark 1200 Redutor | Recambios EcoGas | Sistemas GLP y GNC","isPartOf":{"@id":"https:\/\/recambiosecogas.com\/pt-pt\/#website"},"primaryImageOfPage":{"@id":"https:\/\/recambiosecogas.com\/pt-pt\/producto\/alex-shark-1200-reductor\/#primaryimage"},"image":{"@id":"https:\/\/recambiosecogas.com\/pt-pt\/producto\/alex-shark-1200-reductor\/#primaryimage"},"thumbnailUrl":"https:\/\/recambiosecogas.com\/wp-content\/uploads\/2024\/10\/ALEX-Shark-1500-reductor-png.webp","datePublished":"2024-10-19T13:23:49+00:00","dateModified":"2026-04-08T09:29:12+00:00","description":"Caixa de velocidades ALEX Shark 1200 para sistemas de GPL. Pot\u00eancia at\u00e9 110 kW e press\u00e3o constante. COMPRE ONLINE, ENVIO POR TODA A ESPANHA.","breadcrumb":{"@id":"https:\/\/recambiosecogas.com\/pt-pt\/producto\/alex-shark-1200-reductor\/#breadcrumb"},"inLanguage":"pt-PT","potentialAction":[{"@type":"ReadAction","target":["https:\/\/recambiosecogas.com\/pt-pt\/producto\/alex-shark-1200-reductor\/"]}]},{"@type":"ImageObject","inLanguage":"pt-PT","@id":"https:\/\/recambiosecogas.com\/pt-pt\/producto\/alex-shark-1200-reductor\/#primaryimage","url":"https:\/\/recambiosecogas.com\/wp-content\/uploads\/2024\/10\/ALEX-Shark-1500-reductor-png.webp","contentUrl":"https:\/\/recambiosecogas.com\/wp-content\/uploads\/2024\/10\/ALEX-Shark-1500-reductor-png.webp","width":1000,"height":1000,"caption":"Reductor ALEX Shark 1500 ALEX BARRACUDA"},{"@type":"BreadcrumbList","@id":"https:\/\/recambiosecogas.com\/pt-pt\/producto\/alex-shark-1200-reductor\/#breadcrumb","itemListElement":[{"@type":"ListItem","position":1,"name":"P\u00e1gina inicial","item":"https:\/\/recambiosecogas.com\/pt-pt\/"},{"@type":"ListItem","position":2,"name":"Loja","item":"https:\/\/recambiosecogas.com\/pt-pt\/tienda\/"},{"@type":"ListItem","position":3,"name":"ALEX Shark 1200 Redutor"}]},{"@type":"WebSite","@id":"https:\/\/recambiosecogas.com\/pt-pt\/#website","url":"https:\/\/recambiosecogas.com\/pt-pt\/","name":"Recambios EcoGas","description":"Pe\u00e7as multimarca para sistemas de GPL\/GNC\/GNL\/Hidrog\u00e9nio","publisher":{"@id":"https:\/\/recambiosecogas.com\/pt-pt\/#organization"},"alternateName":"Recambios Autogas GLP","potentialAction":[{"@type":"SearchAction","target":{"@type":"EntryPoint","urlTemplate":"https:\/\/recambiosecogas.com\/pt-pt\/?s={search_term_string}"},"query-input":{"@type":"PropertyValueSpecification","valueRequired":true,"valueName":"search_term_string"}}],"inLanguage":"pt-PT"},{"@type":["Organization","Place"],"@id":"https:\/\/recambiosecogas.com\/pt-pt\/#organization","name":"Recambios EcoGas","alternateName":"Loja de GPL Autog\u00e1s Espanha","url":"https:\/\/recambiosecogas.com\/pt-pt\/","logo":{"@id":"https:\/\/recambiosecogas.com\/pt-pt\/producto\/alex-shark-1200-reductor\/#local-main-organization-logo"},"image":{"@id":"https:\/\/recambiosecogas.com\/pt-pt\/producto\/alex-shark-1200-reductor\/#local-main-organization-logo"},"sameAs":["https:\/\/www.facebook.com\/profile.php?id=100062419705358","https:\/\/www.instagram.com\/segimon_automocio"],"description":"Recambios EcoGas \u2013 Venta y distribuci\u00f3n de sistemas GLP y GNC en Espa\u00f1a y Portugal. Env\u00edos 24 h, soporte t\u00e9cnico a talleres y distribuidores.","hasMerchantReturnPolicy":{"@type":"MerchantReturnPolicy","merchantReturnLink":"https:\/\/recambiosecogas.com\/politicas-privacidad\/"},"address":{"@id":"https:\/\/recambiosecogas.com\/pt-pt\/producto\/alex-shark-1200-reductor\/#local-main-place-address"},"telephone":["616250633"],"contactPoint":{"@type":"ContactPoint","email":"export@recambiosecogas.com"},"openingHoursSpecification":[{"@type":"OpeningHoursSpecification","dayOfWeek":["Monday","Tuesday","Wednesday","Thursday","Friday","Saturday","Sunday"],"opens":"09:00","closes":"17:00"}],"email":"info@recambiosecogas.com","faxNumber":"SEGIMON AUTOMOCION SL","vatID":"ESB19819861","globalLocationNumber":"938 616 339"},{"@type":"PostalAddress","@id":"https:\/\/recambiosecogas.com\/pt-pt\/producto\/alex-shark-1200-reductor\/#local-main-place-address","streetAddress":"cami antic de vic, 29 (Nave 3), Pol\u00edgono Industrial Congost","addressLocality":"CORRO D`AVALL","postalCode":"08520","addressRegion":"Barcelona","addressCountry":"ES"},{"@type":"ImageObject","inLanguage":"pt-PT","@id":"https:\/\/recambiosecogas.com\/pt-pt\/producto\/alex-shark-1200-reductor\/#local-main-organization-logo","url":"https:\/\/recambiosecogas.com\/wp-content\/uploads\/2024\/11\/cropped-RECAMBIOS-GLP-png.webp","contentUrl":"https:\/\/recambiosecogas.com\/wp-content\/uploads\/2024\/11\/cropped-RECAMBIOS-GLP-png.webp","width":512,"height":512,"caption":"Recambios EcoGas"}]},"product_price_amount":"87.59","product_price_currency":"EUR","og_availability":"backorder","product_availability":"available for order","product_retailer_item_id":"112493A","product_condition":"new","geo.placename":"CORRO D`AVALL","geo.region":"Espanha"},"uagb_featured_image_src":{"full":["https:\/\/recambiosecogas.com\/wp-content\/uploads\/2024\/10\/ALEX-Shark-1500-reductor-png.webp",1000,1000,false],"thumbnail":["https:\/\/recambiosecogas.com\/wp-content\/uploads\/2024\/10\/ALEX-Shark-1500-reductor-150x150.png",150,150,true],"medium":["https:\/\/recambiosecogas.com\/wp-content\/uploads\/2024\/10\/ALEX-Shark-1500-reductor-300x300.png",300,300,true],"medium_large":["https:\/\/recambiosecogas.com\/wp-content\/uploads\/2024\/10\/ALEX-Shark-1500-reductor-768x768.png",768,768,true],"large":["https:\/\/recambiosecogas.com\/wp-content\/uploads\/2024\/10\/ALEX-Shark-1500-reductor-png.webp",1000,1000,false],"1536x1536":["https:\/\/recambiosecogas.com\/wp-content\/uploads\/2024\/10\/ALEX-Shark-1500-reductor-png.webp",1000,1000,false],"2048x2048":["https:\/\/recambiosecogas.com\/wp-content\/uploads\/2024\/10\/ALEX-Shark-1500-reductor-png.webp",1000,1000,false],"woocommerce_archive_thumbnail":["https:\/\/recambiosecogas.com\/wp-content\/uploads\/2024\/10\/ALEX-Shark-1500-reductor-png.webp",1000,1000,false],"woocommerce_thumbnail":["https:\/\/recambiosecogas.com\/wp-content\/uploads\/2024\/10\/ALEX-Shark-1500-reductor-png-300x300.webp",300,300,true],"woocommerce_single":["https:\/\/recambiosecogas.com\/wp-content\/uploads\/2024\/10\/ALEX-Shark-1500-reductor-png.webp",1000,1000,false],"woocommerce_gallery_thumbnail":["https:\/\/recambiosecogas.com\/wp-content\/uploads\/2024\/10\/ALEX-Shark-1500-reductor-png.webp",1000,1000,false],"dgwt-wcas-product-suggestion":["https:\/\/recambiosecogas.com\/wp-content\/uploads\/2024\/10\/ALEX-Shark-1500-reductor-png-64x64.webp",64,64,true]},"uagb_author_info":{"display_name":"Fran - Soporte T\u00e9cnico","author_link":"https:\/\/recambiosecogas.com\/pt-pt\/author\/"},"uagb_comment_info":0,"uagb_excerpt":"Redutor ALEX Shark 1200","_links":{"self":[{"href":"https:\/\/recambiosecogas.com\/pt-pt\/wp-json\/wp\/v2\/product\/46993","targetHints":{"allow":["GET"]}}],"collection":[{"href":"https:\/\/recambiosecogas.com\/pt-pt\/wp-json\/wp\/v2\/product"}],"about":[{"href":"https:\/\/recambiosecogas.com\/pt-pt\/wp-json\/wp\/v2\/types\/product"}],"replies":[{"embeddable":true,"href":"https:\/\/recambiosecogas.com\/pt-pt\/wp-json\/wp\/v2\/comments?post=46993"}],"wp:featuredmedia":[{"embeddable":true,"href":"https:\/\/recambiosecogas.com\/pt-pt\/wp-json\/wp\/v2\/media\/6715"}],"wp:attachment":[{"href":"https:\/\/recambiosecogas.com\/pt-pt\/wp-json\/wp\/v2\/media?parent=46993"}],"wp:term":[{"taxonomy":"product_brand","embeddable":true,"href":"https:\/\/recambiosecogas.com\/pt-pt\/wp-json\/wp\/v2\/product_brand?post=46993"},{"taxonomy":"product_cat","embeddable":true,"href":"https:\/\/recambiosecogas.com\/pt-pt\/wp-json\/wp\/v2\/product_cat?post=46993"},{"taxonomy":"product_tag","embeddable":true,"href":"https:\/\/recambiosecogas.com\/pt-pt\/wp-json\/wp\/v2\/product_tag?post=46993"}],"curies":[{"name":"wp","href":"https:\/\/api.w.org\/{rel}","templated":true}]}}