{"id":46975,"date":"2024-10-19T14:23:50","date_gmt":"2024-10-19T13:23:50","guid":{"rendered":"https:\/\/recambiosecogas.com\/producto\/tomasetto-reductor-glp-190hp-at07-super-hasta-140-kw\/"},"modified":"2026-04-08T10:28:53","modified_gmt":"2026-04-08T09:28:53","slug":"tomasetto-reductor-glp-190hp-at07-super-hasta-140-kw","status":"publish","type":"product","link":"https:\/\/recambiosecogas.com\/pt-pt\/producto\/tomasetto-reductor-glp-190hp-at07-super-hasta-140-kw\/","title":{"rendered":"Redutor de GPL Tomasetto 190HP AT07 SUPER (at\u00e9 140 kW)"},"content":{"rendered":"<div>\n<p>Redutor de GPL Tomasetto 190HP AT07 SUPER (at\u00e9 140 kW)<\/p>\n<p class=\"\" data-start=\"141\" data-end=\"442\"><strong data-start=\"144\" data-end=\"187\">Tomasetto LPG 190HP AT07 SUPER reducer<\/strong> \u00e9 um vaporizador de alto desempenho concebido para sistemas <strong data-start=\"252\" data-end=\"259\">de GLP<\/strong> em ve\u00edculos at\u00e9 <strong data-start=\"282\" data-end=\"301\">190 HP (140 kW).<\/strong> A sua principal fun\u00e7\u00e3o \u00e9 converter o GLP da fase l\u00edquida para a fase gasosa, proporcionando uma regula\u00e7\u00e3o da press\u00e3o est\u00e1vel e eficiente. <\/p>\n<p class=\"\" data-start=\"444\" data-end=\"699\">Fabricado em <strong data-start=\"457\" data-end=\"477\">alum\u00ednio fundido<\/strong>, o AT07 SUPER garante alta resist\u00eancia \u00e0 corros\u00e3o e desempenho duradouro. A sua <strong data-start=\"569\" data-end=\"587\">bobina de 11 W<\/strong> permite uma regula\u00e7\u00e3o precisa da press\u00e3o, melhorando a combust\u00e3o e reduzindo o consumo de combust\u00edvel. <\/p>\n<table>\n<tbody>\n<tr>\n<td><strong>Dados t\u00e9cnicos do vaporizador AT07 SUPER<\/strong><\/td>\n<\/tr>\n<tr>\n<td>Materiais<\/td>\n<td>\n<div>Alum\u00ednio fundido<\/div>\n<\/td>\n<\/tr>\n<tr>\n<td>Peso<\/td>\n<td>\n<div>1,5 kg<\/div>\n<\/td>\n<\/tr>\n<tr>\n<td>Dimens\u00f5es<\/td>\n<td>\n<div>150x160x110 mm<\/div>\n<\/td>\n<\/tr>\n<tr>\n<td>Press\u00e3o m\u00e1xima de entrada<\/td>\n<td>\n<div>3 MPa (30 bar)<\/div>\n<\/td>\n<\/tr>\n<tr>\n<td>Press\u00e3o de sa\u00edda<\/td>\n<td>\n<div>Dependendo da mesa de mistura<\/div>\n<\/td>\n<\/tr>\n<tr>\n<td>Tens\u00e3o da bobina<\/td>\n<td>\n<div>12 V CC<\/div>\n<\/td>\n<\/tr>\n<tr>\n<td>Pot\u00eancia das bobinas<\/td>\n<td>\n<div>11 W<\/div>\n<\/td>\n<\/tr>\n<tr>\n<td>Liga\u00e7\u00e3o \u00e0 entrada<\/td>\n<td>\n<div>Cabo M10x1 \u00f86 mm<\/div>\n<\/td>\n<\/tr>\n<tr>\n<td>Liga\u00e7\u00e3o na tomada<\/td>\n<td>\n<div>Liga\u00e7\u00e3o \u00e0 mangueira \u00f820 mm<\/div>\n<\/td>\n<\/tr>\n<tr>\n<td>Pot\u00eancia de Sa\u00edda<\/td>\n<td>\n<div>at\u00e9 190 cv (140 kW)<\/div>\n<\/td>\n<\/tr>\n<\/tbody>\n<\/table>\n<p>*Sem liga\u00e7\u00e3o ao motor<\/p>\n<\/div>\n<p>Temperaturas mais baixas podem reduzir a efici\u00eancia do evaporador e o desempenho do motor; Em caso de temperaturas ambientes mais elevadas, o evaporador pode tamb\u00e9m ser utilizado em motores mais potentes<\/p>\n<h2 class=\"\" data-start=\"834\" data-end=\"871\"><strong data-start=\"837\" data-end=\"869\">Carater\u00edsticas e vantagens<\/strong><\/h2>\n<ul data-start=\"872\" data-end=\"1276\">\n<li class=\"\" data-start=\"872\" data-end=\"957\">\n<p class=\"\" data-start=\"874\" data-end=\"957\"><strong data-start=\"874\" data-end=\"908\">Pot\u00eancia at\u00e9 190 cv (140 kW)<\/strong> \u2013 Compat\u00edvel com uma vasta gama de ve\u00edculos.<\/p>\n<\/li>\n<li class=\"\" data-start=\"958\" data-end=\"1034\">\n<p class=\"\" data-start=\"960\" data-end=\"1034\"><strong data-start=\"960\" data-end=\"992\">Material de Alum\u00ednio Fundido<\/strong> \u2013 Resistente \u00e0 corros\u00e3o e dur\u00e1vel.<\/p>\n<\/li>\n<li class=\"\" data-start=\"1035\" data-end=\"1126\">\n<p class=\"\" data-start=\"1037\" data-end=\"1126\"><strong data-start=\"1037\" data-end=\"1073\">Regula\u00e7\u00e3o Precisa da Press\u00e3o<\/strong> \u2013 Melhora a combust\u00e3o e o desempenho do motor.<\/p>\n<\/li>\n<li class=\"\" data-start=\"1127\" data-end=\"1200\">\n<p class=\"\" data-start=\"1129\" data-end=\"1200\"><strong data-start=\"1129\" data-end=\"1153\">Instala\u00e7\u00e3o simples<\/strong> \u2013 entrada M10x1 e sa\u00edda de mangueira de \u00d820 mm.<\/p>\n<\/li>\n<li class=\"\" data-start=\"1201\" data-end=\"1276\">\n<p class=\"\" data-start=\"1203\" data-end=\"1276\"><strong data-start=\"1203\" data-end=\"1246\">Funcionamento em temperaturas extremas<\/strong> \u2013 de -40\u00b0C a +120\u00b0C.<\/p>\n<\/li>\n<\/ul>\n<p><a href=\"https:\/\/recambiosecogas.com\/pt-pt\/categoria-produto\/reguladores-de-pressao\/redutor-glp\/\">OBTENHA MAIS CAIXAS DE VELOCIDADES NO NOSSO SITE<\/a><\/p>\n<p><a href=\"https:\/\/segimonautomocio.com\/\">PARA CONVERS\u00d5ES DE LPG, VISITE O NOSSO WORKSHOP NO SITE<\/a><\/p>\n","protected":false},"excerpt":{"rendered":"<p>Redutor de GPL Tomasetto 190HP AT07 SUPER (at\u00e9 140 kW)<\/p>\n","protected":false},"featured_media":6677,"comment_status":"open","ping_status":"closed","template":"","meta":{"_uag_custom_page_level_css":""},"product_brand":[],"product_cat":[1066,1065,1791],"product_tag":[],"class_list":{"0":"post-46975","1":"product","2":"type-product","3":"status-publish","4":"has-post-thumbnail","6":"product_cat-redutor-glp","7":"product_cat-reguladores-de-pressao","8":"product_cat-tomasseto-achile-pt-pt","10":"first","11":"onbackorder","12":"taxable","13":"shipping-taxable","14":"purchasable","15":"product-type-simple"},"ct_brands":[],"yoast_head":"<!-- This site is optimized with the Yoast SEO Premium plugin v27.5 (Yoast SEO v27.6) - https:\/\/yoast.com\/product\/yoast-seo-premium-wordpress\/ -->\n<title>Redutor de GPL Tomasetto 190HP AT07 SUPER (at\u00e9 140 kW) | Recambios EcoGas | Sistemas GLP y GNC<\/title>\n<meta name=\"description\" content=\"A caixa de velocidades Tomasetto LPG 190HP AT07 SUPER oferece regula\u00e7\u00e3o precisa para motores at\u00e9 190 CV (140 kW). Instala\u00e7\u00e3o f\u00e1cil e desempenho eficiente.\" \/>\n<meta name=\"robots\" content=\"index, follow, max-snippet:-1, max-image-preview:large, max-video-preview:-1\" \/>\n<link rel=\"canonical\" href=\"https:\/\/recambiosecogas.com\/pt-pt\/producto\/tomasetto-reductor-glp-190hp-at07-super-hasta-140-kw\/\" \/>\n<meta property=\"og:locale\" content=\"pt_PT\" \/>\n<meta property=\"og:type\" content=\"article\" \/>\n<meta property=\"og:title\" content=\"Redutor de GPL Tomasetto 190HP AT07 SUPER (at\u00e9 140 kW)\" \/>\n<meta property=\"og:description\" content=\"A caixa de velocidades Tomasetto LPG 190HP AT07 SUPER oferece regula\u00e7\u00e3o precisa para motores at\u00e9 190 CV (140 kW). Instala\u00e7\u00e3o f\u00e1cil e desempenho eficiente.\" \/>\n<meta property=\"og:url\" content=\"https:\/\/recambiosecogas.com\/pt-pt\/producto\/tomasetto-reductor-glp-190hp-at07-super-hasta-140-kw\/\" \/>\n<meta property=\"og:site_name\" content=\"Recambios EcoGas\" \/>\n<meta property=\"article:publisher\" content=\"https:\/\/www.facebook.com\/profile.php?id=100062419705358\" \/>\n<meta property=\"article:modified_time\" content=\"2026-04-08T09:28:53+00:00\" \/>\n<meta property=\"og:image\" content=\"https:\/\/recambiosecogas.com\/wp-content\/uploads\/2024\/10\/Tomasetto-reductor-AT07-100-HP-hasta-75-kW-1-png.webp\" \/>\n\t<meta property=\"og:image:width\" content=\"1000\" \/>\n\t<meta property=\"og:image:height\" content=\"1000\" \/>\n\t<meta property=\"og:image:type\" content=\"image\/png\" \/>\n<meta name=\"twitter:card\" content=\"summary_large_image\" \/>\n<meta name=\"twitter:label1\" content=\"pre\u00e7o\" \/>\n\t<meta name=\"twitter:data1\" content=\"89,10&nbsp;&euro; (Sin IVA: 73,64&nbsp;&euro;)\" \/>\n\t<meta name=\"twitter:label2\" content=\"Disponibilidade\" \/>\n\t<meta name=\"twitter:data2\" content=\"Por encomenda\" \/>\n<script type=\"application\/ld+json\" class=\"yoast-schema-graph\">{\"@context\":\"https:\\\/\\\/schema.org\",\"@graph\":[{\"@type\":\"WebPage\",\"@id\":\"https:\\\/\\\/recambiosecogas.com\\\/pt-pt\\\/producto\\\/tomasetto-reductor-glp-190hp-at07-super-hasta-140-kw\\\/\",\"url\":\"https:\\\/\\\/recambiosecogas.com\\\/pt-pt\\\/producto\\\/tomasetto-reductor-glp-190hp-at07-super-hasta-140-kw\\\/\",\"name\":\"Redutor de GPL Tomasetto 190HP AT07 SUPER (at\u00e9 140 kW) | Recambios EcoGas | Sistemas GLP y GNC\",\"isPartOf\":{\"@id\":\"https:\\\/\\\/recambiosecogas.com\\\/pt-pt\\\/#website\"},\"primaryImageOfPage\":{\"@id\":\"https:\\\/\\\/recambiosecogas.com\\\/pt-pt\\\/producto\\\/tomasetto-reductor-glp-190hp-at07-super-hasta-140-kw\\\/#primaryimage\"},\"image\":{\"@id\":\"https:\\\/\\\/recambiosecogas.com\\\/pt-pt\\\/producto\\\/tomasetto-reductor-glp-190hp-at07-super-hasta-140-kw\\\/#primaryimage\"},\"thumbnailUrl\":\"https:\\\/\\\/recambiosecogas.com\\\/wp-content\\\/uploads\\\/2024\\\/10\\\/Tomasetto-reductor-AT07-100-HP-hasta-75-kW-1-png.webp\",\"datePublished\":\"2024-10-19T13:23:50+00:00\",\"dateModified\":\"2026-04-08T09:28:53+00:00\",\"description\":\"A caixa de velocidades Tomasetto LPG 190HP AT07 SUPER oferece regula\u00e7\u00e3o precisa para motores at\u00e9 190 CV (140 kW). Instala\u00e7\u00e3o f\u00e1cil e desempenho eficiente.\",\"breadcrumb\":{\"@id\":\"https:\\\/\\\/recambiosecogas.com\\\/pt-pt\\\/producto\\\/tomasetto-reductor-glp-190hp-at07-super-hasta-140-kw\\\/#breadcrumb\"},\"inLanguage\":\"pt-PT\",\"potentialAction\":[{\"@type\":\"ReadAction\",\"target\":[\"https:\\\/\\\/recambiosecogas.com\\\/pt-pt\\\/producto\\\/tomasetto-reductor-glp-190hp-at07-super-hasta-140-kw\\\/\"]}]},{\"@type\":\"ImageObject\",\"inLanguage\":\"pt-PT\",\"@id\":\"https:\\\/\\\/recambiosecogas.com\\\/pt-pt\\\/producto\\\/tomasetto-reductor-glp-190hp-at07-super-hasta-140-kw\\\/#primaryimage\",\"url\":\"https:\\\/\\\/recambiosecogas.com\\\/wp-content\\\/uploads\\\/2024\\\/10\\\/Tomasetto-reductor-AT07-100-HP-hasta-75-kW-1-png.webp\",\"contentUrl\":\"https:\\\/\\\/recambiosecogas.com\\\/wp-content\\\/uploads\\\/2024\\\/10\\\/Tomasetto-reductor-AT07-100-HP-hasta-75-kW-1-png.webp\",\"width\":1000,\"height\":1000,\"caption\":\"tomasetto reductor GLP AT07 SUPER Tomasetto Achille\"},{\"@type\":\"BreadcrumbList\",\"@id\":\"https:\\\/\\\/recambiosecogas.com\\\/pt-pt\\\/producto\\\/tomasetto-reductor-glp-190hp-at07-super-hasta-140-kw\\\/#breadcrumb\",\"itemListElement\":[{\"@type\":\"ListItem\",\"position\":1,\"name\":\"P\u00e1gina inicial\",\"item\":\"https:\\\/\\\/recambiosecogas.com\\\/pt-pt\\\/\"},{\"@type\":\"ListItem\",\"position\":2,\"name\":\"Loja\",\"item\":\"https:\\\/\\\/recambiosecogas.com\\\/pt-pt\\\/tienda\\\/\"},{\"@type\":\"ListItem\",\"position\":3,\"name\":\"Redutor de GPL Tomasetto 190HP AT07 SUPER (at\u00e9 140 kW)\"}]},{\"@type\":\"WebSite\",\"@id\":\"https:\\\/\\\/recambiosecogas.com\\\/pt-pt\\\/#website\",\"url\":\"https:\\\/\\\/recambiosecogas.com\\\/pt-pt\\\/\",\"name\":\"Recambios EcoGas\",\"description\":\"Pe\u00e7as multimarca para sistemas de GPL\\\/GNC\\\/GNL\\\/Hidrog\u00e9nio\",\"publisher\":{\"@id\":\"https:\\\/\\\/recambiosecogas.com\\\/pt-pt\\\/#organization\"},\"alternateName\":\"Recambios Autogas GLP\",\"potentialAction\":[{\"@type\":\"SearchAction\",\"target\":{\"@type\":\"EntryPoint\",\"urlTemplate\":\"https:\\\/\\\/recambiosecogas.com\\\/pt-pt\\\/?s={search_term_string}\"},\"query-input\":{\"@type\":\"PropertyValueSpecification\",\"valueRequired\":true,\"valueName\":\"search_term_string\"}}],\"inLanguage\":\"pt-PT\"},{\"@type\":[\"Organization\",\"Place\"],\"@id\":\"https:\\\/\\\/recambiosecogas.com\\\/pt-pt\\\/#organization\",\"name\":\"Recambios EcoGas\",\"alternateName\":\"Loja de GPL Autog\u00e1s Espanha\",\"url\":\"https:\\\/\\\/recambiosecogas.com\\\/pt-pt\\\/\",\"logo\":{\"@id\":\"https:\\\/\\\/recambiosecogas.com\\\/pt-pt\\\/producto\\\/tomasetto-reductor-glp-190hp-at07-super-hasta-140-kw\\\/#local-main-organization-logo\"},\"image\":{\"@id\":\"https:\\\/\\\/recambiosecogas.com\\\/pt-pt\\\/producto\\\/tomasetto-reductor-glp-190hp-at07-super-hasta-140-kw\\\/#local-main-organization-logo\"},\"sameAs\":[\"https:\\\/\\\/www.facebook.com\\\/profile.php?id=100062419705358\",\"https:\\\/\\\/www.instagram.com\\\/segimon_automocio\"],\"description\":\"Recambios EcoGas \u2013 Venta y distribuci\u00f3n de sistemas GLP y GNC en Espa\u00f1a y Portugal. Env\u00edos 24 h, soporte t\u00e9cnico a talleres y distribuidores.\",\"hasMerchantReturnPolicy\":{\"@type\":\"MerchantReturnPolicy\",\"merchantReturnLink\":\"https:\\\/\\\/recambiosecogas.com\\\/politicas-privacidad\\\/\"},\"address\":{\"@id\":\"https:\\\/\\\/recambiosecogas.com\\\/pt-pt\\\/producto\\\/tomasetto-reductor-glp-190hp-at07-super-hasta-140-kw\\\/#local-main-place-address\"},\"telephone\":[\"616250633\"],\"contactPoint\":{\"@type\":\"ContactPoint\",\"email\":\"export@recambiosecogas.com\"},\"openingHoursSpecification\":[{\"@type\":\"OpeningHoursSpecification\",\"dayOfWeek\":[\"Monday\",\"Tuesday\",\"Wednesday\",\"Thursday\",\"Friday\",\"Saturday\",\"Sunday\"],\"opens\":\"09:00\",\"closes\":\"17:00\"}],\"email\":\"info@recambiosecogas.com\",\"faxNumber\":\"SEGIMON AUTOMOCION SL\",\"vatID\":\"ESB19819861\",\"globalLocationNumber\":\"938 616 339\"},{\"@type\":\"PostalAddress\",\"@id\":\"https:\\\/\\\/recambiosecogas.com\\\/pt-pt\\\/producto\\\/tomasetto-reductor-glp-190hp-at07-super-hasta-140-kw\\\/#local-main-place-address\",\"streetAddress\":\"cami antic de vic, 29 (Nave 3), Pol\u00edgono Industrial Congost\",\"addressLocality\":\"CORRO D`AVALL\",\"postalCode\":\"08520\",\"addressRegion\":\"Barcelona\",\"addressCountry\":\"ES\"},{\"@type\":\"ImageObject\",\"inLanguage\":\"pt-PT\",\"@id\":\"https:\\\/\\\/recambiosecogas.com\\\/pt-pt\\\/producto\\\/tomasetto-reductor-glp-190hp-at07-super-hasta-140-kw\\\/#local-main-organization-logo\",\"url\":\"https:\\\/\\\/recambiosecogas.com\\\/wp-content\\\/uploads\\\/2024\\\/11\\\/cropped-RECAMBIOS-GLP-png.webp\",\"contentUrl\":\"https:\\\/\\\/recambiosecogas.com\\\/wp-content\\\/uploads\\\/2024\\\/11\\\/cropped-RECAMBIOS-GLP-png.webp\",\"width\":512,\"height\":512,\"caption\":\"Recambios EcoGas\"}]}<\/script>\n<meta property=\"product:price:amount\" content=\"89.10\" \/>\n<meta property=\"product:price:currency\" content=\"EUR\" \/>\n<meta property=\"og:availability\" content=\"backorder\" \/>\n<meta property=\"product:availability\" content=\"available for order\" \/>\n<meta property=\"product:retailer_item_id\" content=\"102230\" \/>\n<meta property=\"product:condition\" content=\"new\" \/>\n<meta name=\"geo.placename\" content=\"CORRO D`AVALL\" \/>\n<meta name=\"geo.region\" content=\"Espanha\" \/>\n<!-- \/ Yoast SEO Premium plugin. -->","yoast_head_json":{"title":"Redutor de GPL Tomasetto 190HP AT07 SUPER (at\u00e9 140 kW) | Recambios EcoGas | Sistemas GLP y GNC","description":"A caixa de velocidades Tomasetto LPG 190HP AT07 SUPER oferece regula\u00e7\u00e3o precisa para motores at\u00e9 190 CV (140 kW). Instala\u00e7\u00e3o f\u00e1cil e desempenho eficiente.","robots":{"index":"index","follow":"follow","max-snippet":"max-snippet:-1","max-image-preview":"max-image-preview:large","max-video-preview":"max-video-preview:-1"},"canonical":"https:\/\/recambiosecogas.com\/pt-pt\/producto\/tomasetto-reductor-glp-190hp-at07-super-hasta-140-kw\/","og_locale":"pt_PT","og_type":"article","og_title":"Redutor de GPL Tomasetto 190HP AT07 SUPER (at\u00e9 140 kW)","og_description":"A caixa de velocidades Tomasetto LPG 190HP AT07 SUPER oferece regula\u00e7\u00e3o precisa para motores at\u00e9 190 CV (140 kW). Instala\u00e7\u00e3o f\u00e1cil e desempenho eficiente.","og_url":"https:\/\/recambiosecogas.com\/pt-pt\/producto\/tomasetto-reductor-glp-190hp-at07-super-hasta-140-kw\/","og_site_name":"Recambios EcoGas","article_publisher":"https:\/\/www.facebook.com\/profile.php?id=100062419705358","article_modified_time":"2026-04-08T09:28:53+00:00","og_image":[{"width":1000,"height":1000,"url":"https:\/\/recambiosecogas.com\/wp-content\/uploads\/2024\/10\/Tomasetto-reductor-AT07-100-HP-hasta-75-kW-1-png.webp","type":"image\/png"}],"twitter_card":"summary_large_image","twitter_misc":{"pre\u00e7o":"89,10&nbsp;&euro; (Sin IVA: 73,64&nbsp;&euro;)","Disponibilidade":"Por encomenda"},"schema":{"@context":"https:\/\/schema.org","@graph":[{"@type":"WebPage","@id":"https:\/\/recambiosecogas.com\/pt-pt\/producto\/tomasetto-reductor-glp-190hp-at07-super-hasta-140-kw\/","url":"https:\/\/recambiosecogas.com\/pt-pt\/producto\/tomasetto-reductor-glp-190hp-at07-super-hasta-140-kw\/","name":"Redutor de GPL Tomasetto 190HP AT07 SUPER (at\u00e9 140 kW) | Recambios EcoGas | Sistemas GLP y GNC","isPartOf":{"@id":"https:\/\/recambiosecogas.com\/pt-pt\/#website"},"primaryImageOfPage":{"@id":"https:\/\/recambiosecogas.com\/pt-pt\/producto\/tomasetto-reductor-glp-190hp-at07-super-hasta-140-kw\/#primaryimage"},"image":{"@id":"https:\/\/recambiosecogas.com\/pt-pt\/producto\/tomasetto-reductor-glp-190hp-at07-super-hasta-140-kw\/#primaryimage"},"thumbnailUrl":"https:\/\/recambiosecogas.com\/wp-content\/uploads\/2024\/10\/Tomasetto-reductor-AT07-100-HP-hasta-75-kW-1-png.webp","datePublished":"2024-10-19T13:23:50+00:00","dateModified":"2026-04-08T09:28:53+00:00","description":"A caixa de velocidades Tomasetto LPG 190HP AT07 SUPER oferece regula\u00e7\u00e3o precisa para motores at\u00e9 190 CV (140 kW). Instala\u00e7\u00e3o f\u00e1cil e desempenho eficiente.","breadcrumb":{"@id":"https:\/\/recambiosecogas.com\/pt-pt\/producto\/tomasetto-reductor-glp-190hp-at07-super-hasta-140-kw\/#breadcrumb"},"inLanguage":"pt-PT","potentialAction":[{"@type":"ReadAction","target":["https:\/\/recambiosecogas.com\/pt-pt\/producto\/tomasetto-reductor-glp-190hp-at07-super-hasta-140-kw\/"]}]},{"@type":"ImageObject","inLanguage":"pt-PT","@id":"https:\/\/recambiosecogas.com\/pt-pt\/producto\/tomasetto-reductor-glp-190hp-at07-super-hasta-140-kw\/#primaryimage","url":"https:\/\/recambiosecogas.com\/wp-content\/uploads\/2024\/10\/Tomasetto-reductor-AT07-100-HP-hasta-75-kW-1-png.webp","contentUrl":"https:\/\/recambiosecogas.com\/wp-content\/uploads\/2024\/10\/Tomasetto-reductor-AT07-100-HP-hasta-75-kW-1-png.webp","width":1000,"height":1000,"caption":"tomasetto reductor GLP AT07 SUPER Tomasetto Achille"},{"@type":"BreadcrumbList","@id":"https:\/\/recambiosecogas.com\/pt-pt\/producto\/tomasetto-reductor-glp-190hp-at07-super-hasta-140-kw\/#breadcrumb","itemListElement":[{"@type":"ListItem","position":1,"name":"P\u00e1gina inicial","item":"https:\/\/recambiosecogas.com\/pt-pt\/"},{"@type":"ListItem","position":2,"name":"Loja","item":"https:\/\/recambiosecogas.com\/pt-pt\/tienda\/"},{"@type":"ListItem","position":3,"name":"Redutor de GPL Tomasetto 190HP AT07 SUPER (at\u00e9 140 kW)"}]},{"@type":"WebSite","@id":"https:\/\/recambiosecogas.com\/pt-pt\/#website","url":"https:\/\/recambiosecogas.com\/pt-pt\/","name":"Recambios EcoGas","description":"Pe\u00e7as multimarca para sistemas de GPL\/GNC\/GNL\/Hidrog\u00e9nio","publisher":{"@id":"https:\/\/recambiosecogas.com\/pt-pt\/#organization"},"alternateName":"Recambios Autogas GLP","potentialAction":[{"@type":"SearchAction","target":{"@type":"EntryPoint","urlTemplate":"https:\/\/recambiosecogas.com\/pt-pt\/?s={search_term_string}"},"query-input":{"@type":"PropertyValueSpecification","valueRequired":true,"valueName":"search_term_string"}}],"inLanguage":"pt-PT"},{"@type":["Organization","Place"],"@id":"https:\/\/recambiosecogas.com\/pt-pt\/#organization","name":"Recambios EcoGas","alternateName":"Loja de GPL Autog\u00e1s Espanha","url":"https:\/\/recambiosecogas.com\/pt-pt\/","logo":{"@id":"https:\/\/recambiosecogas.com\/pt-pt\/producto\/tomasetto-reductor-glp-190hp-at07-super-hasta-140-kw\/#local-main-organization-logo"},"image":{"@id":"https:\/\/recambiosecogas.com\/pt-pt\/producto\/tomasetto-reductor-glp-190hp-at07-super-hasta-140-kw\/#local-main-organization-logo"},"sameAs":["https:\/\/www.facebook.com\/profile.php?id=100062419705358","https:\/\/www.instagram.com\/segimon_automocio"],"description":"Recambios EcoGas \u2013 Venta y distribuci\u00f3n de sistemas GLP y GNC en Espa\u00f1a y Portugal. Env\u00edos 24 h, soporte t\u00e9cnico a talleres y distribuidores.","hasMerchantReturnPolicy":{"@type":"MerchantReturnPolicy","merchantReturnLink":"https:\/\/recambiosecogas.com\/politicas-privacidad\/"},"address":{"@id":"https:\/\/recambiosecogas.com\/pt-pt\/producto\/tomasetto-reductor-glp-190hp-at07-super-hasta-140-kw\/#local-main-place-address"},"telephone":["616250633"],"contactPoint":{"@type":"ContactPoint","email":"export@recambiosecogas.com"},"openingHoursSpecification":[{"@type":"OpeningHoursSpecification","dayOfWeek":["Monday","Tuesday","Wednesday","Thursday","Friday","Saturday","Sunday"],"opens":"09:00","closes":"17:00"}],"email":"info@recambiosecogas.com","faxNumber":"SEGIMON AUTOMOCION SL","vatID":"ESB19819861","globalLocationNumber":"938 616 339"},{"@type":"PostalAddress","@id":"https:\/\/recambiosecogas.com\/pt-pt\/producto\/tomasetto-reductor-glp-190hp-at07-super-hasta-140-kw\/#local-main-place-address","streetAddress":"cami antic de vic, 29 (Nave 3), Pol\u00edgono Industrial Congost","addressLocality":"CORRO D`AVALL","postalCode":"08520","addressRegion":"Barcelona","addressCountry":"ES"},{"@type":"ImageObject","inLanguage":"pt-PT","@id":"https:\/\/recambiosecogas.com\/pt-pt\/producto\/tomasetto-reductor-glp-190hp-at07-super-hasta-140-kw\/#local-main-organization-logo","url":"https:\/\/recambiosecogas.com\/wp-content\/uploads\/2024\/11\/cropped-RECAMBIOS-GLP-png.webp","contentUrl":"https:\/\/recambiosecogas.com\/wp-content\/uploads\/2024\/11\/cropped-RECAMBIOS-GLP-png.webp","width":512,"height":512,"caption":"Recambios EcoGas"}]},"product_price_amount":"89.10","product_price_currency":"EUR","og_availability":"backorder","product_availability":"available for order","product_retailer_item_id":"102230","product_condition":"new","geo.placename":"CORRO D`AVALL","geo.region":"Espanha"},"uagb_featured_image_src":{"full":["https:\/\/recambiosecogas.com\/wp-content\/uploads\/2024\/10\/Tomasetto-reductor-AT07-100-HP-hasta-75-kW-1-png.webp",1000,1000,false],"thumbnail":["https:\/\/recambiosecogas.com\/wp-content\/uploads\/2024\/10\/Tomasetto-reductor-AT07-100-HP-hasta-75-kW-1-150x150.webp",150,150,true],"medium":["https:\/\/recambiosecogas.com\/wp-content\/uploads\/2024\/10\/Tomasetto-reductor-AT07-100-HP-hasta-75-kW-1-300x300.webp",300,300,true],"medium_large":["https:\/\/recambiosecogas.com\/wp-content\/uploads\/2024\/10\/Tomasetto-reductor-AT07-100-HP-hasta-75-kW-1-768x768.webp",768,768,true],"large":["https:\/\/recambiosecogas.com\/wp-content\/uploads\/2024\/10\/Tomasetto-reductor-AT07-100-HP-hasta-75-kW-1-png.webp",1000,1000,false],"1536x1536":["https:\/\/recambiosecogas.com\/wp-content\/uploads\/2024\/10\/Tomasetto-reductor-AT07-100-HP-hasta-75-kW-1-png.webp",1000,1000,false],"2048x2048":["https:\/\/recambiosecogas.com\/wp-content\/uploads\/2024\/10\/Tomasetto-reductor-AT07-100-HP-hasta-75-kW-1-png.webp",1000,1000,false],"woocommerce_archive_thumbnail":["https:\/\/recambiosecogas.com\/wp-content\/uploads\/2024\/10\/Tomasetto-reductor-AT07-100-HP-hasta-75-kW-1-png.webp",1000,1000,false],"woocommerce_thumbnail":["https:\/\/recambiosecogas.com\/wp-content\/uploads\/2024\/10\/Tomasetto-reductor-AT07-100-HP-hasta-75-kW-1-png-300x300.webp",300,300,true],"woocommerce_single":["https:\/\/recambiosecogas.com\/wp-content\/uploads\/2024\/10\/Tomasetto-reductor-AT07-100-HP-hasta-75-kW-1-png.webp",1000,1000,false],"woocommerce_gallery_thumbnail":["https:\/\/recambiosecogas.com\/wp-content\/uploads\/2024\/10\/Tomasetto-reductor-AT07-100-HP-hasta-75-kW-1-png.webp",1000,1000,false],"dgwt-wcas-product-suggestion":["https:\/\/recambiosecogas.com\/wp-content\/uploads\/2024\/10\/Tomasetto-reductor-AT07-100-HP-hasta-75-kW-1-png-64x64.webp",64,64,true]},"uagb_author_info":{"display_name":"Fran - Soporte T\u00e9cnico","author_link":"https:\/\/recambiosecogas.com\/pt-pt\/author\/"},"uagb_comment_info":0,"uagb_excerpt":"Redutor de GPL Tomasetto 190HP AT07 SUPER (at\u00e9 140 kW)","_links":{"self":[{"href":"https:\/\/recambiosecogas.com\/pt-pt\/wp-json\/wp\/v2\/product\/46975","targetHints":{"allow":["GET"]}}],"collection":[{"href":"https:\/\/recambiosecogas.com\/pt-pt\/wp-json\/wp\/v2\/product"}],"about":[{"href":"https:\/\/recambiosecogas.com\/pt-pt\/wp-json\/wp\/v2\/types\/product"}],"replies":[{"embeddable":true,"href":"https:\/\/recambiosecogas.com\/pt-pt\/wp-json\/wp\/v2\/comments?post=46975"}],"wp:featuredmedia":[{"embeddable":true,"href":"https:\/\/recambiosecogas.com\/pt-pt\/wp-json\/wp\/v2\/media\/6677"}],"wp:attachment":[{"href":"https:\/\/recambiosecogas.com\/pt-pt\/wp-json\/wp\/v2\/media?parent=46975"}],"wp:term":[{"taxonomy":"product_brand","embeddable":true,"href":"https:\/\/recambiosecogas.com\/pt-pt\/wp-json\/wp\/v2\/product_brand?post=46975"},{"taxonomy":"product_cat","embeddable":true,"href":"https:\/\/recambiosecogas.com\/pt-pt\/wp-json\/wp\/v2\/product_cat?post=46975"},{"taxonomy":"product_tag","embeddable":true,"href":"https:\/\/recambiosecogas.com\/pt-pt\/wp-json\/wp\/v2\/product_tag?post=46975"}],"curies":[{"name":"wp","href":"https:\/\/api.w.org\/{rel}","templated":true}]}}