{"id":46971,"date":"2024-10-19T14:23:51","date_gmt":"2024-10-19T13:23:51","guid":{"rendered":"https:\/\/recambiosecogas.com\/producto\/tomasetto-reductor-at07-100-hp-hasta-75-kw\/"},"modified":"2026-04-27T09:20:36","modified_gmt":"2026-04-27T08:20:36","slug":"tomasetto-reductor-at07-100-hp-hasta-75-kw","status":"publish","type":"product","link":"https:\/\/recambiosecogas.com\/pt-pt\/producto\/tomasetto-reductor-at07-100-hp-hasta-75-kw\/","title":{"rendered":"AT07 caixa de velocidades Tomasetto de 100 cv (at\u00e9 75 kW)"},"content":{"rendered":"<div>\n<h3 style=\"text-align: center;\">AT07 caixa de velocidades Tomasetto de 100 cv (at\u00e9 75 kW)<\/h3>\n<table>\n<tbody>\n<tr>\n<td><strong>Dados t\u00e9cnicos da caixa de velocidades AT07 100HP<\/strong><\/td>\n<\/tr>\n<tr>\n<td>Material redutor<\/td>\n<td>\n<div>Alum\u00ednio fundido<\/div>\n<\/td>\n<\/tr>\n<tr>\n<td>Peso<\/td>\n<td>\n<div>1,5 kg<\/div>\n<\/td>\n<\/tr>\n<tr>\n<td>Dimens\u00f5es<\/td>\n<td>\n<div>150x160x110 mm<\/div>\n<\/td>\n<\/tr>\n<tr>\n<td>Press\u00e3o m\u00e1xima de entrada<\/td>\n<td>\n<div>3 MPa (30 bar)<\/div>\n<\/td>\n<\/tr>\n<tr>\n<td>Press\u00e3o de sa\u00edda<\/td>\n<td>\n<div>Dependendo da mesa de mistura<\/div>\n<\/td>\n<\/tr>\n<tr>\n<td>Tens\u00e3o da bobina<\/td>\n<td>\n<div>12 V CC<\/div>\n<\/td>\n<\/tr>\n<tr>\n<td>Pot\u00eancia das bobinas<\/td>\n<td>\n<div>11 W<\/div>\n<\/td>\n<\/tr>\n<tr>\n<td>Liga\u00e7\u00e3o \u00e0 entrada<\/td>\n<td>\n<div>Cabo M10x1 \u00f86 mm<\/div>\n<\/td>\n<\/tr>\n<tr>\n<td>Liga\u00e7\u00e3o na tomada<\/td>\n<td>\n<div>Liga\u00e7\u00e3o \u00e0 mangueira \u00f820 mm<\/div>\n<\/td>\n<\/tr>\n<tr>\n<td>Pot\u00eancia de Sa\u00edda<\/td>\n<td>\n<div>at\u00e9 100 cv (75 kW)<\/div>\n<\/td>\n<\/tr>\n<\/tbody>\n<\/table>\n<p><span style=\"color: #ff0000;\"><strong>*Sem liga\u00e7\u00e3o ao motor<\/strong><\/span><\/p>\n<\/div>\n<p data-start=\"163\" data-end=\"554\"><strong data-start=\"166\" data-end=\"199\"><span>Tomasetto Reductor AT07 100HP<\/span><\/strong><span> \u00e9 um <\/span><strong data-start=\"206\" data-end=\"248\"><span>vaporizador de GPL de alto desempenho<\/span><\/strong><span>, concebido para <\/span> sistemas de convers\u00e3o <strong data-start=\"290\" data-end=\"323\"><span>de g\u00e1s liquefeito de petr\u00f3leo (GLP)<\/span><\/strong> <span> em ve\u00edculos at\u00e9 <\/span><strong data-start=\"346\" data-end=\"364\"><span>100 HP (75 kW)<\/span><\/strong><span>  . A sua principal fun\u00e7\u00e3o \u00e9  <\/span><strong data-start=\"390\" data-end=\"420\"><span>regular a press\u00e3o do g\u00e1s<\/span><\/strong><span> para garantir <\/span><strong data-start=\"441\" data-end=\"475\"><span>uma combust\u00e3o est\u00e1vel e eficiente<\/span><\/strong><span> , otimizando o consumo de combust\u00edvel e melhorando o desempenho do motor.<\/span><\/p>\n<p data-start=\"909\" data-end=\"1193\"><span>Tem <\/span><strong data-start=\"920\" data-end=\"964\"><span>uma bobina DC de 12V e um consumo de 11W<\/span><\/strong><span>  , garantindo funcionamento eficiente com consumo energ\u00e9tico otimizado. O seu   <\/span>a <strong data-start=\"1046\" data-end=\"1128\"><span>liga\u00e7\u00e3o de entrada padr\u00e3o M10x1 para tubos de \u00d86 mm e sa\u00edda de mangueira de \u00d820 mm<\/span><\/strong><span> torna-o compat\u00edvel com m\u00faltiplos sistemas de inje\u00e7\u00e3o de g\u00e1s.<\/span><\/p>\n<p data-start=\"1195\" data-end=\"1494\"><span>O <\/span><strong data-start=\"1198\" data-end=\"1212\"><span>AT07 100HP<\/span><\/strong><span> foi concebido para <\/span><strong data-start=\"1232\" data-end=\"1278\"><span>operar em v\u00e1rias condi\u00e7\u00f5es ambientais<\/span><\/strong><span> , embora <\/span><strong data-start=\"1287\" data-end=\"1342\"><span>temperaturas baixas possam afetar a sua efici\u00eancia<\/span><\/strong><span>  . Em  <\/span><strong data-start=\"1347\" data-end=\"1369\"><span>Em climas mais<\/span><\/strong> <span>quentes, este redutor pode ser usado mesmo em <\/span><strong data-start=\"1413\" data-end=\"1437\"><span>motores mais potentes<\/span><\/strong><span>, garantindo uma convers\u00e3o de gases segura e est\u00e1vel.<\/span><\/p>\n<h3 data-start=\"2314\" data-end=\"2338\"><strong data-start=\"2318\" data-end=\"2336\"><span>Dados t\u00e9cnicos<\/span><\/strong><\/h3>\n<ul data-start=\"2339\" data-end=\"2946\">\n<li data-start=\"2339\" data-end=\"2375\"><strong data-start=\"2341\" data-end=\"2351\"><span>Modelo<\/span><\/strong><span> : Tomasetto AT07 100HP<\/span><\/li>\n<li data-start=\"2376\" data-end=\"2432\"><strong data-start=\"2378\" data-end=\"2386\"><span>Tipo<\/span><\/strong><span> : Redutor de press\u00e3o \/ Vaporizador de GLP<\/span><\/li>\n<li data-start=\"2433\" data-end=\"2467\"><strong data-start=\"2435\" data-end=\"2447\"><span>Material<\/span><\/strong><span> : Alum\u00ednio fundido<\/span><\/li>\n<li data-start=\"2468\" data-end=\"2488\"><strong data-start=\"2470\" data-end=\"2478\"><span>Peso<\/span><\/strong><span> : 1,5 kg<\/span><\/li>\n<li data-start=\"2489\" data-end=\"2524\"><strong data-start=\"2491\" data-end=\"2506\"><span>Dimens\u00f5es<\/span><\/strong><span> : 150x160x110 mm<\/span><\/li>\n<li data-start=\"2525\" data-end=\"2574\"><strong data-start=\"2527\" data-end=\"2556\"><span>Press\u00e3o m\u00e1xima de entrada<\/span><\/strong><span> : 3 MPa (30 bar)<\/span><\/li>\n<li data-start=\"2575\" data-end=\"2627\"><strong data-start=\"2577\" data-end=\"2598\"><span>Press\u00e3o na sa\u00edda<\/span><\/strong><span> : Depende do misturador<\/span><\/li>\n<li data-start=\"2628\" data-end=\"2664\"><strong data-start=\"2630\" data-end=\"2654\"><span>Tens\u00e3o da bobina<\/span><\/strong><span> : 12V DC<\/span><\/li>\n<li data-start=\"2665\" data-end=\"2699\"><strong data-start=\"2667\" data-end=\"2692\"><span>Pot\u00eancia da bobina<\/span><\/strong><span> : 11W<\/span><\/li>\n<li data-start=\"2700\" data-end=\"2745\"><strong data-start=\"2702\" data-end=\"2720\"><span>Entrada de g\u00e1s<\/span><\/strong><span> : M10x1 para tubo de \u00d86 mm<\/span><\/li>\n<li data-start=\"2746\" data-end=\"2784\"><strong data-start=\"2748\" data-end=\"2765\"><span>Sa\u00edda de g\u00e1s<\/span><\/strong><span> : Mangueira \u00d820 mm<\/span><\/li>\n<li data-start=\"2785\" data-end=\"2844\"><strong data-start=\"2787\" data-end=\"2816\"><span>Pot\u00eancia m\u00e1xima suportada<\/span><\/strong><span> : At\u00e9 <\/span><strong data-start=\"2824\" data-end=\"2842\"><span>100 cv (75 kW)<\/span><\/strong><\/li>\n<li data-start=\"2845\" data-end=\"2946\"><strong data-start=\"2847\" data-end=\"2874\"><span>Condi\u00e7\u00f5es ambientais<\/span><\/strong><span> : <\/span><strong data-start=\"2876\" data-end=\"2944\"><span>As temperaturas frias podem afetar a efici\u00eancia da caixa de velocidades<\/span><\/strong><\/li>\n<\/ul>\n<p>ARRANJA MAIS <a href=\"https:\/\/recambiosecogas.com\/pt-pt\/categoria-produto\/reguladores-de-pressao\/redutor-glp\/\">CAIXAS DE VELOCIDADES<\/a> ,<a href=\"https:\/\/recambiosecogas.com\/pt-pt\/produto\/kit-de-reparacao-impco-para-redutor-de-gpl-modelo-l\/\"> KITS DE REPARA\u00c7\u00c3O, <\/a><a href=\"http:\/\/www.segimonautomocio.com\">CONVERTE PARA LPG<\/a><\/p>\n","protected":false},"excerpt":{"rendered":"<p>Tomasetto redutor AT07 100 HP (at\u00e9 75 kW)<\/p>\n","protected":false},"featured_media":6677,"comment_status":"open","ping_status":"closed","template":"","meta":{"_uag_custom_page_level_css":""},"product_brand":[],"product_cat":[1066,1065,1791],"product_tag":[],"class_list":{"0":"post-46971","1":"product","2":"type-product","3":"status-publish","4":"has-post-thumbnail","6":"product_cat-redutor-glp","7":"product_cat-reguladores-de-pressao","8":"product_cat-tomasseto-achile-pt-pt","10":"first","11":"onbackorder","12":"taxable","13":"shipping-taxable","14":"purchasable","15":"product-type-simple"},"ct_brands":[],"yoast_head":"<!-- This site is optimized with the Yoast SEO Premium plugin v27.5 (Yoast SEO v27.6) - https:\/\/yoast.com\/product\/yoast-seo-premium-wordpress\/ -->\n<title>AT07 caixa de velocidades Tomasetto de 100 cv (at\u00e9 75 kW) | Recambios EcoGas | Sistemas GLP y GNC<\/title>\n<meta name=\"description\" content=\"Tomasetto AT07 redutor de 100HP. Regula\u00e7\u00e3o otimizada do g\u00e1s, compat\u00edvel com sistemas de inje\u00e7\u00e3o, bobina DC de 12V e instala\u00e7\u00e3o f\u00e1cil.\" \/>\n<meta name=\"robots\" content=\"index, follow, max-snippet:-1, max-image-preview:large, max-video-preview:-1\" \/>\n<link rel=\"canonical\" href=\"https:\/\/recambiosecogas.com\/pt-pt\/producto\/tomasetto-reductor-at07-100-hp-hasta-75-kw\/\" \/>\n<meta property=\"og:locale\" content=\"pt_PT\" \/>\n<meta property=\"og:type\" content=\"article\" \/>\n<meta property=\"og:title\" content=\"AT07 caixa de velocidades Tomasetto de 100 cv (at\u00e9 75 kW)\" \/>\n<meta property=\"og:description\" content=\"Tomasetto AT07 redutor de 100HP. Regula\u00e7\u00e3o otimizada do g\u00e1s, compat\u00edvel com sistemas de inje\u00e7\u00e3o, bobina DC de 12V e instala\u00e7\u00e3o f\u00e1cil.\" \/>\n<meta property=\"og:url\" content=\"https:\/\/recambiosecogas.com\/pt-pt\/producto\/tomasetto-reductor-at07-100-hp-hasta-75-kw\/\" \/>\n<meta property=\"og:site_name\" content=\"Recambios EcoGas\" \/>\n<meta property=\"article:publisher\" content=\"https:\/\/www.facebook.com\/profile.php?id=100062419705358\" \/>\n<meta property=\"article:modified_time\" content=\"2026-04-27T08:20:36+00:00\" \/>\n<meta property=\"og:image\" content=\"https:\/\/recambiosecogas.com\/wp-content\/uploads\/2024\/10\/Tomasetto-reductor-AT07-100-HP-hasta-75-kW-1-png.webp\" \/>\n\t<meta property=\"og:image:width\" content=\"1000\" \/>\n\t<meta property=\"og:image:height\" content=\"1000\" \/>\n\t<meta property=\"og:image:type\" content=\"image\/png\" \/>\n<meta name=\"twitter:card\" content=\"summary_large_image\" \/>\n<meta name=\"twitter:label1\" content=\"pre\u00e7o\" \/>\n\t<meta name=\"twitter:data1\" content=\"74,30&nbsp;&euro; (Sin IVA: 61,40&nbsp;&euro;)\" \/>\n\t<meta name=\"twitter:label2\" content=\"Disponibilidade\" \/>\n\t<meta name=\"twitter:data2\" content=\"Por encomenda\" \/>\n<script type=\"application\/ld+json\" class=\"yoast-schema-graph\">{\"@context\":\"https:\\\/\\\/schema.org\",\"@graph\":[{\"@type\":\"WebPage\",\"@id\":\"https:\\\/\\\/recambiosecogas.com\\\/pt-pt\\\/producto\\\/tomasetto-reductor-at07-100-hp-hasta-75-kw\\\/\",\"url\":\"https:\\\/\\\/recambiosecogas.com\\\/pt-pt\\\/producto\\\/tomasetto-reductor-at07-100-hp-hasta-75-kw\\\/\",\"name\":\"AT07 caixa de velocidades Tomasetto de 100 cv (at\u00e9 75 kW) | Recambios EcoGas | Sistemas GLP y GNC\",\"isPartOf\":{\"@id\":\"https:\\\/\\\/recambiosecogas.com\\\/pt-pt\\\/#website\"},\"primaryImageOfPage\":{\"@id\":\"https:\\\/\\\/recambiosecogas.com\\\/pt-pt\\\/producto\\\/tomasetto-reductor-at07-100-hp-hasta-75-kw\\\/#primaryimage\"},\"image\":{\"@id\":\"https:\\\/\\\/recambiosecogas.com\\\/pt-pt\\\/producto\\\/tomasetto-reductor-at07-100-hp-hasta-75-kw\\\/#primaryimage\"},\"thumbnailUrl\":\"https:\\\/\\\/recambiosecogas.com\\\/wp-content\\\/uploads\\\/2024\\\/10\\\/Tomasetto-reductor-AT07-100-HP-hasta-75-kW-1-png.webp\",\"datePublished\":\"2024-10-19T13:23:51+00:00\",\"dateModified\":\"2026-04-27T08:20:36+00:00\",\"description\":\"Tomasetto AT07 redutor de 100HP. Regula\u00e7\u00e3o otimizada do g\u00e1s, compat\u00edvel com sistemas de inje\u00e7\u00e3o, bobina DC de 12V e instala\u00e7\u00e3o f\u00e1cil.\",\"breadcrumb\":{\"@id\":\"https:\\\/\\\/recambiosecogas.com\\\/pt-pt\\\/producto\\\/tomasetto-reductor-at07-100-hp-hasta-75-kw\\\/#breadcrumb\"},\"inLanguage\":\"pt-PT\",\"potentialAction\":[{\"@type\":\"ReadAction\",\"target\":[\"https:\\\/\\\/recambiosecogas.com\\\/pt-pt\\\/producto\\\/tomasetto-reductor-at07-100-hp-hasta-75-kw\\\/\"]}]},{\"@type\":\"ImageObject\",\"inLanguage\":\"pt-PT\",\"@id\":\"https:\\\/\\\/recambiosecogas.com\\\/pt-pt\\\/producto\\\/tomasetto-reductor-at07-100-hp-hasta-75-kw\\\/#primaryimage\",\"url\":\"https:\\\/\\\/recambiosecogas.com\\\/wp-content\\\/uploads\\\/2024\\\/10\\\/Tomasetto-reductor-AT07-100-HP-hasta-75-kW-1-png.webp\",\"contentUrl\":\"https:\\\/\\\/recambiosecogas.com\\\/wp-content\\\/uploads\\\/2024\\\/10\\\/Tomasetto-reductor-AT07-100-HP-hasta-75-kW-1-png.webp\",\"width\":1000,\"height\":1000,\"caption\":\"tomasetto reductor GLP AT07 SUPER Tomasetto Achille\"},{\"@type\":\"BreadcrumbList\",\"@id\":\"https:\\\/\\\/recambiosecogas.com\\\/pt-pt\\\/producto\\\/tomasetto-reductor-at07-100-hp-hasta-75-kw\\\/#breadcrumb\",\"itemListElement\":[{\"@type\":\"ListItem\",\"position\":1,\"name\":\"P\u00e1gina inicial\",\"item\":\"https:\\\/\\\/recambiosecogas.com\\\/pt-pt\\\/\"},{\"@type\":\"ListItem\",\"position\":2,\"name\":\"Loja\",\"item\":\"https:\\\/\\\/recambiosecogas.com\\\/pt-pt\\\/tienda\\\/\"},{\"@type\":\"ListItem\",\"position\":3,\"name\":\"AT07 caixa de velocidades Tomasetto de 100 cv (at\u00e9 75 kW)\"}]},{\"@type\":\"WebSite\",\"@id\":\"https:\\\/\\\/recambiosecogas.com\\\/pt-pt\\\/#website\",\"url\":\"https:\\\/\\\/recambiosecogas.com\\\/pt-pt\\\/\",\"name\":\"Recambios EcoGas\",\"description\":\"Pe\u00e7as multimarca para sistemas de GPL\\\/GNC\\\/GNL\\\/Hidrog\u00e9nio\",\"publisher\":{\"@id\":\"https:\\\/\\\/recambiosecogas.com\\\/pt-pt\\\/#organization\"},\"alternateName\":\"Recambios Autogas GLP\",\"potentialAction\":[{\"@type\":\"SearchAction\",\"target\":{\"@type\":\"EntryPoint\",\"urlTemplate\":\"https:\\\/\\\/recambiosecogas.com\\\/pt-pt\\\/?s={search_term_string}\"},\"query-input\":{\"@type\":\"PropertyValueSpecification\",\"valueRequired\":true,\"valueName\":\"search_term_string\"}}],\"inLanguage\":\"pt-PT\"},{\"@type\":[\"Organization\",\"Place\"],\"@id\":\"https:\\\/\\\/recambiosecogas.com\\\/pt-pt\\\/#organization\",\"name\":\"Recambios EcoGas\",\"alternateName\":\"Loja de GPL Autog\u00e1s Espanha\",\"url\":\"https:\\\/\\\/recambiosecogas.com\\\/pt-pt\\\/\",\"logo\":{\"@id\":\"https:\\\/\\\/recambiosecogas.com\\\/pt-pt\\\/producto\\\/tomasetto-reductor-at07-100-hp-hasta-75-kw\\\/#local-main-organization-logo\"},\"image\":{\"@id\":\"https:\\\/\\\/recambiosecogas.com\\\/pt-pt\\\/producto\\\/tomasetto-reductor-at07-100-hp-hasta-75-kw\\\/#local-main-organization-logo\"},\"sameAs\":[\"https:\\\/\\\/www.facebook.com\\\/profile.php?id=100062419705358\",\"https:\\\/\\\/www.instagram.com\\\/segimon_automocio\"],\"description\":\"Recambios EcoGas \u2013 Venta y distribuci\u00f3n de sistemas GLP y GNC en Espa\u00f1a y Portugal. Env\u00edos 24 h, soporte t\u00e9cnico a talleres y distribuidores.\",\"hasMerchantReturnPolicy\":{\"@type\":\"MerchantReturnPolicy\",\"merchantReturnLink\":\"https:\\\/\\\/recambiosecogas.com\\\/politicas-privacidad\\\/\"},\"address\":{\"@id\":\"https:\\\/\\\/recambiosecogas.com\\\/pt-pt\\\/producto\\\/tomasetto-reductor-at07-100-hp-hasta-75-kw\\\/#local-main-place-address\"},\"telephone\":[\"616250633\"],\"contactPoint\":{\"@type\":\"ContactPoint\",\"email\":\"export@recambiosecogas.com\"},\"openingHoursSpecification\":[{\"@type\":\"OpeningHoursSpecification\",\"dayOfWeek\":[\"Monday\",\"Tuesday\",\"Wednesday\",\"Thursday\",\"Friday\",\"Saturday\",\"Sunday\"],\"opens\":\"09:00\",\"closes\":\"17:00\"}],\"email\":\"info@recambiosecogas.com\",\"faxNumber\":\"SEGIMON AUTOMOCION SL\",\"vatID\":\"ESB19819861\",\"globalLocationNumber\":\"938 616 339\"},{\"@type\":\"PostalAddress\",\"@id\":\"https:\\\/\\\/recambiosecogas.com\\\/pt-pt\\\/producto\\\/tomasetto-reductor-at07-100-hp-hasta-75-kw\\\/#local-main-place-address\",\"streetAddress\":\"cami antic de vic, 29 (Nave 3), Pol\u00edgono Industrial Congost\",\"addressLocality\":\"CORRO D`AVALL\",\"postalCode\":\"08520\",\"addressRegion\":\"Barcelona\",\"addressCountry\":\"ES\"},{\"@type\":\"ImageObject\",\"inLanguage\":\"pt-PT\",\"@id\":\"https:\\\/\\\/recambiosecogas.com\\\/pt-pt\\\/producto\\\/tomasetto-reductor-at07-100-hp-hasta-75-kw\\\/#local-main-organization-logo\",\"url\":\"https:\\\/\\\/recambiosecogas.com\\\/wp-content\\\/uploads\\\/2024\\\/11\\\/cropped-RECAMBIOS-GLP-png.webp\",\"contentUrl\":\"https:\\\/\\\/recambiosecogas.com\\\/wp-content\\\/uploads\\\/2024\\\/11\\\/cropped-RECAMBIOS-GLP-png.webp\",\"width\":512,\"height\":512,\"caption\":\"Recambios EcoGas\"}]}<\/script>\n<meta property=\"product:price:amount\" content=\"74.30\" \/>\n<meta property=\"product:price:currency\" content=\"EUR\" \/>\n<meta property=\"og:availability\" content=\"backorder\" \/>\n<meta property=\"product:availability\" content=\"available for order\" \/>\n<meta property=\"product:retailer_item_id\" content=\"101158\" \/>\n<meta property=\"product:condition\" content=\"new\" \/>\n<meta name=\"geo.placename\" content=\"CORRO D`AVALL\" \/>\n<meta name=\"geo.region\" content=\"Espanha\" \/>\n<!-- \/ Yoast SEO Premium plugin. -->","yoast_head_json":{"title":"AT07 caixa de velocidades Tomasetto de 100 cv (at\u00e9 75 kW) | Recambios EcoGas | Sistemas GLP y GNC","description":"Tomasetto AT07 redutor de 100HP. Regula\u00e7\u00e3o otimizada do g\u00e1s, compat\u00edvel com sistemas de inje\u00e7\u00e3o, bobina DC de 12V e instala\u00e7\u00e3o f\u00e1cil.","robots":{"index":"index","follow":"follow","max-snippet":"max-snippet:-1","max-image-preview":"max-image-preview:large","max-video-preview":"max-video-preview:-1"},"canonical":"https:\/\/recambiosecogas.com\/pt-pt\/producto\/tomasetto-reductor-at07-100-hp-hasta-75-kw\/","og_locale":"pt_PT","og_type":"article","og_title":"AT07 caixa de velocidades Tomasetto de 100 cv (at\u00e9 75 kW)","og_description":"Tomasetto AT07 redutor de 100HP. Regula\u00e7\u00e3o otimizada do g\u00e1s, compat\u00edvel com sistemas de inje\u00e7\u00e3o, bobina DC de 12V e instala\u00e7\u00e3o f\u00e1cil.","og_url":"https:\/\/recambiosecogas.com\/pt-pt\/producto\/tomasetto-reductor-at07-100-hp-hasta-75-kw\/","og_site_name":"Recambios EcoGas","article_publisher":"https:\/\/www.facebook.com\/profile.php?id=100062419705358","article_modified_time":"2026-04-27T08:20:36+00:00","og_image":[{"width":1000,"height":1000,"url":"https:\/\/recambiosecogas.com\/wp-content\/uploads\/2024\/10\/Tomasetto-reductor-AT07-100-HP-hasta-75-kW-1-png.webp","type":"image\/png"}],"twitter_card":"summary_large_image","twitter_misc":{"pre\u00e7o":"74,30&nbsp;&euro; (Sin IVA: 61,40&nbsp;&euro;)","Disponibilidade":"Por encomenda"},"schema":{"@context":"https:\/\/schema.org","@graph":[{"@type":"WebPage","@id":"https:\/\/recambiosecogas.com\/pt-pt\/producto\/tomasetto-reductor-at07-100-hp-hasta-75-kw\/","url":"https:\/\/recambiosecogas.com\/pt-pt\/producto\/tomasetto-reductor-at07-100-hp-hasta-75-kw\/","name":"AT07 caixa de velocidades Tomasetto de 100 cv (at\u00e9 75 kW) | Recambios EcoGas | Sistemas GLP y GNC","isPartOf":{"@id":"https:\/\/recambiosecogas.com\/pt-pt\/#website"},"primaryImageOfPage":{"@id":"https:\/\/recambiosecogas.com\/pt-pt\/producto\/tomasetto-reductor-at07-100-hp-hasta-75-kw\/#primaryimage"},"image":{"@id":"https:\/\/recambiosecogas.com\/pt-pt\/producto\/tomasetto-reductor-at07-100-hp-hasta-75-kw\/#primaryimage"},"thumbnailUrl":"https:\/\/recambiosecogas.com\/wp-content\/uploads\/2024\/10\/Tomasetto-reductor-AT07-100-HP-hasta-75-kW-1-png.webp","datePublished":"2024-10-19T13:23:51+00:00","dateModified":"2026-04-27T08:20:36+00:00","description":"Tomasetto AT07 redutor de 100HP. Regula\u00e7\u00e3o otimizada do g\u00e1s, compat\u00edvel com sistemas de inje\u00e7\u00e3o, bobina DC de 12V e instala\u00e7\u00e3o f\u00e1cil.","breadcrumb":{"@id":"https:\/\/recambiosecogas.com\/pt-pt\/producto\/tomasetto-reductor-at07-100-hp-hasta-75-kw\/#breadcrumb"},"inLanguage":"pt-PT","potentialAction":[{"@type":"ReadAction","target":["https:\/\/recambiosecogas.com\/pt-pt\/producto\/tomasetto-reductor-at07-100-hp-hasta-75-kw\/"]}]},{"@type":"ImageObject","inLanguage":"pt-PT","@id":"https:\/\/recambiosecogas.com\/pt-pt\/producto\/tomasetto-reductor-at07-100-hp-hasta-75-kw\/#primaryimage","url":"https:\/\/recambiosecogas.com\/wp-content\/uploads\/2024\/10\/Tomasetto-reductor-AT07-100-HP-hasta-75-kW-1-png.webp","contentUrl":"https:\/\/recambiosecogas.com\/wp-content\/uploads\/2024\/10\/Tomasetto-reductor-AT07-100-HP-hasta-75-kW-1-png.webp","width":1000,"height":1000,"caption":"tomasetto reductor GLP AT07 SUPER Tomasetto Achille"},{"@type":"BreadcrumbList","@id":"https:\/\/recambiosecogas.com\/pt-pt\/producto\/tomasetto-reductor-at07-100-hp-hasta-75-kw\/#breadcrumb","itemListElement":[{"@type":"ListItem","position":1,"name":"P\u00e1gina inicial","item":"https:\/\/recambiosecogas.com\/pt-pt\/"},{"@type":"ListItem","position":2,"name":"Loja","item":"https:\/\/recambiosecogas.com\/pt-pt\/tienda\/"},{"@type":"ListItem","position":3,"name":"AT07 caixa de velocidades Tomasetto de 100 cv (at\u00e9 75 kW)"}]},{"@type":"WebSite","@id":"https:\/\/recambiosecogas.com\/pt-pt\/#website","url":"https:\/\/recambiosecogas.com\/pt-pt\/","name":"Recambios EcoGas","description":"Pe\u00e7as multimarca para sistemas de GPL\/GNC\/GNL\/Hidrog\u00e9nio","publisher":{"@id":"https:\/\/recambiosecogas.com\/pt-pt\/#organization"},"alternateName":"Recambios Autogas GLP","potentialAction":[{"@type":"SearchAction","target":{"@type":"EntryPoint","urlTemplate":"https:\/\/recambiosecogas.com\/pt-pt\/?s={search_term_string}"},"query-input":{"@type":"PropertyValueSpecification","valueRequired":true,"valueName":"search_term_string"}}],"inLanguage":"pt-PT"},{"@type":["Organization","Place"],"@id":"https:\/\/recambiosecogas.com\/pt-pt\/#organization","name":"Recambios EcoGas","alternateName":"Loja de GPL Autog\u00e1s Espanha","url":"https:\/\/recambiosecogas.com\/pt-pt\/","logo":{"@id":"https:\/\/recambiosecogas.com\/pt-pt\/producto\/tomasetto-reductor-at07-100-hp-hasta-75-kw\/#local-main-organization-logo"},"image":{"@id":"https:\/\/recambiosecogas.com\/pt-pt\/producto\/tomasetto-reductor-at07-100-hp-hasta-75-kw\/#local-main-organization-logo"},"sameAs":["https:\/\/www.facebook.com\/profile.php?id=100062419705358","https:\/\/www.instagram.com\/segimon_automocio"],"description":"Recambios EcoGas \u2013 Venta y distribuci\u00f3n de sistemas GLP y GNC en Espa\u00f1a y Portugal. Env\u00edos 24 h, soporte t\u00e9cnico a talleres y distribuidores.","hasMerchantReturnPolicy":{"@type":"MerchantReturnPolicy","merchantReturnLink":"https:\/\/recambiosecogas.com\/politicas-privacidad\/"},"address":{"@id":"https:\/\/recambiosecogas.com\/pt-pt\/producto\/tomasetto-reductor-at07-100-hp-hasta-75-kw\/#local-main-place-address"},"telephone":["616250633"],"contactPoint":{"@type":"ContactPoint","email":"export@recambiosecogas.com"},"openingHoursSpecification":[{"@type":"OpeningHoursSpecification","dayOfWeek":["Monday","Tuesday","Wednesday","Thursday","Friday","Saturday","Sunday"],"opens":"09:00","closes":"17:00"}],"email":"info@recambiosecogas.com","faxNumber":"SEGIMON AUTOMOCION SL","vatID":"ESB19819861","globalLocationNumber":"938 616 339"},{"@type":"PostalAddress","@id":"https:\/\/recambiosecogas.com\/pt-pt\/producto\/tomasetto-reductor-at07-100-hp-hasta-75-kw\/#local-main-place-address","streetAddress":"cami antic de vic, 29 (Nave 3), Pol\u00edgono Industrial Congost","addressLocality":"CORRO D`AVALL","postalCode":"08520","addressRegion":"Barcelona","addressCountry":"ES"},{"@type":"ImageObject","inLanguage":"pt-PT","@id":"https:\/\/recambiosecogas.com\/pt-pt\/producto\/tomasetto-reductor-at07-100-hp-hasta-75-kw\/#local-main-organization-logo","url":"https:\/\/recambiosecogas.com\/wp-content\/uploads\/2024\/11\/cropped-RECAMBIOS-GLP-png.webp","contentUrl":"https:\/\/recambiosecogas.com\/wp-content\/uploads\/2024\/11\/cropped-RECAMBIOS-GLP-png.webp","width":512,"height":512,"caption":"Recambios EcoGas"}]},"product_price_amount":"74.30","product_price_currency":"EUR","og_availability":"backorder","product_availability":"available for order","product_retailer_item_id":"101158","product_condition":"new","geo.placename":"CORRO D`AVALL","geo.region":"Espanha"},"uagb_featured_image_src":{"full":["https:\/\/recambiosecogas.com\/wp-content\/uploads\/2024\/10\/Tomasetto-reductor-AT07-100-HP-hasta-75-kW-1-png.webp",1000,1000,false],"thumbnail":["https:\/\/recambiosecogas.com\/wp-content\/uploads\/2024\/10\/Tomasetto-reductor-AT07-100-HP-hasta-75-kW-1-150x150.webp",150,150,true],"medium":["https:\/\/recambiosecogas.com\/wp-content\/uploads\/2024\/10\/Tomasetto-reductor-AT07-100-HP-hasta-75-kW-1-300x300.webp",300,300,true],"medium_large":["https:\/\/recambiosecogas.com\/wp-content\/uploads\/2024\/10\/Tomasetto-reductor-AT07-100-HP-hasta-75-kW-1-768x768.webp",768,768,true],"large":["https:\/\/recambiosecogas.com\/wp-content\/uploads\/2024\/10\/Tomasetto-reductor-AT07-100-HP-hasta-75-kW-1-png.webp",1000,1000,false],"1536x1536":["https:\/\/recambiosecogas.com\/wp-content\/uploads\/2024\/10\/Tomasetto-reductor-AT07-100-HP-hasta-75-kW-1-png.webp",1000,1000,false],"2048x2048":["https:\/\/recambiosecogas.com\/wp-content\/uploads\/2024\/10\/Tomasetto-reductor-AT07-100-HP-hasta-75-kW-1-png.webp",1000,1000,false],"woocommerce_archive_thumbnail":["https:\/\/recambiosecogas.com\/wp-content\/uploads\/2024\/10\/Tomasetto-reductor-AT07-100-HP-hasta-75-kW-1-png.webp",1000,1000,false],"woocommerce_thumbnail":["https:\/\/recambiosecogas.com\/wp-content\/uploads\/2024\/10\/Tomasetto-reductor-AT07-100-HP-hasta-75-kW-1-png-300x300.webp",300,300,true],"woocommerce_single":["https:\/\/recambiosecogas.com\/wp-content\/uploads\/2024\/10\/Tomasetto-reductor-AT07-100-HP-hasta-75-kW-1-png.webp",1000,1000,false],"woocommerce_gallery_thumbnail":["https:\/\/recambiosecogas.com\/wp-content\/uploads\/2024\/10\/Tomasetto-reductor-AT07-100-HP-hasta-75-kW-1-png.webp",1000,1000,false],"dgwt-wcas-product-suggestion":["https:\/\/recambiosecogas.com\/wp-content\/uploads\/2024\/10\/Tomasetto-reductor-AT07-100-HP-hasta-75-kW-1-png-64x64.webp",64,64,true]},"uagb_author_info":{"display_name":"Fran - Soporte T\u00e9cnico","author_link":"https:\/\/recambiosecogas.com\/pt-pt\/author\/"},"uagb_comment_info":0,"uagb_excerpt":"Tomasetto redutor AT07 100 HP (at\u00e9 75 kW)","_links":{"self":[{"href":"https:\/\/recambiosecogas.com\/pt-pt\/wp-json\/wp\/v2\/product\/46971","targetHints":{"allow":["GET"]}}],"collection":[{"href":"https:\/\/recambiosecogas.com\/pt-pt\/wp-json\/wp\/v2\/product"}],"about":[{"href":"https:\/\/recambiosecogas.com\/pt-pt\/wp-json\/wp\/v2\/types\/product"}],"replies":[{"embeddable":true,"href":"https:\/\/recambiosecogas.com\/pt-pt\/wp-json\/wp\/v2\/comments?post=46971"}],"wp:featuredmedia":[{"embeddable":true,"href":"https:\/\/recambiosecogas.com\/pt-pt\/wp-json\/wp\/v2\/media\/6677"}],"wp:attachment":[{"href":"https:\/\/recambiosecogas.com\/pt-pt\/wp-json\/wp\/v2\/media?parent=46971"}],"wp:term":[{"taxonomy":"product_brand","embeddable":true,"href":"https:\/\/recambiosecogas.com\/pt-pt\/wp-json\/wp\/v2\/product_brand?post=46971"},{"taxonomy":"product_cat","embeddable":true,"href":"https:\/\/recambiosecogas.com\/pt-pt\/wp-json\/wp\/v2\/product_cat?post=46971"},{"taxonomy":"product_tag","embeddable":true,"href":"https:\/\/recambiosecogas.com\/pt-pt\/wp-json\/wp\/v2\/product_tag?post=46971"}],"curies":[{"name":"wp","href":"https:\/\/api.w.org\/{rel}","templated":true}]}}