{"id":46925,"date":"2024-10-19T14:23:48","date_gmt":"2024-10-19T13:23:48","guid":{"rendered":"https:\/\/recambiosecogas.com\/producto\/romano-reductor-ris-new-max\/"},"modified":"2026-04-27T09:20:41","modified_gmt":"2026-04-27T08:20:41","slug":"romano-reductor-ris-new-max","status":"publish","type":"product","link":"https:\/\/recambiosecogas.com\/pt-pt\/producto\/romano-reductor-ris-new-max\/","title":{"rendered":"Redutor romano RIS NEW MAX"},"content":{"rendered":"<h2 style=\"text-align: center;\" data-start=\"34\" data-end=\"313\">Redutor romano RIS NEW MAX<\/h2>\n<p class=\"\" data-start=\"34\" data-end=\"313\">O <strong data-start=\"37\" data-end=\"67\">redutor de press\u00e3o de GPL<\/strong> converte g\u00e1s l\u00edquido em vapor a uma press\u00e3o constante de <strong data-start=\"129\" data-end=\"146\">1,0 \u00b1 0,1 bar<\/strong> para garantir uma combust\u00e3o eficiente no motor. Equipado com uma <strong data-start=\"218\" data-end=\"242\">v\u00e1lvula de seguran\u00e7a<\/strong> que ativa a <strong data-start=\"259\" data-end=\"268\">6 bar<\/strong>, assegura a prote\u00e7\u00e3o total do sistema. <\/p>\n<p class=\"\" data-start=\"315\" data-end=\"609\">A caixa de velocidades inclui uma <strong data-start=\"339\" data-end=\"357\">v\u00e1lvula solen\u00f3ide<\/strong> que interrompe o fluxo de GPL quando o motor est\u00e1 desligado ou a funcionar a gasolina. O seu sistema de aquecimento interno compensa o arrefecimento por expans\u00e3o por GPL, garantindo vaporiza\u00e7\u00e3o est\u00e1vel mesmo em condi\u00e7\u00f5es meteorol\u00f3gicas extremas. <\/p>\n<hr class=\"\" data-start=\"611\" data-end=\"614\">\n<h4 data-start=\"616\" data-end=\"653\"><strong data-start=\"619\" data-end=\"651\">Carater\u00edsticas e vantagens<\/strong><\/h4>\n<ul data-start=\"654\" data-end=\"1066\">\n<li class=\"\" data-start=\"654\" data-end=\"742\">\n<p class=\"\" data-start=\"656\" data-end=\"742\"><strong data-start=\"656\" data-end=\"687\">Press\u00e3o constante de sa\u00edda<\/strong> \u2013 1,0 \u00b1 0,1 bar para melhor efici\u00eancia de combust\u00e3o.<\/p>\n<\/li>\n<li class=\"\" data-start=\"743\" data-end=\"827\">\n<p class=\"\" data-start=\"745\" data-end=\"827\"><strong data-start=\"745\" data-end=\"779\">V\u00e1lvula de Seguran\u00e7a Integrada<\/strong> \u2013 Ativa a 6 bar para proteger o sistema.<\/p>\n<\/li>\n<li class=\"\" data-start=\"828\" data-end=\"898\">\n<p class=\"\" data-start=\"830\" data-end=\"898\"><strong data-start=\"830\" data-end=\"858\">Constru\u00e7\u00e3o em alum\u00ednio<\/strong> \u2013 Leve e resistente \u00e0 corros\u00e3o.<\/p>\n<\/li>\n<li class=\"\" data-start=\"899\" data-end=\"992\">\n<p class=\"\" data-start=\"901\" data-end=\"992\"><strong data-start=\"901\" data-end=\"935\">Sistema de aquecimento interno<\/strong> \u2013 Vaporiza\u00e7\u00e3o constante mesmo a baixas temperaturas.<\/p>\n<\/li>\n<li class=\"\" data-start=\"993\" data-end=\"1066\">\n<p class=\"\" data-start=\"995\" data-end=\"1066\"><strong data-start=\"995\" data-end=\"1014\">Design Compacto<\/strong> \u2013 Instala\u00e7\u00e3o f\u00e1cil em m\u00faltiplas configura\u00e7\u00f5es.<\/p>\n<\/li>\n<\/ul>\n<hr class=\"\" data-start=\"1068\" data-end=\"1071\">\n<h4 data-start=\"1073\" data-end=\"1096\"><strong data-start=\"1076\" data-end=\"1094\">Dados t\u00e9cnicos<\/strong><\/h4>\n<div class=\"overflow-x-auto contain-inline-size\">\n<table data-start=\"1098\" data-end=\"1465\">\n<thead data-start=\"1098\" data-end=\"1126\">\n<tr data-start=\"1098\" data-end=\"1126\">\n<th data-start=\"1098\" data-end=\"1115\">Especifica\u00e7\u00f5es<\/th>\n<th data-start=\"1115\" data-end=\"1126\">Detalhe<\/th>\n<\/tr>\n<\/thead>\n<tbody data-start=\"1155\" data-end=\"1465\">\n<tr data-start=\"1155\" data-end=\"1182\">\n<td><strong data-start=\"1157\" data-end=\"1169\">Material<\/strong><\/td>\n<td>Alum\u00ednio<\/td>\n<\/tr>\n<tr data-start=\"1183\" data-end=\"1222\">\n<td><strong data-start=\"1185\" data-end=\"1200\">Dimens\u00f5es<\/strong><\/td>\n<td>110 x 92 x 115 mm<\/td>\n<\/tr>\n<tr data-start=\"1223\" data-end=\"1244\">\n<td><strong data-start=\"1225\" data-end=\"1233\">Peso<\/strong><\/td>\n<td>1,4 kg<\/td>\n<\/tr>\n<tr data-start=\"1245\" data-end=\"1286\">\n<td><strong data-start=\"1247\" data-end=\"1276\">Press\u00e3o M\u00e1xima de Trabalho<\/strong><\/td>\n<td>6 compassos<\/td>\n<\/tr>\n<tr data-start=\"1287\" data-end=\"1328\">\n<td><strong data-start=\"1289\" data-end=\"1310\">Press\u00e3o de sa\u00edda<\/strong><\/td>\n<td>1,0 \u00b1 0,1 bar<\/td>\n<\/tr>\n<tr data-start=\"1329\" data-end=\"1378\">\n<p>Temperatura <\/p>\n<td><strong data-start=\"1331\" data-end=\"1357\">de trabalho<\/strong><\/td>\n<td>-20\u00b0C a +120\u00b0C<\/td>\n<\/tr>\n<tr data-start=\"1379\" data-end=\"1424\">\n<td><strong data-start=\"1381\" data-end=\"1400\">Liga\u00e7\u00e3o a g\u00e1s<\/strong><\/td>\n<td>Tubo M10x1 \u00d86 mm<\/td>\n<\/tr>\n<tr data-start=\"1425\" data-end=\"1465\">\n<td><strong data-start=\"1427\" data-end=\"1448\">Pot\u00eancia do Motor<\/strong><\/td>\n<td>At\u00e9 100 kW<\/td>\n<\/tr>\n<\/tbody>\n<\/table>\n<\/div>\n<hr class=\"\" data-start=\"1467\" data-end=\"1470\">\n<h4 data-start=\"1472\" data-end=\"1495\"><strong data-start=\"1475\" data-end=\"1493\">Compatibilidade<\/strong><\/h4>\n<p class=\"\" data-start=\"1496\" data-end=\"1550\">O <strong data-start=\"1499\" data-end=\"1529\">Redutor de Press\u00e3o de GLP<\/strong> \u00e9 compat\u00edvel com:<\/p>\n<ul data-start=\"1551\" data-end=\"1644\">\n<li class=\"\" data-start=\"1551\" data-end=\"1598\">\n<p class=\"\" data-start=\"1553\" data-end=\"1598\"><strong data-start=\"1553\" data-end=\"1596\">Sistemas de Inje\u00e7\u00e3o Sequencial de GLP<\/strong><\/p>\n<\/li>\n<li class=\"\" data-start=\"1599\" data-end=\"1644\">\n<p class=\"\" data-start=\"1601\" data-end=\"1644\"><strong data-start=\"1601\" data-end=\"1642\">Ve\u00edculos com motores at\u00e9 100 kW<\/strong><\/p>\n<\/li>\n<\/ul>\n<hr class=\"\" data-start=\"1646\" data-end=\"1649\">\n<h4 data-start=\"1651\" data-end=\"1672\"><strong data-start=\"1654\" data-end=\"1670\">Aplica\u00e7\u00f5es<\/strong><\/h4>\n<ul data-start=\"1673\" data-end=\"1817\">\n<li class=\"\" data-start=\"1673\" data-end=\"1710\">\n<p class=\"\" data-start=\"1675\" data-end=\"1710\"><strong data-start=\"1675\" data-end=\"1708\">Convers\u00e3o de ve\u00edculos para GLP<\/strong><\/p>\n<\/li>\n<li class=\"\" data-start=\"1711\" data-end=\"1763\">\n<p class=\"\" data-start=\"1713\" data-end=\"1763\"><strong data-start=\"1713\" data-end=\"1761\">Otimiza\u00e7\u00e3o de sistemas de inje\u00e7\u00e3o de g\u00e1s<\/strong><\/p>\n<\/li>\n<li class=\"\" data-start=\"1764\" data-end=\"1817\">\n<p class=\"\" data-start=\"1766\" data-end=\"1817\"><strong data-start=\"1766\" data-end=\"1815\">Substitui\u00e7\u00e3o e manuten\u00e7\u00e3o da caixa de velocidades OEM<\/strong><\/p>\n<\/li>\n<\/ul>\n<p><a href=\"https:\/\/recambiosecogas.com\/pt-pt\/categoria-produto\/reguladores-de-pressao\/redutor-glp\/\">OBTENHA MAIS CAIXAS DE VELOCIDADES NO NOSSO SITE<\/a><\/p>\n<p><a href=\"https:\/\/segimonautomocio.com\/\">PARA CONVERS\u00d5ES DE LPG, VISITE O NOSSO WORKSHOP NO SITE<\/a><\/p>\n","protected":false},"excerpt":{"rendered":"<p>Redutor romano RIS NEW MAX<\/p>\n","protected":false},"featured_media":6730,"comment_status":"open","ping_status":"closed","template":"","meta":{"_uag_custom_page_level_css":""},"product_brand":[],"product_cat":[1066,1065,1075],"product_tag":[],"class_list":{"0":"post-46925","1":"product","2":"type-product","3":"status-publish","4":"has-post-thumbnail","6":"product_cat-redutor-glp","7":"product_cat-reguladores-de-pressao","8":"product_cat-romano-pt-pt","10":"first","11":"onbackorder","12":"taxable","13":"shipping-taxable","14":"purchasable","15":"product-type-simple"},"ct_brands":[],"yoast_head":"<!-- This site is optimized with the Yoast SEO Premium plugin v27.5 (Yoast SEO v27.5) - https:\/\/yoast.com\/product\/yoast-seo-premium-wordpress\/ -->\n<title>Redutor romano RIS NEW MAX | Recambios EcoGas | Sistemas GLP y GNC<\/title>\n<meta name=\"description\" content=\"O redutor de press\u00e3o de GLP converte g\u00e1s l\u00edquido em vapor a uma press\u00e3o constante de 1,0 \u00b1 0,1 bar para garantir uma combust\u00e3o eficiente no motor.\" \/>\n<meta name=\"robots\" content=\"index, follow, max-snippet:-1, max-image-preview:large, max-video-preview:-1\" \/>\n<link rel=\"canonical\" href=\"https:\/\/recambiosecogas.com\/pt-pt\/producto\/romano-reductor-ris-new-max\/\" \/>\n<meta property=\"og:locale\" content=\"pt_PT\" \/>\n<meta property=\"og:type\" content=\"article\" \/>\n<meta property=\"og:title\" content=\"Redutor romano RIS NEW MAX\" \/>\n<meta property=\"og:description\" content=\"O redutor de press\u00e3o de GLP converte g\u00e1s l\u00edquido em vapor a uma press\u00e3o constante de 1,0 \u00b1 0,1 bar para garantir uma combust\u00e3o eficiente no motor.\" \/>\n<meta property=\"og:url\" content=\"https:\/\/recambiosecogas.com\/pt-pt\/producto\/romano-reductor-ris-new-max\/\" \/>\n<meta property=\"og:site_name\" content=\"Recambios EcoGas\" \/>\n<meta property=\"article:publisher\" content=\"https:\/\/www.facebook.com\/profile.php?id=100062419705358\" \/>\n<meta property=\"article:modified_time\" content=\"2026-04-27T08:20:41+00:00\" \/>\n<meta property=\"og:image\" content=\"https:\/\/recambiosecogas.com\/wp-content\/uploads\/2024\/10\/Romano-reductor-RIS-NEW-MAX-png.webp\" \/>\n\t<meta property=\"og:image:width\" content=\"1000\" \/>\n\t<meta property=\"og:image:height\" content=\"1000\" \/>\n\t<meta property=\"og:image:type\" content=\"image\/png\" \/>\n<meta name=\"twitter:card\" content=\"summary_large_image\" \/>\n<meta name=\"twitter:label1\" content=\"pre\u00e7o\" \/>\n\t<meta name=\"twitter:data1\" content=\"141,74&nbsp;&euro; (Sin IVA: 117,14&nbsp;&euro;)\" \/>\n\t<meta name=\"twitter:label2\" content=\"Disponibilidade\" \/>\n\t<meta name=\"twitter:data2\" content=\"Por encomenda\" \/>\n<script type=\"application\/ld+json\" class=\"yoast-schema-graph\">{\"@context\":\"https:\\\/\\\/schema.org\",\"@graph\":[{\"@type\":\"WebPage\",\"@id\":\"https:\\\/\\\/recambiosecogas.com\\\/pt-pt\\\/producto\\\/romano-reductor-ris-new-max\\\/\",\"url\":\"https:\\\/\\\/recambiosecogas.com\\\/pt-pt\\\/producto\\\/romano-reductor-ris-new-max\\\/\",\"name\":\"Redutor romano RIS NEW MAX | Recambios EcoGas | Sistemas GLP y GNC\",\"isPartOf\":{\"@id\":\"https:\\\/\\\/recambiosecogas.com\\\/pt-pt\\\/#website\"},\"primaryImageOfPage\":{\"@id\":\"https:\\\/\\\/recambiosecogas.com\\\/pt-pt\\\/producto\\\/romano-reductor-ris-new-max\\\/#primaryimage\"},\"image\":{\"@id\":\"https:\\\/\\\/recambiosecogas.com\\\/pt-pt\\\/producto\\\/romano-reductor-ris-new-max\\\/#primaryimage\"},\"thumbnailUrl\":\"https:\\\/\\\/recambiosecogas.com\\\/wp-content\\\/uploads\\\/2024\\\/10\\\/Romano-reductor-RIS-NEW-MAX-png.webp\",\"datePublished\":\"2024-10-19T13:23:48+00:00\",\"dateModified\":\"2026-04-27T08:20:41+00:00\",\"description\":\"O redutor de press\u00e3o de GLP converte g\u00e1s l\u00edquido em vapor a uma press\u00e3o constante de 1,0 \u00b1 0,1 bar para garantir uma combust\u00e3o eficiente no motor.\",\"breadcrumb\":{\"@id\":\"https:\\\/\\\/recambiosecogas.com\\\/pt-pt\\\/producto\\\/romano-reductor-ris-new-max\\\/#breadcrumb\"},\"inLanguage\":\"pt-PT\",\"potentialAction\":[{\"@type\":\"ReadAction\",\"target\":[\"https:\\\/\\\/recambiosecogas.com\\\/pt-pt\\\/producto\\\/romano-reductor-ris-new-max\\\/\"]}]},{\"@type\":\"ImageObject\",\"inLanguage\":\"pt-PT\",\"@id\":\"https:\\\/\\\/recambiosecogas.com\\\/pt-pt\\\/producto\\\/romano-reductor-ris-new-max\\\/#primaryimage\",\"url\":\"https:\\\/\\\/recambiosecogas.com\\\/wp-content\\\/uploads\\\/2024\\\/10\\\/Romano-reductor-RIS-NEW-MAX-png.webp\",\"contentUrl\":\"https:\\\/\\\/recambiosecogas.com\\\/wp-content\\\/uploads\\\/2024\\\/10\\\/Romano-reductor-RIS-NEW-MAX-png.webp\",\"width\":1000,\"height\":1000,\"caption\":\"Romano reductor RIS NEW MAX\"},{\"@type\":\"BreadcrumbList\",\"@id\":\"https:\\\/\\\/recambiosecogas.com\\\/pt-pt\\\/producto\\\/romano-reductor-ris-new-max\\\/#breadcrumb\",\"itemListElement\":[{\"@type\":\"ListItem\",\"position\":1,\"name\":\"P\u00e1gina inicial\",\"item\":\"https:\\\/\\\/recambiosecogas.com\\\/pt-pt\\\/\"},{\"@type\":\"ListItem\",\"position\":2,\"name\":\"Loja\",\"item\":\"https:\\\/\\\/recambiosecogas.com\\\/pt-pt\\\/tienda\\\/\"},{\"@type\":\"ListItem\",\"position\":3,\"name\":\"Redutor romano RIS NEW MAX\"}]},{\"@type\":\"WebSite\",\"@id\":\"https:\\\/\\\/recambiosecogas.com\\\/pt-pt\\\/#website\",\"url\":\"https:\\\/\\\/recambiosecogas.com\\\/pt-pt\\\/\",\"name\":\"Recambios EcoGas\",\"description\":\"Pe\u00e7as multimarca para sistemas de GPL\\\/GNC\\\/GNL\\\/Hidrog\u00e9nio\",\"publisher\":{\"@id\":\"https:\\\/\\\/recambiosecogas.com\\\/pt-pt\\\/#organization\"},\"alternateName\":\"Recambios Autogas GLP\",\"potentialAction\":[{\"@type\":\"SearchAction\",\"target\":{\"@type\":\"EntryPoint\",\"urlTemplate\":\"https:\\\/\\\/recambiosecogas.com\\\/pt-pt\\\/?s={search_term_string}\"},\"query-input\":{\"@type\":\"PropertyValueSpecification\",\"valueRequired\":true,\"valueName\":\"search_term_string\"}}],\"inLanguage\":\"pt-PT\"},{\"@type\":[\"Organization\",\"Place\"],\"@id\":\"https:\\\/\\\/recambiosecogas.com\\\/pt-pt\\\/#organization\",\"name\":\"Recambios EcoGas\",\"alternateName\":\"Loja de GPL Autog\u00e1s Espanha\",\"url\":\"https:\\\/\\\/recambiosecogas.com\\\/pt-pt\\\/\",\"logo\":{\"@id\":\"https:\\\/\\\/recambiosecogas.com\\\/pt-pt\\\/producto\\\/romano-reductor-ris-new-max\\\/#local-main-organization-logo\"},\"image\":{\"@id\":\"https:\\\/\\\/recambiosecogas.com\\\/pt-pt\\\/producto\\\/romano-reductor-ris-new-max\\\/#local-main-organization-logo\"},\"sameAs\":[\"https:\\\/\\\/www.facebook.com\\\/profile.php?id=100062419705358\",\"https:\\\/\\\/www.instagram.com\\\/segimon_automocio\"],\"description\":\"Recambios EcoGas \u2013 Venta y distribuci\u00f3n de sistemas GLP y GNC en Espa\u00f1a y Portugal. Env\u00edos 24 h, soporte t\u00e9cnico a talleres y distribuidores.\",\"hasMerchantReturnPolicy\":{\"@type\":\"MerchantReturnPolicy\",\"merchantReturnLink\":\"https:\\\/\\\/recambiosecogas.com\\\/politicas-privacidad\\\/\"},\"address\":{\"@id\":\"https:\\\/\\\/recambiosecogas.com\\\/pt-pt\\\/producto\\\/romano-reductor-ris-new-max\\\/#local-main-place-address\"},\"telephone\":[\"616250633\"],\"contactPoint\":{\"@type\":\"ContactPoint\",\"email\":\"export@recambiosecogas.com\"},\"openingHoursSpecification\":[{\"@type\":\"OpeningHoursSpecification\",\"dayOfWeek\":[\"Monday\",\"Tuesday\",\"Wednesday\",\"Thursday\",\"Friday\",\"Saturday\",\"Sunday\"],\"opens\":\"09:00\",\"closes\":\"17:00\"}],\"email\":\"info@recambiosecogas.com\",\"faxNumber\":\"SEGIMON AUTOMOCION SL\",\"vatID\":\"ESB19819861\",\"globalLocationNumber\":\"938 616 339\"},{\"@type\":\"PostalAddress\",\"@id\":\"https:\\\/\\\/recambiosecogas.com\\\/pt-pt\\\/producto\\\/romano-reductor-ris-new-max\\\/#local-main-place-address\",\"streetAddress\":\"cami antic de vic, 29 (Nave 3), Pol\u00edgono Industrial Congost\",\"addressLocality\":\"CORRO D`AVALL\",\"postalCode\":\"08520\",\"addressRegion\":\"Barcelona\",\"addressCountry\":\"ES\"},{\"@type\":\"ImageObject\",\"inLanguage\":\"pt-PT\",\"@id\":\"https:\\\/\\\/recambiosecogas.com\\\/pt-pt\\\/producto\\\/romano-reductor-ris-new-max\\\/#local-main-organization-logo\",\"url\":\"https:\\\/\\\/recambiosecogas.com\\\/wp-content\\\/uploads\\\/2024\\\/11\\\/cropped-RECAMBIOS-GLP-png.webp\",\"contentUrl\":\"https:\\\/\\\/recambiosecogas.com\\\/wp-content\\\/uploads\\\/2024\\\/11\\\/cropped-RECAMBIOS-GLP-png.webp\",\"width\":512,\"height\":512,\"caption\":\"Recambios EcoGas\"}]}<\/script>\n<meta property=\"product:price:amount\" content=\"141.74\" \/>\n<meta property=\"product:price:currency\" content=\"EUR\" \/>\n<meta property=\"og:availability\" content=\"backorder\" \/>\n<meta property=\"product:availability\" content=\"available for order\" \/>\n<meta property=\"product:retailer_item_id\" content=\"105316A\" \/>\n<meta property=\"product:condition\" content=\"new\" \/>\n<meta name=\"geo.placename\" content=\"CORRO D`AVALL\" \/>\n<meta name=\"geo.region\" content=\"Espanha\" \/>\n<!-- \/ Yoast SEO Premium plugin. -->","yoast_head_json":{"title":"Redutor romano RIS NEW MAX | Recambios EcoGas | Sistemas GLP y GNC","description":"O redutor de press\u00e3o de GLP converte g\u00e1s l\u00edquido em vapor a uma press\u00e3o constante de 1,0 \u00b1 0,1 bar para garantir uma combust\u00e3o eficiente no motor.","robots":{"index":"index","follow":"follow","max-snippet":"max-snippet:-1","max-image-preview":"max-image-preview:large","max-video-preview":"max-video-preview:-1"},"canonical":"https:\/\/recambiosecogas.com\/pt-pt\/producto\/romano-reductor-ris-new-max\/","og_locale":"pt_PT","og_type":"article","og_title":"Redutor romano RIS NEW MAX","og_description":"O redutor de press\u00e3o de GLP converte g\u00e1s l\u00edquido em vapor a uma press\u00e3o constante de 1,0 \u00b1 0,1 bar para garantir uma combust\u00e3o eficiente no motor.","og_url":"https:\/\/recambiosecogas.com\/pt-pt\/producto\/romano-reductor-ris-new-max\/","og_site_name":"Recambios EcoGas","article_publisher":"https:\/\/www.facebook.com\/profile.php?id=100062419705358","article_modified_time":"2026-04-27T08:20:41+00:00","og_image":[{"width":1000,"height":1000,"url":"https:\/\/recambiosecogas.com\/wp-content\/uploads\/2024\/10\/Romano-reductor-RIS-NEW-MAX-png.webp","type":"image\/png"}],"twitter_card":"summary_large_image","twitter_misc":{"pre\u00e7o":"141,74&nbsp;&euro; (Sin IVA: 117,14&nbsp;&euro;)","Disponibilidade":"Por encomenda"},"schema":{"@context":"https:\/\/schema.org","@graph":[{"@type":"WebPage","@id":"https:\/\/recambiosecogas.com\/pt-pt\/producto\/romano-reductor-ris-new-max\/","url":"https:\/\/recambiosecogas.com\/pt-pt\/producto\/romano-reductor-ris-new-max\/","name":"Redutor romano RIS NEW MAX | Recambios EcoGas | Sistemas GLP y GNC","isPartOf":{"@id":"https:\/\/recambiosecogas.com\/pt-pt\/#website"},"primaryImageOfPage":{"@id":"https:\/\/recambiosecogas.com\/pt-pt\/producto\/romano-reductor-ris-new-max\/#primaryimage"},"image":{"@id":"https:\/\/recambiosecogas.com\/pt-pt\/producto\/romano-reductor-ris-new-max\/#primaryimage"},"thumbnailUrl":"https:\/\/recambiosecogas.com\/wp-content\/uploads\/2024\/10\/Romano-reductor-RIS-NEW-MAX-png.webp","datePublished":"2024-10-19T13:23:48+00:00","dateModified":"2026-04-27T08:20:41+00:00","description":"O redutor de press\u00e3o de GLP converte g\u00e1s l\u00edquido em vapor a uma press\u00e3o constante de 1,0 \u00b1 0,1 bar para garantir uma combust\u00e3o eficiente no motor.","breadcrumb":{"@id":"https:\/\/recambiosecogas.com\/pt-pt\/producto\/romano-reductor-ris-new-max\/#breadcrumb"},"inLanguage":"pt-PT","potentialAction":[{"@type":"ReadAction","target":["https:\/\/recambiosecogas.com\/pt-pt\/producto\/romano-reductor-ris-new-max\/"]}]},{"@type":"ImageObject","inLanguage":"pt-PT","@id":"https:\/\/recambiosecogas.com\/pt-pt\/producto\/romano-reductor-ris-new-max\/#primaryimage","url":"https:\/\/recambiosecogas.com\/wp-content\/uploads\/2024\/10\/Romano-reductor-RIS-NEW-MAX-png.webp","contentUrl":"https:\/\/recambiosecogas.com\/wp-content\/uploads\/2024\/10\/Romano-reductor-RIS-NEW-MAX-png.webp","width":1000,"height":1000,"caption":"Romano reductor RIS NEW MAX"},{"@type":"BreadcrumbList","@id":"https:\/\/recambiosecogas.com\/pt-pt\/producto\/romano-reductor-ris-new-max\/#breadcrumb","itemListElement":[{"@type":"ListItem","position":1,"name":"P\u00e1gina inicial","item":"https:\/\/recambiosecogas.com\/pt-pt\/"},{"@type":"ListItem","position":2,"name":"Loja","item":"https:\/\/recambiosecogas.com\/pt-pt\/tienda\/"},{"@type":"ListItem","position":3,"name":"Redutor romano RIS NEW MAX"}]},{"@type":"WebSite","@id":"https:\/\/recambiosecogas.com\/pt-pt\/#website","url":"https:\/\/recambiosecogas.com\/pt-pt\/","name":"Recambios EcoGas","description":"Pe\u00e7as multimarca para sistemas de GPL\/GNC\/GNL\/Hidrog\u00e9nio","publisher":{"@id":"https:\/\/recambiosecogas.com\/pt-pt\/#organization"},"alternateName":"Recambios Autogas GLP","potentialAction":[{"@type":"SearchAction","target":{"@type":"EntryPoint","urlTemplate":"https:\/\/recambiosecogas.com\/pt-pt\/?s={search_term_string}"},"query-input":{"@type":"PropertyValueSpecification","valueRequired":true,"valueName":"search_term_string"}}],"inLanguage":"pt-PT"},{"@type":["Organization","Place"],"@id":"https:\/\/recambiosecogas.com\/pt-pt\/#organization","name":"Recambios EcoGas","alternateName":"Loja de GPL Autog\u00e1s Espanha","url":"https:\/\/recambiosecogas.com\/pt-pt\/","logo":{"@id":"https:\/\/recambiosecogas.com\/pt-pt\/producto\/romano-reductor-ris-new-max\/#local-main-organization-logo"},"image":{"@id":"https:\/\/recambiosecogas.com\/pt-pt\/producto\/romano-reductor-ris-new-max\/#local-main-organization-logo"},"sameAs":["https:\/\/www.facebook.com\/profile.php?id=100062419705358","https:\/\/www.instagram.com\/segimon_automocio"],"description":"Recambios EcoGas \u2013 Venta y distribuci\u00f3n de sistemas GLP y GNC en Espa\u00f1a y Portugal. Env\u00edos 24 h, soporte t\u00e9cnico a talleres y distribuidores.","hasMerchantReturnPolicy":{"@type":"MerchantReturnPolicy","merchantReturnLink":"https:\/\/recambiosecogas.com\/politicas-privacidad\/"},"address":{"@id":"https:\/\/recambiosecogas.com\/pt-pt\/producto\/romano-reductor-ris-new-max\/#local-main-place-address"},"telephone":["616250633"],"contactPoint":{"@type":"ContactPoint","email":"export@recambiosecogas.com"},"openingHoursSpecification":[{"@type":"OpeningHoursSpecification","dayOfWeek":["Monday","Tuesday","Wednesday","Thursday","Friday","Saturday","Sunday"],"opens":"09:00","closes":"17:00"}],"email":"info@recambiosecogas.com","faxNumber":"SEGIMON AUTOMOCION SL","vatID":"ESB19819861","globalLocationNumber":"938 616 339"},{"@type":"PostalAddress","@id":"https:\/\/recambiosecogas.com\/pt-pt\/producto\/romano-reductor-ris-new-max\/#local-main-place-address","streetAddress":"cami antic de vic, 29 (Nave 3), Pol\u00edgono Industrial Congost","addressLocality":"CORRO D`AVALL","postalCode":"08520","addressRegion":"Barcelona","addressCountry":"ES"},{"@type":"ImageObject","inLanguage":"pt-PT","@id":"https:\/\/recambiosecogas.com\/pt-pt\/producto\/romano-reductor-ris-new-max\/#local-main-organization-logo","url":"https:\/\/recambiosecogas.com\/wp-content\/uploads\/2024\/11\/cropped-RECAMBIOS-GLP-png.webp","contentUrl":"https:\/\/recambiosecogas.com\/wp-content\/uploads\/2024\/11\/cropped-RECAMBIOS-GLP-png.webp","width":512,"height":512,"caption":"Recambios EcoGas"}]},"product_price_amount":"141.74","product_price_currency":"EUR","og_availability":"backorder","product_availability":"available for order","product_retailer_item_id":"105316A","product_condition":"new","geo.placename":"CORRO D`AVALL","geo.region":"Espanha"},"uagb_featured_image_src":{"full":["https:\/\/recambiosecogas.com\/wp-content\/uploads\/2024\/10\/Romano-reductor-RIS-NEW-MAX-png.webp",1000,1000,false],"thumbnail":["https:\/\/recambiosecogas.com\/wp-content\/uploads\/2024\/10\/Romano-reductor-RIS-NEW-MAX-150x150.webp",150,150,true],"medium":["https:\/\/recambiosecogas.com\/wp-content\/uploads\/2024\/10\/Romano-reductor-RIS-NEW-MAX-300x300.webp",300,300,true],"medium_large":["https:\/\/recambiosecogas.com\/wp-content\/uploads\/2024\/10\/Romano-reductor-RIS-NEW-MAX-768x768.webp",768,768,true],"large":["https:\/\/recambiosecogas.com\/wp-content\/uploads\/2024\/10\/Romano-reductor-RIS-NEW-MAX-png.webp",1000,1000,false],"1536x1536":["https:\/\/recambiosecogas.com\/wp-content\/uploads\/2024\/10\/Romano-reductor-RIS-NEW-MAX-png.webp",1000,1000,false],"2048x2048":["https:\/\/recambiosecogas.com\/wp-content\/uploads\/2024\/10\/Romano-reductor-RIS-NEW-MAX-png.webp",1000,1000,false],"woocommerce_archive_thumbnail":["https:\/\/recambiosecogas.com\/wp-content\/uploads\/2024\/10\/Romano-reductor-RIS-NEW-MAX-png.webp",1000,1000,false],"woocommerce_thumbnail":["https:\/\/recambiosecogas.com\/wp-content\/uploads\/2024\/10\/Romano-reductor-RIS-NEW-MAX-png-300x300.webp",300,300,true],"woocommerce_single":["https:\/\/recambiosecogas.com\/wp-content\/uploads\/2024\/10\/Romano-reductor-RIS-NEW-MAX-png.webp",1000,1000,false],"woocommerce_gallery_thumbnail":["https:\/\/recambiosecogas.com\/wp-content\/uploads\/2024\/10\/Romano-reductor-RIS-NEW-MAX-png.webp",1000,1000,false],"dgwt-wcas-product-suggestion":["https:\/\/recambiosecogas.com\/wp-content\/uploads\/2024\/10\/Romano-reductor-RIS-NEW-MAX-png-64x64.webp",64,64,true]},"uagb_author_info":{"display_name":"Fran - Soporte T\u00e9cnico","author_link":"https:\/\/recambiosecogas.com\/pt-pt\/author\/"},"uagb_comment_info":0,"uagb_excerpt":"Redutor romano RIS NEW MAX","_links":{"self":[{"href":"https:\/\/recambiosecogas.com\/pt-pt\/wp-json\/wp\/v2\/product\/46925","targetHints":{"allow":["GET"]}}],"collection":[{"href":"https:\/\/recambiosecogas.com\/pt-pt\/wp-json\/wp\/v2\/product"}],"about":[{"href":"https:\/\/recambiosecogas.com\/pt-pt\/wp-json\/wp\/v2\/types\/product"}],"replies":[{"embeddable":true,"href":"https:\/\/recambiosecogas.com\/pt-pt\/wp-json\/wp\/v2\/comments?post=46925"}],"wp:featuredmedia":[{"embeddable":true,"href":"https:\/\/recambiosecogas.com\/pt-pt\/wp-json\/wp\/v2\/media\/6730"}],"wp:attachment":[{"href":"https:\/\/recambiosecogas.com\/pt-pt\/wp-json\/wp\/v2\/media?parent=46925"}],"wp:term":[{"taxonomy":"product_brand","embeddable":true,"href":"https:\/\/recambiosecogas.com\/pt-pt\/wp-json\/wp\/v2\/product_brand?post=46925"},{"taxonomy":"product_cat","embeddable":true,"href":"https:\/\/recambiosecogas.com\/pt-pt\/wp-json\/wp\/v2\/product_cat?post=46925"},{"taxonomy":"product_tag","embeddable":true,"href":"https:\/\/recambiosecogas.com\/pt-pt\/wp-json\/wp\/v2\/product_tag?post=46925"}],"curies":[{"name":"wp","href":"https:\/\/api.w.org\/{rel}","templated":true}]}}