{"id":46894,"date":"2024-10-19T14:23:49","date_gmt":"2024-10-19T13:23:49","guid":{"rendered":"https:\/\/recambiosecogas.com\/producto\/alex-shark-1500-reductor\/"},"modified":"2026-04-08T10:27:49","modified_gmt":"2026-04-08T09:27:49","slug":"alex-shark-1500-reductor","status":"publish","type":"product","link":"https:\/\/recambiosecogas.com\/pt-pt\/producto\/alex-shark-1500-reductor\/","title":{"rendered":"ALEX Shark 1500 Redutor"},"content":{"rendered":"<h2 style=\"text-align: center;\" data-start=\"34\" data-end=\"363\">ALEX Shark 1500 Redutor<\/h2>\n<p class=\"\" data-start=\"34\" data-end=\"363\"><strong data-start=\"37\" data-end=\"65\">A caixa de velocidades ALEX Shark 1500<\/strong> \u00e9 um regulador de <strong data-start=\"96\" data-end=\"103\">press\u00e3o de GPL<\/strong> de alto desempenho, concebido para sistemas de inje\u00e7\u00e3o sequencial em ve\u00edculos com pot\u00eancia at\u00e9 <strong data-start=\"210\" data-end=\"229\">147 kW (200 cv).<\/strong> A sua fun\u00e7\u00e3o \u00e9 vaporizar o g\u00e1s e manter uma press\u00e3o constante para garantir o funcionamento eficiente e est\u00e1vel do sistema. <\/p>\n<p class=\"\" data-start=\"365\" data-end=\"644\">Equipado com uma <strong data-start=\"382\" data-end=\"411\">v\u00e1lvula solen\u00f3ide de 8 mm<\/strong> e um <strong data-start=\"417\" data-end=\"453\">filtro integrado em fase l\u00edquida<\/strong>, assegura um fluxo constante de g\u00e1s sem restri\u00e7\u00f5es, melhorando a resposta e efici\u00eancia do motor. O seu design compacto e vers\u00e1til permite uma instala\u00e7\u00e3o f\u00e1cil em m\u00faltiplas posi\u00e7\u00f5es. <\/p>\n<h4 data-start=\"1087\" data-end=\"1110\"><strong data-start=\"1090\" data-end=\"1108\">Dados t\u00e9cnicos<\/strong><\/h4>\n<div class=\"overflow-x-auto contain-inline-size\">\n<table data-start=\"1112\" data-end=\"1566\">\n<thead data-start=\"1112\" data-end=\"1140\">\n<tr data-start=\"1112\" data-end=\"1140\">\n<th data-start=\"1112\" data-end=\"1129\">Especifica\u00e7\u00f5es<\/th>\n<th data-start=\"1129\" data-end=\"1140\">Detalhe<\/th>\n<\/tr>\n<\/thead>\n<tbody data-start=\"1169\" data-end=\"1566\">\n<tr data-start=\"1169\" data-end=\"1201\">\n<td><strong data-start=\"1171\" data-end=\"1181\">Modelo<\/strong><\/td>\n<td>ALEX Shark 1500<\/td>\n<\/tr>\n<tr data-start=\"1202\" data-end=\"1237\">\n<td><strong data-start=\"1204\" data-end=\"1225\">Press\u00e3o de sa\u00edda<\/strong><\/td>\n<td>1,5 bar<\/td>\n<\/tr>\n<tr data-start=\"1238\" data-end=\"1288\">\n<td><strong data-start=\"1240\" data-end=\"1270\">Intervalo de ajuste de press\u00e3o<\/strong><\/td>\n<td>1,3 \u00f7 1,9 bar<\/td>\n<\/tr>\n<tr data-start=\"1289\" data-end=\"1330\">\n<td><strong data-start=\"1291\" data-end=\"1310\">Pot\u00eancia m\u00e1xima<\/strong><\/td>\n<td>147 kW (200 cv)<\/td>\n<\/tr>\n<tr data-start=\"1331\" data-end=\"1376\">\n<p>V\u00e1lvula <\/p>\n<td><strong data-start=\"1333\" data-end=\"1351\">solen\u00f3ide<\/strong><\/td>\n<td>Fonte de alimenta\u00e7\u00e3o de 12V<\/td>\n<\/tr>\n<tr data-start=\"1377\" data-end=\"1407\">\n<td><strong data-start=\"1379\" data-end=\"1397\">Entrada de g\u00e1s<\/strong><\/td>\n<td>\u00d88 mm<\/td>\n<\/tr>\n<tr data-start=\"1408\" data-end=\"1438\">\n<td><strong data-start=\"1410\" data-end=\"1427\">Sa\u00edda de g\u00e1s<\/strong><\/td>\n<td>\u00d812 mm<\/td>\n<\/tr>\n<tr data-start=\"1439\" data-end=\"1472\">\n<td><strong data-start=\"1441\" data-end=\"1461\">Liga\u00e7\u00e3o \u00e0 \u00c1gua<\/strong><\/td>\n<td>\u00d816 mm<\/td>\n<\/tr>\n<tr data-start=\"1473\" data-end=\"1505\">\n<td><strong data-start=\"1475\" data-end=\"1495\">Entrada de v\u00e1cuo<\/strong><\/td>\n<td>\u00d85 mm<\/td>\n<\/tr>\n<tr data-start=\"1506\" data-end=\"1544\">\n<td><strong data-start=\"1508\" data-end=\"1523\">Dimens\u00f5es<\/strong><\/td>\n<td>95 x 109 x 93 mm<\/td>\n<\/tr>\n<tr data-start=\"1545\" data-end=\"1566\">\n<td><strong data-start=\"1547\" data-end=\"1555\">Peso<\/strong><\/td>\n<td>1,6 kg<\/td>\n<\/tr>\n<\/tbody>\n<\/table>\n<h4 data-start=\"651\" data-end=\"688\"><strong data-start=\"654\" data-end=\"686\">Carater\u00edsticas e vantagens<\/strong><\/h4>\n<ul data-start=\"689\" data-end=\"1080\">\n<li class=\"\" data-start=\"689\" data-end=\"771\">\n<p class=\"\" data-start=\"691\" data-end=\"771\"><strong data-start=\"691\" data-end=\"725\">Pot\u00eancia at\u00e9 147 kW (200 cv)<\/strong> \u2013 Ideal para ve\u00edculos de alto desempenho.<\/p>\n<\/li>\n<li class=\"\" data-start=\"772\" data-end=\"837\">\n<p class=\"\" data-start=\"774\" data-end=\"837\"><strong data-start=\"774\" data-end=\"812\">Press\u00e3o constante e ajuste preciso<\/strong> \u2013 Entre 1,3 e 1,9 bar.<\/p>\n<\/li>\n<li class=\"\" data-start=\"838\" data-end=\"911\">\n<p class=\"\" data-start=\"840\" data-end=\"911\"><strong data-start=\"840\" data-end=\"869\">V\u00e1lvula Solen\u00f3ide de 8 mm<\/strong> \u2013 Garante fluxo irrestrito.<\/p>\n<\/li>\n<li class=\"\" data-start=\"912\" data-end=\"1004\">\n<p class=\"\" data-start=\"914\" data-end=\"1004\"><strong data-start=\"914\" data-end=\"950\">Filtro Integrado de Fase L\u00edquida<\/strong> \u2013 Melhora a efici\u00eancia e prote\u00e7\u00e3o do sistema.<\/p>\n<\/li>\n<li class=\"\" data-start=\"1005\" data-end=\"1080\">\n<p class=\"\" data-start=\"1007\" data-end=\"1080\"><strong data-start=\"1007\" data-end=\"1035\">Design compacto e leve<\/strong> \u2013 Instala\u00e7\u00e3o f\u00e1cil em espa\u00e7os apertados.<\/p>\n<\/li>\n<\/ul>\n<p><a href=\"https:\/\/recambiosecogas.com\/pt-pt\/categoria-produto\/reguladores-de-pressao\/redutor-glp\/\">OBTENHA MAIS CAIXAS DE VELOCIDADES NO NOSSO SITE<\/a><\/p>\n<p><a href=\"https:\/\/segimonautomocio.com\/\">PARA CONVERS\u00d5ES DE LPG, VISITE O NOSSO WORKSHOP NO SITE<\/a><\/p>\n<\/div>\n","protected":false},"excerpt":{"rendered":"<p>Redutor ALEX Shark 1500<\/p>\n","protected":false},"featured_media":6715,"comment_status":"open","ping_status":"closed","template":"","meta":{"_uag_custom_page_level_css":""},"product_brand":[],"product_cat":[1066,1065],"product_tag":[],"class_list":{"0":"post-46894","1":"product","2":"type-product","3":"status-publish","4":"has-post-thumbnail","6":"product_cat-redutor-glp","7":"product_cat-reguladores-de-pressao","9":"first","10":"onbackorder","11":"taxable","12":"shipping-taxable","13":"purchasable","14":"product-type-simple"},"ct_brands":[],"yoast_head":"<!-- This site is optimized with the Yoast SEO Premium plugin v27.5 (Yoast SEO v27.6) - https:\/\/yoast.com\/product\/yoast-seo-premium-wordpress\/ -->\n<title>ALEX Shark 1500 Redutor | Recambios EcoGas | Sistemas GLP y GNC<\/title>\n<meta name=\"description\" content=\"Caixa de velocidades ALEX Shark 1500 para sistemas de GLP. Pot\u00eancia aumentada at\u00e9 147 kW e press\u00e3o constante. COMPRE ONLINE NA NOSSA LOJA.\" \/>\n<meta name=\"robots\" content=\"index, follow, max-snippet:-1, max-image-preview:large, max-video-preview:-1\" \/>\n<link rel=\"canonical\" href=\"https:\/\/recambiosecogas.com\/pt-pt\/producto\/alex-shark-1500-reductor\/\" \/>\n<meta property=\"og:locale\" content=\"pt_PT\" \/>\n<meta property=\"og:type\" content=\"article\" \/>\n<meta property=\"og:title\" content=\"ALEX Shark 1500 Redutor\" \/>\n<meta property=\"og:description\" content=\"Caixa de velocidades ALEX Shark 1500 para sistemas de GLP. Pot\u00eancia aumentada at\u00e9 147 kW e press\u00e3o constante. COMPRE ONLINE NA NOSSA LOJA.\" \/>\n<meta property=\"og:url\" content=\"https:\/\/recambiosecogas.com\/pt-pt\/producto\/alex-shark-1500-reductor\/\" \/>\n<meta property=\"og:site_name\" content=\"Recambios EcoGas\" \/>\n<meta property=\"article:publisher\" content=\"https:\/\/www.facebook.com\/profile.php?id=100062419705358\" \/>\n<meta property=\"article:modified_time\" content=\"2026-04-08T09:27:49+00:00\" \/>\n<meta property=\"og:image\" content=\"https:\/\/recambiosecogas.com\/wp-content\/uploads\/2024\/10\/ALEX-Shark-1500-reductor-png.webp\" \/>\n\t<meta property=\"og:image:width\" content=\"1000\" \/>\n\t<meta property=\"og:image:height\" content=\"1000\" \/>\n\t<meta property=\"og:image:type\" content=\"image\/png\" \/>\n<meta name=\"twitter:card\" content=\"summary_large_image\" \/>\n<meta name=\"twitter:label1\" content=\"pre\u00e7o\" \/>\n\t<meta name=\"twitter:data1\" content=\"96,36&nbsp;&euro; (Sin IVA: 79,63&nbsp;&euro;)\" \/>\n\t<meta name=\"twitter:label2\" content=\"Disponibilidade\" \/>\n\t<meta name=\"twitter:data2\" content=\"Por encomenda\" \/>\n<script type=\"application\/ld+json\" class=\"yoast-schema-graph\">{\"@context\":\"https:\\\/\\\/schema.org\",\"@graph\":[{\"@type\":\"WebPage\",\"@id\":\"https:\\\/\\\/recambiosecogas.com\\\/pt-pt\\\/producto\\\/alex-shark-1500-reductor\\\/\",\"url\":\"https:\\\/\\\/recambiosecogas.com\\\/pt-pt\\\/producto\\\/alex-shark-1500-reductor\\\/\",\"name\":\"ALEX Shark 1500 Redutor | Recambios EcoGas | Sistemas GLP y GNC\",\"isPartOf\":{\"@id\":\"https:\\\/\\\/recambiosecogas.com\\\/pt-pt\\\/#website\"},\"primaryImageOfPage\":{\"@id\":\"https:\\\/\\\/recambiosecogas.com\\\/pt-pt\\\/producto\\\/alex-shark-1500-reductor\\\/#primaryimage\"},\"image\":{\"@id\":\"https:\\\/\\\/recambiosecogas.com\\\/pt-pt\\\/producto\\\/alex-shark-1500-reductor\\\/#primaryimage\"},\"thumbnailUrl\":\"https:\\\/\\\/recambiosecogas.com\\\/wp-content\\\/uploads\\\/2024\\\/10\\\/ALEX-Shark-1500-reductor-png.webp\",\"datePublished\":\"2024-10-19T13:23:49+00:00\",\"dateModified\":\"2026-04-08T09:27:49+00:00\",\"description\":\"Caixa de velocidades ALEX Shark 1500 para sistemas de GLP. Pot\u00eancia aumentada at\u00e9 147 kW e press\u00e3o constante. COMPRE ONLINE NA NOSSA LOJA.\",\"breadcrumb\":{\"@id\":\"https:\\\/\\\/recambiosecogas.com\\\/pt-pt\\\/producto\\\/alex-shark-1500-reductor\\\/#breadcrumb\"},\"inLanguage\":\"pt-PT\",\"potentialAction\":[{\"@type\":\"ReadAction\",\"target\":[\"https:\\\/\\\/recambiosecogas.com\\\/pt-pt\\\/producto\\\/alex-shark-1500-reductor\\\/\"]}]},{\"@type\":\"ImageObject\",\"inLanguage\":\"pt-PT\",\"@id\":\"https:\\\/\\\/recambiosecogas.com\\\/pt-pt\\\/producto\\\/alex-shark-1500-reductor\\\/#primaryimage\",\"url\":\"https:\\\/\\\/recambiosecogas.com\\\/wp-content\\\/uploads\\\/2024\\\/10\\\/ALEX-Shark-1500-reductor-png.webp\",\"contentUrl\":\"https:\\\/\\\/recambiosecogas.com\\\/wp-content\\\/uploads\\\/2024\\\/10\\\/ALEX-Shark-1500-reductor-png.webp\",\"width\":1000,\"height\":1000,\"caption\":\"Reductor ALEX Shark 1500 ALEX BARRACUDA\"},{\"@type\":\"BreadcrumbList\",\"@id\":\"https:\\\/\\\/recambiosecogas.com\\\/pt-pt\\\/producto\\\/alex-shark-1500-reductor\\\/#breadcrumb\",\"itemListElement\":[{\"@type\":\"ListItem\",\"position\":1,\"name\":\"P\u00e1gina inicial\",\"item\":\"https:\\\/\\\/recambiosecogas.com\\\/pt-pt\\\/\"},{\"@type\":\"ListItem\",\"position\":2,\"name\":\"Loja\",\"item\":\"https:\\\/\\\/recambiosecogas.com\\\/pt-pt\\\/tienda\\\/\"},{\"@type\":\"ListItem\",\"position\":3,\"name\":\"ALEX Shark 1500 Redutor\"}]},{\"@type\":\"WebSite\",\"@id\":\"https:\\\/\\\/recambiosecogas.com\\\/pt-pt\\\/#website\",\"url\":\"https:\\\/\\\/recambiosecogas.com\\\/pt-pt\\\/\",\"name\":\"Recambios EcoGas\",\"description\":\"Pe\u00e7as multimarca para sistemas de GPL\\\/GNC\\\/GNL\\\/Hidrog\u00e9nio\",\"publisher\":{\"@id\":\"https:\\\/\\\/recambiosecogas.com\\\/pt-pt\\\/#organization\"},\"alternateName\":\"Recambios Autogas GLP\",\"potentialAction\":[{\"@type\":\"SearchAction\",\"target\":{\"@type\":\"EntryPoint\",\"urlTemplate\":\"https:\\\/\\\/recambiosecogas.com\\\/pt-pt\\\/?s={search_term_string}\"},\"query-input\":{\"@type\":\"PropertyValueSpecification\",\"valueRequired\":true,\"valueName\":\"search_term_string\"}}],\"inLanguage\":\"pt-PT\"},{\"@type\":[\"Organization\",\"Place\"],\"@id\":\"https:\\\/\\\/recambiosecogas.com\\\/pt-pt\\\/#organization\",\"name\":\"Recambios EcoGas\",\"alternateName\":\"Loja de GPL Autog\u00e1s Espanha\",\"url\":\"https:\\\/\\\/recambiosecogas.com\\\/pt-pt\\\/\",\"logo\":{\"@id\":\"https:\\\/\\\/recambiosecogas.com\\\/pt-pt\\\/producto\\\/alex-shark-1500-reductor\\\/#local-main-organization-logo\"},\"image\":{\"@id\":\"https:\\\/\\\/recambiosecogas.com\\\/pt-pt\\\/producto\\\/alex-shark-1500-reductor\\\/#local-main-organization-logo\"},\"sameAs\":[\"https:\\\/\\\/www.facebook.com\\\/profile.php?id=100062419705358\",\"https:\\\/\\\/www.instagram.com\\\/segimon_automocio\"],\"description\":\"Recambios EcoGas \u2013 Venta y distribuci\u00f3n de sistemas GLP y GNC en Espa\u00f1a y Portugal. Env\u00edos 24 h, soporte t\u00e9cnico a talleres y distribuidores.\",\"hasMerchantReturnPolicy\":{\"@type\":\"MerchantReturnPolicy\",\"merchantReturnLink\":\"https:\\\/\\\/recambiosecogas.com\\\/politicas-privacidad\\\/\"},\"address\":{\"@id\":\"https:\\\/\\\/recambiosecogas.com\\\/pt-pt\\\/producto\\\/alex-shark-1500-reductor\\\/#local-main-place-address\"},\"telephone\":[\"616250633\"],\"contactPoint\":{\"@type\":\"ContactPoint\",\"email\":\"export@recambiosecogas.com\"},\"openingHoursSpecification\":[{\"@type\":\"OpeningHoursSpecification\",\"dayOfWeek\":[\"Monday\",\"Tuesday\",\"Wednesday\",\"Thursday\",\"Friday\",\"Saturday\",\"Sunday\"],\"opens\":\"09:00\",\"closes\":\"17:00\"}],\"email\":\"info@recambiosecogas.com\",\"faxNumber\":\"SEGIMON AUTOMOCION SL\",\"vatID\":\"ESB19819861\",\"globalLocationNumber\":\"938 616 339\"},{\"@type\":\"PostalAddress\",\"@id\":\"https:\\\/\\\/recambiosecogas.com\\\/pt-pt\\\/producto\\\/alex-shark-1500-reductor\\\/#local-main-place-address\",\"streetAddress\":\"cami antic de vic, 29 (Nave 3), Pol\u00edgono Industrial Congost\",\"addressLocality\":\"CORRO D`AVALL\",\"postalCode\":\"08520\",\"addressRegion\":\"Barcelona\",\"addressCountry\":\"ES\"},{\"@type\":\"ImageObject\",\"inLanguage\":\"pt-PT\",\"@id\":\"https:\\\/\\\/recambiosecogas.com\\\/pt-pt\\\/producto\\\/alex-shark-1500-reductor\\\/#local-main-organization-logo\",\"url\":\"https:\\\/\\\/recambiosecogas.com\\\/wp-content\\\/uploads\\\/2024\\\/11\\\/cropped-RECAMBIOS-GLP-png.webp\",\"contentUrl\":\"https:\\\/\\\/recambiosecogas.com\\\/wp-content\\\/uploads\\\/2024\\\/11\\\/cropped-RECAMBIOS-GLP-png.webp\",\"width\":512,\"height\":512,\"caption\":\"Recambios EcoGas\"}]}<\/script>\n<meta property=\"product:price:amount\" content=\"96.36\" \/>\n<meta property=\"product:price:currency\" content=\"EUR\" \/>\n<meta property=\"og:availability\" content=\"backorder\" \/>\n<meta property=\"product:availability\" content=\"available for order\" \/>\n<meta property=\"product:retailer_item_id\" content=\"108808A\" \/>\n<meta property=\"product:condition\" content=\"new\" \/>\n<meta name=\"geo.placename\" content=\"CORRO D`AVALL\" \/>\n<meta name=\"geo.region\" content=\"Espanha\" \/>\n<!-- \/ Yoast SEO Premium plugin. -->","yoast_head_json":{"title":"ALEX Shark 1500 Redutor | Recambios EcoGas | Sistemas GLP y GNC","description":"Caixa de velocidades ALEX Shark 1500 para sistemas de GLP. Pot\u00eancia aumentada at\u00e9 147 kW e press\u00e3o constante. COMPRE ONLINE NA NOSSA LOJA.","robots":{"index":"index","follow":"follow","max-snippet":"max-snippet:-1","max-image-preview":"max-image-preview:large","max-video-preview":"max-video-preview:-1"},"canonical":"https:\/\/recambiosecogas.com\/pt-pt\/producto\/alex-shark-1500-reductor\/","og_locale":"pt_PT","og_type":"article","og_title":"ALEX Shark 1500 Redutor","og_description":"Caixa de velocidades ALEX Shark 1500 para sistemas de GLP. Pot\u00eancia aumentada at\u00e9 147 kW e press\u00e3o constante. COMPRE ONLINE NA NOSSA LOJA.","og_url":"https:\/\/recambiosecogas.com\/pt-pt\/producto\/alex-shark-1500-reductor\/","og_site_name":"Recambios EcoGas","article_publisher":"https:\/\/www.facebook.com\/profile.php?id=100062419705358","article_modified_time":"2026-04-08T09:27:49+00:00","og_image":[{"width":1000,"height":1000,"url":"https:\/\/recambiosecogas.com\/wp-content\/uploads\/2024\/10\/ALEX-Shark-1500-reductor-png.webp","type":"image\/png"}],"twitter_card":"summary_large_image","twitter_misc":{"pre\u00e7o":"96,36&nbsp;&euro; (Sin IVA: 79,63&nbsp;&euro;)","Disponibilidade":"Por encomenda"},"schema":{"@context":"https:\/\/schema.org","@graph":[{"@type":"WebPage","@id":"https:\/\/recambiosecogas.com\/pt-pt\/producto\/alex-shark-1500-reductor\/","url":"https:\/\/recambiosecogas.com\/pt-pt\/producto\/alex-shark-1500-reductor\/","name":"ALEX Shark 1500 Redutor | Recambios EcoGas | Sistemas GLP y GNC","isPartOf":{"@id":"https:\/\/recambiosecogas.com\/pt-pt\/#website"},"primaryImageOfPage":{"@id":"https:\/\/recambiosecogas.com\/pt-pt\/producto\/alex-shark-1500-reductor\/#primaryimage"},"image":{"@id":"https:\/\/recambiosecogas.com\/pt-pt\/producto\/alex-shark-1500-reductor\/#primaryimage"},"thumbnailUrl":"https:\/\/recambiosecogas.com\/wp-content\/uploads\/2024\/10\/ALEX-Shark-1500-reductor-png.webp","datePublished":"2024-10-19T13:23:49+00:00","dateModified":"2026-04-08T09:27:49+00:00","description":"Caixa de velocidades ALEX Shark 1500 para sistemas de GLP. Pot\u00eancia aumentada at\u00e9 147 kW e press\u00e3o constante. COMPRE ONLINE NA NOSSA LOJA.","breadcrumb":{"@id":"https:\/\/recambiosecogas.com\/pt-pt\/producto\/alex-shark-1500-reductor\/#breadcrumb"},"inLanguage":"pt-PT","potentialAction":[{"@type":"ReadAction","target":["https:\/\/recambiosecogas.com\/pt-pt\/producto\/alex-shark-1500-reductor\/"]}]},{"@type":"ImageObject","inLanguage":"pt-PT","@id":"https:\/\/recambiosecogas.com\/pt-pt\/producto\/alex-shark-1500-reductor\/#primaryimage","url":"https:\/\/recambiosecogas.com\/wp-content\/uploads\/2024\/10\/ALEX-Shark-1500-reductor-png.webp","contentUrl":"https:\/\/recambiosecogas.com\/wp-content\/uploads\/2024\/10\/ALEX-Shark-1500-reductor-png.webp","width":1000,"height":1000,"caption":"Reductor ALEX Shark 1500 ALEX BARRACUDA"},{"@type":"BreadcrumbList","@id":"https:\/\/recambiosecogas.com\/pt-pt\/producto\/alex-shark-1500-reductor\/#breadcrumb","itemListElement":[{"@type":"ListItem","position":1,"name":"P\u00e1gina inicial","item":"https:\/\/recambiosecogas.com\/pt-pt\/"},{"@type":"ListItem","position":2,"name":"Loja","item":"https:\/\/recambiosecogas.com\/pt-pt\/tienda\/"},{"@type":"ListItem","position":3,"name":"ALEX Shark 1500 Redutor"}]},{"@type":"WebSite","@id":"https:\/\/recambiosecogas.com\/pt-pt\/#website","url":"https:\/\/recambiosecogas.com\/pt-pt\/","name":"Recambios EcoGas","description":"Pe\u00e7as multimarca para sistemas de GPL\/GNC\/GNL\/Hidrog\u00e9nio","publisher":{"@id":"https:\/\/recambiosecogas.com\/pt-pt\/#organization"},"alternateName":"Recambios Autogas GLP","potentialAction":[{"@type":"SearchAction","target":{"@type":"EntryPoint","urlTemplate":"https:\/\/recambiosecogas.com\/pt-pt\/?s={search_term_string}"},"query-input":{"@type":"PropertyValueSpecification","valueRequired":true,"valueName":"search_term_string"}}],"inLanguage":"pt-PT"},{"@type":["Organization","Place"],"@id":"https:\/\/recambiosecogas.com\/pt-pt\/#organization","name":"Recambios EcoGas","alternateName":"Loja de GPL Autog\u00e1s Espanha","url":"https:\/\/recambiosecogas.com\/pt-pt\/","logo":{"@id":"https:\/\/recambiosecogas.com\/pt-pt\/producto\/alex-shark-1500-reductor\/#local-main-organization-logo"},"image":{"@id":"https:\/\/recambiosecogas.com\/pt-pt\/producto\/alex-shark-1500-reductor\/#local-main-organization-logo"},"sameAs":["https:\/\/www.facebook.com\/profile.php?id=100062419705358","https:\/\/www.instagram.com\/segimon_automocio"],"description":"Recambios EcoGas \u2013 Venta y distribuci\u00f3n de sistemas GLP y GNC en Espa\u00f1a y Portugal. Env\u00edos 24 h, soporte t\u00e9cnico a talleres y distribuidores.","hasMerchantReturnPolicy":{"@type":"MerchantReturnPolicy","merchantReturnLink":"https:\/\/recambiosecogas.com\/politicas-privacidad\/"},"address":{"@id":"https:\/\/recambiosecogas.com\/pt-pt\/producto\/alex-shark-1500-reductor\/#local-main-place-address"},"telephone":["616250633"],"contactPoint":{"@type":"ContactPoint","email":"export@recambiosecogas.com"},"openingHoursSpecification":[{"@type":"OpeningHoursSpecification","dayOfWeek":["Monday","Tuesday","Wednesday","Thursday","Friday","Saturday","Sunday"],"opens":"09:00","closes":"17:00"}],"email":"info@recambiosecogas.com","faxNumber":"SEGIMON AUTOMOCION SL","vatID":"ESB19819861","globalLocationNumber":"938 616 339"},{"@type":"PostalAddress","@id":"https:\/\/recambiosecogas.com\/pt-pt\/producto\/alex-shark-1500-reductor\/#local-main-place-address","streetAddress":"cami antic de vic, 29 (Nave 3), Pol\u00edgono Industrial Congost","addressLocality":"CORRO D`AVALL","postalCode":"08520","addressRegion":"Barcelona","addressCountry":"ES"},{"@type":"ImageObject","inLanguage":"pt-PT","@id":"https:\/\/recambiosecogas.com\/pt-pt\/producto\/alex-shark-1500-reductor\/#local-main-organization-logo","url":"https:\/\/recambiosecogas.com\/wp-content\/uploads\/2024\/11\/cropped-RECAMBIOS-GLP-png.webp","contentUrl":"https:\/\/recambiosecogas.com\/wp-content\/uploads\/2024\/11\/cropped-RECAMBIOS-GLP-png.webp","width":512,"height":512,"caption":"Recambios EcoGas"}]},"product_price_amount":"96.36","product_price_currency":"EUR","og_availability":"backorder","product_availability":"available for order","product_retailer_item_id":"108808A","product_condition":"new","geo.placename":"CORRO D`AVALL","geo.region":"Espanha"},"uagb_featured_image_src":{"full":["https:\/\/recambiosecogas.com\/wp-content\/uploads\/2024\/10\/ALEX-Shark-1500-reductor-png.webp",1000,1000,false],"thumbnail":["https:\/\/recambiosecogas.com\/wp-content\/uploads\/2024\/10\/ALEX-Shark-1500-reductor-150x150.png",150,150,true],"medium":["https:\/\/recambiosecogas.com\/wp-content\/uploads\/2024\/10\/ALEX-Shark-1500-reductor-300x300.png",300,300,true],"medium_large":["https:\/\/recambiosecogas.com\/wp-content\/uploads\/2024\/10\/ALEX-Shark-1500-reductor-768x768.png",768,768,true],"large":["https:\/\/recambiosecogas.com\/wp-content\/uploads\/2024\/10\/ALEX-Shark-1500-reductor-png.webp",1000,1000,false],"1536x1536":["https:\/\/recambiosecogas.com\/wp-content\/uploads\/2024\/10\/ALEX-Shark-1500-reductor-png.webp",1000,1000,false],"2048x2048":["https:\/\/recambiosecogas.com\/wp-content\/uploads\/2024\/10\/ALEX-Shark-1500-reductor-png.webp",1000,1000,false],"woocommerce_archive_thumbnail":["https:\/\/recambiosecogas.com\/wp-content\/uploads\/2024\/10\/ALEX-Shark-1500-reductor-png.webp",1000,1000,false],"woocommerce_thumbnail":["https:\/\/recambiosecogas.com\/wp-content\/uploads\/2024\/10\/ALEX-Shark-1500-reductor-png-300x300.webp",300,300,true],"woocommerce_single":["https:\/\/recambiosecogas.com\/wp-content\/uploads\/2024\/10\/ALEX-Shark-1500-reductor-png.webp",1000,1000,false],"woocommerce_gallery_thumbnail":["https:\/\/recambiosecogas.com\/wp-content\/uploads\/2024\/10\/ALEX-Shark-1500-reductor-png.webp",1000,1000,false],"dgwt-wcas-product-suggestion":["https:\/\/recambiosecogas.com\/wp-content\/uploads\/2024\/10\/ALEX-Shark-1500-reductor-png-64x64.webp",64,64,true]},"uagb_author_info":{"display_name":"Fran - Soporte T\u00e9cnico","author_link":"https:\/\/recambiosecogas.com\/pt-pt\/author\/"},"uagb_comment_info":0,"uagb_excerpt":"Redutor ALEX Shark 1500","_links":{"self":[{"href":"https:\/\/recambiosecogas.com\/pt-pt\/wp-json\/wp\/v2\/product\/46894","targetHints":{"allow":["GET"]}}],"collection":[{"href":"https:\/\/recambiosecogas.com\/pt-pt\/wp-json\/wp\/v2\/product"}],"about":[{"href":"https:\/\/recambiosecogas.com\/pt-pt\/wp-json\/wp\/v2\/types\/product"}],"replies":[{"embeddable":true,"href":"https:\/\/recambiosecogas.com\/pt-pt\/wp-json\/wp\/v2\/comments?post=46894"}],"wp:featuredmedia":[{"embeddable":true,"href":"https:\/\/recambiosecogas.com\/pt-pt\/wp-json\/wp\/v2\/media\/6715"}],"wp:attachment":[{"href":"https:\/\/recambiosecogas.com\/pt-pt\/wp-json\/wp\/v2\/media?parent=46894"}],"wp:term":[{"taxonomy":"product_brand","embeddable":true,"href":"https:\/\/recambiosecogas.com\/pt-pt\/wp-json\/wp\/v2\/product_brand?post=46894"},{"taxonomy":"product_cat","embeddable":true,"href":"https:\/\/recambiosecogas.com\/pt-pt\/wp-json\/wp\/v2\/product_cat?post=46894"},{"taxonomy":"product_tag","embeddable":true,"href":"https:\/\/recambiosecogas.com\/pt-pt\/wp-json\/wp\/v2\/product_tag?post=46894"}],"curies":[{"name":"wp","href":"https:\/\/api.w.org\/{rel}","templated":true}]}}