{"id":46863,"date":"2024-12-19T11:11:11","date_gmt":"2024-12-19T11:11:11","guid":{"rendered":"https:\/\/recambiosecogas.com\/producto\/emer-solenoide-para-valvula-gnc-12-v\/"},"modified":"2026-04-08T10:24:16","modified_gmt":"2026-04-08T09:24:16","slug":"emer-solenoide-para-valvula-gnc-12-v","status":"publish","type":"product","link":"https:\/\/recambiosecogas.com\/pt-pt\/producto\/emer-solenoide-para-valvula-gnc-12-v\/","title":{"rendered":"Solen\u00f3ide Emer para v\u00e1lvula CNG de 12 V"},"content":{"rendered":"<h1 data-start=\"225\" data-end=\"257\">V\u00e1lvula CNG do solen\u00f3ide Emer 12V<\/h1>\n<p data-start=\"259\" data-end=\"548\">A <strong data-start=\"262\" data-end=\"296\">v\u00e1lvula de GNC do solen\u00f3ide Emer 12V<\/strong> \u00e9 uma bobina eletromagn\u00e9tica concebida para v\u00e1lvulas veiculares a g\u00e1s natural que funcionam a 12 volts. Este componente permite a abertura e o fecho da passagem de g\u00e1s por ativa\u00e7\u00e3o el\u00e9trica, garantindo o controlo do fornecimento nos sistemas de GNC. <\/p>\n<p data-start=\"550\" data-end=\"659\">\u00c9 usado como substitui\u00e7\u00e3o t\u00e9cnica quando a bobina original sofre falha el\u00e9trica ou perda de desempenho.<\/p>\n<hr data-start=\"661\" data-end=\"664\">\n<h2 data-start=\"666\" data-end=\"724\">Bobina eletromagn\u00e9tica de 12V para v\u00e1lvula de g\u00e1s natural<\/h2>\n<div class=\"TyagGW_tableContainer\">\n<div class=\"group TyagGW_tableWrapper flex flex-col-reverse w-fit\" tabindex=\"-1\">\n<table class=\"w-fit min-w-(--thread-content-width)\" data-start=\"726\" data-end=\"959\">\n<thead data-start=\"726\" data-end=\"754\">\n<tr data-start=\"726\" data-end=\"754\">\n<th class=\"\" data-start=\"726\" data-end=\"743\" data-col-size=\"sm\">Funcionalidade<\/th>\n<th class=\"\" data-start=\"743\" data-end=\"754\" data-col-size=\"sm\">Detalhe<\/th>\n<\/tr>\n<\/thead>\n<tbody data-start=\"784\" data-end=\"959\">\n<tr data-start=\"784\" data-end=\"834\">\n<td data-start=\"784\" data-end=\"795\" data-col-size=\"sm\">Produto<\/td>\n<td data-start=\"795\" data-end=\"834\" data-col-size=\"sm\">Solen\u00f3ide \/ Bobina eletromagn\u00e9tica<\/td>\n<\/tr>\n<tr data-start=\"835\" data-end=\"851\">\n<td data-start=\"835\" data-end=\"843\" data-col-size=\"sm\">Marca<\/td>\n<td data-start=\"843\" data-end=\"851\" data-col-size=\"sm\">Emer<\/td>\n<\/tr>\n<tr data-start=\"852\" data-end=\"870\">\n<td data-start=\"852\" data-end=\"862\" data-col-size=\"sm\">Voltagem<\/td>\n<td data-start=\"862\" data-end=\"870\" data-col-size=\"sm\">12 V<\/td>\n<\/tr>\n<tr data-start=\"871\" data-end=\"899\">\n<td data-start=\"871\" data-end=\"884\" data-col-size=\"sm\">Aplica\u00e7\u00e3o<\/td>\n<td data-col-size=\"sm\" data-start=\"884\" data-end=\"899\">V\u00e1lvula CNG<\/td>\n<\/tr>\n<tr data-start=\"900\" data-end=\"921\">\n<td data-start=\"900\" data-end=\"914\" data-col-size=\"sm\">Combust\u00edvel<\/td>\n<td data-start=\"914\" data-end=\"921\" data-col-size=\"sm\">GNC<\/td>\n<\/tr>\n<tr data-start=\"922\" data-end=\"959\">\n<td data-start=\"922\" data-end=\"928\" data-col-size=\"sm\">Aplica\u00e7\u00e3o<\/td>\n<td data-start=\"928\" data-end=\"959\" data-col-size=\"sm\">Substitui\u00e7\u00e3o \/ Manuten\u00e7\u00e3o<\/td>\n<\/tr>\n<\/tbody>\n<\/table>\n<\/div>\n<\/div>\n<hr data-start=\"961\" data-end=\"964\">\n<h2 data-start=\"966\" data-end=\"1001\">Compatibilidade da v\u00e1lvula Emer<\/h2>\n<p data-start=\"1003\" data-end=\"1106\">Compat\u00edvel com v\u00e1lvulas Emer destinadas a sistemas de g\u00e1s natural veicular que utilizam uma bobina de 12V.<\/p>\n<p data-start=\"1108\" data-end=\"1175\">Verifique o modelo exato e o tipo de liga\u00e7\u00e3o antes da instala\u00e7\u00e3o.<\/p>\n<hr data-start=\"1177\" data-end=\"1180\">\n<h2 data-start=\"1182\" data-end=\"1226\">Vantagens do sistema eletromagn\u00e9tico de 12V<\/h2>\n<ul data-start=\"1228\" data-end=\"1399\">\n<li data-start=\"1228\" data-end=\"1256\">\n<p data-start=\"1230\" data-end=\"1256\">Ativa\u00e7\u00e3o est\u00e1vel a 12V<\/p>\n<\/li>\n<li data-start=\"1257\" data-end=\"1308\">\n<p data-start=\"1259\" data-end=\"1308\">Pe\u00e7a sobresselente t\u00e9cnica para manuten\u00e7\u00e3o profissional<\/p>\n<\/li>\n<li data-start=\"1309\" data-end=\"1359\">\n<p data-start=\"1311\" data-end=\"1359\">Aplic\u00e1vel em sistemas de ve\u00edculos a g\u00e1s natural<\/p>\n<\/li>\n<li data-start=\"1360\" data-end=\"1399\">\n<p data-start=\"1362\" data-end=\"1399\">Projeto espec\u00edfico para v\u00e1lvulas de GNC<\/p>\n<\/li>\n<\/ul>\n<hr data-start=\"1401\" data-end=\"1404\">\n<h2 data-start=\"1406\" data-end=\"1412\">FAQ<\/h2>\n<p data-start=\"1414\" data-end=\"1530\"><strong data-start=\"1414\" data-end=\"1464\">Para que serve esta serpentina na v\u00e1lvula CNG?<\/strong><br data-start=\"1464\" data-end=\"1467\">Permite a abertura e o fecho el\u00e9trico da passagem do g\u00e1s natural.<\/p>\n<p data-start=\"1532\" data-end=\"1576\"><strong data-start=\"1532\" data-end=\"1558\">Que voltagem \u00e9 necess\u00e1ria?<\/strong><br data-start=\"1558\" data-end=\"1561\">Opera a 12V.<\/p>\n<p data-start=\"1578\" data-end=\"1682\"><strong data-start=\"1578\" data-end=\"1625\">\u00c9 compat\u00edvel com todas as v\u00e1lvulas Emer?<\/strong><br data-start=\"1625\" data-end=\"1628\">Deve verificar-se se a v\u00e1lvula utiliza uma bobina de 12V.<\/p>\n<p data-start=\"1684\" data-end=\"1747\"><strong data-start=\"1684\" data-end=\"1708\">\u00c9 v\u00e1lido para o GPL?<\/strong><br data-start=\"1708\" data-end=\"1711\">Foi concebido para aplica\u00e7\u00f5es com GNC.<\/p>\n","protected":false},"excerpt":{"rendered":"<div class=\"flex flex-col text-sm pb-25\">\n<article class=\"text-token-text-primary w-full focus:outline-none [--shadow-height:45px] has-data-writing-block:pointer-events-none has-data-writing-block:-mt-(--shadow-height) has-data-writing-block:pt-(--shadow-height) [&amp;:has([data-writing-block])&gt;*]:pointer-events-auto scroll-mt-[calc(var(--header-height)+min(200px,max(70px,20svh)))]\" dir=\"auto\" tabindex=\"-1\" data-turn-id=\"request-WEB:b3bb4a5a-92e7-4fc9-8a3c-1f467c7c261b-41\" data-testid=\"conversation-turn-84\" data-scroll-anchor=\"true\" data-turn=\"assistant\">\n<div class=\"text-base my-auto mx-auto pb-10 [--thread-content-margin:--spacing(4)] @w-sm\/main:[--thread-content-margin:--spacing(6)] @w-lg\/main:[--thread-content-margin:--spacing(16)] px-(--thread-content-margin)\">\n<div class=\"[--thread-content-max-width:40rem] @w-lg\/main:[--thread-content-max-width:48rem] mx-auto max-w-(--thread-content-max-width) flex-1 group\/turn-messages focus-visible:outline-hidden relative flex w-full min-w-0 flex-col agent-turn\" tabindex=\"-1\">\n<div class=\"flex max-w-full flex-col grow\">\n<div class=\"min-h-8 text-message relative flex w-full flex-col items-end gap-2 text-start break-words whitespace-normal [.text-message+&amp;]:mt-1\" dir=\"auto\" data-message-author-role=\"assistant\" data-message-id=\"b2678eb7-6284-4c1c-96b4-f2b0cf66f836\" data-message-model-slug=\"gpt-5-2\">\n<div class=\"flex w-full flex-col gap-1 empty:hidden first:pt-[1px]\">\n<div class=\"markdown prose dark:prose-invert w-full wrap-break-word light markdown-new-styling\">\n<p data-start=\"2114\" data-end=\"2238\" data-is-last-node=\"\" data-is-only-node=\"\">Bobina eletromagn\u00e9tica de 12V para v\u00e1lvula Emer CNG. Pe\u00e7a sobresselente t\u00e9cnica para manuten\u00e7\u00e3o em sistemas veiculares de g\u00e1s natural. <\/p>\n<\/div>\n<\/div>\n<\/div>\n<\/div>\n<div class=\"z-0 flex min-h-[46px] justify-start\"><\/div>\n<div class=\"mt-3 w-full empty:hidden\">\n<div class=\"text-center\"><\/div>\n<\/div>\n<\/div>\n<\/div>\n<\/article>\n<\/div>\n<div class=\"pointer-events-none h-px w-px absolute bottom-0\" aria-hidden=\"true\" data-edge=\"true\"><\/div>\n","protected":false},"featured_media":13700,"comment_status":"open","ping_status":"closed","template":"","meta":{"_uag_custom_page_level_css":""},"product_brand":[],"product_cat":[1919],"product_tag":[],"class_list":{"0":"post-46863","1":"product","2":"type-product","3":"status-publish","4":"has-post-thumbnail","6":"product_cat-bobinas-magneticas-pt-pt","8":"first","9":"onbackorder","10":"taxable","11":"shipping-taxable","12":"purchasable","13":"product-type-simple"},"ct_brands":[],"yoast_head":"<!-- This site is optimized with the Yoast SEO Premium plugin v27.5 (Yoast SEO v27.5) - https:\/\/yoast.com\/product\/yoast-seo-premium-wordpress\/ -->\n<title>Solen\u00f3ide Emer para v\u00e1lvula CNG de 12 V | Recambios EcoGas | Sistemas GLP y GNC<\/title>\n<meta name=\"description\" content=\"Solen\u00f3ide Emer 12V para v\u00e1lvulas CNG. Bobina eletromagn\u00e9tica para manuten\u00e7\u00e3o e substitui\u00e7\u00e3o em sistemas de g\u00e1s natural veicular.\" \/>\n<meta name=\"robots\" content=\"index, follow, max-snippet:-1, max-image-preview:large, max-video-preview:-1\" \/>\n<link rel=\"canonical\" href=\"https:\/\/recambiosecogas.com\/pt-pt\/producto\/emer-solenoide-para-valvula-gnc-12-v\/\" \/>\n<meta property=\"og:locale\" content=\"pt_PT\" \/>\n<meta property=\"og:type\" content=\"article\" \/>\n<meta property=\"og:title\" content=\"Solen\u00f3ide Emer para v\u00e1lvula CNG de 12 V\" \/>\n<meta property=\"og:description\" content=\"Solen\u00f3ide Emer 12V para v\u00e1lvulas CNG. Bobina eletromagn\u00e9tica para manuten\u00e7\u00e3o e substitui\u00e7\u00e3o em sistemas de g\u00e1s natural veicular.\" \/>\n<meta property=\"og:url\" content=\"https:\/\/recambiosecogas.com\/pt-pt\/producto\/emer-solenoide-para-valvula-gnc-12-v\/\" \/>\n<meta property=\"og:site_name\" content=\"Recambios EcoGas\" \/>\n<meta property=\"article:publisher\" content=\"https:\/\/www.facebook.com\/profile.php?id=100062419705358\" \/>\n<meta property=\"article:modified_time\" content=\"2026-04-08T09:24:16+00:00\" \/>\n<meta property=\"og:image\" content=\"https:\/\/recambiosecogas.com\/wp-content\/uploads\/2024\/12\/Emer-solenoide-para-valvula-GNC-12-V-png.webp\" \/>\n\t<meta property=\"og:image:width\" content=\"1000\" \/>\n\t<meta property=\"og:image:height\" content=\"1000\" \/>\n\t<meta property=\"og:image:type\" content=\"image\/png\" \/>\n<meta name=\"twitter:card\" content=\"summary_large_image\" \/>\n<meta name=\"twitter:label1\" content=\"pre\u00e7o\" \/>\n\t<meta name=\"twitter:data1\" content=\"31,75&nbsp;&euro; (Sin IVA: 26,24&nbsp;&euro;)\" \/>\n\t<meta name=\"twitter:label2\" content=\"Disponibilidade\" \/>\n\t<meta name=\"twitter:data2\" content=\"Por encomenda\" \/>\n<script type=\"application\/ld+json\" class=\"yoast-schema-graph\">{\"@context\":\"https:\\\/\\\/schema.org\",\"@graph\":[{\"@type\":\"WebPage\",\"@id\":\"https:\\\/\\\/recambiosecogas.com\\\/pt-pt\\\/producto\\\/emer-solenoide-para-valvula-gnc-12-v\\\/\",\"url\":\"https:\\\/\\\/recambiosecogas.com\\\/pt-pt\\\/producto\\\/emer-solenoide-para-valvula-gnc-12-v\\\/\",\"name\":\"Solen\u00f3ide Emer para v\u00e1lvula CNG de 12 V | Recambios EcoGas | Sistemas GLP y GNC\",\"isPartOf\":{\"@id\":\"https:\\\/\\\/recambiosecogas.com\\\/pt-pt\\\/#website\"},\"primaryImageOfPage\":{\"@id\":\"https:\\\/\\\/recambiosecogas.com\\\/pt-pt\\\/producto\\\/emer-solenoide-para-valvula-gnc-12-v\\\/#primaryimage\"},\"image\":{\"@id\":\"https:\\\/\\\/recambiosecogas.com\\\/pt-pt\\\/producto\\\/emer-solenoide-para-valvula-gnc-12-v\\\/#primaryimage\"},\"thumbnailUrl\":\"https:\\\/\\\/recambiosecogas.com\\\/wp-content\\\/uploads\\\/2024\\\/12\\\/Emer-solenoide-para-valvula-GNC-12-V-png.webp\",\"datePublished\":\"2024-12-19T11:11:11+00:00\",\"dateModified\":\"2026-04-08T09:24:16+00:00\",\"description\":\"Solen\u00f3ide Emer 12V para v\u00e1lvulas CNG. Bobina eletromagn\u00e9tica para manuten\u00e7\u00e3o e substitui\u00e7\u00e3o em sistemas de g\u00e1s natural veicular.\",\"breadcrumb\":{\"@id\":\"https:\\\/\\\/recambiosecogas.com\\\/pt-pt\\\/producto\\\/emer-solenoide-para-valvula-gnc-12-v\\\/#breadcrumb\"},\"inLanguage\":\"pt-PT\",\"potentialAction\":[{\"@type\":\"ReadAction\",\"target\":[\"https:\\\/\\\/recambiosecogas.com\\\/pt-pt\\\/producto\\\/emer-solenoide-para-valvula-gnc-12-v\\\/\"]}]},{\"@type\":\"ImageObject\",\"inLanguage\":\"pt-PT\",\"@id\":\"https:\\\/\\\/recambiosecogas.com\\\/pt-pt\\\/producto\\\/emer-solenoide-para-valvula-gnc-12-v\\\/#primaryimage\",\"url\":\"https:\\\/\\\/recambiosecogas.com\\\/wp-content\\\/uploads\\\/2024\\\/12\\\/Emer-solenoide-para-valvula-GNC-12-V-png.webp\",\"contentUrl\":\"https:\\\/\\\/recambiosecogas.com\\\/wp-content\\\/uploads\\\/2024\\\/12\\\/Emer-solenoide-para-valvula-GNC-12-V-png.webp\",\"width\":1000,\"height\":1000},{\"@type\":\"BreadcrumbList\",\"@id\":\"https:\\\/\\\/recambiosecogas.com\\\/pt-pt\\\/producto\\\/emer-solenoide-para-valvula-gnc-12-v\\\/#breadcrumb\",\"itemListElement\":[{\"@type\":\"ListItem\",\"position\":1,\"name\":\"P\u00e1gina inicial\",\"item\":\"https:\\\/\\\/recambiosecogas.com\\\/pt-pt\\\/\"},{\"@type\":\"ListItem\",\"position\":2,\"name\":\"Loja\",\"item\":\"https:\\\/\\\/recambiosecogas.com\\\/pt-pt\\\/tienda\\\/\"},{\"@type\":\"ListItem\",\"position\":3,\"name\":\"Solen\u00f3ide Emer para v\u00e1lvula CNG de 12 V\"}]},{\"@type\":\"WebSite\",\"@id\":\"https:\\\/\\\/recambiosecogas.com\\\/pt-pt\\\/#website\",\"url\":\"https:\\\/\\\/recambiosecogas.com\\\/pt-pt\\\/\",\"name\":\"Recambios EcoGas\",\"description\":\"Pe\u00e7as multimarca para sistemas de GPL\\\/GNC\\\/GNL\\\/Hidrog\u00e9nio\",\"publisher\":{\"@id\":\"https:\\\/\\\/recambiosecogas.com\\\/pt-pt\\\/#organization\"},\"alternateName\":\"Recambios Autogas GLP\",\"potentialAction\":[{\"@type\":\"SearchAction\",\"target\":{\"@type\":\"EntryPoint\",\"urlTemplate\":\"https:\\\/\\\/recambiosecogas.com\\\/pt-pt\\\/?s={search_term_string}\"},\"query-input\":{\"@type\":\"PropertyValueSpecification\",\"valueRequired\":true,\"valueName\":\"search_term_string\"}}],\"inLanguage\":\"pt-PT\"},{\"@type\":[\"Organization\",\"Place\"],\"@id\":\"https:\\\/\\\/recambiosecogas.com\\\/pt-pt\\\/#organization\",\"name\":\"Recambios EcoGas\",\"alternateName\":\"Loja de GPL Autog\u00e1s Espanha\",\"url\":\"https:\\\/\\\/recambiosecogas.com\\\/pt-pt\\\/\",\"logo\":{\"@id\":\"https:\\\/\\\/recambiosecogas.com\\\/pt-pt\\\/producto\\\/emer-solenoide-para-valvula-gnc-12-v\\\/#local-main-organization-logo\"},\"image\":{\"@id\":\"https:\\\/\\\/recambiosecogas.com\\\/pt-pt\\\/producto\\\/emer-solenoide-para-valvula-gnc-12-v\\\/#local-main-organization-logo\"},\"sameAs\":[\"https:\\\/\\\/www.facebook.com\\\/profile.php?id=100062419705358\",\"https:\\\/\\\/www.instagram.com\\\/segimon_automocio\"],\"description\":\"Recambios EcoGas \u2013 Venta y distribuci\u00f3n de sistemas GLP y GNC en Espa\u00f1a y Portugal. Env\u00edos 24 h, soporte t\u00e9cnico a talleres y distribuidores.\",\"hasMerchantReturnPolicy\":{\"@type\":\"MerchantReturnPolicy\",\"merchantReturnLink\":\"https:\\\/\\\/recambiosecogas.com\\\/politicas-privacidad\\\/\"},\"address\":{\"@id\":\"https:\\\/\\\/recambiosecogas.com\\\/pt-pt\\\/producto\\\/emer-solenoide-para-valvula-gnc-12-v\\\/#local-main-place-address\"},\"telephone\":[\"616250633\"],\"contactPoint\":{\"@type\":\"ContactPoint\",\"email\":\"export@recambiosecogas.com\"},\"openingHoursSpecification\":[{\"@type\":\"OpeningHoursSpecification\",\"dayOfWeek\":[\"Monday\",\"Tuesday\",\"Wednesday\",\"Thursday\",\"Friday\",\"Saturday\",\"Sunday\"],\"opens\":\"09:00\",\"closes\":\"17:00\"}],\"email\":\"info@recambiosecogas.com\",\"faxNumber\":\"SEGIMON AUTOMOCION SL\",\"vatID\":\"ESB19819861\",\"globalLocationNumber\":\"938 616 339\"},{\"@type\":\"PostalAddress\",\"@id\":\"https:\\\/\\\/recambiosecogas.com\\\/pt-pt\\\/producto\\\/emer-solenoide-para-valvula-gnc-12-v\\\/#local-main-place-address\",\"streetAddress\":\"cami antic de vic, 29 (Nave 3), Pol\u00edgono Industrial Congost\",\"addressLocality\":\"CORRO D`AVALL\",\"postalCode\":\"08520\",\"addressRegion\":\"Barcelona\",\"addressCountry\":\"ES\"},{\"@type\":\"ImageObject\",\"inLanguage\":\"pt-PT\",\"@id\":\"https:\\\/\\\/recambiosecogas.com\\\/pt-pt\\\/producto\\\/emer-solenoide-para-valvula-gnc-12-v\\\/#local-main-organization-logo\",\"url\":\"https:\\\/\\\/recambiosecogas.com\\\/wp-content\\\/uploads\\\/2024\\\/11\\\/cropped-RECAMBIOS-GLP-png.webp\",\"contentUrl\":\"https:\\\/\\\/recambiosecogas.com\\\/wp-content\\\/uploads\\\/2024\\\/11\\\/cropped-RECAMBIOS-GLP-png.webp\",\"width\":512,\"height\":512,\"caption\":\"Recambios EcoGas\"}]}<\/script>\n<meta property=\"product:price:amount\" content=\"31.75\" \/>\n<meta property=\"product:price:currency\" content=\"EUR\" \/>\n<meta property=\"og:availability\" content=\"backorder\" \/>\n<meta property=\"product:availability\" content=\"available for order\" \/>\n<meta property=\"product:retailer_item_id\" content=\"106139\" \/>\n<meta property=\"product:condition\" content=\"new\" \/>\n<meta name=\"geo.placename\" content=\"CORRO D`AVALL\" \/>\n<meta name=\"geo.region\" content=\"Espanha\" \/>\n<!-- \/ Yoast SEO Premium plugin. -->","yoast_head_json":{"title":"Solen\u00f3ide Emer para v\u00e1lvula CNG de 12 V | Recambios EcoGas | Sistemas GLP y GNC","description":"Solen\u00f3ide Emer 12V para v\u00e1lvulas CNG. Bobina eletromagn\u00e9tica para manuten\u00e7\u00e3o e substitui\u00e7\u00e3o em sistemas de g\u00e1s natural veicular.","robots":{"index":"index","follow":"follow","max-snippet":"max-snippet:-1","max-image-preview":"max-image-preview:large","max-video-preview":"max-video-preview:-1"},"canonical":"https:\/\/recambiosecogas.com\/pt-pt\/producto\/emer-solenoide-para-valvula-gnc-12-v\/","og_locale":"pt_PT","og_type":"article","og_title":"Solen\u00f3ide Emer para v\u00e1lvula CNG de 12 V","og_description":"Solen\u00f3ide Emer 12V para v\u00e1lvulas CNG. Bobina eletromagn\u00e9tica para manuten\u00e7\u00e3o e substitui\u00e7\u00e3o em sistemas de g\u00e1s natural veicular.","og_url":"https:\/\/recambiosecogas.com\/pt-pt\/producto\/emer-solenoide-para-valvula-gnc-12-v\/","og_site_name":"Recambios EcoGas","article_publisher":"https:\/\/www.facebook.com\/profile.php?id=100062419705358","article_modified_time":"2026-04-08T09:24:16+00:00","og_image":[{"width":1000,"height":1000,"url":"https:\/\/recambiosecogas.com\/wp-content\/uploads\/2024\/12\/Emer-solenoide-para-valvula-GNC-12-V-png.webp","type":"image\/png"}],"twitter_card":"summary_large_image","twitter_misc":{"pre\u00e7o":"31,75&nbsp;&euro; (Sin IVA: 26,24&nbsp;&euro;)","Disponibilidade":"Por encomenda"},"schema":{"@context":"https:\/\/schema.org","@graph":[{"@type":"WebPage","@id":"https:\/\/recambiosecogas.com\/pt-pt\/producto\/emer-solenoide-para-valvula-gnc-12-v\/","url":"https:\/\/recambiosecogas.com\/pt-pt\/producto\/emer-solenoide-para-valvula-gnc-12-v\/","name":"Solen\u00f3ide Emer para v\u00e1lvula CNG de 12 V | Recambios EcoGas | Sistemas GLP y GNC","isPartOf":{"@id":"https:\/\/recambiosecogas.com\/pt-pt\/#website"},"primaryImageOfPage":{"@id":"https:\/\/recambiosecogas.com\/pt-pt\/producto\/emer-solenoide-para-valvula-gnc-12-v\/#primaryimage"},"image":{"@id":"https:\/\/recambiosecogas.com\/pt-pt\/producto\/emer-solenoide-para-valvula-gnc-12-v\/#primaryimage"},"thumbnailUrl":"https:\/\/recambiosecogas.com\/wp-content\/uploads\/2024\/12\/Emer-solenoide-para-valvula-GNC-12-V-png.webp","datePublished":"2024-12-19T11:11:11+00:00","dateModified":"2026-04-08T09:24:16+00:00","description":"Solen\u00f3ide Emer 12V para v\u00e1lvulas CNG. Bobina eletromagn\u00e9tica para manuten\u00e7\u00e3o e substitui\u00e7\u00e3o em sistemas de g\u00e1s natural veicular.","breadcrumb":{"@id":"https:\/\/recambiosecogas.com\/pt-pt\/producto\/emer-solenoide-para-valvula-gnc-12-v\/#breadcrumb"},"inLanguage":"pt-PT","potentialAction":[{"@type":"ReadAction","target":["https:\/\/recambiosecogas.com\/pt-pt\/producto\/emer-solenoide-para-valvula-gnc-12-v\/"]}]},{"@type":"ImageObject","inLanguage":"pt-PT","@id":"https:\/\/recambiosecogas.com\/pt-pt\/producto\/emer-solenoide-para-valvula-gnc-12-v\/#primaryimage","url":"https:\/\/recambiosecogas.com\/wp-content\/uploads\/2024\/12\/Emer-solenoide-para-valvula-GNC-12-V-png.webp","contentUrl":"https:\/\/recambiosecogas.com\/wp-content\/uploads\/2024\/12\/Emer-solenoide-para-valvula-GNC-12-V-png.webp","width":1000,"height":1000},{"@type":"BreadcrumbList","@id":"https:\/\/recambiosecogas.com\/pt-pt\/producto\/emer-solenoide-para-valvula-gnc-12-v\/#breadcrumb","itemListElement":[{"@type":"ListItem","position":1,"name":"P\u00e1gina inicial","item":"https:\/\/recambiosecogas.com\/pt-pt\/"},{"@type":"ListItem","position":2,"name":"Loja","item":"https:\/\/recambiosecogas.com\/pt-pt\/tienda\/"},{"@type":"ListItem","position":3,"name":"Solen\u00f3ide Emer para v\u00e1lvula CNG de 12 V"}]},{"@type":"WebSite","@id":"https:\/\/recambiosecogas.com\/pt-pt\/#website","url":"https:\/\/recambiosecogas.com\/pt-pt\/","name":"Recambios EcoGas","description":"Pe\u00e7as multimarca para sistemas de GPL\/GNC\/GNL\/Hidrog\u00e9nio","publisher":{"@id":"https:\/\/recambiosecogas.com\/pt-pt\/#organization"},"alternateName":"Recambios Autogas GLP","potentialAction":[{"@type":"SearchAction","target":{"@type":"EntryPoint","urlTemplate":"https:\/\/recambiosecogas.com\/pt-pt\/?s={search_term_string}"},"query-input":{"@type":"PropertyValueSpecification","valueRequired":true,"valueName":"search_term_string"}}],"inLanguage":"pt-PT"},{"@type":["Organization","Place"],"@id":"https:\/\/recambiosecogas.com\/pt-pt\/#organization","name":"Recambios EcoGas","alternateName":"Loja de GPL Autog\u00e1s Espanha","url":"https:\/\/recambiosecogas.com\/pt-pt\/","logo":{"@id":"https:\/\/recambiosecogas.com\/pt-pt\/producto\/emer-solenoide-para-valvula-gnc-12-v\/#local-main-organization-logo"},"image":{"@id":"https:\/\/recambiosecogas.com\/pt-pt\/producto\/emer-solenoide-para-valvula-gnc-12-v\/#local-main-organization-logo"},"sameAs":["https:\/\/www.facebook.com\/profile.php?id=100062419705358","https:\/\/www.instagram.com\/segimon_automocio"],"description":"Recambios EcoGas \u2013 Venta y distribuci\u00f3n de sistemas GLP y GNC en Espa\u00f1a y Portugal. Env\u00edos 24 h, soporte t\u00e9cnico a talleres y distribuidores.","hasMerchantReturnPolicy":{"@type":"MerchantReturnPolicy","merchantReturnLink":"https:\/\/recambiosecogas.com\/politicas-privacidad\/"},"address":{"@id":"https:\/\/recambiosecogas.com\/pt-pt\/producto\/emer-solenoide-para-valvula-gnc-12-v\/#local-main-place-address"},"telephone":["616250633"],"contactPoint":{"@type":"ContactPoint","email":"export@recambiosecogas.com"},"openingHoursSpecification":[{"@type":"OpeningHoursSpecification","dayOfWeek":["Monday","Tuesday","Wednesday","Thursday","Friday","Saturday","Sunday"],"opens":"09:00","closes":"17:00"}],"email":"info@recambiosecogas.com","faxNumber":"SEGIMON AUTOMOCION SL","vatID":"ESB19819861","globalLocationNumber":"938 616 339"},{"@type":"PostalAddress","@id":"https:\/\/recambiosecogas.com\/pt-pt\/producto\/emer-solenoide-para-valvula-gnc-12-v\/#local-main-place-address","streetAddress":"cami antic de vic, 29 (Nave 3), Pol\u00edgono Industrial Congost","addressLocality":"CORRO D`AVALL","postalCode":"08520","addressRegion":"Barcelona","addressCountry":"ES"},{"@type":"ImageObject","inLanguage":"pt-PT","@id":"https:\/\/recambiosecogas.com\/pt-pt\/producto\/emer-solenoide-para-valvula-gnc-12-v\/#local-main-organization-logo","url":"https:\/\/recambiosecogas.com\/wp-content\/uploads\/2024\/11\/cropped-RECAMBIOS-GLP-png.webp","contentUrl":"https:\/\/recambiosecogas.com\/wp-content\/uploads\/2024\/11\/cropped-RECAMBIOS-GLP-png.webp","width":512,"height":512,"caption":"Recambios EcoGas"}]},"product_price_amount":"31.75","product_price_currency":"EUR","og_availability":"backorder","product_availability":"available for order","product_retailer_item_id":"106139","product_condition":"new","geo.placename":"CORRO D`AVALL","geo.region":"Espanha"},"uagb_featured_image_src":{"full":["https:\/\/recambiosecogas.com\/wp-content\/uploads\/2024\/12\/Emer-solenoide-para-valvula-GNC-12-V-png.webp",1000,1000,false],"thumbnail":["https:\/\/recambiosecogas.com\/wp-content\/uploads\/2024\/12\/Emer-solenoide-para-valvula-GNC-12-V-150x150.webp",150,150,true],"medium":["https:\/\/recambiosecogas.com\/wp-content\/uploads\/2024\/12\/Emer-solenoide-para-valvula-GNC-12-V-300x300.webp",300,300,true],"medium_large":["https:\/\/recambiosecogas.com\/wp-content\/uploads\/2024\/12\/Emer-solenoide-para-valvula-GNC-12-V-768x768.webp",768,768,true],"large":["https:\/\/recambiosecogas.com\/wp-content\/uploads\/2024\/12\/Emer-solenoide-para-valvula-GNC-12-V-png.webp",1000,1000,false],"1536x1536":["https:\/\/recambiosecogas.com\/wp-content\/uploads\/2024\/12\/Emer-solenoide-para-valvula-GNC-12-V-png.webp",1000,1000,false],"2048x2048":["https:\/\/recambiosecogas.com\/wp-content\/uploads\/2024\/12\/Emer-solenoide-para-valvula-GNC-12-V-png.webp",1000,1000,false],"woocommerce_archive_thumbnail":["https:\/\/recambiosecogas.com\/wp-content\/uploads\/2024\/12\/Emer-solenoide-para-valvula-GNC-12-V-png.webp",1000,1000,false],"woocommerce_thumbnail":["https:\/\/recambiosecogas.com\/wp-content\/uploads\/2024\/12\/Emer-solenoide-para-valvula-GNC-12-V-300x300.webp",300,300,true],"woocommerce_single":["https:\/\/recambiosecogas.com\/wp-content\/uploads\/2024\/12\/Emer-solenoide-para-valvula-GNC-12-V-png.webp",1000,1000,false],"woocommerce_gallery_thumbnail":["https:\/\/recambiosecogas.com\/wp-content\/uploads\/2024\/12\/Emer-solenoide-para-valvula-GNC-12-V-png.webp",1000,1000,false],"dgwt-wcas-product-suggestion":["https:\/\/recambiosecogas.com\/wp-content\/uploads\/2024\/12\/Emer-solenoide-para-valvula-GNC-12-V-64x64.webp",64,64,true]},"uagb_author_info":{"display_name":"Fran - Soporte T\u00e9cnico","author_link":"https:\/\/recambiosecogas.com\/pt-pt\/author\/"},"uagb_comment_info":0,"uagb_excerpt":"Bobina eletromagn\u00e9tica de 12V para v\u00e1lvula Emer CNG. Pe\u00e7a sobresselente t\u00e9cnica para manuten\u00e7\u00e3o em sistemas veiculares de g\u00e1s natural.","_links":{"self":[{"href":"https:\/\/recambiosecogas.com\/pt-pt\/wp-json\/wp\/v2\/product\/46863","targetHints":{"allow":["GET"]}}],"collection":[{"href":"https:\/\/recambiosecogas.com\/pt-pt\/wp-json\/wp\/v2\/product"}],"about":[{"href":"https:\/\/recambiosecogas.com\/pt-pt\/wp-json\/wp\/v2\/types\/product"}],"replies":[{"embeddable":true,"href":"https:\/\/recambiosecogas.com\/pt-pt\/wp-json\/wp\/v2\/comments?post=46863"}],"wp:featuredmedia":[{"embeddable":true,"href":"https:\/\/recambiosecogas.com\/pt-pt\/wp-json\/wp\/v2\/media\/13700"}],"wp:attachment":[{"href":"https:\/\/recambiosecogas.com\/pt-pt\/wp-json\/wp\/v2\/media?parent=46863"}],"wp:term":[{"taxonomy":"product_brand","embeddable":true,"href":"https:\/\/recambiosecogas.com\/pt-pt\/wp-json\/wp\/v2\/product_brand?post=46863"},{"taxonomy":"product_cat","embeddable":true,"href":"https:\/\/recambiosecogas.com\/pt-pt\/wp-json\/wp\/v2\/product_cat?post=46863"},{"taxonomy":"product_tag","embeddable":true,"href":"https:\/\/recambiosecogas.com\/pt-pt\/wp-json\/wp\/v2\/product_tag?post=46863"}],"curies":[{"name":"wp","href":"https:\/\/api.w.org\/{rel}","templated":true}]}}