{"id":46759,"date":"2024-12-19T12:11:13","date_gmt":"2024-12-19T11:11:13","guid":{"rendered":"https:\/\/recambiosecogas.com\/producto\/lovato-solenoide-12-v-8-w\/"},"modified":"2026-04-08T10:22:48","modified_gmt":"2026-04-08T09:22:48","slug":"lovato-solenoide-12-v-8-w","status":"publish","type":"product","link":"https:\/\/recambiosecogas.com\/pt-pt\/produto\/lovato-solenoide-12-v-8-w\/","title":{"rendered":"Solen\u00f3ide Lovato 12V 8W"},"content":{"rendered":"<h1 data-start=\"218\" data-end=\"243\">Solen\u00f3ide Lovato 12V 8W<\/h1>\n<p data-start=\"245\" data-end=\"522\">O <strong data-start=\"248\" data-end=\"275\">solen\u00f3ide Lovato 12V 8W<\/strong> \u00e9 uma bobina eletromagn\u00e9tica concebida para aplica\u00e7\u00f5es em sistemas Autogas LPG e CNG. Este componente permite a abertura e o fecho da passagem de g\u00e1s por meio de ativa\u00e7\u00e3o el\u00e9trica a 12 volts, garantindo o correto funcionamento do sistema. <\/p>\n<p data-start=\"524\" data-end=\"624\">\u00c9 usado como substituto t\u00e9cnico quando a bobina sofre falha el\u00e9trica ou perda de desempenho.<\/p>\n<hr data-start=\"626\" data-end=\"629\">\n<h2 data-start=\"631\" data-end=\"664\">Bobina eletromagn\u00e9tica 12V 8W<\/h2>\n<div class=\"TyagGW_tableContainer\">\n<div class=\"group TyagGW_tableWrapper flex flex-col-reverse w-fit\" tabindex=\"-1\">\n<table class=\"w-fit min-w-(--thread-content-width)\" data-start=\"666\" data-end=\"929\">\n<thead data-start=\"666\" data-end=\"694\">\n<tr data-start=\"666\" data-end=\"694\">\n<th class=\"\" data-start=\"666\" data-end=\"683\" data-col-size=\"sm\">Funcionalidade<\/th>\n<th class=\"\" data-start=\"683\" data-end=\"694\" data-col-size=\"sm\">Detalhe<\/th>\n<\/tr>\n<\/thead>\n<tbody data-start=\"724\" data-end=\"929\">\n<tr data-start=\"724\" data-end=\"774\">\n<td data-start=\"724\" data-end=\"735\" data-col-size=\"sm\">Produto<\/td>\n<td data-start=\"735\" data-end=\"774\" data-col-size=\"sm\">Solen\u00f3ide \/ Bobina eletromagn\u00e9tica<\/td>\n<\/tr>\n<tr data-start=\"775\" data-end=\"793\">\n<td data-start=\"775\" data-end=\"783\" data-col-size=\"sm\">Marca<\/td>\n<td data-start=\"783\" data-end=\"793\" data-col-size=\"sm\">Lovato<\/td>\n<\/tr>\n<tr data-start=\"794\" data-end=\"812\">\n<td data-start=\"794\" data-end=\"804\" data-col-size=\"sm\">Voltagem<\/td>\n<td data-start=\"804\" data-end=\"812\" data-col-size=\"sm\">12 V<\/td>\n<\/tr>\n<tr data-start=\"813\" data-end=\"831\">\n<td data-start=\"813\" data-end=\"824\" data-col-size=\"sm\">Energia<\/td>\n<td data-start=\"824\" data-end=\"831\" data-col-size=\"sm\">8 W<\/td>\n<\/tr>\n<tr data-start=\"832\" data-end=\"863\">\n<td data-start=\"832\" data-end=\"845\" data-col-size=\"sm\">Aplica\u00e7\u00e3o<\/td>\n<td data-start=\"845\" data-end=\"863\" data-col-size=\"sm\">Sistema de G\u00e1s<\/td>\n<\/tr>\n<tr data-start=\"864\" data-end=\"891\">\n<td data-start=\"864\" data-end=\"878\" data-col-size=\"sm\">Combust\u00edvel<\/td>\n<td data-start=\"878\" data-end=\"891\" data-col-size=\"sm\">GLP \/ GNC<\/td>\n<\/tr>\n<tr data-start=\"892\" data-end=\"929\">\n<td data-start=\"892\" data-end=\"898\" data-col-size=\"sm\">Aplica\u00e7\u00e3o<\/td>\n<td data-start=\"898\" data-end=\"929\" data-col-size=\"sm\">Substitui\u00e7\u00e3o \/ Manuten\u00e7\u00e3o<\/td>\n<\/tr>\n<\/tbody>\n<\/table>\n<\/div>\n<\/div>\n<hr data-start=\"931\" data-end=\"934\">\n<h2 data-start=\"936\" data-end=\"953\">Compatibilidade<\/h2>\n<p data-start=\"955\" data-end=\"1016\">Compat\u00edvel com componentes Lovato que usam bobina de 12V 8W.<\/p>\n<p data-start=\"1018\" data-end=\"1099\">Recomenda-se verificar o modelo exato e o tipo de liga\u00e7\u00e3o antes da instala\u00e7\u00e3o.<\/p>\n<hr data-start=\"1101\" data-end=\"1104\">\n<h2 data-start=\"1106\" data-end=\"1149\">Vantagens do sistema eletromagn\u00e9tico de 8W<\/h2>\n<ul data-start=\"1151\" data-end=\"1306\">\n<li data-start=\"1151\" data-end=\"1183\">\n<p data-start=\"1153\" data-end=\"1183\">Funcionamento est\u00e1vel a 12V<\/p>\n<\/li>\n<li data-start=\"1184\" data-end=\"1210\">\n<p data-start=\"1186\" data-end=\"1210\">Pot\u00eancia nominal de 8W<\/p>\n<\/li>\n<li data-start=\"1211\" data-end=\"1262\">\n<p data-start=\"1213\" data-end=\"1262\">Pe\u00e7a sobresselente t\u00e9cnica para manuten\u00e7\u00e3o profissional<\/p>\n<\/li>\n<li data-start=\"1263\" data-end=\"1306\">\n<p data-start=\"1265\" data-end=\"1306\">Aplic\u00e1vel em sistemas autog\u00e1s de GPL e GNC<\/p>\n<\/li>\n<\/ul>\n<hr data-start=\"1308\" data-end=\"1311\">\n<h2 data-start=\"1313\" data-end=\"1319\">FAQ<\/h2>\n<p data-start=\"1321\" data-end=\"1433\"><strong data-start=\"1321\" data-end=\"1360\">Para que serve esta bobina Lovato?<\/strong><br data-start=\"1360\" data-end=\"1363\">Permite controlar eletricamente a abertura e o fecho da passagem do g\u00e1s.<\/p>\n<p data-start=\"1435\" data-end=\"1523\"><strong data-start=\"1435\" data-end=\"1478\">Que especifica\u00e7\u00f5es el\u00e9tricas tem?<\/strong><br data-start=\"1478\" data-end=\"1481\">Opera a 12V com uma pot\u00eancia nominal de 8W.<\/p>\n<p data-start=\"1525\" data-end=\"1641\"><strong data-start=\"1525\" data-end=\"1577\">\u00c9 compat\u00edvel com todos os componentes Lovato?<\/strong><br data-start=\"1577\" data-end=\"1580\">N\u00e3o. Deve ser verificado que o sistema usa bobina de 12V 8W. <\/p>\n<p data-start=\"1643\" data-end=\"1737\"><strong data-start=\"1643\" data-end=\"1673\">\u00c9 v\u00e1lido para GLP e GNC?<\/strong><br data-start=\"1673\" data-end=\"1676\">Sim, desde que fa\u00e7a parte de um sistema Autogas compat\u00edvel.<\/p>\n<p>A bobina eletromagn\u00e9tica Lovato 12V 8W \u00e9 um componente essencial para o bom funcionamento dos sistemas Autogas, pois permite um controlo preciso do fluxo de g\u00e1s. A sua instala\u00e7\u00e3o \u00e9 crucial em ve\u00edculos que operam com GLP e GNC, garantindo um desempenho \u00f3timo e evitando falhas do sistema. Este solen\u00f3ide \u00e9 ideal para quem procura uma substitui\u00e7\u00e3o t\u00e9cnica fi\u00e1vel e de qualidade, garantindo a seguran\u00e7a e efici\u00eancia do sistema de g\u00e1s.  <\/p>\n","protected":false},"excerpt":{"rendered":"<p>LOVATO<\/p>\n","protected":false},"featured_media":13680,"comment_status":"open","ping_status":"closed","template":"","meta":{"googlesitekit_rrm_CAowud7EDA:productID":"","_uag_custom_page_level_css":""},"product_brand":[],"product_cat":[1919],"product_tag":[],"class_list":{"0":"post-46759","1":"product","2":"type-product","3":"status-publish","4":"has-post-thumbnail","6":"product_cat-bobinas-magneticas-pt-pt","8":"first","9":"onbackorder","10":"taxable","11":"shipping-taxable","12":"purchasable","13":"product-type-simple"},"ct_brands":[],"yoast_head":"<!-- This site is optimized with the Yoast SEO Premium plugin v27.3 (Yoast SEO v27.3) - https:\/\/yoast.com\/product\/yoast-seo-premium-wordpress\/ -->\n<title>Solen\u00f3ide Lovato 12V 8W | Pe\u00e7as sobressalentes Ecogas<\/title>\n<meta name=\"description\" content=\"Solen\u00f3ide Lovato 12V 8W, essencial para sistemas Autogas LPG e CNG. Permite o controlo do fluxo de g\u00e1s, garantindo um desempenho \u00f3timo.\" \/>\n<meta name=\"robots\" content=\"index, follow, max-snippet:-1, max-image-preview:large, max-video-preview:-1\" \/>\n<link rel=\"canonical\" href=\"https:\/\/recambiosecogas.com\/pt-pt\/produto\/lovato-solenoide-12-v-8-w\/\" \/>\n<meta property=\"og:locale\" content=\"pt_PT\" \/>\n<meta property=\"og:type\" content=\"article\" \/>\n<meta property=\"og:title\" content=\"Solen\u00f3ide Lovato 12V 8W\" \/>\n<meta property=\"og:description\" content=\"Solen\u00f3ide Lovato 12V 8W, essencial para sistemas Autogas LPG e CNG. Permite o controlo do fluxo de g\u00e1s, garantindo um desempenho \u00f3timo.\" \/>\n<meta property=\"og:url\" content=\"https:\/\/recambiosecogas.com\/pt-pt\/produto\/lovato-solenoide-12-v-8-w\/\" \/>\n<meta property=\"og:site_name\" content=\"Recambios EcoGas\" \/>\n<meta property=\"article:publisher\" content=\"https:\/\/www.facebook.com\/profile.php?id=100062419705358\" \/>\n<meta property=\"article:modified_time\" content=\"2026-04-08T09:22:48+00:00\" \/>\n<meta property=\"og:image\" content=\"https:\/\/recambiosecogas.com\/wp-content\/uploads\/2024\/12\/Lovato-solenoide-12-V-8-W-png.webp\" \/>\n\t<meta property=\"og:image:width\" content=\"1000\" \/>\n\t<meta property=\"og:image:height\" content=\"1000\" \/>\n\t<meta property=\"og:image:type\" content=\"image\/png\" \/>\n<meta name=\"twitter:card\" content=\"summary_large_image\" \/>\n<meta name=\"twitter:label1\" content=\"pre\u00e7o\" \/>\n\t<meta name=\"twitter:data1\" content=\"6,74&nbsp;&euro; (IVA incl.: 8,16&nbsp;&euro;)\" \/>\n\t<meta name=\"twitter:label2\" content=\"Disponibilidade\" \/>\n\t<meta name=\"twitter:data2\" content=\"Por encomenda\" \/>\n<script type=\"application\/ld+json\" class=\"yoast-schema-graph\">{\"@context\":\"https:\\\/\\\/schema.org\",\"@graph\":[{\"@type\":\"WebPage\",\"@id\":\"https:\\\/\\\/recambiosecogas.com\\\/pt-pt\\\/produto\\\/lovato-solenoide-12-v-8-w\\\/\",\"url\":\"https:\\\/\\\/recambiosecogas.com\\\/pt-pt\\\/produto\\\/lovato-solenoide-12-v-8-w\\\/\",\"name\":\"Solen\u00f3ide Lovato 12V 8W | Pe\u00e7as sobressalentes Ecogas\",\"isPartOf\":{\"@id\":\"https:\\\/\\\/recambiosecogas.com\\\/pt-pt\\\/#website\"},\"primaryImageOfPage\":{\"@id\":\"https:\\\/\\\/recambiosecogas.com\\\/pt-pt\\\/produto\\\/lovato-solenoide-12-v-8-w\\\/#primaryimage\"},\"image\":{\"@id\":\"https:\\\/\\\/recambiosecogas.com\\\/pt-pt\\\/produto\\\/lovato-solenoide-12-v-8-w\\\/#primaryimage\"},\"thumbnailUrl\":\"https:\\\/\\\/recambiosecogas.com\\\/wp-content\\\/uploads\\\/2024\\\/12\\\/Lovato-solenoide-12-V-8-W-png.webp\",\"datePublished\":\"2024-12-19T11:11:13+00:00\",\"dateModified\":\"2026-04-08T09:22:48+00:00\",\"description\":\"Solen\u00f3ide Lovato 12V 8W, essencial para sistemas Autogas LPG e CNG. Permite o controlo do fluxo de g\u00e1s, garantindo um desempenho \u00f3timo.\",\"breadcrumb\":{\"@id\":\"https:\\\/\\\/recambiosecogas.com\\\/pt-pt\\\/produto\\\/lovato-solenoide-12-v-8-w\\\/#breadcrumb\"},\"inLanguage\":\"pt-PT\",\"potentialAction\":[{\"@type\":\"ReadAction\",\"target\":[\"https:\\\/\\\/recambiosecogas.com\\\/pt-pt\\\/produto\\\/lovato-solenoide-12-v-8-w\\\/\"]}]},{\"@type\":\"ImageObject\",\"inLanguage\":\"pt-PT\",\"@id\":\"https:\\\/\\\/recambiosecogas.com\\\/pt-pt\\\/produto\\\/lovato-solenoide-12-v-8-w\\\/#primaryimage\",\"url\":\"https:\\\/\\\/recambiosecogas.com\\\/wp-content\\\/uploads\\\/2024\\\/12\\\/Lovato-solenoide-12-V-8-W-png.webp\",\"contentUrl\":\"https:\\\/\\\/recambiosecogas.com\\\/wp-content\\\/uploads\\\/2024\\\/12\\\/Lovato-solenoide-12-V-8-W-png.webp\",\"width\":1000,\"height\":1000},{\"@type\":\"BreadcrumbList\",\"@id\":\"https:\\\/\\\/recambiosecogas.com\\\/pt-pt\\\/produto\\\/lovato-solenoide-12-v-8-w\\\/#breadcrumb\",\"itemListElement\":[{\"@type\":\"ListItem\",\"position\":1,\"name\":\"P\u00e1gina inicial\",\"item\":\"https:\\\/\\\/recambiosecogas.com\\\/pt-pt\\\/\"},{\"@type\":\"ListItem\",\"position\":2,\"name\":\"Loja\",\"item\":\"https:\\\/\\\/recambiosecogas.com\\\/pt-pt\\\/tienda\\\/\"},{\"@type\":\"ListItem\",\"position\":3,\"name\":\"Solen\u00f3ide Lovato 12V 8W\"}]},{\"@type\":\"WebSite\",\"@id\":\"https:\\\/\\\/recambiosecogas.com\\\/pt-pt\\\/#website\",\"url\":\"https:\\\/\\\/recambiosecogas.com\\\/pt-pt\\\/\",\"name\":\"Recambios EcoGas\",\"description\":\"Pe\u00e7as multimarca para sistemas de GPL\\\/GNC\\\/GNL\\\/Hidrog\u00e9nio\",\"publisher\":{\"@id\":\"https:\\\/\\\/recambiosecogas.com\\\/pt-pt\\\/#organization\"},\"alternateName\":\"Recambios Autogas GLP\",\"potentialAction\":[{\"@type\":\"SearchAction\",\"target\":{\"@type\":\"EntryPoint\",\"urlTemplate\":\"https:\\\/\\\/recambiosecogas.com\\\/pt-pt\\\/?s={search_term_string}\"},\"query-input\":{\"@type\":\"PropertyValueSpecification\",\"valueRequired\":true,\"valueName\":\"search_term_string\"}}],\"inLanguage\":\"pt-PT\"},{\"@type\":[\"Organization\",\"Place\"],\"@id\":\"https:\\\/\\\/recambiosecogas.com\\\/pt-pt\\\/#organization\",\"name\":\"Recambios EcoGas\",\"alternateName\":\"Loja de GPL Autog\u00e1s Espanha\",\"url\":\"https:\\\/\\\/recambiosecogas.com\\\/pt-pt\\\/\",\"logo\":{\"@id\":\"https:\\\/\\\/recambiosecogas.com\\\/pt-pt\\\/produto\\\/lovato-solenoide-12-v-8-w\\\/#local-main-organization-logo\"},\"image\":{\"@id\":\"https:\\\/\\\/recambiosecogas.com\\\/pt-pt\\\/produto\\\/lovato-solenoide-12-v-8-w\\\/#local-main-organization-logo\"},\"sameAs\":[\"https:\\\/\\\/www.facebook.com\\\/profile.php?id=100062419705358\",\"https:\\\/\\\/www.instagram.com\\\/segimon_automocio\"],\"description\":\"Recambios EcoGas \u2013 Venta y distribuci\u00f3n de sistemas GLP y GNC en Espa\u00f1a y Portugal. Env\u00edos 24 h, soporte t\u00e9cnico a talleres y distribuidores.\",\"hasMerchantReturnPolicy\":{\"@type\":\"MerchantReturnPolicy\",\"merchantReturnLink\":\"https:\\\/\\\/recambiosecogas.com\\\/politicas-privacidad\\\/\"},\"address\":{\"@id\":\"https:\\\/\\\/recambiosecogas.com\\\/pt-pt\\\/produto\\\/lovato-solenoide-12-v-8-w\\\/#local-main-place-address\"},\"telephone\":[\"616250633\"],\"contactPoint\":{\"@type\":\"ContactPoint\",\"email\":\"export@recambiosecogas.com\"},\"openingHoursSpecification\":[{\"@type\":\"OpeningHoursSpecification\",\"dayOfWeek\":[\"Monday\",\"Tuesday\",\"Wednesday\",\"Thursday\",\"Friday\",\"Saturday\",\"Sunday\"],\"opens\":\"09:00\",\"closes\":\"17:00\"}],\"email\":\"info@recambiosecogas.com\",\"faxNumber\":\"SEGIMON AUTOMOCION SL\",\"vatID\":\"ESB19819861\",\"globalLocationNumber\":\"938 616 339\"},{\"@type\":\"PostalAddress\",\"@id\":\"https:\\\/\\\/recambiosecogas.com\\\/pt-pt\\\/produto\\\/lovato-solenoide-12-v-8-w\\\/#local-main-place-address\",\"streetAddress\":\"cami antic de vic, 29 (Nave 3), Pol\u00edgono Industrial Congost\",\"addressLocality\":\"CORRO D`AVALL\",\"postalCode\":\"08520\",\"addressRegion\":\"Barcelona\",\"addressCountry\":\"ES\"},{\"@type\":\"ImageObject\",\"inLanguage\":\"pt-PT\",\"@id\":\"https:\\\/\\\/recambiosecogas.com\\\/pt-pt\\\/produto\\\/lovato-solenoide-12-v-8-w\\\/#local-main-organization-logo\",\"url\":\"https:\\\/\\\/recambiosecogas.com\\\/wp-content\\\/uploads\\\/2024\\\/11\\\/cropped-RECAMBIOS-GLP-png.webp\",\"contentUrl\":\"https:\\\/\\\/recambiosecogas.com\\\/wp-content\\\/uploads\\\/2024\\\/11\\\/cropped-RECAMBIOS-GLP-png.webp\",\"width\":512,\"height\":512,\"caption\":\"Recambios EcoGas\"}]}<\/script>\n<meta property=\"product:price:amount\" content=\"6.74\" \/>\n<meta property=\"product:price:currency\" content=\"EUR\" \/>\n<meta property=\"og:availability\" content=\"backorder\" \/>\n<meta property=\"product:availability\" content=\"available for order\" \/>\n<meta property=\"product:retailer_item_id\" content=\"102537\" \/>\n<meta property=\"product:condition\" content=\"new\" \/>\n<meta name=\"geo.placename\" content=\"CORRO D`AVALL\" \/>\n<meta name=\"geo.region\" content=\"Espanha\" \/>\n<!-- \/ Yoast SEO Premium plugin. -->","yoast_head_json":{"title":"Solen\u00f3ide Lovato 12V 8W | Pe\u00e7as sobressalentes Ecogas","description":"Solen\u00f3ide Lovato 12V 8W, essencial para sistemas Autogas LPG e CNG. Permite o controlo do fluxo de g\u00e1s, garantindo um desempenho \u00f3timo.","robots":{"index":"index","follow":"follow","max-snippet":"max-snippet:-1","max-image-preview":"max-image-preview:large","max-video-preview":"max-video-preview:-1"},"canonical":"https:\/\/recambiosecogas.com\/pt-pt\/produto\/lovato-solenoide-12-v-8-w\/","og_locale":"pt_PT","og_type":"article","og_title":"Solen\u00f3ide Lovato 12V 8W","og_description":"Solen\u00f3ide Lovato 12V 8W, essencial para sistemas Autogas LPG e CNG. Permite o controlo do fluxo de g\u00e1s, garantindo um desempenho \u00f3timo.","og_url":"https:\/\/recambiosecogas.com\/pt-pt\/produto\/lovato-solenoide-12-v-8-w\/","og_site_name":"Recambios EcoGas","article_publisher":"https:\/\/www.facebook.com\/profile.php?id=100062419705358","article_modified_time":"2026-04-08T09:22:48+00:00","og_image":[{"width":1000,"height":1000,"url":"https:\/\/recambiosecogas.com\/wp-content\/uploads\/2024\/12\/Lovato-solenoide-12-V-8-W-png.webp","type":"image\/png"}],"twitter_card":"summary_large_image","twitter_misc":{"pre\u00e7o":"6,74&nbsp;&euro; (IVA incl.: 8,16&nbsp;&euro;)","Disponibilidade":"Por encomenda"},"schema":{"@context":"https:\/\/schema.org","@graph":[{"@type":"WebPage","@id":"https:\/\/recambiosecogas.com\/pt-pt\/produto\/lovato-solenoide-12-v-8-w\/","url":"https:\/\/recambiosecogas.com\/pt-pt\/produto\/lovato-solenoide-12-v-8-w\/","name":"Solen\u00f3ide Lovato 12V 8W | Pe\u00e7as sobressalentes Ecogas","isPartOf":{"@id":"https:\/\/recambiosecogas.com\/pt-pt\/#website"},"primaryImageOfPage":{"@id":"https:\/\/recambiosecogas.com\/pt-pt\/produto\/lovato-solenoide-12-v-8-w\/#primaryimage"},"image":{"@id":"https:\/\/recambiosecogas.com\/pt-pt\/produto\/lovato-solenoide-12-v-8-w\/#primaryimage"},"thumbnailUrl":"https:\/\/recambiosecogas.com\/wp-content\/uploads\/2024\/12\/Lovato-solenoide-12-V-8-W-png.webp","datePublished":"2024-12-19T11:11:13+00:00","dateModified":"2026-04-08T09:22:48+00:00","description":"Solen\u00f3ide Lovato 12V 8W, essencial para sistemas Autogas LPG e CNG. Permite o controlo do fluxo de g\u00e1s, garantindo um desempenho \u00f3timo.","breadcrumb":{"@id":"https:\/\/recambiosecogas.com\/pt-pt\/produto\/lovato-solenoide-12-v-8-w\/#breadcrumb"},"inLanguage":"pt-PT","potentialAction":[{"@type":"ReadAction","target":["https:\/\/recambiosecogas.com\/pt-pt\/produto\/lovato-solenoide-12-v-8-w\/"]}]},{"@type":"ImageObject","inLanguage":"pt-PT","@id":"https:\/\/recambiosecogas.com\/pt-pt\/produto\/lovato-solenoide-12-v-8-w\/#primaryimage","url":"https:\/\/recambiosecogas.com\/wp-content\/uploads\/2024\/12\/Lovato-solenoide-12-V-8-W-png.webp","contentUrl":"https:\/\/recambiosecogas.com\/wp-content\/uploads\/2024\/12\/Lovato-solenoide-12-V-8-W-png.webp","width":1000,"height":1000},{"@type":"BreadcrumbList","@id":"https:\/\/recambiosecogas.com\/pt-pt\/produto\/lovato-solenoide-12-v-8-w\/#breadcrumb","itemListElement":[{"@type":"ListItem","position":1,"name":"P\u00e1gina inicial","item":"https:\/\/recambiosecogas.com\/pt-pt\/"},{"@type":"ListItem","position":2,"name":"Loja","item":"https:\/\/recambiosecogas.com\/pt-pt\/tienda\/"},{"@type":"ListItem","position":3,"name":"Solen\u00f3ide Lovato 12V 8W"}]},{"@type":"WebSite","@id":"https:\/\/recambiosecogas.com\/pt-pt\/#website","url":"https:\/\/recambiosecogas.com\/pt-pt\/","name":"Recambios EcoGas","description":"Pe\u00e7as multimarca para sistemas de GPL\/GNC\/GNL\/Hidrog\u00e9nio","publisher":{"@id":"https:\/\/recambiosecogas.com\/pt-pt\/#organization"},"alternateName":"Recambios Autogas GLP","potentialAction":[{"@type":"SearchAction","target":{"@type":"EntryPoint","urlTemplate":"https:\/\/recambiosecogas.com\/pt-pt\/?s={search_term_string}"},"query-input":{"@type":"PropertyValueSpecification","valueRequired":true,"valueName":"search_term_string"}}],"inLanguage":"pt-PT"},{"@type":["Organization","Place"],"@id":"https:\/\/recambiosecogas.com\/pt-pt\/#organization","name":"Recambios EcoGas","alternateName":"Loja de GPL Autog\u00e1s Espanha","url":"https:\/\/recambiosecogas.com\/pt-pt\/","logo":{"@id":"https:\/\/recambiosecogas.com\/pt-pt\/produto\/lovato-solenoide-12-v-8-w\/#local-main-organization-logo"},"image":{"@id":"https:\/\/recambiosecogas.com\/pt-pt\/produto\/lovato-solenoide-12-v-8-w\/#local-main-organization-logo"},"sameAs":["https:\/\/www.facebook.com\/profile.php?id=100062419705358","https:\/\/www.instagram.com\/segimon_automocio"],"description":"Recambios EcoGas \u2013 Venta y distribuci\u00f3n de sistemas GLP y GNC en Espa\u00f1a y Portugal. Env\u00edos 24 h, soporte t\u00e9cnico a talleres y distribuidores.","hasMerchantReturnPolicy":{"@type":"MerchantReturnPolicy","merchantReturnLink":"https:\/\/recambiosecogas.com\/politicas-privacidad\/"},"address":{"@id":"https:\/\/recambiosecogas.com\/pt-pt\/produto\/lovato-solenoide-12-v-8-w\/#local-main-place-address"},"telephone":["616250633"],"contactPoint":{"@type":"ContactPoint","email":"export@recambiosecogas.com"},"openingHoursSpecification":[{"@type":"OpeningHoursSpecification","dayOfWeek":["Monday","Tuesday","Wednesday","Thursday","Friday","Saturday","Sunday"],"opens":"09:00","closes":"17:00"}],"email":"info@recambiosecogas.com","faxNumber":"SEGIMON AUTOMOCION SL","vatID":"ESB19819861","globalLocationNumber":"938 616 339"},{"@type":"PostalAddress","@id":"https:\/\/recambiosecogas.com\/pt-pt\/produto\/lovato-solenoide-12-v-8-w\/#local-main-place-address","streetAddress":"cami antic de vic, 29 (Nave 3), Pol\u00edgono Industrial Congost","addressLocality":"CORRO D`AVALL","postalCode":"08520","addressRegion":"Barcelona","addressCountry":"ES"},{"@type":"ImageObject","inLanguage":"pt-PT","@id":"https:\/\/recambiosecogas.com\/pt-pt\/produto\/lovato-solenoide-12-v-8-w\/#local-main-organization-logo","url":"https:\/\/recambiosecogas.com\/wp-content\/uploads\/2024\/11\/cropped-RECAMBIOS-GLP-png.webp","contentUrl":"https:\/\/recambiosecogas.com\/wp-content\/uploads\/2024\/11\/cropped-RECAMBIOS-GLP-png.webp","width":512,"height":512,"caption":"Recambios EcoGas"}]},"product_price_amount":"6.74","product_price_currency":"EUR","og_availability":"backorder","product_availability":"available for order","product_retailer_item_id":"102537","product_condition":"new","geo.placename":"CORRO D`AVALL","geo.region":"Espanha"},"uagb_featured_image_src":{"full":["https:\/\/recambiosecogas.com\/wp-content\/uploads\/2024\/12\/Lovato-solenoide-12-V-8-W-png.webp",1000,1000,false],"thumbnail":["https:\/\/recambiosecogas.com\/wp-content\/uploads\/2024\/12\/Lovato-solenoide-12-V-8-W-150x150.webp",150,150,true],"medium":["https:\/\/recambiosecogas.com\/wp-content\/uploads\/2024\/12\/Lovato-solenoide-12-V-8-W-300x300.webp",300,300,true],"medium_large":["https:\/\/recambiosecogas.com\/wp-content\/uploads\/2024\/12\/Lovato-solenoide-12-V-8-W-768x768.webp",768,768,true],"large":["https:\/\/recambiosecogas.com\/wp-content\/uploads\/2024\/12\/Lovato-solenoide-12-V-8-W-png.webp",1000,1000,false],"1536x1536":["https:\/\/recambiosecogas.com\/wp-content\/uploads\/2024\/12\/Lovato-solenoide-12-V-8-W-png.webp",1000,1000,false],"2048x2048":["https:\/\/recambiosecogas.com\/wp-content\/uploads\/2024\/12\/Lovato-solenoide-12-V-8-W-png.webp",1000,1000,false],"woocommerce_archive_thumbnail":["https:\/\/recambiosecogas.com\/wp-content\/uploads\/2024\/12\/Lovato-solenoide-12-V-8-W-png.webp",1000,1000,false],"woocommerce_thumbnail":["https:\/\/recambiosecogas.com\/wp-content\/uploads\/2024\/12\/Lovato-solenoide-12-V-8-W-300x300.webp",300,300,true],"woocommerce_single":["https:\/\/recambiosecogas.com\/wp-content\/uploads\/2024\/12\/Lovato-solenoide-12-V-8-W-png.webp",1000,1000,false],"woocommerce_gallery_thumbnail":["https:\/\/recambiosecogas.com\/wp-content\/uploads\/2024\/12\/Lovato-solenoide-12-V-8-W-png.webp",1000,1000,false],"dgwt-wcas-product-suggestion":["https:\/\/recambiosecogas.com\/wp-content\/uploads\/2024\/12\/Lovato-solenoide-12-V-8-W-64x64.webp",64,64,true]},"uagb_author_info":{"display_name":"Fran - Soporte T\u00e9cnico","author_link":"https:\/\/recambiosecogas.com\/pt-pt\/author\/"},"uagb_comment_info":0,"uagb_excerpt":"LOVATO","_links":{"self":[{"href":"https:\/\/recambiosecogas.com\/pt-pt\/wp-json\/wp\/v2\/product\/46759","targetHints":{"allow":["GET"]}}],"collection":[{"href":"https:\/\/recambiosecogas.com\/pt-pt\/wp-json\/wp\/v2\/product"}],"about":[{"href":"https:\/\/recambiosecogas.com\/pt-pt\/wp-json\/wp\/v2\/types\/product"}],"replies":[{"embeddable":true,"href":"https:\/\/recambiosecogas.com\/pt-pt\/wp-json\/wp\/v2\/comments?post=46759"}],"wp:featuredmedia":[{"embeddable":true,"href":"https:\/\/recambiosecogas.com\/pt-pt\/wp-json\/wp\/v2\/media\/13680"}],"wp:attachment":[{"href":"https:\/\/recambiosecogas.com\/pt-pt\/wp-json\/wp\/v2\/media?parent=46759"}],"wp:term":[{"taxonomy":"product_brand","embeddable":true,"href":"https:\/\/recambiosecogas.com\/pt-pt\/wp-json\/wp\/v2\/product_brand?post=46759"},{"taxonomy":"product_cat","embeddable":true,"href":"https:\/\/recambiosecogas.com\/pt-pt\/wp-json\/wp\/v2\/product_cat?post=46759"},{"taxonomy":"product_tag","embeddable":true,"href":"https:\/\/recambiosecogas.com\/pt-pt\/wp-json\/wp\/v2\/product_tag?post=46759"}],"curies":[{"name":"wp","href":"https:\/\/api.w.org\/{rel}","templated":true}]}}