{"id":46702,"date":"2024-12-19T11:11:12","date_gmt":"2024-12-19T11:11:12","guid":{"rendered":"https:\/\/recambiosecogas.com\/producto\/icom-solenoide-12-v-15-w\/"},"modified":"2026-04-08T10:22:22","modified_gmt":"2026-04-08T09:22:22","slug":"icom-solenoide-12-v-15-w","status":"publish","type":"product","link":"https:\/\/recambiosecogas.com\/pt-pt\/producto\/icom-solenoide-12-v-15-w\/","title":{"rendered":"Solen\u00f3ide ICOM 12 V 15 W"},"content":{"rendered":"<h1 data-start=\"217\" data-end=\"241\">Solen\u00f3ide ICOM 12V 15W<\/h1>\n<p data-start=\"243\" data-end=\"511\">O <strong data-start=\"246\" data-end=\"272\">solen\u00f3ide ICOM 12V 15W<\/strong> \u00e9 uma bobina eletromagn\u00e9tica concebida para aplica\u00e7\u00f5es em sistemas de GPL Autogas. Este componente permite a abertura e o fecho da passagem do g\u00e1s por meio de ativa\u00e7\u00e3o el\u00e9trica a 12 volts, garantindo o correto funcionamento do sistema. <\/p>\n<p data-start=\"513\" data-end=\"613\">\u00c9 usado como substituto t\u00e9cnico quando a bobina sofre falha el\u00e9trica ou perda de desempenho.<\/p>\n<hr data-start=\"615\" data-end=\"618\">\n<h2 data-start=\"620\" data-end=\"654\">Bobina eletromagn\u00e9tica 12V 15W<\/h2>\n<div class=\"TyagGW_tableContainer\">\n<div class=\"group TyagGW_tableWrapper flex flex-col-reverse w-fit\" tabindex=\"-1\">\n<table class=\"w-fit min-w-(--thread-content-width)\" data-start=\"656\" data-end=\"912\">\n<thead data-start=\"656\" data-end=\"684\">\n<tr data-start=\"656\" data-end=\"684\">\n<th class=\"\" data-start=\"656\" data-end=\"673\" data-col-size=\"sm\">Funcionalidade<\/th>\n<th class=\"\" data-start=\"673\" data-end=\"684\" data-col-size=\"sm\">Detalhe<\/th>\n<\/tr>\n<\/thead>\n<tbody data-start=\"714\" data-end=\"912\">\n<tr data-start=\"714\" data-end=\"764\">\n<td data-start=\"714\" data-end=\"725\" data-col-size=\"sm\">Produto<\/td>\n<td data-start=\"725\" data-end=\"764\" data-col-size=\"sm\">Solen\u00f3ide \/ Bobina eletromagn\u00e9tica<\/td>\n<\/tr>\n<tr data-start=\"765\" data-end=\"781\">\n<td data-start=\"765\" data-end=\"773\" data-col-size=\"sm\">Marca<\/td>\n<td data-start=\"773\" data-end=\"781\" data-col-size=\"sm\">ICOM<\/td>\n<\/tr>\n<tr data-start=\"782\" data-end=\"800\">\n<td data-start=\"782\" data-end=\"792\" data-col-size=\"sm\">Voltagem<\/td>\n<td data-start=\"792\" data-end=\"800\" data-col-size=\"sm\">12 V<\/td>\n<\/tr>\n<tr data-start=\"801\" data-end=\"820\">\n<td data-start=\"801\" data-end=\"812\" data-col-size=\"sm\">Energia<\/td>\n<td data-start=\"812\" data-end=\"820\" data-col-size=\"sm\">15 W<\/td>\n<\/tr>\n<tr data-start=\"821\" data-end=\"852\">\n<td data-start=\"821\" data-end=\"834\" data-col-size=\"sm\">Aplica\u00e7\u00e3o<\/td>\n<td data-start=\"834\" data-end=\"852\" data-col-size=\"sm\">Sistema de G\u00e1s<\/td>\n<\/tr>\n<tr data-start=\"853\" data-end=\"874\">\n<td data-start=\"853\" data-end=\"867\" data-col-size=\"sm\">Combust\u00edvel<\/td>\n<td data-start=\"867\" data-end=\"874\" data-col-size=\"sm\">LPG<\/td>\n<\/tr>\n<tr data-start=\"875\" data-end=\"912\">\n<td data-start=\"875\" data-end=\"881\" data-col-size=\"sm\">Aplica\u00e7\u00e3o<\/td>\n<td data-start=\"881\" data-end=\"912\" data-col-size=\"sm\">Substitui\u00e7\u00e3o \/ Manuten\u00e7\u00e3o<\/td>\n<\/tr>\n<\/tbody>\n<\/table>\n<\/div>\n<\/div>\n<hr data-start=\"914\" data-end=\"917\">\n<h2 data-start=\"919\" data-end=\"936\">Compatibilidade<\/h2>\n<p data-start=\"938\" data-end=\"998\">Compat\u00edvel com componentes ICOM que usam bobina de 12V 15W.<\/p>\n<p data-start=\"1000\" data-end=\"1081\">Recomenda-se verificar o modelo exato e o tipo de liga\u00e7\u00e3o antes da instala\u00e7\u00e3o.<\/p>\n<hr data-start=\"1083\" data-end=\"1086\">\n<h2 data-start=\"1088\" data-end=\"1132\">Vantagens do sistema eletromagn\u00e9tico de 15W<\/h2>\n<ul data-start=\"1134\" data-end=\"1284\">\n<li data-start=\"1134\" data-end=\"1166\">\n<p data-start=\"1136\" data-end=\"1166\">Funcionamento est\u00e1vel a 12V<\/p>\n<\/li>\n<li data-start=\"1167\" data-end=\"1194\">\n<p data-start=\"1169\" data-end=\"1194\">Pot\u00eancia nominal de 15W<\/p>\n<\/li>\n<li data-start=\"1195\" data-end=\"1246\">\n<p data-start=\"1197\" data-end=\"1246\">Pe\u00e7a sobresselente t\u00e9cnica para manuten\u00e7\u00e3o profissional<\/p>\n<\/li>\n<li data-start=\"1247\" data-end=\"1284\">\n<p data-start=\"1249\" data-end=\"1284\">Aplic\u00e1vel em sistemas de GPL Autog\u00e1s<\/p>\n<\/li>\n<\/ul>\n<hr data-start=\"1286\" data-end=\"1289\">\n<h2 data-start=\"1291\" data-end=\"1297\">FAQ<\/h2>\n<p data-start=\"1299\" data-end=\"1409\"><strong data-start=\"1299\" data-end=\"1336\">Para que serve esta bobina ICOM?<\/strong><br data-start=\"1336\" data-end=\"1339\">Permite controlar eletricamente a abertura e o fecho da passagem do g\u00e1s.<\/p>\n<p data-start=\"1411\" data-end=\"1500\"><strong data-start=\"1411\" data-end=\"1454\">Que especifica\u00e7\u00f5es el\u00e9tricas tem?<\/strong><br data-start=\"1454\" data-end=\"1457\">Funciona a 12V com uma pot\u00eancia nominal de 15W.<\/p>\n<p data-start=\"1502\" data-end=\"1617\"><strong data-start=\"1502\" data-end=\"1549\">\u00c9 compat\u00edvel com todos os sistemas ICOM?<\/strong><br data-start=\"1549\" data-end=\"1552\">N\u00e3o. Deve ser verificado que o componente usa bobina de 12V 15W. <\/p>\n<p data-start=\"1619\" data-end=\"1716\"><strong data-start=\"1619\" data-end=\"1643\">\u00c9 v\u00e1lido para GNC?<\/strong><br data-start=\"1643\" data-end=\"1646\">\u00c9 indicado para aplica\u00e7\u00f5es de GPL, dependendo do sistema onde est\u00e1 instalado.<\/p>\n","protected":false},"excerpt":{"rendered":"<div class=\"flex flex-col text-sm pb-25\">\n<article class=\"text-token-text-primary w-full focus:outline-none [--shadow-height:45px] has-data-writing-block:pointer-events-none has-data-writing-block:-mt-(--shadow-height) has-data-writing-block:pt-(--shadow-height) [&amp;:has([data-writing-block])&gt;*]:pointer-events-auto scroll-mt-[calc(var(--header-height)+min(200px,max(70px,20svh)))]\" dir=\"auto\" tabindex=\"-1\" data-turn-id=\"request-WEB:b3bb4a5a-92e7-4fc9-8a3c-1f467c7c261b-37\" data-testid=\"conversation-turn-76\" data-scroll-anchor=\"true\" data-turn=\"assistant\">\n<div class=\"text-base my-auto mx-auto pb-10 [--thread-content-margin:--spacing(4)] @w-sm\/main:[--thread-content-margin:--spacing(6)] @w-lg\/main:[--thread-content-margin:--spacing(16)] px-(--thread-content-margin)\">\n<div class=\"[--thread-content-max-width:40rem] @w-lg\/main:[--thread-content-max-width:48rem] mx-auto max-w-(--thread-content-max-width) flex-1 group\/turn-messages focus-visible:outline-hidden relative flex w-full min-w-0 flex-col agent-turn\" tabindex=\"-1\">\n<div class=\"flex max-w-full flex-col grow\">\n<div class=\"min-h-8 text-message relative flex w-full flex-col items-end gap-2 text-start break-words whitespace-normal [.text-message+&amp;]:mt-1\" dir=\"auto\" data-message-author-role=\"assistant\" data-message-id=\"e2c2f7f2-7cb5-450a-8117-3138c27fb973\" data-message-model-slug=\"gpt-5-2\">\n<div class=\"flex w-full flex-col gap-1 empty:hidden first:pt-[1px]\">\n<div class=\"markdown prose dark:prose-invert w-full wrap-break-word light markdown-new-styling\">\n<p data-start=\"2051\" data-end=\"2161\" data-is-last-node=\"\" data-is-only-node=\"\">Bobina eletromagn\u00e9tica ICOM 12V 15W compat\u00edvel com sistemas de GLP Autog\u00e1s. Pe\u00e7a t\u00e9cnica sobresselente para manuten\u00e7\u00e3o. <\/p>\n<\/div>\n<\/div>\n<\/div>\n<\/div>\n<div class=\"z-0 flex min-h-[46px] justify-start\"><\/div>\n<div class=\"mt-3 w-full empty:hidden\">\n<div class=\"text-center\"><\/div>\n<\/div>\n<\/div>\n<\/div>\n<\/article>\n<\/div>\n<div class=\"pointer-events-none h-px w-px absolute bottom-0\" aria-hidden=\"true\" data-edge=\"true\"><\/div>\n","protected":false},"featured_media":13684,"comment_status":"open","ping_status":"closed","template":"","meta":{"_uag_custom_page_level_css":""},"product_brand":[],"product_cat":[1919,1724],"product_tag":[],"class_list":{"0":"post-46702","1":"product","2":"type-product","3":"status-publish","4":"has-post-thumbnail","6":"product_cat-bobinas-magneticas-pt-pt","7":"product_cat-icom-pt-pt","9":"first","10":"onbackorder","11":"taxable","12":"shipping-taxable","13":"purchasable","14":"product-type-simple"},"ct_brands":[],"yoast_head":"<!-- This site is optimized with the Yoast SEO Premium plugin v27.5 (Yoast SEO v27.6) - https:\/\/yoast.com\/product\/yoast-seo-premium-wordpress\/ -->\n<title>Solen\u00f3ide ICOM 12 V 15 W | Recambios EcoGas | Sistemas GLP y GNC<\/title>\n<meta name=\"description\" content=\"Solen\u00f3ide ICOM 12V 15W para sistemas de GPL Autogas. Bobina eletromagn\u00e9tica para manuten\u00e7\u00e3o e substitui\u00e7\u00e3o t\u00e9cnica.\" \/>\n<meta name=\"robots\" content=\"index, follow, max-snippet:-1, max-image-preview:large, max-video-preview:-1\" \/>\n<link rel=\"canonical\" href=\"https:\/\/recambiosecogas.com\/pt-pt\/producto\/icom-solenoide-12-v-15-w\/\" \/>\n<meta property=\"og:locale\" content=\"pt_PT\" \/>\n<meta property=\"og:type\" content=\"article\" \/>\n<meta property=\"og:title\" content=\"Solen\u00f3ide ICOM 12 V 15 W\" \/>\n<meta property=\"og:description\" content=\"Solen\u00f3ide ICOM 12V 15W para sistemas de GPL Autogas. Bobina eletromagn\u00e9tica para manuten\u00e7\u00e3o e substitui\u00e7\u00e3o t\u00e9cnica.\" \/>\n<meta property=\"og:url\" content=\"https:\/\/recambiosecogas.com\/pt-pt\/producto\/icom-solenoide-12-v-15-w\/\" \/>\n<meta property=\"og:site_name\" content=\"Recambios EcoGas\" \/>\n<meta property=\"article:publisher\" content=\"https:\/\/www.facebook.com\/profile.php?id=100062419705358\" \/>\n<meta property=\"article:modified_time\" content=\"2026-04-08T09:22:22+00:00\" \/>\n<meta property=\"og:image\" content=\"https:\/\/recambiosecogas.com\/wp-content\/uploads\/2024\/12\/ICOM-solenoide-12-V-15-W-png.webp\" \/>\n\t<meta property=\"og:image:width\" content=\"1000\" \/>\n\t<meta property=\"og:image:height\" content=\"1000\" \/>\n\t<meta property=\"og:image:type\" content=\"image\/png\" \/>\n<meta name=\"twitter:card\" content=\"summary_large_image\" \/>\n<meta name=\"twitter:label1\" content=\"pre\u00e7o\" \/>\n\t<meta name=\"twitter:data1\" content=\"29,45&nbsp;&euro; (Sin IVA: 24,34&nbsp;&euro;)\" \/>\n\t<meta name=\"twitter:label2\" content=\"Disponibilidade\" \/>\n\t<meta name=\"twitter:data2\" content=\"Por encomenda\" \/>\n<script type=\"application\/ld+json\" class=\"yoast-schema-graph\">{\"@context\":\"https:\\\/\\\/schema.org\",\"@graph\":[{\"@type\":\"WebPage\",\"@id\":\"https:\\\/\\\/recambiosecogas.com\\\/pt-pt\\\/producto\\\/icom-solenoide-12-v-15-w\\\/\",\"url\":\"https:\\\/\\\/recambiosecogas.com\\\/pt-pt\\\/producto\\\/icom-solenoide-12-v-15-w\\\/\",\"name\":\"Solen\u00f3ide ICOM 12 V 15 W | Recambios EcoGas | Sistemas GLP y GNC\",\"isPartOf\":{\"@id\":\"https:\\\/\\\/recambiosecogas.com\\\/pt-pt\\\/#website\"},\"primaryImageOfPage\":{\"@id\":\"https:\\\/\\\/recambiosecogas.com\\\/pt-pt\\\/producto\\\/icom-solenoide-12-v-15-w\\\/#primaryimage\"},\"image\":{\"@id\":\"https:\\\/\\\/recambiosecogas.com\\\/pt-pt\\\/producto\\\/icom-solenoide-12-v-15-w\\\/#primaryimage\"},\"thumbnailUrl\":\"https:\\\/\\\/recambiosecogas.com\\\/wp-content\\\/uploads\\\/2024\\\/12\\\/ICOM-solenoide-12-V-15-W-png.webp\",\"datePublished\":\"2024-12-19T11:11:12+00:00\",\"dateModified\":\"2026-04-08T09:22:22+00:00\",\"description\":\"Solen\u00f3ide ICOM 12V 15W para sistemas de GPL Autogas. Bobina eletromagn\u00e9tica para manuten\u00e7\u00e3o e substitui\u00e7\u00e3o t\u00e9cnica.\",\"breadcrumb\":{\"@id\":\"https:\\\/\\\/recambiosecogas.com\\\/pt-pt\\\/producto\\\/icom-solenoide-12-v-15-w\\\/#breadcrumb\"},\"inLanguage\":\"pt-PT\",\"potentialAction\":[{\"@type\":\"ReadAction\",\"target\":[\"https:\\\/\\\/recambiosecogas.com\\\/pt-pt\\\/producto\\\/icom-solenoide-12-v-15-w\\\/\"]}]},{\"@type\":\"ImageObject\",\"inLanguage\":\"pt-PT\",\"@id\":\"https:\\\/\\\/recambiosecogas.com\\\/pt-pt\\\/producto\\\/icom-solenoide-12-v-15-w\\\/#primaryimage\",\"url\":\"https:\\\/\\\/recambiosecogas.com\\\/wp-content\\\/uploads\\\/2024\\\/12\\\/ICOM-solenoide-12-V-15-W-png.webp\",\"contentUrl\":\"https:\\\/\\\/recambiosecogas.com\\\/wp-content\\\/uploads\\\/2024\\\/12\\\/ICOM-solenoide-12-V-15-W-png.webp\",\"width\":1000,\"height\":1000},{\"@type\":\"BreadcrumbList\",\"@id\":\"https:\\\/\\\/recambiosecogas.com\\\/pt-pt\\\/producto\\\/icom-solenoide-12-v-15-w\\\/#breadcrumb\",\"itemListElement\":[{\"@type\":\"ListItem\",\"position\":1,\"name\":\"P\u00e1gina inicial\",\"item\":\"https:\\\/\\\/recambiosecogas.com\\\/pt-pt\\\/\"},{\"@type\":\"ListItem\",\"position\":2,\"name\":\"Loja\",\"item\":\"https:\\\/\\\/recambiosecogas.com\\\/pt-pt\\\/tienda\\\/\"},{\"@type\":\"ListItem\",\"position\":3,\"name\":\"Solen\u00f3ide ICOM 12 V 15 W\"}]},{\"@type\":\"WebSite\",\"@id\":\"https:\\\/\\\/recambiosecogas.com\\\/pt-pt\\\/#website\",\"url\":\"https:\\\/\\\/recambiosecogas.com\\\/pt-pt\\\/\",\"name\":\"Recambios EcoGas\",\"description\":\"Pe\u00e7as multimarca para sistemas de GPL\\\/GNC\\\/GNL\\\/Hidrog\u00e9nio\",\"publisher\":{\"@id\":\"https:\\\/\\\/recambiosecogas.com\\\/pt-pt\\\/#organization\"},\"alternateName\":\"Recambios Autogas GLP\",\"potentialAction\":[{\"@type\":\"SearchAction\",\"target\":{\"@type\":\"EntryPoint\",\"urlTemplate\":\"https:\\\/\\\/recambiosecogas.com\\\/pt-pt\\\/?s={search_term_string}\"},\"query-input\":{\"@type\":\"PropertyValueSpecification\",\"valueRequired\":true,\"valueName\":\"search_term_string\"}}],\"inLanguage\":\"pt-PT\"},{\"@type\":[\"Organization\",\"Place\"],\"@id\":\"https:\\\/\\\/recambiosecogas.com\\\/pt-pt\\\/#organization\",\"name\":\"Recambios EcoGas\",\"alternateName\":\"Loja de GPL Autog\u00e1s Espanha\",\"url\":\"https:\\\/\\\/recambiosecogas.com\\\/pt-pt\\\/\",\"logo\":{\"@id\":\"https:\\\/\\\/recambiosecogas.com\\\/pt-pt\\\/producto\\\/icom-solenoide-12-v-15-w\\\/#local-main-organization-logo\"},\"image\":{\"@id\":\"https:\\\/\\\/recambiosecogas.com\\\/pt-pt\\\/producto\\\/icom-solenoide-12-v-15-w\\\/#local-main-organization-logo\"},\"sameAs\":[\"https:\\\/\\\/www.facebook.com\\\/profile.php?id=100062419705358\",\"https:\\\/\\\/www.instagram.com\\\/segimon_automocio\"],\"description\":\"Recambios EcoGas \u2013 Venta y distribuci\u00f3n de sistemas GLP y GNC en Espa\u00f1a y Portugal. Env\u00edos 24 h, soporte t\u00e9cnico a talleres y distribuidores.\",\"hasMerchantReturnPolicy\":{\"@type\":\"MerchantReturnPolicy\",\"merchantReturnLink\":\"https:\\\/\\\/recambiosecogas.com\\\/politicas-privacidad\\\/\"},\"address\":{\"@id\":\"https:\\\/\\\/recambiosecogas.com\\\/pt-pt\\\/producto\\\/icom-solenoide-12-v-15-w\\\/#local-main-place-address\"},\"telephone\":[\"616250633\"],\"contactPoint\":{\"@type\":\"ContactPoint\",\"email\":\"export@recambiosecogas.com\"},\"openingHoursSpecification\":[{\"@type\":\"OpeningHoursSpecification\",\"dayOfWeek\":[\"Monday\",\"Tuesday\",\"Wednesday\",\"Thursday\",\"Friday\",\"Saturday\",\"Sunday\"],\"opens\":\"09:00\",\"closes\":\"17:00\"}],\"email\":\"info@recambiosecogas.com\",\"faxNumber\":\"SEGIMON AUTOMOCION SL\",\"vatID\":\"ESB19819861\",\"globalLocationNumber\":\"938 616 339\"},{\"@type\":\"PostalAddress\",\"@id\":\"https:\\\/\\\/recambiosecogas.com\\\/pt-pt\\\/producto\\\/icom-solenoide-12-v-15-w\\\/#local-main-place-address\",\"streetAddress\":\"cami antic de vic, 29 (Nave 3), Pol\u00edgono Industrial Congost\",\"addressLocality\":\"CORRO D`AVALL\",\"postalCode\":\"08520\",\"addressRegion\":\"Barcelona\",\"addressCountry\":\"ES\"},{\"@type\":\"ImageObject\",\"inLanguage\":\"pt-PT\",\"@id\":\"https:\\\/\\\/recambiosecogas.com\\\/pt-pt\\\/producto\\\/icom-solenoide-12-v-15-w\\\/#local-main-organization-logo\",\"url\":\"https:\\\/\\\/recambiosecogas.com\\\/wp-content\\\/uploads\\\/2024\\\/11\\\/cropped-RECAMBIOS-GLP-png.webp\",\"contentUrl\":\"https:\\\/\\\/recambiosecogas.com\\\/wp-content\\\/uploads\\\/2024\\\/11\\\/cropped-RECAMBIOS-GLP-png.webp\",\"width\":512,\"height\":512,\"caption\":\"Recambios EcoGas\"}]}<\/script>\n<meta property=\"product:price:amount\" content=\"29.45\" \/>\n<meta property=\"product:price:currency\" content=\"EUR\" \/>\n<meta property=\"og:availability\" content=\"backorder\" \/>\n<meta property=\"product:availability\" content=\"available for order\" \/>\n<meta property=\"product:retailer_item_id\" content=\"107761A\" \/>\n<meta property=\"product:condition\" content=\"new\" \/>\n<meta name=\"geo.placename\" content=\"CORRO D`AVALL\" \/>\n<meta name=\"geo.region\" content=\"Espanha\" \/>\n<!-- \/ Yoast SEO Premium plugin. -->","yoast_head_json":{"title":"Solen\u00f3ide ICOM 12 V 15 W | Recambios EcoGas | Sistemas GLP y GNC","description":"Solen\u00f3ide ICOM 12V 15W para sistemas de GPL Autogas. Bobina eletromagn\u00e9tica para manuten\u00e7\u00e3o e substitui\u00e7\u00e3o t\u00e9cnica.","robots":{"index":"index","follow":"follow","max-snippet":"max-snippet:-1","max-image-preview":"max-image-preview:large","max-video-preview":"max-video-preview:-1"},"canonical":"https:\/\/recambiosecogas.com\/pt-pt\/producto\/icom-solenoide-12-v-15-w\/","og_locale":"pt_PT","og_type":"article","og_title":"Solen\u00f3ide ICOM 12 V 15 W","og_description":"Solen\u00f3ide ICOM 12V 15W para sistemas de GPL Autogas. Bobina eletromagn\u00e9tica para manuten\u00e7\u00e3o e substitui\u00e7\u00e3o t\u00e9cnica.","og_url":"https:\/\/recambiosecogas.com\/pt-pt\/producto\/icom-solenoide-12-v-15-w\/","og_site_name":"Recambios EcoGas","article_publisher":"https:\/\/www.facebook.com\/profile.php?id=100062419705358","article_modified_time":"2026-04-08T09:22:22+00:00","og_image":[{"width":1000,"height":1000,"url":"https:\/\/recambiosecogas.com\/wp-content\/uploads\/2024\/12\/ICOM-solenoide-12-V-15-W-png.webp","type":"image\/png"}],"twitter_card":"summary_large_image","twitter_misc":{"pre\u00e7o":"29,45&nbsp;&euro; (Sin IVA: 24,34&nbsp;&euro;)","Disponibilidade":"Por encomenda"},"schema":{"@context":"https:\/\/schema.org","@graph":[{"@type":"WebPage","@id":"https:\/\/recambiosecogas.com\/pt-pt\/producto\/icom-solenoide-12-v-15-w\/","url":"https:\/\/recambiosecogas.com\/pt-pt\/producto\/icom-solenoide-12-v-15-w\/","name":"Solen\u00f3ide ICOM 12 V 15 W | Recambios EcoGas | Sistemas GLP y GNC","isPartOf":{"@id":"https:\/\/recambiosecogas.com\/pt-pt\/#website"},"primaryImageOfPage":{"@id":"https:\/\/recambiosecogas.com\/pt-pt\/producto\/icom-solenoide-12-v-15-w\/#primaryimage"},"image":{"@id":"https:\/\/recambiosecogas.com\/pt-pt\/producto\/icom-solenoide-12-v-15-w\/#primaryimage"},"thumbnailUrl":"https:\/\/recambiosecogas.com\/wp-content\/uploads\/2024\/12\/ICOM-solenoide-12-V-15-W-png.webp","datePublished":"2024-12-19T11:11:12+00:00","dateModified":"2026-04-08T09:22:22+00:00","description":"Solen\u00f3ide ICOM 12V 15W para sistemas de GPL Autogas. Bobina eletromagn\u00e9tica para manuten\u00e7\u00e3o e substitui\u00e7\u00e3o t\u00e9cnica.","breadcrumb":{"@id":"https:\/\/recambiosecogas.com\/pt-pt\/producto\/icom-solenoide-12-v-15-w\/#breadcrumb"},"inLanguage":"pt-PT","potentialAction":[{"@type":"ReadAction","target":["https:\/\/recambiosecogas.com\/pt-pt\/producto\/icom-solenoide-12-v-15-w\/"]}]},{"@type":"ImageObject","inLanguage":"pt-PT","@id":"https:\/\/recambiosecogas.com\/pt-pt\/producto\/icom-solenoide-12-v-15-w\/#primaryimage","url":"https:\/\/recambiosecogas.com\/wp-content\/uploads\/2024\/12\/ICOM-solenoide-12-V-15-W-png.webp","contentUrl":"https:\/\/recambiosecogas.com\/wp-content\/uploads\/2024\/12\/ICOM-solenoide-12-V-15-W-png.webp","width":1000,"height":1000},{"@type":"BreadcrumbList","@id":"https:\/\/recambiosecogas.com\/pt-pt\/producto\/icom-solenoide-12-v-15-w\/#breadcrumb","itemListElement":[{"@type":"ListItem","position":1,"name":"P\u00e1gina inicial","item":"https:\/\/recambiosecogas.com\/pt-pt\/"},{"@type":"ListItem","position":2,"name":"Loja","item":"https:\/\/recambiosecogas.com\/pt-pt\/tienda\/"},{"@type":"ListItem","position":3,"name":"Solen\u00f3ide ICOM 12 V 15 W"}]},{"@type":"WebSite","@id":"https:\/\/recambiosecogas.com\/pt-pt\/#website","url":"https:\/\/recambiosecogas.com\/pt-pt\/","name":"Recambios EcoGas","description":"Pe\u00e7as multimarca para sistemas de GPL\/GNC\/GNL\/Hidrog\u00e9nio","publisher":{"@id":"https:\/\/recambiosecogas.com\/pt-pt\/#organization"},"alternateName":"Recambios Autogas GLP","potentialAction":[{"@type":"SearchAction","target":{"@type":"EntryPoint","urlTemplate":"https:\/\/recambiosecogas.com\/pt-pt\/?s={search_term_string}"},"query-input":{"@type":"PropertyValueSpecification","valueRequired":true,"valueName":"search_term_string"}}],"inLanguage":"pt-PT"},{"@type":["Organization","Place"],"@id":"https:\/\/recambiosecogas.com\/pt-pt\/#organization","name":"Recambios EcoGas","alternateName":"Loja de GPL Autog\u00e1s Espanha","url":"https:\/\/recambiosecogas.com\/pt-pt\/","logo":{"@id":"https:\/\/recambiosecogas.com\/pt-pt\/producto\/icom-solenoide-12-v-15-w\/#local-main-organization-logo"},"image":{"@id":"https:\/\/recambiosecogas.com\/pt-pt\/producto\/icom-solenoide-12-v-15-w\/#local-main-organization-logo"},"sameAs":["https:\/\/www.facebook.com\/profile.php?id=100062419705358","https:\/\/www.instagram.com\/segimon_automocio"],"description":"Recambios EcoGas \u2013 Venta y distribuci\u00f3n de sistemas GLP y GNC en Espa\u00f1a y Portugal. Env\u00edos 24 h, soporte t\u00e9cnico a talleres y distribuidores.","hasMerchantReturnPolicy":{"@type":"MerchantReturnPolicy","merchantReturnLink":"https:\/\/recambiosecogas.com\/politicas-privacidad\/"},"address":{"@id":"https:\/\/recambiosecogas.com\/pt-pt\/producto\/icom-solenoide-12-v-15-w\/#local-main-place-address"},"telephone":["616250633"],"contactPoint":{"@type":"ContactPoint","email":"export@recambiosecogas.com"},"openingHoursSpecification":[{"@type":"OpeningHoursSpecification","dayOfWeek":["Monday","Tuesday","Wednesday","Thursday","Friday","Saturday","Sunday"],"opens":"09:00","closes":"17:00"}],"email":"info@recambiosecogas.com","faxNumber":"SEGIMON AUTOMOCION SL","vatID":"ESB19819861","globalLocationNumber":"938 616 339"},{"@type":"PostalAddress","@id":"https:\/\/recambiosecogas.com\/pt-pt\/producto\/icom-solenoide-12-v-15-w\/#local-main-place-address","streetAddress":"cami antic de vic, 29 (Nave 3), Pol\u00edgono Industrial Congost","addressLocality":"CORRO D`AVALL","postalCode":"08520","addressRegion":"Barcelona","addressCountry":"ES"},{"@type":"ImageObject","inLanguage":"pt-PT","@id":"https:\/\/recambiosecogas.com\/pt-pt\/producto\/icom-solenoide-12-v-15-w\/#local-main-organization-logo","url":"https:\/\/recambiosecogas.com\/wp-content\/uploads\/2024\/11\/cropped-RECAMBIOS-GLP-png.webp","contentUrl":"https:\/\/recambiosecogas.com\/wp-content\/uploads\/2024\/11\/cropped-RECAMBIOS-GLP-png.webp","width":512,"height":512,"caption":"Recambios EcoGas"}]},"product_price_amount":"29.45","product_price_currency":"EUR","og_availability":"backorder","product_availability":"available for order","product_retailer_item_id":"107761A","product_condition":"new","geo.placename":"CORRO D`AVALL","geo.region":"Espanha"},"uagb_featured_image_src":{"full":["https:\/\/recambiosecogas.com\/wp-content\/uploads\/2024\/12\/ICOM-solenoide-12-V-15-W-png.webp",1000,1000,false],"thumbnail":["https:\/\/recambiosecogas.com\/wp-content\/uploads\/2024\/12\/ICOM-solenoide-12-V-15-W-150x150.webp",150,150,true],"medium":["https:\/\/recambiosecogas.com\/wp-content\/uploads\/2024\/12\/ICOM-solenoide-12-V-15-W-300x300.webp",300,300,true],"medium_large":["https:\/\/recambiosecogas.com\/wp-content\/uploads\/2024\/12\/ICOM-solenoide-12-V-15-W-768x768.webp",768,768,true],"large":["https:\/\/recambiosecogas.com\/wp-content\/uploads\/2024\/12\/ICOM-solenoide-12-V-15-W-png.webp",1000,1000,false],"1536x1536":["https:\/\/recambiosecogas.com\/wp-content\/uploads\/2024\/12\/ICOM-solenoide-12-V-15-W-png.webp",1000,1000,false],"2048x2048":["https:\/\/recambiosecogas.com\/wp-content\/uploads\/2024\/12\/ICOM-solenoide-12-V-15-W-png.webp",1000,1000,false],"woocommerce_archive_thumbnail":["https:\/\/recambiosecogas.com\/wp-content\/uploads\/2024\/12\/ICOM-solenoide-12-V-15-W-png.webp",1000,1000,false],"woocommerce_thumbnail":["https:\/\/recambiosecogas.com\/wp-content\/uploads\/2024\/12\/ICOM-solenoide-12-V-15-W-300x300.webp",300,300,true],"woocommerce_single":["https:\/\/recambiosecogas.com\/wp-content\/uploads\/2024\/12\/ICOM-solenoide-12-V-15-W-png.webp",1000,1000,false],"woocommerce_gallery_thumbnail":["https:\/\/recambiosecogas.com\/wp-content\/uploads\/2024\/12\/ICOM-solenoide-12-V-15-W-png.webp",1000,1000,false],"dgwt-wcas-product-suggestion":["https:\/\/recambiosecogas.com\/wp-content\/uploads\/2024\/12\/ICOM-solenoide-12-V-15-W-64x64.webp",64,64,true]},"uagb_author_info":{"display_name":"Fran - Soporte T\u00e9cnico","author_link":"https:\/\/recambiosecogas.com\/pt-pt\/author\/"},"uagb_comment_info":0,"uagb_excerpt":"Bobina eletromagn\u00e9tica ICOM 12V 15W compat\u00edvel com sistemas de GLP Autog\u00e1s. Pe\u00e7a t\u00e9cnica sobresselente para manuten\u00e7\u00e3o.","_links":{"self":[{"href":"https:\/\/recambiosecogas.com\/pt-pt\/wp-json\/wp\/v2\/product\/46702","targetHints":{"allow":["GET"]}}],"collection":[{"href":"https:\/\/recambiosecogas.com\/pt-pt\/wp-json\/wp\/v2\/product"}],"about":[{"href":"https:\/\/recambiosecogas.com\/pt-pt\/wp-json\/wp\/v2\/types\/product"}],"replies":[{"embeddable":true,"href":"https:\/\/recambiosecogas.com\/pt-pt\/wp-json\/wp\/v2\/comments?post=46702"}],"wp:featuredmedia":[{"embeddable":true,"href":"https:\/\/recambiosecogas.com\/pt-pt\/wp-json\/wp\/v2\/media\/13684"}],"wp:attachment":[{"href":"https:\/\/recambiosecogas.com\/pt-pt\/wp-json\/wp\/v2\/media?parent=46702"}],"wp:term":[{"taxonomy":"product_brand","embeddable":true,"href":"https:\/\/recambiosecogas.com\/pt-pt\/wp-json\/wp\/v2\/product_brand?post=46702"},{"taxonomy":"product_cat","embeddable":true,"href":"https:\/\/recambiosecogas.com\/pt-pt\/wp-json\/wp\/v2\/product_cat?post=46702"},{"taxonomy":"product_tag","embeddable":true,"href":"https:\/\/recambiosecogas.com\/pt-pt\/wp-json\/wp\/v2\/product_tag?post=46702"}],"curies":[{"name":"wp","href":"https:\/\/api.w.org\/{rel}","templated":true}]}}