{"id":46450,"date":"2024-11-18T09:56:59","date_gmt":"2024-11-18T08:56:59","guid":{"rendered":"https:\/\/recambiosecogas.com\/producto\/boquilla-de-suministro-mini-m10-dish-adaptador-de-repostaje-corto-de-laton\/"},"modified":"2026-04-08T10:20:20","modified_gmt":"2026-04-08T09:20:20","slug":"boquilla-de-suministro-mini-m10-dish-adaptador-de-repostaje-corto-de-laton","status":"publish","type":"product","link":"https:\/\/recambiosecogas.com\/pt-pt\/produto\/boquilla-de-suministro-mini-m10-dish-adaptador-de-repostaje-corto-de-laton\/","title":{"rendered":"Bocal de alimenta\u00e7\u00e3o M10 Mini + Adaptador de Reabastecimento Curto em Lat\u00e3o DISH"},"content":{"rendered":"<p>Bocal de alimenta\u00e7\u00e3o M10 Mini + adaptador de reabastecimento curto<br \/>\nem lat\u00e3o DISH adaptador de enchimento de GPL para sistemas de autog\u00e1s<\/p>\n<p>O bico de alimenta\u00e7\u00e3o do mini M10 com adaptador DISH em lat\u00e3o \u00e9 um componente essencial para o reabastecimento de ve\u00edculos equipados com sistemas de GPL. Concebido para garantir um acoplamento seguro e eficiente, este bico \u00e9 compat\u00edvel com v\u00e1rios tipos de liga\u00e7\u00f5es de enchimento. <\/p>\n<p>Este adaptador de lat\u00e3o proporciona uma liga\u00e7\u00e3o robusta e fi\u00e1vel, permitindo o fluxo adequado de g\u00e1s durante o processo de reabastecimento. O seu design compacto torna-o f\u00e1cil de manusear e armazenar, tornando-o uma op\u00e7\u00e3o pr\u00e1tica para utilizadores da Autogas. <\/p>\n<p>A utiliza\u00e7\u00e3o deste adaptador \u00e9 necess\u00e1ria quando \u00e9 necess\u00e1ria uma liga\u00e7\u00e3o segura entre o bico de alimenta\u00e7\u00e3o e o sistema de enchimento do ve\u00edculo. \u00c9 ideal para sistemas de GPL que utilizam o padr\u00e3o de liga\u00e7\u00e3o DISH. <\/p>\n<p>Feito de lat\u00e3o, este adaptador garante durabilidade e resist\u00eancia \u00e0 corros\u00e3o, caracter\u00edsticas essenciais para uso em ambientes de reabastecimento. A sua constru\u00e7\u00e3o assegura um desempenho \u00f3timo em condi\u00e7\u00f5es exigentes. <\/p>\n<p>Compatibilidade<br \/>\nCompat\u00edvel com ve\u00edculos equipados com sistema GLP\/CNG OEM de f\u00e1brica. Recomenda-se verificar a refer\u00eancia original antes de fazer a compra. <\/p>\n","protected":false},"excerpt":{"rendered":"<p>Bocal de alimenta\u00e7\u00e3o Mini M10 com adaptador DISH em lat\u00e3o, ideal para reabastecimento em sistemas de GPL.<\/p>\n","protected":false},"featured_media":6958,"comment_status":"closed","ping_status":"closed","template":"","meta":{"googlesitekit_rrm_CAowud7EDA:productID":"","_uag_custom_page_level_css":""},"product_brand":[],"product_cat":[1457,1461,1831,1823,1770,1467],"product_tag":[1190,1140,1142,1144,1150,1153,1157,1155,1163,1165,1167,1169,1173,1175,1176,1178,1181,1183,1184,1186,1189,1193,1194,1196],"class_list":{"0":"post-46450","1":"product","2":"type-product","3":"status-publish","4":"has-post-thumbnail","6":"product_cat-abastecimento-e-retirada-de-gas-autocaravanas","7":"product_cat-adaptador-gpl","8":"product_cat-enchimento-de-gpl","9":"product_cat-reabastecer","10":"product_cat-srg-rotarex-pt-pt","11":"product_cat-valvula-de-enchimento-gpl","12":"product_tag-adaptador-de-gpl-suecia","13":"product_tag-adaptador-gpl-austria","14":"product_tag-adaptador-glp-bosnia-pt-pt","15":"product_tag-adaptador-gpl-bulgaria","16":"product_tag-adaptador-gpl-croacia","17":"product_tag-adaptador-gpl-dinamarca","18":"product_tag-adaptador-gpl-eslovaquia-pt-pt","19":"product_tag-adaptador-gpl-eslovaquia","20":"product_tag-adaptador-gpl-estonia-pt","21":"product_tag-adaptador-gpl-franca","22":"product_tag-adaptador-gpl-grecia-pt-pt","23":"product_tag-adaptador-gpl-hungria","24":"product_tag-adaptador-gpl-italia","25":"product_tag-adaptador-gpl-letonia","26":"product_tag-adaptador-gpl-lituania","27":"product_tag-adaptador-gpl-macedonia","28":"product_tag-adaptador-gpl-polonia","29":"product_tag-adaptador-gpl-portugal","30":"product_tag-adaptador-gpl-republica-checa","31":"product_tag-adaptador-gpl-romenia","32":"product_tag-adaptador-gpl-russia","33":"product_tag-adaptador-gpl-suico","34":"product_tag-adaptador-gpl-turkiye","35":"product_tag-adaptador-de-gpl-ucrania","37":"first","38":"onbackorder","39":"taxable","40":"shipping-taxable","41":"purchasable","42":"product-type-simple"},"ct_brands":[],"yoast_head":"<!-- This site is optimized with the Yoast SEO Premium plugin v27.4 (Yoast SEO v27.5) - https:\/\/yoast.com\/product\/yoast-seo-premium-wordpress\/ -->\n<title>Boca M10 + Adaptador DISH | Pe\u00e7as sobressalentes Ecogas<\/title>\n<meta name=\"description\" content=\"Bocal de alimenta\u00e7\u00e3o Mini M10 com adaptador DISH em lat\u00e3o para reabastecimento de GPL. Ideal para sistemas Autogas.\" \/>\n<meta name=\"robots\" content=\"index, follow, max-snippet:-1, max-image-preview:large, max-video-preview:-1\" \/>\n<link rel=\"canonical\" href=\"https:\/\/recambiosecogas.com\/pt-pt\/produto\/boquilla-de-suministro-mini-m10-dish-adaptador-de-repostaje-corto-de-laton\/\" \/>\n<meta property=\"og:locale\" content=\"pt_PT\" \/>\n<meta property=\"og:type\" content=\"article\" \/>\n<meta property=\"og:title\" content=\"Bocal de alimenta\u00e7\u00e3o M10 Mini + Adaptador de Reabastecimento Curto em Lat\u00e3o DISH\" \/>\n<meta property=\"og:description\" content=\"Bocal de alimenta\u00e7\u00e3o Mini M10 com adaptador DISH em lat\u00e3o para reabastecimento de GPL. Ideal para sistemas Autogas.\" \/>\n<meta property=\"og:url\" content=\"https:\/\/recambiosecogas.com\/pt-pt\/produto\/boquilla-de-suministro-mini-m10-dish-adaptador-de-repostaje-corto-de-laton\/\" \/>\n<meta property=\"og:site_name\" content=\"Recambios EcoGas\" \/>\n<meta property=\"article:publisher\" content=\"https:\/\/www.facebook.com\/profile.php?id=100062419705358\" \/>\n<meta property=\"article:modified_time\" content=\"2026-04-08T09:20:20+00:00\" \/>\n<meta property=\"og:image\" content=\"https:\/\/recambiosecogas.com\/wp-content\/uploads\/2024\/11\/Boquilla-de-suministro-mini-M10-DISH-adaptador-de-repostaje-corto-de-laton-png.webp\" \/>\n\t<meta property=\"og:image:width\" content=\"1000\" \/>\n\t<meta property=\"og:image:height\" content=\"1000\" \/>\n\t<meta property=\"og:image:type\" content=\"image\/png\" \/>\n<meta name=\"twitter:card\" content=\"summary_large_image\" \/>\n<meta name=\"twitter:label1\" content=\"pre\u00e7o\" \/>\n\t<meta name=\"twitter:data1\" content=\"18,73&nbsp;&euro; (Sin IVA: 15,48&nbsp;&euro;)\" \/>\n\t<meta name=\"twitter:label2\" content=\"Disponibilidade\" \/>\n\t<meta name=\"twitter:data2\" content=\"Por encomenda\" \/>\n<script type=\"application\/ld+json\" class=\"yoast-schema-graph\">{\"@context\":\"https:\\\/\\\/schema.org\",\"@graph\":[{\"@type\":\"WebPage\",\"@id\":\"https:\\\/\\\/recambiosecogas.com\\\/pt-pt\\\/produto\\\/boquilla-de-suministro-mini-m10-dish-adaptador-de-repostaje-corto-de-laton\\\/\",\"url\":\"https:\\\/\\\/recambiosecogas.com\\\/pt-pt\\\/produto\\\/boquilla-de-suministro-mini-m10-dish-adaptador-de-repostaje-corto-de-laton\\\/\",\"name\":\"Boca M10 + Adaptador DISH | Pe\u00e7as sobressalentes Ecogas\",\"isPartOf\":{\"@id\":\"https:\\\/\\\/recambiosecogas.com\\\/pt-pt\\\/#website\"},\"primaryImageOfPage\":{\"@id\":\"https:\\\/\\\/recambiosecogas.com\\\/pt-pt\\\/produto\\\/boquilla-de-suministro-mini-m10-dish-adaptador-de-repostaje-corto-de-laton\\\/#primaryimage\"},\"image\":{\"@id\":\"https:\\\/\\\/recambiosecogas.com\\\/pt-pt\\\/produto\\\/boquilla-de-suministro-mini-m10-dish-adaptador-de-repostaje-corto-de-laton\\\/#primaryimage\"},\"thumbnailUrl\":\"https:\\\/\\\/recambiosecogas.com\\\/wp-content\\\/uploads\\\/2024\\\/11\\\/Boquilla-de-suministro-mini-M10-DISH-adaptador-de-repostaje-corto-de-laton-png.webp\",\"datePublished\":\"2024-11-18T08:56:59+00:00\",\"dateModified\":\"2026-04-08T09:20:20+00:00\",\"description\":\"Bocal de alimenta\u00e7\u00e3o Mini M10 com adaptador DISH em lat\u00e3o para reabastecimento de GPL. Ideal para sistemas Autogas.\",\"breadcrumb\":{\"@id\":\"https:\\\/\\\/recambiosecogas.com\\\/pt-pt\\\/produto\\\/boquilla-de-suministro-mini-m10-dish-adaptador-de-repostaje-corto-de-laton\\\/#breadcrumb\"},\"inLanguage\":\"pt-PT\",\"potentialAction\":[{\"@type\":\"ReadAction\",\"target\":[\"https:\\\/\\\/recambiosecogas.com\\\/pt-pt\\\/produto\\\/boquilla-de-suministro-mini-m10-dish-adaptador-de-repostaje-corto-de-laton\\\/\"]}]},{\"@type\":\"ImageObject\",\"inLanguage\":\"pt-PT\",\"@id\":\"https:\\\/\\\/recambiosecogas.com\\\/pt-pt\\\/produto\\\/boquilla-de-suministro-mini-m10-dish-adaptador-de-repostaje-corto-de-laton\\\/#primaryimage\",\"url\":\"https:\\\/\\\/recambiosecogas.com\\\/wp-content\\\/uploads\\\/2024\\\/11\\\/Boquilla-de-suministro-mini-M10-DISH-adaptador-de-repostaje-corto-de-laton-png.webp\",\"contentUrl\":\"https:\\\/\\\/recambiosecogas.com\\\/wp-content\\\/uploads\\\/2024\\\/11\\\/Boquilla-de-suministro-mini-M10-DISH-adaptador-de-repostaje-corto-de-laton-png.webp\",\"width\":1000,\"height\":1000},{\"@type\":\"BreadcrumbList\",\"@id\":\"https:\\\/\\\/recambiosecogas.com\\\/pt-pt\\\/produto\\\/boquilla-de-suministro-mini-m10-dish-adaptador-de-repostaje-corto-de-laton\\\/#breadcrumb\",\"itemListElement\":[{\"@type\":\"ListItem\",\"position\":1,\"name\":\"P\u00e1gina inicial\",\"item\":\"https:\\\/\\\/recambiosecogas.com\\\/pt-pt\\\/\"},{\"@type\":\"ListItem\",\"position\":2,\"name\":\"Loja\",\"item\":\"https:\\\/\\\/recambiosecogas.com\\\/pt-pt\\\/tienda\\\/\"},{\"@type\":\"ListItem\",\"position\":3,\"name\":\"Bocal de alimenta\u00e7\u00e3o M10 Mini + Adaptador de Reabastecimento Curto em Lat\u00e3o DISH\"}]},{\"@type\":\"WebSite\",\"@id\":\"https:\\\/\\\/recambiosecogas.com\\\/pt-pt\\\/#website\",\"url\":\"https:\\\/\\\/recambiosecogas.com\\\/pt-pt\\\/\",\"name\":\"Recambios EcoGas\",\"description\":\"Pe\u00e7as multimarca para sistemas de GPL\\\/GNC\\\/GNL\\\/Hidrog\u00e9nio\",\"publisher\":{\"@id\":\"https:\\\/\\\/recambiosecogas.com\\\/pt-pt\\\/#organization\"},\"alternateName\":\"Recambios Autogas GLP\",\"potentialAction\":[{\"@type\":\"SearchAction\",\"target\":{\"@type\":\"EntryPoint\",\"urlTemplate\":\"https:\\\/\\\/recambiosecogas.com\\\/pt-pt\\\/?s={search_term_string}\"},\"query-input\":{\"@type\":\"PropertyValueSpecification\",\"valueRequired\":true,\"valueName\":\"search_term_string\"}}],\"inLanguage\":\"pt-PT\"},{\"@type\":[\"Organization\",\"Place\"],\"@id\":\"https:\\\/\\\/recambiosecogas.com\\\/pt-pt\\\/#organization\",\"name\":\"Recambios EcoGas\",\"alternateName\":\"Loja de GPL Autog\u00e1s Espanha\",\"url\":\"https:\\\/\\\/recambiosecogas.com\\\/pt-pt\\\/\",\"logo\":{\"@id\":\"https:\\\/\\\/recambiosecogas.com\\\/pt-pt\\\/produto\\\/boquilla-de-suministro-mini-m10-dish-adaptador-de-repostaje-corto-de-laton\\\/#local-main-organization-logo\"},\"image\":{\"@id\":\"https:\\\/\\\/recambiosecogas.com\\\/pt-pt\\\/produto\\\/boquilla-de-suministro-mini-m10-dish-adaptador-de-repostaje-corto-de-laton\\\/#local-main-organization-logo\"},\"sameAs\":[\"https:\\\/\\\/www.facebook.com\\\/profile.php?id=100062419705358\",\"https:\\\/\\\/www.instagram.com\\\/segimon_automocio\"],\"description\":\"Recambios EcoGas \u2013 Venta y distribuci\u00f3n de sistemas GLP y GNC en Espa\u00f1a y Portugal. Env\u00edos 24 h, soporte t\u00e9cnico a talleres y distribuidores.\",\"hasMerchantReturnPolicy\":{\"@type\":\"MerchantReturnPolicy\",\"merchantReturnLink\":\"https:\\\/\\\/recambiosecogas.com\\\/politicas-privacidad\\\/\"},\"address\":{\"@id\":\"https:\\\/\\\/recambiosecogas.com\\\/pt-pt\\\/produto\\\/boquilla-de-suministro-mini-m10-dish-adaptador-de-repostaje-corto-de-laton\\\/#local-main-place-address\"},\"telephone\":[\"616250633\"],\"contactPoint\":{\"@type\":\"ContactPoint\",\"email\":\"export@recambiosecogas.com\"},\"openingHoursSpecification\":[{\"@type\":\"OpeningHoursSpecification\",\"dayOfWeek\":[\"Monday\",\"Tuesday\",\"Wednesday\",\"Thursday\",\"Friday\",\"Saturday\",\"Sunday\"],\"opens\":\"09:00\",\"closes\":\"17:00\"}],\"email\":\"info@recambiosecogas.com\",\"faxNumber\":\"SEGIMON AUTOMOCION SL\",\"vatID\":\"ESB19819861\",\"globalLocationNumber\":\"938 616 339\"},{\"@type\":\"PostalAddress\",\"@id\":\"https:\\\/\\\/recambiosecogas.com\\\/pt-pt\\\/produto\\\/boquilla-de-suministro-mini-m10-dish-adaptador-de-repostaje-corto-de-laton\\\/#local-main-place-address\",\"streetAddress\":\"cami antic de vic, 29 (Nave 3), Pol\u00edgono Industrial Congost\",\"addressLocality\":\"CORRO D`AVALL\",\"postalCode\":\"08520\",\"addressRegion\":\"Barcelona\",\"addressCountry\":\"ES\"},{\"@type\":\"ImageObject\",\"inLanguage\":\"pt-PT\",\"@id\":\"https:\\\/\\\/recambiosecogas.com\\\/pt-pt\\\/produto\\\/boquilla-de-suministro-mini-m10-dish-adaptador-de-repostaje-corto-de-laton\\\/#local-main-organization-logo\",\"url\":\"https:\\\/\\\/recambiosecogas.com\\\/wp-content\\\/uploads\\\/2024\\\/11\\\/cropped-RECAMBIOS-GLP-png.webp\",\"contentUrl\":\"https:\\\/\\\/recambiosecogas.com\\\/wp-content\\\/uploads\\\/2024\\\/11\\\/cropped-RECAMBIOS-GLP-png.webp\",\"width\":512,\"height\":512,\"caption\":\"Recambios EcoGas\"}]}<\/script>\n<meta property=\"product:price:amount\" content=\"18.73\" \/>\n<meta property=\"product:price:currency\" content=\"EUR\" \/>\n<meta property=\"og:availability\" content=\"backorder\" \/>\n<meta property=\"product:availability\" content=\"available for order\" \/>\n<meta property=\"product:retailer_item_id\" content=\"105281\" \/>\n<meta property=\"product:condition\" content=\"new\" \/>\n<meta name=\"geo.placename\" content=\"CORRO D`AVALL\" \/>\n<meta name=\"geo.region\" content=\"Espanha\" \/>\n<!-- \/ Yoast SEO Premium plugin. -->","yoast_head_json":{"title":"Boca M10 + Adaptador DISH | Pe\u00e7as sobressalentes Ecogas","description":"Bocal de alimenta\u00e7\u00e3o Mini M10 com adaptador DISH em lat\u00e3o para reabastecimento de GPL. Ideal para sistemas Autogas.","robots":{"index":"index","follow":"follow","max-snippet":"max-snippet:-1","max-image-preview":"max-image-preview:large","max-video-preview":"max-video-preview:-1"},"canonical":"https:\/\/recambiosecogas.com\/pt-pt\/produto\/boquilla-de-suministro-mini-m10-dish-adaptador-de-repostaje-corto-de-laton\/","og_locale":"pt_PT","og_type":"article","og_title":"Bocal de alimenta\u00e7\u00e3o M10 Mini + Adaptador de Reabastecimento Curto em Lat\u00e3o DISH","og_description":"Bocal de alimenta\u00e7\u00e3o Mini M10 com adaptador DISH em lat\u00e3o para reabastecimento de GPL. Ideal para sistemas Autogas.","og_url":"https:\/\/recambiosecogas.com\/pt-pt\/produto\/boquilla-de-suministro-mini-m10-dish-adaptador-de-repostaje-corto-de-laton\/","og_site_name":"Recambios EcoGas","article_publisher":"https:\/\/www.facebook.com\/profile.php?id=100062419705358","article_modified_time":"2026-04-08T09:20:20+00:00","og_image":[{"width":1000,"height":1000,"url":"https:\/\/recambiosecogas.com\/wp-content\/uploads\/2024\/11\/Boquilla-de-suministro-mini-M10-DISH-adaptador-de-repostaje-corto-de-laton-png.webp","type":"image\/png"}],"twitter_card":"summary_large_image","twitter_misc":{"pre\u00e7o":"18,73&nbsp;&euro; (Sin IVA: 15,48&nbsp;&euro;)","Disponibilidade":"Por encomenda"},"schema":{"@context":"https:\/\/schema.org","@graph":[{"@type":"WebPage","@id":"https:\/\/recambiosecogas.com\/pt-pt\/produto\/boquilla-de-suministro-mini-m10-dish-adaptador-de-repostaje-corto-de-laton\/","url":"https:\/\/recambiosecogas.com\/pt-pt\/produto\/boquilla-de-suministro-mini-m10-dish-adaptador-de-repostaje-corto-de-laton\/","name":"Boca M10 + Adaptador DISH | Pe\u00e7as sobressalentes Ecogas","isPartOf":{"@id":"https:\/\/recambiosecogas.com\/pt-pt\/#website"},"primaryImageOfPage":{"@id":"https:\/\/recambiosecogas.com\/pt-pt\/produto\/boquilla-de-suministro-mini-m10-dish-adaptador-de-repostaje-corto-de-laton\/#primaryimage"},"image":{"@id":"https:\/\/recambiosecogas.com\/pt-pt\/produto\/boquilla-de-suministro-mini-m10-dish-adaptador-de-repostaje-corto-de-laton\/#primaryimage"},"thumbnailUrl":"https:\/\/recambiosecogas.com\/wp-content\/uploads\/2024\/11\/Boquilla-de-suministro-mini-M10-DISH-adaptador-de-repostaje-corto-de-laton-png.webp","datePublished":"2024-11-18T08:56:59+00:00","dateModified":"2026-04-08T09:20:20+00:00","description":"Bocal de alimenta\u00e7\u00e3o Mini M10 com adaptador DISH em lat\u00e3o para reabastecimento de GPL. Ideal para sistemas Autogas.","breadcrumb":{"@id":"https:\/\/recambiosecogas.com\/pt-pt\/produto\/boquilla-de-suministro-mini-m10-dish-adaptador-de-repostaje-corto-de-laton\/#breadcrumb"},"inLanguage":"pt-PT","potentialAction":[{"@type":"ReadAction","target":["https:\/\/recambiosecogas.com\/pt-pt\/produto\/boquilla-de-suministro-mini-m10-dish-adaptador-de-repostaje-corto-de-laton\/"]}]},{"@type":"ImageObject","inLanguage":"pt-PT","@id":"https:\/\/recambiosecogas.com\/pt-pt\/produto\/boquilla-de-suministro-mini-m10-dish-adaptador-de-repostaje-corto-de-laton\/#primaryimage","url":"https:\/\/recambiosecogas.com\/wp-content\/uploads\/2024\/11\/Boquilla-de-suministro-mini-M10-DISH-adaptador-de-repostaje-corto-de-laton-png.webp","contentUrl":"https:\/\/recambiosecogas.com\/wp-content\/uploads\/2024\/11\/Boquilla-de-suministro-mini-M10-DISH-adaptador-de-repostaje-corto-de-laton-png.webp","width":1000,"height":1000},{"@type":"BreadcrumbList","@id":"https:\/\/recambiosecogas.com\/pt-pt\/produto\/boquilla-de-suministro-mini-m10-dish-adaptador-de-repostaje-corto-de-laton\/#breadcrumb","itemListElement":[{"@type":"ListItem","position":1,"name":"P\u00e1gina inicial","item":"https:\/\/recambiosecogas.com\/pt-pt\/"},{"@type":"ListItem","position":2,"name":"Loja","item":"https:\/\/recambiosecogas.com\/pt-pt\/tienda\/"},{"@type":"ListItem","position":3,"name":"Bocal de alimenta\u00e7\u00e3o M10 Mini + Adaptador de Reabastecimento Curto em Lat\u00e3o DISH"}]},{"@type":"WebSite","@id":"https:\/\/recambiosecogas.com\/pt-pt\/#website","url":"https:\/\/recambiosecogas.com\/pt-pt\/","name":"Recambios EcoGas","description":"Pe\u00e7as multimarca para sistemas de GPL\/GNC\/GNL\/Hidrog\u00e9nio","publisher":{"@id":"https:\/\/recambiosecogas.com\/pt-pt\/#organization"},"alternateName":"Recambios Autogas GLP","potentialAction":[{"@type":"SearchAction","target":{"@type":"EntryPoint","urlTemplate":"https:\/\/recambiosecogas.com\/pt-pt\/?s={search_term_string}"},"query-input":{"@type":"PropertyValueSpecification","valueRequired":true,"valueName":"search_term_string"}}],"inLanguage":"pt-PT"},{"@type":["Organization","Place"],"@id":"https:\/\/recambiosecogas.com\/pt-pt\/#organization","name":"Recambios EcoGas","alternateName":"Loja de GPL Autog\u00e1s Espanha","url":"https:\/\/recambiosecogas.com\/pt-pt\/","logo":{"@id":"https:\/\/recambiosecogas.com\/pt-pt\/produto\/boquilla-de-suministro-mini-m10-dish-adaptador-de-repostaje-corto-de-laton\/#local-main-organization-logo"},"image":{"@id":"https:\/\/recambiosecogas.com\/pt-pt\/produto\/boquilla-de-suministro-mini-m10-dish-adaptador-de-repostaje-corto-de-laton\/#local-main-organization-logo"},"sameAs":["https:\/\/www.facebook.com\/profile.php?id=100062419705358","https:\/\/www.instagram.com\/segimon_automocio"],"description":"Recambios EcoGas \u2013 Venta y distribuci\u00f3n de sistemas GLP y GNC en Espa\u00f1a y Portugal. Env\u00edos 24 h, soporte t\u00e9cnico a talleres y distribuidores.","hasMerchantReturnPolicy":{"@type":"MerchantReturnPolicy","merchantReturnLink":"https:\/\/recambiosecogas.com\/politicas-privacidad\/"},"address":{"@id":"https:\/\/recambiosecogas.com\/pt-pt\/produto\/boquilla-de-suministro-mini-m10-dish-adaptador-de-repostaje-corto-de-laton\/#local-main-place-address"},"telephone":["616250633"],"contactPoint":{"@type":"ContactPoint","email":"export@recambiosecogas.com"},"openingHoursSpecification":[{"@type":"OpeningHoursSpecification","dayOfWeek":["Monday","Tuesday","Wednesday","Thursday","Friday","Saturday","Sunday"],"opens":"09:00","closes":"17:00"}],"email":"info@recambiosecogas.com","faxNumber":"SEGIMON AUTOMOCION SL","vatID":"ESB19819861","globalLocationNumber":"938 616 339"},{"@type":"PostalAddress","@id":"https:\/\/recambiosecogas.com\/pt-pt\/produto\/boquilla-de-suministro-mini-m10-dish-adaptador-de-repostaje-corto-de-laton\/#local-main-place-address","streetAddress":"cami antic de vic, 29 (Nave 3), Pol\u00edgono Industrial Congost","addressLocality":"CORRO D`AVALL","postalCode":"08520","addressRegion":"Barcelona","addressCountry":"ES"},{"@type":"ImageObject","inLanguage":"pt-PT","@id":"https:\/\/recambiosecogas.com\/pt-pt\/produto\/boquilla-de-suministro-mini-m10-dish-adaptador-de-repostaje-corto-de-laton\/#local-main-organization-logo","url":"https:\/\/recambiosecogas.com\/wp-content\/uploads\/2024\/11\/cropped-RECAMBIOS-GLP-png.webp","contentUrl":"https:\/\/recambiosecogas.com\/wp-content\/uploads\/2024\/11\/cropped-RECAMBIOS-GLP-png.webp","width":512,"height":512,"caption":"Recambios EcoGas"}]},"product_price_amount":"18.73","product_price_currency":"EUR","og_availability":"backorder","product_availability":"available for order","product_retailer_item_id":"105281","product_condition":"new","geo.placename":"CORRO D`AVALL","geo.region":"Espanha"},"uagb_featured_image_src":{"full":["https:\/\/recambiosecogas.com\/wp-content\/uploads\/2024\/11\/Boquilla-de-suministro-mini-M10-DISH-adaptador-de-repostaje-corto-de-laton-png.webp",1000,1000,false],"thumbnail":["https:\/\/recambiosecogas.com\/wp-content\/uploads\/2024\/11\/Boquilla-de-suministro-mini-M10-DISH-adaptador-de-repostaje-corto-de-laton-150x150.webp",150,150,true],"medium":["https:\/\/recambiosecogas.com\/wp-content\/uploads\/2024\/11\/Boquilla-de-suministro-mini-M10-DISH-adaptador-de-repostaje-corto-de-laton-300x300.webp",300,300,true],"medium_large":["https:\/\/recambiosecogas.com\/wp-content\/uploads\/2024\/11\/Boquilla-de-suministro-mini-M10-DISH-adaptador-de-repostaje-corto-de-laton-768x768.webp",768,768,true],"large":["https:\/\/recambiosecogas.com\/wp-content\/uploads\/2024\/11\/Boquilla-de-suministro-mini-M10-DISH-adaptador-de-repostaje-corto-de-laton-png.webp",1000,1000,false],"1536x1536":["https:\/\/recambiosecogas.com\/wp-content\/uploads\/2024\/11\/Boquilla-de-suministro-mini-M10-DISH-adaptador-de-repostaje-corto-de-laton-png.webp",1000,1000,false],"2048x2048":["https:\/\/recambiosecogas.com\/wp-content\/uploads\/2024\/11\/Boquilla-de-suministro-mini-M10-DISH-adaptador-de-repostaje-corto-de-laton-png.webp",1000,1000,false],"woocommerce_archive_thumbnail":["https:\/\/recambiosecogas.com\/wp-content\/uploads\/2024\/11\/Boquilla-de-suministro-mini-M10-DISH-adaptador-de-repostaje-corto-de-laton-png.webp",1000,1000,false],"woocommerce_thumbnail":["https:\/\/recambiosecogas.com\/wp-content\/uploads\/2024\/11\/Boquilla-de-suministro-mini-M10-DISH-adaptador-de-repostaje-corto-de-laton-png-300x300.webp",300,300,true],"woocommerce_single":["https:\/\/recambiosecogas.com\/wp-content\/uploads\/2024\/11\/Boquilla-de-suministro-mini-M10-DISH-adaptador-de-repostaje-corto-de-laton-png.webp",1000,1000,false],"woocommerce_gallery_thumbnail":["https:\/\/recambiosecogas.com\/wp-content\/uploads\/2024\/11\/Boquilla-de-suministro-mini-M10-DISH-adaptador-de-repostaje-corto-de-laton-png.webp",1000,1000,false],"dgwt-wcas-product-suggestion":["https:\/\/recambiosecogas.com\/wp-content\/uploads\/2024\/11\/Boquilla-de-suministro-mini-M10-DISH-adaptador-de-repostaje-corto-de-laton-png-64x64.webp",64,64,true]},"uagb_author_info":{"display_name":"Fran - Soporte T\u00e9cnico","author_link":"https:\/\/recambiosecogas.com\/pt-pt\/author\/"},"uagb_comment_info":0,"uagb_excerpt":"Bocal de alimenta\u00e7\u00e3o Mini M10 com adaptador DISH em lat\u00e3o, ideal para reabastecimento em sistemas de GPL.","_links":{"self":[{"href":"https:\/\/recambiosecogas.com\/pt-pt\/wp-json\/wp\/v2\/product\/46450","targetHints":{"allow":["GET"]}}],"collection":[{"href":"https:\/\/recambiosecogas.com\/pt-pt\/wp-json\/wp\/v2\/product"}],"about":[{"href":"https:\/\/recambiosecogas.com\/pt-pt\/wp-json\/wp\/v2\/types\/product"}],"replies":[{"embeddable":true,"href":"https:\/\/recambiosecogas.com\/pt-pt\/wp-json\/wp\/v2\/comments?post=46450"}],"wp:featuredmedia":[{"embeddable":true,"href":"https:\/\/recambiosecogas.com\/pt-pt\/wp-json\/wp\/v2\/media\/6958"}],"wp:attachment":[{"href":"https:\/\/recambiosecogas.com\/pt-pt\/wp-json\/wp\/v2\/media?parent=46450"}],"wp:term":[{"taxonomy":"product_brand","embeddable":true,"href":"https:\/\/recambiosecogas.com\/pt-pt\/wp-json\/wp\/v2\/product_brand?post=46450"},{"taxonomy":"product_cat","embeddable":true,"href":"https:\/\/recambiosecogas.com\/pt-pt\/wp-json\/wp\/v2\/product_cat?post=46450"},{"taxonomy":"product_tag","embeddable":true,"href":"https:\/\/recambiosecogas.com\/pt-pt\/wp-json\/wp\/v2\/product_tag?post=46450"}],"curies":[{"name":"wp","href":"https:\/\/api.w.org\/{rel}","templated":true}]}}